{"id":1446586,"date":"2023-06-16T09:31:38","date_gmt":"2023-06-16T09:31:38","guid":{"rendered":"https:\/\/talkpal.ai\/cleachtai-gramadai-araibise\/"},"modified":"2025-09-06T20:57:56","modified_gmt":"2025-09-06T20:57:56","slug":"cleachtai-gramadai-araibise","status":"publish","type":"page","link":"https:\/\/talkpal.ai\/ga\/cleachtai-gramadai-araibise\/","title":{"rendered":"Cleachta\u00ed Gramada\u00ed Araibise"},"content":{"rendered":"\r\n\r\n\r\n<section class=\"languageChallengeSection\">\r\n    <div class=\"languageInfoWrapper\">\r\n        \r\n        <h1>Cleachta\u00ed Gramada\u00ed Araibise<\/h1>\r\n        <p>R\u00e9idh le do scileanna Araibis a ard\u00fa? T\u00e1 cleachta\u00ed gramada\u00ed riachtanach chun strucht\u00far abairte, foirmeacha briathra, agus patr\u00fain uath\u00fala na teanga Araibise a mh\u00e1istir. D\u00edrigh ar na cleachta\u00ed seo chun do mhuin\u00edn a threisi\u00fa, do st\u00f3r focal a leathn\u00fa, agus t\u00fa f\u00e9in a <a href=\"https:\/\/talkpal.ai\/locations\/language-courses-in-chur\/\">chur<\/a> in i\u00fal in Araibis i bhfad n\u00edos \u00e9asca. Tosaigh ag cleachtadh inniu agus f\u00e9ach ar do scileanna teanga ag f\u00e1s!<\/p>\r\n\r\n                            <a class=\"getStartedHidden\" href=\"https:\/\/app.talkpal.ai\/signup?lng=\">Tosaigh<\/a>\r\n        \r\n    <\/div>\r\n\r\n    <figure>\r\n    <img decoding=\"async\" width=\"768\" height=\"768\" src=\"https:\/\/talkpal.ai\/wp-content\/uploads\/2023\/06\/arabic-768x768.png\" class=\"languageImage no-lazy\" alt=\"Language learning for linguistic diversity\" fetchpriority=\"high\" sizes=\"(max-width: 768px) 150px, 768px\" srcset=\"https:\/\/talkpal.ai\/wp-content\/uploads\/2023\/06\/arabic-768x768.png 768w, https:\/\/talkpal.ai\/wp-content\/uploads\/2023\/06\/arabic-300x300.png 300w\" \/>\r\n    \r\n\r\n    <\/figure>\r\n\r\n            <a class=\"getStartedVisible\" href=\"https:\/\/app.talkpal.ai\/signup?lng=\">Tosaigh<\/a>\r\n    \r\n<\/section>\r\n\r\n\r\n<!-- <section class=\"grammarSection\">\r\n    <div class=\"grammarLinks\">\r\n            <\/div>\r\n<\/section> -->\r\n\r\n\r\n\r\n\r\n<section class=\"promotionalBanner\">\r\n    <p class=\"promotionalText\">An bealach is \u00e9ifeachta\u00ed le teanga a fhoghlaim<\/p>\r\n    <a class=\"promotionalLink\" href=\"https:\/\/app.talkpal.ai\/signup?lng=\">Bain triail as Talkpal saor in aisce<\/a>\r\n<\/section>\n<div class=\"wp-block-group pageContainerStyle\"><div class=\"wp-block-group__inner-container is-layout-constrained wp-block-group-is-layout-constrained\">\n<h2 class=\"wp-block-heading\" id=\"h-arabic-grammar-topics\">Topaic\u00ed Gramada\u00ed Araibis<\/h2>\n\n\n\n<p>Is iarracht sp\u00e9isi\u00fail agus luachmhar \u00ed an teanga Araibis, lena stair shaibhir agus a t\u00e1bhacht chult\u00fartha, d&#8217;fhoghlaimeoir\u00ed teangacha. Mar cheann de na s\u00e9 theanga oifigi\u00fala de chuid na N\u00e1isi\u00fan Aontaithe agus \u00e1 labhairt ag n\u00edos m\u00f3 n\u00e1 420 milli\u00fan duine ar fud an domhain, oscla\u00edonn foghlaim na hAraibis deiseanna cumars\u00e1ide agus tuiscint dhomhanda. Mar sin f\u00e9in, chun m\u00e1istreacht a fh\u00e1il ar an teanga, teasta\u00edonn tuiscint chuimsitheach ar a rialacha agus strucht\u00fair uath\u00fala gramada\u00ed. San alt seo, d\u00e9anfaimid ini\u00fachadh ar na topaic\u00ed gramada\u00ed Araibis riachtanacha a chabhr\u00f3idh leat bun\u00fas l\u00e1idir a th\u00f3g\u00e1il sa teanga, \u00f3 aimsir bhun\u00fasacha agus conjugations briathar go strucht\u00fair abairt\u00ed ainmni\u00fala agus briathartha n\u00edos casta.<\/p>\n\n\n\n<h3 class=\"wp-block-heading\" id=\"h-1-tenses-indicative\">1. Aimsir T\u00e1scach:<\/h3>\n\n\n\n<p>\u00das\u00e1idtear an aimsir th\u00e1scach chun gn\u00edomhartha n\u00f3 st\u00e1it a chur in i\u00fal san am i l\u00e1thair, san am at\u00e1 thart n\u00f3 sa todhcha\u00ed. San Araibis, athra\u00edonn an briathar comhchuingi\u00fa bunaithe ar an aimsir. Tosaigh tr\u00ed fhoghlaim na bun\u00fasacha do bhriathra rialta agus cuir eolas ar na patr\u00fain \u00e9ags\u00fala don aimsir l\u00e1ithreach, san am at\u00e1 thart agus sa todhcha\u00ed.<\/p>\n\n\n\n<h3 class=\"wp-block-heading\" id=\"h-2-tenses-subjunctive\">2. Aimsir Subjunctive:<\/h3>\n\n\n\n<p>\u00das\u00e1idtear an aimsir subjunctive chun \u00e9iginnteacht, amhras n\u00f3 mian a chur in i\u00fal. T\u00e1 s\u00e9 r\u00edth\u00e1bhachtach na conjugations briathar sonracha a fhoghlaim agus conas at\u00e1 siad difri\u00fail \u00f3n aimsir th\u00e1scach. Cabhr\u00f3idh s\u00e9 seo leat smaointe agus moth\u00fach\u00e1in n\u00edos nuanced a chur in i\u00fal i do chumars\u00e1id.<\/p>\n\n\n\n<h3 class=\"wp-block-heading\" id=\"h-3-tense-comparison\">3. Compar\u00e1id aimsithe:<\/h3>\n\n\n\n<p>T\u00e1 s\u00e9 r\u00edth\u00e1bhachtach tuiscint a fh\u00e1il ar na difr\u00edochta\u00ed idir an aimsir t\u00e1scach agus an aimsir subjunctive. D\u00edrigh ar an gcaoi a nd\u00e9antar na conjugations briathar a mhodhn\u00fa agus ar an gcomhth\u00e9acs ina n-\u00fas\u00e1idtear gach aimsir.<\/p>\n\n\n\n<h3 class=\"wp-block-heading\" id=\"h-4-verbs\">4. Briathra:<\/h3>\n\n\n\n<p>D\u00e9antar briathra Araibis a chatag\u00f3iri\u00fa i bhfoirmeacha \u00e9ags\u00fala bunaithe ar a gcuid litreacha fr\u00e9imhe agus patr\u00fain. Foghlaim na deich bhfoirm bhun\u00fasacha briathra agus a rialacha comhchuingithe, a chabhr\u00f3idh leat briathra a aithint agus a \u00fas\u00e1id i gceart i gc\u00e1sanna \u00e9ags\u00fala.<\/p>\n\n\n\n<h3 class=\"wp-block-heading\" id=\"h-5-nouns\">5. Ainmfhocail:<\/h3>\n\n\n\n<p>T\u00e1 ainmfhocail Araibis firinscneach n\u00f3 baininscneach, agus athra\u00edonn a gcuid foircinn bunaithe ar a r\u00f3l gramada\u00ed in abairt. Foghlaim na patr\u00fain ainmfhocail \u00e9ags\u00fala agus conas a th\u00e9ann marc\u00e1lacha c\u00e1is agus eilimint\u00ed gramada\u00ed eile i bhfeidhm orthu.<\/p>\n\n\n\n<h3 class=\"wp-block-heading\" id=\"h-6-articles\">6. Airteagail:<\/h3>\n\n\n\n<p>T\u00e1 ailt chinnte agus \u00e9iginnte ag an Araibis, a bhfuil r\u00f3l r\u00edth\u00e1bhachtach acu <a href=\"https:\/\/talkpal.ai\/ga\/maidir\/\">maidir<\/a> le hainmfhocail a aithint. Foghlaim rialacha agus \u00fas\u00e1id an ailt chinnte &#8220;al-&#8221; agus easpa alt \u00e9iginnte in Araibis.<\/p>\n\n\n\n<h3 class=\"wp-block-heading\" id=\"h-7-definite-and-indefinite-articles\">7. Airteagail Chinnte agus \u00c9iginnte:<\/h3>\n\n\n\n<p>Mar a luadh cheana, t\u00e1 s\u00e9 riachtanach tuiscint a fh\u00e1il ar \u00fas\u00e1id ailt chinnte agus \u00e9iginnte san Araibis. Cleachtadh iad a \u00fas\u00e1id in abairt\u00ed le hainmfhocail \u00e9ags\u00fala chun do thuiscint ar an gcoincheap a neart\u00fa.<\/p>\n\n\n\n<h3 class=\"wp-block-heading\" id=\"h-8-pronouns\">8. Forainmneacha:<\/h3>\n\n\n\n<p>D\u00e9antar forainmneacha Araibis a bhriseadh s\u00edos i bhforainmneacha pearsanta, l\u00e9iritheacha agus coibhneasta. Foghlaim a bhfoirmeacha agus a n-\u00fas\u00e1id, chomh maith leis na rialacha chun iad a cheangal le briathra, ainmfhocail agus r\u00e9amhfhocail.<\/p>\n\n\n\n<h3 class=\"wp-block-heading\" id=\"h-9-adjectives\">9. Aidiachta\u00ed:<\/h3>\n\n\n\n<p>Aonta\u00edonn aidiachta\u00ed san Araibis leis na hainmfhocail a mhodhna\u00edonn siad in inscne agus uimhir. Foghlaim na rialacha maidir le comhaont\u00fa aidiachta\u00ed agus patr\u00fain bhun\u00fasacha na n-aidiacht.<\/p>\n\n\n\n<h3 class=\"wp-block-heading\" id=\"h-10-adverbs\">10. Adverbs:<\/h3>\n\n\n\n<p>Cuir eolas ort f\u00e9in ar adverbs coitianta Araibis agus a socr\u00fa in abairt\u00ed. Cuideoidh tuiscint a fh\u00e1il ar fheidhm na n-aibriathra leat faisn\u00e9is n\u00edos mionsonraithe a chur in i\u00fal i do chumars\u00e1id.<\/p>\n\n\n\n<h3 class=\"wp-block-heading\" id=\"h-11-prepositions\">11. Prepositions:<\/h3>\n\n\n\n<p>T\u00e1 r\u00e9amhfhocail Araibis riachtanach chun focail agus fr\u00e1sa\u00ed a nascadh agus caidrimh eatarthu a chur in i\u00fal. Foghlaim na r\u00e9amhfhocail \u00e9ags\u00fala agus a n-\u00fas\u00e1id in abairt\u00ed.<\/p>\n\n\n\n<h3 class=\"wp-block-heading\" id=\"h-12-idaafa-genitive-construction\">12. Idaafa (T\u00f3g\u00e1il Ginideach):<\/h3>\n\n\n\n<p>\u00das\u00e1idtear an t\u00f3g\u00e1il Idaafa chun seilbh n\u00f3 caidreamh idir ainmfhocail a chur in i\u00fal. Foghlaim na rialacha agus na patr\u00fain chun t\u00f3g\u00e1lacha Idaafa a fhoirmi\u00fa, at\u00e1 mar chuid l\u00e1rnach de ghramadach na hAraibise.<\/p>\n\n\n\n<h3 class=\"wp-block-heading\" id=\"h-13-sentence-structure\">13. Strucht\u00far Pianbhreithe:<\/h3>\n\n\n\n<p>Is f\u00e9idir le habairt\u00ed Araibis a bheith ainmni\u00fail n\u00f3 briathartha. Foghlaim bunstrucht\u00far an d\u00e1 chine\u00e1l abairt\u00ed agus cleachtadh abairt\u00ed a fhoirmi\u00fa le comhph\u00e1irteanna \u00e9ags\u00fala.<\/p>\n\n\n\n<h3 class=\"wp-block-heading\" id=\"h-14-nominal-and-verbal-sentences\">14. Abairt\u00ed ainmni\u00fala agus briathartha:<\/h3>\n\n\n\n<p>L\u00e9im n\u00edos doimhne sna difr\u00edochta\u00ed idir abairt\u00ed ainmni\u00fala agus abairt\u00ed briathartha, agus foghlaim conas iad a \u00fas\u00e1id go h\u00e9ifeachtach i gcomhth\u00e9acsanna \u00e9ags\u00fala.<\/p>\n\n\n\n<h3 class=\"wp-block-heading\" id=\"h-15-subject-and-predicate-in-arabic\">15. \u00c1bhar agus Predicate in Araibis:<\/h3>\n\n\n\n<p>T\u00e1 tuiscint a fh\u00e1il ar r\u00f3il an \u00e1bhair agus predicate in abairt\u00ed Araibis bun\u00fasach do chumars\u00e1id \u00e9ifeachtach. Foghlaim na rialacha maidir le h\u00e1bhair agus predicates a aithint agus a \u00fas\u00e1id i gcine\u00e1lacha \u00e9ags\u00fala abairt\u00ed.<\/p>\n<\/div><\/div>\n\r\n<section class=\"learnNavigationSection\">\r\n            \r\n        <a href=\"https:\/\/talkpal.ai\/ga\/foghlaim-araibis\/\">\r\n            <div class=\"learnNavigationWrapper\">\r\n                <div class=\"learnNavigationContent\">\r\n                    <img decoding=\"async\" src=\"https:\/\/talkpal.ai\/wp-content\/uploads\/2024\/08\/Arabic.jpg\" alt=\"Arabic Flag\">\r\n                    <div>\r\n                        <h4>Maidir le Foghlaim Araibis<\/h4>\r\n                        <p>Faigh amach gach rud faoi ghramadach na hAraibise.<\/p>\r\n                    <\/div>\r\n                <\/div>\r\n            <\/div>\r\n        <\/a>\r\n\r\n        \r\n        <a href=\"https:\/\/talkpal.ai\/ga\/gramadach-arabach\/\">\r\n            <div class=\"learnNavigationWrapper\">\r\n                <div class=\"learnNavigationContent\">\r\n                    <img decoding=\"async\" src=\"https:\/\/talkpal.ai\/wp-content\/uploads\/2024\/08\/Arabic.jpg\" alt=\"Arabic Flag\">\r\n                    <div>\r\n                        <h4>Ceachtanna Gramada\u00ed Araibis<\/h4>\r\n                        <p>Cleachtadh gramadach Araibis.<\/p>\r\n                    <\/div>\r\n                <\/div>\r\n            <\/div>\r\n        <\/a>\r\n\r\n        \r\n        <a href=\"https:\/\/talkpal.ai\/vocabulary_language\/arabic\/\">\r\n            <div class=\"learnNavigationWrapper\">\r\n                <div class=\"learnNavigationContent\">\r\n                    <img decoding=\"async\" src=\"https:\/\/talkpal.ai\/wp-content\/uploads\/2024\/08\/Arabic.jpg\" alt=\"Arabic Flag\">\r\n                    <div>\r\n                        <h4>St\u00f3r focal Araibis<\/h4>\r\n                        <p>Leathnaigh do st\u00f3r focal Araibis.<\/p>\r\n                    <\/div>\r\n                <\/div>\r\n            <\/div>\r\n        <\/a>\r\n\r\n            <\/section>","protected":false},"excerpt":{"rendered":"<p>Topaic\u00ed Gramada\u00ed Araibis Is iarracht sp\u00e9isi\u00fail agus luachmhar \u00ed an teanga Araibis, lena stair shaibhir agus a t\u00e1bhacht chult\u00fartha, d&#8217;fhoghlaimeoir\u00ed teangacha. Mar cheann de na s\u00e9 theanga oifigi\u00fala de chuid na N\u00e1isi\u00fan Aontaithe agus \u00e1 labhairt ag n\u00edos m\u00f3 n\u00e1 420 milli\u00fan duine ar fud an domhain, oscla\u00edonn foghlaim na hAraibis deiseanna cumars\u00e1ide agus tuiscint [&hellip;]<\/p>\n","protected":false},"author":6,"featured_media":1442705,"parent":0,"menu_order":0,"comment_status":"closed","ping_status":"closed","template":"LearningContentPage.php","meta":{"_acf_changed":false,"footnotes":""},"class_list":["post-1446586","page","type-page","status-publish","has-post-thumbnail","hentry"],"acf":[],"yoast_head":"<!-- This site is optimized with the Yoast SEO Premium plugin v27.2 (Yoast SEO v27.2) - https:\/\/yoast.com\/product\/yoast-seo-premium-wordpress\/ -->\n<title>Cleachta\u00ed Gramada\u00ed Araibise - Talkpal<\/title>\n<meta name=\"description\" content=\"Feabhas a chur ar do thuiscint le cleachta\u00ed gramada\u00ed Araibis a chl\u00fada\u00edonn rialacha agus strucht\u00fair riachtanacha chun m\u00e1istreacht a dh\u00e9anamh ar an teanga.\" \/>\n<meta name=\"robots\" content=\"index, follow, max-snippet:-1, max-image-preview:large, max-video-preview:-1\" \/>\n<link rel=\"canonical\" href=\"https:\/\/talkpal.ai\/ga\/cleachtai-gramadai-araibise\/\" \/>\n<meta property=\"og:locale\" content=\"ga_IE\" \/>\n<meta property=\"og:type\" content=\"article\" \/>\n<meta property=\"og:title\" content=\"Cleachta\u00ed Gramada\u00ed Araibise\" \/>\n<meta property=\"og:description\" content=\"Topaic\u00ed Gramada\u00ed Araibis Is iarracht sp\u00e9isi\u00fail agus luachmhar \u00ed an teanga Araibis, lena stair shaibhir agus a t\u00e1bhacht chult\u00fartha, d&#039;fhoghlaimeoir\u00ed\" \/>\n<meta property=\"og:url\" content=\"https:\/\/talkpal.ai\/ga\/cleachtai-gramadai-araibise\/\" \/>\n<meta property=\"og:site_name\" content=\"Talkpal\" \/>\n<meta property=\"article:publisher\" content=\"https:\/\/www.facebook.com\/profile.php?id=100090733639311\" \/>\n<meta property=\"article:modified_time\" content=\"2025-09-06T20:57:56+00:00\" \/>\n<meta property=\"og:image\" content=\"https:\/\/talkpal.ai\/wp-content\/uploads\/2023\/04\/arabic-united-arab-emirates.png\" \/>\n\t<meta property=\"og:image:width\" content=\"512\" \/>\n\t<meta property=\"og:image:height\" content=\"512\" \/>\n\t<meta property=\"og:image:type\" content=\"image\/png\" \/>\n<meta name=\"twitter:card\" content=\"summary_large_image\" \/>\n<meta name=\"twitter:site\" content=\"@talkpalai\" \/>\n<meta name=\"twitter:label1\" content=\"Est. reading time\" \/>\n\t<meta name=\"twitter:data1\" content=\"4 minutes\" \/>\n<script type=\"application\/ld+json\" class=\"yoast-schema-graph\">{\"@context\":\"https:\/\/schema.org\",\"@graph\":[{\"@type\":\"WebPage\",\"@id\":\"https:\/\/talkpal.ai\/ga\/cleachtai-gramadai-araibise\/\",\"url\":\"https:\/\/talkpal.ai\/ga\/cleachtai-gramadai-araibise\/\",\"name\":\"Cleachta\u00ed Gramada\u00ed Araibise - Talkpal\",\"isPartOf\":{\"@id\":\"https:\/\/talkpal.ai\/ga\/#website\"},\"primaryImageOfPage\":{\"@id\":\"https:\/\/talkpal.ai\/ga\/cleachtai-gramadai-araibise\/#primaryimage\"},\"image\":{\"@id\":\"https:\/\/talkpal.ai\/ga\/cleachtai-gramadai-araibise\/#primaryimage\"},\"thumbnailUrl\":\"https:\/\/talkpal.ai\/wp-content\/uploads\/2023\/04\/arabic-united-arab-emirates.png\",\"datePublished\":\"2023-06-16T09:31:38+00:00\",\"dateModified\":\"2025-09-06T20:57:56+00:00\",\"description\":\"Feabhas a chur ar do thuiscint le cleachta\u00ed gramada\u00ed Araibis a chl\u00fada\u00edonn rialacha agus strucht\u00fair riachtanacha chun m\u00e1istreacht a dh\u00e9anamh ar an teanga.\",\"breadcrumb\":{\"@id\":\"https:\/\/talkpal.ai\/ga\/cleachtai-gramadai-araibise\/#breadcrumb\"},\"inLanguage\":\"ga-IE\",\"potentialAction\":[{\"@type\":\"ReadAction\",\"target\":[\"https:\/\/talkpal.ai\/ga\/cleachtai-gramadai-araibise\/\"]}]},{\"@type\":\"ImageObject\",\"inLanguage\":\"ga-IE\",\"@id\":\"https:\/\/talkpal.ai\/ga\/cleachtai-gramadai-araibise\/#primaryimage\",\"url\":\"https:\/\/talkpal.ai\/wp-content\/uploads\/2023\/04\/arabic-united-arab-emirates.png\",\"contentUrl\":\"https:\/\/talkpal.ai\/wp-content\/uploads\/2023\/04\/arabic-united-arab-emirates.png\",\"width\":512,\"height\":512,\"caption\":\"TalkPal Catalan Flag\"},{\"@type\":\"BreadcrumbList\",\"@id\":\"https:\/\/talkpal.ai\/ga\/cleachtai-gramadai-araibise\/#breadcrumb\",\"itemListElement\":[{\"@type\":\"ListItem\",\"position\":1,\"name\":\"Homepage\",\"item\":\"https:\/\/talkpal.ai\/ga\/\"},{\"@type\":\"ListItem\",\"position\":2,\"name\":\"Cleachta\u00ed Gramada\u00ed Araibise\"}]},{\"@type\":\"WebSite\",\"@id\":\"https:\/\/talkpal.ai\/ga\/#website\",\"url\":\"https:\/\/talkpal.ai\/ga\/\",\"name\":\"Talkpal\",\"description\":\"AI Language Learning\",\"publisher\":{\"@id\":\"https:\/\/talkpal.ai\/ga\/#organization\"},\"alternateName\":\"Talkpal AI\",\"potentialAction\":[{\"@type\":\"SearchAction\",\"target\":{\"@type\":\"EntryPoint\",\"urlTemplate\":\"https:\/\/talkpal.ai\/ga\/?s={search_term_string}\"},\"query-input\":{\"@type\":\"PropertyValueSpecification\",\"valueRequired\":true,\"valueName\":\"search_term_string\"}}],\"inLanguage\":\"ga-IE\"},{\"@type\":\"Organization\",\"@id\":\"https:\/\/talkpal.ai\/ga\/#organization\",\"name\":\"Talkpal, Inc.\",\"alternateName\":\"Talkpal AI\",\"url\":\"https:\/\/talkpal.ai\/ga\/\",\"logo\":{\"@type\":\"ImageObject\",\"inLanguage\":\"ga-IE\",\"@id\":\"https:\/\/talkpal.ai\/ga\/#\/schema\/logo\/image\/\",\"url\":\"https:\/\/talkpal.ai\/wp-content\/uploads\/2024\/03\/Talkpal-Logo-Icon.png\",\"contentUrl\":\"https:\/\/talkpal.ai\/wp-content\/uploads\/2024\/03\/Talkpal-Logo-Icon.png\",\"width\":2880,\"height\":2880,\"caption\":\"Talkpal, Inc.\"},\"image\":{\"@id\":\"https:\/\/talkpal.ai\/ga\/#\/schema\/logo\/image\/\"},\"sameAs\":[\"https:\/\/www.facebook.com\/profile.php?id=100090733639311\",\"https:\/\/x.com\/talkpalai\",\"https:\/\/www.linkedin.com\/company\/talkpal\/\",\"https:\/\/www.youtube.com\/@TalkPal\/\",\"https:\/\/www.tiktok.com\/@talkpal\",\"https:\/\/www.instagram.com\/talkpal_ai\/\",\"https:\/\/www.crunchbase.com\/organization\/talkpal-9cde\",\"https:\/\/www.g2.com\/products\/talkpal-for-business\/\",\"https:\/\/www.trustpilot.com\/review\/talkpal.ai\",\"https:\/\/www.capterra.com\/p\/10006800\/TalkPal\/\"],\"description\":\"Talkpal is a language learning web and mobile education app, powered by the latest AI technologies, that provides engaging experiences to its customers in many different languages to help them improve their language skills. Users can chat about unlimited amount of topics with the app and use other modes to practice their language learning.\",\"email\":\"support@talkpal.ai\",\"legalName\":\"Talkpal, Inc.\",\"foundingDate\":\"2023-04-03\",\"duns\":\"118989042\",\"numberOfEmployees\":{\"@type\":\"QuantitativeValue\",\"minValue\":\"11\",\"maxValue\":\"50\"},\"publishingPrinciples\":\"https:\/\/talkpal.ai\/publishing-principles\/\",\"actionableFeedbackPolicy\":\"https:\/\/talkpal.ai\/actionable-feedback-policy\/\",\"correctionsPolicy\":\"https:\/\/talkpal.ai\/corrections-policy\/\",\"ethicsPolicy\":\"https:\/\/talkpal.ai\/ethics-policy\/\",\"diversityPolicy\":\"https:\/\/talkpal.ai\/diversity-policy\/\",\"diversityStaffingReport\":\"https:\/\/talkpal.ai\/diversity-policy\/\"}]}<\/script>\n<!-- \/ Yoast SEO Premium plugin. -->","yoast_head_json":{"title":"Cleachta\u00ed Gramada\u00ed Araibise - Talkpal","description":"Feabhas a chur ar do thuiscint le cleachta\u00ed gramada\u00ed Araibis a chl\u00fada\u00edonn rialacha agus strucht\u00fair riachtanacha chun m\u00e1istreacht a dh\u00e9anamh ar an teanga.","robots":{"index":"index","follow":"follow","max-snippet":"max-snippet:-1","max-image-preview":"max-image-preview:large","max-video-preview":"max-video-preview:-1"},"canonical":"https:\/\/talkpal.ai\/ga\/cleachtai-gramadai-araibise\/","og_locale":"ga_IE","og_type":"article","og_title":"Cleachta\u00ed Gramada\u00ed Araibise","og_description":"Topaic\u00ed Gramada\u00ed Araibis Is iarracht sp\u00e9isi\u00fail agus luachmhar \u00ed an teanga Araibis, lena stair shaibhir agus a t\u00e1bhacht chult\u00fartha, d'fhoghlaimeoir\u00ed","og_url":"https:\/\/talkpal.ai\/ga\/cleachtai-gramadai-araibise\/","og_site_name":"Talkpal","article_publisher":"https:\/\/www.facebook.com\/profile.php?id=100090733639311","article_modified_time":"2025-09-06T20:57:56+00:00","og_image":[{"width":512,"height":512,"url":"https:\/\/talkpal.ai\/wp-content\/uploads\/2023\/04\/arabic-united-arab-emirates.png","type":"image\/png"}],"twitter_card":"summary_large_image","twitter_site":"@talkpalai","twitter_misc":{"Est. reading time":"4 minutes"},"schema":{"@context":"https:\/\/schema.org","@graph":[{"@type":"WebPage","@id":"https:\/\/talkpal.ai\/ga\/cleachtai-gramadai-araibise\/","url":"https:\/\/talkpal.ai\/ga\/cleachtai-gramadai-araibise\/","name":"Cleachta\u00ed Gramada\u00ed Araibise - Talkpal","isPartOf":{"@id":"https:\/\/talkpal.ai\/ga\/#website"},"primaryImageOfPage":{"@id":"https:\/\/talkpal.ai\/ga\/cleachtai-gramadai-araibise\/#primaryimage"},"image":{"@id":"https:\/\/talkpal.ai\/ga\/cleachtai-gramadai-araibise\/#primaryimage"},"thumbnailUrl":"https:\/\/talkpal.ai\/wp-content\/uploads\/2023\/04\/arabic-united-arab-emirates.png","datePublished":"2023-06-16T09:31:38+00:00","dateModified":"2025-09-06T20:57:56+00:00","description":"Feabhas a chur ar do thuiscint le cleachta\u00ed gramada\u00ed Araibis a chl\u00fada\u00edonn rialacha agus strucht\u00fair riachtanacha chun m\u00e1istreacht a dh\u00e9anamh ar an teanga.","breadcrumb":{"@id":"https:\/\/talkpal.ai\/ga\/cleachtai-gramadai-araibise\/#breadcrumb"},"inLanguage":"ga-IE","potentialAction":[{"@type":"ReadAction","target":["https:\/\/talkpal.ai\/ga\/cleachtai-gramadai-araibise\/"]}]},{"@type":"ImageObject","inLanguage":"ga-IE","@id":"https:\/\/talkpal.ai\/ga\/cleachtai-gramadai-araibise\/#primaryimage","url":"https:\/\/talkpal.ai\/wp-content\/uploads\/2023\/04\/arabic-united-arab-emirates.png","contentUrl":"https:\/\/talkpal.ai\/wp-content\/uploads\/2023\/04\/arabic-united-arab-emirates.png","width":512,"height":512,"caption":"TalkPal Catalan Flag"},{"@type":"BreadcrumbList","@id":"https:\/\/talkpal.ai\/ga\/cleachtai-gramadai-araibise\/#breadcrumb","itemListElement":[{"@type":"ListItem","position":1,"name":"Homepage","item":"https:\/\/talkpal.ai\/ga\/"},{"@type":"ListItem","position":2,"name":"Cleachta\u00ed Gramada\u00ed Araibise"}]},{"@type":"WebSite","@id":"https:\/\/talkpal.ai\/ga\/#website","url":"https:\/\/talkpal.ai\/ga\/","name":"Talkpal","description":"AI Language Learning","publisher":{"@id":"https:\/\/talkpal.ai\/ga\/#organization"},"alternateName":"Talkpal AI","potentialAction":[{"@type":"SearchAction","target":{"@type":"EntryPoint","urlTemplate":"https:\/\/talkpal.ai\/ga\/?s={search_term_string}"},"query-input":{"@type":"PropertyValueSpecification","valueRequired":true,"valueName":"search_term_string"}}],"inLanguage":"ga-IE"},{"@type":"Organization","@id":"https:\/\/talkpal.ai\/ga\/#organization","name":"Talkpal, Inc.","alternateName":"Talkpal AI","url":"https:\/\/talkpal.ai\/ga\/","logo":{"@type":"ImageObject","inLanguage":"ga-IE","@id":"https:\/\/talkpal.ai\/ga\/#\/schema\/logo\/image\/","url":"https:\/\/talkpal.ai\/wp-content\/uploads\/2024\/03\/Talkpal-Logo-Icon.png","contentUrl":"https:\/\/talkpal.ai\/wp-content\/uploads\/2024\/03\/Talkpal-Logo-Icon.png","width":2880,"height":2880,"caption":"Talkpal, Inc."},"image":{"@id":"https:\/\/talkpal.ai\/ga\/#\/schema\/logo\/image\/"},"sameAs":["https:\/\/www.facebook.com\/profile.php?id=100090733639311","https:\/\/x.com\/talkpalai","https:\/\/www.linkedin.com\/company\/talkpal\/","https:\/\/www.youtube.com\/@TalkPal\/","https:\/\/www.tiktok.com\/@talkpal","https:\/\/www.instagram.com\/talkpal_ai\/","https:\/\/www.crunchbase.com\/organization\/talkpal-9cde","https:\/\/www.g2.com\/products\/talkpal-for-business\/","https:\/\/www.trustpilot.com\/review\/talkpal.ai","https:\/\/www.capterra.com\/p\/10006800\/TalkPal\/"],"description":"Talkpal is a language learning web and mobile education app, powered by the latest AI technologies, that provides engaging experiences to its customers in many different languages to help them improve their language skills. Users can chat about unlimited amount of topics with the app and use other modes to practice their language learning.","email":"support@talkpal.ai","legalName":"Talkpal, Inc.","foundingDate":"2023-04-03","duns":"118989042","numberOfEmployees":{"@type":"QuantitativeValue","minValue":"11","maxValue":"50"},"publishingPrinciples":"https:\/\/talkpal.ai\/publishing-principles\/","actionableFeedbackPolicy":"https:\/\/talkpal.ai\/actionable-feedback-policy\/","correctionsPolicy":"https:\/\/talkpal.ai\/corrections-policy\/","ethicsPolicy":"https:\/\/talkpal.ai\/ethics-policy\/","diversityPolicy":"https:\/\/talkpal.ai\/diversity-policy\/","diversityStaffingReport":"https:\/\/talkpal.ai\/diversity-policy\/"}]}},"_links":{"self":[{"href":"https:\/\/talkpal.ai\/ga\/wp-json\/wp\/v2\/pages\/1446586","targetHints":{"allow":["GET"]}}],"collection":[{"href":"https:\/\/talkpal.ai\/ga\/wp-json\/wp\/v2\/pages"}],"about":[{"href":"https:\/\/talkpal.ai\/ga\/wp-json\/wp\/v2\/types\/page"}],"author":[{"embeddable":true,"href":"https:\/\/talkpal.ai\/ga\/wp-json\/wp\/v2\/users\/6"}],"replies":[{"embeddable":true,"href":"https:\/\/talkpal.ai\/ga\/wp-json\/wp\/v2\/comments?post=1446586"}],"version-history":[{"count":0,"href":"https:\/\/talkpal.ai\/ga\/wp-json\/wp\/v2\/pages\/1446586\/revisions"}],"wp:featuredmedia":[{"embeddable":true,"href":"https:\/\/talkpal.ai\/ga\/wp-json\/wp\/v2\/media\/1442705"}],"wp:attachment":[{"href":"https:\/\/talkpal.ai\/ga\/wp-json\/wp\/v2\/media?parent=1446586"}],"curies":[{"name":"wp","href":"https:\/\/api.w.org\/{rel}","templated":true}]}}