{"id":1446582,"date":"2023-06-16T10:01:38","date_gmt":"2023-06-16T10:01:38","guid":{"rendered":"https:\/\/talkpal.ai\/cleachtai-gramadai-na-sualainne\/"},"modified":"2025-12-17T15:30:29","modified_gmt":"2025-12-17T15:30:29","slug":"cleachtai-gramadai-na-sualainne","status":"publish","type":"page","link":"https:\/\/talkpal.ai\/ga\/cleachtai-gramadai-na-sualainne\/","title":{"rendered":"Cleachta\u00ed Gramada\u00ed na Sualainne"},"content":{"rendered":"\r\n\r\n\r\n<section class=\"languageChallengeSection\">\r\n    <div class=\"languageInfoWrapper\">\r\n        \r\n        <h1>Cleachta\u00ed Gramada\u00ed na Sualainne<\/h1>\r\n        <p>R\u00e9idh chun feabhas a <a href=\"https:\/\/talkpal.ai\/locations\/language-courses-in-chur\/\">chur<\/a> ar do <a href=\"https:\/\/talkpal.ai\/learn-swedish\/\">Sualainnis<\/a>? Is bealach iontach \u00e9 cleachta\u00ed gramada\u00ed a chleachtadh chun strucht\u00far abairte, foirmeacha briathra, agus patr\u00fain uath\u00fala na teanga Sualainnise a mh\u00e1istir. Tosaigh ag obair ar ghramadach na Sualainne inniu agus f\u00e9ach ar do scileanna agus do mhuin\u00edn ag f\u00e1s le gach cleachtadh!\n\n<\/p>\r\n\r\n                            <a class=\"getStartedHidden\" href=\"https:\/\/app.talkpal.ai\/signup?lng=\">Tosaigh<\/a>\r\n        \r\n    <\/div>\r\n\r\n    <figure>\r\n    <img decoding=\"async\" width=\"768\" height=\"768\" src=\"https:\/\/talkpal.ai\/wp-content\/uploads\/2023\/06\/swedish-768x768.png\" class=\"languageImage no-lazy\" alt=\"Language learning for improved concentration\" fetchpriority=\"high\" sizes=\"(max-width: 768px) 150px, 768px\" srcset=\"https:\/\/talkpal.ai\/wp-content\/uploads\/2023\/06\/swedish-768x768.png 768w, https:\/\/talkpal.ai\/wp-content\/uploads\/2023\/06\/swedish-300x300.png 300w\" \/>\r\n    \r\n\r\n    <\/figure>\r\n\r\n            <a class=\"getStartedVisible\" href=\"https:\/\/app.talkpal.ai\/signup?lng=\">Tosaigh<\/a>\r\n    \r\n<\/section>\r\n\r\n\r\n<!-- <section class=\"grammarSection\">\r\n    <div class=\"grammarLinks\">\r\n            <\/div>\r\n<\/section> -->\r\n\r\n\r\n\r\n\r\n<section class=\"promotionalBanner\">\r\n    <p class=\"promotionalText\">An bealach is \u00e9ifeachta\u00ed le teanga a fhoghlaim<\/p>\r\n    <a class=\"promotionalLink\" href=\"https:\/\/app.talkpal.ai\/signup?lng=\">Bain triail as Talkpal saor in aisce<\/a>\r\n<\/section>\n<div class=\"wp-block-group pageContainerStyle\"><div class=\"wp-block-group__inner-container is-layout-constrained wp-block-group-is-layout-constrained\">\n<h2 class=\"wp-block-heading\" id=\"h-swedish-grammar-topics\">Topaic\u00ed Gramada\u00ed na Sualainne<\/h2>\n\n\n\n<p>Is f\u00e9idir le Foghlaim na Sualainnise, teanga oifigi\u00fail na Sualainne agus ceann de theangacha oifigi\u00fala na Fionlainne, a bheith ina eisp\u00e9ireas luachmhar. N\u00ed hamh\u00e1in go nochtfaidh s\u00e9 cult\u00far agus stair shaibhir duit, ach beidh s\u00e9 n\u00edos \u00e9asca duit cumars\u00e1id a dh\u00e9anamh le n\u00edos m\u00f3 n\u00e1 10 milli\u00fan cainteoir d\u00fachais. Chun Sualainnis a fhoghlaim go h\u00e9ifeachtach, t\u00e1 s\u00e9 t\u00e1bhachtach tuiscint a fh\u00e1il ar na topaic\u00ed gramada\u00ed \u00e9ags\u00fala agus ar an gcaoi a mbaineann siad lena ch\u00e9ile. Tabharfaidh an treoir seo forbhreathn\u00fa duit ar phr\u00edomh\u00e1bhair ghramada\u00ed na Sualainne, eagraithe i seicheamh a chabhr\u00f3idh leat do chuid scileanna teanga a fhorbairt de r\u00e9ir a ch\u00e9ile agus go h\u00e9ifeachtach.<\/p>\n\n\n\n<h3 class=\"wp-block-heading\" id=\"h-1-nouns\">1. Ainmfhocail:<\/h3>\n\n\n\n<p>Cuir t\u00fas le do thuras teanga Sualainnis tr\u00ed aithne a chur ar ainmfhocail mar is bloic th\u00f3g\u00e1la aon teanga iad. Sa tSualainnis, t\u00e1 dh\u00e1 inscne ag ainmfhocail (coitianta agus neuter) a th\u00e9ann i bhfeidhm ar na hailt agus na haidiachta\u00ed a \u00fas\u00e1idtear leo. T\u00e1 foirmeacha uatha agus iolra acu freisin, chomh maith le foirmeacha cinnte agus \u00e9iginnte.<\/p>\n\n\n\n<h3 class=\"wp-block-heading\" id=\"h-2-articles\">2. Airteagail:<\/h3>\n\n\n\n<p>Nuair a thuigeann t\u00fa ainmfhocail, bog ar aghaidh chuig ailt at\u00e1 riachtanach chun inscne agus l\u00edon ainmfhocail a chinneadh. T\u00e1 ailt chinnte agus \u00e9iginnte ag an tSualainnis a aonta\u00edonn le hinscne agus uimhir an ainmfhocail a mhodhna\u00edonn siad.<\/p>\n\n\n\n<h3 class=\"wp-block-heading\" id=\"h-3-adjectives\">3. Aidiachta\u00ed:<\/h3>\n\n\n\n<p>\u00das\u00e1idtear aidiachta\u00ed chun cur s\u00edos a dh\u00e9anamh ar ainmfhocail agus aonta\u00edonn siad inscne, uimhir, agus cinnteacht leis an ainmfhocal a mhodhna\u00edonn siad. Cabhr\u00f3idh aidiachta\u00ed foghlama leat smaointe agus tuairisc\u00ed n\u00edos casta a chur in i\u00fal i Sualainnis.<\/p>\n\n\n\n<h3 class=\"wp-block-heading\" id=\"h-4-pronouns\">4. Forainmneacha:<\/h3>\n\n\n\n<p>Cuirtear forainmneacha in ionad ainmfhocail in abairt\u00ed agus t\u00e1 siad riachtanach chun do chuid cainte a dh\u00e9anamh n\u00edos sreabhach agus n\u00edos n\u00e1d\u00fartha. T\u00e1 forainmneacha pearsanta, sealbhacha, machnamhacha agus coibhneasta ag an tSualainnis, gach ceann acu lena rialacha f\u00e9in <a href=\"https:\/\/talkpal.ai\/ga\/maidir\/\">maidir<\/a> le comhaont\u00fa agus \u00fas\u00e1id.<\/p>\n\n\n\n<h3 class=\"wp-block-heading\" id=\"h-5-verbs\">5. Briathra:<\/h3>\n\n\n\n<p>L\u00e9ir\u00edonn briathra gn\u00edomhartha, imeachta\u00ed, n\u00f3 st\u00e1it a bheith agus is cuid r\u00edth\u00e1bhachtach d&#8217;aon teanga iad. Sa tSualainnis, d\u00e9antar briathra a chomhchuingi\u00fa de r\u00e9ir aimsir agus gi\u00famar. Tosaigh tr\u00ed fhoghlaim an aimsir l\u00e1ithreach t\u00e1scach, arb \u00e9 an fhoirm is coitianta agus is \u00fas\u00e1id\u00ed \u00e9.<\/p>\n\n\n\n<h3 class=\"wp-block-heading\" id=\"h-6-tenses-indicative\">6. Aimsir T\u00e1scach:<\/h3>\n\n\n\n<p>Ag bogadh ar aghaidh \u00f3n aimsir l\u00e1ithreach, foghlaim an aimsir at\u00e1 thart agus sa todhcha\u00ed sa ghi\u00famar t\u00e1scach. Ligfidh siad seo duit labhairt faoi imeachta\u00ed agus gn\u00edomhartha a tharla n\u00f3 a tharl\u00f3idh, ag leathn\u00fa do chumas cumars\u00e1id a dh\u00e9anamh i Sualainnis.<\/p>\n\n\n\n<h3 class=\"wp-block-heading\" id=\"h-7-tenses-subjunctive\">7. Aimsir Subjunctive:<\/h3>\n\n\n\n<p>C\u00e9 go bhfuil s\u00e9 n\u00edos l\u00fa coitianta n\u00e1 an t\u00e1scach, \u00fas\u00e1idtear an gi\u00famar subjunctive chun imeachta\u00ed hipit\u00e9iseacha n\u00f3 \u00e9iginnte a chur in i\u00fal. Ag foghlaim na bhfoirmeacha subjunctive de briathra cuirfidh s\u00e9 le do chumas smaointe n\u00edos nuanced a chur in i\u00fal.<\/p>\n\n\n\n<h3 class=\"wp-block-heading\" id=\"h-8-tense-comparison\">8. Compar\u00e1id aimsire:<\/h3>\n\n\n\n<p>M\u00e1 thuigeann t\u00fa conas aimsir \u00e9ags\u00fala a chur i gcompar\u00e1id, cuirfidh t\u00fa ar do chumas smaointe n\u00edos casta a chur in i\u00fal faoi am agus imeachta\u00ed. \u00c1ir\u00edtear leis seo fios a bheith agat conas aimsir san am at\u00e1 thart agus sa todhcha\u00ed a \u00fas\u00e1id le ch\u00e9ile, chomh maith le tuiscint a fh\u00e1il ar an gcaoi a n-idirghn\u00edomha\u00edonn aimsir\u00ed \u00e9ags\u00fala in abairt\u00ed casta.<\/p>\n\n\n\n<h3 class=\"wp-block-heading\" id=\"h-9-adverbs\">9. Adverbs:<\/h3>\n\n\n\n<p>Modhna\u00edonn adverbs briathra, aidiachta\u00ed n\u00f3 adverbs eile, ag sol\u00e1thar faisn\u00e9ise breise faoi ghn\u00edomhartha n\u00f3 c\u00e1il\u00edochta\u00ed. Cabhr\u00f3idh foghlaim adverbs Sualainnis leat smaointe a chur in i\u00fal n\u00edos cruinne agus n\u00edos \u00e9ifeachta\u00ed.<\/p>\n\n\n\n<h3 class=\"wp-block-heading\" id=\"h-10-prepositions\">10. Prepositions:<\/h3>\n\n\n\n<p>Nascann r\u00e9amhfhocail ainmfhocail, forainmneacha, agus fr\u00e1sa\u00ed le focail eile in abairt, ag cur caidrimh ar n\u00f3s su\u00edomh, treo, agus am in i\u00fal. T\u00e1 m\u00e1istreacht r\u00e9amhfhocail bun\u00fasach chun abairt\u00ed soil\u00e9ire agus br\u00ed a th\u00f3g\u00e1il sa tSualainnis.<\/p>\n\n\n\n<h3 class=\"wp-block-heading\" id=\"h-11-sentence-structure\">11. Strucht\u00far na habairte:<\/h3>\n\n\n\n<p>Ar deireadh, m\u00e1 thuigeann t\u00fa rialacha bun\u00fasacha strucht\u00far abairt\u00ed na Sualainne, beidh na topaic\u00ed gramada\u00ed go l\u00e9ir roimhe seo le ch\u00e9ile, rud a chuirfidh ar do chumas abairt\u00ed dea-fhoirmithe a chruth\u00fa agus t\u00fa f\u00e9in a chur in i\u00fal go cruinn agus go h\u00e9ifeachtach sa teanga.<\/p>\n<\/div><\/div>\n\r\n<section class=\"learnNavigationSection\">\r\n            \r\n        <a href=\"https:\/\/talkpal.ai\/ga\/foghlaim-sualainnis\/\">\r\n            <div class=\"learnNavigationWrapper\">\r\n                <div class=\"learnNavigationContent\">\r\n                    <img decoding=\"async\" src=\"https:\/\/talkpal.ai\/wp-content\/uploads\/2024\/08\/Swedish.jpg\" alt=\"Swedish Flag\">\r\n                    <div>\r\n                        <h4>Maidir le Foghlaim na Sualainne<\/h4>\r\n                        <p>Faigh amach gach rud faoi ghramadach na Sualainne.<\/p>\r\n                    <\/div>\r\n                <\/div>\r\n            <\/div>\r\n        <\/a>\r\n\r\n        \r\n        <a href=\"https:\/\/talkpal.ai\/ga\/gramadach-na-sualainne\/\">\r\n            <div class=\"learnNavigationWrapper\">\r\n                <div class=\"learnNavigationContent\">\r\n                    <img decoding=\"async\" src=\"https:\/\/talkpal.ai\/wp-content\/uploads\/2024\/08\/Swedish.jpg\" alt=\"Swedish Flag\">\r\n                    <div>\r\n                        <h4>Cleachtadh Gramada\u00ed na Sualainne<\/h4>\r\n                        <p>Cleachtadh gramadach na Sualainnise.<\/p>\r\n                    <\/div>\r\n                <\/div>\r\n            <\/div>\r\n        <\/a>\r\n\r\n        \r\n        <a href=\"https:\/\/talkpal.ai\/vocabulary_language\/swedish\/\">\r\n            <div class=\"learnNavigationWrapper\">\r\n                <div class=\"learnNavigationContent\">\r\n                    <img decoding=\"async\" src=\"https:\/\/talkpal.ai\/wp-content\/uploads\/2024\/08\/Swedish.jpg\" alt=\"Swedish Flag\">\r\n                    <div>\r\n                        <h4>St\u00f3r Focal na Sualainne<\/h4>\r\n                        <p>Leathnaigh do st\u00f3r focal Sualainnis.<\/p>\r\n                    <\/div>\r\n                <\/div>\r\n            <\/div>\r\n        <\/a>\r\n\r\n            <\/section>","protected":false},"excerpt":{"rendered":"<p>Topaic\u00ed Gramada\u00ed na Sualainne Is f\u00e9idir le Foghlaim na Sualainnise, teanga oifigi\u00fail na Sualainne agus ceann de theangacha oifigi\u00fala na Fionlainne, a bheith ina eisp\u00e9ireas luachmhar. N\u00ed hamh\u00e1in go nochtfaidh s\u00e9 cult\u00far agus stair shaibhir duit, ach beidh s\u00e9 n\u00edos \u00e9asca duit cumars\u00e1id a dh\u00e9anamh le n\u00edos m\u00f3 n\u00e1 10 milli\u00fan cainteoir d\u00fachais. Chun Sualainnis [&hellip;]<\/p>\n","protected":false},"author":6,"featured_media":1440033,"parent":0,"menu_order":0,"comment_status":"closed","ping_status":"closed","template":"LearningContentPage.php","meta":{"_acf_changed":false,"footnotes":""},"class_list":["post-1446582","page","type-page","status-publish","has-post-thumbnail","hentry"],"acf":[],"yoast_head":"<!-- This site is optimized with the Yoast SEO Premium plugin v27.2 (Yoast SEO v27.2) - https:\/\/yoast.com\/product\/yoast-seo-premium-wordpress\/ -->\n<title>Cleachta\u00ed Gramada\u00ed na Sualainne - Talkpal<\/title>\n<meta name=\"description\" content=\"Feabhas a chur ar do scileanna teanga le cleachta\u00ed tarraingteacha Gramada\u00ed na Sualainne at\u00e1 deartha do gach leibh\u00e9al foghlaimeoir\u00ed.\" \/>\n<meta name=\"robots\" content=\"index, follow, max-snippet:-1, max-image-preview:large, max-video-preview:-1\" \/>\n<link rel=\"canonical\" href=\"https:\/\/talkpal.ai\/ga\/cleachtai-gramadai-na-sualainne\/\" \/>\n<meta property=\"og:locale\" content=\"ga_IE\" \/>\n<meta property=\"og:type\" content=\"article\" \/>\n<meta property=\"og:title\" content=\"Cleachta\u00ed Gramada\u00ed na Sualainne\" \/>\n<meta property=\"og:description\" content=\"Topaic\u00ed Gramada\u00ed na Sualainne Is f\u00e9idir le Foghlaim na Sualainnise, teanga oifigi\u00fail na Sualainne agus ceann de theangacha oifigi\u00fala na Fionlainne, a\" \/>\n<meta property=\"og:url\" content=\"https:\/\/talkpal.ai\/ga\/cleachtai-gramadai-na-sualainne\/\" \/>\n<meta property=\"og:site_name\" content=\"Talkpal\" \/>\n<meta property=\"article:publisher\" content=\"https:\/\/www.facebook.com\/profile.php?id=100090733639311\" \/>\n<meta property=\"article:modified_time\" content=\"2025-12-17T15:30:29+00:00\" \/>\n<meta property=\"og:image\" content=\"https:\/\/talkpal.ai\/wp-content\/uploads\/2023\/04\/sweden.png\" \/>\n\t<meta property=\"og:image:width\" content=\"512\" \/>\n\t<meta property=\"og:image:height\" content=\"512\" \/>\n\t<meta property=\"og:image:type\" content=\"image\/png\" \/>\n<meta name=\"twitter:card\" content=\"summary_large_image\" \/>\n<meta name=\"twitter:site\" content=\"@talkpalai\" \/>\n<meta name=\"twitter:label1\" content=\"Est. reading time\" \/>\n\t<meta name=\"twitter:data1\" content=\"4 minutes\" \/>\n<script type=\"application\/ld+json\" class=\"yoast-schema-graph\">{\"@context\":\"https:\/\/schema.org\",\"@graph\":[{\"@type\":\"WebPage\",\"@id\":\"https:\/\/talkpal.ai\/ga\/cleachtai-gramadai-na-sualainne\/\",\"url\":\"https:\/\/talkpal.ai\/ga\/cleachtai-gramadai-na-sualainne\/\",\"name\":\"Cleachta\u00ed Gramada\u00ed na Sualainne - Talkpal\",\"isPartOf\":{\"@id\":\"https:\/\/talkpal.ai\/ga\/#website\"},\"primaryImageOfPage\":{\"@id\":\"https:\/\/talkpal.ai\/ga\/cleachtai-gramadai-na-sualainne\/#primaryimage\"},\"image\":{\"@id\":\"https:\/\/talkpal.ai\/ga\/cleachtai-gramadai-na-sualainne\/#primaryimage\"},\"thumbnailUrl\":\"https:\/\/talkpal.ai\/wp-content\/uploads\/2023\/04\/sweden.png\",\"datePublished\":\"2023-06-16T10:01:38+00:00\",\"dateModified\":\"2025-12-17T15:30:29+00:00\",\"description\":\"Feabhas a chur ar do scileanna teanga le cleachta\u00ed tarraingteacha Gramada\u00ed na Sualainne at\u00e1 deartha do gach leibh\u00e9al foghlaimeoir\u00ed.\",\"breadcrumb\":{\"@id\":\"https:\/\/talkpal.ai\/ga\/cleachtai-gramadai-na-sualainne\/#breadcrumb\"},\"inLanguage\":\"ga-IE\",\"potentialAction\":[{\"@type\":\"ReadAction\",\"target\":[\"https:\/\/talkpal.ai\/ga\/cleachtai-gramadai-na-sualainne\/\"]}]},{\"@type\":\"ImageObject\",\"inLanguage\":\"ga-IE\",\"@id\":\"https:\/\/talkpal.ai\/ga\/cleachtai-gramadai-na-sualainne\/#primaryimage\",\"url\":\"https:\/\/talkpal.ai\/wp-content\/uploads\/2023\/04\/sweden.png\",\"contentUrl\":\"https:\/\/talkpal.ai\/wp-content\/uploads\/2023\/04\/sweden.png\",\"width\":512,\"height\":512,\"caption\":\"TalkPal Catalan Flag\"},{\"@type\":\"BreadcrumbList\",\"@id\":\"https:\/\/talkpal.ai\/ga\/cleachtai-gramadai-na-sualainne\/#breadcrumb\",\"itemListElement\":[{\"@type\":\"ListItem\",\"position\":1,\"name\":\"Homepage\",\"item\":\"https:\/\/talkpal.ai\/ga\/\"},{\"@type\":\"ListItem\",\"position\":2,\"name\":\"Cleachta\u00ed Gramada\u00ed na Sualainne\"}]},{\"@type\":\"WebSite\",\"@id\":\"https:\/\/talkpal.ai\/ga\/#website\",\"url\":\"https:\/\/talkpal.ai\/ga\/\",\"name\":\"Talkpal\",\"description\":\"AI Language Learning\",\"publisher\":{\"@id\":\"https:\/\/talkpal.ai\/ga\/#organization\"},\"alternateName\":\"Talkpal AI\",\"potentialAction\":[{\"@type\":\"SearchAction\",\"target\":{\"@type\":\"EntryPoint\",\"urlTemplate\":\"https:\/\/talkpal.ai\/ga\/?s={search_term_string}\"},\"query-input\":{\"@type\":\"PropertyValueSpecification\",\"valueRequired\":true,\"valueName\":\"search_term_string\"}}],\"inLanguage\":\"ga-IE\"},{\"@type\":\"Organization\",\"@id\":\"https:\/\/talkpal.ai\/ga\/#organization\",\"name\":\"Talkpal, Inc.\",\"alternateName\":\"Talkpal AI\",\"url\":\"https:\/\/talkpal.ai\/ga\/\",\"logo\":{\"@type\":\"ImageObject\",\"inLanguage\":\"ga-IE\",\"@id\":\"https:\/\/talkpal.ai\/ga\/#\/schema\/logo\/image\/\",\"url\":\"https:\/\/talkpal.ai\/wp-content\/uploads\/2024\/03\/Talkpal-Logo-Icon.png\",\"contentUrl\":\"https:\/\/talkpal.ai\/wp-content\/uploads\/2024\/03\/Talkpal-Logo-Icon.png\",\"width\":2880,\"height\":2880,\"caption\":\"Talkpal, Inc.\"},\"image\":{\"@id\":\"https:\/\/talkpal.ai\/ga\/#\/schema\/logo\/image\/\"},\"sameAs\":[\"https:\/\/www.facebook.com\/profile.php?id=100090733639311\",\"https:\/\/x.com\/talkpalai\",\"https:\/\/www.linkedin.com\/company\/talkpal\/\",\"https:\/\/www.youtube.com\/@TalkPal\/\",\"https:\/\/www.tiktok.com\/@talkpal\",\"https:\/\/www.instagram.com\/talkpal_ai\/\",\"https:\/\/www.crunchbase.com\/organization\/talkpal-9cde\",\"https:\/\/www.g2.com\/products\/talkpal-for-business\/\",\"https:\/\/www.trustpilot.com\/review\/talkpal.ai\",\"https:\/\/www.capterra.com\/p\/10006800\/TalkPal\/\"],\"description\":\"Talkpal is a language learning web and mobile education app, powered by the latest AI technologies, that provides engaging experiences to its customers in many different languages to help them improve their language skills. Users can chat about unlimited amount of topics with the app and use other modes to practice their language learning.\",\"email\":\"support@talkpal.ai\",\"legalName\":\"Talkpal, Inc.\",\"foundingDate\":\"2023-04-03\",\"duns\":\"118989042\",\"numberOfEmployees\":{\"@type\":\"QuantitativeValue\",\"minValue\":\"11\",\"maxValue\":\"50\"},\"publishingPrinciples\":\"https:\/\/talkpal.ai\/publishing-principles\/\",\"actionableFeedbackPolicy\":\"https:\/\/talkpal.ai\/actionable-feedback-policy\/\",\"correctionsPolicy\":\"https:\/\/talkpal.ai\/corrections-policy\/\",\"ethicsPolicy\":\"https:\/\/talkpal.ai\/ethics-policy\/\",\"diversityPolicy\":\"https:\/\/talkpal.ai\/diversity-policy\/\",\"diversityStaffingReport\":\"https:\/\/talkpal.ai\/diversity-policy\/\"}]}<\/script>\n<!-- \/ Yoast SEO Premium plugin. -->","yoast_head_json":{"title":"Cleachta\u00ed Gramada\u00ed na Sualainne - Talkpal","description":"Feabhas a chur ar do scileanna teanga le cleachta\u00ed tarraingteacha Gramada\u00ed na Sualainne at\u00e1 deartha do gach leibh\u00e9al foghlaimeoir\u00ed.","robots":{"index":"index","follow":"follow","max-snippet":"max-snippet:-1","max-image-preview":"max-image-preview:large","max-video-preview":"max-video-preview:-1"},"canonical":"https:\/\/talkpal.ai\/ga\/cleachtai-gramadai-na-sualainne\/","og_locale":"ga_IE","og_type":"article","og_title":"Cleachta\u00ed Gramada\u00ed na Sualainne","og_description":"Topaic\u00ed Gramada\u00ed na Sualainne Is f\u00e9idir le Foghlaim na Sualainnise, teanga oifigi\u00fail na Sualainne agus ceann de theangacha oifigi\u00fala na Fionlainne, a","og_url":"https:\/\/talkpal.ai\/ga\/cleachtai-gramadai-na-sualainne\/","og_site_name":"Talkpal","article_publisher":"https:\/\/www.facebook.com\/profile.php?id=100090733639311","article_modified_time":"2025-12-17T15:30:29+00:00","og_image":[{"width":512,"height":512,"url":"https:\/\/talkpal.ai\/wp-content\/uploads\/2023\/04\/sweden.png","type":"image\/png"}],"twitter_card":"summary_large_image","twitter_site":"@talkpalai","twitter_misc":{"Est. reading time":"4 minutes"},"schema":{"@context":"https:\/\/schema.org","@graph":[{"@type":"WebPage","@id":"https:\/\/talkpal.ai\/ga\/cleachtai-gramadai-na-sualainne\/","url":"https:\/\/talkpal.ai\/ga\/cleachtai-gramadai-na-sualainne\/","name":"Cleachta\u00ed Gramada\u00ed na Sualainne - Talkpal","isPartOf":{"@id":"https:\/\/talkpal.ai\/ga\/#website"},"primaryImageOfPage":{"@id":"https:\/\/talkpal.ai\/ga\/cleachtai-gramadai-na-sualainne\/#primaryimage"},"image":{"@id":"https:\/\/talkpal.ai\/ga\/cleachtai-gramadai-na-sualainne\/#primaryimage"},"thumbnailUrl":"https:\/\/talkpal.ai\/wp-content\/uploads\/2023\/04\/sweden.png","datePublished":"2023-06-16T10:01:38+00:00","dateModified":"2025-12-17T15:30:29+00:00","description":"Feabhas a chur ar do scileanna teanga le cleachta\u00ed tarraingteacha Gramada\u00ed na Sualainne at\u00e1 deartha do gach leibh\u00e9al foghlaimeoir\u00ed.","breadcrumb":{"@id":"https:\/\/talkpal.ai\/ga\/cleachtai-gramadai-na-sualainne\/#breadcrumb"},"inLanguage":"ga-IE","potentialAction":[{"@type":"ReadAction","target":["https:\/\/talkpal.ai\/ga\/cleachtai-gramadai-na-sualainne\/"]}]},{"@type":"ImageObject","inLanguage":"ga-IE","@id":"https:\/\/talkpal.ai\/ga\/cleachtai-gramadai-na-sualainne\/#primaryimage","url":"https:\/\/talkpal.ai\/wp-content\/uploads\/2023\/04\/sweden.png","contentUrl":"https:\/\/talkpal.ai\/wp-content\/uploads\/2023\/04\/sweden.png","width":512,"height":512,"caption":"TalkPal Catalan Flag"},{"@type":"BreadcrumbList","@id":"https:\/\/talkpal.ai\/ga\/cleachtai-gramadai-na-sualainne\/#breadcrumb","itemListElement":[{"@type":"ListItem","position":1,"name":"Homepage","item":"https:\/\/talkpal.ai\/ga\/"},{"@type":"ListItem","position":2,"name":"Cleachta\u00ed Gramada\u00ed na Sualainne"}]},{"@type":"WebSite","@id":"https:\/\/talkpal.ai\/ga\/#website","url":"https:\/\/talkpal.ai\/ga\/","name":"Talkpal","description":"AI Language Learning","publisher":{"@id":"https:\/\/talkpal.ai\/ga\/#organization"},"alternateName":"Talkpal AI","potentialAction":[{"@type":"SearchAction","target":{"@type":"EntryPoint","urlTemplate":"https:\/\/talkpal.ai\/ga\/?s={search_term_string}"},"query-input":{"@type":"PropertyValueSpecification","valueRequired":true,"valueName":"search_term_string"}}],"inLanguage":"ga-IE"},{"@type":"Organization","@id":"https:\/\/talkpal.ai\/ga\/#organization","name":"Talkpal, Inc.","alternateName":"Talkpal AI","url":"https:\/\/talkpal.ai\/ga\/","logo":{"@type":"ImageObject","inLanguage":"ga-IE","@id":"https:\/\/talkpal.ai\/ga\/#\/schema\/logo\/image\/","url":"https:\/\/talkpal.ai\/wp-content\/uploads\/2024\/03\/Talkpal-Logo-Icon.png","contentUrl":"https:\/\/talkpal.ai\/wp-content\/uploads\/2024\/03\/Talkpal-Logo-Icon.png","width":2880,"height":2880,"caption":"Talkpal, Inc."},"image":{"@id":"https:\/\/talkpal.ai\/ga\/#\/schema\/logo\/image\/"},"sameAs":["https:\/\/www.facebook.com\/profile.php?id=100090733639311","https:\/\/x.com\/talkpalai","https:\/\/www.linkedin.com\/company\/talkpal\/","https:\/\/www.youtube.com\/@TalkPal\/","https:\/\/www.tiktok.com\/@talkpal","https:\/\/www.instagram.com\/talkpal_ai\/","https:\/\/www.crunchbase.com\/organization\/talkpal-9cde","https:\/\/www.g2.com\/products\/talkpal-for-business\/","https:\/\/www.trustpilot.com\/review\/talkpal.ai","https:\/\/www.capterra.com\/p\/10006800\/TalkPal\/"],"description":"Talkpal is a language learning web and mobile education app, powered by the latest AI technologies, that provides engaging experiences to its customers in many different languages to help them improve their language skills. Users can chat about unlimited amount of topics with the app and use other modes to practice their language learning.","email":"support@talkpal.ai","legalName":"Talkpal, Inc.","foundingDate":"2023-04-03","duns":"118989042","numberOfEmployees":{"@type":"QuantitativeValue","minValue":"11","maxValue":"50"},"publishingPrinciples":"https:\/\/talkpal.ai\/publishing-principles\/","actionableFeedbackPolicy":"https:\/\/talkpal.ai\/actionable-feedback-policy\/","correctionsPolicy":"https:\/\/talkpal.ai\/corrections-policy\/","ethicsPolicy":"https:\/\/talkpal.ai\/ethics-policy\/","diversityPolicy":"https:\/\/talkpal.ai\/diversity-policy\/","diversityStaffingReport":"https:\/\/talkpal.ai\/diversity-policy\/"}]}},"_links":{"self":[{"href":"https:\/\/talkpal.ai\/ga\/wp-json\/wp\/v2\/pages\/1446582","targetHints":{"allow":["GET"]}}],"collection":[{"href":"https:\/\/talkpal.ai\/ga\/wp-json\/wp\/v2\/pages"}],"about":[{"href":"https:\/\/talkpal.ai\/ga\/wp-json\/wp\/v2\/types\/page"}],"author":[{"embeddable":true,"href":"https:\/\/talkpal.ai\/ga\/wp-json\/wp\/v2\/users\/6"}],"replies":[{"embeddable":true,"href":"https:\/\/talkpal.ai\/ga\/wp-json\/wp\/v2\/comments?post=1446582"}],"version-history":[{"count":0,"href":"https:\/\/talkpal.ai\/ga\/wp-json\/wp\/v2\/pages\/1446582\/revisions"}],"wp:featuredmedia":[{"embeddable":true,"href":"https:\/\/talkpal.ai\/ga\/wp-json\/wp\/v2\/media\/1440033"}],"wp:attachment":[{"href":"https:\/\/talkpal.ai\/ga\/wp-json\/wp\/v2\/media?parent=1446582"}],"curies":[{"name":"wp","href":"https:\/\/api.w.org\/{rel}","templated":true}]}}