{"id":1446578,"date":"2023-06-16T09:39:29","date_gmt":"2023-06-16T09:39:29","guid":{"rendered":"https:\/\/talkpal.ai\/cleachtai-gramadai-na-sinise\/"},"modified":"2025-09-06T20:57:54","modified_gmt":"2025-09-06T20:57:54","slug":"cleachtai-gramadai-na-sinise","status":"publish","type":"page","link":"https:\/\/talkpal.ai\/ga\/cleachtai-gramadai-na-sinise\/","title":{"rendered":"Cleachta\u00ed Gramada\u00ed na S\u00ednise"},"content":{"rendered":"\r\n\r\n\r\n<section class=\"languageChallengeSection\">\r\n    <div class=\"languageInfoWrapper\">\r\n        \r\n        <h1>Cleachta\u00ed Gramada\u00ed na S\u00ednise<\/h1>\r\n        <p>Ar mhaith leat do scileanna teanga <a href=\"https:\/\/talkpal.ai\/learn-chinese\/\">S\u00ednis<\/a> a threisi\u00fa? Cuideoidh d\u00edri\u00fa ar chleachta\u00ed gramada\u00ed leat strucht\u00far abairt\u00ed a thuiscint, patr\u00fain riachtanacha a mh\u00e1istir, agus do mhuin\u00edn a th\u00f3g\u00e1il i gcomhr\u00e1ite laeth\u00fala. Tosaigh ag cleachtadh <a href=\"https:\/\/talkpal.ai\/grammar\/\">gramadach<\/a> na S\u00edne inniu agus glac c\u00e9imeanna seasta i dtreo l\u00edofachta le gach cleachtadh!<\/p>\r\n\r\n                            <a class=\"getStartedHidden\" href=\"https:\/\/app.talkpal.ai\/signup?lng=\">Tosaigh<\/a>\r\n        \r\n    <\/div>\r\n\r\n    <figure>\r\n    <img decoding=\"async\" width=\"768\" height=\"768\" src=\"https:\/\/talkpal.ai\/wp-content\/uploads\/2023\/06\/chinese-768x768.png\" class=\"languageImage no-lazy\" alt=\"Language learning for flexible communication\" fetchpriority=\"high\" sizes=\"(max-width: 768px) 150px, 768px\" srcset=\"https:\/\/talkpal.ai\/wp-content\/uploads\/2023\/06\/chinese-768x768.png 768w, https:\/\/talkpal.ai\/wp-content\/uploads\/2023\/06\/chinese-300x300.png 300w\" \/>\r\n    \r\n\r\n    <\/figure>\r\n\r\n            <a class=\"getStartedVisible\" href=\"https:\/\/app.talkpal.ai\/signup?lng=\">Tosaigh<\/a>\r\n    \r\n<\/section>\r\n\r\n\r\n<!-- <section class=\"grammarSection\">\r\n    <div class=\"grammarLinks\">\r\n            <\/div>\r\n<\/section> -->\r\n\r\n\r\n\r\n\r\n<section class=\"promotionalBanner\">\r\n    <p class=\"promotionalText\">An bealach is \u00e9ifeachta\u00ed le teanga a fhoghlaim<\/p>\r\n    <a class=\"promotionalLink\" href=\"https:\/\/app.talkpal.ai\/signup?lng=\">Bain triail as Talkpal saor in aisce<\/a>\r\n<\/section>\n<div class=\"wp-block-group pageContainerStyle\"><div class=\"wp-block-group__inner-container is-layout-constrained wp-block-group-is-layout-constrained\">\n<h2 class=\"wp-block-heading\" id=\"h-chinese-grammar-topics\">Topaic\u00ed Gramada\u00ed na S\u00edne<\/h2>\n\n\n\n<p>B&#8217;fh\u00e9idir go bhfuil gramadach na S\u00edne imeaglaithe ar dt\u00fas, ach t\u00e1 s\u00e9 riachtanach chun m\u00e1istreacht a fh\u00e1il ar an teanga. Lena ch\u00f3ras carachtar uath\u00fail agus n\u00e1d\u00far ton\u00fail, leanann gramadach na S\u00edne sraith rialacha difri\u00fala n\u00e1 teangacha cos\u00fail leis an mB\u00e9arla. Cabhr\u00f3idh foghlaim na rialacha seo sa seicheamh ceart leat dul chun cinn n\u00edos \u00e9ifeachta\u00ed i do chuid staid\u00e9ir teanga. Pl\u00e9ifear na topaic\u00ed seo a leanas san ord foghlama molta: Aimsir, Briathra, Ainmfhocail, Airteagail, Forainmneacha, Aidiachta\u00ed, Adverbs, Prepositions, agus Strucht\u00far Abairte. Tabharfaidh an treoir seo m\u00ednithe gairid ar gach \u00e1bhar chun cabhr\u00fa leat tuiscint n\u00edos fearr a fh\u00e1il ar a bhfeidhmeanna i dteanga na S\u00edne.<\/p>\n\n\n\n<h3 class=\"wp-block-heading\" id=\"h-1-tenses\">1. Aimsir:<\/h3>\n\n\n\n<p>Murab ionann agus an <a href=\"https:\/\/talkpal.ai\/learn-english-with-ai\/\">B\u00e9arla<\/a>, n\u00edl comhchuingithe briathartha casta ag an tS\u00ednis chun an aimsir a <a href=\"https:\/\/talkpal.ai\/locations\/language-courses-in-chur\/\">chur<\/a> in i\u00fal. Ina \u00e1it sin, \u00fas\u00e1ideann s\u00e9 focail n\u00f3 c\u00e1ithn\u00edn\u00ed <a href=\"https:\/\/talkpal.ai\/locations\/language-courses-in-ama\/\">ama<\/a> chun a thaispe\u00e1int nuair a tharla\u00edonn gn\u00edomh. Chun gn\u00edomhartha san am at\u00e1 caite, i l\u00e1thair n\u00f3 sa todhcha\u00ed a chur in i\u00fal, ba ch\u00f3ir duit eolas a chur ar fhocail ama choitianta mar &#8220;inn\u00e9,&#8221; &#8220;inniu,&#8221; agus &#8220;am\u00e1rach.&#8221;<\/p>\n\n\n\n<h3 class=\"wp-block-heading\" id=\"h-2-verbs\">2. Briathra:<\/h3>\n\n\n\n<p>Nuair a thuigeann t\u00fa aimsir, t\u00e1 s\u00e9 riachtanach na briathra bun\u00fasacha a fhoghlaim sa tS\u00ednis. T\u00e1 briathra r\u00edth\u00e1bhachtach mar go gcuireann siad gn\u00edomhartha agus st\u00e1it in i\u00fal, agus is minic a fhanann siad gan athr\u00fa in aimsir \u00e9ags\u00fala. D\u00edrigh ar fhoghlaim na briathra is coitianta agus a n-\u00fas\u00e1id chu\u00ed.<\/p>\n\n\n\n<h3 class=\"wp-block-heading\" id=\"h-3-nouns\">3. Ainmfhocail:<\/h3>\n\n\n\n<p>Is \u00e9ard is ainmfhocail ann n\u00e1 bloic th\u00f3g\u00e1la teanga, a l\u00e9ir\u00edonn daoine, \u00e1iteanna, ruda\u00ed, n\u00f3 smaointe. I S\u00ednis, is gn\u00e1ch go mb\u00edonn ainmfhocail simpl\u00ed, agus is f\u00e9idir leat tos\u00fa tr\u00ed na cinn is coitianta agus is \u00fas\u00e1id\u00ed a fhoghlaim chun do st\u00f3r focal a leathn\u00fa.<\/p>\n\n\n\n<h3 class=\"wp-block-heading\" id=\"h-4-articles\">4. Airteagail:<\/h3>\n\n\n\n<p>N\u00edl ailt ar n\u00f3s &#8220;a&#8221; n\u00f3 &#8220;the&#8221; sa Bh\u00e9arla ag an tS\u00ednis. Mar sin f\u00e9in, t\u00e1 focail tomhais ann a ghabhann le hainmfhocail chun cainn\u00edocht a l\u00e9iri\u00fa. T\u00e1 na focail tomhais seo riachtanach nuair a phl\u00e9ann m\u00e9ideanna n\u00f3 l\u00edon na m\u00edreanna sonracha.<\/p>\n\n\n\n<h3 class=\"wp-block-heading\" id=\"h-5-pronouns\">5. Forainmneacha:<\/h3>\n\n\n\n<p>\u00das\u00e1idtear forainmneacha in ionad ainmfhocail in abairt agus t\u00e1 siad r\u00edth\u00e1bhachtach chun athr\u00e1 a sheachaint. I S\u00ednis, athra\u00edonn forainmneacha bunaithe ar a bhfeidhmi\u00fa laistigh d&#8217;abairt, mar shampla \u00e1bhar, rud, n\u00f3 sealbhach. Foghlaim na forainmneacha \u00e9ags\u00fala agus a n-\u00fas\u00e1id cheart chun do th\u00f3g\u00e1il abairte a fheabhs\u00fa.<\/p>\n\n\n\n<h3 class=\"wp-block-heading\" id=\"h-6-adjectives\">6. Aidiachta\u00ed:<\/h3>\n\n\n\n<p>\u00das\u00e1idtear aidiachta\u00ed chun cur s\u00edos a dh\u00e9anamh ar ainmfhocail n\u00f3 iad a mhodhn\u00fa, agus t\u00e1 r\u00f3l suntasach acu maidir le do chuid abairt\u00ed a dh\u00e9anamh n\u00edos l\u00e9irith\u00ed agus n\u00edos tarraingt\u00ed. Foghlaim na haidiachta\u00ed is coitianta agus a socr\u00fach\u00e1n i nd\u00e1il leis an ainmfhocal laistigh d&#8217;abairt.<\/p>\n\n\n\n<h3 class=\"wp-block-heading\" id=\"h-7-adverbs\">7. Adverbs:<\/h3>\n\n\n\n<p>T\u00e1 adverbs riachtanach chun faisn\u00e9is bhreise a shol\u00e1thar faoi bhriathra, aidiachta\u00ed, n\u00f3 adverbs eile. Is f\u00e9idir leo cur s\u00edos a dh\u00e9anamh ar conas, cathain, n\u00f3 c\u00e1 h\u00e1it a dtarla\u00edonn gn\u00edomh. Cuir eolas ort f\u00e9in ar adverbs coitianta agus a n-\u00fas\u00e1id chun do chumais thuairisci\u00fala a fheabhs\u00fa.<\/p>\n\n\n\n<h3 class=\"wp-block-heading\" id=\"h-8-prepositions\">8. Prepositions:<\/h3>\n\n\n\n<p>\u00das\u00e1idtear r\u00e9amhfhocail chun an gaol idir ainmfhocail n\u00f3 forainmneacha laistigh d&#8217;abairt a l\u00e9iri\u00fa. Is minic a chuireann siad caidrimh sp\u00e1s\u00fala n\u00f3 ama in i\u00fal, mar shampla &#8220;i,&#8221; &#8220;ar,&#8221; n\u00f3 &#8220;ag.&#8221; M\u00e1 fhoghlaim t\u00fa na r\u00e9amhfhocail is coitianta agus a n-\u00fas\u00e1id cheart feabhs\u00f3idh s\u00e9 go m\u00f3r do strucht\u00far abairte.<\/p>\n\n\n\n<h3 class=\"wp-block-heading\" id=\"h-9-sentence-structure\">9. Strucht\u00far na bPianbhreithe:<\/h3>\n\n\n\n<p>Mar fhocal scoir, is \u00e9 tuiscint a fh\u00e1il ar strucht\u00far abairt\u00ed na S\u00edne an eochair chun abairt\u00ed comhlean\u00fanacha agus gramada\u00ed a fhoirmi\u00fa. Leanann an tS\u00ednis strucht\u00far \u00e1bhar-briathar-r\u00e9ad (SVO), cos\u00fail leis an mB\u00e9arla. Mar sin f\u00e9in, t\u00e1 difr\u00edochta\u00ed in ord focal agus socr\u00fach\u00e1n eilimint\u00ed gramada\u00ed \u00e9ags\u00fala. Foghlaim na patr\u00fain bhun\u00fasacha abairt\u00ed agus cleachtadh abairt\u00ed a th\u00f3g\u00e1il leis na heilimint\u00ed at\u00e1 foghlamtha agat, mar shampla aims\u00ed, briathra, ainmfhocail, forainmneacha, aidiachta\u00ed, adverbs, agus r\u00e9amhfhocail.<\/p>\n\n\n\n<p>Tr\u00edd an seicheamh seo a lean\u00faint agus d\u00edri\u00fa ar gach \u00e1bhar, forbr\u00f3idh t\u00fa bun\u00fas l\u00e1idir i ngramadach na S\u00edne agus beidh t\u00fa ar do bhealach chun l\u00edofacht sa teanga.<\/p>\n<\/div><\/div>\n\r\n<section class=\"learnNavigationSection\">\r\n            \r\n        <a href=\"https:\/\/talkpal.ai\/ga\/foghlaim-sinis\/\">\r\n            <div class=\"learnNavigationWrapper\">\r\n                <div class=\"learnNavigationContent\">\r\n                    <img decoding=\"async\" src=\"https:\/\/talkpal.ai\/wp-content\/uploads\/2024\/08\/Chinese.jpg\" alt=\"Chinese Flag\u00a0\">\r\n                    <div>\r\n                        <h4>Maidir le Foghlaim na S\u00edne<\/h4>\r\n                        <p>Faigh amach gach rud faoi ghramadach na S\u00edne.<\/p>\r\n                    <\/div>\r\n                <\/div>\r\n            <\/div>\r\n        <\/a>\r\n\r\n        \r\n        <a href=\"https:\/\/talkpal.ai\/ga\/gramadach-na-sine\/\">\r\n            <div class=\"learnNavigationWrapper\">\r\n                <div class=\"learnNavigationContent\">\r\n                    <img decoding=\"async\" src=\"https:\/\/talkpal.ai\/wp-content\/uploads\/2024\/08\/Chinese.jpg\" alt=\"Chinese Flag\u00a0\">\r\n                    <div>\r\n                        <h4>Ceachtanna Gramada\u00ed na S\u00edne<\/h4>\r\n                        <p>Cleachtadh gramadach na S\u00edne.<\/p>\r\n                    <\/div>\r\n                <\/div>\r\n            <\/div>\r\n        <\/a>\r\n\r\n        \r\n        <a href=\"https:\/\/talkpal.ai\/vocabulary_language\/chinese\/\">\r\n            <div class=\"learnNavigationWrapper\">\r\n                <div class=\"learnNavigationContent\">\r\n                    <img decoding=\"async\" src=\"https:\/\/talkpal.ai\/wp-content\/uploads\/2024\/08\/Chinese.jpg\" alt=\"Chinese Flag\u00a0\">\r\n                    <div>\r\n                        <h4>St\u00f3r Focal na S\u00edne<\/h4>\r\n                        <p>Leathnaigh do st\u00f3r focal S\u00ednise.<\/p>\r\n                    <\/div>\r\n                <\/div>\r\n            <\/div>\r\n        <\/a>\r\n\r\n            <\/section>","protected":false},"excerpt":{"rendered":"<p>Topaic\u00ed Gramada\u00ed na S\u00edne B&#8217;fh\u00e9idir go bhfuil gramadach na S\u00edne imeaglaithe ar dt\u00fas, ach t\u00e1 s\u00e9 riachtanach chun m\u00e1istreacht a fh\u00e1il ar an teanga. Lena ch\u00f3ras carachtar uath\u00fail agus n\u00e1d\u00far ton\u00fail, leanann gramadach na S\u00edne sraith rialacha difri\u00fala n\u00e1 teangacha cos\u00fail leis an mB\u00e9arla. Cabhr\u00f3idh foghlaim na rialacha seo sa seicheamh ceart leat dul chun [&hellip;]<\/p>\n","protected":false},"author":6,"featured_media":1441643,"parent":0,"menu_order":0,"comment_status":"closed","ping_status":"closed","template":"LearningContentPage.php","meta":{"_acf_changed":false,"footnotes":""},"class_list":["post-1446578","page","type-page","status-publish","has-post-thumbnail","hentry"],"acf":[],"yoast_head":"<!-- This site is optimized with the Yoast SEO Premium plugin v27.2 (Yoast SEO v27.2) - https:\/\/yoast.com\/product\/yoast-seo-premium-wordpress\/ -->\n<title>Cleachta\u00ed Gramada\u00ed na S\u00ednise - Talkpal<\/title>\n<meta name=\"description\" content=\"M\u00e1istir gramadach na S\u00edne len\u00e1r dtreoir chuimsitheach a chl\u00fada\u00edonn aimsir, briathra, agus n\u00edos m\u00f3 chun do scileanna teanga a fheabhs\u00fa.\" \/>\n<meta name=\"robots\" content=\"index, follow, max-snippet:-1, max-image-preview:large, max-video-preview:-1\" \/>\n<link rel=\"canonical\" href=\"https:\/\/talkpal.ai\/ga\/cleachtai-gramadai-na-sinise\/\" \/>\n<meta property=\"og:locale\" content=\"ga_IE\" \/>\n<meta property=\"og:type\" content=\"article\" \/>\n<meta property=\"og:title\" content=\"Cleachta\u00ed Gramada\u00ed na S\u00ednise\" \/>\n<meta property=\"og:description\" content=\"Topaic\u00ed Gramada\u00ed na S\u00edne B&#039;fh\u00e9idir go bhfuil gramadach na S\u00edne imeaglaithe ar dt\u00fas, ach t\u00e1 s\u00e9 riachtanach chun m\u00e1istreacht a fh\u00e1il ar an teanga. Lena\" \/>\n<meta property=\"og:url\" content=\"https:\/\/talkpal.ai\/ga\/cleachtai-gramadai-na-sinise\/\" \/>\n<meta property=\"og:site_name\" content=\"Talkpal\" \/>\n<meta property=\"article:publisher\" content=\"https:\/\/www.facebook.com\/profile.php?id=100090733639311\" \/>\n<meta property=\"article:modified_time\" content=\"2025-09-06T20:57:54+00:00\" \/>\n<meta property=\"og:image\" content=\"https:\/\/talkpal.ai\/wp-content\/uploads\/2023\/04\/china.png\" \/>\n\t<meta property=\"og:image:width\" content=\"512\" \/>\n\t<meta property=\"og:image:height\" content=\"512\" \/>\n\t<meta property=\"og:image:type\" content=\"image\/png\" \/>\n<meta name=\"twitter:card\" content=\"summary_large_image\" \/>\n<meta name=\"twitter:site\" content=\"@talkpalai\" \/>\n<meta name=\"twitter:label1\" content=\"Est. reading time\" \/>\n\t<meta name=\"twitter:data1\" content=\"4 minutes\" \/>\n<script type=\"application\/ld+json\" class=\"yoast-schema-graph\">{\"@context\":\"https:\/\/schema.org\",\"@graph\":[{\"@type\":\"WebPage\",\"@id\":\"https:\/\/talkpal.ai\/ga\/cleachtai-gramadai-na-sinise\/\",\"url\":\"https:\/\/talkpal.ai\/ga\/cleachtai-gramadai-na-sinise\/\",\"name\":\"Cleachta\u00ed Gramada\u00ed na S\u00ednise - Talkpal\",\"isPartOf\":{\"@id\":\"https:\/\/talkpal.ai\/ga\/#website\"},\"primaryImageOfPage\":{\"@id\":\"https:\/\/talkpal.ai\/ga\/cleachtai-gramadai-na-sinise\/#primaryimage\"},\"image\":{\"@id\":\"https:\/\/talkpal.ai\/ga\/cleachtai-gramadai-na-sinise\/#primaryimage\"},\"thumbnailUrl\":\"https:\/\/talkpal.ai\/wp-content\/uploads\/2023\/04\/china.png\",\"datePublished\":\"2023-06-16T09:39:29+00:00\",\"dateModified\":\"2025-09-06T20:57:54+00:00\",\"description\":\"M\u00e1istir gramadach na S\u00edne len\u00e1r dtreoir chuimsitheach a chl\u00fada\u00edonn aimsir, briathra, agus n\u00edos m\u00f3 chun do scileanna teanga a fheabhs\u00fa.\",\"breadcrumb\":{\"@id\":\"https:\/\/talkpal.ai\/ga\/cleachtai-gramadai-na-sinise\/#breadcrumb\"},\"inLanguage\":\"ga-IE\",\"potentialAction\":[{\"@type\":\"ReadAction\",\"target\":[\"https:\/\/talkpal.ai\/ga\/cleachtai-gramadai-na-sinise\/\"]}]},{\"@type\":\"ImageObject\",\"inLanguage\":\"ga-IE\",\"@id\":\"https:\/\/talkpal.ai\/ga\/cleachtai-gramadai-na-sinise\/#primaryimage\",\"url\":\"https:\/\/talkpal.ai\/wp-content\/uploads\/2023\/04\/china.png\",\"contentUrl\":\"https:\/\/talkpal.ai\/wp-content\/uploads\/2023\/04\/china.png\",\"width\":512,\"height\":512,\"caption\":\"TalkPal Catalan Flag\"},{\"@type\":\"BreadcrumbList\",\"@id\":\"https:\/\/talkpal.ai\/ga\/cleachtai-gramadai-na-sinise\/#breadcrumb\",\"itemListElement\":[{\"@type\":\"ListItem\",\"position\":1,\"name\":\"Homepage\",\"item\":\"https:\/\/talkpal.ai\/ga\/\"},{\"@type\":\"ListItem\",\"position\":2,\"name\":\"Cleachta\u00ed Gramada\u00ed na S\u00ednise\"}]},{\"@type\":\"WebSite\",\"@id\":\"https:\/\/talkpal.ai\/ga\/#website\",\"url\":\"https:\/\/talkpal.ai\/ga\/\",\"name\":\"Talkpal\",\"description\":\"AI Language Learning\",\"publisher\":{\"@id\":\"https:\/\/talkpal.ai\/ga\/#organization\"},\"alternateName\":\"Talkpal AI\",\"potentialAction\":[{\"@type\":\"SearchAction\",\"target\":{\"@type\":\"EntryPoint\",\"urlTemplate\":\"https:\/\/talkpal.ai\/ga\/?s={search_term_string}\"},\"query-input\":{\"@type\":\"PropertyValueSpecification\",\"valueRequired\":true,\"valueName\":\"search_term_string\"}}],\"inLanguage\":\"ga-IE\"},{\"@type\":\"Organization\",\"@id\":\"https:\/\/talkpal.ai\/ga\/#organization\",\"name\":\"Talkpal, Inc.\",\"alternateName\":\"Talkpal AI\",\"url\":\"https:\/\/talkpal.ai\/ga\/\",\"logo\":{\"@type\":\"ImageObject\",\"inLanguage\":\"ga-IE\",\"@id\":\"https:\/\/talkpal.ai\/ga\/#\/schema\/logo\/image\/\",\"url\":\"https:\/\/talkpal.ai\/wp-content\/uploads\/2024\/03\/Talkpal-Logo-Icon.png\",\"contentUrl\":\"https:\/\/talkpal.ai\/wp-content\/uploads\/2024\/03\/Talkpal-Logo-Icon.png\",\"width\":2880,\"height\":2880,\"caption\":\"Talkpal, Inc.\"},\"image\":{\"@id\":\"https:\/\/talkpal.ai\/ga\/#\/schema\/logo\/image\/\"},\"sameAs\":[\"https:\/\/www.facebook.com\/profile.php?id=100090733639311\",\"https:\/\/x.com\/talkpalai\",\"https:\/\/www.linkedin.com\/company\/talkpal\/\",\"https:\/\/www.youtube.com\/@TalkPal\/\",\"https:\/\/www.tiktok.com\/@talkpal\",\"https:\/\/www.instagram.com\/talkpal_ai\/\",\"https:\/\/www.crunchbase.com\/organization\/talkpal-9cde\",\"https:\/\/www.g2.com\/products\/talkpal-for-business\/\",\"https:\/\/www.trustpilot.com\/review\/talkpal.ai\",\"https:\/\/www.capterra.com\/p\/10006800\/TalkPal\/\"],\"description\":\"Talkpal is a language learning web and mobile education app, powered by the latest AI technologies, that provides engaging experiences to its customers in many different languages to help them improve their language skills. Users can chat about unlimited amount of topics with the app and use other modes to practice their language learning.\",\"email\":\"support@talkpal.ai\",\"legalName\":\"Talkpal, Inc.\",\"foundingDate\":\"2023-04-03\",\"duns\":\"118989042\",\"numberOfEmployees\":{\"@type\":\"QuantitativeValue\",\"minValue\":\"11\",\"maxValue\":\"50\"},\"publishingPrinciples\":\"https:\/\/talkpal.ai\/publishing-principles\/\",\"actionableFeedbackPolicy\":\"https:\/\/talkpal.ai\/actionable-feedback-policy\/\",\"correctionsPolicy\":\"https:\/\/talkpal.ai\/corrections-policy\/\",\"ethicsPolicy\":\"https:\/\/talkpal.ai\/ethics-policy\/\",\"diversityPolicy\":\"https:\/\/talkpal.ai\/diversity-policy\/\",\"diversityStaffingReport\":\"https:\/\/talkpal.ai\/diversity-policy\/\"}]}<\/script>\n<!-- \/ Yoast SEO Premium plugin. -->","yoast_head_json":{"title":"Cleachta\u00ed Gramada\u00ed na S\u00ednise - Talkpal","description":"M\u00e1istir gramadach na S\u00edne len\u00e1r dtreoir chuimsitheach a chl\u00fada\u00edonn aimsir, briathra, agus n\u00edos m\u00f3 chun do scileanna teanga a fheabhs\u00fa.","robots":{"index":"index","follow":"follow","max-snippet":"max-snippet:-1","max-image-preview":"max-image-preview:large","max-video-preview":"max-video-preview:-1"},"canonical":"https:\/\/talkpal.ai\/ga\/cleachtai-gramadai-na-sinise\/","og_locale":"ga_IE","og_type":"article","og_title":"Cleachta\u00ed Gramada\u00ed na S\u00ednise","og_description":"Topaic\u00ed Gramada\u00ed na S\u00edne B'fh\u00e9idir go bhfuil gramadach na S\u00edne imeaglaithe ar dt\u00fas, ach t\u00e1 s\u00e9 riachtanach chun m\u00e1istreacht a fh\u00e1il ar an teanga. Lena","og_url":"https:\/\/talkpal.ai\/ga\/cleachtai-gramadai-na-sinise\/","og_site_name":"Talkpal","article_publisher":"https:\/\/www.facebook.com\/profile.php?id=100090733639311","article_modified_time":"2025-09-06T20:57:54+00:00","og_image":[{"width":512,"height":512,"url":"https:\/\/talkpal.ai\/wp-content\/uploads\/2023\/04\/china.png","type":"image\/png"}],"twitter_card":"summary_large_image","twitter_site":"@talkpalai","twitter_misc":{"Est. reading time":"4 minutes"},"schema":{"@context":"https:\/\/schema.org","@graph":[{"@type":"WebPage","@id":"https:\/\/talkpal.ai\/ga\/cleachtai-gramadai-na-sinise\/","url":"https:\/\/talkpal.ai\/ga\/cleachtai-gramadai-na-sinise\/","name":"Cleachta\u00ed Gramada\u00ed na S\u00ednise - Talkpal","isPartOf":{"@id":"https:\/\/talkpal.ai\/ga\/#website"},"primaryImageOfPage":{"@id":"https:\/\/talkpal.ai\/ga\/cleachtai-gramadai-na-sinise\/#primaryimage"},"image":{"@id":"https:\/\/talkpal.ai\/ga\/cleachtai-gramadai-na-sinise\/#primaryimage"},"thumbnailUrl":"https:\/\/talkpal.ai\/wp-content\/uploads\/2023\/04\/china.png","datePublished":"2023-06-16T09:39:29+00:00","dateModified":"2025-09-06T20:57:54+00:00","description":"M\u00e1istir gramadach na S\u00edne len\u00e1r dtreoir chuimsitheach a chl\u00fada\u00edonn aimsir, briathra, agus n\u00edos m\u00f3 chun do scileanna teanga a fheabhs\u00fa.","breadcrumb":{"@id":"https:\/\/talkpal.ai\/ga\/cleachtai-gramadai-na-sinise\/#breadcrumb"},"inLanguage":"ga-IE","potentialAction":[{"@type":"ReadAction","target":["https:\/\/talkpal.ai\/ga\/cleachtai-gramadai-na-sinise\/"]}]},{"@type":"ImageObject","inLanguage":"ga-IE","@id":"https:\/\/talkpal.ai\/ga\/cleachtai-gramadai-na-sinise\/#primaryimage","url":"https:\/\/talkpal.ai\/wp-content\/uploads\/2023\/04\/china.png","contentUrl":"https:\/\/talkpal.ai\/wp-content\/uploads\/2023\/04\/china.png","width":512,"height":512,"caption":"TalkPal Catalan Flag"},{"@type":"BreadcrumbList","@id":"https:\/\/talkpal.ai\/ga\/cleachtai-gramadai-na-sinise\/#breadcrumb","itemListElement":[{"@type":"ListItem","position":1,"name":"Homepage","item":"https:\/\/talkpal.ai\/ga\/"},{"@type":"ListItem","position":2,"name":"Cleachta\u00ed Gramada\u00ed na S\u00ednise"}]},{"@type":"WebSite","@id":"https:\/\/talkpal.ai\/ga\/#website","url":"https:\/\/talkpal.ai\/ga\/","name":"Talkpal","description":"AI Language Learning","publisher":{"@id":"https:\/\/talkpal.ai\/ga\/#organization"},"alternateName":"Talkpal AI","potentialAction":[{"@type":"SearchAction","target":{"@type":"EntryPoint","urlTemplate":"https:\/\/talkpal.ai\/ga\/?s={search_term_string}"},"query-input":{"@type":"PropertyValueSpecification","valueRequired":true,"valueName":"search_term_string"}}],"inLanguage":"ga-IE"},{"@type":"Organization","@id":"https:\/\/talkpal.ai\/ga\/#organization","name":"Talkpal, Inc.","alternateName":"Talkpal AI","url":"https:\/\/talkpal.ai\/ga\/","logo":{"@type":"ImageObject","inLanguage":"ga-IE","@id":"https:\/\/talkpal.ai\/ga\/#\/schema\/logo\/image\/","url":"https:\/\/talkpal.ai\/wp-content\/uploads\/2024\/03\/Talkpal-Logo-Icon.png","contentUrl":"https:\/\/talkpal.ai\/wp-content\/uploads\/2024\/03\/Talkpal-Logo-Icon.png","width":2880,"height":2880,"caption":"Talkpal, Inc."},"image":{"@id":"https:\/\/talkpal.ai\/ga\/#\/schema\/logo\/image\/"},"sameAs":["https:\/\/www.facebook.com\/profile.php?id=100090733639311","https:\/\/x.com\/talkpalai","https:\/\/www.linkedin.com\/company\/talkpal\/","https:\/\/www.youtube.com\/@TalkPal\/","https:\/\/www.tiktok.com\/@talkpal","https:\/\/www.instagram.com\/talkpal_ai\/","https:\/\/www.crunchbase.com\/organization\/talkpal-9cde","https:\/\/www.g2.com\/products\/talkpal-for-business\/","https:\/\/www.trustpilot.com\/review\/talkpal.ai","https:\/\/www.capterra.com\/p\/10006800\/TalkPal\/"],"description":"Talkpal is a language learning web and mobile education app, powered by the latest AI technologies, that provides engaging experiences to its customers in many different languages to help them improve their language skills. Users can chat about unlimited amount of topics with the app and use other modes to practice their language learning.","email":"support@talkpal.ai","legalName":"Talkpal, Inc.","foundingDate":"2023-04-03","duns":"118989042","numberOfEmployees":{"@type":"QuantitativeValue","minValue":"11","maxValue":"50"},"publishingPrinciples":"https:\/\/talkpal.ai\/publishing-principles\/","actionableFeedbackPolicy":"https:\/\/talkpal.ai\/actionable-feedback-policy\/","correctionsPolicy":"https:\/\/talkpal.ai\/corrections-policy\/","ethicsPolicy":"https:\/\/talkpal.ai\/ethics-policy\/","diversityPolicy":"https:\/\/talkpal.ai\/diversity-policy\/","diversityStaffingReport":"https:\/\/talkpal.ai\/diversity-policy\/"}]}},"_links":{"self":[{"href":"https:\/\/talkpal.ai\/ga\/wp-json\/wp\/v2\/pages\/1446578","targetHints":{"allow":["GET"]}}],"collection":[{"href":"https:\/\/talkpal.ai\/ga\/wp-json\/wp\/v2\/pages"}],"about":[{"href":"https:\/\/talkpal.ai\/ga\/wp-json\/wp\/v2\/types\/page"}],"author":[{"embeddable":true,"href":"https:\/\/talkpal.ai\/ga\/wp-json\/wp\/v2\/users\/6"}],"replies":[{"embeddable":true,"href":"https:\/\/talkpal.ai\/ga\/wp-json\/wp\/v2\/comments?post=1446578"}],"version-history":[{"count":0,"href":"https:\/\/talkpal.ai\/ga\/wp-json\/wp\/v2\/pages\/1446578\/revisions"}],"wp:featuredmedia":[{"embeddable":true,"href":"https:\/\/talkpal.ai\/ga\/wp-json\/wp\/v2\/media\/1441643"}],"wp:attachment":[{"href":"https:\/\/talkpal.ai\/ga\/wp-json\/wp\/v2\/media?parent=1446578"}],"curies":[{"name":"wp","href":"https:\/\/api.w.org\/{rel}","templated":true}]}}