{"id":1446574,"date":"2023-06-16T10:07:13","date_gmt":"2023-06-16T10:07:13","guid":{"rendered":"https:\/\/talkpal.ai\/cleachtai-gramadai-na-fionlainnise\/"},"modified":"2025-12-17T15:32:44","modified_gmt":"2025-12-17T15:32:44","slug":"cleachtai-gramadai-na-fionlainnise","status":"publish","type":"page","link":"https:\/\/talkpal.ai\/ga\/cleachtai-gramadai-na-fionlainnise\/","title":{"rendered":"Cleachta\u00ed Gramada\u00ed na Fionlainnise"},"content":{"rendered":"\r\n\r\n\r\n<section class=\"languageChallengeSection\">\r\n    <div class=\"languageInfoWrapper\">\r\n        \r\n        <h1>Cleachta\u00ed Gramada\u00ed na Fionlainnise<\/h1>\r\n        <p>R\u00e9idh le dul i ngleic le strucht\u00far uath\u00fail na Fionlainnise? Is bealach iontach \u00e9 cleachta\u00ed gramada\u00ed a chleachtadh chun a bheith compordach le foircinn focal, c\u00e1sanna, agus patr\u00fain abairt\u00ed a dh\u00e9anann an Fhionlainnis speisialta. L\u00e9im isteach i ngramadach na Fionlainne inniu agus f\u00e9ach go bhf\u00e1sann do scileanna agus do mhuin\u00edn le gach cleachtadh!<\/p>\r\n\r\n                            <a class=\"getStartedHidden\" href=\"https:\/\/app.talkpal.ai\/signup?lng=\">Tosaigh<\/a>\r\n        \r\n    <\/div>\r\n\r\n    <figure>\r\n    <img decoding=\"async\" width=\"768\" height=\"768\" src=\"https:\/\/talkpal.ai\/wp-content\/uploads\/2023\/06\/Finnish-768x768.png\" class=\"languageImage no-lazy\" alt=\"Develop your language aptitude learning\" fetchpriority=\"high\" sizes=\"(max-width: 768px) 150px, 768px\" srcset=\"https:\/\/talkpal.ai\/wp-content\/uploads\/2023\/06\/Finnish-768x768.png 768w, https:\/\/talkpal.ai\/wp-content\/uploads\/2023\/06\/Finnish-300x300.png 300w\" \/>\r\n    \r\n\r\n    <\/figure>\r\n\r\n            <a class=\"getStartedVisible\" href=\"https:\/\/app.talkpal.ai\/signup?lng=\">Tosaigh<\/a>\r\n    \r\n<\/section>\r\n\r\n\r\n<!-- <section class=\"grammarSection\">\r\n    <div class=\"grammarLinks\">\r\n            <\/div>\r\n<\/section> -->\r\n\r\n\r\n\r\n\r\n<section class=\"promotionalBanner\">\r\n    <p class=\"promotionalText\">An bealach is \u00e9ifeachta\u00ed le teanga a fhoghlaim<\/p>\r\n    <a class=\"promotionalLink\" href=\"https:\/\/app.talkpal.ai\/signup?lng=\">Bain triail as Talkpal saor in aisce<\/a>\r\n<\/section>\n<div class=\"wp-block-group pageContainerStyle\"><div class=\"wp-block-group__inner-container is-layout-constrained wp-block-group-is-layout-constrained\">\n<h2 class=\"wp-block-heading\" id=\"h-finnish-grammar-topics\">Topaic\u00ed Gramada\u00ed na Fionlainne<\/h2>\n\n\n\n<p>Is eisp\u00e9ireas luachmhar \u00e9 Foghlaim na Fionlainne a bheith ina eisp\u00e9ireas luachmhar do dh\u00edograiseoir\u00ed teanga, mar is teanga uath\u00fail agus suimi\u00fail \u00ed le stair shaibhir chult\u00fartha. D&#8217;fh\u00e9adfadh <a href=\"https:\/\/talkpal.ai\/finnish-grammar\/\">gramadach na Fionlainne<\/a> a bheith d\u00fashl\u00e1nach ar dt\u00fas, ach le cur chuige c\u00f3rasach agus f\u00f3cas ar na topaic\u00ed riachtanacha, is f\u00e9idir leat dul chun cinn seasta a dh\u00e9anamh agus sa deireadh a bheith l\u00edofa sa teanga \u00e1lainn seo. Sa treoir seo, pl\u00e9ifimid topaic\u00ed <a href=\"https:\/\/talkpal.ai\/ga\/cleachtai-gramadai-na-hisiltire\/\">gramada\u00ed na<\/a> Fionlainne i seicheamh a chabhr\u00f3idh leat an teanga a fhoghlaim go h\u00e9ifeachtach, ag cl\u00fadach aims\u00ed, briathra, ainmfhocail, ailt, aidiachta\u00ed, adverbs, postpositions, agus strucht\u00far abairte.<\/p>\n\n\n\n<h3 class=\"wp-block-heading\" id=\"h-1-nouns\">1. Ainmfhocail:<\/h3>\n\n\n\n<p>Tosaigh ag foghlaim ainmfhocail Fionlainnise, mar go bhfuil siad mar bhun\u00fas le t\u00f3g\u00e1il abairt\u00ed. T\u00e1 15 ch\u00e1s ag ainmfhocail na Fionlainne, at\u00e1 riachtanach chun strucht\u00far na teanga a thuiscint. Cuir eolas ar na c\u00e1sanna ainmfhocail \u00e9ags\u00fala agus a r\u00f3il in abairt.<\/p>\n\n\n\n<h3 class=\"wp-block-heading\" id=\"h-2-articles\">2. Airteagail:<\/h3>\n\n\n\n<p>N\u00edl ailt ar n\u00f3s &#8220;the&#8221; n\u00f3 &#8220;a&#8221; i mB\u00e9arla ag an bhFionlainnis, rud a fh\u00e1gann go bhfuil s\u00e9 n\u00edos \u00e9asca d&#8217;fhoghlaimeoir\u00ed. Ina \u00e1it sin, is \u00e9 an comhth\u00e9acs agus na cr\u00edocha c\u00e1is a chinneann br\u00ed ainmfhocail.<\/p>\n\n\n\n<h3 class=\"wp-block-heading\" id=\"h-3-adjectives\">3. Aidiachta\u00ed:<\/h3>\n\n\n\n<p>D\u00e9anann aidiachta\u00ed cur s\u00edos ar ainmfhocail agus aonta\u00edonn siad leo i gc\u00e1s agus uimhir. Foghlaim conas aidiachta\u00ed a fhoirmi\u00fa agus a \u00fas\u00e1id chun do chuid abairt\u00ed a dh\u00e9anamh n\u00edos tuairisci\u00fala agus n\u00edos l\u00e9iri\u00fala.<\/p>\n\n\n\n<h3 class=\"wp-block-heading\" id=\"h-4-verbs\">4. Briathra:<\/h3>\n\n\n\n<p>T\u00e1 briathra na Fionlainne r\u00edth\u00e1bhachtach chun gn\u00edomhartha agus st\u00e1it a <a href=\"https:\/\/talkpal.ai\/locations\/language-courses-in-chur\/\">chur<\/a> in i\u00fal. Cuir eolas ar na patr\u00fain bhun\u00fasacha comhchuingithe briathar agus na briathra neamhrialta is coitianta.<\/p>\n\n\n\n<h3 class=\"wp-block-heading\" id=\"h-5-tenses-indicative\">5. Aimsir T\u00e1scach:<\/h3>\n\n\n\n<p>Tuiscint a fh\u00e1il ar an gi\u00famar t\u00e1scach, a \u00fas\u00e1idtear chun r\u00e1itis, f\u00edric\u00ed agus tuairim\u00ed a chur in i\u00fal. T\u00e1 ceithre phr\u00edomhaimsir ag an bhFionlainnis sa ghi\u00famar t\u00e1scach: l\u00e1ithreach, am at\u00e1 caite (neamhfhoirfe), foirfe, agus plufoirfe. Foghlaim conas na aimsir seo a fhoirmi\u00fa agus a \u00fas\u00e1id i gceart.<\/p>\n\n\n\n<h3 class=\"wp-block-heading\" id=\"h-6-tenses-potential\">6. Aimsir Poit\u00e9inseal :<\/h3>\n\n\n\n<p>\u00das\u00e1idtear an gi\u00famar f\u00e9ideartha chun f\u00e9idearthacht, d\u00f3ch\u00falacht n\u00f3 amhras a chur in i\u00fal. T\u00e1 dh\u00e1 aimsir aige: acmhainneacht l\u00e1ithreach agus poit\u00e9inseal san am at\u00e1 caite. Foghlaim conas na haisir\u00ed seo a fhoirmi\u00fa agus a \u00fas\u00e1id chun nuance a chur le do chuid abairt\u00ed.<\/p>\n\n\n\n<h3 class=\"wp-block-heading\" id=\"h-7-tenses-imperative\">7. Aimsir Riachtanach:<\/h3>\n\n\n\n<p>\u00das\u00e1idtear an gi\u00famar riachtanach chun orduithe a thabhairt agus iarratais a dh\u00e9anamh. Foghlaim conas an riachtanas a fhoirmi\u00fa i bhFionlainnis agus \u00e9 a \u00fas\u00e1id go cu\u00ed i gc\u00e1sanna \u00e9ags\u00fala.<\/p>\n\n\n\n<h3 class=\"wp-block-heading\" id=\"h-8-tense-comparison\">8. Compar\u00e1id aimsire:<\/h3>\n\n\n\n<p>Tuiscint a fh\u00e1il ar conas aimsir agus gi\u00famar \u00e9ags\u00fala a chur i gcompar\u00e1id sa Fhionlainnis. Cuirfidh an scil seo ar do chumas smaointe casta agus caidrimh idir imeachta\u00ed a chur in i\u00fal.<\/p>\n\n\n\n<h3 class=\"wp-block-heading\" id=\"h-9-adverbs\">9. Adverbs:<\/h3>\n\n\n\n<p>Modhna\u00edonn adverbs briathra, aidiachta\u00ed n\u00f3 adverbs eile, ag sol\u00e1thar faisn\u00e9ise breise faoi ghn\u00edomhartha n\u00f3 c\u00e1il\u00edochta\u00ed. Foghlaim na cine\u00e1lacha \u00e9ags\u00fala adverbs agus conas iad a \u00fas\u00e1id go h\u00e9ifeachtach i do chuid abairt\u00ed.<\/p>\n\n\n\n<h3 class=\"wp-block-heading\" id=\"h-10-postpositions\">10. Poist:<\/h3>\n\n\n\n<p>\u00das\u00e1ideann an Fhionlainnis postpositions in ionad r\u00e9amhfhocail chun caidrimh idir focail a chur in i\u00fal. Foghlaim na postpositions is coitianta agus conas a fheidhm\u00edonn siad in abairt.<\/p>\n\n\n\n<h3 class=\"wp-block-heading\" id=\"h-11-sentence-structure\">11. Strucht\u00far na habairte:<\/h3>\n\n\n\n<p>Ar deireadh, d\u00e9an staid\u00e9ar ar strucht\u00far bun\u00fasach abairte na Fionlainnise, a leanann an patr\u00fan \u00e1bhar-briathar-r\u00e9ad (SVO). Foghlaim conas abairt\u00ed simpl\u00ed agus casta a chruth\u00fa ag baint \u00fas\u00e1ide as na topaic\u00ed gramada\u00ed at\u00e1 foghlamtha agat agus cleachtadh a dh\u00e9anamh orthu a chomhcheangal chun do chuid smaointe a chur in i\u00fal go cruinn agus go l\u00edofa.<\/p>\n<\/div><\/div>\n\r\n<section class=\"learnNavigationSection\">\r\n            \r\n        <a href=\"https:\/\/talkpal.ai\/ga\/foghlaim-fionlainnis\/\">\r\n            <div class=\"learnNavigationWrapper\">\r\n                <div class=\"learnNavigationContent\">\r\n                    <img decoding=\"async\" src=\"https:\/\/talkpal.ai\/wp-content\/uploads\/2024\/08\/Finnish.jpg\" alt=\"Finnish Flag\">\r\n                    <div>\r\n                        <h4>Maidir le Foghlaim na Fionlainne<\/h4>\r\n                        <p>Faigh amach gach rud faoi ghramadach na Fionlainne.<\/p>\r\n                    <\/div>\r\n                <\/div>\r\n            <\/div>\r\n        <\/a>\r\n\r\n        \r\n        <a href=\"https:\/\/talkpal.ai\/ga\/gramadach-na-fionlainne\/\">\r\n            <div class=\"learnNavigationWrapper\">\r\n                <div class=\"learnNavigationContent\">\r\n                    <img decoding=\"async\" src=\"https:\/\/talkpal.ai\/wp-content\/uploads\/2024\/08\/Finnish.jpg\" alt=\"Finnish Flag\">\r\n                    <div>\r\n                        <h4>Ceachtanna Gramada\u00ed na Fionlainne<\/h4>\r\n                        <p>Cleachtadh gramadach na Fionlainne.<\/p>\r\n                    <\/div>\r\n                <\/div>\r\n            <\/div>\r\n        <\/a>\r\n\r\n        \r\n        <a href=\"https:\/\/talkpal.ai\/vocabulary_language\/finnish\/\">\r\n            <div class=\"learnNavigationWrapper\">\r\n                <div class=\"learnNavigationContent\">\r\n                    <img decoding=\"async\" src=\"https:\/\/talkpal.ai\/wp-content\/uploads\/2024\/08\/Finnish.jpg\" alt=\"Finnish Flag\">\r\n                    <div>\r\n                        <h4>St\u00f3r focal na Fionlainne<\/h4>\r\n                        <p>Leathnaigh do st\u00f3r focal Fionlainnise.<\/p>\r\n                    <\/div>\r\n                <\/div>\r\n            <\/div>\r\n        <\/a>\r\n\r\n            <\/section>\n<p><\/p>\n","protected":false},"excerpt":{"rendered":"<p>Topaic\u00ed Gramada\u00ed na Fionlainne Is eisp\u00e9ireas luachmhar \u00e9 Foghlaim na Fionlainne a bheith ina eisp\u00e9ireas luachmhar do dh\u00edograiseoir\u00ed teanga, mar is teanga uath\u00fail agus suimi\u00fail \u00ed le stair shaibhir chult\u00fartha. D&#8217;fh\u00e9adfadh gramadach na Fionlainne a bheith d\u00fashl\u00e1nach ar dt\u00fas, ach le cur chuige c\u00f3rasach agus f\u00f3cas ar na topaic\u00ed riachtanacha, is f\u00e9idir leat dul chun [&hellip;]<\/p>\n","protected":false},"author":6,"featured_media":1441636,"parent":0,"menu_order":0,"comment_status":"closed","ping_status":"closed","template":"LearningContentPage.php","meta":{"_acf_changed":false,"footnotes":""},"class_list":["post-1446574","page","type-page","status-publish","has-post-thumbnail","hentry"],"acf":[],"yoast_head":"<!-- This site is optimized with the Yoast SEO Premium plugin v27.2 (Yoast SEO v27.2) - https:\/\/yoast.com\/product\/yoast-seo-premium-wordpress\/ -->\n<title>Cleachta\u00ed Gramada\u00ed na Fionlainnise - Talkpal<\/title>\n<meta name=\"description\" content=\"Cleachtadh agus feabhas a chur ar do scileanna gramada\u00ed Fionlainne leis na cleachta\u00ed idirghn\u00edomhacha agus \u00e9ifeachtacha seo. Oiri\u00fanach do gach leibh\u00e9al foghlama.\" \/>\n<meta name=\"robots\" content=\"index, follow, max-snippet:-1, max-image-preview:large, max-video-preview:-1\" \/>\n<link rel=\"canonical\" href=\"https:\/\/talkpal.ai\/ga\/cleachtai-gramadai-na-fionlainnise\/\" \/>\n<meta property=\"og:locale\" content=\"ga_IE\" \/>\n<meta property=\"og:type\" content=\"article\" \/>\n<meta property=\"og:title\" content=\"Cleachta\u00ed Gramada\u00ed na Fionlainnise\" \/>\n<meta property=\"og:description\" content=\"Topaic\u00ed Gramada\u00ed na Fionlainne Is eisp\u00e9ireas luachmhar \u00e9 Foghlaim na Fionlainne a bheith ina eisp\u00e9ireas luachmhar do dh\u00edograiseoir\u00ed teanga, mar is teanga\" \/>\n<meta property=\"og:url\" content=\"https:\/\/talkpal.ai\/ga\/cleachtai-gramadai-na-fionlainnise\/\" \/>\n<meta property=\"og:site_name\" content=\"Talkpal\" \/>\n<meta property=\"article:publisher\" content=\"https:\/\/www.facebook.com\/profile.php?id=100090733639311\" \/>\n<meta property=\"article:modified_time\" content=\"2025-12-17T15:32:44+00:00\" \/>\n<meta property=\"og:image\" content=\"https:\/\/talkpal.ai\/wp-content\/uploads\/2023\/04\/finland.png\" \/>\n\t<meta property=\"og:image:width\" content=\"512\" \/>\n\t<meta property=\"og:image:height\" content=\"512\" \/>\n\t<meta property=\"og:image:type\" content=\"image\/png\" \/>\n<meta name=\"twitter:card\" content=\"summary_large_image\" \/>\n<meta name=\"twitter:site\" content=\"@talkpalai\" \/>\n<meta name=\"twitter:label1\" content=\"Est. reading time\" \/>\n\t<meta name=\"twitter:data1\" content=\"3 minutes\" \/>\n<script type=\"application\/ld+json\" class=\"yoast-schema-graph\">{\"@context\":\"https:\/\/schema.org\",\"@graph\":[{\"@type\":\"WebPage\",\"@id\":\"https:\/\/talkpal.ai\/ga\/cleachtai-gramadai-na-fionlainnise\/\",\"url\":\"https:\/\/talkpal.ai\/ga\/cleachtai-gramadai-na-fionlainnise\/\",\"name\":\"Cleachta\u00ed Gramada\u00ed na Fionlainnise - Talkpal\",\"isPartOf\":{\"@id\":\"https:\/\/talkpal.ai\/ga\/#website\"},\"primaryImageOfPage\":{\"@id\":\"https:\/\/talkpal.ai\/ga\/cleachtai-gramadai-na-fionlainnise\/#primaryimage\"},\"image\":{\"@id\":\"https:\/\/talkpal.ai\/ga\/cleachtai-gramadai-na-fionlainnise\/#primaryimage\"},\"thumbnailUrl\":\"https:\/\/talkpal.ai\/wp-content\/uploads\/2023\/04\/finland.png\",\"datePublished\":\"2023-06-16T10:07:13+00:00\",\"dateModified\":\"2025-12-17T15:32:44+00:00\",\"description\":\"Cleachtadh agus feabhas a chur ar do scileanna gramada\u00ed Fionlainne leis na cleachta\u00ed idirghn\u00edomhacha agus \u00e9ifeachtacha seo. Oiri\u00fanach do gach leibh\u00e9al foghlama.\",\"breadcrumb\":{\"@id\":\"https:\/\/talkpal.ai\/ga\/cleachtai-gramadai-na-fionlainnise\/#breadcrumb\"},\"inLanguage\":\"ga-IE\",\"potentialAction\":[{\"@type\":\"ReadAction\",\"target\":[\"https:\/\/talkpal.ai\/ga\/cleachtai-gramadai-na-fionlainnise\/\"]}]},{\"@type\":\"ImageObject\",\"inLanguage\":\"ga-IE\",\"@id\":\"https:\/\/talkpal.ai\/ga\/cleachtai-gramadai-na-fionlainnise\/#primaryimage\",\"url\":\"https:\/\/talkpal.ai\/wp-content\/uploads\/2023\/04\/finland.png\",\"contentUrl\":\"https:\/\/talkpal.ai\/wp-content\/uploads\/2023\/04\/finland.png\",\"width\":512,\"height\":512,\"caption\":\"TalkPal Catalan Flag\"},{\"@type\":\"BreadcrumbList\",\"@id\":\"https:\/\/talkpal.ai\/ga\/cleachtai-gramadai-na-fionlainnise\/#breadcrumb\",\"itemListElement\":[{\"@type\":\"ListItem\",\"position\":1,\"name\":\"Homepage\",\"item\":\"https:\/\/talkpal.ai\/ga\/\"},{\"@type\":\"ListItem\",\"position\":2,\"name\":\"Cleachta\u00ed Gramada\u00ed na Fionlainnise\"}]},{\"@type\":\"WebSite\",\"@id\":\"https:\/\/talkpal.ai\/ga\/#website\",\"url\":\"https:\/\/talkpal.ai\/ga\/\",\"name\":\"Talkpal\",\"description\":\"AI Language Learning\",\"publisher\":{\"@id\":\"https:\/\/talkpal.ai\/ga\/#organization\"},\"alternateName\":\"Talkpal AI\",\"potentialAction\":[{\"@type\":\"SearchAction\",\"target\":{\"@type\":\"EntryPoint\",\"urlTemplate\":\"https:\/\/talkpal.ai\/ga\/?s={search_term_string}\"},\"query-input\":{\"@type\":\"PropertyValueSpecification\",\"valueRequired\":true,\"valueName\":\"search_term_string\"}}],\"inLanguage\":\"ga-IE\"},{\"@type\":\"Organization\",\"@id\":\"https:\/\/talkpal.ai\/ga\/#organization\",\"name\":\"Talkpal, Inc.\",\"alternateName\":\"Talkpal AI\",\"url\":\"https:\/\/talkpal.ai\/ga\/\",\"logo\":{\"@type\":\"ImageObject\",\"inLanguage\":\"ga-IE\",\"@id\":\"https:\/\/talkpal.ai\/ga\/#\/schema\/logo\/image\/\",\"url\":\"https:\/\/talkpal.ai\/wp-content\/uploads\/2024\/03\/Talkpal-Logo-Icon.png\",\"contentUrl\":\"https:\/\/talkpal.ai\/wp-content\/uploads\/2024\/03\/Talkpal-Logo-Icon.png\",\"width\":2880,\"height\":2880,\"caption\":\"Talkpal, Inc.\"},\"image\":{\"@id\":\"https:\/\/talkpal.ai\/ga\/#\/schema\/logo\/image\/\"},\"sameAs\":[\"https:\/\/www.facebook.com\/profile.php?id=100090733639311\",\"https:\/\/x.com\/talkpalai\",\"https:\/\/www.linkedin.com\/company\/talkpal\/\",\"https:\/\/www.youtube.com\/@TalkPal\/\",\"https:\/\/www.tiktok.com\/@talkpal\",\"https:\/\/www.instagram.com\/talkpal_ai\/\",\"https:\/\/www.crunchbase.com\/organization\/talkpal-9cde\",\"https:\/\/www.g2.com\/products\/talkpal-for-business\/\",\"https:\/\/www.trustpilot.com\/review\/talkpal.ai\",\"https:\/\/www.capterra.com\/p\/10006800\/TalkPal\/\"],\"description\":\"Talkpal is a language learning web and mobile education app, powered by the latest AI technologies, that provides engaging experiences to its customers in many different languages to help them improve their language skills. Users can chat about unlimited amount of topics with the app and use other modes to practice their language learning.\",\"email\":\"support@talkpal.ai\",\"legalName\":\"Talkpal, Inc.\",\"foundingDate\":\"2023-04-03\",\"duns\":\"118989042\",\"numberOfEmployees\":{\"@type\":\"QuantitativeValue\",\"minValue\":\"11\",\"maxValue\":\"50\"},\"publishingPrinciples\":\"https:\/\/talkpal.ai\/publishing-principles\/\",\"actionableFeedbackPolicy\":\"https:\/\/talkpal.ai\/actionable-feedback-policy\/\",\"correctionsPolicy\":\"https:\/\/talkpal.ai\/corrections-policy\/\",\"ethicsPolicy\":\"https:\/\/talkpal.ai\/ethics-policy\/\",\"diversityPolicy\":\"https:\/\/talkpal.ai\/diversity-policy\/\",\"diversityStaffingReport\":\"https:\/\/talkpal.ai\/diversity-policy\/\"}]}<\/script>\n<!-- \/ Yoast SEO Premium plugin. -->","yoast_head_json":{"title":"Cleachta\u00ed Gramada\u00ed na Fionlainnise - Talkpal","description":"Cleachtadh agus feabhas a chur ar do scileanna gramada\u00ed Fionlainne leis na cleachta\u00ed idirghn\u00edomhacha agus \u00e9ifeachtacha seo. Oiri\u00fanach do gach leibh\u00e9al foghlama.","robots":{"index":"index","follow":"follow","max-snippet":"max-snippet:-1","max-image-preview":"max-image-preview:large","max-video-preview":"max-video-preview:-1"},"canonical":"https:\/\/talkpal.ai\/ga\/cleachtai-gramadai-na-fionlainnise\/","og_locale":"ga_IE","og_type":"article","og_title":"Cleachta\u00ed Gramada\u00ed na Fionlainnise","og_description":"Topaic\u00ed Gramada\u00ed na Fionlainne Is eisp\u00e9ireas luachmhar \u00e9 Foghlaim na Fionlainne a bheith ina eisp\u00e9ireas luachmhar do dh\u00edograiseoir\u00ed teanga, mar is teanga","og_url":"https:\/\/talkpal.ai\/ga\/cleachtai-gramadai-na-fionlainnise\/","og_site_name":"Talkpal","article_publisher":"https:\/\/www.facebook.com\/profile.php?id=100090733639311","article_modified_time":"2025-12-17T15:32:44+00:00","og_image":[{"width":512,"height":512,"url":"https:\/\/talkpal.ai\/wp-content\/uploads\/2023\/04\/finland.png","type":"image\/png"}],"twitter_card":"summary_large_image","twitter_site":"@talkpalai","twitter_misc":{"Est. reading time":"3 minutes"},"schema":{"@context":"https:\/\/schema.org","@graph":[{"@type":"WebPage","@id":"https:\/\/talkpal.ai\/ga\/cleachtai-gramadai-na-fionlainnise\/","url":"https:\/\/talkpal.ai\/ga\/cleachtai-gramadai-na-fionlainnise\/","name":"Cleachta\u00ed Gramada\u00ed na Fionlainnise - Talkpal","isPartOf":{"@id":"https:\/\/talkpal.ai\/ga\/#website"},"primaryImageOfPage":{"@id":"https:\/\/talkpal.ai\/ga\/cleachtai-gramadai-na-fionlainnise\/#primaryimage"},"image":{"@id":"https:\/\/talkpal.ai\/ga\/cleachtai-gramadai-na-fionlainnise\/#primaryimage"},"thumbnailUrl":"https:\/\/talkpal.ai\/wp-content\/uploads\/2023\/04\/finland.png","datePublished":"2023-06-16T10:07:13+00:00","dateModified":"2025-12-17T15:32:44+00:00","description":"Cleachtadh agus feabhas a chur ar do scileanna gramada\u00ed Fionlainne leis na cleachta\u00ed idirghn\u00edomhacha agus \u00e9ifeachtacha seo. Oiri\u00fanach do gach leibh\u00e9al foghlama.","breadcrumb":{"@id":"https:\/\/talkpal.ai\/ga\/cleachtai-gramadai-na-fionlainnise\/#breadcrumb"},"inLanguage":"ga-IE","potentialAction":[{"@type":"ReadAction","target":["https:\/\/talkpal.ai\/ga\/cleachtai-gramadai-na-fionlainnise\/"]}]},{"@type":"ImageObject","inLanguage":"ga-IE","@id":"https:\/\/talkpal.ai\/ga\/cleachtai-gramadai-na-fionlainnise\/#primaryimage","url":"https:\/\/talkpal.ai\/wp-content\/uploads\/2023\/04\/finland.png","contentUrl":"https:\/\/talkpal.ai\/wp-content\/uploads\/2023\/04\/finland.png","width":512,"height":512,"caption":"TalkPal Catalan Flag"},{"@type":"BreadcrumbList","@id":"https:\/\/talkpal.ai\/ga\/cleachtai-gramadai-na-fionlainnise\/#breadcrumb","itemListElement":[{"@type":"ListItem","position":1,"name":"Homepage","item":"https:\/\/talkpal.ai\/ga\/"},{"@type":"ListItem","position":2,"name":"Cleachta\u00ed Gramada\u00ed na Fionlainnise"}]},{"@type":"WebSite","@id":"https:\/\/talkpal.ai\/ga\/#website","url":"https:\/\/talkpal.ai\/ga\/","name":"Talkpal","description":"AI Language Learning","publisher":{"@id":"https:\/\/talkpal.ai\/ga\/#organization"},"alternateName":"Talkpal AI","potentialAction":[{"@type":"SearchAction","target":{"@type":"EntryPoint","urlTemplate":"https:\/\/talkpal.ai\/ga\/?s={search_term_string}"},"query-input":{"@type":"PropertyValueSpecification","valueRequired":true,"valueName":"search_term_string"}}],"inLanguage":"ga-IE"},{"@type":"Organization","@id":"https:\/\/talkpal.ai\/ga\/#organization","name":"Talkpal, Inc.","alternateName":"Talkpal AI","url":"https:\/\/talkpal.ai\/ga\/","logo":{"@type":"ImageObject","inLanguage":"ga-IE","@id":"https:\/\/talkpal.ai\/ga\/#\/schema\/logo\/image\/","url":"https:\/\/talkpal.ai\/wp-content\/uploads\/2024\/03\/Talkpal-Logo-Icon.png","contentUrl":"https:\/\/talkpal.ai\/wp-content\/uploads\/2024\/03\/Talkpal-Logo-Icon.png","width":2880,"height":2880,"caption":"Talkpal, Inc."},"image":{"@id":"https:\/\/talkpal.ai\/ga\/#\/schema\/logo\/image\/"},"sameAs":["https:\/\/www.facebook.com\/profile.php?id=100090733639311","https:\/\/x.com\/talkpalai","https:\/\/www.linkedin.com\/company\/talkpal\/","https:\/\/www.youtube.com\/@TalkPal\/","https:\/\/www.tiktok.com\/@talkpal","https:\/\/www.instagram.com\/talkpal_ai\/","https:\/\/www.crunchbase.com\/organization\/talkpal-9cde","https:\/\/www.g2.com\/products\/talkpal-for-business\/","https:\/\/www.trustpilot.com\/review\/talkpal.ai","https:\/\/www.capterra.com\/p\/10006800\/TalkPal\/"],"description":"Talkpal is a language learning web and mobile education app, powered by the latest AI technologies, that provides engaging experiences to its customers in many different languages to help them improve their language skills. Users can chat about unlimited amount of topics with the app and use other modes to practice their language learning.","email":"support@talkpal.ai","legalName":"Talkpal, Inc.","foundingDate":"2023-04-03","duns":"118989042","numberOfEmployees":{"@type":"QuantitativeValue","minValue":"11","maxValue":"50"},"publishingPrinciples":"https:\/\/talkpal.ai\/publishing-principles\/","actionableFeedbackPolicy":"https:\/\/talkpal.ai\/actionable-feedback-policy\/","correctionsPolicy":"https:\/\/talkpal.ai\/corrections-policy\/","ethicsPolicy":"https:\/\/talkpal.ai\/ethics-policy\/","diversityPolicy":"https:\/\/talkpal.ai\/diversity-policy\/","diversityStaffingReport":"https:\/\/talkpal.ai\/diversity-policy\/"}]}},"_links":{"self":[{"href":"https:\/\/talkpal.ai\/ga\/wp-json\/wp\/v2\/pages\/1446574","targetHints":{"allow":["GET"]}}],"collection":[{"href":"https:\/\/talkpal.ai\/ga\/wp-json\/wp\/v2\/pages"}],"about":[{"href":"https:\/\/talkpal.ai\/ga\/wp-json\/wp\/v2\/types\/page"}],"author":[{"embeddable":true,"href":"https:\/\/talkpal.ai\/ga\/wp-json\/wp\/v2\/users\/6"}],"replies":[{"embeddable":true,"href":"https:\/\/talkpal.ai\/ga\/wp-json\/wp\/v2\/comments?post=1446574"}],"version-history":[{"count":0,"href":"https:\/\/talkpal.ai\/ga\/wp-json\/wp\/v2\/pages\/1446574\/revisions"}],"wp:featuredmedia":[{"embeddable":true,"href":"https:\/\/talkpal.ai\/ga\/wp-json\/wp\/v2\/media\/1441636"}],"wp:attachment":[{"href":"https:\/\/talkpal.ai\/ga\/wp-json\/wp\/v2\/media?parent=1446574"}],"curies":[{"name":"wp","href":"https:\/\/api.w.org\/{rel}","templated":true}]}}