{"id":1446570,"date":"2023-06-16T09:41:10","date_gmt":"2023-06-16T09:41:10","guid":{"rendered":"https:\/\/talkpal.ai\/cleachtai-gramadai-na-hisiltire\/"},"modified":"2025-12-17T15:28:17","modified_gmt":"2025-12-17T15:28:17","slug":"cleachtai-gramadai-na-hisiltire","status":"publish","type":"page","link":"https:\/\/talkpal.ai\/ga\/cleachtai-gramadai-na-hisiltire\/","title":{"rendered":"Cleachta\u00ed Gramada\u00ed na h\u00cdsilt\u00edre"},"content":{"rendered":"\r\n\r\n\r\n<section class=\"languageChallengeSection\">\r\n    <div class=\"languageInfoWrapper\">\r\n        \r\n        <h1>Cleachta\u00ed Gramada\u00ed na h\u00cdsilt\u00edre<\/h1>\r\n        <p>Ar mhaith leat a bheith n\u00edos muin\u00edneach san <a href=\"https:\/\/talkpal.ai\/learn-dutch\/\">Ollainnis<\/a>? Is bealach iontach \u00e9 cleachta\u00ed gramada\u00ed a chleachtadh chun m\u00e1istreacht a dh\u00e9anamh ar strucht\u00far abairte, conjugations briathra, agus patr\u00fain uath\u00fala na hOllainnise. Tosaigh ag obair ar ghramadach na hOllainnise inniu agus f\u00e9ach ar do scileanna agus l\u00edofacht ag f\u00e1s le gach cleachtadh!\n\n<\/p>\r\n\r\n                            <a class=\"getStartedHidden\" href=\"https:\/\/app.talkpal.ai\/signup?lng=\">Tosaigh<\/a>\r\n        \r\n    <\/div>\r\n\r\n    <figure>\r\n    <img decoding=\"async\" width=\"768\" height=\"768\" src=\"https:\/\/talkpal.ai\/wp-content\/uploads\/2023\/06\/Dutch-768x768.png\" class=\"languageImage no-lazy\" alt=\"Developing skills through language learning\" fetchpriority=\"high\" sizes=\"(max-width: 768px) 150px, 768px\" srcset=\"https:\/\/talkpal.ai\/wp-content\/uploads\/2023\/06\/Dutch-768x768.png 768w, https:\/\/talkpal.ai\/wp-content\/uploads\/2023\/06\/Dutch-300x300.png 300w\" \/>\r\n    \r\n\r\n    <\/figure>\r\n\r\n            <a class=\"getStartedVisible\" href=\"https:\/\/app.talkpal.ai\/signup?lng=\">Tosaigh<\/a>\r\n    \r\n<\/section>\r\n\r\n\r\n<!-- <section class=\"grammarSection\">\r\n    <div class=\"grammarLinks\">\r\n            <\/div>\r\n<\/section> -->\r\n\r\n\r\n\r\n\r\n<section class=\"promotionalBanner\">\r\n    <p class=\"promotionalText\">An bealach is \u00e9ifeachta\u00ed le teanga a fhoghlaim<\/p>\r\n    <a class=\"promotionalLink\" href=\"https:\/\/app.talkpal.ai\/signup?lng=\">Bain triail as Talkpal saor in aisce<\/a>\r\n<\/section>\n<div class=\"wp-block-group pageContainerStyle\"><div class=\"wp-block-group__inner-container is-layout-constrained wp-block-group-is-layout-constrained\">\n<h2 class=\"wp-block-heading\" id=\"h-dutch-grammar-topics\">Topaic\u00ed Gramada\u00ed na h\u00cdsilt\u00edre<\/h2>\n\n\n\n<p>Is f\u00e9idir le foghlaim Ollainnise a bheith ina eisp\u00e9ireas spreag\u00fail agus luachmhar, mar oscla\u00edonn s\u00e9 an doras do chult\u00far saibhir, stair, agus deiseanna d&#8217;fh\u00e1s pearsanta agus gairmi\u00fail. C\u00e9 go bhfuil dl\u00fathbhaint ag an Ollainnis leis an mB\u00e9arla agus leis an nGearm\u00e1inis, t\u00e1 a rialacha agus a strucht\u00far gramada\u00ed uath\u00fail f\u00e9in, rud a d&#8217;fh\u00e9adfadh a bheith d\u00fashl\u00e1nach ar dt\u00fas. Mar sin f\u00e9in, le d\u00fathracht agus an cur chuige ceart, is f\u00e9idir leat m\u00e1istreacht a fh\u00e1il ar an Ollainnis agus cumars\u00e1id a dh\u00e9anamh go l\u00edofa le cainteoir\u00ed d\u00fachais. Sa treoir seo, d\u00e9anfaimid ini\u00fachadh ar roinnt topaic\u00ed gramada\u00ed riachtanacha na hOllainnise, cnuasaithe i seicheamh a chabhr\u00f3idh leat an teanga a fhoghlaim ar bhealach c\u00f3rasach agus \u00e9ifeachtach.<\/p>\n\n\n\n<h3 class=\"wp-block-heading\" id=\"h-1-nouns-and-articles\">1. Ainmfhocail agus Airteagail:<\/h3>\n\n\n\n<p>Tosaigh tr\u00ed eolas a <a href=\"https:\/\/talkpal.ai\/locations\/language-courses-in-chur\/\">chur<\/a> ar ainmfhocail na hOllainnise agus a n-aicmi\u00fa inscne (coitianta agus neuter). Foghlaim na hailt chinnte agus \u00e9iginnte a ghabhann leo, chomh maith le foirmeacha iolra agus foircinn laghdaitheacha.<\/p>\n\n\n\n<h3 class=\"wp-block-heading\" id=\"h-2-adjectives\">2. Aidiachta\u00ed:<\/h3>\n\n\n\n<p>Ina dhiaidh sin, d\u00e9an staid\u00e9ar ar na rialacha <a href=\"https:\/\/talkpal.ai\/ga\/maidir\/\">maidir<\/a> le comhaont\u00fa aidiachta le hainmfhocail i dt\u00e9arma\u00ed inscne, uimhir, agus l\u00e1ithreacht ailt chinnte. Foghlaim conas a dh\u00e9antar aidiachta\u00ed a infhilleadh bunaithe ar na facht\u00f3ir\u00ed seo agus conas foirmeacha compar\u00e1ideacha agus superlative a \u00fas\u00e1id.<\/p>\n\n\n\n<h3 class=\"wp-block-heading\" id=\"h-3-pronouns\">3. Forainmneacha:<\/h3>\n\n\n\n<p>L\u00e9im isteach i saol na bhforainmneacha Ollainnise, lena n-\u00e1ir\u00edtear forainmneacha pearsanta, sealbhacha, l\u00e9iritheacha, machnamhacha agus coibhneasta. Tuiscint a fh\u00e1il ar an gcaoi a n-athshol\u00e1thra\u00edonn siad ainmfhocail agus conas a aonta\u00edonn siad leo i dt\u00e9arma\u00ed inscne agus uimhreacha.<\/p>\n\n\n\n<h3 class=\"wp-block-heading\" id=\"h-4-verbs\">4. Briathra:<\/h3>\n\n\n\n<p>Anois, d\u00edrigh ar bhriathra Ollainnise agus a bpatr\u00fain chomhchuingithe san aimsir l\u00e1ithreach, san am at\u00e1 thart agus sa todhcha\u00ed. Foghlaim an difr\u00edocht idir briathra l\u00e1idre, lag agus neamhrialta, agus cuir eolas ar na rialacha chun na haimsir\u00ed foirfe agus plufoirfe a fhoirmi\u00fa.<\/p>\n\n\n\n<h3 class=\"wp-block-heading\" id=\"h-5-tenses-indicative\">5. Aimsir T\u00e1scach:<\/h3>\n\n\n\n<p>D\u00e9an staid\u00e9ar ar an gi\u00famar t\u00e1scach san Ollainnis, a \u00fas\u00e1idtear chun r\u00e1itis f\u00edric\u00ed agus d\u00f3ch\u00falachta a chur in i\u00fal. Foghlaim conas briathra a chomhcheangal san aimsir l\u00e1ithreach, san am at\u00e1 thart agus sa todhcha\u00ed sa gi\u00famar seo, chomh maith leis na foirmeacha coinn\u00edollacha agus riachtanacha.<\/p>\n\n\n\n<h3 class=\"wp-block-heading\" id=\"h-6-tenses-subjunctive\">6. Aimsir Subjunctive:<\/h3>\n\n\n\n<p>C\u00e9 nach bhfuil s\u00e9 chomh coitianta san Ollainnis nua-aimseartha, t\u00e1 an gi\u00famar subjunctive riachtanach chun t\u00e9acsanna n\u00edos sine agus teanga fhoirmi\u00fail a thuiscint. Foghlaim conas an gi\u00famar subjunctive a fhoirmi\u00fa in Ollainnis agus cathain \u00e9 a \u00fas\u00e1id.<\/p>\n\n\n\n<h3 class=\"wp-block-heading\" id=\"h-7-tense-comparison\">7. Compar\u00e1id aimsire:<\/h3>\n\n\n\n<p>Tar \u00e9is m\u00e1istreacht a dh\u00e9anamh ar na haimsir\u00ed \u00e9ags\u00fala, d\u00edrigh ar thuiscint a fh\u00e1il ar na difr\u00edochta\u00ed agus na cos\u00falachta\u00ed eatarthu. Foghlaim conas gach aimsir a \u00fas\u00e1id i gceart i gcomhth\u00e9acs agus conas a idirghn\u00edomha\u00edonn siad lena ch\u00e9ile.<\/p>\n\n\n\n<h3 class=\"wp-block-heading\" id=\"h-8-adverbs\">8. Adverbs:<\/h3>\n\n\n\n<p>Staid\u00e9ar a dh\u00e9anamh ar adverbs Ollainnis agus a bhfeidhmeanna \u00e9ags\u00fala in abairt\u00ed. Foghlaim conas adverbs a fhoirmi\u00fa \u00f3 aidiachta\u00ed agus conas iad a \u00fas\u00e1id chun briathra, aidiachta\u00ed agus aidiachta\u00ed eile a mhodhn\u00fa.<\/p>\n\n\n\n<h3 class=\"wp-block-heading\" id=\"h-9-prepositions\">9. Prepositions:<\/h3>\n\n\n\n<p>Tuiscint l\u00e1idir a fhorbairt ar r\u00e9amhfhocail na hOllainnise agus a n-\u00fas\u00e1id le hainmfhocail, forainmneacha agus briathra. Foghlaim conas a chuireann siad caidrimh in i\u00fal, in am, i sp\u00e1s, agus i gcomhth\u00e9acsanna eile.<\/p>\n\n\n\n<h3 class=\"wp-block-heading\" id=\"h-10-sentence-structure\">10. Strucht\u00far na habairte:<\/h3>\n\n\n\n<p>Mar fhocal scoir, d\u00e9an \u00e9 ar fad le ch\u00e9ile tr\u00ed staid\u00e9ar a dh\u00e9anamh ar strucht\u00far abairt\u00ed agus ord focal na hOllainnise. Foghlaim na rialacha maidir le habairt\u00ed simpl\u00ed agus casta a th\u00f3g\u00e1il, lena n-\u00e1ir\u00edtear abairt\u00ed dearbhaitheacha, ceisti\u00fala, imperative, agus exclamatory.<\/p>\n\n\n\n<p>Tr\u00ed an seicheamh seo d&#8217;\u00e1bhair ghramada\u00ed a lean\u00faint agus am a chaitheamh le cleachtadh agus athbhreithni\u00fa, beidh t\u00fa ar do bhealach chun m\u00e1istreacht a fh\u00e1il ar an teanga Ollainnis. Cuimhnigh, t\u00e1 comhsheasmhacht agus foighne r\u00edth\u00e1bhachtach chun aon teanga <a href=\"https:\/\/talkpal.ai\/talkpal-new-years-discount\/\">nua<\/a> a fhoghlaim. \u00c1dh m\u00f3r, agus bain sult as an turas!<\/p>\n<\/div><\/div>\n\r\n<section class=\"learnNavigationSection\">\r\n            \r\n        <a href=\"https:\/\/talkpal.ai\/ga\/foghlaim-ollainnis\/\">\r\n            <div class=\"learnNavigationWrapper\">\r\n                <div class=\"learnNavigationContent\">\r\n                    <img decoding=\"async\" src=\"https:\/\/talkpal.ai\/wp-content\/uploads\/2024\/08\/Dutch.jpg\" alt=\"Netherlands Flag\">\r\n                    <div>\r\n                        <h4>Maidir le Foghlaim na hOllainnise<\/h4>\r\n                        <p>Faigh amach gach rud faoi ghramadach na h\u00cdsilt\u00edre.<\/p>\r\n                    <\/div>\r\n                <\/div>\r\n            <\/div>\r\n        <\/a>\r\n\r\n        \r\n        <a href=\"https:\/\/talkpal.ai\/ga\/gramadach-ollainnis\/\">\r\n            <div class=\"learnNavigationWrapper\">\r\n                <div class=\"learnNavigationContent\">\r\n                    <img decoding=\"async\" src=\"https:\/\/talkpal.ai\/wp-content\/uploads\/2024\/08\/Dutch.jpg\" alt=\"Netherlands Flag\">\r\n                    <div>\r\n                        <h4>Ceachtanna Gramada\u00ed na hOllainnise<\/h4>\r\n                        <p>Cleachtadh gramadach na hOllainnise.<\/p>\r\n                    <\/div>\r\n                <\/div>\r\n            <\/div>\r\n        <\/a>\r\n\r\n        \r\n        <a href=\"https:\/\/talkpal.ai\/vocabulary_language\/dutch\/\">\r\n            <div class=\"learnNavigationWrapper\">\r\n                <div class=\"learnNavigationContent\">\r\n                    <img decoding=\"async\" src=\"https:\/\/talkpal.ai\/wp-content\/uploads\/2024\/08\/Dutch.jpg\" alt=\"Netherlands Flag\">\r\n                    <div>\r\n                        <h4>St\u00f3r Focal na h\u00cdsilt\u00edre<\/h4>\r\n                        <p>Leathnaigh do st\u00f3r focal Ollainnise.<\/p>\r\n                    <\/div>\r\n                <\/div>\r\n            <\/div>\r\n        <\/a>\r\n\r\n            <\/section>","protected":false},"excerpt":{"rendered":"<p>Topaic\u00ed Gramada\u00ed na h\u00cdsilt\u00edre Is f\u00e9idir le foghlaim Ollainnise a bheith ina eisp\u00e9ireas spreag\u00fail agus luachmhar, mar oscla\u00edonn s\u00e9 an doras do chult\u00far saibhir, stair, agus deiseanna d&#8217;fh\u00e1s pearsanta agus gairmi\u00fail. C\u00e9 go bhfuil dl\u00fathbhaint ag an Ollainnis leis an mB\u00e9arla agus leis an nGearm\u00e1inis, t\u00e1 a rialacha agus a strucht\u00far gramada\u00ed uath\u00fail f\u00e9in, rud [&hellip;]<\/p>\n","protected":false},"author":6,"featured_media":1441655,"parent":0,"menu_order":0,"comment_status":"closed","ping_status":"closed","template":"LearningContentPage.php","meta":{"_acf_changed":false,"footnotes":""},"class_list":["post-1446570","page","type-page","status-publish","has-post-thumbnail","hentry"],"acf":[],"yoast_head":"<!-- This site is optimized with the Yoast SEO Premium plugin v27.2 (Yoast SEO v27.2) - https:\/\/yoast.com\/product\/yoast-seo-premium-wordpress\/ -->\n<title>Cleachta\u00ed Gramada\u00ed na h\u00cdsilt\u00edre - Talkpal<\/title>\n<meta name=\"description\" content=\"Treisi\u00fa do scileanna teanga le Cleachta\u00ed Gramada\u00ed idirghn\u00edomhacha Ollainnise \u00f3 TalkPal, do theagasc\u00f3ir teanga faoi thiom\u00e1int AI.\" \/>\n<meta name=\"robots\" content=\"index, follow, max-snippet:-1, max-image-preview:large, max-video-preview:-1\" \/>\n<link rel=\"canonical\" href=\"https:\/\/talkpal.ai\/ga\/cleachtai-gramadai-na-hisiltire\/\" \/>\n<meta property=\"og:locale\" content=\"ga_IE\" \/>\n<meta property=\"og:type\" content=\"article\" \/>\n<meta property=\"og:title\" content=\"Cleachta\u00ed Gramada\u00ed na h\u00cdsilt\u00edre\" \/>\n<meta property=\"og:description\" content=\"Topaic\u00ed Gramada\u00ed na h\u00cdsilt\u00edre Is f\u00e9idir le foghlaim Ollainnise a bheith ina eisp\u00e9ireas spreag\u00fail agus luachmhar, mar oscla\u00edonn s\u00e9 an doras do chult\u00far\" \/>\n<meta property=\"og:url\" content=\"https:\/\/talkpal.ai\/ga\/cleachtai-gramadai-na-hisiltire\/\" \/>\n<meta property=\"og:site_name\" content=\"Talkpal\" \/>\n<meta property=\"article:publisher\" content=\"https:\/\/www.facebook.com\/profile.php?id=100090733639311\" \/>\n<meta property=\"article:modified_time\" content=\"2025-12-17T15:28:17+00:00\" \/>\n<meta property=\"og:image\" content=\"https:\/\/talkpal.ai\/wp-content\/uploads\/2023\/04\/netherlands-dutch.png\" \/>\n\t<meta property=\"og:image:width\" content=\"512\" \/>\n\t<meta property=\"og:image:height\" content=\"512\" \/>\n\t<meta property=\"og:image:type\" content=\"image\/png\" \/>\n<meta name=\"twitter:card\" content=\"summary_large_image\" \/>\n<meta name=\"twitter:site\" content=\"@talkpalai\" \/>\n<meta name=\"twitter:label1\" content=\"Est. reading time\" \/>\n\t<meta name=\"twitter:data1\" content=\"3 minutes\" \/>\n<script type=\"application\/ld+json\" class=\"yoast-schema-graph\">{\"@context\":\"https:\/\/schema.org\",\"@graph\":[{\"@type\":\"WebPage\",\"@id\":\"https:\/\/talkpal.ai\/ga\/cleachtai-gramadai-na-hisiltire\/\",\"url\":\"https:\/\/talkpal.ai\/ga\/cleachtai-gramadai-na-hisiltire\/\",\"name\":\"Cleachta\u00ed Gramada\u00ed na h\u00cdsilt\u00edre - Talkpal\",\"isPartOf\":{\"@id\":\"https:\/\/talkpal.ai\/ga\/#website\"},\"primaryImageOfPage\":{\"@id\":\"https:\/\/talkpal.ai\/ga\/cleachtai-gramadai-na-hisiltire\/#primaryimage\"},\"image\":{\"@id\":\"https:\/\/talkpal.ai\/ga\/cleachtai-gramadai-na-hisiltire\/#primaryimage\"},\"thumbnailUrl\":\"https:\/\/talkpal.ai\/wp-content\/uploads\/2023\/04\/netherlands-dutch.png\",\"datePublished\":\"2023-06-16T09:41:10+00:00\",\"dateModified\":\"2025-12-17T15:28:17+00:00\",\"description\":\"Treisi\u00fa do scileanna teanga le Cleachta\u00ed Gramada\u00ed idirghn\u00edomhacha Ollainnise \u00f3 TalkPal, do theagasc\u00f3ir teanga faoi thiom\u00e1int AI.\",\"breadcrumb\":{\"@id\":\"https:\/\/talkpal.ai\/ga\/cleachtai-gramadai-na-hisiltire\/#breadcrumb\"},\"inLanguage\":\"ga-IE\",\"potentialAction\":[{\"@type\":\"ReadAction\",\"target\":[\"https:\/\/talkpal.ai\/ga\/cleachtai-gramadai-na-hisiltire\/\"]}]},{\"@type\":\"ImageObject\",\"inLanguage\":\"ga-IE\",\"@id\":\"https:\/\/talkpal.ai\/ga\/cleachtai-gramadai-na-hisiltire\/#primaryimage\",\"url\":\"https:\/\/talkpal.ai\/wp-content\/uploads\/2023\/04\/netherlands-dutch.png\",\"contentUrl\":\"https:\/\/talkpal.ai\/wp-content\/uploads\/2023\/04\/netherlands-dutch.png\",\"width\":512,\"height\":512,\"caption\":\"TalkPal Catalan Flag\"},{\"@type\":\"BreadcrumbList\",\"@id\":\"https:\/\/talkpal.ai\/ga\/cleachtai-gramadai-na-hisiltire\/#breadcrumb\",\"itemListElement\":[{\"@type\":\"ListItem\",\"position\":1,\"name\":\"Homepage\",\"item\":\"https:\/\/talkpal.ai\/ga\/\"},{\"@type\":\"ListItem\",\"position\":2,\"name\":\"Cleachta\u00ed Gramada\u00ed na h\u00cdsilt\u00edre\"}]},{\"@type\":\"WebSite\",\"@id\":\"https:\/\/talkpal.ai\/ga\/#website\",\"url\":\"https:\/\/talkpal.ai\/ga\/\",\"name\":\"Talkpal\",\"description\":\"AI Language Learning\",\"publisher\":{\"@id\":\"https:\/\/talkpal.ai\/ga\/#organization\"},\"alternateName\":\"Talkpal AI\",\"potentialAction\":[{\"@type\":\"SearchAction\",\"target\":{\"@type\":\"EntryPoint\",\"urlTemplate\":\"https:\/\/talkpal.ai\/ga\/?s={search_term_string}\"},\"query-input\":{\"@type\":\"PropertyValueSpecification\",\"valueRequired\":true,\"valueName\":\"search_term_string\"}}],\"inLanguage\":\"ga-IE\"},{\"@type\":\"Organization\",\"@id\":\"https:\/\/talkpal.ai\/ga\/#organization\",\"name\":\"Talkpal, Inc.\",\"alternateName\":\"Talkpal AI\",\"url\":\"https:\/\/talkpal.ai\/ga\/\",\"logo\":{\"@type\":\"ImageObject\",\"inLanguage\":\"ga-IE\",\"@id\":\"https:\/\/talkpal.ai\/ga\/#\/schema\/logo\/image\/\",\"url\":\"https:\/\/talkpal.ai\/wp-content\/uploads\/2024\/03\/Talkpal-Logo-Icon.png\",\"contentUrl\":\"https:\/\/talkpal.ai\/wp-content\/uploads\/2024\/03\/Talkpal-Logo-Icon.png\",\"width\":2880,\"height\":2880,\"caption\":\"Talkpal, Inc.\"},\"image\":{\"@id\":\"https:\/\/talkpal.ai\/ga\/#\/schema\/logo\/image\/\"},\"sameAs\":[\"https:\/\/www.facebook.com\/profile.php?id=100090733639311\",\"https:\/\/x.com\/talkpalai\",\"https:\/\/www.linkedin.com\/company\/talkpal\/\",\"https:\/\/www.youtube.com\/@TalkPal\/\",\"https:\/\/www.tiktok.com\/@talkpal\",\"https:\/\/www.instagram.com\/talkpal_ai\/\",\"https:\/\/www.crunchbase.com\/organization\/talkpal-9cde\",\"https:\/\/www.g2.com\/products\/talkpal-for-business\/\",\"https:\/\/www.trustpilot.com\/review\/talkpal.ai\",\"https:\/\/www.capterra.com\/p\/10006800\/TalkPal\/\"],\"description\":\"Talkpal is a language learning web and mobile education app, powered by the latest AI technologies, that provides engaging experiences to its customers in many different languages to help them improve their language skills. Users can chat about unlimited amount of topics with the app and use other modes to practice their language learning.\",\"email\":\"support@talkpal.ai\",\"legalName\":\"Talkpal, Inc.\",\"foundingDate\":\"2023-04-03\",\"duns\":\"118989042\",\"numberOfEmployees\":{\"@type\":\"QuantitativeValue\",\"minValue\":\"11\",\"maxValue\":\"50\"},\"publishingPrinciples\":\"https:\/\/talkpal.ai\/publishing-principles\/\",\"actionableFeedbackPolicy\":\"https:\/\/talkpal.ai\/actionable-feedback-policy\/\",\"correctionsPolicy\":\"https:\/\/talkpal.ai\/corrections-policy\/\",\"ethicsPolicy\":\"https:\/\/talkpal.ai\/ethics-policy\/\",\"diversityPolicy\":\"https:\/\/talkpal.ai\/diversity-policy\/\",\"diversityStaffingReport\":\"https:\/\/talkpal.ai\/diversity-policy\/\"}]}<\/script>\n<!-- \/ Yoast SEO Premium plugin. -->","yoast_head_json":{"title":"Cleachta\u00ed Gramada\u00ed na h\u00cdsilt\u00edre - Talkpal","description":"Treisi\u00fa do scileanna teanga le Cleachta\u00ed Gramada\u00ed idirghn\u00edomhacha Ollainnise \u00f3 TalkPal, do theagasc\u00f3ir teanga faoi thiom\u00e1int AI.","robots":{"index":"index","follow":"follow","max-snippet":"max-snippet:-1","max-image-preview":"max-image-preview:large","max-video-preview":"max-video-preview:-1"},"canonical":"https:\/\/talkpal.ai\/ga\/cleachtai-gramadai-na-hisiltire\/","og_locale":"ga_IE","og_type":"article","og_title":"Cleachta\u00ed Gramada\u00ed na h\u00cdsilt\u00edre","og_description":"Topaic\u00ed Gramada\u00ed na h\u00cdsilt\u00edre Is f\u00e9idir le foghlaim Ollainnise a bheith ina eisp\u00e9ireas spreag\u00fail agus luachmhar, mar oscla\u00edonn s\u00e9 an doras do chult\u00far","og_url":"https:\/\/talkpal.ai\/ga\/cleachtai-gramadai-na-hisiltire\/","og_site_name":"Talkpal","article_publisher":"https:\/\/www.facebook.com\/profile.php?id=100090733639311","article_modified_time":"2025-12-17T15:28:17+00:00","og_image":[{"width":512,"height":512,"url":"https:\/\/talkpal.ai\/wp-content\/uploads\/2023\/04\/netherlands-dutch.png","type":"image\/png"}],"twitter_card":"summary_large_image","twitter_site":"@talkpalai","twitter_misc":{"Est. reading time":"3 minutes"},"schema":{"@context":"https:\/\/schema.org","@graph":[{"@type":"WebPage","@id":"https:\/\/talkpal.ai\/ga\/cleachtai-gramadai-na-hisiltire\/","url":"https:\/\/talkpal.ai\/ga\/cleachtai-gramadai-na-hisiltire\/","name":"Cleachta\u00ed Gramada\u00ed na h\u00cdsilt\u00edre - Talkpal","isPartOf":{"@id":"https:\/\/talkpal.ai\/ga\/#website"},"primaryImageOfPage":{"@id":"https:\/\/talkpal.ai\/ga\/cleachtai-gramadai-na-hisiltire\/#primaryimage"},"image":{"@id":"https:\/\/talkpal.ai\/ga\/cleachtai-gramadai-na-hisiltire\/#primaryimage"},"thumbnailUrl":"https:\/\/talkpal.ai\/wp-content\/uploads\/2023\/04\/netherlands-dutch.png","datePublished":"2023-06-16T09:41:10+00:00","dateModified":"2025-12-17T15:28:17+00:00","description":"Treisi\u00fa do scileanna teanga le Cleachta\u00ed Gramada\u00ed idirghn\u00edomhacha Ollainnise \u00f3 TalkPal, do theagasc\u00f3ir teanga faoi thiom\u00e1int AI.","breadcrumb":{"@id":"https:\/\/talkpal.ai\/ga\/cleachtai-gramadai-na-hisiltire\/#breadcrumb"},"inLanguage":"ga-IE","potentialAction":[{"@type":"ReadAction","target":["https:\/\/talkpal.ai\/ga\/cleachtai-gramadai-na-hisiltire\/"]}]},{"@type":"ImageObject","inLanguage":"ga-IE","@id":"https:\/\/talkpal.ai\/ga\/cleachtai-gramadai-na-hisiltire\/#primaryimage","url":"https:\/\/talkpal.ai\/wp-content\/uploads\/2023\/04\/netherlands-dutch.png","contentUrl":"https:\/\/talkpal.ai\/wp-content\/uploads\/2023\/04\/netherlands-dutch.png","width":512,"height":512,"caption":"TalkPal Catalan Flag"},{"@type":"BreadcrumbList","@id":"https:\/\/talkpal.ai\/ga\/cleachtai-gramadai-na-hisiltire\/#breadcrumb","itemListElement":[{"@type":"ListItem","position":1,"name":"Homepage","item":"https:\/\/talkpal.ai\/ga\/"},{"@type":"ListItem","position":2,"name":"Cleachta\u00ed Gramada\u00ed na h\u00cdsilt\u00edre"}]},{"@type":"WebSite","@id":"https:\/\/talkpal.ai\/ga\/#website","url":"https:\/\/talkpal.ai\/ga\/","name":"Talkpal","description":"AI Language Learning","publisher":{"@id":"https:\/\/talkpal.ai\/ga\/#organization"},"alternateName":"Talkpal AI","potentialAction":[{"@type":"SearchAction","target":{"@type":"EntryPoint","urlTemplate":"https:\/\/talkpal.ai\/ga\/?s={search_term_string}"},"query-input":{"@type":"PropertyValueSpecification","valueRequired":true,"valueName":"search_term_string"}}],"inLanguage":"ga-IE"},{"@type":"Organization","@id":"https:\/\/talkpal.ai\/ga\/#organization","name":"Talkpal, Inc.","alternateName":"Talkpal AI","url":"https:\/\/talkpal.ai\/ga\/","logo":{"@type":"ImageObject","inLanguage":"ga-IE","@id":"https:\/\/talkpal.ai\/ga\/#\/schema\/logo\/image\/","url":"https:\/\/talkpal.ai\/wp-content\/uploads\/2024\/03\/Talkpal-Logo-Icon.png","contentUrl":"https:\/\/talkpal.ai\/wp-content\/uploads\/2024\/03\/Talkpal-Logo-Icon.png","width":2880,"height":2880,"caption":"Talkpal, Inc."},"image":{"@id":"https:\/\/talkpal.ai\/ga\/#\/schema\/logo\/image\/"},"sameAs":["https:\/\/www.facebook.com\/profile.php?id=100090733639311","https:\/\/x.com\/talkpalai","https:\/\/www.linkedin.com\/company\/talkpal\/","https:\/\/www.youtube.com\/@TalkPal\/","https:\/\/www.tiktok.com\/@talkpal","https:\/\/www.instagram.com\/talkpal_ai\/","https:\/\/www.crunchbase.com\/organization\/talkpal-9cde","https:\/\/www.g2.com\/products\/talkpal-for-business\/","https:\/\/www.trustpilot.com\/review\/talkpal.ai","https:\/\/www.capterra.com\/p\/10006800\/TalkPal\/"],"description":"Talkpal is a language learning web and mobile education app, powered by the latest AI technologies, that provides engaging experiences to its customers in many different languages to help them improve their language skills. Users can chat about unlimited amount of topics with the app and use other modes to practice their language learning.","email":"support@talkpal.ai","legalName":"Talkpal, Inc.","foundingDate":"2023-04-03","duns":"118989042","numberOfEmployees":{"@type":"QuantitativeValue","minValue":"11","maxValue":"50"},"publishingPrinciples":"https:\/\/talkpal.ai\/publishing-principles\/","actionableFeedbackPolicy":"https:\/\/talkpal.ai\/actionable-feedback-policy\/","correctionsPolicy":"https:\/\/talkpal.ai\/corrections-policy\/","ethicsPolicy":"https:\/\/talkpal.ai\/ethics-policy\/","diversityPolicy":"https:\/\/talkpal.ai\/diversity-policy\/","diversityStaffingReport":"https:\/\/talkpal.ai\/diversity-policy\/"}]}},"_links":{"self":[{"href":"https:\/\/talkpal.ai\/ga\/wp-json\/wp\/v2\/pages\/1446570","targetHints":{"allow":["GET"]}}],"collection":[{"href":"https:\/\/talkpal.ai\/ga\/wp-json\/wp\/v2\/pages"}],"about":[{"href":"https:\/\/talkpal.ai\/ga\/wp-json\/wp\/v2\/types\/page"}],"author":[{"embeddable":true,"href":"https:\/\/talkpal.ai\/ga\/wp-json\/wp\/v2\/users\/6"}],"replies":[{"embeddable":true,"href":"https:\/\/talkpal.ai\/ga\/wp-json\/wp\/v2\/comments?post=1446570"}],"version-history":[{"count":0,"href":"https:\/\/talkpal.ai\/ga\/wp-json\/wp\/v2\/pages\/1446570\/revisions"}],"wp:featuredmedia":[{"embeddable":true,"href":"https:\/\/talkpal.ai\/ga\/wp-json\/wp\/v2\/media\/1441655"}],"wp:attachment":[{"href":"https:\/\/talkpal.ai\/ga\/wp-json\/wp\/v2\/media?parent=1446570"}],"curies":[{"name":"wp","href":"https:\/\/api.w.org\/{rel}","templated":true}]}}