{"id":1446565,"date":"2023-06-16T10:15:21","date_gmt":"2023-06-16T10:15:21","guid":{"rendered":"https:\/\/talkpal.ai\/cleachtai-gramadai-hionduis\/"},"modified":"2025-12-17T16:18:22","modified_gmt":"2025-12-17T16:18:22","slug":"cleachtai-gramadai-hionduis","status":"publish","type":"page","link":"https:\/\/talkpal.ai\/ga\/cleachtai-gramadai-hionduis\/","title":{"rendered":"Cleachta\u00ed Gramada\u00ed Hiond\u00fais"},"content":{"rendered":"\r\n\r\n\r\n<section class=\"languageChallengeSection\">\r\n    <div class=\"languageInfoWrapper\">\r\n        \r\n        <h1>Cleachta\u00ed Gramada\u00ed Hiond\u00fais<\/h1>\r\n        <p>Ag iarraidh n\u00edos m\u00f3 muin\u00edne a fh\u00e1il i <a href=\"https:\/\/talkpal.ai\/learn-hindi\/\">Hiond\u00fais<\/a>? Is bealach iontach \u00e9 cleachta\u00ed gramada\u00ed a chleachtadh chun m\u00e1istreacht a dh\u00e9anamh ar strucht\u00far abairte, foirmeacha briathra, agus patr\u00fain uath\u00fala na teanga Hiond\u00faise. Tosaigh ag obair ar ghramadach Hiond\u00fais inniu agus f\u00e9ach go bhf\u00e1sann do thuiscint agus do l\u00edofacht le gach cleachtadh!\n\n<\/p>\r\n\r\n                            <a class=\"getStartedHidden\" href=\"https:\/\/app.talkpal.ai\/signup?lng=\">Tosaigh<\/a>\r\n        \r\n    <\/div>\r\n\r\n    <figure>\r\n    <img decoding=\"async\" width=\"768\" height=\"768\" src=\"https:\/\/talkpal.ai\/wp-content\/uploads\/2023\/06\/hindi-768x768.png\" class=\"languageImage no-lazy\" alt=\"Language learning for mental agility\" fetchpriority=\"high\" sizes=\"(max-width: 768px) 150px, 768px\" srcset=\"https:\/\/talkpal.ai\/wp-content\/uploads\/2023\/06\/hindi-768x768.png 768w, https:\/\/talkpal.ai\/wp-content\/uploads\/2023\/06\/hindi-300x300.png 300w\" \/>\r\n    \r\n\r\n    <\/figure>\r\n\r\n            <a class=\"getStartedVisible\" href=\"https:\/\/app.talkpal.ai\/signup?lng=\">Tosaigh<\/a>\r\n    \r\n<\/section>\r\n\r\n\r\n<!-- <section class=\"grammarSection\">\r\n    <div class=\"grammarLinks\">\r\n            <\/div>\r\n<\/section> -->\r\n\r\n\r\n\r\n\r\n<section class=\"promotionalBanner\">\r\n    <p class=\"promotionalText\">An bealach is \u00e9ifeachta\u00ed le teanga a fhoghlaim<\/p>\r\n    <a class=\"promotionalLink\" href=\"https:\/\/app.talkpal.ai\/signup?lng=\">Bain triail as Talkpal saor in aisce<\/a>\r\n<\/section>\n<div class=\"wp-block-group pageContainerStyle\"><div class=\"wp-block-group__inner-container is-layout-constrained wp-block-group-is-layout-constrained\">\n<h2 class=\"wp-block-heading\" id=\"h-hindi-grammar-topics\">Topaic\u00ed Gramada\u00ed Hiond\u00fais<\/h2>\n\n\n\n<p>Is eisp\u00e9ireas corraitheach ach d\u00fashl\u00e1nach \u00e9 teanga <a href=\"https:\/\/talkpal.ai\/talkpal-new-years-discount\/\">nua<\/a> a fhoghlaim, go h\u00e1irithe nuair a thagann s\u00e9 chun a <a href=\"https:\/\/talkpal.ai\/grammar\/\">gramadach<\/a> a thuiscint agus a mh\u00e1istir. T\u00e1 an Hiond\u00fais, ar cheann de na teangacha is m\u00f3 a labhra\u00edtear ar domhan, eisp\u00e9ireas teanga uath\u00fail agus saibhir. Agus t\u00fa ag tabhairt faoi do thuras chun Hiond\u00fais a fhoghlaim, t\u00e1 s\u00e9 riachtanach tuiscint a fh\u00e1il ar na topaic\u00ed gramada\u00ed bun\u00fasacha a leagfaidh bun\u00fas l\u00e1idir do do scileanna teanga. Cuirfidh an treoir seo in aithne duit na pr\u00edomh\u00e1bhair ghramada\u00ed Hiond\u00faise, cnuasaithe i seicheamh a \u00e9asc\u00f3idh do phr\u00f3iseas foghlama.<\/p>\n\n\n\n<h3 class=\"wp-block-heading\" id=\"h-1-nouns\">1. Ainmfhocail:<\/h3>\n\n\n\n<p>Tosaigh ar do thuras foghlama Hiond\u00fais le hainmfhocail, mar is bloic th\u00f3g\u00e1la aon teanga iad. I Hiond\u00fais, d\u00e9antar ainmfhocail a chatag\u00f3iri\u00fa ina dh\u00e1 inscne (firinscneach agus baininscneach) agus is f\u00e9idir leo a bheith uatha n\u00f3 iolra. Cabhr\u00f3idh tuiscint a fh\u00e1il ar bhuneilimint\u00ed ainmfhocail Hiond\u00fais le habairt\u00ed agus fr\u00e1sa\u00ed simpl\u00ed a fhoirmi\u00fa.<\/p>\n\n\n\n<h3 class=\"wp-block-heading\" id=\"h-2-pronouns\">2. Forainmneacha:<\/h3>\n\n\n\n<p>Cuirtear forainmneacha in ionad ainmfhocail in abairt agus cabhra\u00edonn siad le hathr\u00e1 a sheachaint. T\u00e1 forainmneacha Hiond\u00fais roinnte i dtr\u00ed chatag\u00f3ir &#8211; pearsanta, l\u00e9iritheach agus ceisteach. Cuir eolas ar na cine\u00e1lacha \u00e9ags\u00fala forainmneacha chun do scileanna cumars\u00e1ide a fheabhs\u00fa.<\/p>\n\n\n\n<h3 class=\"wp-block-heading\" id=\"h-3-adjectives\">3. Aidiachta\u00ed:<\/h3>\n\n\n\n<p>D\u00e9anann aidiachta\u00ed cur s\u00edos ar thr\u00e9ithe ainmfhocail agus forainmneacha. I Hiond\u00fais, aonta\u00edonn aidiachta\u00ed leis an ainmfhocal a thuairisc\u00edonn siad in inscne agus uimhir. Cuirfidh foghlaim aidiachta\u00ed ar do chumas do chuid smaointe agus tuairim\u00ed a <a href=\"https:\/\/talkpal.ai\/locations\/language-courses-in-chur\/\">chur<\/a> in i\u00fal n\u00edos beoga.<\/p>\n\n\n\n<h3 class=\"wp-block-heading\" id=\"h-4-verbs\">4. Briathra:<\/h3>\n\n\n\n<p>L\u00e9ir\u00edonn briathra gn\u00edomhartha n\u00f3 st\u00e1it bheith. T\u00e1 tr\u00ed phr\u00edomhaimsir ag briathra Hiond\u00fais &#8211; am at\u00e1 caite, i l\u00e1thair agus sa todhcha\u00ed &#8211; agus is f\u00e9idir leo a bheith t\u00e1scach n\u00f3 subjunctive. M\u00e1 fhaigheann t\u00fa tuiscint l\u00e1idir ar bhriathra Hiond\u00fais agus ar a gcuid comhchuingithe beidh t\u00fa in ann gn\u00edomhartha agus imeachta\u00ed a chur in i\u00fal go cruinn.<\/p>\n\n\n\n<h3 class=\"wp-block-heading\" id=\"h-5-tenses-indicative\">5. Aimsir T\u00e1scach:<\/h3>\n\n\n\n<p>L\u00e9ir\u00edonn aimsir\u00ed t\u00e1scacha i Hiond\u00fais f\u00edric\u00ed n\u00f3 cinnteacht agus \u00fas\u00e1idtear iad i gcomhr\u00e1ite laeth\u00fala. Foghlaim na rialacha agus na conjugations do aimsir t\u00e1scacha san am at\u00e1 caite, i l\u00e1thair agus sa todhcha\u00ed chun cumars\u00e1id a dh\u00e9anamh go soil\u00e9ir agus go h\u00e9ifeacht\u00fail.<\/p>\n\n\n\n<h3 class=\"wp-block-heading\" id=\"h-6-tenses-subjunctive\">6. Aimsir Subjunctive:<\/h3>\n\n\n\n<p>L\u00e9ir\u00edonn aimsir subjunctive i Hiond\u00fais gn\u00edomhartha n\u00f3 imeachta\u00ed at\u00e1 neamhchinnte, hipit\u00e9iseach, n\u00f3 contr\u00e1rtha le f\u00edric\u00ed. Cuirfidh m\u00e1istreacht ar an gi\u00famar subjunctive ar do chumas amhras, f\u00e9idearthacht agus mianta a chur in i\u00fal.<\/p>\n\n\n\n<h3 class=\"wp-block-heading\" id=\"h-7-tense-comparison\">7. Compar\u00e1id aimsire:<\/h3>\n\n\n\n<p>Cuid\u00edonn compar\u00e1id idir aimsir \u00e9ags\u00fala i Hiond\u00fais leat tuiscint a fh\u00e1il ar na caidrimh idir gn\u00edomhartha agus imeachta\u00ed in am. Cleachtadh abairt\u00ed a fhoirmi\u00fa ag baint \u00fas\u00e1ide as aimsir\u00ed \u00e9ags\u00fala chun tuiscint chuimsitheach a fhorbairt ar chaidrimh <a href=\"https:\/\/talkpal.ai\/locations\/language-courses-in-ama\/\">ama<\/a>.<\/p>\n\n\n\n<h3 class=\"wp-block-heading\" id=\"h-8-adverbs\">8. Adverbs:<\/h3>\n\n\n\n<p>Modhna\u00edonn adverbs briathra, aidiachta\u00ed n\u00f3 aidiachta\u00ed eile agus sol\u00e1thra\u00edonn siad faisn\u00e9is bhreise faoi ghn\u00edomhartha n\u00f3 c\u00e1il\u00edochta\u00ed. Foghlaim adverbs coitianta Hiond\u00fais agus a socr\u00fach\u00e1n in abairt\u00ed chun do chumais thuairisci\u00fala a fheabhs\u00fa.<\/p>\n\n\n\n<h3 class=\"wp-block-heading\" id=\"h-9-prepositions\">9. Prepositions:<\/h3>\n\n\n\n<p>Ceangla\u00edonn r\u00e9amhfhocail i Hiond\u00fais ainmfhocail, forainmneacha, n\u00f3 fr\u00e1sa\u00ed le focail eile in abairt. L\u00e9ir\u00edonn siad caidrimh mar shu\u00edomh, am agus treo. Cuir eolas ort f\u00e9in ar r\u00e9amhfhocail Hiond\u00fais agus a n-\u00fas\u00e1id chun abairt\u00ed n\u00edos casta a chruth\u00fa.<\/p>\n\n\n\n<h3 class=\"wp-block-heading\" id=\"h-10-articles\">10. Airteagail:<\/h3>\n\n\n\n<p>N\u00edl ailt cos\u00fail le <a href=\"https:\/\/talkpal.ai\/learn-english-with-ai\/\">B\u00e9arla<\/a> ag Hiond\u00fais (an, a, an), ach \u00fas\u00e1ideann s\u00e9 postpositions chun br\u00edonna den chine\u00e1l c\u00e9anna a chur in i\u00fal. Cabhr\u00f3idh tuiscint a fh\u00e1il ar \u00fas\u00e1id postpositions i Hiond\u00fais leat cinnteacht agus \u00e9iginnteacht a chur in i\u00fal i gceart i do chuid abairt\u00ed.<\/p>\n\n\n\n<h3 class=\"wp-block-heading\" id=\"h-11-sentence-structure\">11. Strucht\u00far na habairte:<\/h3>\n\n\n\n<p>Ar deireadh, foghlaim an strucht\u00far bun\u00fasach abairte i Hiond\u00fais, a leanann patr\u00fan <a href=\"https:\/\/talkpal.ai\/culture\/how-do-you-structure-a-sentence-using-subject-object-verb-order-in-uzbek\/\">Subject-Object-Verb<\/a> (SOV). Cuirfidh tuiscint ar strucht\u00far abairt\u00ed Hiond\u00fais ar do chumas cumars\u00e1id a dh\u00e9anamh go h\u00e9ifeachtach agus le soil\u00e9ireacht.<\/p>\n\n\n\n<p>Tr\u00ed an seicheamh seo d&#8217;\u00e1bhair ghramada\u00ed Hiond\u00fais a lean\u00faint, beidh t\u00fa feistithe go maith chun Hiond\u00fais a thuiscint, a labhairt agus a scr\u00edobh, rud a ligeann duit t\u00fa f\u00e9in a thumadh go hioml\u00e1n i gcult\u00far agus i dtraidisi\u00fain shaibhir na r\u00e9igi\u00fan ina labhra\u00edtear Hiond\u00fais.<\/p>\n<\/div><\/div>\n\r\n<section class=\"learnNavigationSection\">\r\n            \r\n        <a href=\"https:\/\/talkpal.ai\/ga\/foghlaim-hionduis\/\">\r\n            <div class=\"learnNavigationWrapper\">\r\n                <div class=\"learnNavigationContent\">\r\n                    <img decoding=\"async\" src=\"https:\/\/talkpal.ai\/wp-content\/uploads\/2024\/08\/Hindi.jpg\" alt=\"Indian Flag\">\r\n                    <div>\r\n                        <h4>Maidir le Foghlaim Hiond\u00fais<\/h4>\r\n                        <p>Faigh amach gach rud faoi ghramadach Hiond\u00fais.<\/p>\r\n                    <\/div>\r\n                <\/div>\r\n            <\/div>\r\n        <\/a>\r\n\r\n        \r\n        <a href=\"https:\/\/talkpal.ai\/ga\/gramadach-hionduis\/\">\r\n            <div class=\"learnNavigationWrapper\">\r\n                <div class=\"learnNavigationContent\">\r\n                    <img decoding=\"async\" src=\"https:\/\/talkpal.ai\/wp-content\/uploads\/2024\/08\/Hindi.jpg\" alt=\"Indian Flag\">\r\n                    <div>\r\n                        <h4>Ceachtanna Gramada\u00ed Hiond\u00fais<\/h4>\r\n                        <p>Cleachtadh gramadach Hiond\u00fais.<\/p>\r\n                    <\/div>\r\n                <\/div>\r\n            <\/div>\r\n        <\/a>\r\n\r\n        \r\n        <a href=\"https:\/\/talkpal.ai\/vocabulary_language\/hindi\/\">\r\n            <div class=\"learnNavigationWrapper\">\r\n                <div class=\"learnNavigationContent\">\r\n                    <img decoding=\"async\" src=\"https:\/\/talkpal.ai\/wp-content\/uploads\/2024\/08\/Hindi.jpg\" alt=\"Indian Flag\">\r\n                    <div>\r\n                        <h4>St\u00f3r focal Hiond\u00fais<\/h4>\r\n                        <p>Leathnaigh do st\u00f3r focal Hiond\u00fais.<\/p>\r\n                    <\/div>\r\n                <\/div>\r\n            <\/div>\r\n        <\/a>\r\n\r\n            <\/section>","protected":false},"excerpt":{"rendered":"<p>Topaic\u00ed Gramada\u00ed Hiond\u00fais Is eisp\u00e9ireas corraitheach ach d\u00fashl\u00e1nach \u00e9 teanga nua a fhoghlaim, go h\u00e1irithe nuair a thagann s\u00e9 chun a gramadach a thuiscint agus a mh\u00e1istir. T\u00e1 an Hiond\u00fais, ar cheann de na teangacha is m\u00f3 a labhra\u00edtear ar domhan, eisp\u00e9ireas teanga uath\u00fail agus saibhir. Agus t\u00fa ag tabhairt faoi do thuras chun Hiond\u00fais [&hellip;]<\/p>\n","protected":false},"author":6,"featured_media":1441648,"parent":0,"menu_order":0,"comment_status":"closed","ping_status":"closed","template":"LearningContentPage.php","meta":{"_acf_changed":false,"footnotes":""},"class_list":["post-1446565","page","type-page","status-publish","has-post-thumbnail","hentry"],"acf":[],"yoast_head":"<!-- This site is optimized with the Yoast SEO Premium plugin v27.2 (Yoast SEO v27.2) - https:\/\/yoast.com\/product\/yoast-seo-premium-wordpress\/ -->\n<title>Cleachta\u00ed Gramada\u00ed Hiond\u00fais - Talkpal<\/title>\n<meta name=\"description\" content=\"Cleachtadh gramadach Hiond\u00fais go h\u00e9asca - bain triail as cleachta\u00ed idirghn\u00edomhacha chun do chuid scileanna a fheabhs\u00fa agus foghlaim n\u00edos tap\u00fala le TalkPal AI.\" \/>\n<meta name=\"robots\" content=\"index, follow, max-snippet:-1, max-image-preview:large, max-video-preview:-1\" \/>\n<link rel=\"canonical\" href=\"https:\/\/talkpal.ai\/ga\/cleachtai-gramadai-hionduis\/\" \/>\n<meta property=\"og:locale\" content=\"ga_IE\" \/>\n<meta property=\"og:type\" content=\"article\" \/>\n<meta property=\"og:title\" content=\"Cleachta\u00ed Gramada\u00ed Hiond\u00fais\" \/>\n<meta property=\"og:description\" content=\"Topaic\u00ed Gramada\u00ed Hiond\u00fais Is eisp\u00e9ireas corraitheach ach d\u00fashl\u00e1nach \u00e9 teanga nua a fhoghlaim, go h\u00e1irithe nuair a thagann s\u00e9 chun a gramadach a thuiscint\" \/>\n<meta property=\"og:url\" content=\"https:\/\/talkpal.ai\/ga\/cleachtai-gramadai-hionduis\/\" \/>\n<meta property=\"og:site_name\" content=\"Talkpal\" \/>\n<meta property=\"article:publisher\" content=\"https:\/\/www.facebook.com\/profile.php?id=100090733639311\" \/>\n<meta property=\"article:modified_time\" content=\"2025-12-17T16:18:22+00:00\" \/>\n<meta property=\"og:image\" content=\"https:\/\/talkpal.ai\/wp-content\/uploads\/2024\/02\/india.png\" \/>\n\t<meta property=\"og:image:width\" content=\"517\" \/>\n\t<meta property=\"og:image:height\" content=\"517\" \/>\n\t<meta property=\"og:image:type\" content=\"image\/png\" \/>\n<meta name=\"twitter:card\" content=\"summary_large_image\" \/>\n<meta name=\"twitter:site\" content=\"@talkpalai\" \/>\n<meta name=\"twitter:label1\" content=\"Est. reading time\" \/>\n\t<meta name=\"twitter:data1\" content=\"4 minutes\" \/>\n<script type=\"application\/ld+json\" class=\"yoast-schema-graph\">{\"@context\":\"https:\/\/schema.org\",\"@graph\":[{\"@type\":\"WebPage\",\"@id\":\"https:\/\/talkpal.ai\/ga\/cleachtai-gramadai-hionduis\/\",\"url\":\"https:\/\/talkpal.ai\/ga\/cleachtai-gramadai-hionduis\/\",\"name\":\"Cleachta\u00ed Gramada\u00ed Hiond\u00fais - Talkpal\",\"isPartOf\":{\"@id\":\"https:\/\/talkpal.ai\/ga\/#website\"},\"primaryImageOfPage\":{\"@id\":\"https:\/\/talkpal.ai\/ga\/cleachtai-gramadai-hionduis\/#primaryimage\"},\"image\":{\"@id\":\"https:\/\/talkpal.ai\/ga\/cleachtai-gramadai-hionduis\/#primaryimage\"},\"thumbnailUrl\":\"https:\/\/talkpal.ai\/wp-content\/uploads\/2024\/02\/india.png\",\"datePublished\":\"2023-06-16T10:15:21+00:00\",\"dateModified\":\"2025-12-17T16:18:22+00:00\",\"description\":\"Cleachtadh gramadach Hiond\u00fais go h\u00e9asca - bain triail as cleachta\u00ed idirghn\u00edomhacha chun do chuid scileanna a fheabhs\u00fa agus foghlaim n\u00edos tap\u00fala le TalkPal AI.\",\"breadcrumb\":{\"@id\":\"https:\/\/talkpal.ai\/ga\/cleachtai-gramadai-hionduis\/#breadcrumb\"},\"inLanguage\":\"ga-IE\",\"potentialAction\":[{\"@type\":\"ReadAction\",\"target\":[\"https:\/\/talkpal.ai\/ga\/cleachtai-gramadai-hionduis\/\"]}]},{\"@type\":\"ImageObject\",\"inLanguage\":\"ga-IE\",\"@id\":\"https:\/\/talkpal.ai\/ga\/cleachtai-gramadai-hionduis\/#primaryimage\",\"url\":\"https:\/\/talkpal.ai\/wp-content\/uploads\/2024\/02\/india.png\",\"contentUrl\":\"https:\/\/talkpal.ai\/wp-content\/uploads\/2024\/02\/india.png\",\"width\":517,\"height\":517,\"caption\":\"TalkPal Indian Flag\"},{\"@type\":\"BreadcrumbList\",\"@id\":\"https:\/\/talkpal.ai\/ga\/cleachtai-gramadai-hionduis\/#breadcrumb\",\"itemListElement\":[{\"@type\":\"ListItem\",\"position\":1,\"name\":\"Homepage\",\"item\":\"https:\/\/talkpal.ai\/ga\/\"},{\"@type\":\"ListItem\",\"position\":2,\"name\":\"Cleachta\u00ed Gramada\u00ed Hiond\u00fais\"}]},{\"@type\":\"WebSite\",\"@id\":\"https:\/\/talkpal.ai\/ga\/#website\",\"url\":\"https:\/\/talkpal.ai\/ga\/\",\"name\":\"Talkpal\",\"description\":\"AI Language Learning\",\"publisher\":{\"@id\":\"https:\/\/talkpal.ai\/ga\/#organization\"},\"alternateName\":\"Talkpal AI\",\"potentialAction\":[{\"@type\":\"SearchAction\",\"target\":{\"@type\":\"EntryPoint\",\"urlTemplate\":\"https:\/\/talkpal.ai\/ga\/?s={search_term_string}\"},\"query-input\":{\"@type\":\"PropertyValueSpecification\",\"valueRequired\":true,\"valueName\":\"search_term_string\"}}],\"inLanguage\":\"ga-IE\"},{\"@type\":\"Organization\",\"@id\":\"https:\/\/talkpal.ai\/ga\/#organization\",\"name\":\"Talkpal, Inc.\",\"alternateName\":\"Talkpal AI\",\"url\":\"https:\/\/talkpal.ai\/ga\/\",\"logo\":{\"@type\":\"ImageObject\",\"inLanguage\":\"ga-IE\",\"@id\":\"https:\/\/talkpal.ai\/ga\/#\/schema\/logo\/image\/\",\"url\":\"https:\/\/talkpal.ai\/wp-content\/uploads\/2024\/03\/Talkpal-Logo-Icon.png\",\"contentUrl\":\"https:\/\/talkpal.ai\/wp-content\/uploads\/2024\/03\/Talkpal-Logo-Icon.png\",\"width\":2880,\"height\":2880,\"caption\":\"Talkpal, Inc.\"},\"image\":{\"@id\":\"https:\/\/talkpal.ai\/ga\/#\/schema\/logo\/image\/\"},\"sameAs\":[\"https:\/\/www.facebook.com\/profile.php?id=100090733639311\",\"https:\/\/x.com\/talkpalai\",\"https:\/\/www.linkedin.com\/company\/talkpal\/\",\"https:\/\/www.youtube.com\/@TalkPal\/\",\"https:\/\/www.tiktok.com\/@talkpal\",\"https:\/\/www.instagram.com\/talkpal_ai\/\",\"https:\/\/www.crunchbase.com\/organization\/talkpal-9cde\",\"https:\/\/www.g2.com\/products\/talkpal-for-business\/\",\"https:\/\/www.trustpilot.com\/review\/talkpal.ai\",\"https:\/\/www.capterra.com\/p\/10006800\/TalkPal\/\"],\"description\":\"Talkpal is a language learning web and mobile education app, powered by the latest AI technologies, that provides engaging experiences to its customers in many different languages to help them improve their language skills. Users can chat about unlimited amount of topics with the app and use other modes to practice their language learning.\",\"email\":\"support@talkpal.ai\",\"legalName\":\"Talkpal, Inc.\",\"foundingDate\":\"2023-04-03\",\"duns\":\"118989042\",\"numberOfEmployees\":{\"@type\":\"QuantitativeValue\",\"minValue\":\"11\",\"maxValue\":\"50\"},\"publishingPrinciples\":\"https:\/\/talkpal.ai\/publishing-principles\/\",\"actionableFeedbackPolicy\":\"https:\/\/talkpal.ai\/actionable-feedback-policy\/\",\"correctionsPolicy\":\"https:\/\/talkpal.ai\/corrections-policy\/\",\"ethicsPolicy\":\"https:\/\/talkpal.ai\/ethics-policy\/\",\"diversityPolicy\":\"https:\/\/talkpal.ai\/diversity-policy\/\",\"diversityStaffingReport\":\"https:\/\/talkpal.ai\/diversity-policy\/\"}]}<\/script>\n<!-- \/ Yoast SEO Premium plugin. -->","yoast_head_json":{"title":"Cleachta\u00ed Gramada\u00ed Hiond\u00fais - Talkpal","description":"Cleachtadh gramadach Hiond\u00fais go h\u00e9asca - bain triail as cleachta\u00ed idirghn\u00edomhacha chun do chuid scileanna a fheabhs\u00fa agus foghlaim n\u00edos tap\u00fala le TalkPal AI.","robots":{"index":"index","follow":"follow","max-snippet":"max-snippet:-1","max-image-preview":"max-image-preview:large","max-video-preview":"max-video-preview:-1"},"canonical":"https:\/\/talkpal.ai\/ga\/cleachtai-gramadai-hionduis\/","og_locale":"ga_IE","og_type":"article","og_title":"Cleachta\u00ed Gramada\u00ed Hiond\u00fais","og_description":"Topaic\u00ed Gramada\u00ed Hiond\u00fais Is eisp\u00e9ireas corraitheach ach d\u00fashl\u00e1nach \u00e9 teanga nua a fhoghlaim, go h\u00e1irithe nuair a thagann s\u00e9 chun a gramadach a thuiscint","og_url":"https:\/\/talkpal.ai\/ga\/cleachtai-gramadai-hionduis\/","og_site_name":"Talkpal","article_publisher":"https:\/\/www.facebook.com\/profile.php?id=100090733639311","article_modified_time":"2025-12-17T16:18:22+00:00","og_image":[{"width":517,"height":517,"url":"https:\/\/talkpal.ai\/wp-content\/uploads\/2024\/02\/india.png","type":"image\/png"}],"twitter_card":"summary_large_image","twitter_site":"@talkpalai","twitter_misc":{"Est. reading time":"4 minutes"},"schema":{"@context":"https:\/\/schema.org","@graph":[{"@type":"WebPage","@id":"https:\/\/talkpal.ai\/ga\/cleachtai-gramadai-hionduis\/","url":"https:\/\/talkpal.ai\/ga\/cleachtai-gramadai-hionduis\/","name":"Cleachta\u00ed Gramada\u00ed Hiond\u00fais - Talkpal","isPartOf":{"@id":"https:\/\/talkpal.ai\/ga\/#website"},"primaryImageOfPage":{"@id":"https:\/\/talkpal.ai\/ga\/cleachtai-gramadai-hionduis\/#primaryimage"},"image":{"@id":"https:\/\/talkpal.ai\/ga\/cleachtai-gramadai-hionduis\/#primaryimage"},"thumbnailUrl":"https:\/\/talkpal.ai\/wp-content\/uploads\/2024\/02\/india.png","datePublished":"2023-06-16T10:15:21+00:00","dateModified":"2025-12-17T16:18:22+00:00","description":"Cleachtadh gramadach Hiond\u00fais go h\u00e9asca - bain triail as cleachta\u00ed idirghn\u00edomhacha chun do chuid scileanna a fheabhs\u00fa agus foghlaim n\u00edos tap\u00fala le TalkPal AI.","breadcrumb":{"@id":"https:\/\/talkpal.ai\/ga\/cleachtai-gramadai-hionduis\/#breadcrumb"},"inLanguage":"ga-IE","potentialAction":[{"@type":"ReadAction","target":["https:\/\/talkpal.ai\/ga\/cleachtai-gramadai-hionduis\/"]}]},{"@type":"ImageObject","inLanguage":"ga-IE","@id":"https:\/\/talkpal.ai\/ga\/cleachtai-gramadai-hionduis\/#primaryimage","url":"https:\/\/talkpal.ai\/wp-content\/uploads\/2024\/02\/india.png","contentUrl":"https:\/\/talkpal.ai\/wp-content\/uploads\/2024\/02\/india.png","width":517,"height":517,"caption":"TalkPal Indian Flag"},{"@type":"BreadcrumbList","@id":"https:\/\/talkpal.ai\/ga\/cleachtai-gramadai-hionduis\/#breadcrumb","itemListElement":[{"@type":"ListItem","position":1,"name":"Homepage","item":"https:\/\/talkpal.ai\/ga\/"},{"@type":"ListItem","position":2,"name":"Cleachta\u00ed Gramada\u00ed Hiond\u00fais"}]},{"@type":"WebSite","@id":"https:\/\/talkpal.ai\/ga\/#website","url":"https:\/\/talkpal.ai\/ga\/","name":"Talkpal","description":"AI Language Learning","publisher":{"@id":"https:\/\/talkpal.ai\/ga\/#organization"},"alternateName":"Talkpal AI","potentialAction":[{"@type":"SearchAction","target":{"@type":"EntryPoint","urlTemplate":"https:\/\/talkpal.ai\/ga\/?s={search_term_string}"},"query-input":{"@type":"PropertyValueSpecification","valueRequired":true,"valueName":"search_term_string"}}],"inLanguage":"ga-IE"},{"@type":"Organization","@id":"https:\/\/talkpal.ai\/ga\/#organization","name":"Talkpal, Inc.","alternateName":"Talkpal AI","url":"https:\/\/talkpal.ai\/ga\/","logo":{"@type":"ImageObject","inLanguage":"ga-IE","@id":"https:\/\/talkpal.ai\/ga\/#\/schema\/logo\/image\/","url":"https:\/\/talkpal.ai\/wp-content\/uploads\/2024\/03\/Talkpal-Logo-Icon.png","contentUrl":"https:\/\/talkpal.ai\/wp-content\/uploads\/2024\/03\/Talkpal-Logo-Icon.png","width":2880,"height":2880,"caption":"Talkpal, Inc."},"image":{"@id":"https:\/\/talkpal.ai\/ga\/#\/schema\/logo\/image\/"},"sameAs":["https:\/\/www.facebook.com\/profile.php?id=100090733639311","https:\/\/x.com\/talkpalai","https:\/\/www.linkedin.com\/company\/talkpal\/","https:\/\/www.youtube.com\/@TalkPal\/","https:\/\/www.tiktok.com\/@talkpal","https:\/\/www.instagram.com\/talkpal_ai\/","https:\/\/www.crunchbase.com\/organization\/talkpal-9cde","https:\/\/www.g2.com\/products\/talkpal-for-business\/","https:\/\/www.trustpilot.com\/review\/talkpal.ai","https:\/\/www.capterra.com\/p\/10006800\/TalkPal\/"],"description":"Talkpal is a language learning web and mobile education app, powered by the latest AI technologies, that provides engaging experiences to its customers in many different languages to help them improve their language skills. Users can chat about unlimited amount of topics with the app and use other modes to practice their language learning.","email":"support@talkpal.ai","legalName":"Talkpal, Inc.","foundingDate":"2023-04-03","duns":"118989042","numberOfEmployees":{"@type":"QuantitativeValue","minValue":"11","maxValue":"50"},"publishingPrinciples":"https:\/\/talkpal.ai\/publishing-principles\/","actionableFeedbackPolicy":"https:\/\/talkpal.ai\/actionable-feedback-policy\/","correctionsPolicy":"https:\/\/talkpal.ai\/corrections-policy\/","ethicsPolicy":"https:\/\/talkpal.ai\/ethics-policy\/","diversityPolicy":"https:\/\/talkpal.ai\/diversity-policy\/","diversityStaffingReport":"https:\/\/talkpal.ai\/diversity-policy\/"}]}},"_links":{"self":[{"href":"https:\/\/talkpal.ai\/ga\/wp-json\/wp\/v2\/pages\/1446565","targetHints":{"allow":["GET"]}}],"collection":[{"href":"https:\/\/talkpal.ai\/ga\/wp-json\/wp\/v2\/pages"}],"about":[{"href":"https:\/\/talkpal.ai\/ga\/wp-json\/wp\/v2\/types\/page"}],"author":[{"embeddable":true,"href":"https:\/\/talkpal.ai\/ga\/wp-json\/wp\/v2\/users\/6"}],"replies":[{"embeddable":true,"href":"https:\/\/talkpal.ai\/ga\/wp-json\/wp\/v2\/comments?post=1446565"}],"version-history":[{"count":0,"href":"https:\/\/talkpal.ai\/ga\/wp-json\/wp\/v2\/pages\/1446565\/revisions"}],"wp:featuredmedia":[{"embeddable":true,"href":"https:\/\/talkpal.ai\/ga\/wp-json\/wp\/v2\/media\/1441648"}],"wp:attachment":[{"href":"https:\/\/talkpal.ai\/ga\/wp-json\/wp\/v2\/media?parent=1446565"}],"curies":[{"name":"wp","href":"https:\/\/api.w.org\/{rel}","templated":true}]}}