{"id":1446557,"date":"2023-06-16T10:21:59","date_gmt":"2023-06-16T10:21:59","guid":{"rendered":"https:\/\/talkpal.ai\/cleachtai-gramadai-na-seapaine\/"},"modified":"2025-12-17T16:56:38","modified_gmt":"2025-12-17T16:56:38","slug":"cleachtai-gramadai-na-seapaine","status":"publish","type":"page","link":"https:\/\/talkpal.ai\/ga\/cleachtai-gramadai-na-seapaine\/","title":{"rendered":"Cleachta\u00ed Gramada\u00ed na Seap\u00e1ine"},"content":{"rendered":"\r\n\r\n\r\n<section class=\"languageChallengeSection\">\r\n    <div class=\"languageInfoWrapper\">\r\n        \r\n        <h1>Cleachta\u00ed Gramada\u00ed na Seap\u00e1ine<\/h1>\r\n        <p>R\u00e9idh le do <a href=\"https:\/\/talkpal.ai\/learn-japanese\/\">Seap\u00e1inis<\/a> a th\u00f3g\u00e1il go dt\u00ed an ch\u00e9ad leibh\u00e9al eile? Is bealach iontach \u00e9 cleachta\u00ed gramada\u00ed a chleachtadh chun patr\u00fain abairt\u00ed a thuiscint, c\u00e1ithn\u00edn\u00ed a \u00fas\u00e1id i gceart, agus moth\u00fa n\u00edos baile leis an teanga. L\u00e9im isteach, bain triail as point\u00ed gramada\u00ed <a href=\"https:\/\/talkpal.ai\/talkpal-new-years-discount\/\">nua<\/a>, agus f\u00e9ach conas a thugann gach cleachtadh t\u00fa n\u00edos gaire do l\u00edofacht &#8211; tosaigh ag cleachtadh <a href=\"https:\/\/talkpal.ai\/ga\/cleachtai-gramadai-na-hisiltire\/\">gramada\u00ed na<\/a> Seap\u00e1ine inniu!<\/p>\r\n\r\n                            <a class=\"getStartedHidden\" href=\"https:\/\/app.talkpal.ai\/signup?lng=\">Tosaigh<\/a>\r\n        \r\n    <\/div>\r\n\r\n    <figure>\r\n    <img decoding=\"async\" width=\"768\" height=\"768\" src=\"https:\/\/talkpal.ai\/wp-content\/uploads\/2023\/06\/japanese-768x768.png\" class=\"languageImage no-lazy\" alt=\"Language learning for world travelers\" fetchpriority=\"high\" sizes=\"(max-width: 768px) 150px, 768px\" srcset=\"https:\/\/talkpal.ai\/wp-content\/uploads\/2023\/06\/japanese-768x768.png 768w, https:\/\/talkpal.ai\/wp-content\/uploads\/2023\/06\/japanese-300x300.png 300w\" \/>\r\n    \r\n\r\n    <\/figure>\r\n\r\n            <a class=\"getStartedVisible\" href=\"https:\/\/app.talkpal.ai\/signup?lng=\">Tosaigh<\/a>\r\n    \r\n<\/section>\r\n\r\n\r\n<!-- <section class=\"grammarSection\">\r\n    <div class=\"grammarLinks\">\r\n            <\/div>\r\n<\/section> -->\r\n\r\n\r\n\r\n\r\n<section class=\"promotionalBanner\">\r\n    <p class=\"promotionalText\">An bealach is \u00e9ifeachta\u00ed le teanga a fhoghlaim<\/p>\r\n    <a class=\"promotionalLink\" href=\"https:\/\/app.talkpal.ai\/signup?lng=\">Bain triail as Talkpal saor in aisce<\/a>\r\n<\/section>\n<div class=\"wp-block-group pageContainerStyle\"><div class=\"wp-block-group__inner-container is-layout-constrained wp-block-group-is-layout-constrained\">\n<h2 class=\"wp-block-heading\" id=\"h-japanese-grammar-topics\">Topaic\u00ed Gramada\u00ed na Seap\u00e1ine<\/h2>\n\n\n\n<p>Is f\u00e9idir le foghlaim na Seap\u00e1ine a bheith ina eisp\u00e9ireas spreag\u00fail agus luachmhar, mar oscla\u00edonn s\u00e9 domhan ioml\u00e1n nua cult\u00fair, cumars\u00e1ide agus f\u00e1is phearsanta. T\u00e1 strucht\u00far agus c\u00f3ras gramada\u00ed uath\u00fail ag an teanga Seap\u00e1inis, rud a d&#8217;fh\u00e9adfadh a bheith scanr\u00fail ar dt\u00fas, ach is f\u00e9idir \u00e9 a mh\u00e1istreacht tr\u00ed chleachtas comhsheasmhach agus plean foghlama dea-eagraithe. D&#8217;fhonn do thuras isteach i saol na Seap\u00e1ine a \u00e9asc\u00fa, t\u00e1 na topaic\u00ed gramada\u00ed riachtanacha cnuasaithe againn i seicheamh a chabhr\u00f3idh leat bun\u00fas l\u00e1idir a th\u00f3g\u00e1il agus dul chun cinn go r\u00e9idh. Tr\u00ed dh\u00edri\u00fa ar na heilimint\u00ed gramada\u00ed seo, beidh t\u00fa ar do bhealach chun inni\u00falacht sa tSeap\u00e1inis a bhaint amach.<\/p>\n\n\n\n<h3 class=\"wp-block-heading\" id=\"h-1-particles\">1. C\u00e1ithn\u00edn\u00ed:<\/h3>\n\n\n\n<p>T\u00e1 c\u00e1ithn\u00edn\u00ed riachtanach sa tSeap\u00e1inis, mar l\u00e9ir\u00edonn siad an gaol idir focail in abairt. Feidhm\u00edonn siad mar r\u00e9amhfhocail agus postpositions i dteangacha eile. Cuideoidh c\u00e1ithn\u00edn\u00ed foghlama mar \u306f (wa), \u304c (ga), \u3092 (wo), \u306b (ni), \u3067 (de), agus \u3068 (to) leat abairt\u00ed bun\u00fasacha a fhoirmi\u00fa agus feidhm gach focal a thuiscint.<\/p>\n\n\n\n<h3 class=\"wp-block-heading\" id=\"h-2-nouns\">2. Ainmfhocail:<\/h3>\n\n\n\n<p>Ligfidh t\u00fa duit tos\u00fa ag t\u00f3g\u00e1il do st\u00f3r focal. N\u00edl inscne, uimhir n\u00f3 ailt ag ainmfhocail na Seap\u00e1ine, rud a shimplia\u00edonn an pr\u00f3iseas foghlama.<\/p>\n\n\n\n<h3 class=\"wp-block-heading\" id=\"h-3-pronouns\">3. Forainmneacha:<\/h3>\n\n\n\n<p>\u00das\u00e1idtear forainmneacha na Seap\u00e1ine chun tagairt a dh\u00e9anamh do dhaoine agus do ruda\u00ed. I measc roinnt forainmneacha coitianta t\u00e1 \u79c1 (watashi &#8211; I), \u3042\u306a\u305f (anata &#8211; tusa), \u5f7c (kare &#8211; s\u00e9), \u5f7c\u5973 (kanojo &#8211; s\u00ed), agus \u305d\u308c (tinn &#8211; sin).<\/p>\n\n\n\n<h3 class=\"wp-block-heading\" id=\"h-4-verb-conjugation\">4. Verb Conjugation:<\/h3>\n\n\n\n<p>T\u00e1 comhchuingithe difri\u00fala ag briathra na Seap\u00e1ine bunaithe ar aimsir, dea-bh\u00e9asa, agus facht\u00f3ir\u00ed eile. Cuideoidh foghlaim na bhfoirmeacha bun\u00fasacha briathartha, mar shampla foirm an fhocl\u00f3ra, foirm -masu, agus foirm -te, leat gn\u00edomhartha agus st\u00e1it \u00e9ags\u00fala a <a href=\"https:\/\/talkpal.ai\/locations\/language-courses-in-chur\/\">chur<\/a> in i\u00fal.<\/p>\n\n\n\n<h3 class=\"wp-block-heading\" id=\"h-5-tenses\">5. Aimsir:<\/h3>\n\n\n\n<p>T\u00e1 aimsir chaite agus neamh-aimsir na Seap\u00e1ine, agus \u00fas\u00e1idtear an dara ceann le haghaidh gn\u00edomhartha sa l\u00e1 at\u00e1 inniu ann agus sa todhcha\u00ed. Cuideoidh tuiscint a fh\u00e1il ar conas briathra a chomhcheangal sna aimsir seo leat am a chur in i\u00fal go cruinn.<\/p>\n\n\n\n<h3 class=\"wp-block-heading\" id=\"h-6-adjectives\">6. Aidiachta\u00ed:<\/h3>\n\n\n\n<p>T\u00e1 aidiachta\u00ed na Seap\u00e1ine roinnte ina dh\u00e1 ghr\u00fapa: i-aidiachta\u00ed agus na-aidiachta\u00ed. Cuideoidh foghlaim a gcuid rialacha comhchuingithe agus conas iad a \u00fas\u00e1id in abairt\u00ed leat cur s\u00edos a dh\u00e9anamh ar ruda\u00ed, daoine agus staideanna .<\/p>\n\n\n\n<h3 class=\"wp-block-heading\" id=\"h-7-adverbs\">7. Adverbs:<\/h3>\n\n\n\n<p>Modhna\u00edonn adverbs briathra, aidiachta\u00ed agus adverbs eile, ag cur nuance le d&#8217;abairt\u00ed. I measc na n-adverbs coitianta Seap\u00e1nach t\u00e1 \u901f\u304f (hayaku &#8211; go tapa), \u3086\u3063\u304f\u308a (yukkuri &#8211; go mall), agus \u3068\u3066\u3082 (totemo &#8211; an-).<\/p>\n\n\n\n<h3 class=\"wp-block-heading\" id=\"h-8-prepositions\">8. Prepositions:<\/h3>\n\n\n\n<p>C\u00e9 nach bhfuil r\u00e9amhfhocail ag an tSeap\u00e1inis ar an mbealach c\u00e9anna leis an mB\u00e9arla, feidhm\u00edonn roinnt c\u00e1ithn\u00edn\u00ed mar an gc\u00e9anna. Cabhr\u00f3idh foghlaim na gc\u00e1ithn\u00edn\u00ed seo agus a n-\u00fas\u00e1id\u00ed leat caidrimh sp\u00e1s\u00fala agus <a href=\"https:\/\/talkpal.ai\/locations\/language-courses-in-ama\/\">ama<\/a> a chur in i\u00fal.<\/p>\n\n\n\n<h3 class=\"wp-block-heading\" id=\"h-9-conjunctions\">9. Comhcheangail:<\/h3>\n\n\n\n<p>\u00das\u00e1idtear <a href=\"https:\/\/talkpal.ai\/ko\/grammar\/conjunctions-%ec%98%81%ec%96%b4-%eb%ac%b8%eb%b2%95%ec%97%90%ec%84%9c\/\">conjunctions<\/a> chun focail, fr\u00e1sa\u00ed agus cl\u00e1sail a nascadh. I measc na gcomhcheangal coitianta Seap\u00e1ine t\u00e1 \u305d\u3057\u3066 (soshite &#8211; agus), \u3057\u304b\u3057 (shikashi &#8211; \u00e1fach), agus \u3060\u304b\u3089 (dakara &#8211; d\u00e1 bhr\u00ed sin).<\/p>\n\n\n\n<h3 class=\"wp-block-heading\" id=\"h-10-sentence-structure\">10. Strucht\u00far na habairte:<\/h3>\n\n\n\n<p>Leanann an tSeap\u00e1inis strucht\u00far abairte \u00e1bhar-rud-briathar (SOV). Cuideoidh tuiscint ar an strucht\u00far seo agus ar phatr\u00fain abairt\u00ed eile leat abairt\u00ed cruinne agus casta a chruth\u00fa.<\/p>\n\n\n\n<h3 class=\"wp-block-heading\" id=\"h-11-honorifics\">11. On\u00f3racha:<\/h3>\n\n\n\n<p>T\u00e1 c\u00f3ras casta on\u00f3racha ag an tSeap\u00e1inis a l\u00e9ir\u00edonn dea-bh\u00e9asa agus meas. Cuideoidh foghlaim bunghn\u00e9ithe na cainte oinigh, mar shampla \u00fas\u00e1id \u3067\u3059 (desu) agus \u307e\u3059 (masu), leat staideanna s\u00f3isialta a nasclean\u00faint.<\/p>\n\n\n\n<h3 class=\"wp-block-heading\" id=\"h-12-expressions\">12. Abairt\u00ed:<\/h3>\n\n\n\n<p>Cuideoidh eolas agat ar nathanna agus idioms coitianta na Seap\u00e1ine leat fuaim n\u00edos n\u00e1d\u00fartha agus n\u00edos l\u00edofa i gcomhr\u00e1.<\/p>\n\n\n\n<h3 class=\"wp-block-heading\" id=\"h-13-numbers\">13. Uimhreacha:<\/h3>\n\n\n\n<p>T\u00e1 c\u00f3ras uimhreacha uath\u00fail ag an tSeap\u00e1inis, le cuntair \u00e9ags\u00fala do ruda\u00ed \u00e9ags\u00fala. T\u00e1 foghlaim conas uimhreacha a chomhaireamh agus a \u00fas\u00e1id i gcomhth\u00e9acs riachtanach don chumars\u00e1id laeth\u00fail.<\/p>\n\n\n\n<h3 class=\"wp-block-heading\" id=\"h-14-verbs\">14. Briathra:<\/h3>\n\n\n\n<p>Mar fhocal scoir, ligfidh leathn\u00fa do st\u00f3r focal briathar duit raon leathan gn\u00edomhartha agus st\u00e1it a chur in i\u00fal, rud a chuirfidh ar do chumas cumars\u00e1id a dh\u00e9anamh n\u00edos \u00e9ifeachta\u00ed i Seap\u00e1inis.<\/p>\n<\/div><\/div>\n\r\n<section class=\"learnNavigationSection\">\r\n            \r\n        <a href=\"https:\/\/talkpal.ai\/ga\/foghlaim-seapainis\/\">\r\n            <div class=\"learnNavigationWrapper\">\r\n                <div class=\"learnNavigationContent\">\r\n                    <img decoding=\"async\" src=\"https:\/\/talkpal.ai\/wp-content\/uploads\/2024\/08\/Japanese.jpg\" alt=\"Japanese Flag\">\r\n                    <div>\r\n                        <h4>Maidir le Foghlaim na Seap\u00e1ine<\/h4>\r\n                        <p>Faigh amach gach rud faoi ghramadach na Seap\u00e1ine.<\/p>\r\n                    <\/div>\r\n                <\/div>\r\n            <\/div>\r\n        <\/a>\r\n\r\n        \r\n        <a href=\"https:\/\/talkpal.ai\/ga\/gramadach-seapanach\/\">\r\n            <div class=\"learnNavigationWrapper\">\r\n                <div class=\"learnNavigationContent\">\r\n                    <img decoding=\"async\" src=\"https:\/\/talkpal.ai\/wp-content\/uploads\/2024\/08\/Japanese.jpg\" alt=\"Japanese Flag\">\r\n                    <div>\r\n                        <h4>Ceachtanna Gramada\u00ed na Seap\u00e1ine<\/h4>\r\n                        <p>Cleachtadh gramadach na Seap\u00e1ine.<\/p>\r\n                    <\/div>\r\n                <\/div>\r\n            <\/div>\r\n        <\/a>\r\n\r\n        \r\n        <a href=\"https:\/\/talkpal.ai\/vocabulary_language\/japanese\/\">\r\n            <div class=\"learnNavigationWrapper\">\r\n                <div class=\"learnNavigationContent\">\r\n                    <img decoding=\"async\" src=\"https:\/\/talkpal.ai\/wp-content\/uploads\/2024\/08\/Japanese.jpg\" alt=\"Japanese Flag\">\r\n                    <div>\r\n                        <h4>St\u00f3r focal na Seap\u00e1ine<\/h4>\r\n                        <p>Leathnaigh do st\u00f3r focal Seap\u00e1inis.<\/p>\r\n                    <\/div>\r\n                <\/div>\r\n            <\/div>\r\n        <\/a>\r\n\r\n            <\/section>","protected":false},"excerpt":{"rendered":"<p>Topaic\u00ed Gramada\u00ed na Seap\u00e1ine Is f\u00e9idir le foghlaim na Seap\u00e1ine a bheith ina eisp\u00e9ireas spreag\u00fail agus luachmhar, mar oscla\u00edonn s\u00e9 domhan ioml\u00e1n nua cult\u00fair, cumars\u00e1ide agus f\u00e1is phearsanta. T\u00e1 strucht\u00far agus c\u00f3ras gramada\u00ed uath\u00fail ag an teanga Seap\u00e1inis, rud a d&#8217;fh\u00e9adfadh a bheith scanr\u00fail ar dt\u00fas, ach is f\u00e9idir \u00e9 a mh\u00e1istreacht tr\u00ed chleachtas comhsheasmhach [&hellip;]<\/p>\n","protected":false},"author":6,"featured_media":1441660,"parent":0,"menu_order":0,"comment_status":"closed","ping_status":"closed","template":"LearningContentPage.php","meta":{"_acf_changed":false,"footnotes":""},"class_list":["post-1446557","page","type-page","status-publish","has-post-thumbnail","hentry"],"acf":[],"yoast_head":"<!-- This site is optimized with the Yoast SEO Premium plugin v27.2 (Yoast SEO v27.2) - https:\/\/yoast.com\/product\/yoast-seo-premium-wordpress\/ -->\n<title>Cleachta\u00ed Gramada\u00ed na Seap\u00e1ine - Talkpal<\/title>\n<meta name=\"description\" content=\"Feabhas a chur ar do scileanna gramada\u00ed Seap\u00e1inis - m\u00e1istreacht strucht\u00fair abairt\u00ed, cleachtadh gn\u00edomha\u00edochta\u00ed idirghn\u00edomhacha, agus l\u00edofacht a threisi\u00fa\" \/>\n<meta name=\"robots\" content=\"index, follow, max-snippet:-1, max-image-preview:large, max-video-preview:-1\" \/>\n<link rel=\"canonical\" href=\"https:\/\/talkpal.ai\/ga\/cleachtai-gramadai-na-seapaine\/\" \/>\n<meta property=\"og:locale\" content=\"ga_IE\" \/>\n<meta property=\"og:type\" content=\"article\" \/>\n<meta property=\"og:title\" content=\"Cleachta\u00ed Gramada\u00ed na Seap\u00e1ine\" \/>\n<meta property=\"og:description\" content=\"Topaic\u00ed Gramada\u00ed na Seap\u00e1ine Is f\u00e9idir le foghlaim na Seap\u00e1ine a bheith ina eisp\u00e9ireas spreag\u00fail agus luachmhar, mar oscla\u00edonn s\u00e9 domhan ioml\u00e1n nua\" \/>\n<meta property=\"og:url\" content=\"https:\/\/talkpal.ai\/ga\/cleachtai-gramadai-na-seapaine\/\" \/>\n<meta property=\"og:site_name\" content=\"Talkpal\" \/>\n<meta property=\"article:publisher\" content=\"https:\/\/www.facebook.com\/profile.php?id=100090733639311\" \/>\n<meta property=\"article:modified_time\" content=\"2025-12-17T16:56:38+00:00\" \/>\n<meta property=\"og:image\" content=\"https:\/\/talkpal.ai\/wp-content\/uploads\/2023\/04\/japan.png\" \/>\n\t<meta property=\"og:image:width\" content=\"512\" \/>\n\t<meta property=\"og:image:height\" content=\"512\" \/>\n\t<meta property=\"og:image:type\" content=\"image\/png\" \/>\n<meta name=\"twitter:card\" content=\"summary_large_image\" \/>\n<meta name=\"twitter:site\" content=\"@talkpalai\" \/>\n<meta name=\"twitter:label1\" content=\"Est. reading time\" \/>\n\t<meta name=\"twitter:data1\" content=\"4 minutes\" \/>\n<script type=\"application\/ld+json\" class=\"yoast-schema-graph\">{\"@context\":\"https:\/\/schema.org\",\"@graph\":[{\"@type\":\"WebPage\",\"@id\":\"https:\/\/talkpal.ai\/ga\/cleachtai-gramadai-na-seapaine\/\",\"url\":\"https:\/\/talkpal.ai\/ga\/cleachtai-gramadai-na-seapaine\/\",\"name\":\"Cleachta\u00ed Gramada\u00ed na Seap\u00e1ine - Talkpal\",\"isPartOf\":{\"@id\":\"https:\/\/talkpal.ai\/ga\/#website\"},\"primaryImageOfPage\":{\"@id\":\"https:\/\/talkpal.ai\/ga\/cleachtai-gramadai-na-seapaine\/#primaryimage\"},\"image\":{\"@id\":\"https:\/\/talkpal.ai\/ga\/cleachtai-gramadai-na-seapaine\/#primaryimage\"},\"thumbnailUrl\":\"https:\/\/talkpal.ai\/wp-content\/uploads\/2023\/04\/japan.png\",\"datePublished\":\"2023-06-16T10:21:59+00:00\",\"dateModified\":\"2025-12-17T16:56:38+00:00\",\"description\":\"Feabhas a chur ar do scileanna gramada\u00ed Seap\u00e1inis - m\u00e1istreacht strucht\u00fair abairt\u00ed, cleachtadh gn\u00edomha\u00edochta\u00ed idirghn\u00edomhacha, agus l\u00edofacht a threisi\u00fa\",\"breadcrumb\":{\"@id\":\"https:\/\/talkpal.ai\/ga\/cleachtai-gramadai-na-seapaine\/#breadcrumb\"},\"inLanguage\":\"ga-IE\",\"potentialAction\":[{\"@type\":\"ReadAction\",\"target\":[\"https:\/\/talkpal.ai\/ga\/cleachtai-gramadai-na-seapaine\/\"]}]},{\"@type\":\"ImageObject\",\"inLanguage\":\"ga-IE\",\"@id\":\"https:\/\/talkpal.ai\/ga\/cleachtai-gramadai-na-seapaine\/#primaryimage\",\"url\":\"https:\/\/talkpal.ai\/wp-content\/uploads\/2023\/04\/japan.png\",\"contentUrl\":\"https:\/\/talkpal.ai\/wp-content\/uploads\/2023\/04\/japan.png\",\"width\":512,\"height\":512,\"caption\":\"TalkPal Catalan Flag\"},{\"@type\":\"BreadcrumbList\",\"@id\":\"https:\/\/talkpal.ai\/ga\/cleachtai-gramadai-na-seapaine\/#breadcrumb\",\"itemListElement\":[{\"@type\":\"ListItem\",\"position\":1,\"name\":\"Homepage\",\"item\":\"https:\/\/talkpal.ai\/ga\/\"},{\"@type\":\"ListItem\",\"position\":2,\"name\":\"Cleachta\u00ed Gramada\u00ed na Seap\u00e1ine\"}]},{\"@type\":\"WebSite\",\"@id\":\"https:\/\/talkpal.ai\/ga\/#website\",\"url\":\"https:\/\/talkpal.ai\/ga\/\",\"name\":\"Talkpal\",\"description\":\"AI Language Learning\",\"publisher\":{\"@id\":\"https:\/\/talkpal.ai\/ga\/#organization\"},\"alternateName\":\"Talkpal AI\",\"potentialAction\":[{\"@type\":\"SearchAction\",\"target\":{\"@type\":\"EntryPoint\",\"urlTemplate\":\"https:\/\/talkpal.ai\/ga\/?s={search_term_string}\"},\"query-input\":{\"@type\":\"PropertyValueSpecification\",\"valueRequired\":true,\"valueName\":\"search_term_string\"}}],\"inLanguage\":\"ga-IE\"},{\"@type\":\"Organization\",\"@id\":\"https:\/\/talkpal.ai\/ga\/#organization\",\"name\":\"Talkpal, Inc.\",\"alternateName\":\"Talkpal AI\",\"url\":\"https:\/\/talkpal.ai\/ga\/\",\"logo\":{\"@type\":\"ImageObject\",\"inLanguage\":\"ga-IE\",\"@id\":\"https:\/\/talkpal.ai\/ga\/#\/schema\/logo\/image\/\",\"url\":\"https:\/\/talkpal.ai\/wp-content\/uploads\/2024\/03\/Talkpal-Logo-Icon.png\",\"contentUrl\":\"https:\/\/talkpal.ai\/wp-content\/uploads\/2024\/03\/Talkpal-Logo-Icon.png\",\"width\":2880,\"height\":2880,\"caption\":\"Talkpal, Inc.\"},\"image\":{\"@id\":\"https:\/\/talkpal.ai\/ga\/#\/schema\/logo\/image\/\"},\"sameAs\":[\"https:\/\/www.facebook.com\/profile.php?id=100090733639311\",\"https:\/\/x.com\/talkpalai\",\"https:\/\/www.linkedin.com\/company\/talkpal\/\",\"https:\/\/www.youtube.com\/@TalkPal\/\",\"https:\/\/www.tiktok.com\/@talkpal\",\"https:\/\/www.instagram.com\/talkpal_ai\/\",\"https:\/\/www.crunchbase.com\/organization\/talkpal-9cde\",\"https:\/\/www.g2.com\/products\/talkpal-for-business\/\",\"https:\/\/www.trustpilot.com\/review\/talkpal.ai\",\"https:\/\/www.capterra.com\/p\/10006800\/TalkPal\/\"],\"description\":\"Talkpal is a language learning web and mobile education app, powered by the latest AI technologies, that provides engaging experiences to its customers in many different languages to help them improve their language skills. Users can chat about unlimited amount of topics with the app and use other modes to practice their language learning.\",\"email\":\"support@talkpal.ai\",\"legalName\":\"Talkpal, Inc.\",\"foundingDate\":\"2023-04-03\",\"duns\":\"118989042\",\"numberOfEmployees\":{\"@type\":\"QuantitativeValue\",\"minValue\":\"11\",\"maxValue\":\"50\"},\"publishingPrinciples\":\"https:\/\/talkpal.ai\/publishing-principles\/\",\"actionableFeedbackPolicy\":\"https:\/\/talkpal.ai\/actionable-feedback-policy\/\",\"correctionsPolicy\":\"https:\/\/talkpal.ai\/corrections-policy\/\",\"ethicsPolicy\":\"https:\/\/talkpal.ai\/ethics-policy\/\",\"diversityPolicy\":\"https:\/\/talkpal.ai\/diversity-policy\/\",\"diversityStaffingReport\":\"https:\/\/talkpal.ai\/diversity-policy\/\"}]}<\/script>\n<!-- \/ Yoast SEO Premium plugin. -->","yoast_head_json":{"title":"Cleachta\u00ed Gramada\u00ed na Seap\u00e1ine - Talkpal","description":"Feabhas a chur ar do scileanna gramada\u00ed Seap\u00e1inis - m\u00e1istreacht strucht\u00fair abairt\u00ed, cleachtadh gn\u00edomha\u00edochta\u00ed idirghn\u00edomhacha, agus l\u00edofacht a threisi\u00fa","robots":{"index":"index","follow":"follow","max-snippet":"max-snippet:-1","max-image-preview":"max-image-preview:large","max-video-preview":"max-video-preview:-1"},"canonical":"https:\/\/talkpal.ai\/ga\/cleachtai-gramadai-na-seapaine\/","og_locale":"ga_IE","og_type":"article","og_title":"Cleachta\u00ed Gramada\u00ed na Seap\u00e1ine","og_description":"Topaic\u00ed Gramada\u00ed na Seap\u00e1ine Is f\u00e9idir le foghlaim na Seap\u00e1ine a bheith ina eisp\u00e9ireas spreag\u00fail agus luachmhar, mar oscla\u00edonn s\u00e9 domhan ioml\u00e1n nua","og_url":"https:\/\/talkpal.ai\/ga\/cleachtai-gramadai-na-seapaine\/","og_site_name":"Talkpal","article_publisher":"https:\/\/www.facebook.com\/profile.php?id=100090733639311","article_modified_time":"2025-12-17T16:56:38+00:00","og_image":[{"width":512,"height":512,"url":"https:\/\/talkpal.ai\/wp-content\/uploads\/2023\/04\/japan.png","type":"image\/png"}],"twitter_card":"summary_large_image","twitter_site":"@talkpalai","twitter_misc":{"Est. reading time":"4 minutes"},"schema":{"@context":"https:\/\/schema.org","@graph":[{"@type":"WebPage","@id":"https:\/\/talkpal.ai\/ga\/cleachtai-gramadai-na-seapaine\/","url":"https:\/\/talkpal.ai\/ga\/cleachtai-gramadai-na-seapaine\/","name":"Cleachta\u00ed Gramada\u00ed na Seap\u00e1ine - Talkpal","isPartOf":{"@id":"https:\/\/talkpal.ai\/ga\/#website"},"primaryImageOfPage":{"@id":"https:\/\/talkpal.ai\/ga\/cleachtai-gramadai-na-seapaine\/#primaryimage"},"image":{"@id":"https:\/\/talkpal.ai\/ga\/cleachtai-gramadai-na-seapaine\/#primaryimage"},"thumbnailUrl":"https:\/\/talkpal.ai\/wp-content\/uploads\/2023\/04\/japan.png","datePublished":"2023-06-16T10:21:59+00:00","dateModified":"2025-12-17T16:56:38+00:00","description":"Feabhas a chur ar do scileanna gramada\u00ed Seap\u00e1inis - m\u00e1istreacht strucht\u00fair abairt\u00ed, cleachtadh gn\u00edomha\u00edochta\u00ed idirghn\u00edomhacha, agus l\u00edofacht a threisi\u00fa","breadcrumb":{"@id":"https:\/\/talkpal.ai\/ga\/cleachtai-gramadai-na-seapaine\/#breadcrumb"},"inLanguage":"ga-IE","potentialAction":[{"@type":"ReadAction","target":["https:\/\/talkpal.ai\/ga\/cleachtai-gramadai-na-seapaine\/"]}]},{"@type":"ImageObject","inLanguage":"ga-IE","@id":"https:\/\/talkpal.ai\/ga\/cleachtai-gramadai-na-seapaine\/#primaryimage","url":"https:\/\/talkpal.ai\/wp-content\/uploads\/2023\/04\/japan.png","contentUrl":"https:\/\/talkpal.ai\/wp-content\/uploads\/2023\/04\/japan.png","width":512,"height":512,"caption":"TalkPal Catalan Flag"},{"@type":"BreadcrumbList","@id":"https:\/\/talkpal.ai\/ga\/cleachtai-gramadai-na-seapaine\/#breadcrumb","itemListElement":[{"@type":"ListItem","position":1,"name":"Homepage","item":"https:\/\/talkpal.ai\/ga\/"},{"@type":"ListItem","position":2,"name":"Cleachta\u00ed Gramada\u00ed na Seap\u00e1ine"}]},{"@type":"WebSite","@id":"https:\/\/talkpal.ai\/ga\/#website","url":"https:\/\/talkpal.ai\/ga\/","name":"Talkpal","description":"AI Language Learning","publisher":{"@id":"https:\/\/talkpal.ai\/ga\/#organization"},"alternateName":"Talkpal AI","potentialAction":[{"@type":"SearchAction","target":{"@type":"EntryPoint","urlTemplate":"https:\/\/talkpal.ai\/ga\/?s={search_term_string}"},"query-input":{"@type":"PropertyValueSpecification","valueRequired":true,"valueName":"search_term_string"}}],"inLanguage":"ga-IE"},{"@type":"Organization","@id":"https:\/\/talkpal.ai\/ga\/#organization","name":"Talkpal, Inc.","alternateName":"Talkpal AI","url":"https:\/\/talkpal.ai\/ga\/","logo":{"@type":"ImageObject","inLanguage":"ga-IE","@id":"https:\/\/talkpal.ai\/ga\/#\/schema\/logo\/image\/","url":"https:\/\/talkpal.ai\/wp-content\/uploads\/2024\/03\/Talkpal-Logo-Icon.png","contentUrl":"https:\/\/talkpal.ai\/wp-content\/uploads\/2024\/03\/Talkpal-Logo-Icon.png","width":2880,"height":2880,"caption":"Talkpal, Inc."},"image":{"@id":"https:\/\/talkpal.ai\/ga\/#\/schema\/logo\/image\/"},"sameAs":["https:\/\/www.facebook.com\/profile.php?id=100090733639311","https:\/\/x.com\/talkpalai","https:\/\/www.linkedin.com\/company\/talkpal\/","https:\/\/www.youtube.com\/@TalkPal\/","https:\/\/www.tiktok.com\/@talkpal","https:\/\/www.instagram.com\/talkpal_ai\/","https:\/\/www.crunchbase.com\/organization\/talkpal-9cde","https:\/\/www.g2.com\/products\/talkpal-for-business\/","https:\/\/www.trustpilot.com\/review\/talkpal.ai","https:\/\/www.capterra.com\/p\/10006800\/TalkPal\/"],"description":"Talkpal is a language learning web and mobile education app, powered by the latest AI technologies, that provides engaging experiences to its customers in many different languages to help them improve their language skills. Users can chat about unlimited amount of topics with the app and use other modes to practice their language learning.","email":"support@talkpal.ai","legalName":"Talkpal, Inc.","foundingDate":"2023-04-03","duns":"118989042","numberOfEmployees":{"@type":"QuantitativeValue","minValue":"11","maxValue":"50"},"publishingPrinciples":"https:\/\/talkpal.ai\/publishing-principles\/","actionableFeedbackPolicy":"https:\/\/talkpal.ai\/actionable-feedback-policy\/","correctionsPolicy":"https:\/\/talkpal.ai\/corrections-policy\/","ethicsPolicy":"https:\/\/talkpal.ai\/ethics-policy\/","diversityPolicy":"https:\/\/talkpal.ai\/diversity-policy\/","diversityStaffingReport":"https:\/\/talkpal.ai\/diversity-policy\/"}]}},"_links":{"self":[{"href":"https:\/\/talkpal.ai\/ga\/wp-json\/wp\/v2\/pages\/1446557","targetHints":{"allow":["GET"]}}],"collection":[{"href":"https:\/\/talkpal.ai\/ga\/wp-json\/wp\/v2\/pages"}],"about":[{"href":"https:\/\/talkpal.ai\/ga\/wp-json\/wp\/v2\/types\/page"}],"author":[{"embeddable":true,"href":"https:\/\/talkpal.ai\/ga\/wp-json\/wp\/v2\/users\/6"}],"replies":[{"embeddable":true,"href":"https:\/\/talkpal.ai\/ga\/wp-json\/wp\/v2\/comments?post=1446557"}],"version-history":[{"count":0,"href":"https:\/\/talkpal.ai\/ga\/wp-json\/wp\/v2\/pages\/1446557\/revisions"}],"wp:featuredmedia":[{"embeddable":true,"href":"https:\/\/talkpal.ai\/ga\/wp-json\/wp\/v2\/media\/1441660"}],"wp:attachment":[{"href":"https:\/\/talkpal.ai\/ga\/wp-json\/wp\/v2\/media?parent=1446557"}],"curies":[{"name":"wp","href":"https:\/\/api.w.org\/{rel}","templated":true}]}}