{"id":1446554,"date":"2023-06-16T10:51:16","date_gmt":"2023-06-16T10:51:16","guid":{"rendered":"https:\/\/talkpal.ai\/cleachtai-gramadai-na-hucraine\/"},"modified":"2025-12-17T16:21:40","modified_gmt":"2025-12-17T16:21:40","slug":"cleachtai-gramadai-na-hucraine","status":"publish","type":"page","link":"https:\/\/talkpal.ai\/ga\/cleachtai-gramadai-na-hucraine\/","title":{"rendered":"Cleachta\u00ed Gramada\u00ed na h\u00dacr\u00e1ine"},"content":{"rendered":"\r\n\r\n\r\n<section class=\"languageChallengeSection\">\r\n    <div class=\"languageInfoWrapper\">\r\n        \r\n        <h1>Cleachta\u00ed Gramada\u00ed na h\u00dacr\u00e1ine<\/h1>\r\n        <p>Ar mhaith leat do chuid scileanna \u00dacr\u00e1inis a th\u00f3g\u00e1il go dt\u00ed an ch\u00e9ad leibh\u00e9al eile? Is bealach t\u00e1bhachtach \u00e9 cleachta\u00ed gramada\u00ed a chleachtadh chun strucht\u00far abairte, foirmeacha briathra, agus patr\u00fain uath\u00fala teanga na h\u00dacr\u00e1ine a mh\u00e1istir. Tosaigh ag obair ar ghramadach na h\u00dacr\u00e1ine inniu agus f\u00e9ach ar do mhuin\u00edn agus l\u00edofacht ag f\u00e1s le gach cleachtadh!<\/p>\r\n\r\n                            <a class=\"getStartedHidden\" href=\"https:\/\/app.talkpal.ai\/signup?lng=\">Tosaigh<\/a>\r\n        \r\n    <\/div>\r\n\r\n    <figure>\r\n    <img decoding=\"async\" width=\"768\" height=\"768\" src=\"https:\/\/talkpal.ai\/wp-content\/uploads\/2023\/06\/Ukrainian-768x768.png\" class=\"languageImage no-lazy\" alt=\"Language learning - Your doorway to the world\" fetchpriority=\"high\" sizes=\"(max-width: 768px) 150px, 768px\" srcset=\"https:\/\/talkpal.ai\/wp-content\/uploads\/2023\/06\/Ukrainian-768x768.png 768w, https:\/\/talkpal.ai\/wp-content\/uploads\/2023\/06\/Ukrainian-300x300.png 300w\" \/>\r\n    \r\n\r\n    <\/figure>\r\n\r\n            <a class=\"getStartedVisible\" href=\"https:\/\/app.talkpal.ai\/signup?lng=\">Tosaigh<\/a>\r\n    \r\n<\/section>\r\n\r\n\r\n<!-- <section class=\"grammarSection\">\r\n    <div class=\"grammarLinks\">\r\n            <\/div>\r\n<\/section> -->\r\n\r\n\r\n\r\n\r\n<section class=\"promotionalBanner\">\r\n    <p class=\"promotionalText\">An bealach is \u00e9ifeachta\u00ed le teanga a fhoghlaim<\/p>\r\n    <a class=\"promotionalLink\" href=\"https:\/\/app.talkpal.ai\/signup?lng=\">Bain triail as Talkpal saor in aisce<\/a>\r\n<\/section>\n<div class=\"wp-block-group pageContainerStyle\"><div class=\"wp-block-group__inner-container is-layout-constrained wp-block-group-is-layout-constrained\">\n<h2 class=\"wp-block-heading\" id=\"h-ukrainian-grammar-topics\">Topaic\u00ed Gramada\u00ed na h\u00dacr\u00e1ine<\/h2>\n\n\n\n<p>Is f\u00e9idir le teanga <a href=\"https:\/\/talkpal.ai\/talkpal-new-years-discount\/\">nua<\/a> a fhoghlaim a bheith ina iarracht spreag\u00fail ach d\u00fashl\u00e1nach, agus n\u00ed haon eisceacht \u00ed an teanga \u00dacr\u00e1inis. Is \u00ed an \u00dacr\u00e1inis, teanga Shlavach Thoir, teanga oifigi\u00fail na h\u00dacr\u00e1ine agus t\u00e1 stair shaibhir agus strucht\u00far gramada\u00ed \u00e9ags\u00fail aici. De r\u00e9ir mar a thosa\u00edonn t\u00fa ar do thuras chun a bheith inni\u00fail san \u00dacr\u00e1inis, t\u00e1 roinnt pr\u00edomh\u00e1bhair ghramada\u00ed a chaithfidh t\u00fa a mh\u00e1istir, lena n-\u00e1ir\u00edtear aimsir, briathra, ainmfhocail, ailt, forainmneacha, aidiachta\u00ed, adverbs, r\u00e9amhfhocail, agus strucht\u00far abairte. M\u00e1 thuigeann t\u00fa na rialacha gramada\u00ed seo agus m\u00e1 chuirtear i bhfeidhm i gceart beidh feabhas suntasach ar do l\u00edofacht sa teanga. Mar sin, d\u00e9anaimis tumadh isteach i ngach \u00e1bhar agus d\u00e9anaimis ini\u00fachadh ar an seicheamh inar ch\u00f3ir duit iad a fhoghlaim.<\/p>\n\n\n\n<h3 class=\"wp-block-heading\" id=\"h-1-nouns\">1. Ainmfhocail:<\/h3>\n\n\n\n<p>Tosaigh ag foghlaim ainmfhocail \u00dacr\u00e1inis \u00f3s rud \u00e9 gurb iad bun\u00fas na teanga iad. Cuir eolas ort f\u00e9in ar a n-inscne (firinscneach, baininscneach, agus neuter) agus a bhfoirmeacha iolra. T\u00e1 s\u00e9 r\u00edth\u00e1bhachtach d\u00edochl\u00fa (c\u00e1sanna) ainmfhocal a thuiscint chun abairt\u00ed a fhoirmi\u00fa i gceart.<\/p>\n\n\n\n<h3 class=\"wp-block-heading\" id=\"h-2-pronouns\">2. Forainmneacha:<\/h3>\n\n\n\n<p>Ar aghaidh, foghlaim forainmneacha \u2013 focail a thagann in ionad ainmfhocail in abairt. T\u00e1 idirdhealuithe inscne agus c\u00e1is acu freisin, mar sin t\u00e1 s\u00e9 riachtanach na foirmeacha cu\u00ed a fhoghlaim le h\u00fas\u00e1id ag brath ar an ainmfhocal at\u00e1 \u00e1 n-athshol\u00e1thar acu.<\/p>\n\n\n\n<h3 class=\"wp-block-heading\" id=\"h-3-verbs\">3. Briathra:<\/h3>\n\n\n\n<p>Is iad briathra na focail ghn\u00edomha\u00edochta in abairt. San \u00dacr\u00e1inis, t\u00e1 foirmeacha difri\u00fala ag briathra bunaithe ar aimsir, gi\u00famar agus gn\u00e9. Tosaigh tr\u00ed fhoghlaim na bhfoirmeacha t\u00e1scacha aimsire l\u00e1ithreach de bhriathra a chabhr\u00f3idh leat strucht\u00far bun\u00fasach abairte a thuiscint.<\/p>\n\n\n\n<h3 class=\"wp-block-heading\" id=\"h-4-tenses-indicative\">4. Aimsir T\u00e1scach:<\/h3>\n\n\n\n<p>Nuair a bh\u00edonn t\u00fa compordach le briathra san aimsir l\u00e1ithreach, bog ar aghaidh chun an aimsir chaite agus na todhcha\u00ed a fhoghlaim sa ghi\u00famar t\u00e1scach. Ligfidh s\u00e9 seo duit cumars\u00e1id a dh\u00e9anamh faoi imeachta\u00ed a tharla cheana f\u00e9in n\u00f3 a tharl\u00f3idh sa todhcha\u00ed.<\/p>\n\n\n\n<h3 class=\"wp-block-heading\" id=\"h-5-tenses-subjunctive\">5. Aimsir Subjunctive:<\/h3>\n\n\n\n<p>Tar \u00e9is m\u00e1istreacht a dh\u00e9anamh ar an gi\u00famar t\u00e1scach, d\u00e9an ini\u00fachadh ar an gi\u00famar subjunctive, a l\u00e9ir\u00edonn c\u00e1sanna hipit\u00e9iseacha, mianta n\u00f3 molta\u00ed. Tarla\u00edonn an gi\u00famar subjunctive go pr\u00edomha san aimsir at\u00e1 thart agus sa todhcha\u00ed san \u00dacr\u00e1inis.<\/p>\n\n\n\n<h3 class=\"wp-block-heading\" id=\"h-6-tense-comparison\">6. Compar\u00e1id aimsire:<\/h3>\n\n\n\n<p>Foghlaim conas aimsir\u00ed a <a href=\"https:\/\/talkpal.ai\/locations\/language-courses-in-chur\/\">chur<\/a> i gcompar\u00e1id san \u00dacr\u00e1inis chun c\u00e9imeanna \u00e9ags\u00fala cinnteachta n\u00f3 f\u00e9idearthachta a chur in i\u00fal. Cabhr\u00f3idh s\u00e9 seo leat abairt\u00ed n\u00edos casta a thuiscint agus a chruth\u00fa.<\/p>\n\n\n\n<h3 class=\"wp-block-heading\" id=\"h-7-adjectives\">7. Aidiachta\u00ed:<\/h3>\n\n\n\n<p>D\u00e9anann aidiachta\u00ed cur s\u00edos ar thr\u00e9ithe na n-ainmfhocail. Aonta\u00edonn siad in inscne, uimhir, agus c\u00e1s leis an ainmfhocal a mhodhna\u00edonn siad. Cuideoidh aidiachta\u00ed a fhoghlaim leat n\u00edos m\u00f3 sonra\u00ed a chur le d&#8217;abairt\u00ed.<\/p>\n\n\n\n<h3 class=\"wp-block-heading\" id=\"h-8-adverbs\">8. Adverbs:<\/h3>\n\n\n\n<p>D\u00e9anann adverbs cur s\u00edos ar bhealach, \u00e1it n\u00f3 am gn\u00edomha\u00edochta. N\u00ed dhi\u00falta\u00edonn siad cos\u00fail le haidiachta\u00ed, ach t\u00e1 r\u00f3l r\u00edth\u00e1bhachtach acu <a href=\"https:\/\/talkpal.ai\/ga\/maidir\/\">maidir<\/a> le do chuid abairt\u00ed a dh\u00e9anamh n\u00edos faisn\u00e9iseach agus n\u00edos tarraingt\u00ed.<\/p>\n\n\n\n<h3 class=\"wp-block-heading\" id=\"h-9-prepositions\">9. Prepositions:<\/h3>\n\n\n\n<p>L\u00e9ir\u00edonn r\u00e9amhfhocail an gaol idir focail in abairt (m.sh., su\u00edomh, treo, n\u00f3 am). Foghlaim conas r\u00e9amhfhocail a \u00fas\u00e1id i gceart chun mearbhall a sheachaint agus an bhr\u00ed at\u00e1 beartaithe agat a chur in i\u00fal.<\/p>\n\n\n\n<h3 class=\"wp-block-heading\" id=\"h-10-sentence-structure\">10. Strucht\u00far na habairte:<\/h3>\n\n\n\n<p>Mar fhocal scoir, cuir i dtaith\u00ed ar strucht\u00far abairt\u00ed na h\u00dacr\u00e1ine. \u00c1ir\u00edtear leis seo tuiscint a fh\u00e1il ar ord focal \u00e1bhar-briathar-r\u00e9ad (SVO) agus conas c\u00e1sanna agus eilimint\u00ed gramada\u00ed eile a \u00fas\u00e1id chun abairt\u00ed soil\u00e9ire, comhlean\u00fanacha a fhoirmi\u00fa.<\/p>\n\n\n\n<h3 class=\"wp-block-heading\" id=\"h-11-articles\">11. Airteagail:<\/h3>\n\n\n\n<p>N\u00edl ailt ar n\u00f3s &#8220;the&#8221; n\u00f3 &#8220;a&#8221; sa Bh\u00e9arla ag an \u00dacr\u00e1inis, ach t\u00e1 s\u00e9 riachtanach tuiscint a fh\u00e1il ar an gcaoi a gcuirtear cinnteacht agus \u00e9iginnteacht in i\u00fal sa teanga, de ghn\u00e1th tr\u00ed fhorainmneacha n\u00f3 comhth\u00e9acs l\u00e9iritheach a \u00fas\u00e1id.<\/p>\n\n\n\n<p>Tr\u00ed na topaic\u00ed gramada\u00ed seo a fhoghlaim sa seicheamh molta, t\u00f3gfaidh t\u00fa bun\u00fas l\u00e1idir san \u00dacr\u00e1inis de r\u00e9ir a ch\u00e9ile agus rachaidh t\u00fa chun cinn i dtreo l\u00edofacht sa teanga.<\/p>\n<\/div><\/div>\n\r\n<section class=\"learnNavigationSection\">\r\n            \r\n        <a href=\"https:\/\/talkpal.ai\/ga\/foghlaim-ucrainis\/\">\r\n            <div class=\"learnNavigationWrapper\">\r\n                <div class=\"learnNavigationContent\">\r\n                    <img decoding=\"async\" src=\"https:\/\/talkpal.ai\/wp-content\/uploads\/2024\/08\/Ukrainian.jpg\" alt=\"Ukrainian Flag\">\r\n                    <div>\r\n                        <h4>Maidir le Foghlaim na h\u00dacr\u00e1ine<\/h4>\r\n                        <p>Faigh amach gach rud faoi ghramadach na h\u00dacr\u00e1ine.<\/p>\r\n                    <\/div>\r\n                <\/div>\r\n            <\/div>\r\n        <\/a>\r\n\r\n        \r\n        <a href=\"https:\/\/talkpal.ai\/ga\/ucrainis-gramadai\/\">\r\n            <div class=\"learnNavigationWrapper\">\r\n                <div class=\"learnNavigationContent\">\r\n                    <img decoding=\"async\" src=\"https:\/\/talkpal.ai\/wp-content\/uploads\/2024\/08\/Ukrainian.jpg\" alt=\"Ukrainian Flag\">\r\n                    <div>\r\n                        <h4>Ceachtanna Gramada\u00ed na h\u00dacr\u00e1ine<\/h4>\r\n                        <p>Cleachtadh gramadach na h\u00dacr\u00e1ine.<\/p>\r\n                    <\/div>\r\n                <\/div>\r\n            <\/div>\r\n        <\/a>\r\n\r\n        \r\n        <a href=\"https:\/\/talkpal.ai\/vocabulary_language\/ukrainian\/\">\r\n            <div class=\"learnNavigationWrapper\">\r\n                <div class=\"learnNavigationContent\">\r\n                    <img decoding=\"async\" src=\"https:\/\/talkpal.ai\/wp-content\/uploads\/2024\/08\/Ukrainian.jpg\" alt=\"Ukrainian Flag\">\r\n                    <div>\r\n                        <h4>St\u00f3r Focal na h\u00dacr\u00e1ine<\/h4>\r\n                        <p>Leathnaigh do st\u00f3r focal \u00dacr\u00e1inis.<\/p>\r\n                    <\/div>\r\n                <\/div>\r\n            <\/div>\r\n        <\/a>\r\n\r\n            <\/section>","protected":false},"excerpt":{"rendered":"<p>Topaic\u00ed Gramada\u00ed na h\u00dacr\u00e1ine Is f\u00e9idir le teanga nua a fhoghlaim a bheith ina iarracht spreag\u00fail ach d\u00fashl\u00e1nach, agus n\u00ed haon eisceacht \u00ed an teanga \u00dacr\u00e1inis. Is \u00ed an \u00dacr\u00e1inis, teanga Shlavach Thoir, teanga oifigi\u00fail na h\u00dacr\u00e1ine agus t\u00e1 stair shaibhir agus strucht\u00far gramada\u00ed \u00e9ags\u00fail aici. De r\u00e9ir mar a thosa\u00edonn t\u00fa ar do thuras [&hellip;]<\/p>\n","protected":false},"author":6,"featured_media":1442540,"parent":0,"menu_order":0,"comment_status":"closed","ping_status":"closed","template":"LearningContentPage.php","meta":{"_acf_changed":false,"footnotes":""},"class_list":["post-1446554","page","type-page","status-publish","has-post-thumbnail","hentry"],"acf":[],"yoast_head":"<!-- This site is optimized with the Yoast SEO Premium plugin v27.2 (Yoast SEO v27.2) - https:\/\/yoast.com\/product\/yoast-seo-premium-wordpress\/ -->\n<title>Cleachta\u00ed Gramada\u00ed na h\u00dacr\u00e1ine - Talkpal<\/title>\n<meta name=\"description\" content=\"Feabhas a chur ar do scileanna \u00dacr\u00e1inis le cleachta\u00ed gramada\u00ed tarraingteacha \u00dacr\u00e1inis a chl\u00fada\u00edonn \u00e1bhair ghramada\u00ed riachtanacha le haghaidh l\u00edofa.\" \/>\n<meta name=\"robots\" content=\"index, follow, max-snippet:-1, max-image-preview:large, max-video-preview:-1\" \/>\n<link rel=\"canonical\" href=\"https:\/\/talkpal.ai\/ga\/cleachtai-gramadai-na-hucraine\/\" \/>\n<meta property=\"og:locale\" content=\"ga_IE\" \/>\n<meta property=\"og:type\" content=\"article\" \/>\n<meta property=\"og:title\" content=\"Cleachta\u00ed Gramada\u00ed na h\u00dacr\u00e1ine\" \/>\n<meta property=\"og:description\" content=\"Topaic\u00ed Gramada\u00ed na h\u00dacr\u00e1ine Is f\u00e9idir le teanga nua a fhoghlaim a bheith ina iarracht spreag\u00fail ach d\u00fashl\u00e1nach, agus n\u00ed haon eisceacht \u00ed an teanga\" \/>\n<meta property=\"og:url\" content=\"https:\/\/talkpal.ai\/ga\/cleachtai-gramadai-na-hucraine\/\" \/>\n<meta property=\"og:site_name\" content=\"Talkpal\" \/>\n<meta property=\"article:publisher\" content=\"https:\/\/www.facebook.com\/profile.php?id=100090733639311\" \/>\n<meta property=\"article:modified_time\" content=\"2025-12-17T16:21:40+00:00\" \/>\n<meta property=\"og:image\" content=\"https:\/\/talkpal.ai\/wp-content\/uploads\/2023\/04\/ukraine.png\" \/>\n\t<meta property=\"og:image:width\" content=\"512\" \/>\n\t<meta property=\"og:image:height\" content=\"512\" \/>\n\t<meta property=\"og:image:type\" content=\"image\/png\" \/>\n<meta name=\"twitter:card\" content=\"summary_large_image\" \/>\n<meta name=\"twitter:site\" content=\"@talkpalai\" \/>\n<meta name=\"twitter:label1\" content=\"Est. reading time\" \/>\n\t<meta name=\"twitter:data1\" content=\"4 minutes\" \/>\n<script type=\"application\/ld+json\" class=\"yoast-schema-graph\">{\"@context\":\"https:\/\/schema.org\",\"@graph\":[{\"@type\":\"WebPage\",\"@id\":\"https:\/\/talkpal.ai\/ga\/cleachtai-gramadai-na-hucraine\/\",\"url\":\"https:\/\/talkpal.ai\/ga\/cleachtai-gramadai-na-hucraine\/\",\"name\":\"Cleachta\u00ed Gramada\u00ed na h\u00dacr\u00e1ine - Talkpal\",\"isPartOf\":{\"@id\":\"https:\/\/talkpal.ai\/ga\/#website\"},\"primaryImageOfPage\":{\"@id\":\"https:\/\/talkpal.ai\/ga\/cleachtai-gramadai-na-hucraine\/#primaryimage\"},\"image\":{\"@id\":\"https:\/\/talkpal.ai\/ga\/cleachtai-gramadai-na-hucraine\/#primaryimage\"},\"thumbnailUrl\":\"https:\/\/talkpal.ai\/wp-content\/uploads\/2023\/04\/ukraine.png\",\"datePublished\":\"2023-06-16T10:51:16+00:00\",\"dateModified\":\"2025-12-17T16:21:40+00:00\",\"description\":\"Feabhas a chur ar do scileanna \u00dacr\u00e1inis le cleachta\u00ed gramada\u00ed tarraingteacha \u00dacr\u00e1inis a chl\u00fada\u00edonn \u00e1bhair ghramada\u00ed riachtanacha le haghaidh l\u00edofa.\",\"breadcrumb\":{\"@id\":\"https:\/\/talkpal.ai\/ga\/cleachtai-gramadai-na-hucraine\/#breadcrumb\"},\"inLanguage\":\"ga-IE\",\"potentialAction\":[{\"@type\":\"ReadAction\",\"target\":[\"https:\/\/talkpal.ai\/ga\/cleachtai-gramadai-na-hucraine\/\"]}]},{\"@type\":\"ImageObject\",\"inLanguage\":\"ga-IE\",\"@id\":\"https:\/\/talkpal.ai\/ga\/cleachtai-gramadai-na-hucraine\/#primaryimage\",\"url\":\"https:\/\/talkpal.ai\/wp-content\/uploads\/2023\/04\/ukraine.png\",\"contentUrl\":\"https:\/\/talkpal.ai\/wp-content\/uploads\/2023\/04\/ukraine.png\",\"width\":512,\"height\":512,\"caption\":\"TalkPal Catalan Flag\"},{\"@type\":\"BreadcrumbList\",\"@id\":\"https:\/\/talkpal.ai\/ga\/cleachtai-gramadai-na-hucraine\/#breadcrumb\",\"itemListElement\":[{\"@type\":\"ListItem\",\"position\":1,\"name\":\"Homepage\",\"item\":\"https:\/\/talkpal.ai\/ga\/\"},{\"@type\":\"ListItem\",\"position\":2,\"name\":\"Cleachta\u00ed Gramada\u00ed na h\u00dacr\u00e1ine\"}]},{\"@type\":\"WebSite\",\"@id\":\"https:\/\/talkpal.ai\/ga\/#website\",\"url\":\"https:\/\/talkpal.ai\/ga\/\",\"name\":\"Talkpal\",\"description\":\"AI Language Learning\",\"publisher\":{\"@id\":\"https:\/\/talkpal.ai\/ga\/#organization\"},\"alternateName\":\"Talkpal AI\",\"potentialAction\":[{\"@type\":\"SearchAction\",\"target\":{\"@type\":\"EntryPoint\",\"urlTemplate\":\"https:\/\/talkpal.ai\/ga\/?s={search_term_string}\"},\"query-input\":{\"@type\":\"PropertyValueSpecification\",\"valueRequired\":true,\"valueName\":\"search_term_string\"}}],\"inLanguage\":\"ga-IE\"},{\"@type\":\"Organization\",\"@id\":\"https:\/\/talkpal.ai\/ga\/#organization\",\"name\":\"Talkpal, Inc.\",\"alternateName\":\"Talkpal AI\",\"url\":\"https:\/\/talkpal.ai\/ga\/\",\"logo\":{\"@type\":\"ImageObject\",\"inLanguage\":\"ga-IE\",\"@id\":\"https:\/\/talkpal.ai\/ga\/#\/schema\/logo\/image\/\",\"url\":\"https:\/\/talkpal.ai\/wp-content\/uploads\/2024\/03\/Talkpal-Logo-Icon.png\",\"contentUrl\":\"https:\/\/talkpal.ai\/wp-content\/uploads\/2024\/03\/Talkpal-Logo-Icon.png\",\"width\":2880,\"height\":2880,\"caption\":\"Talkpal, Inc.\"},\"image\":{\"@id\":\"https:\/\/talkpal.ai\/ga\/#\/schema\/logo\/image\/\"},\"sameAs\":[\"https:\/\/www.facebook.com\/profile.php?id=100090733639311\",\"https:\/\/x.com\/talkpalai\",\"https:\/\/www.linkedin.com\/company\/talkpal\/\",\"https:\/\/www.youtube.com\/@TalkPal\/\",\"https:\/\/www.tiktok.com\/@talkpal\",\"https:\/\/www.instagram.com\/talkpal_ai\/\",\"https:\/\/www.crunchbase.com\/organization\/talkpal-9cde\",\"https:\/\/www.g2.com\/products\/talkpal-for-business\/\",\"https:\/\/www.trustpilot.com\/review\/talkpal.ai\",\"https:\/\/www.capterra.com\/p\/10006800\/TalkPal\/\"],\"description\":\"Talkpal is a language learning web and mobile education app, powered by the latest AI technologies, that provides engaging experiences to its customers in many different languages to help them improve their language skills. Users can chat about unlimited amount of topics with the app and use other modes to practice their language learning.\",\"email\":\"support@talkpal.ai\",\"legalName\":\"Talkpal, Inc.\",\"foundingDate\":\"2023-04-03\",\"duns\":\"118989042\",\"numberOfEmployees\":{\"@type\":\"QuantitativeValue\",\"minValue\":\"11\",\"maxValue\":\"50\"},\"publishingPrinciples\":\"https:\/\/talkpal.ai\/publishing-principles\/\",\"actionableFeedbackPolicy\":\"https:\/\/talkpal.ai\/actionable-feedback-policy\/\",\"correctionsPolicy\":\"https:\/\/talkpal.ai\/corrections-policy\/\",\"ethicsPolicy\":\"https:\/\/talkpal.ai\/ethics-policy\/\",\"diversityPolicy\":\"https:\/\/talkpal.ai\/diversity-policy\/\",\"diversityStaffingReport\":\"https:\/\/talkpal.ai\/diversity-policy\/\"}]}<\/script>\n<!-- \/ Yoast SEO Premium plugin. -->","yoast_head_json":{"title":"Cleachta\u00ed Gramada\u00ed na h\u00dacr\u00e1ine - Talkpal","description":"Feabhas a chur ar do scileanna \u00dacr\u00e1inis le cleachta\u00ed gramada\u00ed tarraingteacha \u00dacr\u00e1inis a chl\u00fada\u00edonn \u00e1bhair ghramada\u00ed riachtanacha le haghaidh l\u00edofa.","robots":{"index":"index","follow":"follow","max-snippet":"max-snippet:-1","max-image-preview":"max-image-preview:large","max-video-preview":"max-video-preview:-1"},"canonical":"https:\/\/talkpal.ai\/ga\/cleachtai-gramadai-na-hucraine\/","og_locale":"ga_IE","og_type":"article","og_title":"Cleachta\u00ed Gramada\u00ed na h\u00dacr\u00e1ine","og_description":"Topaic\u00ed Gramada\u00ed na h\u00dacr\u00e1ine Is f\u00e9idir le teanga nua a fhoghlaim a bheith ina iarracht spreag\u00fail ach d\u00fashl\u00e1nach, agus n\u00ed haon eisceacht \u00ed an teanga","og_url":"https:\/\/talkpal.ai\/ga\/cleachtai-gramadai-na-hucraine\/","og_site_name":"Talkpal","article_publisher":"https:\/\/www.facebook.com\/profile.php?id=100090733639311","article_modified_time":"2025-12-17T16:21:40+00:00","og_image":[{"width":512,"height":512,"url":"https:\/\/talkpal.ai\/wp-content\/uploads\/2023\/04\/ukraine.png","type":"image\/png"}],"twitter_card":"summary_large_image","twitter_site":"@talkpalai","twitter_misc":{"Est. reading time":"4 minutes"},"schema":{"@context":"https:\/\/schema.org","@graph":[{"@type":"WebPage","@id":"https:\/\/talkpal.ai\/ga\/cleachtai-gramadai-na-hucraine\/","url":"https:\/\/talkpal.ai\/ga\/cleachtai-gramadai-na-hucraine\/","name":"Cleachta\u00ed Gramada\u00ed na h\u00dacr\u00e1ine - Talkpal","isPartOf":{"@id":"https:\/\/talkpal.ai\/ga\/#website"},"primaryImageOfPage":{"@id":"https:\/\/talkpal.ai\/ga\/cleachtai-gramadai-na-hucraine\/#primaryimage"},"image":{"@id":"https:\/\/talkpal.ai\/ga\/cleachtai-gramadai-na-hucraine\/#primaryimage"},"thumbnailUrl":"https:\/\/talkpal.ai\/wp-content\/uploads\/2023\/04\/ukraine.png","datePublished":"2023-06-16T10:51:16+00:00","dateModified":"2025-12-17T16:21:40+00:00","description":"Feabhas a chur ar do scileanna \u00dacr\u00e1inis le cleachta\u00ed gramada\u00ed tarraingteacha \u00dacr\u00e1inis a chl\u00fada\u00edonn \u00e1bhair ghramada\u00ed riachtanacha le haghaidh l\u00edofa.","breadcrumb":{"@id":"https:\/\/talkpal.ai\/ga\/cleachtai-gramadai-na-hucraine\/#breadcrumb"},"inLanguage":"ga-IE","potentialAction":[{"@type":"ReadAction","target":["https:\/\/talkpal.ai\/ga\/cleachtai-gramadai-na-hucraine\/"]}]},{"@type":"ImageObject","inLanguage":"ga-IE","@id":"https:\/\/talkpal.ai\/ga\/cleachtai-gramadai-na-hucraine\/#primaryimage","url":"https:\/\/talkpal.ai\/wp-content\/uploads\/2023\/04\/ukraine.png","contentUrl":"https:\/\/talkpal.ai\/wp-content\/uploads\/2023\/04\/ukraine.png","width":512,"height":512,"caption":"TalkPal Catalan Flag"},{"@type":"BreadcrumbList","@id":"https:\/\/talkpal.ai\/ga\/cleachtai-gramadai-na-hucraine\/#breadcrumb","itemListElement":[{"@type":"ListItem","position":1,"name":"Homepage","item":"https:\/\/talkpal.ai\/ga\/"},{"@type":"ListItem","position":2,"name":"Cleachta\u00ed Gramada\u00ed na h\u00dacr\u00e1ine"}]},{"@type":"WebSite","@id":"https:\/\/talkpal.ai\/ga\/#website","url":"https:\/\/talkpal.ai\/ga\/","name":"Talkpal","description":"AI Language Learning","publisher":{"@id":"https:\/\/talkpal.ai\/ga\/#organization"},"alternateName":"Talkpal AI","potentialAction":[{"@type":"SearchAction","target":{"@type":"EntryPoint","urlTemplate":"https:\/\/talkpal.ai\/ga\/?s={search_term_string}"},"query-input":{"@type":"PropertyValueSpecification","valueRequired":true,"valueName":"search_term_string"}}],"inLanguage":"ga-IE"},{"@type":"Organization","@id":"https:\/\/talkpal.ai\/ga\/#organization","name":"Talkpal, Inc.","alternateName":"Talkpal AI","url":"https:\/\/talkpal.ai\/ga\/","logo":{"@type":"ImageObject","inLanguage":"ga-IE","@id":"https:\/\/talkpal.ai\/ga\/#\/schema\/logo\/image\/","url":"https:\/\/talkpal.ai\/wp-content\/uploads\/2024\/03\/Talkpal-Logo-Icon.png","contentUrl":"https:\/\/talkpal.ai\/wp-content\/uploads\/2024\/03\/Talkpal-Logo-Icon.png","width":2880,"height":2880,"caption":"Talkpal, Inc."},"image":{"@id":"https:\/\/talkpal.ai\/ga\/#\/schema\/logo\/image\/"},"sameAs":["https:\/\/www.facebook.com\/profile.php?id=100090733639311","https:\/\/x.com\/talkpalai","https:\/\/www.linkedin.com\/company\/talkpal\/","https:\/\/www.youtube.com\/@TalkPal\/","https:\/\/www.tiktok.com\/@talkpal","https:\/\/www.instagram.com\/talkpal_ai\/","https:\/\/www.crunchbase.com\/organization\/talkpal-9cde","https:\/\/www.g2.com\/products\/talkpal-for-business\/","https:\/\/www.trustpilot.com\/review\/talkpal.ai","https:\/\/www.capterra.com\/p\/10006800\/TalkPal\/"],"description":"Talkpal is a language learning web and mobile education app, powered by the latest AI technologies, that provides engaging experiences to its customers in many different languages to help them improve their language skills. Users can chat about unlimited amount of topics with the app and use other modes to practice their language learning.","email":"support@talkpal.ai","legalName":"Talkpal, Inc.","foundingDate":"2023-04-03","duns":"118989042","numberOfEmployees":{"@type":"QuantitativeValue","minValue":"11","maxValue":"50"},"publishingPrinciples":"https:\/\/talkpal.ai\/publishing-principles\/","actionableFeedbackPolicy":"https:\/\/talkpal.ai\/actionable-feedback-policy\/","correctionsPolicy":"https:\/\/talkpal.ai\/corrections-policy\/","ethicsPolicy":"https:\/\/talkpal.ai\/ethics-policy\/","diversityPolicy":"https:\/\/talkpal.ai\/diversity-policy\/","diversityStaffingReport":"https:\/\/talkpal.ai\/diversity-policy\/"}]}},"_links":{"self":[{"href":"https:\/\/talkpal.ai\/ga\/wp-json\/wp\/v2\/pages\/1446554","targetHints":{"allow":["GET"]}}],"collection":[{"href":"https:\/\/talkpal.ai\/ga\/wp-json\/wp\/v2\/pages"}],"about":[{"href":"https:\/\/talkpal.ai\/ga\/wp-json\/wp\/v2\/types\/page"}],"author":[{"embeddable":true,"href":"https:\/\/talkpal.ai\/ga\/wp-json\/wp\/v2\/users\/6"}],"replies":[{"embeddable":true,"href":"https:\/\/talkpal.ai\/ga\/wp-json\/wp\/v2\/comments?post=1446554"}],"version-history":[{"count":0,"href":"https:\/\/talkpal.ai\/ga\/wp-json\/wp\/v2\/pages\/1446554\/revisions"}],"wp:featuredmedia":[{"embeddable":true,"href":"https:\/\/talkpal.ai\/ga\/wp-json\/wp\/v2\/media\/1442540"}],"wp:attachment":[{"href":"https:\/\/talkpal.ai\/ga\/wp-json\/wp\/v2\/media?parent=1446554"}],"curies":[{"name":"wp","href":"https:\/\/api.w.org\/{rel}","templated":true}]}}