{"id":1446550,"date":"2023-06-16T10:27:33","date_gmt":"2023-06-16T10:27:33","guid":{"rendered":"https:\/\/talkpal.ai\/cleachtai-gramadai-na-coireise\/"},"modified":"2025-12-17T16:57:59","modified_gmt":"2025-12-17T16:57:59","slug":"cleachtai-gramadai-na-coireise","status":"publish","type":"page","link":"https:\/\/talkpal.ai\/ga\/cleachtai-gramadai-na-coireise\/","title":{"rendered":"Cleachta\u00ed Gramada\u00ed na C\u00f3ir\u00e9ise"},"content":{"rendered":"\r\n\r\n\r\n<section class=\"languageChallengeSection\">\r\n    <div class=\"languageInfoWrapper\">\r\n        \r\n        <h1>Cleachta\u00ed Gramada\u00ed na C\u00f3ir\u00e9ise<\/h1>\r\n        <p>Ag iarraidh do scileanna teanga C\u00f3ir\u00e9is a neart\u00fa? Is bealach iontach \u00e9 d\u00edri\u00fa ar chleachta\u00ed gramada\u00ed chun strucht\u00far abairte, foircinn briathra, agus fr\u00e1sa\u00ed laeth\u00fala a mh\u00e1istir. L\u00e9im isteach agus cleachtadh <a href=\"https:\/\/talkpal.ai\/grammar\/\">gramadach<\/a> na C\u00f3ir\u00e9 go rialta &#8211; tugann gach cleachtadh t\u00fa n\u00edos gaire do chumars\u00e1id n\u00e1d\u00fartha, mhuin\u00edneach. Tosaigh inniu agus f\u00e9ach ar do scileanna C\u00f3ir\u00e9 ag f\u00e1s c\u00e9im ar ch\u00e9im!<\/p>\r\n\r\n                            <a class=\"getStartedHidden\" href=\"https:\/\/app.talkpal.ai\/signup?lng=\">Tosaigh<\/a>\r\n        \r\n    <\/div>\r\n\r\n    <figure>\r\n    <img decoding=\"async\" width=\"768\" height=\"768\" src=\"https:\/\/talkpal.ai\/wp-content\/uploads\/2023\/06\/korean-768x768.png\" class=\"languageImage no-lazy\" alt=\"Line-by-line learning for language acquisition\" fetchpriority=\"high\" sizes=\"(max-width: 768px) 150px, 768px\" srcset=\"https:\/\/talkpal.ai\/wp-content\/uploads\/2023\/06\/korean-768x768.png 768w, https:\/\/talkpal.ai\/wp-content\/uploads\/2023\/06\/korean-300x300.png 300w\" \/>\r\n    \r\n\r\n    <\/figure>\r\n\r\n            <a class=\"getStartedVisible\" href=\"https:\/\/app.talkpal.ai\/signup?lng=\">Tosaigh<\/a>\r\n    \r\n<\/section>\r\n\r\n\r\n<!-- <section class=\"grammarSection\">\r\n    <div class=\"grammarLinks\">\r\n            <\/div>\r\n<\/section> -->\r\n\r\n\r\n\r\n\r\n<section class=\"promotionalBanner\">\r\n    <p class=\"promotionalText\">An bealach is \u00e9ifeachta\u00ed le teanga a fhoghlaim<\/p>\r\n    <a class=\"promotionalLink\" href=\"https:\/\/app.talkpal.ai\/signup?lng=\">Bain triail as Talkpal saor in aisce<\/a>\r\n<\/section>\n<div class=\"wp-block-group pageContainerStyle\"><div class=\"wp-block-group__inner-container is-layout-constrained wp-block-group-is-layout-constrained\">\n<h2 class=\"wp-block-heading\" id=\"h-korean-grammar-topics\">Topaic\u00ed Gramada\u00ed na C\u00f3ir\u00e9<\/h2>\n\n\n\n<p>Is f\u00e9idir le foghlaim na C\u00f3ir\u00e9is a bheith ina eisp\u00e9ireas spreag\u00fail agus luachmhar mar go n-oscla\u00edonn s\u00e9 deiseanna cult\u00fartha agus gairmi\u00fala <a href=\"https:\/\/talkpal.ai\/talkpal-new-years-discount\/\">nua<\/a>. T\u00e1 stair shaibhir ag an teanga Ch\u00f3ir\u00e9 agus t\u00e1 s\u00ed \u00e1 labhairt ag na milli\u00fain daoine ar fud an domhain. Ceann de na pr\u00edomhghn\u00e9ithe d&#8217;fhoghlaim teanga ar bith is ea a gramadach a thuiscint. I gc\u00e1s na C\u00f3ir\u00e9ise, t\u00e1 an ghramadach an-difri\u00fail \u00f3 go leor teangacha an Iarthair, ach leis an gcur chuige ceart, is f\u00e9idir \u00e9 a thuiscint go c\u00f3rasach. San alt seo, d\u00e9anfaimid ini\u00fachadh ar \u00e1bhair ghramada\u00ed \u00e9ags\u00fala na C\u00f3ir\u00e9, lena n-\u00e1ir\u00edtear aims\u00ed, briathra, ainmfhocail, ailt, forainmneacha, aidiachta\u00ed, adverbs, r\u00e9amhfhocail, agus strucht\u00far abairte. Tr\u00ed na coincheapa seo a thuiscint agus a mh\u00e1istir, beidh t\u00fa ar do bhealach chun a bheith inni\u00fail sa Ch\u00f3ir\u00e9is.<\/p>\n\n\n\n<h3 class=\"wp-block-heading\" id=\"h-1-nouns\">1. Ainmfhocail:<\/h3>\n\n\n\n<p>Sa Ch\u00f3ir\u00e9is, is bloic th\u00f3g\u00e1la riachtanacha abairt\u00ed iad ainmfhocail. L\u00e9ir\u00edonn siad daoine, \u00e1iteanna, ruda\u00ed, n\u00f3 smaointe. N\u00edl idirdheal\u00fa inscne n\u00f3 uimhreacha ag ainmfhocail na C\u00f3ir\u00e9, rud a fh\u00e1gann go bhfuil siad r\u00e9as\u00fanta simpl\u00ed le foghlaim. Cuideoidh eolas agat ar ainmfhocail choitianta na C\u00f3ir\u00e9 leat bun\u00fas l\u00e1idir st\u00f3r focal a th\u00f3g\u00e1il.<\/p>\n\n\n\n<h3 class=\"wp-block-heading\" id=\"h-2-verbs\">2. Briathra:<\/h3>\n\n\n\n<p>T\u00e1 briathra na C\u00f3ir\u00e9 r\u00edth\u00e1bhachtach chun gn\u00edomhartha agus st\u00e1it a <a href=\"https:\/\/talkpal.ai\/locations\/language-courses-in-chur\/\">chur<\/a> in i\u00fal. De ghn\u00e1th tagann siad ag deireadh abairte agus b\u00edonn foirmeacha \u00e9ags\u00fala acu ag brath ar an aimsir agus ar an leibh\u00e9al dea-bh\u00e9asa. T\u00e1 tuiscint a fh\u00e1il ar na rialacha comhchuingithe d&#8217;fhoirmeacha \u00e9ags\u00fala briathar riachtanach chun cumars\u00e1id \u00e9ifeachtach a dh\u00e9anamh sa Ch\u00f3ir\u00e9is.<\/p>\n\n\n\n<h3 class=\"wp-block-heading\" id=\"h-3-adjectives\">3. Aidiachta\u00ed:<\/h3>\n\n\n\n<p>Sa Ch\u00f3ir\u00e9is, \u00fas\u00e1idtear aidiachta\u00ed chun cur s\u00edos a dh\u00e9anamh ar ainmfhocail agus t\u00e1 rialacha comhchuingithe comhchos\u00fala acu le briathra. Is f\u00e9idir iad a \u00fas\u00e1id roimh n\u00f3 tar \u00e9is ainmfhocail, agus d&#8217;fh\u00e9adfadh a bhfoirm athr\u00fa ag brath ar an leibh\u00e9al aimsire agus dea-bh\u00e9asa. Ag foghlaim aidiachta\u00ed coitianta agus a n-\u00fas\u00e1id feabhs\u00f3idh s\u00e9 do chumais thuairisci\u00fala sa Ch\u00f3ir\u00e9is.<\/p>\n\n\n\n<h3 class=\"wp-block-heading\" id=\"h-4-adverbs\">4. Adverbs:<\/h3>\n\n\n\n<p>Sol\u00e1thra\u00edonn adverbs sa Ch\u00f3ir\u00e9 faisn\u00e9is bhreise faoi bhriathra, aidiachta\u00ed, n\u00f3 adverbs eile. De ghn\u00e1th tagann siad roimh an bhfocal a mhodhna\u00edonn siad agus n\u00edl rialacha comhchuingithe sonracha acu. Is f\u00e9idir le adverbs a ionchorpr\u00fa i d&#8217;abairt\u00ed C\u00f3ir\u00e9 doimhneacht agus nuance a chur le do abairt.<\/p>\n\n\n\n<h3 class=\"wp-block-heading\" id=\"h-5-pronouns\">5. Forainmneacha:<\/h3>\n\n\n\n<p>Cuid\u00edonn forainmneacha na C\u00f3ir\u00e9 le iomarca\u00edocht a sheachaint agus abairt\u00ed a dh\u00e9anamh n\u00edos gonta. Tagann siad in ionad ainmfhocail at\u00e1 luaite cheana f\u00e9in n\u00f3 a thuigtear i gcomhth\u00e9acs. T\u00e1 foirmeacha difri\u00fala ag forainmneacha na C\u00f3ir\u00e9 bunaithe ar st\u00e1das s\u00f3isialta agus inscne an \u00e1bhair, rud a fh\u00e1gann gur gn\u00e9 th\u00e1bhachtach den teanga iad le m\u00e1istir.<\/p>\n\n\n\n<h3 class=\"wp-block-heading\" id=\"h-6-prepositions\">6. Prepositions:<\/h3>\n\n\n\n<p>Sa Ch\u00f3ir\u00e9is, \u00fas\u00e1idtear r\u00e9amhfhocail chun caidrimh idir ainmfhocail in abairt a chur in i\u00fal, mar shampla su\u00edomh, treo, n\u00f3 seilbh. Murab ionann agus an <a href=\"https:\/\/talkpal.ai\/learn-english-with-ai\/\">B\u00e9arla<\/a>, is gn\u00e1ch go dtagann r\u00e9amhfhocail na C\u00f3ir\u00e9 i ndiaidh an ainmfhocail a mhodhna\u00edonn siad, ag cruth\u00fa aonad amh\u00e1in ar a dtugtar fr\u00e1sa postpositional. T\u00e1 s\u00e9 r\u00edth\u00e1bhachtach tuiscint a fh\u00e1il ar \u00fas\u00e1id cheart na gc\u00e1ithn\u00edn\u00ed seo chun abairt\u00ed comhlean\u00fanacha na C\u00f3ir\u00e9 a th\u00f3g\u00e1il.<\/p>\n\n\n\n<h3 class=\"wp-block-heading\" id=\"h-7-sentence-structure\">7. Strucht\u00far Pianbhreithe:<\/h3>\n\n\n\n<p>Is \u00e9 bunstrucht\u00far abairt na C\u00f3ir\u00e9 n\u00e1 \u00e1bhar-rud-briathar (SOV). Cialla\u00edonn s\u00e9 seo go dtagann an briathar deireanach in abairt de ghn\u00e1th, rud a d&#8217;fh\u00e9adfadh a bheith ina athr\u00fa suntasach do chainteoir\u00ed B\u00e9arla. M\u00e1 fhoghlaim\u00edonn t\u00fa an t-ord focal ceart agus an strucht\u00far abairte, beidh t\u00fa in ann cumars\u00e1id a dh\u00e9anamh n\u00edos \u00e9ifeachta\u00ed i gC\u00f3ir\u00e9is.<\/p>\n\n\n\n<h3 class=\"wp-block-heading\" id=\"h-8-tenses-indicative-and-subjunctive\">8. Aimsir T\u00e1scach agus Subjunctive:<\/h3>\n\n\n\n<p>T\u00e1 foirmeacha briathar \u00e9ags\u00fala ag an gC\u00f3ir\u00e9is chun gn\u00edomhartha n\u00f3 st\u00e1it san am at\u00e1 caite, san am i l\u00e1thair agus sa todhcha\u00ed a chur in i\u00fal. \u00das\u00e1idtear an gi\u00famar t\u00e1scach le haghaidh r\u00e1itis f\u00edric\u00ed, agus cuireann an gi\u00famar subjunctive \u00e9iginnteacht, f\u00e9idearthacht n\u00f3 c\u00e1sanna hipit\u00e9iseacha in i\u00fal. T\u00e1 s\u00e9 riachtanach na foirmeacha briathar seo a aithint agus a \u00fas\u00e1id i gceart chun cumars\u00e1id shoil\u00e9ir a dh\u00e9anamh sa Ch\u00f3ir\u00e9is.<\/p>\n\n\n\n<h3 class=\"wp-block-heading\" id=\"h-9-tense-comparison\">9. Compar\u00e1id Aimsire:<\/h3>\n\n\n\n<p>Chun imeachta\u00ed a chur i gcompar\u00e1id i bhfr\u00e1ma\u00ed <a href=\"https:\/\/talkpal.ai\/locations\/language-courses-in-ama\/\">ama<\/a> \u00e9ags\u00fala, n\u00ed m\u00f3r tuiscint a fh\u00e1il ar nuances conjugation briathar na C\u00f3ir\u00e9. Tr\u00ed fhoghlaim conas compar\u00e1id a dh\u00e9anamh idir imeachta\u00ed san am at\u00e1 caite, sa l\u00e1 at\u00e1 inniu ann agus sa todhcha\u00ed ag baint \u00fas\u00e1ide as foirmeacha briathar cu\u00ed, is f\u00e9idir leat smaointe agus caidrimh chasta a chur in i\u00fal i gC\u00f3ir\u00e9is.<\/p>\n\n\n\n<h3 class=\"wp-block-heading\" id=\"h-10-articles\">10. Airteagail:<\/h3>\n\n\n\n<p>Murab ionann agus an B\u00e9arla, n\u00edl ailt chinnte n\u00f3 \u00e9iginnte ag an gC\u00f3ir\u00e9. Ina \u00e1it sin, braitheann an teanga ar chomhth\u00e9acs agus ar \u00fas\u00e1id c\u00e1ithn\u00edn\u00ed sonracha chun cinnteacht n\u00f3 neamhchinnteacht ainmfhocal a chur in i\u00fal. Cuirfidh m\u00e1istreacht ar na c\u00e1ithn\u00edn\u00ed seo ar do chumas t\u00fa f\u00e9in a chur in i\u00fal n\u00edos cruinne i gC\u00f3ir\u00e9is.<\/p>\n<\/div><\/div>\n\r\n<section class=\"learnNavigationSection\">\r\n            \r\n        <a href=\"https:\/\/talkpal.ai\/ga\/foghlaim-coireis\/\">\r\n            <div class=\"learnNavigationWrapper\">\r\n                <div class=\"learnNavigationContent\">\r\n                    <img decoding=\"async\" src=\"https:\/\/talkpal.ai\/wp-content\/uploads\/2024\/08\/Korean.jpg\" alt=\"Korean Flag\">\r\n                    <div>\r\n                        <h4>Maidir le Foghlaim na C\u00f3ir\u00e9<\/h4>\r\n                        <p>Faigh amach gach rud faoi ghramadach na C\u00f3ir\u00e9.<\/p>\r\n                    <\/div>\r\n                <\/div>\r\n            <\/div>\r\n        <\/a>\r\n\r\n        \r\n        <a href=\"https:\/\/talkpal.ai\/ga\/gramadach-na-coire\/\">\r\n            <div class=\"learnNavigationWrapper\">\r\n                <div class=\"learnNavigationContent\">\r\n                    <img decoding=\"async\" src=\"https:\/\/talkpal.ai\/wp-content\/uploads\/2024\/08\/Korean.jpg\" alt=\"Korean Flag\">\r\n                    <div>\r\n                        <h4>Ceachtanna Gramada\u00ed na C\u00f3ir\u00e9<\/h4>\r\n                        <p>Cleachtadh gramadach na C\u00f3ir\u00e9.<\/p>\r\n                    <\/div>\r\n                <\/div>\r\n            <\/div>\r\n        <\/a>\r\n\r\n        \r\n        <a href=\"https:\/\/talkpal.ai\/vocabulary_language\/korean\/\">\r\n            <div class=\"learnNavigationWrapper\">\r\n                <div class=\"learnNavigationContent\">\r\n                    <img decoding=\"async\" src=\"https:\/\/talkpal.ai\/wp-content\/uploads\/2024\/08\/Korean.jpg\" alt=\"Korean Flag\">\r\n                    <div>\r\n                        <h4>St\u00f3r Focal na C\u00f3ir\u00e9<\/h4>\r\n                        <p>Leathnaigh do st\u00f3r focal C\u00f3ir\u00e9is.<\/p>\r\n                    <\/div>\r\n                <\/div>\r\n            <\/div>\r\n        <\/a>\r\n\r\n            <\/section>","protected":false},"excerpt":{"rendered":"<p>Topaic\u00ed Gramada\u00ed na C\u00f3ir\u00e9 Is f\u00e9idir le foghlaim na C\u00f3ir\u00e9is a bheith ina eisp\u00e9ireas spreag\u00fail agus luachmhar mar go n-oscla\u00edonn s\u00e9 deiseanna cult\u00fartha agus gairmi\u00fala nua. T\u00e1 stair shaibhir ag an teanga Ch\u00f3ir\u00e9 agus t\u00e1 s\u00ed \u00e1 labhairt ag na milli\u00fain daoine ar fud an domhain. Ceann de na pr\u00edomhghn\u00e9ithe d&#8217;fhoghlaim teanga ar bith is [&hellip;]<\/p>\n","protected":false},"author":6,"featured_media":1440052,"parent":0,"menu_order":0,"comment_status":"closed","ping_status":"closed","template":"LearningContentPage.php","meta":{"_acf_changed":false,"footnotes":""},"class_list":["post-1446550","page","type-page","status-publish","has-post-thumbnail","hentry"],"acf":[],"yoast_head":"<!-- This site is optimized with the Yoast SEO Premium plugin v27.2 (Yoast SEO v27.2) - https:\/\/yoast.com\/product\/yoast-seo-premium-wordpress\/ -->\n<title>Cleachta\u00ed Gramada\u00ed na C\u00f3ir\u00e9ise - Talkpal<\/title>\n<meta name=\"description\" content=\"Feabhas a chur ar do ghramadach C\u00f3ir\u00e9is go h\u00e9asca - cleachtadh le cleachta\u00ed idirghn\u00edomhacha, m\u00e1istir patr\u00fain teanga, agus muin\u00edn a th\u00f3g\u00e1il\" \/>\n<meta name=\"robots\" content=\"index, follow, max-snippet:-1, max-image-preview:large, max-video-preview:-1\" \/>\n<link rel=\"canonical\" href=\"https:\/\/talkpal.ai\/ga\/cleachtai-gramadai-na-coireise\/\" \/>\n<meta property=\"og:locale\" content=\"ga_IE\" \/>\n<meta property=\"og:type\" content=\"article\" \/>\n<meta property=\"og:title\" content=\"Cleachta\u00ed Gramada\u00ed na C\u00f3ir\u00e9ise\" \/>\n<meta property=\"og:description\" content=\"Topaic\u00ed Gramada\u00ed na C\u00f3ir\u00e9 Is f\u00e9idir le foghlaim na C\u00f3ir\u00e9is a bheith ina eisp\u00e9ireas spreag\u00fail agus luachmhar mar go n-oscla\u00edonn s\u00e9 deiseanna cult\u00fartha agus\" \/>\n<meta property=\"og:url\" content=\"https:\/\/talkpal.ai\/ga\/cleachtai-gramadai-na-coireise\/\" \/>\n<meta property=\"og:site_name\" content=\"Talkpal\" \/>\n<meta property=\"article:publisher\" content=\"https:\/\/www.facebook.com\/profile.php?id=100090733639311\" \/>\n<meta property=\"article:modified_time\" content=\"2025-12-17T16:57:59+00:00\" \/>\n<meta property=\"og:image\" content=\"https:\/\/talkpal.ai\/wp-content\/uploads\/2023\/04\/south-korea.png\" \/>\n\t<meta property=\"og:image:width\" content=\"512\" \/>\n\t<meta property=\"og:image:height\" content=\"512\" \/>\n\t<meta property=\"og:image:type\" content=\"image\/png\" \/>\n<meta name=\"twitter:card\" content=\"summary_large_image\" \/>\n<meta name=\"twitter:site\" content=\"@talkpalai\" \/>\n<meta name=\"twitter:label1\" content=\"Est. reading time\" \/>\n\t<meta name=\"twitter:data1\" content=\"5 minutes\" \/>\n<script type=\"application\/ld+json\" class=\"yoast-schema-graph\">{\"@context\":\"https:\/\/schema.org\",\"@graph\":[{\"@type\":\"WebPage\",\"@id\":\"https:\/\/talkpal.ai\/ga\/cleachtai-gramadai-na-coireise\/\",\"url\":\"https:\/\/talkpal.ai\/ga\/cleachtai-gramadai-na-coireise\/\",\"name\":\"Cleachta\u00ed Gramada\u00ed na C\u00f3ir\u00e9ise - Talkpal\",\"isPartOf\":{\"@id\":\"https:\/\/talkpal.ai\/ga\/#website\"},\"primaryImageOfPage\":{\"@id\":\"https:\/\/talkpal.ai\/ga\/cleachtai-gramadai-na-coireise\/#primaryimage\"},\"image\":{\"@id\":\"https:\/\/talkpal.ai\/ga\/cleachtai-gramadai-na-coireise\/#primaryimage\"},\"thumbnailUrl\":\"https:\/\/talkpal.ai\/wp-content\/uploads\/2023\/04\/south-korea.png\",\"datePublished\":\"2023-06-16T10:27:33+00:00\",\"dateModified\":\"2025-12-17T16:57:59+00:00\",\"description\":\"Feabhas a chur ar do ghramadach C\u00f3ir\u00e9is go h\u00e9asca - cleachtadh le cleachta\u00ed idirghn\u00edomhacha, m\u00e1istir patr\u00fain teanga, agus muin\u00edn a th\u00f3g\u00e1il\",\"breadcrumb\":{\"@id\":\"https:\/\/talkpal.ai\/ga\/cleachtai-gramadai-na-coireise\/#breadcrumb\"},\"inLanguage\":\"ga-IE\",\"potentialAction\":[{\"@type\":\"ReadAction\",\"target\":[\"https:\/\/talkpal.ai\/ga\/cleachtai-gramadai-na-coireise\/\"]}]},{\"@type\":\"ImageObject\",\"inLanguage\":\"ga-IE\",\"@id\":\"https:\/\/talkpal.ai\/ga\/cleachtai-gramadai-na-coireise\/#primaryimage\",\"url\":\"https:\/\/talkpal.ai\/wp-content\/uploads\/2023\/04\/south-korea.png\",\"contentUrl\":\"https:\/\/talkpal.ai\/wp-content\/uploads\/2023\/04\/south-korea.png\",\"width\":512,\"height\":512,\"caption\":\"TalkPal Catalan Flag\"},{\"@type\":\"BreadcrumbList\",\"@id\":\"https:\/\/talkpal.ai\/ga\/cleachtai-gramadai-na-coireise\/#breadcrumb\",\"itemListElement\":[{\"@type\":\"ListItem\",\"position\":1,\"name\":\"Homepage\",\"item\":\"https:\/\/talkpal.ai\/ga\/\"},{\"@type\":\"ListItem\",\"position\":2,\"name\":\"Cleachta\u00ed Gramada\u00ed na C\u00f3ir\u00e9ise\"}]},{\"@type\":\"WebSite\",\"@id\":\"https:\/\/talkpal.ai\/ga\/#website\",\"url\":\"https:\/\/talkpal.ai\/ga\/\",\"name\":\"Talkpal\",\"description\":\"AI Language Learning\",\"publisher\":{\"@id\":\"https:\/\/talkpal.ai\/ga\/#organization\"},\"alternateName\":\"Talkpal AI\",\"potentialAction\":[{\"@type\":\"SearchAction\",\"target\":{\"@type\":\"EntryPoint\",\"urlTemplate\":\"https:\/\/talkpal.ai\/ga\/?s={search_term_string}\"},\"query-input\":{\"@type\":\"PropertyValueSpecification\",\"valueRequired\":true,\"valueName\":\"search_term_string\"}}],\"inLanguage\":\"ga-IE\"},{\"@type\":\"Organization\",\"@id\":\"https:\/\/talkpal.ai\/ga\/#organization\",\"name\":\"Talkpal, Inc.\",\"alternateName\":\"Talkpal AI\",\"url\":\"https:\/\/talkpal.ai\/ga\/\",\"logo\":{\"@type\":\"ImageObject\",\"inLanguage\":\"ga-IE\",\"@id\":\"https:\/\/talkpal.ai\/ga\/#\/schema\/logo\/image\/\",\"url\":\"https:\/\/talkpal.ai\/wp-content\/uploads\/2024\/03\/Talkpal-Logo-Icon.png\",\"contentUrl\":\"https:\/\/talkpal.ai\/wp-content\/uploads\/2024\/03\/Talkpal-Logo-Icon.png\",\"width\":2880,\"height\":2880,\"caption\":\"Talkpal, Inc.\"},\"image\":{\"@id\":\"https:\/\/talkpal.ai\/ga\/#\/schema\/logo\/image\/\"},\"sameAs\":[\"https:\/\/www.facebook.com\/profile.php?id=100090733639311\",\"https:\/\/x.com\/talkpalai\",\"https:\/\/www.linkedin.com\/company\/talkpal\/\",\"https:\/\/www.youtube.com\/@TalkPal\/\",\"https:\/\/www.tiktok.com\/@talkpal\",\"https:\/\/www.instagram.com\/talkpal_ai\/\",\"https:\/\/www.crunchbase.com\/organization\/talkpal-9cde\",\"https:\/\/www.g2.com\/products\/talkpal-for-business\/\",\"https:\/\/www.trustpilot.com\/review\/talkpal.ai\",\"https:\/\/www.capterra.com\/p\/10006800\/TalkPal\/\"],\"description\":\"Talkpal is a language learning web and mobile education app, powered by the latest AI technologies, that provides engaging experiences to its customers in many different languages to help them improve their language skills. Users can chat about unlimited amount of topics with the app and use other modes to practice their language learning.\",\"email\":\"support@talkpal.ai\",\"legalName\":\"Talkpal, Inc.\",\"foundingDate\":\"2023-04-03\",\"duns\":\"118989042\",\"numberOfEmployees\":{\"@type\":\"QuantitativeValue\",\"minValue\":\"11\",\"maxValue\":\"50\"},\"publishingPrinciples\":\"https:\/\/talkpal.ai\/publishing-principles\/\",\"actionableFeedbackPolicy\":\"https:\/\/talkpal.ai\/actionable-feedback-policy\/\",\"correctionsPolicy\":\"https:\/\/talkpal.ai\/corrections-policy\/\",\"ethicsPolicy\":\"https:\/\/talkpal.ai\/ethics-policy\/\",\"diversityPolicy\":\"https:\/\/talkpal.ai\/diversity-policy\/\",\"diversityStaffingReport\":\"https:\/\/talkpal.ai\/diversity-policy\/\"}]}<\/script>\n<!-- \/ Yoast SEO Premium plugin. -->","yoast_head_json":{"title":"Cleachta\u00ed Gramada\u00ed na C\u00f3ir\u00e9ise - Talkpal","description":"Feabhas a chur ar do ghramadach C\u00f3ir\u00e9is go h\u00e9asca - cleachtadh le cleachta\u00ed idirghn\u00edomhacha, m\u00e1istir patr\u00fain teanga, agus muin\u00edn a th\u00f3g\u00e1il","robots":{"index":"index","follow":"follow","max-snippet":"max-snippet:-1","max-image-preview":"max-image-preview:large","max-video-preview":"max-video-preview:-1"},"canonical":"https:\/\/talkpal.ai\/ga\/cleachtai-gramadai-na-coireise\/","og_locale":"ga_IE","og_type":"article","og_title":"Cleachta\u00ed Gramada\u00ed na C\u00f3ir\u00e9ise","og_description":"Topaic\u00ed Gramada\u00ed na C\u00f3ir\u00e9 Is f\u00e9idir le foghlaim na C\u00f3ir\u00e9is a bheith ina eisp\u00e9ireas spreag\u00fail agus luachmhar mar go n-oscla\u00edonn s\u00e9 deiseanna cult\u00fartha agus","og_url":"https:\/\/talkpal.ai\/ga\/cleachtai-gramadai-na-coireise\/","og_site_name":"Talkpal","article_publisher":"https:\/\/www.facebook.com\/profile.php?id=100090733639311","article_modified_time":"2025-12-17T16:57:59+00:00","og_image":[{"width":512,"height":512,"url":"https:\/\/talkpal.ai\/wp-content\/uploads\/2023\/04\/south-korea.png","type":"image\/png"}],"twitter_card":"summary_large_image","twitter_site":"@talkpalai","twitter_misc":{"Est. reading time":"5 minutes"},"schema":{"@context":"https:\/\/schema.org","@graph":[{"@type":"WebPage","@id":"https:\/\/talkpal.ai\/ga\/cleachtai-gramadai-na-coireise\/","url":"https:\/\/talkpal.ai\/ga\/cleachtai-gramadai-na-coireise\/","name":"Cleachta\u00ed Gramada\u00ed na C\u00f3ir\u00e9ise - Talkpal","isPartOf":{"@id":"https:\/\/talkpal.ai\/ga\/#website"},"primaryImageOfPage":{"@id":"https:\/\/talkpal.ai\/ga\/cleachtai-gramadai-na-coireise\/#primaryimage"},"image":{"@id":"https:\/\/talkpal.ai\/ga\/cleachtai-gramadai-na-coireise\/#primaryimage"},"thumbnailUrl":"https:\/\/talkpal.ai\/wp-content\/uploads\/2023\/04\/south-korea.png","datePublished":"2023-06-16T10:27:33+00:00","dateModified":"2025-12-17T16:57:59+00:00","description":"Feabhas a chur ar do ghramadach C\u00f3ir\u00e9is go h\u00e9asca - cleachtadh le cleachta\u00ed idirghn\u00edomhacha, m\u00e1istir patr\u00fain teanga, agus muin\u00edn a th\u00f3g\u00e1il","breadcrumb":{"@id":"https:\/\/talkpal.ai\/ga\/cleachtai-gramadai-na-coireise\/#breadcrumb"},"inLanguage":"ga-IE","potentialAction":[{"@type":"ReadAction","target":["https:\/\/talkpal.ai\/ga\/cleachtai-gramadai-na-coireise\/"]}]},{"@type":"ImageObject","inLanguage":"ga-IE","@id":"https:\/\/talkpal.ai\/ga\/cleachtai-gramadai-na-coireise\/#primaryimage","url":"https:\/\/talkpal.ai\/wp-content\/uploads\/2023\/04\/south-korea.png","contentUrl":"https:\/\/talkpal.ai\/wp-content\/uploads\/2023\/04\/south-korea.png","width":512,"height":512,"caption":"TalkPal Catalan Flag"},{"@type":"BreadcrumbList","@id":"https:\/\/talkpal.ai\/ga\/cleachtai-gramadai-na-coireise\/#breadcrumb","itemListElement":[{"@type":"ListItem","position":1,"name":"Homepage","item":"https:\/\/talkpal.ai\/ga\/"},{"@type":"ListItem","position":2,"name":"Cleachta\u00ed Gramada\u00ed na C\u00f3ir\u00e9ise"}]},{"@type":"WebSite","@id":"https:\/\/talkpal.ai\/ga\/#website","url":"https:\/\/talkpal.ai\/ga\/","name":"Talkpal","description":"AI Language Learning","publisher":{"@id":"https:\/\/talkpal.ai\/ga\/#organization"},"alternateName":"Talkpal AI","potentialAction":[{"@type":"SearchAction","target":{"@type":"EntryPoint","urlTemplate":"https:\/\/talkpal.ai\/ga\/?s={search_term_string}"},"query-input":{"@type":"PropertyValueSpecification","valueRequired":true,"valueName":"search_term_string"}}],"inLanguage":"ga-IE"},{"@type":"Organization","@id":"https:\/\/talkpal.ai\/ga\/#organization","name":"Talkpal, Inc.","alternateName":"Talkpal AI","url":"https:\/\/talkpal.ai\/ga\/","logo":{"@type":"ImageObject","inLanguage":"ga-IE","@id":"https:\/\/talkpal.ai\/ga\/#\/schema\/logo\/image\/","url":"https:\/\/talkpal.ai\/wp-content\/uploads\/2024\/03\/Talkpal-Logo-Icon.png","contentUrl":"https:\/\/talkpal.ai\/wp-content\/uploads\/2024\/03\/Talkpal-Logo-Icon.png","width":2880,"height":2880,"caption":"Talkpal, Inc."},"image":{"@id":"https:\/\/talkpal.ai\/ga\/#\/schema\/logo\/image\/"},"sameAs":["https:\/\/www.facebook.com\/profile.php?id=100090733639311","https:\/\/x.com\/talkpalai","https:\/\/www.linkedin.com\/company\/talkpal\/","https:\/\/www.youtube.com\/@TalkPal\/","https:\/\/www.tiktok.com\/@talkpal","https:\/\/www.instagram.com\/talkpal_ai\/","https:\/\/www.crunchbase.com\/organization\/talkpal-9cde","https:\/\/www.g2.com\/products\/talkpal-for-business\/","https:\/\/www.trustpilot.com\/review\/talkpal.ai","https:\/\/www.capterra.com\/p\/10006800\/TalkPal\/"],"description":"Talkpal is a language learning web and mobile education app, powered by the latest AI technologies, that provides engaging experiences to its customers in many different languages to help them improve their language skills. Users can chat about unlimited amount of topics with the app and use other modes to practice their language learning.","email":"support@talkpal.ai","legalName":"Talkpal, Inc.","foundingDate":"2023-04-03","duns":"118989042","numberOfEmployees":{"@type":"QuantitativeValue","minValue":"11","maxValue":"50"},"publishingPrinciples":"https:\/\/talkpal.ai\/publishing-principles\/","actionableFeedbackPolicy":"https:\/\/talkpal.ai\/actionable-feedback-policy\/","correctionsPolicy":"https:\/\/talkpal.ai\/corrections-policy\/","ethicsPolicy":"https:\/\/talkpal.ai\/ethics-policy\/","diversityPolicy":"https:\/\/talkpal.ai\/diversity-policy\/","diversityStaffingReport":"https:\/\/talkpal.ai\/diversity-policy\/"}]}},"_links":{"self":[{"href":"https:\/\/talkpal.ai\/ga\/wp-json\/wp\/v2\/pages\/1446550","targetHints":{"allow":["GET"]}}],"collection":[{"href":"https:\/\/talkpal.ai\/ga\/wp-json\/wp\/v2\/pages"}],"about":[{"href":"https:\/\/talkpal.ai\/ga\/wp-json\/wp\/v2\/types\/page"}],"author":[{"embeddable":true,"href":"https:\/\/talkpal.ai\/ga\/wp-json\/wp\/v2\/users\/6"}],"replies":[{"embeddable":true,"href":"https:\/\/talkpal.ai\/ga\/wp-json\/wp\/v2\/comments?post=1446550"}],"version-history":[{"count":0,"href":"https:\/\/talkpal.ai\/ga\/wp-json\/wp\/v2\/pages\/1446550\/revisions"}],"wp:featuredmedia":[{"embeddable":true,"href":"https:\/\/talkpal.ai\/ga\/wp-json\/wp\/v2\/media\/1440052"}],"wp:attachment":[{"href":"https:\/\/talkpal.ai\/ga\/wp-json\/wp\/v2\/media?parent=1446550"}],"curies":[{"name":"wp","href":"https:\/\/api.w.org\/{rel}","templated":true}]}}