{"id":1446545,"date":"2023-06-16T10:58:35","date_gmt":"2023-06-16T10:58:35","guid":{"rendered":"https:\/\/talkpal.ai\/cleachtai-gramadai-na-ruise\/"},"modified":"2025-12-17T16:24:25","modified_gmt":"2025-12-17T16:24:25","slug":"cleachtai-gramadai-na-ruise","status":"publish","type":"page","link":"https:\/\/talkpal.ai\/ga\/cleachtai-gramadai-na-ruise\/","title":{"rendered":"Cleachta\u00ed Gramada\u00ed na R\u00faise"},"content":{"rendered":"\r\n\r\n\r\n<section class=\"languageChallengeSection\">\r\n    <div class=\"languageInfoWrapper\">\r\n        \r\n        <h1>Cleachta\u00ed Gramada\u00ed na R\u00faise<\/h1>\r\n        <p>R\u00e9idh le do scileanna <a href=\"https:\/\/talkpal.ai\/learn-russian\/\">R\u00faisis<\/a> a neart\u00fa? T\u00e1 cleachta\u00ed gramada\u00ed ar cheann de na beala\u00ed is fearr chun strucht\u00far abairte, conjugations briathra, agus rialacha uath\u00fala na teanga R\u00faisise a mh\u00e1istir. Tosaigh ag ini\u00fachadh gramadach na R\u00faise inniu agus f\u00e9ach ar do thuiscint agus l\u00edofacht ag f\u00e1s le gach cleachtadh!<\/p>\r\n\r\n                            <a class=\"getStartedHidden\" href=\"https:\/\/app.talkpal.ai\/signup?lng=\">Tosaigh<\/a>\r\n        \r\n    <\/div>\r\n\r\n    <figure>\r\n    <img decoding=\"async\" width=\"768\" height=\"768\" src=\"https:\/\/talkpal.ai\/wp-content\/uploads\/2023\/06\/russian-768x768.png\" class=\"languageImage no-lazy\" alt=\"Language learning for multicultural understanding\" fetchpriority=\"high\" sizes=\"(max-width: 768px) 150px, 768px\" srcset=\"https:\/\/talkpal.ai\/wp-content\/uploads\/2023\/06\/russian-768x768.png 768w, https:\/\/talkpal.ai\/wp-content\/uploads\/2023\/06\/russian-300x300.png 300w\" \/>\r\n    \r\n\r\n    <\/figure>\r\n\r\n            <a class=\"getStartedVisible\" href=\"https:\/\/app.talkpal.ai\/signup?lng=\">Tosaigh<\/a>\r\n    \r\n<\/section>\r\n\r\n\r\n<!-- <section class=\"grammarSection\">\r\n    <div class=\"grammarLinks\">\r\n            <\/div>\r\n<\/section> -->\r\n\r\n\r\n\r\n\r\n<section class=\"promotionalBanner\">\r\n    <p class=\"promotionalText\">An bealach is \u00e9ifeachta\u00ed le teanga a fhoghlaim<\/p>\r\n    <a class=\"promotionalLink\" href=\"https:\/\/app.talkpal.ai\/signup?lng=\">Bain triail as Talkpal saor in aisce<\/a>\r\n<\/section>\n<div class=\"wp-block-group pageContainerStyle\"><div class=\"wp-block-group__inner-container is-layout-constrained wp-block-group-is-layout-constrained\">\n<h2 class=\"wp-block-heading\" id=\"h-russian-grammar-topics\">Topaic\u00ed Gramada\u00ed na R\u00faise<\/h2>\n\n\n\n<p>Is f\u00e9idir le foghlaim na R\u00faise a bheith ina eisp\u00e9ireas thar a bheith luachmhar agus spreag\u00fail intleacht\u00fail. N\u00ed hamh\u00e1in go bhfuil an teanga R\u00faisis saibhir i st\u00f3r focal agus i gcumhacht l\u00e9irithe, ach sol\u00e1thra\u00edonn s\u00ed fuinneog freisin ar chult\u00far, stair agus litr\u00edocht sp\u00e9isi\u00fail na R\u00faise agus an iar-Aontais Sh\u00f3iv\u00e9adaigh. Agus t\u00fa ag tabhairt faoi do thuras chun R\u00faisis a fhoghlaim, t\u00e1 s\u00e9 t\u00e1bhachtach dul i dtaith\u00ed ar na topaic\u00ed gramada\u00ed \u00e9ags\u00fala a bheidh mar bhun\u00fas le do scileanna teanga. Sa treoir seo, cuirfimid forbhreathn\u00fa ar \u00e1bhair riachtanacha <a href=\"https:\/\/talkpal.ai\/ga\/cleachtai-gramadai-na-hisiltire\/\">gramada\u00ed na<\/a> R\u00faise, lena n-\u00e1ir\u00edtear aimsir, briathra, ainmfhocail, ailt, forainmneacha, aidiachta\u00ed, adverbs, r\u00e9amhfhocail, agus strucht\u00far abairte. Tr\u00ed mh\u00e1istir a dh\u00e9anamh ar na buneilimint\u00ed seo, beidh t\u00fa ar do bhealach chun l\u00edofacht sa R\u00faisis a bhaint amach.<\/p>\n\n\n\n<h3 class=\"wp-block-heading\" id=\"h-1-nouns\">1. Ainmfhocail:<\/h3>\n\n\n\n<p>Tosaigh tr\u00ed ainmfhocail R\u00faisise a fhoghlaim, mar is iad bunbloic th\u00f3g\u00e1la na teanga iad. T\u00e1 tr\u00ed inscne ag ainmfhocail na R\u00faise (firinscneach, baininscneach, agus neuter) agus s\u00e9 ch\u00e1s (nominative, genitive, dative, accusative, instrumental, and prepositional). T\u00e1 s\u00e9 r\u00edth\u00e1bhachtach tuiscint a fh\u00e1il ar an gc\u00f3ras inscne agus c\u00e1is chun ainmfhocail a \u00fas\u00e1id i gceart in abairt\u00ed.<\/p>\n\n\n\n<h3 class=\"wp-block-heading\" id=\"h-2-pronouns\">2. Forainmneacha:<\/h3>\n\n\n\n<p>Nuair a bheidh t\u00fa eolach ar ainmfhocail, bog ar aghaidh go forainmneacha, a thagann in ionad ainmfhocail in abairt\u00ed chun athr\u00e1 a sheachaint. T\u00e1 inscne agus c\u00e1sanna ag forainmneacha freisin, agus t\u00e1 s\u00e9 t\u00e1bhachtach a bhfoirmeacha agus a n-\u00fas\u00e1id a fhoghlaim.<\/p>\n\n\n\n<h3 class=\"wp-block-heading\" id=\"h-3-adjectives\">3. Aidiachta\u00ed:<\/h3>\n\n\n\n<p>D\u00e9anann aidiachta\u00ed cur s\u00edos ar ainmfhocail agus forainmneacha n\u00f3 iad a mhodhn\u00fa. Aonta\u00edonn siad leis na hainmfhocail a mhodhna\u00edonn siad in inscne, uimhir, agus c\u00e1s. Foghlaim foirmeacha agus foircinn \u00e9ags\u00fala aidiachta\u00ed chun iad a \u00fas\u00e1id i gceart.<\/p>\n\n\n\n<h3 class=\"wp-block-heading\" id=\"h-4-verbs\">4. Briathra:<\/h3>\n\n\n\n<p>Is iad briathra cn\u00e1mh droma aon abairte, mar go gcuireann siad gn\u00edomhartha, st\u00e1it n\u00f3 tarl\u00fa in i\u00fal. Sa R\u00faisis, t\u00e1 dh\u00e1 ghn\u00e9 ag briathra (foirfe agus neamhfhoirfe) agus comhchuing\u00edonn siad de r\u00e9ir duine, uimhreacha agus aimsir. Cuir eolas ar na patr\u00fain agus na gn\u00e9ithe comhchuingithe chun foirmeacha cruinne briathar a fhoirmi\u00fa.<\/p>\n\n\n\n<h3 class=\"wp-block-heading\" id=\"h-5-tenses-indicative\">5. Aimsir T\u00e1scach:<\/h3>\n\n\n\n<p>T\u00e1 tr\u00ed aimsir th\u00e1scacha ag an R\u00faisis: am at\u00e1 caite, an l\u00e1 at\u00e1 inniu ann agus an todhcha\u00ed. Foghlaim conas na haimsir\u00ed seo a fhoirmi\u00fa agus a \u00fas\u00e1id chun gn\u00edomhartha agus imeachta\u00ed a <a href=\"https:\/\/talkpal.ai\/locations\/language-courses-in-chur\/\">chur<\/a> in i\u00fal i bhfr\u00e1ma\u00ed <a href=\"https:\/\/talkpal.ai\/locations\/language-courses-in-ama\/\">ama<\/a> \u00e9ags\u00fala.<\/p>\n\n\n\n<h3 class=\"wp-block-heading\" id=\"h-6-tenses-subjunctive\">6. Aimsir Subjunctive:<\/h3>\n\n\n\n<p>L\u00e9ir\u00edonn an gi\u00famar subjunctive c\u00e1sanna hipit\u00e9iseacha, mianta, n\u00f3 coinn\u00edollacha neamhr\u00e9adacha. Foghlaim conas an subjunctive a fhoirmi\u00fa i R\u00faisis agus cathain \u00e9 a \u00fas\u00e1id in abairt\u00ed.<\/p>\n\n\n\n<h3 class=\"wp-block-heading\" id=\"h-7-tense-comparison\">7. Compar\u00e1id aimsire:<\/h3>\n\n\n\n<p>T\u00e1 s\u00e9 riachtanach tuiscint a fh\u00e1il ar conas gn\u00edomhartha a chur i gcompar\u00e1id agus i gcodarsnacht in aimsir \u00e9ags\u00fala chun cumars\u00e1id shoil\u00e9ir a dh\u00e9anamh. Cleachtadh ag baint \u00fas\u00e1ide as aimsir\u00ed \u00e9ags\u00fala le ch\u00e9ile chun smaointe agus smaointe casta a chur in i\u00fal.<\/p>\n\n\n\n<h3 class=\"wp-block-heading\" id=\"h-8-adverbs\">8. Adverbs:<\/h3>\n\n\n\n<p>Modhna\u00edonn adverbs briathra, aidiachta\u00ed n\u00f3 aidiachta\u00ed eile, ag sol\u00e1thar faisn\u00e9ise faoi conas, cathain, c\u00e1 h\u00e1it, n\u00f3 c\u00e9 chomh fada agus a tharla\u00edonn gn\u00edomh. Foghlaim adverbs coitianta R\u00faisis agus a n-\u00fas\u00e1id chun feabhas a chur ar do chuid abairt\u00ed.<\/p>\n\n\n\n<h3 class=\"wp-block-heading\" id=\"h-9-prepositions\">9. Prepositions:<\/h3>\n\n\n\n<p>Nascann r\u00e9amhfhocail ainmfhocail, forainmneacha, n\u00f3 fr\u00e1sa\u00ed le focail eile laistigh d&#8217;abairt, ag l\u00e9iri\u00fa caidrimh ar n\u00f3s su\u00edomh, treo, am, n\u00f3 cusp\u00f3ir. Cuir eolas ar r\u00e9amhfhocail na R\u00faise agus na c\u00e1sanna comhfhreagracha a bhaineann leo chun abairt\u00ed gramada\u00ed a th\u00f3g\u00e1il.<\/p>\n\n\n\n<h3 class=\"wp-block-heading\" id=\"h-10-sentence-structure\">10. Strucht\u00far na habairte:<\/h3>\n\n\n\n<p>Ar deireadh, foghlaim buneilimint\u00ed strucht\u00far abairt\u00ed na R\u00faise, lena n-\u00e1ir\u00edtear ord focal, s\u00e9anadh, agus foirmi\u00fa ceisteanna. M\u00e1 thuigeann t\u00fa conas abairt\u00ed a th\u00f3g\u00e1il i gceart, cinnteoidh t\u00fa go bhfuil do R\u00faisis labhartha agus scr\u00edofa soil\u00e9ir agus intuigthe.<\/p>\n\n\n\n<p>Tr\u00edd an seicheamh seo a lean\u00faint agus am a chaitheamh do gach \u00e1bhar gramada\u00ed, forbr\u00f3idh t\u00fa bun\u00fas l\u00e1idir sa R\u00faisis, rud a chuirfidh ar do chumas cumars\u00e1id \u00e9ifeachtach a dh\u00e9anamh agus \u00e1illeacht agus doimhneacht na teanga a thuiscint.<\/p>\n<\/div><\/div>\n\r\n<section class=\"learnNavigationSection\">\r\n            \r\n        <a href=\"https:\/\/talkpal.ai\/ga\/foghlaim-ruisis\/\">\r\n            <div class=\"learnNavigationWrapper\">\r\n                <div class=\"learnNavigationContent\">\r\n                    <img decoding=\"async\" src=\"https:\/\/talkpal.ai\/wp-content\/uploads\/2024\/08\/Russian.jpg\" alt=\"Russian Flag\">\r\n                    <div>\r\n                        <h4>Maidir le Foghlaim na R\u00faise<\/h4>\r\n                        <p>Faigh amach gach rud faoi ghramadach na R\u00faise.<\/p>\r\n                    <\/div>\r\n                <\/div>\r\n            <\/div>\r\n        <\/a>\r\n\r\n        \r\n        <a href=\"https:\/\/talkpal.ai\/ga\/gramadach-na-ruise\/\">\r\n            <div class=\"learnNavigationWrapper\">\r\n                <div class=\"learnNavigationContent\">\r\n                    <img decoding=\"async\" src=\"https:\/\/talkpal.ai\/wp-content\/uploads\/2024\/08\/Russian.jpg\" alt=\"Russian Flag\">\r\n                    <div>\r\n                        <h4>Ceachtanna Gramada\u00ed na R\u00faise<\/h4>\r\n                        <p>Cleachtadh gramadach na R\u00faise.<\/p>\r\n                    <\/div>\r\n                <\/div>\r\n            <\/div>\r\n        <\/a>\r\n\r\n        \r\n        <a href=\"https:\/\/talkpal.ai\/vocabulary_language\/russian\/\">\r\n            <div class=\"learnNavigationWrapper\">\r\n                <div class=\"learnNavigationContent\">\r\n                    <img decoding=\"async\" src=\"https:\/\/talkpal.ai\/wp-content\/uploads\/2024\/08\/Russian.jpg\" alt=\"Russian Flag\">\r\n                    <div>\r\n                        <h4>St\u00f3r Focal na R\u00faise<\/h4>\r\n                        <p>Leathnaigh do st\u00f3r focal R\u00faisise.<\/p>\r\n                    <\/div>\r\n                <\/div>\r\n            <\/div>\r\n        <\/a>\r\n\r\n            <\/section>","protected":false},"excerpt":{"rendered":"<p>Topaic\u00ed Gramada\u00ed na R\u00faise Is f\u00e9idir le foghlaim na R\u00faise a bheith ina eisp\u00e9ireas thar a bheith luachmhar agus spreag\u00fail intleacht\u00fail. N\u00ed hamh\u00e1in go bhfuil an teanga R\u00faisis saibhir i st\u00f3r focal agus i gcumhacht l\u00e9irithe, ach sol\u00e1thra\u00edonn s\u00ed fuinneog freisin ar chult\u00far, stair agus litr\u00edocht sp\u00e9isi\u00fail na R\u00faise agus an iar-Aontais Sh\u00f3iv\u00e9adaigh. Agus t\u00fa [&hellip;]<\/p>\n","protected":false},"author":6,"featured_media":1442560,"parent":0,"menu_order":0,"comment_status":"closed","ping_status":"closed","template":"LearningContentPage.php","meta":{"_acf_changed":false,"footnotes":""},"class_list":["post-1446545","page","type-page","status-publish","has-post-thumbnail","hentry"],"acf":[],"yoast_head":"<!-- This site is optimized with the Yoast SEO Premium plugin v27.2 (Yoast SEO v27.2) - https:\/\/yoast.com\/product\/yoast-seo-premium-wordpress\/ -->\n<title>Cleachta\u00ed Gramada\u00ed na R\u00faise - Talkpal<\/title>\n<meta name=\"description\" content=\"D\u00e9an ini\u00fachadh ar chleachta\u00ed gramada\u00ed riachtanacha na R\u00faise chun do scileanna teanga a neart\u00fa agus l\u00edofacht sa R\u00faisis a bhaint amach.\" \/>\n<meta name=\"robots\" content=\"index, follow, max-snippet:-1, max-image-preview:large, max-video-preview:-1\" \/>\n<link rel=\"canonical\" href=\"https:\/\/talkpal.ai\/ga\/cleachtai-gramadai-na-ruise\/\" \/>\n<meta property=\"og:locale\" content=\"ga_IE\" \/>\n<meta property=\"og:type\" content=\"article\" \/>\n<meta property=\"og:title\" content=\"Cleachta\u00ed Gramada\u00ed na R\u00faise\" \/>\n<meta property=\"og:description\" content=\"Topaic\u00ed Gramada\u00ed na R\u00faise Is f\u00e9idir le foghlaim na R\u00faise a bheith ina eisp\u00e9ireas thar a bheith luachmhar agus spreag\u00fail intleacht\u00fail. N\u00ed hamh\u00e1in go bhfuil\" \/>\n<meta property=\"og:url\" content=\"https:\/\/talkpal.ai\/ga\/cleachtai-gramadai-na-ruise\/\" \/>\n<meta property=\"og:site_name\" content=\"Talkpal\" \/>\n<meta property=\"article:publisher\" content=\"https:\/\/www.facebook.com\/profile.php?id=100090733639311\" \/>\n<meta property=\"article:modified_time\" content=\"2025-12-17T16:24:25+00:00\" \/>\n<meta property=\"og:image\" content=\"https:\/\/talkpal.ai\/wp-content\/uploads\/2023\/04\/rusia.png\" \/>\n\t<meta property=\"og:image:width\" content=\"512\" \/>\n\t<meta property=\"og:image:height\" content=\"512\" \/>\n\t<meta property=\"og:image:type\" content=\"image\/png\" \/>\n<meta name=\"twitter:card\" content=\"summary_large_image\" \/>\n<meta name=\"twitter:site\" content=\"@talkpalai\" \/>\n<meta name=\"twitter:label1\" content=\"Est. reading time\" \/>\n\t<meta name=\"twitter:data1\" content=\"4 minutes\" \/>\n<script type=\"application\/ld+json\" class=\"yoast-schema-graph\">{\"@context\":\"https:\/\/schema.org\",\"@graph\":[{\"@type\":\"WebPage\",\"@id\":\"https:\/\/talkpal.ai\/ga\/cleachtai-gramadai-na-ruise\/\",\"url\":\"https:\/\/talkpal.ai\/ga\/cleachtai-gramadai-na-ruise\/\",\"name\":\"Cleachta\u00ed Gramada\u00ed na R\u00faise - Talkpal\",\"isPartOf\":{\"@id\":\"https:\/\/talkpal.ai\/ga\/#website\"},\"primaryImageOfPage\":{\"@id\":\"https:\/\/talkpal.ai\/ga\/cleachtai-gramadai-na-ruise\/#primaryimage\"},\"image\":{\"@id\":\"https:\/\/talkpal.ai\/ga\/cleachtai-gramadai-na-ruise\/#primaryimage\"},\"thumbnailUrl\":\"https:\/\/talkpal.ai\/wp-content\/uploads\/2023\/04\/rusia.png\",\"datePublished\":\"2023-06-16T10:58:35+00:00\",\"dateModified\":\"2025-12-17T16:24:25+00:00\",\"description\":\"D\u00e9an ini\u00fachadh ar chleachta\u00ed gramada\u00ed riachtanacha na R\u00faise chun do scileanna teanga a neart\u00fa agus l\u00edofacht sa R\u00faisis a bhaint amach.\",\"breadcrumb\":{\"@id\":\"https:\/\/talkpal.ai\/ga\/cleachtai-gramadai-na-ruise\/#breadcrumb\"},\"inLanguage\":\"ga-IE\",\"potentialAction\":[{\"@type\":\"ReadAction\",\"target\":[\"https:\/\/talkpal.ai\/ga\/cleachtai-gramadai-na-ruise\/\"]}]},{\"@type\":\"ImageObject\",\"inLanguage\":\"ga-IE\",\"@id\":\"https:\/\/talkpal.ai\/ga\/cleachtai-gramadai-na-ruise\/#primaryimage\",\"url\":\"https:\/\/talkpal.ai\/wp-content\/uploads\/2023\/04\/rusia.png\",\"contentUrl\":\"https:\/\/talkpal.ai\/wp-content\/uploads\/2023\/04\/rusia.png\",\"width\":512,\"height\":512,\"caption\":\"TalkPal Catalan Flag\"},{\"@type\":\"BreadcrumbList\",\"@id\":\"https:\/\/talkpal.ai\/ga\/cleachtai-gramadai-na-ruise\/#breadcrumb\",\"itemListElement\":[{\"@type\":\"ListItem\",\"position\":1,\"name\":\"Homepage\",\"item\":\"https:\/\/talkpal.ai\/ga\/\"},{\"@type\":\"ListItem\",\"position\":2,\"name\":\"Cleachta\u00ed Gramada\u00ed na R\u00faise\"}]},{\"@type\":\"WebSite\",\"@id\":\"https:\/\/talkpal.ai\/ga\/#website\",\"url\":\"https:\/\/talkpal.ai\/ga\/\",\"name\":\"Talkpal\",\"description\":\"AI Language Learning\",\"publisher\":{\"@id\":\"https:\/\/talkpal.ai\/ga\/#organization\"},\"alternateName\":\"Talkpal AI\",\"potentialAction\":[{\"@type\":\"SearchAction\",\"target\":{\"@type\":\"EntryPoint\",\"urlTemplate\":\"https:\/\/talkpal.ai\/ga\/?s={search_term_string}\"},\"query-input\":{\"@type\":\"PropertyValueSpecification\",\"valueRequired\":true,\"valueName\":\"search_term_string\"}}],\"inLanguage\":\"ga-IE\"},{\"@type\":\"Organization\",\"@id\":\"https:\/\/talkpal.ai\/ga\/#organization\",\"name\":\"Talkpal, Inc.\",\"alternateName\":\"Talkpal AI\",\"url\":\"https:\/\/talkpal.ai\/ga\/\",\"logo\":{\"@type\":\"ImageObject\",\"inLanguage\":\"ga-IE\",\"@id\":\"https:\/\/talkpal.ai\/ga\/#\/schema\/logo\/image\/\",\"url\":\"https:\/\/talkpal.ai\/wp-content\/uploads\/2024\/03\/Talkpal-Logo-Icon.png\",\"contentUrl\":\"https:\/\/talkpal.ai\/wp-content\/uploads\/2024\/03\/Talkpal-Logo-Icon.png\",\"width\":2880,\"height\":2880,\"caption\":\"Talkpal, Inc.\"},\"image\":{\"@id\":\"https:\/\/talkpal.ai\/ga\/#\/schema\/logo\/image\/\"},\"sameAs\":[\"https:\/\/www.facebook.com\/profile.php?id=100090733639311\",\"https:\/\/x.com\/talkpalai\",\"https:\/\/www.linkedin.com\/company\/talkpal\/\",\"https:\/\/www.youtube.com\/@TalkPal\/\",\"https:\/\/www.tiktok.com\/@talkpal\",\"https:\/\/www.instagram.com\/talkpal_ai\/\",\"https:\/\/www.crunchbase.com\/organization\/talkpal-9cde\",\"https:\/\/www.g2.com\/products\/talkpal-for-business\/\",\"https:\/\/www.trustpilot.com\/review\/talkpal.ai\",\"https:\/\/www.capterra.com\/p\/10006800\/TalkPal\/\"],\"description\":\"Talkpal is a language learning web and mobile education app, powered by the latest AI technologies, that provides engaging experiences to its customers in many different languages to help them improve their language skills. Users can chat about unlimited amount of topics with the app and use other modes to practice their language learning.\",\"email\":\"support@talkpal.ai\",\"legalName\":\"Talkpal, Inc.\",\"foundingDate\":\"2023-04-03\",\"duns\":\"118989042\",\"numberOfEmployees\":{\"@type\":\"QuantitativeValue\",\"minValue\":\"11\",\"maxValue\":\"50\"},\"publishingPrinciples\":\"https:\/\/talkpal.ai\/publishing-principles\/\",\"actionableFeedbackPolicy\":\"https:\/\/talkpal.ai\/actionable-feedback-policy\/\",\"correctionsPolicy\":\"https:\/\/talkpal.ai\/corrections-policy\/\",\"ethicsPolicy\":\"https:\/\/talkpal.ai\/ethics-policy\/\",\"diversityPolicy\":\"https:\/\/talkpal.ai\/diversity-policy\/\",\"diversityStaffingReport\":\"https:\/\/talkpal.ai\/diversity-policy\/\"}]}<\/script>\n<!-- \/ Yoast SEO Premium plugin. -->","yoast_head_json":{"title":"Cleachta\u00ed Gramada\u00ed na R\u00faise - Talkpal","description":"D\u00e9an ini\u00fachadh ar chleachta\u00ed gramada\u00ed riachtanacha na R\u00faise chun do scileanna teanga a neart\u00fa agus l\u00edofacht sa R\u00faisis a bhaint amach.","robots":{"index":"index","follow":"follow","max-snippet":"max-snippet:-1","max-image-preview":"max-image-preview:large","max-video-preview":"max-video-preview:-1"},"canonical":"https:\/\/talkpal.ai\/ga\/cleachtai-gramadai-na-ruise\/","og_locale":"ga_IE","og_type":"article","og_title":"Cleachta\u00ed Gramada\u00ed na R\u00faise","og_description":"Topaic\u00ed Gramada\u00ed na R\u00faise Is f\u00e9idir le foghlaim na R\u00faise a bheith ina eisp\u00e9ireas thar a bheith luachmhar agus spreag\u00fail intleacht\u00fail. N\u00ed hamh\u00e1in go bhfuil","og_url":"https:\/\/talkpal.ai\/ga\/cleachtai-gramadai-na-ruise\/","og_site_name":"Talkpal","article_publisher":"https:\/\/www.facebook.com\/profile.php?id=100090733639311","article_modified_time":"2025-12-17T16:24:25+00:00","og_image":[{"width":512,"height":512,"url":"https:\/\/talkpal.ai\/wp-content\/uploads\/2023\/04\/rusia.png","type":"image\/png"}],"twitter_card":"summary_large_image","twitter_site":"@talkpalai","twitter_misc":{"Est. reading time":"4 minutes"},"schema":{"@context":"https:\/\/schema.org","@graph":[{"@type":"WebPage","@id":"https:\/\/talkpal.ai\/ga\/cleachtai-gramadai-na-ruise\/","url":"https:\/\/talkpal.ai\/ga\/cleachtai-gramadai-na-ruise\/","name":"Cleachta\u00ed Gramada\u00ed na R\u00faise - Talkpal","isPartOf":{"@id":"https:\/\/talkpal.ai\/ga\/#website"},"primaryImageOfPage":{"@id":"https:\/\/talkpal.ai\/ga\/cleachtai-gramadai-na-ruise\/#primaryimage"},"image":{"@id":"https:\/\/talkpal.ai\/ga\/cleachtai-gramadai-na-ruise\/#primaryimage"},"thumbnailUrl":"https:\/\/talkpal.ai\/wp-content\/uploads\/2023\/04\/rusia.png","datePublished":"2023-06-16T10:58:35+00:00","dateModified":"2025-12-17T16:24:25+00:00","description":"D\u00e9an ini\u00fachadh ar chleachta\u00ed gramada\u00ed riachtanacha na R\u00faise chun do scileanna teanga a neart\u00fa agus l\u00edofacht sa R\u00faisis a bhaint amach.","breadcrumb":{"@id":"https:\/\/talkpal.ai\/ga\/cleachtai-gramadai-na-ruise\/#breadcrumb"},"inLanguage":"ga-IE","potentialAction":[{"@type":"ReadAction","target":["https:\/\/talkpal.ai\/ga\/cleachtai-gramadai-na-ruise\/"]}]},{"@type":"ImageObject","inLanguage":"ga-IE","@id":"https:\/\/talkpal.ai\/ga\/cleachtai-gramadai-na-ruise\/#primaryimage","url":"https:\/\/talkpal.ai\/wp-content\/uploads\/2023\/04\/rusia.png","contentUrl":"https:\/\/talkpal.ai\/wp-content\/uploads\/2023\/04\/rusia.png","width":512,"height":512,"caption":"TalkPal Catalan Flag"},{"@type":"BreadcrumbList","@id":"https:\/\/talkpal.ai\/ga\/cleachtai-gramadai-na-ruise\/#breadcrumb","itemListElement":[{"@type":"ListItem","position":1,"name":"Homepage","item":"https:\/\/talkpal.ai\/ga\/"},{"@type":"ListItem","position":2,"name":"Cleachta\u00ed Gramada\u00ed na R\u00faise"}]},{"@type":"WebSite","@id":"https:\/\/talkpal.ai\/ga\/#website","url":"https:\/\/talkpal.ai\/ga\/","name":"Talkpal","description":"AI Language Learning","publisher":{"@id":"https:\/\/talkpal.ai\/ga\/#organization"},"alternateName":"Talkpal AI","potentialAction":[{"@type":"SearchAction","target":{"@type":"EntryPoint","urlTemplate":"https:\/\/talkpal.ai\/ga\/?s={search_term_string}"},"query-input":{"@type":"PropertyValueSpecification","valueRequired":true,"valueName":"search_term_string"}}],"inLanguage":"ga-IE"},{"@type":"Organization","@id":"https:\/\/talkpal.ai\/ga\/#organization","name":"Talkpal, Inc.","alternateName":"Talkpal AI","url":"https:\/\/talkpal.ai\/ga\/","logo":{"@type":"ImageObject","inLanguage":"ga-IE","@id":"https:\/\/talkpal.ai\/ga\/#\/schema\/logo\/image\/","url":"https:\/\/talkpal.ai\/wp-content\/uploads\/2024\/03\/Talkpal-Logo-Icon.png","contentUrl":"https:\/\/talkpal.ai\/wp-content\/uploads\/2024\/03\/Talkpal-Logo-Icon.png","width":2880,"height":2880,"caption":"Talkpal, Inc."},"image":{"@id":"https:\/\/talkpal.ai\/ga\/#\/schema\/logo\/image\/"},"sameAs":["https:\/\/www.facebook.com\/profile.php?id=100090733639311","https:\/\/x.com\/talkpalai","https:\/\/www.linkedin.com\/company\/talkpal\/","https:\/\/www.youtube.com\/@TalkPal\/","https:\/\/www.tiktok.com\/@talkpal","https:\/\/www.instagram.com\/talkpal_ai\/","https:\/\/www.crunchbase.com\/organization\/talkpal-9cde","https:\/\/www.g2.com\/products\/talkpal-for-business\/","https:\/\/www.trustpilot.com\/review\/talkpal.ai","https:\/\/www.capterra.com\/p\/10006800\/TalkPal\/"],"description":"Talkpal is a language learning web and mobile education app, powered by the latest AI technologies, that provides engaging experiences to its customers in many different languages to help them improve their language skills. Users can chat about unlimited amount of topics with the app and use other modes to practice their language learning.","email":"support@talkpal.ai","legalName":"Talkpal, Inc.","foundingDate":"2023-04-03","duns":"118989042","numberOfEmployees":{"@type":"QuantitativeValue","minValue":"11","maxValue":"50"},"publishingPrinciples":"https:\/\/talkpal.ai\/publishing-principles\/","actionableFeedbackPolicy":"https:\/\/talkpal.ai\/actionable-feedback-policy\/","correctionsPolicy":"https:\/\/talkpal.ai\/corrections-policy\/","ethicsPolicy":"https:\/\/talkpal.ai\/ethics-policy\/","diversityPolicy":"https:\/\/talkpal.ai\/diversity-policy\/","diversityStaffingReport":"https:\/\/talkpal.ai\/diversity-policy\/"}]}},"_links":{"self":[{"href":"https:\/\/talkpal.ai\/ga\/wp-json\/wp\/v2\/pages\/1446545","targetHints":{"allow":["GET"]}}],"collection":[{"href":"https:\/\/talkpal.ai\/ga\/wp-json\/wp\/v2\/pages"}],"about":[{"href":"https:\/\/talkpal.ai\/ga\/wp-json\/wp\/v2\/types\/page"}],"author":[{"embeddable":true,"href":"https:\/\/talkpal.ai\/ga\/wp-json\/wp\/v2\/users\/6"}],"replies":[{"embeddable":true,"href":"https:\/\/talkpal.ai\/ga\/wp-json\/wp\/v2\/comments?post=1446545"}],"version-history":[{"count":0,"href":"https:\/\/talkpal.ai\/ga\/wp-json\/wp\/v2\/pages\/1446545\/revisions"}],"wp:featuredmedia":[{"embeddable":true,"href":"https:\/\/talkpal.ai\/ga\/wp-json\/wp\/v2\/media\/1442560"}],"wp:attachment":[{"href":"https:\/\/talkpal.ai\/ga\/wp-json\/wp\/v2\/media?parent=1446545"}],"curies":[{"name":"wp","href":"https:\/\/api.w.org\/{rel}","templated":true}]}}