{"id":1446542,"date":"2023-06-16T11:38:32","date_gmt":"2023-06-16T11:38:32","guid":{"rendered":"https:\/\/talkpal.ai\/cleachtai-gramadai-na-hasarbaiseaine\/"},"modified":"2025-09-06T20:56:16","modified_gmt":"2025-09-06T20:56:16","slug":"cleachtai-gramadai-na-hasarbaiseaine","status":"publish","type":"page","link":"https:\/\/talkpal.ai\/ga\/cleachtai-gramadai-na-hasarbaiseaine\/","title":{"rendered":"Cleachta\u00ed Gramada\u00ed na hAsarbaise\u00e1ine"},"content":{"rendered":"\r\n\r\n\r\n<section class=\"languageChallengeSection\">\r\n    <div class=\"languageInfoWrapper\">\r\n        \r\n        <h1>Cleachta\u00ed Gramada\u00ed na hAsarbaise\u00e1ine<\/h1>\r\n        <p>Ar mhaith leat do chuid scileanna a threisi\u00fa i <a href=\"https:\/\/talkpal.ai\/learn-azerbaijani\/\">Asarbaise\u00e1inis<\/a>? Is \u00e9 cleachta\u00ed gramada\u00ed an bealach iontach chun strucht\u00far abairte, foircinn briathra, agus na patr\u00fain a dh\u00e9anann an teanga uath\u00fail a thuiscint. Tosaigh ag cleachtadh <a href=\"https:\/\/talkpal.ai\/grammar\/\">gramadach<\/a> Asarbaise\u00e1inis inniu agus f\u00e9ach ar do mhuin\u00edn agus do l\u00edofacht ag f\u00e1s le gach c\u00e9im!<\/p>\r\n\r\n                            <a class=\"getStartedHidden\" href=\"https:\/\/app.talkpal.ai\/signup?lng=\">Tosaigh<\/a>\r\n        \r\n    <\/div>\r\n\r\n    <figure>\r\n    <img decoding=\"async\" width=\"768\" height=\"768\" src=\"https:\/\/talkpal.ai\/wp-content\/uploads\/2023\/06\/azerbaijani-768x768.png\" class=\"languageImage no-lazy\" alt=\"Language learning for enhanced cognitive skills\" fetchpriority=\"high\" sizes=\"(max-width: 768px) 150px, 768px\" srcset=\"https:\/\/talkpal.ai\/wp-content\/uploads\/2023\/06\/azerbaijani-768x768.png 768w, https:\/\/talkpal.ai\/wp-content\/uploads\/2023\/06\/azerbaijani-300x300.png 300w\" \/>\r\n    \r\n\r\n    <\/figure>\r\n\r\n            <a class=\"getStartedVisible\" href=\"https:\/\/app.talkpal.ai\/signup?lng=\">Tosaigh<\/a>\r\n    \r\n<\/section>\r\n\r\n\r\n<!-- <section class=\"grammarSection\">\r\n    <div class=\"grammarLinks\">\r\n            <\/div>\r\n<\/section> -->\r\n\r\n\r\n\r\n\r\n<section class=\"promotionalBanner\">\r\n    <p class=\"promotionalText\">An bealach is \u00e9ifeachta\u00ed le teanga a fhoghlaim<\/p>\r\n    <a class=\"promotionalLink\" href=\"https:\/\/app.talkpal.ai\/signup?lng=\">Bain triail as Talkpal saor in aisce<\/a>\r\n<\/section>\n<div class=\"wp-block-group pageContainerStyle\"><div class=\"wp-block-group__inner-container is-layout-constrained wp-block-group-is-layout-constrained\">\n<h2 class=\"wp-block-heading\" id=\"h-azerbaijani-grammar-topics\">Topaic\u00ed Gramada\u00ed na hAsarbaise\u00e1ine<\/h2>\n\n\n\n<p>Is teanga <a href=\"https:\/\/talkpal.ai\/learn-turkish\/\">Tuircis<\/a> \u00ed an Asarbaise\u00e1inis, ar a dtugtar Asarbaise\u00e1inis freisin, a labhra\u00edtear go pr\u00edomha san Asarbaise\u00e1in agus sna r\u00e9igi\u00fain m\u00e1guaird. Is \u00ed teanga oifigi\u00fail Phoblacht na hAsarbaise\u00e1ine \u00ed agus t\u00e1 cainteoir\u00ed suntasacha aici san Iar\u00e1in, sa Tuirc, sa tSeoirsia agus sa R\u00fais. Mar fhoghlaimeoir Asarbaise\u00e1inis, t\u00e1 s\u00e9 riachtanach gn\u00e9ithe bun\u00fasacha na teanga a thuiscint, mar shampla a gramadach, a comhr\u00e9ir agus a st\u00f3r focal. Tabharfaidh an treoir seo forbhreathn\u00fa duit ar \u00e1bhair riachtanacha <a href=\"https:\/\/talkpal.ai\/ga\/cleachtai-gramadai-na-hisiltire\/\">gramada\u00ed na<\/a> hAsarbaise\u00e1inise, cnuasaithe i seicheamh loighci\u00fail chun cabhr\u00fa leat an teanga a fhoghlaim go h\u00e9ifeachtach agus gan str\u00f3.<\/p>\n\n\n\n<h3 class=\"wp-block-heading\" id=\"h-1-nouns-and-articles\">1. Ainmfhocail agus Airteagail:<\/h3>\n\n\n\n<p>In Asarbaise\u00e1inis, is iad ainmfhocail bloic th\u00f3g\u00e1la na n-abairt\u00ed, agus t\u00e1 s\u00e9 r\u00edth\u00e1bhachtach tuiscint a fh\u00e1il ar a n-\u00fas\u00e1id. N\u00edl inscne ag ainmfhocail, agus n\u00edl aon alt \u00e9iginnte ann. Mar sin f\u00e9in, cuirtear an t-alt cinnte mar iarmh\u00edr leis an ainmfhocal.<\/p>\n\n\n\n<h3 class=\"wp-block-heading\" id=\"h-2-adjectives\">2. Aidiachta\u00ed:<\/h3>\n\n\n\n<p>\u00das\u00e1idtear aidiachta\u00ed san Asarbaise\u00e1inis chun cur s\u00edos a dh\u00e9anamh ar ainmfhocail. Tagann siad i gc\u00f3na\u00ed roimh an ainmfhocal a mhodhna\u00edonn siad agus n\u00ed athra\u00edonn siad a bhfoirm de r\u00e9ir inscne n\u00f3 uimhir an ainmfhocail.<\/p>\n\n\n\n<h3 class=\"wp-block-heading\" id=\"h-3-pronouns-determiners\">3. Forainmneacha \/ Cinntitheoir\u00ed:<\/h3>\n\n\n\n<p>\u00das\u00e1idtear forainmneacha in ionad ainmfhocail, agus \u00fas\u00e1idtear cinnteoir\u00ed chun cainn\u00edocht n\u00f3 sainmh\u00edni\u00fa an ainmfhocail a shonr\u00fa. Is comhph\u00e1irteanna riachtanacha iad an d\u00e1 cheann d&#8217;abairt\u00ed na hAsarbaise\u00e1ine.<\/p>\n\n\n\n<h3 class=\"wp-block-heading\" id=\"h-4-verbs\">4. Briathra:<\/h3>\n\n\n\n<p>Is iad briathra Asarbaise\u00e1inis focail ghn\u00edomha\u00edochta na teanga. Athra\u00edonn siad a bhfoirm ag brath ar an aimsir, gi\u00famar agus guth. T\u00e1 tuiscint ar chomhchuingi\u00fa briathar r\u00edth\u00e1bhachtach chun m\u00e1istreacht a fh\u00e1il ar ghramadach na hAsarbaise\u00e1inise.<\/p>\n\n\n\n<h3 class=\"wp-block-heading\" id=\"h-5-tenses\">5. Aimsir:<\/h3>\n\n\n\n<p>T\u00e1 s\u00e9 aimsir ag an Asarbaise\u00e1inis &#8211; an l\u00e1 at\u00e1 inniu ann, an t-am at\u00e1 caite, an todhcha\u00ed, an l\u00e1 at\u00e1 inniu ann foirfe, an t-am at\u00e1 caite foirfe, agus an todhcha\u00ed foirfe. T\u00e1 a rialacha comhchuingithe ag gach aimsir agus \u00fas\u00e1idtear \u00e9 chun gn\u00edomhartha n\u00f3 st\u00e1it a <a href=\"https:\/\/talkpal.ai\/locations\/language-courses-in-chur\/\">chur<\/a> in i\u00fal ag amanna \u00e9ags\u00fala.<\/p>\n\n\n\n<h3 class=\"wp-block-heading\" id=\"h-6-tense-comparison\">6. Compar\u00e1id aimsire:<\/h3>\n\n\n\n<p>Cuid\u00edonn compar\u00e1id idir aimsir san Asarbaise\u00e1inis leat tuiscint a fh\u00e1il ar na difr\u00edochta\u00ed <a href=\"https:\/\/talkpal.ai\/ga\/maidir\/\">maidir<\/a> le ham agus gn\u00edomhartha a chur in i\u00fal. Is scil r\u00edth\u00e1bhachtach \u00e9 le haghaidh cumars\u00e1ide \u00e9ifeachtach.<\/p>\n\n\n\n<h3 class=\"wp-block-heading\" id=\"h-7-progressive\">7. For\u00e1sach:<\/h3>\n\n\n\n<p>\u00das\u00e1idtear an ghn\u00e9 fhor\u00e1sach san Asarbaise\u00e1inis chun cur s\u00edos a dh\u00e9anamh ar ghn\u00edomhartha lean\u00fanacha. Crutha\u00edtear \u00e9 tr\u00ed bhriathra c\u00fanta a \u00fas\u00e1id agus t\u00e1 s\u00e9 riachtanach chun sreabhadh na n-imeachta\u00ed in abairt a thuiscint.<\/p>\n\n\n\n<h3 class=\"wp-block-heading\" id=\"h-8-perfect-progressive\">8. For\u00e1sach Foirfe:<\/h3>\n\n\n\n<p>\u00das\u00e1idtear aimsir\u00ed for\u00e1sacha foirfe chun cur s\u00edos a dh\u00e9anamh ar ghn\u00edomhartha a thosaigh san am at\u00e1 thart agus a leanann suas go dt\u00ed an l\u00e1 at\u00e1 inniu ann n\u00f3 sa todhcha\u00ed. Comhcheangla\u00edonn siad na gn\u00e9ithe foirfe agus for\u00e1sacha agus t\u00e1 siad riachtanach chun gn\u00edomhartha casta a chur in i\u00fal.<\/p>\n\n\n\n<h3 class=\"wp-block-heading\" id=\"h-9-adverbs\">9. Adverbs:<\/h3>\n\n\n\n<p>\u00das\u00e1idtear adverbs san Asarbaise\u00e1inis chun briathra, aidiachta\u00ed n\u00f3 aidiachta\u00ed eile a mhodhn\u00fa. Sol\u00e1thra\u00edonn siad faisn\u00e9is bhreise faoi ghn\u00edomhartha n\u00f3 st\u00e1it agus t\u00e1 siad riachtanach chun abairt\u00ed n\u00edos cruinne agus n\u00edos tuairisci\u00fala a chruth\u00fa.<\/p>\n\n\n\n<h3 class=\"wp-block-heading\" id=\"h-10-conditionals\">10. Coinn\u00edollacha:<\/h3>\n\n\n\n<p>\u00das\u00e1idtear coinn\u00edollacha chun c\u00e1sanna hipit\u00e9iseacha agus a n-iarmhairt\u00ed f\u00e9ideartha a chur in i\u00fal. T\u00e1 siad riachtanach chun \u00e9iginnteachta\u00ed a chur in i\u00fal agus tuar a dh\u00e9anamh san Asarbaise\u00e1inis.<\/p>\n\n\n\n<h3 class=\"wp-block-heading\" id=\"h-11-prepositions\">11. Prepositions:<\/h3>\n\n\n\n<p>\u00das\u00e1idtear r\u00e9amhfhocail chun caidrimh idir ainmfhocail n\u00f3 forainmneacha agus focail eile in abairt a thaispe\u00e1int. T\u00e1 siad riachtanach chun caidrimh sp\u00e1s\u00fala, <a href=\"https:\/\/talkpal.ai\/locations\/language-courses-in-ama\/\">ama<\/a> agus loighci\u00fala a chur in i\u00fal san Asarbaise\u00e1inis.<\/p>\n\n\n\n<h3 class=\"wp-block-heading\" id=\"h-12-sentences\">12. Abairt\u00ed:<\/h3>\n\n\n\n<p>Leanann abairt\u00ed Asarbaise\u00e1inis ord focal \u00e1bhar-rud-briathar (SOV). T\u00e1 s\u00e9 r\u00edth\u00e1bhachtach strucht\u00far na n-abairt\u00ed a thuiscint chun cumars\u00e1id \u00e9ifeachtach a dh\u00e9anamh agus m\u00e1istreacht a fh\u00e1il ar an teanga Asarbaise\u00e1inis.<\/p>\n<\/div><\/div>\n\r\n<section class=\"learnNavigationSection\">\r\n            \r\n        <a href=\"https:\/\/talkpal.ai\/ga\/foghlaim-asarbaiseainis\/\">\r\n            <div class=\"learnNavigationWrapper\">\r\n                <div class=\"learnNavigationContent\">\r\n                    <img decoding=\"async\" src=\"https:\/\/talkpal.ai\/wp-content\/uploads\/2024\/08\/Azerbaijani.jpg\" alt=\"Azerbaijani Flag\">\r\n                    <div>\r\n                        <h4>Maidir le Foghlaim na hAsarbaise\u00e1ine<\/h4>\r\n                        <p>Faigh amach gach rud faoi ghramadach na hAsarbaise\u00e1inise.<\/p>\r\n                    <\/div>\r\n                <\/div>\r\n            <\/div>\r\n        <\/a>\r\n\r\n        \r\n        <a href=\"https:\/\/talkpal.ai\/ga\/gramadach-na-hasarbaiseaine\/\">\r\n            <div class=\"learnNavigationWrapper\">\r\n                <div class=\"learnNavigationContent\">\r\n                    <img decoding=\"async\" src=\"https:\/\/talkpal.ai\/wp-content\/uploads\/2024\/08\/Azerbaijani.jpg\" alt=\"Azerbaijani Flag\">\r\n                    <div>\r\n                        <h4>Ceachtanna Gramada\u00ed Asarbaise\u00e1inis<\/h4>\r\n                        <p>Cleachtadh gramadach Asarbaise\u00e1inis.<\/p>\r\n                    <\/div>\r\n                <\/div>\r\n            <\/div>\r\n        <\/a>\r\n\r\n        \r\n        <a href=\"https:\/\/talkpal.ai\/vocabulary_language\/azerbaijani\/\">\r\n            <div class=\"learnNavigationWrapper\">\r\n                <div class=\"learnNavigationContent\">\r\n                    <img decoding=\"async\" src=\"https:\/\/talkpal.ai\/wp-content\/uploads\/2024\/08\/Azerbaijani.jpg\" alt=\"Azerbaijani Flag\">\r\n                    <div>\r\n                        <h4>St\u00f3r Focal na hAsarbaise\u00e1ine<\/h4>\r\n                        <p>Leathnaigh do st\u00f3r focal Asarbaise\u00e1inis.<\/p>\r\n                    <\/div>\r\n                <\/div>\r\n            <\/div>\r\n        <\/a>\r\n\r\n            <\/section>","protected":false},"excerpt":{"rendered":"<p>Topaic\u00ed Gramada\u00ed na hAsarbaise\u00e1ine Is teanga Tuircis \u00ed an Asarbaise\u00e1inis, ar a dtugtar Asarbaise\u00e1inis freisin, a labhra\u00edtear go pr\u00edomha san Asarbaise\u00e1in agus sna r\u00e9igi\u00fain m\u00e1guaird. Is \u00ed teanga oifigi\u00fail Phoblacht na hAsarbaise\u00e1ine \u00ed agus t\u00e1 cainteoir\u00ed suntasacha aici san Iar\u00e1in, sa Tuirc, sa tSeoirsia agus sa R\u00fais. Mar fhoghlaimeoir Asarbaise\u00e1inis, t\u00e1 s\u00e9 riachtanach gn\u00e9ithe bun\u00fasacha [&hellip;]<\/p>\n","protected":false},"author":6,"featured_media":1442537,"parent":0,"menu_order":0,"comment_status":"closed","ping_status":"closed","template":"LearningContentPage.php","meta":{"_acf_changed":false,"footnotes":""},"class_list":["post-1446542","page","type-page","status-publish","has-post-thumbnail","hentry"],"acf":[],"yoast_head":"<!-- This site is optimized with the Yoast SEO Premium plugin v27.2 (Yoast SEO v27.2) - https:\/\/yoast.com\/product\/yoast-seo-premium-wordpress\/ -->\n<title>Cleachta\u00ed Gramada\u00ed na hAsarbaise\u00e1ine - Talkpal<\/title>\n<meta name=\"description\" content=\"Treisigh do scileanna teanga Asarbaise\u00e1inis le cleachta\u00ed gramada\u00ed idirghn\u00edomhacha Asarbaise\u00e1inis \u00f3 TalkPal, do theagasc\u00f3ir teanga faoi thiom\u00e1int AI.\" \/>\n<meta name=\"robots\" content=\"index, follow, max-snippet:-1, max-image-preview:large, max-video-preview:-1\" \/>\n<link rel=\"canonical\" href=\"https:\/\/talkpal.ai\/ga\/cleachtai-gramadai-na-hasarbaiseaine\/\" \/>\n<meta property=\"og:locale\" content=\"ga_IE\" \/>\n<meta property=\"og:type\" content=\"article\" \/>\n<meta property=\"og:title\" content=\"Cleachta\u00ed Gramada\u00ed na hAsarbaise\u00e1ine\" \/>\n<meta property=\"og:description\" content=\"Topaic\u00ed Gramada\u00ed na hAsarbaise\u00e1ine Is teanga Tuircis \u00ed an Asarbaise\u00e1inis, ar a dtugtar Asarbaise\u00e1inis freisin, a labhra\u00edtear go pr\u00edomha san Asarbaise\u00e1in\" \/>\n<meta property=\"og:url\" content=\"https:\/\/talkpal.ai\/ga\/cleachtai-gramadai-na-hasarbaiseaine\/\" \/>\n<meta property=\"og:site_name\" content=\"Talkpal\" \/>\n<meta property=\"article:publisher\" content=\"https:\/\/www.facebook.com\/profile.php?id=100090733639311\" \/>\n<meta property=\"article:modified_time\" content=\"2025-09-06T20:56:16+00:00\" \/>\n<meta property=\"og:image\" content=\"https:\/\/talkpal.ai\/wp-content\/uploads\/2023\/05\/azerbaijan.png\" \/>\n\t<meta property=\"og:image:width\" content=\"512\" \/>\n\t<meta property=\"og:image:height\" content=\"512\" \/>\n\t<meta property=\"og:image:type\" content=\"image\/png\" \/>\n<meta name=\"twitter:card\" content=\"summary_large_image\" \/>\n<meta name=\"twitter:site\" content=\"@talkpalai\" \/>\n<meta name=\"twitter:label1\" content=\"Est. reading time\" \/>\n\t<meta name=\"twitter:data1\" content=\"3 minutes\" \/>\n<script type=\"application\/ld+json\" class=\"yoast-schema-graph\">{\"@context\":\"https:\/\/schema.org\",\"@graph\":[{\"@type\":\"WebPage\",\"@id\":\"https:\/\/talkpal.ai\/ga\/cleachtai-gramadai-na-hasarbaiseaine\/\",\"url\":\"https:\/\/talkpal.ai\/ga\/cleachtai-gramadai-na-hasarbaiseaine\/\",\"name\":\"Cleachta\u00ed Gramada\u00ed na hAsarbaise\u00e1ine - Talkpal\",\"isPartOf\":{\"@id\":\"https:\/\/talkpal.ai\/ga\/#website\"},\"primaryImageOfPage\":{\"@id\":\"https:\/\/talkpal.ai\/ga\/cleachtai-gramadai-na-hasarbaiseaine\/#primaryimage\"},\"image\":{\"@id\":\"https:\/\/talkpal.ai\/ga\/cleachtai-gramadai-na-hasarbaiseaine\/#primaryimage\"},\"thumbnailUrl\":\"https:\/\/talkpal.ai\/wp-content\/uploads\/2023\/05\/azerbaijan.png\",\"datePublished\":\"2023-06-16T11:38:32+00:00\",\"dateModified\":\"2025-09-06T20:56:16+00:00\",\"description\":\"Treisigh do scileanna teanga Asarbaise\u00e1inis le cleachta\u00ed gramada\u00ed idirghn\u00edomhacha Asarbaise\u00e1inis \u00f3 TalkPal, do theagasc\u00f3ir teanga faoi thiom\u00e1int AI.\",\"breadcrumb\":{\"@id\":\"https:\/\/talkpal.ai\/ga\/cleachtai-gramadai-na-hasarbaiseaine\/#breadcrumb\"},\"inLanguage\":\"ga-IE\",\"potentialAction\":[{\"@type\":\"ReadAction\",\"target\":[\"https:\/\/talkpal.ai\/ga\/cleachtai-gramadai-na-hasarbaiseaine\/\"]}]},{\"@type\":\"ImageObject\",\"inLanguage\":\"ga-IE\",\"@id\":\"https:\/\/talkpal.ai\/ga\/cleachtai-gramadai-na-hasarbaiseaine\/#primaryimage\",\"url\":\"https:\/\/talkpal.ai\/wp-content\/uploads\/2023\/05\/azerbaijan.png\",\"contentUrl\":\"https:\/\/talkpal.ai\/wp-content\/uploads\/2023\/05\/azerbaijan.png\",\"width\":512,\"height\":512,\"caption\":\"TalkPal Azerbaijan Flag\"},{\"@type\":\"BreadcrumbList\",\"@id\":\"https:\/\/talkpal.ai\/ga\/cleachtai-gramadai-na-hasarbaiseaine\/#breadcrumb\",\"itemListElement\":[{\"@type\":\"ListItem\",\"position\":1,\"name\":\"Homepage\",\"item\":\"https:\/\/talkpal.ai\/ga\/\"},{\"@type\":\"ListItem\",\"position\":2,\"name\":\"Cleachta\u00ed Gramada\u00ed na hAsarbaise\u00e1ine\"}]},{\"@type\":\"WebSite\",\"@id\":\"https:\/\/talkpal.ai\/ga\/#website\",\"url\":\"https:\/\/talkpal.ai\/ga\/\",\"name\":\"Talkpal\",\"description\":\"AI Language Learning\",\"publisher\":{\"@id\":\"https:\/\/talkpal.ai\/ga\/#organization\"},\"alternateName\":\"Talkpal AI\",\"potentialAction\":[{\"@type\":\"SearchAction\",\"target\":{\"@type\":\"EntryPoint\",\"urlTemplate\":\"https:\/\/talkpal.ai\/ga\/?s={search_term_string}\"},\"query-input\":{\"@type\":\"PropertyValueSpecification\",\"valueRequired\":true,\"valueName\":\"search_term_string\"}}],\"inLanguage\":\"ga-IE\"},{\"@type\":\"Organization\",\"@id\":\"https:\/\/talkpal.ai\/ga\/#organization\",\"name\":\"Talkpal, Inc.\",\"alternateName\":\"Talkpal AI\",\"url\":\"https:\/\/talkpal.ai\/ga\/\",\"logo\":{\"@type\":\"ImageObject\",\"inLanguage\":\"ga-IE\",\"@id\":\"https:\/\/talkpal.ai\/ga\/#\/schema\/logo\/image\/\",\"url\":\"https:\/\/talkpal.ai\/wp-content\/uploads\/2024\/03\/Talkpal-Logo-Icon.png\",\"contentUrl\":\"https:\/\/talkpal.ai\/wp-content\/uploads\/2024\/03\/Talkpal-Logo-Icon.png\",\"width\":2880,\"height\":2880,\"caption\":\"Talkpal, Inc.\"},\"image\":{\"@id\":\"https:\/\/talkpal.ai\/ga\/#\/schema\/logo\/image\/\"},\"sameAs\":[\"https:\/\/www.facebook.com\/profile.php?id=100090733639311\",\"https:\/\/x.com\/talkpalai\",\"https:\/\/www.linkedin.com\/company\/talkpal\/\",\"https:\/\/www.youtube.com\/@TalkPal\/\",\"https:\/\/www.tiktok.com\/@talkpal\",\"https:\/\/www.instagram.com\/talkpal_ai\/\",\"https:\/\/www.crunchbase.com\/organization\/talkpal-9cde\",\"https:\/\/www.g2.com\/products\/talkpal-for-business\/\",\"https:\/\/www.trustpilot.com\/review\/talkpal.ai\",\"https:\/\/www.capterra.com\/p\/10006800\/TalkPal\/\"],\"description\":\"Talkpal is a language learning web and mobile education app, powered by the latest AI technologies, that provides engaging experiences to its customers in many different languages to help them improve their language skills. Users can chat about unlimited amount of topics with the app and use other modes to practice their language learning.\",\"email\":\"support@talkpal.ai\",\"legalName\":\"Talkpal, Inc.\",\"foundingDate\":\"2023-04-03\",\"duns\":\"118989042\",\"numberOfEmployees\":{\"@type\":\"QuantitativeValue\",\"minValue\":\"11\",\"maxValue\":\"50\"},\"publishingPrinciples\":\"https:\/\/talkpal.ai\/publishing-principles\/\",\"actionableFeedbackPolicy\":\"https:\/\/talkpal.ai\/actionable-feedback-policy\/\",\"correctionsPolicy\":\"https:\/\/talkpal.ai\/corrections-policy\/\",\"ethicsPolicy\":\"https:\/\/talkpal.ai\/ethics-policy\/\",\"diversityPolicy\":\"https:\/\/talkpal.ai\/diversity-policy\/\",\"diversityStaffingReport\":\"https:\/\/talkpal.ai\/diversity-policy\/\"}]}<\/script>\n<!-- \/ Yoast SEO Premium plugin. -->","yoast_head_json":{"title":"Cleachta\u00ed Gramada\u00ed na hAsarbaise\u00e1ine - Talkpal","description":"Treisigh do scileanna teanga Asarbaise\u00e1inis le cleachta\u00ed gramada\u00ed idirghn\u00edomhacha Asarbaise\u00e1inis \u00f3 TalkPal, do theagasc\u00f3ir teanga faoi thiom\u00e1int AI.","robots":{"index":"index","follow":"follow","max-snippet":"max-snippet:-1","max-image-preview":"max-image-preview:large","max-video-preview":"max-video-preview:-1"},"canonical":"https:\/\/talkpal.ai\/ga\/cleachtai-gramadai-na-hasarbaiseaine\/","og_locale":"ga_IE","og_type":"article","og_title":"Cleachta\u00ed Gramada\u00ed na hAsarbaise\u00e1ine","og_description":"Topaic\u00ed Gramada\u00ed na hAsarbaise\u00e1ine Is teanga Tuircis \u00ed an Asarbaise\u00e1inis, ar a dtugtar Asarbaise\u00e1inis freisin, a labhra\u00edtear go pr\u00edomha san Asarbaise\u00e1in","og_url":"https:\/\/talkpal.ai\/ga\/cleachtai-gramadai-na-hasarbaiseaine\/","og_site_name":"Talkpal","article_publisher":"https:\/\/www.facebook.com\/profile.php?id=100090733639311","article_modified_time":"2025-09-06T20:56:16+00:00","og_image":[{"width":512,"height":512,"url":"https:\/\/talkpal.ai\/wp-content\/uploads\/2023\/05\/azerbaijan.png","type":"image\/png"}],"twitter_card":"summary_large_image","twitter_site":"@talkpalai","twitter_misc":{"Est. reading time":"3 minutes"},"schema":{"@context":"https:\/\/schema.org","@graph":[{"@type":"WebPage","@id":"https:\/\/talkpal.ai\/ga\/cleachtai-gramadai-na-hasarbaiseaine\/","url":"https:\/\/talkpal.ai\/ga\/cleachtai-gramadai-na-hasarbaiseaine\/","name":"Cleachta\u00ed Gramada\u00ed na hAsarbaise\u00e1ine - Talkpal","isPartOf":{"@id":"https:\/\/talkpal.ai\/ga\/#website"},"primaryImageOfPage":{"@id":"https:\/\/talkpal.ai\/ga\/cleachtai-gramadai-na-hasarbaiseaine\/#primaryimage"},"image":{"@id":"https:\/\/talkpal.ai\/ga\/cleachtai-gramadai-na-hasarbaiseaine\/#primaryimage"},"thumbnailUrl":"https:\/\/talkpal.ai\/wp-content\/uploads\/2023\/05\/azerbaijan.png","datePublished":"2023-06-16T11:38:32+00:00","dateModified":"2025-09-06T20:56:16+00:00","description":"Treisigh do scileanna teanga Asarbaise\u00e1inis le cleachta\u00ed gramada\u00ed idirghn\u00edomhacha Asarbaise\u00e1inis \u00f3 TalkPal, do theagasc\u00f3ir teanga faoi thiom\u00e1int AI.","breadcrumb":{"@id":"https:\/\/talkpal.ai\/ga\/cleachtai-gramadai-na-hasarbaiseaine\/#breadcrumb"},"inLanguage":"ga-IE","potentialAction":[{"@type":"ReadAction","target":["https:\/\/talkpal.ai\/ga\/cleachtai-gramadai-na-hasarbaiseaine\/"]}]},{"@type":"ImageObject","inLanguage":"ga-IE","@id":"https:\/\/talkpal.ai\/ga\/cleachtai-gramadai-na-hasarbaiseaine\/#primaryimage","url":"https:\/\/talkpal.ai\/wp-content\/uploads\/2023\/05\/azerbaijan.png","contentUrl":"https:\/\/talkpal.ai\/wp-content\/uploads\/2023\/05\/azerbaijan.png","width":512,"height":512,"caption":"TalkPal Azerbaijan Flag"},{"@type":"BreadcrumbList","@id":"https:\/\/talkpal.ai\/ga\/cleachtai-gramadai-na-hasarbaiseaine\/#breadcrumb","itemListElement":[{"@type":"ListItem","position":1,"name":"Homepage","item":"https:\/\/talkpal.ai\/ga\/"},{"@type":"ListItem","position":2,"name":"Cleachta\u00ed Gramada\u00ed na hAsarbaise\u00e1ine"}]},{"@type":"WebSite","@id":"https:\/\/talkpal.ai\/ga\/#website","url":"https:\/\/talkpal.ai\/ga\/","name":"Talkpal","description":"AI Language Learning","publisher":{"@id":"https:\/\/talkpal.ai\/ga\/#organization"},"alternateName":"Talkpal AI","potentialAction":[{"@type":"SearchAction","target":{"@type":"EntryPoint","urlTemplate":"https:\/\/talkpal.ai\/ga\/?s={search_term_string}"},"query-input":{"@type":"PropertyValueSpecification","valueRequired":true,"valueName":"search_term_string"}}],"inLanguage":"ga-IE"},{"@type":"Organization","@id":"https:\/\/talkpal.ai\/ga\/#organization","name":"Talkpal, Inc.","alternateName":"Talkpal AI","url":"https:\/\/talkpal.ai\/ga\/","logo":{"@type":"ImageObject","inLanguage":"ga-IE","@id":"https:\/\/talkpal.ai\/ga\/#\/schema\/logo\/image\/","url":"https:\/\/talkpal.ai\/wp-content\/uploads\/2024\/03\/Talkpal-Logo-Icon.png","contentUrl":"https:\/\/talkpal.ai\/wp-content\/uploads\/2024\/03\/Talkpal-Logo-Icon.png","width":2880,"height":2880,"caption":"Talkpal, Inc."},"image":{"@id":"https:\/\/talkpal.ai\/ga\/#\/schema\/logo\/image\/"},"sameAs":["https:\/\/www.facebook.com\/profile.php?id=100090733639311","https:\/\/x.com\/talkpalai","https:\/\/www.linkedin.com\/company\/talkpal\/","https:\/\/www.youtube.com\/@TalkPal\/","https:\/\/www.tiktok.com\/@talkpal","https:\/\/www.instagram.com\/talkpal_ai\/","https:\/\/www.crunchbase.com\/organization\/talkpal-9cde","https:\/\/www.g2.com\/products\/talkpal-for-business\/","https:\/\/www.trustpilot.com\/review\/talkpal.ai","https:\/\/www.capterra.com\/p\/10006800\/TalkPal\/"],"description":"Talkpal is a language learning web and mobile education app, powered by the latest AI technologies, that provides engaging experiences to its customers in many different languages to help them improve their language skills. Users can chat about unlimited amount of topics with the app and use other modes to practice their language learning.","email":"support@talkpal.ai","legalName":"Talkpal, Inc.","foundingDate":"2023-04-03","duns":"118989042","numberOfEmployees":{"@type":"QuantitativeValue","minValue":"11","maxValue":"50"},"publishingPrinciples":"https:\/\/talkpal.ai\/publishing-principles\/","actionableFeedbackPolicy":"https:\/\/talkpal.ai\/actionable-feedback-policy\/","correctionsPolicy":"https:\/\/talkpal.ai\/corrections-policy\/","ethicsPolicy":"https:\/\/talkpal.ai\/ethics-policy\/","diversityPolicy":"https:\/\/talkpal.ai\/diversity-policy\/","diversityStaffingReport":"https:\/\/talkpal.ai\/diversity-policy\/"}]}},"_links":{"self":[{"href":"https:\/\/talkpal.ai\/ga\/wp-json\/wp\/v2\/pages\/1446542","targetHints":{"allow":["GET"]}}],"collection":[{"href":"https:\/\/talkpal.ai\/ga\/wp-json\/wp\/v2\/pages"}],"about":[{"href":"https:\/\/talkpal.ai\/ga\/wp-json\/wp\/v2\/types\/page"}],"author":[{"embeddable":true,"href":"https:\/\/talkpal.ai\/ga\/wp-json\/wp\/v2\/users\/6"}],"replies":[{"embeddable":true,"href":"https:\/\/talkpal.ai\/ga\/wp-json\/wp\/v2\/comments?post=1446542"}],"version-history":[{"count":0,"href":"https:\/\/talkpal.ai\/ga\/wp-json\/wp\/v2\/pages\/1446542\/revisions"}],"wp:featuredmedia":[{"embeddable":true,"href":"https:\/\/talkpal.ai\/ga\/wp-json\/wp\/v2\/media\/1442537"}],"wp:attachment":[{"href":"https:\/\/talkpal.ai\/ga\/wp-json\/wp\/v2\/media?parent=1446542"}],"curies":[{"name":"wp","href":"https:\/\/api.w.org\/{rel}","templated":true}]}}