{"id":1446537,"date":"2023-06-16T11:18:42","date_gmt":"2023-06-16T11:18:42","guid":{"rendered":"https:\/\/talkpal.ai\/cleachtai-gramadai-na-hafracainise\/"},"modified":"2025-09-06T20:56:13","modified_gmt":"2025-09-06T20:56:13","slug":"cleachtai-gramadai-na-hafracainise","status":"publish","type":"page","link":"https:\/\/talkpal.ai\/ga\/cleachtai-gramadai-na-hafracainise\/","title":{"rendered":"Cleachta\u00ed Gramada\u00ed na hAfrac\u00e1inise"},"content":{"rendered":"\r\n\r\n\r\n<section class=\"languageChallengeSection\">\r\n    <div class=\"languageInfoWrapper\">\r\n        \r\n        <h1>Cleachta\u00ed Gramada\u00ed na hAfrac\u00e1inise<\/h1>\r\n        <p>R\u00e9idh le do scileanna <a href=\"https:\/\/talkpal.ai\/learn-afrikaans\/\">Afrikaans<\/a> a th\u00f3g\u00e1il? Is bealach iontach \u00e9 cleachta\u00ed gramada\u00ed a chleachtadh chun strucht\u00far abairte, foirmeacha briathra, agus gn\u00e9ithe uath\u00fala na hAfrac\u00e1ine a mh\u00e1istir. Tosaigh ag obair ar ghramadach na hAfrac\u00e1ine inniu agus f\u00e9ach ar do mhuin\u00edn agus do l\u00edofacht ag f\u00e1s le gach cleachtadh!\r\n\r\n<\/p>\r\n\r\n                            <a class=\"getStartedHidden\" href=\"https:\/\/app.talkpal.ai\/signup?lng=\">Tosaigh<\/a>\r\n        \r\n    <\/div>\r\n\r\n    <figure>\r\n    <img decoding=\"async\" width=\"768\" height=\"768\" src=\"https:\/\/talkpal.ai\/wp-content\/uploads\/2023\/06\/afrikaans-768x768.png\" class=\"languageImage no-lazy\" alt=\"Language learning for improved focus\" fetchpriority=\"high\" sizes=\"(max-width: 768px) 150px, 768px\" srcset=\"https:\/\/talkpal.ai\/wp-content\/uploads\/2023\/06\/afrikaans-768x768.png 768w, https:\/\/talkpal.ai\/wp-content\/uploads\/2023\/06\/afrikaans-300x300.png 300w\" \/>\r\n    \r\n\r\n    <\/figure>\r\n\r\n            <a class=\"getStartedVisible\" href=\"https:\/\/app.talkpal.ai\/signup?lng=\">Tosaigh<\/a>\r\n    \r\n<\/section>\r\n\r\n\r\n<!-- <section class=\"grammarSection\">\r\n    <div class=\"grammarLinks\">\r\n            <\/div>\r\n<\/section> -->\r\n\r\n\r\n\r\n\r\n<section class=\"promotionalBanner\">\r\n    <p class=\"promotionalText\">An bealach is \u00e9ifeachta\u00ed le teanga a fhoghlaim<\/p>\r\n    <a class=\"promotionalLink\" href=\"https:\/\/app.talkpal.ai\/signup?lng=\">Bain triail as Talkpal saor in aisce<\/a>\r\n<\/section>\n<div class=\"wp-block-group pageContainerStyle\"><div class=\"wp-block-group__inner-container is-layout-constrained wp-block-group-is-layout-constrained\">\n<h2 class=\"wp-block-heading\" id=\"h-afrikaans-grammar-topics\">Topaic\u00ed Gramada\u00ed na hAfrac\u00e1ine<\/h2>\n\n\n\n<p>T\u00e1 an <a href=\"https:\/\/talkpal.ai\/learn-afrikaans\/\">Afrac\u00e1inis<\/a> ar cheann de na teangacha d\u00e9ag oifigi\u00fala san Afraic Theas agus t\u00e1 thart ar 6 mhilli\u00fan duine \u00e1 labhairt aici. Is f\u00e9idir le foghlaim na hAfrac\u00e1ine a bheith ina eisp\u00e9ireas saibhir agus luachmhar, mar n\u00ed hamh\u00e1in go labhra\u00edtear \u00e9 san Afraic Theas ach sa Namaib freisin agus go pointe n\u00edos l\u00fa sa tSiomb\u00e1ib agus sa Bhotsu\u00e1in. T\u00e1 an teanga r\u00e9as\u00fanta \u00e9asca le foghlaim, go h\u00e1irithe do chainteoir\u00ed <a href=\"https:\/\/talkpal.ai\/learn-english-with-ai\/\">B\u00e9arla<\/a>, toisc go bhfuil <a href=\"https:\/\/talkpal.ai\/grammar\/\">gramadach<\/a> shimplithe aici agus go bhfuil go leor focal aici le B\u00e9arla agus <a href=\"https:\/\/talkpal.ai\/learn-dutch\/\">Ollainnis<\/a>. Sa treoir seo, tabharfaimid t\u00fa tr\u00ed na topaic\u00ed gramada\u00ed bun\u00fasacha Afrikaans a chaithfidh t\u00fa a mh\u00e1istreacht chun an teanga a labhairt agus a thuiscint go l\u00edofa.<\/p>\n\n\n\n<h3 class=\"wp-block-heading\" id=\"h-1-nouns-and-articles\">1. Ainmfhocail agus Airteagail:<\/h3>\n\n\n\n<p>San Afrac\u00e1inis n\u00edl inscne ag ainmfhocail, rud a fh\u00e1gann go bhfuil s\u00e9 n\u00edos \u00e9asca \u00e9 a fhoghlaim i gcompar\u00e1id le teangacha Gearm\u00e1nacha eile. T\u00e1 ailt simpl\u00ed freisin, le &#8216;die&#8217; an t-alt cinnte agus &#8216;n&#8217; n\u00f3 &#8216;een&#8217; mar an t-alt \u00e9iginnte.<\/p>\n\n\n\n<h3 class=\"wp-block-heading\" id=\"h-2-pronouns-determiners\">2. Forainmneacha \/ Cinntitheoir\u00ed:<\/h3>\n\n\n\n<p>Is focail iad forainmneacha a thagann in ionad ainmfhocail agus a chabhra\u00edonn le hathr\u00e1 in abairt a sheachaint. T\u00e1 forainmneacha pearsanta, sealbhacha, l\u00e9iritheacha agus ceisti\u00fach\u00e1in ag an Afrac\u00e1inis, at\u00e1 riachtanach chun abairt\u00ed a fhoirmi\u00fa.<\/p>\n\n\n\n<h3 class=\"wp-block-heading\" id=\"h-3-adjectives\">3. Aidiachta\u00ed:<\/h3>\n\n\n\n<p>D\u00e9anann aidiachta\u00ed cur s\u00edos ar ainmfhocail n\u00f3 iad a mhodhn\u00fa. In Afrikaans, they usually come before the noun and agree in number with it. N\u00edl aon chomhaont\u00fa inscne ann, rud a fh\u00e1gann go bhfuil s\u00e9 n\u00edos simpl\u00ed a fhoghlaim.<\/p>\n\n\n\n<h3 class=\"wp-block-heading\" id=\"h-4-verbs\">4. Briathra:<\/h3>\n\n\n\n<p>Is focail ghn\u00edomha\u00edochta iad briathra agus t\u00e1 siad riachtanach chun abairt\u00ed a fhoirmi\u00fa. San Afrac\u00e1inis, n\u00ed bh\u00edonn briathra comhcheangailte de r\u00e9ir an \u00e1bhair, rud a fh\u00e1gann go bhfuil s\u00e9 n\u00edos \u00e9asca \u00e9 a fhoghlaim n\u00e1 teangacha eile. Leanann briathra rialta patr\u00fan simpl\u00ed, agus n\u00ed m\u00f3r briathra neamhrialta a <a href=\"https:\/\/talkpal.ai\/locations\/language-courses-in-chur\/\">chur<\/a> de ghlanmheabhair.<\/p>\n\n\n\n<h3 class=\"wp-block-heading\" id=\"h-5-tenses-and-tense-comparison\">5. Compar\u00e1id aimsire agus aimsir:<\/h3>\n\n\n\n<p>T\u00e1 tr\u00ed phr\u00edomhaimsir ag an Afrac\u00e1inis: am at\u00e1 caite, i l\u00e1thair agus sa todhcha\u00ed. T\u00e1 s\u00e9 r\u00edth\u00e1bhachtach foghlaim conas na haimsir\u00ed seo a fhoirmi\u00fa agus a chur i gcompar\u00e1id chun an teanga a thuiscint agus a labhairt.<\/p>\n\n\n\n<h3 class=\"wp-block-heading\" id=\"h-6-progressive-and-perfect-progressive\">6. For\u00e1sach agus For\u00e1sach Foirfe:<\/h3>\n\n\n\n<p>\u00das\u00e1idtear an aimsir fhor\u00e1sach chun cur s\u00edos a dh\u00e9anamh ar ghn\u00edomhartha lean\u00fanacha, agus l\u00e9ir\u00edonn an for\u00e1sach foirfe gn\u00edomhartha at\u00e1 cr\u00edochnaithe. Cuid\u00edonn foghlaim na n-aimsir\u00ed seo le gn\u00edomhartha a chur in i\u00fal go soil\u00e9ir.<\/p>\n\n\n\n<h3 class=\"wp-block-heading\" id=\"h-7-adverbs\">7. Adverbs:<\/h3>\n\n\n\n<p>Modhna\u00edonn adverbs briathra, aidiachta\u00ed, n\u00f3 aidiachta\u00ed eile, ag sol\u00e1thar tuilleadh faisn\u00e9ise faoin ngn\u00edomh, c\u00e1il\u00edocht, n\u00f3 modh. T\u00e1 siad t\u00e1bhachtach chun mionsonra\u00ed a chur le d&#8217;abairt\u00ed.<\/p>\n\n\n\n<h3 class=\"wp-block-heading\" id=\"h-8-prepositions\">8. Prepositions:<\/h3>\n\n\n\n<p>Is focail iad r\u00e9amhfhocail a thaispe\u00e1nann an gaol idir ainmfhocail n\u00f3 forainmneacha agus focail eile san abairt. T\u00e1 siad r\u00edth\u00e1bhachtach chun su\u00edomh, treo, am, agus caidrimh eile a chur in i\u00fal.<\/p>\n\n\n\n<h3 class=\"wp-block-heading\" id=\"h-9-conditionals\">9. Coinn\u00edollacha:<\/h3>\n\n\n\n<p>L\u00e9ir\u00edonn pianbhreitheanna coinn\u00edollacha gn\u00edomh n\u00f3 staid a bhraitheann ar choinn\u00edoll a chomhl\u00edonadh. Cuid\u00edonn foghlaim coinn\u00edollacha leat c\u00e1sanna hipit\u00e9iseacha agus iarmhairt\u00ed a chur in i\u00fal.<\/p>\n\n\n\n<h3 class=\"wp-block-heading\" id=\"h-10-sentences\">10. Abairt\u00ed:<\/h3>\n\n\n\n<p>T\u00e1 s\u00e9 r\u00edth\u00e1bhachtach strucht\u00far na n-abairt\u00ed Afrac\u00e1inis a thuiscint chun d&#8217;abairt\u00ed f\u00e9in a fhoirmi\u00fa agus tuiscint a fh\u00e1il ar an m\u00e9id at\u00e1 \u00e1 r\u00e1 ag daoine eile. Cabhr\u00f3idh fios a bheith agat conas na comhph\u00e1irteanna gramada\u00ed go l\u00e9ir a luaitear thuas leat abairt\u00ed soil\u00e9ire agus comhlean\u00fanacha a chruth\u00fa.<\/p>\n<\/div><\/div>\n\r\n<section class=\"learnNavigationSection\">\r\n            \r\n        <a href=\"https:\/\/talkpal.ai\/ga\/foghlaim-afracainis\/\">\r\n            <div class=\"learnNavigationWrapper\">\r\n                <div class=\"learnNavigationContent\">\r\n                    <img decoding=\"async\" src=\"https:\/\/talkpal.ai\/wp-content\/uploads\/2024\/08\/Afrikaans.jpg\" alt=\"South Africa Flag\">\r\n                    <div>\r\n                        <h4>Maidir le Foghlaim na hAfrac\u00e1ine<\/h4>\r\n                        <p>Faigh amach gach rud faoi ghramadach na hAfrac\u00e1ine.<\/p>\r\n                    <\/div>\r\n                <\/div>\r\n            <\/div>\r\n        <\/a>\r\n\r\n        \r\n        <a href=\"https:\/\/talkpal.ai\/ga\/gramadach-na-hafracaine\/\">\r\n            <div class=\"learnNavigationWrapper\">\r\n                <div class=\"learnNavigationContent\">\r\n                    <img decoding=\"async\" src=\"https:\/\/talkpal.ai\/wp-content\/uploads\/2024\/08\/Afrikaans.jpg\" alt=\"South Africa Flag\">\r\n                    <div>\r\n                        <h4>Ceachtanna Gramada\u00ed na hAfrac\u00e1ine<\/h4>\r\n                        <p>Cleachtadh gramadach na hAfrac\u00e1ine.<\/p>\r\n                    <\/div>\r\n                <\/div>\r\n            <\/div>\r\n        <\/a>\r\n\r\n        \r\n        <a href=\"https:\/\/talkpal.ai\/vocabulary_language\/afrikaans\/\">\r\n            <div class=\"learnNavigationWrapper\">\r\n                <div class=\"learnNavigationContent\">\r\n                    <img decoding=\"async\" src=\"https:\/\/talkpal.ai\/wp-content\/uploads\/2024\/08\/Afrikaans.jpg\" alt=\"South Africa Flag\">\r\n                    <div>\r\n                        <h4>St\u00f3r Focal na hAfrac\u00e1ine<\/h4>\r\n                        <p>Leathnaigh do st\u00f3r focal Afrikaans.<\/p>\r\n                    <\/div>\r\n                <\/div>\r\n            <\/div>\r\n        <\/a>\r\n\r\n            <\/section>","protected":false},"excerpt":{"rendered":"<p>Topaic\u00ed Gramada\u00ed na hAfrac\u00e1ine T\u00e1 an Afrac\u00e1inis ar cheann de na teangacha d\u00e9ag oifigi\u00fala san Afraic Theas agus t\u00e1 thart ar 6 mhilli\u00fan duine \u00e1 labhairt aici. Is f\u00e9idir le foghlaim na hAfrac\u00e1ine a bheith ina eisp\u00e9ireas saibhir agus luachmhar, mar n\u00ed hamh\u00e1in go labhra\u00edtear \u00e9 san Afraic Theas ach sa Namaib freisin agus go [&hellip;]<\/p>\n","protected":false},"author":6,"featured_media":1444033,"parent":0,"menu_order":0,"comment_status":"closed","ping_status":"closed","template":"LearningContentPage.php","meta":{"_acf_changed":false,"footnotes":""},"class_list":["post-1446537","page","type-page","status-publish","has-post-thumbnail","hentry"],"acf":[],"yoast_head":"<!-- This site is optimized with the Yoast SEO Premium plugin v27.2 (Yoast SEO v27.2) - https:\/\/yoast.com\/product\/yoast-seo-premium-wordpress\/ -->\n<title>Cleachta\u00ed Gramada\u00ed na hAfrac\u00e1inise - Talkpal<\/title>\n<meta name=\"description\" content=\"M\u00e1istir Afrikaans le Cleachta\u00ed Gramada\u00ed Afrac\u00e1inis at\u00e1 deartha chun feabhas a chur ar do scileanna teanga agus l\u00edofacht.\" \/>\n<meta name=\"robots\" content=\"index, follow, max-snippet:-1, max-image-preview:large, max-video-preview:-1\" \/>\n<link rel=\"canonical\" href=\"https:\/\/talkpal.ai\/ga\/cleachtai-gramadai-na-hafracainise\/\" \/>\n<meta property=\"og:locale\" content=\"ga_IE\" \/>\n<meta property=\"og:type\" content=\"article\" \/>\n<meta property=\"og:title\" content=\"Cleachta\u00ed Gramada\u00ed na hAfrac\u00e1inise\" \/>\n<meta property=\"og:description\" content=\"Topaic\u00ed Gramada\u00ed na hAfrac\u00e1ine T\u00e1 an Afrac\u00e1inis ar cheann de na teangacha d\u00e9ag oifigi\u00fala san Afraic Theas agus t\u00e1 thart ar 6 mhilli\u00fan duine \u00e1 labhairt\" \/>\n<meta property=\"og:url\" content=\"https:\/\/talkpal.ai\/ga\/cleachtai-gramadai-na-hafracainise\/\" \/>\n<meta property=\"og:site_name\" content=\"Talkpal\" \/>\n<meta property=\"article:publisher\" content=\"https:\/\/www.facebook.com\/profile.php?id=100090733639311\" \/>\n<meta property=\"article:modified_time\" content=\"2025-09-06T20:56:13+00:00\" \/>\n<meta property=\"og:image\" content=\"https:\/\/talkpal.ai\/wp-content\/uploads\/2023\/05\/south-africa.png\" \/>\n\t<meta property=\"og:image:width\" content=\"512\" \/>\n\t<meta property=\"og:image:height\" content=\"512\" \/>\n\t<meta property=\"og:image:type\" content=\"image\/png\" \/>\n<meta name=\"twitter:card\" content=\"summary_large_image\" \/>\n<meta name=\"twitter:site\" content=\"@talkpalai\" \/>\n<meta name=\"twitter:label1\" content=\"Est. reading time\" \/>\n\t<meta name=\"twitter:data1\" content=\"3 minutes\" \/>\n<script type=\"application\/ld+json\" class=\"yoast-schema-graph\">{\"@context\":\"https:\/\/schema.org\",\"@graph\":[{\"@type\":\"WebPage\",\"@id\":\"https:\/\/talkpal.ai\/ga\/cleachtai-gramadai-na-hafracainise\/\",\"url\":\"https:\/\/talkpal.ai\/ga\/cleachtai-gramadai-na-hafracainise\/\",\"name\":\"Cleachta\u00ed Gramada\u00ed na hAfrac\u00e1inise - Talkpal\",\"isPartOf\":{\"@id\":\"https:\/\/talkpal.ai\/ga\/#website\"},\"primaryImageOfPage\":{\"@id\":\"https:\/\/talkpal.ai\/ga\/cleachtai-gramadai-na-hafracainise\/#primaryimage\"},\"image\":{\"@id\":\"https:\/\/talkpal.ai\/ga\/cleachtai-gramadai-na-hafracainise\/#primaryimage\"},\"thumbnailUrl\":\"https:\/\/talkpal.ai\/wp-content\/uploads\/2023\/05\/south-africa.png\",\"datePublished\":\"2023-06-16T11:18:42+00:00\",\"dateModified\":\"2025-09-06T20:56:13+00:00\",\"description\":\"M\u00e1istir Afrikaans le Cleachta\u00ed Gramada\u00ed Afrac\u00e1inis at\u00e1 deartha chun feabhas a chur ar do scileanna teanga agus l\u00edofacht.\",\"breadcrumb\":{\"@id\":\"https:\/\/talkpal.ai\/ga\/cleachtai-gramadai-na-hafracainise\/#breadcrumb\"},\"inLanguage\":\"ga-IE\",\"potentialAction\":[{\"@type\":\"ReadAction\",\"target\":[\"https:\/\/talkpal.ai\/ga\/cleachtai-gramadai-na-hafracainise\/\"]}]},{\"@type\":\"ImageObject\",\"inLanguage\":\"ga-IE\",\"@id\":\"https:\/\/talkpal.ai\/ga\/cleachtai-gramadai-na-hafracainise\/#primaryimage\",\"url\":\"https:\/\/talkpal.ai\/wp-content\/uploads\/2023\/05\/south-africa.png\",\"contentUrl\":\"https:\/\/talkpal.ai\/wp-content\/uploads\/2023\/05\/south-africa.png\",\"width\":512,\"height\":512,\"caption\":\"TalkPal South Arica Flag\"},{\"@type\":\"BreadcrumbList\",\"@id\":\"https:\/\/talkpal.ai\/ga\/cleachtai-gramadai-na-hafracainise\/#breadcrumb\",\"itemListElement\":[{\"@type\":\"ListItem\",\"position\":1,\"name\":\"Homepage\",\"item\":\"https:\/\/talkpal.ai\/ga\/\"},{\"@type\":\"ListItem\",\"position\":2,\"name\":\"Cleachta\u00ed Gramada\u00ed na hAfrac\u00e1inise\"}]},{\"@type\":\"WebSite\",\"@id\":\"https:\/\/talkpal.ai\/ga\/#website\",\"url\":\"https:\/\/talkpal.ai\/ga\/\",\"name\":\"Talkpal\",\"description\":\"AI Language Learning\",\"publisher\":{\"@id\":\"https:\/\/talkpal.ai\/ga\/#organization\"},\"alternateName\":\"Talkpal AI\",\"potentialAction\":[{\"@type\":\"SearchAction\",\"target\":{\"@type\":\"EntryPoint\",\"urlTemplate\":\"https:\/\/talkpal.ai\/ga\/?s={search_term_string}\"},\"query-input\":{\"@type\":\"PropertyValueSpecification\",\"valueRequired\":true,\"valueName\":\"search_term_string\"}}],\"inLanguage\":\"ga-IE\"},{\"@type\":\"Organization\",\"@id\":\"https:\/\/talkpal.ai\/ga\/#organization\",\"name\":\"Talkpal, Inc.\",\"alternateName\":\"Talkpal AI\",\"url\":\"https:\/\/talkpal.ai\/ga\/\",\"logo\":{\"@type\":\"ImageObject\",\"inLanguage\":\"ga-IE\",\"@id\":\"https:\/\/talkpal.ai\/ga\/#\/schema\/logo\/image\/\",\"url\":\"https:\/\/talkpal.ai\/wp-content\/uploads\/2024\/03\/Talkpal-Logo-Icon.png\",\"contentUrl\":\"https:\/\/talkpal.ai\/wp-content\/uploads\/2024\/03\/Talkpal-Logo-Icon.png\",\"width\":2880,\"height\":2880,\"caption\":\"Talkpal, Inc.\"},\"image\":{\"@id\":\"https:\/\/talkpal.ai\/ga\/#\/schema\/logo\/image\/\"},\"sameAs\":[\"https:\/\/www.facebook.com\/profile.php?id=100090733639311\",\"https:\/\/x.com\/talkpalai\",\"https:\/\/www.linkedin.com\/company\/talkpal\/\",\"https:\/\/www.youtube.com\/@TalkPal\/\",\"https:\/\/www.tiktok.com\/@talkpal\",\"https:\/\/www.instagram.com\/talkpal_ai\/\",\"https:\/\/www.crunchbase.com\/organization\/talkpal-9cde\",\"https:\/\/www.g2.com\/products\/talkpal-for-business\/\",\"https:\/\/www.trustpilot.com\/review\/talkpal.ai\",\"https:\/\/www.capterra.com\/p\/10006800\/TalkPal\/\"],\"description\":\"Talkpal is a language learning web and mobile education app, powered by the latest AI technologies, that provides engaging experiences to its customers in many different languages to help them improve their language skills. Users can chat about unlimited amount of topics with the app and use other modes to practice their language learning.\",\"email\":\"support@talkpal.ai\",\"legalName\":\"Talkpal, Inc.\",\"foundingDate\":\"2023-04-03\",\"duns\":\"118989042\",\"numberOfEmployees\":{\"@type\":\"QuantitativeValue\",\"minValue\":\"11\",\"maxValue\":\"50\"},\"publishingPrinciples\":\"https:\/\/talkpal.ai\/publishing-principles\/\",\"actionableFeedbackPolicy\":\"https:\/\/talkpal.ai\/actionable-feedback-policy\/\",\"correctionsPolicy\":\"https:\/\/talkpal.ai\/corrections-policy\/\",\"ethicsPolicy\":\"https:\/\/talkpal.ai\/ethics-policy\/\",\"diversityPolicy\":\"https:\/\/talkpal.ai\/diversity-policy\/\",\"diversityStaffingReport\":\"https:\/\/talkpal.ai\/diversity-policy\/\"}]}<\/script>\n<!-- \/ Yoast SEO Premium plugin. -->","yoast_head_json":{"title":"Cleachta\u00ed Gramada\u00ed na hAfrac\u00e1inise - Talkpal","description":"M\u00e1istir Afrikaans le Cleachta\u00ed Gramada\u00ed Afrac\u00e1inis at\u00e1 deartha chun feabhas a chur ar do scileanna teanga agus l\u00edofacht.","robots":{"index":"index","follow":"follow","max-snippet":"max-snippet:-1","max-image-preview":"max-image-preview:large","max-video-preview":"max-video-preview:-1"},"canonical":"https:\/\/talkpal.ai\/ga\/cleachtai-gramadai-na-hafracainise\/","og_locale":"ga_IE","og_type":"article","og_title":"Cleachta\u00ed Gramada\u00ed na hAfrac\u00e1inise","og_description":"Topaic\u00ed Gramada\u00ed na hAfrac\u00e1ine T\u00e1 an Afrac\u00e1inis ar cheann de na teangacha d\u00e9ag oifigi\u00fala san Afraic Theas agus t\u00e1 thart ar 6 mhilli\u00fan duine \u00e1 labhairt","og_url":"https:\/\/talkpal.ai\/ga\/cleachtai-gramadai-na-hafracainise\/","og_site_name":"Talkpal","article_publisher":"https:\/\/www.facebook.com\/profile.php?id=100090733639311","article_modified_time":"2025-09-06T20:56:13+00:00","og_image":[{"width":512,"height":512,"url":"https:\/\/talkpal.ai\/wp-content\/uploads\/2023\/05\/south-africa.png","type":"image\/png"}],"twitter_card":"summary_large_image","twitter_site":"@talkpalai","twitter_misc":{"Est. reading time":"3 minutes"},"schema":{"@context":"https:\/\/schema.org","@graph":[{"@type":"WebPage","@id":"https:\/\/talkpal.ai\/ga\/cleachtai-gramadai-na-hafracainise\/","url":"https:\/\/talkpal.ai\/ga\/cleachtai-gramadai-na-hafracainise\/","name":"Cleachta\u00ed Gramada\u00ed na hAfrac\u00e1inise - Talkpal","isPartOf":{"@id":"https:\/\/talkpal.ai\/ga\/#website"},"primaryImageOfPage":{"@id":"https:\/\/talkpal.ai\/ga\/cleachtai-gramadai-na-hafracainise\/#primaryimage"},"image":{"@id":"https:\/\/talkpal.ai\/ga\/cleachtai-gramadai-na-hafracainise\/#primaryimage"},"thumbnailUrl":"https:\/\/talkpal.ai\/wp-content\/uploads\/2023\/05\/south-africa.png","datePublished":"2023-06-16T11:18:42+00:00","dateModified":"2025-09-06T20:56:13+00:00","description":"M\u00e1istir Afrikaans le Cleachta\u00ed Gramada\u00ed Afrac\u00e1inis at\u00e1 deartha chun feabhas a chur ar do scileanna teanga agus l\u00edofacht.","breadcrumb":{"@id":"https:\/\/talkpal.ai\/ga\/cleachtai-gramadai-na-hafracainise\/#breadcrumb"},"inLanguage":"ga-IE","potentialAction":[{"@type":"ReadAction","target":["https:\/\/talkpal.ai\/ga\/cleachtai-gramadai-na-hafracainise\/"]}]},{"@type":"ImageObject","inLanguage":"ga-IE","@id":"https:\/\/talkpal.ai\/ga\/cleachtai-gramadai-na-hafracainise\/#primaryimage","url":"https:\/\/talkpal.ai\/wp-content\/uploads\/2023\/05\/south-africa.png","contentUrl":"https:\/\/talkpal.ai\/wp-content\/uploads\/2023\/05\/south-africa.png","width":512,"height":512,"caption":"TalkPal South Arica Flag"},{"@type":"BreadcrumbList","@id":"https:\/\/talkpal.ai\/ga\/cleachtai-gramadai-na-hafracainise\/#breadcrumb","itemListElement":[{"@type":"ListItem","position":1,"name":"Homepage","item":"https:\/\/talkpal.ai\/ga\/"},{"@type":"ListItem","position":2,"name":"Cleachta\u00ed Gramada\u00ed na hAfrac\u00e1inise"}]},{"@type":"WebSite","@id":"https:\/\/talkpal.ai\/ga\/#website","url":"https:\/\/talkpal.ai\/ga\/","name":"Talkpal","description":"AI Language Learning","publisher":{"@id":"https:\/\/talkpal.ai\/ga\/#organization"},"alternateName":"Talkpal AI","potentialAction":[{"@type":"SearchAction","target":{"@type":"EntryPoint","urlTemplate":"https:\/\/talkpal.ai\/ga\/?s={search_term_string}"},"query-input":{"@type":"PropertyValueSpecification","valueRequired":true,"valueName":"search_term_string"}}],"inLanguage":"ga-IE"},{"@type":"Organization","@id":"https:\/\/talkpal.ai\/ga\/#organization","name":"Talkpal, Inc.","alternateName":"Talkpal AI","url":"https:\/\/talkpal.ai\/ga\/","logo":{"@type":"ImageObject","inLanguage":"ga-IE","@id":"https:\/\/talkpal.ai\/ga\/#\/schema\/logo\/image\/","url":"https:\/\/talkpal.ai\/wp-content\/uploads\/2024\/03\/Talkpal-Logo-Icon.png","contentUrl":"https:\/\/talkpal.ai\/wp-content\/uploads\/2024\/03\/Talkpal-Logo-Icon.png","width":2880,"height":2880,"caption":"Talkpal, Inc."},"image":{"@id":"https:\/\/talkpal.ai\/ga\/#\/schema\/logo\/image\/"},"sameAs":["https:\/\/www.facebook.com\/profile.php?id=100090733639311","https:\/\/x.com\/talkpalai","https:\/\/www.linkedin.com\/company\/talkpal\/","https:\/\/www.youtube.com\/@TalkPal\/","https:\/\/www.tiktok.com\/@talkpal","https:\/\/www.instagram.com\/talkpal_ai\/","https:\/\/www.crunchbase.com\/organization\/talkpal-9cde","https:\/\/www.g2.com\/products\/talkpal-for-business\/","https:\/\/www.trustpilot.com\/review\/talkpal.ai","https:\/\/www.capterra.com\/p\/10006800\/TalkPal\/"],"description":"Talkpal is a language learning web and mobile education app, powered by the latest AI technologies, that provides engaging experiences to its customers in many different languages to help them improve their language skills. Users can chat about unlimited amount of topics with the app and use other modes to practice their language learning.","email":"support@talkpal.ai","legalName":"Talkpal, Inc.","foundingDate":"2023-04-03","duns":"118989042","numberOfEmployees":{"@type":"QuantitativeValue","minValue":"11","maxValue":"50"},"publishingPrinciples":"https:\/\/talkpal.ai\/publishing-principles\/","actionableFeedbackPolicy":"https:\/\/talkpal.ai\/actionable-feedback-policy\/","correctionsPolicy":"https:\/\/talkpal.ai\/corrections-policy\/","ethicsPolicy":"https:\/\/talkpal.ai\/ethics-policy\/","diversityPolicy":"https:\/\/talkpal.ai\/diversity-policy\/","diversityStaffingReport":"https:\/\/talkpal.ai\/diversity-policy\/"}]}},"_links":{"self":[{"href":"https:\/\/talkpal.ai\/ga\/wp-json\/wp\/v2\/pages\/1446537","targetHints":{"allow":["GET"]}}],"collection":[{"href":"https:\/\/talkpal.ai\/ga\/wp-json\/wp\/v2\/pages"}],"about":[{"href":"https:\/\/talkpal.ai\/ga\/wp-json\/wp\/v2\/types\/page"}],"author":[{"embeddable":true,"href":"https:\/\/talkpal.ai\/ga\/wp-json\/wp\/v2\/users\/6"}],"replies":[{"embeddable":true,"href":"https:\/\/talkpal.ai\/ga\/wp-json\/wp\/v2\/comments?post=1446537"}],"version-history":[{"count":0,"href":"https:\/\/talkpal.ai\/ga\/wp-json\/wp\/v2\/pages\/1446537\/revisions"}],"wp:featuredmedia":[{"embeddable":true,"href":"https:\/\/talkpal.ai\/ga\/wp-json\/wp\/v2\/media\/1444033"}],"wp:attachment":[{"href":"https:\/\/talkpal.ai\/ga\/wp-json\/wp\/v2\/media?parent=1446537"}],"curies":[{"name":"wp","href":"https:\/\/api.w.org\/{rel}","templated":true}]}}