{"id":1446534,"date":"2023-06-16T11:55:18","date_gmt":"2023-06-16T11:55:18","guid":{"rendered":"https:\/\/talkpal.ai\/cleachtai-gramadai-na-bealaruisise\/"},"modified":"2025-09-06T20:56:13","modified_gmt":"2025-09-06T20:56:13","slug":"cleachtai-gramadai-na-bealaruisise","status":"publish","type":"page","link":"https:\/\/talkpal.ai\/ga\/cleachtai-gramadai-na-bealaruisise\/","title":{"rendered":"Cleachta\u00ed Gramada\u00ed na Bealar\u00faisise"},"content":{"rendered":"\r\n\r\n\r\n<section class=\"languageChallengeSection\">\r\n    <div class=\"languageInfoWrapper\">\r\n        \r\n        <h1>Cleachta\u00ed Gramada\u00ed na Bealar\u00faisise<\/h1>\r\n        <p>Ag iarraidh feabhas a <a href=\"https:\/\/talkpal.ai\/locations\/language-courses-in-chur\/\">chur<\/a> ar do scileanna teanga <a href=\"https:\/\/talkpal.ai\/learn-belarusian\/\">Bealar\u00faisis<\/a>? Is bealach iontach \u00e9 cleachta\u00ed gramada\u00ed a chleachtadh chun strucht\u00far abairte, foirmeacha briathra, agus gn\u00e9ithe saini\u00fala na teanga Bealar\u00faise a mh\u00e1istir. Tosaigh ag ini\u00fachadh <a href=\"https:\/\/talkpal.ai\/ga\/cleachtai-gramadai-na-hisiltire\/\">gramada\u00ed na<\/a> Bealar\u00faise inniu agus f\u00e9ach ar do thuiscint agus l\u00edofacht ag f\u00e1s le gach cleachtadh!<\/p>\r\n\r\n                            <a class=\"getStartedHidden\" href=\"https:\/\/app.talkpal.ai\/signup?lng=\">Tosaigh<\/a>\r\n        \r\n    <\/div>\r\n\r\n    <figure>\r\n    <img decoding=\"async\" width=\"768\" height=\"768\" src=\"https:\/\/talkpal.ai\/wp-content\/uploads\/2023\/06\/belarusian-768x768.png\" class=\"languageImage no-lazy\" alt=\"Language learning for academic excellence\" fetchpriority=\"high\" sizes=\"(max-width: 768px) 150px, 768px\" srcset=\"https:\/\/talkpal.ai\/wp-content\/uploads\/2023\/06\/belarusian-768x768.png 768w, https:\/\/talkpal.ai\/wp-content\/uploads\/2023\/06\/belarusian-300x300.png 300w\" \/>\r\n    \r\n\r\n    <\/figure>\r\n\r\n            <a class=\"getStartedVisible\" href=\"https:\/\/app.talkpal.ai\/signup?lng=\">Tosaigh<\/a>\r\n    \r\n<\/section>\r\n\r\n\r\n<!-- <section class=\"grammarSection\">\r\n    <div class=\"grammarLinks\">\r\n            <\/div>\r\n<\/section> -->\r\n\r\n\r\n\r\n\r\n<section class=\"promotionalBanner\">\r\n    <p class=\"promotionalText\">An bealach is \u00e9ifeachta\u00ed le teanga a fhoghlaim<\/p>\r\n    <a class=\"promotionalLink\" href=\"https:\/\/app.talkpal.ai\/signup?lng=\">Bain triail as Talkpal saor in aisce<\/a>\r\n<\/section>\n<div class=\"wp-block-group pageContainerStyle\"><div class=\"wp-block-group__inner-container is-layout-constrained wp-block-group-is-layout-constrained\">\n<h2 class=\"wp-block-heading\" id=\"h-belarusian-grammar-topics\">Topaic\u00ed Gramada\u00ed na Bealar\u00faise<\/h2>\n\n\n\n<p>Is teanga Shlavach Thoir \u00ed an Bhealar\u00faisis a labhra\u00edonn thart ar 70% den daonra go pr\u00edomha sa Bhealar\u00fais. Mar theanga Shlavach, t\u00e1 cos\u00falachta\u00ed aici leis an <a href=\"https:\/\/talkpal.ai\/learn-russian\/\">R\u00faisis<\/a> agus leis an \u00dacr\u00e1inis, rud a fh\u00e1gann go bhfuil s\u00e9 n\u00edos \u00e9asca do chainteoir\u00ed na dteangacha seo an Bhealar\u00faisis a fhoghlaim. Mar sin f\u00e9in, t\u00e1 a ghn\u00e9ithe uath\u00fala aige, agus is f\u00e9idir le foghlaim a ghramada\u00ed a bheith ina eisp\u00e9ireas luachmhar do dh\u00edograiseoir\u00ed teanga. San alt seo, d\u00e9anfaimid ini\u00fachadh ar na topaic\u00ed gramada\u00ed riachtanacha Bealar\u00faisis i seicheamh a chabhr\u00f3idh leat an teanga a fhoghlaim n\u00edos \u00e9ifeachta\u00ed.<\/p>\n\n\n\n<h3 class=\"wp-block-heading\" id=\"h-1-nouns\">1. Ainmfhocail:<\/h3>\n\n\n\n<p>Tosaigh ag foghlaim ainmfhocail Bealar\u00faisise, a d&#8217;fh\u00e9adfadh a bheith firinscneach, baininscneach, n\u00f3 neuter. T\u00e1 s\u00e9 ch\u00e1s acu: nominative, accusative, genitive, dative, instrumental, and prepositional, which determine the noun&#8217;s function in a sentence. Tabhair aird ar na foircinn ainmfhocail agus ar na patr\u00fain declension, mar cabhr\u00f3idh siad leat tuiscint a fh\u00e1il ar an gcaoi a n-athra\u00edonn ainmfhocail i gc\u00e1sanna \u00e9ags\u00fala.<\/p>\n\n\n\n<h3 class=\"wp-block-heading\" id=\"h-2-articles\">2. Airteagail:<\/h3>\n\n\n\n<p>Murab ionann agus an <a href=\"https:\/\/talkpal.ai\/learn-english-with-ai\/\">B\u00e9arla<\/a>, n\u00edl ailt ag an mBealar\u00faisis. D\u00e1 bhr\u00ed sin, is f\u00e9idir leat d\u00edri\u00fa ar ghn\u00e9ithe eile den teanga a fhoghlaim gan a bheith buartha faoin \u00e1bhar seo.<\/p>\n\n\n\n<h3 class=\"wp-block-heading\" id=\"h-3-pronouns-determiners\">3. Forainmneacha \/ Cinntitheoir\u00ed:<\/h3>\n\n\n\n<p>Ina dhiaidh sin, foghlaim forainmneacha agus cinntitheoir\u00ed, a fheidhm\u00edonn cos\u00fail lena gcoibh\u00e9is\u00ed B\u00e9arla. Tagann siad in ionad ainmfhocail agus cuireann siad faisn\u00e9is faoi sheilbh, cainn\u00edocht, n\u00f3 f\u00e9ini\u00falacht in i\u00fal. T\u00e1 forainmneacha pearsanta, sealbhacha, l\u00e9iritheacha, ceisti\u00fach\u00e1in agus coibhneasta sa Bhealar\u00faisis, agus caithfidh t\u00fa a bhfoirmeacha agus a n-\u00fas\u00e1id a ghlanmheabhair.<\/p>\n\n\n\n<h3 class=\"wp-block-heading\" id=\"h-4-adjectives\">4. Aidiachta\u00ed:<\/h3>\n\n\n\n<p>Aonta\u00edonn aidiachta\u00ed sa Bhealar\u00faisis leis an ainmfhocal a mhodhna\u00edonn siad in inscne, uimhir, agus c\u00e1s. Foghlaim na foircinn aidiachta\u00ed agus conas c\u00e9imeanna compar\u00e1ideacha agus superlative a fhoirmi\u00fa chun leibh\u00e9il \u00e9ags\u00fala compar\u00e1ide a chur in i\u00fal.<\/p>\n\n\n\n<h3 class=\"wp-block-heading\" id=\"h-5-verbs\">5. Briathra:<\/h3>\n\n\n\n<p>T\u00e1 briathra r\u00edth\u00e1bhachtach sa Bhealar\u00faisis, mar go gcuireann siad gn\u00edomhartha, st\u00e1it agus imeachta\u00ed in i\u00fal. Foghlaim faoin briathar conjugation, at\u00e1 comhdh\u00e9anta de dh\u00e1 ghr\u00fapa: an ch\u00e9ad chomhchuingi\u00fa (briathra firinscneach den chuid is m\u00f3) agus an dara comhchuingi\u00fa (briathra baininscneach den chuid is m\u00f3). Chomh maith leis sin, d\u00e9an staid\u00e9ar ar na gi\u00famar imperative agus subjunctive agus conas iad a fhoirmi\u00fa.<\/p>\n\n\n\n<h3 class=\"wp-block-heading\" id=\"h-6-tenses\">6. Aimsir:<\/h3>\n\n\n\n<p>T\u00e1 tr\u00ed phr\u00edomhaimsir ag an mBealar\u00faisis: am at\u00e1 caite, an l\u00e1 at\u00e1 inniu ann agus an todhcha\u00ed. Foghlaim conas na haimsir\u00ed seo a fhoirmi\u00fa agus a \u00fas\u00e1id chun labhairt faoi imeachta\u00ed agus gn\u00edomhartha ag amanna \u00e9ags\u00fala.<\/p>\n\n\n\n<h3 class=\"wp-block-heading\" id=\"h-7-tense-comparison\">7. Compar\u00e1id aimsire:<\/h3>\n\n\n\n<p>T\u00e1 compar\u00e1id idir aimsir\u00ed sa Bhealar\u00faisis riachtanach chun an gaol idir imeachta\u00ed san am at\u00e1 caite, san am i l\u00e1thair agus sa todhcha\u00ed a thuiscint. D\u00e9an staid\u00e9ar ar sheicheamh na n-aimsir\u00ed agus conas iad a \u00fas\u00e1id in abairt\u00ed casta.<\/p>\n\n\n\n<h3 class=\"wp-block-heading\" id=\"h-8-progressive\">8. For\u00e1sach:<\/h3>\n\n\n\n<p>\u00das\u00e1ideann an Bhealar\u00fais an fhoirm fhor\u00e1sach chun gn\u00edomhartha lean\u00fanacha a chur in i\u00fal. Foghlaim conas an ghn\u00e9 seo a fhoirmi\u00fa leis an mbriathar cu\u00ed agus briathra c\u00fanta.<\/p>\n\n\n\n<h3 class=\"wp-block-heading\" id=\"h-9-perfect-progressive\">9. For\u00e1sach Foirfe:<\/h3>\n\n\n\n<p>Comhcheangla\u00edonn an ghn\u00e9 fhor\u00e1sach foirfe sa Bhealar\u00faisis coincheapa cr\u00edochnaithe agus fad. Foghlaim conas an ghn\u00e9 seo a fhoirmi\u00fa ag baint \u00fas\u00e1ide as briathra c\u00fanta agus na foirmeacha briathartha cearta.<\/p>\n\n\n\n<h3 class=\"wp-block-heading\" id=\"h-10-adverbs\">10. Adverbs:<\/h3>\n\n\n\n<p>Modhna\u00edonn adverbs briathra, aidiachta\u00ed, agus aidiachta\u00ed eile, ag cur tuilleadh eolais leis an abairt. Foghlaim na cine\u00e1lacha \u00e9ags\u00fala adverbs sa Bhealar\u00faisis, a bhfoirmi\u00fa, agus a socr\u00fach\u00e1n san abairt.<\/p>\n\n\n\n<h3 class=\"wp-block-heading\" id=\"h-11-prepositions\">11. Prepositions:<\/h3>\n\n\n\n<p>T\u00e1 r\u00e9amhfhocail riachtanach chun caidrimh idir focail in abairt a chur in i\u00fal. Foghlaim na r\u00e9amhfhocail Bealar\u00faisis is coitianta, a gc\u00e1sanna, agus conas iad a \u00fas\u00e1id le hainmfhocail agus forainmneacha.<\/p>\n\n\n\n<h3 class=\"wp-block-heading\" id=\"h-12-conditionals\">12. Coinn\u00edollacha:<\/h3>\n\n\n\n<p>L\u00e9ir\u00edonn coinn\u00edollacha c\u00e1sanna hipit\u00e9iseacha agus a n-iarmhairt\u00ed. D\u00e9an staid\u00e9ar ar na tr\u00ed chine\u00e1l coinn\u00edollacha sa Bhealar\u00faisis: f\u00edor, neamhr\u00e9ad\u00fail, agus measctha, agus a bhfoirmeacha briathar comhfhreagracha.<\/p>\n\n\n\n<h3 class=\"wp-block-heading\" id=\"h-13-sentences\">13. Abairt\u00ed:<\/h3>\n\n\n\n<p>Ar deireadh, foghlaim faoi strucht\u00fair abairt\u00ed Bealar\u00faisise, lena n-\u00e1ir\u00edtear abairt\u00ed simpl\u00ed, cumaisc agus casta. D\u00e9an cleachtadh ar ghn\u00e9ithe gramada\u00ed \u00e9ags\u00fala a chomhcheangal chun abairt\u00ed a th\u00f3g\u00e1il agus do scileanna teanga forioml\u00e1na a fheabhs\u00fa.<\/p>\n<\/div><\/div>\n\r\n<section class=\"learnNavigationSection\">\r\n            \r\n        <a href=\"https:\/\/talkpal.ai\/ga\/foghlaim-bealaruisis\/\">\r\n            <div class=\"learnNavigationWrapper\">\r\n                <div class=\"learnNavigationContent\">\r\n                    <img decoding=\"async\" src=\"https:\/\/talkpal.ai\/wp-content\/uploads\/2024\/08\/Belarusian.jpg\" alt=\"Belarusian Flag\">\r\n                    <div>\r\n                        <h4>Maidir le Foghlaim na Bealar\u00faise<\/h4>\r\n                        <p>Faigh amach gach rud faoi ghramadach na Bealar\u00faise.<\/p>\r\n                    <\/div>\r\n                <\/div>\r\n            <\/div>\r\n        <\/a>\r\n\r\n        \r\n        <a href=\"https:\/\/talkpal.ai\/ga\/gramadach-na-bealaruise\/\">\r\n            <div class=\"learnNavigationWrapper\">\r\n                <div class=\"learnNavigationContent\">\r\n                    <img decoding=\"async\" src=\"https:\/\/talkpal.ai\/wp-content\/uploads\/2024\/08\/Belarusian.jpg\" alt=\"Belarusian Flag\">\r\n                    <div>\r\n                        <h4>Ceachtanna Gramada\u00ed na Bealar\u00faise<\/h4>\r\n                        <p>Cleachtadh gramadach na Bealar\u00faise.<\/p>\r\n                    <\/div>\r\n                <\/div>\r\n            <\/div>\r\n        <\/a>\r\n\r\n        \r\n        <a href=\"https:\/\/talkpal.ai\/vocabulary_language\/belarusian\/\">\r\n            <div class=\"learnNavigationWrapper\">\r\n                <div class=\"learnNavigationContent\">\r\n                    <img decoding=\"async\" src=\"https:\/\/talkpal.ai\/wp-content\/uploads\/2024\/08\/Belarusian.jpg\" alt=\"Belarusian Flag\">\r\n                    <div>\r\n                        <h4>St\u00f3r Focal na Bealar\u00faise<\/h4>\r\n                        <p>Leathnaigh do st\u00f3r focal Bealar\u00faisis.<\/p>\r\n                    <\/div>\r\n                <\/div>\r\n            <\/div>\r\n        <\/a>\r\n\r\n            <\/section>","protected":false},"excerpt":{"rendered":"<p>Topaic\u00ed Gramada\u00ed na Bealar\u00faise Is teanga Shlavach Thoir \u00ed an Bhealar\u00faisis a labhra\u00edonn thart ar 70% den daonra go pr\u00edomha sa Bhealar\u00fais. Mar theanga Shlavach, t\u00e1 cos\u00falachta\u00ed aici leis an R\u00faisis agus leis an \u00dacr\u00e1inis, rud a fh\u00e1gann go bhfuil s\u00e9 n\u00edos \u00e9asca do chainteoir\u00ed na dteangacha seo an Bhealar\u00faisis a fhoghlaim. Mar sin f\u00e9in, [&hellip;]<\/p>\n","protected":false},"author":6,"featured_media":1444038,"parent":0,"menu_order":0,"comment_status":"closed","ping_status":"closed","template":"LearningContentPage.php","meta":{"_acf_changed":false,"footnotes":""},"class_list":["post-1446534","page","type-page","status-publish","has-post-thumbnail","hentry"],"acf":[],"yoast_head":"<!-- This site is optimized with the Yoast SEO Premium plugin v27.2 (Yoast SEO v27.2) - https:\/\/yoast.com\/product\/yoast-seo-premium-wordpress\/ -->\n<title>Cleachta\u00ed Gramada\u00ed na Bealar\u00faisise - Talkpal<\/title>\n<meta name=\"description\" content=\"Neartaigh do scileanna Bealar\u00faisis le Cleachta\u00ed Gramada\u00ed Bealar\u00faisis idirghn\u00edomhacha \u00f3 TalkPal, do theagasc\u00f3ir teanga faoi thiom\u00e1int AI.\" \/>\n<meta name=\"robots\" content=\"index, follow, max-snippet:-1, max-image-preview:large, max-video-preview:-1\" \/>\n<link rel=\"canonical\" href=\"https:\/\/talkpal.ai\/ga\/cleachtai-gramadai-na-bealaruisise\/\" \/>\n<meta property=\"og:locale\" content=\"ga_IE\" \/>\n<meta property=\"og:type\" content=\"article\" \/>\n<meta property=\"og:title\" content=\"Cleachta\u00ed Gramada\u00ed na Bealar\u00faisise\" \/>\n<meta property=\"og:description\" content=\"Topaic\u00ed Gramada\u00ed na Bealar\u00faise Is teanga Shlavach Thoir \u00ed an Bhealar\u00faisis a labhra\u00edonn thart ar 70% den daonra go pr\u00edomha sa Bhealar\u00fais. Mar theanga\" \/>\n<meta property=\"og:url\" content=\"https:\/\/talkpal.ai\/ga\/cleachtai-gramadai-na-bealaruisise\/\" \/>\n<meta property=\"og:site_name\" content=\"Talkpal\" \/>\n<meta property=\"article:publisher\" content=\"https:\/\/www.facebook.com\/profile.php?id=100090733639311\" \/>\n<meta property=\"article:modified_time\" content=\"2025-09-06T20:56:13+00:00\" \/>\n<meta property=\"og:image\" content=\"https:\/\/talkpal.ai\/wp-content\/uploads\/2023\/05\/belarus.png\" \/>\n\t<meta property=\"og:image:width\" content=\"512\" \/>\n\t<meta property=\"og:image:height\" content=\"512\" \/>\n\t<meta property=\"og:image:type\" content=\"image\/png\" \/>\n<meta name=\"twitter:card\" content=\"summary_large_image\" \/>\n<meta name=\"twitter:site\" content=\"@talkpalai\" \/>\n<meta name=\"twitter:label1\" content=\"Est. reading time\" \/>\n\t<meta name=\"twitter:data1\" content=\"4 minutes\" \/>\n<script type=\"application\/ld+json\" class=\"yoast-schema-graph\">{\"@context\":\"https:\/\/schema.org\",\"@graph\":[{\"@type\":\"WebPage\",\"@id\":\"https:\/\/talkpal.ai\/ga\/cleachtai-gramadai-na-bealaruisise\/\",\"url\":\"https:\/\/talkpal.ai\/ga\/cleachtai-gramadai-na-bealaruisise\/\",\"name\":\"Cleachta\u00ed Gramada\u00ed na Bealar\u00faisise - Talkpal\",\"isPartOf\":{\"@id\":\"https:\/\/talkpal.ai\/ga\/#website\"},\"primaryImageOfPage\":{\"@id\":\"https:\/\/talkpal.ai\/ga\/cleachtai-gramadai-na-bealaruisise\/#primaryimage\"},\"image\":{\"@id\":\"https:\/\/talkpal.ai\/ga\/cleachtai-gramadai-na-bealaruisise\/#primaryimage\"},\"thumbnailUrl\":\"https:\/\/talkpal.ai\/wp-content\/uploads\/2023\/05\/belarus.png\",\"datePublished\":\"2023-06-16T11:55:18+00:00\",\"dateModified\":\"2025-09-06T20:56:13+00:00\",\"description\":\"Neartaigh do scileanna Bealar\u00faisis le Cleachta\u00ed Gramada\u00ed Bealar\u00faisis idirghn\u00edomhacha \u00f3 TalkPal, do theagasc\u00f3ir teanga faoi thiom\u00e1int AI.\",\"breadcrumb\":{\"@id\":\"https:\/\/talkpal.ai\/ga\/cleachtai-gramadai-na-bealaruisise\/#breadcrumb\"},\"inLanguage\":\"ga-IE\",\"potentialAction\":[{\"@type\":\"ReadAction\",\"target\":[\"https:\/\/talkpal.ai\/ga\/cleachtai-gramadai-na-bealaruisise\/\"]}]},{\"@type\":\"ImageObject\",\"inLanguage\":\"ga-IE\",\"@id\":\"https:\/\/talkpal.ai\/ga\/cleachtai-gramadai-na-bealaruisise\/#primaryimage\",\"url\":\"https:\/\/talkpal.ai\/wp-content\/uploads\/2023\/05\/belarus.png\",\"contentUrl\":\"https:\/\/talkpal.ai\/wp-content\/uploads\/2023\/05\/belarus.png\",\"width\":512,\"height\":512,\"caption\":\"TalkPal Belarus Flag\"},{\"@type\":\"BreadcrumbList\",\"@id\":\"https:\/\/talkpal.ai\/ga\/cleachtai-gramadai-na-bealaruisise\/#breadcrumb\",\"itemListElement\":[{\"@type\":\"ListItem\",\"position\":1,\"name\":\"Homepage\",\"item\":\"https:\/\/talkpal.ai\/ga\/\"},{\"@type\":\"ListItem\",\"position\":2,\"name\":\"Cleachta\u00ed Gramada\u00ed na Bealar\u00faisise\"}]},{\"@type\":\"WebSite\",\"@id\":\"https:\/\/talkpal.ai\/ga\/#website\",\"url\":\"https:\/\/talkpal.ai\/ga\/\",\"name\":\"Talkpal\",\"description\":\"AI Language Learning\",\"publisher\":{\"@id\":\"https:\/\/talkpal.ai\/ga\/#organization\"},\"alternateName\":\"Talkpal AI\",\"potentialAction\":[{\"@type\":\"SearchAction\",\"target\":{\"@type\":\"EntryPoint\",\"urlTemplate\":\"https:\/\/talkpal.ai\/ga\/?s={search_term_string}\"},\"query-input\":{\"@type\":\"PropertyValueSpecification\",\"valueRequired\":true,\"valueName\":\"search_term_string\"}}],\"inLanguage\":\"ga-IE\"},{\"@type\":\"Organization\",\"@id\":\"https:\/\/talkpal.ai\/ga\/#organization\",\"name\":\"Talkpal, Inc.\",\"alternateName\":\"Talkpal AI\",\"url\":\"https:\/\/talkpal.ai\/ga\/\",\"logo\":{\"@type\":\"ImageObject\",\"inLanguage\":\"ga-IE\",\"@id\":\"https:\/\/talkpal.ai\/ga\/#\/schema\/logo\/image\/\",\"url\":\"https:\/\/talkpal.ai\/wp-content\/uploads\/2024\/03\/Talkpal-Logo-Icon.png\",\"contentUrl\":\"https:\/\/talkpal.ai\/wp-content\/uploads\/2024\/03\/Talkpal-Logo-Icon.png\",\"width\":2880,\"height\":2880,\"caption\":\"Talkpal, Inc.\"},\"image\":{\"@id\":\"https:\/\/talkpal.ai\/ga\/#\/schema\/logo\/image\/\"},\"sameAs\":[\"https:\/\/www.facebook.com\/profile.php?id=100090733639311\",\"https:\/\/x.com\/talkpalai\",\"https:\/\/www.linkedin.com\/company\/talkpal\/\",\"https:\/\/www.youtube.com\/@TalkPal\/\",\"https:\/\/www.tiktok.com\/@talkpal\",\"https:\/\/www.instagram.com\/talkpal_ai\/\",\"https:\/\/www.crunchbase.com\/organization\/talkpal-9cde\",\"https:\/\/www.g2.com\/products\/talkpal-for-business\/\",\"https:\/\/www.trustpilot.com\/review\/talkpal.ai\",\"https:\/\/www.capterra.com\/p\/10006800\/TalkPal\/\"],\"description\":\"Talkpal is a language learning web and mobile education app, powered by the latest AI technologies, that provides engaging experiences to its customers in many different languages to help them improve their language skills. Users can chat about unlimited amount of topics with the app and use other modes to practice their language learning.\",\"email\":\"support@talkpal.ai\",\"legalName\":\"Talkpal, Inc.\",\"foundingDate\":\"2023-04-03\",\"duns\":\"118989042\",\"numberOfEmployees\":{\"@type\":\"QuantitativeValue\",\"minValue\":\"11\",\"maxValue\":\"50\"},\"publishingPrinciples\":\"https:\/\/talkpal.ai\/publishing-principles\/\",\"actionableFeedbackPolicy\":\"https:\/\/talkpal.ai\/actionable-feedback-policy\/\",\"correctionsPolicy\":\"https:\/\/talkpal.ai\/corrections-policy\/\",\"ethicsPolicy\":\"https:\/\/talkpal.ai\/ethics-policy\/\",\"diversityPolicy\":\"https:\/\/talkpal.ai\/diversity-policy\/\",\"diversityStaffingReport\":\"https:\/\/talkpal.ai\/diversity-policy\/\"}]}<\/script>\n<!-- \/ Yoast SEO Premium plugin. -->","yoast_head_json":{"title":"Cleachta\u00ed Gramada\u00ed na Bealar\u00faisise - Talkpal","description":"Neartaigh do scileanna Bealar\u00faisis le Cleachta\u00ed Gramada\u00ed Bealar\u00faisis idirghn\u00edomhacha \u00f3 TalkPal, do theagasc\u00f3ir teanga faoi thiom\u00e1int AI.","robots":{"index":"index","follow":"follow","max-snippet":"max-snippet:-1","max-image-preview":"max-image-preview:large","max-video-preview":"max-video-preview:-1"},"canonical":"https:\/\/talkpal.ai\/ga\/cleachtai-gramadai-na-bealaruisise\/","og_locale":"ga_IE","og_type":"article","og_title":"Cleachta\u00ed Gramada\u00ed na Bealar\u00faisise","og_description":"Topaic\u00ed Gramada\u00ed na Bealar\u00faise Is teanga Shlavach Thoir \u00ed an Bhealar\u00faisis a labhra\u00edonn thart ar 70% den daonra go pr\u00edomha sa Bhealar\u00fais. Mar theanga","og_url":"https:\/\/talkpal.ai\/ga\/cleachtai-gramadai-na-bealaruisise\/","og_site_name":"Talkpal","article_publisher":"https:\/\/www.facebook.com\/profile.php?id=100090733639311","article_modified_time":"2025-09-06T20:56:13+00:00","og_image":[{"width":512,"height":512,"url":"https:\/\/talkpal.ai\/wp-content\/uploads\/2023\/05\/belarus.png","type":"image\/png"}],"twitter_card":"summary_large_image","twitter_site":"@talkpalai","twitter_misc":{"Est. reading time":"4 minutes"},"schema":{"@context":"https:\/\/schema.org","@graph":[{"@type":"WebPage","@id":"https:\/\/talkpal.ai\/ga\/cleachtai-gramadai-na-bealaruisise\/","url":"https:\/\/talkpal.ai\/ga\/cleachtai-gramadai-na-bealaruisise\/","name":"Cleachta\u00ed Gramada\u00ed na Bealar\u00faisise - Talkpal","isPartOf":{"@id":"https:\/\/talkpal.ai\/ga\/#website"},"primaryImageOfPage":{"@id":"https:\/\/talkpal.ai\/ga\/cleachtai-gramadai-na-bealaruisise\/#primaryimage"},"image":{"@id":"https:\/\/talkpal.ai\/ga\/cleachtai-gramadai-na-bealaruisise\/#primaryimage"},"thumbnailUrl":"https:\/\/talkpal.ai\/wp-content\/uploads\/2023\/05\/belarus.png","datePublished":"2023-06-16T11:55:18+00:00","dateModified":"2025-09-06T20:56:13+00:00","description":"Neartaigh do scileanna Bealar\u00faisis le Cleachta\u00ed Gramada\u00ed Bealar\u00faisis idirghn\u00edomhacha \u00f3 TalkPal, do theagasc\u00f3ir teanga faoi thiom\u00e1int AI.","breadcrumb":{"@id":"https:\/\/talkpal.ai\/ga\/cleachtai-gramadai-na-bealaruisise\/#breadcrumb"},"inLanguage":"ga-IE","potentialAction":[{"@type":"ReadAction","target":["https:\/\/talkpal.ai\/ga\/cleachtai-gramadai-na-bealaruisise\/"]}]},{"@type":"ImageObject","inLanguage":"ga-IE","@id":"https:\/\/talkpal.ai\/ga\/cleachtai-gramadai-na-bealaruisise\/#primaryimage","url":"https:\/\/talkpal.ai\/wp-content\/uploads\/2023\/05\/belarus.png","contentUrl":"https:\/\/talkpal.ai\/wp-content\/uploads\/2023\/05\/belarus.png","width":512,"height":512,"caption":"TalkPal Belarus Flag"},{"@type":"BreadcrumbList","@id":"https:\/\/talkpal.ai\/ga\/cleachtai-gramadai-na-bealaruisise\/#breadcrumb","itemListElement":[{"@type":"ListItem","position":1,"name":"Homepage","item":"https:\/\/talkpal.ai\/ga\/"},{"@type":"ListItem","position":2,"name":"Cleachta\u00ed Gramada\u00ed na Bealar\u00faisise"}]},{"@type":"WebSite","@id":"https:\/\/talkpal.ai\/ga\/#website","url":"https:\/\/talkpal.ai\/ga\/","name":"Talkpal","description":"AI Language Learning","publisher":{"@id":"https:\/\/talkpal.ai\/ga\/#organization"},"alternateName":"Talkpal AI","potentialAction":[{"@type":"SearchAction","target":{"@type":"EntryPoint","urlTemplate":"https:\/\/talkpal.ai\/ga\/?s={search_term_string}"},"query-input":{"@type":"PropertyValueSpecification","valueRequired":true,"valueName":"search_term_string"}}],"inLanguage":"ga-IE"},{"@type":"Organization","@id":"https:\/\/talkpal.ai\/ga\/#organization","name":"Talkpal, Inc.","alternateName":"Talkpal AI","url":"https:\/\/talkpal.ai\/ga\/","logo":{"@type":"ImageObject","inLanguage":"ga-IE","@id":"https:\/\/talkpal.ai\/ga\/#\/schema\/logo\/image\/","url":"https:\/\/talkpal.ai\/wp-content\/uploads\/2024\/03\/Talkpal-Logo-Icon.png","contentUrl":"https:\/\/talkpal.ai\/wp-content\/uploads\/2024\/03\/Talkpal-Logo-Icon.png","width":2880,"height":2880,"caption":"Talkpal, Inc."},"image":{"@id":"https:\/\/talkpal.ai\/ga\/#\/schema\/logo\/image\/"},"sameAs":["https:\/\/www.facebook.com\/profile.php?id=100090733639311","https:\/\/x.com\/talkpalai","https:\/\/www.linkedin.com\/company\/talkpal\/","https:\/\/www.youtube.com\/@TalkPal\/","https:\/\/www.tiktok.com\/@talkpal","https:\/\/www.instagram.com\/talkpal_ai\/","https:\/\/www.crunchbase.com\/organization\/talkpal-9cde","https:\/\/www.g2.com\/products\/talkpal-for-business\/","https:\/\/www.trustpilot.com\/review\/talkpal.ai","https:\/\/www.capterra.com\/p\/10006800\/TalkPal\/"],"description":"Talkpal is a language learning web and mobile education app, powered by the latest AI technologies, that provides engaging experiences to its customers in many different languages to help them improve their language skills. Users can chat about unlimited amount of topics with the app and use other modes to practice their language learning.","email":"support@talkpal.ai","legalName":"Talkpal, Inc.","foundingDate":"2023-04-03","duns":"118989042","numberOfEmployees":{"@type":"QuantitativeValue","minValue":"11","maxValue":"50"},"publishingPrinciples":"https:\/\/talkpal.ai\/publishing-principles\/","actionableFeedbackPolicy":"https:\/\/talkpal.ai\/actionable-feedback-policy\/","correctionsPolicy":"https:\/\/talkpal.ai\/corrections-policy\/","ethicsPolicy":"https:\/\/talkpal.ai\/ethics-policy\/","diversityPolicy":"https:\/\/talkpal.ai\/diversity-policy\/","diversityStaffingReport":"https:\/\/talkpal.ai\/diversity-policy\/"}]}},"_links":{"self":[{"href":"https:\/\/talkpal.ai\/ga\/wp-json\/wp\/v2\/pages\/1446534","targetHints":{"allow":["GET"]}}],"collection":[{"href":"https:\/\/talkpal.ai\/ga\/wp-json\/wp\/v2\/pages"}],"about":[{"href":"https:\/\/talkpal.ai\/ga\/wp-json\/wp\/v2\/types\/page"}],"author":[{"embeddable":true,"href":"https:\/\/talkpal.ai\/ga\/wp-json\/wp\/v2\/users\/6"}],"replies":[{"embeddable":true,"href":"https:\/\/talkpal.ai\/ga\/wp-json\/wp\/v2\/comments?post=1446534"}],"version-history":[{"count":0,"href":"https:\/\/talkpal.ai\/ga\/wp-json\/wp\/v2\/pages\/1446534\/revisions"}],"wp:featuredmedia":[{"embeddable":true,"href":"https:\/\/talkpal.ai\/ga\/wp-json\/wp\/v2\/media\/1444038"}],"wp:attachment":[{"href":"https:\/\/talkpal.ai\/ga\/wp-json\/wp\/v2\/media?parent=1446534"}],"curies":[{"name":"wp","href":"https:\/\/api.w.org\/{rel}","templated":true}]}}