{"id":1446529,"date":"2023-06-16T11:31:43","date_gmt":"2023-06-16T11:31:43","guid":{"rendered":"https:\/\/talkpal.ai\/cleachtai-gramadai-airmeinis\/"},"modified":"2025-09-06T20:56:11","modified_gmt":"2025-09-06T20:56:11","slug":"cleachtai-gramadai-airmeinis","status":"publish","type":"page","link":"https:\/\/talkpal.ai\/ga\/cleachtai-gramadai-airmeinis\/","title":{"rendered":"Cleachta\u00ed Gramada\u00ed Airm\u00e9inis"},"content":{"rendered":"\r\n\r\n\r\n<section class=\"languageChallengeSection\">\r\n    <div class=\"languageInfoWrapper\">\r\n        \r\n        <h1>Cleachta\u00ed Gramada\u00ed Airm\u00e9inis<\/h1>\r\n        <p>Lig d\u00fainn aithne a <a href=\"https:\/\/talkpal.ai\/locations\/language-courses-in-chur\/\">chur<\/a> ar ghramadach na hAirm\u00e9ine le roinnt cleachta\u00ed \u00e9asca agus spra\u00ed\u00fala! Cabhr\u00f3idh na gn\u00edomha\u00edochta\u00ed seo leat dul i dtaith\u00ed ar na buneilimint\u00ed agus tabharfaidh siad t\u00fas iontach duit ar do thuras foghlama.<\/p>\r\n\r\n                            <a class=\"getStartedHidden\" href=\"https:\/\/app.talkpal.ai\/signup?lng=\">Tosaigh<\/a>\r\n        \r\n    <\/div>\r\n\r\n    <figure>\r\n    <img decoding=\"async\" width=\"768\" height=\"768\" src=\"https:\/\/talkpal.ai\/wp-content\/uploads\/2023\/06\/armenian-768x768.png\" class=\"languageImage no-lazy\" alt=\"Language learning for higher cognition\" fetchpriority=\"high\" sizes=\"(max-width: 768px) 150px, 768px\" srcset=\"https:\/\/talkpal.ai\/wp-content\/uploads\/2023\/06\/armenian-768x768.png 768w, https:\/\/talkpal.ai\/wp-content\/uploads\/2023\/06\/armenian-300x300.png 300w\" \/>\r\n    \r\n\r\n    <\/figure>\r\n\r\n            <a class=\"getStartedVisible\" href=\"https:\/\/app.talkpal.ai\/signup?lng=\">Tosaigh<\/a>\r\n    \r\n<\/section>\r\n\r\n\r\n<!-- <section class=\"grammarSection\">\r\n    <div class=\"grammarLinks\">\r\n            <\/div>\r\n<\/section> -->\r\n\r\n\r\n\r\n\r\n<section class=\"promotionalBanner\">\r\n    <p class=\"promotionalText\">An bealach is \u00e9ifeachta\u00ed le teanga a fhoghlaim<\/p>\r\n    <a class=\"promotionalLink\" href=\"https:\/\/app.talkpal.ai\/signup?lng=\">Bain triail as Talkpal saor in aisce<\/a>\r\n<\/section>\n<div class=\"wp-block-group pageContainerStyle\"><div class=\"wp-block-group__inner-container is-layout-constrained wp-block-group-is-layout-constrained\">\n<h2 class=\"wp-block-heading\" id=\"h-armenian-grammar-topics\">Topaic\u00ed Gramada\u00ed na hAirm\u00e9ine<\/h2>\n\n\n\n<p>Is teanga Ind-Eorpach \u00ed an <a href=\"https:\/\/talkpal.ai\/learn-armenian\/\">Airm\u00e9inis<\/a> a labhra\u00edtear go pr\u00edomha i bPoblacht na hAirm\u00e9ine agus ag an diasp\u00f3ra Airm\u00e9inis ar fud an domhain. Le stair fhada agus c\u00f3ras scr\u00edbhneoireachta uath\u00fail, cuireann an Airm\u00e9inis eisp\u00e9ireas teanga suimi\u00fail ar f\u00e1il d&#8217;fhoghlaimeoir\u00ed teanga. Mar is amhlaidh le haon teanga, is cuid riachtanach de mh\u00e1istir na hAirm\u00e9ine \u00e9 tuiscint na gramada\u00ed. Sol\u00e1thra\u00edonn an treoir seo forbhreathn\u00fa ar phr\u00edomhthopaic\u00ed gramada\u00ed Airm\u00e9inis chun cabhr\u00fa leat bun\u00fas l\u00e1idir a fh\u00e1il sa teanga. Tr\u00ed an seicheamh topaic\u00ed molta a lean\u00faint, beidh t\u00fa in ann Airm\u00e9inis a fhoghlaim n\u00edos \u00e9ifeachta\u00ed agus n\u00edos \u00e9ifeachta\u00ed.<\/p>\n\n\n\n<h3 class=\"wp-block-heading\" id=\"h-1-nouns\">1. Ainmfhocail:<\/h3>\n\n\n\n<p>Cuir t\u00fas le do thuras gramada\u00ed Airm\u00e9inis le hainmfhocail, cn\u00e1mh droma aon teanga. Foghlaim faoi aicm\u00ed ainmfhocail Airm\u00e9inis (coitianta agus ceart), d\u00edochl\u00fa, agus c\u00e1sanna (nominative, genitive, dative, accusative, ablative, instrumental, and locative). Tabharfaidh tuiscint ar an gcaoi a bhfeidhm\u00edonn ainmfhocail san Airm\u00e9inis <a href=\"https:\/\/talkpal.ai\/de\/locations\/englisch-lernen-in-bonn\/\">bonn<\/a> l\u00e1idir chun abairt\u00ed a th\u00f3g\u00e1il.<\/p>\n\n\n\n<h3 class=\"wp-block-heading\" id=\"h-2-articles\">2. Airteagail:<\/h3>\n\n\n\n<p>T\u00e1 ailt chinnte agus \u00e9iginnte ag an Airm\u00e9inis, cos\u00fail leis an mB\u00e9arla. Foghlaim conas iad a \u00fas\u00e1id i gceart le hainmfhocail chun saini\u00falacht a l\u00e9iri\u00fa agus abairt\u00ed comhlean\u00fanacha a chruth\u00fa.<\/p>\n\n\n\n<h3 class=\"wp-block-heading\" id=\"h-3-adjectives\">3. Aidiachta\u00ed:<\/h3>\n\n\n\n<p>T\u00e1 aidiachta\u00ed riachtanach chun cur s\u00edos a dh\u00e9anamh ar ainmfhocail. Staid\u00e9ar a dh\u00e9anamh ar na rialacha <a href=\"https:\/\/talkpal.ai\/ga\/maidir\/\">maidir<\/a> le haidiachta\u00ed a \u00fas\u00e1id san Airm\u00e9inis, lena n-\u00e1ir\u00edtear comhaont\u00fa le hainmfhocail in inscne, uimhir, agus c\u00e1s.<\/p>\n\n\n\n<h3 class=\"wp-block-heading\" id=\"h-4-pronouns-determiners\">4. Forainmneacha \/ Cinntitheoir\u00ed:<\/h3>\n\n\n\n<p>Tagann forainmneacha in ionad ainmfhocail in abairt\u00ed, agus sonra\u00edonn agus cainn\u00edochta\u00edonn na cinnteoir\u00ed iad. Foghlaim faoi na cine\u00e1lacha \u00e9ags\u00fala forainmneacha (pearsanta, sealbhach, l\u00e9iritheach, coibhneasta, ceisti\u00fach\u00e1in, machnamhach) agus cinnteoir\u00ed san Airm\u00e9inis agus a n-\u00fas\u00e1id.<\/p>\n\n\n\n<h3 class=\"wp-block-heading\" id=\"h-5-verbs\">5. Briathra:<\/h3>\n\n\n\n<p>Is iad briathra focail ghn\u00edomha\u00edochta teanga. Cuir eolas ar chomhchuingi\u00fa briathar Airm\u00e9inis, briathra rialta agus neamhrialta, agus na foirmeacha briathartha \u00e9ags\u00fala (infinitive, imperative, subjunctive).<\/p>\n\n\n\n<h3 class=\"wp-block-heading\" id=\"h-6-tenses\">6. Aimsir:<\/h3>\n\n\n\n<p>T\u00e1 ceithre aimsir bhriathar ag an Airm\u00e9inis: l\u00e1ithreach, am at\u00e1 caite, todhcha\u00ed, agus aorist. D\u00e9an staid\u00e9ar ar fhoirmi\u00fa agus \u00fas\u00e1id gach aimsir, chomh maith leis na difr\u00edochta\u00ed idir foirmeacha simpl\u00ed agus lean\u00fanacha.<\/p>\n\n\n\n<h3 class=\"wp-block-heading\" id=\"h-7-tense-comparison\">7. Compar\u00e1id aimsire:<\/h3>\n\n\n\n<p>T\u00e1 tuiscint ar na nuances idir na haimsir\u00ed \u00e9ags\u00fala riachtanach le haghaidh cumars\u00e1ide \u00e9ifeachtach. Foghlaim conas na haimsir Airm\u00e9inis a chur i gcompar\u00e1id agus i gcodarsnacht chun an bhr\u00ed at\u00e1 beartaithe agat a chur in i\u00fal go cruinn.<\/p>\n\n\n\n<h3 class=\"wp-block-heading\" id=\"h-8-progressive\">8. For\u00e1sach:<\/h3>\n\n\n\n<p>L\u00e9ir\u00edonn an ghn\u00e9 fhor\u00e1sach san Airm\u00e9inis gn\u00edomhartha lean\u00fanacha. Foghlaim conas an ghn\u00e9 fhor\u00e1sach a fhoirmi\u00fa agus a \u00fas\u00e1id sna aimsir\u00ed \u00e9ags\u00fala.<\/p>\n\n\n\n<h3 class=\"wp-block-heading\" id=\"h-9-perfect-progressive\">9. For\u00e1sach Foirfe:<\/h3>\n\n\n\n<p>Comhcheangla\u00edonn an for\u00e1sach foirfe na gn\u00e9ithe foirfe agus for\u00e1sacha, rud a l\u00e9ir\u00edonn gn\u00edomh a thosaigh san am at\u00e1 thart agus a leanann ar aghaidh san am i l\u00e1thair. Foghlaim a fhoirmi\u00fa agus a \u00fas\u00e1id in Airm\u00e9inis.<\/p>\n\n\n\n<h3 class=\"wp-block-heading\" id=\"h-10-adverbs\">10. Adverbs:<\/h3>\n\n\n\n<p>Modhna\u00edonn adverbs briathra, aidiachta\u00ed agus aidiachta\u00ed eile, ag sol\u00e1thar faisn\u00e9ise breise faoi ghn\u00edomhartha n\u00f3 c\u00e1il\u00edochta\u00ed. Staid\u00e9ar a dh\u00e9anamh ar na cine\u00e1lacha \u00e9ags\u00fala adverbs in Airm\u00e9inis agus a socr\u00fach\u00e1n in abairt\u00ed.<\/p>\n\n\n\n<h3 class=\"wp-block-heading\" id=\"h-11-prepositions\">11. Prepositions:<\/h3>\n\n\n\n<p>T\u00e1 r\u00e9amhfhocail san Airm\u00e9inis riachtanach chun caidrimh idir focail a l\u00e9iri\u00fa, mar shampla su\u00edomh, treo, am, agus c\u00fais. Foghlaim na r\u00e9amhfhocail Airm\u00e9inis is coitianta agus a n-\u00fas\u00e1id.<\/p>\n\n\n\n<h3 class=\"wp-block-heading\" id=\"h-12-conditionals\">12. Coinn\u00edollacha:<\/h3>\n\n\n\n<p>L\u00e9ir\u00edonn coinn\u00edollacha c\u00e1sanna hipit\u00e9iseacha agus a dtortha\u00ed f\u00e9ideartha. Staid\u00e9ar a dh\u00e9anamh ar na cine\u00e1lacha \u00e9ags\u00fala coinn\u00edollacha san Airm\u00e9inis (nialas, an ch\u00e9ad, an dara agus an tr\u00ed\u00fa h\u00e1it) agus a bhfoirmeacha briathar comhfhreagracha.<\/p>\n\n\n\n<h3 class=\"wp-block-heading\" id=\"h-13-sentences\">13. Abairt\u00ed:<\/h3>\n\n\n\n<p>Mar fhocal scoir, tabhair na heilimint\u00ed gramada\u00ed go l\u00e9ir le ch\u00e9ile chun abairt\u00ed ioml\u00e1na a chruth\u00fa in Airm\u00e9inis. Foghlaim faoi na strucht\u00fair abairt\u00ed \u00e9ags\u00fala, ord focal, agus rialacha ponca\u00edochta.<\/p>\n<\/div><\/div>\n\r\n<section class=\"learnNavigationSection\">\r\n            \r\n        <a href=\"https:\/\/talkpal.ai\/ga\/foghlaim-airmeinis\/\">\r\n            <div class=\"learnNavigationWrapper\">\r\n                <div class=\"learnNavigationContent\">\r\n                    <img decoding=\"async\" src=\"https:\/\/talkpal.ai\/wp-content\/uploads\/2024\/08\/Armenian.jpg\" alt=\"Armenian Flag\">\r\n                    <div>\r\n                        <h4>Maidir le Foghlaim Airm\u00e9inis<\/h4>\r\n                        <p>Faigh amach gach rud faoi ghramadach na hAirm\u00e9ine.<\/p>\r\n                    <\/div>\r\n                <\/div>\r\n            <\/div>\r\n        <\/a>\r\n\r\n        \r\n        <a href=\"https:\/\/talkpal.ai\/ga\/gramadach-na-hairmeine\/\">\r\n            <div class=\"learnNavigationWrapper\">\r\n                <div class=\"learnNavigationContent\">\r\n                    <img decoding=\"async\" src=\"https:\/\/talkpal.ai\/wp-content\/uploads\/2024\/08\/Armenian.jpg\" alt=\"Armenian Flag\">\r\n                    <div>\r\n                        <h4>Ceachtanna Gramada\u00ed Airm\u00e9inis<\/h4>\r\n                        <p>Cleachtadh gramadach na hAirm\u00e9ine.<\/p>\r\n                    <\/div>\r\n                <\/div>\r\n            <\/div>\r\n        <\/a>\r\n\r\n        \r\n        <a href=\"https:\/\/talkpal.ai\/vocabulary_language\/armenian\/\">\r\n            <div class=\"learnNavigationWrapper\">\r\n                <div class=\"learnNavigationContent\">\r\n                    <img decoding=\"async\" src=\"https:\/\/talkpal.ai\/wp-content\/uploads\/2024\/08\/Armenian.jpg\" alt=\"Armenian Flag\">\r\n                    <div>\r\n                        <h4>St\u00f3r focal na hAirm\u00e9ine<\/h4>\r\n                        <p>Leathnaigh do st\u00f3r focal Airm\u00e9inis.<\/p>\r\n                    <\/div>\r\n                <\/div>\r\n            <\/div>\r\n        <\/a>\r\n\r\n            <\/section>","protected":false},"excerpt":{"rendered":"<p>Topaic\u00ed Gramada\u00ed na hAirm\u00e9ine Is teanga Ind-Eorpach \u00ed an Airm\u00e9inis a labhra\u00edtear go pr\u00edomha i bPoblacht na hAirm\u00e9ine agus ag an diasp\u00f3ra Airm\u00e9inis ar fud an domhain. Le stair fhada agus c\u00f3ras scr\u00edbhneoireachta uath\u00fail, cuireann an Airm\u00e9inis eisp\u00e9ireas teanga suimi\u00fail ar f\u00e1il d&#8217;fhoghlaimeoir\u00ed teanga. Mar is amhlaidh le haon teanga, is cuid riachtanach de mh\u00e1istir [&hellip;]<\/p>\n","protected":false},"author":6,"featured_media":1442543,"parent":0,"menu_order":0,"comment_status":"closed","ping_status":"closed","template":"LearningContentPage.php","meta":{"_acf_changed":false,"footnotes":""},"class_list":["post-1446529","page","type-page","status-publish","has-post-thumbnail","hentry"],"acf":[],"yoast_head":"<!-- This site is optimized with the Yoast SEO Premium plugin v27.2 (Yoast SEO v27.2) - https:\/\/yoast.com\/product\/yoast-seo-premium-wordpress\/ -->\n<title>Cleachta\u00ed Gramada\u00ed Airm\u00e9inis - Talkpal<\/title>\n<meta name=\"description\" content=\"M\u00e1istir ar ghramadach Airm\u00e9inis le Cleachta\u00ed Gramada\u00ed Airm\u00e9inis tarraingteacha curtha in oiri\u00faint ag TalkPal, do theagasc\u00f3ir teanga faoi thiom\u00e1int AI.\" \/>\n<meta name=\"robots\" content=\"index, follow, max-snippet:-1, max-image-preview:large, max-video-preview:-1\" \/>\n<link rel=\"canonical\" href=\"https:\/\/talkpal.ai\/ga\/cleachtai-gramadai-airmeinis\/\" \/>\n<meta property=\"og:locale\" content=\"ga_IE\" \/>\n<meta property=\"og:type\" content=\"article\" \/>\n<meta property=\"og:title\" content=\"Cleachta\u00ed Gramada\u00ed Airm\u00e9inis\" \/>\n<meta property=\"og:description\" content=\"Topaic\u00ed Gramada\u00ed na hAirm\u00e9ine Is teanga Ind-Eorpach \u00ed an Airm\u00e9inis a labhra\u00edtear go pr\u00edomha i bPoblacht na hAirm\u00e9ine agus ag an diasp\u00f3ra Airm\u00e9inis ar fud\" \/>\n<meta property=\"og:url\" content=\"https:\/\/talkpal.ai\/ga\/cleachtai-gramadai-airmeinis\/\" \/>\n<meta property=\"og:site_name\" content=\"Talkpal\" \/>\n<meta property=\"article:publisher\" content=\"https:\/\/www.facebook.com\/profile.php?id=100090733639311\" \/>\n<meta property=\"article:modified_time\" content=\"2025-09-06T20:56:11+00:00\" \/>\n<meta property=\"og:image\" content=\"https:\/\/talkpal.ai\/wp-content\/uploads\/2023\/05\/armenia.png\" \/>\n\t<meta property=\"og:image:width\" content=\"512\" \/>\n\t<meta property=\"og:image:height\" content=\"512\" \/>\n\t<meta property=\"og:image:type\" content=\"image\/png\" \/>\n<meta name=\"twitter:card\" content=\"summary_large_image\" \/>\n<meta name=\"twitter:site\" content=\"@talkpalai\" \/>\n<meta name=\"twitter:label1\" content=\"Est. reading time\" \/>\n\t<meta name=\"twitter:data1\" content=\"3 minutes\" \/>\n<script type=\"application\/ld+json\" class=\"yoast-schema-graph\">{\"@context\":\"https:\/\/schema.org\",\"@graph\":[{\"@type\":\"WebPage\",\"@id\":\"https:\/\/talkpal.ai\/ga\/cleachtai-gramadai-airmeinis\/\",\"url\":\"https:\/\/talkpal.ai\/ga\/cleachtai-gramadai-airmeinis\/\",\"name\":\"Cleachta\u00ed Gramada\u00ed Airm\u00e9inis - Talkpal\",\"isPartOf\":{\"@id\":\"https:\/\/talkpal.ai\/ga\/#website\"},\"primaryImageOfPage\":{\"@id\":\"https:\/\/talkpal.ai\/ga\/cleachtai-gramadai-airmeinis\/#primaryimage\"},\"image\":{\"@id\":\"https:\/\/talkpal.ai\/ga\/cleachtai-gramadai-airmeinis\/#primaryimage\"},\"thumbnailUrl\":\"https:\/\/talkpal.ai\/wp-content\/uploads\/2023\/05\/armenia.png\",\"datePublished\":\"2023-06-16T11:31:43+00:00\",\"dateModified\":\"2025-09-06T20:56:11+00:00\",\"description\":\"M\u00e1istir ar ghramadach Airm\u00e9inis le Cleachta\u00ed Gramada\u00ed Airm\u00e9inis tarraingteacha curtha in oiri\u00faint ag TalkPal, do theagasc\u00f3ir teanga faoi thiom\u00e1int AI.\",\"breadcrumb\":{\"@id\":\"https:\/\/talkpal.ai\/ga\/cleachtai-gramadai-airmeinis\/#breadcrumb\"},\"inLanguage\":\"ga-IE\",\"potentialAction\":[{\"@type\":\"ReadAction\",\"target\":[\"https:\/\/talkpal.ai\/ga\/cleachtai-gramadai-airmeinis\/\"]}]},{\"@type\":\"ImageObject\",\"inLanguage\":\"ga-IE\",\"@id\":\"https:\/\/talkpal.ai\/ga\/cleachtai-gramadai-airmeinis\/#primaryimage\",\"url\":\"https:\/\/talkpal.ai\/wp-content\/uploads\/2023\/05\/armenia.png\",\"contentUrl\":\"https:\/\/talkpal.ai\/wp-content\/uploads\/2023\/05\/armenia.png\",\"width\":512,\"height\":512,\"caption\":\"TalkPal Armenia Flag\"},{\"@type\":\"BreadcrumbList\",\"@id\":\"https:\/\/talkpal.ai\/ga\/cleachtai-gramadai-airmeinis\/#breadcrumb\",\"itemListElement\":[{\"@type\":\"ListItem\",\"position\":1,\"name\":\"Homepage\",\"item\":\"https:\/\/talkpal.ai\/ga\/\"},{\"@type\":\"ListItem\",\"position\":2,\"name\":\"Cleachta\u00ed Gramada\u00ed Airm\u00e9inis\"}]},{\"@type\":\"WebSite\",\"@id\":\"https:\/\/talkpal.ai\/ga\/#website\",\"url\":\"https:\/\/talkpal.ai\/ga\/\",\"name\":\"Talkpal\",\"description\":\"AI Language Learning\",\"publisher\":{\"@id\":\"https:\/\/talkpal.ai\/ga\/#organization\"},\"alternateName\":\"Talkpal AI\",\"potentialAction\":[{\"@type\":\"SearchAction\",\"target\":{\"@type\":\"EntryPoint\",\"urlTemplate\":\"https:\/\/talkpal.ai\/ga\/?s={search_term_string}\"},\"query-input\":{\"@type\":\"PropertyValueSpecification\",\"valueRequired\":true,\"valueName\":\"search_term_string\"}}],\"inLanguage\":\"ga-IE\"},{\"@type\":\"Organization\",\"@id\":\"https:\/\/talkpal.ai\/ga\/#organization\",\"name\":\"Talkpal, Inc.\",\"alternateName\":\"Talkpal AI\",\"url\":\"https:\/\/talkpal.ai\/ga\/\",\"logo\":{\"@type\":\"ImageObject\",\"inLanguage\":\"ga-IE\",\"@id\":\"https:\/\/talkpal.ai\/ga\/#\/schema\/logo\/image\/\",\"url\":\"https:\/\/talkpal.ai\/wp-content\/uploads\/2024\/03\/Talkpal-Logo-Icon.png\",\"contentUrl\":\"https:\/\/talkpal.ai\/wp-content\/uploads\/2024\/03\/Talkpal-Logo-Icon.png\",\"width\":2880,\"height\":2880,\"caption\":\"Talkpal, Inc.\"},\"image\":{\"@id\":\"https:\/\/talkpal.ai\/ga\/#\/schema\/logo\/image\/\"},\"sameAs\":[\"https:\/\/www.facebook.com\/profile.php?id=100090733639311\",\"https:\/\/x.com\/talkpalai\",\"https:\/\/www.linkedin.com\/company\/talkpal\/\",\"https:\/\/www.youtube.com\/@TalkPal\/\",\"https:\/\/www.tiktok.com\/@talkpal\",\"https:\/\/www.instagram.com\/talkpal_ai\/\",\"https:\/\/www.crunchbase.com\/organization\/talkpal-9cde\",\"https:\/\/www.g2.com\/products\/talkpal-for-business\/\",\"https:\/\/www.trustpilot.com\/review\/talkpal.ai\",\"https:\/\/www.capterra.com\/p\/10006800\/TalkPal\/\"],\"description\":\"Talkpal is a language learning web and mobile education app, powered by the latest AI technologies, that provides engaging experiences to its customers in many different languages to help them improve their language skills. Users can chat about unlimited amount of topics with the app and use other modes to practice their language learning.\",\"email\":\"support@talkpal.ai\",\"legalName\":\"Talkpal, Inc.\",\"foundingDate\":\"2023-04-03\",\"duns\":\"118989042\",\"numberOfEmployees\":{\"@type\":\"QuantitativeValue\",\"minValue\":\"11\",\"maxValue\":\"50\"},\"publishingPrinciples\":\"https:\/\/talkpal.ai\/publishing-principles\/\",\"actionableFeedbackPolicy\":\"https:\/\/talkpal.ai\/actionable-feedback-policy\/\",\"correctionsPolicy\":\"https:\/\/talkpal.ai\/corrections-policy\/\",\"ethicsPolicy\":\"https:\/\/talkpal.ai\/ethics-policy\/\",\"diversityPolicy\":\"https:\/\/talkpal.ai\/diversity-policy\/\",\"diversityStaffingReport\":\"https:\/\/talkpal.ai\/diversity-policy\/\"}]}<\/script>\n<!-- \/ Yoast SEO Premium plugin. -->","yoast_head_json":{"title":"Cleachta\u00ed Gramada\u00ed Airm\u00e9inis - Talkpal","description":"M\u00e1istir ar ghramadach Airm\u00e9inis le Cleachta\u00ed Gramada\u00ed Airm\u00e9inis tarraingteacha curtha in oiri\u00faint ag TalkPal, do theagasc\u00f3ir teanga faoi thiom\u00e1int AI.","robots":{"index":"index","follow":"follow","max-snippet":"max-snippet:-1","max-image-preview":"max-image-preview:large","max-video-preview":"max-video-preview:-1"},"canonical":"https:\/\/talkpal.ai\/ga\/cleachtai-gramadai-airmeinis\/","og_locale":"ga_IE","og_type":"article","og_title":"Cleachta\u00ed Gramada\u00ed Airm\u00e9inis","og_description":"Topaic\u00ed Gramada\u00ed na hAirm\u00e9ine Is teanga Ind-Eorpach \u00ed an Airm\u00e9inis a labhra\u00edtear go pr\u00edomha i bPoblacht na hAirm\u00e9ine agus ag an diasp\u00f3ra Airm\u00e9inis ar fud","og_url":"https:\/\/talkpal.ai\/ga\/cleachtai-gramadai-airmeinis\/","og_site_name":"Talkpal","article_publisher":"https:\/\/www.facebook.com\/profile.php?id=100090733639311","article_modified_time":"2025-09-06T20:56:11+00:00","og_image":[{"width":512,"height":512,"url":"https:\/\/talkpal.ai\/wp-content\/uploads\/2023\/05\/armenia.png","type":"image\/png"}],"twitter_card":"summary_large_image","twitter_site":"@talkpalai","twitter_misc":{"Est. reading time":"3 minutes"},"schema":{"@context":"https:\/\/schema.org","@graph":[{"@type":"WebPage","@id":"https:\/\/talkpal.ai\/ga\/cleachtai-gramadai-airmeinis\/","url":"https:\/\/talkpal.ai\/ga\/cleachtai-gramadai-airmeinis\/","name":"Cleachta\u00ed Gramada\u00ed Airm\u00e9inis - Talkpal","isPartOf":{"@id":"https:\/\/talkpal.ai\/ga\/#website"},"primaryImageOfPage":{"@id":"https:\/\/talkpal.ai\/ga\/cleachtai-gramadai-airmeinis\/#primaryimage"},"image":{"@id":"https:\/\/talkpal.ai\/ga\/cleachtai-gramadai-airmeinis\/#primaryimage"},"thumbnailUrl":"https:\/\/talkpal.ai\/wp-content\/uploads\/2023\/05\/armenia.png","datePublished":"2023-06-16T11:31:43+00:00","dateModified":"2025-09-06T20:56:11+00:00","description":"M\u00e1istir ar ghramadach Airm\u00e9inis le Cleachta\u00ed Gramada\u00ed Airm\u00e9inis tarraingteacha curtha in oiri\u00faint ag TalkPal, do theagasc\u00f3ir teanga faoi thiom\u00e1int AI.","breadcrumb":{"@id":"https:\/\/talkpal.ai\/ga\/cleachtai-gramadai-airmeinis\/#breadcrumb"},"inLanguage":"ga-IE","potentialAction":[{"@type":"ReadAction","target":["https:\/\/talkpal.ai\/ga\/cleachtai-gramadai-airmeinis\/"]}]},{"@type":"ImageObject","inLanguage":"ga-IE","@id":"https:\/\/talkpal.ai\/ga\/cleachtai-gramadai-airmeinis\/#primaryimage","url":"https:\/\/talkpal.ai\/wp-content\/uploads\/2023\/05\/armenia.png","contentUrl":"https:\/\/talkpal.ai\/wp-content\/uploads\/2023\/05\/armenia.png","width":512,"height":512,"caption":"TalkPal Armenia Flag"},{"@type":"BreadcrumbList","@id":"https:\/\/talkpal.ai\/ga\/cleachtai-gramadai-airmeinis\/#breadcrumb","itemListElement":[{"@type":"ListItem","position":1,"name":"Homepage","item":"https:\/\/talkpal.ai\/ga\/"},{"@type":"ListItem","position":2,"name":"Cleachta\u00ed Gramada\u00ed Airm\u00e9inis"}]},{"@type":"WebSite","@id":"https:\/\/talkpal.ai\/ga\/#website","url":"https:\/\/talkpal.ai\/ga\/","name":"Talkpal","description":"AI Language Learning","publisher":{"@id":"https:\/\/talkpal.ai\/ga\/#organization"},"alternateName":"Talkpal AI","potentialAction":[{"@type":"SearchAction","target":{"@type":"EntryPoint","urlTemplate":"https:\/\/talkpal.ai\/ga\/?s={search_term_string}"},"query-input":{"@type":"PropertyValueSpecification","valueRequired":true,"valueName":"search_term_string"}}],"inLanguage":"ga-IE"},{"@type":"Organization","@id":"https:\/\/talkpal.ai\/ga\/#organization","name":"Talkpal, Inc.","alternateName":"Talkpal AI","url":"https:\/\/talkpal.ai\/ga\/","logo":{"@type":"ImageObject","inLanguage":"ga-IE","@id":"https:\/\/talkpal.ai\/ga\/#\/schema\/logo\/image\/","url":"https:\/\/talkpal.ai\/wp-content\/uploads\/2024\/03\/Talkpal-Logo-Icon.png","contentUrl":"https:\/\/talkpal.ai\/wp-content\/uploads\/2024\/03\/Talkpal-Logo-Icon.png","width":2880,"height":2880,"caption":"Talkpal, Inc."},"image":{"@id":"https:\/\/talkpal.ai\/ga\/#\/schema\/logo\/image\/"},"sameAs":["https:\/\/www.facebook.com\/profile.php?id=100090733639311","https:\/\/x.com\/talkpalai","https:\/\/www.linkedin.com\/company\/talkpal\/","https:\/\/www.youtube.com\/@TalkPal\/","https:\/\/www.tiktok.com\/@talkpal","https:\/\/www.instagram.com\/talkpal_ai\/","https:\/\/www.crunchbase.com\/organization\/talkpal-9cde","https:\/\/www.g2.com\/products\/talkpal-for-business\/","https:\/\/www.trustpilot.com\/review\/talkpal.ai","https:\/\/www.capterra.com\/p\/10006800\/TalkPal\/"],"description":"Talkpal is a language learning web and mobile education app, powered by the latest AI technologies, that provides engaging experiences to its customers in many different languages to help them improve their language skills. Users can chat about unlimited amount of topics with the app and use other modes to practice their language learning.","email":"support@talkpal.ai","legalName":"Talkpal, Inc.","foundingDate":"2023-04-03","duns":"118989042","numberOfEmployees":{"@type":"QuantitativeValue","minValue":"11","maxValue":"50"},"publishingPrinciples":"https:\/\/talkpal.ai\/publishing-principles\/","actionableFeedbackPolicy":"https:\/\/talkpal.ai\/actionable-feedback-policy\/","correctionsPolicy":"https:\/\/talkpal.ai\/corrections-policy\/","ethicsPolicy":"https:\/\/talkpal.ai\/ethics-policy\/","diversityPolicy":"https:\/\/talkpal.ai\/diversity-policy\/","diversityStaffingReport":"https:\/\/talkpal.ai\/diversity-policy\/"}]}},"_links":{"self":[{"href":"https:\/\/talkpal.ai\/ga\/wp-json\/wp\/v2\/pages\/1446529","targetHints":{"allow":["GET"]}}],"collection":[{"href":"https:\/\/talkpal.ai\/ga\/wp-json\/wp\/v2\/pages"}],"about":[{"href":"https:\/\/talkpal.ai\/ga\/wp-json\/wp\/v2\/types\/page"}],"author":[{"embeddable":true,"href":"https:\/\/talkpal.ai\/ga\/wp-json\/wp\/v2\/users\/6"}],"replies":[{"embeddable":true,"href":"https:\/\/talkpal.ai\/ga\/wp-json\/wp\/v2\/comments?post=1446529"}],"version-history":[{"count":0,"href":"https:\/\/talkpal.ai\/ga\/wp-json\/wp\/v2\/pages\/1446529\/revisions"}],"wp:featuredmedia":[{"embeddable":true,"href":"https:\/\/talkpal.ai\/ga\/wp-json\/wp\/v2\/media\/1442543"}],"wp:attachment":[{"href":"https:\/\/talkpal.ai\/ga\/wp-json\/wp\/v2\/media?parent=1446529"}],"curies":[{"name":"wp","href":"https:\/\/api.w.org\/{rel}","templated":true}]}}