{"id":1446522,"date":"2023-06-16T13:02:09","date_gmt":"2023-06-16T13:02:09","guid":{"rendered":"https:\/\/talkpal.ai\/cleachtai-gramadai-na-croite\/"},"modified":"2025-12-17T16:26:41","modified_gmt":"2025-12-17T16:26:41","slug":"cleachtai-gramadai-na-croite","status":"publish","type":"page","link":"https:\/\/talkpal.ai\/ga\/cleachtai-gramadai-na-croite\/","title":{"rendered":"Cleachta\u00ed Gramada\u00ed na Cr\u00f3ite"},"content":{"rendered":"\r\n\r\n\r\n<section class=\"languageChallengeSection\">\r\n    <div class=\"languageInfoWrapper\">\r\n        \r\n        <h1>Cleachta\u00ed Gramada\u00ed na Cr\u00f3ite<\/h1>\r\n        <p>Ar mhaith leat a bheith n\u00edos muin\u00edneach sa Chr\u00f3itis? Cabhr\u00f3idh cleachta\u00ed gramada\u00ed cleachtadh leat strucht\u00far abairte, foirmeacha briathra, agus gn\u00e9ithe uath\u00fala na teanga <a href=\"https:\/\/talkpal.ai\/learn-croatian\/\">Cr\u00f3itis<\/a> a mh\u00e1istir. Tosaigh ag ini\u00fachadh gramadach na Cr\u00f3ite inniu agus f\u00e9ach ar do scileanna agus l\u00edofacht ag feabhs\u00fa le gach cleachtadh nua!\n\n<\/p>\r\n\r\n                            <a class=\"getStartedHidden\" href=\"https:\/\/app.talkpal.ai\/signup?lng=\">Tosaigh<\/a>\r\n        \r\n    <\/div>\r\n\r\n    <figure>\r\n    <img decoding=\"async\" width=\"768\" height=\"768\" src=\"https:\/\/talkpal.ai\/wp-content\/uploads\/2023\/06\/croatian-768x768.png\" class=\"languageImage no-lazy\" alt=\"Language learning for successful interaction\" fetchpriority=\"high\" sizes=\"(max-width: 768px) 150px, 768px\" srcset=\"https:\/\/talkpal.ai\/wp-content\/uploads\/2023\/06\/croatian-768x768.png 768w, https:\/\/talkpal.ai\/wp-content\/uploads\/2023\/06\/croatian-300x300.png 300w\" \/>\r\n    \r\n\r\n    <\/figure>\r\n\r\n            <a class=\"getStartedVisible\" href=\"https:\/\/app.talkpal.ai\/signup?lng=\">Tosaigh<\/a>\r\n    \r\n<\/section>\r\n\r\n\r\n<!-- <section class=\"grammarSection\">\r\n    <div class=\"grammarLinks\">\r\n            <\/div>\r\n<\/section> -->\r\n\r\n\r\n\r\n\r\n<section class=\"promotionalBanner\">\r\n    <p class=\"promotionalText\">An bealach is \u00e9ifeachta\u00ed le teanga a fhoghlaim<\/p>\r\n    <a class=\"promotionalLink\" href=\"https:\/\/app.talkpal.ai\/signup?lng=\">Bain triail as Talkpal saor in aisce<\/a>\r\n<\/section>\n<div class=\"wp-block-group pageContainerStyle\"><div class=\"wp-block-group__inner-container is-layout-constrained wp-block-group-is-layout-constrained\">\n<h2 class=\"wp-block-heading\" id=\"h-croatian-grammar-topics\">Topaic\u00ed Gramada\u00ed na Cr\u00f3ite<\/h2>\n\n\n\n<p>Is \u00ed an Chr\u00f3itis, teanga Shlavach Theas, teanga oifigi\u00fail na Cr\u00f3ite agus ceann de theangacha oifigi\u00fala na Boisnia agus na Heirseagaiv\u00e9ine. Is teanga chasta agus saibhir \u00ed, le stair fhada agus le c\u00f3ras gramada\u00ed uath\u00fail. <a href=\"https:\/\/talkpal.ai\/ga\/maidir\/\">Maidir<\/a> le foghlaimeoir\u00ed, t\u00e1 s\u00e9 r\u00edth\u00e1bhachtach tuiscint a fh\u00e1il ar ghn\u00e9ithe bun\u00fasacha ghramada\u00ed na Cr\u00f3ite chun a bheith inni\u00fail sa teanga. Cabhr\u00f3idh an treoir seo leat nasclean\u00faint a dh\u00e9anamh tr\u00ed na pr\u00edomh\u00e1bhair ghramada\u00ed cos\u00fail le aimsir, briathra, ainmfhocail, agus go leor eile, i seicheamh a \u00e9asc\u00f3idh do phr\u00f3iseas foghlama agus a shol\u00e1thr\u00f3idh bun\u00fas l\u00e1idir chun m\u00e1istreacht a dh\u00e9anamh ar an teanga \u00e1lainn seo.<\/p>\n\n\n\n<h3 class=\"wp-block-heading\" id=\"h-1-nouns\">1. Ainmfhocail:<\/h3>\n\n\n\n<p>Is iad na hainmfhocail an ch\u00e9ad bhloc t\u00f3g\u00e1la d&#8217;aon teanga, agus t\u00e1 tr\u00ed inscne ag ainmfhocail na Cr\u00f3ite \u2013 firinscneach, baininscneach, agus neuter, a th\u00e9ann i bhfeidhm ar an d\u00edoladh agus ar chomhaont\u00fa le haidiachta\u00ed agus forainmneacha. Cuir eolas ar na hinscne \u00e9ags\u00fala agus ar a gcr\u00edoch faoi seach.<\/p>\n\n\n\n<h3 class=\"wp-block-heading\" id=\"h-2-articles\">2. Airteagail:<\/h3>\n\n\n\n<p>N\u00edl ailt ar n\u00f3s &#8220;the&#8221; n\u00f3 &#8220;a&#8221; sa Bh\u00e9arla ag an gCr\u00f3itis, rud a fh\u00e1gann go bhfuil s\u00e9 n\u00edos \u00e9asca do thosaitheoir\u00ed t\u00fas a <a href=\"https:\/\/talkpal.ai\/locations\/language-courses-in-chur\/\">chur<\/a> le habairt\u00ed simpl\u00ed a th\u00f3g\u00e1il gan a bheith buartha faoi \u00fas\u00e1id alt.<\/p>\n\n\n\n<h3 class=\"wp-block-heading\" id=\"h-3-pronouns-determiners\">3. Forainmneacha \/ Cinntitheoir\u00ed:<\/h3>\n\n\n\n<p>\u00das\u00e1idtear forainmneacha chun ainmfhocail a chur in ionad abairt\u00ed, agus l\u00e9ir\u00edonn cinnteoir\u00ed saini\u00falacht ainmfhocail. Foghlaim na cine\u00e1lacha \u00e9ags\u00fala forainmneacha (pearsanta, sealbhach, l\u00e9iritheach, srl.) agus a gclaonadh de r\u00e9ir inscne, uimhreacha agus c\u00e1s.<\/p>\n\n\n\n<h3 class=\"wp-block-heading\" id=\"h-4-adjectives\">4. Aidiachta\u00ed:<\/h3>\n\n\n\n<p>D\u00e9anann aidiachta\u00ed cur s\u00edos ar thr\u00e9ithe ainmfhocail, agus aonta\u00edonn siad le hinscne, uimhir, agus c\u00e1s an ainmfhocail a mhodhna\u00edonn siad. Foghlaim foirmeacha bun\u00fasacha agus patr\u00fain d\u00edochlaithe aidiachta\u00ed.<\/p>\n\n\n\n<h3 class=\"wp-block-heading\" id=\"h-5-verbs\">5. Briathra:<\/h3>\n\n\n\n<p>Is iad briathra cro\u00edl\u00e1r aon abairte, ag cur gn\u00edomhartha n\u00f3 st\u00e1it in i\u00fal. D\u00e9antar briathra Cr\u00f3itis a chomhcheangal de r\u00e9ir aimsire, gi\u00famar, guth, agus duine. Tosaigh leis na briathra rialta is coitianta agus a bpatr\u00fain chomhchuingithe san aimsir l\u00e1ithreach.<\/p>\n\n\n\n<h3 class=\"wp-block-heading\" id=\"h-6-tenses\">6. Aimsir:<\/h3>\n\n\n\n<p>T\u00e1 seacht n-aimsir ag an gCr\u00f3itis \u2013 l\u00e1ithreacht, todhcha\u00ed I, todhcha\u00ed II, am at\u00e1 caite, pluperfect, aorist, agus neamhfhoirfe. Tosaigh leis an aimsir l\u00e1ithreach agus ansin bog ar aghaidh go dt\u00ed an aimsir at\u00e1 thart agus sa todhcha\u00ed, ag foghlaim na patr\u00fain chomhchuingithe do gach ceann acu.<\/p>\n\n\n\n<h3 class=\"wp-block-heading\" id=\"h-7-tense-comparison\">7. Compar\u00e1id aimsire:<\/h3>\n\n\n\n<p>T\u00e1 s\u00e9 r\u00edth\u00e1bhachtach tuiscint a fh\u00e1il ar na difr\u00edochta\u00ed agus na cos\u00falachta\u00ed idir na haimsir\u00ed chun m\u00e1istreacht a fh\u00e1il ar an gCr\u00f3itis. D\u00e9an compar\u00e1id idir na haimsir agus d\u00e9an cleachtadh orthu a \u00fas\u00e1id i gcomhth\u00e9acs.<\/p>\n\n\n\n<h3 class=\"wp-block-heading\" id=\"h-8-progressive\">8. For\u00e1sach:<\/h3>\n\n\n\n<p>L\u00e9ir\u00edonn an ghn\u00e9 fhor\u00e1sach gn\u00edomhartha at\u00e1 lean\u00fanach n\u00f3 lean\u00fanach. N\u00edl foirm fhor\u00e1sach ar <a href=\"https:\/\/talkpal.ai\/locations\/language-courses-in-leith\/\">leith<\/a> ag an gCr\u00f3itis cos\u00fail leis an mB\u00e9arla, ach is f\u00e9idir leat an bhr\u00ed fhor\u00e1sach a chur in i\u00fal tr\u00ed fhoirmeacha briathartha, adverbs, n\u00f3 t\u00f3g\u00e1lacha ar leith a \u00fas\u00e1id.<\/p>\n\n\n\n<h3 class=\"wp-block-heading\" id=\"h-9-perfect-progressive\">9. For\u00e1sach Foirfe:<\/h3>\n\n\n\n<p>Comhcheangla\u00edonn an ghn\u00e9 seo na br\u00edonna foirfe agus for\u00e1sacha. Sa Chr\u00f3itis, cuirtear in i\u00fal \u00e9 tr\u00ed \u00fas\u00e1id a bhaint as an aimsir foirfe le foirm n\u00f3 t\u00f3g\u00e1il briathar ar leith a l\u00e9ir\u00edonn gn\u00edomh lean\u00fanach.<\/p>\n\n\n\n<h3 class=\"wp-block-heading\" id=\"h-10-adverbs\">10. Adverbs:<\/h3>\n\n\n\n<p>Modhna\u00edonn adverbs briathra, aidiachta\u00ed n\u00f3 adverbs eile, agus de ghn\u00e1th l\u00e9ir\u00edonn siad modh, \u00e1it, am, n\u00f3 c\u00e9im. Foghlaim na adverbs Cr\u00f3itis is coitianta agus a socr\u00fach\u00e1n in abairt\u00ed.<\/p>\n\n\n\n<h3 class=\"wp-block-heading\" id=\"h-11-prepositions\">11. Prepositions:<\/h3>\n\n\n\n<p>\u00das\u00e1idtear r\u00e9amhfhocail chun caidrimh idir focail a l\u00e9iri\u00fa, mar shampla su\u00edomh, treo, am, n\u00f3 seilbh. Foghlaim na r\u00e9amhfhocail Cr\u00f3itis is coitianta agus na c\u00e1sanna a riala\u00edonn siad.<\/p>\n\n\n\n<h3 class=\"wp-block-heading\" id=\"h-12-conditionals\">12. Coinn\u00edollacha:<\/h3>\n\n\n\n<p>L\u00e9ir\u00edonn coinn\u00edollacha c\u00e1sanna n\u00f3 coinn\u00edollacha hipit\u00e9iseacha agus a n-iarmhairt\u00ed. T\u00e1 tr\u00ed chine\u00e1l coinn\u00edollacha ag an gCr\u00f3itis &#8211; f\u00edor, neamhr\u00e9ad\u00fail, agus measctha. Foghlaim foirmi\u00fa agus \u00fas\u00e1id gach cine\u00e1l.<\/p>\n\n\n\n<h3 class=\"wp-block-heading\" id=\"h-13-sentences\">13. Abairt\u00ed:<\/h3>\n\n\n\n<p>Mar fhocal scoir, d\u00e9an cleachtadh ar na heilimint\u00ed gramada\u00ed go l\u00e9ir a d&#8217;fhoghlaim t\u00fa a chomhcheangal chun abairt\u00ed simpl\u00ed agus casta a th\u00f3g\u00e1il sa Chr\u00f3itis. Cabhr\u00f3idh s\u00e9 seo leat do l\u00edofacht teanga agus do thuiscint ar ghramadach na Cr\u00f3ite ina ioml\u00e1ine a fhorbairt.<\/p>\n<\/div><\/div>\n\r\n<section class=\"learnNavigationSection\">\r\n            \r\n        <a href=\"https:\/\/talkpal.ai\/ga\/foghlaim-croitis\/\">\r\n            <div class=\"learnNavigationWrapper\">\r\n                <div class=\"learnNavigationContent\">\r\n                    <img decoding=\"async\" src=\"https:\/\/talkpal.ai\/wp-content\/uploads\/2024\/08\/Croatian.jpg\" alt=\"Croatian Flag\">\r\n                    <div>\r\n                        <h4>Maidir le Foghlaim na Cr\u00f3ite<\/h4>\r\n                        <p>Faigh amach gach rud faoi ghramadach na Cr\u00f3itise.<\/p>\r\n                    <\/div>\r\n                <\/div>\r\n            <\/div>\r\n        <\/a>\r\n\r\n        \r\n        <a href=\"https:\/\/talkpal.ai\/ga\/gramadach-na-croite\/\">\r\n            <div class=\"learnNavigationWrapper\">\r\n                <div class=\"learnNavigationContent\">\r\n                    <img decoding=\"async\" src=\"https:\/\/talkpal.ai\/wp-content\/uploads\/2024\/08\/Croatian.jpg\" alt=\"Croatian Flag\">\r\n                    <div>\r\n                        <h4>Ceachtanna Gramada\u00ed Cr\u00f3itis<\/h4>\r\n                        <p>Cleachtadh gramadach na Cr\u00f3itise.<\/p>\r\n                    <\/div>\r\n                <\/div>\r\n            <\/div>\r\n        <\/a>\r\n\r\n        \r\n        <a href=\"https:\/\/talkpal.ai\/vocabulary_language\/croatian\/\">\r\n            <div class=\"learnNavigationWrapper\">\r\n                <div class=\"learnNavigationContent\">\r\n                    <img decoding=\"async\" src=\"https:\/\/talkpal.ai\/wp-content\/uploads\/2024\/08\/Croatian.jpg\" alt=\"Croatian Flag\">\r\n                    <div>\r\n                        <h4>St\u00f3r Focal Cr\u00f3itis<\/h4>\r\n                        <p>Leathnaigh do st\u00f3r focal Cr\u00f3itis.<\/p>\r\n                    <\/div>\r\n                <\/div>\r\n            <\/div>\r\n        <\/a>\r\n\r\n            <\/section>","protected":false},"excerpt":{"rendered":"<p>Topaic\u00ed Gramada\u00ed na Cr\u00f3ite Is \u00ed an Chr\u00f3itis, teanga Shlavach Theas, teanga oifigi\u00fail na Cr\u00f3ite agus ceann de theangacha oifigi\u00fala na Boisnia agus na Heirseagaiv\u00e9ine. Is teanga chasta agus saibhir \u00ed, le stair fhada agus le c\u00f3ras gramada\u00ed uath\u00fail. Maidir le foghlaimeoir\u00ed, t\u00e1 s\u00e9 r\u00edth\u00e1bhachtach tuiscint a fh\u00e1il ar ghn\u00e9ithe bun\u00fasacha ghramada\u00ed na Cr\u00f3ite chun [&hellip;]<\/p>\n","protected":false},"author":6,"featured_media":1444064,"parent":0,"menu_order":0,"comment_status":"closed","ping_status":"closed","template":"LearningContentPage.php","meta":{"_acf_changed":false,"footnotes":""},"class_list":["post-1446522","page","type-page","status-publish","has-post-thumbnail","hentry"],"acf":[],"yoast_head":"<!-- This site is optimized with the Yoast SEO Premium plugin v27.2 (Yoast SEO v27.2) - https:\/\/yoast.com\/product\/yoast-seo-premium-wordpress\/ -->\n<title>Cleachta\u00ed Gramada\u00ed na Cr\u00f3ite - Talkpal<\/title>\n<meta name=\"description\" content=\"M\u00e1istir Cr\u00f3itis le cleachta\u00ed gramada\u00ed \u00e9ifeachtacha Cr\u00f3itis a shimplia\u00edonn aimsir\u00ed foghlama, briathra, agus ainmfhocail d&#039;\u00fas\u00e1ideoir\u00ed.\" \/>\n<meta name=\"robots\" content=\"index, follow, max-snippet:-1, max-image-preview:large, max-video-preview:-1\" \/>\n<link rel=\"canonical\" href=\"https:\/\/talkpal.ai\/ga\/cleachtai-gramadai-na-croite\/\" \/>\n<meta property=\"og:locale\" content=\"ga_IE\" \/>\n<meta property=\"og:type\" content=\"article\" \/>\n<meta property=\"og:title\" content=\"Cleachta\u00ed Gramada\u00ed na Cr\u00f3ite\" \/>\n<meta property=\"og:description\" content=\"Topaic\u00ed Gramada\u00ed na Cr\u00f3ite Is \u00ed an Chr\u00f3itis, teanga Shlavach Theas, teanga oifigi\u00fail na Cr\u00f3ite agus ceann de theangacha oifigi\u00fala na Boisnia agus na\" \/>\n<meta property=\"og:url\" content=\"https:\/\/talkpal.ai\/ga\/cleachtai-gramadai-na-croite\/\" \/>\n<meta property=\"og:site_name\" content=\"Talkpal\" \/>\n<meta property=\"article:publisher\" content=\"https:\/\/www.facebook.com\/profile.php?id=100090733639311\" \/>\n<meta property=\"article:modified_time\" content=\"2025-12-17T16:26:41+00:00\" \/>\n<meta property=\"og:image\" content=\"https:\/\/talkpal.ai\/wp-content\/uploads\/2023\/05\/croatia.png\" \/>\n\t<meta property=\"og:image:width\" content=\"512\" \/>\n\t<meta property=\"og:image:height\" content=\"512\" \/>\n\t<meta property=\"og:image:type\" content=\"image\/png\" \/>\n<meta name=\"twitter:card\" content=\"summary_large_image\" \/>\n<meta name=\"twitter:site\" content=\"@talkpalai\" \/>\n<meta name=\"twitter:label1\" content=\"Est. reading time\" \/>\n\t<meta name=\"twitter:data1\" content=\"4 minutes\" \/>\n<script type=\"application\/ld+json\" class=\"yoast-schema-graph\">{\"@context\":\"https:\/\/schema.org\",\"@graph\":[{\"@type\":\"WebPage\",\"@id\":\"https:\/\/talkpal.ai\/ga\/cleachtai-gramadai-na-croite\/\",\"url\":\"https:\/\/talkpal.ai\/ga\/cleachtai-gramadai-na-croite\/\",\"name\":\"Cleachta\u00ed Gramada\u00ed na Cr\u00f3ite - Talkpal\",\"isPartOf\":{\"@id\":\"https:\/\/talkpal.ai\/ga\/#website\"},\"primaryImageOfPage\":{\"@id\":\"https:\/\/talkpal.ai\/ga\/cleachtai-gramadai-na-croite\/#primaryimage\"},\"image\":{\"@id\":\"https:\/\/talkpal.ai\/ga\/cleachtai-gramadai-na-croite\/#primaryimage\"},\"thumbnailUrl\":\"https:\/\/talkpal.ai\/wp-content\/uploads\/2023\/05\/croatia.png\",\"datePublished\":\"2023-06-16T13:02:09+00:00\",\"dateModified\":\"2025-12-17T16:26:41+00:00\",\"description\":\"M\u00e1istir Cr\u00f3itis le cleachta\u00ed gramada\u00ed \u00e9ifeachtacha Cr\u00f3itis a shimplia\u00edonn aimsir\u00ed foghlama, briathra, agus ainmfhocail d'\u00fas\u00e1ideoir\u00ed.\",\"breadcrumb\":{\"@id\":\"https:\/\/talkpal.ai\/ga\/cleachtai-gramadai-na-croite\/#breadcrumb\"},\"inLanguage\":\"ga-IE\",\"potentialAction\":[{\"@type\":\"ReadAction\",\"target\":[\"https:\/\/talkpal.ai\/ga\/cleachtai-gramadai-na-croite\/\"]}]},{\"@type\":\"ImageObject\",\"inLanguage\":\"ga-IE\",\"@id\":\"https:\/\/talkpal.ai\/ga\/cleachtai-gramadai-na-croite\/#primaryimage\",\"url\":\"https:\/\/talkpal.ai\/wp-content\/uploads\/2023\/05\/croatia.png\",\"contentUrl\":\"https:\/\/talkpal.ai\/wp-content\/uploads\/2023\/05\/croatia.png\",\"width\":512,\"height\":512,\"caption\":\"TalkPal Croatia Flag\"},{\"@type\":\"BreadcrumbList\",\"@id\":\"https:\/\/talkpal.ai\/ga\/cleachtai-gramadai-na-croite\/#breadcrumb\",\"itemListElement\":[{\"@type\":\"ListItem\",\"position\":1,\"name\":\"Homepage\",\"item\":\"https:\/\/talkpal.ai\/ga\/\"},{\"@type\":\"ListItem\",\"position\":2,\"name\":\"Cleachta\u00ed Gramada\u00ed na Cr\u00f3ite\"}]},{\"@type\":\"WebSite\",\"@id\":\"https:\/\/talkpal.ai\/ga\/#website\",\"url\":\"https:\/\/talkpal.ai\/ga\/\",\"name\":\"Talkpal\",\"description\":\"AI Language Learning\",\"publisher\":{\"@id\":\"https:\/\/talkpal.ai\/ga\/#organization\"},\"alternateName\":\"Talkpal AI\",\"potentialAction\":[{\"@type\":\"SearchAction\",\"target\":{\"@type\":\"EntryPoint\",\"urlTemplate\":\"https:\/\/talkpal.ai\/ga\/?s={search_term_string}\"},\"query-input\":{\"@type\":\"PropertyValueSpecification\",\"valueRequired\":true,\"valueName\":\"search_term_string\"}}],\"inLanguage\":\"ga-IE\"},{\"@type\":\"Organization\",\"@id\":\"https:\/\/talkpal.ai\/ga\/#organization\",\"name\":\"Talkpal, Inc.\",\"alternateName\":\"Talkpal AI\",\"url\":\"https:\/\/talkpal.ai\/ga\/\",\"logo\":{\"@type\":\"ImageObject\",\"inLanguage\":\"ga-IE\",\"@id\":\"https:\/\/talkpal.ai\/ga\/#\/schema\/logo\/image\/\",\"url\":\"https:\/\/talkpal.ai\/wp-content\/uploads\/2024\/03\/Talkpal-Logo-Icon.png\",\"contentUrl\":\"https:\/\/talkpal.ai\/wp-content\/uploads\/2024\/03\/Talkpal-Logo-Icon.png\",\"width\":2880,\"height\":2880,\"caption\":\"Talkpal, Inc.\"},\"image\":{\"@id\":\"https:\/\/talkpal.ai\/ga\/#\/schema\/logo\/image\/\"},\"sameAs\":[\"https:\/\/www.facebook.com\/profile.php?id=100090733639311\",\"https:\/\/x.com\/talkpalai\",\"https:\/\/www.linkedin.com\/company\/talkpal\/\",\"https:\/\/www.youtube.com\/@TalkPal\/\",\"https:\/\/www.tiktok.com\/@talkpal\",\"https:\/\/www.instagram.com\/talkpal_ai\/\",\"https:\/\/www.crunchbase.com\/organization\/talkpal-9cde\",\"https:\/\/www.g2.com\/products\/talkpal-for-business\/\",\"https:\/\/www.trustpilot.com\/review\/talkpal.ai\",\"https:\/\/www.capterra.com\/p\/10006800\/TalkPal\/\"],\"description\":\"Talkpal is a language learning web and mobile education app, powered by the latest AI technologies, that provides engaging experiences to its customers in many different languages to help them improve their language skills. Users can chat about unlimited amount of topics with the app and use other modes to practice their language learning.\",\"email\":\"support@talkpal.ai\",\"legalName\":\"Talkpal, Inc.\",\"foundingDate\":\"2023-04-03\",\"duns\":\"118989042\",\"numberOfEmployees\":{\"@type\":\"QuantitativeValue\",\"minValue\":\"11\",\"maxValue\":\"50\"},\"publishingPrinciples\":\"https:\/\/talkpal.ai\/publishing-principles\/\",\"actionableFeedbackPolicy\":\"https:\/\/talkpal.ai\/actionable-feedback-policy\/\",\"correctionsPolicy\":\"https:\/\/talkpal.ai\/corrections-policy\/\",\"ethicsPolicy\":\"https:\/\/talkpal.ai\/ethics-policy\/\",\"diversityPolicy\":\"https:\/\/talkpal.ai\/diversity-policy\/\",\"diversityStaffingReport\":\"https:\/\/talkpal.ai\/diversity-policy\/\"}]}<\/script>\n<!-- \/ Yoast SEO Premium plugin. -->","yoast_head_json":{"title":"Cleachta\u00ed Gramada\u00ed na Cr\u00f3ite - Talkpal","description":"M\u00e1istir Cr\u00f3itis le cleachta\u00ed gramada\u00ed \u00e9ifeachtacha Cr\u00f3itis a shimplia\u00edonn aimsir\u00ed foghlama, briathra, agus ainmfhocail d'\u00fas\u00e1ideoir\u00ed.","robots":{"index":"index","follow":"follow","max-snippet":"max-snippet:-1","max-image-preview":"max-image-preview:large","max-video-preview":"max-video-preview:-1"},"canonical":"https:\/\/talkpal.ai\/ga\/cleachtai-gramadai-na-croite\/","og_locale":"ga_IE","og_type":"article","og_title":"Cleachta\u00ed Gramada\u00ed na Cr\u00f3ite","og_description":"Topaic\u00ed Gramada\u00ed na Cr\u00f3ite Is \u00ed an Chr\u00f3itis, teanga Shlavach Theas, teanga oifigi\u00fail na Cr\u00f3ite agus ceann de theangacha oifigi\u00fala na Boisnia agus na","og_url":"https:\/\/talkpal.ai\/ga\/cleachtai-gramadai-na-croite\/","og_site_name":"Talkpal","article_publisher":"https:\/\/www.facebook.com\/profile.php?id=100090733639311","article_modified_time":"2025-12-17T16:26:41+00:00","og_image":[{"width":512,"height":512,"url":"https:\/\/talkpal.ai\/wp-content\/uploads\/2023\/05\/croatia.png","type":"image\/png"}],"twitter_card":"summary_large_image","twitter_site":"@talkpalai","twitter_misc":{"Est. reading time":"4 minutes"},"schema":{"@context":"https:\/\/schema.org","@graph":[{"@type":"WebPage","@id":"https:\/\/talkpal.ai\/ga\/cleachtai-gramadai-na-croite\/","url":"https:\/\/talkpal.ai\/ga\/cleachtai-gramadai-na-croite\/","name":"Cleachta\u00ed Gramada\u00ed na Cr\u00f3ite - Talkpal","isPartOf":{"@id":"https:\/\/talkpal.ai\/ga\/#website"},"primaryImageOfPage":{"@id":"https:\/\/talkpal.ai\/ga\/cleachtai-gramadai-na-croite\/#primaryimage"},"image":{"@id":"https:\/\/talkpal.ai\/ga\/cleachtai-gramadai-na-croite\/#primaryimage"},"thumbnailUrl":"https:\/\/talkpal.ai\/wp-content\/uploads\/2023\/05\/croatia.png","datePublished":"2023-06-16T13:02:09+00:00","dateModified":"2025-12-17T16:26:41+00:00","description":"M\u00e1istir Cr\u00f3itis le cleachta\u00ed gramada\u00ed \u00e9ifeachtacha Cr\u00f3itis a shimplia\u00edonn aimsir\u00ed foghlama, briathra, agus ainmfhocail d'\u00fas\u00e1ideoir\u00ed.","breadcrumb":{"@id":"https:\/\/talkpal.ai\/ga\/cleachtai-gramadai-na-croite\/#breadcrumb"},"inLanguage":"ga-IE","potentialAction":[{"@type":"ReadAction","target":["https:\/\/talkpal.ai\/ga\/cleachtai-gramadai-na-croite\/"]}]},{"@type":"ImageObject","inLanguage":"ga-IE","@id":"https:\/\/talkpal.ai\/ga\/cleachtai-gramadai-na-croite\/#primaryimage","url":"https:\/\/talkpal.ai\/wp-content\/uploads\/2023\/05\/croatia.png","contentUrl":"https:\/\/talkpal.ai\/wp-content\/uploads\/2023\/05\/croatia.png","width":512,"height":512,"caption":"TalkPal Croatia Flag"},{"@type":"BreadcrumbList","@id":"https:\/\/talkpal.ai\/ga\/cleachtai-gramadai-na-croite\/#breadcrumb","itemListElement":[{"@type":"ListItem","position":1,"name":"Homepage","item":"https:\/\/talkpal.ai\/ga\/"},{"@type":"ListItem","position":2,"name":"Cleachta\u00ed Gramada\u00ed na Cr\u00f3ite"}]},{"@type":"WebSite","@id":"https:\/\/talkpal.ai\/ga\/#website","url":"https:\/\/talkpal.ai\/ga\/","name":"Talkpal","description":"AI Language Learning","publisher":{"@id":"https:\/\/talkpal.ai\/ga\/#organization"},"alternateName":"Talkpal AI","potentialAction":[{"@type":"SearchAction","target":{"@type":"EntryPoint","urlTemplate":"https:\/\/talkpal.ai\/ga\/?s={search_term_string}"},"query-input":{"@type":"PropertyValueSpecification","valueRequired":true,"valueName":"search_term_string"}}],"inLanguage":"ga-IE"},{"@type":"Organization","@id":"https:\/\/talkpal.ai\/ga\/#organization","name":"Talkpal, Inc.","alternateName":"Talkpal AI","url":"https:\/\/talkpal.ai\/ga\/","logo":{"@type":"ImageObject","inLanguage":"ga-IE","@id":"https:\/\/talkpal.ai\/ga\/#\/schema\/logo\/image\/","url":"https:\/\/talkpal.ai\/wp-content\/uploads\/2024\/03\/Talkpal-Logo-Icon.png","contentUrl":"https:\/\/talkpal.ai\/wp-content\/uploads\/2024\/03\/Talkpal-Logo-Icon.png","width":2880,"height":2880,"caption":"Talkpal, Inc."},"image":{"@id":"https:\/\/talkpal.ai\/ga\/#\/schema\/logo\/image\/"},"sameAs":["https:\/\/www.facebook.com\/profile.php?id=100090733639311","https:\/\/x.com\/talkpalai","https:\/\/www.linkedin.com\/company\/talkpal\/","https:\/\/www.youtube.com\/@TalkPal\/","https:\/\/www.tiktok.com\/@talkpal","https:\/\/www.instagram.com\/talkpal_ai\/","https:\/\/www.crunchbase.com\/organization\/talkpal-9cde","https:\/\/www.g2.com\/products\/talkpal-for-business\/","https:\/\/www.trustpilot.com\/review\/talkpal.ai","https:\/\/www.capterra.com\/p\/10006800\/TalkPal\/"],"description":"Talkpal is a language learning web and mobile education app, powered by the latest AI technologies, that provides engaging experiences to its customers in many different languages to help them improve their language skills. Users can chat about unlimited amount of topics with the app and use other modes to practice their language learning.","email":"support@talkpal.ai","legalName":"Talkpal, Inc.","foundingDate":"2023-04-03","duns":"118989042","numberOfEmployees":{"@type":"QuantitativeValue","minValue":"11","maxValue":"50"},"publishingPrinciples":"https:\/\/talkpal.ai\/publishing-principles\/","actionableFeedbackPolicy":"https:\/\/talkpal.ai\/actionable-feedback-policy\/","correctionsPolicy":"https:\/\/talkpal.ai\/corrections-policy\/","ethicsPolicy":"https:\/\/talkpal.ai\/ethics-policy\/","diversityPolicy":"https:\/\/talkpal.ai\/diversity-policy\/","diversityStaffingReport":"https:\/\/talkpal.ai\/diversity-policy\/"}]}},"_links":{"self":[{"href":"https:\/\/talkpal.ai\/ga\/wp-json\/wp\/v2\/pages\/1446522","targetHints":{"allow":["GET"]}}],"collection":[{"href":"https:\/\/talkpal.ai\/ga\/wp-json\/wp\/v2\/pages"}],"about":[{"href":"https:\/\/talkpal.ai\/ga\/wp-json\/wp\/v2\/types\/page"}],"author":[{"embeddable":true,"href":"https:\/\/talkpal.ai\/ga\/wp-json\/wp\/v2\/users\/6"}],"replies":[{"embeddable":true,"href":"https:\/\/talkpal.ai\/ga\/wp-json\/wp\/v2\/comments?post=1446522"}],"version-history":[{"count":0,"href":"https:\/\/talkpal.ai\/ga\/wp-json\/wp\/v2\/pages\/1446522\/revisions"}],"wp:featuredmedia":[{"embeddable":true,"href":"https:\/\/talkpal.ai\/ga\/wp-json\/wp\/v2\/media\/1444064"}],"wp:attachment":[{"href":"https:\/\/talkpal.ai\/ga\/wp-json\/wp\/v2\/media?parent=1446522"}],"curies":[{"name":"wp","href":"https:\/\/api.w.org\/{rel}","templated":true}]}}