{"id":1446518,"date":"2023-06-16T12:39:48","date_gmt":"2023-06-16T12:39:48","guid":{"rendered":"https:\/\/talkpal.ai\/cleachtai-gramadai-na-bulgaire\/"},"modified":"2025-09-06T20:55:26","modified_gmt":"2025-09-06T20:55:26","slug":"cleachtai-gramadai-na-bulgaire","status":"publish","type":"page","link":"https:\/\/talkpal.ai\/ga\/cleachtai-gramadai-na-bulgaire\/","title":{"rendered":"Cleachta\u00ed Gramada\u00ed na Bulg\u00e1ire"},"content":{"rendered":"\r\n\r\n\r\n<section class=\"languageChallengeSection\">\r\n    <div class=\"languageInfoWrapper\">\r\n        \r\n        <h1>Cleachta\u00ed Gramada\u00ed na Bulg\u00e1ire<\/h1>\r\n        <p>Ar mhaith leat feabhas a <a href=\"https:\/\/talkpal.ai\/locations\/language-courses-in-chur\/\">chur<\/a> ar do scileanna teanga Bulg\u00e1iris? Is bealach iontach \u00e9 cleachta\u00ed gramada\u00ed a chleachtadh chun strucht\u00far abairte, foirmeacha briathra, agus patr\u00fain uath\u00fala na teanga Bulg\u00e1ire a mh\u00e1istir. Tosaigh ag obair ar ghramadach na Bulg\u00e1ire inniu agus f\u00e9ach ar do mhuin\u00edn agus l\u00edofacht ag f\u00e1s le gach cleachtadh!<\/p>\r\n\r\n                            <a class=\"getStartedHidden\" href=\"https:\/\/app.talkpal.ai\/signup?lng=\">Tosaigh<\/a>\r\n        \r\n    <\/div>\r\n\r\n    <figure>\r\n    <img decoding=\"async\" width=\"768\" height=\"768\" src=\"https:\/\/talkpal.ai\/wp-content\/uploads\/2023\/06\/bulgarian-768x768.png\" class=\"languageImage no-lazy\" alt=\"Language learning for deeper cultural understanding\" fetchpriority=\"high\" sizes=\"(max-width: 768px) 150px, 768px\" srcset=\"https:\/\/talkpal.ai\/wp-content\/uploads\/2023\/06\/bulgarian-768x768.png 768w, https:\/\/talkpal.ai\/wp-content\/uploads\/2023\/06\/bulgarian-300x300.png 300w\" \/>\r\n    \r\n\r\n    <\/figure>\r\n\r\n            <a class=\"getStartedVisible\" href=\"https:\/\/app.talkpal.ai\/signup?lng=\">Tosaigh<\/a>\r\n    \r\n<\/section>\r\n\r\n\r\n<!-- <section class=\"grammarSection\">\r\n    <div class=\"grammarLinks\">\r\n            <\/div>\r\n<\/section> -->\r\n\r\n\r\n\r\n\r\n<section class=\"promotionalBanner\">\r\n    <p class=\"promotionalText\">An bealach is \u00e9ifeachta\u00ed le teanga a fhoghlaim<\/p>\r\n    <a class=\"promotionalLink\" href=\"https:\/\/app.talkpal.ai\/signup?lng=\">Bain triail as Talkpal saor in aisce<\/a>\r\n<\/section>\n<div class=\"wp-block-group pageContainerStyle\"><div class=\"wp-block-group__inner-container is-layout-constrained wp-block-group-is-layout-constrained\">\n<h2 class=\"wp-block-heading\" id=\"h-bulgarian-grammar-topics\">Topaic\u00ed Gramada\u00ed na Bulg\u00e1ire<\/h2>\n\n\n\n<p>Is teanga Shlavach Theas \u00ed an Bhulg\u00e1iris a labhra\u00edtear go pr\u00edomha sa Bhulg\u00e1ir agus ag pobail Bhulg\u00e1iris i dt\u00edortha comharsanacha. Mar theanga oifigi\u00fail na Bulg\u00e1ire, t\u00e1 r\u00f3l r\u00edth\u00e1bhachtach aici i gcult\u00far, i stair agus i saol laeth\u00fail na t\u00edre. Is f\u00e9idir le foghlaim na Bulg\u00e1ire a bheith ina eisp\u00e9ireas luachmhar, mar tugann s\u00e9 deis duit litr\u00edocht shaibhir, t\u00edrdhreacha \u00e1ille, agus eala\u00edn blasta na t\u00edre a ini\u00fachadh. Chun m\u00e1istreacht a dh\u00e9anamh ar an mBulg\u00e1iris, t\u00e1 s\u00e9 riachtanach a ghramadach a thuiscint, a bhfuil a gn\u00e9ithe agus a strucht\u00fair uath\u00fala aige. Sa treoir seo, d\u00e9anfaimid ini\u00fachadh ar thopaic\u00ed r\u00edth\u00e1bhachtacha <a href=\"https:\/\/talkpal.ai\/ga\/cleachtai-gramadai-na-hisiltire\/\">gramada\u00ed na<\/a> Bulg\u00e1ire ba ch\u00f3ir duit a fhoghlaim i ndiaidh a ch\u00e9ile chun bun\u00fas l\u00e1idir a bhaint amach sa teanga.<\/p>\n\n\n\n<h3 class=\"wp-block-heading\" id=\"h-1-nouns\">1. Ainmfhocail:<\/h3>\n\n\n\n<p>T\u00e1 inscne ag ainmfhocail na Bulg\u00e1ire (firinscneach, baininscneach, agus neuter), rud at\u00e1 t\u00e1bhachtach a fhios aige mar go mb\u00edonn tionchar aige ar fhoirm focal eile in abairt, mar shampla aidiachta\u00ed agus ailt. T\u00e1 foirmeacha uatha agus iolra acu freisin, ach murab ionann agus <a href=\"https:\/\/talkpal.ai\/learn-english-with-ai\/\">B\u00e9arla<\/a>, n\u00edl aon ch\u00e1sanna ann.<\/p>\n\n\n\n<h3 class=\"wp-block-heading\" id=\"h-2-articles\">2. Airteagail:<\/h3>\n\n\n\n<p>Sa Bhulg\u00e1iris, t\u00e1 ailt ceangailte le deireadh an ainmfhocail a mhodhna\u00edonn siad. T\u00e1 ailt chinnte agus \u00e9iginnte ann, agus athra\u00edonn siad de r\u00e9ir inscne agus uimhir an ainmfhocail.<\/p>\n\n\n\n<h3 class=\"wp-block-heading\" id=\"h-3-pronouns-determiners\">3. Forainmneacha \/ Cinntitheoir\u00ed:<\/h3>\n\n\n\n<p>T\u00e1 forainmneacha pearsanta, sealbhacha, taispe\u00e1nacha, ceisti\u00fach\u00e1in agus coibhneasta ag an mBulg\u00e1iris. Aonta\u00edonn siad in inscne agus uimhir leis an ainmfhocal a chuireann siad in ionad n\u00f3 a mhodhna\u00edonn siad. \u00das\u00e1idtear cinnteoir\u00ed chun ainmfhocail a shonr\u00fa n\u00f3 a chainn\u00edocht\u00fa.<\/p>\n\n\n\n<h3 class=\"wp-block-heading\" id=\"h-4-adjectives\">4. Aidiachta\u00ed:<\/h3>\n\n\n\n<p>Aonta\u00edonn aidiachta\u00ed sa Bhulg\u00e1iris le hinscne, uimhir, agus cinnteacht leis an ainmfhocal a mhodhna\u00edonn siad. T\u00e1 tr\u00ed ch\u00e9im compar\u00e1ide acu \u2013 dearfach, compar\u00e1ideach, agus superlative.<\/p>\n\n\n\n<h3 class=\"wp-block-heading\" id=\"h-5-adverbs\">5. Adverbs:<\/h3>\n\n\n\n<p>Adverbs modify verbs, adjectives, or other adverbs. N\u00ed athra\u00edonn siad i bhfoirm agus t\u00e1 siad riachtanach chun am, \u00e1it, modh agus c\u00e9im a chur in i\u00fal.<\/p>\n\n\n\n<h3 class=\"wp-block-heading\" id=\"h-6-verbs\">6. Briathra:<\/h3>\n\n\n\n<p>T\u00e1 tr\u00ed phr\u00edomh-chomhchuingi\u00fa ag briathra na Bulg\u00e1ire agus t\u00e1 siad infhillte le haghaidh duine, uimhir, aimsir, gi\u00famar agus guth. T\u00e1 s\u00e9 r\u00edth\u00e1bhachtach an comhchuingi\u00fa ceart a fhoghlaim agus na gn\u00e9ithe \u00e9ags\u00fala briathar a thuiscint chun cumars\u00e1id cheart a dh\u00e9anamh.<\/p>\n\n\n\n<h3 class=\"wp-block-heading\" id=\"h-7-tenses\">7. Aimsir:<\/h3>\n\n\n\n<p>T\u00e1 tr\u00ed phr\u00edomhaimsir ag an mBulg\u00e1iris \u2013 an t-am at\u00e1 caite, an l\u00e1 at\u00e1 inniu ann agus an todhcha\u00ed. T\u00e1 s\u00e9 riachtanach foghlaim conas na aimsir\u00ed seo a fhoirmi\u00fa agus a \u00fas\u00e1id chun am a thuiscint agus a chur in i\u00fal sa Bhulg\u00e1iris.<\/p>\n\n\n\n<h3 class=\"wp-block-heading\" id=\"h-8-tense-comparison\">8. Compar\u00e1id aimsire:<\/h3>\n\n\n\n<p>T\u00e1 s\u00e9 t\u00e1bhachtach a bheith in ann aimsir\u00ed \u00e9ags\u00fala a chur i gcompar\u00e1id chun abairt\u00ed casta a thuiscint agus caidrimh <a href=\"https:\/\/talkpal.ai\/locations\/language-courses-in-ama\/\">ama<\/a> \u00e9ags\u00fala a chur in i\u00fal sa Bhulg\u00e1iris.<\/p>\n\n\n\n<h3 class=\"wp-block-heading\" id=\"h-9-progressive\">9. For\u00e1sach:<\/h3>\n\n\n\n<p>\u00das\u00e1idtear an ghn\u00e9 fhor\u00e1sach sa Bhulg\u00e1iris chun cur s\u00edos a dh\u00e9anamh ar ghn\u00edomhartha lean\u00fanacha. Is f\u00e9idir \u00e9 a fhoirmi\u00fa le briathra c\u00fanta agus le rannph\u00e1irt\u00ed l\u00e1ithreach an phr\u00edomhbhriathar.<\/p>\n\n\n\n<h3 class=\"wp-block-heading\" id=\"h-10-perfect-progressive\">10. For\u00e1sach Foirfe:<\/h3>\n\n\n\n<p>Comhcheangla\u00edonn an ghn\u00e9 fhor\u00e1sach foirfe na gn\u00e9ithe foirfe agus for\u00e1sacha chun gn\u00edomhartha a thosaigh san am at\u00e1 thart, a lean\u00faint ar aghaidh san am i l\u00e1thair, agus a d&#8217;fh\u00e9adfadh lean\u00faint ar aghaidh sa todhcha\u00ed.<\/p>\n\n\n\n<h3 class=\"wp-block-heading\" id=\"h-11-conditionals\">11. Coinn\u00edollacha:<\/h3>\n\n\n\n<p>T\u00e1 tr\u00ed chine\u00e1l coinn\u00edollacha ag an mBulg\u00e1iris &#8211; f\u00edor, neamhr\u00e9ad\u00fail, agus f\u00e9ideartha. \u00das\u00e1idtear iad chun c\u00e1sanna hipit\u00e9iseacha n\u00f3 contr\u00e1rtha le f\u00edric\u00ed a chur in i\u00fal, chomh maith le tuartha a dh\u00e9anamh n\u00f3 comhairle a thabhairt.<\/p>\n\n\n\n<h3 class=\"wp-block-heading\" id=\"h-12-prepositions\">12. Prepositions:<\/h3>\n\n\n\n<p>T\u00e1 r\u00e9amhfhocail riachtanach chun caidrimh idir focail in abairt a chur in i\u00fal. \u00das\u00e1idtear iad chun su\u00edomh, am, treo, c\u00fais agus caidrimh eile a l\u00e9iri\u00fa.<\/p>\n\n\n\n<h3 class=\"wp-block-heading\" id=\"h-13-sentences\">13. Abairt\u00ed:<\/h3>\n\n\n\n<p>T\u00e1 s\u00e9 r\u00edth\u00e1bhachtach foghlaim conas abairt\u00ed simpl\u00ed agus casta a fhoirmi\u00fa sa Bhulg\u00e1iris chun cumars\u00e1id \u00e9ifeachtach a dh\u00e9anamh. \u00c1ir\u00edtear leis seo tuiscint a fh\u00e1il ar an ord focal ceart, comhaont\u00fa \u00e1bhar-briathar, agus \u00fas\u00e1id comhcheangal agus strucht\u00fair abairt\u00ed eile.<\/p>\n<\/div><\/div>\n\r\n<section class=\"learnNavigationSection\">\r\n            \r\n        <a href=\"https:\/\/talkpal.ai\/ga\/foghlaim-bulgairis\/\">\r\n            <div class=\"learnNavigationWrapper\">\r\n                <div class=\"learnNavigationContent\">\r\n                    <img decoding=\"async\" src=\"https:\/\/talkpal.ai\/wp-content\/uploads\/2024\/08\/Bulgarian.jpg\" alt=\"Bulgarian Flag\">\r\n                    <div>\r\n                        <h4>Maidir le Foghlaim na Bulg\u00e1ire<\/h4>\r\n                        <p>Faigh amach gach rud faoi ghramadach na Bulg\u00e1ire.<\/p>\r\n                    <\/div>\r\n                <\/div>\r\n            <\/div>\r\n        <\/a>\r\n\r\n        \r\n        <a href=\"https:\/\/talkpal.ai\/ga\/gramadach-na-bulgaire\/\">\r\n            <div class=\"learnNavigationWrapper\">\r\n                <div class=\"learnNavigationContent\">\r\n                    <img decoding=\"async\" src=\"https:\/\/talkpal.ai\/wp-content\/uploads\/2024\/08\/Bulgarian.jpg\" alt=\"Bulgarian Flag\">\r\n                    <div>\r\n                        <h4>Ceachtanna Gramada\u00ed na Bulg\u00e1ire<\/h4>\r\n                        <p>Cleachtadh gramadach na Bulg\u00e1ire.<\/p>\r\n                    <\/div>\r\n                <\/div>\r\n            <\/div>\r\n        <\/a>\r\n\r\n        \r\n        <a href=\"https:\/\/talkpal.ai\/vocabulary_language\/bulgarian\/\">\r\n            <div class=\"learnNavigationWrapper\">\r\n                <div class=\"learnNavigationContent\">\r\n                    <img decoding=\"async\" src=\"https:\/\/talkpal.ai\/wp-content\/uploads\/2024\/08\/Bulgarian.jpg\" alt=\"Bulgarian Flag\">\r\n                    <div>\r\n                        <h4>St\u00f3r Focal na Bulg\u00e1ire<\/h4>\r\n                        <p>Leathnaigh do st\u00f3r focal Bulg\u00e1iris.<\/p>\r\n                    <\/div>\r\n                <\/div>\r\n            <\/div>\r\n        <\/a>\r\n\r\n            <\/section>","protected":false},"excerpt":{"rendered":"<p>Topaic\u00ed Gramada\u00ed na Bulg\u00e1ire Is teanga Shlavach Theas \u00ed an Bhulg\u00e1iris a labhra\u00edtear go pr\u00edomha sa Bhulg\u00e1ir agus ag pobail Bhulg\u00e1iris i dt\u00edortha comharsanacha. Mar theanga oifigi\u00fail na Bulg\u00e1ire, t\u00e1 r\u00f3l r\u00edth\u00e1bhachtach aici i gcult\u00far, i stair agus i saol laeth\u00fail na t\u00edre. Is f\u00e9idir le foghlaim na Bulg\u00e1ire a bheith ina eisp\u00e9ireas luachmhar, mar [&hellip;]<\/p>\n","protected":false},"author":6,"featured_media":1444053,"parent":0,"menu_order":0,"comment_status":"closed","ping_status":"closed","template":"LearningContentPage.php","meta":{"_acf_changed":false,"footnotes":""},"class_list":["post-1446518","page","type-page","status-publish","has-post-thumbnail","hentry"],"acf":[],"yoast_head":"<!-- This site is optimized with the Yoast SEO Premium plugin v27.2 (Yoast SEO v27.2) - https:\/\/yoast.com\/product\/yoast-seo-premium-wordpress\/ -->\n<title>Cleachta\u00ed Gramada\u00ed na Bulg\u00e1ire - Talkpal<\/title>\n<meta name=\"description\" content=\"Feabhsaigh do scileanna teanga le Cleachta\u00ed Gramada\u00ed na Bulg\u00e1ire. M\u00e1istir gramadach le haghaidh bun\u00fas l\u00e1idir sa Bhulg\u00e1iris.\" \/>\n<meta name=\"robots\" content=\"index, follow, max-snippet:-1, max-image-preview:large, max-video-preview:-1\" \/>\n<link rel=\"canonical\" href=\"https:\/\/talkpal.ai\/ga\/cleachtai-gramadai-na-bulgaire\/\" \/>\n<meta property=\"og:locale\" content=\"ga_IE\" \/>\n<meta property=\"og:type\" content=\"article\" \/>\n<meta property=\"og:title\" content=\"Cleachta\u00ed Gramada\u00ed na Bulg\u00e1ire\" \/>\n<meta property=\"og:description\" content=\"Topaic\u00ed Gramada\u00ed na Bulg\u00e1ire Is teanga Shlavach Theas \u00ed an Bhulg\u00e1iris a labhra\u00edtear go pr\u00edomha sa Bhulg\u00e1ir agus ag pobail Bhulg\u00e1iris i dt\u00edortha\" \/>\n<meta property=\"og:url\" content=\"https:\/\/talkpal.ai\/ga\/cleachtai-gramadai-na-bulgaire\/\" \/>\n<meta property=\"og:site_name\" content=\"Talkpal\" \/>\n<meta property=\"article:publisher\" content=\"https:\/\/www.facebook.com\/profile.php?id=100090733639311\" \/>\n<meta property=\"article:modified_time\" content=\"2025-09-06T20:55:26+00:00\" \/>\n<meta property=\"og:image\" content=\"https:\/\/talkpal.ai\/wp-content\/uploads\/2023\/05\/bulgaria.png\" \/>\n\t<meta property=\"og:image:width\" content=\"512\" \/>\n\t<meta property=\"og:image:height\" content=\"512\" \/>\n\t<meta property=\"og:image:type\" content=\"image\/png\" \/>\n<meta name=\"twitter:card\" content=\"summary_large_image\" \/>\n<meta name=\"twitter:site\" content=\"@talkpalai\" \/>\n<meta name=\"twitter:label1\" content=\"Est. reading time\" \/>\n\t<meta name=\"twitter:data1\" content=\"4 minutes\" \/>\n<script type=\"application\/ld+json\" class=\"yoast-schema-graph\">{\"@context\":\"https:\/\/schema.org\",\"@graph\":[{\"@type\":\"WebPage\",\"@id\":\"https:\/\/talkpal.ai\/ga\/cleachtai-gramadai-na-bulgaire\/\",\"url\":\"https:\/\/talkpal.ai\/ga\/cleachtai-gramadai-na-bulgaire\/\",\"name\":\"Cleachta\u00ed Gramada\u00ed na Bulg\u00e1ire - Talkpal\",\"isPartOf\":{\"@id\":\"https:\/\/talkpal.ai\/ga\/#website\"},\"primaryImageOfPage\":{\"@id\":\"https:\/\/talkpal.ai\/ga\/cleachtai-gramadai-na-bulgaire\/#primaryimage\"},\"image\":{\"@id\":\"https:\/\/talkpal.ai\/ga\/cleachtai-gramadai-na-bulgaire\/#primaryimage\"},\"thumbnailUrl\":\"https:\/\/talkpal.ai\/wp-content\/uploads\/2023\/05\/bulgaria.png\",\"datePublished\":\"2023-06-16T12:39:48+00:00\",\"dateModified\":\"2025-09-06T20:55:26+00:00\",\"description\":\"Feabhsaigh do scileanna teanga le Cleachta\u00ed Gramada\u00ed na Bulg\u00e1ire. M\u00e1istir gramadach le haghaidh bun\u00fas l\u00e1idir sa Bhulg\u00e1iris.\",\"breadcrumb\":{\"@id\":\"https:\/\/talkpal.ai\/ga\/cleachtai-gramadai-na-bulgaire\/#breadcrumb\"},\"inLanguage\":\"ga-IE\",\"potentialAction\":[{\"@type\":\"ReadAction\",\"target\":[\"https:\/\/talkpal.ai\/ga\/cleachtai-gramadai-na-bulgaire\/\"]}]},{\"@type\":\"ImageObject\",\"inLanguage\":\"ga-IE\",\"@id\":\"https:\/\/talkpal.ai\/ga\/cleachtai-gramadai-na-bulgaire\/#primaryimage\",\"url\":\"https:\/\/talkpal.ai\/wp-content\/uploads\/2023\/05\/bulgaria.png\",\"contentUrl\":\"https:\/\/talkpal.ai\/wp-content\/uploads\/2023\/05\/bulgaria.png\",\"width\":512,\"height\":512,\"caption\":\"TalkPal Bulgaria Flag\"},{\"@type\":\"BreadcrumbList\",\"@id\":\"https:\/\/talkpal.ai\/ga\/cleachtai-gramadai-na-bulgaire\/#breadcrumb\",\"itemListElement\":[{\"@type\":\"ListItem\",\"position\":1,\"name\":\"Homepage\",\"item\":\"https:\/\/talkpal.ai\/ga\/\"},{\"@type\":\"ListItem\",\"position\":2,\"name\":\"Cleachta\u00ed Gramada\u00ed na Bulg\u00e1ire\"}]},{\"@type\":\"WebSite\",\"@id\":\"https:\/\/talkpal.ai\/ga\/#website\",\"url\":\"https:\/\/talkpal.ai\/ga\/\",\"name\":\"Talkpal\",\"description\":\"AI Language Learning\",\"publisher\":{\"@id\":\"https:\/\/talkpal.ai\/ga\/#organization\"},\"alternateName\":\"Talkpal AI\",\"potentialAction\":[{\"@type\":\"SearchAction\",\"target\":{\"@type\":\"EntryPoint\",\"urlTemplate\":\"https:\/\/talkpal.ai\/ga\/?s={search_term_string}\"},\"query-input\":{\"@type\":\"PropertyValueSpecification\",\"valueRequired\":true,\"valueName\":\"search_term_string\"}}],\"inLanguage\":\"ga-IE\"},{\"@type\":\"Organization\",\"@id\":\"https:\/\/talkpal.ai\/ga\/#organization\",\"name\":\"Talkpal, Inc.\",\"alternateName\":\"Talkpal AI\",\"url\":\"https:\/\/talkpal.ai\/ga\/\",\"logo\":{\"@type\":\"ImageObject\",\"inLanguage\":\"ga-IE\",\"@id\":\"https:\/\/talkpal.ai\/ga\/#\/schema\/logo\/image\/\",\"url\":\"https:\/\/talkpal.ai\/wp-content\/uploads\/2024\/03\/Talkpal-Logo-Icon.png\",\"contentUrl\":\"https:\/\/talkpal.ai\/wp-content\/uploads\/2024\/03\/Talkpal-Logo-Icon.png\",\"width\":2880,\"height\":2880,\"caption\":\"Talkpal, Inc.\"},\"image\":{\"@id\":\"https:\/\/talkpal.ai\/ga\/#\/schema\/logo\/image\/\"},\"sameAs\":[\"https:\/\/www.facebook.com\/profile.php?id=100090733639311\",\"https:\/\/x.com\/talkpalai\",\"https:\/\/www.linkedin.com\/company\/talkpal\/\",\"https:\/\/www.youtube.com\/@TalkPal\/\",\"https:\/\/www.tiktok.com\/@talkpal\",\"https:\/\/www.instagram.com\/talkpal_ai\/\",\"https:\/\/www.crunchbase.com\/organization\/talkpal-9cde\",\"https:\/\/www.g2.com\/products\/talkpal-for-business\/\",\"https:\/\/www.trustpilot.com\/review\/talkpal.ai\",\"https:\/\/www.capterra.com\/p\/10006800\/TalkPal\/\"],\"description\":\"Talkpal is a language learning web and mobile education app, powered by the latest AI technologies, that provides engaging experiences to its customers in many different languages to help them improve their language skills. Users can chat about unlimited amount of topics with the app and use other modes to practice their language learning.\",\"email\":\"support@talkpal.ai\",\"legalName\":\"Talkpal, Inc.\",\"foundingDate\":\"2023-04-03\",\"duns\":\"118989042\",\"numberOfEmployees\":{\"@type\":\"QuantitativeValue\",\"minValue\":\"11\",\"maxValue\":\"50\"},\"publishingPrinciples\":\"https:\/\/talkpal.ai\/publishing-principles\/\",\"actionableFeedbackPolicy\":\"https:\/\/talkpal.ai\/actionable-feedback-policy\/\",\"correctionsPolicy\":\"https:\/\/talkpal.ai\/corrections-policy\/\",\"ethicsPolicy\":\"https:\/\/talkpal.ai\/ethics-policy\/\",\"diversityPolicy\":\"https:\/\/talkpal.ai\/diversity-policy\/\",\"diversityStaffingReport\":\"https:\/\/talkpal.ai\/diversity-policy\/\"}]}<\/script>\n<!-- \/ Yoast SEO Premium plugin. -->","yoast_head_json":{"title":"Cleachta\u00ed Gramada\u00ed na Bulg\u00e1ire - Talkpal","description":"Feabhsaigh do scileanna teanga le Cleachta\u00ed Gramada\u00ed na Bulg\u00e1ire. M\u00e1istir gramadach le haghaidh bun\u00fas l\u00e1idir sa Bhulg\u00e1iris.","robots":{"index":"index","follow":"follow","max-snippet":"max-snippet:-1","max-image-preview":"max-image-preview:large","max-video-preview":"max-video-preview:-1"},"canonical":"https:\/\/talkpal.ai\/ga\/cleachtai-gramadai-na-bulgaire\/","og_locale":"ga_IE","og_type":"article","og_title":"Cleachta\u00ed Gramada\u00ed na Bulg\u00e1ire","og_description":"Topaic\u00ed Gramada\u00ed na Bulg\u00e1ire Is teanga Shlavach Theas \u00ed an Bhulg\u00e1iris a labhra\u00edtear go pr\u00edomha sa Bhulg\u00e1ir agus ag pobail Bhulg\u00e1iris i dt\u00edortha","og_url":"https:\/\/talkpal.ai\/ga\/cleachtai-gramadai-na-bulgaire\/","og_site_name":"Talkpal","article_publisher":"https:\/\/www.facebook.com\/profile.php?id=100090733639311","article_modified_time":"2025-09-06T20:55:26+00:00","og_image":[{"width":512,"height":512,"url":"https:\/\/talkpal.ai\/wp-content\/uploads\/2023\/05\/bulgaria.png","type":"image\/png"}],"twitter_card":"summary_large_image","twitter_site":"@talkpalai","twitter_misc":{"Est. reading time":"4 minutes"},"schema":{"@context":"https:\/\/schema.org","@graph":[{"@type":"WebPage","@id":"https:\/\/talkpal.ai\/ga\/cleachtai-gramadai-na-bulgaire\/","url":"https:\/\/talkpal.ai\/ga\/cleachtai-gramadai-na-bulgaire\/","name":"Cleachta\u00ed Gramada\u00ed na Bulg\u00e1ire - Talkpal","isPartOf":{"@id":"https:\/\/talkpal.ai\/ga\/#website"},"primaryImageOfPage":{"@id":"https:\/\/talkpal.ai\/ga\/cleachtai-gramadai-na-bulgaire\/#primaryimage"},"image":{"@id":"https:\/\/talkpal.ai\/ga\/cleachtai-gramadai-na-bulgaire\/#primaryimage"},"thumbnailUrl":"https:\/\/talkpal.ai\/wp-content\/uploads\/2023\/05\/bulgaria.png","datePublished":"2023-06-16T12:39:48+00:00","dateModified":"2025-09-06T20:55:26+00:00","description":"Feabhsaigh do scileanna teanga le Cleachta\u00ed Gramada\u00ed na Bulg\u00e1ire. M\u00e1istir gramadach le haghaidh bun\u00fas l\u00e1idir sa Bhulg\u00e1iris.","breadcrumb":{"@id":"https:\/\/talkpal.ai\/ga\/cleachtai-gramadai-na-bulgaire\/#breadcrumb"},"inLanguage":"ga-IE","potentialAction":[{"@type":"ReadAction","target":["https:\/\/talkpal.ai\/ga\/cleachtai-gramadai-na-bulgaire\/"]}]},{"@type":"ImageObject","inLanguage":"ga-IE","@id":"https:\/\/talkpal.ai\/ga\/cleachtai-gramadai-na-bulgaire\/#primaryimage","url":"https:\/\/talkpal.ai\/wp-content\/uploads\/2023\/05\/bulgaria.png","contentUrl":"https:\/\/talkpal.ai\/wp-content\/uploads\/2023\/05\/bulgaria.png","width":512,"height":512,"caption":"TalkPal Bulgaria Flag"},{"@type":"BreadcrumbList","@id":"https:\/\/talkpal.ai\/ga\/cleachtai-gramadai-na-bulgaire\/#breadcrumb","itemListElement":[{"@type":"ListItem","position":1,"name":"Homepage","item":"https:\/\/talkpal.ai\/ga\/"},{"@type":"ListItem","position":2,"name":"Cleachta\u00ed Gramada\u00ed na Bulg\u00e1ire"}]},{"@type":"WebSite","@id":"https:\/\/talkpal.ai\/ga\/#website","url":"https:\/\/talkpal.ai\/ga\/","name":"Talkpal","description":"AI Language Learning","publisher":{"@id":"https:\/\/talkpal.ai\/ga\/#organization"},"alternateName":"Talkpal AI","potentialAction":[{"@type":"SearchAction","target":{"@type":"EntryPoint","urlTemplate":"https:\/\/talkpal.ai\/ga\/?s={search_term_string}"},"query-input":{"@type":"PropertyValueSpecification","valueRequired":true,"valueName":"search_term_string"}}],"inLanguage":"ga-IE"},{"@type":"Organization","@id":"https:\/\/talkpal.ai\/ga\/#organization","name":"Talkpal, Inc.","alternateName":"Talkpal AI","url":"https:\/\/talkpal.ai\/ga\/","logo":{"@type":"ImageObject","inLanguage":"ga-IE","@id":"https:\/\/talkpal.ai\/ga\/#\/schema\/logo\/image\/","url":"https:\/\/talkpal.ai\/wp-content\/uploads\/2024\/03\/Talkpal-Logo-Icon.png","contentUrl":"https:\/\/talkpal.ai\/wp-content\/uploads\/2024\/03\/Talkpal-Logo-Icon.png","width":2880,"height":2880,"caption":"Talkpal, Inc."},"image":{"@id":"https:\/\/talkpal.ai\/ga\/#\/schema\/logo\/image\/"},"sameAs":["https:\/\/www.facebook.com\/profile.php?id=100090733639311","https:\/\/x.com\/talkpalai","https:\/\/www.linkedin.com\/company\/talkpal\/","https:\/\/www.youtube.com\/@TalkPal\/","https:\/\/www.tiktok.com\/@talkpal","https:\/\/www.instagram.com\/talkpal_ai\/","https:\/\/www.crunchbase.com\/organization\/talkpal-9cde","https:\/\/www.g2.com\/products\/talkpal-for-business\/","https:\/\/www.trustpilot.com\/review\/talkpal.ai","https:\/\/www.capterra.com\/p\/10006800\/TalkPal\/"],"description":"Talkpal is a language learning web and mobile education app, powered by the latest AI technologies, that provides engaging experiences to its customers in many different languages to help them improve their language skills. Users can chat about unlimited amount of topics with the app and use other modes to practice their language learning.","email":"support@talkpal.ai","legalName":"Talkpal, Inc.","foundingDate":"2023-04-03","duns":"118989042","numberOfEmployees":{"@type":"QuantitativeValue","minValue":"11","maxValue":"50"},"publishingPrinciples":"https:\/\/talkpal.ai\/publishing-principles\/","actionableFeedbackPolicy":"https:\/\/talkpal.ai\/actionable-feedback-policy\/","correctionsPolicy":"https:\/\/talkpal.ai\/corrections-policy\/","ethicsPolicy":"https:\/\/talkpal.ai\/ethics-policy\/","diversityPolicy":"https:\/\/talkpal.ai\/diversity-policy\/","diversityStaffingReport":"https:\/\/talkpal.ai\/diversity-policy\/"}]}},"_links":{"self":[{"href":"https:\/\/talkpal.ai\/ga\/wp-json\/wp\/v2\/pages\/1446518","targetHints":{"allow":["GET"]}}],"collection":[{"href":"https:\/\/talkpal.ai\/ga\/wp-json\/wp\/v2\/pages"}],"about":[{"href":"https:\/\/talkpal.ai\/ga\/wp-json\/wp\/v2\/types\/page"}],"author":[{"embeddable":true,"href":"https:\/\/talkpal.ai\/ga\/wp-json\/wp\/v2\/users\/6"}],"replies":[{"embeddable":true,"href":"https:\/\/talkpal.ai\/ga\/wp-json\/wp\/v2\/comments?post=1446518"}],"version-history":[{"count":0,"href":"https:\/\/talkpal.ai\/ga\/wp-json\/wp\/v2\/pages\/1446518\/revisions"}],"wp:featuredmedia":[{"embeddable":true,"href":"https:\/\/talkpal.ai\/ga\/wp-json\/wp\/v2\/media\/1444053"}],"wp:attachment":[{"href":"https:\/\/talkpal.ai\/ga\/wp-json\/wp\/v2\/media?parent=1446518"}],"curies":[{"name":"wp","href":"https:\/\/api.w.org\/{rel}","templated":true}]}}