{"id":1446510,"date":"2023-06-16T12:49:04","date_gmt":"2023-06-16T12:49:04","guid":{"rendered":"https:\/\/talkpal.ai\/cleachtai-gramadai-na-cataloine\/"},"modified":"2025-09-06T20:55:23","modified_gmt":"2025-09-06T20:55:23","slug":"cleachtai-gramadai-na-cataloine","status":"publish","type":"page","link":"https:\/\/talkpal.ai\/ga\/cleachtai-gramadai-na-cataloine\/","title":{"rendered":"Cleachta\u00ed Gramada\u00ed na Catal\u00f3ine"},"content":{"rendered":"\r\n\r\n\r\n<section class=\"languageChallengeSection\">\r\n    <div class=\"languageInfoWrapper\">\r\n        \r\n        <h1>Cleachta\u00ed Gramada\u00ed na Catal\u00f3ine<\/h1>\r\n        <p>Ag iarraidh a bheith n\u00edos muin\u00edneach sa Chatal\u00f3inis? Is bealach iontach \u00e9 cleachta\u00ed gramada\u00ed a chleachtadh chun strucht\u00far abairte, foirmeacha briathra, agus patr\u00fain shaini\u00fala na teanga Catal\u00f3ine a mh\u00e1istir. Tosaigh ag obair ar ghramadach na Catal\u00f3ine inniu agus f\u00e9ach ar do thuiscint agus l\u00edofacht ag f\u00e1s le gach cleachtadh!<\/p>\r\n\r\n                            <a class=\"getStartedHidden\" href=\"https:\/\/app.talkpal.ai\/signup?lng=\">Tosaigh<\/a>\r\n        \r\n    <\/div>\r\n\r\n    <figure>\r\n    <img decoding=\"async\" width=\"768\" height=\"768\" src=\"https:\/\/talkpal.ai\/wp-content\/uploads\/2023\/06\/catalan-768x768.png\" class=\"languageImage no-lazy\" alt=\"Language learning techniques for fast learning\" fetchpriority=\"high\" sizes=\"(max-width: 768px) 150px, 768px\" srcset=\"https:\/\/talkpal.ai\/wp-content\/uploads\/2023\/06\/catalan-768x768.png 768w, https:\/\/talkpal.ai\/wp-content\/uploads\/2023\/06\/catalan-300x300.png 300w\" \/>\r\n    \r\n\r\n    <\/figure>\r\n\r\n            <a class=\"getStartedVisible\" href=\"https:\/\/app.talkpal.ai\/signup?lng=\">Tosaigh<\/a>\r\n    \r\n<\/section>\r\n\r\n\r\n<!-- <section class=\"grammarSection\">\r\n    <div class=\"grammarLinks\">\r\n            <\/div>\r\n<\/section> -->\r\n\r\n\r\n\r\n\r\n<section class=\"promotionalBanner\">\r\n    <p class=\"promotionalText\">An bealach is \u00e9ifeachta\u00ed le teanga a fhoghlaim<\/p>\r\n    <a class=\"promotionalLink\" href=\"https:\/\/app.talkpal.ai\/signup?lng=\">Bain triail as Talkpal saor in aisce<\/a>\r\n<\/section>\n<div class=\"wp-block-group pageContainerStyle\"><div class=\"wp-block-group__inner-container is-layout-constrained wp-block-group-is-layout-constrained\">\n<h2 class=\"wp-block-heading\" id=\"h-catalan-grammar-topics\">Topaic\u00ed Gramada\u00ed na Catal\u00f3ine<\/h2>\n\n\n\n<p>Is teanga \u00e1lainn agus bhr\u00edomhar \u00ed an <a href=\"https:\/\/talkpal.ai\/learn-catalan\/\">Catal\u00f3inis<\/a>, teanga R\u00f3m\u00e1nsach a labhra\u00edonn na milli\u00fain i r\u00e9igi\u00fan na Catal\u00f3ine sa Sp\u00e1inn agus i gcodanna den Iod\u00e1il agus den Fhrainc. Is eisp\u00e9ireas taitneamhach agus luachmhar \u00e9 foghlaim na Catal\u00f3inise, ag oscailt l\u00e9asl\u00ednte <a href=\"https:\/\/talkpal.ai\/talkpal-new-years-discount\/\">nua<\/a> cult\u00fartha agus teanga. Chun an teanga seo a fhoghlaim i gceart, t\u00e1 s\u00e9 riachtanach m\u00e1istreacht a fh\u00e1il ar a <a href=\"https:\/\/talkpal.ai\/grammar\/\">gramadach<\/a>. Is c\u00f3ras rialacha \u00e9 gramadach na Catal\u00f3ine, cos\u00fail le gramadach aon teanga eile, a riala\u00edonn t\u00f3g\u00e1il fr\u00e1sa\u00ed agus abairt\u00ed. San alt seo, d\u00e9anfaimid ini\u00fachadh ar na pr\u00edomhghn\u00e9ithe de ghramadach na Catal\u00f3ine i seicheamh loighci\u00fail, ag sol\u00e1thar bun\u00fas l\u00e1idir do do thuras foghlama teanga.<\/p>\n\n\n\n<h3 class=\"wp-block-heading\" id=\"h-1-nouns-and-articles\">1. Ainmfhocail agus Airteagail:<\/h3>\n\n\n\n<p>Tosaigh ag foghlaim ainmfhocail Catal\u00f3inis, a bhfuil inscne (firinscneach n\u00f3 baininscneach) agus uimhreacha (uatha n\u00f3 iolra) acu. Athra\u00edonn na hailt chinnte agus \u00e9iginnte sa Chatal\u00f3inis de r\u00e9ir inscne agus uimhreacha freisin, rud a fh\u00e1gann gur pointe tosaigh riachtanach iad chun abairt\u00ed a th\u00f3g\u00e1il.<\/p>\n\n\n\n<h3 class=\"wp-block-heading\" id=\"h-2-adjectives\">2. Aidiachta\u00ed:<\/h3>\n\n\n\n<p>Aonta\u00edonn aidiachta\u00ed sa Chatal\u00f3inis leis na hainmfhocail a mhodhna\u00edonn siad in inscne agus uimhir. Foghlaim conas aidiachta\u00ed a fhoirmi\u00fa agus a shu\u00edomh chun cur s\u00edos cruinn a dh\u00e9anamh ar shaintr\u00e9ithe ainmfhocail.<\/p>\n\n\n\n<h3 class=\"wp-block-heading\" id=\"h-3-pronouns-determiners\">3. Forainmneacha \/ Cinntitheoir\u00ed:<\/h3>\n\n\n\n<p>Cuirtear forainmneacha in ionad ainmfhocail chun athr\u00e1 a sheachaint, agus sonra\u00edonn n\u00f3 cainn\u00edocht\u00fa iad na cinntitheoir\u00ed. M\u00e1istreacht a dh\u00e9anamh ar na cine\u00e1lacha \u00e9ags\u00fala forainmneacha (\u00e1bhar, rud, machnamhach) agus cinnteoir\u00ed (l\u00e9iritheach, sealbhach, ceisti\u00fail) chun \u00e9ags\u00falacht a <a href=\"https:\/\/talkpal.ai\/locations\/language-courses-in-chur\/\">chur<\/a> le d&#8217;abairt\u00ed.<\/p>\n\n\n\n<h3 class=\"wp-block-heading\" id=\"h-4-verbs-and-tenses\">4. Briathra agus Aimsir:<\/h3>\n\n\n\n<p>D\u00e9antar briathra na Catal\u00f3ine a chomhchuingi\u00fa de r\u00e9ir a n-aimsir, a gi\u00famar agus a nduine. Foghlaim na foirmeacha briathar rialta agus neamhrialta san aimsir l\u00e1ithreach, san am at\u00e1 caite agus sa todhcha\u00ed, chomh maith leis an gi\u00famar riachtanach chun orduithe a thabhairt.<\/p>\n\n\n\n<h3 class=\"wp-block-heading\" id=\"h-5-tense-comparison\">5. Compar\u00e1id Aimsire:<\/h3>\n\n\n\n<p>Tuiscint a fh\u00e1il ar conas compar\u00e1id a dh\u00e9anamh idir na aimsir \u00e9ags\u00fala sa Chatal\u00f3inis chun gn\u00edomhartha n\u00f3 st\u00e1it a tharla\u00edonn ag amanna \u00e9ags\u00fala a chur in i\u00fal.<\/p>\n\n\n\n<h3 class=\"wp-block-heading\" id=\"h-6-progressive-and-perfect-progressive\">6. For\u00e1sach agus For\u00e1sach Foirfe:<\/h3>\n\n\n\n<p>L\u00e9ir\u00edonn an fhoirm fhor\u00e1sach gn\u00edomh lean\u00fanach, agus comhcheangla\u00edonn an for\u00e1sach foirfe na gn\u00e9ithe for\u00e1sacha agus foirfe. Foghlaim conas na t\u00f3g\u00e1lacha seo a fhoirmi\u00fa agus a \u00fas\u00e1id chun gn\u00edomhartha at\u00e1 ar si\u00fal n\u00f3 gn\u00edomhartha cr\u00edochnaithe a bhfuil \u00e1bharthacht lean\u00fanach acu a chur in i\u00fal.<\/p>\n\n\n\n<h3 class=\"wp-block-heading\" id=\"h-7-adverbs\">7. Adverbs:<\/h3>\n\n\n\n<p>Modhna\u00edonn adverbs briathra, aidiachta\u00ed n\u00f3 aidiachta\u00ed eile chun faisn\u00e9is bhreise a shol\u00e1thar faoi ghn\u00edomhartha n\u00f3 c\u00e1il\u00edochta\u00ed. Foghlaim na cine\u00e1lacha \u00e9ags\u00fala adverbs agus a socr\u00fach\u00e1n in abairt\u00ed.<\/p>\n\n\n\n<h3 class=\"wp-block-heading\" id=\"h-8-prepositions\">8. Prepositions:<\/h3>\n\n\n\n<p>Nascann r\u00e9amhfhocail ainmfhocail, forainmneacha, n\u00f3 eilimint\u00ed eile laistigh d&#8217;abairt chun caidrimh cos\u00fail le su\u00edomh, am n\u00f3 treo a chur in i\u00fal. Cuir eolas ar na r\u00e9amhfhocail Catal\u00f3inis is coitianta agus a n-\u00fas\u00e1id.<\/p>\n\n\n\n<h3 class=\"wp-block-heading\" id=\"h-9-conditionals\">9. Coinn\u00edollacha:<\/h3>\n\n\n\n<p>L\u00e9ir\u00edonn coinn\u00edollacha c\u00e1sanna n\u00f3 coinn\u00edollacha hipit\u00e9iseacha agus a n-iarmhairt\u00ed. Foghlaim na cine\u00e1lacha \u00e9ags\u00fala coinn\u00edollacha (nialas, an ch\u00e9ad, an dara, an tr\u00ed\u00fa) agus conas iad a fhoirmi\u00fa agus a \u00fas\u00e1id i gceart.<\/p>\n\n\n\n<h3 class=\"wp-block-heading\" id=\"h-10-sentences\">10. Abairt\u00ed:<\/h3>\n\n\n\n<p>Ar deireadh, d\u00e9an cleachtadh ar na heilimint\u00ed go l\u00e9ir a d&#8217;fhoghlaim t\u00fa a chomhcheangal chun abairt\u00ed ioml\u00e1na, comhlean\u00fanacha a fhoirmi\u00fa i gCatal\u00f3inis. D\u00e9an triail le strucht\u00fair abairt\u00ed \u00e9ags\u00fala agus cleachtadh a dh\u00e9anamh ar chine\u00e1lacha \u00e9ags\u00fala abairt\u00ed a chruth\u00fa, mar shampla dearbh\u00fa, ceisti\u00fail, agus exclamatory.<\/p>\n\n\n\n<p>Tr\u00ed na topaic\u00ed seo a fhoghlaim sa seicheamh molta, forbr\u00f3idh t\u00fa bun\u00fas l\u00e1idir i ngramadach na Catal\u00f3ine, rud a chuirfidh ar do chumas cumars\u00e1id a dh\u00e9anamh go h\u00e9ifeachtach agus go muin\u00edneach sa teanga sp\u00e9isi\u00fail seo.<\/p>\n<\/div><\/div>\n\r\n<section class=\"learnNavigationSection\">\r\n            \r\n        <a href=\"https:\/\/talkpal.ai\/ga\/foghlaim-cataloinis\/\">\r\n            <div class=\"learnNavigationWrapper\">\r\n                <div class=\"learnNavigationContent\">\r\n                    <img decoding=\"async\" src=\"https:\/\/talkpal.ai\/wp-content\/uploads\/2024\/08\/Catalan.jpg\" alt=\"Catalan Flag\">\r\n                    <div>\r\n                        <h4>Maidir le Foghlaim na Catal\u00f3ine<\/h4>\r\n                        <p>Faigh amach gach rud faoi ghramadach na Catal\u00f3ine.<\/p>\r\n                    <\/div>\r\n                <\/div>\r\n            <\/div>\r\n        <\/a>\r\n\r\n        \r\n        <a href=\"https:\/\/talkpal.ai\/ga\/gramadach-na-cataloine\/\">\r\n            <div class=\"learnNavigationWrapper\">\r\n                <div class=\"learnNavigationContent\">\r\n                    <img decoding=\"async\" src=\"https:\/\/talkpal.ai\/wp-content\/uploads\/2024\/08\/Catalan.jpg\" alt=\"Catalan Flag\">\r\n                    <div>\r\n                        <h4>Ceachtanna Gramada\u00ed na Catal\u00f3ine<\/h4>\r\n                        <p>Cleachtadh gramadach na Catal\u00f3ine.<\/p>\r\n                    <\/div>\r\n                <\/div>\r\n            <\/div>\r\n        <\/a>\r\n\r\n        \r\n        <a href=\"https:\/\/talkpal.ai\/vocabulary_language\/catalan\/\">\r\n            <div class=\"learnNavigationWrapper\">\r\n                <div class=\"learnNavigationContent\">\r\n                    <img decoding=\"async\" src=\"https:\/\/talkpal.ai\/wp-content\/uploads\/2024\/08\/Catalan.jpg\" alt=\"Catalan Flag\">\r\n                    <div>\r\n                        <h4>St\u00f3r Focal na Catal\u00f3ine<\/h4>\r\n                        <p>Leathnaigh do st\u00f3r focal Catal\u00f3inis.<\/p>\r\n                    <\/div>\r\n                <\/div>\r\n            <\/div>\r\n        <\/a>\r\n\r\n            <\/section>","protected":false},"excerpt":{"rendered":"<p>Topaic\u00ed Gramada\u00ed na Catal\u00f3ine Is teanga \u00e1lainn agus bhr\u00edomhar \u00ed an Catal\u00f3inis, teanga R\u00f3m\u00e1nsach a labhra\u00edonn na milli\u00fain i r\u00e9igi\u00fan na Catal\u00f3ine sa Sp\u00e1inn agus i gcodanna den Iod\u00e1il agus den Fhrainc. Is eisp\u00e9ireas taitneamhach agus luachmhar \u00e9 foghlaim na Catal\u00f3inise, ag oscailt l\u00e9asl\u00ednte nua cult\u00fartha agus teanga. Chun an teanga seo a fhoghlaim i [&hellip;]<\/p>\n","protected":false},"author":6,"featured_media":1444059,"parent":0,"menu_order":0,"comment_status":"closed","ping_status":"closed","template":"LearningContentPage.php","meta":{"_acf_changed":false,"footnotes":""},"class_list":["post-1446510","page","type-page","status-publish","has-post-thumbnail","hentry"],"acf":[],"yoast_head":"<!-- This site is optimized with the Yoast SEO Premium plugin v27.2 (Yoast SEO v27.2) - https:\/\/yoast.com\/product\/yoast-seo-premium-wordpress\/ -->\n<title>Cleachta\u00ed Gramada\u00ed na Catal\u00f3ine - Talkpal<\/title>\n<meta name=\"description\" content=\"D\u00e9an ini\u00fachadh ar chleachta\u00ed gramada\u00ed riachtanacha na Catal\u00f3ine chun feabhas a chur ar do thuiscint ar an teanga \u00e1lainn seo agus ar a strucht\u00far.\" \/>\n<meta name=\"robots\" content=\"index, follow, max-snippet:-1, max-image-preview:large, max-video-preview:-1\" \/>\n<link rel=\"canonical\" href=\"https:\/\/talkpal.ai\/ga\/cleachtai-gramadai-na-cataloine\/\" \/>\n<meta property=\"og:locale\" content=\"ga_IE\" \/>\n<meta property=\"og:type\" content=\"article\" \/>\n<meta property=\"og:title\" content=\"Cleachta\u00ed Gramada\u00ed na Catal\u00f3ine\" \/>\n<meta property=\"og:description\" content=\"Topaic\u00ed Gramada\u00ed na Catal\u00f3ine Is teanga \u00e1lainn agus bhr\u00edomhar \u00ed an Catal\u00f3inis, teanga R\u00f3m\u00e1nsach a labhra\u00edonn na milli\u00fain i r\u00e9igi\u00fan na Catal\u00f3ine sa Sp\u00e1inn\" \/>\n<meta property=\"og:url\" content=\"https:\/\/talkpal.ai\/ga\/cleachtai-gramadai-na-cataloine\/\" \/>\n<meta property=\"og:site_name\" content=\"Talkpal\" \/>\n<meta property=\"article:publisher\" content=\"https:\/\/www.facebook.com\/profile.php?id=100090733639311\" \/>\n<meta property=\"article:modified_time\" content=\"2025-09-06T20:55:23+00:00\" \/>\n<meta property=\"og:image\" content=\"https:\/\/talkpal.ai\/wp-content\/uploads\/2023\/08\/Catalan.png\" \/>\n\t<meta property=\"og:image:width\" content=\"479\" \/>\n\t<meta property=\"og:image:height\" content=\"479\" \/>\n\t<meta property=\"og:image:type\" content=\"image\/png\" \/>\n<meta name=\"twitter:card\" content=\"summary_large_image\" \/>\n<meta name=\"twitter:site\" content=\"@talkpalai\" \/>\n<meta name=\"twitter:label1\" content=\"Est. reading time\" \/>\n\t<meta name=\"twitter:data1\" content=\"3 minutes\" \/>\n<script type=\"application\/ld+json\" class=\"yoast-schema-graph\">{\"@context\":\"https:\/\/schema.org\",\"@graph\":[{\"@type\":\"WebPage\",\"@id\":\"https:\/\/talkpal.ai\/ga\/cleachtai-gramadai-na-cataloine\/\",\"url\":\"https:\/\/talkpal.ai\/ga\/cleachtai-gramadai-na-cataloine\/\",\"name\":\"Cleachta\u00ed Gramada\u00ed na Catal\u00f3ine - Talkpal\",\"isPartOf\":{\"@id\":\"https:\/\/talkpal.ai\/ga\/#website\"},\"primaryImageOfPage\":{\"@id\":\"https:\/\/talkpal.ai\/ga\/cleachtai-gramadai-na-cataloine\/#primaryimage\"},\"image\":{\"@id\":\"https:\/\/talkpal.ai\/ga\/cleachtai-gramadai-na-cataloine\/#primaryimage\"},\"thumbnailUrl\":\"https:\/\/talkpal.ai\/wp-content\/uploads\/2023\/08\/Catalan.png\",\"datePublished\":\"2023-06-16T12:49:04+00:00\",\"dateModified\":\"2025-09-06T20:55:23+00:00\",\"description\":\"D\u00e9an ini\u00fachadh ar chleachta\u00ed gramada\u00ed riachtanacha na Catal\u00f3ine chun feabhas a chur ar do thuiscint ar an teanga \u00e1lainn seo agus ar a strucht\u00far.\",\"breadcrumb\":{\"@id\":\"https:\/\/talkpal.ai\/ga\/cleachtai-gramadai-na-cataloine\/#breadcrumb\"},\"inLanguage\":\"ga-IE\",\"potentialAction\":[{\"@type\":\"ReadAction\",\"target\":[\"https:\/\/talkpal.ai\/ga\/cleachtai-gramadai-na-cataloine\/\"]}]},{\"@type\":\"ImageObject\",\"inLanguage\":\"ga-IE\",\"@id\":\"https:\/\/talkpal.ai\/ga\/cleachtai-gramadai-na-cataloine\/#primaryimage\",\"url\":\"https:\/\/talkpal.ai\/wp-content\/uploads\/2023\/08\/Catalan.png\",\"contentUrl\":\"https:\/\/talkpal.ai\/wp-content\/uploads\/2023\/08\/Catalan.png\",\"width\":479,\"height\":479,\"caption\":\"TalkPal Catalan Flag\"},{\"@type\":\"BreadcrumbList\",\"@id\":\"https:\/\/talkpal.ai\/ga\/cleachtai-gramadai-na-cataloine\/#breadcrumb\",\"itemListElement\":[{\"@type\":\"ListItem\",\"position\":1,\"name\":\"Homepage\",\"item\":\"https:\/\/talkpal.ai\/ga\/\"},{\"@type\":\"ListItem\",\"position\":2,\"name\":\"Cleachta\u00ed Gramada\u00ed na Catal\u00f3ine\"}]},{\"@type\":\"WebSite\",\"@id\":\"https:\/\/talkpal.ai\/ga\/#website\",\"url\":\"https:\/\/talkpal.ai\/ga\/\",\"name\":\"Talkpal\",\"description\":\"AI Language Learning\",\"publisher\":{\"@id\":\"https:\/\/talkpal.ai\/ga\/#organization\"},\"alternateName\":\"Talkpal AI\",\"potentialAction\":[{\"@type\":\"SearchAction\",\"target\":{\"@type\":\"EntryPoint\",\"urlTemplate\":\"https:\/\/talkpal.ai\/ga\/?s={search_term_string}\"},\"query-input\":{\"@type\":\"PropertyValueSpecification\",\"valueRequired\":true,\"valueName\":\"search_term_string\"}}],\"inLanguage\":\"ga-IE\"},{\"@type\":\"Organization\",\"@id\":\"https:\/\/talkpal.ai\/ga\/#organization\",\"name\":\"Talkpal, Inc.\",\"alternateName\":\"Talkpal AI\",\"url\":\"https:\/\/talkpal.ai\/ga\/\",\"logo\":{\"@type\":\"ImageObject\",\"inLanguage\":\"ga-IE\",\"@id\":\"https:\/\/talkpal.ai\/ga\/#\/schema\/logo\/image\/\",\"url\":\"https:\/\/talkpal.ai\/wp-content\/uploads\/2024\/03\/Talkpal-Logo-Icon.png\",\"contentUrl\":\"https:\/\/talkpal.ai\/wp-content\/uploads\/2024\/03\/Talkpal-Logo-Icon.png\",\"width\":2880,\"height\":2880,\"caption\":\"Talkpal, Inc.\"},\"image\":{\"@id\":\"https:\/\/talkpal.ai\/ga\/#\/schema\/logo\/image\/\"},\"sameAs\":[\"https:\/\/www.facebook.com\/profile.php?id=100090733639311\",\"https:\/\/x.com\/talkpalai\",\"https:\/\/www.linkedin.com\/company\/talkpal\/\",\"https:\/\/www.youtube.com\/@TalkPal\/\",\"https:\/\/www.tiktok.com\/@talkpal\",\"https:\/\/www.instagram.com\/talkpal_ai\/\",\"https:\/\/www.crunchbase.com\/organization\/talkpal-9cde\",\"https:\/\/www.g2.com\/products\/talkpal-for-business\/\",\"https:\/\/www.trustpilot.com\/review\/talkpal.ai\",\"https:\/\/www.capterra.com\/p\/10006800\/TalkPal\/\"],\"description\":\"Talkpal is a language learning web and mobile education app, powered by the latest AI technologies, that provides engaging experiences to its customers in many different languages to help them improve their language skills. Users can chat about unlimited amount of topics with the app and use other modes to practice their language learning.\",\"email\":\"support@talkpal.ai\",\"legalName\":\"Talkpal, Inc.\",\"foundingDate\":\"2023-04-03\",\"duns\":\"118989042\",\"numberOfEmployees\":{\"@type\":\"QuantitativeValue\",\"minValue\":\"11\",\"maxValue\":\"50\"},\"publishingPrinciples\":\"https:\/\/talkpal.ai\/publishing-principles\/\",\"actionableFeedbackPolicy\":\"https:\/\/talkpal.ai\/actionable-feedback-policy\/\",\"correctionsPolicy\":\"https:\/\/talkpal.ai\/corrections-policy\/\",\"ethicsPolicy\":\"https:\/\/talkpal.ai\/ethics-policy\/\",\"diversityPolicy\":\"https:\/\/talkpal.ai\/diversity-policy\/\",\"diversityStaffingReport\":\"https:\/\/talkpal.ai\/diversity-policy\/\"}]}<\/script>\n<!-- \/ Yoast SEO Premium plugin. -->","yoast_head_json":{"title":"Cleachta\u00ed Gramada\u00ed na Catal\u00f3ine - Talkpal","description":"D\u00e9an ini\u00fachadh ar chleachta\u00ed gramada\u00ed riachtanacha na Catal\u00f3ine chun feabhas a chur ar do thuiscint ar an teanga \u00e1lainn seo agus ar a strucht\u00far.","robots":{"index":"index","follow":"follow","max-snippet":"max-snippet:-1","max-image-preview":"max-image-preview:large","max-video-preview":"max-video-preview:-1"},"canonical":"https:\/\/talkpal.ai\/ga\/cleachtai-gramadai-na-cataloine\/","og_locale":"ga_IE","og_type":"article","og_title":"Cleachta\u00ed Gramada\u00ed na Catal\u00f3ine","og_description":"Topaic\u00ed Gramada\u00ed na Catal\u00f3ine Is teanga \u00e1lainn agus bhr\u00edomhar \u00ed an Catal\u00f3inis, teanga R\u00f3m\u00e1nsach a labhra\u00edonn na milli\u00fain i r\u00e9igi\u00fan na Catal\u00f3ine sa Sp\u00e1inn","og_url":"https:\/\/talkpal.ai\/ga\/cleachtai-gramadai-na-cataloine\/","og_site_name":"Talkpal","article_publisher":"https:\/\/www.facebook.com\/profile.php?id=100090733639311","article_modified_time":"2025-09-06T20:55:23+00:00","og_image":[{"width":479,"height":479,"url":"https:\/\/talkpal.ai\/wp-content\/uploads\/2023\/08\/Catalan.png","type":"image\/png"}],"twitter_card":"summary_large_image","twitter_site":"@talkpalai","twitter_misc":{"Est. reading time":"3 minutes"},"schema":{"@context":"https:\/\/schema.org","@graph":[{"@type":"WebPage","@id":"https:\/\/talkpal.ai\/ga\/cleachtai-gramadai-na-cataloine\/","url":"https:\/\/talkpal.ai\/ga\/cleachtai-gramadai-na-cataloine\/","name":"Cleachta\u00ed Gramada\u00ed na Catal\u00f3ine - Talkpal","isPartOf":{"@id":"https:\/\/talkpal.ai\/ga\/#website"},"primaryImageOfPage":{"@id":"https:\/\/talkpal.ai\/ga\/cleachtai-gramadai-na-cataloine\/#primaryimage"},"image":{"@id":"https:\/\/talkpal.ai\/ga\/cleachtai-gramadai-na-cataloine\/#primaryimage"},"thumbnailUrl":"https:\/\/talkpal.ai\/wp-content\/uploads\/2023\/08\/Catalan.png","datePublished":"2023-06-16T12:49:04+00:00","dateModified":"2025-09-06T20:55:23+00:00","description":"D\u00e9an ini\u00fachadh ar chleachta\u00ed gramada\u00ed riachtanacha na Catal\u00f3ine chun feabhas a chur ar do thuiscint ar an teanga \u00e1lainn seo agus ar a strucht\u00far.","breadcrumb":{"@id":"https:\/\/talkpal.ai\/ga\/cleachtai-gramadai-na-cataloine\/#breadcrumb"},"inLanguage":"ga-IE","potentialAction":[{"@type":"ReadAction","target":["https:\/\/talkpal.ai\/ga\/cleachtai-gramadai-na-cataloine\/"]}]},{"@type":"ImageObject","inLanguage":"ga-IE","@id":"https:\/\/talkpal.ai\/ga\/cleachtai-gramadai-na-cataloine\/#primaryimage","url":"https:\/\/talkpal.ai\/wp-content\/uploads\/2023\/08\/Catalan.png","contentUrl":"https:\/\/talkpal.ai\/wp-content\/uploads\/2023\/08\/Catalan.png","width":479,"height":479,"caption":"TalkPal Catalan Flag"},{"@type":"BreadcrumbList","@id":"https:\/\/talkpal.ai\/ga\/cleachtai-gramadai-na-cataloine\/#breadcrumb","itemListElement":[{"@type":"ListItem","position":1,"name":"Homepage","item":"https:\/\/talkpal.ai\/ga\/"},{"@type":"ListItem","position":2,"name":"Cleachta\u00ed Gramada\u00ed na Catal\u00f3ine"}]},{"@type":"WebSite","@id":"https:\/\/talkpal.ai\/ga\/#website","url":"https:\/\/talkpal.ai\/ga\/","name":"Talkpal","description":"AI Language Learning","publisher":{"@id":"https:\/\/talkpal.ai\/ga\/#organization"},"alternateName":"Talkpal AI","potentialAction":[{"@type":"SearchAction","target":{"@type":"EntryPoint","urlTemplate":"https:\/\/talkpal.ai\/ga\/?s={search_term_string}"},"query-input":{"@type":"PropertyValueSpecification","valueRequired":true,"valueName":"search_term_string"}}],"inLanguage":"ga-IE"},{"@type":"Organization","@id":"https:\/\/talkpal.ai\/ga\/#organization","name":"Talkpal, Inc.","alternateName":"Talkpal AI","url":"https:\/\/talkpal.ai\/ga\/","logo":{"@type":"ImageObject","inLanguage":"ga-IE","@id":"https:\/\/talkpal.ai\/ga\/#\/schema\/logo\/image\/","url":"https:\/\/talkpal.ai\/wp-content\/uploads\/2024\/03\/Talkpal-Logo-Icon.png","contentUrl":"https:\/\/talkpal.ai\/wp-content\/uploads\/2024\/03\/Talkpal-Logo-Icon.png","width":2880,"height":2880,"caption":"Talkpal, Inc."},"image":{"@id":"https:\/\/talkpal.ai\/ga\/#\/schema\/logo\/image\/"},"sameAs":["https:\/\/www.facebook.com\/profile.php?id=100090733639311","https:\/\/x.com\/talkpalai","https:\/\/www.linkedin.com\/company\/talkpal\/","https:\/\/www.youtube.com\/@TalkPal\/","https:\/\/www.tiktok.com\/@talkpal","https:\/\/www.instagram.com\/talkpal_ai\/","https:\/\/www.crunchbase.com\/organization\/talkpal-9cde","https:\/\/www.g2.com\/products\/talkpal-for-business\/","https:\/\/www.trustpilot.com\/review\/talkpal.ai","https:\/\/www.capterra.com\/p\/10006800\/TalkPal\/"],"description":"Talkpal is a language learning web and mobile education app, powered by the latest AI technologies, that provides engaging experiences to its customers in many different languages to help them improve their language skills. Users can chat about unlimited amount of topics with the app and use other modes to practice their language learning.","email":"support@talkpal.ai","legalName":"Talkpal, Inc.","foundingDate":"2023-04-03","duns":"118989042","numberOfEmployees":{"@type":"QuantitativeValue","minValue":"11","maxValue":"50"},"publishingPrinciples":"https:\/\/talkpal.ai\/publishing-principles\/","actionableFeedbackPolicy":"https:\/\/talkpal.ai\/actionable-feedback-policy\/","correctionsPolicy":"https:\/\/talkpal.ai\/corrections-policy\/","ethicsPolicy":"https:\/\/talkpal.ai\/ethics-policy\/","diversityPolicy":"https:\/\/talkpal.ai\/diversity-policy\/","diversityStaffingReport":"https:\/\/talkpal.ai\/diversity-policy\/"}]}},"_links":{"self":[{"href":"https:\/\/talkpal.ai\/ga\/wp-json\/wp\/v2\/pages\/1446510","targetHints":{"allow":["GET"]}}],"collection":[{"href":"https:\/\/talkpal.ai\/ga\/wp-json\/wp\/v2\/pages"}],"about":[{"href":"https:\/\/talkpal.ai\/ga\/wp-json\/wp\/v2\/types\/page"}],"author":[{"embeddable":true,"href":"https:\/\/talkpal.ai\/ga\/wp-json\/wp\/v2\/users\/6"}],"replies":[{"embeddable":true,"href":"https:\/\/talkpal.ai\/ga\/wp-json\/wp\/v2\/comments?post=1446510"}],"version-history":[{"count":0,"href":"https:\/\/talkpal.ai\/ga\/wp-json\/wp\/v2\/pages\/1446510\/revisions"}],"wp:featuredmedia":[{"embeddable":true,"href":"https:\/\/talkpal.ai\/ga\/wp-json\/wp\/v2\/media\/1444059"}],"wp:attachment":[{"href":"https:\/\/talkpal.ai\/ga\/wp-json\/wp\/v2\/media?parent=1446510"}],"curies":[{"name":"wp","href":"https:\/\/api.w.org\/{rel}","templated":true}]}}