{"id":1446505,"date":"2023-06-16T13:19:10","date_gmt":"2023-06-16T13:19:10","guid":{"rendered":"https:\/\/talkpal.ai\/cleachtai-gramadai-na-danmhairge\/"},"modified":"2025-12-17T16:30:40","modified_gmt":"2025-12-17T16:30:40","slug":"cleachtai-gramadai-na-danmhairge","status":"publish","type":"page","link":"https:\/\/talkpal.ai\/ga\/cleachtai-gramadai-na-danmhairge\/","title":{"rendered":"Cleachta\u00ed Gramada\u00ed na Danmhairge"},"content":{"rendered":"\r\n\r\n\r\n<section class=\"languageChallengeSection\">\r\n    <div class=\"languageInfoWrapper\">\r\n        \r\n        <h1>Cleachta\u00ed Gramada\u00ed na Danmhairge<\/h1>\r\n        <p>R\u00e9idh le feabhas a <a href=\"https:\/\/talkpal.ai\/locations\/language-courses-in-chur\/\">chur<\/a> ar do <a href=\"https:\/\/talkpal.ai\/learn-danish\/\">Danmhairgis<\/a>? Is bealach iontach \u00e9 cleachta\u00ed gramada\u00ed a chleachtadh chun m\u00e1istreacht a dh\u00e9anamh ar strucht\u00far abairte, conjugations briathra, agus gn\u00e9ithe speisialta na teanga Danmhairge. Tosaigh ag obair ar ghramadach na Danmhairge inniu agus f\u00e9ach ar do scileanna agus do mhuin\u00edn ag f\u00e1s le gach cleachtadh!\n\n<\/p>\r\n\r\n                            <a class=\"getStartedHidden\" href=\"https:\/\/app.talkpal.ai\/signup?lng=\">Tosaigh<\/a>\r\n        \r\n    <\/div>\r\n\r\n    <figure>\r\n    <img decoding=\"async\" width=\"768\" height=\"768\" src=\"https:\/\/talkpal.ai\/wp-content\/uploads\/2023\/06\/danish-768x768.png\" class=\"languageImage no-lazy\" alt=\"Language learning for career enhancement\" fetchpriority=\"high\" sizes=\"(max-width: 768px) 150px, 768px\" srcset=\"https:\/\/talkpal.ai\/wp-content\/uploads\/2023\/06\/danish-768x768.png 768w, https:\/\/talkpal.ai\/wp-content\/uploads\/2023\/06\/danish-300x300.png 300w\" \/>\r\n    \r\n\r\n    <\/figure>\r\n\r\n            <a class=\"getStartedVisible\" href=\"https:\/\/app.talkpal.ai\/signup?lng=\">Tosaigh<\/a>\r\n    \r\n<\/section>\r\n\r\n\r\n<!-- <section class=\"grammarSection\">\r\n    <div class=\"grammarLinks\">\r\n            <\/div>\r\n<\/section> -->\r\n\r\n\r\n\r\n\r\n<section class=\"promotionalBanner\">\r\n    <p class=\"promotionalText\">An bealach is \u00e9ifeachta\u00ed le teanga a fhoghlaim<\/p>\r\n    <a class=\"promotionalLink\" href=\"https:\/\/app.talkpal.ai\/signup?lng=\">Bain triail as Talkpal saor in aisce<\/a>\r\n<\/section>\n<div class=\"wp-block-group pageContainerStyle\"><div class=\"wp-block-group__inner-container is-layout-constrained wp-block-group-is-layout-constrained\">\n<h2 class=\"wp-block-heading\" id=\"h-danish-grammar-topics\">Topaic\u00ed Gramada\u00ed na Danmhairge<\/h2>\n\n\n\n<p>Is eisp\u00e9ireas luachmhar agus taitneamhach \u00e9 Foghlaim na Danmhairge d\u00f3ibh si\u00fad ar sp\u00e9is leo cult\u00far agus stair shaibhir na Danmhairge a ini\u00fachadh. Mar theanga Ghearm\u00e1nach Thuaidh, t\u00e1 go leor cos\u00falachta\u00ed ag an Danmhairgis le teangacha Lochlannacha eile cos\u00fail le <a href=\"https:\/\/talkpal.ai\/learn-swedish\/\">Sualainnis<\/a> agus <a href=\"https:\/\/talkpal.ai\/learn-norwegian\/\">Ioruais<\/a>. Tr\u00ed mh\u00e1istir a fh\u00e1il ar an Danmhairgis, oscla\u00edonn t\u00fa deiseanna chun ceangal a dh\u00e9anamh le cainteoir\u00ed d\u00fachais, taitneamh a bhaint as litr\u00edocht na Danmhairge, agus do thuiscint ar shocha\u00ed na Danmhairge a dhoimhni\u00fa. Chun l\u00edofacht sa Danmhairgis a bhaint amach, t\u00e1 s\u00e9 riachtanach dul i dtaith\u00ed ar \u00e1bhair \u00e9ags\u00fala gramada\u00ed, arb iad bloic th\u00f3g\u00e1la na teanga iad. Sa treoir seo, d\u00e9anfaimid ini\u00fachadh ar an seicheamh ba ch\u00f3ir duit a lean\u00faint agus t\u00fa ag foghlaim <a href=\"https:\/\/talkpal.ai\/ga\/cleachtai-gramadai-na-hisiltire\/\">gramada\u00ed na<\/a> Danmhairge, ag cl\u00fadach topaic\u00ed cos\u00fail le aimsir, briathra, ainmfhocail, agus go leor eile.<\/p>\n\n\n\n<h3 class=\"wp-block-heading\" id=\"h-1-nouns-articles-and-pronouns-determiners\">1. Ainmfhocail, Airteagail, agus Forainmneacha \/ Cinntitheoir\u00ed:<\/h3>\n\n\n\n<p>Tosaigh tr\u00ed bhun\u00fasacha ainmfhocail na Danmhairge a fhoghlaim, lena n-\u00e1ir\u00edtear a n-inscne agus a n-uimhir. Cuir eolas ar na hailt chinnte agus \u00e9iginnte, chomh maith leis na cine\u00e1lacha forainmneacha agus na cinnteoir\u00ed \u00e9ags\u00fala. Cabhr\u00f3idh s\u00e9 seo leat bun\u00fas l\u00e1idir a th\u00f3g\u00e1il chun abairt\u00ed simpl\u00ed a fhoirmi\u00fa.<\/p>\n\n\n\n<h3 class=\"wp-block-heading\" id=\"h-2-adjectives-and-adverbs\">2. Aidiachta\u00ed agus Adverbs:<\/h3>\n\n\n\n<p>Tar \u00e9is buneilimint\u00ed ainmfhocail agus forainmneacha a thuiscint, bog ar aghaidh go dt\u00ed aidiachta\u00ed agus aidiachta\u00ed. Foghlaim conas cur s\u00edos a dh\u00e9anamh ar ainmfhocail le comhaont\u00fa aidiachta cu\u00ed agus \u00fas\u00e1id a bhaint as aidiachta\u00ed chun briathra, aidiachta\u00ed agus aidiachta\u00ed eile a mhodhn\u00fa.<\/p>\n\n\n\n<h3 class=\"wp-block-heading\" id=\"h-3-verbs-and-tenses\">3. Briathra agus aimsr\u00ed:<\/h3>\n\n\n\n<p>M\u00e1istir ar chomhchuingi\u00fa briathra rialta agus neamhrialta san aimsir l\u00e1ithreach, san am at\u00e1 caite agus sa todhcha\u00ed. Cuideoidh compar\u00e1id aimsire a thuiscint leat gn\u00edomhartha n\u00f3 imeachta\u00ed a tharla\u00edonn ag amanna \u00e9ags\u00fala a chur in i\u00fal.<\/p>\n\n\n\n<h3 class=\"wp-block-heading\" id=\"h-4-progressive-and-perfect-progressive\">4. For\u00e1sach agus For\u00e1sach Foirfe:<\/h3>\n\n\n\n<p>Ligeann na gn\u00e9ithe seo de ghramadach na Danmhairge duit cur s\u00edos a dh\u00e9anamh ar ghn\u00edomhartha lean\u00fanacha n\u00f3 ar imeachta\u00ed agus ar ghn\u00edomhartha at\u00e1 cr\u00edochnaithe ach at\u00e1 f\u00f3s \u00e1bhartha. Foghlaim na foirmeacha briathar cu\u00ed agus na briathra c\u00fanta a \u00fas\u00e1idtear sna aimsir fhor\u00e1sacha agus foirfe for\u00e1sacha.<\/p>\n\n\n\n<h3 class=\"wp-block-heading\" id=\"h-5-prepositions\">5. Prepositions:<\/h3>\n\n\n\n<p>Staid\u00e9ar a dh\u00e9anamh ar \u00fas\u00e1id r\u00e9amhfhocail chun caidrimh idir focail a chur in i\u00fal, mar shampla su\u00edomh, treo, am, agus c\u00fais.<\/p>\n\n\n\n<h3 class=\"wp-block-heading\" id=\"h-6-sentences\">6. Pianbhreitheanna:<\/h3>\n\n\n\n<p>Foghlaim conas abairt\u00ed simpl\u00ed agus casta a th\u00f3g\u00e1il ag baint \u00fas\u00e1ide as an ord focal ceart, rud at\u00e1 riachtanach do chumars\u00e1id shoil\u00e9ir agus \u00e9ifeachtach sa Danmhairgis.<\/p>\n\n\n\n<h3 class=\"wp-block-heading\" id=\"h-7-conditionals\">7. Coinn\u00edollacha:<\/h3>\n\n\n\n<p>Mar fhocal scoir, d\u00e9an aithne ar na cine\u00e1lacha \u00e9ags\u00fala coinn\u00edollacha a \u00fas\u00e1idtear sa Danmhairgis chun c\u00e1sanna hipit\u00e9iseacha agus a n-iarmhairt\u00ed a chur in i\u00fal.<\/p>\n\n\n\n<p>Tr\u00edd an seicheamh seo a lean\u00faint, is f\u00e9idir leat do chuid eolais ar ghramadach na Danmhairge a th\u00f3g\u00e1il go c\u00f3rasach agus na scileanna is g\u00e1 a fhorbairt chun cumars\u00e1id \u00e9ifeachtach a dh\u00e9anamh sa teanga. Cuimhnigh cleachtadh rialta a dh\u00e9anamh agus t\u00fa f\u00e9in a thumadh sa teanga oiread agus is f\u00e9idir chun na tortha\u00ed is fearr a bhaint amach.<\/p>\n<\/div><\/div>\n\r\n<section class=\"learnNavigationSection\">\r\n            \r\n        <a href=\"https:\/\/talkpal.ai\/ga\/foghlaim-danmhairgis\/\">\r\n            <div class=\"learnNavigationWrapper\">\r\n                <div class=\"learnNavigationContent\">\r\n                    <img decoding=\"async\" src=\"https:\/\/talkpal.ai\/wp-content\/uploads\/2024\/08\/Danish.jpg\" alt=\"Danish Flag\">\r\n                    <div>\r\n                        <h4>Maidir le Foghlaim na Danmhairge<\/h4>\r\n                        <p>Faigh amach gach rud faoi ghramadach na Danmhairge.<\/p>\r\n                    <\/div>\r\n                <\/div>\r\n            <\/div>\r\n        <\/a>\r\n\r\n        \r\n        <a href=\"https:\/\/talkpal.ai\/ga\/gramadach-na-danmhairge\/\">\r\n            <div class=\"learnNavigationWrapper\">\r\n                <div class=\"learnNavigationContent\">\r\n                    <img decoding=\"async\" src=\"https:\/\/talkpal.ai\/wp-content\/uploads\/2024\/08\/Danish.jpg\" alt=\"Danish Flag\">\r\n                    <div>\r\n                        <h4>Ceachtanna Gramada\u00ed na Danmhairge<\/h4>\r\n                        <p>Cleachtadh gramadach na Danmhairge.<\/p>\r\n                    <\/div>\r\n                <\/div>\r\n            <\/div>\r\n        <\/a>\r\n\r\n        \r\n        <a href=\"https:\/\/talkpal.ai\/vocabulary_language\/danish\/\">\r\n            <div class=\"learnNavigationWrapper\">\r\n                <div class=\"learnNavigationContent\">\r\n                    <img decoding=\"async\" src=\"https:\/\/talkpal.ai\/wp-content\/uploads\/2024\/08\/Danish.jpg\" alt=\"Danish Flag\">\r\n                    <div>\r\n                        <h4>St\u00f3r Focal na Danmhairge<\/h4>\r\n                        <p>Leathnaigh do st\u00f3r focal Danmhairgis.<\/p>\r\n                    <\/div>\r\n                <\/div>\r\n            <\/div>\r\n        <\/a>\r\n\r\n            <\/section>","protected":false},"excerpt":{"rendered":"<p>Topaic\u00ed Gramada\u00ed na Danmhairge Is eisp\u00e9ireas luachmhar agus taitneamhach \u00e9 Foghlaim na Danmhairge d\u00f3ibh si\u00fad ar sp\u00e9is leo cult\u00far agus stair shaibhir na Danmhairge a ini\u00fachadh. Mar theanga Ghearm\u00e1nach Thuaidh, t\u00e1 go leor cos\u00falachta\u00ed ag an Danmhairgis le teangacha Lochlannacha eile cos\u00fail le Sualainnis agus Ioruais. Tr\u00ed mh\u00e1istir a fh\u00e1il ar an Danmhairgis, oscla\u00edonn t\u00fa [&hellip;]<\/p>\n","protected":false},"author":6,"featured_media":1444058,"parent":0,"menu_order":0,"comment_status":"closed","ping_status":"closed","template":"LearningContentPage.php","meta":{"_acf_changed":false,"footnotes":""},"class_list":["post-1446505","page","type-page","status-publish","has-post-thumbnail","hentry"],"acf":[],"yoast_head":"<!-- This site is optimized with the Yoast SEO Premium plugin v27.2 (Yoast SEO v27.2) - https:\/\/yoast.com\/product\/yoast-seo-premium-wordpress\/ -->\n<title>Cleachta\u00ed Gramada\u00ed na Danmhairge - Talkpal<\/title>\n<meta name=\"description\" content=\"D\u00edghlas\u00e1il r\u00fain Cleachta\u00ed Gramada\u00ed na Danmhairge chun do scileanna teanga a fheabhs\u00fa agus ceangal a dh\u00e9anamh le cult\u00far na Danmhairge go h\u00e9ifeachtach.\" \/>\n<meta name=\"robots\" content=\"index, follow, max-snippet:-1, max-image-preview:large, max-video-preview:-1\" \/>\n<link rel=\"canonical\" href=\"https:\/\/talkpal.ai\/ga\/cleachtai-gramadai-na-danmhairge\/\" \/>\n<meta property=\"og:locale\" content=\"ga_IE\" \/>\n<meta property=\"og:type\" content=\"article\" \/>\n<meta property=\"og:title\" content=\"Cleachta\u00ed Gramada\u00ed na Danmhairge\" \/>\n<meta property=\"og:description\" content=\"Topaic\u00ed Gramada\u00ed na Danmhairge Is eisp\u00e9ireas luachmhar agus taitneamhach \u00e9 Foghlaim na Danmhairge d\u00f3ibh si\u00fad ar sp\u00e9is leo cult\u00far agus stair shaibhir na\" \/>\n<meta property=\"og:url\" content=\"https:\/\/talkpal.ai\/ga\/cleachtai-gramadai-na-danmhairge\/\" \/>\n<meta property=\"og:site_name\" content=\"Talkpal\" \/>\n<meta property=\"article:publisher\" content=\"https:\/\/www.facebook.com\/profile.php?id=100090733639311\" \/>\n<meta property=\"article:modified_time\" content=\"2025-12-17T16:30:40+00:00\" \/>\n<meta property=\"og:image\" content=\"https:\/\/talkpal.ai\/wp-content\/uploads\/2023\/05\/denmark.png\" \/>\n\t<meta property=\"og:image:width\" content=\"512\" \/>\n\t<meta property=\"og:image:height\" content=\"512\" \/>\n\t<meta property=\"og:image:type\" content=\"image\/png\" \/>\n<meta name=\"twitter:card\" content=\"summary_large_image\" \/>\n<meta name=\"twitter:site\" content=\"@talkpalai\" \/>\n<meta name=\"twitter:label1\" content=\"Est. reading time\" \/>\n\t<meta name=\"twitter:data1\" content=\"3 minutes\" \/>\n<script type=\"application\/ld+json\" class=\"yoast-schema-graph\">{\"@context\":\"https:\/\/schema.org\",\"@graph\":[{\"@type\":\"WebPage\",\"@id\":\"https:\/\/talkpal.ai\/ga\/cleachtai-gramadai-na-danmhairge\/\",\"url\":\"https:\/\/talkpal.ai\/ga\/cleachtai-gramadai-na-danmhairge\/\",\"name\":\"Cleachta\u00ed Gramada\u00ed na Danmhairge - Talkpal\",\"isPartOf\":{\"@id\":\"https:\/\/talkpal.ai\/ga\/#website\"},\"primaryImageOfPage\":{\"@id\":\"https:\/\/talkpal.ai\/ga\/cleachtai-gramadai-na-danmhairge\/#primaryimage\"},\"image\":{\"@id\":\"https:\/\/talkpal.ai\/ga\/cleachtai-gramadai-na-danmhairge\/#primaryimage\"},\"thumbnailUrl\":\"https:\/\/talkpal.ai\/wp-content\/uploads\/2023\/05\/denmark.png\",\"datePublished\":\"2023-06-16T13:19:10+00:00\",\"dateModified\":\"2025-12-17T16:30:40+00:00\",\"description\":\"D\u00edghlas\u00e1il r\u00fain Cleachta\u00ed Gramada\u00ed na Danmhairge chun do scileanna teanga a fheabhs\u00fa agus ceangal a dh\u00e9anamh le cult\u00far na Danmhairge go h\u00e9ifeachtach.\",\"breadcrumb\":{\"@id\":\"https:\/\/talkpal.ai\/ga\/cleachtai-gramadai-na-danmhairge\/#breadcrumb\"},\"inLanguage\":\"ga-IE\",\"potentialAction\":[{\"@type\":\"ReadAction\",\"target\":[\"https:\/\/talkpal.ai\/ga\/cleachtai-gramadai-na-danmhairge\/\"]}]},{\"@type\":\"ImageObject\",\"inLanguage\":\"ga-IE\",\"@id\":\"https:\/\/talkpal.ai\/ga\/cleachtai-gramadai-na-danmhairge\/#primaryimage\",\"url\":\"https:\/\/talkpal.ai\/wp-content\/uploads\/2023\/05\/denmark.png\",\"contentUrl\":\"https:\/\/talkpal.ai\/wp-content\/uploads\/2023\/05\/denmark.png\",\"width\":512,\"height\":512,\"caption\":\"TalkPal Denmark Flag\"},{\"@type\":\"BreadcrumbList\",\"@id\":\"https:\/\/talkpal.ai\/ga\/cleachtai-gramadai-na-danmhairge\/#breadcrumb\",\"itemListElement\":[{\"@type\":\"ListItem\",\"position\":1,\"name\":\"Homepage\",\"item\":\"https:\/\/talkpal.ai\/ga\/\"},{\"@type\":\"ListItem\",\"position\":2,\"name\":\"Cleachta\u00ed Gramada\u00ed na Danmhairge\"}]},{\"@type\":\"WebSite\",\"@id\":\"https:\/\/talkpal.ai\/ga\/#website\",\"url\":\"https:\/\/talkpal.ai\/ga\/\",\"name\":\"Talkpal\",\"description\":\"AI Language Learning\",\"publisher\":{\"@id\":\"https:\/\/talkpal.ai\/ga\/#organization\"},\"alternateName\":\"Talkpal AI\",\"potentialAction\":[{\"@type\":\"SearchAction\",\"target\":{\"@type\":\"EntryPoint\",\"urlTemplate\":\"https:\/\/talkpal.ai\/ga\/?s={search_term_string}\"},\"query-input\":{\"@type\":\"PropertyValueSpecification\",\"valueRequired\":true,\"valueName\":\"search_term_string\"}}],\"inLanguage\":\"ga-IE\"},{\"@type\":\"Organization\",\"@id\":\"https:\/\/talkpal.ai\/ga\/#organization\",\"name\":\"Talkpal, Inc.\",\"alternateName\":\"Talkpal AI\",\"url\":\"https:\/\/talkpal.ai\/ga\/\",\"logo\":{\"@type\":\"ImageObject\",\"inLanguage\":\"ga-IE\",\"@id\":\"https:\/\/talkpal.ai\/ga\/#\/schema\/logo\/image\/\",\"url\":\"https:\/\/talkpal.ai\/wp-content\/uploads\/2024\/03\/Talkpal-Logo-Icon.png\",\"contentUrl\":\"https:\/\/talkpal.ai\/wp-content\/uploads\/2024\/03\/Talkpal-Logo-Icon.png\",\"width\":2880,\"height\":2880,\"caption\":\"Talkpal, Inc.\"},\"image\":{\"@id\":\"https:\/\/talkpal.ai\/ga\/#\/schema\/logo\/image\/\"},\"sameAs\":[\"https:\/\/www.facebook.com\/profile.php?id=100090733639311\",\"https:\/\/x.com\/talkpalai\",\"https:\/\/www.linkedin.com\/company\/talkpal\/\",\"https:\/\/www.youtube.com\/@TalkPal\/\",\"https:\/\/www.tiktok.com\/@talkpal\",\"https:\/\/www.instagram.com\/talkpal_ai\/\",\"https:\/\/www.crunchbase.com\/organization\/talkpal-9cde\",\"https:\/\/www.g2.com\/products\/talkpal-for-business\/\",\"https:\/\/www.trustpilot.com\/review\/talkpal.ai\",\"https:\/\/www.capterra.com\/p\/10006800\/TalkPal\/\"],\"description\":\"Talkpal is a language learning web and mobile education app, powered by the latest AI technologies, that provides engaging experiences to its customers in many different languages to help them improve their language skills. Users can chat about unlimited amount of topics with the app and use other modes to practice their language learning.\",\"email\":\"support@talkpal.ai\",\"legalName\":\"Talkpal, Inc.\",\"foundingDate\":\"2023-04-03\",\"duns\":\"118989042\",\"numberOfEmployees\":{\"@type\":\"QuantitativeValue\",\"minValue\":\"11\",\"maxValue\":\"50\"},\"publishingPrinciples\":\"https:\/\/talkpal.ai\/publishing-principles\/\",\"actionableFeedbackPolicy\":\"https:\/\/talkpal.ai\/actionable-feedback-policy\/\",\"correctionsPolicy\":\"https:\/\/talkpal.ai\/corrections-policy\/\",\"ethicsPolicy\":\"https:\/\/talkpal.ai\/ethics-policy\/\",\"diversityPolicy\":\"https:\/\/talkpal.ai\/diversity-policy\/\",\"diversityStaffingReport\":\"https:\/\/talkpal.ai\/diversity-policy\/\"}]}<\/script>\n<!-- \/ Yoast SEO Premium plugin. -->","yoast_head_json":{"title":"Cleachta\u00ed Gramada\u00ed na Danmhairge - Talkpal","description":"D\u00edghlas\u00e1il r\u00fain Cleachta\u00ed Gramada\u00ed na Danmhairge chun do scileanna teanga a fheabhs\u00fa agus ceangal a dh\u00e9anamh le cult\u00far na Danmhairge go h\u00e9ifeachtach.","robots":{"index":"index","follow":"follow","max-snippet":"max-snippet:-1","max-image-preview":"max-image-preview:large","max-video-preview":"max-video-preview:-1"},"canonical":"https:\/\/talkpal.ai\/ga\/cleachtai-gramadai-na-danmhairge\/","og_locale":"ga_IE","og_type":"article","og_title":"Cleachta\u00ed Gramada\u00ed na Danmhairge","og_description":"Topaic\u00ed Gramada\u00ed na Danmhairge Is eisp\u00e9ireas luachmhar agus taitneamhach \u00e9 Foghlaim na Danmhairge d\u00f3ibh si\u00fad ar sp\u00e9is leo cult\u00far agus stair shaibhir na","og_url":"https:\/\/talkpal.ai\/ga\/cleachtai-gramadai-na-danmhairge\/","og_site_name":"Talkpal","article_publisher":"https:\/\/www.facebook.com\/profile.php?id=100090733639311","article_modified_time":"2025-12-17T16:30:40+00:00","og_image":[{"width":512,"height":512,"url":"https:\/\/talkpal.ai\/wp-content\/uploads\/2023\/05\/denmark.png","type":"image\/png"}],"twitter_card":"summary_large_image","twitter_site":"@talkpalai","twitter_misc":{"Est. reading time":"3 minutes"},"schema":{"@context":"https:\/\/schema.org","@graph":[{"@type":"WebPage","@id":"https:\/\/talkpal.ai\/ga\/cleachtai-gramadai-na-danmhairge\/","url":"https:\/\/talkpal.ai\/ga\/cleachtai-gramadai-na-danmhairge\/","name":"Cleachta\u00ed Gramada\u00ed na Danmhairge - Talkpal","isPartOf":{"@id":"https:\/\/talkpal.ai\/ga\/#website"},"primaryImageOfPage":{"@id":"https:\/\/talkpal.ai\/ga\/cleachtai-gramadai-na-danmhairge\/#primaryimage"},"image":{"@id":"https:\/\/talkpal.ai\/ga\/cleachtai-gramadai-na-danmhairge\/#primaryimage"},"thumbnailUrl":"https:\/\/talkpal.ai\/wp-content\/uploads\/2023\/05\/denmark.png","datePublished":"2023-06-16T13:19:10+00:00","dateModified":"2025-12-17T16:30:40+00:00","description":"D\u00edghlas\u00e1il r\u00fain Cleachta\u00ed Gramada\u00ed na Danmhairge chun do scileanna teanga a fheabhs\u00fa agus ceangal a dh\u00e9anamh le cult\u00far na Danmhairge go h\u00e9ifeachtach.","breadcrumb":{"@id":"https:\/\/talkpal.ai\/ga\/cleachtai-gramadai-na-danmhairge\/#breadcrumb"},"inLanguage":"ga-IE","potentialAction":[{"@type":"ReadAction","target":["https:\/\/talkpal.ai\/ga\/cleachtai-gramadai-na-danmhairge\/"]}]},{"@type":"ImageObject","inLanguage":"ga-IE","@id":"https:\/\/talkpal.ai\/ga\/cleachtai-gramadai-na-danmhairge\/#primaryimage","url":"https:\/\/talkpal.ai\/wp-content\/uploads\/2023\/05\/denmark.png","contentUrl":"https:\/\/talkpal.ai\/wp-content\/uploads\/2023\/05\/denmark.png","width":512,"height":512,"caption":"TalkPal Denmark Flag"},{"@type":"BreadcrumbList","@id":"https:\/\/talkpal.ai\/ga\/cleachtai-gramadai-na-danmhairge\/#breadcrumb","itemListElement":[{"@type":"ListItem","position":1,"name":"Homepage","item":"https:\/\/talkpal.ai\/ga\/"},{"@type":"ListItem","position":2,"name":"Cleachta\u00ed Gramada\u00ed na Danmhairge"}]},{"@type":"WebSite","@id":"https:\/\/talkpal.ai\/ga\/#website","url":"https:\/\/talkpal.ai\/ga\/","name":"Talkpal","description":"AI Language Learning","publisher":{"@id":"https:\/\/talkpal.ai\/ga\/#organization"},"alternateName":"Talkpal AI","potentialAction":[{"@type":"SearchAction","target":{"@type":"EntryPoint","urlTemplate":"https:\/\/talkpal.ai\/ga\/?s={search_term_string}"},"query-input":{"@type":"PropertyValueSpecification","valueRequired":true,"valueName":"search_term_string"}}],"inLanguage":"ga-IE"},{"@type":"Organization","@id":"https:\/\/talkpal.ai\/ga\/#organization","name":"Talkpal, Inc.","alternateName":"Talkpal AI","url":"https:\/\/talkpal.ai\/ga\/","logo":{"@type":"ImageObject","inLanguage":"ga-IE","@id":"https:\/\/talkpal.ai\/ga\/#\/schema\/logo\/image\/","url":"https:\/\/talkpal.ai\/wp-content\/uploads\/2024\/03\/Talkpal-Logo-Icon.png","contentUrl":"https:\/\/talkpal.ai\/wp-content\/uploads\/2024\/03\/Talkpal-Logo-Icon.png","width":2880,"height":2880,"caption":"Talkpal, Inc."},"image":{"@id":"https:\/\/talkpal.ai\/ga\/#\/schema\/logo\/image\/"},"sameAs":["https:\/\/www.facebook.com\/profile.php?id=100090733639311","https:\/\/x.com\/talkpalai","https:\/\/www.linkedin.com\/company\/talkpal\/","https:\/\/www.youtube.com\/@TalkPal\/","https:\/\/www.tiktok.com\/@talkpal","https:\/\/www.instagram.com\/talkpal_ai\/","https:\/\/www.crunchbase.com\/organization\/talkpal-9cde","https:\/\/www.g2.com\/products\/talkpal-for-business\/","https:\/\/www.trustpilot.com\/review\/talkpal.ai","https:\/\/www.capterra.com\/p\/10006800\/TalkPal\/"],"description":"Talkpal is a language learning web and mobile education app, powered by the latest AI technologies, that provides engaging experiences to its customers in many different languages to help them improve their language skills. Users can chat about unlimited amount of topics with the app and use other modes to practice their language learning.","email":"support@talkpal.ai","legalName":"Talkpal, Inc.","foundingDate":"2023-04-03","duns":"118989042","numberOfEmployees":{"@type":"QuantitativeValue","minValue":"11","maxValue":"50"},"publishingPrinciples":"https:\/\/talkpal.ai\/publishing-principles\/","actionableFeedbackPolicy":"https:\/\/talkpal.ai\/actionable-feedback-policy\/","correctionsPolicy":"https:\/\/talkpal.ai\/corrections-policy\/","ethicsPolicy":"https:\/\/talkpal.ai\/ethics-policy\/","diversityPolicy":"https:\/\/talkpal.ai\/diversity-policy\/","diversityStaffingReport":"https:\/\/talkpal.ai\/diversity-policy\/"}]}},"_links":{"self":[{"href":"https:\/\/talkpal.ai\/ga\/wp-json\/wp\/v2\/pages\/1446505","targetHints":{"allow":["GET"]}}],"collection":[{"href":"https:\/\/talkpal.ai\/ga\/wp-json\/wp\/v2\/pages"}],"about":[{"href":"https:\/\/talkpal.ai\/ga\/wp-json\/wp\/v2\/types\/page"}],"author":[{"embeddable":true,"href":"https:\/\/talkpal.ai\/ga\/wp-json\/wp\/v2\/users\/6"}],"replies":[{"embeddable":true,"href":"https:\/\/talkpal.ai\/ga\/wp-json\/wp\/v2\/comments?post=1446505"}],"version-history":[{"count":0,"href":"https:\/\/talkpal.ai\/ga\/wp-json\/wp\/v2\/pages\/1446505\/revisions"}],"wp:featuredmedia":[{"embeddable":true,"href":"https:\/\/talkpal.ai\/ga\/wp-json\/wp\/v2\/media\/1444058"}],"wp:attachment":[{"href":"https:\/\/talkpal.ai\/ga\/wp-json\/wp\/v2\/media?parent=1446505"}],"curies":[{"name":"wp","href":"https:\/\/api.w.org\/{rel}","templated":true}]}}