{"id":1446502,"date":"2023-06-21T14:18:43","date_gmt":"2023-06-21T14:18:43","guid":{"rendered":"https:\/\/talkpal.ai\/cleachtai-gramadai-na-greigise\/"},"modified":"2025-12-17T16:04:36","modified_gmt":"2025-12-17T16:04:36","slug":"cleachtai-gramadai-na-greigise","status":"publish","type":"page","link":"https:\/\/talkpal.ai\/ga\/cleachtai-gramadai-na-greigise\/","title":{"rendered":"Cleachta\u00ed Gramada\u00ed na Gr\u00e9igise"},"content":{"rendered":"\r\n\r\n\r\n<section class=\"languageChallengeSection\">\r\n    <div class=\"languageInfoWrapper\">\r\n        \r\n        <h1>Cleachta\u00ed Gramada\u00ed na Gr\u00e9igise<\/h1>\r\n        <p>D\u00e9anaimis foghlaim na Gr\u00e9ige spraoi agus \u00e9asca! Bain triail as na cleachta\u00ed simpl\u00ed seo chun roinnt buneilimint\u00ed <a href=\"https:\/\/talkpal.ai\/ga\/cleachtai-gramadai-na-hisiltire\/\">gramada\u00ed na<\/a> Gr\u00e9ige a chleachtadh agus t\u00fas a <a href=\"https:\/\/talkpal.ai\/locations\/language-courses-in-chur\/\">chur<\/a> le do thuras teanga.<\/p>\r\n\r\n                            <a class=\"getStartedHidden\" href=\"https:\/\/app.talkpal.ai\/signup?lng=\">Tosaigh<\/a>\r\n        \r\n    <\/div>\r\n\r\n    <figure>\r\n    <img decoding=\"async\" width=\"768\" height=\"768\" src=\"https:\/\/talkpal.ai\/wp-content\/uploads\/2023\/06\/greek-768x768.png\" class=\"languageImage no-lazy\" alt=\"Language learning to boost personal capability\" fetchpriority=\"high\" sizes=\"(max-width: 768px) 150px, 768px\" srcset=\"https:\/\/talkpal.ai\/wp-content\/uploads\/2023\/06\/greek-768x768.png 768w, https:\/\/talkpal.ai\/wp-content\/uploads\/2023\/06\/greek-300x300.png 300w\" \/>\r\n    \r\n\r\n    <\/figure>\r\n\r\n            <a class=\"getStartedVisible\" href=\"https:\/\/app.talkpal.ai\/signup?lng=\">Tosaigh<\/a>\r\n    \r\n<\/section>\r\n\r\n\r\n<!-- <section class=\"grammarSection\">\r\n    <div class=\"grammarLinks\">\r\n            <\/div>\r\n<\/section> -->\r\n\r\n\r\n\r\n\r\n<section class=\"promotionalBanner\">\r\n    <p class=\"promotionalText\">An bealach is \u00e9ifeachta\u00ed le teanga a fhoghlaim<\/p>\r\n    <a class=\"promotionalLink\" href=\"https:\/\/app.talkpal.ai\/signup?lng=\">Bain triail as Talkpal saor in aisce<\/a>\r\n<\/section>\n<div class=\"wp-block-group pageContainerStyle\"><div class=\"wp-block-group__inner-container is-layout-constrained wp-block-group-is-layout-constrained\">\n<h2 class=\"wp-block-heading\" id=\"h-greek-grammar-topics\">Topaic\u00ed Gramada\u00ed na Gr\u00e9ige<\/h2>\n\n\n\n<p>Is f\u00e9idir le foghlaim na Gr\u00e9ige a bheith ina eisp\u00e9ireas thar a bheith luachmhar mar sol\u00e1thra\u00edonn s\u00e9 geata chuig cult\u00far, litr\u00edocht agus stair shaibhir agus \u00e9ags\u00fail. T\u00e1 strucht\u00far gramada\u00ed uath\u00fail ag an teanga Ghr\u00e9igis a d&#8217;fh\u00e9adfadh a bheith suimi\u00fail le hini\u00fachadh. T\u00e1 s\u00e9 riachtanach dul i dtaith\u00ed ar ghramadach na Gr\u00e9ige chun m\u00e1istreacht a fh\u00e1il ar an teanga, mar go gcuirfidh s\u00e9 ar do chumas cumars\u00e1id a dh\u00e9anamh go h\u00e9ifeachtach agus go cruinn. Tabharfaidh an treoir seo forbhreathn\u00fa duit ar chuid de na pr\u00edomh\u00e1bhair ghramada\u00ed Gr\u00e9igise, cnuasaithe i seicheamh a chuid\u00edonn le foghlaim na teanga. \u00d3 aimsir agus briathra go r\u00e9amhfhocail agus abairt\u00ed, cuirfidh an treoir seo t\u00fa ar an mbealach chun a bheith inni\u00fail sa Ghr\u00e9igis.<\/p>\n\n\n\n<h3 class=\"wp-block-heading\" id=\"h-1-nouns\">1. Ainmfhocail:<\/h3>\n\n\n\n<p>Is iad ainmfhocail na bloic th\u00f3g\u00e1la d&#8217;aon teanga, agus n\u00ed haon eisceacht \u00ed an Ghr\u00e9igis. \u00das\u00e1idtear iad chun daoine, \u00e1iteanna, ruda\u00ed n\u00f3 smaointe a l\u00e9iri\u00fa. Sa Ghr\u00e9igis, t\u00e1 inscne (firinscneach, baininscneach, n\u00f3 neuter), uimhir (uatha n\u00f3 iolra), agus c\u00e1s (nominative, genitive, accusative, n\u00f3 vocative) ag ainmfhocail. T\u00e1 s\u00e9 r\u00edth\u00e1bhachtach na hair\u00edonna seo agus a n-infhilleadh a thuiscint chun abairt\u00ed a fhoirmi\u00fa.<\/p>\n\n\n\n<h3 class=\"wp-block-heading\" id=\"h-2-articles\">2. Airteagail:<\/h3>\n\n\n\n<p>T\u00e1 ailt sa Ghr\u00e9igis riachtanach chun cinnteacht ainmfhocail a shonr\u00fa. Aonta\u00edonn siad leis an ainmfhocal in inscne, uimhir, agus c\u00e1s. T\u00e1 ailt chinnte (a fhreagra\u00edonn do &#8216;an&#8217;) agus \u00e9iginnte (a fhreagra\u00edonn do &#8216;a&#8217; n\u00f3 &#8216;an&#8217;) a chaithfidh t\u00fa a fhoghlaim agus a \u00fas\u00e1id i gceart.<\/p>\n\n\n\n<h3 class=\"wp-block-heading\" id=\"h-3-adjectives\">3. Aidiachta\u00ed:<\/h3>\n\n\n\n<p>D\u00e9anann aidiachta\u00ed cur s\u00edos ar ainmfhocail n\u00f3 iad a mhodhn\u00fa, ag sol\u00e1thar faisn\u00e9ise breise faoina dtr\u00e9ithe n\u00f3 a dtr\u00e9ithe. Sa Ghr\u00e9igis, aonta\u00edonn aidiachta\u00ed leis na hainmfhocail a mhodhna\u00edonn siad in inscne, uimhir, agus c\u00e1s, agus t\u00e1 claonadh difri\u00fail acu ag brath ar na hair\u00edonna seo.<\/p>\n\n\n\n<h3 class=\"wp-block-heading\" id=\"h-4-pronouns-determiners\">4. Forainmneacha \/ Cinntitheoir\u00ed:<\/h3>\n\n\n\n<p>\u00das\u00e1idtear forainmneacha chun ainmfhocail a chur in ionad, agus sonra\u00edonn n\u00f3 cainn\u00edochta\u00edonn cinnteoir\u00ed iad. Sa Ghr\u00e9igis, infhilleann forainmneacha agus cinnteoir\u00ed araon d&#8217;inscne, uimhir, agus c\u00e1s, d\u00edreach cos\u00fail le hainmfhocail agus aidiachta\u00ed. I measc roinnt sampla\u00ed t\u00e1 forainmneacha pearsanta (mise, tusa, s\u00e9, s\u00ed, srl.), forainmneacha l\u00e9iritheacha (seo, sin), agus forainmneacha sealbhacha (mise, mise, aici, srl.).<\/p>\n\n\n\n<h3 class=\"wp-block-heading\" id=\"h-5-verbs\">5. Briathra:<\/h3>\n\n\n\n<p>Cuireann briathra gn\u00edomhartha, tarl\u00fa n\u00f3 st\u00e1it in i\u00fal. T\u00e1 foirmeacha \u00e9ags\u00fala ag briathra na Gr\u00e9ige ag brath ar aimsir, gi\u00famar, guth agus duine. T\u00e1 s\u00e9 r\u00edth\u00e1bhachtach tuiscint a fh\u00e1il ar na comhchuingithe \u00e9ags\u00fala agus ar an gcaoi a n-\u00fas\u00e1idtear iad chun abairt\u00ed a th\u00f3g\u00e1il agus a thuiscint.<\/p>\n\n\n\n<h3 class=\"wp-block-heading\" id=\"h-6-tenses\">6. Aimsir:<\/h3>\n\n\n\n<p>T\u00e1 roinnt aimsir\u00ed ag an nGr\u00e9igis, mar shampla an l\u00e1 at\u00e1 inniu ann, an t-am at\u00e1 caite, agus an todhcha\u00ed. \u00das\u00e1idtear gach aimsir chun am gn\u00edomha\u00edochta, teagmhais n\u00f3 st\u00e1it a chur in i\u00fal. Cuideoidh foghlaim na n-aimsir\u00ed \u00e9ags\u00fala agus a gcuid comhchuingithe leat t\u00fa f\u00e9in a chur in i\u00fal go cruinn agus daoine eile a thuiscint.<\/p>\n\n\n\n<h3 class=\"wp-block-heading\" id=\"h-7-tense-comparison\">7. Compar\u00e1id aimsire:<\/h3>\n\n\n\n<p>T\u00e1 s\u00e9 t\u00e1bhachtach compar\u00e1id a dh\u00e9anamh idir aimsir\u00ed sa Ghr\u00e9igis chun nuances na teanga a thuiscint. Is \u00e9ard at\u00e1 i gceist leis seo n\u00e1 foghlaim conas gn\u00edomhartha n\u00f3 st\u00e1it a chur in i\u00fal a tharla\u00edonn ag an am c\u00e9anna, go seicheamhach n\u00f3 go coinn\u00edollach.<\/p>\n\n\n\n<h3 class=\"wp-block-heading\" id=\"h-8-progressive\">8. For\u00e1sach:<\/h3>\n\n\n\n<p>\u00das\u00e1idtear an ghn\u00e9 fhor\u00e1sach sa Ghr\u00e9igis chun gn\u00edomhartha lean\u00fanacha n\u00f3 lean\u00fanacha a chur in i\u00fal. Cuideoidh foghlaim conas an ghn\u00e9 fhor\u00e1sach a fhoirmi\u00fa agus a \u00fas\u00e1id leat gn\u00edomhartha at\u00e1 ag tarl\u00fa i l\u00e1thair na huaire n\u00f3 a bh\u00ed ag tarl\u00fa san am at\u00e1 thart a chur in i\u00fal.<\/p>\n\n\n\n<h3 class=\"wp-block-heading\" id=\"h-9-perfect-progressive\">9. For\u00e1sach Foirfe:<\/h3>\n\n\n\n<p>Comhcheangla\u00edonn an ghn\u00e9 fhor\u00e1sach foirfe sa Ghr\u00e9igis coincheapa an chr\u00edochnaithe agus na lean\u00fanachais. \u00das\u00e1idtear \u00e9 chun gn\u00edomhartha n\u00f3 st\u00e1it a chur in i\u00fal a thosaigh san am at\u00e1 thart agus a lean suas go dt\u00ed pointe \u00e1irithe <a href=\"https:\/\/talkpal.ai\/locations\/language-courses-in-ama\/\">ama<\/a>.<\/p>\n\n\n\n<h3 class=\"wp-block-heading\" id=\"h-10-adverbs\">10. Adverbs:<\/h3>\n\n\n\n<p>Sol\u00e1thra\u00edonn adverbs faisn\u00e9is bhreise faoi bhriathra, aidiachta\u00ed, n\u00f3 adverbs eile. Is f\u00e9idir leo bealach, minic\u00edocht, c\u00e9im, am, n\u00f3 \u00e1it a chur in i\u00fal. M\u00e1 fhoghlaim t\u00fa na cine\u00e1lacha \u00e9ags\u00fala adverbs agus a socr\u00fach\u00e1n ceart in abairt, feabhs\u00f3idh s\u00e9 do l\u00edofacht fhorioml\u00e1n sa Ghr\u00e9igis.<\/p>\n\n\n\n<h3 class=\"wp-block-heading\" id=\"h-11-conditionals\">11. Coinn\u00edollacha:<\/h3>\n\n\n\n<p>\u00das\u00e1idtear coinn\u00edollacha chun c\u00e1sanna hipit\u00e9iseacha agus a n-iarmhairt\u00ed a chur in i\u00fal. T\u00e1 cine\u00e1lacha \u00e9ags\u00fala coinn\u00edollacha ag an nGr\u00e9igis, lena n-\u00e1ir\u00edtear f\u00edor, neamhr\u00e9ad\u00fail, agus measctha. T\u00e1 g\u00e1 le coinn\u00edollacha a thuiscint agus a \u00fas\u00e1id chun smaointe agus smaointe casta a chur in i\u00fal.<\/p>\n\n\n\n<h3 class=\"wp-block-heading\" id=\"h-12-prepositions\">12. Prepositions:<\/h3>\n\n\n\n<p>Is focail bheaga iad r\u00e9amhfhocail a l\u00e9ir\u00edonn caidrimh idir ainmfhocail, forainmneacha, n\u00f3 focail eile in abairt. Is f\u00e9idir leo su\u00edomh, am, treo, c\u00fais, agus go leor eile a chur in i\u00fal. Cuideoidh foghlaim na r\u00e9amhfhocail \u00e9ags\u00fala agus a n-\u00fas\u00e1id cheart leat abairt\u00ed n\u00edos cruinne agus n\u00edos comhlean\u00fanacha a fhoirmi\u00fa.<\/p>\n\n\n\n<h3 class=\"wp-block-heading\" id=\"h-13-sentences\">13. Abairt\u00ed:<\/h3>\n\n\n\n<p>Ar deireadh, t\u00e1 m\u00e1istreacht strucht\u00far abairte riachtanach chun cumars\u00e1id \u00e9ifeachtach a dh\u00e9anamh sa Ghr\u00e9igis. Is \u00e9ard at\u00e1 i gceist leis seo n\u00e1 an t-ord ceart focal a thuiscint agus eilimint\u00ed gramada\u00ed \u00e9ags\u00fala a \u00fas\u00e1id, mar shampla \u00e1bhar, briathar agus rud. Tr\u00ed fhoghlaim conas cine\u00e1lacha \u00e9ags\u00fala abairt\u00ed a th\u00f3g\u00e1il, beidh t\u00fa ar do bhealach chun a bheith inni\u00fail sa Ghr\u00e9igis.<\/p>\n<\/div><\/div>\n\r\n<section class=\"learnNavigationSection\">\r\n            \r\n        <a href=\"https:\/\/talkpal.ai\/ga\/foghlaim-greigis\/\">\r\n            <div class=\"learnNavigationWrapper\">\r\n                <div class=\"learnNavigationContent\">\r\n                    <img decoding=\"async\" src=\"https:\/\/talkpal.ai\/wp-content\/uploads\/2024\/08\/Greek.jpg\" alt=\"Greek Flag\">\r\n                    <div>\r\n                        <h4>Maidir le Foghlaim na Gr\u00e9ige<\/h4>\r\n                        <p>Faigh amach gach rud faoi ghramadach na Gr\u00e9ige.<\/p>\r\n                    <\/div>\r\n                <\/div>\r\n            <\/div>\r\n        <\/a>\r\n\r\n        \r\n        <a href=\"https:\/\/talkpal.ai\/ga\/gramadach-na-greige\/\">\r\n            <div class=\"learnNavigationWrapper\">\r\n                <div class=\"learnNavigationContent\">\r\n                    <img decoding=\"async\" src=\"https:\/\/talkpal.ai\/wp-content\/uploads\/2024\/08\/Greek.jpg\" alt=\"Greek Flag\">\r\n                    <div>\r\n                        <h4>Ceachtanna Gramada\u00ed na Gr\u00e9ige<\/h4>\r\n                        <p>Cleachtadh gramadach na Gr\u00e9ige.<\/p>\r\n                    <\/div>\r\n                <\/div>\r\n            <\/div>\r\n        <\/a>\r\n\r\n        \r\n        <a href=\"https:\/\/talkpal.ai\/vocabulary_language\/greek\/\">\r\n            <div class=\"learnNavigationWrapper\">\r\n                <div class=\"learnNavigationContent\">\r\n                    <img decoding=\"async\" src=\"https:\/\/talkpal.ai\/wp-content\/uploads\/2024\/08\/Greek.jpg\" alt=\"Greek Flag\">\r\n                    <div>\r\n                        <h4>St\u00f3r focal na Gr\u00e9ige<\/h4>\r\n                        <p>Leathnaigh do st\u00f3r focal Gr\u00e9igise.<\/p>\r\n                    <\/div>\r\n                <\/div>\r\n            <\/div>\r\n        <\/a>\r\n\r\n            <\/section>","protected":false},"excerpt":{"rendered":"<p>Topaic\u00ed Gramada\u00ed na Gr\u00e9ige Is f\u00e9idir le foghlaim na Gr\u00e9ige a bheith ina eisp\u00e9ireas thar a bheith luachmhar mar sol\u00e1thra\u00edonn s\u00e9 geata chuig cult\u00far, litr\u00edocht agus stair shaibhir agus \u00e9ags\u00fail. T\u00e1 strucht\u00far gramada\u00ed uath\u00fail ag an teanga Ghr\u00e9igis a d&#8217;fh\u00e9adfadh a bheith suimi\u00fail le hini\u00fachadh. T\u00e1 s\u00e9 riachtanach dul i dtaith\u00ed ar ghramadach na Gr\u00e9ige [&hellip;]<\/p>\n","protected":false},"author":6,"featured_media":1444076,"parent":0,"menu_order":0,"comment_status":"closed","ping_status":"closed","template":"LearningContentPage.php","meta":{"_acf_changed":false,"footnotes":""},"class_list":["post-1446502","page","type-page","status-publish","has-post-thumbnail","hentry"],"acf":[],"yoast_head":"<!-- This site is optimized with the Yoast SEO Premium plugin v27.2 (Yoast SEO v27.2) - https:\/\/yoast.com\/product\/yoast-seo-premium-wordpress\/ -->\n<title>Cleachta\u00ed Gramada\u00ed na Gr\u00e9igise - Talkpal<\/title>\n<meta name=\"description\" content=\"Feabhas a chur ar do scileanna gramada\u00ed Gr\u00e9igise go h\u00e9asca - cleachtadh cleachta\u00ed idirghn\u00edomhacha, feabhs\u00fa go tapa, agus muin\u00edn a th\u00f3g\u00e1il le TalkPal AI.\" \/>\n<meta name=\"robots\" content=\"index, follow, max-snippet:-1, max-image-preview:large, max-video-preview:-1\" \/>\n<link rel=\"canonical\" href=\"https:\/\/talkpal.ai\/ga\/cleachtai-gramadai-na-greigise\/\" \/>\n<meta property=\"og:locale\" content=\"ga_IE\" \/>\n<meta property=\"og:type\" content=\"article\" \/>\n<meta property=\"og:title\" content=\"Cleachta\u00ed Gramada\u00ed na Gr\u00e9igise\" \/>\n<meta property=\"og:description\" content=\"Topaic\u00ed Gramada\u00ed na Gr\u00e9ige Is f\u00e9idir le foghlaim na Gr\u00e9ige a bheith ina eisp\u00e9ireas thar a bheith luachmhar mar sol\u00e1thra\u00edonn s\u00e9 geata chuig cult\u00far,\" \/>\n<meta property=\"og:url\" content=\"https:\/\/talkpal.ai\/ga\/cleachtai-gramadai-na-greigise\/\" \/>\n<meta property=\"og:site_name\" content=\"Talkpal\" \/>\n<meta property=\"article:publisher\" content=\"https:\/\/www.facebook.com\/profile.php?id=100090733639311\" \/>\n<meta property=\"article:modified_time\" content=\"2025-12-17T16:04:36+00:00\" \/>\n<meta property=\"og:image\" content=\"https:\/\/talkpal.ai\/wp-content\/uploads\/2023\/05\/greece.png\" \/>\n\t<meta property=\"og:image:width\" content=\"512\" \/>\n\t<meta property=\"og:image:height\" content=\"512\" \/>\n\t<meta property=\"og:image:type\" content=\"image\/png\" \/>\n<meta name=\"twitter:card\" content=\"summary_large_image\" \/>\n<meta name=\"twitter:site\" content=\"@talkpalai\" \/>\n<meta name=\"twitter:label1\" content=\"Est. reading time\" \/>\n\t<meta name=\"twitter:data1\" content=\"5 minutes\" \/>\n<script type=\"application\/ld+json\" class=\"yoast-schema-graph\">{\"@context\":\"https:\/\/schema.org\",\"@graph\":[{\"@type\":\"WebPage\",\"@id\":\"https:\/\/talkpal.ai\/ga\/cleachtai-gramadai-na-greigise\/\",\"url\":\"https:\/\/talkpal.ai\/ga\/cleachtai-gramadai-na-greigise\/\",\"name\":\"Cleachta\u00ed Gramada\u00ed na Gr\u00e9igise - Talkpal\",\"isPartOf\":{\"@id\":\"https:\/\/talkpal.ai\/ga\/#website\"},\"primaryImageOfPage\":{\"@id\":\"https:\/\/talkpal.ai\/ga\/cleachtai-gramadai-na-greigise\/#primaryimage\"},\"image\":{\"@id\":\"https:\/\/talkpal.ai\/ga\/cleachtai-gramadai-na-greigise\/#primaryimage\"},\"thumbnailUrl\":\"https:\/\/talkpal.ai\/wp-content\/uploads\/2023\/05\/greece.png\",\"datePublished\":\"2023-06-21T14:18:43+00:00\",\"dateModified\":\"2025-12-17T16:04:36+00:00\",\"description\":\"Feabhas a chur ar do scileanna gramada\u00ed Gr\u00e9igise go h\u00e9asca - cleachtadh cleachta\u00ed idirghn\u00edomhacha, feabhs\u00fa go tapa, agus muin\u00edn a th\u00f3g\u00e1il le TalkPal AI.\",\"breadcrumb\":{\"@id\":\"https:\/\/talkpal.ai\/ga\/cleachtai-gramadai-na-greigise\/#breadcrumb\"},\"inLanguage\":\"ga-IE\",\"potentialAction\":[{\"@type\":\"ReadAction\",\"target\":[\"https:\/\/talkpal.ai\/ga\/cleachtai-gramadai-na-greigise\/\"]}]},{\"@type\":\"ImageObject\",\"inLanguage\":\"ga-IE\",\"@id\":\"https:\/\/talkpal.ai\/ga\/cleachtai-gramadai-na-greigise\/#primaryimage\",\"url\":\"https:\/\/talkpal.ai\/wp-content\/uploads\/2023\/05\/greece.png\",\"contentUrl\":\"https:\/\/talkpal.ai\/wp-content\/uploads\/2023\/05\/greece.png\",\"width\":512,\"height\":512,\"caption\":\"TalkPal Greece Flag\"},{\"@type\":\"BreadcrumbList\",\"@id\":\"https:\/\/talkpal.ai\/ga\/cleachtai-gramadai-na-greigise\/#breadcrumb\",\"itemListElement\":[{\"@type\":\"ListItem\",\"position\":1,\"name\":\"Homepage\",\"item\":\"https:\/\/talkpal.ai\/ga\/\"},{\"@type\":\"ListItem\",\"position\":2,\"name\":\"Cleachta\u00ed Gramada\u00ed na Gr\u00e9igise\"}]},{\"@type\":\"WebSite\",\"@id\":\"https:\/\/talkpal.ai\/ga\/#website\",\"url\":\"https:\/\/talkpal.ai\/ga\/\",\"name\":\"Talkpal\",\"description\":\"AI Language Learning\",\"publisher\":{\"@id\":\"https:\/\/talkpal.ai\/ga\/#organization\"},\"alternateName\":\"Talkpal AI\",\"potentialAction\":[{\"@type\":\"SearchAction\",\"target\":{\"@type\":\"EntryPoint\",\"urlTemplate\":\"https:\/\/talkpal.ai\/ga\/?s={search_term_string}\"},\"query-input\":{\"@type\":\"PropertyValueSpecification\",\"valueRequired\":true,\"valueName\":\"search_term_string\"}}],\"inLanguage\":\"ga-IE\"},{\"@type\":\"Organization\",\"@id\":\"https:\/\/talkpal.ai\/ga\/#organization\",\"name\":\"Talkpal, Inc.\",\"alternateName\":\"Talkpal AI\",\"url\":\"https:\/\/talkpal.ai\/ga\/\",\"logo\":{\"@type\":\"ImageObject\",\"inLanguage\":\"ga-IE\",\"@id\":\"https:\/\/talkpal.ai\/ga\/#\/schema\/logo\/image\/\",\"url\":\"https:\/\/talkpal.ai\/wp-content\/uploads\/2024\/03\/Talkpal-Logo-Icon.png\",\"contentUrl\":\"https:\/\/talkpal.ai\/wp-content\/uploads\/2024\/03\/Talkpal-Logo-Icon.png\",\"width\":2880,\"height\":2880,\"caption\":\"Talkpal, Inc.\"},\"image\":{\"@id\":\"https:\/\/talkpal.ai\/ga\/#\/schema\/logo\/image\/\"},\"sameAs\":[\"https:\/\/www.facebook.com\/profile.php?id=100090733639311\",\"https:\/\/x.com\/talkpalai\",\"https:\/\/www.linkedin.com\/company\/talkpal\/\",\"https:\/\/www.youtube.com\/@TalkPal\/\",\"https:\/\/www.tiktok.com\/@talkpal\",\"https:\/\/www.instagram.com\/talkpal_ai\/\",\"https:\/\/www.crunchbase.com\/organization\/talkpal-9cde\",\"https:\/\/www.g2.com\/products\/talkpal-for-business\/\",\"https:\/\/www.trustpilot.com\/review\/talkpal.ai\",\"https:\/\/www.capterra.com\/p\/10006800\/TalkPal\/\"],\"description\":\"Talkpal is a language learning web and mobile education app, powered by the latest AI technologies, that provides engaging experiences to its customers in many different languages to help them improve their language skills. Users can chat about unlimited amount of topics with the app and use other modes to practice their language learning.\",\"email\":\"support@talkpal.ai\",\"legalName\":\"Talkpal, Inc.\",\"foundingDate\":\"2023-04-03\",\"duns\":\"118989042\",\"numberOfEmployees\":{\"@type\":\"QuantitativeValue\",\"minValue\":\"11\",\"maxValue\":\"50\"},\"publishingPrinciples\":\"https:\/\/talkpal.ai\/publishing-principles\/\",\"actionableFeedbackPolicy\":\"https:\/\/talkpal.ai\/actionable-feedback-policy\/\",\"correctionsPolicy\":\"https:\/\/talkpal.ai\/corrections-policy\/\",\"ethicsPolicy\":\"https:\/\/talkpal.ai\/ethics-policy\/\",\"diversityPolicy\":\"https:\/\/talkpal.ai\/diversity-policy\/\",\"diversityStaffingReport\":\"https:\/\/talkpal.ai\/diversity-policy\/\"}]}<\/script>\n<!-- \/ Yoast SEO Premium plugin. -->","yoast_head_json":{"title":"Cleachta\u00ed Gramada\u00ed na Gr\u00e9igise - Talkpal","description":"Feabhas a chur ar do scileanna gramada\u00ed Gr\u00e9igise go h\u00e9asca - cleachtadh cleachta\u00ed idirghn\u00edomhacha, feabhs\u00fa go tapa, agus muin\u00edn a th\u00f3g\u00e1il le TalkPal AI.","robots":{"index":"index","follow":"follow","max-snippet":"max-snippet:-1","max-image-preview":"max-image-preview:large","max-video-preview":"max-video-preview:-1"},"canonical":"https:\/\/talkpal.ai\/ga\/cleachtai-gramadai-na-greigise\/","og_locale":"ga_IE","og_type":"article","og_title":"Cleachta\u00ed Gramada\u00ed na Gr\u00e9igise","og_description":"Topaic\u00ed Gramada\u00ed na Gr\u00e9ige Is f\u00e9idir le foghlaim na Gr\u00e9ige a bheith ina eisp\u00e9ireas thar a bheith luachmhar mar sol\u00e1thra\u00edonn s\u00e9 geata chuig cult\u00far,","og_url":"https:\/\/talkpal.ai\/ga\/cleachtai-gramadai-na-greigise\/","og_site_name":"Talkpal","article_publisher":"https:\/\/www.facebook.com\/profile.php?id=100090733639311","article_modified_time":"2025-12-17T16:04:36+00:00","og_image":[{"width":512,"height":512,"url":"https:\/\/talkpal.ai\/wp-content\/uploads\/2023\/05\/greece.png","type":"image\/png"}],"twitter_card":"summary_large_image","twitter_site":"@talkpalai","twitter_misc":{"Est. reading time":"5 minutes"},"schema":{"@context":"https:\/\/schema.org","@graph":[{"@type":"WebPage","@id":"https:\/\/talkpal.ai\/ga\/cleachtai-gramadai-na-greigise\/","url":"https:\/\/talkpal.ai\/ga\/cleachtai-gramadai-na-greigise\/","name":"Cleachta\u00ed Gramada\u00ed na Gr\u00e9igise - Talkpal","isPartOf":{"@id":"https:\/\/talkpal.ai\/ga\/#website"},"primaryImageOfPage":{"@id":"https:\/\/talkpal.ai\/ga\/cleachtai-gramadai-na-greigise\/#primaryimage"},"image":{"@id":"https:\/\/talkpal.ai\/ga\/cleachtai-gramadai-na-greigise\/#primaryimage"},"thumbnailUrl":"https:\/\/talkpal.ai\/wp-content\/uploads\/2023\/05\/greece.png","datePublished":"2023-06-21T14:18:43+00:00","dateModified":"2025-12-17T16:04:36+00:00","description":"Feabhas a chur ar do scileanna gramada\u00ed Gr\u00e9igise go h\u00e9asca - cleachtadh cleachta\u00ed idirghn\u00edomhacha, feabhs\u00fa go tapa, agus muin\u00edn a th\u00f3g\u00e1il le TalkPal AI.","breadcrumb":{"@id":"https:\/\/talkpal.ai\/ga\/cleachtai-gramadai-na-greigise\/#breadcrumb"},"inLanguage":"ga-IE","potentialAction":[{"@type":"ReadAction","target":["https:\/\/talkpal.ai\/ga\/cleachtai-gramadai-na-greigise\/"]}]},{"@type":"ImageObject","inLanguage":"ga-IE","@id":"https:\/\/talkpal.ai\/ga\/cleachtai-gramadai-na-greigise\/#primaryimage","url":"https:\/\/talkpal.ai\/wp-content\/uploads\/2023\/05\/greece.png","contentUrl":"https:\/\/talkpal.ai\/wp-content\/uploads\/2023\/05\/greece.png","width":512,"height":512,"caption":"TalkPal Greece Flag"},{"@type":"BreadcrumbList","@id":"https:\/\/talkpal.ai\/ga\/cleachtai-gramadai-na-greigise\/#breadcrumb","itemListElement":[{"@type":"ListItem","position":1,"name":"Homepage","item":"https:\/\/talkpal.ai\/ga\/"},{"@type":"ListItem","position":2,"name":"Cleachta\u00ed Gramada\u00ed na Gr\u00e9igise"}]},{"@type":"WebSite","@id":"https:\/\/talkpal.ai\/ga\/#website","url":"https:\/\/talkpal.ai\/ga\/","name":"Talkpal","description":"AI Language Learning","publisher":{"@id":"https:\/\/talkpal.ai\/ga\/#organization"},"alternateName":"Talkpal AI","potentialAction":[{"@type":"SearchAction","target":{"@type":"EntryPoint","urlTemplate":"https:\/\/talkpal.ai\/ga\/?s={search_term_string}"},"query-input":{"@type":"PropertyValueSpecification","valueRequired":true,"valueName":"search_term_string"}}],"inLanguage":"ga-IE"},{"@type":"Organization","@id":"https:\/\/talkpal.ai\/ga\/#organization","name":"Talkpal, Inc.","alternateName":"Talkpal AI","url":"https:\/\/talkpal.ai\/ga\/","logo":{"@type":"ImageObject","inLanguage":"ga-IE","@id":"https:\/\/talkpal.ai\/ga\/#\/schema\/logo\/image\/","url":"https:\/\/talkpal.ai\/wp-content\/uploads\/2024\/03\/Talkpal-Logo-Icon.png","contentUrl":"https:\/\/talkpal.ai\/wp-content\/uploads\/2024\/03\/Talkpal-Logo-Icon.png","width":2880,"height":2880,"caption":"Talkpal, Inc."},"image":{"@id":"https:\/\/talkpal.ai\/ga\/#\/schema\/logo\/image\/"},"sameAs":["https:\/\/www.facebook.com\/profile.php?id=100090733639311","https:\/\/x.com\/talkpalai","https:\/\/www.linkedin.com\/company\/talkpal\/","https:\/\/www.youtube.com\/@TalkPal\/","https:\/\/www.tiktok.com\/@talkpal","https:\/\/www.instagram.com\/talkpal_ai\/","https:\/\/www.crunchbase.com\/organization\/talkpal-9cde","https:\/\/www.g2.com\/products\/talkpal-for-business\/","https:\/\/www.trustpilot.com\/review\/talkpal.ai","https:\/\/www.capterra.com\/p\/10006800\/TalkPal\/"],"description":"Talkpal is a language learning web and mobile education app, powered by the latest AI technologies, that provides engaging experiences to its customers in many different languages to help them improve their language skills. Users can chat about unlimited amount of topics with the app and use other modes to practice their language learning.","email":"support@talkpal.ai","legalName":"Talkpal, Inc.","foundingDate":"2023-04-03","duns":"118989042","numberOfEmployees":{"@type":"QuantitativeValue","minValue":"11","maxValue":"50"},"publishingPrinciples":"https:\/\/talkpal.ai\/publishing-principles\/","actionableFeedbackPolicy":"https:\/\/talkpal.ai\/actionable-feedback-policy\/","correctionsPolicy":"https:\/\/talkpal.ai\/corrections-policy\/","ethicsPolicy":"https:\/\/talkpal.ai\/ethics-policy\/","diversityPolicy":"https:\/\/talkpal.ai\/diversity-policy\/","diversityStaffingReport":"https:\/\/talkpal.ai\/diversity-policy\/"}]}},"_links":{"self":[{"href":"https:\/\/talkpal.ai\/ga\/wp-json\/wp\/v2\/pages\/1446502","targetHints":{"allow":["GET"]}}],"collection":[{"href":"https:\/\/talkpal.ai\/ga\/wp-json\/wp\/v2\/pages"}],"about":[{"href":"https:\/\/talkpal.ai\/ga\/wp-json\/wp\/v2\/types\/page"}],"author":[{"embeddable":true,"href":"https:\/\/talkpal.ai\/ga\/wp-json\/wp\/v2\/users\/6"}],"replies":[{"embeddable":true,"href":"https:\/\/talkpal.ai\/ga\/wp-json\/wp\/v2\/comments?post=1446502"}],"version-history":[{"count":0,"href":"https:\/\/talkpal.ai\/ga\/wp-json\/wp\/v2\/pages\/1446502\/revisions"}],"wp:featuredmedia":[{"embeddable":true,"href":"https:\/\/talkpal.ai\/ga\/wp-json\/wp\/v2\/media\/1444076"}],"wp:attachment":[{"href":"https:\/\/talkpal.ai\/ga\/wp-json\/wp\/v2\/media?parent=1446502"}],"curies":[{"name":"wp","href":"https:\/\/api.w.org\/{rel}","templated":true}]}}