{"id":1446498,"date":"2023-06-16T13:25:56","date_gmt":"2023-06-16T13:25:56","guid":{"rendered":"https:\/\/talkpal.ai\/cleachtai-gramadai-na-heastoine\/"},"modified":"2025-12-17T15:57:55","modified_gmt":"2025-12-17T15:57:55","slug":"cleachtai-gramadai-na-heastoine","status":"publish","type":"page","link":"https:\/\/talkpal.ai\/ga\/cleachtai-gramadai-na-heastoine\/","title":{"rendered":"Cleachta\u00ed Gramada\u00ed na hEast\u00f3ine"},"content":{"rendered":"\r\n\r\n\r\n<section class=\"languageChallengeSection\">\r\n    <div class=\"languageInfoWrapper\">\r\n        \r\n        <h1>Cleachta\u00ed Gramada\u00ed na hEast\u00f3ine<\/h1>\r\n        <p>Ag iarraidh m\u00e1istreacht a dh\u00e9anamh ar an <a href=\"https:\/\/talkpal.ai\/learn-estonian\/\">East\u00f3inis<\/a>? Is iad cleachta\u00ed gramada\u00ed d\u00edrithe an bealach iontach chun strucht\u00far abairte, foirmeacha briathra, agus pr\u00edomhphatr\u00fain uath\u00fail don East\u00f3inis a thuiscint. Tosaigh ag cleachtadh <a href=\"https:\/\/talkpal.ai\/ga\/cleachtai-gramadai-na-hisiltire\/\">gramada\u00ed na<\/a> hEast\u00f3ine inniu agus f\u00e9ach ar do scileanna agus do mhuin\u00edn ag f\u00e1s le gach seisi\u00fan!<\/p>\r\n\r\n                            <a class=\"getStartedHidden\" href=\"https:\/\/app.talkpal.ai\/signup?lng=\">Tosaigh<\/a>\r\n        \r\n    <\/div>\r\n\r\n    <figure>\r\n    <img decoding=\"async\" width=\"768\" height=\"768\" src=\"https:\/\/talkpal.ai\/wp-content\/uploads\/2023\/06\/Estonian-768x768.png\" class=\"languageImage no-lazy\" alt=\"Secret tricks of language learning\" fetchpriority=\"high\" sizes=\"(max-width: 768px) 150px, 768px\" srcset=\"https:\/\/talkpal.ai\/wp-content\/uploads\/2023\/06\/Estonian-768x768.png 768w, https:\/\/talkpal.ai\/wp-content\/uploads\/2023\/06\/Estonian-300x300.png 300w\" \/>\r\n    \r\n\r\n    <\/figure>\r\n\r\n            <a class=\"getStartedVisible\" href=\"https:\/\/app.talkpal.ai\/signup?lng=\">Tosaigh<\/a>\r\n    \r\n<\/section>\r\n\r\n\r\n<!-- <section class=\"grammarSection\">\r\n    <div class=\"grammarLinks\">\r\n            <\/div>\r\n<\/section> -->\r\n\r\n\r\n\r\n\r\n<section class=\"promotionalBanner\">\r\n    <p class=\"promotionalText\">An bealach is \u00e9ifeachta\u00ed le teanga a fhoghlaim<\/p>\r\n    <a class=\"promotionalLink\" href=\"https:\/\/app.talkpal.ai\/signup?lng=\">Bain triail as Talkpal saor in aisce<\/a>\r\n<\/section>\n<div class=\"wp-block-group pageContainerStyle\"><div class=\"wp-block-group__inner-container is-layout-constrained wp-block-group-is-layout-constrained\">\n<h2 class=\"wp-block-heading\" id=\"h-estonian-grammar-topics\">Topaic\u00ed Gramada\u00ed na hEast\u00f3ine<\/h2>\n\n\n\n<p>Is f\u00e9idir le teanga <a href=\"https:\/\/talkpal.ai\/talkpal-new-years-discount\/\">nua<\/a> a fhoghlaim a bheith ina thuras spreag\u00fail agus luachmhar, ag oscailt deiseanna nua d&#8217;fh\u00e1s pearsanta, ini\u00fachadh cult\u00fartha, agus dul chun cinn gairmi\u00fail. Cuireann an East\u00f3inis, mar theanga Uralic, eisp\u00e9ireas teanga uath\u00fail agus suimi\u00fail ar f\u00e1il d&#8217;fhoghlaimeoir\u00ed a bhfuil cur amach n\u00edos fearr acu ar theangacha Ind-Eorpacha. Leis an gc\u00f3ras gramada\u00ed casta agus an st\u00f3r focal saibhir, cuireann an East\u00f3inis deis dh\u00fashl\u00e1nach agus tarraingteach ar f\u00e1il do dh\u00edograiseoir\u00ed teanga. Chun an leas is fearr a bhaint as d&#8217;fhoghlaim teanga na hEast\u00f3ine, t\u00e1 s\u00e9 riachtanach cur chuige strucht\u00fartha a bheith agat, ag d\u00edri\u00fa ar na topaic\u00ed gramada\u00ed i seicheamh a chuid\u00edonn leat bun\u00fas l\u00e1idir a th\u00f3g\u00e1il agus do scileanna a <a href=\"https:\/\/talkpal.ai\/locations\/language-courses-in-chur\/\">chur<\/a> chun cinn de r\u00e9ir a ch\u00e9ile.<\/p>\n\n\n\n<h3 class=\"wp-block-heading\" id=\"h-1-nouns-and-pronouns-determiners\">1. Ainmfhocail agus Forainmneacha \/ Cinntitheoir\u00ed:<\/h3>\n\n\n\n<p>Tosaigh tr\u00ed bhun\u00fasacha ainmfhocail na hEast\u00f3ine a fhoghlaim, lena n-\u00e1ir\u00edtear a gclaonadh agus a gc\u00e1sanna. Cuir eolas ar na forainmneacha agus na cinnteoir\u00ed a ghlacann na foirmeacha c\u00e9anna le hainmfhocail, mar go bhfuil siad riachtanach chun abairt\u00ed simpl\u00ed a th\u00f3g\u00e1il.<\/p>\n\n\n\n<h3 class=\"wp-block-heading\" id=\"h-2-adjectives-and-adverbs\">2. Aidiachta\u00ed agus Adverbs:<\/h3>\n\n\n\n<p>Bog ar aghaidh go dt\u00ed aidiachta\u00ed, ag foghlaim conas a aonta\u00edonn siad leis na hainmfhocail a mhodhna\u00edonn siad agus conas iad a dhi\u00falt\u00fa. Cuideoidh adverbs, a shol\u00e1thra\u00edonn faisn\u00e9is bhreise faoi bhriathra, aidiachta\u00ed agus aidiachta\u00ed eile, leat abairt\u00ed n\u00edos casta agus n\u00edos tuairisci\u00fala a chruth\u00fa.<\/p>\n\n\n\n<h3 class=\"wp-block-heading\" id=\"h-3-verbs\">3. Briathra:<\/h3>\n\n\n\n<p>Is f\u00e9idir le comhchuingi\u00fa briathar na hEast\u00f3ine a bheith deacair, ach t\u00e1 s\u00e9 riachtanach chun m\u00e1istreacht a fh\u00e1il ar an teanga. D\u00e9an staid\u00e9ar ar na cine\u00e1lacha \u00e9ags\u00fala briathra, a bpatr\u00fain chomhchuingithe, agus na haimsir\u00ed \u00e9ags\u00fala chun gn\u00edomhartha agus imeachta\u00ed a chur in i\u00fal san am i l\u00e1thair, san am at\u00e1 thart agus sa todhcha\u00ed.<\/p>\n\n\n\n<h3 class=\"wp-block-heading\" id=\"h-4-tenses-and-tense-comparison\">4. Aimsir agus Compar\u00e1id Aimsir:<\/h3>\n\n\n\n<p>Doimhnigh do thuiscint ar aimsir tr\u00ed chur i gcompar\u00e1id lena n-\u00fas\u00e1id i gcomhth\u00e9acsanna \u00e9ags\u00fala. Cabhr\u00f3idh s\u00e9 seo leat an aimsir chu\u00ed a roghn\u00fa chun an bhr\u00ed at\u00e1 beartaithe agat a chur in i\u00fal go cruinn.<\/p>\n\n\n\n<h3 class=\"wp-block-heading\" id=\"h-5-progressive-and-perfect-progressive\">5. For\u00e1sach agus For\u00e1sach Foirfe:<\/h3>\n\n\n\n<p>L\u00e9ir\u00edonn na gn\u00e9ithe seo de bhriathra na hEast\u00f3ine gn\u00edomhartha lean\u00fanacha n\u00f3 lean\u00fanacha. Foghlaim conas iad a fhoirmi\u00fa agus a \u00fas\u00e1id chun nuance a chur le do chumars\u00e1id.<\/p>\n\n\n\n<h3 class=\"wp-block-heading\" id=\"h-6-articles\">6. Airteagail:<\/h3>\n\n\n\n<p>N\u00edl ailt chinnte n\u00f3 \u00e9iginnte ag an East\u00f3inis cos\u00fail leis an mB\u00e9arla, ach t\u00e1 s\u00e9 riachtanach tuiscint a fh\u00e1il ar conas an bhr\u00ed ch\u00e9anna a chur in i\u00fal ag baint \u00fas\u00e1ide as uirlis\u00ed teangeola\u00edocha eile.<\/p>\n\n\n\n<h3 class=\"wp-block-heading\" id=\"h-7-prepositions\">7. Prepositions:<\/h3>\n\n\n\n<p>Foghlaim r\u00e9amhfhocail na hEast\u00f3ine chun caidrimh idir focail in abairt a chur in i\u00fal, mar shampla su\u00edomh, treo, agus am.<\/p>\n\n\n\n<h3 class=\"wp-block-heading\" id=\"h-8-conditionals\">8. Coinn\u00edollacha:<\/h3>\n\n\n\n<p>M\u00e1istir ar an gi\u00famar coinn\u00edollach chun c\u00e1sanna n\u00f3 gn\u00edomhartha hipit\u00e9iseacha a chur in i\u00fal ag brath ar choinn\u00edollacha sonracha.<\/p>\n\n\n\n<h3 class=\"wp-block-heading\" id=\"h-9-sentences\">9. Abairt\u00ed:<\/h3>\n\n\n\n<p>Ar deireadh, d\u00e9an cleachtadh ar chine\u00e1lacha \u00e9ags\u00fala abairt\u00ed a th\u00f3g\u00e1il &#8211; simpl\u00ed, cumaisc agus casta &#8211; ag baint \u00fas\u00e1ide as na topaic\u00ed gramada\u00ed go l\u00e9ir at\u00e1 foghlamtha agat. Cabhr\u00f3idh s\u00e9 seo leat a bheith n\u00edos l\u00edofa agus n\u00edos muin\u00edneach i do scileanna cumars\u00e1ide East\u00f3inis.<\/p>\n<\/div><\/div>\n\r\n<section class=\"learnNavigationSection\">\r\n            \r\n        <a href=\"https:\/\/talkpal.ai\/ga\/foghlaim-eastoinis\/\">\r\n            <div class=\"learnNavigationWrapper\">\r\n                <div class=\"learnNavigationContent\">\r\n                    <img decoding=\"async\" src=\"https:\/\/talkpal.ai\/wp-content\/uploads\/2024\/08\/Estonian.jpg\" alt=\"Estonian Flag\">\r\n                    <div>\r\n                        <h4>Maidir le Foghlaim na hEast\u00f3ine<\/h4>\r\n                        <p>Faigh amach gach rud faoi ghramadach na hEast\u00f3ine.<\/p>\r\n                    <\/div>\r\n                <\/div>\r\n            <\/div>\r\n        <\/a>\r\n\r\n        \r\n        <a href=\"https:\/\/talkpal.ai\/ga\/gramadach-na-heastoine\/\">\r\n            <div class=\"learnNavigationWrapper\">\r\n                <div class=\"learnNavigationContent\">\r\n                    <img decoding=\"async\" src=\"https:\/\/talkpal.ai\/wp-content\/uploads\/2024\/08\/Estonian.jpg\" alt=\"Estonian Flag\">\r\n                    <div>\r\n                        <h4>Ceachtanna Gramada\u00ed na hEast\u00f3ine<\/h4>\r\n                        <p>Cleachtadh gramadach na hEast\u00f3ine.<\/p>\r\n                    <\/div>\r\n                <\/div>\r\n            <\/div>\r\n        <\/a>\r\n\r\n        \r\n        <a href=\"https:\/\/talkpal.ai\/vocabulary_language\/estonian\/\">\r\n            <div class=\"learnNavigationWrapper\">\r\n                <div class=\"learnNavigationContent\">\r\n                    <img decoding=\"async\" src=\"https:\/\/talkpal.ai\/wp-content\/uploads\/2024\/08\/Estonian.jpg\" alt=\"Estonian Flag\">\r\n                    <div>\r\n                        <h4>St\u00f3r Focal na hEast\u00f3ine<\/h4>\r\n                        <p>Leathnaigh do st\u00f3r focal East\u00f3inis.<\/p>\r\n                    <\/div>\r\n                <\/div>\r\n            <\/div>\r\n        <\/a>\r\n\r\n            <\/section>","protected":false},"excerpt":{"rendered":"<p>Topaic\u00ed Gramada\u00ed na hEast\u00f3ine Is f\u00e9idir le teanga nua a fhoghlaim a bheith ina thuras spreag\u00fail agus luachmhar, ag oscailt deiseanna nua d&#8217;fh\u00e1s pearsanta, ini\u00fachadh cult\u00fartha, agus dul chun cinn gairmi\u00fail. Cuireann an East\u00f3inis, mar theanga Uralic, eisp\u00e9ireas teanga uath\u00fail agus suimi\u00fail ar f\u00e1il d&#8217;fhoghlaimeoir\u00ed a bhfuil cur amach n\u00edos fearr acu ar theangacha Ind-Eorpacha. [&hellip;]<\/p>\n","protected":false},"author":6,"featured_media":1444070,"parent":0,"menu_order":0,"comment_status":"closed","ping_status":"closed","template":"LearningContentPage.php","meta":{"_acf_changed":false,"footnotes":""},"class_list":["post-1446498","page","type-page","status-publish","has-post-thumbnail","hentry"],"acf":[],"yoast_head":"<!-- This site is optimized with the Yoast SEO Premium plugin v27.2 (Yoast SEO v27.2) - https:\/\/yoast.com\/product\/yoast-seo-premium-wordpress\/ -->\n<title>Cleachta\u00ed Gramada\u00ed na hEast\u00f3ine - Talkpal<\/title>\n<meta name=\"description\" content=\"Cleachtadh gramadach na hEast\u00f3ine le cleachta\u00ed idirghn\u00edomhacha at\u00e1 deartha chun do scileanna teanga a fheabhs\u00fa go tapa agus go h\u00e9ifeachtach.\" \/>\n<meta name=\"robots\" content=\"index, follow, max-snippet:-1, max-image-preview:large, max-video-preview:-1\" \/>\n<link rel=\"canonical\" href=\"https:\/\/talkpal.ai\/ga\/cleachtai-gramadai-na-heastoine\/\" \/>\n<meta property=\"og:locale\" content=\"ga_IE\" \/>\n<meta property=\"og:type\" content=\"article\" \/>\n<meta property=\"og:title\" content=\"Cleachta\u00ed Gramada\u00ed na hEast\u00f3ine\" \/>\n<meta property=\"og:description\" content=\"Topaic\u00ed Gramada\u00ed na hEast\u00f3ine Is f\u00e9idir le teanga nua a fhoghlaim a bheith ina thuras spreag\u00fail agus luachmhar, ag oscailt deiseanna nua d&#039;fh\u00e1s pearsanta,\" \/>\n<meta property=\"og:url\" content=\"https:\/\/talkpal.ai\/ga\/cleachtai-gramadai-na-heastoine\/\" \/>\n<meta property=\"og:site_name\" content=\"Talkpal\" \/>\n<meta property=\"article:publisher\" content=\"https:\/\/www.facebook.com\/profile.php?id=100090733639311\" \/>\n<meta property=\"article:modified_time\" content=\"2025-12-17T15:57:55+00:00\" \/>\n<meta property=\"og:image\" content=\"https:\/\/talkpal.ai\/wp-content\/uploads\/2023\/05\/estonia.png\" \/>\n\t<meta property=\"og:image:width\" content=\"512\" \/>\n\t<meta property=\"og:image:height\" content=\"512\" \/>\n\t<meta property=\"og:image:type\" content=\"image\/png\" \/>\n<meta name=\"twitter:card\" content=\"summary_large_image\" \/>\n<meta name=\"twitter:site\" content=\"@talkpalai\" \/>\n<meta name=\"twitter:label1\" content=\"Est. reading time\" \/>\n\t<meta name=\"twitter:data1\" content=\"3 minutes\" \/>\n<script type=\"application\/ld+json\" class=\"yoast-schema-graph\">{\"@context\":\"https:\/\/schema.org\",\"@graph\":[{\"@type\":\"WebPage\",\"@id\":\"https:\/\/talkpal.ai\/ga\/cleachtai-gramadai-na-heastoine\/\",\"url\":\"https:\/\/talkpal.ai\/ga\/cleachtai-gramadai-na-heastoine\/\",\"name\":\"Cleachta\u00ed Gramada\u00ed na hEast\u00f3ine - Talkpal\",\"isPartOf\":{\"@id\":\"https:\/\/talkpal.ai\/ga\/#website\"},\"primaryImageOfPage\":{\"@id\":\"https:\/\/talkpal.ai\/ga\/cleachtai-gramadai-na-heastoine\/#primaryimage\"},\"image\":{\"@id\":\"https:\/\/talkpal.ai\/ga\/cleachtai-gramadai-na-heastoine\/#primaryimage\"},\"thumbnailUrl\":\"https:\/\/talkpal.ai\/wp-content\/uploads\/2023\/05\/estonia.png\",\"datePublished\":\"2023-06-16T13:25:56+00:00\",\"dateModified\":\"2025-12-17T15:57:55+00:00\",\"description\":\"Cleachtadh gramadach na hEast\u00f3ine le cleachta\u00ed idirghn\u00edomhacha at\u00e1 deartha chun do scileanna teanga a fheabhs\u00fa go tapa agus go h\u00e9ifeachtach.\",\"breadcrumb\":{\"@id\":\"https:\/\/talkpal.ai\/ga\/cleachtai-gramadai-na-heastoine\/#breadcrumb\"},\"inLanguage\":\"ga-IE\",\"potentialAction\":[{\"@type\":\"ReadAction\",\"target\":[\"https:\/\/talkpal.ai\/ga\/cleachtai-gramadai-na-heastoine\/\"]}]},{\"@type\":\"ImageObject\",\"inLanguage\":\"ga-IE\",\"@id\":\"https:\/\/talkpal.ai\/ga\/cleachtai-gramadai-na-heastoine\/#primaryimage\",\"url\":\"https:\/\/talkpal.ai\/wp-content\/uploads\/2023\/05\/estonia.png\",\"contentUrl\":\"https:\/\/talkpal.ai\/wp-content\/uploads\/2023\/05\/estonia.png\",\"width\":512,\"height\":512,\"caption\":\"TalkPal Estonia Flag\"},{\"@type\":\"BreadcrumbList\",\"@id\":\"https:\/\/talkpal.ai\/ga\/cleachtai-gramadai-na-heastoine\/#breadcrumb\",\"itemListElement\":[{\"@type\":\"ListItem\",\"position\":1,\"name\":\"Homepage\",\"item\":\"https:\/\/talkpal.ai\/ga\/\"},{\"@type\":\"ListItem\",\"position\":2,\"name\":\"Cleachta\u00ed Gramada\u00ed na hEast\u00f3ine\"}]},{\"@type\":\"WebSite\",\"@id\":\"https:\/\/talkpal.ai\/ga\/#website\",\"url\":\"https:\/\/talkpal.ai\/ga\/\",\"name\":\"Talkpal\",\"description\":\"AI Language Learning\",\"publisher\":{\"@id\":\"https:\/\/talkpal.ai\/ga\/#organization\"},\"alternateName\":\"Talkpal AI\",\"potentialAction\":[{\"@type\":\"SearchAction\",\"target\":{\"@type\":\"EntryPoint\",\"urlTemplate\":\"https:\/\/talkpal.ai\/ga\/?s={search_term_string}\"},\"query-input\":{\"@type\":\"PropertyValueSpecification\",\"valueRequired\":true,\"valueName\":\"search_term_string\"}}],\"inLanguage\":\"ga-IE\"},{\"@type\":\"Organization\",\"@id\":\"https:\/\/talkpal.ai\/ga\/#organization\",\"name\":\"Talkpal, Inc.\",\"alternateName\":\"Talkpal AI\",\"url\":\"https:\/\/talkpal.ai\/ga\/\",\"logo\":{\"@type\":\"ImageObject\",\"inLanguage\":\"ga-IE\",\"@id\":\"https:\/\/talkpal.ai\/ga\/#\/schema\/logo\/image\/\",\"url\":\"https:\/\/talkpal.ai\/wp-content\/uploads\/2024\/03\/Talkpal-Logo-Icon.png\",\"contentUrl\":\"https:\/\/talkpal.ai\/wp-content\/uploads\/2024\/03\/Talkpal-Logo-Icon.png\",\"width\":2880,\"height\":2880,\"caption\":\"Talkpal, Inc.\"},\"image\":{\"@id\":\"https:\/\/talkpal.ai\/ga\/#\/schema\/logo\/image\/\"},\"sameAs\":[\"https:\/\/www.facebook.com\/profile.php?id=100090733639311\",\"https:\/\/x.com\/talkpalai\",\"https:\/\/www.linkedin.com\/company\/talkpal\/\",\"https:\/\/www.youtube.com\/@TalkPal\/\",\"https:\/\/www.tiktok.com\/@talkpal\",\"https:\/\/www.instagram.com\/talkpal_ai\/\",\"https:\/\/www.crunchbase.com\/organization\/talkpal-9cde\",\"https:\/\/www.g2.com\/products\/talkpal-for-business\/\",\"https:\/\/www.trustpilot.com\/review\/talkpal.ai\",\"https:\/\/www.capterra.com\/p\/10006800\/TalkPal\/\"],\"description\":\"Talkpal is a language learning web and mobile education app, powered by the latest AI technologies, that provides engaging experiences to its customers in many different languages to help them improve their language skills. Users can chat about unlimited amount of topics with the app and use other modes to practice their language learning.\",\"email\":\"support@talkpal.ai\",\"legalName\":\"Talkpal, Inc.\",\"foundingDate\":\"2023-04-03\",\"duns\":\"118989042\",\"numberOfEmployees\":{\"@type\":\"QuantitativeValue\",\"minValue\":\"11\",\"maxValue\":\"50\"},\"publishingPrinciples\":\"https:\/\/talkpal.ai\/publishing-principles\/\",\"actionableFeedbackPolicy\":\"https:\/\/talkpal.ai\/actionable-feedback-policy\/\",\"correctionsPolicy\":\"https:\/\/talkpal.ai\/corrections-policy\/\",\"ethicsPolicy\":\"https:\/\/talkpal.ai\/ethics-policy\/\",\"diversityPolicy\":\"https:\/\/talkpal.ai\/diversity-policy\/\",\"diversityStaffingReport\":\"https:\/\/talkpal.ai\/diversity-policy\/\"}]}<\/script>\n<!-- \/ Yoast SEO Premium plugin. -->","yoast_head_json":{"title":"Cleachta\u00ed Gramada\u00ed na hEast\u00f3ine - Talkpal","description":"Cleachtadh gramadach na hEast\u00f3ine le cleachta\u00ed idirghn\u00edomhacha at\u00e1 deartha chun do scileanna teanga a fheabhs\u00fa go tapa agus go h\u00e9ifeachtach.","robots":{"index":"index","follow":"follow","max-snippet":"max-snippet:-1","max-image-preview":"max-image-preview:large","max-video-preview":"max-video-preview:-1"},"canonical":"https:\/\/talkpal.ai\/ga\/cleachtai-gramadai-na-heastoine\/","og_locale":"ga_IE","og_type":"article","og_title":"Cleachta\u00ed Gramada\u00ed na hEast\u00f3ine","og_description":"Topaic\u00ed Gramada\u00ed na hEast\u00f3ine Is f\u00e9idir le teanga nua a fhoghlaim a bheith ina thuras spreag\u00fail agus luachmhar, ag oscailt deiseanna nua d'fh\u00e1s pearsanta,","og_url":"https:\/\/talkpal.ai\/ga\/cleachtai-gramadai-na-heastoine\/","og_site_name":"Talkpal","article_publisher":"https:\/\/www.facebook.com\/profile.php?id=100090733639311","article_modified_time":"2025-12-17T15:57:55+00:00","og_image":[{"width":512,"height":512,"url":"https:\/\/talkpal.ai\/wp-content\/uploads\/2023\/05\/estonia.png","type":"image\/png"}],"twitter_card":"summary_large_image","twitter_site":"@talkpalai","twitter_misc":{"Est. reading time":"3 minutes"},"schema":{"@context":"https:\/\/schema.org","@graph":[{"@type":"WebPage","@id":"https:\/\/talkpal.ai\/ga\/cleachtai-gramadai-na-heastoine\/","url":"https:\/\/talkpal.ai\/ga\/cleachtai-gramadai-na-heastoine\/","name":"Cleachta\u00ed Gramada\u00ed na hEast\u00f3ine - Talkpal","isPartOf":{"@id":"https:\/\/talkpal.ai\/ga\/#website"},"primaryImageOfPage":{"@id":"https:\/\/talkpal.ai\/ga\/cleachtai-gramadai-na-heastoine\/#primaryimage"},"image":{"@id":"https:\/\/talkpal.ai\/ga\/cleachtai-gramadai-na-heastoine\/#primaryimage"},"thumbnailUrl":"https:\/\/talkpal.ai\/wp-content\/uploads\/2023\/05\/estonia.png","datePublished":"2023-06-16T13:25:56+00:00","dateModified":"2025-12-17T15:57:55+00:00","description":"Cleachtadh gramadach na hEast\u00f3ine le cleachta\u00ed idirghn\u00edomhacha at\u00e1 deartha chun do scileanna teanga a fheabhs\u00fa go tapa agus go h\u00e9ifeachtach.","breadcrumb":{"@id":"https:\/\/talkpal.ai\/ga\/cleachtai-gramadai-na-heastoine\/#breadcrumb"},"inLanguage":"ga-IE","potentialAction":[{"@type":"ReadAction","target":["https:\/\/talkpal.ai\/ga\/cleachtai-gramadai-na-heastoine\/"]}]},{"@type":"ImageObject","inLanguage":"ga-IE","@id":"https:\/\/talkpal.ai\/ga\/cleachtai-gramadai-na-heastoine\/#primaryimage","url":"https:\/\/talkpal.ai\/wp-content\/uploads\/2023\/05\/estonia.png","contentUrl":"https:\/\/talkpal.ai\/wp-content\/uploads\/2023\/05\/estonia.png","width":512,"height":512,"caption":"TalkPal Estonia Flag"},{"@type":"BreadcrumbList","@id":"https:\/\/talkpal.ai\/ga\/cleachtai-gramadai-na-heastoine\/#breadcrumb","itemListElement":[{"@type":"ListItem","position":1,"name":"Homepage","item":"https:\/\/talkpal.ai\/ga\/"},{"@type":"ListItem","position":2,"name":"Cleachta\u00ed Gramada\u00ed na hEast\u00f3ine"}]},{"@type":"WebSite","@id":"https:\/\/talkpal.ai\/ga\/#website","url":"https:\/\/talkpal.ai\/ga\/","name":"Talkpal","description":"AI Language Learning","publisher":{"@id":"https:\/\/talkpal.ai\/ga\/#organization"},"alternateName":"Talkpal AI","potentialAction":[{"@type":"SearchAction","target":{"@type":"EntryPoint","urlTemplate":"https:\/\/talkpal.ai\/ga\/?s={search_term_string}"},"query-input":{"@type":"PropertyValueSpecification","valueRequired":true,"valueName":"search_term_string"}}],"inLanguage":"ga-IE"},{"@type":"Organization","@id":"https:\/\/talkpal.ai\/ga\/#organization","name":"Talkpal, Inc.","alternateName":"Talkpal AI","url":"https:\/\/talkpal.ai\/ga\/","logo":{"@type":"ImageObject","inLanguage":"ga-IE","@id":"https:\/\/talkpal.ai\/ga\/#\/schema\/logo\/image\/","url":"https:\/\/talkpal.ai\/wp-content\/uploads\/2024\/03\/Talkpal-Logo-Icon.png","contentUrl":"https:\/\/talkpal.ai\/wp-content\/uploads\/2024\/03\/Talkpal-Logo-Icon.png","width":2880,"height":2880,"caption":"Talkpal, Inc."},"image":{"@id":"https:\/\/talkpal.ai\/ga\/#\/schema\/logo\/image\/"},"sameAs":["https:\/\/www.facebook.com\/profile.php?id=100090733639311","https:\/\/x.com\/talkpalai","https:\/\/www.linkedin.com\/company\/talkpal\/","https:\/\/www.youtube.com\/@TalkPal\/","https:\/\/www.tiktok.com\/@talkpal","https:\/\/www.instagram.com\/talkpal_ai\/","https:\/\/www.crunchbase.com\/organization\/talkpal-9cde","https:\/\/www.g2.com\/products\/talkpal-for-business\/","https:\/\/www.trustpilot.com\/review\/talkpal.ai","https:\/\/www.capterra.com\/p\/10006800\/TalkPal\/"],"description":"Talkpal is a language learning web and mobile education app, powered by the latest AI technologies, that provides engaging experiences to its customers in many different languages to help them improve their language skills. Users can chat about unlimited amount of topics with the app and use other modes to practice their language learning.","email":"support@talkpal.ai","legalName":"Talkpal, Inc.","foundingDate":"2023-04-03","duns":"118989042","numberOfEmployees":{"@type":"QuantitativeValue","minValue":"11","maxValue":"50"},"publishingPrinciples":"https:\/\/talkpal.ai\/publishing-principles\/","actionableFeedbackPolicy":"https:\/\/talkpal.ai\/actionable-feedback-policy\/","correctionsPolicy":"https:\/\/talkpal.ai\/corrections-policy\/","ethicsPolicy":"https:\/\/talkpal.ai\/ethics-policy\/","diversityPolicy":"https:\/\/talkpal.ai\/diversity-policy\/","diversityStaffingReport":"https:\/\/talkpal.ai\/diversity-policy\/"}]}},"_links":{"self":[{"href":"https:\/\/talkpal.ai\/ga\/wp-json\/wp\/v2\/pages\/1446498","targetHints":{"allow":["GET"]}}],"collection":[{"href":"https:\/\/talkpal.ai\/ga\/wp-json\/wp\/v2\/pages"}],"about":[{"href":"https:\/\/talkpal.ai\/ga\/wp-json\/wp\/v2\/types\/page"}],"author":[{"embeddable":true,"href":"https:\/\/talkpal.ai\/ga\/wp-json\/wp\/v2\/users\/6"}],"replies":[{"embeddable":true,"href":"https:\/\/talkpal.ai\/ga\/wp-json\/wp\/v2\/comments?post=1446498"}],"version-history":[{"count":0,"href":"https:\/\/talkpal.ai\/ga\/wp-json\/wp\/v2\/pages\/1446498\/revisions"}],"wp:featuredmedia":[{"embeddable":true,"href":"https:\/\/talkpal.ai\/ga\/wp-json\/wp\/v2\/media\/1444070"}],"wp:attachment":[{"href":"https:\/\/talkpal.ai\/ga\/wp-json\/wp\/v2\/media?parent=1446498"}],"curies":[{"name":"wp","href":"https:\/\/api.w.org\/{rel}","templated":true}]}}