{"id":1446494,"date":"2023-06-21T14:25:56","date_gmt":"2023-06-21T14:25:56","guid":{"rendered":"https:\/\/talkpal.ai\/cleachtai-gramadai-eabhraise\/"},"modified":"2025-12-17T15:48:42","modified_gmt":"2025-12-17T15:48:42","slug":"cleachtai-gramadai-eabhraise","status":"publish","type":"page","link":"https:\/\/talkpal.ai\/ga\/cleachtai-gramadai-eabhraise\/","title":{"rendered":"Cleachta\u00ed Gramada\u00ed Eabhraise"},"content":{"rendered":"\r\n\r\n\r\n<section class=\"languageChallengeSection\">\r\n    <div class=\"languageInfoWrapper\">\r\n        \r\n        <h1>Cleachta\u00ed Gramada\u00ed Eabhraise<\/h1>\r\n        <p>R\u00e9idh le tumadh isteach i ngramadach na hEabhraise? Cabhr\u00f3idh na cleachta\u00ed simpl\u00ed seo leat a bheith compordach leis na buneilimint\u00ed agus do mhuin\u00edn a th\u00f3g\u00e1il agus t\u00fa ag foghlaim na teanga \u00e1lainn seo.<\/p>\r\n\r\n                            <a class=\"getStartedHidden\" href=\"https:\/\/app.talkpal.ai\/signup?lng=\">Tosaigh<\/a>\r\n        \r\n    <\/div>\r\n\r\n    <figure>\r\n    <img decoding=\"async\" width=\"768\" height=\"768\" src=\"https:\/\/talkpal.ai\/wp-content\/uploads\/2023\/06\/hebrew-768x768.png\" class=\"languageImage no-lazy\" alt=\"Language learning for proficient communication\" fetchpriority=\"high\" sizes=\"(max-width: 768px) 150px, 768px\" srcset=\"https:\/\/talkpal.ai\/wp-content\/uploads\/2023\/06\/hebrew-768x768.png 768w, https:\/\/talkpal.ai\/wp-content\/uploads\/2023\/06\/hebrew-300x300.png 300w\" \/>\r\n    \r\n\r\n    <\/figure>\r\n\r\n            <a class=\"getStartedVisible\" href=\"https:\/\/app.talkpal.ai\/signup?lng=\">Tosaigh<\/a>\r\n    \r\n<\/section>\r\n\r\n\r\n<!-- <section class=\"grammarSection\">\r\n    <div class=\"grammarLinks\">\r\n            <\/div>\r\n<\/section> -->\r\n\r\n\r\n\r\n\r\n<section class=\"promotionalBanner\">\r\n    <p class=\"promotionalText\">An bealach is \u00e9ifeachta\u00ed le teanga a fhoghlaim<\/p>\r\n    <a class=\"promotionalLink\" href=\"https:\/\/app.talkpal.ai\/signup?lng=\">Bain triail as Talkpal saor in aisce<\/a>\r\n<\/section>\n<div class=\"wp-block-group pageContainerStyle\"><div class=\"wp-block-group__inner-container is-layout-constrained wp-block-group-is-layout-constrained\">\n<h2 class=\"wp-block-heading\" id=\"h-hebrew-grammar-topics\">Topaic\u00ed Gramada\u00ed Eabhrais<\/h2>\n\n\n\n<p>Is teanga sp\u00e9isi\u00fail agus \u00e1rsa \u00ed an <a href=\"https:\/\/talkpal.ai\/learn-hebrew\/\">Eabhrais<\/a> a bhfuil t\u00e1bhacht mh\u00f3r stairi\u00fail agus chult\u00fartha aici. Mar cheann de na teangacha is sine ar domhan, t\u00e1 s\u00e9 tagtha chun cinn agus oiri\u00fanaithe le himeacht <a href=\"https:\/\/talkpal.ai\/locations\/language-courses-in-ama\/\">ama<\/a>, rud a fh\u00e1gann gur teanga dh\u00fashl\u00e1nach agus luachmhar \u00ed le foghlaim. Cib\u00e9 an bhfuil t\u00fa ag <a href=\"https:\/\/talkpal.ai\/ga\/foghlaim-eabhrais\/\">foghlaim Eabhrais<\/a> ar ch\u00faiseanna reiligi\u00fanacha, chun ceangal a dh\u00e9anamh le d&#8217;oidhreacht, n\u00f3 go simpl\u00ed le haghaidh f\u00e1s pearsanta, t\u00e1 tuiscint ar an ngramadach riachtanach chun cumars\u00e1id \u00e9ifeachtach a dh\u00e9anamh. Sa treoir seo, d\u00e9anfaimid ini\u00fachadh ar na pr\u00edomh\u00e1bhair ghramada\u00ed Eabhrais a theasta\u00edonn uait a mh\u00e1istir i seicheamh loighci\u00fail, ag sol\u00e1thar bun\u00fas l\u00e1idir do do thuras foghlama teanga.<\/p>\n\n\n\n<h3 class=\"wp-block-heading\" id=\"h-1-nouns\">1. Ainmfhocail:<\/h3>\n\n\n\n<p>Mar bhloic th\u00f3g\u00e1la aon teanga, t\u00e1 s\u00e9 r\u00edth\u00e1bhachtach ainmfhocail Eabhrais a thuiscint. T\u00e1 inscne (firinscneach n\u00f3 baininscneach) agus uimhir (uatha, iolra, agus uaireanta d\u00e9) ag ainmfhocail san Eabhrais. Cuideoidh foghlaim na bpatr\u00fain <a href=\"https:\/\/talkpal.ai\/ga\/maidir\/\">maidir<\/a> le comhaont\u00fa inscne agus uimhreacha leat abairt\u00ed bun\u00fasacha a fhoirmi\u00fa agus strucht\u00far na teanga a thuiscint.<\/p>\n\n\n\n<h3 class=\"wp-block-heading\" id=\"h-2-articles\">2. Airteagail:<\/h3>\n\n\n\n<p>T\u00e1 alt cinnte ag an Eabhrais, &#8220;\u05d4&#8221; (ha), at\u00e1 ceangailte le t\u00fas ainmfhocail chun a <a href=\"https:\/\/talkpal.ai\/locations\/language-courses-in-chur\/\">chur<\/a> in i\u00fal go bhfuil s\u00e9 sonrach n\u00f3 aitheanta. N\u00edl aon alt \u00e9iginnte in Eabhrais, mar sin t\u00e1 s\u00e9 riachtanach foghlaim cathain agus conas an t-alt cinnte a \u00fas\u00e1id chun cumars\u00e1id cheart a dh\u00e9anamh.<\/p>\n\n\n\n<h3 class=\"wp-block-heading\" id=\"h-3-adjectives\">3. Aidiachta\u00ed:<\/h3>\n\n\n\n<p>T\u00e1 aidiachta\u00ed Eabhrais, cos\u00fail le hainmfhocail, ag teacht le haonmfhocail. Leanann siad an t-ainmfhocal a mhodhna\u00edonn siad agus caithfidh siad aont\u00fa maidir le hinscne agus uimhir. Cuideoidh tuiscint a fh\u00e1il ar na patr\u00fain agus na rialacha maidir le comhaont\u00fa aidiachta leat cur s\u00edos cruinn a dh\u00e9anamh ar ruda\u00ed agus ar smaointe in Eabhrais.<\/p>\n\n\n\n<h3 class=\"wp-block-heading\" id=\"h-4-pronouns-determiners\">4. Forainmneacha \/ Cinntitheoir\u00ed:<\/h3>\n\n\n\n<p>Tagann forainmneacha in ionad ainmfhocail in abairt\u00ed, agus sonra\u00edonn n\u00f3 cainn\u00edochta\u00edonn cinnteoir\u00ed iad. T\u00e1 r\u00f3l r\u00edth\u00e1bhachtach ag an d\u00e1 cheann maidir le do Eabhrais a dh\u00e9anamh n\u00edos l\u00edofa agus n\u00edos n\u00e1d\u00fartha. Cuideoidh m\u00e1istreacht ar na forainmneacha \u00e9ags\u00fala (\u00e1bhar, rud, sealbhach) agus cinnteoir\u00ed \u00e9ags\u00fala (l\u00e9iritheach, ceisteach, \u00e9iginnte) leat abairt\u00ed n\u00edos casta a chruth\u00fa agus do chuid smaointe a chur in i\u00fal n\u00edos \u00e9ifeachta\u00ed.<\/p>\n\n\n\n<h3 class=\"wp-block-heading\" id=\"h-5-verbs\">5. Briathra:<\/h3>\n\n\n\n<p>T\u00e1 briathra Eabhrais i gcro\u00edl\u00e1r ghramada\u00ed na teanga. T\u00e1 siad bunaithe ar ch\u00f3ras fr\u00e9imhe comhdh\u00e9anta de thr\u00ed n\u00f3 ceithre chonsan agus t\u00e1 siad comhchuingithe de r\u00e9ir aimsire, duine, inscne agus uimhreacha. Ligfidh t\u00fa duit gn\u00edomhartha agus st\u00e1it a chur in i\u00fal go h\u00e9ifeachtach.<\/p>\n\n\n\n<h3 class=\"wp-block-heading\" id=\"h-6-tenses\">6. Aimsir:<\/h3>\n\n\n\n<p>T\u00e1 tr\u00ed phr\u00edomhaimsir ag an Eabhrais: an t-am at\u00e1 caite, an l\u00e1 at\u00e1 inniu ann agus an todhcha\u00ed. T\u00e1 rialacha comhchuingeacha ar <a href=\"https:\/\/talkpal.ai\/locations\/language-courses-in-leith\/\">leith<\/a> ag gach aimsir a bhraitheann ar fhr\u00e9amh an bhriathartha agus ar inscne agus uimhir an \u00e1bhair. M\u00e1 thuigeann t\u00fa na rialacha seo, cuirfidh t\u00fa ar do chumas uaini\u00fa na ngn\u00edomhartha a chur in i\u00fal go cruinn.<\/p>\n\n\n\n<h3 class=\"wp-block-heading\" id=\"h-7-tense-comparison\">7. Compar\u00e1id aimsire:<\/h3>\n\n\n\n<p>T\u00e1 s\u00e9 riachtanach go mbeadh a fhios agat cathain agus conas gach aimsir Eabhrais a \u00fas\u00e1id chun cumars\u00e1id \u00e9ifeachtach a dh\u00e9anamh. Cuideoidh compar\u00e1id agus codarsnacht idir na haimsir\u00ed \u00e9ags\u00fala agus cuideoidh s\u00e9 leat nuances na teanga a thuiscint agus ligfidh s\u00e9 duit t\u00fa f\u00e9in a chur in i\u00fal n\u00edos cruinne.<\/p>\n\n\n\n<h3 class=\"wp-block-heading\" id=\"h-8-progressive-and-perfect-progressive\">8. For\u00e1sach agus For\u00e1sach Foirfe:<\/h3>\n\n\n\n<p>\u00das\u00e1idtear na foirmeacha briathar seo chun gn\u00edomhartha lean\u00fanacha n\u00f3 cr\u00edochnaithe a chur in i\u00fal. \u00das\u00e1idtear an fhoirm fhor\u00e1sach le haghaidh gn\u00edomhartha at\u00e1 f\u00f3s ar si\u00fal, agus cuireann an for\u00e1sach foirfe b\u00e9im ar ghn\u00edomh a chr\u00edochn\u00fa. Feabhs\u00f3idh tuiscint na bhfoirmeacha seo do chumas smaointe agus gn\u00edomhartha casta a chur in i\u00fal.<\/p>\n\n\n\n<h3 class=\"wp-block-heading\" id=\"h-9-adverbs\">9. Adverbs:<\/h3>\n\n\n\n<p>Adrodhna\u00edonn adverbs briathra, aidiachta\u00ed, n\u00f3 aidiachta\u00ed eile, ag sol\u00e1thar faisn\u00e9ise breise faoin ngn\u00edomh n\u00f3 faoin gc\u00e1il\u00edocht at\u00e1 \u00e1 cur s\u00edos air. M\u00e1 fhoghlaim t\u00fa na cine\u00e1lacha \u00e9ags\u00fala adverbs Eabhrais agus conas iad a \u00fas\u00e1id i gceart, cuirfidh s\u00e9 \u00e9ags\u00falacht agus doimhneacht le do scileanna teanga.<\/p>\n\n\n\n<h3 class=\"wp-block-heading\" id=\"h-10-prepositions\">10. Prepositions:<\/h3>\n\n\n\n<p>Ceangla\u00edonn r\u00e9amhfhocail ainmfhocail, forainmneacha, n\u00f3 focail eile chun caidrimh a thaispe\u00e1int in am, i su\u00edomh, n\u00f3 i gcomhth\u00e9acsanna eile. Cabhr\u00f3idh m\u00e1istreacht r\u00e9amhfhocail Eabhrais leat abairt\u00ed n\u00edos casta a chruth\u00fa agus caidrimh idir smaointe a chur in i\u00fal n\u00edos soil\u00e9ire.<\/p>\n\n\n\n<h3 class=\"wp-block-heading\" id=\"h-11-conditionals\">11. Coinn\u00edollacha:<\/h3>\n\n\n\n<p>\u00das\u00e1idtear coinn\u00edollacha Eabhrais chun c\u00e1sanna hipit\u00e9iseacha agus a n-iarmhairt\u00ed a chur in i\u00fal. Tr\u00ed na strucht\u00fair choinn\u00edollacha \u00e9ags\u00fala a fhoghlaim (r\u00e1itis m\u00e1s \/ ansin r\u00e1itis) beidh t\u00fa ar do chumas cumars\u00e1id a dh\u00e9anamh go h\u00e9ifeachtach i gc\u00e1sanna hipit\u00e9iseacha n\u00f3 \u00e9iginnte.<\/p>\n\n\n\n<h3 class=\"wp-block-heading\" id=\"h-12-sentences\">12. Abairt\u00ed:<\/h3>\n\n\n\n<p>Ar deireadh, is \u00e9 an sprioc deiridh d&#8217;fhoghlaim na hEabhraise na comhph\u00e1irteanna gramada\u00ed go l\u00e9ir a chur le ch\u00e9ile chun abairt\u00ed ioml\u00e1na, comhlean\u00fanacha a fhoirmi\u00fa. Cleachtadh ainmfhocail, briathra, aidiachta\u00ed agus eilimint\u00ed eile a chomhcheangal chun abairt\u00ed a chruth\u00fa a chuireann do chuid smaointe agus smaointe in i\u00fal go cruinn sa teanga Eabhrais.<\/p>\n<\/div><\/div>\n\r\n<section class=\"learnNavigationSection\">\r\n            \r\n        <a href=\"https:\/\/talkpal.ai\/ga\/foghlaim-eabhrais\/\">\r\n            <div class=\"learnNavigationWrapper\">\r\n                <div class=\"learnNavigationContent\">\r\n                    <img decoding=\"async\" src=\"https:\/\/talkpal.ai\/wp-content\/uploads\/2024\/08\/Hebrew.jpg\" alt=\"Israel Flag\">\r\n                    <div>\r\n                        <h4>Maidir le Foghlaim Eabhrais<\/h4>\r\n                        <p>Faigh amach gach rud faoi ghramadach na hEabhraise.<\/p>\r\n                    <\/div>\r\n                <\/div>\r\n            <\/div>\r\n        <\/a>\r\n\r\n        \r\n        <a href=\"https:\/\/talkpal.ai\/ga\/gramadach-na-heabhraise\/\">\r\n            <div class=\"learnNavigationWrapper\">\r\n                <div class=\"learnNavigationContent\">\r\n                    <img decoding=\"async\" src=\"https:\/\/talkpal.ai\/wp-content\/uploads\/2024\/08\/Hebrew.jpg\" alt=\"Israel Flag\">\r\n                    <div>\r\n                        <h4>Ceachtanna Gramada\u00ed Eabhrais<\/h4>\r\n                        <p>Cleachtadh gramadach na hEabhraise.<\/p>\r\n                    <\/div>\r\n                <\/div>\r\n            <\/div>\r\n        <\/a>\r\n\r\n        \r\n        <a href=\"https:\/\/talkpal.ai\/vocabulary_language\/hebrew\/\">\r\n            <div class=\"learnNavigationWrapper\">\r\n                <div class=\"learnNavigationContent\">\r\n                    <img decoding=\"async\" src=\"https:\/\/talkpal.ai\/wp-content\/uploads\/2024\/08\/Hebrew.jpg\" alt=\"Israel Flag\">\r\n                    <div>\r\n                        <h4>St\u00f3r focal Eabhrais<\/h4>\r\n                        <p>Leathnaigh do st\u00f3r focal Eabhrais.<\/p>\r\n                    <\/div>\r\n                <\/div>\r\n            <\/div>\r\n        <\/a>\r\n\r\n            <\/section>","protected":false},"excerpt":{"rendered":"<p>Topaic\u00ed Gramada\u00ed Eabhrais Is teanga sp\u00e9isi\u00fail agus \u00e1rsa \u00ed an Eabhrais a bhfuil t\u00e1bhacht mh\u00f3r stairi\u00fail agus chult\u00fartha aici. Mar cheann de na teangacha is sine ar domhan, t\u00e1 s\u00e9 tagtha chun cinn agus oiri\u00fanaithe le himeacht ama, rud a fh\u00e1gann gur teanga dh\u00fashl\u00e1nach agus luachmhar \u00ed le foghlaim. Cib\u00e9 an bhfuil t\u00fa ag foghlaim [&hellip;]<\/p>\n","protected":false},"author":6,"featured_media":1444077,"parent":0,"menu_order":0,"comment_status":"closed","ping_status":"closed","template":"LearningContentPage.php","meta":{"_acf_changed":false,"footnotes":""},"class_list":["post-1446494","page","type-page","status-publish","has-post-thumbnail","hentry"],"acf":[],"yoast_head":"<!-- This site is optimized with the Yoast SEO Premium plugin v27.2 (Yoast SEO v27.2) - https:\/\/yoast.com\/product\/yoast-seo-premium-wordpress\/ -->\n<title>Cleachta\u00ed Gramada\u00ed Eabhraise - Talkpal<\/title>\n<meta name=\"description\" content=\"Treisi\u00fa do ghramadach Eabhrais - glac p\u00e1irt i gcleachta\u00ed soil\u00e9ire, praitici\u00fala chun do scileanna teanga a neart\u00fa go h\u00e9asca le TalkPal AI.\" \/>\n<meta name=\"robots\" content=\"index, follow, max-snippet:-1, max-image-preview:large, max-video-preview:-1\" \/>\n<link rel=\"canonical\" href=\"https:\/\/talkpal.ai\/ga\/cleachtai-gramadai-eabhraise\/\" \/>\n<meta property=\"og:locale\" content=\"ga_IE\" \/>\n<meta property=\"og:type\" content=\"article\" \/>\n<meta property=\"og:title\" content=\"Cleachta\u00ed Gramada\u00ed Eabhraise\" \/>\n<meta property=\"og:description\" content=\"Topaic\u00ed Gramada\u00ed Eabhrais Is teanga sp\u00e9isi\u00fail agus \u00e1rsa \u00ed an Eabhrais a bhfuil t\u00e1bhacht mh\u00f3r stairi\u00fail agus chult\u00fartha aici. Mar cheann de na teangacha is\" \/>\n<meta property=\"og:url\" content=\"https:\/\/talkpal.ai\/ga\/cleachtai-gramadai-eabhraise\/\" \/>\n<meta property=\"og:site_name\" content=\"Talkpal\" \/>\n<meta property=\"article:publisher\" content=\"https:\/\/www.facebook.com\/profile.php?id=100090733639311\" \/>\n<meta property=\"article:modified_time\" content=\"2025-12-17T15:48:42+00:00\" \/>\n<meta property=\"og:image\" content=\"https:\/\/talkpal.ai\/wp-content\/uploads\/2023\/05\/israel.png\" \/>\n\t<meta property=\"og:image:width\" content=\"512\" \/>\n\t<meta property=\"og:image:height\" content=\"512\" \/>\n\t<meta property=\"og:image:type\" content=\"image\/png\" \/>\n<meta name=\"twitter:card\" content=\"summary_large_image\" \/>\n<meta name=\"twitter:site\" content=\"@talkpalai\" \/>\n<meta name=\"twitter:label1\" content=\"Est. reading time\" \/>\n\t<meta name=\"twitter:data1\" content=\"4 minutes\" \/>\n<script type=\"application\/ld+json\" class=\"yoast-schema-graph\">{\"@context\":\"https:\/\/schema.org\",\"@graph\":[{\"@type\":\"WebPage\",\"@id\":\"https:\/\/talkpal.ai\/ga\/cleachtai-gramadai-eabhraise\/\",\"url\":\"https:\/\/talkpal.ai\/ga\/cleachtai-gramadai-eabhraise\/\",\"name\":\"Cleachta\u00ed Gramada\u00ed Eabhraise - Talkpal\",\"isPartOf\":{\"@id\":\"https:\/\/talkpal.ai\/ga\/#website\"},\"primaryImageOfPage\":{\"@id\":\"https:\/\/talkpal.ai\/ga\/cleachtai-gramadai-eabhraise\/#primaryimage\"},\"image\":{\"@id\":\"https:\/\/talkpal.ai\/ga\/cleachtai-gramadai-eabhraise\/#primaryimage\"},\"thumbnailUrl\":\"https:\/\/talkpal.ai\/wp-content\/uploads\/2023\/05\/israel.png\",\"datePublished\":\"2023-06-21T14:25:56+00:00\",\"dateModified\":\"2025-12-17T15:48:42+00:00\",\"description\":\"Treisi\u00fa do ghramadach Eabhrais - glac p\u00e1irt i gcleachta\u00ed soil\u00e9ire, praitici\u00fala chun do scileanna teanga a neart\u00fa go h\u00e9asca le TalkPal AI.\",\"breadcrumb\":{\"@id\":\"https:\/\/talkpal.ai\/ga\/cleachtai-gramadai-eabhraise\/#breadcrumb\"},\"inLanguage\":\"ga-IE\",\"potentialAction\":[{\"@type\":\"ReadAction\",\"target\":[\"https:\/\/talkpal.ai\/ga\/cleachtai-gramadai-eabhraise\/\"]}]},{\"@type\":\"ImageObject\",\"inLanguage\":\"ga-IE\",\"@id\":\"https:\/\/talkpal.ai\/ga\/cleachtai-gramadai-eabhraise\/#primaryimage\",\"url\":\"https:\/\/talkpal.ai\/wp-content\/uploads\/2023\/05\/israel.png\",\"contentUrl\":\"https:\/\/talkpal.ai\/wp-content\/uploads\/2023\/05\/israel.png\",\"width\":512,\"height\":512,\"caption\":\"TalkPal Israel Flag\"},{\"@type\":\"BreadcrumbList\",\"@id\":\"https:\/\/talkpal.ai\/ga\/cleachtai-gramadai-eabhraise\/#breadcrumb\",\"itemListElement\":[{\"@type\":\"ListItem\",\"position\":1,\"name\":\"Homepage\",\"item\":\"https:\/\/talkpal.ai\/ga\/\"},{\"@type\":\"ListItem\",\"position\":2,\"name\":\"Cleachta\u00ed Gramada\u00ed Eabhraise\"}]},{\"@type\":\"WebSite\",\"@id\":\"https:\/\/talkpal.ai\/ga\/#website\",\"url\":\"https:\/\/talkpal.ai\/ga\/\",\"name\":\"Talkpal\",\"description\":\"AI Language Learning\",\"publisher\":{\"@id\":\"https:\/\/talkpal.ai\/ga\/#organization\"},\"alternateName\":\"Talkpal AI\",\"potentialAction\":[{\"@type\":\"SearchAction\",\"target\":{\"@type\":\"EntryPoint\",\"urlTemplate\":\"https:\/\/talkpal.ai\/ga\/?s={search_term_string}\"},\"query-input\":{\"@type\":\"PropertyValueSpecification\",\"valueRequired\":true,\"valueName\":\"search_term_string\"}}],\"inLanguage\":\"ga-IE\"},{\"@type\":\"Organization\",\"@id\":\"https:\/\/talkpal.ai\/ga\/#organization\",\"name\":\"Talkpal, Inc.\",\"alternateName\":\"Talkpal AI\",\"url\":\"https:\/\/talkpal.ai\/ga\/\",\"logo\":{\"@type\":\"ImageObject\",\"inLanguage\":\"ga-IE\",\"@id\":\"https:\/\/talkpal.ai\/ga\/#\/schema\/logo\/image\/\",\"url\":\"https:\/\/talkpal.ai\/wp-content\/uploads\/2024\/03\/Talkpal-Logo-Icon.png\",\"contentUrl\":\"https:\/\/talkpal.ai\/wp-content\/uploads\/2024\/03\/Talkpal-Logo-Icon.png\",\"width\":2880,\"height\":2880,\"caption\":\"Talkpal, Inc.\"},\"image\":{\"@id\":\"https:\/\/talkpal.ai\/ga\/#\/schema\/logo\/image\/\"},\"sameAs\":[\"https:\/\/www.facebook.com\/profile.php?id=100090733639311\",\"https:\/\/x.com\/talkpalai\",\"https:\/\/www.linkedin.com\/company\/talkpal\/\",\"https:\/\/www.youtube.com\/@TalkPal\/\",\"https:\/\/www.tiktok.com\/@talkpal\",\"https:\/\/www.instagram.com\/talkpal_ai\/\",\"https:\/\/www.crunchbase.com\/organization\/talkpal-9cde\",\"https:\/\/www.g2.com\/products\/talkpal-for-business\/\",\"https:\/\/www.trustpilot.com\/review\/talkpal.ai\",\"https:\/\/www.capterra.com\/p\/10006800\/TalkPal\/\"],\"description\":\"Talkpal is a language learning web and mobile education app, powered by the latest AI technologies, that provides engaging experiences to its customers in many different languages to help them improve their language skills. Users can chat about unlimited amount of topics with the app and use other modes to practice their language learning.\",\"email\":\"support@talkpal.ai\",\"legalName\":\"Talkpal, Inc.\",\"foundingDate\":\"2023-04-03\",\"duns\":\"118989042\",\"numberOfEmployees\":{\"@type\":\"QuantitativeValue\",\"minValue\":\"11\",\"maxValue\":\"50\"},\"publishingPrinciples\":\"https:\/\/talkpal.ai\/publishing-principles\/\",\"actionableFeedbackPolicy\":\"https:\/\/talkpal.ai\/actionable-feedback-policy\/\",\"correctionsPolicy\":\"https:\/\/talkpal.ai\/corrections-policy\/\",\"ethicsPolicy\":\"https:\/\/talkpal.ai\/ethics-policy\/\",\"diversityPolicy\":\"https:\/\/talkpal.ai\/diversity-policy\/\",\"diversityStaffingReport\":\"https:\/\/talkpal.ai\/diversity-policy\/\"}]}<\/script>\n<!-- \/ Yoast SEO Premium plugin. -->","yoast_head_json":{"title":"Cleachta\u00ed Gramada\u00ed Eabhraise - Talkpal","description":"Treisi\u00fa do ghramadach Eabhrais - glac p\u00e1irt i gcleachta\u00ed soil\u00e9ire, praitici\u00fala chun do scileanna teanga a neart\u00fa go h\u00e9asca le TalkPal AI.","robots":{"index":"index","follow":"follow","max-snippet":"max-snippet:-1","max-image-preview":"max-image-preview:large","max-video-preview":"max-video-preview:-1"},"canonical":"https:\/\/talkpal.ai\/ga\/cleachtai-gramadai-eabhraise\/","og_locale":"ga_IE","og_type":"article","og_title":"Cleachta\u00ed Gramada\u00ed Eabhraise","og_description":"Topaic\u00ed Gramada\u00ed Eabhrais Is teanga sp\u00e9isi\u00fail agus \u00e1rsa \u00ed an Eabhrais a bhfuil t\u00e1bhacht mh\u00f3r stairi\u00fail agus chult\u00fartha aici. Mar cheann de na teangacha is","og_url":"https:\/\/talkpal.ai\/ga\/cleachtai-gramadai-eabhraise\/","og_site_name":"Talkpal","article_publisher":"https:\/\/www.facebook.com\/profile.php?id=100090733639311","article_modified_time":"2025-12-17T15:48:42+00:00","og_image":[{"width":512,"height":512,"url":"https:\/\/talkpal.ai\/wp-content\/uploads\/2023\/05\/israel.png","type":"image\/png"}],"twitter_card":"summary_large_image","twitter_site":"@talkpalai","twitter_misc":{"Est. reading time":"4 minutes"},"schema":{"@context":"https:\/\/schema.org","@graph":[{"@type":"WebPage","@id":"https:\/\/talkpal.ai\/ga\/cleachtai-gramadai-eabhraise\/","url":"https:\/\/talkpal.ai\/ga\/cleachtai-gramadai-eabhraise\/","name":"Cleachta\u00ed Gramada\u00ed Eabhraise - Talkpal","isPartOf":{"@id":"https:\/\/talkpal.ai\/ga\/#website"},"primaryImageOfPage":{"@id":"https:\/\/talkpal.ai\/ga\/cleachtai-gramadai-eabhraise\/#primaryimage"},"image":{"@id":"https:\/\/talkpal.ai\/ga\/cleachtai-gramadai-eabhraise\/#primaryimage"},"thumbnailUrl":"https:\/\/talkpal.ai\/wp-content\/uploads\/2023\/05\/israel.png","datePublished":"2023-06-21T14:25:56+00:00","dateModified":"2025-12-17T15:48:42+00:00","description":"Treisi\u00fa do ghramadach Eabhrais - glac p\u00e1irt i gcleachta\u00ed soil\u00e9ire, praitici\u00fala chun do scileanna teanga a neart\u00fa go h\u00e9asca le TalkPal AI.","breadcrumb":{"@id":"https:\/\/talkpal.ai\/ga\/cleachtai-gramadai-eabhraise\/#breadcrumb"},"inLanguage":"ga-IE","potentialAction":[{"@type":"ReadAction","target":["https:\/\/talkpal.ai\/ga\/cleachtai-gramadai-eabhraise\/"]}]},{"@type":"ImageObject","inLanguage":"ga-IE","@id":"https:\/\/talkpal.ai\/ga\/cleachtai-gramadai-eabhraise\/#primaryimage","url":"https:\/\/talkpal.ai\/wp-content\/uploads\/2023\/05\/israel.png","contentUrl":"https:\/\/talkpal.ai\/wp-content\/uploads\/2023\/05\/israel.png","width":512,"height":512,"caption":"TalkPal Israel Flag"},{"@type":"BreadcrumbList","@id":"https:\/\/talkpal.ai\/ga\/cleachtai-gramadai-eabhraise\/#breadcrumb","itemListElement":[{"@type":"ListItem","position":1,"name":"Homepage","item":"https:\/\/talkpal.ai\/ga\/"},{"@type":"ListItem","position":2,"name":"Cleachta\u00ed Gramada\u00ed Eabhraise"}]},{"@type":"WebSite","@id":"https:\/\/talkpal.ai\/ga\/#website","url":"https:\/\/talkpal.ai\/ga\/","name":"Talkpal","description":"AI Language Learning","publisher":{"@id":"https:\/\/talkpal.ai\/ga\/#organization"},"alternateName":"Talkpal AI","potentialAction":[{"@type":"SearchAction","target":{"@type":"EntryPoint","urlTemplate":"https:\/\/talkpal.ai\/ga\/?s={search_term_string}"},"query-input":{"@type":"PropertyValueSpecification","valueRequired":true,"valueName":"search_term_string"}}],"inLanguage":"ga-IE"},{"@type":"Organization","@id":"https:\/\/talkpal.ai\/ga\/#organization","name":"Talkpal, Inc.","alternateName":"Talkpal AI","url":"https:\/\/talkpal.ai\/ga\/","logo":{"@type":"ImageObject","inLanguage":"ga-IE","@id":"https:\/\/talkpal.ai\/ga\/#\/schema\/logo\/image\/","url":"https:\/\/talkpal.ai\/wp-content\/uploads\/2024\/03\/Talkpal-Logo-Icon.png","contentUrl":"https:\/\/talkpal.ai\/wp-content\/uploads\/2024\/03\/Talkpal-Logo-Icon.png","width":2880,"height":2880,"caption":"Talkpal, Inc."},"image":{"@id":"https:\/\/talkpal.ai\/ga\/#\/schema\/logo\/image\/"},"sameAs":["https:\/\/www.facebook.com\/profile.php?id=100090733639311","https:\/\/x.com\/talkpalai","https:\/\/www.linkedin.com\/company\/talkpal\/","https:\/\/www.youtube.com\/@TalkPal\/","https:\/\/www.tiktok.com\/@talkpal","https:\/\/www.instagram.com\/talkpal_ai\/","https:\/\/www.crunchbase.com\/organization\/talkpal-9cde","https:\/\/www.g2.com\/products\/talkpal-for-business\/","https:\/\/www.trustpilot.com\/review\/talkpal.ai","https:\/\/www.capterra.com\/p\/10006800\/TalkPal\/"],"description":"Talkpal is a language learning web and mobile education app, powered by the latest AI technologies, that provides engaging experiences to its customers in many different languages to help them improve their language skills. Users can chat about unlimited amount of topics with the app and use other modes to practice their language learning.","email":"support@talkpal.ai","legalName":"Talkpal, Inc.","foundingDate":"2023-04-03","duns":"118989042","numberOfEmployees":{"@type":"QuantitativeValue","minValue":"11","maxValue":"50"},"publishingPrinciples":"https:\/\/talkpal.ai\/publishing-principles\/","actionableFeedbackPolicy":"https:\/\/talkpal.ai\/actionable-feedback-policy\/","correctionsPolicy":"https:\/\/talkpal.ai\/corrections-policy\/","ethicsPolicy":"https:\/\/talkpal.ai\/ethics-policy\/","diversityPolicy":"https:\/\/talkpal.ai\/diversity-policy\/","diversityStaffingReport":"https:\/\/talkpal.ai\/diversity-policy\/"}]}},"_links":{"self":[{"href":"https:\/\/talkpal.ai\/ga\/wp-json\/wp\/v2\/pages\/1446494","targetHints":{"allow":["GET"]}}],"collection":[{"href":"https:\/\/talkpal.ai\/ga\/wp-json\/wp\/v2\/pages"}],"about":[{"href":"https:\/\/talkpal.ai\/ga\/wp-json\/wp\/v2\/types\/page"}],"author":[{"embeddable":true,"href":"https:\/\/talkpal.ai\/ga\/wp-json\/wp\/v2\/users\/6"}],"replies":[{"embeddable":true,"href":"https:\/\/talkpal.ai\/ga\/wp-json\/wp\/v2\/comments?post=1446494"}],"version-history":[{"count":0,"href":"https:\/\/talkpal.ai\/ga\/wp-json\/wp\/v2\/pages\/1446494\/revisions"}],"wp:featuredmedia":[{"embeddable":true,"href":"https:\/\/talkpal.ai\/ga\/wp-json\/wp\/v2\/media\/1444077"}],"wp:attachment":[{"href":"https:\/\/talkpal.ai\/ga\/wp-json\/wp\/v2\/media?parent=1446494"}],"curies":[{"name":"wp","href":"https:\/\/api.w.org\/{rel}","templated":true}]}}