{"id":1446489,"date":"2023-06-21T14:01:18","date_gmt":"2023-06-21T14:01:18","guid":{"rendered":"https:\/\/talkpal.ai\/cleachtai-gramadai-na-gailise\/"},"modified":"2025-12-17T16:02:18","modified_gmt":"2025-12-17T16:02:18","slug":"cleachtai-gramadai-na-gailise","status":"publish","type":"page","link":"https:\/\/talkpal.ai\/ga\/cleachtai-gramadai-na-gailise\/","title":{"rendered":"Cleachta\u00ed Gramada\u00ed na Gail\u00edse"},"content":{"rendered":"\r\n\r\n\r\n<section class=\"languageChallengeSection\">\r\n    <div class=\"languageInfoWrapper\">\r\n        \r\n        <h1>Cleachta\u00ed Gramada\u00ed na Gail\u00edse<\/h1>\r\n        <p>An bhfuil t\u00fa ag iarraidh borradh a <a href=\"https:\/\/talkpal.ai\/locations\/language-courses-in-chur\/\">chur<\/a> faoi do scileanna teanga Gail\u00eds? Is bealach iontach \u00e9 cleachta\u00ed gramada\u00ed a chleachtadh chun strucht\u00far abairte, foirmeacha briathra, agus gn\u00e9ithe saini\u00fala na Gail\u00edse a mh\u00e1istir. Tosaigh ag obair ar ghramadach na Gail\u00edse inniu agus f\u00e9ach ar do thuiscint agus do mhuin\u00edn ag f\u00e1s le gach cleachtadh!<\/p>\r\n\r\n                            <a class=\"getStartedHidden\" href=\"https:\/\/app.talkpal.ai\/signup?lng=\">Tosaigh<\/a>\r\n        \r\n    <\/div>\r\n\r\n    <figure>\r\n    <img decoding=\"async\" width=\"768\" height=\"768\" src=\"https:\/\/talkpal.ai\/wp-content\/uploads\/2023\/06\/galician-768x768.png\" class=\"languageImage no-lazy\" alt=\"Language immersion powerful learning method\" fetchpriority=\"high\" sizes=\"(max-width: 768px) 150px, 768px\" srcset=\"https:\/\/talkpal.ai\/wp-content\/uploads\/2023\/06\/galician-768x768.png 768w, https:\/\/talkpal.ai\/wp-content\/uploads\/2023\/06\/galician-300x300.png 300w\" \/>\r\n    \r\n\r\n    <\/figure>\r\n\r\n            <a class=\"getStartedVisible\" href=\"https:\/\/app.talkpal.ai\/signup?lng=\">Tosaigh<\/a>\r\n    \r\n<\/section>\r\n\r\n\r\n<!-- <section class=\"grammarSection\">\r\n    <div class=\"grammarLinks\">\r\n            <\/div>\r\n<\/section> -->\r\n\r\n\r\n\r\n\r\n<section class=\"promotionalBanner\">\r\n    <p class=\"promotionalText\">An bealach is \u00e9ifeachta\u00ed le teanga a fhoghlaim<\/p>\r\n    <a class=\"promotionalLink\" href=\"https:\/\/app.talkpal.ai\/signup?lng=\">Bain triail as Talkpal saor in aisce<\/a>\r\n<\/section>\n<div class=\"wp-block-group pageContainerStyle\"><div class=\"wp-block-group__inner-container is-layout-constrained wp-block-group-is-layout-constrained\">\n<h2 class=\"wp-block-heading\" id=\"h-galician-grammar-topics\">Topaic\u00ed Gramada\u00ed na Gail\u00edse<\/h2>\n\n\n\n<p>Is \u00e9ard is <a href=\"https:\/\/talkpal.ai\/grammar\/\">gramadach<\/a> na Gail\u00edse ann n\u00e1 staid\u00e9ar a dh\u00e9anamh ar strucht\u00far teangeola\u00edoch, rialacha agus comhph\u00e1irteanna na Gail\u00edse, teanga R\u00f3m\u00e1nsach a labhra\u00edtear i bpobal uathrialach na Gail\u00edse in iarthuaisceart na Sp\u00e1inne. T\u00e1 dl\u00fathchaidreamh ag gramadach na Gail\u00edse leis an bPortaing\u00e9ilis, agus t\u00e1 eilimint\u00ed \u00e9ags\u00fala ann a chabhra\u00edonn le foirmi\u00fa agus tuiscint na teanga, mar shampla comhchuingi\u00fa briathartha, comhaont\u00fa ainmfhocail agus aidiachta\u00ed, agus \u00fas\u00e1id ailt, forainmneacha, adverbs, agus r\u00e9amhfhocail. M\u00e1 fhoghlaim\u00edonn t\u00fa gramadach na Gail\u00edse ar bhealach strucht\u00fartha, cinnteofar pr\u00f3iseas foghlama r\u00e9idh agus \u00e9ifeachtach agus sol\u00e1thr\u00f3far tuiscint dhomhain ar an teanga shaibhir bhr\u00edomhar seo.<\/p>\n\n\n\n<h3 class=\"wp-block-heading\" id=\"h-1-nouns\">1. Ainmfhocail:<\/h3>\n\n\n\n<p>Tosaigh le tuiscint a fh\u00e1il ar choincheap na n-ainmfhocail sa Ghail\u00edsis, at\u00e1 rangaithe ina dh\u00e1 inscne (firinscneach agus baininscneach) agus is f\u00e9idir leo a bheith uatha n\u00f3 iolra. Foghlaim conas iad a aithint agus a \u00fas\u00e1id i gceart in abairt\u00ed.<\/p>\n\n\n\n<h3 class=\"wp-block-heading\" id=\"h-2-articles\">2. Airteagail:<\/h3>\n\n\n\n<p>D\u00e9an staid\u00e9ar ar na hailt chinnte agus \u00e9iginnte sa Ghail\u00edsis, a aonta\u00edonn \u00f3 thaobh inscne agus uimhreacha de leis na hainmfhocail a ghabhann leo. Cabhr\u00f3idh s\u00e9 seo le fr\u00e1sa\u00ed agus abairt\u00ed bun\u00fasacha a fhoirmi\u00fa n\u00edos \u00e9ifeachta\u00ed.<\/p>\n\n\n\n<h3 class=\"wp-block-heading\" id=\"h-3-adjectives\">3. Aidiachta\u00ed:<\/h3>\n\n\n\n<p>Foghlaim faoi aidiachta\u00ed sa Ghail\u00edsis, a aonta\u00edonn inscne agus uimhreacha leis na hainmfhocail a mhodhna\u00edonn siad. Tr\u00ed thuiscint a fh\u00e1il ar na rialacha socr\u00fach\u00e1in agus comhaontaithe, is f\u00e9idir leat cur s\u00edos cruinn a dh\u00e9anamh ar ruda\u00ed agus ar dhaoine.<\/p>\n\n\n\n<h3 class=\"wp-block-heading\" id=\"h-4-pronouns-determiners\">4. Forainmneacha \/ Cinntitheoir\u00ed:<\/h3>\n\n\n\n<p>D\u00e9an staid\u00e9ar ar na cine\u00e1lacha \u00e9ags\u00fala forainmneacha agus cinnteoir\u00ed sa Ghail\u00edsis, ar f\u00e9idir leo ainmfhocail a chur in ionad n\u00f3 a chur in i\u00fal in abairt. Cuims\u00edonn s\u00e9 seo forainmneacha pearsanta, taispe\u00e1nacha, sealbhacha agus ceisti\u00fanacha, i measc ruda\u00ed eile.<\/p>\n\n\n\n<h3 class=\"wp-block-heading\" id=\"h-5-verbs\">5. Briathra:<\/h3>\n\n\n\n<p>D\u00edrigh ar chomhchuingi\u00fa briathra, at\u00e1 ina ghn\u00e9 r\u00edth\u00e1bhachtach de ghramadach na Gail\u00edse. Foghlaim na haimsir\u00ed agus na gi\u00famar \u00e9ags\u00fala, agus cleachtadh briathra rialta agus neamhrialta a chomhcheangal.<\/p>\n\n\n\n<h3 class=\"wp-block-heading\" id=\"h-6-tense-comparison\">6. Compar\u00e1id aimsire:<\/h3>\n\n\n\n<p>Tuiscint a fh\u00e1il ar na difr\u00edochta\u00ed idir na haimsir \u00e9ags\u00fala sa Ghail\u00edsis, agus foghlaim conas iad a \u00fas\u00e1id i gceart chun an tagairt <a href=\"https:\/\/talkpal.ai\/locations\/language-courses-in-ama\/\">ama<\/a> chu\u00ed a chur in i\u00fal i do chuid cainte n\u00f3 scr\u00edbhneoireachta.<\/p>\n\n\n\n<h3 class=\"wp-block-heading\" id=\"h-7-progressive\">7. For\u00e1sach:<\/h3>\n\n\n\n<p>D\u00e9an staid\u00e9ar ar an ngn\u00e9 fhor\u00e1sach sa Ghail\u00edsis, a l\u00e9ir\u00edonn gn\u00edomh lean\u00fanach, agus foghlaim conas \u00e9 a fhoirmi\u00fa agus a \u00fas\u00e1id le aimsir \u00e9ags\u00fala.<\/p>\n\n\n\n<h3 class=\"wp-block-heading\" id=\"h-8-perfect-progressive\">8. For\u00e1sach Foirfe:<\/h3>\n\n\n\n<p>Foghlaim faoin ngn\u00e9 fhor\u00e1sach foirfe, a chomhcheangla\u00edonn na gn\u00e9ithe foirfe agus for\u00e1sacha chun gn\u00edomh a chur in i\u00fal a bh\u00ed ar si\u00fal agus a d&#8217;fh\u00e9adfadh lean\u00faint ar aghaidh sa todhcha\u00ed.<\/p>\n\n\n\n<h3 class=\"wp-block-heading\" id=\"h-9-adverbs\">9. Adverbs:<\/h3>\n\n\n\n<p>D\u00e9an ini\u00fachadh ar adverbs na Gail\u00edse, a shol\u00e1thra\u00edonn faisn\u00e9is bhreise faoi bhriathra agus aidiachta\u00ed eile. Foghlaim na cine\u00e1lacha \u00e9ags\u00fala agus a rialacha socr\u00fach\u00e1in in abairt\u00ed.<\/p>\n\n\n\n<h3 class=\"wp-block-heading\" id=\"h-10-prepositions\">10. Prepositions:<\/h3>\n\n\n\n<p>D\u00e9an staid\u00e9ar ar na r\u00e9amhfhocail \u00e9ags\u00fala sa Ghail\u00edsis, a thaispe\u00e1nann an gaol idir eilimint\u00ed in abairt, mar shampla su\u00edomh, treo, am, n\u00f3 c\u00fais.<\/p>\n\n\n\n<h3 class=\"wp-block-heading\" id=\"h-11-conditionals\">11. Coinn\u00edollacha:<\/h3>\n\n\n\n<p>Foghlaim faoi abairt\u00ed coinn\u00edollacha sa Ghail\u00edsis, a l\u00e9ir\u00edonn c\u00e1sanna hipit\u00e9iseacha n\u00f3 neamhr\u00e9ad\u00fala agus a n-iarmhairt\u00ed. Staid\u00e9ar a dh\u00e9anamh ar fhoirmi\u00fa agus \u00fas\u00e1id na gcine\u00e1lacha \u00e9ags\u00fala coinn\u00edollacha.<\/p>\n\n\n\n<h3 class=\"wp-block-heading\" id=\"h-12-sentences\">12. Abairt\u00ed:<\/h3>\n\n\n\n<p>Ar deireadh, d\u00e9an cleachtadh ar na comhph\u00e1irteanna gramada\u00ed go l\u00e9ir a foghlaim\u00edodh roimhe seo a chomhcheangal chun abairt\u00ed simpl\u00ed agus casta a chruth\u00fa sa Ghail\u00edsis. Cabhr\u00f3idh s\u00e9 seo le do thuiscint ar an teanga a threisi\u00fa agus do l\u00edofacht a th\u00f3g\u00e1il.<\/p>\n<\/div><\/div>\n\r\n<section class=\"learnNavigationSection\">\r\n            \r\n        <a href=\"https:\/\/talkpal.ai\/ga\/foghlaim-gailisis\/\">\r\n            <div class=\"learnNavigationWrapper\">\r\n                <div class=\"learnNavigationContent\">\r\n                    <img decoding=\"async\" src=\"https:\/\/talkpal.ai\/wp-content\/uploads\/2024\/08\/Galician.jpg\" alt=\"Galicia Flag\">\r\n                    <div>\r\n                        <h4>Maidir le Foghlaim na Gail\u00edse<\/h4>\r\n                        <p>Faigh amach gach rud faoi ghramadach na Gail\u00edse.<\/p>\r\n                    <\/div>\r\n                <\/div>\r\n            <\/div>\r\n        <\/a>\r\n\r\n        \r\n        <a href=\"https:\/\/talkpal.ai\/ga\/gramadach-na-gailise\/\">\r\n            <div class=\"learnNavigationWrapper\">\r\n                <div class=\"learnNavigationContent\">\r\n                    <img decoding=\"async\" src=\"https:\/\/talkpal.ai\/wp-content\/uploads\/2024\/08\/Galician.jpg\" alt=\"Galicia Flag\">\r\n                    <div>\r\n                        <h4>Ceachtanna Gramada\u00ed na Gail\u00edse<\/h4>\r\n                        <p>Cleachtadh gramadach na Gail\u00edse.<\/p>\r\n                    <\/div>\r\n                <\/div>\r\n            <\/div>\r\n        <\/a>\r\n\r\n        \r\n        <a href=\"https:\/\/talkpal.ai\/vocabulary_language\/galician\/\">\r\n            <div class=\"learnNavigationWrapper\">\r\n                <div class=\"learnNavigationContent\">\r\n                    <img decoding=\"async\" src=\"https:\/\/talkpal.ai\/wp-content\/uploads\/2024\/08\/Galician.jpg\" alt=\"Galicia Flag\">\r\n                    <div>\r\n                        <h4>St\u00f3r Focal na Gail\u00edse<\/h4>\r\n                        <p>Leathnaigh do st\u00f3r focal Gail\u00edsis.<\/p>\r\n                    <\/div>\r\n                <\/div>\r\n            <\/div>\r\n        <\/a>\r\n\r\n            <\/section>","protected":false},"excerpt":{"rendered":"<p>Topaic\u00ed Gramada\u00ed na Gail\u00edse Is \u00e9ard is gramadach na Gail\u00edse ann n\u00e1 staid\u00e9ar a dh\u00e9anamh ar strucht\u00far teangeola\u00edoch, rialacha agus comhph\u00e1irteanna na Gail\u00edse, teanga R\u00f3m\u00e1nsach a labhra\u00edtear i bpobal uathrialach na Gail\u00edse in iarthuaisceart na Sp\u00e1inne. T\u00e1 dl\u00fathchaidreamh ag gramadach na Gail\u00edse leis an bPortaing\u00e9ilis, agus t\u00e1 eilimint\u00ed \u00e9ags\u00fala ann a chabhra\u00edonn le foirmi\u00fa agus [&hellip;]<\/p>\n","protected":false},"author":6,"featured_media":1444071,"parent":0,"menu_order":0,"comment_status":"closed","ping_status":"closed","template":"LearningContentPage.php","meta":{"_acf_changed":false,"footnotes":""},"class_list":["post-1446489","page","type-page","status-publish","has-post-thumbnail","hentry"],"acf":[],"yoast_head":"<!-- This site is optimized with the Yoast SEO Premium plugin v27.2 (Yoast SEO v27.2) - https:\/\/yoast.com\/product\/yoast-seo-premium-wordpress\/ -->\n<title>Cleachta\u00ed Gramada\u00ed na Gail\u00edse - Talkpal<\/title>\n<meta name=\"description\" content=\"Cleachtadh gramadach na Gail\u00edse go h\u00e9asca - feabhs\u00fa go tapa, p\u00e1irt a ghlacadh i gcleachta\u00ed soil\u00e9ire idirghn\u00edomhacha, agus muin\u00edn teanga a fh\u00e1il\" \/>\n<meta name=\"robots\" content=\"index, follow, max-snippet:-1, max-image-preview:large, max-video-preview:-1\" \/>\n<link rel=\"canonical\" href=\"https:\/\/talkpal.ai\/ga\/cleachtai-gramadai-na-gailise\/\" \/>\n<meta property=\"og:locale\" content=\"ga_IE\" \/>\n<meta property=\"og:type\" content=\"article\" \/>\n<meta property=\"og:title\" content=\"Cleachta\u00ed Gramada\u00ed na Gail\u00edse\" \/>\n<meta property=\"og:description\" content=\"Topaic\u00ed Gramada\u00ed na Gail\u00edse Is \u00e9ard is gramadach na Gail\u00edse ann n\u00e1 staid\u00e9ar a dh\u00e9anamh ar strucht\u00far teangeola\u00edoch, rialacha agus comhph\u00e1irteanna na\" \/>\n<meta property=\"og:url\" content=\"https:\/\/talkpal.ai\/ga\/cleachtai-gramadai-na-gailise\/\" \/>\n<meta property=\"og:site_name\" content=\"Talkpal\" \/>\n<meta property=\"article:publisher\" content=\"https:\/\/www.facebook.com\/profile.php?id=100090733639311\" \/>\n<meta property=\"article:modified_time\" content=\"2025-12-17T16:02:18+00:00\" \/>\n<meta property=\"og:image\" content=\"https:\/\/talkpal.ai\/wp-content\/uploads\/2023\/05\/Galician-spain.png\" \/>\n\t<meta property=\"og:image:width\" content=\"512\" \/>\n\t<meta property=\"og:image:height\" content=\"512\" \/>\n\t<meta property=\"og:image:type\" content=\"image\/png\" \/>\n<meta name=\"twitter:card\" content=\"summary_large_image\" \/>\n<meta name=\"twitter:site\" content=\"@talkpalai\" \/>\n<meta name=\"twitter:label1\" content=\"Est. reading time\" \/>\n\t<meta name=\"twitter:data1\" content=\"3 minutes\" \/>\n<script type=\"application\/ld+json\" class=\"yoast-schema-graph\">{\"@context\":\"https:\/\/schema.org\",\"@graph\":[{\"@type\":\"WebPage\",\"@id\":\"https:\/\/talkpal.ai\/ga\/cleachtai-gramadai-na-gailise\/\",\"url\":\"https:\/\/talkpal.ai\/ga\/cleachtai-gramadai-na-gailise\/\",\"name\":\"Cleachta\u00ed Gramada\u00ed na Gail\u00edse - Talkpal\",\"isPartOf\":{\"@id\":\"https:\/\/talkpal.ai\/ga\/#website\"},\"primaryImageOfPage\":{\"@id\":\"https:\/\/talkpal.ai\/ga\/cleachtai-gramadai-na-gailise\/#primaryimage\"},\"image\":{\"@id\":\"https:\/\/talkpal.ai\/ga\/cleachtai-gramadai-na-gailise\/#primaryimage\"},\"thumbnailUrl\":\"https:\/\/talkpal.ai\/wp-content\/uploads\/2023\/05\/Galician-spain.png\",\"datePublished\":\"2023-06-21T14:01:18+00:00\",\"dateModified\":\"2025-12-17T16:02:18+00:00\",\"description\":\"Cleachtadh gramadach na Gail\u00edse go h\u00e9asca - feabhs\u00fa go tapa, p\u00e1irt a ghlacadh i gcleachta\u00ed soil\u00e9ire idirghn\u00edomhacha, agus muin\u00edn teanga a fh\u00e1il\",\"breadcrumb\":{\"@id\":\"https:\/\/talkpal.ai\/ga\/cleachtai-gramadai-na-gailise\/#breadcrumb\"},\"inLanguage\":\"ga-IE\",\"potentialAction\":[{\"@type\":\"ReadAction\",\"target\":[\"https:\/\/talkpal.ai\/ga\/cleachtai-gramadai-na-gailise\/\"]}]},{\"@type\":\"ImageObject\",\"inLanguage\":\"ga-IE\",\"@id\":\"https:\/\/talkpal.ai\/ga\/cleachtai-gramadai-na-gailise\/#primaryimage\",\"url\":\"https:\/\/talkpal.ai\/wp-content\/uploads\/2023\/05\/Galician-spain.png\",\"contentUrl\":\"https:\/\/talkpal.ai\/wp-content\/uploads\/2023\/05\/Galician-spain.png\",\"width\":512,\"height\":512,\"caption\":\"TalkPal Galician Flag\"},{\"@type\":\"BreadcrumbList\",\"@id\":\"https:\/\/talkpal.ai\/ga\/cleachtai-gramadai-na-gailise\/#breadcrumb\",\"itemListElement\":[{\"@type\":\"ListItem\",\"position\":1,\"name\":\"Homepage\",\"item\":\"https:\/\/talkpal.ai\/ga\/\"},{\"@type\":\"ListItem\",\"position\":2,\"name\":\"Cleachta\u00ed Gramada\u00ed na Gail\u00edse\"}]},{\"@type\":\"WebSite\",\"@id\":\"https:\/\/talkpal.ai\/ga\/#website\",\"url\":\"https:\/\/talkpal.ai\/ga\/\",\"name\":\"Talkpal\",\"description\":\"AI Language Learning\",\"publisher\":{\"@id\":\"https:\/\/talkpal.ai\/ga\/#organization\"},\"alternateName\":\"Talkpal AI\",\"potentialAction\":[{\"@type\":\"SearchAction\",\"target\":{\"@type\":\"EntryPoint\",\"urlTemplate\":\"https:\/\/talkpal.ai\/ga\/?s={search_term_string}\"},\"query-input\":{\"@type\":\"PropertyValueSpecification\",\"valueRequired\":true,\"valueName\":\"search_term_string\"}}],\"inLanguage\":\"ga-IE\"},{\"@type\":\"Organization\",\"@id\":\"https:\/\/talkpal.ai\/ga\/#organization\",\"name\":\"Talkpal, Inc.\",\"alternateName\":\"Talkpal AI\",\"url\":\"https:\/\/talkpal.ai\/ga\/\",\"logo\":{\"@type\":\"ImageObject\",\"inLanguage\":\"ga-IE\",\"@id\":\"https:\/\/talkpal.ai\/ga\/#\/schema\/logo\/image\/\",\"url\":\"https:\/\/talkpal.ai\/wp-content\/uploads\/2024\/03\/Talkpal-Logo-Icon.png\",\"contentUrl\":\"https:\/\/talkpal.ai\/wp-content\/uploads\/2024\/03\/Talkpal-Logo-Icon.png\",\"width\":2880,\"height\":2880,\"caption\":\"Talkpal, Inc.\"},\"image\":{\"@id\":\"https:\/\/talkpal.ai\/ga\/#\/schema\/logo\/image\/\"},\"sameAs\":[\"https:\/\/www.facebook.com\/profile.php?id=100090733639311\",\"https:\/\/x.com\/talkpalai\",\"https:\/\/www.linkedin.com\/company\/talkpal\/\",\"https:\/\/www.youtube.com\/@TalkPal\/\",\"https:\/\/www.tiktok.com\/@talkpal\",\"https:\/\/www.instagram.com\/talkpal_ai\/\",\"https:\/\/www.crunchbase.com\/organization\/talkpal-9cde\",\"https:\/\/www.g2.com\/products\/talkpal-for-business\/\",\"https:\/\/www.trustpilot.com\/review\/talkpal.ai\",\"https:\/\/www.capterra.com\/p\/10006800\/TalkPal\/\"],\"description\":\"Talkpal is a language learning web and mobile education app, powered by the latest AI technologies, that provides engaging experiences to its customers in many different languages to help them improve their language skills. Users can chat about unlimited amount of topics with the app and use other modes to practice their language learning.\",\"email\":\"support@talkpal.ai\",\"legalName\":\"Talkpal, Inc.\",\"foundingDate\":\"2023-04-03\",\"duns\":\"118989042\",\"numberOfEmployees\":{\"@type\":\"QuantitativeValue\",\"minValue\":\"11\",\"maxValue\":\"50\"},\"publishingPrinciples\":\"https:\/\/talkpal.ai\/publishing-principles\/\",\"actionableFeedbackPolicy\":\"https:\/\/talkpal.ai\/actionable-feedback-policy\/\",\"correctionsPolicy\":\"https:\/\/talkpal.ai\/corrections-policy\/\",\"ethicsPolicy\":\"https:\/\/talkpal.ai\/ethics-policy\/\",\"diversityPolicy\":\"https:\/\/talkpal.ai\/diversity-policy\/\",\"diversityStaffingReport\":\"https:\/\/talkpal.ai\/diversity-policy\/\"}]}<\/script>\n<!-- \/ Yoast SEO Premium plugin. -->","yoast_head_json":{"title":"Cleachta\u00ed Gramada\u00ed na Gail\u00edse - Talkpal","description":"Cleachtadh gramadach na Gail\u00edse go h\u00e9asca - feabhs\u00fa go tapa, p\u00e1irt a ghlacadh i gcleachta\u00ed soil\u00e9ire idirghn\u00edomhacha, agus muin\u00edn teanga a fh\u00e1il","robots":{"index":"index","follow":"follow","max-snippet":"max-snippet:-1","max-image-preview":"max-image-preview:large","max-video-preview":"max-video-preview:-1"},"canonical":"https:\/\/talkpal.ai\/ga\/cleachtai-gramadai-na-gailise\/","og_locale":"ga_IE","og_type":"article","og_title":"Cleachta\u00ed Gramada\u00ed na Gail\u00edse","og_description":"Topaic\u00ed Gramada\u00ed na Gail\u00edse Is \u00e9ard is gramadach na Gail\u00edse ann n\u00e1 staid\u00e9ar a dh\u00e9anamh ar strucht\u00far teangeola\u00edoch, rialacha agus comhph\u00e1irteanna na","og_url":"https:\/\/talkpal.ai\/ga\/cleachtai-gramadai-na-gailise\/","og_site_name":"Talkpal","article_publisher":"https:\/\/www.facebook.com\/profile.php?id=100090733639311","article_modified_time":"2025-12-17T16:02:18+00:00","og_image":[{"width":512,"height":512,"url":"https:\/\/talkpal.ai\/wp-content\/uploads\/2023\/05\/Galician-spain.png","type":"image\/png"}],"twitter_card":"summary_large_image","twitter_site":"@talkpalai","twitter_misc":{"Est. reading time":"3 minutes"},"schema":{"@context":"https:\/\/schema.org","@graph":[{"@type":"WebPage","@id":"https:\/\/talkpal.ai\/ga\/cleachtai-gramadai-na-gailise\/","url":"https:\/\/talkpal.ai\/ga\/cleachtai-gramadai-na-gailise\/","name":"Cleachta\u00ed Gramada\u00ed na Gail\u00edse - Talkpal","isPartOf":{"@id":"https:\/\/talkpal.ai\/ga\/#website"},"primaryImageOfPage":{"@id":"https:\/\/talkpal.ai\/ga\/cleachtai-gramadai-na-gailise\/#primaryimage"},"image":{"@id":"https:\/\/talkpal.ai\/ga\/cleachtai-gramadai-na-gailise\/#primaryimage"},"thumbnailUrl":"https:\/\/talkpal.ai\/wp-content\/uploads\/2023\/05\/Galician-spain.png","datePublished":"2023-06-21T14:01:18+00:00","dateModified":"2025-12-17T16:02:18+00:00","description":"Cleachtadh gramadach na Gail\u00edse go h\u00e9asca - feabhs\u00fa go tapa, p\u00e1irt a ghlacadh i gcleachta\u00ed soil\u00e9ire idirghn\u00edomhacha, agus muin\u00edn teanga a fh\u00e1il","breadcrumb":{"@id":"https:\/\/talkpal.ai\/ga\/cleachtai-gramadai-na-gailise\/#breadcrumb"},"inLanguage":"ga-IE","potentialAction":[{"@type":"ReadAction","target":["https:\/\/talkpal.ai\/ga\/cleachtai-gramadai-na-gailise\/"]}]},{"@type":"ImageObject","inLanguage":"ga-IE","@id":"https:\/\/talkpal.ai\/ga\/cleachtai-gramadai-na-gailise\/#primaryimage","url":"https:\/\/talkpal.ai\/wp-content\/uploads\/2023\/05\/Galician-spain.png","contentUrl":"https:\/\/talkpal.ai\/wp-content\/uploads\/2023\/05\/Galician-spain.png","width":512,"height":512,"caption":"TalkPal Galician Flag"},{"@type":"BreadcrumbList","@id":"https:\/\/talkpal.ai\/ga\/cleachtai-gramadai-na-gailise\/#breadcrumb","itemListElement":[{"@type":"ListItem","position":1,"name":"Homepage","item":"https:\/\/talkpal.ai\/ga\/"},{"@type":"ListItem","position":2,"name":"Cleachta\u00ed Gramada\u00ed na Gail\u00edse"}]},{"@type":"WebSite","@id":"https:\/\/talkpal.ai\/ga\/#website","url":"https:\/\/talkpal.ai\/ga\/","name":"Talkpal","description":"AI Language Learning","publisher":{"@id":"https:\/\/talkpal.ai\/ga\/#organization"},"alternateName":"Talkpal AI","potentialAction":[{"@type":"SearchAction","target":{"@type":"EntryPoint","urlTemplate":"https:\/\/talkpal.ai\/ga\/?s={search_term_string}"},"query-input":{"@type":"PropertyValueSpecification","valueRequired":true,"valueName":"search_term_string"}}],"inLanguage":"ga-IE"},{"@type":"Organization","@id":"https:\/\/talkpal.ai\/ga\/#organization","name":"Talkpal, Inc.","alternateName":"Talkpal AI","url":"https:\/\/talkpal.ai\/ga\/","logo":{"@type":"ImageObject","inLanguage":"ga-IE","@id":"https:\/\/talkpal.ai\/ga\/#\/schema\/logo\/image\/","url":"https:\/\/talkpal.ai\/wp-content\/uploads\/2024\/03\/Talkpal-Logo-Icon.png","contentUrl":"https:\/\/talkpal.ai\/wp-content\/uploads\/2024\/03\/Talkpal-Logo-Icon.png","width":2880,"height":2880,"caption":"Talkpal, Inc."},"image":{"@id":"https:\/\/talkpal.ai\/ga\/#\/schema\/logo\/image\/"},"sameAs":["https:\/\/www.facebook.com\/profile.php?id=100090733639311","https:\/\/x.com\/talkpalai","https:\/\/www.linkedin.com\/company\/talkpal\/","https:\/\/www.youtube.com\/@TalkPal\/","https:\/\/www.tiktok.com\/@talkpal","https:\/\/www.instagram.com\/talkpal_ai\/","https:\/\/www.crunchbase.com\/organization\/talkpal-9cde","https:\/\/www.g2.com\/products\/talkpal-for-business\/","https:\/\/www.trustpilot.com\/review\/talkpal.ai","https:\/\/www.capterra.com\/p\/10006800\/TalkPal\/"],"description":"Talkpal is a language learning web and mobile education app, powered by the latest AI technologies, that provides engaging experiences to its customers in many different languages to help them improve their language skills. Users can chat about unlimited amount of topics with the app and use other modes to practice their language learning.","email":"support@talkpal.ai","legalName":"Talkpal, Inc.","foundingDate":"2023-04-03","duns":"118989042","numberOfEmployees":{"@type":"QuantitativeValue","minValue":"11","maxValue":"50"},"publishingPrinciples":"https:\/\/talkpal.ai\/publishing-principles\/","actionableFeedbackPolicy":"https:\/\/talkpal.ai\/actionable-feedback-policy\/","correctionsPolicy":"https:\/\/talkpal.ai\/corrections-policy\/","ethicsPolicy":"https:\/\/talkpal.ai\/ethics-policy\/","diversityPolicy":"https:\/\/talkpal.ai\/diversity-policy\/","diversityStaffingReport":"https:\/\/talkpal.ai\/diversity-policy\/"}]}},"_links":{"self":[{"href":"https:\/\/talkpal.ai\/ga\/wp-json\/wp\/v2\/pages\/1446489","targetHints":{"allow":["GET"]}}],"collection":[{"href":"https:\/\/talkpal.ai\/ga\/wp-json\/wp\/v2\/pages"}],"about":[{"href":"https:\/\/talkpal.ai\/ga\/wp-json\/wp\/v2\/types\/page"}],"author":[{"embeddable":true,"href":"https:\/\/talkpal.ai\/ga\/wp-json\/wp\/v2\/users\/6"}],"replies":[{"embeddable":true,"href":"https:\/\/talkpal.ai\/ga\/wp-json\/wp\/v2\/comments?post=1446489"}],"version-history":[{"count":0,"href":"https:\/\/talkpal.ai\/ga\/wp-json\/wp\/v2\/pages\/1446489\/revisions"}],"wp:featuredmedia":[{"embeddable":true,"href":"https:\/\/talkpal.ai\/ga\/wp-json\/wp\/v2\/media\/1444071"}],"wp:attachment":[{"href":"https:\/\/talkpal.ai\/ga\/wp-json\/wp\/v2\/media?parent=1446489"}],"curies":[{"name":"wp","href":"https:\/\/api.w.org\/{rel}","templated":true}]}}