{"id":1446059,"date":"2023-03-26T12:27:22","date_gmt":"2023-03-26T12:27:22","guid":{"rendered":"https:\/\/talkpal.ai\/gramadach-iodalach\/"},"modified":"2025-09-06T20:38:36","modified_gmt":"2025-09-06T20:38:36","slug":"gramadach-iodalach","status":"publish","type":"page","link":"https:\/\/talkpal.ai\/ga\/gramadach-iodalach\/","title":{"rendered":"Gramadach Iod\u00e1lach"},"content":{"rendered":"\r\n\r\n\r\n<section class=\"languageChallengeSection\">\r\n    <div class=\"languageInfoWrapper\">\r\n        \r\n        <h1>Gramadach Iod\u00e1lach<\/h1>\r\n        <p>Faigh amach bun\u00fas na hIod\u00e1ile tr\u00ed a rialacha gramada\u00ed riachtanacha a fhoghlaim. Cabhr\u00f3idh m\u00e1istreacht ar ghramadach na hIod\u00e1ile leat t\u00fa f\u00e9in a <a href=\"https:\/\/talkpal.ai\/locations\/language-courses-in-chur\/\">chur<\/a> in i\u00fal le muin\u00edn agus ceangal n\u00edos doimhne le cult\u00far saibhir na hIod\u00e1ile. Tosaigh ag foghlaim gramada\u00ed na hIod\u00e1ile inniu agus glac do ch\u00e9ad ch\u00e9im i dtreo l\u00edofa!<\/p>\r\n\r\n                            <a class=\"getStartedHidden\" href=\"https:\/\/app.talkpal.ai\/signup?lng=\">Tosaigh<\/a>\r\n        \r\n    <\/div>\r\n\r\n    <figure>\r\n    <img decoding=\"async\" width=\"768\" height=\"768\" src=\"https:\/\/talkpal.ai\/wp-content\/uploads\/2023\/06\/italian-768x768.png\" class=\"languageImage no-lazy\" alt=\"Language learning for increased memory capacity\" fetchpriority=\"high\" sizes=\"(max-width: 768px) 150px, 768px\" srcset=\"https:\/\/talkpal.ai\/wp-content\/uploads\/2023\/06\/italian-768x768.png 768w, https:\/\/talkpal.ai\/wp-content\/uploads\/2023\/06\/italian-300x300.png 300w\" \/>\r\n    \r\n\r\n    <\/figure>\r\n\r\n            <a class=\"getStartedVisible\" href=\"https:\/\/app.talkpal.ai\/signup?lng=\">Tosaigh<\/a>\r\n    \r\n<\/section>\r\n<section class=\"promotionalBanner\">\r\n    <p class=\"promotionalText\">An bealach is \u00e9ifeachta\u00ed le teanga a fhoghlaim<\/p>\r\n    <a class=\"promotionalLink\" href=\"https:\/\/app.talkpal.ai\/signup?lng=\">Bain triail as Talkpal saor in aisce<\/a>\r\n<\/section>\n<div class=\"wp-block-group pageContainerStyle\"><div class=\"wp-block-group__inner-container is-layout-constrained wp-block-group-is-layout-constrained\">\n<h2 class=\"wp-block-heading\" id=\"h-mastering-the-art-of-italian-grammar-your-ultimate-guide\">M\u00e1istreacht ar Eala\u00edn na Gramada\u00ed Iod\u00e1ilise: Do Threoir Deiridh<\/h2>\n\n\n\n<p>Ciao, <a href=\"https:\/\/talkpal.ai\/talkpal-discount-for-language-enthusiasts\/\">d\u00edograiseoir\u00ed teanga<\/a>! R\u00e9idh le tumadh headfirst isteach i saol na gramada\u00ed Iod\u00e1ilise? T\u00e1 t\u00fa tagtha go dt\u00ed an \u00e1it cheart. Pac\u00e1ilte le faisn\u00e9is at\u00e1 furasta a dh\u00edle\u00e1 agus comhr\u00e1 i ton, treor\u00f3idh an t-alt seo t\u00fa tr\u00ed shaol suimi\u00fail (agus uaireanta deacair) na gramada\u00ed Iod\u00e1ilise ionas gur f\u00e9idir leat abairt\u00ed a th\u00f3g\u00e1il go muin\u00edneach agus comhr\u00e1ite br\u00ed a bheith agat le cainteoir\u00ed d\u00fachais. Mar sin, b\u00facla suas, agus tosa\u00edmid!<\/p>\n\n\n\n<h3 class=\"wp-block-heading\" id=\"h-but-first-why-italian-grammar\">Ach ar dt\u00fas, c\u00e9n f\u00e1th gramadach na hIod\u00e1ile?<\/h3>\n\n\n\n<p>M\u00e1 t\u00e1 t\u00fa ag foghlaim na hIod\u00e1ilise, t\u00e1 bun\u00fas l\u00e1idir sa ghramadach r\u00edth\u00e1bhachtach chun labhairt, l\u00e9amh agus scr\u00edobh go l\u00edofa. B&#8217;fh\u00e9idir go bhfuil <a href=\"https:\/\/talkpal.ai\/grammar\/\">gramadach<\/a> na hIod\u00e1ile casta ar dt\u00fas, ach t\u00e1 s\u00e9 r\u00e9as\u00fanta simpl\u00ed nuair a bhriseann t\u00fa s\u00edos \u00e9 i bp\u00edosa\u00ed n\u00edos l\u00fa, n\u00edos sol\u00e1imhsithe. Mar sin, d\u00e9anaimis t\u00fas a chur le do thuras i dtreo m\u00e1istreacht a dh\u00e9anamh ar ghramadach na hIod\u00e1ile!<\/p>\n\n\n\n<h3 class=\"wp-block-heading\" id=\"h-1-nouns-articles-and-gender\">1. Ainmfhocail, ailt, agus inscne<\/h3>\n\n\n\n<p>Tagann ainmfhocail na hIod\u00e1ile in dh\u00e1 inscne: firinscneach agus baininscneach. Murab ionann agus an <a href=\"https:\/\/talkpal.ai\/learn-english-with-ai\/\">B\u00e9arla<\/a>, \u00e1it a bhfuil inscne an ainmfhocail neamh\u00e1bhartha, \u00e9il\u00edonn an Iod\u00e1ilis an inscne cheart chun abairt a th\u00f3g\u00e1il i gceart. An f\u00e9idir leat buille faoi thuairim a thabhairt ar inscne ainmfhocail mar &#8220;tavolo&#8221; (t\u00e1bla) n\u00f3 &#8220;casa&#8221; (teach)? M\u00e1 buille faoi thuairim t\u00fa firinscneach do &#8220;tavolo&#8221; agus baininscneach do &#8220;casa,&#8221; bravo!<\/p>\n\n\n\n<p>San Iod\u00e1ilis, is gn\u00e1ch go gcr\u00edochna\u00edonn ainmfhocail le &#8220;-o&#8221; le haghaidh firinscneach agus &#8220;-a&#8221; le haghaidh baininscneach. T\u00e1 eisceachta\u00ed ann &#8211; cr\u00edochna\u00edonn roinnt focal le &#8220;-e&#8221; agus d&#8217;fh\u00e9adfadh siad a bheith ceachtar inscne &#8211; ach anois, d\u00e9anaimis an bunphrionsabal seo a choinne\u00e1il i gcuimhne.<\/p>\n\n\n\n<p>Anois, d\u00e9anaimis labhairt faoi ailt. D\u00edreach mar at\u00e1 i mB\u00e9arla, teasta\u00edonn ailt uainn roimh ainmfhocail. T\u00e1 airteagail chinnte (il, lo, la, i, gli, le) agus earra\u00ed \u00e9iginnte (un, uno, una) ag an Iod\u00e1ilis.<\/p>\n\n\n\n<p>Mar sin, conas a roghna\u00edmid c\u00e9n t-alt cinnte le h\u00fas\u00e1id?<\/p>\n\n\n\n<p>\u2013 &#8220;il&#8221; agus &#8220;i&#8221; d&#8217;ainmfhocail firinscneach a thosa\u00edonn le consan, m.sh., il libro (an leabhar), i libri (na leabhair)<br\/>&#8211; &#8220;lo&#8221; agus &#8220;gli&#8221; d&#8217;ainmfhocail firinscneach a thosa\u00edonn le &#8220;s&#8221; agus ina dhiaidh sin consin, guta (seachas &#8220;u&#8221;), n\u00f3 &#8220;z,&#8221; m.sh., lo <a href=\"https:\/\/talkpal.ai\/talkpal-discount-for-students\/\">studente<\/a> (an mac l\u00e9inn), gli <a href=\"https:\/\/talkpal.ai\/talkpal-discount-for-students\/\">studenti<\/a> (na mic l\u00e9inn)<br\/>&#8211; &#8220;la&#8221; agus &#8220;le&#8221; d&#8217;ainmfhocail baininscneach, m.sh., la casa (an teach), le case (na tithe)<\/p>\n\n\n\n<h3 class=\"wp-block-heading\" id=\"h-2-adjectives-and-agreement\">2. Aidiachta\u00ed agus comhaont\u00fa<\/h3>\n\n\n\n<p>Caithfidh aidiachta\u00ed san Iod\u00e1ilis aont\u00fa leis an ainmfhocal a mhodhna\u00edonn siad in inscne agus uimhir. Mar shampla, chun cur s\u00edos a dh\u00e9anamh ar pizza deliziosa, d\u00e9arf\u00e1 &#8220;una pizza deliziosa&#8221; agus n\u00ed &#8220;delizioso&#8221;. Cuimhnigh, is gn\u00e1ch go leanann an aidiacht an t-ainmfhocal san Iod\u00e1ilis.<\/p>\n\n\n\n<h3 class=\"wp-block-heading\" id=\"h-3-verbs-tense-and-conjugation\">3. Briathra, aimsir, agus comhchuingi\u00fa<\/h3>\n\n\n\n<p>Is cuid mh\u00f3r den ghramadach iad briathra na hIod\u00e1ile. T\u00e1 tr\u00ed chatag\u00f3ir briathar ann (-are, -ere, agus -ire) agus tonna briathra neamhrialta, mar sin t\u00e1 \u00e1r gcuid oibre gearrtha amach d\u00fainn! Chun forbhreathn\u00fa tapa a thabhairt duit, d\u00e9anaimis cl\u00fadach ar aimsir l\u00e1ithreach na mbriathra rialta.<\/p>\n\n\n\n<p>&#8211; Briathra &#8220;-are&#8221;: m.sh., parlare (labhairt): io parlo, tu parli, lui\/lei <a href=\"https:\/\/talkpal.ai\/locations\/language-courses-in-parla\/\">parla<\/a>, noi parliamo, voi parlate, loro parlano<br\/>&#8211; Briathra &#8220;-ere&#8221;: m.sh., leggere (le l\u00e9amh): io leggo, tu leggi, lui\/lei legge, noi leggiamo, voi leggete, loro leggono<br\/>&#8211; Briathra &#8220;-ire&#8221;: m.sh., finire (a chr\u00edochn\u00fa): io finisco, tu finisci, lui\/lei finisce, noi finiamo, voi finite, loro finiscono<\/p>\n\n\n\n<p>Coinnigh i gcuimhne, n\u00edl anseo ach barr an leac oighir! T\u00e1 go leor aimsir\u00ed agus briathra neamhrialta eile le foghlaim, ach tosa\u00edonn gach turas le c\u00e9im amh\u00e1in.<\/p>\n\n\n\n<h3 class=\"wp-block-heading\" id=\"h-4-prepositions-pronouns-and-more\">4. Prepositions, forainmneacha, agus go leor eile!<\/h3>\n\n\n\n<p>T\u00e1 go leor comhph\u00e1irteanna eile ag gramadach na hIod\u00e1ile cos\u00fail le r\u00e9amhfhocail (di, a, da, in, su, etc.), forainmneacha (io, tu, lui\/lei, srl.), briathra machnamhacha, agus nathanna idiomatic. T\u00e1 gach comhph\u00e1irt eochair chun do l\u00edofacht a dh\u00edghlas\u00e1il, mar sin t\u00f3g c\u00e9im amh\u00e1in ag an am.<\/p>\n\n\n\n<p>Mar fhocal scoir, n\u00edl aon aicearra ann chun m\u00e1istreacht a dh\u00e9anamh ar ghramadach na hIod\u00e1ile. \u00c9il\u00edonn s\u00e9 buanseasmhacht, cleachtadh agus foighne. Ach nuair a fhaigheann t\u00fa an crochadh air, beidh t\u00fa in ann taith\u00ed a fh\u00e1il ar an \u00e1illeacht a bhaineann le comhr\u00e1 san Iod\u00e1ilis, an cult\u00far agus an stair shaibhir a fhionnadh, agus do mheas ar an teanga a dhoimhni\u00fa. Maith le fortuna!<\/p>\n<\/div><\/div>\n\r\n<section class=\"learnNavigationSection\">\r\n            \r\n        <a href=\"https:\/\/talkpal.ai\/ga\/foghlaim-iodailis\/\">\r\n            <div class=\"learnNavigationWrapper\">\r\n                <div class=\"learnNavigationContent\">\r\n                    <img decoding=\"async\" src=\"https:\/\/talkpal.ai\/wp-content\/uploads\/2024\/08\/Italian.jpg\" alt=\"Italian Flag\">\r\n                    <div>\r\n                        <h4>Maidir le Foghlaim na hIod\u00e1ile<\/h4>\r\n                        <p>Faigh amach gach rud faoi ghramadach na hIod\u00e1ile.<\/p>\r\n                    <\/div>\r\n                <\/div>\r\n            <\/div>\r\n        <\/a>\r\n\r\n        \r\n        <a href=\"https:\/\/talkpal.ai\/ga\/cleachtai-gramadai-na-hiodaile\/\">\r\n            <div class=\"learnNavigationWrapper\">\r\n                <div class=\"learnNavigationContent\">\r\n                    <img decoding=\"async\" src=\"https:\/\/talkpal.ai\/wp-content\/uploads\/2024\/08\/Italian.jpg\" alt=\"Italian Flag\">\r\n                    <div>\r\n                        <h4>Cleachtadh Gramada\u00ed na hIod\u00e1ile<\/h4>\r\n                        <p>Cleachtadh gramadach na hIod\u00e1ile.<\/p>\r\n                    <\/div>\r\n                <\/div>\r\n            <\/div>\r\n        <\/a>\r\n\r\n        \r\n        <a href=\"https:\/\/talkpal.ai\/vocabulary_language\/italian\/\">\r\n            <div class=\"learnNavigationWrapper\">\r\n                <div class=\"learnNavigationContent\">\r\n                    <img decoding=\"async\" src=\"https:\/\/talkpal.ai\/wp-content\/uploads\/2024\/08\/Italian.jpg\" alt=\"Italian Flag\">\r\n                    <div>\r\n                        <h4>St\u00f3r Focal na hIod\u00e1ile<\/h4>\r\n                        <p>Leathnaigh do st\u00f3r focal Iod\u00e1ilis.<\/p>\r\n                    <\/div>\r\n                <\/div>\r\n            <\/div>\r\n        <\/a>\r\n\r\n            <\/section>","protected":false},"excerpt":{"rendered":"<p>M\u00e1istreacht ar Eala\u00edn na Gramada\u00ed Iod\u00e1ilise: Do Threoir Deiridh Ciao, d\u00edograiseoir\u00ed teanga! R\u00e9idh le tumadh headfirst isteach i saol na gramada\u00ed Iod\u00e1ilise? T\u00e1 t\u00fa tagtha go dt\u00ed an \u00e1it cheart. Pac\u00e1ilte le faisn\u00e9is at\u00e1 furasta a dh\u00edle\u00e1 agus comhr\u00e1 i ton, treor\u00f3idh an t-alt seo t\u00fa tr\u00ed shaol suimi\u00fail (agus uaireanta deacair) na gramada\u00ed Iod\u00e1ilise [&hellip;]<\/p>\n","protected":false},"author":1,"featured_media":1439966,"parent":0,"menu_order":0,"comment_status":"closed","ping_status":"closed","template":"LearningContentPage.php","meta":{"_acf_changed":false,"footnotes":""},"class_list":["post-1446059","page","type-page","status-publish","has-post-thumbnail","hentry"],"acf":[],"yoast_head":"<!-- This site is optimized with the Yoast SEO Premium plugin v27.2 (Yoast SEO v27.2) - https:\/\/yoast.com\/product\/yoast-seo-premium-wordpress\/ -->\n<title>Gramadach Iod\u00e1lach - Talkpal<\/title>\n<meta name=\"description\" content=\"Foghlaim gramadach na hIod\u00e1ile go h\u00e9asca - cleachtadh go soil\u00e9ir, rialacha a thuiscint, agus labhair n\u00edos fearr le treoir shimpl\u00ed \u00f3 TalkPal AI.\" \/>\n<meta name=\"robots\" content=\"index, follow, max-snippet:-1, max-image-preview:large, max-video-preview:-1\" \/>\n<link rel=\"canonical\" href=\"https:\/\/talkpal.ai\/ga\/gramadach-iodalach\/\" \/>\n<meta property=\"og:locale\" content=\"ga_IE\" \/>\n<meta property=\"og:type\" content=\"article\" \/>\n<meta property=\"og:title\" content=\"Gramadach Iod\u00e1lach\" \/>\n<meta property=\"og:description\" content=\"M\u00e1istreacht ar Eala\u00edn na Gramada\u00ed Iod\u00e1ilise: Do Threoir Deiridh Ciao, d\u00edograiseoir\u00ed teanga! R\u00e9idh le tumadh headfirst isteach i saol na gramada\u00ed\" \/>\n<meta property=\"og:url\" content=\"https:\/\/talkpal.ai\/ga\/gramadach-iodalach\/\" \/>\n<meta property=\"og:site_name\" content=\"Talkpal\" \/>\n<meta property=\"article:publisher\" content=\"https:\/\/www.facebook.com\/profile.php?id=100090733639311\" \/>\n<meta property=\"article:modified_time\" content=\"2025-09-06T20:38:36+00:00\" \/>\n<meta property=\"og:image\" content=\"https:\/\/talkpal.ai\/wp-content\/uploads\/2023\/03\/italy.png\" \/>\n\t<meta property=\"og:image:width\" content=\"512\" \/>\n\t<meta property=\"og:image:height\" content=\"512\" \/>\n\t<meta property=\"og:image:type\" content=\"image\/png\" \/>\n<meta name=\"twitter:card\" content=\"summary_large_image\" \/>\n<meta name=\"twitter:site\" content=\"@talkpalai\" \/>\n<meta name=\"twitter:label1\" content=\"Est. reading time\" \/>\n\t<meta name=\"twitter:data1\" content=\"4 minutes\" \/>\n<script type=\"application\/ld+json\" class=\"yoast-schema-graph\">{\"@context\":\"https:\/\/schema.org\",\"@graph\":[{\"@type\":\"WebPage\",\"@id\":\"https:\/\/talkpal.ai\/ga\/gramadach-iodalach\/\",\"url\":\"https:\/\/talkpal.ai\/ga\/gramadach-iodalach\/\",\"name\":\"Gramadach Iod\u00e1lach - Talkpal\",\"isPartOf\":{\"@id\":\"https:\/\/talkpal.ai\/ga\/#website\"},\"primaryImageOfPage\":{\"@id\":\"https:\/\/talkpal.ai\/ga\/gramadach-iodalach\/#primaryimage\"},\"image\":{\"@id\":\"https:\/\/talkpal.ai\/ga\/gramadach-iodalach\/#primaryimage\"},\"thumbnailUrl\":\"https:\/\/talkpal.ai\/wp-content\/uploads\/2023\/03\/italy.png\",\"datePublished\":\"2023-03-26T12:27:22+00:00\",\"dateModified\":\"2025-09-06T20:38:36+00:00\",\"description\":\"Foghlaim gramadach na hIod\u00e1ile go h\u00e9asca - cleachtadh go soil\u00e9ir, rialacha a thuiscint, agus labhair n\u00edos fearr le treoir shimpl\u00ed \u00f3 TalkPal AI.\",\"breadcrumb\":{\"@id\":\"https:\/\/talkpal.ai\/ga\/gramadach-iodalach\/#breadcrumb\"},\"inLanguage\":\"ga-IE\",\"potentialAction\":[{\"@type\":\"ReadAction\",\"target\":[\"https:\/\/talkpal.ai\/ga\/gramadach-iodalach\/\"]}]},{\"@type\":\"ImageObject\",\"inLanguage\":\"ga-IE\",\"@id\":\"https:\/\/talkpal.ai\/ga\/gramadach-iodalach\/#primaryimage\",\"url\":\"https:\/\/talkpal.ai\/wp-content\/uploads\/2023\/03\/italy.png\",\"contentUrl\":\"https:\/\/talkpal.ai\/wp-content\/uploads\/2023\/03\/italy.png\",\"width\":512,\"height\":512,\"caption\":\"TalkPal AI learn Italian\"},{\"@type\":\"BreadcrumbList\",\"@id\":\"https:\/\/talkpal.ai\/ga\/gramadach-iodalach\/#breadcrumb\",\"itemListElement\":[{\"@type\":\"ListItem\",\"position\":1,\"name\":\"Homepage\",\"item\":\"https:\/\/talkpal.ai\/ga\/\"},{\"@type\":\"ListItem\",\"position\":2,\"name\":\"Gramadach Iod\u00e1lach\"}]},{\"@type\":\"WebSite\",\"@id\":\"https:\/\/talkpal.ai\/ga\/#website\",\"url\":\"https:\/\/talkpal.ai\/ga\/\",\"name\":\"Talkpal\",\"description\":\"AI Language Learning\",\"publisher\":{\"@id\":\"https:\/\/talkpal.ai\/ga\/#organization\"},\"alternateName\":\"Talkpal AI\",\"potentialAction\":[{\"@type\":\"SearchAction\",\"target\":{\"@type\":\"EntryPoint\",\"urlTemplate\":\"https:\/\/talkpal.ai\/ga\/?s={search_term_string}\"},\"query-input\":{\"@type\":\"PropertyValueSpecification\",\"valueRequired\":true,\"valueName\":\"search_term_string\"}}],\"inLanguage\":\"ga-IE\"},{\"@type\":\"Organization\",\"@id\":\"https:\/\/talkpal.ai\/ga\/#organization\",\"name\":\"Talkpal, Inc.\",\"alternateName\":\"Talkpal AI\",\"url\":\"https:\/\/talkpal.ai\/ga\/\",\"logo\":{\"@type\":\"ImageObject\",\"inLanguage\":\"ga-IE\",\"@id\":\"https:\/\/talkpal.ai\/ga\/#\/schema\/logo\/image\/\",\"url\":\"https:\/\/talkpal.ai\/wp-content\/uploads\/2024\/03\/Talkpal-Logo-Icon.png\",\"contentUrl\":\"https:\/\/talkpal.ai\/wp-content\/uploads\/2024\/03\/Talkpal-Logo-Icon.png\",\"width\":2880,\"height\":2880,\"caption\":\"Talkpal, Inc.\"},\"image\":{\"@id\":\"https:\/\/talkpal.ai\/ga\/#\/schema\/logo\/image\/\"},\"sameAs\":[\"https:\/\/www.facebook.com\/profile.php?id=100090733639311\",\"https:\/\/x.com\/talkpalai\",\"https:\/\/www.linkedin.com\/company\/talkpal\/\",\"https:\/\/www.youtube.com\/@TalkPal\/\",\"https:\/\/www.tiktok.com\/@talkpal\",\"https:\/\/www.instagram.com\/talkpal_ai\/\",\"https:\/\/www.crunchbase.com\/organization\/talkpal-9cde\",\"https:\/\/www.g2.com\/products\/talkpal-for-business\/\",\"https:\/\/www.trustpilot.com\/review\/talkpal.ai\",\"https:\/\/www.capterra.com\/p\/10006800\/TalkPal\/\"],\"description\":\"Talkpal is a language learning web and mobile education app, powered by the latest AI technologies, that provides engaging experiences to its customers in many different languages to help them improve their language skills. Users can chat about unlimited amount of topics with the app and use other modes to practice their language learning.\",\"email\":\"support@talkpal.ai\",\"legalName\":\"Talkpal, Inc.\",\"foundingDate\":\"2023-04-03\",\"duns\":\"118989042\",\"numberOfEmployees\":{\"@type\":\"QuantitativeValue\",\"minValue\":\"11\",\"maxValue\":\"50\"},\"publishingPrinciples\":\"https:\/\/talkpal.ai\/publishing-principles\/\",\"actionableFeedbackPolicy\":\"https:\/\/talkpal.ai\/actionable-feedback-policy\/\",\"correctionsPolicy\":\"https:\/\/talkpal.ai\/corrections-policy\/\",\"ethicsPolicy\":\"https:\/\/talkpal.ai\/ethics-policy\/\",\"diversityPolicy\":\"https:\/\/talkpal.ai\/diversity-policy\/\",\"diversityStaffingReport\":\"https:\/\/talkpal.ai\/diversity-policy\/\"}]}<\/script>\n<!-- \/ Yoast SEO Premium plugin. -->","yoast_head_json":{"title":"Gramadach Iod\u00e1lach - Talkpal","description":"Foghlaim gramadach na hIod\u00e1ile go h\u00e9asca - cleachtadh go soil\u00e9ir, rialacha a thuiscint, agus labhair n\u00edos fearr le treoir shimpl\u00ed \u00f3 TalkPal AI.","robots":{"index":"index","follow":"follow","max-snippet":"max-snippet:-1","max-image-preview":"max-image-preview:large","max-video-preview":"max-video-preview:-1"},"canonical":"https:\/\/talkpal.ai\/ga\/gramadach-iodalach\/","og_locale":"ga_IE","og_type":"article","og_title":"Gramadach Iod\u00e1lach","og_description":"M\u00e1istreacht ar Eala\u00edn na Gramada\u00ed Iod\u00e1ilise: Do Threoir Deiridh Ciao, d\u00edograiseoir\u00ed teanga! R\u00e9idh le tumadh headfirst isteach i saol na gramada\u00ed","og_url":"https:\/\/talkpal.ai\/ga\/gramadach-iodalach\/","og_site_name":"Talkpal","article_publisher":"https:\/\/www.facebook.com\/profile.php?id=100090733639311","article_modified_time":"2025-09-06T20:38:36+00:00","og_image":[{"width":512,"height":512,"url":"https:\/\/talkpal.ai\/wp-content\/uploads\/2023\/03\/italy.png","type":"image\/png"}],"twitter_card":"summary_large_image","twitter_site":"@talkpalai","twitter_misc":{"Est. reading time":"4 minutes"},"schema":{"@context":"https:\/\/schema.org","@graph":[{"@type":"WebPage","@id":"https:\/\/talkpal.ai\/ga\/gramadach-iodalach\/","url":"https:\/\/talkpal.ai\/ga\/gramadach-iodalach\/","name":"Gramadach Iod\u00e1lach - Talkpal","isPartOf":{"@id":"https:\/\/talkpal.ai\/ga\/#website"},"primaryImageOfPage":{"@id":"https:\/\/talkpal.ai\/ga\/gramadach-iodalach\/#primaryimage"},"image":{"@id":"https:\/\/talkpal.ai\/ga\/gramadach-iodalach\/#primaryimage"},"thumbnailUrl":"https:\/\/talkpal.ai\/wp-content\/uploads\/2023\/03\/italy.png","datePublished":"2023-03-26T12:27:22+00:00","dateModified":"2025-09-06T20:38:36+00:00","description":"Foghlaim gramadach na hIod\u00e1ile go h\u00e9asca - cleachtadh go soil\u00e9ir, rialacha a thuiscint, agus labhair n\u00edos fearr le treoir shimpl\u00ed \u00f3 TalkPal AI.","breadcrumb":{"@id":"https:\/\/talkpal.ai\/ga\/gramadach-iodalach\/#breadcrumb"},"inLanguage":"ga-IE","potentialAction":[{"@type":"ReadAction","target":["https:\/\/talkpal.ai\/ga\/gramadach-iodalach\/"]}]},{"@type":"ImageObject","inLanguage":"ga-IE","@id":"https:\/\/talkpal.ai\/ga\/gramadach-iodalach\/#primaryimage","url":"https:\/\/talkpal.ai\/wp-content\/uploads\/2023\/03\/italy.png","contentUrl":"https:\/\/talkpal.ai\/wp-content\/uploads\/2023\/03\/italy.png","width":512,"height":512,"caption":"TalkPal AI learn Italian"},{"@type":"BreadcrumbList","@id":"https:\/\/talkpal.ai\/ga\/gramadach-iodalach\/#breadcrumb","itemListElement":[{"@type":"ListItem","position":1,"name":"Homepage","item":"https:\/\/talkpal.ai\/ga\/"},{"@type":"ListItem","position":2,"name":"Gramadach Iod\u00e1lach"}]},{"@type":"WebSite","@id":"https:\/\/talkpal.ai\/ga\/#website","url":"https:\/\/talkpal.ai\/ga\/","name":"Talkpal","description":"AI Language Learning","publisher":{"@id":"https:\/\/talkpal.ai\/ga\/#organization"},"alternateName":"Talkpal AI","potentialAction":[{"@type":"SearchAction","target":{"@type":"EntryPoint","urlTemplate":"https:\/\/talkpal.ai\/ga\/?s={search_term_string}"},"query-input":{"@type":"PropertyValueSpecification","valueRequired":true,"valueName":"search_term_string"}}],"inLanguage":"ga-IE"},{"@type":"Organization","@id":"https:\/\/talkpal.ai\/ga\/#organization","name":"Talkpal, Inc.","alternateName":"Talkpal AI","url":"https:\/\/talkpal.ai\/ga\/","logo":{"@type":"ImageObject","inLanguage":"ga-IE","@id":"https:\/\/talkpal.ai\/ga\/#\/schema\/logo\/image\/","url":"https:\/\/talkpal.ai\/wp-content\/uploads\/2024\/03\/Talkpal-Logo-Icon.png","contentUrl":"https:\/\/talkpal.ai\/wp-content\/uploads\/2024\/03\/Talkpal-Logo-Icon.png","width":2880,"height":2880,"caption":"Talkpal, Inc."},"image":{"@id":"https:\/\/talkpal.ai\/ga\/#\/schema\/logo\/image\/"},"sameAs":["https:\/\/www.facebook.com\/profile.php?id=100090733639311","https:\/\/x.com\/talkpalai","https:\/\/www.linkedin.com\/company\/talkpal\/","https:\/\/www.youtube.com\/@TalkPal\/","https:\/\/www.tiktok.com\/@talkpal","https:\/\/www.instagram.com\/talkpal_ai\/","https:\/\/www.crunchbase.com\/organization\/talkpal-9cde","https:\/\/www.g2.com\/products\/talkpal-for-business\/","https:\/\/www.trustpilot.com\/review\/talkpal.ai","https:\/\/www.capterra.com\/p\/10006800\/TalkPal\/"],"description":"Talkpal is a language learning web and mobile education app, powered by the latest AI technologies, that provides engaging experiences to its customers in many different languages to help them improve their language skills. Users can chat about unlimited amount of topics with the app and use other modes to practice their language learning.","email":"support@talkpal.ai","legalName":"Talkpal, Inc.","foundingDate":"2023-04-03","duns":"118989042","numberOfEmployees":{"@type":"QuantitativeValue","minValue":"11","maxValue":"50"},"publishingPrinciples":"https:\/\/talkpal.ai\/publishing-principles\/","actionableFeedbackPolicy":"https:\/\/talkpal.ai\/actionable-feedback-policy\/","correctionsPolicy":"https:\/\/talkpal.ai\/corrections-policy\/","ethicsPolicy":"https:\/\/talkpal.ai\/ethics-policy\/","diversityPolicy":"https:\/\/talkpal.ai\/diversity-policy\/","diversityStaffingReport":"https:\/\/talkpal.ai\/diversity-policy\/"}]}},"_links":{"self":[{"href":"https:\/\/talkpal.ai\/ga\/wp-json\/wp\/v2\/pages\/1446059","targetHints":{"allow":["GET"]}}],"collection":[{"href":"https:\/\/talkpal.ai\/ga\/wp-json\/wp\/v2\/pages"}],"about":[{"href":"https:\/\/talkpal.ai\/ga\/wp-json\/wp\/v2\/types\/page"}],"author":[{"embeddable":true,"href":"https:\/\/talkpal.ai\/ga\/wp-json\/wp\/v2\/users\/1"}],"replies":[{"embeddable":true,"href":"https:\/\/talkpal.ai\/ga\/wp-json\/wp\/v2\/comments?post=1446059"}],"version-history":[{"count":0,"href":"https:\/\/talkpal.ai\/ga\/wp-json\/wp\/v2\/pages\/1446059\/revisions"}],"wp:featuredmedia":[{"embeddable":true,"href":"https:\/\/talkpal.ai\/ga\/wp-json\/wp\/v2\/media\/1439966"}],"wp:attachment":[{"href":"https:\/\/talkpal.ai\/ga\/wp-json\/wp\/v2\/media?parent=1446059"}],"curies":[{"name":"wp","href":"https:\/\/api.w.org\/{rel}","templated":true}]}}