{"id":1446051,"date":"2023-03-25T16:57:06","date_gmt":"2023-03-25T16:57:06","guid":{"rendered":"https:\/\/talkpal.ai\/gramadach-bearla\/"},"modified":"2025-09-06T20:37:53","modified_gmt":"2025-09-06T20:37:53","slug":"gramadach-bearla","status":"publish","type":"page","link":"https:\/\/talkpal.ai\/ga\/gramadach-bearla\/","title":{"rendered":"Gramadach B\u00e9arla"},"content":{"rendered":"\r\n\r\n\r\n<section class=\"languageChallengeSection\">\r\n    <div class=\"languageInfoWrapper\">\r\n        \r\n        <h1>Gramadach B\u00e9arla<\/h1>\r\n        <p>R\u00e9idh le tos\u00fa ag foghlaim <a href=\"https:\/\/talkpal.ai\/learn-english-with-ai\/\">B\u00e9arla<\/a>? Le beag\u00e1n gramada\u00ed agus roinnt focal nua, beidh t\u00fa ag comhr\u00e1 agus ag nascadh le daoine \u00f3 gach cearn den domhan in am ar bith. D\u00e9anaimis foghlaim B\u00e9arla spraoi agus \u00e9asca &#8211; tosa\u00edonn do thuras chun l\u00edofachta inniu!\r\n\r\n<\/p>\r\n\r\n                            <a class=\"getStartedHidden\" href=\"https:\/\/app.talkpal.ai\/signup?lng=\">Tosaigh<\/a>\r\n        \r\n    <\/div>\r\n\r\n    <figure>\r\n    <img decoding=\"async\" width=\"768\" height=\"768\" src=\"https:\/\/talkpal.ai\/wp-content\/uploads\/2023\/06\/English-768x768.png\" class=\"languageImage no-lazy\" alt=\"Language learning for improved multitasking\" fetchpriority=\"high\" sizes=\"(max-width: 768px) 150px, 768px\" srcset=\"https:\/\/talkpal.ai\/wp-content\/uploads\/2023\/06\/English-768x768.png 768w, https:\/\/talkpal.ai\/wp-content\/uploads\/2023\/06\/English-300x300.png 300w\" \/>\r\n    \r\n\r\n    <\/figure>\r\n\r\n            <a class=\"getStartedVisible\" href=\"https:\/\/app.talkpal.ai\/signup?lng=\">Tosaigh<\/a>\r\n    \r\n<\/section>\r\n<section class=\"promotionalBanner\">\r\n    <p class=\"promotionalText\">An bealach is \u00e9ifeachta\u00ed le teanga a fhoghlaim<\/p>\r\n    <a class=\"promotionalLink\" href=\"https:\/\/app.talkpal.ai\/signup?lng=\">Bain triail as Talkpal saor in aisce<\/a>\r\n<\/section>\n<div class=\"wp-block-group pageContainerStyle\"><div class=\"wp-block-group__inner-container is-layout-constrained wp-block-group-is-layout-constrained\">\n<h2 class=\"wp-block-heading\" id=\"h-the-importance-of-english-grammar-a-guide-to-mastering-the-rules-and-principles\">The Importance of English Grammar: A Guide to Mastering the Rules and Principles<\/h2>\n\n\n\n<p>\u00d3s rud \u00e9 go bhfuil an B\u00e9arla ar cheann de na teangacha is suntasa\u00ed a labhra\u00edtear ar fud an domhain, n\u00ed haon ionadh go bhfuil fonn ar dhaoine feabhas a <a href=\"https:\/\/talkpal.ai\/locations\/language-courses-in-chur\/\">chur<\/a> ar a l\u00edofacht agus a gceannas air. Gn\u00e9 r\u00edth\u00e1bhachtach de mh\u00e1istir an Bh\u00e9arla is ea a <a href=\"https:\/\/talkpal.ai\/grammar\/\">gramadach<\/a> a thuiscint. Ach c\u00e9n f\u00e1th go bhfuil gramadach chomh t\u00e1bhachtach, agus conas is f\u00e9idir linn \u00e9 a fhoghlaim go h\u00e9ifeachtach? San alt seo, d\u00e9anfaimid tumadh isteach i dt\u00e1bhacht ghramada\u00ed an Bh\u00e9arla, pl\u00e9ifimid a phr\u00edomhphrionsabail, agus roinnfimid roinnt leideanna \u00e1isi\u00fala chun do chuid scileanna a gh\u00e9ar\u00fa.<\/p>\n\n\n\n<h3 class=\"wp-block-heading\" id=\"h-the-role-of-grammar-in-the-english-language\">R\u00f3l na Gramada\u00ed sa Bh\u00e9arla:<\/h3>\n\n\n\n<p>Mar sin, cad \u00e9 an rud m\u00f3r faoi ghramadach? Go bun\u00fasach, feidhm\u00edonn an ghramadach mar bhloic th\u00f3g\u00e1la d&#8217;aon teanga \u2013 is \u00e9 an tacar rialacha agus prionsabail a riala\u00edonn an chaoi a n-\u00fas\u00e1idimid focail chun abairt\u00ed br\u00ed a fhoirmi\u00fa. Tr\u00ed chlo\u00ed leis na rialacha seo, is f\u00e9idir linn cumars\u00e1id shoil\u00e9ir a chinnti\u00fa agus m\u00edthuiscint\u00ed a sheachaint. Samhlaigh ag iarraidh b\u00e9ile a ch\u00f3car\u00e1il gan oideas a lean\u00faint &#8211; d&#8217;fh\u00e9adfadh an toradh deiridh a bheith unsavory! Ar an gcaoi ch\u00e9anna, is f\u00e9idir mearbhall agus m\u00edthuiscint a bheith mar thoradh ar fhaill\u00ed a dh\u00e9anamh ar ghramadach in\u00e1r gcaint agus sa scr\u00edbhneoireacht laeth\u00fail.<\/p>\n\n\n\n<h3 class=\"wp-block-heading\" id=\"h-key-principles-of-english-grammar\">Pr\u00edomhphrionsabail na Gramada\u00ed B\u00e9arla:<\/h3>\n\n\n\n<p>C\u00e9 go gcuims\u00edonn gramadach an Bh\u00e9arla raon leathan rialacha, t\u00e1 roinnt pr\u00edomhphrionsabail ar ch\u00f3ir duit a bheith ar an eolas faoi:<\/p>\n\n\n\n<p><strong>1. Codanna den chaint:<\/strong> Seo iad na r\u00f3il a imr\u00edonn focail in abairt. Ag brath ar a bhfeidhm, is f\u00e9idir focail a rang\u00fa mar ainmfhocail, forainmneacha, briathra, aidiachta\u00ed, adverbs, r\u00e9amhfhocail, comhcheangail, n\u00f3 idirghabh\u00e1lacha.<\/p>\n\n\n\n<p><strong>2. Aims\u00ed:<\/strong> L\u00e9ir\u00edonn aimsir\u00ed am na ngn\u00edomhartha n\u00f3 na st\u00e1it bheith. D\u00e9antar iad a chatag\u00f3iri\u00fa san am at\u00e1 caite, san am i l\u00e1thair agus sa todhcha\u00ed, agus t\u00e1 ceithre ghn\u00e9 ag gach aimsir &#8211; simpl\u00ed, for\u00e1sach, foirfe, agus for\u00e1sach foirfe.<\/p>\n\n\n\n<p><strong>3. Comhaont\u00fa \u00e1bhar-briathra:<\/strong> Go bun\u00fasach, caithfidh an t-\u00e1bhar (ainmfhocal n\u00f3 forainm) agus an briathar in abairt aont\u00fa i l\u00edon &#8211; uatha n\u00f3 iolra. Mar shampla, t\u00e1 &#8220;She reads a book&#8221; agus &#8220;They read books&#8221; araon ceart \u00f3 thaobh na gramada\u00ed de.<\/p>\n\n\n\n<p><strong>4. Strucht\u00far abairte:<\/strong> Is \u00e9ard at\u00e1 i abairt dea-strucht\u00fartha n\u00e1 \u00e1bhar, briathar agus, go minic, rud. Is f\u00e9idir le habairt\u00ed a bheith simpl\u00ed (cl\u00e1sal neamhsple\u00e1ch amh\u00e1in), cumaisc (dh\u00e1 chl\u00e1sal neamhsple\u00e1ch n\u00f3 n\u00edos m\u00f3), n\u00f3 casta (cl\u00e1sal neamhsple\u00e1ch amh\u00e1in agus cl\u00e1sail sple\u00e1ch amh\u00e1in n\u00f3 n\u00edos m\u00f3).<\/p>\n\n\n\n<p><strong>5. Ponca\u00edocht:<\/strong> T\u00e1 marcanna ponca\u00edochta, mar shampla cam\u00f3ga, tr\u00e9imhs\u00ed agus semicolons, r\u00edth\u00e1bhachtach <a href=\"https:\/\/talkpal.ai\/ga\/maidir\/\">maidir<\/a> le teanga scr\u00edofa a eagr\u00fa agus a shoil\u00e9iri\u00fa. Cinnt\u00edonn ponca\u00edocht chu\u00ed go gcuirtear do chuid smaointe in i\u00fal le cruinneas agus comhlean\u00fanachas.<\/p>\n\n\n\n<h3 class=\"wp-block-heading\" id=\"h-tips-to-improve-your-english-grammar\">Leideanna chun Do Ghramadach B\u00e9arla a Fheabhs\u00fa:<\/h3>\n\n\n\n<p>Anois go bhfuil bun\u00fasacha gramada\u00ed B\u00e9arla pl\u00e9ite againn, d\u00e9anaimis ini\u00fachadh ar roinnt beala\u00ed \u00e9ifeachtacha chun do chuid scileanna a fheabhs\u00fa:<\/p>\n\n\n\n<p><strong>1. L\u00e9igh go rialta:<\/strong> Is bealach iontach \u00e9 an l\u00e9itheoireacht chun gramadach cheart a inmhe\u00e1n\u00fa. D\u00e1 mh\u00e9ad a nochtann t\u00fa t\u00fa f\u00e9in d&#8217;ailt, leabhair n\u00f3 aist\u00ed dea-scr\u00edofa, is amhlaidh is fearr a thuigfidh t\u00fa na rialacha agus na strucht\u00fair.<\/p>\n\n\n\n<p><strong>2. Cleachtadh scr\u00edbhneoireachta:<\/strong> Ligeann an scr\u00edbhneoireacht go rialta duit do chuid eolais gramada\u00ed a chur i bhfeidhm agus r\u00e9ims\u00ed a aithint ina dteasta\u00edonn feabhas uait. Smaoinigh ar dialann a choinne\u00e1il n\u00f3 <a href=\"https:\/\/talkpal.ai\/blog\/\">blag<\/a> a thos\u00fa chun do scileanna scr\u00edbhneoireachta a fhorbairt.<\/p>\n\n\n\n<p><strong>3. Staid\u00e9ar a dh\u00e9anamh ar acmhainn\u00ed gramada\u00ed:<\/strong> Faigh do l\u00e1mha ar roinnt leabhar gramada\u00ed, l\u00e1ithre\u00e1in ghr\u00e9as\u00e1in n\u00f3 aipeanna creidi\u00fanacha chun do thuiscint ar na rialacha a dhoimhni\u00fa. Cabhr\u00f3idh athbhreithni\u00fa rialta ar na h\u00e1bhair seo le d&#8217;eolas a dhaingni\u00fa.<\/p>\n\n\n\n<p><strong>4. Lorg aiseolas:<\/strong> T\u00e9igh i dteagmh\u00e1il le daoine eile chun c\u00e1ineadh cuiditheach a fh\u00e1il ar do Bh\u00e9arla scr\u00edofa agus labhartha. Is f\u00e9idir \u00e9 seo a dh\u00e9anamh tr\u00ed fh\u00f3raim ar l\u00edne, gr\u00fapa\u00ed malartaithe teanga, n\u00f3 cairde agus comhghleacaithe at\u00e1 inni\u00fail sa Bh\u00e9arla.<\/p>\n\n\n\n<p><strong>5. B\u00ed foighneach agus seasmhach:<\/strong> Is pr\u00f3iseas de r\u00e9ir a ch\u00e9ile \u00e9 gramadach a fhoghlaim a \u00e9il\u00edonn am agus iarracht. Fan tiomanta, coinnigh ort ag cleachtadh, agus d\u00e9an ceili\u00faradh ar do dhul chun cinn.<\/p>\n\n\n\n<h3 class=\"wp-block-heading\" id=\"h-conclusion\">Concl\u00faid:<\/h3>\n\n\n\n<p>Is c\u00e9im riachtanach \u00e9 m\u00e1istreacht gramadach an Bh\u00e9arla ar an mbealach chun l\u00edofa. Tr\u00ed thuiscint a fh\u00e1il ar a th\u00e1bhacht, eolas a chur ar na pr\u00edomhphrionsabail, agus cleachtadh go gn\u00edomhach, forbr\u00f3idh t\u00fa ceannas l\u00e1idir ar an teanga go luath. Cuimhnigh n\u00e1r t\u00f3gadh an R\u00f3imh in aon l\u00e1 amh\u00e1in \u2013 mar sin fan foighneach, b\u00edodh spraoi agat, agus taitneamh a bhaint as an turas i dtreo gramada\u00ed impeccable!<\/p>\n<\/div><\/div>\n\r\n<section class=\"learnNavigationSection\">\r\n            \r\n        <a href=\"https:\/\/talkpal.ai\/ga\/foghlaim-bearla\/\">\r\n            <div class=\"learnNavigationWrapper\">\r\n                <div class=\"learnNavigationContent\">\r\n                    <img decoding=\"async\" src=\"https:\/\/talkpal.ai\/wp-content\/uploads\/2024\/08\/English.jpg\" alt=\"English Flag\">\r\n                    <div>\r\n                        <h4>Maidir le Foghlaim an Bh\u00e9arla<\/h4>\r\n                        <p>Faigh amach gach rud faoi ghramadach an Bh\u00e9arla.<\/p>\r\n                    <\/div>\r\n                <\/div>\r\n            <\/div>\r\n        <\/a>\r\n\r\n        \r\n        <a href=\"https:\/\/talkpal.ai\/ga\/cleachtai-gramadai-bearla\/\">\r\n            <div class=\"learnNavigationWrapper\">\r\n                <div class=\"learnNavigationContent\">\r\n                    <img decoding=\"async\" src=\"https:\/\/talkpal.ai\/wp-content\/uploads\/2024\/08\/English.jpg\" alt=\"English Flag\">\r\n                    <div>\r\n                        <h4>Cleachta\u00ed Gramada\u00ed B\u00e9arla<\/h4>\r\n                        <p>Cleachtadh gramadach an Bh\u00e9arla.<\/p>\r\n                    <\/div>\r\n                <\/div>\r\n            <\/div>\r\n        <\/a>\r\n\r\n        \r\n        <a href=\"https:\/\/talkpal.ai\/vocabulary_language\/english\/\">\r\n            <div class=\"learnNavigationWrapper\">\r\n                <div class=\"learnNavigationContent\">\r\n                    <img decoding=\"async\" src=\"https:\/\/talkpal.ai\/wp-content\/uploads\/2024\/08\/English.jpg\" alt=\"English Flag\">\r\n                    <div>\r\n                        <h4>St\u00f3r Focal an Bh\u00e9arla<\/h4>\r\n                        <p>Leathnaigh do st\u00f3r focal B\u00e9arla.<\/p>\r\n                    <\/div>\r\n                <\/div>\r\n            <\/div>\r\n        <\/a>\r\n\r\n            <\/section>","protected":false},"excerpt":{"rendered":"<p>The Importance of English Grammar: A Guide to Mastering the Rules and Principles \u00d3s rud \u00e9 go bhfuil an B\u00e9arla ar cheann de na teangacha is suntasa\u00ed a labhra\u00edtear ar fud an domhain, n\u00ed haon ionadh go bhfuil fonn ar dhaoine feabhas a chur ar a l\u00edofacht agus a gceannas air. Gn\u00e9 r\u00edth\u00e1bhachtach de mh\u00e1istir [&hellip;]<\/p>\n","protected":false},"author":1,"featured_media":1439932,"parent":0,"menu_order":0,"comment_status":"closed","ping_status":"closed","template":"LearningContentPage.php","meta":{"_acf_changed":false,"footnotes":""},"class_list":["post-1446051","page","type-page","status-publish","has-post-thumbnail","hentry"],"acf":[],"yoast_head":"<!-- This site is optimized with the Yoast SEO Premium plugin v27.2 (Yoast SEO v27.2) - https:\/\/yoast.com\/product\/yoast-seo-premium-wordpress\/ -->\n<title>Gramadach B\u00e9arla - Talkpal<\/title>\n<meta name=\"description\" content=\"Feabhas a chur ar do scileanna gramada\u00ed B\u00e9arla gan str\u00f3 le aip foghlama teanga faoi thiom\u00e1int AI TalkPal.\" \/>\n<meta name=\"robots\" content=\"index, follow, max-snippet:-1, max-image-preview:large, max-video-preview:-1\" \/>\n<link rel=\"canonical\" href=\"https:\/\/talkpal.ai\/ga\/gramadach-bearla\/\" \/>\n<meta property=\"og:locale\" content=\"ga_IE\" \/>\n<meta property=\"og:type\" content=\"article\" \/>\n<meta property=\"og:title\" content=\"Gramadach B\u00e9arla\" \/>\n<meta property=\"og:description\" content=\"The Importance of English Grammar: A Guide to Mastering the Rules and Principles \u00d3s rud \u00e9 go bhfuil an B\u00e9arla ar cheann de na teangacha is suntasa\u00ed a\" \/>\n<meta property=\"og:url\" content=\"https:\/\/talkpal.ai\/ga\/gramadach-bearla\/\" \/>\n<meta property=\"og:site_name\" content=\"Talkpal\" \/>\n<meta property=\"article:publisher\" content=\"https:\/\/www.facebook.com\/profile.php?id=100090733639311\" \/>\n<meta property=\"article:modified_time\" content=\"2025-09-06T20:37:53+00:00\" \/>\n<meta property=\"og:image\" content=\"https:\/\/talkpal.ai\/wp-content\/uploads\/2023\/03\/united-kingdom.png\" \/>\n\t<meta property=\"og:image:width\" content=\"512\" \/>\n\t<meta property=\"og:image:height\" content=\"512\" \/>\n\t<meta property=\"og:image:type\" content=\"image\/png\" \/>\n<meta name=\"twitter:card\" content=\"summary_large_image\" \/>\n<meta name=\"twitter:site\" content=\"@talkpalai\" \/>\n<meta name=\"twitter:label1\" content=\"Est. reading time\" \/>\n\t<meta name=\"twitter:data1\" content=\"4 minutes\" \/>\n<script type=\"application\/ld+json\" class=\"yoast-schema-graph\">{\"@context\":\"https:\/\/schema.org\",\"@graph\":[{\"@type\":\"WebPage\",\"@id\":\"https:\/\/talkpal.ai\/ga\/gramadach-bearla\/\",\"url\":\"https:\/\/talkpal.ai\/ga\/gramadach-bearla\/\",\"name\":\"Gramadach B\u00e9arla - Talkpal\",\"isPartOf\":{\"@id\":\"https:\/\/talkpal.ai\/ga\/#website\"},\"primaryImageOfPage\":{\"@id\":\"https:\/\/talkpal.ai\/ga\/gramadach-bearla\/#primaryimage\"},\"image\":{\"@id\":\"https:\/\/talkpal.ai\/ga\/gramadach-bearla\/#primaryimage\"},\"thumbnailUrl\":\"https:\/\/talkpal.ai\/wp-content\/uploads\/2023\/03\/united-kingdom.png\",\"datePublished\":\"2023-03-25T16:57:06+00:00\",\"dateModified\":\"2025-09-06T20:37:53+00:00\",\"description\":\"Feabhas a chur ar do scileanna gramada\u00ed B\u00e9arla gan str\u00f3 le aip foghlama teanga faoi thiom\u00e1int AI TalkPal.\",\"breadcrumb\":{\"@id\":\"https:\/\/talkpal.ai\/ga\/gramadach-bearla\/#breadcrumb\"},\"inLanguage\":\"ga-IE\",\"potentialAction\":[{\"@type\":\"ReadAction\",\"target\":[\"https:\/\/talkpal.ai\/ga\/gramadach-bearla\/\"]}]},{\"@type\":\"ImageObject\",\"inLanguage\":\"ga-IE\",\"@id\":\"https:\/\/talkpal.ai\/ga\/gramadach-bearla\/#primaryimage\",\"url\":\"https:\/\/talkpal.ai\/wp-content\/uploads\/2023\/03\/united-kingdom.png\",\"contentUrl\":\"https:\/\/talkpal.ai\/wp-content\/uploads\/2023\/03\/united-kingdom.png\",\"width\":512,\"height\":512,\"caption\":\"TalkPal AI learn English\"},{\"@type\":\"BreadcrumbList\",\"@id\":\"https:\/\/talkpal.ai\/ga\/gramadach-bearla\/#breadcrumb\",\"itemListElement\":[{\"@type\":\"ListItem\",\"position\":1,\"name\":\"Homepage\",\"item\":\"https:\/\/talkpal.ai\/ga\/\"},{\"@type\":\"ListItem\",\"position\":2,\"name\":\"Gramadach B\u00e9arla\"}]},{\"@type\":\"WebSite\",\"@id\":\"https:\/\/talkpal.ai\/ga\/#website\",\"url\":\"https:\/\/talkpal.ai\/ga\/\",\"name\":\"Talkpal\",\"description\":\"AI Language Learning\",\"publisher\":{\"@id\":\"https:\/\/talkpal.ai\/ga\/#organization\"},\"alternateName\":\"Talkpal AI\",\"potentialAction\":[{\"@type\":\"SearchAction\",\"target\":{\"@type\":\"EntryPoint\",\"urlTemplate\":\"https:\/\/talkpal.ai\/ga\/?s={search_term_string}\"},\"query-input\":{\"@type\":\"PropertyValueSpecification\",\"valueRequired\":true,\"valueName\":\"search_term_string\"}}],\"inLanguage\":\"ga-IE\"},{\"@type\":\"Organization\",\"@id\":\"https:\/\/talkpal.ai\/ga\/#organization\",\"name\":\"Talkpal, Inc.\",\"alternateName\":\"Talkpal AI\",\"url\":\"https:\/\/talkpal.ai\/ga\/\",\"logo\":{\"@type\":\"ImageObject\",\"inLanguage\":\"ga-IE\",\"@id\":\"https:\/\/talkpal.ai\/ga\/#\/schema\/logo\/image\/\",\"url\":\"https:\/\/talkpal.ai\/wp-content\/uploads\/2024\/03\/Talkpal-Logo-Icon.png\",\"contentUrl\":\"https:\/\/talkpal.ai\/wp-content\/uploads\/2024\/03\/Talkpal-Logo-Icon.png\",\"width\":2880,\"height\":2880,\"caption\":\"Talkpal, Inc.\"},\"image\":{\"@id\":\"https:\/\/talkpal.ai\/ga\/#\/schema\/logo\/image\/\"},\"sameAs\":[\"https:\/\/www.facebook.com\/profile.php?id=100090733639311\",\"https:\/\/x.com\/talkpalai\",\"https:\/\/www.linkedin.com\/company\/talkpal\/\",\"https:\/\/www.youtube.com\/@TalkPal\/\",\"https:\/\/www.tiktok.com\/@talkpal\",\"https:\/\/www.instagram.com\/talkpal_ai\/\",\"https:\/\/www.crunchbase.com\/organization\/talkpal-9cde\",\"https:\/\/www.g2.com\/products\/talkpal-for-business\/\",\"https:\/\/www.trustpilot.com\/review\/talkpal.ai\",\"https:\/\/www.capterra.com\/p\/10006800\/TalkPal\/\"],\"description\":\"Talkpal is a language learning web and mobile education app, powered by the latest AI technologies, that provides engaging experiences to its customers in many different languages to help them improve their language skills. Users can chat about unlimited amount of topics with the app and use other modes to practice their language learning.\",\"email\":\"support@talkpal.ai\",\"legalName\":\"Talkpal, Inc.\",\"foundingDate\":\"2023-04-03\",\"duns\":\"118989042\",\"numberOfEmployees\":{\"@type\":\"QuantitativeValue\",\"minValue\":\"11\",\"maxValue\":\"50\"},\"publishingPrinciples\":\"https:\/\/talkpal.ai\/publishing-principles\/\",\"actionableFeedbackPolicy\":\"https:\/\/talkpal.ai\/actionable-feedback-policy\/\",\"correctionsPolicy\":\"https:\/\/talkpal.ai\/corrections-policy\/\",\"ethicsPolicy\":\"https:\/\/talkpal.ai\/ethics-policy\/\",\"diversityPolicy\":\"https:\/\/talkpal.ai\/diversity-policy\/\",\"diversityStaffingReport\":\"https:\/\/talkpal.ai\/diversity-policy\/\"}]}<\/script>\n<!-- \/ Yoast SEO Premium plugin. -->","yoast_head_json":{"title":"Gramadach B\u00e9arla - Talkpal","description":"Feabhas a chur ar do scileanna gramada\u00ed B\u00e9arla gan str\u00f3 le aip foghlama teanga faoi thiom\u00e1int AI TalkPal.","robots":{"index":"index","follow":"follow","max-snippet":"max-snippet:-1","max-image-preview":"max-image-preview:large","max-video-preview":"max-video-preview:-1"},"canonical":"https:\/\/talkpal.ai\/ga\/gramadach-bearla\/","og_locale":"ga_IE","og_type":"article","og_title":"Gramadach B\u00e9arla","og_description":"The Importance of English Grammar: A Guide to Mastering the Rules and Principles \u00d3s rud \u00e9 go bhfuil an B\u00e9arla ar cheann de na teangacha is suntasa\u00ed a","og_url":"https:\/\/talkpal.ai\/ga\/gramadach-bearla\/","og_site_name":"Talkpal","article_publisher":"https:\/\/www.facebook.com\/profile.php?id=100090733639311","article_modified_time":"2025-09-06T20:37:53+00:00","og_image":[{"width":512,"height":512,"url":"https:\/\/talkpal.ai\/wp-content\/uploads\/2023\/03\/united-kingdom.png","type":"image\/png"}],"twitter_card":"summary_large_image","twitter_site":"@talkpalai","twitter_misc":{"Est. reading time":"4 minutes"},"schema":{"@context":"https:\/\/schema.org","@graph":[{"@type":"WebPage","@id":"https:\/\/talkpal.ai\/ga\/gramadach-bearla\/","url":"https:\/\/talkpal.ai\/ga\/gramadach-bearla\/","name":"Gramadach B\u00e9arla - Talkpal","isPartOf":{"@id":"https:\/\/talkpal.ai\/ga\/#website"},"primaryImageOfPage":{"@id":"https:\/\/talkpal.ai\/ga\/gramadach-bearla\/#primaryimage"},"image":{"@id":"https:\/\/talkpal.ai\/ga\/gramadach-bearla\/#primaryimage"},"thumbnailUrl":"https:\/\/talkpal.ai\/wp-content\/uploads\/2023\/03\/united-kingdom.png","datePublished":"2023-03-25T16:57:06+00:00","dateModified":"2025-09-06T20:37:53+00:00","description":"Feabhas a chur ar do scileanna gramada\u00ed B\u00e9arla gan str\u00f3 le aip foghlama teanga faoi thiom\u00e1int AI TalkPal.","breadcrumb":{"@id":"https:\/\/talkpal.ai\/ga\/gramadach-bearla\/#breadcrumb"},"inLanguage":"ga-IE","potentialAction":[{"@type":"ReadAction","target":["https:\/\/talkpal.ai\/ga\/gramadach-bearla\/"]}]},{"@type":"ImageObject","inLanguage":"ga-IE","@id":"https:\/\/talkpal.ai\/ga\/gramadach-bearla\/#primaryimage","url":"https:\/\/talkpal.ai\/wp-content\/uploads\/2023\/03\/united-kingdom.png","contentUrl":"https:\/\/talkpal.ai\/wp-content\/uploads\/2023\/03\/united-kingdom.png","width":512,"height":512,"caption":"TalkPal AI learn English"},{"@type":"BreadcrumbList","@id":"https:\/\/talkpal.ai\/ga\/gramadach-bearla\/#breadcrumb","itemListElement":[{"@type":"ListItem","position":1,"name":"Homepage","item":"https:\/\/talkpal.ai\/ga\/"},{"@type":"ListItem","position":2,"name":"Gramadach B\u00e9arla"}]},{"@type":"WebSite","@id":"https:\/\/talkpal.ai\/ga\/#website","url":"https:\/\/talkpal.ai\/ga\/","name":"Talkpal","description":"AI Language Learning","publisher":{"@id":"https:\/\/talkpal.ai\/ga\/#organization"},"alternateName":"Talkpal AI","potentialAction":[{"@type":"SearchAction","target":{"@type":"EntryPoint","urlTemplate":"https:\/\/talkpal.ai\/ga\/?s={search_term_string}"},"query-input":{"@type":"PropertyValueSpecification","valueRequired":true,"valueName":"search_term_string"}}],"inLanguage":"ga-IE"},{"@type":"Organization","@id":"https:\/\/talkpal.ai\/ga\/#organization","name":"Talkpal, Inc.","alternateName":"Talkpal AI","url":"https:\/\/talkpal.ai\/ga\/","logo":{"@type":"ImageObject","inLanguage":"ga-IE","@id":"https:\/\/talkpal.ai\/ga\/#\/schema\/logo\/image\/","url":"https:\/\/talkpal.ai\/wp-content\/uploads\/2024\/03\/Talkpal-Logo-Icon.png","contentUrl":"https:\/\/talkpal.ai\/wp-content\/uploads\/2024\/03\/Talkpal-Logo-Icon.png","width":2880,"height":2880,"caption":"Talkpal, Inc."},"image":{"@id":"https:\/\/talkpal.ai\/ga\/#\/schema\/logo\/image\/"},"sameAs":["https:\/\/www.facebook.com\/profile.php?id=100090733639311","https:\/\/x.com\/talkpalai","https:\/\/www.linkedin.com\/company\/talkpal\/","https:\/\/www.youtube.com\/@TalkPal\/","https:\/\/www.tiktok.com\/@talkpal","https:\/\/www.instagram.com\/talkpal_ai\/","https:\/\/www.crunchbase.com\/organization\/talkpal-9cde","https:\/\/www.g2.com\/products\/talkpal-for-business\/","https:\/\/www.trustpilot.com\/review\/talkpal.ai","https:\/\/www.capterra.com\/p\/10006800\/TalkPal\/"],"description":"Talkpal is a language learning web and mobile education app, powered by the latest AI technologies, that provides engaging experiences to its customers in many different languages to help them improve their language skills. Users can chat about unlimited amount of topics with the app and use other modes to practice their language learning.","email":"support@talkpal.ai","legalName":"Talkpal, Inc.","foundingDate":"2023-04-03","duns":"118989042","numberOfEmployees":{"@type":"QuantitativeValue","minValue":"11","maxValue":"50"},"publishingPrinciples":"https:\/\/talkpal.ai\/publishing-principles\/","actionableFeedbackPolicy":"https:\/\/talkpal.ai\/actionable-feedback-policy\/","correctionsPolicy":"https:\/\/talkpal.ai\/corrections-policy\/","ethicsPolicy":"https:\/\/talkpal.ai\/ethics-policy\/","diversityPolicy":"https:\/\/talkpal.ai\/diversity-policy\/","diversityStaffingReport":"https:\/\/talkpal.ai\/diversity-policy\/"}]}},"_links":{"self":[{"href":"https:\/\/talkpal.ai\/ga\/wp-json\/wp\/v2\/pages\/1446051","targetHints":{"allow":["GET"]}}],"collection":[{"href":"https:\/\/talkpal.ai\/ga\/wp-json\/wp\/v2\/pages"}],"about":[{"href":"https:\/\/talkpal.ai\/ga\/wp-json\/wp\/v2\/types\/page"}],"author":[{"embeddable":true,"href":"https:\/\/talkpal.ai\/ga\/wp-json\/wp\/v2\/users\/1"}],"replies":[{"embeddable":true,"href":"https:\/\/talkpal.ai\/ga\/wp-json\/wp\/v2\/comments?post=1446051"}],"version-history":[{"count":0,"href":"https:\/\/talkpal.ai\/ga\/wp-json\/wp\/v2\/pages\/1446051\/revisions"}],"wp:featuredmedia":[{"embeddable":true,"href":"https:\/\/talkpal.ai\/ga\/wp-json\/wp\/v2\/media\/1439932"}],"wp:attachment":[{"href":"https:\/\/talkpal.ai\/ga\/wp-json\/wp\/v2\/media?parent=1446051"}],"curies":[{"name":"wp","href":"https:\/\/api.w.org\/{rel}","templated":true}]}}