{"id":1446049,"date":"2023-03-26T11:55:54","date_gmt":"2023-03-26T11:55:54","guid":{"rendered":"https:\/\/talkpal.ai\/gramadach-spainnise\/"},"modified":"2025-09-06T20:37:43","modified_gmt":"2025-09-06T20:37:43","slug":"gramadach-spainnise","status":"publish","type":"page","link":"https:\/\/talkpal.ai\/ga\/gramadach-spainnise\/","title":{"rendered":"Gramadach Sp\u00e1innise"},"content":{"rendered":"\r\n\r\n\r\n<section class=\"languageChallengeSection\">\r\n    <div class=\"languageInfoWrapper\">\r\n        \r\n        <h1>Gramadach Sp\u00e1innise<\/h1>\r\n        <p>L\u00e9im isteach i ndomhan br\u00edomhar na Sp\u00e1inne tr\u00ed m\u00e1istreacht a dh\u00e9anamh ar a rialacha gramada\u00ed riachtanacha. Cuideoidh tuiscint ar ghramadach na Sp\u00e1inne leat cumars\u00e1id a dh\u00e9anamh go muin\u00edneach agus naisc <a href=\"https:\/\/talkpal.ai\/talkpal-new-years-discount\/\">nua<\/a> a oscailt leis na milli\u00fain cainteoir\u00ed ar fud an domhain. Tosaigh ag foghlaim <a href=\"https:\/\/talkpal.ai\/ga\/cleachtai-gramadai-na-hisiltire\/\">gramada\u00ed na<\/a> Sp\u00e1inne inniu agus glac do ch\u00e9ad ch\u00e9im i dtreo l\u00edofacht!<\/p>\r\n\r\n                            <a class=\"getStartedHidden\" href=\"https:\/\/app.talkpal.ai\/signup?lng=\">Tosaigh<\/a>\r\n        \r\n    <\/div>\r\n\r\n    <figure>\r\n    <img decoding=\"async\" width=\"768\" height=\"768\" src=\"https:\/\/talkpal.ai\/wp-content\/uploads\/2023\/06\/Spanish-768x768.png\" class=\"languageImage no-lazy\" alt=\"Practical application of language learning\" fetchpriority=\"high\" sizes=\"(max-width: 768px) 150px, 768px\" srcset=\"https:\/\/talkpal.ai\/wp-content\/uploads\/2023\/06\/Spanish-768x768.png 768w, https:\/\/talkpal.ai\/wp-content\/uploads\/2023\/06\/Spanish-300x300.png 300w\" \/>\r\n    \r\n\r\n    <\/figure>\r\n\r\n            <a class=\"getStartedVisible\" href=\"https:\/\/app.talkpal.ai\/signup?lng=\">Tosaigh<\/a>\r\n    \r\n<\/section>\r\n<section class=\"promotionalBanner\">\r\n    <p class=\"promotionalText\"><\/p>\r\n    <a class=\"promotionalLink\" href=\"https:\/\/app.talkpal.ai\/signup?lng=\"><\/a>\r\n<\/section>\n<div class=\"wp-block-group pageContainerStyle\"><div class=\"wp-block-group__inner-container is-layout-constrained wp-block-group-is-layout-constrained\">\n<h2 class=\"wp-block-heading\" id=\"h-a-quick-guide-to-learning-spanish-grammar\">Treoir Thapa maidir le Gramadach na Sp\u00e1inne a Fhoghlaim<\/h2>\n\n\n\n<p>M\u00e1 smaoinigh t\u00fa riamh ar theanga nua a fhoghlaim, t\u00e1 seans ard ann gur thrasnaigh an <a href=\"https:\/\/talkpal.ai\/ga\/ag-labhairt-spainnis\/\">Sp\u00e1innis<\/a> d&#8217;intinn. Mar cheann de na teangacha is m\u00f3 a labhra\u00edtear ar fud an domhain, cuireann an Sp\u00e1innis go leor bunt\u00e1ist\u00ed ar f\u00e1il d&#8217;fh\u00e1s pearsanta agus gairmi\u00fail. N\u00ed hamh\u00e1in go dtabharfaidh foghlaim na Sp\u00e1inne rochtain duit ar chult\u00fair nua ach cuirfidh s\u00e9 le do scileanna cumars\u00e1ide freisin. C\u00e9 go bhfuil eagla ar go leor daoine dul i ngleic le rialacha gramada\u00ed, is f\u00e9idir leat faoiseamh a an\u00e1il, mar t\u00e1 <a href=\"https:\/\/talkpal.ai\/grammar\/\">gramadach<\/a> na Sp\u00e1inne r\u00e9as\u00fanta simpl\u00ed. San alt seo, cuirfimid treoir thapa ar f\u00e1il duit chun cabhr\u00fa leat nasclean\u00faint a dh\u00e9anamh ar shaol spreag\u00fail gramada\u00ed na Sp\u00e1inne cos\u00fail le pro!<\/p>\n\n\n\n<h3 class=\"wp-block-heading\" id=\"h-1-understanding-spanish-nouns-and-articles\">1. Ainmfhocail agus Airteagail Sp\u00e1innise a thuiscint<\/h3>\n\n\n\n<p>\u00das\u00e1idtear ainmfhocail Sp\u00e1innise, mar at\u00e1 sa Bh\u00e9arla, chun daoine, \u00e1iteanna, ruda\u00ed, smaointe agus moth\u00fach\u00e1in a aithint. Is \u00e9 an ch\u00e9ad riail le cuimhneamh faoi ainmfhocail Sp\u00e1innise n\u00e1 go bhfuil inscne acu. T\u00e1 ainmfhocail Sp\u00e1innise firinscneach n\u00f3 baininscneach. Mar shampla, t\u00e1 &#8216;libro&#8217; (leabhar) firinscneach, agus t\u00e1 &#8216;casa&#8217; (teach) baininscneach. Go leor uaireanta, t\u00e1 ainmfhocail a chr\u00edochna\u00edonn le &#8216;o&#8217; firinscneach, ach baininscneach iad si\u00fad a chr\u00edochna\u00edonn le &#8216;a&#8217;.<\/p>\n\n\n\n<p>T\u00e1 ailt na Sp\u00e1inne cos\u00fail leis an mB\u00e9arla &#8216;the&#8217;, &#8216;a&#8217;, n\u00f3 &#8216;an&#8217;. Is cuid r\u00edth\u00e1bhachtach den teanga iad mar n\u00ed m\u00f3r d\u00f3ibh aont\u00fa le hinscne agus uimhir an ainmfhocail a thuairisc\u00edonn siad. T\u00e1 ceithre chine\u00e1l alt Sp\u00e1innise ann:<\/p>\n\n\n\n<p><strong>&#8211; Airteagail chinnte:<\/strong> el (an t-uatha firinscneach), la (an t-uatha baininscneach), los (an t-iolra firinscneach), agus las (an t-iolra baininscneach).<br\/><strong>&#8211; Airteagail \u00e9iginnte:<\/strong> un (a\/an uatha firinscneach), una (a\/an uatha baininscneach), unos (roinnt iolra firinscneach), agus unas (roinnt iolra baininscneach).<\/p>\n\n\n\n<h3 class=\"wp-block-heading\" id=\"h-2-slaying-spanish-verbs-conjugation-and-tenses\">2. Briathra Sp\u00e1innise a mhar\u00fa: Comhchuingi\u00fa agus Aimsir<\/h3>\n\n\n\n<p>Ceann de na gn\u00e9ithe is t\u00e1bhachta\u00ed d&#8217;fhoghlaim ghramadach na Sp\u00e1inne is ea tuiscint a fh\u00e1il ar chomhchuingi\u00fa briathra. Is \u00e9ard at\u00e1 i gceist le conjugation ach foirm fhr\u00e9amh an bhriathar a athr\u00fa chun a \u00e1bhar agus a aimsir a mheaitse\u00e1il. Mar shampla, sa Sp\u00e1innis, deir t\u00fa &#8216;Yo como&#8217; (itheann m\u00e9) agus &#8216;\u00e9l come&#8217; (itheann s\u00e9). Tabhair faoi deara go n-athra\u00edonn an briathar comer (ithe) a fhoirm nuair a athra\u00edonn t\u00fa an t-\u00e1bhar.<\/p>\n\n\n\n<p><strong>I measc roinnt briathra rialta coitianta sa Sp\u00e1innis t\u00e1:<\/strong><\/p>\n\n\n\n<p>&#8211; Briathra AR: hablar (labhairt), amar (gr\u00e1), agus bailar (damhsa).<br\/>&#8211; Briathra ER: comer (ithe), aprender (foghlaim), agus vender (d\u00edol).<br\/>&#8211; Briathra IR: vivir (maireacht\u00e1il), escribir (scr\u00edobh), agus descubrir (a fhionnadh).<\/p>\n\n\n\n<p>D\u00edreach cos\u00fail leis an mB\u00e9arla, t\u00e1 iliomad aimsir briathartha ag an Sp\u00e1innis chun an t-am a tharla\u00edonn gn\u00edomh a <a href=\"https:\/\/talkpal.ai\/locations\/language-courses-in-chur\/\">chur<\/a> in i\u00fal. Is iad seo a leanas na cinn is bun\u00fasa\u00ed:<\/p>\n\n\n\n<p><strong>&#8211; I l\u00e1thair<\/strong><br\/><strong>&#8211; Preterite<\/strong><br\/><strong>&#8211; Neamhfhoirfe<\/strong><br\/><strong>&#8211; Todhcha\u00ed<\/strong><br\/><strong>&#8211; Coinn\u00edollach<\/strong><br\/><strong>&#8211; An Fo-Chomhjunctive Reatha<\/strong><br\/><strong>&#8211; Subjunctive Neamhfhoirfe<\/strong><\/p>\n\n\n\n<p>N\u00e1 b\u00edodh strus ort na haimsir\u00ed briathar go l\u00e9ir a fhoghlaim ag an am c\u00e9anna. T\u00e9igh i ngleic leo ceann ag an am agus cleachtadh go dt\u00ed go bhfuil t\u00fa compordach iad a \u00fas\u00e1id.<\/p>\n\n\n\n<h3 class=\"wp-block-heading\" id=\"h-3-creating-sentences-with-spanish-adjectives-and-adverbs\">3. Abairt\u00ed a chruth\u00fa le haidiachta\u00ed agus adverbs Sp\u00e1innise<\/h3>\n\n\n\n<p>T\u00e1 r\u00f3l r\u00edth\u00e1bhachtach ag aidiachta\u00ed agus aidiachta\u00ed <a href=\"https:\/\/talkpal.ai\/ga\/maidir\/\">maidir<\/a> le do chuid abairt\u00ed Sp\u00e1innise. D\u00e9anann aidiachta\u00ed cur s\u00edos ar ch\u00e1il\u00edochta\u00ed n\u00f3 tr\u00e9ithe ainmfhocail, agus d\u00e9anann aidiachta\u00ed cur s\u00edos ar ghn\u00edomhartha n\u00f3 briathra. Sa Sp\u00e1innis, caithfidh aidiachta\u00ed aont\u00fa leis an ainmfhocal a thuairisc\u00edonn siad, inscne agus uimhir.<\/p>\n\n\n\n<p>Pr\u00edomhdhifr\u00edocht amh\u00e1in idir Sp\u00e1innis agus B\u00e9arla is ea an t-ord aidiacht. Is gn\u00e1ch go dtagann aidiachta\u00ed Sp\u00e1innise i ndiaidh an ainmfhocail, m.sh., &#8216;un coche rojo&#8217; (carr dearg).<\/p>\n\n\n\n<p>Ar an l\u00e1imh eile, n\u00ed athra\u00edonn adverbs Sp\u00e1innis riamh le haghaidh inscne n\u00f3 uimhir. D\u00edreach cos\u00fail leis an mB\u00e9arla, is gn\u00e1ch go dtagann adverbs i ndiaidh an bhriathar a mhodhna\u00edonn siad, m.sh., &#8216;Ella habla r\u00e1pidamente&#8217; (Labhra\u00edonn s\u00ed go gasta).<\/p>\n\n\n\n<h3 class=\"wp-block-heading\" id=\"h-conclusion\">Concl\u00faid<\/h3>\n\n\n\n<p>N\u00edor ch\u00f3ir go gcuirfeadh <a href=\"https:\/\/talkpal.ai\/grammar\/\">gramadach<\/a> na Sp\u00e1inne eagla ort! Deonaithe, \u00e9il\u00edonn s\u00e9 cleachtadh, ach tr\u00ed na treoirl\u00ednte simpl\u00ed seo a lean\u00faint, beidh t\u00fa ar do bhealach chun a bheith i do chainteoir Sp\u00e1innis eisceacht\u00fail. Cuimhnigh i gc\u00f3na\u00ed dul i ngleic leis an teanga ar bhealach spra\u00ed\u00fail, comhr\u00e1, agus t\u00fa ag ini\u00fachadh ainmfhocail, briathra, aidiachta\u00ed agus aidiachta\u00ed. Coinnigh ort ag cleachtadh, glac leis an gcult\u00far, agus lig do thuras Sp\u00e1inneach unfold. \u00a1Buena suerte!<\/p>\n<\/div><\/div>\n\r\n<section class=\"learnNavigationSection\">\r\n            \r\n        <a href=\"https:\/\/talkpal.ai\/ga\/foghlaim-spainnis\/\">\r\n            <div class=\"learnNavigationWrapper\">\r\n                <div class=\"learnNavigationContent\">\r\n                    <img decoding=\"async\" src=\"https:\/\/talkpal.ai\/wp-content\/uploads\/2024\/08\/Spanish.jpg\" alt=\"Spanish Flag\">\r\n                    <div>\r\n                        <h4>Maidir le Foghlaim na Sp\u00e1inne<\/h4>\r\n                        <p>Faigh amach gach rud faoi ghramadach na Sp\u00e1inne.<\/p>\r\n                    <\/div>\r\n                <\/div>\r\n            <\/div>\r\n        <\/a>\r\n\r\n        \r\n        <a href=\"https:\/\/talkpal.ai\/ga\/cleachtai-gramadai-na-spainnise\/\">\r\n            <div class=\"learnNavigationWrapper\">\r\n                <div class=\"learnNavigationContent\">\r\n                    <img decoding=\"async\" src=\"https:\/\/talkpal.ai\/wp-content\/uploads\/2024\/08\/Spanish.jpg\" alt=\"Spanish Flag\">\r\n                    <div>\r\n                        <h4>Cleachtadh Gramada\u00ed na Sp\u00e1inne<\/h4>\r\n                        <p>Cleachtadh gramadach na Sp\u00e1inne.<\/p>\r\n                    <\/div>\r\n                <\/div>\r\n            <\/div>\r\n        <\/a>\r\n\r\n        \r\n        <a href=\"https:\/\/talkpal.ai\/vocabulary_language\/spanish\/\">\r\n            <div class=\"learnNavigationWrapper\">\r\n                <div class=\"learnNavigationContent\">\r\n                    <img decoding=\"async\" src=\"https:\/\/talkpal.ai\/wp-content\/uploads\/2024\/08\/Spanish.jpg\" alt=\"Spanish Flag\">\r\n                    <div>\r\n                        <h4>St\u00f3r focal na Sp\u00e1inne<\/h4>\r\n                        <p>Leathnaigh do st\u00f3r focal Sp\u00e1innise.<\/p>\r\n                    <\/div>\r\n                <\/div>\r\n            <\/div>\r\n        <\/a>\r\n\r\n            <\/section>","protected":false},"excerpt":{"rendered":"<p>Treoir Thapa maidir le Gramadach na Sp\u00e1inne a Fhoghlaim M\u00e1 smaoinigh t\u00fa riamh ar theanga nua a fhoghlaim, t\u00e1 seans ard ann gur thrasnaigh an Sp\u00e1innis d&#8217;intinn. Mar cheann de na teangacha is m\u00f3 a labhra\u00edtear ar fud an domhain, cuireann an Sp\u00e1innis go leor bunt\u00e1ist\u00ed ar f\u00e1il d&#8217;fh\u00e1s pearsanta agus gairmi\u00fail. N\u00ed hamh\u00e1in go [&hellip;]<\/p>\n","protected":false},"author":1,"featured_media":1439948,"parent":0,"menu_order":0,"comment_status":"closed","ping_status":"closed","template":"LearningContentPage.php","meta":{"_acf_changed":false,"footnotes":""},"class_list":["post-1446049","page","type-page","status-publish","has-post-thumbnail","hentry"],"acf":[],"yoast_head":"<!-- This site is optimized with the Yoast SEO Premium plugin v27.2 (Yoast SEO v27.2) - https:\/\/yoast.com\/product\/yoast-seo-premium-wordpress\/ -->\n<title>Gramadach Sp\u00e1innise - Talkpal<\/title>\n<meta name=\"description\" content=\"Feabhas a chur ar do scileanna gramada\u00ed Sp\u00e1innise le cleachta\u00ed idirghn\u00edomhacha at\u00e1 deartha do gach leibh\u00e9al inni\u00falachta. Cleachtadh Sp\u00e1innis go h\u00e9ifeachtach!\" \/>\n<meta name=\"robots\" content=\"index, follow, max-snippet:-1, max-image-preview:large, max-video-preview:-1\" \/>\n<link rel=\"canonical\" href=\"https:\/\/talkpal.ai\/ga\/gramadach-spainnise\/\" \/>\n<meta property=\"og:locale\" content=\"ga_IE\" \/>\n<meta property=\"og:type\" content=\"article\" \/>\n<meta property=\"og:title\" content=\"Gramadach Sp\u00e1innise\" \/>\n<meta property=\"og:description\" content=\"Treoir Thapa maidir le Gramadach na Sp\u00e1inne a Fhoghlaim M\u00e1 smaoinigh t\u00fa riamh ar theanga nua a fhoghlaim, t\u00e1 seans ard ann gur thrasnaigh an Sp\u00e1innis\" \/>\n<meta property=\"og:url\" content=\"https:\/\/talkpal.ai\/ga\/gramadach-spainnise\/\" \/>\n<meta property=\"og:site_name\" content=\"Talkpal\" \/>\n<meta property=\"article:publisher\" content=\"https:\/\/www.facebook.com\/profile.php?id=100090733639311\" \/>\n<meta property=\"article:modified_time\" content=\"2025-09-06T20:37:43+00:00\" \/>\n<meta property=\"og:image\" content=\"https:\/\/talkpal.ai\/wp-content\/uploads\/2023\/03\/spain.png\" \/>\n\t<meta property=\"og:image:width\" content=\"512\" \/>\n\t<meta property=\"og:image:height\" content=\"512\" \/>\n\t<meta property=\"og:image:type\" content=\"image\/png\" \/>\n<meta name=\"twitter:card\" content=\"summary_large_image\" \/>\n<meta name=\"twitter:site\" content=\"@talkpalai\" \/>\n<meta name=\"twitter:label1\" content=\"Est. reading time\" \/>\n\t<meta name=\"twitter:data1\" content=\"4 minutes\" \/>\n<script type=\"application\/ld+json\" class=\"yoast-schema-graph\">{\"@context\":\"https:\/\/schema.org\",\"@graph\":[{\"@type\":\"WebPage\",\"@id\":\"https:\/\/talkpal.ai\/ga\/gramadach-spainnise\/\",\"url\":\"https:\/\/talkpal.ai\/ga\/gramadach-spainnise\/\",\"name\":\"Gramadach Sp\u00e1innise - Talkpal\",\"isPartOf\":{\"@id\":\"https:\/\/talkpal.ai\/ga\/#website\"},\"primaryImageOfPage\":{\"@id\":\"https:\/\/talkpal.ai\/ga\/gramadach-spainnise\/#primaryimage\"},\"image\":{\"@id\":\"https:\/\/talkpal.ai\/ga\/gramadach-spainnise\/#primaryimage\"},\"thumbnailUrl\":\"https:\/\/talkpal.ai\/wp-content\/uploads\/2023\/03\/spain.png\",\"datePublished\":\"2023-03-26T11:55:54+00:00\",\"dateModified\":\"2025-09-06T20:37:43+00:00\",\"description\":\"Feabhas a chur ar do scileanna gramada\u00ed Sp\u00e1innise le cleachta\u00ed idirghn\u00edomhacha at\u00e1 deartha do gach leibh\u00e9al inni\u00falachta. Cleachtadh Sp\u00e1innis go h\u00e9ifeachtach!\",\"breadcrumb\":{\"@id\":\"https:\/\/talkpal.ai\/ga\/gramadach-spainnise\/#breadcrumb\"},\"inLanguage\":\"ga-IE\",\"potentialAction\":[{\"@type\":\"ReadAction\",\"target\":[\"https:\/\/talkpal.ai\/ga\/gramadach-spainnise\/\"]}]},{\"@type\":\"ImageObject\",\"inLanguage\":\"ga-IE\",\"@id\":\"https:\/\/talkpal.ai\/ga\/gramadach-spainnise\/#primaryimage\",\"url\":\"https:\/\/talkpal.ai\/wp-content\/uploads\/2023\/03\/spain.png\",\"contentUrl\":\"https:\/\/talkpal.ai\/wp-content\/uploads\/2023\/03\/spain.png\",\"width\":512,\"height\":512,\"caption\":\"TalkPal AI foghlaim Sp\u00e1innis\"},{\"@type\":\"BreadcrumbList\",\"@id\":\"https:\/\/talkpal.ai\/ga\/gramadach-spainnise\/#breadcrumb\",\"itemListElement\":[{\"@type\":\"ListItem\",\"position\":1,\"name\":\"Homepage\",\"item\":\"https:\/\/talkpal.ai\/ga\/\"},{\"@type\":\"ListItem\",\"position\":2,\"name\":\"Gramadach Sp\u00e1innise\"}]},{\"@type\":\"WebSite\",\"@id\":\"https:\/\/talkpal.ai\/ga\/#website\",\"url\":\"https:\/\/talkpal.ai\/ga\/\",\"name\":\"Talkpal\",\"description\":\"AI Language Learning\",\"publisher\":{\"@id\":\"https:\/\/talkpal.ai\/ga\/#organization\"},\"alternateName\":\"Talkpal AI\",\"potentialAction\":[{\"@type\":\"SearchAction\",\"target\":{\"@type\":\"EntryPoint\",\"urlTemplate\":\"https:\/\/talkpal.ai\/ga\/?s={search_term_string}\"},\"query-input\":{\"@type\":\"PropertyValueSpecification\",\"valueRequired\":true,\"valueName\":\"search_term_string\"}}],\"inLanguage\":\"ga-IE\"},{\"@type\":\"Organization\",\"@id\":\"https:\/\/talkpal.ai\/ga\/#organization\",\"name\":\"Talkpal, Inc.\",\"alternateName\":\"Talkpal AI\",\"url\":\"https:\/\/talkpal.ai\/ga\/\",\"logo\":{\"@type\":\"ImageObject\",\"inLanguage\":\"ga-IE\",\"@id\":\"https:\/\/talkpal.ai\/ga\/#\/schema\/logo\/image\/\",\"url\":\"https:\/\/talkpal.ai\/wp-content\/uploads\/2024\/03\/Talkpal-Logo-Icon.png\",\"contentUrl\":\"https:\/\/talkpal.ai\/wp-content\/uploads\/2024\/03\/Talkpal-Logo-Icon.png\",\"width\":2880,\"height\":2880,\"caption\":\"Talkpal, Inc.\"},\"image\":{\"@id\":\"https:\/\/talkpal.ai\/ga\/#\/schema\/logo\/image\/\"},\"sameAs\":[\"https:\/\/www.facebook.com\/profile.php?id=100090733639311\",\"https:\/\/x.com\/talkpalai\",\"https:\/\/www.linkedin.com\/company\/talkpal\/\",\"https:\/\/www.youtube.com\/@TalkPal\/\",\"https:\/\/www.tiktok.com\/@talkpal\",\"https:\/\/www.instagram.com\/talkpal_ai\/\",\"https:\/\/www.crunchbase.com\/organization\/talkpal-9cde\",\"https:\/\/www.g2.com\/products\/talkpal-for-business\/\",\"https:\/\/www.trustpilot.com\/review\/talkpal.ai\",\"https:\/\/www.capterra.com\/p\/10006800\/TalkPal\/\"],\"description\":\"Talkpal is a language learning web and mobile education app, powered by the latest AI technologies, that provides engaging experiences to its customers in many different languages to help them improve their language skills. Users can chat about unlimited amount of topics with the app and use other modes to practice their language learning.\",\"email\":\"support@talkpal.ai\",\"legalName\":\"Talkpal, Inc.\",\"foundingDate\":\"2023-04-03\",\"duns\":\"118989042\",\"numberOfEmployees\":{\"@type\":\"QuantitativeValue\",\"minValue\":\"11\",\"maxValue\":\"50\"},\"publishingPrinciples\":\"https:\/\/talkpal.ai\/publishing-principles\/\",\"actionableFeedbackPolicy\":\"https:\/\/talkpal.ai\/actionable-feedback-policy\/\",\"correctionsPolicy\":\"https:\/\/talkpal.ai\/corrections-policy\/\",\"ethicsPolicy\":\"https:\/\/talkpal.ai\/ethics-policy\/\",\"diversityPolicy\":\"https:\/\/talkpal.ai\/diversity-policy\/\",\"diversityStaffingReport\":\"https:\/\/talkpal.ai\/diversity-policy\/\"}]}<\/script>\n<!-- \/ Yoast SEO Premium plugin. -->","yoast_head_json":{"title":"Gramadach Sp\u00e1innise - Talkpal","description":"Feabhas a chur ar do scileanna gramada\u00ed Sp\u00e1innise le cleachta\u00ed idirghn\u00edomhacha at\u00e1 deartha do gach leibh\u00e9al inni\u00falachta. Cleachtadh Sp\u00e1innis go h\u00e9ifeachtach!","robots":{"index":"index","follow":"follow","max-snippet":"max-snippet:-1","max-image-preview":"max-image-preview:large","max-video-preview":"max-video-preview:-1"},"canonical":"https:\/\/talkpal.ai\/ga\/gramadach-spainnise\/","og_locale":"ga_IE","og_type":"article","og_title":"Gramadach Sp\u00e1innise","og_description":"Treoir Thapa maidir le Gramadach na Sp\u00e1inne a Fhoghlaim M\u00e1 smaoinigh t\u00fa riamh ar theanga nua a fhoghlaim, t\u00e1 seans ard ann gur thrasnaigh an Sp\u00e1innis","og_url":"https:\/\/talkpal.ai\/ga\/gramadach-spainnise\/","og_site_name":"Talkpal","article_publisher":"https:\/\/www.facebook.com\/profile.php?id=100090733639311","article_modified_time":"2025-09-06T20:37:43+00:00","og_image":[{"width":512,"height":512,"url":"https:\/\/talkpal.ai\/wp-content\/uploads\/2023\/03\/spain.png","type":"image\/png"}],"twitter_card":"summary_large_image","twitter_site":"@talkpalai","twitter_misc":{"Est. reading time":"4 minutes"},"schema":{"@context":"https:\/\/schema.org","@graph":[{"@type":"WebPage","@id":"https:\/\/talkpal.ai\/ga\/gramadach-spainnise\/","url":"https:\/\/talkpal.ai\/ga\/gramadach-spainnise\/","name":"Gramadach Sp\u00e1innise - Talkpal","isPartOf":{"@id":"https:\/\/talkpal.ai\/ga\/#website"},"primaryImageOfPage":{"@id":"https:\/\/talkpal.ai\/ga\/gramadach-spainnise\/#primaryimage"},"image":{"@id":"https:\/\/talkpal.ai\/ga\/gramadach-spainnise\/#primaryimage"},"thumbnailUrl":"https:\/\/talkpal.ai\/wp-content\/uploads\/2023\/03\/spain.png","datePublished":"2023-03-26T11:55:54+00:00","dateModified":"2025-09-06T20:37:43+00:00","description":"Feabhas a chur ar do scileanna gramada\u00ed Sp\u00e1innise le cleachta\u00ed idirghn\u00edomhacha at\u00e1 deartha do gach leibh\u00e9al inni\u00falachta. Cleachtadh Sp\u00e1innis go h\u00e9ifeachtach!","breadcrumb":{"@id":"https:\/\/talkpal.ai\/ga\/gramadach-spainnise\/#breadcrumb"},"inLanguage":"ga-IE","potentialAction":[{"@type":"ReadAction","target":["https:\/\/talkpal.ai\/ga\/gramadach-spainnise\/"]}]},{"@type":"ImageObject","inLanguage":"ga-IE","@id":"https:\/\/talkpal.ai\/ga\/gramadach-spainnise\/#primaryimage","url":"https:\/\/talkpal.ai\/wp-content\/uploads\/2023\/03\/spain.png","contentUrl":"https:\/\/talkpal.ai\/wp-content\/uploads\/2023\/03\/spain.png","width":512,"height":512,"caption":"TalkPal AI foghlaim Sp\u00e1innis"},{"@type":"BreadcrumbList","@id":"https:\/\/talkpal.ai\/ga\/gramadach-spainnise\/#breadcrumb","itemListElement":[{"@type":"ListItem","position":1,"name":"Homepage","item":"https:\/\/talkpal.ai\/ga\/"},{"@type":"ListItem","position":2,"name":"Gramadach Sp\u00e1innise"}]},{"@type":"WebSite","@id":"https:\/\/talkpal.ai\/ga\/#website","url":"https:\/\/talkpal.ai\/ga\/","name":"Talkpal","description":"AI Language Learning","publisher":{"@id":"https:\/\/talkpal.ai\/ga\/#organization"},"alternateName":"Talkpal AI","potentialAction":[{"@type":"SearchAction","target":{"@type":"EntryPoint","urlTemplate":"https:\/\/talkpal.ai\/ga\/?s={search_term_string}"},"query-input":{"@type":"PropertyValueSpecification","valueRequired":true,"valueName":"search_term_string"}}],"inLanguage":"ga-IE"},{"@type":"Organization","@id":"https:\/\/talkpal.ai\/ga\/#organization","name":"Talkpal, Inc.","alternateName":"Talkpal AI","url":"https:\/\/talkpal.ai\/ga\/","logo":{"@type":"ImageObject","inLanguage":"ga-IE","@id":"https:\/\/talkpal.ai\/ga\/#\/schema\/logo\/image\/","url":"https:\/\/talkpal.ai\/wp-content\/uploads\/2024\/03\/Talkpal-Logo-Icon.png","contentUrl":"https:\/\/talkpal.ai\/wp-content\/uploads\/2024\/03\/Talkpal-Logo-Icon.png","width":2880,"height":2880,"caption":"Talkpal, Inc."},"image":{"@id":"https:\/\/talkpal.ai\/ga\/#\/schema\/logo\/image\/"},"sameAs":["https:\/\/www.facebook.com\/profile.php?id=100090733639311","https:\/\/x.com\/talkpalai","https:\/\/www.linkedin.com\/company\/talkpal\/","https:\/\/www.youtube.com\/@TalkPal\/","https:\/\/www.tiktok.com\/@talkpal","https:\/\/www.instagram.com\/talkpal_ai\/","https:\/\/www.crunchbase.com\/organization\/talkpal-9cde","https:\/\/www.g2.com\/products\/talkpal-for-business\/","https:\/\/www.trustpilot.com\/review\/talkpal.ai","https:\/\/www.capterra.com\/p\/10006800\/TalkPal\/"],"description":"Talkpal is a language learning web and mobile education app, powered by the latest AI technologies, that provides engaging experiences to its customers in many different languages to help them improve their language skills. Users can chat about unlimited amount of topics with the app and use other modes to practice their language learning.","email":"support@talkpal.ai","legalName":"Talkpal, Inc.","foundingDate":"2023-04-03","duns":"118989042","numberOfEmployees":{"@type":"QuantitativeValue","minValue":"11","maxValue":"50"},"publishingPrinciples":"https:\/\/talkpal.ai\/publishing-principles\/","actionableFeedbackPolicy":"https:\/\/talkpal.ai\/actionable-feedback-policy\/","correctionsPolicy":"https:\/\/talkpal.ai\/corrections-policy\/","ethicsPolicy":"https:\/\/talkpal.ai\/ethics-policy\/","diversityPolicy":"https:\/\/talkpal.ai\/diversity-policy\/","diversityStaffingReport":"https:\/\/talkpal.ai\/diversity-policy\/"}]}},"_links":{"self":[{"href":"https:\/\/talkpal.ai\/ga\/wp-json\/wp\/v2\/pages\/1446049","targetHints":{"allow":["GET"]}}],"collection":[{"href":"https:\/\/talkpal.ai\/ga\/wp-json\/wp\/v2\/pages"}],"about":[{"href":"https:\/\/talkpal.ai\/ga\/wp-json\/wp\/v2\/types\/page"}],"author":[{"embeddable":true,"href":"https:\/\/talkpal.ai\/ga\/wp-json\/wp\/v2\/users\/1"}],"replies":[{"embeddable":true,"href":"https:\/\/talkpal.ai\/ga\/wp-json\/wp\/v2\/comments?post=1446049"}],"version-history":[{"count":0,"href":"https:\/\/talkpal.ai\/ga\/wp-json\/wp\/v2\/pages\/1446049\/revisions"}],"wp:featuredmedia":[{"embeddable":true,"href":"https:\/\/talkpal.ai\/ga\/wp-json\/wp\/v2\/media\/1439948"}],"wp:attachment":[{"href":"https:\/\/talkpal.ai\/ga\/wp-json\/wp\/v2\/media?parent=1446049"}],"curies":[{"name":"wp","href":"https:\/\/api.w.org\/{rel}","templated":true}]}}