{"id":1446041,"date":"2023-03-26T11:45:19","date_gmt":"2023-03-26T11:45:19","guid":{"rendered":"https:\/\/talkpal.ai\/gramadach-na-fraince\/"},"modified":"2025-09-06T20:37:41","modified_gmt":"2025-09-06T20:37:41","slug":"gramadach-na-fraince","status":"publish","type":"page","link":"https:\/\/talkpal.ai\/ga\/gramadach-na-fraince\/","title":{"rendered":"Gramadach na Fraince"},"content":{"rendered":"\r\n\r\n\r\n<section class=\"languageChallengeSection\">\r\n    <div class=\"languageInfoWrapper\">\r\n        \r\n        <h1>Gramadach na Fraince<\/h1>\r\n        <p>D\u00edghlas\u00e1il gal\u00e1ntacht na Fraince tr\u00ed mh\u00e1istir a dh\u00e9anamh ar a rialacha gramada\u00ed riachtanacha. Cuideoidh tuiscint l\u00e1idir ar ghramadach na Fraince leat cumars\u00e1id a dh\u00e9anamh go h\u00e9asca agus meas a bheith agat ar shaibhreas chult\u00far na Fraince. Tosaigh ag foghlaim gramada\u00ed na Fraince inniu agus cuir t\u00fas le do thuras i dtreo l\u00edofacht!<\/p>\r\n\r\n                            <a class=\"getStartedHidden\" href=\"https:\/\/app.talkpal.ai\/signup?lng=\">Tosaigh<\/a>\r\n        \r\n    <\/div>\r\n\r\n    <figure>\r\n    <img decoding=\"async\" width=\"768\" height=\"768\" src=\"https:\/\/talkpal.ai\/wp-content\/uploads\/2023\/06\/french-768x768.png\" class=\"languageImage no-lazy\" alt=\"Language learning strategies for professionals\" fetchpriority=\"high\" sizes=\"(max-width: 768px) 150px, 768px\" srcset=\"https:\/\/talkpal.ai\/wp-content\/uploads\/2023\/06\/french-768x768.png 768w, https:\/\/talkpal.ai\/wp-content\/uploads\/2023\/06\/french-300x300.png 300w\" \/>\r\n    \r\n\r\n    <\/figure>\r\n\r\n            <a class=\"getStartedVisible\" href=\"https:\/\/app.talkpal.ai\/signup?lng=\">Tosaigh<\/a>\r\n    \r\n<\/section>\r\n<section class=\"promotionalBanner\">\r\n    <p class=\"promotionalText\"><\/p>\r\n    <a class=\"promotionalLink\" href=\"https:\/\/app.talkpal.ai\/signup?lng=\"><\/a>\r\n<\/section>\n<div class=\"wp-block-group pageContainerStyle\"><div class=\"wp-block-group__inner-container is-layout-constrained wp-block-group-is-layout-constrained\">\n<h2 class=\"wp-block-heading\" id=\"h-a-beginner-s-guide-to-french-grammar\">Treoir do Thosaitheoir\u00ed ar Ghramadach na Fraince<\/h2>\n\n\n\n<p>Is f\u00e9idir le foghlaim na Fraince a bheith ina eisp\u00e9ireas spreag\u00fail agus luachmhar. Mar sin f\u00e9in, is f\u00e9idir le m\u00e1istreacht a dh\u00e9anamh ar ghramadach na Fraincise a bheith d\u00fashl\u00e1nach, fi\u00fa d\u00f3ibh si\u00fad at\u00e1 inni\u00fail sa Bh\u00e9arla. San alt seo, pl\u00e9ifimid roinnt leideanna gramada\u00ed riachtanacha na Fraince chun cabhr\u00fa leat do scileanna teanga a fheabhs\u00fa. Tr\u00ed eolas a <a href=\"https:\/\/talkpal.ai\/locations\/language-courses-in-chur\/\">chur<\/a> ar na rialacha seo agus iad a chleachtadh go rialta, beidh t\u00fa ar do bhealach chun a bheith i do shaineola\u00ed i ngramadach na Fraince.<\/p>\n\n\n\n<h3 class=\"wp-block-heading\" id=\"h-1-the-importance-of-gender-in-french-nouns\">1. T\u00e1bhacht na hinscne in ainmfhocail na Fraince<\/h3>\n\n\n\n<p>Ceann de na difr\u00edochta\u00ed is suntasa\u00ed idir <a href=\"https:\/\/talkpal.ai\/grammar\/\">gramadach<\/a> na Fraince agus an Bh\u00e9arla is ea coincheap na hinscne. T\u00e1 gach ainmfhocal Fraincis firinscneach n\u00f3 baininscneach, rud a th\u00e9ann i bhfeidhm ar na hailt agus na haidiachta\u00ed a \u00fas\u00e1idtear leo. Mar shampla, is iad &#8220;le&#8221; agus &#8220;la&#8221; na hailt chinnte d&#8217;ainmfhocail firinscneach agus baininscneach, faoi seach. Nuair a thagann t\u00fa ar ainmfhocal <a href=\"https:\/\/talkpal.ai\/talkpal-new-years-discount\/\">nua<\/a>, t\u00e1 s\u00e9 r\u00edth\u00e1bhachtach cuimhneamh ar a inscne chun bot\u00fain ghramada\u00ed a sheachaint.<\/p>\n\n\n\n<h3 class=\"wp-block-heading\" id=\"h-2-mastering-verb-conjugations\">2. M\u00e1istreacht Conjugations Briathar<\/h3>\n\n\n\n<p>T\u00e1 go leor conjugations ag briathra na Fraince bunaithe ar aimsir, gi\u00famar, agus forainmneacha \u00e1bhair. D&#8217;fh\u00e9adfadh s\u00e9 seo a bheith s\u00e1raitheach, ach t\u00e1 patr\u00fain agus aicearra\u00ed ann is f\u00e9idir leat a \u00fas\u00e1id chun an pr\u00f3iseas a shimpli\u00fa. Baineann briathra rialta le ceann de na tr\u00ed ghr\u00fapa bunaithe ar a gcr\u00edoch infinitive (-er, -ir, agus -re), agus t\u00e1 a shraith rialacha comhchuingithe f\u00e9in ag gach gr\u00fapa. Nuair a fhoghlaim\u00edonn t\u00fa na rialacha seo, is f\u00e9idir leat l\u00edon suntasach briathra Fraincise a chomhcheangal go h\u00e9asca.<\/p>\n\n\n\n<h3 class=\"wp-block-heading\" id=\"h-3-the-partitive-article-du-de-la-and-de-l\">3. An tAirteagal P\u00e1irteach: du, de la, agus de l&#8217;<\/h3>\n\n\n\n<p>Nuair a bh\u00edonn t\u00fa ag caint faoi chuid n\u00f3 m\u00e9id neamhshonraithe de rud \u00e9igin, beidh ort an t-alt p\u00e1irteach a \u00fas\u00e1id. Athra\u00edonn an t-alt p\u00e1irteach bunaithe ar inscne an ainmfhocail agus cib\u00e9 an dtosa\u00edonn s\u00e9 le guta n\u00f3 le consin. <a href=\"https:\/\/talkpal.ai\/ga\/maidir\/\">Maidir<\/a> le hainmfhocail firinscneach, bain \u00fas\u00e1id as &#8220;du,&#8221; le haghaidh ainmfhocail baininscneach bain \u00fas\u00e1id as &#8220;de la,&#8221; agus d&#8217;ainmfhocail a thosa\u00edonn le guta n\u00f3 ci\u00fain &#8216;h,&#8217; bain \u00fas\u00e1id as &#8220;de l&#8217;.&#8221;<\/p>\n\n\n\n<h3 class=\"wp-block-heading\" id=\"h-4-adjective-agreement-and-placement\">4. Comhaont\u00fa aidiachta agus socr\u00fach\u00e1n<\/h3>\n\n\n\n<p>I ngramadach na Fraince, caithfidh aidiachta\u00ed aont\u00fa leis an ainmfhocal at\u00e1 \u00e1 mhodhn\u00fa acu i dt\u00e9arma\u00ed inscne agus uimhreacha. Go minic, cialla\u00edonn s\u00e9 seo go gcaithfidh t\u00fa &#8216;e&#8217; a chur leis an aidiacht chun \u00e9 a dh\u00e9anamh baininscneach agus &#8216;s&#8217; chun \u00e9 a dh\u00e9anamh iolra. Ina theannta sin, leanann aidiachta\u00ed an t-ainmfhocal a mhodhna\u00edonn siad, le roinnt eisceachta\u00ed d&#8217;aidiachta\u00ed gearra agus coitianta cos\u00fail le &#8220;beau,&#8221; &#8220;vieil,&#8221; agus &#8220;grand.&#8221;<\/p>\n\n\n\n<p>Sampla\u00ed:<br\/>&#8211; Un chat noir (Cat dubh)<br\/>&#8211; Une voiture noire (Carr dubh)<br\/>&#8211; Deux chats noirs (Dh\u00e1 chat dubh)<\/p>\n\n\n\n<h3 class=\"wp-block-heading\" id=\"h-5-passe-compose-past-tense-made-easy\">5. Passe Compose &#8211; Past Tense Made Easy<\/h3>\n\n\n\n<p>C\u00e9 go bhfuil go leor beala\u00ed ann chun an aimsir chaite a chur in i\u00fal i bhFraincis, t\u00e1 an pass\u00e8 compos\u00e9 ar cheann de na cinn is \u00fas\u00e1id\u00ed agus is \u00e9asca le foghlaim. Chun an <a href=\"https:\/\/talkpal.ai\/ar\/grammar_exercises\/passe-compose-%d8%aa%d9%85%d8%a7%d8%b1%d9%8a%d9%86-%d9%84%d9%84%d9%82%d9%88%d8%a7%d8%b9%d8%af-%d8%a7%d9%84%d9%81%d8%b1%d9%86%d8%b3%d9%8a%d8%a9\/\">pass\u00e9 compos\u00e9<\/a> a fhoirmi\u00fa, beidh an aimsir l\u00e1ithreach den bhriathar c\u00fanta &#8220;avoir&#8221; n\u00f3 &#8220;\u00eatre&#8221; ag teast\u00e1il uait, agus rannph\u00e1irt\u00ed an phr\u00edomhbhriathar ina dhiaidh sin. \u00das\u00e1ideann formh\u00f3r na mbriathra &#8220;avoir&#8221; mar ch\u00fanamh, agus \u00fas\u00e1ideann roinnt briathra, a bhaineann den chuid is m\u00f3 le gluaiseacht agus briathra machnamhacha, &#8220;\u00eatre.&#8221;<\/p>\n\n\n\n<p>Sampla:<br\/>&#8211; J&#8217;ai mang\u00e9 (D&#8217;ith m\u00e9)<br\/>\u2013 Nous sommes all\u00e9s (Chuaigh muid)<\/p>\n\n\n\n<h3 class=\"wp-block-heading\" id=\"h-6-engaging-with-the-language\">6. Dul i ngleic leis an teanga<\/h3>\n\n\n\n<p>Ceann de na beala\u00ed is fearr chun do ghramadach na Fraince a fheabhs\u00fa is ea dul i ngleic leis an teanga go rialta. Cib\u00e9 an bhfuil s\u00e9 ag l\u00e9amh nuacht\u00e1in na Fraince, ag f\u00e9achaint ar scann\u00e1in Fraincise, n\u00f3 <a href=\"https:\/\/talkpal.ai\/ga\/ag-labhairt-iodailis\/\">ag labhairt<\/a> le cainteoir d\u00fachais, cabhr\u00f3idh nochtadh don teanga i gcomhth\u00e9acsanna \u00e9ags\u00fala le do thuiscint ar ghramadach a threisi\u00fa agus do st\u00f3r focal a leathn\u00fa.<\/p>\n\n\n\n<h3 class=\"wp-block-heading\" id=\"h-conclusion\">Concl\u00faid<\/h3>\n\n\n\n<p>B&#8217;fh\u00e9idir go bhfuil s\u00e9 scanr\u00fail ar ghramadach na Fraince, ach le cleachtadh agus d\u00fathracht chomhsheasmhach, is f\u00e9idir leat a bheith l\u00edofa sa teanga \u00e1lainn seo. Tr\u00ed dh\u00edri\u00fa ar na rialacha riachtanacha at\u00e1 leagtha amach thuas agus dul i ngleic leis an teanga i gcomhth\u00e9acsanna \u00e9ags\u00fala, feabhs\u00f3idh do scileanna gramada\u00ed Fraincise go tapa. Bonne seans ar do thuras chun m\u00e1istreacht a dh\u00e9anamh ar ghramadach na Fraince!<\/p>\n<\/div><\/div>\n\r\n<section class=\"learnNavigationSection\">\r\n            \r\n        <a href=\"https:\/\/talkpal.ai\/ga\/foghlaim-fraincis\/\">\r\n            <div class=\"learnNavigationWrapper\">\r\n                <div class=\"learnNavigationContent\">\r\n                    <img decoding=\"async\" src=\"https:\/\/talkpal.ai\/wp-content\/uploads\/2024\/08\/French.jpg\" alt=\"French Flag\">\r\n                    <div>\r\n                        <h4>Maidir le Foghlaim na Fraince<\/h4>\r\n                        <p>Faigh amach gach rud faoi ghramadach na Fraince.<\/p>\r\n                    <\/div>\r\n                <\/div>\r\n            <\/div>\r\n        <\/a>\r\n\r\n        \r\n        <a href=\"https:\/\/talkpal.ai\/ga\/cleachtai-gramadai-na-fraincise\/\">\r\n            <div class=\"learnNavigationWrapper\">\r\n                <div class=\"learnNavigationContent\">\r\n                    <img decoding=\"async\" src=\"https:\/\/talkpal.ai\/wp-content\/uploads\/2024\/08\/French.jpg\" alt=\"French Flag\">\r\n                    <div>\r\n                        <h4>Cleachtadh Gramada\u00ed na Fraince<\/h4>\r\n                        <p>Cleachtadh gramadach na Fraince.<\/p>\r\n                    <\/div>\r\n                <\/div>\r\n            <\/div>\r\n        <\/a>\r\n\r\n        \r\n        <a href=\"https:\/\/talkpal.ai\/vocabulary_language\/french\/\">\r\n            <div class=\"learnNavigationWrapper\">\r\n                <div class=\"learnNavigationContent\">\r\n                    <img decoding=\"async\" src=\"https:\/\/talkpal.ai\/wp-content\/uploads\/2024\/08\/French.jpg\" alt=\"French Flag\">\r\n                    <div>\r\n                        <h4>St\u00f3r Focal na Fraince<\/h4>\r\n                        <p>Leathnaigh do st\u00f3r focal Fraincise.<\/p>\r\n                    <\/div>\r\n                <\/div>\r\n            <\/div>\r\n        <\/a>\r\n\r\n            <\/section>","protected":false},"excerpt":{"rendered":"<p>Treoir do Thosaitheoir\u00ed ar Ghramadach na Fraince Is f\u00e9idir le foghlaim na Fraince a bheith ina eisp\u00e9ireas spreag\u00fail agus luachmhar. Mar sin f\u00e9in, is f\u00e9idir le m\u00e1istreacht a dh\u00e9anamh ar ghramadach na Fraincise a bheith d\u00fashl\u00e1nach, fi\u00fa d\u00f3ibh si\u00fad at\u00e1 inni\u00fail sa Bh\u00e9arla. San alt seo, pl\u00e9ifimid roinnt leideanna gramada\u00ed riachtanacha na Fraince chun cabhr\u00fa [&hellip;]<\/p>\n","protected":false},"author":1,"featured_media":1439954,"parent":0,"menu_order":0,"comment_status":"closed","ping_status":"closed","template":"LearningContentPage.php","meta":{"_acf_changed":false,"footnotes":""},"class_list":["post-1446041","page","type-page","status-publish","has-post-thumbnail","hentry"],"acf":[],"yoast_head":"<!-- This site is optimized with the Yoast SEO Premium plugin v27.2 (Yoast SEO v27.2) - https:\/\/yoast.com\/product\/yoast-seo-premium-wordpress\/ -->\n<title>Gramadach na Fraince - Talkpal<\/title>\n<meta name=\"description\" content=\"M\u00e1istir ar choincheapa gramada\u00ed riachtanacha na Fraince - a chl\u00fada\u00edonn briathra, conjugations, aimsir, ainmfhocail, ailt, aidiachta\u00ed, forainmneacha, agus strucht\u00far abairte.\" \/>\n<meta name=\"robots\" content=\"index, follow, max-snippet:-1, max-image-preview:large, max-video-preview:-1\" \/>\n<link rel=\"canonical\" href=\"https:\/\/talkpal.ai\/ga\/gramadach-na-fraince\/\" \/>\n<meta property=\"og:locale\" content=\"ga_IE\" \/>\n<meta property=\"og:type\" content=\"article\" \/>\n<meta property=\"og:title\" content=\"Gramadach na Fraince\" \/>\n<meta property=\"og:description\" content=\"Treoir do Thosaitheoir\u00ed ar Ghramadach na Fraince Is f\u00e9idir le foghlaim na Fraince a bheith ina eisp\u00e9ireas spreag\u00fail agus luachmhar. Mar sin f\u00e9in, is\" \/>\n<meta property=\"og:url\" content=\"https:\/\/talkpal.ai\/ga\/gramadach-na-fraince\/\" \/>\n<meta property=\"og:site_name\" content=\"Talkpal\" \/>\n<meta property=\"article:publisher\" content=\"https:\/\/www.facebook.com\/profile.php?id=100090733639311\" \/>\n<meta property=\"article:modified_time\" content=\"2025-09-06T20:37:41+00:00\" \/>\n<meta property=\"og:image\" content=\"https:\/\/talkpal.ai\/wp-content\/uploads\/2023\/03\/france.png\" \/>\n\t<meta property=\"og:image:width\" content=\"512\" \/>\n\t<meta property=\"og:image:height\" content=\"512\" \/>\n\t<meta property=\"og:image:type\" content=\"image\/png\" \/>\n<meta name=\"twitter:card\" content=\"summary_large_image\" \/>\n<meta name=\"twitter:site\" content=\"@talkpalai\" \/>\n<meta name=\"twitter:label1\" content=\"Est. reading time\" \/>\n\t<meta name=\"twitter:data1\" content=\"4 minutes\" \/>\n<script type=\"application\/ld+json\" class=\"yoast-schema-graph\">{\"@context\":\"https:\/\/schema.org\",\"@graph\":[{\"@type\":\"WebPage\",\"@id\":\"https:\/\/talkpal.ai\/ga\/gramadach-na-fraince\/\",\"url\":\"https:\/\/talkpal.ai\/ga\/gramadach-na-fraince\/\",\"name\":\"Gramadach na Fraince - Talkpal\",\"isPartOf\":{\"@id\":\"https:\/\/talkpal.ai\/ga\/#website\"},\"primaryImageOfPage\":{\"@id\":\"https:\/\/talkpal.ai\/ga\/gramadach-na-fraince\/#primaryimage\"},\"image\":{\"@id\":\"https:\/\/talkpal.ai\/ga\/gramadach-na-fraince\/#primaryimage\"},\"thumbnailUrl\":\"https:\/\/talkpal.ai\/wp-content\/uploads\/2023\/03\/france.png\",\"datePublished\":\"2023-03-26T11:45:19+00:00\",\"dateModified\":\"2025-09-06T20:37:41+00:00\",\"description\":\"M\u00e1istir ar choincheapa gramada\u00ed riachtanacha na Fraince - a chl\u00fada\u00edonn briathra, conjugations, aimsir, ainmfhocail, ailt, aidiachta\u00ed, forainmneacha, agus strucht\u00far abairte.\",\"breadcrumb\":{\"@id\":\"https:\/\/talkpal.ai\/ga\/gramadach-na-fraince\/#breadcrumb\"},\"inLanguage\":\"ga-IE\",\"potentialAction\":[{\"@type\":\"ReadAction\",\"target\":[\"https:\/\/talkpal.ai\/ga\/gramadach-na-fraince\/\"]}]},{\"@type\":\"ImageObject\",\"inLanguage\":\"ga-IE\",\"@id\":\"https:\/\/talkpal.ai\/ga\/gramadach-na-fraince\/#primaryimage\",\"url\":\"https:\/\/talkpal.ai\/wp-content\/uploads\/2023\/03\/france.png\",\"contentUrl\":\"https:\/\/talkpal.ai\/wp-content\/uploads\/2023\/03\/france.png\",\"width\":512,\"height\":512,\"caption\":\"TalkPal AI foghlaim Fraincis\"},{\"@type\":\"BreadcrumbList\",\"@id\":\"https:\/\/talkpal.ai\/ga\/gramadach-na-fraince\/#breadcrumb\",\"itemListElement\":[{\"@type\":\"ListItem\",\"position\":1,\"name\":\"Homepage\",\"item\":\"https:\/\/talkpal.ai\/ga\/\"},{\"@type\":\"ListItem\",\"position\":2,\"name\":\"Gramadach na Fraince\"}]},{\"@type\":\"WebSite\",\"@id\":\"https:\/\/talkpal.ai\/ga\/#website\",\"url\":\"https:\/\/talkpal.ai\/ga\/\",\"name\":\"Talkpal\",\"description\":\"AI Language Learning\",\"publisher\":{\"@id\":\"https:\/\/talkpal.ai\/ga\/#organization\"},\"alternateName\":\"Talkpal AI\",\"potentialAction\":[{\"@type\":\"SearchAction\",\"target\":{\"@type\":\"EntryPoint\",\"urlTemplate\":\"https:\/\/talkpal.ai\/ga\/?s={search_term_string}\"},\"query-input\":{\"@type\":\"PropertyValueSpecification\",\"valueRequired\":true,\"valueName\":\"search_term_string\"}}],\"inLanguage\":\"ga-IE\"},{\"@type\":\"Organization\",\"@id\":\"https:\/\/talkpal.ai\/ga\/#organization\",\"name\":\"Talkpal, Inc.\",\"alternateName\":\"Talkpal AI\",\"url\":\"https:\/\/talkpal.ai\/ga\/\",\"logo\":{\"@type\":\"ImageObject\",\"inLanguage\":\"ga-IE\",\"@id\":\"https:\/\/talkpal.ai\/ga\/#\/schema\/logo\/image\/\",\"url\":\"https:\/\/talkpal.ai\/wp-content\/uploads\/2024\/03\/Talkpal-Logo-Icon.png\",\"contentUrl\":\"https:\/\/talkpal.ai\/wp-content\/uploads\/2024\/03\/Talkpal-Logo-Icon.png\",\"width\":2880,\"height\":2880,\"caption\":\"Talkpal, Inc.\"},\"image\":{\"@id\":\"https:\/\/talkpal.ai\/ga\/#\/schema\/logo\/image\/\"},\"sameAs\":[\"https:\/\/www.facebook.com\/profile.php?id=100090733639311\",\"https:\/\/x.com\/talkpalai\",\"https:\/\/www.linkedin.com\/company\/talkpal\/\",\"https:\/\/www.youtube.com\/@TalkPal\/\",\"https:\/\/www.tiktok.com\/@talkpal\",\"https:\/\/www.instagram.com\/talkpal_ai\/\",\"https:\/\/www.crunchbase.com\/organization\/talkpal-9cde\",\"https:\/\/www.g2.com\/products\/talkpal-for-business\/\",\"https:\/\/www.trustpilot.com\/review\/talkpal.ai\",\"https:\/\/www.capterra.com\/p\/10006800\/TalkPal\/\"],\"description\":\"Talkpal is a language learning web and mobile education app, powered by the latest AI technologies, that provides engaging experiences to its customers in many different languages to help them improve their language skills. Users can chat about unlimited amount of topics with the app and use other modes to practice their language learning.\",\"email\":\"support@talkpal.ai\",\"legalName\":\"Talkpal, Inc.\",\"foundingDate\":\"2023-04-03\",\"duns\":\"118989042\",\"numberOfEmployees\":{\"@type\":\"QuantitativeValue\",\"minValue\":\"11\",\"maxValue\":\"50\"},\"publishingPrinciples\":\"https:\/\/talkpal.ai\/publishing-principles\/\",\"actionableFeedbackPolicy\":\"https:\/\/talkpal.ai\/actionable-feedback-policy\/\",\"correctionsPolicy\":\"https:\/\/talkpal.ai\/corrections-policy\/\",\"ethicsPolicy\":\"https:\/\/talkpal.ai\/ethics-policy\/\",\"diversityPolicy\":\"https:\/\/talkpal.ai\/diversity-policy\/\",\"diversityStaffingReport\":\"https:\/\/talkpal.ai\/diversity-policy\/\"}]}<\/script>\n<!-- \/ Yoast SEO Premium plugin. -->","yoast_head_json":{"title":"Gramadach na Fraince - Talkpal","description":"M\u00e1istir ar choincheapa gramada\u00ed riachtanacha na Fraince - a chl\u00fada\u00edonn briathra, conjugations, aimsir, ainmfhocail, ailt, aidiachta\u00ed, forainmneacha, agus strucht\u00far abairte.","robots":{"index":"index","follow":"follow","max-snippet":"max-snippet:-1","max-image-preview":"max-image-preview:large","max-video-preview":"max-video-preview:-1"},"canonical":"https:\/\/talkpal.ai\/ga\/gramadach-na-fraince\/","og_locale":"ga_IE","og_type":"article","og_title":"Gramadach na Fraince","og_description":"Treoir do Thosaitheoir\u00ed ar Ghramadach na Fraince Is f\u00e9idir le foghlaim na Fraince a bheith ina eisp\u00e9ireas spreag\u00fail agus luachmhar. Mar sin f\u00e9in, is","og_url":"https:\/\/talkpal.ai\/ga\/gramadach-na-fraince\/","og_site_name":"Talkpal","article_publisher":"https:\/\/www.facebook.com\/profile.php?id=100090733639311","article_modified_time":"2025-09-06T20:37:41+00:00","og_image":[{"width":512,"height":512,"url":"https:\/\/talkpal.ai\/wp-content\/uploads\/2023\/03\/france.png","type":"image\/png"}],"twitter_card":"summary_large_image","twitter_site":"@talkpalai","twitter_misc":{"Est. reading time":"4 minutes"},"schema":{"@context":"https:\/\/schema.org","@graph":[{"@type":"WebPage","@id":"https:\/\/talkpal.ai\/ga\/gramadach-na-fraince\/","url":"https:\/\/talkpal.ai\/ga\/gramadach-na-fraince\/","name":"Gramadach na Fraince - Talkpal","isPartOf":{"@id":"https:\/\/talkpal.ai\/ga\/#website"},"primaryImageOfPage":{"@id":"https:\/\/talkpal.ai\/ga\/gramadach-na-fraince\/#primaryimage"},"image":{"@id":"https:\/\/talkpal.ai\/ga\/gramadach-na-fraince\/#primaryimage"},"thumbnailUrl":"https:\/\/talkpal.ai\/wp-content\/uploads\/2023\/03\/france.png","datePublished":"2023-03-26T11:45:19+00:00","dateModified":"2025-09-06T20:37:41+00:00","description":"M\u00e1istir ar choincheapa gramada\u00ed riachtanacha na Fraince - a chl\u00fada\u00edonn briathra, conjugations, aimsir, ainmfhocail, ailt, aidiachta\u00ed, forainmneacha, agus strucht\u00far abairte.","breadcrumb":{"@id":"https:\/\/talkpal.ai\/ga\/gramadach-na-fraince\/#breadcrumb"},"inLanguage":"ga-IE","potentialAction":[{"@type":"ReadAction","target":["https:\/\/talkpal.ai\/ga\/gramadach-na-fraince\/"]}]},{"@type":"ImageObject","inLanguage":"ga-IE","@id":"https:\/\/talkpal.ai\/ga\/gramadach-na-fraince\/#primaryimage","url":"https:\/\/talkpal.ai\/wp-content\/uploads\/2023\/03\/france.png","contentUrl":"https:\/\/talkpal.ai\/wp-content\/uploads\/2023\/03\/france.png","width":512,"height":512,"caption":"TalkPal AI foghlaim Fraincis"},{"@type":"BreadcrumbList","@id":"https:\/\/talkpal.ai\/ga\/gramadach-na-fraince\/#breadcrumb","itemListElement":[{"@type":"ListItem","position":1,"name":"Homepage","item":"https:\/\/talkpal.ai\/ga\/"},{"@type":"ListItem","position":2,"name":"Gramadach na Fraince"}]},{"@type":"WebSite","@id":"https:\/\/talkpal.ai\/ga\/#website","url":"https:\/\/talkpal.ai\/ga\/","name":"Talkpal","description":"AI Language Learning","publisher":{"@id":"https:\/\/talkpal.ai\/ga\/#organization"},"alternateName":"Talkpal AI","potentialAction":[{"@type":"SearchAction","target":{"@type":"EntryPoint","urlTemplate":"https:\/\/talkpal.ai\/ga\/?s={search_term_string}"},"query-input":{"@type":"PropertyValueSpecification","valueRequired":true,"valueName":"search_term_string"}}],"inLanguage":"ga-IE"},{"@type":"Organization","@id":"https:\/\/talkpal.ai\/ga\/#organization","name":"Talkpal, Inc.","alternateName":"Talkpal AI","url":"https:\/\/talkpal.ai\/ga\/","logo":{"@type":"ImageObject","inLanguage":"ga-IE","@id":"https:\/\/talkpal.ai\/ga\/#\/schema\/logo\/image\/","url":"https:\/\/talkpal.ai\/wp-content\/uploads\/2024\/03\/Talkpal-Logo-Icon.png","contentUrl":"https:\/\/talkpal.ai\/wp-content\/uploads\/2024\/03\/Talkpal-Logo-Icon.png","width":2880,"height":2880,"caption":"Talkpal, Inc."},"image":{"@id":"https:\/\/talkpal.ai\/ga\/#\/schema\/logo\/image\/"},"sameAs":["https:\/\/www.facebook.com\/profile.php?id=100090733639311","https:\/\/x.com\/talkpalai","https:\/\/www.linkedin.com\/company\/talkpal\/","https:\/\/www.youtube.com\/@TalkPal\/","https:\/\/www.tiktok.com\/@talkpal","https:\/\/www.instagram.com\/talkpal_ai\/","https:\/\/www.crunchbase.com\/organization\/talkpal-9cde","https:\/\/www.g2.com\/products\/talkpal-for-business\/","https:\/\/www.trustpilot.com\/review\/talkpal.ai","https:\/\/www.capterra.com\/p\/10006800\/TalkPal\/"],"description":"Talkpal is a language learning web and mobile education app, powered by the latest AI technologies, that provides engaging experiences to its customers in many different languages to help them improve their language skills. Users can chat about unlimited amount of topics with the app and use other modes to practice their language learning.","email":"support@talkpal.ai","legalName":"Talkpal, Inc.","foundingDate":"2023-04-03","duns":"118989042","numberOfEmployees":{"@type":"QuantitativeValue","minValue":"11","maxValue":"50"},"publishingPrinciples":"https:\/\/talkpal.ai\/publishing-principles\/","actionableFeedbackPolicy":"https:\/\/talkpal.ai\/actionable-feedback-policy\/","correctionsPolicy":"https:\/\/talkpal.ai\/corrections-policy\/","ethicsPolicy":"https:\/\/talkpal.ai\/ethics-policy\/","diversityPolicy":"https:\/\/talkpal.ai\/diversity-policy\/","diversityStaffingReport":"https:\/\/talkpal.ai\/diversity-policy\/"}]}},"_links":{"self":[{"href":"https:\/\/talkpal.ai\/ga\/wp-json\/wp\/v2\/pages\/1446041","targetHints":{"allow":["GET"]}}],"collection":[{"href":"https:\/\/talkpal.ai\/ga\/wp-json\/wp\/v2\/pages"}],"about":[{"href":"https:\/\/talkpal.ai\/ga\/wp-json\/wp\/v2\/types\/page"}],"author":[{"embeddable":true,"href":"https:\/\/talkpal.ai\/ga\/wp-json\/wp\/v2\/users\/1"}],"replies":[{"embeddable":true,"href":"https:\/\/talkpal.ai\/ga\/wp-json\/wp\/v2\/comments?post=1446041"}],"version-history":[{"count":0,"href":"https:\/\/talkpal.ai\/ga\/wp-json\/wp\/v2\/pages\/1446041\/revisions"}],"wp:featuredmedia":[{"embeddable":true,"href":"https:\/\/talkpal.ai\/ga\/wp-json\/wp\/v2\/media\/1439954"}],"wp:attachment":[{"href":"https:\/\/talkpal.ai\/ga\/wp-json\/wp\/v2\/media?parent=1446041"}],"curies":[{"name":"wp","href":"https:\/\/api.w.org\/{rel}","templated":true}]}}