{"id":1446036,"date":"2023-03-26T11:40:15","date_gmt":"2023-03-26T11:40:15","guid":{"rendered":"https:\/\/talkpal.ai\/gramadach-na-gearmainise\/"},"modified":"2025-09-06T20:37:40","modified_gmt":"2025-09-06T20:37:40","slug":"gramadach-na-gearmainise","status":"publish","type":"page","link":"https:\/\/talkpal.ai\/ga\/gramadach-na-gearmainise\/","title":{"rendered":"Gramadach na Gearm\u00e1inise"},"content":{"rendered":"\r\n\r\n\r\n<section class=\"languageChallengeSection\">\r\n    <div class=\"languageInfoWrapper\">\r\n        \r\n        <h1>Gramadach na Gearm\u00e1inise<\/h1>\r\n        <p>D\u00edghlas\u00e1il strucht\u00far na teanga Gearm\u00e1inise tr\u00ed mh\u00e1istir a dh\u00e9anamh ar a rialacha gramada\u00ed riachtanacha. Cuideoidh tuiscint ar ghramadach na Gearm\u00e1ine leat cumars\u00e1id a dh\u00e9anamh go muin\u00edneach agus meas ioml\u00e1n a fh\u00e1il ar shaibhreas na gcult\u00far ina labhra\u00edtear Gearm\u00e1inis. Tosaigh ag foghlaim <a href=\"https:\/\/talkpal.ai\/grammar\/\">gramadach<\/a> na Gearm\u00e1ine inniu agus glac do ch\u00e9ad ch\u00e9im i dtreo l\u00edofacht!\r\n\r\n<\/p>\r\n\r\n                            <a class=\"getStartedHidden\" href=\"https:\/\/app.talkpal.ai\/signup?lng=\">Tosaigh<\/a>\r\n        \r\n    <\/div>\r\n\r\n    <figure>\r\n    <img decoding=\"async\" width=\"768\" height=\"768\" src=\"https:\/\/talkpal.ai\/wp-content\/uploads\/2023\/06\/german-768x768.png\" class=\"languageImage no-lazy\" alt=\"Language learning for global networking\" fetchpriority=\"high\" sizes=\"(max-width: 768px) 150px, 768px\" srcset=\"https:\/\/talkpal.ai\/wp-content\/uploads\/2023\/06\/german-768x768.png 768w, https:\/\/talkpal.ai\/wp-content\/uploads\/2023\/06\/german-300x300.png 300w\" \/>\r\n    \r\n\r\n    <\/figure>\r\n\r\n            <a class=\"getStartedVisible\" href=\"https:\/\/app.talkpal.ai\/signup?lng=\">Tosaigh<\/a>\r\n    \r\n<\/section>\r\n<section class=\"promotionalBanner\">\r\n    <p class=\"promotionalText\">An bealach is \u00e9ifeachta\u00ed le teanga a fhoghlaim<\/p>\r\n    <a class=\"promotionalLink\" href=\"https:\/\/app.talkpal.ai\/signup?lng=\">Bain triail as Talkpal saor in aisce<\/a>\r\n<\/section>\n<div class=\"wp-block-group pageContainerStyle\"><div class=\"wp-block-group__inner-container is-layout-constrained wp-block-group-is-layout-constrained\">\n<h2 class=\"wp-block-heading\" id=\"h-unraveling-the-intricacies-of-german-grammar\">Unraveling the Intricacies of German Grammar<\/h2>\n\n\n\n<p>Is f\u00e9idir le foghlaim na Gearm\u00e1inise a bheith ina iarracht spreag\u00fail agus luachmhar. N\u00ed amh\u00e1in go mbeidh t\u00fa in ann labhairt le n\u00edos m\u00f3 n\u00e1 130 milli\u00fan duine ar fud an domhain, ach beidh rochtain agat ar shaibhreas litr\u00edochta, ceoil agus stair chult\u00fartha freisin. Mar is amhlaidh le haon teanga, t\u00e1 d\u00fathracht agus foighne ag teast\u00e1il \u00f3 mh\u00e1istir na Gearm\u00e1ine \u2013 go h\u00e1irithe nuair a thagann s\u00e9 chun gramadach a bhaint amach. Is \u00e9 an dea-sc\u00e9al n\u00e1 go bhfuil go leor gn\u00e9ithe de ghramadach na Gearm\u00e1ine cos\u00fail go leor le gramadach an Bh\u00e9arla, rud a fh\u00e1gann go bhfuil s\u00e9 n\u00edos \u00e9asca do chainteoir\u00ed <a href=\"https:\/\/talkpal.ai\/learn-english-with-ai\/\">B\u00e9arla<\/a> a gcloigeann a fhilleadh timpeall. San alt seo, d\u00e9anfaimid ini\u00fachadh ar chuid de phr\u00edomhghn\u00e9ithe ghramada\u00ed na Gearm\u00e1ine, ag sol\u00e1thar leideanna agus cleasanna cabhracha chun cabhr\u00fa leat m\u00e1istreacht a dh\u00e9anamh ar an teanga \u00e1lainn agus chasta seo.<\/p>\n\n\n\n<h3 class=\"wp-block-heading\" id=\"h-1-nouns-and-articles-get-your-cases-right\">1. Ainmfhocail agus ailt &#8211; Faigh do ch\u00e1sanna i gceart!<\/h3>\n\n\n\n<p>Ceann de na ch\u00e9ad chonstaic\u00ed do chainteoir\u00ed B\u00e9arla at\u00e1 ag foghlaim na Gearm\u00e1ine is ea tuiscint a fh\u00e1il ar na ceithre ch\u00e1s: nominative, accusative, dative, and genitive. L\u00e9ir\u00edonn gach c\u00e1s feidhm dhifri\u00fail ainmfhocail in abairt, mar shampla an t-\u00e1bhar, an r\u00e9ad d\u00edreach, n\u00f3 an r\u00e9ad ind\u00edreach. Ina theannta sin, t\u00e1 tr\u00ed inscne ghramada\u00ed ag an nGearm\u00e1inis (firinscneach, baininscneach, agus neuter), agus athra\u00edonn na hailt do gach inscne ag brath ar an gc\u00e1s. Fuaim mearbhall? N\u00e1 b\u00ed buartha! De r\u00e9ir mar a \u00e9ir\u00edonn t\u00fa n\u00edos eola\u00ed ar an nGearm\u00e1inis, tos\u00f3idh t\u00fa ag aithint patr\u00fain agus ag s\u00fail leis an gc\u00e1s agus an inscne at\u00e1 le h\u00fas\u00e1id.<\/p>\n\n\n\n<p>Leid: D\u00e9an cairt de na hailt chinnte (der, die, das) agus na hailt \u00e9iginnte (ein, eine, ein) do gach inscne agus c\u00e1s. Cuir de ghlanmheabhair iad seo ar dt\u00fas, mar beidh siad mar bhun\u00fas le strucht\u00far abairt\u00ed na Gearm\u00e1ine a thuiscint.<\/p>\n\n\n\n<h3 class=\"wp-block-heading\" id=\"h-2-verbs-conjugate-and-dominate\">2. Briathra &#8211; Conjugate agus dominate!<\/h3>\n\n\n\n<p>Sa Ghearm\u00e1inis, t\u00e1 briathra riachtanach n\u00ed hamh\u00e1in chun gn\u00edomh a <a href=\"https:\/\/talkpal.ai\/locations\/language-courses-in-chur\/\">chur<\/a> in i\u00fal ach freisin chun aimsir agus gi\u00famar a chur in i\u00fal. D\u00edreach cos\u00fail leis an mB\u00e9arla, caithfear briathra na Gearm\u00e1ine a chomhcheangal chun \u00e1bhar na habairte a mheaitse\u00e1il. Mar sin f\u00e9in, t\u00e1 roinnt pr\u00edomhdhifr\u00edochta\u00ed ann, lena n-\u00e1ir\u00edtear \u00fas\u00e1id briathra rialta (lag) agus neamhrialta (l\u00e1idir), chomh maith le briathra cabhrach a \u00fas\u00e1id d&#8217;aimsir \u00e1irithe. Is \u00e9 an dea-sc\u00e9al n\u00e1 go bhfuil gn\u00e9ithe \u00e1irithe de chomhchuingi\u00fa briathar na Gearm\u00e1ine n\u00edos simpl\u00ed n\u00e1 an B\u00e9arla, mar shampla gan &#8220;do&#8221; a \u00fas\u00e1id le haghaidh ceisteanna n\u00f3 s\u00e9anadh.<\/p>\n\n\n\n<p>Leid: Tosaigh tr\u00ed mh\u00e1istreacht a dh\u00e9anamh ar chomhchuingi\u00fa briathar rialta, agus ansin dul i ngleic leis na briathra neamhrialta is coitianta. Cleachtadh ag baint \u00fas\u00e1ide as briathra cabhrach le aimsir san am at\u00e1 thart agus sa todhcha\u00ed, agus is gearr go mbeidh t\u00fa in ann abairt\u00ed n\u00edos casta a th\u00f3g\u00e1il.<\/p>\n\n\n\n<h3 class=\"wp-block-heading\" id=\"h-3-adjectives-show-your-agreement\">3. Aidiachta\u00ed &#8211; Taispe\u00e1in do chomhaont\u00fa!<\/h3>\n\n\n\n<p>Nuair a \u00fas\u00e1idtear aidiachta\u00ed chun cur s\u00edos a dh\u00e9anamh ar ainmfhocail sa Ghearm\u00e1inis, t\u00e1 s\u00e9 riachtanach comhaont\u00fa aidiachta a thuiscint. Cialla\u00edonn s\u00e9 seo go gcaithfidh na haidiachta\u00ed aont\u00fa le hinscne agus c\u00e1s an ainmfhocail. I roinnt c\u00e1sanna, beidh g\u00e1 le foirceannadh a chur leis an aidiacht, bunaithe ar alt agus c\u00e1s an ainmfhocail.<\/p>\n\n\n\n<p>Leid: Bain \u00fas\u00e1id as do chairt alt \u00f3 n\u00edos luaithe chun cabhr\u00fa leat cuimhneamh ar na foircinn aidiachta cearta. Agus t\u00fa ag cleachtadh aidiachta\u00ed in abairt\u00ed, d\u00e9an n\u00f3ta meabhrach ar na patr\u00fain deiridh agus ar an gcaoi a mbaineann siad le hinscne agus c\u00e1s an ainmfhocail.<\/p>\n\n\n\n<h3 class=\"wp-block-heading\" id=\"h-4-word-order-embrace-the-flexibility\">4. Ord focal &#8211; Glac leis an tsol\u00fabthacht!<\/h3>\n\n\n\n<p>Ceann de na h\u00e1thais iomad\u00fala a bhaineann le gramadach na Gearm\u00e1ine is ea a ord focal sol\u00fabtha. Murab ionann agus an B\u00e9arla, a leanann patr\u00fan docht \u00e1bhar-briathar-r\u00e9ad de ghn\u00e1th, is f\u00e9idir le habairt\u00ed Gearm\u00e1inise a bheith \u00e9ags\u00fail ina strucht\u00far. Is \u00ed an eochair n\u00e1 tuiscint a fh\u00e1il ar an t\u00e1bhacht a bhaineann le seasamh an bhriathair, a thagann sa dara h\u00e1it de ghn\u00e1th i bpr\u00edomhchl\u00e1sal agus an ceann deireanach i bhfochl\u00e1sal fo-chl\u00e1sal.<\/p>\n\n\n\n<p>Leid: Chun compord a fh\u00e1il le patr\u00fain ord focal \u00e9ags\u00fala, d\u00e9an iarracht abairt\u00ed simpl\u00ed B\u00e9arla a aistri\u00fa go Gearm\u00e1inis, agus ansin atheagr\u00fa na habairte agus an briathar a choinne\u00e1il ina \u00e1it cheart. Cabhr\u00f3idh s\u00e9 seo leat a bheith n\u00edos oilte ar abairt\u00ed nuanced agus expressive a chruth\u00fa i nGearm\u00e1inis.<\/p>\n\n\n\n<h3 class=\"wp-block-heading\" id=\"h-5-prepositions-think-in-german\">5. Prepositions \u2013 Think in German!<\/h3>\n\n\n\n<p>Is d\u00f3cha gurb \u00e9 an chuid is deacra d&#8217;fhoghlaim ghramadach na Gearm\u00e1ine n\u00e1 m\u00e1istreacht a dh\u00e9anamh ar r\u00e9amhfhocail. C\u00e9 go bhfuil r\u00e9amhfhocail ann sa Bh\u00e9arla agus go bhfuil cusp\u00f3ir den chine\u00e1l c\u00e9anna acu, t\u00e1 a n-\u00fas\u00e1id sa Ghearm\u00e1inis difri\u00fail agus is minic a \u00e9il\u00edonn t\u00fa &#8220;smaoineamh i nGearm\u00e1inis&#8221; chun an ceann ceart a roghn\u00fa. Mar shampla, is f\u00e9idir leis an r\u00e9amhfhocal B\u00e9arla &#8220;in&#8221; a aistri\u00fa go &#8220;in,&#8221; &#8220;an,&#8221; n\u00f3 &#8220;auf&#8221; sa Ghearm\u00e1inis, ag brath ar an gcomhth\u00e9acs.<\/p>\n\n\n\n<p>Leid: Cruthaigh splancch\u00e1rta\u00ed le r\u00e9amhfhocail choitianta agus a gcomhghleacaithe B\u00e9arla. Cleachtadh iad a \u00fas\u00e1id in abairt\u00ed agus d\u00edrigh ar na comhth\u00e9acsanna sonracha ina n-\u00fas\u00e1idtear gach r\u00e9amhfhocal.<\/p>\n\n\n\n<h3 class=\"wp-block-heading\" id=\"h-conclusion\">Concl\u00faid:<\/h3>\n\n\n\n<p>D&#8217;fh\u00e9adfadh gramadach na Gearm\u00e1ine a bheith scanr\u00fail ar dt\u00fas, ach le cleachtas tiomnaithe, foighne, agus f\u00f3cas ar thuiscint a fh\u00e1il ar na rialacha agus na patr\u00fain bhun\u00fasacha, beidh t\u00fa ag t\u00f3g\u00e1il abairt\u00ed sofaistici\u00fala go h\u00e9asca go luath. Tr\u00ed intricacies ghramada\u00ed na Gearm\u00e1ine a thuiscint, n\u00ed hamh\u00e1in go gcuirfidh cainteoir\u00ed B\u00e9arla lena gcuid scileanna teanga ach forbr\u00f3idh siad meas <a href=\"https:\/\/talkpal.ai\/talkpal-new-years-discount\/\">nua<\/a> ar an teanga \u00e1lainn chasta seo. Anois, auf geht&#8217;s! Am chun tumadh isteach i saol na gramada\u00ed Gearm\u00e1inise agus do chumas foghlama teanga ioml\u00e1n a dh\u00edghlas\u00e1il.<\/p>\n<\/div><\/div>\n\r\n<section class=\"learnNavigationSection\">\r\n            \r\n        <a href=\"https:\/\/talkpal.ai\/ga\/foghlaim-gearmainis\/\">\r\n            <div class=\"learnNavigationWrapper\">\r\n                <div class=\"learnNavigationContent\">\r\n                    <img decoding=\"async\" src=\"https:\/\/talkpal.ai\/wp-content\/uploads\/2024\/08\/German.jpg\" alt=\"German Flag\">\r\n                    <div>\r\n                        <h4>Maidir le Foghlaim na Gearm\u00e1inise<\/h4>\r\n                        <p>Faigh amach gach rud faoi ghramadach na Gearm\u00e1ine.<\/p>\r\n                    <\/div>\r\n                <\/div>\r\n            <\/div>\r\n        <\/a>\r\n\r\n        \r\n        <a href=\"https:\/\/talkpal.ai\/ga\/cleachtai-gramadai-na-gearmainise\/\">\r\n            <div class=\"learnNavigationWrapper\">\r\n                <div class=\"learnNavigationContent\">\r\n                    <img decoding=\"async\" src=\"https:\/\/talkpal.ai\/wp-content\/uploads\/2024\/08\/German.jpg\" alt=\"German Flag\">\r\n                    <div>\r\n                        <h4>Cleachtadh Gramada\u00ed na Gearm\u00e1ine<\/h4>\r\n                        <p>Cleachtadh gramadach na Gearm\u00e1ine.<\/p>\r\n                    <\/div>\r\n                <\/div>\r\n            <\/div>\r\n        <\/a>\r\n\r\n        \r\n        <a href=\"https:\/\/talkpal.ai\/vocabulary_language\/german\/\">\r\n            <div class=\"learnNavigationWrapper\">\r\n                <div class=\"learnNavigationContent\">\r\n                    <img decoding=\"async\" src=\"https:\/\/talkpal.ai\/wp-content\/uploads\/2024\/08\/German.jpg\" alt=\"German Flag\">\r\n                    <div>\r\n                        <h4>St\u00f3r Focal na Gearm\u00e1ine<\/h4>\r\n                        <p>Leathnaigh do st\u00f3r focal Gearm\u00e1inise.<\/p>\r\n                    <\/div>\r\n                <\/div>\r\n            <\/div>\r\n        <\/a>\r\n\r\n            <\/section>","protected":false},"excerpt":{"rendered":"<p>Unraveling the Intricacies of German Grammar Is f\u00e9idir le foghlaim na Gearm\u00e1inise a bheith ina iarracht spreag\u00fail agus luachmhar. N\u00ed amh\u00e1in go mbeidh t\u00fa in ann labhairt le n\u00edos m\u00f3 n\u00e1 130 milli\u00fan duine ar fud an domhain, ach beidh rochtain agat ar shaibhreas litr\u00edochta, ceoil agus stair chult\u00fartha freisin. Mar is amhlaidh le haon [&hellip;]<\/p>\n","protected":false},"author":1,"featured_media":1439960,"parent":0,"menu_order":0,"comment_status":"closed","ping_status":"closed","template":"LearningContentPage.php","meta":{"_acf_changed":false,"footnotes":""},"class_list":["post-1446036","page","type-page","status-publish","has-post-thumbnail","hentry"],"acf":[],"yoast_head":"<!-- This site is optimized with the Yoast SEO Premium plugin v27.2 (Yoast SEO v27.2) - https:\/\/yoast.com\/product\/yoast-seo-premium-wordpress\/ -->\n<title>Gramadach na Gearm\u00e1inise - Talkpal<\/title>\n<meta name=\"description\" content=\"Foghlaim gramadach na Gearm\u00e1ine go h\u00e9asca - rialacha riachtanacha a thuiscint, t\u00f3g\u00e1il abairt\u00ed a chleachtadh, agus labhair go soil\u00e9ir le taca\u00edocht AI-threoraithe TalkPal.\" \/>\n<meta name=\"robots\" content=\"index, follow, max-snippet:-1, max-image-preview:large, max-video-preview:-1\" \/>\n<link rel=\"canonical\" href=\"https:\/\/talkpal.ai\/ga\/gramadach-na-gearmainise\/\" \/>\n<meta property=\"og:locale\" content=\"ga_IE\" \/>\n<meta property=\"og:type\" content=\"article\" \/>\n<meta property=\"og:title\" content=\"Gramadach na Gearm\u00e1inise\" \/>\n<meta property=\"og:description\" content=\"Unraveling the Intricacies of German Grammar Is f\u00e9idir le foghlaim na Gearm\u00e1inise a bheith ina iarracht spreag\u00fail agus luachmhar. N\u00ed amh\u00e1in go mbeidh t\u00fa\" \/>\n<meta property=\"og:url\" content=\"https:\/\/talkpal.ai\/ga\/gramadach-na-gearmainise\/\" \/>\n<meta property=\"og:site_name\" content=\"Talkpal\" \/>\n<meta property=\"article:publisher\" content=\"https:\/\/www.facebook.com\/profile.php?id=100090733639311\" \/>\n<meta property=\"article:modified_time\" content=\"2025-09-06T20:37:40+00:00\" \/>\n<meta property=\"og:image\" content=\"https:\/\/talkpal.ai\/wp-content\/uploads\/2023\/03\/germany.png\" \/>\n\t<meta property=\"og:image:width\" content=\"512\" \/>\n\t<meta property=\"og:image:height\" content=\"512\" \/>\n\t<meta property=\"og:image:type\" content=\"image\/png\" \/>\n<meta name=\"twitter:card\" content=\"summary_large_image\" \/>\n<meta name=\"twitter:site\" content=\"@talkpalai\" \/>\n<meta name=\"twitter:label1\" content=\"Est. reading time\" \/>\n\t<meta name=\"twitter:data1\" content=\"5 minutes\" \/>\n<script type=\"application\/ld+json\" class=\"yoast-schema-graph\">{\"@context\":\"https:\/\/schema.org\",\"@graph\":[{\"@type\":\"WebPage\",\"@id\":\"https:\/\/talkpal.ai\/ga\/gramadach-na-gearmainise\/\",\"url\":\"https:\/\/talkpal.ai\/ga\/gramadach-na-gearmainise\/\",\"name\":\"Gramadach na Gearm\u00e1inise - Talkpal\",\"isPartOf\":{\"@id\":\"https:\/\/talkpal.ai\/ga\/#website\"},\"primaryImageOfPage\":{\"@id\":\"https:\/\/talkpal.ai\/ga\/gramadach-na-gearmainise\/#primaryimage\"},\"image\":{\"@id\":\"https:\/\/talkpal.ai\/ga\/gramadach-na-gearmainise\/#primaryimage\"},\"thumbnailUrl\":\"https:\/\/talkpal.ai\/wp-content\/uploads\/2023\/03\/germany.png\",\"datePublished\":\"2023-03-26T11:40:15+00:00\",\"dateModified\":\"2025-09-06T20:37:40+00:00\",\"description\":\"Foghlaim gramadach na Gearm\u00e1ine go h\u00e9asca - rialacha riachtanacha a thuiscint, t\u00f3g\u00e1il abairt\u00ed a chleachtadh, agus labhair go soil\u00e9ir le taca\u00edocht AI-threoraithe TalkPal.\",\"breadcrumb\":{\"@id\":\"https:\/\/talkpal.ai\/ga\/gramadach-na-gearmainise\/#breadcrumb\"},\"inLanguage\":\"ga-IE\",\"potentialAction\":[{\"@type\":\"ReadAction\",\"target\":[\"https:\/\/talkpal.ai\/ga\/gramadach-na-gearmainise\/\"]}]},{\"@type\":\"ImageObject\",\"inLanguage\":\"ga-IE\",\"@id\":\"https:\/\/talkpal.ai\/ga\/gramadach-na-gearmainise\/#primaryimage\",\"url\":\"https:\/\/talkpal.ai\/wp-content\/uploads\/2023\/03\/germany.png\",\"contentUrl\":\"https:\/\/talkpal.ai\/wp-content\/uploads\/2023\/03\/germany.png\",\"width\":512,\"height\":512,\"caption\":\"TalkPal AI foghlaim Gearm\u00e1inis\"},{\"@type\":\"BreadcrumbList\",\"@id\":\"https:\/\/talkpal.ai\/ga\/gramadach-na-gearmainise\/#breadcrumb\",\"itemListElement\":[{\"@type\":\"ListItem\",\"position\":1,\"name\":\"Homepage\",\"item\":\"https:\/\/talkpal.ai\/ga\/\"},{\"@type\":\"ListItem\",\"position\":2,\"name\":\"Gramadach na Gearm\u00e1inise\"}]},{\"@type\":\"WebSite\",\"@id\":\"https:\/\/talkpal.ai\/ga\/#website\",\"url\":\"https:\/\/talkpal.ai\/ga\/\",\"name\":\"Talkpal\",\"description\":\"AI Language Learning\",\"publisher\":{\"@id\":\"https:\/\/talkpal.ai\/ga\/#organization\"},\"alternateName\":\"Talkpal AI\",\"potentialAction\":[{\"@type\":\"SearchAction\",\"target\":{\"@type\":\"EntryPoint\",\"urlTemplate\":\"https:\/\/talkpal.ai\/ga\/?s={search_term_string}\"},\"query-input\":{\"@type\":\"PropertyValueSpecification\",\"valueRequired\":true,\"valueName\":\"search_term_string\"}}],\"inLanguage\":\"ga-IE\"},{\"@type\":\"Organization\",\"@id\":\"https:\/\/talkpal.ai\/ga\/#organization\",\"name\":\"Talkpal, Inc.\",\"alternateName\":\"Talkpal AI\",\"url\":\"https:\/\/talkpal.ai\/ga\/\",\"logo\":{\"@type\":\"ImageObject\",\"inLanguage\":\"ga-IE\",\"@id\":\"https:\/\/talkpal.ai\/ga\/#\/schema\/logo\/image\/\",\"url\":\"https:\/\/talkpal.ai\/wp-content\/uploads\/2024\/03\/Talkpal-Logo-Icon.png\",\"contentUrl\":\"https:\/\/talkpal.ai\/wp-content\/uploads\/2024\/03\/Talkpal-Logo-Icon.png\",\"width\":2880,\"height\":2880,\"caption\":\"Talkpal, Inc.\"},\"image\":{\"@id\":\"https:\/\/talkpal.ai\/ga\/#\/schema\/logo\/image\/\"},\"sameAs\":[\"https:\/\/www.facebook.com\/profile.php?id=100090733639311\",\"https:\/\/x.com\/talkpalai\",\"https:\/\/www.linkedin.com\/company\/talkpal\/\",\"https:\/\/www.youtube.com\/@TalkPal\/\",\"https:\/\/www.tiktok.com\/@talkpal\",\"https:\/\/www.instagram.com\/talkpal_ai\/\",\"https:\/\/www.crunchbase.com\/organization\/talkpal-9cde\",\"https:\/\/www.g2.com\/products\/talkpal-for-business\/\",\"https:\/\/www.trustpilot.com\/review\/talkpal.ai\",\"https:\/\/www.capterra.com\/p\/10006800\/TalkPal\/\"],\"description\":\"Talkpal is a language learning web and mobile education app, powered by the latest AI technologies, that provides engaging experiences to its customers in many different languages to help them improve their language skills. Users can chat about unlimited amount of topics with the app and use other modes to practice their language learning.\",\"email\":\"support@talkpal.ai\",\"legalName\":\"Talkpal, Inc.\",\"foundingDate\":\"2023-04-03\",\"duns\":\"118989042\",\"numberOfEmployees\":{\"@type\":\"QuantitativeValue\",\"minValue\":\"11\",\"maxValue\":\"50\"},\"publishingPrinciples\":\"https:\/\/talkpal.ai\/publishing-principles\/\",\"actionableFeedbackPolicy\":\"https:\/\/talkpal.ai\/actionable-feedback-policy\/\",\"correctionsPolicy\":\"https:\/\/talkpal.ai\/corrections-policy\/\",\"ethicsPolicy\":\"https:\/\/talkpal.ai\/ethics-policy\/\",\"diversityPolicy\":\"https:\/\/talkpal.ai\/diversity-policy\/\",\"diversityStaffingReport\":\"https:\/\/talkpal.ai\/diversity-policy\/\"}]}<\/script>\n<!-- \/ Yoast SEO Premium plugin. -->","yoast_head_json":{"title":"Gramadach na Gearm\u00e1inise - Talkpal","description":"Foghlaim gramadach na Gearm\u00e1ine go h\u00e9asca - rialacha riachtanacha a thuiscint, t\u00f3g\u00e1il abairt\u00ed a chleachtadh, agus labhair go soil\u00e9ir le taca\u00edocht AI-threoraithe TalkPal.","robots":{"index":"index","follow":"follow","max-snippet":"max-snippet:-1","max-image-preview":"max-image-preview:large","max-video-preview":"max-video-preview:-1"},"canonical":"https:\/\/talkpal.ai\/ga\/gramadach-na-gearmainise\/","og_locale":"ga_IE","og_type":"article","og_title":"Gramadach na Gearm\u00e1inise","og_description":"Unraveling the Intricacies of German Grammar Is f\u00e9idir le foghlaim na Gearm\u00e1inise a bheith ina iarracht spreag\u00fail agus luachmhar. N\u00ed amh\u00e1in go mbeidh t\u00fa","og_url":"https:\/\/talkpal.ai\/ga\/gramadach-na-gearmainise\/","og_site_name":"Talkpal","article_publisher":"https:\/\/www.facebook.com\/profile.php?id=100090733639311","article_modified_time":"2025-09-06T20:37:40+00:00","og_image":[{"width":512,"height":512,"url":"https:\/\/talkpal.ai\/wp-content\/uploads\/2023\/03\/germany.png","type":"image\/png"}],"twitter_card":"summary_large_image","twitter_site":"@talkpalai","twitter_misc":{"Est. reading time":"5 minutes"},"schema":{"@context":"https:\/\/schema.org","@graph":[{"@type":"WebPage","@id":"https:\/\/talkpal.ai\/ga\/gramadach-na-gearmainise\/","url":"https:\/\/talkpal.ai\/ga\/gramadach-na-gearmainise\/","name":"Gramadach na Gearm\u00e1inise - Talkpal","isPartOf":{"@id":"https:\/\/talkpal.ai\/ga\/#website"},"primaryImageOfPage":{"@id":"https:\/\/talkpal.ai\/ga\/gramadach-na-gearmainise\/#primaryimage"},"image":{"@id":"https:\/\/talkpal.ai\/ga\/gramadach-na-gearmainise\/#primaryimage"},"thumbnailUrl":"https:\/\/talkpal.ai\/wp-content\/uploads\/2023\/03\/germany.png","datePublished":"2023-03-26T11:40:15+00:00","dateModified":"2025-09-06T20:37:40+00:00","description":"Foghlaim gramadach na Gearm\u00e1ine go h\u00e9asca - rialacha riachtanacha a thuiscint, t\u00f3g\u00e1il abairt\u00ed a chleachtadh, agus labhair go soil\u00e9ir le taca\u00edocht AI-threoraithe TalkPal.","breadcrumb":{"@id":"https:\/\/talkpal.ai\/ga\/gramadach-na-gearmainise\/#breadcrumb"},"inLanguage":"ga-IE","potentialAction":[{"@type":"ReadAction","target":["https:\/\/talkpal.ai\/ga\/gramadach-na-gearmainise\/"]}]},{"@type":"ImageObject","inLanguage":"ga-IE","@id":"https:\/\/talkpal.ai\/ga\/gramadach-na-gearmainise\/#primaryimage","url":"https:\/\/talkpal.ai\/wp-content\/uploads\/2023\/03\/germany.png","contentUrl":"https:\/\/talkpal.ai\/wp-content\/uploads\/2023\/03\/germany.png","width":512,"height":512,"caption":"TalkPal AI foghlaim Gearm\u00e1inis"},{"@type":"BreadcrumbList","@id":"https:\/\/talkpal.ai\/ga\/gramadach-na-gearmainise\/#breadcrumb","itemListElement":[{"@type":"ListItem","position":1,"name":"Homepage","item":"https:\/\/talkpal.ai\/ga\/"},{"@type":"ListItem","position":2,"name":"Gramadach na Gearm\u00e1inise"}]},{"@type":"WebSite","@id":"https:\/\/talkpal.ai\/ga\/#website","url":"https:\/\/talkpal.ai\/ga\/","name":"Talkpal","description":"AI Language Learning","publisher":{"@id":"https:\/\/talkpal.ai\/ga\/#organization"},"alternateName":"Talkpal AI","potentialAction":[{"@type":"SearchAction","target":{"@type":"EntryPoint","urlTemplate":"https:\/\/talkpal.ai\/ga\/?s={search_term_string}"},"query-input":{"@type":"PropertyValueSpecification","valueRequired":true,"valueName":"search_term_string"}}],"inLanguage":"ga-IE"},{"@type":"Organization","@id":"https:\/\/talkpal.ai\/ga\/#organization","name":"Talkpal, Inc.","alternateName":"Talkpal AI","url":"https:\/\/talkpal.ai\/ga\/","logo":{"@type":"ImageObject","inLanguage":"ga-IE","@id":"https:\/\/talkpal.ai\/ga\/#\/schema\/logo\/image\/","url":"https:\/\/talkpal.ai\/wp-content\/uploads\/2024\/03\/Talkpal-Logo-Icon.png","contentUrl":"https:\/\/talkpal.ai\/wp-content\/uploads\/2024\/03\/Talkpal-Logo-Icon.png","width":2880,"height":2880,"caption":"Talkpal, Inc."},"image":{"@id":"https:\/\/talkpal.ai\/ga\/#\/schema\/logo\/image\/"},"sameAs":["https:\/\/www.facebook.com\/profile.php?id=100090733639311","https:\/\/x.com\/talkpalai","https:\/\/www.linkedin.com\/company\/talkpal\/","https:\/\/www.youtube.com\/@TalkPal\/","https:\/\/www.tiktok.com\/@talkpal","https:\/\/www.instagram.com\/talkpal_ai\/","https:\/\/www.crunchbase.com\/organization\/talkpal-9cde","https:\/\/www.g2.com\/products\/talkpal-for-business\/","https:\/\/www.trustpilot.com\/review\/talkpal.ai","https:\/\/www.capterra.com\/p\/10006800\/TalkPal\/"],"description":"Talkpal is a language learning web and mobile education app, powered by the latest AI technologies, that provides engaging experiences to its customers in many different languages to help them improve their language skills. Users can chat about unlimited amount of topics with the app and use other modes to practice their language learning.","email":"support@talkpal.ai","legalName":"Talkpal, Inc.","foundingDate":"2023-04-03","duns":"118989042","numberOfEmployees":{"@type":"QuantitativeValue","minValue":"11","maxValue":"50"},"publishingPrinciples":"https:\/\/talkpal.ai\/publishing-principles\/","actionableFeedbackPolicy":"https:\/\/talkpal.ai\/actionable-feedback-policy\/","correctionsPolicy":"https:\/\/talkpal.ai\/corrections-policy\/","ethicsPolicy":"https:\/\/talkpal.ai\/ethics-policy\/","diversityPolicy":"https:\/\/talkpal.ai\/diversity-policy\/","diversityStaffingReport":"https:\/\/talkpal.ai\/diversity-policy\/"}]}},"_links":{"self":[{"href":"https:\/\/talkpal.ai\/ga\/wp-json\/wp\/v2\/pages\/1446036","targetHints":{"allow":["GET"]}}],"collection":[{"href":"https:\/\/talkpal.ai\/ga\/wp-json\/wp\/v2\/pages"}],"about":[{"href":"https:\/\/talkpal.ai\/ga\/wp-json\/wp\/v2\/types\/page"}],"author":[{"embeddable":true,"href":"https:\/\/talkpal.ai\/ga\/wp-json\/wp\/v2\/users\/1"}],"replies":[{"embeddable":true,"href":"https:\/\/talkpal.ai\/ga\/wp-json\/wp\/v2\/comments?post=1446036"}],"version-history":[{"count":0,"href":"https:\/\/talkpal.ai\/ga\/wp-json\/wp\/v2\/pages\/1446036\/revisions"}],"wp:featuredmedia":[{"embeddable":true,"href":"https:\/\/talkpal.ai\/ga\/wp-json\/wp\/v2\/media\/1439960"}],"wp:attachment":[{"href":"https:\/\/talkpal.ai\/ga\/wp-json\/wp\/v2\/media?parent=1446036"}],"curies":[{"name":"wp","href":"https:\/\/api.w.org\/{rel}","templated":true}]}}