{"id":1444146,"date":"2023-05-14T14:19:26","date_gmt":"2023-05-14T14:19:26","guid":{"rendered":"https:\/\/talkpal.ai\/gramadach-na-seirbia\/"},"modified":"2025-12-17T15:37:12","modified_gmt":"2025-12-17T15:37:12","slug":"gramadach-na-seirbia","status":"publish","type":"page","link":"https:\/\/talkpal.ai\/ga\/gramadach-na-seirbia\/","title":{"rendered":"Gramadach na Seirbia"},"content":{"rendered":"\r\n\r\n\r\n<section class=\"languageChallengeSection\">\r\n    <div class=\"languageInfoWrapper\">\r\n        \r\n        <h1>Gramadach na Seirbia<\/h1>\r\n        <p>Cuir t\u00fas le d&#039;eachtra sa teanga R\u00faisis agus oscail doirse chuig cult\u00far agus stair shaibhir. Feabhs\u00f3idh m\u00e1istreacht ar ghramadach agus st\u00f3r focal na R\u00faise do dheiseanna taistil, gairme agus cumars\u00e1ide. Tosaigh ag foghlaim na R\u00faise inniu agus glac an ch\u00e9ad ch\u00e9im i dtreo l\u00edofa!\n\n<\/p>\r\n\r\n                            <a class=\"getStartedHidden\" href=\"https:\/\/app.talkpal.ai\/signup?lng=\">Tosaigh<\/a>\r\n        \r\n    <\/div>\r\n\r\n    <figure>\r\n    <img decoding=\"async\" width=\"768\" height=\"768\" src=\"https:\/\/talkpal.ai\/wp-content\/uploads\/2023\/06\/serbian-768x768.png\" class=\"languageImage no-lazy\" alt=\"Fast-track to fluency with language learning\" fetchpriority=\"high\" sizes=\"(max-width: 768px) 150px, 768px\" srcset=\"https:\/\/talkpal.ai\/wp-content\/uploads\/2023\/06\/serbian-768x768.png 768w, https:\/\/talkpal.ai\/wp-content\/uploads\/2023\/06\/serbian-300x300.png 300w\" \/>\r\n    \r\n\r\n    <\/figure>\r\n\r\n            <a class=\"getStartedVisible\" href=\"https:\/\/app.talkpal.ai\/signup?lng=\">Tosaigh<\/a>\r\n    \r\n<\/section>\r\n<section class=\"promotionalBanner\">\r\n    <p class=\"promotionalText\">An bealach is \u00e9ifeachta\u00ed le teanga a fhoghlaim<\/p>\r\n    <a class=\"promotionalLink\" href=\"https:\/\/app.talkpal.ai\/signup?lng=\">Bain triail as Talkpal saor in aisce<\/a>\r\n<\/section>\n<div class=\"wp-block-group pageContainerStyle\"><div class=\"wp-block-group__inner-container is-layout-constrained wp-block-group-is-layout-constrained\">\n<h1 class=\"wp-block-heading\" id=\"h-serbian-grammar-unraveling-the-intricacies-of-the-south-slavic-language\">Gramadach na Seirbia: Unraveling the Intricacies of the South Slavic Language<\/h1>\n\n\n\n<p>Ag glaoch ar gach d\u00edograiseoir teanga agus aficionados na mBalc\u00e1n! Ar smaoinigh t\u00fa riamh ar thumadh isteach i saol na gramada\u00ed Seirbiais? Is teanga oifigi\u00fail na Seirbia \u00ed an tSeirbis agus ceann de theangacha oifigi\u00fala na Boisnia agus na Heirseagaiv\u00e9ine. Le thart ar 9 milli\u00fan cainteoir d\u00fachais, t\u00e1 cos\u00falachta\u00ed idir an teanga sp\u00e9isi\u00fail seo agus an Chr\u00f3itis, an Bhoisnis agus an Mhontain\u00e9agr\u00f3 ach t\u00e1 gn\u00e9ithe saini\u00fala aici a leagann amach \u00ed. San alt seo, d\u00e9anfaimid ini\u00fachadh ar na gn\u00e9ithe suimi\u00fala de ghramadach na Seirbia.<\/p>\n\n\n\n<h3 class=\"wp-block-heading\" id=\"h-the-dual-alphabet-cyrillic-and-latin\">An D\u00e9-Aib\u00edtir: Coireallach agus Laidin<\/h3>\n\n\n\n<p>Ceann de na ch\u00e9ad ruda\u00ed a thabharfaidh t\u00fa faoi deara faoin tSeirbis n\u00e1 an \u00fas\u00e1id a bhaintear as dh\u00e1 aib\u00edtir: Coireallach agus Laidin. Rinne an teangeola\u00ed Vuk Karad\u017ei\u0107 aib\u00edtir Choireallach na Seirbia, le 30 litir, a chaighde\u00e1n\u00fa i 1818 agus is \u00ed aib\u00edtir oifigi\u00fail na t\u00edre \u00ed. Mar sin f\u00e9in, \u00fas\u00e1idtear an aib\u00edtir Laidineach, at\u00e1 comhdh\u00e9anta de 30 litir freisin, go forleathan, go h\u00e1irithe le haghaidh cumars\u00e1ide digit\u00ed agus comhth\u00e9acsanna neamhfhoirmi\u00fala. Tugann \u00fas\u00e1id dh\u00e1 aib\u00edtir carachtar uath\u00fail, ild\u00e1nach don tSeirbis.<\/p>\n\n\n\n<h3 class=\"wp-block-heading\" id=\"h-the-building-blocks-nouns-pronouns-and-cases\">Na Bloic Th\u00f3g\u00e1la: Ainmfhocail, Forainmneacha, agus C\u00e1sanna<\/h3>\n\n\n\n<p>Cos\u00fail le teangacha Slavacha eile, t\u00e1 <a href=\"https:\/\/talkpal.ai\/grammar\/\">gramadach<\/a> na Seirbia timpeall infhillte, \u00e1it a n-athra\u00edonn focail a gcuid foircinn de r\u00e9ir a bhfeidhme gramada\u00ed. T\u00e1 s\u00e9 seo is soil\u00e9ire in ainmfhocail, forainmneacha, agus aidiachta\u00ed. T\u00e1 seacht gc\u00e1s sa tSeirbis:<\/p>\n\n\n\n<p><strong>1. Nominative \u2013 l\u00e9ir\u00edonn s\u00e9 \u00e1bhar abairte<\/strong><\/p>\n\n\n\n<p><strong>2. Ginideach \u2013 l\u00e9ir\u00edonn seilbh, r\u00e9ad s\u00e9anadh, n\u00f3 br\u00ed ph\u00e1irteach<\/strong><\/p>\n\n\n\n<p><strong>3. Dative \u2013 marcanna an r\u00e9ad ind\u00edreach<\/strong><\/p>\n\n\n\n<p><strong>4. Accusative \u2013 l\u00e9ir\u00edonn s\u00e9 an cusp\u00f3ir d\u00edreach<\/strong><\/p>\n\n\n\n<p><strong>5. Vocative \u2013 \u00fas\u00e1idtear chun aghaidh a thabhairt ar dhuine n\u00f3 glaoch ar dhuine<\/strong><\/p>\n\n\n\n<p><strong>6. Uirlise \u2013 cuireann s\u00e9 modh n\u00f3 modh gn\u00edomha\u00edochta in i\u00fal<\/strong><\/p>\n\n\n\n<p><strong>7. Locative \u2013 sonra\u00edonn su\u00edomh n\u00f3 r\u00e9ad r\u00e9amhfhocail \u00e1irithe<\/strong><\/p>\n\n\n\n<p>T\u00e1 tr\u00ed inscne ag ainmfhocail <a href=\"https:\/\/talkpal.ai\/learn-serbian\/\">Seirbis<\/a> (firinscneach, baininscneach, agus neuter) agus dh\u00e1 uimhir (uatha agus iolra). Athra\u00edonn na foircinn\u00ed sonracha do gach inscne agus uimhir de r\u00e9ir an ch\u00e1is, mar sin t\u00e1 s\u00e9 riachtanach na foircinn seo a <a href=\"https:\/\/talkpal.ai\/locations\/language-courses-in-chur\/\">chur<\/a> de ghlanmheabhair chun abairt\u00ed gramada\u00ed cruinne a th\u00f3g\u00e1il.<\/p>\n\n\n\n<h3 class=\"wp-block-heading\" id=\"h-get-moving-with-verbs-tenses-aspects-and-moods\">Get Moving with Verbs: Tenses, Aspects, and Moods<\/h3>\n\n\n\n<p>Taispe\u00e1nann briathra Seirbis castachta\u00ed suimi\u00fala lena n-aimsir (am at\u00e1 caite, i l\u00e1thair agus sa todhcha\u00ed), gn\u00e9ithe (foirfe agus neamhfhoirfe), agus gi\u00famar (t\u00e1scatach, imperative, agus coinn\u00edollach). T\u00e1 r\u00f3l suntasach ag gn\u00e9 i mbriathra na Seirbia, mar go l\u00e9ir\u00edonn s\u00e9 cib\u00e9 an bhfeictear gn\u00edomh cr\u00edochnaithe (foirfe) n\u00f3 lean\u00fanach (neamhfhoirfe). Tagann go leor briathra i mbeirteanna a l\u00e9ir\u00edonn na gn\u00e9ithe \u00e9ags\u00fala, go minic tr\u00ed \u00fas\u00e1id a bhaint as r\u00e9im\u00edreanna n\u00f3 iarmh\u00edreanna ar <a href=\"https:\/\/talkpal.ai\/locations\/language-courses-in-leith\/\">leith<\/a>.<\/p>\n\n\n\n<h3 class=\"wp-block-heading\" id=\"h-adjectives-adverbs-and-all-that-jazz\">Aidiachta\u00ed, adverbs, agus an snagcheol sin go l\u00e9ir<\/h3>\n\n\n\n<p>Aonta\u00edonn aidiachta\u00ed Seirbis leis na hainmfhocail a mhodhna\u00edonn siad i dt\u00e9arma\u00ed inscne, uimhreacha agus c\u00e1is. T\u00e1 foirmeacha compar\u00e1ideacha agus superlative acu freisin chun c\u00e9imeanna \u00e9ags\u00fala c\u00e1il\u00edochta\u00ed a chur in i\u00fal. Ina theannta sin, is minic a dh\u00edortha\u00edtear adverbs \u00f3 aidiachta\u00ed agus cuireann siad br\u00edonna \u00e9ags\u00fala in i\u00fal, mar shampla am, modh, \u00e1it agus c\u00e9im.<\/p>\n\n\n\n<p>T\u00e1 sraith <a href=\"https:\/\/talkpal.ai\/ko\/grammar\/conjunctions-%ec%98%81%ec%96%b4-%eb%ac%b8%eb%b2%95%ec%97%90%ec%84%9c\/\">conjunctions<\/a>, prepositions, uimhreacha agus c\u00e1ithn\u00edn\u00ed sa tSeirbis freisin a chuireann le h\u00e1illeacht na teanga agus a chabhra\u00edonn le habairt\u00ed casta, br\u00ed a chruth\u00fa.<\/p>\n\n\n\n<h3 class=\"wp-block-heading\" id=\"h-embracing-the-world-of-serbian-grammar\">Ag glacadh le Domhan na Gramada\u00ed Seirbis<\/h3>\n\n\n\n<p>B&#8217;fh\u00e9idir go bhfuil <a href=\"https:\/\/talkpal.ai\/grammar\/\">gramadach<\/a> na Seirbia s\u00e1raitheach ar an gc\u00e9ad amharc. Mar sin f\u00e9in, de r\u00e9ir mar a th\u00e9ann t\u00fa n\u00edos doimhne ina th\u00edrdhreach saibhir de ch\u00e1sanna, gn\u00e9ithe agus quirks teangeola\u00edochta, nochtfaidh t\u00fa teanga bhr\u00edomhar agus l\u00e9iritheach. N\u00ed hamh\u00e1in go gcuirfidh <a href=\"https:\/\/talkpal.ai\/ga\/foghlaim-seirbis\/\">foghlaim Seirbis<\/a> n\u00edos g\u00e9ire do thuiscint ar theaghlach na teanga Slavach ach cabhr\u00f3idh s\u00e9 leat ceangal a dh\u00e9anamh le stair agus cult\u00far mealltach.<\/p>\n\n\n\n<p>Mar sin, c\u00e9n f\u00e1th nach nglacf\u00e1 leis an d\u00fashl\u00e1n a bhaineann le gramadach na Seirbia a ini\u00fachadh tuilleadh? Le buanseasmhacht agus paisean, b&#8217;fh\u00e9idir go bhfaighidh t\u00fa t\u00fa f\u00e9in ag spaisteoireacht tr\u00ed shr\u00e1ideanna Bh\u00e9algr\u00e1d, ag gabh\u00e1il do chomhr\u00e1ite br\u00edomhara le muintir na h\u00e1ite ina dteanga dh\u00fachais. Foghlaim shona!<\/p>\n<\/div><\/div>\n\r\n<section class=\"learnNavigationSection\">\r\n            \r\n        <a href=\"https:\/\/talkpal.ai\/ga\/foghlaim-seirbis\/\">\r\n            <div class=\"learnNavigationWrapper\">\r\n                <div class=\"learnNavigationContent\">\r\n                    <img decoding=\"async\" src=\"https:\/\/talkpal.ai\/wp-content\/uploads\/2024\/08\/Serbian.jpg\" alt=\"Serbian Flag\">\r\n                    <div>\r\n                        <h4>Maidir le Foghlaim na Seirbia<\/h4>\r\n                        <p>Faigh amach gach rud faoi ghramadach na Seirbia.<\/p>\r\n                    <\/div>\r\n                <\/div>\r\n            <\/div>\r\n        <\/a>\r\n\r\n        \r\n        <a href=\"https:\/\/talkpal.ai\/ga\/cleachtai-gramadai-seirbis\/\">\r\n            <div class=\"learnNavigationWrapper\">\r\n                <div class=\"learnNavigationContent\">\r\n                    <img decoding=\"async\" src=\"https:\/\/talkpal.ai\/wp-content\/uploads\/2024\/08\/Serbian.jpg\" alt=\"Serbian Flag\">\r\n                    <div>\r\n                        <h4>Cleachtadh Gramada\u00ed Seirbis<\/h4>\r\n                        <p>Cleachtadh gramadach na Seirbia.<\/p>\r\n                    <\/div>\r\n                <\/div>\r\n            <\/div>\r\n        <\/a>\r\n\r\n        \r\n        <a href=\"https:\/\/talkpal.ai\/vocabulary_language\/serbian\/\">\r\n            <div class=\"learnNavigationWrapper\">\r\n                <div class=\"learnNavigationContent\">\r\n                    <img decoding=\"async\" src=\"https:\/\/talkpal.ai\/wp-content\/uploads\/2024\/08\/Serbian.jpg\" alt=\"Serbian Flag\">\r\n                    <div>\r\n                        <h4>St\u00f3r Focal na Seirbia<\/h4>\r\n                        <p>Leathnaigh do st\u00f3r focal Seirbis.<\/p>\r\n                    <\/div>\r\n                <\/div>\r\n            <\/div>\r\n        <\/a>\r\n\r\n            <\/section>","protected":false},"excerpt":{"rendered":"<p>Gramadach na Seirbia: Unraveling the Intricacies of the South Slavic Language Ag glaoch ar gach d\u00edograiseoir teanga agus aficionados na mBalc\u00e1n! Ar smaoinigh t\u00fa riamh ar thumadh isteach i saol na gramada\u00ed Seirbiais? Is teanga oifigi\u00fail na Seirbia \u00ed an tSeirbis agus ceann de theangacha oifigi\u00fala na Boisnia agus na Heirseagaiv\u00e9ine. Le thart ar 9 [&hellip;]<\/p>\n","protected":false},"author":1,"featured_media":1444148,"parent":0,"menu_order":0,"comment_status":"closed","ping_status":"closed","template":"LearningContentPage.php","meta":{"_acf_changed":false,"footnotes":""},"class_list":["post-1444146","page","type-page","status-publish","has-post-thumbnail","hentry"],"acf":[],"yoast_head":"<!-- This site is optimized with the Yoast SEO Premium plugin v27.2 (Yoast SEO v27.2) - https:\/\/yoast.com\/product\/yoast-seo-premium-wordpress\/ -->\n<title>Gramadach na Seirbia - Talkpal<\/title>\n<meta name=\"description\" content=\"D\u00e9an ini\u00fachadh ar intricacies ghramada\u00ed na Seirbia agus faigh amach na gn\u00e9ithe uath\u00fala a dh\u00e9anann idirdheal\u00fa idir \u00ed agus teangacha eile na mBalc\u00e1n.\" \/>\n<meta name=\"robots\" content=\"index, follow, max-snippet:-1, max-image-preview:large, max-video-preview:-1\" \/>\n<link rel=\"canonical\" href=\"https:\/\/talkpal.ai\/ga\/gramadach-na-seirbia\/\" \/>\n<meta property=\"og:locale\" content=\"ga_IE\" \/>\n<meta property=\"og:type\" content=\"article\" \/>\n<meta property=\"og:title\" content=\"Gramadach na Seirbia\" \/>\n<meta property=\"og:description\" content=\"Gramadach na Seirbia: Unraveling the Intricacies of the South Slavic Language Ag glaoch ar gach d\u00edograiseoir teanga agus aficionados na mBalc\u00e1n! Ar\" \/>\n<meta property=\"og:url\" content=\"https:\/\/talkpal.ai\/ga\/gramadach-na-seirbia\/\" \/>\n<meta property=\"og:site_name\" content=\"Talkpal\" \/>\n<meta property=\"article:publisher\" content=\"https:\/\/www.facebook.com\/profile.php?id=100090733639311\" \/>\n<meta property=\"article:modified_time\" content=\"2025-12-17T15:37:12+00:00\" \/>\n<meta property=\"og:image\" content=\"https:\/\/talkpal.ai\/wp-content\/uploads\/2023\/05\/serbia.png\" \/>\n\t<meta property=\"og:image:width\" content=\"512\" \/>\n\t<meta property=\"og:image:height\" content=\"512\" \/>\n\t<meta property=\"og:image:type\" content=\"image\/png\" \/>\n<meta name=\"twitter:card\" content=\"summary_large_image\" \/>\n<meta name=\"twitter:site\" content=\"@talkpalai\" \/>\n<meta name=\"twitter:label1\" content=\"Est. reading time\" \/>\n\t<meta name=\"twitter:data1\" content=\"4 minutes\" \/>\n<script type=\"application\/ld+json\" class=\"yoast-schema-graph\">{\"@context\":\"https:\/\/schema.org\",\"@graph\":[{\"@type\":\"WebPage\",\"@id\":\"https:\/\/talkpal.ai\/ga\/gramadach-na-seirbia\/\",\"url\":\"https:\/\/talkpal.ai\/ga\/gramadach-na-seirbia\/\",\"name\":\"Gramadach na Seirbia - Talkpal\",\"isPartOf\":{\"@id\":\"https:\/\/talkpal.ai\/ga\/#website\"},\"primaryImageOfPage\":{\"@id\":\"https:\/\/talkpal.ai\/ga\/gramadach-na-seirbia\/#primaryimage\"},\"image\":{\"@id\":\"https:\/\/talkpal.ai\/ga\/gramadach-na-seirbia\/#primaryimage\"},\"thumbnailUrl\":\"https:\/\/talkpal.ai\/wp-content\/uploads\/2023\/05\/serbia.png\",\"datePublished\":\"2023-05-14T14:19:26+00:00\",\"dateModified\":\"2025-12-17T15:37:12+00:00\",\"description\":\"D\u00e9an ini\u00fachadh ar intricacies ghramada\u00ed na Seirbia agus faigh amach na gn\u00e9ithe uath\u00fala a dh\u00e9anann idirdheal\u00fa idir \u00ed agus teangacha eile na mBalc\u00e1n.\",\"breadcrumb\":{\"@id\":\"https:\/\/talkpal.ai\/ga\/gramadach-na-seirbia\/#breadcrumb\"},\"inLanguage\":\"ga-IE\",\"potentialAction\":[{\"@type\":\"ReadAction\",\"target\":[\"https:\/\/talkpal.ai\/ga\/gramadach-na-seirbia\/\"]}]},{\"@type\":\"ImageObject\",\"inLanguage\":\"ga-IE\",\"@id\":\"https:\/\/talkpal.ai\/ga\/gramadach-na-seirbia\/#primaryimage\",\"url\":\"https:\/\/talkpal.ai\/wp-content\/uploads\/2023\/05\/serbia.png\",\"contentUrl\":\"https:\/\/talkpal.ai\/wp-content\/uploads\/2023\/05\/serbia.png\",\"width\":512,\"height\":512,\"caption\":\"TalkPal Serbia Flag\"},{\"@type\":\"BreadcrumbList\",\"@id\":\"https:\/\/talkpal.ai\/ga\/gramadach-na-seirbia\/#breadcrumb\",\"itemListElement\":[{\"@type\":\"ListItem\",\"position\":1,\"name\":\"Homepage\",\"item\":\"https:\/\/talkpal.ai\/ga\/\"},{\"@type\":\"ListItem\",\"position\":2,\"name\":\"Gramadach na Seirbia\"}]},{\"@type\":\"WebSite\",\"@id\":\"https:\/\/talkpal.ai\/ga\/#website\",\"url\":\"https:\/\/talkpal.ai\/ga\/\",\"name\":\"Talkpal\",\"description\":\"AI Language Learning\",\"publisher\":{\"@id\":\"https:\/\/talkpal.ai\/ga\/#organization\"},\"alternateName\":\"Talkpal AI\",\"potentialAction\":[{\"@type\":\"SearchAction\",\"target\":{\"@type\":\"EntryPoint\",\"urlTemplate\":\"https:\/\/talkpal.ai\/ga\/?s={search_term_string}\"},\"query-input\":{\"@type\":\"PropertyValueSpecification\",\"valueRequired\":true,\"valueName\":\"search_term_string\"}}],\"inLanguage\":\"ga-IE\"},{\"@type\":\"Organization\",\"@id\":\"https:\/\/talkpal.ai\/ga\/#organization\",\"name\":\"Talkpal, Inc.\",\"alternateName\":\"Talkpal AI\",\"url\":\"https:\/\/talkpal.ai\/ga\/\",\"logo\":{\"@type\":\"ImageObject\",\"inLanguage\":\"ga-IE\",\"@id\":\"https:\/\/talkpal.ai\/ga\/#\/schema\/logo\/image\/\",\"url\":\"https:\/\/talkpal.ai\/wp-content\/uploads\/2024\/03\/Talkpal-Logo-Icon.png\",\"contentUrl\":\"https:\/\/talkpal.ai\/wp-content\/uploads\/2024\/03\/Talkpal-Logo-Icon.png\",\"width\":2880,\"height\":2880,\"caption\":\"Talkpal, Inc.\"},\"image\":{\"@id\":\"https:\/\/talkpal.ai\/ga\/#\/schema\/logo\/image\/\"},\"sameAs\":[\"https:\/\/www.facebook.com\/profile.php?id=100090733639311\",\"https:\/\/x.com\/talkpalai\",\"https:\/\/www.linkedin.com\/company\/talkpal\/\",\"https:\/\/www.youtube.com\/@TalkPal\/\",\"https:\/\/www.tiktok.com\/@talkpal\",\"https:\/\/www.instagram.com\/talkpal_ai\/\",\"https:\/\/www.crunchbase.com\/organization\/talkpal-9cde\",\"https:\/\/www.g2.com\/products\/talkpal-for-business\/\",\"https:\/\/www.trustpilot.com\/review\/talkpal.ai\",\"https:\/\/www.capterra.com\/p\/10006800\/TalkPal\/\"],\"description\":\"Talkpal is a language learning web and mobile education app, powered by the latest AI technologies, that provides engaging experiences to its customers in many different languages to help them improve their language skills. Users can chat about unlimited amount of topics with the app and use other modes to practice their language learning.\",\"email\":\"support@talkpal.ai\",\"legalName\":\"Talkpal, Inc.\",\"foundingDate\":\"2023-04-03\",\"duns\":\"118989042\",\"numberOfEmployees\":{\"@type\":\"QuantitativeValue\",\"minValue\":\"11\",\"maxValue\":\"50\"},\"publishingPrinciples\":\"https:\/\/talkpal.ai\/publishing-principles\/\",\"actionableFeedbackPolicy\":\"https:\/\/talkpal.ai\/actionable-feedback-policy\/\",\"correctionsPolicy\":\"https:\/\/talkpal.ai\/corrections-policy\/\",\"ethicsPolicy\":\"https:\/\/talkpal.ai\/ethics-policy\/\",\"diversityPolicy\":\"https:\/\/talkpal.ai\/diversity-policy\/\",\"diversityStaffingReport\":\"https:\/\/talkpal.ai\/diversity-policy\/\"}]}<\/script>\n<!-- \/ Yoast SEO Premium plugin. -->","yoast_head_json":{"title":"Gramadach na Seirbia - Talkpal","description":"D\u00e9an ini\u00fachadh ar intricacies ghramada\u00ed na Seirbia agus faigh amach na gn\u00e9ithe uath\u00fala a dh\u00e9anann idirdheal\u00fa idir \u00ed agus teangacha eile na mBalc\u00e1n.","robots":{"index":"index","follow":"follow","max-snippet":"max-snippet:-1","max-image-preview":"max-image-preview:large","max-video-preview":"max-video-preview:-1"},"canonical":"https:\/\/talkpal.ai\/ga\/gramadach-na-seirbia\/","og_locale":"ga_IE","og_type":"article","og_title":"Gramadach na Seirbia","og_description":"Gramadach na Seirbia: Unraveling the Intricacies of the South Slavic Language Ag glaoch ar gach d\u00edograiseoir teanga agus aficionados na mBalc\u00e1n! Ar","og_url":"https:\/\/talkpal.ai\/ga\/gramadach-na-seirbia\/","og_site_name":"Talkpal","article_publisher":"https:\/\/www.facebook.com\/profile.php?id=100090733639311","article_modified_time":"2025-12-17T15:37:12+00:00","og_image":[{"width":512,"height":512,"url":"https:\/\/talkpal.ai\/wp-content\/uploads\/2023\/05\/serbia.png","type":"image\/png"}],"twitter_card":"summary_large_image","twitter_site":"@talkpalai","twitter_misc":{"Est. reading time":"4 minutes"},"schema":{"@context":"https:\/\/schema.org","@graph":[{"@type":"WebPage","@id":"https:\/\/talkpal.ai\/ga\/gramadach-na-seirbia\/","url":"https:\/\/talkpal.ai\/ga\/gramadach-na-seirbia\/","name":"Gramadach na Seirbia - Talkpal","isPartOf":{"@id":"https:\/\/talkpal.ai\/ga\/#website"},"primaryImageOfPage":{"@id":"https:\/\/talkpal.ai\/ga\/gramadach-na-seirbia\/#primaryimage"},"image":{"@id":"https:\/\/talkpal.ai\/ga\/gramadach-na-seirbia\/#primaryimage"},"thumbnailUrl":"https:\/\/talkpal.ai\/wp-content\/uploads\/2023\/05\/serbia.png","datePublished":"2023-05-14T14:19:26+00:00","dateModified":"2025-12-17T15:37:12+00:00","description":"D\u00e9an ini\u00fachadh ar intricacies ghramada\u00ed na Seirbia agus faigh amach na gn\u00e9ithe uath\u00fala a dh\u00e9anann idirdheal\u00fa idir \u00ed agus teangacha eile na mBalc\u00e1n.","breadcrumb":{"@id":"https:\/\/talkpal.ai\/ga\/gramadach-na-seirbia\/#breadcrumb"},"inLanguage":"ga-IE","potentialAction":[{"@type":"ReadAction","target":["https:\/\/talkpal.ai\/ga\/gramadach-na-seirbia\/"]}]},{"@type":"ImageObject","inLanguage":"ga-IE","@id":"https:\/\/talkpal.ai\/ga\/gramadach-na-seirbia\/#primaryimage","url":"https:\/\/talkpal.ai\/wp-content\/uploads\/2023\/05\/serbia.png","contentUrl":"https:\/\/talkpal.ai\/wp-content\/uploads\/2023\/05\/serbia.png","width":512,"height":512,"caption":"TalkPal Serbia Flag"},{"@type":"BreadcrumbList","@id":"https:\/\/talkpal.ai\/ga\/gramadach-na-seirbia\/#breadcrumb","itemListElement":[{"@type":"ListItem","position":1,"name":"Homepage","item":"https:\/\/talkpal.ai\/ga\/"},{"@type":"ListItem","position":2,"name":"Gramadach na Seirbia"}]},{"@type":"WebSite","@id":"https:\/\/talkpal.ai\/ga\/#website","url":"https:\/\/talkpal.ai\/ga\/","name":"Talkpal","description":"AI Language Learning","publisher":{"@id":"https:\/\/talkpal.ai\/ga\/#organization"},"alternateName":"Talkpal AI","potentialAction":[{"@type":"SearchAction","target":{"@type":"EntryPoint","urlTemplate":"https:\/\/talkpal.ai\/ga\/?s={search_term_string}"},"query-input":{"@type":"PropertyValueSpecification","valueRequired":true,"valueName":"search_term_string"}}],"inLanguage":"ga-IE"},{"@type":"Organization","@id":"https:\/\/talkpal.ai\/ga\/#organization","name":"Talkpal, Inc.","alternateName":"Talkpal AI","url":"https:\/\/talkpal.ai\/ga\/","logo":{"@type":"ImageObject","inLanguage":"ga-IE","@id":"https:\/\/talkpal.ai\/ga\/#\/schema\/logo\/image\/","url":"https:\/\/talkpal.ai\/wp-content\/uploads\/2024\/03\/Talkpal-Logo-Icon.png","contentUrl":"https:\/\/talkpal.ai\/wp-content\/uploads\/2024\/03\/Talkpal-Logo-Icon.png","width":2880,"height":2880,"caption":"Talkpal, Inc."},"image":{"@id":"https:\/\/talkpal.ai\/ga\/#\/schema\/logo\/image\/"},"sameAs":["https:\/\/www.facebook.com\/profile.php?id=100090733639311","https:\/\/x.com\/talkpalai","https:\/\/www.linkedin.com\/company\/talkpal\/","https:\/\/www.youtube.com\/@TalkPal\/","https:\/\/www.tiktok.com\/@talkpal","https:\/\/www.instagram.com\/talkpal_ai\/","https:\/\/www.crunchbase.com\/organization\/talkpal-9cde","https:\/\/www.g2.com\/products\/talkpal-for-business\/","https:\/\/www.trustpilot.com\/review\/talkpal.ai","https:\/\/www.capterra.com\/p\/10006800\/TalkPal\/"],"description":"Talkpal is a language learning web and mobile education app, powered by the latest AI technologies, that provides engaging experiences to its customers in many different languages to help them improve their language skills. Users can chat about unlimited amount of topics with the app and use other modes to practice their language learning.","email":"support@talkpal.ai","legalName":"Talkpal, Inc.","foundingDate":"2023-04-03","duns":"118989042","numberOfEmployees":{"@type":"QuantitativeValue","minValue":"11","maxValue":"50"},"publishingPrinciples":"https:\/\/talkpal.ai\/publishing-principles\/","actionableFeedbackPolicy":"https:\/\/talkpal.ai\/actionable-feedback-policy\/","correctionsPolicy":"https:\/\/talkpal.ai\/corrections-policy\/","ethicsPolicy":"https:\/\/talkpal.ai\/ethics-policy\/","diversityPolicy":"https:\/\/talkpal.ai\/diversity-policy\/","diversityStaffingReport":"https:\/\/talkpal.ai\/diversity-policy\/"}]}},"_links":{"self":[{"href":"https:\/\/talkpal.ai\/ga\/wp-json\/wp\/v2\/pages\/1444146","targetHints":{"allow":["GET"]}}],"collection":[{"href":"https:\/\/talkpal.ai\/ga\/wp-json\/wp\/v2\/pages"}],"about":[{"href":"https:\/\/talkpal.ai\/ga\/wp-json\/wp\/v2\/types\/page"}],"author":[{"embeddable":true,"href":"https:\/\/talkpal.ai\/ga\/wp-json\/wp\/v2\/users\/1"}],"replies":[{"embeddable":true,"href":"https:\/\/talkpal.ai\/ga\/wp-json\/wp\/v2\/comments?post=1444146"}],"version-history":[{"count":0,"href":"https:\/\/talkpal.ai\/ga\/wp-json\/wp\/v2\/pages\/1444146\/revisions"}],"wp:featuredmedia":[{"embeddable":true,"href":"https:\/\/talkpal.ai\/ga\/wp-json\/wp\/v2\/media\/1444148"}],"wp:attachment":[{"href":"https:\/\/talkpal.ai\/ga\/wp-json\/wp\/v2\/media?parent=1444146"}],"curies":[{"name":"wp","href":"https:\/\/api.w.org\/{rel}","templated":true}]}}