{"id":1444141,"date":"2023-05-14T14:12:45","date_gmt":"2023-05-14T14:12:45","guid":{"rendered":"https:\/\/talkpal.ai\/gramadach-neipeal\/"},"modified":"2025-12-17T17:00:23","modified_gmt":"2025-12-17T17:00:23","slug":"gramadach-neipeal","status":"publish","type":"page","link":"https:\/\/talkpal.ai\/ga\/gramadach-neipeal\/","title":{"rendered":"Gramadach Neipeal"},"content":{"rendered":"\r\n\r\n\r\n<section class=\"languageChallengeSection\">\r\n    <div class=\"languageInfoWrapper\">\r\n        \r\n        <h1>Gramadach Neipeal<\/h1>\r\n        <p>An bhfuil t\u00fa fiosrach faoi <a href=\"https:\/\/talkpal.ai\/learn-nepali\/\">Nepali<\/a>? Discover <a href=\"https:\/\/talkpal.ai\/what-is-special-about-nepali-grammar\/\">Nepali grammar<\/a>, featuring gendered nouns, postpositions, and a flexible sentence structure that makes the language both expressive and engaging. Tosaigh ag foghlaim inniu &#8211; d\u00e9anfaidh m\u00e1istreacht ar ghramadach Neipeal comhr\u00e1ite br\u00ed a dh\u00edghlas\u00e1il agus t\u00fa a nascadh le cult\u00fair agus traidisi\u00fain \u00e9ags\u00fala Neipeal!<\/p>\r\n\r\n                            <a class=\"getStartedHidden\" href=\"https:\/\/app.talkpal.ai\/signup?lng=\">Tosaigh<\/a>\r\n        \r\n    <\/div>\r\n\r\n    <figure>\r\n    <img decoding=\"async\" width=\"768\" height=\"768\" src=\"https:\/\/talkpal.ai\/wp-content\/uploads\/2023\/06\/nepali-768x768.png\" class=\"languageImage no-lazy\" alt=\"Practical language learning for real-life application\" fetchpriority=\"high\" sizes=\"(max-width: 768px) 150px, 768px\" srcset=\"https:\/\/talkpal.ai\/wp-content\/uploads\/2023\/06\/nepali-768x768.png 768w, https:\/\/talkpal.ai\/wp-content\/uploads\/2023\/06\/nepali-300x300.png 300w\" \/>\r\n    \r\n\r\n    <\/figure>\r\n\r\n            <a class=\"getStartedVisible\" href=\"https:\/\/app.talkpal.ai\/signup?lng=\">Tosaigh<\/a>\r\n    \r\n<\/section>\r\n<section class=\"promotionalBanner\">\r\n    <p class=\"promotionalText\">An bealach is \u00e9ifeachta\u00ed le teanga a fhoghlaim<\/p>\r\n    <a class=\"promotionalLink\" href=\"https:\/\/app.talkpal.ai\/signup?lng=\">Bain triail as Talkpal saor in aisce<\/a>\r\n<\/section>\n<div class=\"wp-block-group pageContainerStyle\"><div class=\"wp-block-group__inner-container is-layout-constrained wp-block-group-is-layout-constrained\">\n<h2 class=\"wp-block-heading\" id=\"h-delving-into-the-richness-of-nepali-grammar-an-insightful-guide\">Delving into the Richness of Nepali Grammar: An Insightful Guide<\/h2>\n\n\n\n<p>Is teanga aoibhinn \u00ed Nepali, teanga Ind-Aryan a labhra\u00edonn os cionn 25 milli\u00fan duine i Neipeal agus i r\u00e9igi\u00fain chomharsanacha, a thaispe\u00e1nann saibhreas cult\u00fartha agus \u00e9ags\u00falacht teanga na h\u00c1ise Theas. Chun cumars\u00e1id \u00e9ifeachtach a dh\u00e9anamh i Neipeal agus a \u00e1illeacht a thuiscint go f\u00edrinneach, caithfidh duine a ghramadach a thuiscint. San alt seo, cuirfimid forbhreathn\u00fa ar f\u00e1il ar na gn\u00e9ithe riachtanacha de ghramadach Neipeal agus cuirfimid leideanna praitici\u00fala ar f\u00e1il chun cabhr\u00fa leat m\u00e1istreacht a dh\u00e9anamh ar an teanga sp\u00e9isi\u00fail seo.<\/p>\n\n\n\n<h3 class=\"wp-block-heading\" id=\"h-key-aspects-of-nepali-grammar\">Pr\u00edomhghn\u00e9ithe de ghramadach Neipeal:<\/h3>\n\n\n\n<p>D&#8217;fh\u00e9adfadh <a href=\"https:\/\/talkpal.ai\/grammar\/\">gramadach<\/a> Nepali a bheith d\u00fashl\u00e1nach ar dt\u00fas, ach le ham agus cleachtas, is f\u00e9idir leat an crochadh a fh\u00e1il air. Seo roinnt comhph\u00e1irteanna bun\u00fasacha de ghramadach Neipeal le dul i dtaith\u00ed orthu:<\/p>\n\n\n\n<p><strong>1. Ainmfhocail:<\/strong> N\u00edl inscne ghramada\u00ed ag ainmfhocail Nepali, rud a fh\u00e1gann go bhfuil s\u00e9 n\u00edos \u00e9asca d&#8217;fhoghlaimeoir\u00ed mar nach g\u00e1 inscne gach ainmfhocail a <a href=\"https:\/\/talkpal.ai\/locations\/language-courses-in-chur\/\">chur<\/a> de ghlanmheabhair. Mar sin f\u00e9in, infhilltear ainmfhocail le haghaidh uimhir (uatha agus iolra) agus c\u00e1s (nominative, genitive, dative, etc.).<\/p>\n\n\n\n<p><strong>2. Forainmneacha:<\/strong> T\u00e1 tr\u00ed fhoirm ag forainmneacha pearsanta i Neipeal: suibiacht\u00fail, oibiacht\u00fail agus sealbhach. Aonta\u00edonn siad leis an ainmfhocal a thagra\u00edonn siad d\u00f3 i dt\u00e9arma\u00ed uimhreacha ach n\u00ed inscne. T\u00e1 forainmneacha \u00e9ags\u00fala agus foirmeacha comhchuingithe briathar ann freisin bunaithe ar leibh\u00e9al na foirmi\u00falachta (dea-bh\u00e9asach, eolach n\u00f3 dl\u00fath).<\/p>\n\n\n\n<p><strong>3. Briathra:<\/strong> Infhilltear briathra Nepali don aimsir (l\u00e1ithreach, am at\u00e1 caite, agus sa todhcha\u00ed), gi\u00famar (t\u00e1scach, imperative, n\u00f3 subjunctive), agus gn\u00e9 (lean\u00fanach, foirfe, n\u00f3 simpl\u00ed). T\u00e1 patr\u00fain chomhchuingithe briathar ar <a href=\"https:\/\/talkpal.ai\/locations\/language-courses-in-leith\/\">leith<\/a> ann freisin ag brath ar leibh\u00e9al foirmi\u00falachta an \u00e1bhair.<\/p>\n\n\n\n<p><strong>4. Adjectives and adverbs:<\/strong> Adjectives in Nepali usually follow the noun they modify and agree in number and case. Is f\u00e9idir adverbs a \u00fas\u00e1id chun faisn\u00e9is bhreise a shol\u00e1thar agus de ghn\u00e1th n\u00ed athra\u00edonn siad a bhfoirm.<\/p>\n\n\n\n<p><strong>5. Strucht\u00far abairte:<\/strong> Leanann an strucht\u00far abairte tipici\u00fail Nepali an t-ord\u00fa <a href=\"https:\/\/talkpal.ai\/culture\/how-do-you-structure-a-sentence-using-subject-object-verb-order-in-uzbek\/\">Subject-Object-Verb<\/a> (SOV). Mar sin f\u00e9in, is f\u00e9idir le hord focal a bheith sol\u00fabtha, ag brath ar an mb\u00e9im agus ar an gcomhth\u00e9acs.<\/p>\n\n\n\n<h3 class=\"wp-block-heading\" id=\"h-tips-for-learning-nepali-grammar\">Leideanna maidir le Gramadach Nepali a Fhoghlaim:<\/h3>\n\n\n\n<p>Seo roinnt strait\u00e9is\u00ed \u00e9ifeachtacha chun do thuras foghlama gramada\u00ed Nepali a dh\u00e9anamh n\u00edos rian\u00fala:<\/p>\n\n\n\n<p><strong>1. Tosaigh leis na buneilimint\u00ed:<\/strong> D\u00edrigh ar fhoghlaim bun\u00fasacha <a href=\"https:\/\/talkpal.ai\/ga\/cleachtai-gramadai-neipeal\/\">gramada\u00ed Neipeal<\/a>, mar shampla c\u00e1sanna ainmfhocail, forainmneacha, agus comhchuingi\u00fa briathra. De r\u00e9ir mar a mh\u00e9ada\u00edonn do thuiscint, ionchorpraigh strucht\u00fair agus rialacha n\u00edos casta de r\u00e9ir a ch\u00e9ile.<\/p>\n\n\n\n<p><strong>2. Cleachtadh go rialta:<\/strong> T\u00e1 comhsheasmhacht r\u00edth\u00e1bhachtach nuair a bh\u00edonn teanga nua \u00e1 fhoghlaim agat. Leithdh\u00e1ileadh amanna sonracha gach l\u00e1 n\u00f3 seachtain chun cleachta\u00ed gramada\u00ed, l\u00e9itheoireacht agus scr\u00edbhneoireacht a chleachtadh i Neipeal.<\/p>\n\n\n\n<p><strong>3. \u00das\u00e1id acmhainn\u00ed d\u00fachasacha:<\/strong> Tumadh t\u00fa f\u00e9in in \u00e1bhair bar\u00e1nt\u00fala Nepali, mar shampla litr\u00edocht, ailt nuachta, agus podchraolta\u00ed. N\u00ed hamh\u00e1in go gcabhr\u00f3idh s\u00e9 seo leat <a href=\"https:\/\/talkpal.ai\/grammar\/\">gramadach<\/a> Neipeal a thuiscint i gcomhth\u00e9acs ach feabhs\u00f3idh s\u00e9 do scileanna teanga forioml\u00e1na.<\/p>\n\n\n\n<p><strong>4. Ceangail le cainteoir\u00ed d\u00fachais:<\/strong> Is f\u00e9idir leat gramadach a chleachtadh i gc\u00e1sanna f\u00edor-saoil agus aiseolas luachmhar a fh\u00e1il. Smaoinigh ar bheith p\u00e1irteach i ngr\u00fapa\u00ed malartaithe teanga n\u00f3 f\u00f3raim ar l\u00edne chun ceangal a dh\u00e9anamh le daoine aonair a labhra\u00edonn Neipeal.<\/p>\n\n\n\n<p><strong>5. B\u00ed foighneach agus seasmhach:<\/strong> Cuimhnigh go dt\u00f3gann foghlaim teanga nua am, buanseasmhacht agus foighne. Glac leis na d\u00fashl\u00e1in agus d\u00e9an ceili\u00faradh ar do dhul chun cinn ar an mbealach.<\/p>\n\n\n\n<h3 class=\"wp-block-heading\" id=\"h-conclusion\">Concl\u00faid:<\/h3>\n\n\n\n<p>Cuireann gramadach Neipeal, lena tr\u00e9ithe uath\u00fala agus a naisc le teaghlach na dteangacha Ind-Aryan, turas teanga suimi\u00fail ar f\u00e1il. Tr\u00ed thuiscint a fh\u00e1il ar na pr\u00edomhghn\u00e9ithe agus \u00e1r leideanna praitici\u00fala a lean\u00faint, r\u00e9iteoidh t\u00fa an bealach i dtreo inni\u00falachta teanga agus gheobhaidh t\u00fa tuiscint n\u00edos doimhne ar an teanga Neipeal. Mar sin, fiontar amach le d\u00edograis agus fiosracht, agus glac le seoda teanga Neipeal!<\/p>\n<\/div><\/div>\n\r\n<section class=\"learnNavigationSection\">\r\n            \r\n        <a href=\"https:\/\/talkpal.ai\/ga\/foghlaim-neipeal\/\">\r\n            <div class=\"learnNavigationWrapper\">\r\n                <div class=\"learnNavigationContent\">\r\n                    <img decoding=\"async\" src=\"https:\/\/talkpal.ai\/wp-content\/uploads\/2024\/08\/Nepali.jpg\" alt=\"Nepali Flag\">\r\n                    <div>\r\n                        <h4>Maidir le Foghlaim Nepali<\/h4>\r\n                        <p>Faigh amach gach rud faoi ghramadach Neipeal.<\/p>\r\n                    <\/div>\r\n                <\/div>\r\n            <\/div>\r\n        <\/a>\r\n\r\n        \r\n        <a href=\"https:\/\/talkpal.ai\/ga\/cleachtai-gramadai-neipeal\/\">\r\n            <div class=\"learnNavigationWrapper\">\r\n                <div class=\"learnNavigationContent\">\r\n                    <img decoding=\"async\" src=\"https:\/\/talkpal.ai\/wp-content\/uploads\/2024\/08\/Nepali.jpg\" alt=\"Nepali Flag\">\r\n                    <div>\r\n                        <h4>Cleachtadh Gramada\u00ed Neipeal<\/h4>\r\n                        <p>Cleachtadh gramadach Neipeal.<\/p>\r\n                    <\/div>\r\n                <\/div>\r\n            <\/div>\r\n        <\/a>\r\n\r\n        \r\n        <a href=\"https:\/\/talkpal.ai\/vocabulary_language\/nepali\/\">\r\n            <div class=\"learnNavigationWrapper\">\r\n                <div class=\"learnNavigationContent\">\r\n                    <img decoding=\"async\" src=\"https:\/\/talkpal.ai\/wp-content\/uploads\/2024\/08\/Nepali.jpg\" alt=\"Nepali Flag\">\r\n                    <div>\r\n                        <h4>St\u00f3r Focal Neipeal<\/h4>\r\n                        <p>Leathnaigh do st\u00f3r focal Neipeal.<\/p>\r\n                    <\/div>\r\n                <\/div>\r\n            <\/div>\r\n        <\/a>\r\n\r\n            <\/section>","protected":false},"excerpt":{"rendered":"<p>Delving into the Richness of Nepali Grammar: An Insightful Guide Is teanga aoibhinn \u00ed Nepali, teanga Ind-Aryan a labhra\u00edonn os cionn 25 milli\u00fan duine i Neipeal agus i r\u00e9igi\u00fain chomharsanacha, a thaispe\u00e1nann saibhreas cult\u00fartha agus \u00e9ags\u00falacht teanga na h\u00c1ise Theas. Chun cumars\u00e1id \u00e9ifeachtach a dh\u00e9anamh i Neipeal agus a \u00e1illeacht a thuiscint go f\u00edrinneach, caithfidh [&hellip;]<\/p>\n","protected":false},"author":1,"featured_media":1444142,"parent":0,"menu_order":0,"comment_status":"closed","ping_status":"closed","template":"LearningContentPage.php","meta":{"_acf_changed":false,"footnotes":""},"class_list":["post-1444141","page","type-page","status-publish","has-post-thumbnail","hentry"],"acf":[],"yoast_head":"<!-- This site is optimized with the Yoast SEO Premium plugin v27.2 (Yoast SEO v27.2) - https:\/\/yoast.com\/product\/yoast-seo-premium-wordpress\/ -->\n<title>Gramadach Neipeal - Talkpal<\/title>\n<meta name=\"description\" content=\"D\u00e9an ini\u00fachadh ar Ghramadach Neipeal agus feabhas a chur ar do thuiscint ar an teanga le m\u00ednithe soil\u00e9ire agus gonta.\" \/>\n<meta name=\"robots\" content=\"index, follow, max-snippet:-1, max-image-preview:large, max-video-preview:-1\" \/>\n<link rel=\"canonical\" href=\"https:\/\/talkpal.ai\/ga\/gramadach-neipeal\/\" \/>\n<meta property=\"og:locale\" content=\"ga_IE\" \/>\n<meta property=\"og:type\" content=\"article\" \/>\n<meta property=\"og:title\" content=\"Gramadach Neipeal\" \/>\n<meta property=\"og:description\" content=\"Delving into the Richness of Nepali Grammar: An Insightful Guide Is teanga aoibhinn \u00ed Nepali, teanga Ind-Aryan a labhra\u00edonn os cionn 25 milli\u00fan duine i\" \/>\n<meta property=\"og:url\" content=\"https:\/\/talkpal.ai\/ga\/gramadach-neipeal\/\" \/>\n<meta property=\"og:site_name\" content=\"Talkpal\" \/>\n<meta property=\"article:publisher\" content=\"https:\/\/www.facebook.com\/profile.php?id=100090733639311\" \/>\n<meta property=\"article:modified_time\" content=\"2025-12-17T17:00:23+00:00\" \/>\n<meta property=\"og:image\" content=\"https:\/\/talkpal.ai\/wp-content\/uploads\/2023\/05\/nepal.png\" \/>\n\t<meta property=\"og:image:width\" content=\"512\" \/>\n\t<meta property=\"og:image:height\" content=\"512\" \/>\n\t<meta property=\"og:image:type\" content=\"image\/png\" \/>\n<meta name=\"twitter:card\" content=\"summary_large_image\" \/>\n<meta name=\"twitter:site\" content=\"@talkpalai\" \/>\n<meta name=\"twitter:label1\" content=\"Est. reading time\" \/>\n\t<meta name=\"twitter:data1\" content=\"4 minutes\" \/>\n<script type=\"application\/ld+json\" class=\"yoast-schema-graph\">{\"@context\":\"https:\/\/schema.org\",\"@graph\":[{\"@type\":\"WebPage\",\"@id\":\"https:\/\/talkpal.ai\/ga\/gramadach-neipeal\/\",\"url\":\"https:\/\/talkpal.ai\/ga\/gramadach-neipeal\/\",\"name\":\"Gramadach Neipeal - Talkpal\",\"isPartOf\":{\"@id\":\"https:\/\/talkpal.ai\/ga\/#website\"},\"primaryImageOfPage\":{\"@id\":\"https:\/\/talkpal.ai\/ga\/gramadach-neipeal\/#primaryimage\"},\"image\":{\"@id\":\"https:\/\/talkpal.ai\/ga\/gramadach-neipeal\/#primaryimage\"},\"thumbnailUrl\":\"https:\/\/talkpal.ai\/wp-content\/uploads\/2023\/05\/nepal.png\",\"datePublished\":\"2023-05-14T14:12:45+00:00\",\"dateModified\":\"2025-12-17T17:00:23+00:00\",\"description\":\"D\u00e9an ini\u00fachadh ar Ghramadach Neipeal agus feabhas a chur ar do thuiscint ar an teanga le m\u00ednithe soil\u00e9ire agus gonta.\",\"breadcrumb\":{\"@id\":\"https:\/\/talkpal.ai\/ga\/gramadach-neipeal\/#breadcrumb\"},\"inLanguage\":\"ga-IE\",\"potentialAction\":[{\"@type\":\"ReadAction\",\"target\":[\"https:\/\/talkpal.ai\/ga\/gramadach-neipeal\/\"]}]},{\"@type\":\"ImageObject\",\"inLanguage\":\"ga-IE\",\"@id\":\"https:\/\/talkpal.ai\/ga\/gramadach-neipeal\/#primaryimage\",\"url\":\"https:\/\/talkpal.ai\/wp-content\/uploads\/2023\/05\/nepal.png\",\"contentUrl\":\"https:\/\/talkpal.ai\/wp-content\/uploads\/2023\/05\/nepal.png\",\"width\":512,\"height\":512,\"caption\":\"TalkPal Nepal Flag\"},{\"@type\":\"BreadcrumbList\",\"@id\":\"https:\/\/talkpal.ai\/ga\/gramadach-neipeal\/#breadcrumb\",\"itemListElement\":[{\"@type\":\"ListItem\",\"position\":1,\"name\":\"Homepage\",\"item\":\"https:\/\/talkpal.ai\/ga\/\"},{\"@type\":\"ListItem\",\"position\":2,\"name\":\"Gramadach Neipeal\"}]},{\"@type\":\"WebSite\",\"@id\":\"https:\/\/talkpal.ai\/ga\/#website\",\"url\":\"https:\/\/talkpal.ai\/ga\/\",\"name\":\"Talkpal\",\"description\":\"AI Language Learning\",\"publisher\":{\"@id\":\"https:\/\/talkpal.ai\/ga\/#organization\"},\"alternateName\":\"Talkpal AI\",\"potentialAction\":[{\"@type\":\"SearchAction\",\"target\":{\"@type\":\"EntryPoint\",\"urlTemplate\":\"https:\/\/talkpal.ai\/ga\/?s={search_term_string}\"},\"query-input\":{\"@type\":\"PropertyValueSpecification\",\"valueRequired\":true,\"valueName\":\"search_term_string\"}}],\"inLanguage\":\"ga-IE\"},{\"@type\":\"Organization\",\"@id\":\"https:\/\/talkpal.ai\/ga\/#organization\",\"name\":\"Talkpal, Inc.\",\"alternateName\":\"Talkpal AI\",\"url\":\"https:\/\/talkpal.ai\/ga\/\",\"logo\":{\"@type\":\"ImageObject\",\"inLanguage\":\"ga-IE\",\"@id\":\"https:\/\/talkpal.ai\/ga\/#\/schema\/logo\/image\/\",\"url\":\"https:\/\/talkpal.ai\/wp-content\/uploads\/2024\/03\/Talkpal-Logo-Icon.png\",\"contentUrl\":\"https:\/\/talkpal.ai\/wp-content\/uploads\/2024\/03\/Talkpal-Logo-Icon.png\",\"width\":2880,\"height\":2880,\"caption\":\"Talkpal, Inc.\"},\"image\":{\"@id\":\"https:\/\/talkpal.ai\/ga\/#\/schema\/logo\/image\/\"},\"sameAs\":[\"https:\/\/www.facebook.com\/profile.php?id=100090733639311\",\"https:\/\/x.com\/talkpalai\",\"https:\/\/www.linkedin.com\/company\/talkpal\/\",\"https:\/\/www.youtube.com\/@TalkPal\/\",\"https:\/\/www.tiktok.com\/@talkpal\",\"https:\/\/www.instagram.com\/talkpal_ai\/\",\"https:\/\/www.crunchbase.com\/organization\/talkpal-9cde\",\"https:\/\/www.g2.com\/products\/talkpal-for-business\/\",\"https:\/\/www.trustpilot.com\/review\/talkpal.ai\",\"https:\/\/www.capterra.com\/p\/10006800\/TalkPal\/\"],\"description\":\"Talkpal is a language learning web and mobile education app, powered by the latest AI technologies, that provides engaging experiences to its customers in many different languages to help them improve their language skills. Users can chat about unlimited amount of topics with the app and use other modes to practice their language learning.\",\"email\":\"support@talkpal.ai\",\"legalName\":\"Talkpal, Inc.\",\"foundingDate\":\"2023-04-03\",\"duns\":\"118989042\",\"numberOfEmployees\":{\"@type\":\"QuantitativeValue\",\"minValue\":\"11\",\"maxValue\":\"50\"},\"publishingPrinciples\":\"https:\/\/talkpal.ai\/publishing-principles\/\",\"actionableFeedbackPolicy\":\"https:\/\/talkpal.ai\/actionable-feedback-policy\/\",\"correctionsPolicy\":\"https:\/\/talkpal.ai\/corrections-policy\/\",\"ethicsPolicy\":\"https:\/\/talkpal.ai\/ethics-policy\/\",\"diversityPolicy\":\"https:\/\/talkpal.ai\/diversity-policy\/\",\"diversityStaffingReport\":\"https:\/\/talkpal.ai\/diversity-policy\/\"}]}<\/script>\n<!-- \/ Yoast SEO Premium plugin. -->","yoast_head_json":{"title":"Gramadach Neipeal - Talkpal","description":"D\u00e9an ini\u00fachadh ar Ghramadach Neipeal agus feabhas a chur ar do thuiscint ar an teanga le m\u00ednithe soil\u00e9ire agus gonta.","robots":{"index":"index","follow":"follow","max-snippet":"max-snippet:-1","max-image-preview":"max-image-preview:large","max-video-preview":"max-video-preview:-1"},"canonical":"https:\/\/talkpal.ai\/ga\/gramadach-neipeal\/","og_locale":"ga_IE","og_type":"article","og_title":"Gramadach Neipeal","og_description":"Delving into the Richness of Nepali Grammar: An Insightful Guide Is teanga aoibhinn \u00ed Nepali, teanga Ind-Aryan a labhra\u00edonn os cionn 25 milli\u00fan duine i","og_url":"https:\/\/talkpal.ai\/ga\/gramadach-neipeal\/","og_site_name":"Talkpal","article_publisher":"https:\/\/www.facebook.com\/profile.php?id=100090733639311","article_modified_time":"2025-12-17T17:00:23+00:00","og_image":[{"width":512,"height":512,"url":"https:\/\/talkpal.ai\/wp-content\/uploads\/2023\/05\/nepal.png","type":"image\/png"}],"twitter_card":"summary_large_image","twitter_site":"@talkpalai","twitter_misc":{"Est. reading time":"4 minutes"},"schema":{"@context":"https:\/\/schema.org","@graph":[{"@type":"WebPage","@id":"https:\/\/talkpal.ai\/ga\/gramadach-neipeal\/","url":"https:\/\/talkpal.ai\/ga\/gramadach-neipeal\/","name":"Gramadach Neipeal - Talkpal","isPartOf":{"@id":"https:\/\/talkpal.ai\/ga\/#website"},"primaryImageOfPage":{"@id":"https:\/\/talkpal.ai\/ga\/gramadach-neipeal\/#primaryimage"},"image":{"@id":"https:\/\/talkpal.ai\/ga\/gramadach-neipeal\/#primaryimage"},"thumbnailUrl":"https:\/\/talkpal.ai\/wp-content\/uploads\/2023\/05\/nepal.png","datePublished":"2023-05-14T14:12:45+00:00","dateModified":"2025-12-17T17:00:23+00:00","description":"D\u00e9an ini\u00fachadh ar Ghramadach Neipeal agus feabhas a chur ar do thuiscint ar an teanga le m\u00ednithe soil\u00e9ire agus gonta.","breadcrumb":{"@id":"https:\/\/talkpal.ai\/ga\/gramadach-neipeal\/#breadcrumb"},"inLanguage":"ga-IE","potentialAction":[{"@type":"ReadAction","target":["https:\/\/talkpal.ai\/ga\/gramadach-neipeal\/"]}]},{"@type":"ImageObject","inLanguage":"ga-IE","@id":"https:\/\/talkpal.ai\/ga\/gramadach-neipeal\/#primaryimage","url":"https:\/\/talkpal.ai\/wp-content\/uploads\/2023\/05\/nepal.png","contentUrl":"https:\/\/talkpal.ai\/wp-content\/uploads\/2023\/05\/nepal.png","width":512,"height":512,"caption":"TalkPal Nepal Flag"},{"@type":"BreadcrumbList","@id":"https:\/\/talkpal.ai\/ga\/gramadach-neipeal\/#breadcrumb","itemListElement":[{"@type":"ListItem","position":1,"name":"Homepage","item":"https:\/\/talkpal.ai\/ga\/"},{"@type":"ListItem","position":2,"name":"Gramadach Neipeal"}]},{"@type":"WebSite","@id":"https:\/\/talkpal.ai\/ga\/#website","url":"https:\/\/talkpal.ai\/ga\/","name":"Talkpal","description":"AI Language Learning","publisher":{"@id":"https:\/\/talkpal.ai\/ga\/#organization"},"alternateName":"Talkpal AI","potentialAction":[{"@type":"SearchAction","target":{"@type":"EntryPoint","urlTemplate":"https:\/\/talkpal.ai\/ga\/?s={search_term_string}"},"query-input":{"@type":"PropertyValueSpecification","valueRequired":true,"valueName":"search_term_string"}}],"inLanguage":"ga-IE"},{"@type":"Organization","@id":"https:\/\/talkpal.ai\/ga\/#organization","name":"Talkpal, Inc.","alternateName":"Talkpal AI","url":"https:\/\/talkpal.ai\/ga\/","logo":{"@type":"ImageObject","inLanguage":"ga-IE","@id":"https:\/\/talkpal.ai\/ga\/#\/schema\/logo\/image\/","url":"https:\/\/talkpal.ai\/wp-content\/uploads\/2024\/03\/Talkpal-Logo-Icon.png","contentUrl":"https:\/\/talkpal.ai\/wp-content\/uploads\/2024\/03\/Talkpal-Logo-Icon.png","width":2880,"height":2880,"caption":"Talkpal, Inc."},"image":{"@id":"https:\/\/talkpal.ai\/ga\/#\/schema\/logo\/image\/"},"sameAs":["https:\/\/www.facebook.com\/profile.php?id=100090733639311","https:\/\/x.com\/talkpalai","https:\/\/www.linkedin.com\/company\/talkpal\/","https:\/\/www.youtube.com\/@TalkPal\/","https:\/\/www.tiktok.com\/@talkpal","https:\/\/www.instagram.com\/talkpal_ai\/","https:\/\/www.crunchbase.com\/organization\/talkpal-9cde","https:\/\/www.g2.com\/products\/talkpal-for-business\/","https:\/\/www.trustpilot.com\/review\/talkpal.ai","https:\/\/www.capterra.com\/p\/10006800\/TalkPal\/"],"description":"Talkpal is a language learning web and mobile education app, powered by the latest AI technologies, that provides engaging experiences to its customers in many different languages to help them improve their language skills. Users can chat about unlimited amount of topics with the app and use other modes to practice their language learning.","email":"support@talkpal.ai","legalName":"Talkpal, Inc.","foundingDate":"2023-04-03","duns":"118989042","numberOfEmployees":{"@type":"QuantitativeValue","minValue":"11","maxValue":"50"},"publishingPrinciples":"https:\/\/talkpal.ai\/publishing-principles\/","actionableFeedbackPolicy":"https:\/\/talkpal.ai\/actionable-feedback-policy\/","correctionsPolicy":"https:\/\/talkpal.ai\/corrections-policy\/","ethicsPolicy":"https:\/\/talkpal.ai\/ethics-policy\/","diversityPolicy":"https:\/\/talkpal.ai\/diversity-policy\/","diversityStaffingReport":"https:\/\/talkpal.ai\/diversity-policy\/"}]}},"_links":{"self":[{"href":"https:\/\/talkpal.ai\/ga\/wp-json\/wp\/v2\/pages\/1444141","targetHints":{"allow":["GET"]}}],"collection":[{"href":"https:\/\/talkpal.ai\/ga\/wp-json\/wp\/v2\/pages"}],"about":[{"href":"https:\/\/talkpal.ai\/ga\/wp-json\/wp\/v2\/types\/page"}],"author":[{"embeddable":true,"href":"https:\/\/talkpal.ai\/ga\/wp-json\/wp\/v2\/users\/1"}],"replies":[{"embeddable":true,"href":"https:\/\/talkpal.ai\/ga\/wp-json\/wp\/v2\/comments?post=1444141"}],"version-history":[{"count":0,"href":"https:\/\/talkpal.ai\/ga\/wp-json\/wp\/v2\/pages\/1444141\/revisions"}],"wp:featuredmedia":[{"embeddable":true,"href":"https:\/\/talkpal.ai\/ga\/wp-json\/wp\/v2\/media\/1444142"}],"wp:attachment":[{"href":"https:\/\/talkpal.ai\/ga\/wp-json\/wp\/v2\/media?parent=1444141"}],"curies":[{"name":"wp","href":"https:\/\/api.w.org\/{rel}","templated":true}]}}