{"id":1444134,"date":"2023-05-14T14:19:07","date_gmt":"2023-05-14T14:19:07","guid":{"rendered":"https:\/\/talkpal.ai\/gramadach-na-romaine\/"},"modified":"2025-12-17T15:35:01","modified_gmt":"2025-12-17T15:35:01","slug":"gramadach-na-romaine","status":"publish","type":"page","link":"https:\/\/talkpal.ai\/ga\/gramadach-na-romaine\/","title":{"rendered":"Gramadach na R\u00f3m\u00e1ine"},"content":{"rendered":"\r\n\r\n\r\n<section class=\"languageChallengeSection\">\r\n    <div class=\"languageInfoWrapper\">\r\n        \r\n        <h1>Gramadach na R\u00f3m\u00e1ine<\/h1>\r\n        <p>D\u00edghlas\u00e1il \u00e1illeacht na teanga <a href=\"https:\/\/talkpal.ai\/learn-romanian\/\">R\u00f3m\u00e1inis<\/a> tr\u00ed a rialacha gramada\u00ed riachtanacha a fhoghlaim. Cabhr\u00f3idh m\u00e1istreacht ar ghramadach na R\u00f3m\u00e1ine leat cumars\u00e1id a dh\u00e9anamh go muin\u00edneach agus ceangal le cult\u00far agus stair shaibhir na R\u00f3m\u00e1ine. Tosaigh ag d\u00e9anamh staid\u00e9ir ar ghramadach na R\u00f3m\u00e1ine inniu agus glac do ch\u00e9ad ch\u00e9im i dtreo l\u00edofacht!<\/p>\r\n\r\n                            <a class=\"getStartedHidden\" href=\"https:\/\/app.talkpal.ai\/signup?lng=\">Tosaigh<\/a>\r\n        \r\n    <\/div>\r\n\r\n    <figure>\r\n    <img decoding=\"async\" width=\"768\" height=\"768\" src=\"https:\/\/talkpal.ai\/wp-content\/uploads\/2023\/06\/romanian-768x768.png\" class=\"languageImage no-lazy\" alt=\"Language learning for intellectual challenge\" fetchpriority=\"high\" sizes=\"(max-width: 768px) 150px, 768px\" srcset=\"https:\/\/talkpal.ai\/wp-content\/uploads\/2023\/06\/romanian-768x768.png 768w, https:\/\/talkpal.ai\/wp-content\/uploads\/2023\/06\/romanian-300x300.png 300w\" \/>\r\n    \r\n\r\n    <\/figure>\r\n\r\n            <a class=\"getStartedVisible\" href=\"https:\/\/app.talkpal.ai\/signup?lng=\">Tosaigh<\/a>\r\n    \r\n<\/section>\r\n<section class=\"promotionalBanner\">\r\n    <p class=\"promotionalText\">An bealach is \u00e9ifeachta\u00ed le teanga a fhoghlaim<\/p>\r\n    <a class=\"promotionalLink\" href=\"https:\/\/app.talkpal.ai\/signup?lng=\">Bain triail as Talkpal saor in aisce<\/a>\r\n<\/section>\n<div class=\"wp-block-group pageContainerStyle\"><div class=\"wp-block-group__inner-container is-layout-constrained wp-block-group-is-layout-constrained\">\n<h2 class=\"wp-block-heading\" id=\"h-unraveling-the-mysteries-of-romanian-grammar\">R\u00fandiamhair ghramada\u00ed na R\u00f3m\u00e1ine a nochtadh<\/h2>\n\n\n\n<p>Cuireann an R\u00f3m\u00e1inis, an t-aon teanga R\u00f3m\u00e1nsach a labhra\u00edtear in Oirthear na hEorpa, turas teanga uath\u00fail agus suimi\u00fail ar f\u00e1il. Ag trasn\u00fa oidhreacht chult\u00fartha an domhain Laidine agus Slavach araon, t\u00e1 stair sp\u00e9isi\u00fail agus c\u00f3ras gramada\u00ed spreag\u00fail le hini\u00fachadh ag an R\u00f3m\u00e1inis. Mar sin, cib\u00e9 an bhfuil t\u00fa i do dh\u00edograiseoir polaglot n\u00f3 d\u00edreach ag lorg eachtra teanga <a href=\"https:\/\/talkpal.ai\/talkpal-new-years-discount\/\">nua<\/a>, b\u00facla suas agus b\u00ed r\u00e9idh le h\u00e1illeacht ghramada\u00ed na R\u00f3m\u00e1ine a ini\u00fachadh!<\/p>\n\n\n\n<h3 class=\"wp-block-heading\" id=\"h-1-the-alphabet-a-familiar-friend-with-a-twist\">1. An Aib\u00edtir: Cara Eolach le Casadh<\/h3>\n\n\n\n<p>T\u00e1 aib\u00edtir na R\u00f3m\u00e1ine bunaithe ar an script Laidine, comhdh\u00e9anta de 31 litir. Ar \u00e1mhara\u00ed an tsaoil do chainteoir\u00ed <a href=\"https:\/\/talkpal.ai\/learn-english-with-ai\/\">B\u00e9arla<\/a>, t\u00e1 s\u00e9 cos\u00fail go leor leis an aib\u00edtir Bh\u00e9arla, gan ach c\u00fapla carachtar breise chun fuaimeanna sonracha R\u00f3m\u00e1inis a l\u00e9iri\u00fa. Le beag\u00e1n cleachtais, beidh m\u00e1istreacht ar na buneilimint\u00ed (cos\u00fail le d&#8217;ainm a litri\u00fa n\u00f3 comhartha\u00ed sr\u00e1ide a l\u00e9amh) ina ghaoth!<\/p>\n\n\n\n<h3 class=\"wp-block-heading\" id=\"h-2-nouns-meet-cases-the-dynamic-duo\">2. Ainmfhocail Buaileann C\u00e1sanna: An Duo Dinimici\u00fail<\/h3>\n\n\n\n<p>Tagann ainmfhocail na R\u00f3m\u00e1ine i dtr\u00ed inscne (firinscneach, baininscneach, agus neuter), agus athra\u00edonn siad foirm ag brath ar an gc\u00e1s gramada\u00ed (nominative, genitive, dative, accusative, or vocative). C\u00e9 go bhf\u00e9adfadh s\u00e9 seo a bheith scanr\u00fail ar dt\u00fas, tugann an c\u00f3ras seo saibhreas don R\u00f3m\u00e1inis a cheada\u00edonn nuance agus cruthaitheacht in abairt\u00ed a chumadh, rud a fh\u00e1gann go bhfuil do thuras teanga n\u00edos luachmhaire.<\/p>\n\n\n\n<h3 class=\"wp-block-heading\" id=\"h-3-verbs-conjugating-your-way-to-success\">3. Briathra: Conjugating Your Way to Success<\/h3>\n\n\n\n<p>Is pr\u00f3iseas ilghn\u00e9itheach \u00e9 comhchuingi\u00fa briathar na R\u00f3m\u00e1ine, c\u00e9 go bhfuil s\u00e9 beag\u00e1n n\u00edos simpl\u00ed n\u00e1 d\u00edochl\u00fa ainmfhocal. Athra\u00edonn briathra foirm ag brath ar aimsir, gi\u00famar, guth, agus duine agus uimhir an \u00e1bhair. Cos\u00fail le huirlis mh\u00edn-thi\u00fanta, is f\u00e9idir le briathra na R\u00f3m\u00e1ine raon leathan gn\u00edomhartha, moth\u00fach\u00e1n agus intinn a <a href=\"https:\/\/talkpal.ai\/locations\/language-courses-in-chur\/\">chur<\/a> in i\u00fal, rud a cheada\u00edonn l\u00e9iri\u00fa beacht agus fileata araon.<\/p>\n\n\n\n<h3 class=\"wp-block-heading\" id=\"h-4-flexible-word-order-shuffle-the-sentences\">4. Ord\u00fa focal sol\u00fabtha: Shuffle na habairt\u00ed<\/h3>\n\n\n\n<p>T\u00e1 an R\u00f3m\u00e1inis sol\u00fabtha go leor <a href=\"https:\/\/talkpal.ai\/ga\/maidir\/\">maidir<\/a> le hord focal, rud a ligeann duit \u00e1bhair, briathra agus ruda\u00ed a shocr\u00fa ar bheala\u00ed \u00e9ags\u00fala gan cur isteach ar bhr\u00ed. Is f\u00e9idir leis an tsol\u00fabthacht seo b\u00e9im a chur leis, codarsnachta\u00ed a chruth\u00fa, n\u00f3 go simpl\u00ed caint a dh\u00e9anamh n\u00edos tarraingt\u00ed. De r\u00e9ir mar a \u00e9ir\u00edonn t\u00fa n\u00edos l\u00edofa sa R\u00f3m\u00e1inis, beidh spraoi agat triail a bhaint as beala\u00ed \u00e9ags\u00fala chun an rud c\u00e9anna a r\u00e1, agus an ton foirfe a aimsi\u00fa d&#8217;aon ch\u00e1s.<\/p>\n\n\n\n<h3 class=\"wp-block-heading\" id=\"h-5-wading-deeper-language-through-culture\">5. Wading Deeper: Teanga Tr\u00ed Chult\u00far<\/h3>\n\n\n\n<p>Chun meas a bheith agat ar an R\u00f3m\u00e1inis i nd\u00e1ir\u00edre, caithfidh t\u00fa tumadh n\u00edos doimhne sa chult\u00far, sa stair agus sa mheon a mh\u00fanlaigh an teanga. T\u00e9igh i dteagmh\u00e1il le cainteoir\u00ed d\u00fachais, d\u00e9an ini\u00fachadh ar litr\u00edocht na R\u00f3m\u00e1ine, agus tumadh t\u00fa f\u00e9in i n\u00f3sanna agus traidisi\u00fain \u00e1iti\u00fala. Agus \u00e9 sin \u00e1 dh\u00e9anamh, n\u00ed hamh\u00e1in go bhfeabhs\u00f3idh t\u00fa d&#8217;inni\u00falacht teanga ach gheobhaidh t\u00fa amach \u00e1illeacht ilghn\u00e9itheach chult\u00far na R\u00f3m\u00e1ine.<\/p>\n\n\n\n<h3 class=\"wp-block-heading\" id=\"h-in-conclusion-embrace-the-magic-of-romanian-grammar\">Mar fhocal scoir: Glac le dra\u00edocht ghramada\u00ed na R\u00f3m\u00e1ine<\/h3>\n\n\n\n<p>B&#8217;fh\u00e9idir gur enigma \u00e9 <a href=\"https:\/\/talkpal.ai\/grammar\/\">gramadach<\/a> na R\u00f3m\u00e1ine ar dt\u00fas, ach le ham, foighne, agus sp\u00e9is mh\u00f3r sa teanga, d\u00edghlas\u00e1lfaidh t\u00fa r\u00fain an st\u00f3r iontach teanga seo. Mar sin, c\u00e9n f\u00e1th fanacht? Cuir t\u00fas le do thuras teanga R\u00f3m\u00e1inis inniu, agus <a href=\"https:\/\/talkpal.ai\/learn-basque\/\">bask<\/a> in \u00e1illeacht a gramada\u00ed, a chult\u00far, agus an domhan mealltach a oscla\u00edonn s\u00e9 duit.<\/p>\n<\/div><\/div>\n\r\n<section class=\"learnNavigationSection\">\r\n            \r\n        <a href=\"https:\/\/talkpal.ai\/ga\/foghlaim-romainis\/\">\r\n            <div class=\"learnNavigationWrapper\">\r\n                <div class=\"learnNavigationContent\">\r\n                    <img decoding=\"async\" src=\"https:\/\/talkpal.ai\/wp-content\/uploads\/2024\/08\/Romanian.jpg\" alt=\"Romanian Flag\">\r\n                    <div>\r\n                        <h4>Maidir le Foghlaim na R\u00f3m\u00e1ine<\/h4>\r\n                        <p>Faigh amach gach rud faoi ghramadach na R\u00f3m\u00e1ine.<\/p>\r\n                    <\/div>\r\n                <\/div>\r\n            <\/div>\r\n        <\/a>\r\n\r\n        \r\n        <a href=\"https:\/\/talkpal.ai\/ga\/cleachtai-gramadai-na-romaine\/\">\r\n            <div class=\"learnNavigationWrapper\">\r\n                <div class=\"learnNavigationContent\">\r\n                    <img decoding=\"async\" src=\"https:\/\/talkpal.ai\/wp-content\/uploads\/2024\/08\/Romanian.jpg\" alt=\"Romanian Flag\">\r\n                    <div>\r\n                        <h4>Cleachtadh Gramada\u00ed na R\u00f3m\u00e1ine<\/h4>\r\n                        <p>Cleachtadh gramadach na R\u00f3m\u00e1ine.<\/p>\r\n                    <\/div>\r\n                <\/div>\r\n            <\/div>\r\n        <\/a>\r\n\r\n        \r\n        <a href=\"https:\/\/talkpal.ai\/vocabulary_language\/romanian\/\">\r\n            <div class=\"learnNavigationWrapper\">\r\n                <div class=\"learnNavigationContent\">\r\n                    <img decoding=\"async\" src=\"https:\/\/talkpal.ai\/wp-content\/uploads\/2024\/08\/Romanian.jpg\" alt=\"Romanian Flag\">\r\n                    <div>\r\n                        <h4>St\u00f3r Focal na R\u00f3m\u00e1ine<\/h4>\r\n                        <p>Leathnaigh do st\u00f3r focal R\u00f3m\u00e1inis.<\/p>\r\n                    <\/div>\r\n                <\/div>\r\n            <\/div>\r\n        <\/a>\r\n\r\n            <\/section>","protected":false},"excerpt":{"rendered":"<p>R\u00fandiamhair ghramada\u00ed na R\u00f3m\u00e1ine a nochtadh Cuireann an R\u00f3m\u00e1inis, an t-aon teanga R\u00f3m\u00e1nsach a labhra\u00edtear in Oirthear na hEorpa, turas teanga uath\u00fail agus suimi\u00fail ar f\u00e1il. Ag trasn\u00fa oidhreacht chult\u00fartha an domhain Laidine agus Slavach araon, t\u00e1 stair sp\u00e9isi\u00fail agus c\u00f3ras gramada\u00ed spreag\u00fail le hini\u00fachadh ag an R\u00f3m\u00e1inis. Mar sin, cib\u00e9 an bhfuil t\u00fa i [&hellip;]<\/p>\n","protected":false},"author":1,"featured_media":1444136,"parent":0,"menu_order":0,"comment_status":"closed","ping_status":"closed","template":"LearningContentPage.php","meta":{"_acf_changed":false,"footnotes":""},"class_list":["post-1444134","page","type-page","status-publish","has-post-thumbnail","hentry"],"acf":[],"yoast_head":"<!-- This site is optimized with the Yoast SEO Premium plugin v27.2 (Yoast SEO v27.2) - https:\/\/yoast.com\/product\/yoast-seo-premium-wordpress\/ -->\n<title>Gramadach na R\u00f3m\u00e1ine - Talkpal<\/title>\n<meta name=\"description\" content=\"D\u00e9an ini\u00fachadh ar shaol suimi\u00fail gramada\u00ed na R\u00f3m\u00e1ine agus faigh amach na gn\u00e9ithe uath\u00fala den teanga \u00e1lainn R\u00f3m\u00e1nsach seo.\" \/>\n<meta name=\"robots\" content=\"index, follow, max-snippet:-1, max-image-preview:large, max-video-preview:-1\" \/>\n<link rel=\"canonical\" href=\"https:\/\/talkpal.ai\/ga\/gramadach-na-romaine\/\" \/>\n<meta property=\"og:locale\" content=\"ga_IE\" \/>\n<meta property=\"og:type\" content=\"article\" \/>\n<meta property=\"og:title\" content=\"Gramadach na R\u00f3m\u00e1ine\" \/>\n<meta property=\"og:description\" content=\"R\u00fandiamhair ghramada\u00ed na R\u00f3m\u00e1ine a nochtadh Cuireann an R\u00f3m\u00e1inis, an t-aon teanga R\u00f3m\u00e1nsach a labhra\u00edtear in Oirthear na hEorpa, turas teanga uath\u00fail agus\" \/>\n<meta property=\"og:url\" content=\"https:\/\/talkpal.ai\/ga\/gramadach-na-romaine\/\" \/>\n<meta property=\"og:site_name\" content=\"Talkpal\" \/>\n<meta property=\"article:publisher\" content=\"https:\/\/www.facebook.com\/profile.php?id=100090733639311\" \/>\n<meta property=\"article:modified_time\" content=\"2025-12-17T15:35:01+00:00\" \/>\n<meta property=\"og:image\" content=\"https:\/\/talkpal.ai\/wp-content\/uploads\/2023\/05\/romania.png\" \/>\n\t<meta property=\"og:image:width\" content=\"512\" \/>\n\t<meta property=\"og:image:height\" content=\"512\" \/>\n\t<meta property=\"og:image:type\" content=\"image\/png\" \/>\n<meta name=\"twitter:card\" content=\"summary_large_image\" \/>\n<meta name=\"twitter:site\" content=\"@talkpalai\" \/>\n<meta name=\"twitter:label1\" content=\"Est. reading time\" \/>\n\t<meta name=\"twitter:data1\" content=\"3 minutes\" \/>\n<script type=\"application\/ld+json\" class=\"yoast-schema-graph\">{\"@context\":\"https:\/\/schema.org\",\"@graph\":[{\"@type\":\"WebPage\",\"@id\":\"https:\/\/talkpal.ai\/ga\/gramadach-na-romaine\/\",\"url\":\"https:\/\/talkpal.ai\/ga\/gramadach-na-romaine\/\",\"name\":\"Gramadach na R\u00f3m\u00e1ine - Talkpal\",\"isPartOf\":{\"@id\":\"https:\/\/talkpal.ai\/ga\/#website\"},\"primaryImageOfPage\":{\"@id\":\"https:\/\/talkpal.ai\/ga\/gramadach-na-romaine\/#primaryimage\"},\"image\":{\"@id\":\"https:\/\/talkpal.ai\/ga\/gramadach-na-romaine\/#primaryimage\"},\"thumbnailUrl\":\"https:\/\/talkpal.ai\/wp-content\/uploads\/2023\/05\/romania.png\",\"datePublished\":\"2023-05-14T14:19:07+00:00\",\"dateModified\":\"2025-12-17T15:35:01+00:00\",\"description\":\"D\u00e9an ini\u00fachadh ar shaol suimi\u00fail gramada\u00ed na R\u00f3m\u00e1ine agus faigh amach na gn\u00e9ithe uath\u00fala den teanga \u00e1lainn R\u00f3m\u00e1nsach seo.\",\"breadcrumb\":{\"@id\":\"https:\/\/talkpal.ai\/ga\/gramadach-na-romaine\/#breadcrumb\"},\"inLanguage\":\"ga-IE\",\"potentialAction\":[{\"@type\":\"ReadAction\",\"target\":[\"https:\/\/talkpal.ai\/ga\/gramadach-na-romaine\/\"]}]},{\"@type\":\"ImageObject\",\"inLanguage\":\"ga-IE\",\"@id\":\"https:\/\/talkpal.ai\/ga\/gramadach-na-romaine\/#primaryimage\",\"url\":\"https:\/\/talkpal.ai\/wp-content\/uploads\/2023\/05\/romania.png\",\"contentUrl\":\"https:\/\/talkpal.ai\/wp-content\/uploads\/2023\/05\/romania.png\",\"width\":512,\"height\":512,\"caption\":\"TalkPal Romania Flag\"},{\"@type\":\"BreadcrumbList\",\"@id\":\"https:\/\/talkpal.ai\/ga\/gramadach-na-romaine\/#breadcrumb\",\"itemListElement\":[{\"@type\":\"ListItem\",\"position\":1,\"name\":\"Homepage\",\"item\":\"https:\/\/talkpal.ai\/ga\/\"},{\"@type\":\"ListItem\",\"position\":2,\"name\":\"Gramadach na R\u00f3m\u00e1ine\"}]},{\"@type\":\"WebSite\",\"@id\":\"https:\/\/talkpal.ai\/ga\/#website\",\"url\":\"https:\/\/talkpal.ai\/ga\/\",\"name\":\"Talkpal\",\"description\":\"AI Language Learning\",\"publisher\":{\"@id\":\"https:\/\/talkpal.ai\/ga\/#organization\"},\"alternateName\":\"Talkpal AI\",\"potentialAction\":[{\"@type\":\"SearchAction\",\"target\":{\"@type\":\"EntryPoint\",\"urlTemplate\":\"https:\/\/talkpal.ai\/ga\/?s={search_term_string}\"},\"query-input\":{\"@type\":\"PropertyValueSpecification\",\"valueRequired\":true,\"valueName\":\"search_term_string\"}}],\"inLanguage\":\"ga-IE\"},{\"@type\":\"Organization\",\"@id\":\"https:\/\/talkpal.ai\/ga\/#organization\",\"name\":\"Talkpal, Inc.\",\"alternateName\":\"Talkpal AI\",\"url\":\"https:\/\/talkpal.ai\/ga\/\",\"logo\":{\"@type\":\"ImageObject\",\"inLanguage\":\"ga-IE\",\"@id\":\"https:\/\/talkpal.ai\/ga\/#\/schema\/logo\/image\/\",\"url\":\"https:\/\/talkpal.ai\/wp-content\/uploads\/2024\/03\/Talkpal-Logo-Icon.png\",\"contentUrl\":\"https:\/\/talkpal.ai\/wp-content\/uploads\/2024\/03\/Talkpal-Logo-Icon.png\",\"width\":2880,\"height\":2880,\"caption\":\"Talkpal, Inc.\"},\"image\":{\"@id\":\"https:\/\/talkpal.ai\/ga\/#\/schema\/logo\/image\/\"},\"sameAs\":[\"https:\/\/www.facebook.com\/profile.php?id=100090733639311\",\"https:\/\/x.com\/talkpalai\",\"https:\/\/www.linkedin.com\/company\/talkpal\/\",\"https:\/\/www.youtube.com\/@TalkPal\/\",\"https:\/\/www.tiktok.com\/@talkpal\",\"https:\/\/www.instagram.com\/talkpal_ai\/\",\"https:\/\/www.crunchbase.com\/organization\/talkpal-9cde\",\"https:\/\/www.g2.com\/products\/talkpal-for-business\/\",\"https:\/\/www.trustpilot.com\/review\/talkpal.ai\",\"https:\/\/www.capterra.com\/p\/10006800\/TalkPal\/\"],\"description\":\"Talkpal is a language learning web and mobile education app, powered by the latest AI technologies, that provides engaging experiences to its customers in many different languages to help them improve their language skills. Users can chat about unlimited amount of topics with the app and use other modes to practice their language learning.\",\"email\":\"support@talkpal.ai\",\"legalName\":\"Talkpal, Inc.\",\"foundingDate\":\"2023-04-03\",\"duns\":\"118989042\",\"numberOfEmployees\":{\"@type\":\"QuantitativeValue\",\"minValue\":\"11\",\"maxValue\":\"50\"},\"publishingPrinciples\":\"https:\/\/talkpal.ai\/publishing-principles\/\",\"actionableFeedbackPolicy\":\"https:\/\/talkpal.ai\/actionable-feedback-policy\/\",\"correctionsPolicy\":\"https:\/\/talkpal.ai\/corrections-policy\/\",\"ethicsPolicy\":\"https:\/\/talkpal.ai\/ethics-policy\/\",\"diversityPolicy\":\"https:\/\/talkpal.ai\/diversity-policy\/\",\"diversityStaffingReport\":\"https:\/\/talkpal.ai\/diversity-policy\/\"}]}<\/script>\n<!-- \/ Yoast SEO Premium plugin. -->","yoast_head_json":{"title":"Gramadach na R\u00f3m\u00e1ine - Talkpal","description":"D\u00e9an ini\u00fachadh ar shaol suimi\u00fail gramada\u00ed na R\u00f3m\u00e1ine agus faigh amach na gn\u00e9ithe uath\u00fala den teanga \u00e1lainn R\u00f3m\u00e1nsach seo.","robots":{"index":"index","follow":"follow","max-snippet":"max-snippet:-1","max-image-preview":"max-image-preview:large","max-video-preview":"max-video-preview:-1"},"canonical":"https:\/\/talkpal.ai\/ga\/gramadach-na-romaine\/","og_locale":"ga_IE","og_type":"article","og_title":"Gramadach na R\u00f3m\u00e1ine","og_description":"R\u00fandiamhair ghramada\u00ed na R\u00f3m\u00e1ine a nochtadh Cuireann an R\u00f3m\u00e1inis, an t-aon teanga R\u00f3m\u00e1nsach a labhra\u00edtear in Oirthear na hEorpa, turas teanga uath\u00fail agus","og_url":"https:\/\/talkpal.ai\/ga\/gramadach-na-romaine\/","og_site_name":"Talkpal","article_publisher":"https:\/\/www.facebook.com\/profile.php?id=100090733639311","article_modified_time":"2025-12-17T15:35:01+00:00","og_image":[{"width":512,"height":512,"url":"https:\/\/talkpal.ai\/wp-content\/uploads\/2023\/05\/romania.png","type":"image\/png"}],"twitter_card":"summary_large_image","twitter_site":"@talkpalai","twitter_misc":{"Est. reading time":"3 minutes"},"schema":{"@context":"https:\/\/schema.org","@graph":[{"@type":"WebPage","@id":"https:\/\/talkpal.ai\/ga\/gramadach-na-romaine\/","url":"https:\/\/talkpal.ai\/ga\/gramadach-na-romaine\/","name":"Gramadach na R\u00f3m\u00e1ine - Talkpal","isPartOf":{"@id":"https:\/\/talkpal.ai\/ga\/#website"},"primaryImageOfPage":{"@id":"https:\/\/talkpal.ai\/ga\/gramadach-na-romaine\/#primaryimage"},"image":{"@id":"https:\/\/talkpal.ai\/ga\/gramadach-na-romaine\/#primaryimage"},"thumbnailUrl":"https:\/\/talkpal.ai\/wp-content\/uploads\/2023\/05\/romania.png","datePublished":"2023-05-14T14:19:07+00:00","dateModified":"2025-12-17T15:35:01+00:00","description":"D\u00e9an ini\u00fachadh ar shaol suimi\u00fail gramada\u00ed na R\u00f3m\u00e1ine agus faigh amach na gn\u00e9ithe uath\u00fala den teanga \u00e1lainn R\u00f3m\u00e1nsach seo.","breadcrumb":{"@id":"https:\/\/talkpal.ai\/ga\/gramadach-na-romaine\/#breadcrumb"},"inLanguage":"ga-IE","potentialAction":[{"@type":"ReadAction","target":["https:\/\/talkpal.ai\/ga\/gramadach-na-romaine\/"]}]},{"@type":"ImageObject","inLanguage":"ga-IE","@id":"https:\/\/talkpal.ai\/ga\/gramadach-na-romaine\/#primaryimage","url":"https:\/\/talkpal.ai\/wp-content\/uploads\/2023\/05\/romania.png","contentUrl":"https:\/\/talkpal.ai\/wp-content\/uploads\/2023\/05\/romania.png","width":512,"height":512,"caption":"TalkPal Romania Flag"},{"@type":"BreadcrumbList","@id":"https:\/\/talkpal.ai\/ga\/gramadach-na-romaine\/#breadcrumb","itemListElement":[{"@type":"ListItem","position":1,"name":"Homepage","item":"https:\/\/talkpal.ai\/ga\/"},{"@type":"ListItem","position":2,"name":"Gramadach na R\u00f3m\u00e1ine"}]},{"@type":"WebSite","@id":"https:\/\/talkpal.ai\/ga\/#website","url":"https:\/\/talkpal.ai\/ga\/","name":"Talkpal","description":"AI Language Learning","publisher":{"@id":"https:\/\/talkpal.ai\/ga\/#organization"},"alternateName":"Talkpal AI","potentialAction":[{"@type":"SearchAction","target":{"@type":"EntryPoint","urlTemplate":"https:\/\/talkpal.ai\/ga\/?s={search_term_string}"},"query-input":{"@type":"PropertyValueSpecification","valueRequired":true,"valueName":"search_term_string"}}],"inLanguage":"ga-IE"},{"@type":"Organization","@id":"https:\/\/talkpal.ai\/ga\/#organization","name":"Talkpal, Inc.","alternateName":"Talkpal AI","url":"https:\/\/talkpal.ai\/ga\/","logo":{"@type":"ImageObject","inLanguage":"ga-IE","@id":"https:\/\/talkpal.ai\/ga\/#\/schema\/logo\/image\/","url":"https:\/\/talkpal.ai\/wp-content\/uploads\/2024\/03\/Talkpal-Logo-Icon.png","contentUrl":"https:\/\/talkpal.ai\/wp-content\/uploads\/2024\/03\/Talkpal-Logo-Icon.png","width":2880,"height":2880,"caption":"Talkpal, Inc."},"image":{"@id":"https:\/\/talkpal.ai\/ga\/#\/schema\/logo\/image\/"},"sameAs":["https:\/\/www.facebook.com\/profile.php?id=100090733639311","https:\/\/x.com\/talkpalai","https:\/\/www.linkedin.com\/company\/talkpal\/","https:\/\/www.youtube.com\/@TalkPal\/","https:\/\/www.tiktok.com\/@talkpal","https:\/\/www.instagram.com\/talkpal_ai\/","https:\/\/www.crunchbase.com\/organization\/talkpal-9cde","https:\/\/www.g2.com\/products\/talkpal-for-business\/","https:\/\/www.trustpilot.com\/review\/talkpal.ai","https:\/\/www.capterra.com\/p\/10006800\/TalkPal\/"],"description":"Talkpal is a language learning web and mobile education app, powered by the latest AI technologies, that provides engaging experiences to its customers in many different languages to help them improve their language skills. Users can chat about unlimited amount of topics with the app and use other modes to practice their language learning.","email":"support@talkpal.ai","legalName":"Talkpal, Inc.","foundingDate":"2023-04-03","duns":"118989042","numberOfEmployees":{"@type":"QuantitativeValue","minValue":"11","maxValue":"50"},"publishingPrinciples":"https:\/\/talkpal.ai\/publishing-principles\/","actionableFeedbackPolicy":"https:\/\/talkpal.ai\/actionable-feedback-policy\/","correctionsPolicy":"https:\/\/talkpal.ai\/corrections-policy\/","ethicsPolicy":"https:\/\/talkpal.ai\/ethics-policy\/","diversityPolicy":"https:\/\/talkpal.ai\/diversity-policy\/","diversityStaffingReport":"https:\/\/talkpal.ai\/diversity-policy\/"}]}},"_links":{"self":[{"href":"https:\/\/talkpal.ai\/ga\/wp-json\/wp\/v2\/pages\/1444134","targetHints":{"allow":["GET"]}}],"collection":[{"href":"https:\/\/talkpal.ai\/ga\/wp-json\/wp\/v2\/pages"}],"about":[{"href":"https:\/\/talkpal.ai\/ga\/wp-json\/wp\/v2\/types\/page"}],"author":[{"embeddable":true,"href":"https:\/\/talkpal.ai\/ga\/wp-json\/wp\/v2\/users\/1"}],"replies":[{"embeddable":true,"href":"https:\/\/talkpal.ai\/ga\/wp-json\/wp\/v2\/comments?post=1444134"}],"version-history":[{"count":0,"href":"https:\/\/talkpal.ai\/ga\/wp-json\/wp\/v2\/pages\/1444134\/revisions"}],"wp:featuredmedia":[{"embeddable":true,"href":"https:\/\/talkpal.ai\/ga\/wp-json\/wp\/v2\/media\/1444136"}],"wp:attachment":[{"href":"https:\/\/talkpal.ai\/ga\/wp-json\/wp\/v2\/media?parent=1444134"}],"curies":[{"name":"wp","href":"https:\/\/api.w.org\/{rel}","templated":true}]}}