{"id":1444129,"date":"2023-05-14T14:12:25","date_gmt":"2023-05-14T14:12:25","guid":{"rendered":"https:\/\/talkpal.ai\/gramadach-maori\/"},"modified":"2025-12-17T16:44:30","modified_gmt":"2025-12-17T16:44:30","slug":"gramadach-maori","status":"publish","type":"page","link":"https:\/\/talkpal.ai\/ga\/gramadach-maori\/","title":{"rendered":"Gramadach Maori"},"content":{"rendered":"\r\n\r\n\r\n<section class=\"languageChallengeSection\">\r\n    <div class=\"languageInfoWrapper\">\r\n        \r\n        <h1>Gramadach Maori<\/h1>\r\n        <p>Fonn ar M\u0101ori a fhoghlaim? D\u00e9an l\u00e9argas ar ghramadach M\u0101ori, a bhfuil c\u00e1il air mar gheall ar a simpl\u00edocht, \u00fas\u00e1id alt, agus r\u00f3l t\u00e1bhachtach na gc\u00e1ithn\u00edn\u00ed chun br\u00ed a mh\u00fanl\u00fa. Tosaigh inniu &#8211; cabhr\u00f3idh m\u00e1istreacht ar ghramadach M\u0101ori leat ceangal n\u00edos doimhne a dh\u00e9anamh le hoidhreacht shaibhir na teanga agus le cult\u00far br\u00edomhar Aotearoa na Nua-Sh\u00e9alainne!<\/p>\r\n\r\n                            <a class=\"getStartedHidden\" href=\"https:\/\/app.talkpal.ai\/signup?lng=\">Tosaigh<\/a>\r\n        \r\n    <\/div>\r\n\r\n    <figure>\r\n    <img decoding=\"async\" width=\"768\" height=\"768\" src=\"https:\/\/talkpal.ai\/wp-content\/uploads\/2023\/06\/maori-768x768.png\" class=\"languageImage no-lazy\" alt=\"Language learning for social and professional settings\" fetchpriority=\"high\" sizes=\"(max-width: 768px) 150px, 768px\" srcset=\"https:\/\/talkpal.ai\/wp-content\/uploads\/2023\/06\/maori-768x768.png 768w, https:\/\/talkpal.ai\/wp-content\/uploads\/2023\/06\/maori-300x300.png 300w\" \/>\r\n    \r\n\r\n    <\/figure>\r\n\r\n            <a class=\"getStartedVisible\" href=\"https:\/\/app.talkpal.ai\/signup?lng=\">Tosaigh<\/a>\r\n    \r\n<\/section>\r\n<section class=\"promotionalBanner\">\r\n    <p class=\"promotionalText\">An bealach is \u00e9ifeachta\u00ed le teanga a fhoghlaim<\/p>\r\n    <a class=\"promotionalLink\" href=\"https:\/\/app.talkpal.ai\/signup?lng=\">Bain triail as Talkpal saor in aisce<\/a>\r\n<\/section>\n<div class=\"wp-block-group pageContainerStyle\"><div class=\"wp-block-group__inner-container is-layout-constrained wp-block-group-is-layout-constrained\">\n<h2 class=\"wp-block-heading\" id=\"h-maori-grammar-your-ticket-to-a-vibrant-bicultural-world\">Gramadach Maori: Do Thic\u00e9ad chuig Domhan D\u00e9chult\u00fartha Br\u00edomhar<\/h2>\n\n\n\n<p><a href=\"https:\/\/talkpal.ai\/culture\/how-do-you-say-lets-go-in-maori\/\">Kia ora<\/a>! F\u00e1ilte go dt\u00ed saol iontach na teanga <a href=\"https:\/\/talkpal.ai\/learn-maori\/\">Maori<\/a>. Mar theanga dh\u00fachasach na Nua-Sh\u00e9alainne, tugann Maori n\u00f3 te reo Maori deis uath\u00fail duit ceangal a dh\u00e9anamh le cult\u00far \u00e1rsa agus lena phobal br\u00edomhar cainteoir\u00ed. Cos\u00fail le haon teanga, is f\u00e9idir le <a href=\"https:\/\/talkpal.ai\/grammar\/\">gramadach<\/a> Maori a bheith d\u00fashl\u00e1nach, ach n\u00e1 b\u00edodh imn\u00ed ort! D\u00e9anfaidh an treoir seo at\u00e1 cairdi\u00fail do thosaitheoir\u00ed cro\u00ed-chomhph\u00e1irteanna gramada\u00ed Maori a shimpli\u00fa le haghaidh turas tarraingteach agus faisn\u00e9iseach \u00f3 thaobh amhairc de.<\/p>\n\n\n\n<h3 class=\"wp-block-heading\" id=\"h-1-starting-with-the-basics-maori-alphabet-and-pronunciation\">1. Ag tos\u00fa leis na Buneilimint\u00ed: Aib\u00edtir Maori agus fuaimni\u00fa<\/h3>\n\n\n\n<p>\u00das\u00e1ideann Maori script Laidine modhnaithe, nach bhfuil ann ach 15 litir: c\u00faig ghuta (a, e, i, o, agus you) agus deich gconsan (h, k, m, n, p, r, t, w, ng, agus wh). Cuir eolas ar na litreacha seo agus ar a bhfoghra\u00edocht ar <a href=\"https:\/\/talkpal.ai\/locations\/language-courses-in-leith\/\">leith<\/a>, mar leagann siad an bun\u00fas do gach foghlaim gramada\u00ed Maori ina dhiaidh sin.<\/p>\n\n\n\n<h3 class=\"wp-block-heading\" id=\"h-2-exploring-maori-sentence-structure\">2. Strucht\u00far abairt\u00ed Maori a ini\u00fachadh<\/h3>\n\n\n\n<p>Ag a chro\u00edl\u00e1r, leanann <a href=\"https:\/\/talkpal.ai\/grammar\/\">gramadach<\/a> na Maori strucht\u00far simpl\u00ed \u00e1bhar-briathar (-rud), agus an briathar de ghn\u00e1th roimh an \u00e1bhar. Is \u00e9 an bealach is soil\u00e9ire chun an strucht\u00far seo a thuiscint n\u00e1 \u00e9 a fheice\u00e1il i ngn\u00edomh:<\/p>\n\n\n\n<p><strong>B\u00e9arla: T\u00e1 an p\u00e1iste ag s\u00fagradh.<\/strong><\/p>\n\n\n\n<p><strong>Maori: Kei te t\u0101karo te tamaiti.<\/strong><\/p>\n\n\n\n<p>I Maori, l\u00e9ir\u00edtear aimsir an bhriathra tr\u00ed mheasc\u00e1n c\u00e1ithn\u00edn\u00ed n\u00f3 tr\u00ed th\u00e1scaire <a href=\"https:\/\/talkpal.ai\/locations\/language-courses-in-ama\/\">ama<\/a> a chur leis an abairt.<\/p>\n\n\n\n<h3 class=\"wp-block-heading\" id=\"h-3-demystifying-particles-building-blocks-of-maori-grammar\">3. Demystifying Particles: Building Blocks of Maori Grammar<\/h3>\n\n\n\n<p>T\u00e1 r\u00f3l r\u00edth\u00e1bhachtach ag c\u00e1ithn\u00edn\u00ed i ngramadach na Maori, ag nascadh focail agus fr\u00e1sa\u00ed le ch\u00e9ile chun abairt\u00ed comhlean\u00fanacha agus l\u00e9iritheacha a chruth\u00fa. Mar thosaitheoir, d\u00edrigh ar thuiscint a fh\u00e1il ar ch\u00fapla c\u00e1ithn\u00edn riachtanach:<\/p>\n\n\n\n<p><strong>&#8211; Kia: a \u00fas\u00e1idtear le haghaidh orduithe, mianta, agus chun cusp\u00f3ir an ghn\u00edmh a chur in i\u00fal.<\/strong><\/p>\n\n\n\n<p><strong>&#8211; Kei: \u00fas\u00e1idtear chun an aimsir lean\u00fanach a fhoirmi\u00fa.<\/strong><\/p>\n\n\n\n<p><strong>\u2013 Ko: \u00fas\u00e1idtear chun \u00e1bhar abairte a chur in i\u00fal.<\/strong><\/p>\n\n\n\n<h3 class=\"wp-block-heading\" id=\"h-4-getting-to-know-maori-pronouns\">4. Ag cur aithne ar fhorainmneacha Maori<\/h3>\n\n\n\n<p>Cuireann forainmneacha i Maori in ionad ainmfhocail agus cabhra\u00edonn siad le do chomhr\u00e1ite a choinne\u00e1il n\u00e1d\u00fartha agus sreabhach. Mar thosaitheoir, d\u00edrigh ar fhorainmneacha pearsanta agus sealbhacha a thuiscint:<\/p>\n\n\n\n<p>Forainmneacha pearsanta: ahau (I), koe (tusa, uatha), ia (s\u00e9\/s\u00ed), t\u0101ua (muid, lena n-\u00e1ir\u00edtear duine a labhra\u00edtear leis), m\u0101ua (muid, seachas duine a labhra\u00edtear leis), koutou (tusa, iolra), r\u0101tau (siad)<\/p>\n\n\n\n<p>Forainmneacha sealbhacha: taku\/t\u014dku (mo), t\u014du (do, uatha), t\u014dna (a chuid \/ \u00ed), t\u014d t\u0101ua (\u00e1r, lena n-\u00e1ir\u00edtear cainteoir agus \u00e9isteoir ), t\u014d m\u0101ua (\u00e1r gcainteoir agus duine eile), t\u014d koutou (do, iolra), t\u014d r\u0101tau (a gcuid )<\/p>\n\n\n\n<h3 class=\"wp-block-heading\" id=\"h-5-navigating-maori-nouns-and-adjectives\">5. Nasclean\u00faint a dh\u00e9anamh ar ainmfhocail agus aidiachta\u00ed Maori<\/h3>\n\n\n\n<p>Leanann ainmfhocail agus aidiachta\u00ed Maori rialacha gramada\u00ed simpl\u00ed, rud a fh\u00e1gann go bhfuil s\u00e9 \u00e9asca do thosaitheoir\u00ed a thuiscint. Is gn\u00e1ch go leanann aidiachta\u00ed an t-ainmfhocal at\u00e1 \u00e1 chur s\u00edos acu, agus is \u00e9ard at\u00e1 i gceist le hainmfhocail ach c\u00e1ithn\u00edn, &#8220;ng\u0101,&#8221; a chur leis roimh an ainmfhocal. Mar shampla:<\/p>\n\n\n\n<p><strong>Te whare nui \u2013 &#8220;an teach m\u00f3r&#8221;<\/strong><\/p>\n\n\n\n<p><strong>Ng\u0101 tamariki &#8211; &#8220;na p\u00e1ist\u00ed&#8221;<\/strong><\/p>\n\n\n\n<p>T\u00e1 s\u00e9 agat! T\u00e1 na ch\u00e9ad ch\u00e9imeanna glactha agat i dtreo m\u00e1istreacht a dh\u00e9anamh ar ghramadach na Maorach agus do thuras a shaibhri\u00fa leis an teanga agus an cult\u00far Maori. Cuimhnigh go bhfuil cleachtas, buanseasmhacht agus tumoideachas riachtanach chun go n-\u00e9ireoidh leo, mar sin d\u00e9an teagmh\u00e1il le cainteoir\u00ed d\u00fachais, d\u00e9an ini\u00fachadh ar th\u00e9acsanna Maori, agus neartaigh do bhun\u00fas teanga. Kia kaha! (T\u00e9igh go l\u00e1idir!)<\/p>\n<\/div><\/div>\n\r\n<section class=\"learnNavigationSection\">\r\n            \r\n        <a href=\"https:\/\/talkpal.ai\/ga\/foghlaim-maori\/\">\r\n            <div class=\"learnNavigationWrapper\">\r\n                <div class=\"learnNavigationContent\">\r\n                    <img decoding=\"async\" src=\"https:\/\/talkpal.ai\/wp-content\/uploads\/2024\/08\/Maori.jpg\" alt=\"New Zealand Flag\">\r\n                    <div>\r\n                        <h4>Ceachtanna Gramada\u00ed Maori<\/h4>\r\n                        <p>Faigh amach gach rud faoi ghramadach na Maori.<\/p>\r\n                    <\/div>\r\n                <\/div>\r\n            <\/div>\r\n        <\/a>\r\n\r\n        \r\n        <a href=\"https:\/\/talkpal.ai\/ga\/cleachtai-gramadai-na-maorach\/\">\r\n            <div class=\"learnNavigationWrapper\">\r\n                <div class=\"learnNavigationContent\">\r\n                    <img decoding=\"async\" src=\"https:\/\/talkpal.ai\/wp-content\/uploads\/2024\/08\/Maori.jpg\" alt=\"New Zealand Flag\">\r\n                    <div>\r\n                        <h4>Cleachtadh Gramada\u00ed Maori<\/h4>\r\n                        <p>Cleachtadh gramadach Maori.<\/p>\r\n                    <\/div>\r\n                <\/div>\r\n            <\/div>\r\n        <\/a>\r\n\r\n        \r\n        <a href=\"https:\/\/talkpal.ai\/vocabulary_language\/maori\/\">\r\n            <div class=\"learnNavigationWrapper\">\r\n                <div class=\"learnNavigationContent\">\r\n                    <img decoding=\"async\" src=\"https:\/\/talkpal.ai\/wp-content\/uploads\/2024\/08\/Maori.jpg\" alt=\"New Zealand Flag\">\r\n                    <div>\r\n                        <h4>St\u00f3r Focal Maori<\/h4>\r\n                        <p>Leathnaigh do st\u00f3r focal Maori.<\/p>\r\n                    <\/div>\r\n                <\/div>\r\n            <\/div>\r\n        <\/a>\r\n\r\n            <\/section>","protected":false},"excerpt":{"rendered":"<p>Gramadach Maori: Do Thic\u00e9ad chuig Domhan D\u00e9chult\u00fartha Br\u00edomhar Kia ora! F\u00e1ilte go dt\u00ed saol iontach na teanga Maori. Mar theanga dh\u00fachasach na Nua-Sh\u00e9alainne, tugann Maori n\u00f3 te reo Maori deis uath\u00fail duit ceangal a dh\u00e9anamh le cult\u00far \u00e1rsa agus lena phobal br\u00edomhar cainteoir\u00ed. Cos\u00fail le haon teanga, is f\u00e9idir le gramadach Maori a bheith d\u00fashl\u00e1nach, [&hellip;]<\/p>\n","protected":false},"author":1,"featured_media":1444131,"parent":0,"menu_order":0,"comment_status":"closed","ping_status":"closed","template":"LearningContentPage.php","meta":{"_acf_changed":false,"footnotes":""},"class_list":["post-1444129","page","type-page","status-publish","has-post-thumbnail","hentry"],"acf":[],"yoast_head":"<!-- This site is optimized with the Yoast SEO Premium plugin v27.2 (Yoast SEO v27.2) - https:\/\/yoast.com\/product\/yoast-seo-premium-wordpress\/ -->\n<title>Gramadach Maori - Talkpal<\/title>\n<meta name=\"description\" content=\"D\u00e9an ini\u00fachadh ar bhunghn\u00e9ithe gramada\u00ed Maori len\u00e1r dtreoir at\u00e1 cairdi\u00fail do thosaitheoir\u00ed. Faigh amach na 15 litir agus rialacha riachtanacha te reo Maori.\" \/>\n<meta name=\"robots\" content=\"index, follow, max-snippet:-1, max-image-preview:large, max-video-preview:-1\" \/>\n<link rel=\"canonical\" href=\"https:\/\/talkpal.ai\/ga\/gramadach-maori\/\" \/>\n<meta property=\"og:locale\" content=\"ga_IE\" \/>\n<meta property=\"og:type\" content=\"article\" \/>\n<meta property=\"og:title\" content=\"Gramadach Maori\" \/>\n<meta property=\"og:description\" content=\"Gramadach Maori: Do Thic\u00e9ad chuig Domhan D\u00e9chult\u00fartha Br\u00edomhar Kia ora! F\u00e1ilte go dt\u00ed saol iontach na teanga Maori. Mar theanga dh\u00fachasach na\" \/>\n<meta property=\"og:url\" content=\"https:\/\/talkpal.ai\/ga\/gramadach-maori\/\" \/>\n<meta property=\"og:site_name\" content=\"Talkpal\" \/>\n<meta property=\"article:publisher\" content=\"https:\/\/www.facebook.com\/profile.php?id=100090733639311\" \/>\n<meta property=\"article:modified_time\" content=\"2025-12-17T16:44:30+00:00\" \/>\n<meta property=\"og:image\" content=\"https:\/\/talkpal.ai\/wp-content\/uploads\/2023\/05\/Maori-new-zealand.png\" \/>\n\t<meta property=\"og:image:width\" content=\"512\" \/>\n\t<meta property=\"og:image:height\" content=\"512\" \/>\n\t<meta property=\"og:image:type\" content=\"image\/png\" \/>\n<meta name=\"twitter:card\" content=\"summary_large_image\" \/>\n<meta name=\"twitter:site\" content=\"@talkpalai\" \/>\n<meta name=\"twitter:label1\" content=\"Est. reading time\" \/>\n\t<meta name=\"twitter:data1\" content=\"3 minutes\" \/>\n<script type=\"application\/ld+json\" class=\"yoast-schema-graph\">{\"@context\":\"https:\/\/schema.org\",\"@graph\":[{\"@type\":\"WebPage\",\"@id\":\"https:\/\/talkpal.ai\/ga\/gramadach-maori\/\",\"url\":\"https:\/\/talkpal.ai\/ga\/gramadach-maori\/\",\"name\":\"Gramadach Maori - Talkpal\",\"isPartOf\":{\"@id\":\"https:\/\/talkpal.ai\/ga\/#website\"},\"primaryImageOfPage\":{\"@id\":\"https:\/\/talkpal.ai\/ga\/gramadach-maori\/#primaryimage\"},\"image\":{\"@id\":\"https:\/\/talkpal.ai\/ga\/gramadach-maori\/#primaryimage\"},\"thumbnailUrl\":\"https:\/\/talkpal.ai\/wp-content\/uploads\/2023\/05\/Maori-new-zealand.png\",\"datePublished\":\"2023-05-14T14:12:25+00:00\",\"dateModified\":\"2025-12-17T16:44:30+00:00\",\"description\":\"D\u00e9an ini\u00fachadh ar bhunghn\u00e9ithe gramada\u00ed Maori len\u00e1r dtreoir at\u00e1 cairdi\u00fail do thosaitheoir\u00ed. Faigh amach na 15 litir agus rialacha riachtanacha te reo Maori.\",\"breadcrumb\":{\"@id\":\"https:\/\/talkpal.ai\/ga\/gramadach-maori\/#breadcrumb\"},\"inLanguage\":\"ga-IE\",\"potentialAction\":[{\"@type\":\"ReadAction\",\"target\":[\"https:\/\/talkpal.ai\/ga\/gramadach-maori\/\"]}]},{\"@type\":\"ImageObject\",\"inLanguage\":\"ga-IE\",\"@id\":\"https:\/\/talkpal.ai\/ga\/gramadach-maori\/#primaryimage\",\"url\":\"https:\/\/talkpal.ai\/wp-content\/uploads\/2023\/05\/Maori-new-zealand.png\",\"contentUrl\":\"https:\/\/talkpal.ai\/wp-content\/uploads\/2023\/05\/Maori-new-zealand.png\",\"width\":512,\"height\":512,\"caption\":\"TalkPal Maori Flag\"},{\"@type\":\"BreadcrumbList\",\"@id\":\"https:\/\/talkpal.ai\/ga\/gramadach-maori\/#breadcrumb\",\"itemListElement\":[{\"@type\":\"ListItem\",\"position\":1,\"name\":\"Homepage\",\"item\":\"https:\/\/talkpal.ai\/ga\/\"},{\"@type\":\"ListItem\",\"position\":2,\"name\":\"Gramadach Maori\"}]},{\"@type\":\"WebSite\",\"@id\":\"https:\/\/talkpal.ai\/ga\/#website\",\"url\":\"https:\/\/talkpal.ai\/ga\/\",\"name\":\"Talkpal\",\"description\":\"AI Language Learning\",\"publisher\":{\"@id\":\"https:\/\/talkpal.ai\/ga\/#organization\"},\"alternateName\":\"Talkpal AI\",\"potentialAction\":[{\"@type\":\"SearchAction\",\"target\":{\"@type\":\"EntryPoint\",\"urlTemplate\":\"https:\/\/talkpal.ai\/ga\/?s={search_term_string}\"},\"query-input\":{\"@type\":\"PropertyValueSpecification\",\"valueRequired\":true,\"valueName\":\"search_term_string\"}}],\"inLanguage\":\"ga-IE\"},{\"@type\":\"Organization\",\"@id\":\"https:\/\/talkpal.ai\/ga\/#organization\",\"name\":\"Talkpal, Inc.\",\"alternateName\":\"Talkpal AI\",\"url\":\"https:\/\/talkpal.ai\/ga\/\",\"logo\":{\"@type\":\"ImageObject\",\"inLanguage\":\"ga-IE\",\"@id\":\"https:\/\/talkpal.ai\/ga\/#\/schema\/logo\/image\/\",\"url\":\"https:\/\/talkpal.ai\/wp-content\/uploads\/2024\/03\/Talkpal-Logo-Icon.png\",\"contentUrl\":\"https:\/\/talkpal.ai\/wp-content\/uploads\/2024\/03\/Talkpal-Logo-Icon.png\",\"width\":2880,\"height\":2880,\"caption\":\"Talkpal, Inc.\"},\"image\":{\"@id\":\"https:\/\/talkpal.ai\/ga\/#\/schema\/logo\/image\/\"},\"sameAs\":[\"https:\/\/www.facebook.com\/profile.php?id=100090733639311\",\"https:\/\/x.com\/talkpalai\",\"https:\/\/www.linkedin.com\/company\/talkpal\/\",\"https:\/\/www.youtube.com\/@TalkPal\/\",\"https:\/\/www.tiktok.com\/@talkpal\",\"https:\/\/www.instagram.com\/talkpal_ai\/\",\"https:\/\/www.crunchbase.com\/organization\/talkpal-9cde\",\"https:\/\/www.g2.com\/products\/talkpal-for-business\/\",\"https:\/\/www.trustpilot.com\/review\/talkpal.ai\",\"https:\/\/www.capterra.com\/p\/10006800\/TalkPal\/\"],\"description\":\"Talkpal is a language learning web and mobile education app, powered by the latest AI technologies, that provides engaging experiences to its customers in many different languages to help them improve their language skills. Users can chat about unlimited amount of topics with the app and use other modes to practice their language learning.\",\"email\":\"support@talkpal.ai\",\"legalName\":\"Talkpal, Inc.\",\"foundingDate\":\"2023-04-03\",\"duns\":\"118989042\",\"numberOfEmployees\":{\"@type\":\"QuantitativeValue\",\"minValue\":\"11\",\"maxValue\":\"50\"},\"publishingPrinciples\":\"https:\/\/talkpal.ai\/publishing-principles\/\",\"actionableFeedbackPolicy\":\"https:\/\/talkpal.ai\/actionable-feedback-policy\/\",\"correctionsPolicy\":\"https:\/\/talkpal.ai\/corrections-policy\/\",\"ethicsPolicy\":\"https:\/\/talkpal.ai\/ethics-policy\/\",\"diversityPolicy\":\"https:\/\/talkpal.ai\/diversity-policy\/\",\"diversityStaffingReport\":\"https:\/\/talkpal.ai\/diversity-policy\/\"}]}<\/script>\n<!-- \/ Yoast SEO Premium plugin. -->","yoast_head_json":{"title":"Gramadach Maori - Talkpal","description":"D\u00e9an ini\u00fachadh ar bhunghn\u00e9ithe gramada\u00ed Maori len\u00e1r dtreoir at\u00e1 cairdi\u00fail do thosaitheoir\u00ed. Faigh amach na 15 litir agus rialacha riachtanacha te reo Maori.","robots":{"index":"index","follow":"follow","max-snippet":"max-snippet:-1","max-image-preview":"max-image-preview:large","max-video-preview":"max-video-preview:-1"},"canonical":"https:\/\/talkpal.ai\/ga\/gramadach-maori\/","og_locale":"ga_IE","og_type":"article","og_title":"Gramadach Maori","og_description":"Gramadach Maori: Do Thic\u00e9ad chuig Domhan D\u00e9chult\u00fartha Br\u00edomhar Kia ora! F\u00e1ilte go dt\u00ed saol iontach na teanga Maori. Mar theanga dh\u00fachasach na","og_url":"https:\/\/talkpal.ai\/ga\/gramadach-maori\/","og_site_name":"Talkpal","article_publisher":"https:\/\/www.facebook.com\/profile.php?id=100090733639311","article_modified_time":"2025-12-17T16:44:30+00:00","og_image":[{"width":512,"height":512,"url":"https:\/\/talkpal.ai\/wp-content\/uploads\/2023\/05\/Maori-new-zealand.png","type":"image\/png"}],"twitter_card":"summary_large_image","twitter_site":"@talkpalai","twitter_misc":{"Est. reading time":"3 minutes"},"schema":{"@context":"https:\/\/schema.org","@graph":[{"@type":"WebPage","@id":"https:\/\/talkpal.ai\/ga\/gramadach-maori\/","url":"https:\/\/talkpal.ai\/ga\/gramadach-maori\/","name":"Gramadach Maori - Talkpal","isPartOf":{"@id":"https:\/\/talkpal.ai\/ga\/#website"},"primaryImageOfPage":{"@id":"https:\/\/talkpal.ai\/ga\/gramadach-maori\/#primaryimage"},"image":{"@id":"https:\/\/talkpal.ai\/ga\/gramadach-maori\/#primaryimage"},"thumbnailUrl":"https:\/\/talkpal.ai\/wp-content\/uploads\/2023\/05\/Maori-new-zealand.png","datePublished":"2023-05-14T14:12:25+00:00","dateModified":"2025-12-17T16:44:30+00:00","description":"D\u00e9an ini\u00fachadh ar bhunghn\u00e9ithe gramada\u00ed Maori len\u00e1r dtreoir at\u00e1 cairdi\u00fail do thosaitheoir\u00ed. Faigh amach na 15 litir agus rialacha riachtanacha te reo Maori.","breadcrumb":{"@id":"https:\/\/talkpal.ai\/ga\/gramadach-maori\/#breadcrumb"},"inLanguage":"ga-IE","potentialAction":[{"@type":"ReadAction","target":["https:\/\/talkpal.ai\/ga\/gramadach-maori\/"]}]},{"@type":"ImageObject","inLanguage":"ga-IE","@id":"https:\/\/talkpal.ai\/ga\/gramadach-maori\/#primaryimage","url":"https:\/\/talkpal.ai\/wp-content\/uploads\/2023\/05\/Maori-new-zealand.png","contentUrl":"https:\/\/talkpal.ai\/wp-content\/uploads\/2023\/05\/Maori-new-zealand.png","width":512,"height":512,"caption":"TalkPal Maori Flag"},{"@type":"BreadcrumbList","@id":"https:\/\/talkpal.ai\/ga\/gramadach-maori\/#breadcrumb","itemListElement":[{"@type":"ListItem","position":1,"name":"Homepage","item":"https:\/\/talkpal.ai\/ga\/"},{"@type":"ListItem","position":2,"name":"Gramadach Maori"}]},{"@type":"WebSite","@id":"https:\/\/talkpal.ai\/ga\/#website","url":"https:\/\/talkpal.ai\/ga\/","name":"Talkpal","description":"AI Language Learning","publisher":{"@id":"https:\/\/talkpal.ai\/ga\/#organization"},"alternateName":"Talkpal AI","potentialAction":[{"@type":"SearchAction","target":{"@type":"EntryPoint","urlTemplate":"https:\/\/talkpal.ai\/ga\/?s={search_term_string}"},"query-input":{"@type":"PropertyValueSpecification","valueRequired":true,"valueName":"search_term_string"}}],"inLanguage":"ga-IE"},{"@type":"Organization","@id":"https:\/\/talkpal.ai\/ga\/#organization","name":"Talkpal, Inc.","alternateName":"Talkpal AI","url":"https:\/\/talkpal.ai\/ga\/","logo":{"@type":"ImageObject","inLanguage":"ga-IE","@id":"https:\/\/talkpal.ai\/ga\/#\/schema\/logo\/image\/","url":"https:\/\/talkpal.ai\/wp-content\/uploads\/2024\/03\/Talkpal-Logo-Icon.png","contentUrl":"https:\/\/talkpal.ai\/wp-content\/uploads\/2024\/03\/Talkpal-Logo-Icon.png","width":2880,"height":2880,"caption":"Talkpal, Inc."},"image":{"@id":"https:\/\/talkpal.ai\/ga\/#\/schema\/logo\/image\/"},"sameAs":["https:\/\/www.facebook.com\/profile.php?id=100090733639311","https:\/\/x.com\/talkpalai","https:\/\/www.linkedin.com\/company\/talkpal\/","https:\/\/www.youtube.com\/@TalkPal\/","https:\/\/www.tiktok.com\/@talkpal","https:\/\/www.instagram.com\/talkpal_ai\/","https:\/\/www.crunchbase.com\/organization\/talkpal-9cde","https:\/\/www.g2.com\/products\/talkpal-for-business\/","https:\/\/www.trustpilot.com\/review\/talkpal.ai","https:\/\/www.capterra.com\/p\/10006800\/TalkPal\/"],"description":"Talkpal is a language learning web and mobile education app, powered by the latest AI technologies, that provides engaging experiences to its customers in many different languages to help them improve their language skills. Users can chat about unlimited amount of topics with the app and use other modes to practice their language learning.","email":"support@talkpal.ai","legalName":"Talkpal, Inc.","foundingDate":"2023-04-03","duns":"118989042","numberOfEmployees":{"@type":"QuantitativeValue","minValue":"11","maxValue":"50"},"publishingPrinciples":"https:\/\/talkpal.ai\/publishing-principles\/","actionableFeedbackPolicy":"https:\/\/talkpal.ai\/actionable-feedback-policy\/","correctionsPolicy":"https:\/\/talkpal.ai\/corrections-policy\/","ethicsPolicy":"https:\/\/talkpal.ai\/ethics-policy\/","diversityPolicy":"https:\/\/talkpal.ai\/diversity-policy\/","diversityStaffingReport":"https:\/\/talkpal.ai\/diversity-policy\/"}]}},"_links":{"self":[{"href":"https:\/\/talkpal.ai\/ga\/wp-json\/wp\/v2\/pages\/1444129","targetHints":{"allow":["GET"]}}],"collection":[{"href":"https:\/\/talkpal.ai\/ga\/wp-json\/wp\/v2\/pages"}],"about":[{"href":"https:\/\/talkpal.ai\/ga\/wp-json\/wp\/v2\/types\/page"}],"author":[{"embeddable":true,"href":"https:\/\/talkpal.ai\/ga\/wp-json\/wp\/v2\/users\/1"}],"replies":[{"embeddable":true,"href":"https:\/\/talkpal.ai\/ga\/wp-json\/wp\/v2\/comments?post=1444129"}],"version-history":[{"count":0,"href":"https:\/\/talkpal.ai\/ga\/wp-json\/wp\/v2\/pages\/1444129\/revisions"}],"wp:featuredmedia":[{"embeddable":true,"href":"https:\/\/talkpal.ai\/ga\/wp-json\/wp\/v2\/media\/1444131"}],"wp:attachment":[{"href":"https:\/\/talkpal.ai\/ga\/wp-json\/wp\/v2\/media?parent=1444129"}],"curies":[{"name":"wp","href":"https:\/\/api.w.org\/{rel}","templated":true}]}}