{"id":1444128,"date":"2023-05-14T14:18:46","date_gmt":"2023-05-14T14:18:46","guid":{"rendered":"https:\/\/talkpal.ai\/gramadach-na-polainne\/"},"modified":"2025-12-17T17:16:00","modified_gmt":"2025-12-17T17:16:00","slug":"gramadach-na-polainne","status":"publish","type":"page","link":"https:\/\/talkpal.ai\/ga\/gramadach-na-polainne\/","title":{"rendered":"Gramadach na Polainne"},"content":{"rendered":"\r\n\r\n\r\n<section class=\"languageChallengeSection\">\r\n    <div class=\"languageInfoWrapper\">\r\n        \r\n        <h1>Gramadach na Polainne<\/h1>\r\n        <p>T\u00e9igh isteach i saol suimi\u00fail na gramada\u00ed Polainnise agus faigh amach bun\u00fas ceann de na teangacha is m\u00f3 a labhra\u00edtear i L\u00e1r na hEorpa. Tr\u00ed mh\u00e1istir a dh\u00e9anamh ar na rialacha riachtanacha, d\u00e9anfaidh t\u00fa cumars\u00e1id n\u00edos \u00e9ifeachta\u00ed agus gheobhaidh t\u00fa tuiscint n\u00edos doimhne ar chult\u00far na Polainne. Tosaigh ag foghlaim <a href=\"https:\/\/talkpal.ai\/ga\/cleachtai-gramadai-na-hisiltire\/\">gramada\u00ed na<\/a> Polainne inniu agus glac do ch\u00e9ad ch\u00e9im i dtreo l\u00edofacht!<\/p>\r\n\r\n                            <a class=\"getStartedHidden\" href=\"https:\/\/app.talkpal.ai\/signup?lng=\">Tosaigh<\/a>\r\n        \r\n    <\/div>\r\n\r\n    <figure>\r\n    <img decoding=\"async\" width=\"768\" height=\"768\" src=\"https:\/\/talkpal.ai\/wp-content\/uploads\/2023\/06\/polish-768x768.png\" class=\"languageImage no-lazy\" alt=\"Practical tips on language learning techniques\" fetchpriority=\"high\" sizes=\"(max-width: 768px) 150px, 768px\" srcset=\"https:\/\/talkpal.ai\/wp-content\/uploads\/2023\/06\/polish-768x768.png 768w, https:\/\/talkpal.ai\/wp-content\/uploads\/2023\/06\/polish-300x300.png 300w\" \/>\r\n    \r\n\r\n    <\/figure>\r\n\r\n            <a class=\"getStartedVisible\" href=\"https:\/\/app.talkpal.ai\/signup?lng=\">Tosaigh<\/a>\r\n    \r\n<\/section>\r\n<section class=\"promotionalBanner\">\r\n    <p class=\"promotionalText\">An bealach is \u00e9ifeachta\u00ed le teanga a fhoghlaim<\/p>\r\n    <a class=\"promotionalLink\" href=\"https:\/\/app.talkpal.ai\/signup?lng=\">Bain triail as Talkpal saor in aisce<\/a>\r\n<\/section>\n<div class=\"wp-block-group pageContainerStyle\"><div class=\"wp-block-group__inner-container is-layout-constrained wp-block-group-is-layout-constrained\">\n<h2 class=\"wp-block-heading\" id=\"h-breaking-down-the-puzzle-of-polish-grammar\">Briseadh s\u00edos an bhfreagra de ghramada\u00ed na Polainne<\/h2>\n\n\n\n<p>T\u00e1 an Pholainnis, teanga Shlavach, d\u00fashl\u00e1nach agus luachmhar d&#8217;fhoghlaimeoir\u00ed teanga at\u00e1 ag lorg eachtra uath\u00fail teanga. Agus t\u00fa ag tumadh isteach sa Pholainnis, nochtfaidh t\u00fa stair agus cult\u00far suimi\u00fail a chomhl\u00e1na\u00edonn saibhreas na teanga f\u00e9in. C\u00e9 go bhf\u00e9adfadh <a href=\"https:\/\/talkpal.ai\/grammar\/\">gramadach<\/a> na Polainne a bheith intricate, d\u00e9anann s\u00e9 an pr\u00f3iseas foghlama n\u00edos inrochtana. T\u00e1 s\u00e9 mar aidhm ag an alt seo t\u00fa a <a href=\"https:\/\/talkpal.ai\/locations\/language-courses-in-chur\/\">chur<\/a> in aithne do shaol mealltach na gramada\u00ed Polainnise agus treoir a thabhairt <a href=\"https:\/\/talkpal.ai\/ga\/maidir\/\">maidir<\/a> le conas dul i ngleic lena chasta\u00ed.<\/p>\n\n\n\n<h3 class=\"wp-block-heading\" id=\"h-1-noun-gender-and-cases\">1. Ainmfhocal Inscne agus C\u00e1sanna<\/h3>\n\n\n\n<p>T\u00e1 inscne gramada\u00ed ag ainmfhocail na Polainne \u2013 firinscneach, baininscneach, agus neodrach \u2013 a th\u00e9ann i bhfeidhm ar fhoirmeacha aidiacht, forainmneacha agus briathra a ghabhann leo. Ina theannta sin, t\u00e1 seacht gc\u00e1s gramada\u00ed ag an bPolainnis: nominative, genitive, dative, accusative, instrumental, locative, and vocative. T\u00e1 s\u00e9 r\u00edth\u00e1bhachtach dul i dtaith\u00ed ar an gc\u00f3ras inscne agus c\u00e1is chun abairt\u00ed cruinne Polainnise a thuiscint agus a th\u00f3g\u00e1il.<\/p>\n\n\n\n<h3 class=\"wp-block-heading\" id=\"h-2-verb-conjugation-person-tense-and-aspect\">2. Comhchuingi\u00fa Briathar: Duine, Aimsir, agus Gn\u00e9<\/h3>\n\n\n\n<p>Caithfear briathra na Polainne a chomhchuingi\u00fa de r\u00e9ir na haise, an ghn\u00e9 agus an duine (an ch\u00e9ad, an dara n\u00f3 an tr\u00ed\u00fa duine). T\u00e1 tr\u00ed phr\u00edomhaimsir ann: an l\u00e1 at\u00e1 inniu ann, an t-am at\u00e1 caite, agus an todhcha\u00ed. Ina theannta sin, t\u00e1 dh\u00e1 ghn\u00e9 ag briathra na Polainnise: foirfeach (do ghn\u00edomhartha cr\u00edochnaithe) agus neamhfhoirfeachta (do ghn\u00edomhartha lean\u00fanacha n\u00f3 gn\u00e1thdh\u00e9anta). Cuirfidh m\u00e1istreacht ar na rialacha comhchuingithe seo feabhas suntasach ar do scileanna cumars\u00e1ide briathartha i bPolainnis.<\/p>\n\n\n\n<h3 class=\"wp-block-heading\" id=\"h-3-adjectives-agreement-and-placement\">3. Aidiachta\u00ed: Comhaont\u00fa agus Socr\u00fach\u00e1n<\/h3>\n\n\n\n<p>Caithfidh aidiachta\u00ed na Polainne aont\u00fa leis an ainmfhocal a mhodhna\u00edonn siad maidir le hinscne, uimhir, agus c\u00e1s. Is gn\u00e1ch go mb\u00edonn aidiachta\u00ed roimh an ainmfhocal, ag sol\u00e1thar comhth\u00e9acs tuairisci\u00fail riachtanach don abairt.<\/p>\n\n\n\n<p>Sampla\u00ed:<\/p>\n\n\n\n<p>&#8211; Czerwona sukienka (g\u00fana dearg)<\/p>\n\n\n\n<p>\u2013 Pi\u0119kny Ogr\u00f3d (gaird\u00edn \u00e1lainn)<\/p>\n\n\n\n<h3 class=\"wp-block-heading\" id=\"h-4-pronouns-types-and-uses\">4. Forainmneacha: Cine\u00e1lacha agus \u00das\u00e1id\u00ed<\/h3>\n\n\n\n<p>Tagann forainmneacha Polainnise i bhfoirmeacha \u00e9ags\u00fala, lena n-\u00e1ir\u00edtear forainmneacha pearsanta, sealbhacha, machnamhacha, l\u00e9iritheacha agus ceisti\u00fala. M\u00e1 thuigeann t\u00fa conas agus cathain a \u00fas\u00e1idfear na forainmneacha seo, beidh do ghramadach Polainnise n\u00edos cruinne agus feabhs\u00f3idh s\u00e9 do scileanna teanga forioml\u00e1na.<\/p>\n\n\n\n<h3 class=\"wp-block-heading\" id=\"h-5-negation-conveying-the-opposite\">5. S\u00e9anadh: A mhalairt a chur in i\u00fal<\/h3>\n\n\n\n<p>I ngramadach na Polainne, d\u00e9antar s\u00e9anadh tr\u00edd an bhfocal &#8220;nie&#8221; a chur roimh bhriathra, aidiachta\u00ed, aidiachta\u00ed n\u00f3 forainmneacha. Mar sin f\u00e9in, t\u00e1 rialacha sonracha i bhfeidhm chun abairt\u00ed a dhi\u00falt\u00fa le hainmfhocail, rud a d&#8217;fh\u00e9adfadh r\u00e9amhfhocal breise n\u00f3 foirm ainmfhocail difri\u00fail a bheith ag teast\u00e1il uathu. Cuideoidh aitheantas na bpatr\u00fain sh\u00e9an\u00e1la seo leat do bhr\u00ed bheartaithe a chur in i\u00fal go soil\u00e9ir i bPolainnis.<\/p>\n\n\n\n<h3 class=\"wp-block-heading\" id=\"h-6-engage-with-the-language\">6. Dul i ngleic leis an teanga<\/h3>\n\n\n\n<p>Is \u00e9 an bealach is \u00e9ifeachta\u00ed chun gramadach na Polainne a thuiscint agus a inmhe\u00e1n\u00fa n\u00e1 dul i ngleic leis an teanga go rialta. \u00d3 litr\u00edocht na Polainne a l\u00e9amh, f\u00e9achaint ar scann\u00e1in na Polainne, n\u00f3 comhr\u00e1 gn\u00edomhach le cainteoir\u00ed d\u00fachais, treiseoidh t\u00fa t\u00fa f\u00e9in i gcomhth\u00e9acsanna \u00e9ags\u00fala do thuiscint ar ghramadach agus do st\u00f3r focal a leathn\u00fa.<\/p>\n\n\n\n<h3 class=\"wp-block-heading\" id=\"h-conclusion\">Concl\u00faid<\/h3>\n\n\n\n<p>C\u00e9 go bhf\u00e9adfadh gramadach na Polainne a bheith casta ann, cabhr\u00f3idh cleachtadh agus dul i ngleic l\u00e9i c\u00e9im ar ch\u00e9im leat a bheith inni\u00fail sa teanga uath\u00fail seo. Glac leis an d\u00fashl\u00e1n agus t\u00fa ag tos\u00fa ar do thuras Polainnise, agus go luath, gheobhaidh t\u00fa t\u00fa f\u00e9in go muin\u00edneach ag d\u00edch\u00f3d\u00fa castachta\u00ed a ghrama\u00ed. \u00c1dh m\u00f3r le do chuid staid\u00e9ir, agus bain taitneamh as sraitheanna gramada\u00ed na Polainne a ini\u00fachadh!<\/p>\n<\/div><\/div>\n\r\n<section class=\"learnNavigationSection\">\r\n            \r\n        <a href=\"https:\/\/talkpal.ai\/ga\/foghlaim-polainnis\/\">\r\n            <div class=\"learnNavigationWrapper\">\r\n                <div class=\"learnNavigationContent\">\r\n                    <img decoding=\"async\" src=\"https:\/\/talkpal.ai\/wp-content\/uploads\/2024\/08\/Polish.jpg\" alt=\"Polish Flag\">\r\n                    <div>\r\n                        <h4>Maidir le Foghlaim na Polainne<\/h4>\r\n                        <p>Faigh amach gach rud faoi ghramadach na Polainne.<\/p>\r\n                    <\/div>\r\n                <\/div>\r\n            <\/div>\r\n        <\/a>\r\n\r\n        \r\n        <a href=\"https:\/\/talkpal.ai\/ga\/cleachtai-gramadai-na-polainnise\/\">\r\n            <div class=\"learnNavigationWrapper\">\r\n                <div class=\"learnNavigationContent\">\r\n                    <img decoding=\"async\" src=\"https:\/\/talkpal.ai\/wp-content\/uploads\/2024\/08\/Polish.jpg\" alt=\"Polish Flag\">\r\n                    <div>\r\n                        <h4>Cleachtadh Gramada\u00ed na Polainne<\/h4>\r\n                        <p>Cleachtadh gramadach na Polainne.<\/p>\r\n                    <\/div>\r\n                <\/div>\r\n            <\/div>\r\n        <\/a>\r\n\r\n        \r\n        <a href=\"https:\/\/talkpal.ai\/vocabulary_language\/polish\/\">\r\n            <div class=\"learnNavigationWrapper\">\r\n                <div class=\"learnNavigationContent\">\r\n                    <img decoding=\"async\" src=\"https:\/\/talkpal.ai\/wp-content\/uploads\/2024\/08\/Polish.jpg\" alt=\"Polish Flag\">\r\n                    <div>\r\n                        <h4>St\u00f3r focal na Polainne<\/h4>\r\n                        <p>Leathnaigh do st\u00f3r focal Polainnis.<\/p>\r\n                    <\/div>\r\n                <\/div>\r\n            <\/div>\r\n        <\/a>\r\n\r\n            <\/section>","protected":false},"excerpt":{"rendered":"<p>Briseadh s\u00edos an bhfreagra de ghramada\u00ed na Polainne T\u00e1 an Pholainnis, teanga Shlavach, d\u00fashl\u00e1nach agus luachmhar d&#8217;fhoghlaimeoir\u00ed teanga at\u00e1 ag lorg eachtra uath\u00fail teanga. Agus t\u00fa ag tumadh isteach sa Pholainnis, nochtfaidh t\u00fa stair agus cult\u00far suimi\u00fail a chomhl\u00e1na\u00edonn saibhreas na teanga f\u00e9in. C\u00e9 go bhf\u00e9adfadh gramadach na Polainne a bheith intricate, d\u00e9anann s\u00e9 an [&hellip;]<\/p>\n","protected":false},"author":1,"featured_media":1444130,"parent":0,"menu_order":0,"comment_status":"closed","ping_status":"closed","template":"LearningContentPage.php","meta":{"_acf_changed":false,"footnotes":""},"class_list":["post-1444128","page","type-page","status-publish","has-post-thumbnail","hentry"],"acf":[],"yoast_head":"<!-- This site is optimized with the Yoast SEO Premium plugin v27.2 (Yoast SEO v27.2) - https:\/\/yoast.com\/product\/yoast-seo-premium-wordpress\/ -->\n<title>Gramadach na Polainne - Talkpal<\/title>\n<meta name=\"description\" content=\"M\u00e1istir ar ghramadach na Polainne le cleachta\u00ed idirghn\u00edomhacha at\u00e1 deartha do gach leibh\u00e9al foghlama. Treisi\u00fa do scileanna Polainneacha!\" \/>\n<meta name=\"robots\" content=\"index, follow, max-snippet:-1, max-image-preview:large, max-video-preview:-1\" \/>\n<link rel=\"canonical\" href=\"https:\/\/talkpal.ai\/ga\/gramadach-na-polainne\/\" \/>\n<meta property=\"og:locale\" content=\"ga_IE\" \/>\n<meta property=\"og:type\" content=\"article\" \/>\n<meta property=\"og:title\" content=\"Gramadach na Polainne\" \/>\n<meta property=\"og:description\" content=\"Briseadh s\u00edos an bhfreagra de ghramada\u00ed na Polainne T\u00e1 an Pholainnis, teanga Shlavach, d\u00fashl\u00e1nach agus luachmhar d&#039;fhoghlaimeoir\u00ed teanga at\u00e1 ag lorg\" \/>\n<meta property=\"og:url\" content=\"https:\/\/talkpal.ai\/ga\/gramadach-na-polainne\/\" \/>\n<meta property=\"og:site_name\" content=\"Talkpal\" \/>\n<meta property=\"article:publisher\" content=\"https:\/\/www.facebook.com\/profile.php?id=100090733639311\" \/>\n<meta property=\"article:modified_time\" content=\"2025-12-17T17:16:00+00:00\" \/>\n<meta property=\"og:image\" content=\"https:\/\/talkpal.ai\/wp-content\/uploads\/2023\/05\/poland.png\" \/>\n\t<meta property=\"og:image:width\" content=\"512\" \/>\n\t<meta property=\"og:image:height\" content=\"512\" \/>\n\t<meta property=\"og:image:type\" content=\"image\/png\" \/>\n<meta name=\"twitter:card\" content=\"summary_large_image\" \/>\n<meta name=\"twitter:site\" content=\"@talkpalai\" \/>\n<meta name=\"twitter:label1\" content=\"Est. reading time\" \/>\n\t<meta name=\"twitter:data1\" content=\"3 minutes\" \/>\n<script type=\"application\/ld+json\" class=\"yoast-schema-graph\">{\"@context\":\"https:\/\/schema.org\",\"@graph\":[{\"@type\":\"WebPage\",\"@id\":\"https:\/\/talkpal.ai\/ga\/gramadach-na-polainne\/\",\"url\":\"https:\/\/talkpal.ai\/ga\/gramadach-na-polainne\/\",\"name\":\"Gramadach na Polainne - Talkpal\",\"isPartOf\":{\"@id\":\"https:\/\/talkpal.ai\/ga\/#website\"},\"primaryImageOfPage\":{\"@id\":\"https:\/\/talkpal.ai\/ga\/gramadach-na-polainne\/#primaryimage\"},\"image\":{\"@id\":\"https:\/\/talkpal.ai\/ga\/gramadach-na-polainne\/#primaryimage\"},\"thumbnailUrl\":\"https:\/\/talkpal.ai\/wp-content\/uploads\/2023\/05\/poland.png\",\"datePublished\":\"2023-05-14T14:18:46+00:00\",\"dateModified\":\"2025-12-17T17:16:00+00:00\",\"description\":\"M\u00e1istir ar ghramadach na Polainne le cleachta\u00ed idirghn\u00edomhacha at\u00e1 deartha do gach leibh\u00e9al foghlama. Treisi\u00fa do scileanna Polainneacha!\",\"breadcrumb\":{\"@id\":\"https:\/\/talkpal.ai\/ga\/gramadach-na-polainne\/#breadcrumb\"},\"inLanguage\":\"ga-IE\",\"potentialAction\":[{\"@type\":\"ReadAction\",\"target\":[\"https:\/\/talkpal.ai\/ga\/gramadach-na-polainne\/\"]}]},{\"@type\":\"ImageObject\",\"inLanguage\":\"ga-IE\",\"@id\":\"https:\/\/talkpal.ai\/ga\/gramadach-na-polainne\/#primaryimage\",\"url\":\"https:\/\/talkpal.ai\/wp-content\/uploads\/2023\/05\/poland.png\",\"contentUrl\":\"https:\/\/talkpal.ai\/wp-content\/uploads\/2023\/05\/poland.png\",\"width\":512,\"height\":512,\"caption\":\"TalkPal Poland Flag\"},{\"@type\":\"BreadcrumbList\",\"@id\":\"https:\/\/talkpal.ai\/ga\/gramadach-na-polainne\/#breadcrumb\",\"itemListElement\":[{\"@type\":\"ListItem\",\"position\":1,\"name\":\"Homepage\",\"item\":\"https:\/\/talkpal.ai\/ga\/\"},{\"@type\":\"ListItem\",\"position\":2,\"name\":\"Gramadach na Polainne\"}]},{\"@type\":\"WebSite\",\"@id\":\"https:\/\/talkpal.ai\/ga\/#website\",\"url\":\"https:\/\/talkpal.ai\/ga\/\",\"name\":\"Talkpal\",\"description\":\"AI Language Learning\",\"publisher\":{\"@id\":\"https:\/\/talkpal.ai\/ga\/#organization\"},\"alternateName\":\"Talkpal AI\",\"potentialAction\":[{\"@type\":\"SearchAction\",\"target\":{\"@type\":\"EntryPoint\",\"urlTemplate\":\"https:\/\/talkpal.ai\/ga\/?s={search_term_string}\"},\"query-input\":{\"@type\":\"PropertyValueSpecification\",\"valueRequired\":true,\"valueName\":\"search_term_string\"}}],\"inLanguage\":\"ga-IE\"},{\"@type\":\"Organization\",\"@id\":\"https:\/\/talkpal.ai\/ga\/#organization\",\"name\":\"Talkpal, Inc.\",\"alternateName\":\"Talkpal AI\",\"url\":\"https:\/\/talkpal.ai\/ga\/\",\"logo\":{\"@type\":\"ImageObject\",\"inLanguage\":\"ga-IE\",\"@id\":\"https:\/\/talkpal.ai\/ga\/#\/schema\/logo\/image\/\",\"url\":\"https:\/\/talkpal.ai\/wp-content\/uploads\/2024\/03\/Talkpal-Logo-Icon.png\",\"contentUrl\":\"https:\/\/talkpal.ai\/wp-content\/uploads\/2024\/03\/Talkpal-Logo-Icon.png\",\"width\":2880,\"height\":2880,\"caption\":\"Talkpal, Inc.\"},\"image\":{\"@id\":\"https:\/\/talkpal.ai\/ga\/#\/schema\/logo\/image\/\"},\"sameAs\":[\"https:\/\/www.facebook.com\/profile.php?id=100090733639311\",\"https:\/\/x.com\/talkpalai\",\"https:\/\/www.linkedin.com\/company\/talkpal\/\",\"https:\/\/www.youtube.com\/@TalkPal\/\",\"https:\/\/www.tiktok.com\/@talkpal\",\"https:\/\/www.instagram.com\/talkpal_ai\/\",\"https:\/\/www.crunchbase.com\/organization\/talkpal-9cde\",\"https:\/\/www.g2.com\/products\/talkpal-for-business\/\",\"https:\/\/www.trustpilot.com\/review\/talkpal.ai\",\"https:\/\/www.capterra.com\/p\/10006800\/TalkPal\/\"],\"description\":\"Talkpal is a language learning web and mobile education app, powered by the latest AI technologies, that provides engaging experiences to its customers in many different languages to help them improve their language skills. Users can chat about unlimited amount of topics with the app and use other modes to practice their language learning.\",\"email\":\"support@talkpal.ai\",\"legalName\":\"Talkpal, Inc.\",\"foundingDate\":\"2023-04-03\",\"duns\":\"118989042\",\"numberOfEmployees\":{\"@type\":\"QuantitativeValue\",\"minValue\":\"11\",\"maxValue\":\"50\"},\"publishingPrinciples\":\"https:\/\/talkpal.ai\/publishing-principles\/\",\"actionableFeedbackPolicy\":\"https:\/\/talkpal.ai\/actionable-feedback-policy\/\",\"correctionsPolicy\":\"https:\/\/talkpal.ai\/corrections-policy\/\",\"ethicsPolicy\":\"https:\/\/talkpal.ai\/ethics-policy\/\",\"diversityPolicy\":\"https:\/\/talkpal.ai\/diversity-policy\/\",\"diversityStaffingReport\":\"https:\/\/talkpal.ai\/diversity-policy\/\"}]}<\/script>\n<!-- \/ Yoast SEO Premium plugin. -->","yoast_head_json":{"title":"Gramadach na Polainne - Talkpal","description":"M\u00e1istir ar ghramadach na Polainne le cleachta\u00ed idirghn\u00edomhacha at\u00e1 deartha do gach leibh\u00e9al foghlama. Treisi\u00fa do scileanna Polainneacha!","robots":{"index":"index","follow":"follow","max-snippet":"max-snippet:-1","max-image-preview":"max-image-preview:large","max-video-preview":"max-video-preview:-1"},"canonical":"https:\/\/talkpal.ai\/ga\/gramadach-na-polainne\/","og_locale":"ga_IE","og_type":"article","og_title":"Gramadach na Polainne","og_description":"Briseadh s\u00edos an bhfreagra de ghramada\u00ed na Polainne T\u00e1 an Pholainnis, teanga Shlavach, d\u00fashl\u00e1nach agus luachmhar d'fhoghlaimeoir\u00ed teanga at\u00e1 ag lorg","og_url":"https:\/\/talkpal.ai\/ga\/gramadach-na-polainne\/","og_site_name":"Talkpal","article_publisher":"https:\/\/www.facebook.com\/profile.php?id=100090733639311","article_modified_time":"2025-12-17T17:16:00+00:00","og_image":[{"width":512,"height":512,"url":"https:\/\/talkpal.ai\/wp-content\/uploads\/2023\/05\/poland.png","type":"image\/png"}],"twitter_card":"summary_large_image","twitter_site":"@talkpalai","twitter_misc":{"Est. reading time":"3 minutes"},"schema":{"@context":"https:\/\/schema.org","@graph":[{"@type":"WebPage","@id":"https:\/\/talkpal.ai\/ga\/gramadach-na-polainne\/","url":"https:\/\/talkpal.ai\/ga\/gramadach-na-polainne\/","name":"Gramadach na Polainne - Talkpal","isPartOf":{"@id":"https:\/\/talkpal.ai\/ga\/#website"},"primaryImageOfPage":{"@id":"https:\/\/talkpal.ai\/ga\/gramadach-na-polainne\/#primaryimage"},"image":{"@id":"https:\/\/talkpal.ai\/ga\/gramadach-na-polainne\/#primaryimage"},"thumbnailUrl":"https:\/\/talkpal.ai\/wp-content\/uploads\/2023\/05\/poland.png","datePublished":"2023-05-14T14:18:46+00:00","dateModified":"2025-12-17T17:16:00+00:00","description":"M\u00e1istir ar ghramadach na Polainne le cleachta\u00ed idirghn\u00edomhacha at\u00e1 deartha do gach leibh\u00e9al foghlama. Treisi\u00fa do scileanna Polainneacha!","breadcrumb":{"@id":"https:\/\/talkpal.ai\/ga\/gramadach-na-polainne\/#breadcrumb"},"inLanguage":"ga-IE","potentialAction":[{"@type":"ReadAction","target":["https:\/\/talkpal.ai\/ga\/gramadach-na-polainne\/"]}]},{"@type":"ImageObject","inLanguage":"ga-IE","@id":"https:\/\/talkpal.ai\/ga\/gramadach-na-polainne\/#primaryimage","url":"https:\/\/talkpal.ai\/wp-content\/uploads\/2023\/05\/poland.png","contentUrl":"https:\/\/talkpal.ai\/wp-content\/uploads\/2023\/05\/poland.png","width":512,"height":512,"caption":"TalkPal Poland Flag"},{"@type":"BreadcrumbList","@id":"https:\/\/talkpal.ai\/ga\/gramadach-na-polainne\/#breadcrumb","itemListElement":[{"@type":"ListItem","position":1,"name":"Homepage","item":"https:\/\/talkpal.ai\/ga\/"},{"@type":"ListItem","position":2,"name":"Gramadach na Polainne"}]},{"@type":"WebSite","@id":"https:\/\/talkpal.ai\/ga\/#website","url":"https:\/\/talkpal.ai\/ga\/","name":"Talkpal","description":"AI Language Learning","publisher":{"@id":"https:\/\/talkpal.ai\/ga\/#organization"},"alternateName":"Talkpal AI","potentialAction":[{"@type":"SearchAction","target":{"@type":"EntryPoint","urlTemplate":"https:\/\/talkpal.ai\/ga\/?s={search_term_string}"},"query-input":{"@type":"PropertyValueSpecification","valueRequired":true,"valueName":"search_term_string"}}],"inLanguage":"ga-IE"},{"@type":"Organization","@id":"https:\/\/talkpal.ai\/ga\/#organization","name":"Talkpal, Inc.","alternateName":"Talkpal AI","url":"https:\/\/talkpal.ai\/ga\/","logo":{"@type":"ImageObject","inLanguage":"ga-IE","@id":"https:\/\/talkpal.ai\/ga\/#\/schema\/logo\/image\/","url":"https:\/\/talkpal.ai\/wp-content\/uploads\/2024\/03\/Talkpal-Logo-Icon.png","contentUrl":"https:\/\/talkpal.ai\/wp-content\/uploads\/2024\/03\/Talkpal-Logo-Icon.png","width":2880,"height":2880,"caption":"Talkpal, Inc."},"image":{"@id":"https:\/\/talkpal.ai\/ga\/#\/schema\/logo\/image\/"},"sameAs":["https:\/\/www.facebook.com\/profile.php?id=100090733639311","https:\/\/x.com\/talkpalai","https:\/\/www.linkedin.com\/company\/talkpal\/","https:\/\/www.youtube.com\/@TalkPal\/","https:\/\/www.tiktok.com\/@talkpal","https:\/\/www.instagram.com\/talkpal_ai\/","https:\/\/www.crunchbase.com\/organization\/talkpal-9cde","https:\/\/www.g2.com\/products\/talkpal-for-business\/","https:\/\/www.trustpilot.com\/review\/talkpal.ai","https:\/\/www.capterra.com\/p\/10006800\/TalkPal\/"],"description":"Talkpal is a language learning web and mobile education app, powered by the latest AI technologies, that provides engaging experiences to its customers in many different languages to help them improve their language skills. Users can chat about unlimited amount of topics with the app and use other modes to practice their language learning.","email":"support@talkpal.ai","legalName":"Talkpal, Inc.","foundingDate":"2023-04-03","duns":"118989042","numberOfEmployees":{"@type":"QuantitativeValue","minValue":"11","maxValue":"50"},"publishingPrinciples":"https:\/\/talkpal.ai\/publishing-principles\/","actionableFeedbackPolicy":"https:\/\/talkpal.ai\/actionable-feedback-policy\/","correctionsPolicy":"https:\/\/talkpal.ai\/corrections-policy\/","ethicsPolicy":"https:\/\/talkpal.ai\/ethics-policy\/","diversityPolicy":"https:\/\/talkpal.ai\/diversity-policy\/","diversityStaffingReport":"https:\/\/talkpal.ai\/diversity-policy\/"}]}},"_links":{"self":[{"href":"https:\/\/talkpal.ai\/ga\/wp-json\/wp\/v2\/pages\/1444128","targetHints":{"allow":["GET"]}}],"collection":[{"href":"https:\/\/talkpal.ai\/ga\/wp-json\/wp\/v2\/pages"}],"about":[{"href":"https:\/\/talkpal.ai\/ga\/wp-json\/wp\/v2\/types\/page"}],"author":[{"embeddable":true,"href":"https:\/\/talkpal.ai\/ga\/wp-json\/wp\/v2\/users\/1"}],"replies":[{"embeddable":true,"href":"https:\/\/talkpal.ai\/ga\/wp-json\/wp\/v2\/comments?post=1444128"}],"version-history":[{"count":0,"href":"https:\/\/talkpal.ai\/ga\/wp-json\/wp\/v2\/pages\/1444128\/revisions"}],"wp:featuredmedia":[{"embeddable":true,"href":"https:\/\/talkpal.ai\/ga\/wp-json\/wp\/v2\/media\/1444130"}],"wp:attachment":[{"href":"https:\/\/talkpal.ai\/ga\/wp-json\/wp\/v2\/media?parent=1444128"}],"curies":[{"name":"wp","href":"https:\/\/api.w.org\/{rel}","templated":true}]}}