{"id":1444123,"date":"2023-05-14T14:18:22","date_gmt":"2023-05-14T14:18:22","guid":{"rendered":"https:\/\/talkpal.ai\/gramadach-na-peirse\/"},"modified":"2025-12-12T10:36:03","modified_gmt":"2025-12-12T10:36:03","slug":"gramadach-na-peirse","status":"publish","type":"page","link":"https:\/\/talkpal.ai\/ga\/gramadach-na-peirse\/","title":{"rendered":"Gramadach na Peirse"},"content":{"rendered":"\r\n\r\n\r\n<section class=\"languageChallengeSection\">\r\n    <div class=\"languageInfoWrapper\">\r\n        \r\n        <h1>Gramadach na Peirse<\/h1>\r\n        <p>An bhfuil t\u00fa fiosrach faoin bPeirsis? D\u00e9an ini\u00fachadh ar ghramadach <a href=\"https:\/\/talkpal.ai\/learn-persian\/\">Peirsis<\/a>, a bhfuil c\u00e1il air mar gheall ar a simpl\u00edocht &#8211; gan aon inscne ainmfhocail, conjugations briathar d\u00edreacha, agus strucht\u00far abairte sol\u00fabtha a fh\u00e1gann go bhfuil s\u00e9 inrochtana go hathnuachan. Tosaigh ar d&#039;eachtra Peirsis inniu &#8211; d\u00e9anfaidh m\u00e1istreacht a ghramada\u00ed deiseanna nua cumars\u00e1ide a dh\u00edghlas\u00e1il agus t\u00fa a thumadh i bhfil\u00edocht agus i gcult\u00far saibhir na hIar\u00e1ine agus n\u00edos faide i gc\u00e9in!<\/p>\r\n\r\n                            <a class=\"getStartedHidden\" href=\"https:\/\/app.talkpal.ai\/signup?lng=\">Tosaigh<\/a>\r\n        \r\n    <\/div>\r\n\r\n    <figure>\r\n    <img decoding=\"async\" width=\"768\" height=\"768\" src=\"https:\/\/talkpal.ai\/wp-content\/uploads\/2023\/06\/persian-768x768.png\" class=\"languageImage no-lazy\" alt=\"Language learning to comprehend global news\" fetchpriority=\"high\" sizes=\"(max-width: 768px) 150px, 768px\" srcset=\"https:\/\/talkpal.ai\/wp-content\/uploads\/2023\/06\/persian-768x768.png 768w, https:\/\/talkpal.ai\/wp-content\/uploads\/2023\/06\/persian-300x300.png 300w\" \/>\r\n    \r\n\r\n    <\/figure>\r\n\r\n            <a class=\"getStartedVisible\" href=\"https:\/\/app.talkpal.ai\/signup?lng=\">Tosaigh<\/a>\r\n    \r\n<\/section>\r\n<section class=\"promotionalBanner\">\r\n    <p class=\"promotionalText\">An bealach is \u00e9ifeachta\u00ed le teanga a fhoghlaim<\/p>\r\n    <a class=\"promotionalLink\" href=\"https:\/\/app.talkpal.ai\/signup?lng=\">Bain triail as Talkpal saor in aisce<\/a>\r\n<\/section>\n<div class=\"wp-block-group pageContainerStyle\"><div class=\"wp-block-group__inner-container is-layout-constrained wp-block-group-is-layout-constrained\">\n<h2 class=\"wp-block-heading\" id=\"h-mastering-persian-grammar-your-ultimate-guide\">M\u00e1istreacht ar Ghramadach Peirsis: Do Threoir Deiridh<\/h2>\n\n\n\n<p>Salam, <a href=\"https:\/\/talkpal.ai\/talkpal-discount-for-language-enthusiasts\/\">d\u00edograiseoir\u00ed teanga<\/a>! An bhfuil t\u00fa r\u00e9idh le dul ar thuras isteach i saol na gramada\u00ed Peirsis? T\u00e1 t\u00fa tagtha go dt\u00ed an \u00e1it cheart. L\u00edonta le faisn\u00e9is \u00e9asca le tuiscint agus ton comhr\u00e1, treor\u00f3idh an t-alt seo t\u00fa tr\u00ed r\u00e9imse mealltach na gramada\u00ed Peirsis. Go luath, beidh t\u00fa in ann abairt\u00ed a th\u00f3g\u00e1il agus dul i mbun comhr\u00e1ite br\u00edoch le cainteoir\u00ed d\u00fachais. Mar sin, tosa\u00edmid ag d\u00edghlas\u00e1il r\u00fain ghramada\u00ed Peirsis!<\/p>\n\n\n\n<p><strong>Ach ar dt\u00fas, c\u00e9n f\u00e1th gramadach Peirsis?<\/strong><\/p>\n\n\n\n<p>M\u00e1 t\u00e1 t\u00fa ag <a href=\"https:\/\/talkpal.ai\/ga\/foghlaim-peirsis\/\">foghlaim Peirsis<\/a>, t\u00e1 bun\u00fas l\u00e1idir sa ghramadach riachtanach chun labhairt, l\u00e9amh agus scr\u00edbhneoireacht l\u00edofa. C\u00e9 go bhf\u00e9adfadh <a href=\"https:\/\/talkpal.ai\/grammar\/\">gramadach<\/a> na Peirse a bheith casta ar dt\u00fas, \u00e9ir\u00edonn s\u00e9 n\u00edos inrochtana nuair a bhriseann t\u00fa s\u00edos \u00e9 i ndeighleoga n\u00edos l\u00fa, n\u00edos sol\u00e1imhsithe. Mar sin, tosa\u00edmid ar do thuras chun m\u00e1istreacht a dh\u00e9anamh ar ghramadach Peirsis!<\/p>\n\n\n\n<h3 class=\"wp-block-heading\" id=\"h-1-nouns-gender-and-number\">1. Ainmfhocail, inscne, agus uimhir<\/h3>\n\n\n\n<p>I bPeirsis, n\u00edl inscne ag ainmfhocail &#8211; rud a fh\u00e1gann go bhfuil s\u00e9 n\u00edos simpl\u00ed n\u00e1 go leor teangacha eile. Fanann an fhoirm uatha d&#8217;ainmfhocail mar an gc\u00e9anna, c\u00e9 go gcr\u00edochna\u00edonn an fhoirm iolra de ghn\u00e1th le &#8220;-\u0647\u0627&#8221; n\u00f3 &#8220;-\u0627\u0646.&#8221; Mar shampla:<\/p>\n\n\n\n<p>&#8211; \u06a9\u062a\u0627\u0628 (ket\u0101b &#8211; leabhar)<\/p>\n\n\n\n<p>&#8211; \u06a9\u062a\u0627\u0628 \u0647\u0627 (ket\u0101b-h\u0101 &#8211; leabhair)<\/p>\n\n\n\n<h3 class=\"wp-block-heading\" id=\"h-2-adjectives-agreement-and-definite-articles\">2. Aidiachta\u00ed, comhaont\u00fa, agus airteagail chinnte<\/h3>\n\n\n\n<p>Is gn\u00e1ch go leanann aidiachta\u00ed sa Pheirsis an t-ainmfhocal a mhodhna\u00edonn siad agus n\u00ed g\u00e1 d\u00f3ibh aont\u00fa <a href=\"https:\/\/talkpal.ai\/ga\/maidir\/\">maidir<\/a> le hinscne n\u00f3 uimhir. Mar shampla:<\/p>\n\n\n\n<p><strong>&#8211; \u062e\u0627\u0646\u0647 \u0628\u0632\u0631\u06af (kh\u0101ne bozorg \u2013 teach m\u00f3r)<\/strong><\/p>\n\n\n\n<p><strong>&#8211; \u0645\u0646\u0632\u0644 \u06a9\u0648\u0686\u06a9 (manzel kuchak &#8211; teach beag)<\/strong><\/p>\n\n\n\n<p>N\u00edl aon alt cinnte sa Pheirsis, ach cuirtear an t-alt \u00e9iginnte leis mar iarmh\u00edr &#8220;-\u06cc&#8221; (i) d&#8217;fhocail uatha.<\/p>\n\n\n\n<h3 class=\"wp-block-heading\" id=\"h-3-verbs-tense-and-conjugation\">3. Briathra, aimsir, agus comhchuingi\u00fa<\/h3>\n\n\n\n<p>T\u00e1 r\u00f3l r\u00edth\u00e1bhachtach ag briathra Peirsis sa ghramadach agus t\u00e1 siad riachtanach chun abairt\u00ed a th\u00f3g\u00e1il. T\u00e1 fr\u00e9amh ag gach briathar a chomhcheangla\u00edonn le r\u00e9im\u00edreanna agus iarmh\u00edreanna \u00e9ags\u00fala chun aimsir agus aont\u00fa leis an \u00e1bhar a <a href=\"https:\/\/talkpal.ai\/locations\/language-courses-in-chur\/\">chur<\/a> in i\u00fal.<\/p>\n\n\n\n<p>Chun forbhreathn\u00fa gairid a thabhairt duit, d\u00e9anaimis pl\u00e9 ar bhriathra rialta san aimsir l\u00e1ithreach:<\/p>\n\n\n\n<p><strong>\u2013 \u0645\u0646 \u0645\u06cc \u062e\u0648\u0627\u0646\u0645 (fear mikh\u0101nam \u2013 l\u00e9igh m\u00e9)<\/strong><\/p>\n\n\n\n<p><strong>&#8211; \u062a\u0648 \u0645\u06cc \u062e\u0648\u0627\u0646\u06cc (go mikh\u0101ni &#8211; l\u00e9ann t\u00fa, neamhfhoirmi\u00fail)<\/strong><\/p>\n\n\n\n<p><strong>&#8211; \u0627\u0648 \u0645\u06cc \u062e\u0648\u0627\u0646\u062f (u mikh\u0101nad \u2013 l\u00e9ann s\u00e9\/s\u00ed)<\/strong><\/p>\n\n\n\n<p>Cuimhnigh, n\u00edl anseo ach an t\u00fas! Tiocfaidh t\u00fa ar aimsir \u00e9ags\u00fala eile, briathra neamhrialta, agus intricacies agus t\u00fa ag dul n\u00edos doimhne i ngramadach na Peirse.<\/p>\n\n\n\n<h3 class=\"wp-block-heading\" id=\"h-4-pronouns-prepositions-and-more\">4. Forainmneacha, r\u00e9amhfhocail, agus go leor eile!<\/h3>\n\n\n\n<p>Cuims\u00edonn gramadach na Peirse comhph\u00e1irteanna eile ar n\u00f3s forainmneacha (\u0645\u0646, \u062a\u0648, \u0627\u0648, srl.), r\u00e9amhfhocail (\u0628\u0647, \u0627\u0632, \u062f\u0631, srl.), agus nathanna idiomatic. T\u00e1 m\u00e1istreacht ar gach eilimint c\u00e9im ag an am r\u00edth\u00e1bhachtach chun l\u00edofacht chuimsitheach a bhaint amach sa Pheirsis.<\/p>\n\n\n\n<p>Mar fhocal scoir, n\u00edl aon aicearra ann chun m\u00e1istreacht a dh\u00e9anamh ar ghramadach na Peirsis. \u00c9il\u00edonn s\u00e9 buanseasmhacht, cleachtadh agus foighne. Mar sin f\u00e9in, nuair a thuigeann t\u00fa a intricacies, beidh t\u00fa feistithe go maith chun meas a bheith agat ar na nuances a bhaineann le comhr\u00e1 i bPeirsis, cult\u00far agus stair shaibhir na r\u00e9igi\u00fan ina labhra\u00edtear Peirsis a ini\u00fachadh, agus do ghr\u00e1 don teanga a dhoimhni\u00fa. \u0645\u0648\u0641\u0642 \u0628\u0627\u0634\u06cc\u062f (movaffagh b\u0101shid \u2013 \u00e1dh m\u00f3r)!<\/p>\n<\/div><\/div>\n\r\n<section class=\"learnNavigationSection\">\r\n            \r\n        <a href=\"https:\/\/talkpal.ai\/ga\/foghlaim-peirsis\/\">\r\n            <div class=\"learnNavigationWrapper\">\r\n                <div class=\"learnNavigationContent\">\r\n                    <img decoding=\"async\" src=\"https:\/\/talkpal.ai\/wp-content\/uploads\/2024\/08\/Persian.jpg\" alt=\"Persian Flag\">\r\n                    <div>\r\n                        <h4>Maidir le Foghlaim Peirsis<\/h4>\r\n                        <p>Faigh amach gach rud faoi ghramadach na Peirse.<\/p>\r\n                    <\/div>\r\n                <\/div>\r\n            <\/div>\r\n        <\/a>\r\n\r\n        \r\n        <a href=\"https:\/\/talkpal.ai\/ga\/cleachtai-gramadai-peirsis\/\">\r\n            <div class=\"learnNavigationWrapper\">\r\n                <div class=\"learnNavigationContent\">\r\n                    <img decoding=\"async\" src=\"https:\/\/talkpal.ai\/wp-content\/uploads\/2024\/08\/Persian.jpg\" alt=\"Persian Flag\">\r\n                    <div>\r\n                        <h4>Cleachtadh Gramada\u00ed Peirsis<\/h4>\r\n                        <p>Cleachtadh gramadach Peirsis.<\/p>\r\n                    <\/div>\r\n                <\/div>\r\n            <\/div>\r\n        <\/a>\r\n\r\n        \r\n        <a href=\"https:\/\/talkpal.ai\/vocabulary_language\/persian\/\">\r\n            <div class=\"learnNavigationWrapper\">\r\n                <div class=\"learnNavigationContent\">\r\n                    <img decoding=\"async\" src=\"https:\/\/talkpal.ai\/wp-content\/uploads\/2024\/08\/Persian.jpg\" alt=\"Persian Flag\">\r\n                    <div>\r\n                        <h4>St\u00f3r Focal Peirsis<\/h4>\r\n                        <p>Leathnaigh do st\u00f3r focal Peirsis.<\/p>\r\n                    <\/div>\r\n                <\/div>\r\n            <\/div>\r\n        <\/a>\r\n\r\n            <\/section>","protected":false},"excerpt":{"rendered":"<p>M\u00e1istreacht ar Ghramadach Peirsis: Do Threoir Deiridh Salam, d\u00edograiseoir\u00ed teanga! An bhfuil t\u00fa r\u00e9idh le dul ar thuras isteach i saol na gramada\u00ed Peirsis? T\u00e1 t\u00fa tagtha go dt\u00ed an \u00e1it cheart. L\u00edonta le faisn\u00e9is \u00e9asca le tuiscint agus ton comhr\u00e1, treor\u00f3idh an t-alt seo t\u00fa tr\u00ed r\u00e9imse mealltach na gramada\u00ed Peirsis. Go luath, beidh [&hellip;]<\/p>\n","protected":false},"author":1,"featured_media":1444124,"parent":0,"menu_order":0,"comment_status":"closed","ping_status":"closed","template":"LearningContentPage.php","meta":{"_acf_changed":false,"footnotes":""},"class_list":["post-1444123","page","type-page","status-publish","has-post-thumbnail","hentry"],"acf":[],"yoast_head":"<!-- This site is optimized with the Yoast SEO Premium plugin v27.2 (Yoast SEO v27.2) - https:\/\/yoast.com\/product\/yoast-seo-premium-wordpress\/ -->\n<title>Gramadach na Peirse - Talkpal<\/title>\n<meta name=\"description\" content=\"D\u00e9an ini\u00fachadh ar intricacies na Gramada\u00ed Peirsis chun do thuiscint agus l\u00edofacht sa teanga Peirsis a fheabhs\u00fa.\" \/>\n<meta name=\"robots\" content=\"index, follow, max-snippet:-1, max-image-preview:large, max-video-preview:-1\" \/>\n<link rel=\"canonical\" href=\"https:\/\/talkpal.ai\/ga\/gramadach-na-peirse\/\" \/>\n<meta property=\"og:locale\" content=\"ga_IE\" \/>\n<meta property=\"og:type\" content=\"article\" \/>\n<meta property=\"og:title\" content=\"Gramadach na Peirse\" \/>\n<meta property=\"og:description\" content=\"M\u00e1istreacht ar Ghramadach Peirsis: Do Threoir Deiridh Salam, d\u00edograiseoir\u00ed teanga! An bhfuil t\u00fa r\u00e9idh le dul ar thuras isteach i saol na gramada\u00ed Peirsis?\" \/>\n<meta property=\"og:url\" content=\"https:\/\/talkpal.ai\/ga\/gramadach-na-peirse\/\" \/>\n<meta property=\"og:site_name\" content=\"Talkpal\" \/>\n<meta property=\"article:publisher\" content=\"https:\/\/www.facebook.com\/profile.php?id=100090733639311\" \/>\n<meta property=\"article:modified_time\" content=\"2025-12-12T10:36:03+00:00\" \/>\n<meta property=\"og:image\" content=\"https:\/\/talkpal.ai\/wp-content\/uploads\/2023\/05\/Persian-iran.png\" \/>\n\t<meta property=\"og:image:width\" content=\"512\" \/>\n\t<meta property=\"og:image:height\" content=\"512\" \/>\n\t<meta property=\"og:image:type\" content=\"image\/png\" \/>\n<meta name=\"twitter:card\" content=\"summary_large_image\" \/>\n<meta name=\"twitter:site\" content=\"@talkpalai\" \/>\n<meta name=\"twitter:label1\" content=\"Est. reading time\" \/>\n\t<meta name=\"twitter:data1\" content=\"3 minutes\" \/>\n<script type=\"application\/ld+json\" class=\"yoast-schema-graph\">{\"@context\":\"https:\/\/schema.org\",\"@graph\":[{\"@type\":\"WebPage\",\"@id\":\"https:\/\/talkpal.ai\/ga\/gramadach-na-peirse\/\",\"url\":\"https:\/\/talkpal.ai\/ga\/gramadach-na-peirse\/\",\"name\":\"Gramadach na Peirse - Talkpal\",\"isPartOf\":{\"@id\":\"https:\/\/talkpal.ai\/ga\/#website\"},\"primaryImageOfPage\":{\"@id\":\"https:\/\/talkpal.ai\/ga\/gramadach-na-peirse\/#primaryimage\"},\"image\":{\"@id\":\"https:\/\/talkpal.ai\/ga\/gramadach-na-peirse\/#primaryimage\"},\"thumbnailUrl\":\"https:\/\/talkpal.ai\/wp-content\/uploads\/2023\/05\/Persian-iran.png\",\"datePublished\":\"2023-05-14T14:18:22+00:00\",\"dateModified\":\"2025-12-12T10:36:03+00:00\",\"description\":\"D\u00e9an ini\u00fachadh ar intricacies na Gramada\u00ed Peirsis chun do thuiscint agus l\u00edofacht sa teanga Peirsis a fheabhs\u00fa.\",\"breadcrumb\":{\"@id\":\"https:\/\/talkpal.ai\/ga\/gramadach-na-peirse\/#breadcrumb\"},\"inLanguage\":\"ga-IE\",\"potentialAction\":[{\"@type\":\"ReadAction\",\"target\":[\"https:\/\/talkpal.ai\/ga\/gramadach-na-peirse\/\"]}]},{\"@type\":\"ImageObject\",\"inLanguage\":\"ga-IE\",\"@id\":\"https:\/\/talkpal.ai\/ga\/gramadach-na-peirse\/#primaryimage\",\"url\":\"https:\/\/talkpal.ai\/wp-content\/uploads\/2023\/05\/Persian-iran.png\",\"contentUrl\":\"https:\/\/talkpal.ai\/wp-content\/uploads\/2023\/05\/Persian-iran.png\",\"width\":512,\"height\":512,\"caption\":\"TalkPal Persian - Iran Flag\"},{\"@type\":\"BreadcrumbList\",\"@id\":\"https:\/\/talkpal.ai\/ga\/gramadach-na-peirse\/#breadcrumb\",\"itemListElement\":[{\"@type\":\"ListItem\",\"position\":1,\"name\":\"Homepage\",\"item\":\"https:\/\/talkpal.ai\/ga\/\"},{\"@type\":\"ListItem\",\"position\":2,\"name\":\"Gramadach na Peirse\"}]},{\"@type\":\"WebSite\",\"@id\":\"https:\/\/talkpal.ai\/ga\/#website\",\"url\":\"https:\/\/talkpal.ai\/ga\/\",\"name\":\"Talkpal\",\"description\":\"AI Language Learning\",\"publisher\":{\"@id\":\"https:\/\/talkpal.ai\/ga\/#organization\"},\"alternateName\":\"Talkpal AI\",\"potentialAction\":[{\"@type\":\"SearchAction\",\"target\":{\"@type\":\"EntryPoint\",\"urlTemplate\":\"https:\/\/talkpal.ai\/ga\/?s={search_term_string}\"},\"query-input\":{\"@type\":\"PropertyValueSpecification\",\"valueRequired\":true,\"valueName\":\"search_term_string\"}}],\"inLanguage\":\"ga-IE\"},{\"@type\":\"Organization\",\"@id\":\"https:\/\/talkpal.ai\/ga\/#organization\",\"name\":\"Talkpal, Inc.\",\"alternateName\":\"Talkpal AI\",\"url\":\"https:\/\/talkpal.ai\/ga\/\",\"logo\":{\"@type\":\"ImageObject\",\"inLanguage\":\"ga-IE\",\"@id\":\"https:\/\/talkpal.ai\/ga\/#\/schema\/logo\/image\/\",\"url\":\"https:\/\/talkpal.ai\/wp-content\/uploads\/2024\/03\/Talkpal-Logo-Icon.png\",\"contentUrl\":\"https:\/\/talkpal.ai\/wp-content\/uploads\/2024\/03\/Talkpal-Logo-Icon.png\",\"width\":2880,\"height\":2880,\"caption\":\"Talkpal, Inc.\"},\"image\":{\"@id\":\"https:\/\/talkpal.ai\/ga\/#\/schema\/logo\/image\/\"},\"sameAs\":[\"https:\/\/www.facebook.com\/profile.php?id=100090733639311\",\"https:\/\/x.com\/talkpalai\",\"https:\/\/www.linkedin.com\/company\/talkpal\/\",\"https:\/\/www.youtube.com\/@TalkPal\/\",\"https:\/\/www.tiktok.com\/@talkpal\",\"https:\/\/www.instagram.com\/talkpal_ai\/\",\"https:\/\/www.crunchbase.com\/organization\/talkpal-9cde\",\"https:\/\/www.g2.com\/products\/talkpal-for-business\/\",\"https:\/\/www.trustpilot.com\/review\/talkpal.ai\",\"https:\/\/www.capterra.com\/p\/10006800\/TalkPal\/\"],\"description\":\"Talkpal is a language learning web and mobile education app, powered by the latest AI technologies, that provides engaging experiences to its customers in many different languages to help them improve their language skills. Users can chat about unlimited amount of topics with the app and use other modes to practice their language learning.\",\"email\":\"support@talkpal.ai\",\"legalName\":\"Talkpal, Inc.\",\"foundingDate\":\"2023-04-03\",\"duns\":\"118989042\",\"numberOfEmployees\":{\"@type\":\"QuantitativeValue\",\"minValue\":\"11\",\"maxValue\":\"50\"},\"publishingPrinciples\":\"https:\/\/talkpal.ai\/publishing-principles\/\",\"actionableFeedbackPolicy\":\"https:\/\/talkpal.ai\/actionable-feedback-policy\/\",\"correctionsPolicy\":\"https:\/\/talkpal.ai\/corrections-policy\/\",\"ethicsPolicy\":\"https:\/\/talkpal.ai\/ethics-policy\/\",\"diversityPolicy\":\"https:\/\/talkpal.ai\/diversity-policy\/\",\"diversityStaffingReport\":\"https:\/\/talkpal.ai\/diversity-policy\/\"}]}<\/script>\n<!-- \/ Yoast SEO Premium plugin. -->","yoast_head_json":{"title":"Gramadach na Peirse - Talkpal","description":"D\u00e9an ini\u00fachadh ar intricacies na Gramada\u00ed Peirsis chun do thuiscint agus l\u00edofacht sa teanga Peirsis a fheabhs\u00fa.","robots":{"index":"index","follow":"follow","max-snippet":"max-snippet:-1","max-image-preview":"max-image-preview:large","max-video-preview":"max-video-preview:-1"},"canonical":"https:\/\/talkpal.ai\/ga\/gramadach-na-peirse\/","og_locale":"ga_IE","og_type":"article","og_title":"Gramadach na Peirse","og_description":"M\u00e1istreacht ar Ghramadach Peirsis: Do Threoir Deiridh Salam, d\u00edograiseoir\u00ed teanga! An bhfuil t\u00fa r\u00e9idh le dul ar thuras isteach i saol na gramada\u00ed Peirsis?","og_url":"https:\/\/talkpal.ai\/ga\/gramadach-na-peirse\/","og_site_name":"Talkpal","article_publisher":"https:\/\/www.facebook.com\/profile.php?id=100090733639311","article_modified_time":"2025-12-12T10:36:03+00:00","og_image":[{"width":512,"height":512,"url":"https:\/\/talkpal.ai\/wp-content\/uploads\/2023\/05\/Persian-iran.png","type":"image\/png"}],"twitter_card":"summary_large_image","twitter_site":"@talkpalai","twitter_misc":{"Est. reading time":"3 minutes"},"schema":{"@context":"https:\/\/schema.org","@graph":[{"@type":"WebPage","@id":"https:\/\/talkpal.ai\/ga\/gramadach-na-peirse\/","url":"https:\/\/talkpal.ai\/ga\/gramadach-na-peirse\/","name":"Gramadach na Peirse - Talkpal","isPartOf":{"@id":"https:\/\/talkpal.ai\/ga\/#website"},"primaryImageOfPage":{"@id":"https:\/\/talkpal.ai\/ga\/gramadach-na-peirse\/#primaryimage"},"image":{"@id":"https:\/\/talkpal.ai\/ga\/gramadach-na-peirse\/#primaryimage"},"thumbnailUrl":"https:\/\/talkpal.ai\/wp-content\/uploads\/2023\/05\/Persian-iran.png","datePublished":"2023-05-14T14:18:22+00:00","dateModified":"2025-12-12T10:36:03+00:00","description":"D\u00e9an ini\u00fachadh ar intricacies na Gramada\u00ed Peirsis chun do thuiscint agus l\u00edofacht sa teanga Peirsis a fheabhs\u00fa.","breadcrumb":{"@id":"https:\/\/talkpal.ai\/ga\/gramadach-na-peirse\/#breadcrumb"},"inLanguage":"ga-IE","potentialAction":[{"@type":"ReadAction","target":["https:\/\/talkpal.ai\/ga\/gramadach-na-peirse\/"]}]},{"@type":"ImageObject","inLanguage":"ga-IE","@id":"https:\/\/talkpal.ai\/ga\/gramadach-na-peirse\/#primaryimage","url":"https:\/\/talkpal.ai\/wp-content\/uploads\/2023\/05\/Persian-iran.png","contentUrl":"https:\/\/talkpal.ai\/wp-content\/uploads\/2023\/05\/Persian-iran.png","width":512,"height":512,"caption":"TalkPal Persian - Iran Flag"},{"@type":"BreadcrumbList","@id":"https:\/\/talkpal.ai\/ga\/gramadach-na-peirse\/#breadcrumb","itemListElement":[{"@type":"ListItem","position":1,"name":"Homepage","item":"https:\/\/talkpal.ai\/ga\/"},{"@type":"ListItem","position":2,"name":"Gramadach na Peirse"}]},{"@type":"WebSite","@id":"https:\/\/talkpal.ai\/ga\/#website","url":"https:\/\/talkpal.ai\/ga\/","name":"Talkpal","description":"AI Language Learning","publisher":{"@id":"https:\/\/talkpal.ai\/ga\/#organization"},"alternateName":"Talkpal AI","potentialAction":[{"@type":"SearchAction","target":{"@type":"EntryPoint","urlTemplate":"https:\/\/talkpal.ai\/ga\/?s={search_term_string}"},"query-input":{"@type":"PropertyValueSpecification","valueRequired":true,"valueName":"search_term_string"}}],"inLanguage":"ga-IE"},{"@type":"Organization","@id":"https:\/\/talkpal.ai\/ga\/#organization","name":"Talkpal, Inc.","alternateName":"Talkpal AI","url":"https:\/\/talkpal.ai\/ga\/","logo":{"@type":"ImageObject","inLanguage":"ga-IE","@id":"https:\/\/talkpal.ai\/ga\/#\/schema\/logo\/image\/","url":"https:\/\/talkpal.ai\/wp-content\/uploads\/2024\/03\/Talkpal-Logo-Icon.png","contentUrl":"https:\/\/talkpal.ai\/wp-content\/uploads\/2024\/03\/Talkpal-Logo-Icon.png","width":2880,"height":2880,"caption":"Talkpal, Inc."},"image":{"@id":"https:\/\/talkpal.ai\/ga\/#\/schema\/logo\/image\/"},"sameAs":["https:\/\/www.facebook.com\/profile.php?id=100090733639311","https:\/\/x.com\/talkpalai","https:\/\/www.linkedin.com\/company\/talkpal\/","https:\/\/www.youtube.com\/@TalkPal\/","https:\/\/www.tiktok.com\/@talkpal","https:\/\/www.instagram.com\/talkpal_ai\/","https:\/\/www.crunchbase.com\/organization\/talkpal-9cde","https:\/\/www.g2.com\/products\/talkpal-for-business\/","https:\/\/www.trustpilot.com\/review\/talkpal.ai","https:\/\/www.capterra.com\/p\/10006800\/TalkPal\/"],"description":"Talkpal is a language learning web and mobile education app, powered by the latest AI technologies, that provides engaging experiences to its customers in many different languages to help them improve their language skills. Users can chat about unlimited amount of topics with the app and use other modes to practice their language learning.","email":"support@talkpal.ai","legalName":"Talkpal, Inc.","foundingDate":"2023-04-03","duns":"118989042","numberOfEmployees":{"@type":"QuantitativeValue","minValue":"11","maxValue":"50"},"publishingPrinciples":"https:\/\/talkpal.ai\/publishing-principles\/","actionableFeedbackPolicy":"https:\/\/talkpal.ai\/actionable-feedback-policy\/","correctionsPolicy":"https:\/\/talkpal.ai\/corrections-policy\/","ethicsPolicy":"https:\/\/talkpal.ai\/ethics-policy\/","diversityPolicy":"https:\/\/talkpal.ai\/diversity-policy\/","diversityStaffingReport":"https:\/\/talkpal.ai\/diversity-policy\/"}]}},"_links":{"self":[{"href":"https:\/\/talkpal.ai\/ga\/wp-json\/wp\/v2\/pages\/1444123","targetHints":{"allow":["GET"]}}],"collection":[{"href":"https:\/\/talkpal.ai\/ga\/wp-json\/wp\/v2\/pages"}],"about":[{"href":"https:\/\/talkpal.ai\/ga\/wp-json\/wp\/v2\/types\/page"}],"author":[{"embeddable":true,"href":"https:\/\/talkpal.ai\/ga\/wp-json\/wp\/v2\/users\/1"}],"replies":[{"embeddable":true,"href":"https:\/\/talkpal.ai\/ga\/wp-json\/wp\/v2\/comments?post=1444123"}],"version-history":[{"count":0,"href":"https:\/\/talkpal.ai\/ga\/wp-json\/wp\/v2\/pages\/1444123\/revisions"}],"wp:featuredmedia":[{"embeddable":true,"href":"https:\/\/talkpal.ai\/ga\/wp-json\/wp\/v2\/media\/1444124"}],"wp:attachment":[{"href":"https:\/\/talkpal.ai\/ga\/wp-json\/wp\/v2\/media?parent=1444123"}],"curies":[{"name":"wp","href":"https:\/\/api.w.org\/{rel}","templated":true}]}}