{"id":1444117,"date":"2023-05-14T14:13:06","date_gmt":"2023-05-14T14:13:06","guid":{"rendered":"https:\/\/talkpal.ai\/gramadach-na-hiorua\/"},"modified":"2025-12-17T17:36:17","modified_gmt":"2025-12-17T17:36:17","slug":"gramadach-na-hiorua","status":"publish","type":"page","link":"https:\/\/talkpal.ai\/ga\/gramadach-na-hiorua\/","title":{"rendered":"Gramadach na hIorua"},"content":{"rendered":"\r\n\r\n\r\n<section class=\"languageChallengeSection\">\r\n    <div class=\"languageInfoWrapper\">\r\n        \r\n        <h1>Gramadach na hIorua<\/h1>\r\n        <p>Faigh amach buneilimint\u00ed gramada\u00ed na hIorua agus d\u00edghlas\u00e1il an cumas cumars\u00e1id a dh\u00e9anamh go muin\u00edneach i gceann de na teangacha is \u00e1ille i gCr\u00edoch Lochlann. Oscl\u00f3idh tuiscint ar ghramadach na hIorua doirse d&#039;eisp\u00e9iris chult\u00fartha nua agus comhr\u00e1ite br\u00edocha. Tosaigh ag foghlaim gramada\u00ed na hIoruais inniu agus glac do ch\u00e9ad ch\u00e9im i dtreo l\u00edofacht!<\/p>\r\n\r\n                            <a class=\"getStartedHidden\" href=\"https:\/\/app.talkpal.ai\/signup?lng=\">Tosaigh<\/a>\r\n        \r\n    <\/div>\r\n\r\n    <figure>\r\n    <img decoding=\"async\" width=\"768\" height=\"768\" src=\"https:\/\/talkpal.ai\/wp-content\/uploads\/2023\/06\/norwegian-768x768.png\" class=\"languageImage no-lazy\" alt=\"Language learning for extensive vocabulary\" fetchpriority=\"high\" sizes=\"(max-width: 768px) 150px, 768px\" srcset=\"https:\/\/talkpal.ai\/wp-content\/uploads\/2023\/06\/norwegian-768x768.png 768w, https:\/\/talkpal.ai\/wp-content\/uploads\/2023\/06\/norwegian-300x300.png 300w\" \/>\r\n    \r\n\r\n    <\/figure>\r\n\r\n            <a class=\"getStartedVisible\" href=\"https:\/\/app.talkpal.ai\/signup?lng=\">Tosaigh<\/a>\r\n    \r\n<\/section>\r\n<section class=\"promotionalBanner\">\r\n    <p class=\"promotionalText\">An bealach is \u00e9ifeachta\u00ed le teanga a fhoghlaim<\/p>\r\n    <a class=\"promotionalLink\" href=\"https:\/\/app.talkpal.ai\/signup?lng=\">Bain triail as Talkpal saor in aisce<\/a>\r\n<\/section>\n<div class=\"wp-block-group pageContainerStyle\"><div class=\"wp-block-group__inner-container is-layout-constrained wp-block-group-is-layout-constrained\">\n<h2 class=\"wp-block-heading\" id=\"h-dive-into-norwegian-grammar-a-comprehensive-guide\">L\u00e9im isteach i nGramadach na hIorua: Treoir Chuimsitheach<\/h2>\n\n\n\n<p>Tugann an <a href=\"https:\/\/talkpal.ai\/learn-norwegian\/\">Ioruais<\/a>, teanga sp\u00e9isi\u00fail agus l\u00e9iritheach, deis uath\u00fail d&#8217;fhoghlaimeoir\u00ed teangacha oidhreacht shaibhir chult\u00fartha agus stairi\u00fail na hIorua a ini\u00fachadh. Is \u00e9 an dea-sc\u00e9al n\u00e1 go bhfuil roinnt cos\u00falachta\u00ed idir <a href=\"https:\/\/talkpal.ai\/grammar\/\">gramadach<\/a> na hIorua agus an <a href=\"https:\/\/talkpal.ai\/learn-english-with-ai\/\">B\u00e9arla<\/a>, rud a fh\u00e1gann gur teanga inrochtana \u00ed le foghlaim. Treor\u00f3idh an t-alt seo t\u00fa tr\u00ed ghn\u00e9ithe riachtanacha gramadach na hIorua, ag cinnti\u00fa go dt\u00f3gfaidh t\u00fa bun\u00fas l\u00e1idir agus go dtuigeann t\u00fa an teanga le muin\u00edn.<\/p>\n\n\n\n<h3 class=\"wp-block-heading\" id=\"h-1-embracing-norwegian-nouns-and-articles\">1. Ag glacadh le hainmfhocail agus ailt na hIorua<\/h3>\n\n\n\n<p>Ionann ainmfhocail na hIorua, cos\u00fail lena gcomhghleacaithe B\u00e9arla, daoine, \u00e1iteanna, ruda\u00ed n\u00f3 smaointe. D\u00e9antar iad a aicmi\u00fa i dtr\u00ed inscne: firinscneach, baininscneach, agus neuter. T\u00e1 inscne r\u00edth\u00e1bhachtach <a href=\"https:\/\/talkpal.ai\/ga\/maidir\/\">maidir<\/a> le foircinn an ainmfhocail agus na hailt ba ch\u00f3ir a ph\u00e9ire\u00e1il leo a chinneadh.<\/p>\n\n\n\n<p>T\u00e1 dh\u00e1 chine\u00e1l alt san Ioruais: cinnte agus \u00e9iginnte. T\u00e1 ailt chinnte le feice\u00e1il mar iarmh\u00edr ag deireadh ainmfhocail, agus is focail ar <a href=\"https:\/\/talkpal.ai\/locations\/language-courses-in-leith\/\">leith<\/a> iad ailt \u00e9iginnte a thugann roimh ainmfhocail. Caithfidh ailt aont\u00fa le hainmfhocail inscne agus uimhir.<\/p>\n\n\n\n<p><strong>&#8211; Airteagail chinnte: -en (firinscneach), -a (baininscneach), -et (neuter)<\/strong><\/p>\n\n\n\n<p><strong>&#8211; Airteagail \u00e9iginnte: en (firinscneach), ei (baininscneach), et (neuter)<\/strong><\/p>\n\n\n\n<h3 class=\"wp-block-heading\" id=\"h-2-mastering-norwegian-verbs-conjugation-and-tenses\">2. M\u00e1istreacht Briathra na hIorua: Comhchuingi\u00fa agus Aimsir<\/h3>\n\n\n\n<p>T\u00e1 briathra na hIorua r\u00e9as\u00fanta \u00e9asca a fhoghlaim, mar t\u00e1 n\u00edos l\u00fa comhchuingithe acu n\u00e1 go leor teangacha eile. D\u00e9antar briathra a chomhchuingi\u00fa de r\u00e9ir aimsir agus gi\u00famar. T\u00e1 briathra na hIorua roinnte go pr\u00edomha i gceithre ghr\u00fapa, gach ceann acu lena phatr\u00fan comhchuingithe. Mar sin f\u00e9in, is \u00e9 an dea-sc\u00e9al n\u00e1, murab ionann agus go leor teangacha eile, nach n-athra\u00edonn briathra na hIorua a bhfoirm bunaithe ar an \u00e1bhar n\u00f3 ar an uimhir.<\/p>\n\n\n\n<p>T\u00e1 n\u00edos l\u00fa aimsir ag an Ioruais n\u00e1 an B\u00e9arla, gan ach tr\u00ed aimsir: aimsir l\u00e1ithreach, aimsir chaite, agus aimsir foirfe caite. \u00das\u00e1idtear aimsir l\u00e1ithreach chun imeachta\u00ed reatha agus amach anseo a <a href=\"https:\/\/talkpal.ai\/locations\/language-courses-in-chur\/\">chur<\/a> in i\u00fal, agus l\u00e9ir\u00edonn aimsir chaite gn\u00edomhartha cr\u00edochnaithe, agus l\u00e9ir\u00edonn aimsir foirfe caite taith\u00ed n\u00f3 st\u00e1it a tharla roimh phointe \u00e1irithe san am at\u00e1 thart.<\/p>\n\n\n\n<h3 class=\"wp-block-heading\" id=\"h-3-expressing-yourself-with-norwegian-adjectives-and-adverbs\">3. T\u00fa f\u00e9in a chur in i\u00fal le haidiachta\u00ed agus adverbs na hIorua<\/h3>\n\n\n\n<p>Ag baint \u00fas\u00e1ide as aidiachta\u00ed go h\u00e9ifeachtach feabhsa\u00edonn do chumas chun t\u00fa f\u00e9in a chur in i\u00fal i Ioruais. D\u00e9anann aidiachta\u00ed cur s\u00edos ar thr\u00e9ithe n\u00f3 tr\u00e9ithe ainmfhocail agus n\u00ed m\u00f3r d\u00f3ibh aont\u00fa le hainmfhocail inscne agus uimhir. San Ioruais, is gn\u00e1ch go dtagann aidiachta\u00ed roimh an ainmfhocal a thuairisc\u00edonn siad.<\/p>\n\n\n\n<p>Modhna\u00edonn adverbs san Ioruais briathra, aidiachta\u00ed, n\u00f3 aidiachta\u00ed eile. Cuireann siad eolas in i\u00fal faoi conas, cathain, c\u00e1 h\u00e1it, agus c\u00e9 chomh fada is a tharla\u00edonn gn\u00edomh. Murab ionann agus aidiachta\u00ed, fanann aidiachta\u00ed mar an gc\u00e9anna beag beann ar an inscne n\u00f3 ar l\u00edon na n-ainmfhocal at\u00e1 \u00e1 gcur s\u00edos.<\/p>\n\n\n\n<h3 class=\"wp-block-heading\" id=\"h-4-constructing-sentences-with-norwegian-pronouns-and-word-order\">4. Abairt\u00ed a Th\u00f3g\u00e1il le Forainmneacha Ioruais agus Ord Focal<\/h3>\n\n\n\n<p>Ionada\u00edonn forainmneacha na hIorua ainmfhocail agus de ghn\u00e1th aonta\u00edonn siad leis an ainmfhocal a l\u00e9ir\u00edonn siad in inscne, uimhir, agus c\u00e1s. T\u00e1 cine\u00e1lacha \u00e9ags\u00fala forainmneacha san Ioruais, lena n-\u00e1ir\u00edtear forainmneacha pearsanta, sealbhacha, taispe\u00e1nacha, machnamhacha, coibhneasta, agus ceisti\u00fala.<\/p>\n\n\n\n<p>Leanann strucht\u00far abairt\u00ed na hIorua an t-ord \u00e1bhar-briathar-r\u00e9ad (SVO), cos\u00fail leis an mB\u00e9arla. Mar sin f\u00e9in, \u00fas\u00e1ideann s\u00e9 riail Verb-second (V2) ina n-\u00e1it\u00edonn an briathar an dara h\u00e1it i bpr\u00edomhchl\u00e1sail de ghn\u00e1th. T\u00e1 s\u00e9 riachtanach ord focal na hIoruais a thuiscint agus a chleachtadh chun l\u00edofacht sa teanga a bhaint amach.<\/p>\n\n\n\n<h3 class=\"wp-block-heading\" id=\"h-conclusion\">Concl\u00faid<\/h3>\n\n\n\n<p>\u00c9il\u00edonn l\u00edofacht i ngramadach na hIorua d\u00fathracht, cleachtas agus intinn oscailte chun tr\u00e9ithe uath\u00fala na teanga a ini\u00fachadh. Cib\u00e9 an bhfuil suim agat t\u00fa f\u00e9in a thumadh i gcult\u00far na hIorua n\u00f3 fonn ort teanga nua a fhoghlaim, leagann m\u00e1istreacht ar ghramadach na hIorua an bun\u00fas do chumars\u00e1id rath\u00fail. Agus t\u00fa ag dul i ngleic le hainmfhocail, briathra, aidiachta\u00ed agus ord focal na hIorua, cuimhnigh taitneamh a bhaint as an bpr\u00f3iseas agus meas a bheith agat ar na heisp\u00e9iris shaibhir teanga at\u00e1 ag fanacht leat. Lykke til!<\/p>\n<\/div><\/div>\n\r\n<section class=\"learnNavigationSection\">\r\n            \r\n        <a href=\"https:\/\/talkpal.ai\/ga\/foghlaim-ioruais\/\">\r\n            <div class=\"learnNavigationWrapper\">\r\n                <div class=\"learnNavigationContent\">\r\n                    <img decoding=\"async\" src=\"https:\/\/talkpal.ai\/wp-content\/uploads\/2024\/08\/Norwegian.jpg\" alt=\"Norwegian Flag\">\r\n                    <div>\r\n                        <h4>Maidir le Foghlaim na hIorua<\/h4>\r\n                        <p>Faigh amach gach rud faoi ghramadach na hIorua.<\/p>\r\n                    <\/div>\r\n                <\/div>\r\n            <\/div>\r\n        <\/a>\r\n\r\n        \r\n        <a href=\"https:\/\/talkpal.ai\/ga\/cleachtai-gramadai-na-hiorua\/\">\r\n            <div class=\"learnNavigationWrapper\">\r\n                <div class=\"learnNavigationContent\">\r\n                    <img decoding=\"async\" src=\"https:\/\/talkpal.ai\/wp-content\/uploads\/2024\/08\/Norwegian.jpg\" alt=\"Norwegian Flag\">\r\n                    <div>\r\n                        <h4>Cleachtadh Gramada\u00ed na hIorua<\/h4>\r\n                        <p>Cleachtadh gramadach na hIoruaise.<\/p>\r\n                    <\/div>\r\n                <\/div>\r\n            <\/div>\r\n        <\/a>\r\n\r\n        \r\n        <a href=\"https:\/\/talkpal.ai\/vocabulary_language\/norwegian\/\">\r\n            <div class=\"learnNavigationWrapper\">\r\n                <div class=\"learnNavigationContent\">\r\n                    <img decoding=\"async\" src=\"https:\/\/talkpal.ai\/wp-content\/uploads\/2024\/08\/Norwegian.jpg\" alt=\"Norwegian Flag\">\r\n                    <div>\r\n                        <h4>St\u00f3r Focal na hIorua<\/h4>\r\n                        <p>Leathnaigh do st\u00f3r focal Ioruais.<\/p>\r\n                    <\/div>\r\n                <\/div>\r\n            <\/div>\r\n        <\/a>\r\n\r\n            <\/section>","protected":false},"excerpt":{"rendered":"<p>L\u00e9im isteach i nGramadach na hIorua: Treoir Chuimsitheach Tugann an Ioruais, teanga sp\u00e9isi\u00fail agus l\u00e9iritheach, deis uath\u00fail d&#8217;fhoghlaimeoir\u00ed teangacha oidhreacht shaibhir chult\u00fartha agus stairi\u00fail na hIorua a ini\u00fachadh. Is \u00e9 an dea-sc\u00e9al n\u00e1 go bhfuil roinnt cos\u00falachta\u00ed idir gramadach na hIorua agus an B\u00e9arla, rud a fh\u00e1gann gur teanga inrochtana \u00ed le foghlaim. Treor\u00f3idh an [&hellip;]<\/p>\n","protected":false},"author":1,"featured_media":1444118,"parent":0,"menu_order":0,"comment_status":"closed","ping_status":"closed","template":"LearningContentPage.php","meta":{"_acf_changed":false,"footnotes":""},"class_list":["post-1444117","page","type-page","status-publish","has-post-thumbnail","hentry"],"acf":[],"yoast_head":"<!-- This site is optimized with the Yoast SEO Premium plugin v27.2 (Yoast SEO v27.2) - https:\/\/yoast.com\/product\/yoast-seo-premium-wordpress\/ -->\n<title>Gramadach na hIorua - Talkpal<\/title>\n<meta name=\"description\" content=\"D\u00e9an ini\u00fachadh ar intricacies ghramada\u00ed na hIorua agus ardaigh do scileanna teanga go dt\u00ed an ch\u00e9ad leibh\u00e9al eile.\" \/>\n<meta name=\"robots\" content=\"index, follow, max-snippet:-1, max-image-preview:large, max-video-preview:-1\" \/>\n<link rel=\"canonical\" href=\"https:\/\/talkpal.ai\/ga\/gramadach-na-hiorua\/\" \/>\n<meta property=\"og:locale\" content=\"ga_IE\" \/>\n<meta property=\"og:type\" content=\"article\" \/>\n<meta property=\"og:title\" content=\"Gramadach na hIorua\" \/>\n<meta property=\"og:description\" content=\"L\u00e9im isteach i nGramadach na hIorua: Treoir Chuimsitheach Tugann an Ioruais, teanga sp\u00e9isi\u00fail agus l\u00e9iritheach, deis uath\u00fail d&#039;fhoghlaimeoir\u00ed teangacha\" \/>\n<meta property=\"og:url\" content=\"https:\/\/talkpal.ai\/ga\/gramadach-na-hiorua\/\" \/>\n<meta property=\"og:site_name\" content=\"Talkpal\" \/>\n<meta property=\"article:publisher\" content=\"https:\/\/www.facebook.com\/profile.php?id=100090733639311\" \/>\n<meta property=\"article:modified_time\" content=\"2025-12-17T17:36:17+00:00\" \/>\n<meta property=\"og:image\" content=\"https:\/\/talkpal.ai\/wp-content\/uploads\/2023\/05\/norway.png\" \/>\n\t<meta property=\"og:image:width\" content=\"512\" \/>\n\t<meta property=\"og:image:height\" content=\"512\" \/>\n\t<meta property=\"og:image:type\" content=\"image\/png\" \/>\n<meta name=\"twitter:card\" content=\"summary_large_image\" \/>\n<meta name=\"twitter:site\" content=\"@talkpalai\" \/>\n<meta name=\"twitter:label1\" content=\"Est. reading time\" \/>\n\t<meta name=\"twitter:data1\" content=\"4 minutes\" \/>\n<script type=\"application\/ld+json\" class=\"yoast-schema-graph\">{\"@context\":\"https:\/\/schema.org\",\"@graph\":[{\"@type\":\"WebPage\",\"@id\":\"https:\/\/talkpal.ai\/ga\/gramadach-na-hiorua\/\",\"url\":\"https:\/\/talkpal.ai\/ga\/gramadach-na-hiorua\/\",\"name\":\"Gramadach na hIorua - Talkpal\",\"isPartOf\":{\"@id\":\"https:\/\/talkpal.ai\/ga\/#website\"},\"primaryImageOfPage\":{\"@id\":\"https:\/\/talkpal.ai\/ga\/gramadach-na-hiorua\/#primaryimage\"},\"image\":{\"@id\":\"https:\/\/talkpal.ai\/ga\/gramadach-na-hiorua\/#primaryimage\"},\"thumbnailUrl\":\"https:\/\/talkpal.ai\/wp-content\/uploads\/2023\/05\/norway.png\",\"datePublished\":\"2023-05-14T14:13:06+00:00\",\"dateModified\":\"2025-12-17T17:36:17+00:00\",\"description\":\"D\u00e9an ini\u00fachadh ar intricacies ghramada\u00ed na hIorua agus ardaigh do scileanna teanga go dt\u00ed an ch\u00e9ad leibh\u00e9al eile.\",\"breadcrumb\":{\"@id\":\"https:\/\/talkpal.ai\/ga\/gramadach-na-hiorua\/#breadcrumb\"},\"inLanguage\":\"ga-IE\",\"potentialAction\":[{\"@type\":\"ReadAction\",\"target\":[\"https:\/\/talkpal.ai\/ga\/gramadach-na-hiorua\/\"]}]},{\"@type\":\"ImageObject\",\"inLanguage\":\"ga-IE\",\"@id\":\"https:\/\/talkpal.ai\/ga\/gramadach-na-hiorua\/#primaryimage\",\"url\":\"https:\/\/talkpal.ai\/wp-content\/uploads\/2023\/05\/norway.png\",\"contentUrl\":\"https:\/\/talkpal.ai\/wp-content\/uploads\/2023\/05\/norway.png\",\"width\":512,\"height\":512,\"caption\":\"TalkPal Norway\u00a0 Flag\"},{\"@type\":\"BreadcrumbList\",\"@id\":\"https:\/\/talkpal.ai\/ga\/gramadach-na-hiorua\/#breadcrumb\",\"itemListElement\":[{\"@type\":\"ListItem\",\"position\":1,\"name\":\"Homepage\",\"item\":\"https:\/\/talkpal.ai\/ga\/\"},{\"@type\":\"ListItem\",\"position\":2,\"name\":\"Gramadach na hIorua\"}]},{\"@type\":\"WebSite\",\"@id\":\"https:\/\/talkpal.ai\/ga\/#website\",\"url\":\"https:\/\/talkpal.ai\/ga\/\",\"name\":\"Talkpal\",\"description\":\"AI Language Learning\",\"publisher\":{\"@id\":\"https:\/\/talkpal.ai\/ga\/#organization\"},\"alternateName\":\"Talkpal AI\",\"potentialAction\":[{\"@type\":\"SearchAction\",\"target\":{\"@type\":\"EntryPoint\",\"urlTemplate\":\"https:\/\/talkpal.ai\/ga\/?s={search_term_string}\"},\"query-input\":{\"@type\":\"PropertyValueSpecification\",\"valueRequired\":true,\"valueName\":\"search_term_string\"}}],\"inLanguage\":\"ga-IE\"},{\"@type\":\"Organization\",\"@id\":\"https:\/\/talkpal.ai\/ga\/#organization\",\"name\":\"Talkpal, Inc.\",\"alternateName\":\"Talkpal AI\",\"url\":\"https:\/\/talkpal.ai\/ga\/\",\"logo\":{\"@type\":\"ImageObject\",\"inLanguage\":\"ga-IE\",\"@id\":\"https:\/\/talkpal.ai\/ga\/#\/schema\/logo\/image\/\",\"url\":\"https:\/\/talkpal.ai\/wp-content\/uploads\/2024\/03\/Talkpal-Logo-Icon.png\",\"contentUrl\":\"https:\/\/talkpal.ai\/wp-content\/uploads\/2024\/03\/Talkpal-Logo-Icon.png\",\"width\":2880,\"height\":2880,\"caption\":\"Talkpal, Inc.\"},\"image\":{\"@id\":\"https:\/\/talkpal.ai\/ga\/#\/schema\/logo\/image\/\"},\"sameAs\":[\"https:\/\/www.facebook.com\/profile.php?id=100090733639311\",\"https:\/\/x.com\/talkpalai\",\"https:\/\/www.linkedin.com\/company\/talkpal\/\",\"https:\/\/www.youtube.com\/@TalkPal\/\",\"https:\/\/www.tiktok.com\/@talkpal\",\"https:\/\/www.instagram.com\/talkpal_ai\/\",\"https:\/\/www.crunchbase.com\/organization\/talkpal-9cde\",\"https:\/\/www.g2.com\/products\/talkpal-for-business\/\",\"https:\/\/www.trustpilot.com\/review\/talkpal.ai\",\"https:\/\/www.capterra.com\/p\/10006800\/TalkPal\/\"],\"description\":\"Talkpal is a language learning web and mobile education app, powered by the latest AI technologies, that provides engaging experiences to its customers in many different languages to help them improve their language skills. Users can chat about unlimited amount of topics with the app and use other modes to practice their language learning.\",\"email\":\"support@talkpal.ai\",\"legalName\":\"Talkpal, Inc.\",\"foundingDate\":\"2023-04-03\",\"duns\":\"118989042\",\"numberOfEmployees\":{\"@type\":\"QuantitativeValue\",\"minValue\":\"11\",\"maxValue\":\"50\"},\"publishingPrinciples\":\"https:\/\/talkpal.ai\/publishing-principles\/\",\"actionableFeedbackPolicy\":\"https:\/\/talkpal.ai\/actionable-feedback-policy\/\",\"correctionsPolicy\":\"https:\/\/talkpal.ai\/corrections-policy\/\",\"ethicsPolicy\":\"https:\/\/talkpal.ai\/ethics-policy\/\",\"diversityPolicy\":\"https:\/\/talkpal.ai\/diversity-policy\/\",\"diversityStaffingReport\":\"https:\/\/talkpal.ai\/diversity-policy\/\"}]}<\/script>\n<!-- \/ Yoast SEO Premium plugin. -->","yoast_head_json":{"title":"Gramadach na hIorua - Talkpal","description":"D\u00e9an ini\u00fachadh ar intricacies ghramada\u00ed na hIorua agus ardaigh do scileanna teanga go dt\u00ed an ch\u00e9ad leibh\u00e9al eile.","robots":{"index":"index","follow":"follow","max-snippet":"max-snippet:-1","max-image-preview":"max-image-preview:large","max-video-preview":"max-video-preview:-1"},"canonical":"https:\/\/talkpal.ai\/ga\/gramadach-na-hiorua\/","og_locale":"ga_IE","og_type":"article","og_title":"Gramadach na hIorua","og_description":"L\u00e9im isteach i nGramadach na hIorua: Treoir Chuimsitheach Tugann an Ioruais, teanga sp\u00e9isi\u00fail agus l\u00e9iritheach, deis uath\u00fail d'fhoghlaimeoir\u00ed teangacha","og_url":"https:\/\/talkpal.ai\/ga\/gramadach-na-hiorua\/","og_site_name":"Talkpal","article_publisher":"https:\/\/www.facebook.com\/profile.php?id=100090733639311","article_modified_time":"2025-12-17T17:36:17+00:00","og_image":[{"width":512,"height":512,"url":"https:\/\/talkpal.ai\/wp-content\/uploads\/2023\/05\/norway.png","type":"image\/png"}],"twitter_card":"summary_large_image","twitter_site":"@talkpalai","twitter_misc":{"Est. reading time":"4 minutes"},"schema":{"@context":"https:\/\/schema.org","@graph":[{"@type":"WebPage","@id":"https:\/\/talkpal.ai\/ga\/gramadach-na-hiorua\/","url":"https:\/\/talkpal.ai\/ga\/gramadach-na-hiorua\/","name":"Gramadach na hIorua - Talkpal","isPartOf":{"@id":"https:\/\/talkpal.ai\/ga\/#website"},"primaryImageOfPage":{"@id":"https:\/\/talkpal.ai\/ga\/gramadach-na-hiorua\/#primaryimage"},"image":{"@id":"https:\/\/talkpal.ai\/ga\/gramadach-na-hiorua\/#primaryimage"},"thumbnailUrl":"https:\/\/talkpal.ai\/wp-content\/uploads\/2023\/05\/norway.png","datePublished":"2023-05-14T14:13:06+00:00","dateModified":"2025-12-17T17:36:17+00:00","description":"D\u00e9an ini\u00fachadh ar intricacies ghramada\u00ed na hIorua agus ardaigh do scileanna teanga go dt\u00ed an ch\u00e9ad leibh\u00e9al eile.","breadcrumb":{"@id":"https:\/\/talkpal.ai\/ga\/gramadach-na-hiorua\/#breadcrumb"},"inLanguage":"ga-IE","potentialAction":[{"@type":"ReadAction","target":["https:\/\/talkpal.ai\/ga\/gramadach-na-hiorua\/"]}]},{"@type":"ImageObject","inLanguage":"ga-IE","@id":"https:\/\/talkpal.ai\/ga\/gramadach-na-hiorua\/#primaryimage","url":"https:\/\/talkpal.ai\/wp-content\/uploads\/2023\/05\/norway.png","contentUrl":"https:\/\/talkpal.ai\/wp-content\/uploads\/2023\/05\/norway.png","width":512,"height":512,"caption":"TalkPal Norway\u00a0 Flag"},{"@type":"BreadcrumbList","@id":"https:\/\/talkpal.ai\/ga\/gramadach-na-hiorua\/#breadcrumb","itemListElement":[{"@type":"ListItem","position":1,"name":"Homepage","item":"https:\/\/talkpal.ai\/ga\/"},{"@type":"ListItem","position":2,"name":"Gramadach na hIorua"}]},{"@type":"WebSite","@id":"https:\/\/talkpal.ai\/ga\/#website","url":"https:\/\/talkpal.ai\/ga\/","name":"Talkpal","description":"AI Language Learning","publisher":{"@id":"https:\/\/talkpal.ai\/ga\/#organization"},"alternateName":"Talkpal AI","potentialAction":[{"@type":"SearchAction","target":{"@type":"EntryPoint","urlTemplate":"https:\/\/talkpal.ai\/ga\/?s={search_term_string}"},"query-input":{"@type":"PropertyValueSpecification","valueRequired":true,"valueName":"search_term_string"}}],"inLanguage":"ga-IE"},{"@type":"Organization","@id":"https:\/\/talkpal.ai\/ga\/#organization","name":"Talkpal, Inc.","alternateName":"Talkpal AI","url":"https:\/\/talkpal.ai\/ga\/","logo":{"@type":"ImageObject","inLanguage":"ga-IE","@id":"https:\/\/talkpal.ai\/ga\/#\/schema\/logo\/image\/","url":"https:\/\/talkpal.ai\/wp-content\/uploads\/2024\/03\/Talkpal-Logo-Icon.png","contentUrl":"https:\/\/talkpal.ai\/wp-content\/uploads\/2024\/03\/Talkpal-Logo-Icon.png","width":2880,"height":2880,"caption":"Talkpal, Inc."},"image":{"@id":"https:\/\/talkpal.ai\/ga\/#\/schema\/logo\/image\/"},"sameAs":["https:\/\/www.facebook.com\/profile.php?id=100090733639311","https:\/\/x.com\/talkpalai","https:\/\/www.linkedin.com\/company\/talkpal\/","https:\/\/www.youtube.com\/@TalkPal\/","https:\/\/www.tiktok.com\/@talkpal","https:\/\/www.instagram.com\/talkpal_ai\/","https:\/\/www.crunchbase.com\/organization\/talkpal-9cde","https:\/\/www.g2.com\/products\/talkpal-for-business\/","https:\/\/www.trustpilot.com\/review\/talkpal.ai","https:\/\/www.capterra.com\/p\/10006800\/TalkPal\/"],"description":"Talkpal is a language learning web and mobile education app, powered by the latest AI technologies, that provides engaging experiences to its customers in many different languages to help them improve their language skills. Users can chat about unlimited amount of topics with the app and use other modes to practice their language learning.","email":"support@talkpal.ai","legalName":"Talkpal, Inc.","foundingDate":"2023-04-03","duns":"118989042","numberOfEmployees":{"@type":"QuantitativeValue","minValue":"11","maxValue":"50"},"publishingPrinciples":"https:\/\/talkpal.ai\/publishing-principles\/","actionableFeedbackPolicy":"https:\/\/talkpal.ai\/actionable-feedback-policy\/","correctionsPolicy":"https:\/\/talkpal.ai\/corrections-policy\/","ethicsPolicy":"https:\/\/talkpal.ai\/ethics-policy\/","diversityPolicy":"https:\/\/talkpal.ai\/diversity-policy\/","diversityStaffingReport":"https:\/\/talkpal.ai\/diversity-policy\/"}]}},"_links":{"self":[{"href":"https:\/\/talkpal.ai\/ga\/wp-json\/wp\/v2\/pages\/1444117","targetHints":{"allow":["GET"]}}],"collection":[{"href":"https:\/\/talkpal.ai\/ga\/wp-json\/wp\/v2\/pages"}],"about":[{"href":"https:\/\/talkpal.ai\/ga\/wp-json\/wp\/v2\/types\/page"}],"author":[{"embeddable":true,"href":"https:\/\/talkpal.ai\/ga\/wp-json\/wp\/v2\/users\/1"}],"replies":[{"embeddable":true,"href":"https:\/\/talkpal.ai\/ga\/wp-json\/wp\/v2\/comments?post=1444117"}],"version-history":[{"count":0,"href":"https:\/\/talkpal.ai\/ga\/wp-json\/wp\/v2\/pages\/1444117\/revisions"}],"wp:featuredmedia":[{"embeddable":true,"href":"https:\/\/talkpal.ai\/ga\/wp-json\/wp\/v2\/media\/1444118"}],"wp:attachment":[{"href":"https:\/\/talkpal.ai\/ga\/wp-json\/wp\/v2\/media?parent=1444117"}],"curies":[{"name":"wp","href":"https:\/\/api.w.org\/{rel}","templated":true}]}}