{"id":1444111,"date":"2023-05-14T14:10:24","date_gmt":"2023-05-14T14:10:24","guid":{"rendered":"https:\/\/talkpal.ai\/gramadach-na-laitvia\/"},"modified":"2025-12-17T17:12:28","modified_gmt":"2025-12-17T17:12:28","slug":"gramadach-na-laitvia","status":"publish","type":"page","link":"https:\/\/talkpal.ai\/ga\/gramadach-na-laitvia\/","title":{"rendered":"Gramadach na Laitvia"},"content":{"rendered":"\r\n\r\n\r\n<section class=\"languageChallengeSection\">\r\n    <div class=\"languageInfoWrapper\">\r\n        \r\n        <h1>Gramadach na Laitvia<\/h1>\r\n        <p>D\u00e9an ini\u00fachadh ar shaol uath\u00fail ghramada\u00ed na Laitvia agus d\u00edghlas\u00e1il \u00e1illeacht cheann de na teangacha is beoga sa r\u00e9igi\u00fan Baltach. Tr\u00ed a strucht\u00far agus a rialacha a thuiscint, cuirfidh t\u00fa le do mhuin\u00edn agus do scileanna cumars\u00e1ide. Tosaigh ag foghlaim <a href=\"https:\/\/talkpal.ai\/ga\/cleachtai-gramadai-na-hisiltire\/\">gramada\u00ed na<\/a> Laitvia inniu agus glac do ch\u00e9ad ch\u00e9im i dtreo l\u00edofacht!\n\n<\/p>\r\n\r\n                            <a class=\"getStartedHidden\" href=\"https:\/\/app.talkpal.ai\/signup?lng=\">Tosaigh<\/a>\r\n        \r\n    <\/div>\r\n\r\n    <figure>\r\n    <img decoding=\"async\" width=\"768\" height=\"768\" src=\"https:\/\/talkpal.ai\/wp-content\/uploads\/2023\/06\/latvian-768x768.png\" class=\"languageImage no-lazy\" alt=\"Language learning to access more cultures\" fetchpriority=\"high\" sizes=\"(max-width: 768px) 150px, 768px\" srcset=\"https:\/\/talkpal.ai\/wp-content\/uploads\/2023\/06\/latvian-768x768.png 768w, https:\/\/talkpal.ai\/wp-content\/uploads\/2023\/06\/latvian-300x300.png 300w\" \/>\r\n    \r\n\r\n    <\/figure>\r\n\r\n            <a class=\"getStartedVisible\" href=\"https:\/\/app.talkpal.ai\/signup?lng=\">Tosaigh<\/a>\r\n    \r\n<\/section>\r\n<section class=\"promotionalBanner\">\r\n    <p class=\"promotionalText\">An bealach is \u00e9ifeachta\u00ed le teanga a fhoghlaim<\/p>\r\n    <a class=\"promotionalLink\" href=\"https:\/\/app.talkpal.ai\/signup?lng=\">Bain triail as Talkpal saor in aisce<\/a>\r\n<\/section>\n<div class=\"wp-block-group pageContainerStyle\"><div class=\"wp-block-group__inner-container is-layout-constrained wp-block-group-is-layout-constrained\">\n<h2 class=\"wp-block-heading\" id=\"h-the-ultimate-guide-to-latvian-grammar-navigating-the-intricacies-of-a-unique-language\">An Treoir Deiridh ar Ghramadach na Laitvise: Nasclean\u00faint a dh\u00e9anamh ar intricacies teanga uath\u00fail<\/h2>\n\n\n\n<p>Cuireann <a href=\"https:\/\/talkpal.ai\/grammar\/\">gramadach<\/a> na Laitvia, cos\u00fail leis an teanga f\u00e9in, taip\u00e9is shaibhir agus suimi\u00fail d&#8217;eilimint\u00ed teangeola\u00edocha i l\u00e1thair. Mar theanga Bhailt, cuireann an <a href=\"https:\/\/talkpal.ai\/learn-latvian\/\">Laitvis<\/a> foghlaimeoir\u00ed faoi ghealladh lena gn\u00e9ithe \u00e9ags\u00fala agus tugann s\u00ed d\u00fashl\u00e1n fi\u00fa do na cainteoir\u00ed is inni\u00fala. Sa treoir seo, d\u00e9anfaimid ini\u00fachadh ar phr\u00edomhphrionsabail ghramada\u00ed na Laitvise, d\u00e9anfaimid a chastachta\u00ed a dh\u00edmhisci\u00fa, agus tabharfaimid taca\u00edocht duit ar do thuras chun l\u00edofacht a dh\u00e9anamh sa teanga mhealltach seo. Tosa\u00edmid!<\/p>\n\n\n\n<h3 class=\"wp-block-heading\" id=\"h-the-nuts-and-bolts-latvian-sentence-structure\">Na Cn\u00f3nna agus na Bolta\u00ed: Strucht\u00far Abairte na Laitvia<\/h3>\n\n\n\n<p>Ag a chro\u00edl\u00e1r, t\u00e1 gramadach na Laitvia simpl\u00ed go leor. Leanann an teanga go ginear\u00e1lta strucht\u00far abairte Subject-Verb-Object (SVO), cos\u00fail leis an mB\u00e9arla agus go leor teangacha eile. Mar shampla, aistr\u00edonn an abairt &#8220;Itheann m\u00e9 \u00fall&#8221; go &#8220;Es \u0113du \u0101bolu&#8221; (Es \u0113du \u0101bolu). Simpl\u00ed, ceart? Mar sin f\u00e9in, de r\u00e9ir mar a thochailimid n\u00edos doimhne, tiocfaidh t\u00fa ar roinnt gn\u00e9ithe suimi\u00fala agus saini\u00fala de ghramadach na Laitvia.<\/p>\n\n\n\n<h3 class=\"wp-block-heading\" id=\"h-meet-the-family-latvian-nouns-and-their-cases\">T\u00e9igh in aithne ar an teaghlach: ainmfhocail Laitvis agus a gc\u00e1sanna<\/h3>\n\n\n\n<p>Ceann de na tr\u00e9ithe is mearbhall de ghramadach na Laitvia do chainteoir\u00ed <a href=\"https:\/\/talkpal.ai\/learn-english-with-ai\/\">B\u00e9arla<\/a> is ea coincheap na gc\u00e1sanna gramada\u00ed. Sa Laitvis, t\u00e1 seacht gc\u00e1s ann: nominative, genitive, dative, accusative, locative, instrumental, and vocative. T\u00e1 a fheidhm f\u00e9in ag gach c\u00e1s agus b\u00edonn tionchar aige ar fhoirm ainmfhocail, aidiachta\u00ed, forainmneacha, agus uaireanta fi\u00fa briathra.<\/p>\n\n\n\n<p>Mar shampla, t\u00f3gaimis an focal &#8220;\u0101bols&#8221; (\u0101bols) a chialla\u00edonn &#8220;\u00fall&#8221;:<\/p>\n\n\n\n<p><strong>&#8211; C\u00e1s nominative (a \u00fas\u00e1idtear le haghaidh \u00e1bhair): \u0101bols<\/strong><\/p>\n\n\n\n<p><strong>&#8211; C\u00e1s ginideach (a \u00fas\u00e1idtear le haghaidh seilbh): \u0101bola<\/strong><\/p>\n\n\n\n<p><strong>&#8211; C\u00e1s Dative (a \u00fas\u00e1idtear le haghaidh ruda\u00ed ind\u00edreacha): \u0101bolam<\/strong><\/p>\n\n\n\n<p><strong>&#8211; C\u00e1s c\u00faiseach (a \u00fas\u00e1idtear le haghaidh ruda\u00ed d\u00edreacha): \u0101bolu<\/strong><\/p>\n\n\n\n<p><strong>&#8211; C\u00e1s locative (a \u00fas\u00e1idtear le haghaidh su\u00edomh): \u0101bol\u0101<\/strong><\/p>\n\n\n\n<p><strong>\u2013 C\u00e1s uirlise (a \u00fas\u00e1idtear don mhodh tr\u00edna nd\u00e9antar gn\u00edomh): \u0101bolu\/-iem<\/strong><\/p>\n\n\n\n<p><strong>\u2013 C\u00e1s vocative (a \u00fas\u00e1idtear chun labhairt le duine n\u00f3 rud \u00e9igin): \u0101bol<\/strong><\/p>\n\n\n\n<p>T\u00e1 s\u00e9 t\u00e1bhachtach eolas a <a href=\"https:\/\/talkpal.ai\/locations\/language-courses-in-chur\/\">chur<\/a> ar na c\u00e1sanna seo, mar is f\u00e9idir leo br\u00ed do chuid abairt\u00ed a athr\u00fa go suntasach.<\/p>\n\n\n\n<h3 class=\"wp-block-heading\" id=\"h-playing-with-numbers-latvian-plurals-and-genders\">Ag Imirt le Uimhreacha: Iolra agus Inscne Laitvis<\/h3>\n\n\n\n<p>Nuair a bh\u00edonn iolra\u00ed \u00e1 gcruth\u00fa sa Laitvis, t\u00e1 s\u00e9 riachtanach inscne an ainmfhocail a choinne\u00e1il i gcuimhne. Sa Laitvis, t\u00e1 dh\u00e1 inscne ag ainmfhocail \u2013 firinscneach agus baininscneach. B\u00edonn tionchar ag inscne ar fhoirceanna ainmfhocail, aidiachta\u00ed, uimhreacha, agus foirmeacha \u00e1irithe briathartha.<\/p>\n\n\n\n<p>Go ginear\u00e1lta, cr\u00edochna\u00edonn ainmfhocail firinscneach sa ch\u00e1s ainmneach iolra i -i, agus cr\u00edochna\u00edonn ainmfhocail baininscneach i -as. Mar shampla, \u00e9ir\u00edonn &#8220;zirgs&#8221; (zirgs, ainmfhocal firinscneach a chialla\u00edonn &#8220;capall&#8221;) &#8220;zirgi&#8221; (zirgi, capaill), agus &#8220;sieviete&#8221; (sievietes, ainmfhocal baininscneach a chialla\u00edonn &#8220;bean&#8221;) ina &#8220;sievietes&#8221; (sievietes, mn\u00e1).<\/p>\n\n\n\n<p>Ar nd\u00f3igh, t\u00e1 roinnt eisceachta\u00ed ann, agus is \u00e9 sin an f\u00e1th go bhfuil s\u00e9 riachtanach ainmfhocail a fhoghlaim chomh maith lena n-inscne agus a bheith ar an eolas faoi aon iolra neamhrialta.<\/p>\n\n\n\n<h3 class=\"wp-block-heading\" id=\"h-the-art-of-conjugation-latvian-verbs\">Eala\u00edn na Comhchuingithe: Briathra Laitvis<\/h3>\n\n\n\n<p>Is f\u00e9idir le briathra Laitvis a bheith scanr\u00fail ar dt\u00fas mar gheall ar a n-aimsir iomad\u00fala, gi\u00famar agus comhchuingeacha. Mar sin f\u00e9in, is \u00ed an eochair chun iad a thuiscint n\u00e1 patr\u00fain choitianta a aithint agus cleachtadh go rialta.<\/p>\n\n\n\n<p>Sa Laitvis, roinntear briathra i dtr\u00ed ghr\u00fapa bunaithe ar a gcr\u00edochn\u00fa infinitive, -t, -ties, agus -ties\/-t. T\u00e1 rialacha comhchuingithe ar <a href=\"https:\/\/talkpal.ai\/locations\/language-courses-in-leith\/\">leith<\/a> ag gach gr\u00fapa. T\u00f3gaimis an briathar &#8220;las\u012bt&#8221; (las\u012bt, &#8220;a l\u00e9amh&#8221;) mar shampla:<\/p>\n\n\n\n<p><strong>Aimsir l\u00e1ithreach: Es lasu (Es lasu, &#8220;L\u00e9igh m\u00e9&#8221;)<\/strong><\/p>\n\n\n\n<p><strong>Aimsir chaite: Es las\u012bju (Es las\u012bju, &#8220;l\u00e9igh m\u00e9&#8221;)<\/strong><\/p>\n\n\n\n<p><strong>Aimsir sa todhcha\u00ed: Es las\u012b\u0161u (Es las\u012b\u0161u, &#8220;l\u00e9ifidh m\u00e9&#8221;)<\/strong><\/p>\n\n\n\n<p>Mar a fheiceann t\u00fa, athra\u00edonn na cr\u00edocha de r\u00e9ir na haise. Agus n\u00ed scr\u00edobann s\u00e9 seo fi\u00fa dromchla chomhchuingi\u00fa briathar Laitviseach! Mar sin f\u00e9in, n\u00e1 lig d\u00f3 d\u00edspreagadh a chur ort. Le cleachtadh agus foighne, tos\u00f3idh t\u00fa ag aithint na bpatr\u00fain agus ag dul i ngleic leis an d\u00fashl\u00e1n seo.<\/p>\n\n\n\n<h3 class=\"wp-block-heading\" id=\"h-the-finishing-touches-latvian-adjectives-adverbs-and-more\">Na Cr\u00edochnaithe: Aidiachta\u00ed Laitvise, Adverbs, agus N\u00edos M\u00f3<\/h3>\n\n\n\n<p>Nuair a thagann s\u00e9 chun aidiachta\u00ed agus aidiachta\u00ed Laitvia, t\u00e1 r\u00f3l r\u00edth\u00e1bhachtach acu <a href=\"https:\/\/talkpal.ai\/ga\/maidir\/\">maidir<\/a> le doimhneacht agus castacht a chur le do chuid cainte. Caithfidh aidiachta\u00ed aont\u00fa leis na hainmfhocail a mhodhna\u00edonn siad i dt\u00e9arma\u00ed inscne agus c\u00e1is, le foircinn\u00ed a athra\u00edonn d\u00e1 r\u00e9ir.<\/p>\n\n\n\n<p>Mar shampla, cialla\u00edonn &#8220;gar\u0161\u012bgs&#8221; (gar\u0161\u012bgs) &#8220;delicious,&#8221; agus d&#8217;fh\u00e9adf\u00e1 \u00e9 a fheice\u00e1il mar &#8220;gar\u0161\u012bgs \u0101bols&#8221; (gar\u0161\u012bgs \u0101bols, &#8220;\u00fall delicious&#8221;) n\u00f3 &#8220;gar\u0161\u012bga zupa&#8221; (gar\u0161\u012bga zupa, &#8220;anraith delicious&#8221;), le foircinn \u00e9ags\u00fala d&#8217;ainmfhocail firinscneach agus baininscneach.<\/p>\n\n\n\n<p>Is gn\u00e1ch go leanann adverbs patr\u00fain den chine\u00e1l c\u00e9anna, a dh\u00edortha\u00edtear go minic \u00f3 aidiachta\u00ed. Sa Laitvis, cr\u00edochna\u00edonn formh\u00f3r na n-aiverbs i -i, at\u00e1 ar an bhfoirm ch\u00e9anna leis an accusative uatha firinscneach d&#8217;aidiachta\u00ed.<\/p>\n\n\n\n<p>Mar fhocal scoir, tugann castachta\u00ed agus saini\u00falachta\u00ed gramada\u00ed na Laitvia, c\u00e9 go bhfuil siad d\u00fashl\u00e1nach, \u00e1illeacht agus carachtar mealltach don teanga. Le measc\u00e1n de bhuanseasmhacht, fiosracht agus cur i bhfeidhm praitici\u00fail, is gearr go mbeidh t\u00fa ag nasclean\u00faint gramadach na Laitvia go h\u00e9asca agus le muin\u00edn. Foghlaim shona!<\/p>\n<\/div><\/div>\n\r\n<section class=\"learnNavigationSection\">\r\n            \r\n        <a href=\"https:\/\/talkpal.ai\/ga\/foghlaim-laitvis\/\">\r\n            <div class=\"learnNavigationWrapper\">\r\n                <div class=\"learnNavigationContent\">\r\n                    <img decoding=\"async\" src=\"https:\/\/talkpal.ai\/wp-content\/uploads\/2024\/08\/Latvian.jpg\" alt=\"Latvian Flag\">\r\n                    <div>\r\n                        <h4>Maidir le Foghlaim na Laitvia<\/h4>\r\n                        <p>Faigh amach gach rud faoi ghramadach na Laitvia.<\/p>\r\n                    <\/div>\r\n                <\/div>\r\n            <\/div>\r\n        <\/a>\r\n\r\n        \r\n        <a href=\"https:\/\/talkpal.ai\/ga\/cleachtai-gramadai-na-laitvise\/\">\r\n            <div class=\"learnNavigationWrapper\">\r\n                <div class=\"learnNavigationContent\">\r\n                    <img decoding=\"async\" src=\"https:\/\/talkpal.ai\/wp-content\/uploads\/2024\/08\/Latvian.jpg\" alt=\"Latvian Flag\">\r\n                    <div>\r\n                        <h4>Cleachtadh Gramada\u00ed na Laitvia<\/h4>\r\n                        <p>Cleachtadh gramadach na Laitvia.<\/p>\r\n                    <\/div>\r\n                <\/div>\r\n            <\/div>\r\n        <\/a>\r\n\r\n        \r\n        <a href=\"https:\/\/talkpal.ai\/vocabulary_language\/latvian\/\">\r\n            <div class=\"learnNavigationWrapper\">\r\n                <div class=\"learnNavigationContent\">\r\n                    <img decoding=\"async\" src=\"https:\/\/talkpal.ai\/wp-content\/uploads\/2024\/08\/Latvian.jpg\" alt=\"Latvian Flag\">\r\n                    <div>\r\n                        <h4>St\u00f3r Focal na Laitvise<\/h4>\r\n                        <p>Leathnaigh do st\u00f3r focal Laitvis.<\/p>\r\n                    <\/div>\r\n                <\/div>\r\n            <\/div>\r\n        <\/a>\r\n\r\n            <\/section>","protected":false},"excerpt":{"rendered":"<p>An Treoir Deiridh ar Ghramadach na Laitvise: Nasclean\u00faint a dh\u00e9anamh ar intricacies teanga uath\u00fail Cuireann gramadach na Laitvia, cos\u00fail leis an teanga f\u00e9in, taip\u00e9is shaibhir agus suimi\u00fail d&#8217;eilimint\u00ed teangeola\u00edocha i l\u00e1thair. Mar theanga Bhailt, cuireann an Laitvis foghlaimeoir\u00ed faoi ghealladh lena gn\u00e9ithe \u00e9ags\u00fala agus tugann s\u00ed d\u00fashl\u00e1n fi\u00fa do na cainteoir\u00ed is inni\u00fala. Sa treoir [&hellip;]<\/p>\n","protected":false},"author":1,"featured_media":1444113,"parent":0,"menu_order":0,"comment_status":"closed","ping_status":"closed","template":"LearningContentPage.php","meta":{"_acf_changed":false,"footnotes":""},"class_list":["post-1444111","page","type-page","status-publish","has-post-thumbnail","hentry"],"acf":[],"yoast_head":"<!-- This site is optimized with the Yoast SEO Premium plugin v27.2 (Yoast SEO v27.2) - https:\/\/yoast.com\/product\/yoast-seo-premium-wordpress\/ -->\n<title>Gramadach na Laitvia - Talkpal<\/title>\n<meta name=\"description\" content=\"M\u00e1istreacht gramadach na Laitvia go muin\u00edneach - foghlaim rialacha, cleachtadh \u00fas\u00e1ide, agus cruinneas teanga a threisi\u00fa go h\u00e9asca le treoir AI phearsantaithe TalkPal.\" \/>\n<meta name=\"robots\" content=\"index, follow, max-snippet:-1, max-image-preview:large, max-video-preview:-1\" \/>\n<link rel=\"canonical\" href=\"https:\/\/talkpal.ai\/ga\/gramadach-na-laitvia\/\" \/>\n<meta property=\"og:locale\" content=\"ga_IE\" \/>\n<meta property=\"og:type\" content=\"article\" \/>\n<meta property=\"og:title\" content=\"Gramadach na Laitvia\" \/>\n<meta property=\"og:description\" content=\"An Treoir Deiridh ar Ghramadach na Laitvise: Nasclean\u00faint a dh\u00e9anamh ar intricacies teanga uath\u00fail Cuireann gramadach na Laitvia, cos\u00fail leis an teanga\" \/>\n<meta property=\"og:url\" content=\"https:\/\/talkpal.ai\/ga\/gramadach-na-laitvia\/\" \/>\n<meta property=\"og:site_name\" content=\"Talkpal\" \/>\n<meta property=\"article:publisher\" content=\"https:\/\/www.facebook.com\/profile.php?id=100090733639311\" \/>\n<meta property=\"article:modified_time\" content=\"2025-12-17T17:12:28+00:00\" \/>\n<meta property=\"og:image\" content=\"https:\/\/talkpal.ai\/wp-content\/uploads\/2023\/05\/latvia.png\" \/>\n\t<meta property=\"og:image:width\" content=\"512\" \/>\n\t<meta property=\"og:image:height\" content=\"512\" \/>\n\t<meta property=\"og:image:type\" content=\"image\/png\" \/>\n<meta name=\"twitter:card\" content=\"summary_large_image\" \/>\n<meta name=\"twitter:site\" content=\"@talkpalai\" \/>\n<meta name=\"twitter:label1\" content=\"Est. reading time\" \/>\n\t<meta name=\"twitter:data1\" content=\"5 minutes\" \/>\n<script type=\"application\/ld+json\" class=\"yoast-schema-graph\">{\"@context\":\"https:\/\/schema.org\",\"@graph\":[{\"@type\":\"WebPage\",\"@id\":\"https:\/\/talkpal.ai\/ga\/gramadach-na-laitvia\/\",\"url\":\"https:\/\/talkpal.ai\/ga\/gramadach-na-laitvia\/\",\"name\":\"Gramadach na Laitvia - Talkpal\",\"isPartOf\":{\"@id\":\"https:\/\/talkpal.ai\/ga\/#website\"},\"primaryImageOfPage\":{\"@id\":\"https:\/\/talkpal.ai\/ga\/gramadach-na-laitvia\/#primaryimage\"},\"image\":{\"@id\":\"https:\/\/talkpal.ai\/ga\/gramadach-na-laitvia\/#primaryimage\"},\"thumbnailUrl\":\"https:\/\/talkpal.ai\/wp-content\/uploads\/2023\/05\/latvia.png\",\"datePublished\":\"2023-05-14T14:10:24+00:00\",\"dateModified\":\"2025-12-17T17:12:28+00:00\",\"description\":\"M\u00e1istreacht gramadach na Laitvia go muin\u00edneach - foghlaim rialacha, cleachtadh \u00fas\u00e1ide, agus cruinneas teanga a threisi\u00fa go h\u00e9asca le treoir AI phearsantaithe TalkPal.\",\"breadcrumb\":{\"@id\":\"https:\/\/talkpal.ai\/ga\/gramadach-na-laitvia\/#breadcrumb\"},\"inLanguage\":\"ga-IE\",\"potentialAction\":[{\"@type\":\"ReadAction\",\"target\":[\"https:\/\/talkpal.ai\/ga\/gramadach-na-laitvia\/\"]}]},{\"@type\":\"ImageObject\",\"inLanguage\":\"ga-IE\",\"@id\":\"https:\/\/talkpal.ai\/ga\/gramadach-na-laitvia\/#primaryimage\",\"url\":\"https:\/\/talkpal.ai\/wp-content\/uploads\/2023\/05\/latvia.png\",\"contentUrl\":\"https:\/\/talkpal.ai\/wp-content\/uploads\/2023\/05\/latvia.png\",\"width\":512,\"height\":512,\"caption\":\"TalkPal Latvia Flag\"},{\"@type\":\"BreadcrumbList\",\"@id\":\"https:\/\/talkpal.ai\/ga\/gramadach-na-laitvia\/#breadcrumb\",\"itemListElement\":[{\"@type\":\"ListItem\",\"position\":1,\"name\":\"Homepage\",\"item\":\"https:\/\/talkpal.ai\/ga\/\"},{\"@type\":\"ListItem\",\"position\":2,\"name\":\"Gramadach na Laitvia\"}]},{\"@type\":\"WebSite\",\"@id\":\"https:\/\/talkpal.ai\/ga\/#website\",\"url\":\"https:\/\/talkpal.ai\/ga\/\",\"name\":\"Talkpal\",\"description\":\"AI Language Learning\",\"publisher\":{\"@id\":\"https:\/\/talkpal.ai\/ga\/#organization\"},\"alternateName\":\"Talkpal AI\",\"potentialAction\":[{\"@type\":\"SearchAction\",\"target\":{\"@type\":\"EntryPoint\",\"urlTemplate\":\"https:\/\/talkpal.ai\/ga\/?s={search_term_string}\"},\"query-input\":{\"@type\":\"PropertyValueSpecification\",\"valueRequired\":true,\"valueName\":\"search_term_string\"}}],\"inLanguage\":\"ga-IE\"},{\"@type\":\"Organization\",\"@id\":\"https:\/\/talkpal.ai\/ga\/#organization\",\"name\":\"Talkpal, Inc.\",\"alternateName\":\"Talkpal AI\",\"url\":\"https:\/\/talkpal.ai\/ga\/\",\"logo\":{\"@type\":\"ImageObject\",\"inLanguage\":\"ga-IE\",\"@id\":\"https:\/\/talkpal.ai\/ga\/#\/schema\/logo\/image\/\",\"url\":\"https:\/\/talkpal.ai\/wp-content\/uploads\/2024\/03\/Talkpal-Logo-Icon.png\",\"contentUrl\":\"https:\/\/talkpal.ai\/wp-content\/uploads\/2024\/03\/Talkpal-Logo-Icon.png\",\"width\":2880,\"height\":2880,\"caption\":\"Talkpal, Inc.\"},\"image\":{\"@id\":\"https:\/\/talkpal.ai\/ga\/#\/schema\/logo\/image\/\"},\"sameAs\":[\"https:\/\/www.facebook.com\/profile.php?id=100090733639311\",\"https:\/\/x.com\/talkpalai\",\"https:\/\/www.linkedin.com\/company\/talkpal\/\",\"https:\/\/www.youtube.com\/@TalkPal\/\",\"https:\/\/www.tiktok.com\/@talkpal\",\"https:\/\/www.instagram.com\/talkpal_ai\/\",\"https:\/\/www.crunchbase.com\/organization\/talkpal-9cde\",\"https:\/\/www.g2.com\/products\/talkpal-for-business\/\",\"https:\/\/www.trustpilot.com\/review\/talkpal.ai\",\"https:\/\/www.capterra.com\/p\/10006800\/TalkPal\/\"],\"description\":\"Talkpal is a language learning web and mobile education app, powered by the latest AI technologies, that provides engaging experiences to its customers in many different languages to help them improve their language skills. Users can chat about unlimited amount of topics with the app and use other modes to practice their language learning.\",\"email\":\"support@talkpal.ai\",\"legalName\":\"Talkpal, Inc.\",\"foundingDate\":\"2023-04-03\",\"duns\":\"118989042\",\"numberOfEmployees\":{\"@type\":\"QuantitativeValue\",\"minValue\":\"11\",\"maxValue\":\"50\"},\"publishingPrinciples\":\"https:\/\/talkpal.ai\/publishing-principles\/\",\"actionableFeedbackPolicy\":\"https:\/\/talkpal.ai\/actionable-feedback-policy\/\",\"correctionsPolicy\":\"https:\/\/talkpal.ai\/corrections-policy\/\",\"ethicsPolicy\":\"https:\/\/talkpal.ai\/ethics-policy\/\",\"diversityPolicy\":\"https:\/\/talkpal.ai\/diversity-policy\/\",\"diversityStaffingReport\":\"https:\/\/talkpal.ai\/diversity-policy\/\"}]}<\/script>\n<!-- \/ Yoast SEO Premium plugin. -->","yoast_head_json":{"title":"Gramadach na Laitvia - Talkpal","description":"M\u00e1istreacht gramadach na Laitvia go muin\u00edneach - foghlaim rialacha, cleachtadh \u00fas\u00e1ide, agus cruinneas teanga a threisi\u00fa go h\u00e9asca le treoir AI phearsantaithe TalkPal.","robots":{"index":"index","follow":"follow","max-snippet":"max-snippet:-1","max-image-preview":"max-image-preview:large","max-video-preview":"max-video-preview:-1"},"canonical":"https:\/\/talkpal.ai\/ga\/gramadach-na-laitvia\/","og_locale":"ga_IE","og_type":"article","og_title":"Gramadach na Laitvia","og_description":"An Treoir Deiridh ar Ghramadach na Laitvise: Nasclean\u00faint a dh\u00e9anamh ar intricacies teanga uath\u00fail Cuireann gramadach na Laitvia, cos\u00fail leis an teanga","og_url":"https:\/\/talkpal.ai\/ga\/gramadach-na-laitvia\/","og_site_name":"Talkpal","article_publisher":"https:\/\/www.facebook.com\/profile.php?id=100090733639311","article_modified_time":"2025-12-17T17:12:28+00:00","og_image":[{"width":512,"height":512,"url":"https:\/\/talkpal.ai\/wp-content\/uploads\/2023\/05\/latvia.png","type":"image\/png"}],"twitter_card":"summary_large_image","twitter_site":"@talkpalai","twitter_misc":{"Est. reading time":"5 minutes"},"schema":{"@context":"https:\/\/schema.org","@graph":[{"@type":"WebPage","@id":"https:\/\/talkpal.ai\/ga\/gramadach-na-laitvia\/","url":"https:\/\/talkpal.ai\/ga\/gramadach-na-laitvia\/","name":"Gramadach na Laitvia - Talkpal","isPartOf":{"@id":"https:\/\/talkpal.ai\/ga\/#website"},"primaryImageOfPage":{"@id":"https:\/\/talkpal.ai\/ga\/gramadach-na-laitvia\/#primaryimage"},"image":{"@id":"https:\/\/talkpal.ai\/ga\/gramadach-na-laitvia\/#primaryimage"},"thumbnailUrl":"https:\/\/talkpal.ai\/wp-content\/uploads\/2023\/05\/latvia.png","datePublished":"2023-05-14T14:10:24+00:00","dateModified":"2025-12-17T17:12:28+00:00","description":"M\u00e1istreacht gramadach na Laitvia go muin\u00edneach - foghlaim rialacha, cleachtadh \u00fas\u00e1ide, agus cruinneas teanga a threisi\u00fa go h\u00e9asca le treoir AI phearsantaithe TalkPal.","breadcrumb":{"@id":"https:\/\/talkpal.ai\/ga\/gramadach-na-laitvia\/#breadcrumb"},"inLanguage":"ga-IE","potentialAction":[{"@type":"ReadAction","target":["https:\/\/talkpal.ai\/ga\/gramadach-na-laitvia\/"]}]},{"@type":"ImageObject","inLanguage":"ga-IE","@id":"https:\/\/talkpal.ai\/ga\/gramadach-na-laitvia\/#primaryimage","url":"https:\/\/talkpal.ai\/wp-content\/uploads\/2023\/05\/latvia.png","contentUrl":"https:\/\/talkpal.ai\/wp-content\/uploads\/2023\/05\/latvia.png","width":512,"height":512,"caption":"TalkPal Latvia Flag"},{"@type":"BreadcrumbList","@id":"https:\/\/talkpal.ai\/ga\/gramadach-na-laitvia\/#breadcrumb","itemListElement":[{"@type":"ListItem","position":1,"name":"Homepage","item":"https:\/\/talkpal.ai\/ga\/"},{"@type":"ListItem","position":2,"name":"Gramadach na Laitvia"}]},{"@type":"WebSite","@id":"https:\/\/talkpal.ai\/ga\/#website","url":"https:\/\/talkpal.ai\/ga\/","name":"Talkpal","description":"AI Language Learning","publisher":{"@id":"https:\/\/talkpal.ai\/ga\/#organization"},"alternateName":"Talkpal AI","potentialAction":[{"@type":"SearchAction","target":{"@type":"EntryPoint","urlTemplate":"https:\/\/talkpal.ai\/ga\/?s={search_term_string}"},"query-input":{"@type":"PropertyValueSpecification","valueRequired":true,"valueName":"search_term_string"}}],"inLanguage":"ga-IE"},{"@type":"Organization","@id":"https:\/\/talkpal.ai\/ga\/#organization","name":"Talkpal, Inc.","alternateName":"Talkpal AI","url":"https:\/\/talkpal.ai\/ga\/","logo":{"@type":"ImageObject","inLanguage":"ga-IE","@id":"https:\/\/talkpal.ai\/ga\/#\/schema\/logo\/image\/","url":"https:\/\/talkpal.ai\/wp-content\/uploads\/2024\/03\/Talkpal-Logo-Icon.png","contentUrl":"https:\/\/talkpal.ai\/wp-content\/uploads\/2024\/03\/Talkpal-Logo-Icon.png","width":2880,"height":2880,"caption":"Talkpal, Inc."},"image":{"@id":"https:\/\/talkpal.ai\/ga\/#\/schema\/logo\/image\/"},"sameAs":["https:\/\/www.facebook.com\/profile.php?id=100090733639311","https:\/\/x.com\/talkpalai","https:\/\/www.linkedin.com\/company\/talkpal\/","https:\/\/www.youtube.com\/@TalkPal\/","https:\/\/www.tiktok.com\/@talkpal","https:\/\/www.instagram.com\/talkpal_ai\/","https:\/\/www.crunchbase.com\/organization\/talkpal-9cde","https:\/\/www.g2.com\/products\/talkpal-for-business\/","https:\/\/www.trustpilot.com\/review\/talkpal.ai","https:\/\/www.capterra.com\/p\/10006800\/TalkPal\/"],"description":"Talkpal is a language learning web and mobile education app, powered by the latest AI technologies, that provides engaging experiences to its customers in many different languages to help them improve their language skills. Users can chat about unlimited amount of topics with the app and use other modes to practice their language learning.","email":"support@talkpal.ai","legalName":"Talkpal, Inc.","foundingDate":"2023-04-03","duns":"118989042","numberOfEmployees":{"@type":"QuantitativeValue","minValue":"11","maxValue":"50"},"publishingPrinciples":"https:\/\/talkpal.ai\/publishing-principles\/","actionableFeedbackPolicy":"https:\/\/talkpal.ai\/actionable-feedback-policy\/","correctionsPolicy":"https:\/\/talkpal.ai\/corrections-policy\/","ethicsPolicy":"https:\/\/talkpal.ai\/ethics-policy\/","diversityPolicy":"https:\/\/talkpal.ai\/diversity-policy\/","diversityStaffingReport":"https:\/\/talkpal.ai\/diversity-policy\/"}]}},"_links":{"self":[{"href":"https:\/\/talkpal.ai\/ga\/wp-json\/wp\/v2\/pages\/1444111","targetHints":{"allow":["GET"]}}],"collection":[{"href":"https:\/\/talkpal.ai\/ga\/wp-json\/wp\/v2\/pages"}],"about":[{"href":"https:\/\/talkpal.ai\/ga\/wp-json\/wp\/v2\/types\/page"}],"author":[{"embeddable":true,"href":"https:\/\/talkpal.ai\/ga\/wp-json\/wp\/v2\/users\/1"}],"replies":[{"embeddable":true,"href":"https:\/\/talkpal.ai\/ga\/wp-json\/wp\/v2\/comments?post=1444111"}],"version-history":[{"count":0,"href":"https:\/\/talkpal.ai\/ga\/wp-json\/wp\/v2\/pages\/1444111\/revisions"}],"wp:featuredmedia":[{"embeddable":true,"href":"https:\/\/talkpal.ai\/ga\/wp-json\/wp\/v2\/media\/1444113"}],"wp:attachment":[{"href":"https:\/\/talkpal.ai\/ga\/wp-json\/wp\/v2\/media?parent=1444111"}],"curies":[{"name":"wp","href":"https:\/\/api.w.org\/{rel}","templated":true}]}}