{"id":1444110,"date":"2023-05-14T14:11:47","date_gmt":"2023-05-14T14:11:47","guid":{"rendered":"https:\/\/talkpal.ai\/gramadach-na-malaeis\/"},"modified":"2025-12-17T16:41:12","modified_gmt":"2025-12-17T16:41:12","slug":"gramadach-na-malaeis","status":"publish","type":"page","link":"https:\/\/talkpal.ai\/ga\/gramadach-na-malaeis\/","title":{"rendered":"Gramadach na Malaeis"},"content":{"rendered":"\r\n\r\n\r\n<section class=\"languageChallengeSection\">\r\n    <div class=\"languageInfoWrapper\">\r\n        \r\n        <h1>Gramadach na Malaeis<\/h1>\r\n        <p>An bhfuil t\u00fa fiosrach faoi <a href=\"https:\/\/talkpal.ai\/learn-malay\/\">Malaeis<\/a> a fhoghlaim? Tumadh isteach i ngramadach na Malaeise, a bhfuil c\u00e1il air mar gheall ar a rialacha d\u00edreacha, easpa comhchuingithe briathartha, agus \u00fas\u00e1id greamaithe chun br\u00ed a chruth\u00fa. Tosaigh inniu &#8211; tabharfaidh m\u00e1istreacht gramada\u00ed na Malaeis an mhuin\u00edn duit cumars\u00e1id a dh\u00e9anamh go h\u00e9asca agus doirse a oscailt do chult\u00fair \u00e9ags\u00fala agus dinimici\u00fala Oirdheisceart na h\u00c1ise!<\/p>\r\n\r\n                            <a class=\"getStartedHidden\" href=\"https:\/\/app.talkpal.ai\/signup?lng=\">Tosaigh<\/a>\r\n        \r\n    <\/div>\r\n\r\n    <figure>\r\n    <img decoding=\"async\" width=\"768\" height=\"768\" src=\"https:\/\/talkpal.ai\/wp-content\/uploads\/2023\/06\/malay-768x768.png\" class=\"languageImage no-lazy\" alt=\"Language learning for personal accomplishments\" fetchpriority=\"high\" sizes=\"(max-width: 768px) 150px, 768px\" srcset=\"https:\/\/talkpal.ai\/wp-content\/uploads\/2023\/06\/malay-768x768.png 768w, https:\/\/talkpal.ai\/wp-content\/uploads\/2023\/06\/malay-300x300.png 300w\" \/>\r\n    \r\n\r\n    <\/figure>\r\n\r\n            <a class=\"getStartedVisible\" href=\"https:\/\/app.talkpal.ai\/signup?lng=\">Tosaigh<\/a>\r\n    \r\n<\/section>\r\n<section class=\"promotionalBanner\">\r\n    <p class=\"promotionalText\">An bealach is \u00e9ifeachta\u00ed le teanga a fhoghlaim<\/p>\r\n    <a class=\"promotionalLink\" href=\"https:\/\/app.talkpal.ai\/signup?lng=\">Bain triail as Talkpal saor in aisce<\/a>\r\n<\/section>\n<div class=\"wp-block-group pageContainerStyle\"><div class=\"wp-block-group__inner-container is-layout-constrained wp-block-group-is-layout-constrained\">\n<h2 class=\"wp-block-heading\" id=\"h-malay-grammar-exploring-the-richness-of-bahasa-melayu\">Gramadach na Malaeise: Ag ini\u00fachadh saibhreas Bahasa Melayu<\/h2>\n\n\n\n<p>T\u00e1 an teanga Malaeise, n\u00f3 <a href=\"https:\/\/talkpal.ai\/ms\/belajar-bahasa-melayu\/\">Bahasa Melayu<\/a>, i measc na dteangacha is m\u00f3 a labhra\u00edtear ar domhan, ag aont\u00fa pobail \u00e9ags\u00fala na Malaeisia, na hIndin\u00e9ise, Br\u00fain\u00e9, agus Singeap\u00f3r. Agus t\u00fa ag foghlaim na Malaeise, gheobhaidh t\u00fa amach go tapa \u00e1illeacht a ghramada\u00ed agus a th\u00edrdhreach teangeola\u00edoch at\u00e1 ag f\u00e1s. T\u00e1 s\u00e9 mar aidhm ag an alt seo cro\u00edphrionsabail na gramada\u00ed Malaeis a <a href=\"https:\/\/talkpal.ai\/locations\/language-courses-in-chur\/\">chur<\/a> in aithne duit, agus t\u00fa a threor\u00fa chun an teanga ild\u00e1nach seo a thuiscint agus a thuiscint n\u00edos fearr.<\/p>\n\n\n\n<h3 class=\"wp-block-heading\" id=\"h-1-nouns-simplicity-rules\">1. Ainmfhocail &#8211; Rialacha Simpl\u00edochta<\/h3>\n\n\n\n<p>I gcodarsnacht le teangacha eile, n\u00edl claonadh n\u00e1 aicmi\u00fa inscne ag <a href=\"https:\/\/talkpal.ai\/grammar\/\">gramadach<\/a> na Malaeis d\u00e1 ainmfhocail. Ina \u00e1it sin, cuireann \u00fas\u00e1id ainmfhocal b\u00e9im l\u00e1idir ar simpl\u00edocht. Crutha\u00edtear foirmeacha iolra d&#8217;ainmfhocail tr\u00ed iad a dh\u00fabailt. Fuaimeanna \u00e9asca, ceart? Mar shampla, is \u00e9 &#8220;\u00fall&#8221; &#8220;buah epal,&#8221; mar sin \u00e9ir\u00edonn &#8220;\u00falla&#8221; ina &#8220;buah-buah epal.&#8221; Is f\u00e9idir leat an d\u00fabailt a scaoileadh i gcaint neamhfhoirmi\u00fail.<\/p>\n\n\n\n<h3 class=\"wp-block-heading\" id=\"h-2-adjectives-straightforward-descriptions\">2. Adjectives &#8211; Tuairisc\u00ed Simpl\u00ed<\/h3>\n\n\n\n<p>Fanann aidiachta\u00ed na Malaeis gan athr\u00fa beag beann ar an ainmfhocal a thuairisc\u00edonn siad, rud a fh\u00e1gann go bhfuil siad thar a bheith \u00e9asca le h\u00fas\u00e1id \u2013 fianaise eile ar simpl\u00edocht na teanga. Tagann socr\u00fach\u00e1n aidiachta i ndiaidh an ainmfhocail, ag cruth\u00fa sreabhadh taitneamhach in abairt\u00ed. Mar shampla, is \u00e9 &#8220;teach m\u00f3r&#8221; n\u00e1 &#8220;rumah besar,&#8221; le &#8220;rumah&#8221; ag tagairt do &#8220;teach&#8221; agus &#8220;besar&#8221; a chialla\u00edonn &#8220;m\u00f3r.&#8221;<\/p>\n\n\n\n<h3 class=\"wp-block-heading\" id=\"h-3-verbs-the-magic-of-prefixes-and-suffixes\">3. Briathra &#8211; Dra\u00edocht na r\u00e9im\u00edreanna agus na n-iarmh\u00edreanna<\/h3>\n\n\n\n<p>T\u00e1 sol\u00fabthacht ag briathra Malaeis at\u00e1 spreag\u00fail agus d\u00edreach. I Bahasa Melayu, n\u00ed chuirtear aimsir in i\u00fal go sainr\u00e1ite tr\u00ed fhoirmeacha briathartha; ina ionad sin, l\u00e9ir\u00edtear iad tr\u00ed chomhth\u00e9acs n\u00f3 marc\u00f3ir\u00ed <a href=\"https:\/\/talkpal.ai\/locations\/language-courses-in-ama\/\">ama<\/a>. Ina theannta sin, baineann an Mhalaeis \u00fas\u00e1id fhorleathan as r\u00e9im\u00edreanna agus iarmh\u00edreanna chun gn\u00e9ithe \u00e9ags\u00fala briathar a chur in i\u00fal.<\/p>\n\n\n\n<p>T\u00e1 tr\u00ed phr\u00edomhr\u00e9im\u00edr ann: &#8220;meN-&#8220;, &#8220;ber-&#8220;, agus &#8220;ter-&#8220;. T\u00e1 r\u00e9imse leathan \u00fas\u00e1id\u00ed ag an r\u00e9im\u00edr &#8220;meN-&#8220;, lena n-\u00e1ir\u00edtear briathra gn\u00edomhacha a fhoirmi\u00fa agus gn\u00edomhartha c\u00faiseacha a l\u00e9iri\u00fa. Idir an d\u00e1 linn, cialla\u00edonn &#8220;ber-&#8221; gn\u00edomhartha intransitive, agus l\u00e9ir\u00edonn &#8220;ter-&#8221; eachtra\u00ed de thaisme n\u00f3 gn\u00edomhartha \u00e9ighn\u00edomhacha. T\u00e1 s\u00e9 t\u00e1bhachtach a thabhairt faoi deara go bhf\u00e9adfadh gach r\u00e9im\u00edr athruithe beaga litrithe a spreagadh ar an mbonbhriathar.<\/p>\n\n\n\n<p>Cuid\u00edonn iarmh\u00edreanna, mar shampla &#8220;-kan&#8221; agus &#8220;-i&#8221;, le saini\u00falacht bhreise a shol\u00e1thar, agus insteallann an t-infix &#8220;-el-&#8221; d\u00e9ine don bhriathar <a href=\"https:\/\/talkpal.ai\/de\/locations\/englisch-lernen-in-bonn\/\">bonn<\/a>.<\/p>\n\n\n\n<h3 class=\"wp-block-heading\" id=\"h-4-prepositions-amp-particles-adding-flavor-to-sentences\">4. R\u00e9amhfhocail &amp; C\u00e1ithn\u00edn\u00ed &#8211; Blas a Chur le Abairt\u00ed<\/h3>\n\n\n\n<p>T\u00e1 r\u00f3l r\u00edth\u00e1bhachtach ag r\u00e9amhfhocail agus c\u00e1ithn\u00edn\u00ed i ngramadach na Malaeise, ag feidhmi\u00fa mar gli\u00fa teangeola\u00edoch agus ag sol\u00e1thar comhth\u00e9acs riachtanach. Cuid\u00edonn r\u00e9amhfhocail, mar shampla &#8220;di&#8221; (at), &#8220;ke&#8221; (chun), agus &#8220;dari&#8221; (\u00f3), le caidreamh a bhun\u00fa idir focail. Ar an l\u00e1imh eile, \u00fas\u00e1idtear c\u00e1ithn\u00edn\u00ed, cos\u00fail le &#8220;lah,&#8221; &#8220;kah,&#8221; agus &#8220;pun,&#8221; chun b\u00e9im, moth\u00fach\u00e1n agus comhartha\u00ed ceiste a chur le habairt\u00ed.<\/p>\n\n\n\n<p>Mar shampla, \u00e9ir\u00edonn an abairt &#8220;Kamu pergi sana,&#8221; rud a chialla\u00edonn &#8220;T\u00e9ann t\u00fa ann,&#8221; n\u00edos emphatic m\u00e1 chuireann t\u00fa &#8220;lah&#8221; ag an deireadh: &#8220;Kamu pergi sana lah.&#8221; Cialla\u00edonn s\u00e9 anois &#8220;T\u00e9ann t\u00fa ann (ceart anois).&#8221;<\/p>\n\n\n\n<h3 class=\"wp-block-heading\" id=\"h-5-embracing-the-journey\">5. Ag glacadh leis an Turas<\/h3>\n\n\n\n<p>C\u00e9 go bhf\u00e9adfadh <a href=\"https:\/\/talkpal.ai\/malay-grammar\/\">gramadach na Malaeis<\/a> a bheith simpl\u00ed i gcompar\u00e1id le teangacha eile, t\u00e1 a \u00e1illeacht sa saibhreas agus san \u00e9ags\u00falacht nathanna a bhaintear amach tr\u00ed rialacha simpl\u00ed. Cuirfidh an \u00e9asca\u00edocht a bhaineann le gramadach na Malaeis a fhoghlaim ar do chumas dul i ngleic leis an domhan \u00e9ags\u00fail ina labhra\u00edtear Malaeis ar bhealach n\u00edos \u00e9ifeachta\u00ed agus t\u00fa f\u00e9in a thumadh ina chult\u00far uath\u00fail.<\/p>\n\n\n\n<p>Sula dt\u00e9ann t\u00fa isteach i saol Bahasa Melayu, cuimhnigh go mb&#8217;fh\u00e9idir nach mbeadh an turas r\u00e9idh i gc\u00f3na\u00ed. Coinnigh intinn oscailte, t\u00e9igh i dteagmh\u00e1il le cainteoir\u00ed d\u00fachais, agus, n\u00edos t\u00e1bhachta\u00ed f\u00f3s, taitneamh a bhaint as an eisp\u00e9ireas a bhaineann leis na nuances laistigh den teanga \u00e1lainn seo a fhionnadh. Selamat belajar &#8211; foghlaim shona!<\/p>\n<\/div><\/div>\n\r\n<section class=\"learnNavigationSection\">\r\n            \r\n        <a href=\"https:\/\/talkpal.ai\/ga\/foghlaim-malaeis\/\">\r\n            <div class=\"learnNavigationWrapper\">\r\n                <div class=\"learnNavigationContent\">\r\n                    <img decoding=\"async\" src=\"https:\/\/talkpal.ai\/wp-content\/uploads\/2024\/08\/Malay.jpg\" alt=\"Malaysian Flag\">\r\n                    <div>\r\n                        <h4>Maidir le Foghlaim na Malaeis<\/h4>\r\n                        <p>Faigh amach gach rud faoi ghramadach na Malaeise.<\/p>\r\n                    <\/div>\r\n                <\/div>\r\n            <\/div>\r\n        <\/a>\r\n\r\n        \r\n        <a href=\"https:\/\/talkpal.ai\/ga\/cleachtai-gramadai-malaeise\/\">\r\n            <div class=\"learnNavigationWrapper\">\r\n                <div class=\"learnNavigationContent\">\r\n                    <img decoding=\"async\" src=\"https:\/\/talkpal.ai\/wp-content\/uploads\/2024\/08\/Malay.jpg\" alt=\"Malaysian Flag\">\r\n                    <div>\r\n                        <h4>Cleachtadh Gramada\u00ed na Malaeis<\/h4>\r\n                        <p>Cleachtadh gramadach na Malaeis<\/p>\r\n                    <\/div>\r\n                <\/div>\r\n            <\/div>\r\n        <\/a>\r\n\r\n        \r\n        <a href=\"https:\/\/talkpal.ai\/vocabulary_language\/malay\/\">\r\n            <div class=\"learnNavigationWrapper\">\r\n                <div class=\"learnNavigationContent\">\r\n                    <img decoding=\"async\" src=\"https:\/\/talkpal.ai\/wp-content\/uploads\/2024\/08\/Malay.jpg\" alt=\"Malaysian Flag\">\r\n                    <div>\r\n                        <h4>St\u00f3r Focal na Malaeis<\/h4>\r\n                        <p>Leathnaigh do st\u00f3r focal Malaeise.<\/p>\r\n                    <\/div>\r\n                <\/div>\r\n            <\/div>\r\n        <\/a>\r\n\r\n            <\/section>","protected":false},"excerpt":{"rendered":"<p>Gramadach na Malaeise: Ag ini\u00fachadh saibhreas Bahasa Melayu T\u00e1 an teanga Malaeise, n\u00f3 Bahasa Melayu, i measc na dteangacha is m\u00f3 a labhra\u00edtear ar domhan, ag aont\u00fa pobail \u00e9ags\u00fala na Malaeisia, na hIndin\u00e9ise, Br\u00fain\u00e9, agus Singeap\u00f3r. Agus t\u00fa ag foghlaim na Malaeise, gheobhaidh t\u00fa amach go tapa \u00e1illeacht a ghramada\u00ed agus a th\u00edrdhreach teangeola\u00edoch at\u00e1 [&hellip;]<\/p>\n","protected":false},"author":1,"featured_media":1444112,"parent":0,"menu_order":0,"comment_status":"closed","ping_status":"closed","template":"LearningContentPage.php","meta":{"_acf_changed":false,"footnotes":""},"class_list":["post-1444110","page","type-page","status-publish","has-post-thumbnail","hentry"],"acf":[],"yoast_head":"<!-- This site is optimized with the Yoast SEO Premium plugin v27.2 (Yoast SEO v27.2) - https:\/\/yoast.com\/product\/yoast-seo-premium-wordpress\/ -->\n<title>Gramadach na Malaeis - Talkpal<\/title>\n<meta name=\"description\" content=\"D\u00e9an ini\u00fachadh ar ghramadach na Malaeis agus foghlaim conas is f\u00e9idir lena simpl\u00edocht feabhas a chur ar do thuiscint ar an teanga Malaeis.\" \/>\n<meta name=\"robots\" content=\"index, follow, max-snippet:-1, max-image-preview:large, max-video-preview:-1\" \/>\n<link rel=\"canonical\" href=\"https:\/\/talkpal.ai\/ga\/gramadach-na-malaeis\/\" \/>\n<meta property=\"og:locale\" content=\"ga_IE\" \/>\n<meta property=\"og:type\" content=\"article\" \/>\n<meta property=\"og:title\" content=\"Gramadach na Malaeis\" \/>\n<meta property=\"og:description\" content=\"Gramadach na Malaeise: Ag ini\u00fachadh saibhreas Bahasa Melayu T\u00e1 an teanga Malaeise, n\u00f3 Bahasa Melayu, i measc na dteangacha is m\u00f3 a labhra\u00edtear ar domhan,\" \/>\n<meta property=\"og:url\" content=\"https:\/\/talkpal.ai\/ga\/gramadach-na-malaeis\/\" \/>\n<meta property=\"og:site_name\" content=\"Talkpal\" \/>\n<meta property=\"article:publisher\" content=\"https:\/\/www.facebook.com\/profile.php?id=100090733639311\" \/>\n<meta property=\"article:modified_time\" content=\"2025-12-17T16:41:12+00:00\" \/>\n<meta property=\"og:image\" content=\"https:\/\/talkpal.ai\/wp-content\/uploads\/2023\/05\/malaysia.png\" \/>\n\t<meta property=\"og:image:width\" content=\"512\" \/>\n\t<meta property=\"og:image:height\" content=\"512\" \/>\n\t<meta property=\"og:image:type\" content=\"image\/png\" \/>\n<meta name=\"twitter:card\" content=\"summary_large_image\" \/>\n<meta name=\"twitter:site\" content=\"@talkpalai\" \/>\n<meta name=\"twitter:label1\" content=\"Est. reading time\" \/>\n\t<meta name=\"twitter:data1\" content=\"4 minutes\" \/>\n<script type=\"application\/ld+json\" class=\"yoast-schema-graph\">{\"@context\":\"https:\/\/schema.org\",\"@graph\":[{\"@type\":\"WebPage\",\"@id\":\"https:\/\/talkpal.ai\/ga\/gramadach-na-malaeis\/\",\"url\":\"https:\/\/talkpal.ai\/ga\/gramadach-na-malaeis\/\",\"name\":\"Gramadach na Malaeis - Talkpal\",\"isPartOf\":{\"@id\":\"https:\/\/talkpal.ai\/ga\/#website\"},\"primaryImageOfPage\":{\"@id\":\"https:\/\/talkpal.ai\/ga\/gramadach-na-malaeis\/#primaryimage\"},\"image\":{\"@id\":\"https:\/\/talkpal.ai\/ga\/gramadach-na-malaeis\/#primaryimage\"},\"thumbnailUrl\":\"https:\/\/talkpal.ai\/wp-content\/uploads\/2023\/05\/malaysia.png\",\"datePublished\":\"2023-05-14T14:11:47+00:00\",\"dateModified\":\"2025-12-17T16:41:12+00:00\",\"description\":\"D\u00e9an ini\u00fachadh ar ghramadach na Malaeis agus foghlaim conas is f\u00e9idir lena simpl\u00edocht feabhas a chur ar do thuiscint ar an teanga Malaeis.\",\"breadcrumb\":{\"@id\":\"https:\/\/talkpal.ai\/ga\/gramadach-na-malaeis\/#breadcrumb\"},\"inLanguage\":\"ga-IE\",\"potentialAction\":[{\"@type\":\"ReadAction\",\"target\":[\"https:\/\/talkpal.ai\/ga\/gramadach-na-malaeis\/\"]}]},{\"@type\":\"ImageObject\",\"inLanguage\":\"ga-IE\",\"@id\":\"https:\/\/talkpal.ai\/ga\/gramadach-na-malaeis\/#primaryimage\",\"url\":\"https:\/\/talkpal.ai\/wp-content\/uploads\/2023\/05\/malaysia.png\",\"contentUrl\":\"https:\/\/talkpal.ai\/wp-content\/uploads\/2023\/05\/malaysia.png\",\"width\":512,\"height\":512,\"caption\":\"TalkPal Malaysia Flag\"},{\"@type\":\"BreadcrumbList\",\"@id\":\"https:\/\/talkpal.ai\/ga\/gramadach-na-malaeis\/#breadcrumb\",\"itemListElement\":[{\"@type\":\"ListItem\",\"position\":1,\"name\":\"Homepage\",\"item\":\"https:\/\/talkpal.ai\/ga\/\"},{\"@type\":\"ListItem\",\"position\":2,\"name\":\"Gramadach na Malaeis\"}]},{\"@type\":\"WebSite\",\"@id\":\"https:\/\/talkpal.ai\/ga\/#website\",\"url\":\"https:\/\/talkpal.ai\/ga\/\",\"name\":\"Talkpal\",\"description\":\"AI Language Learning\",\"publisher\":{\"@id\":\"https:\/\/talkpal.ai\/ga\/#organization\"},\"alternateName\":\"Talkpal AI\",\"potentialAction\":[{\"@type\":\"SearchAction\",\"target\":{\"@type\":\"EntryPoint\",\"urlTemplate\":\"https:\/\/talkpal.ai\/ga\/?s={search_term_string}\"},\"query-input\":{\"@type\":\"PropertyValueSpecification\",\"valueRequired\":true,\"valueName\":\"search_term_string\"}}],\"inLanguage\":\"ga-IE\"},{\"@type\":\"Organization\",\"@id\":\"https:\/\/talkpal.ai\/ga\/#organization\",\"name\":\"Talkpal, Inc.\",\"alternateName\":\"Talkpal AI\",\"url\":\"https:\/\/talkpal.ai\/ga\/\",\"logo\":{\"@type\":\"ImageObject\",\"inLanguage\":\"ga-IE\",\"@id\":\"https:\/\/talkpal.ai\/ga\/#\/schema\/logo\/image\/\",\"url\":\"https:\/\/talkpal.ai\/wp-content\/uploads\/2024\/03\/Talkpal-Logo-Icon.png\",\"contentUrl\":\"https:\/\/talkpal.ai\/wp-content\/uploads\/2024\/03\/Talkpal-Logo-Icon.png\",\"width\":2880,\"height\":2880,\"caption\":\"Talkpal, Inc.\"},\"image\":{\"@id\":\"https:\/\/talkpal.ai\/ga\/#\/schema\/logo\/image\/\"},\"sameAs\":[\"https:\/\/www.facebook.com\/profile.php?id=100090733639311\",\"https:\/\/x.com\/talkpalai\",\"https:\/\/www.linkedin.com\/company\/talkpal\/\",\"https:\/\/www.youtube.com\/@TalkPal\/\",\"https:\/\/www.tiktok.com\/@talkpal\",\"https:\/\/www.instagram.com\/talkpal_ai\/\",\"https:\/\/www.crunchbase.com\/organization\/talkpal-9cde\",\"https:\/\/www.g2.com\/products\/talkpal-for-business\/\",\"https:\/\/www.trustpilot.com\/review\/talkpal.ai\",\"https:\/\/www.capterra.com\/p\/10006800\/TalkPal\/\"],\"description\":\"Talkpal is a language learning web and mobile education app, powered by the latest AI technologies, that provides engaging experiences to its customers in many different languages to help them improve their language skills. Users can chat about unlimited amount of topics with the app and use other modes to practice their language learning.\",\"email\":\"support@talkpal.ai\",\"legalName\":\"Talkpal, Inc.\",\"foundingDate\":\"2023-04-03\",\"duns\":\"118989042\",\"numberOfEmployees\":{\"@type\":\"QuantitativeValue\",\"minValue\":\"11\",\"maxValue\":\"50\"},\"publishingPrinciples\":\"https:\/\/talkpal.ai\/publishing-principles\/\",\"actionableFeedbackPolicy\":\"https:\/\/talkpal.ai\/actionable-feedback-policy\/\",\"correctionsPolicy\":\"https:\/\/talkpal.ai\/corrections-policy\/\",\"ethicsPolicy\":\"https:\/\/talkpal.ai\/ethics-policy\/\",\"diversityPolicy\":\"https:\/\/talkpal.ai\/diversity-policy\/\",\"diversityStaffingReport\":\"https:\/\/talkpal.ai\/diversity-policy\/\"}]}<\/script>\n<!-- \/ Yoast SEO Premium plugin. -->","yoast_head_json":{"title":"Gramadach na Malaeis - Talkpal","description":"D\u00e9an ini\u00fachadh ar ghramadach na Malaeis agus foghlaim conas is f\u00e9idir lena simpl\u00edocht feabhas a chur ar do thuiscint ar an teanga Malaeis.","robots":{"index":"index","follow":"follow","max-snippet":"max-snippet:-1","max-image-preview":"max-image-preview:large","max-video-preview":"max-video-preview:-1"},"canonical":"https:\/\/talkpal.ai\/ga\/gramadach-na-malaeis\/","og_locale":"ga_IE","og_type":"article","og_title":"Gramadach na Malaeis","og_description":"Gramadach na Malaeise: Ag ini\u00fachadh saibhreas Bahasa Melayu T\u00e1 an teanga Malaeise, n\u00f3 Bahasa Melayu, i measc na dteangacha is m\u00f3 a labhra\u00edtear ar domhan,","og_url":"https:\/\/talkpal.ai\/ga\/gramadach-na-malaeis\/","og_site_name":"Talkpal","article_publisher":"https:\/\/www.facebook.com\/profile.php?id=100090733639311","article_modified_time":"2025-12-17T16:41:12+00:00","og_image":[{"width":512,"height":512,"url":"https:\/\/talkpal.ai\/wp-content\/uploads\/2023\/05\/malaysia.png","type":"image\/png"}],"twitter_card":"summary_large_image","twitter_site":"@talkpalai","twitter_misc":{"Est. reading time":"4 minutes"},"schema":{"@context":"https:\/\/schema.org","@graph":[{"@type":"WebPage","@id":"https:\/\/talkpal.ai\/ga\/gramadach-na-malaeis\/","url":"https:\/\/talkpal.ai\/ga\/gramadach-na-malaeis\/","name":"Gramadach na Malaeis - Talkpal","isPartOf":{"@id":"https:\/\/talkpal.ai\/ga\/#website"},"primaryImageOfPage":{"@id":"https:\/\/talkpal.ai\/ga\/gramadach-na-malaeis\/#primaryimage"},"image":{"@id":"https:\/\/talkpal.ai\/ga\/gramadach-na-malaeis\/#primaryimage"},"thumbnailUrl":"https:\/\/talkpal.ai\/wp-content\/uploads\/2023\/05\/malaysia.png","datePublished":"2023-05-14T14:11:47+00:00","dateModified":"2025-12-17T16:41:12+00:00","description":"D\u00e9an ini\u00fachadh ar ghramadach na Malaeis agus foghlaim conas is f\u00e9idir lena simpl\u00edocht feabhas a chur ar do thuiscint ar an teanga Malaeis.","breadcrumb":{"@id":"https:\/\/talkpal.ai\/ga\/gramadach-na-malaeis\/#breadcrumb"},"inLanguage":"ga-IE","potentialAction":[{"@type":"ReadAction","target":["https:\/\/talkpal.ai\/ga\/gramadach-na-malaeis\/"]}]},{"@type":"ImageObject","inLanguage":"ga-IE","@id":"https:\/\/talkpal.ai\/ga\/gramadach-na-malaeis\/#primaryimage","url":"https:\/\/talkpal.ai\/wp-content\/uploads\/2023\/05\/malaysia.png","contentUrl":"https:\/\/talkpal.ai\/wp-content\/uploads\/2023\/05\/malaysia.png","width":512,"height":512,"caption":"TalkPal Malaysia Flag"},{"@type":"BreadcrumbList","@id":"https:\/\/talkpal.ai\/ga\/gramadach-na-malaeis\/#breadcrumb","itemListElement":[{"@type":"ListItem","position":1,"name":"Homepage","item":"https:\/\/talkpal.ai\/ga\/"},{"@type":"ListItem","position":2,"name":"Gramadach na Malaeis"}]},{"@type":"WebSite","@id":"https:\/\/talkpal.ai\/ga\/#website","url":"https:\/\/talkpal.ai\/ga\/","name":"Talkpal","description":"AI Language Learning","publisher":{"@id":"https:\/\/talkpal.ai\/ga\/#organization"},"alternateName":"Talkpal AI","potentialAction":[{"@type":"SearchAction","target":{"@type":"EntryPoint","urlTemplate":"https:\/\/talkpal.ai\/ga\/?s={search_term_string}"},"query-input":{"@type":"PropertyValueSpecification","valueRequired":true,"valueName":"search_term_string"}}],"inLanguage":"ga-IE"},{"@type":"Organization","@id":"https:\/\/talkpal.ai\/ga\/#organization","name":"Talkpal, Inc.","alternateName":"Talkpal AI","url":"https:\/\/talkpal.ai\/ga\/","logo":{"@type":"ImageObject","inLanguage":"ga-IE","@id":"https:\/\/talkpal.ai\/ga\/#\/schema\/logo\/image\/","url":"https:\/\/talkpal.ai\/wp-content\/uploads\/2024\/03\/Talkpal-Logo-Icon.png","contentUrl":"https:\/\/talkpal.ai\/wp-content\/uploads\/2024\/03\/Talkpal-Logo-Icon.png","width":2880,"height":2880,"caption":"Talkpal, Inc."},"image":{"@id":"https:\/\/talkpal.ai\/ga\/#\/schema\/logo\/image\/"},"sameAs":["https:\/\/www.facebook.com\/profile.php?id=100090733639311","https:\/\/x.com\/talkpalai","https:\/\/www.linkedin.com\/company\/talkpal\/","https:\/\/www.youtube.com\/@TalkPal\/","https:\/\/www.tiktok.com\/@talkpal","https:\/\/www.instagram.com\/talkpal_ai\/","https:\/\/www.crunchbase.com\/organization\/talkpal-9cde","https:\/\/www.g2.com\/products\/talkpal-for-business\/","https:\/\/www.trustpilot.com\/review\/talkpal.ai","https:\/\/www.capterra.com\/p\/10006800\/TalkPal\/"],"description":"Talkpal is a language learning web and mobile education app, powered by the latest AI technologies, that provides engaging experiences to its customers in many different languages to help them improve their language skills. Users can chat about unlimited amount of topics with the app and use other modes to practice their language learning.","email":"support@talkpal.ai","legalName":"Talkpal, Inc.","foundingDate":"2023-04-03","duns":"118989042","numberOfEmployees":{"@type":"QuantitativeValue","minValue":"11","maxValue":"50"},"publishingPrinciples":"https:\/\/talkpal.ai\/publishing-principles\/","actionableFeedbackPolicy":"https:\/\/talkpal.ai\/actionable-feedback-policy\/","correctionsPolicy":"https:\/\/talkpal.ai\/corrections-policy\/","ethicsPolicy":"https:\/\/talkpal.ai\/ethics-policy\/","diversityPolicy":"https:\/\/talkpal.ai\/diversity-policy\/","diversityStaffingReport":"https:\/\/talkpal.ai\/diversity-policy\/"}]}},"_links":{"self":[{"href":"https:\/\/talkpal.ai\/ga\/wp-json\/wp\/v2\/pages\/1444110","targetHints":{"allow":["GET"]}}],"collection":[{"href":"https:\/\/talkpal.ai\/ga\/wp-json\/wp\/v2\/pages"}],"about":[{"href":"https:\/\/talkpal.ai\/ga\/wp-json\/wp\/v2\/types\/page"}],"author":[{"embeddable":true,"href":"https:\/\/talkpal.ai\/ga\/wp-json\/wp\/v2\/users\/1"}],"replies":[{"embeddable":true,"href":"https:\/\/talkpal.ai\/ga\/wp-json\/wp\/v2\/comments?post=1444110"}],"version-history":[{"count":0,"href":"https:\/\/talkpal.ai\/ga\/wp-json\/wp\/v2\/pages\/1444110\/revisions"}],"wp:featuredmedia":[{"embeddable":true,"href":"https:\/\/talkpal.ai\/ga\/wp-json\/wp\/v2\/media\/1444112"}],"wp:attachment":[{"href":"https:\/\/talkpal.ai\/ga\/wp-json\/wp\/v2\/media?parent=1444110"}],"curies":[{"name":"wp","href":"https:\/\/api.w.org\/{rel}","templated":true}]}}