{"id":1444105,"date":"2023-05-14T14:09:47","date_gmt":"2023-05-14T14:09:47","guid":{"rendered":"https:\/\/talkpal.ai\/gramadach-kannada\/"},"modified":"2025-12-11T16:23:20","modified_gmt":"2025-12-11T16:23:20","slug":"gramadach-kannada","status":"publish","type":"page","link":"https:\/\/talkpal.ai\/ga\/gramadach-kannada\/","title":{"rendered":"Gramadach Kannada"},"content":{"rendered":"\r\n\r\n\r\n<section class=\"languageChallengeSection\">\r\n    <div class=\"languageInfoWrapper\">\r\n        \r\n        <h1>Gramadach Kannada<\/h1>\r\n        <p>Ar b\u00eds chun ini\u00fachadh a dh\u00e9anamh ar <a href=\"https:\/\/talkpal.ai\/learn-kannada\/\">Kannada<\/a>? L\u00e9im isteach i ngramadach Kannada, ina bhfuil conjugations briathar saibhir, ainmfhocail inscne, agus c\u00f3ras c\u00e1is loighci\u00fail a thugann beocht don teanga. Tosaigh ag foghlaim inniu &#8211; tabharfaidh m\u00e1istreacht ar ghramadach Kannada na huirlis\u00ed duit chun ceangal domhain a dh\u00e9anamh le cult\u00far br\u00edomhar Karnataka agus cumars\u00e1id a dh\u00e9anamh le muin\u00edn i gceann de na teangacha is l\u00e9irith\u00ed san India Theas!<\/p>\r\n\r\n                            <a class=\"getStartedHidden\" href=\"https:\/\/app.talkpal.ai\/signup?lng=\">Tosaigh<\/a>\r\n        \r\n    <\/div>\r\n\r\n    <figure>\r\n    <img decoding=\"async\" width=\"768\" height=\"768\" src=\"https:\/\/talkpal.ai\/wp-content\/uploads\/2023\/06\/Kannada-768x768.png\" class=\"languageImage no-lazy\" alt=\"Language learning for increased mental flexibility\" fetchpriority=\"high\" sizes=\"(max-width: 768px) 150px, 768px\" srcset=\"https:\/\/talkpal.ai\/wp-content\/uploads\/2023\/06\/Kannada-768x768.png 768w, https:\/\/talkpal.ai\/wp-content\/uploads\/2023\/06\/Kannada-300x300.png 300w\" \/>\r\n    \r\n\r\n    <\/figure>\r\n\r\n            <a class=\"getStartedVisible\" href=\"https:\/\/app.talkpal.ai\/signup?lng=\">Tosaigh<\/a>\r\n    \r\n<\/section>\r\n<section class=\"promotionalBanner\">\r\n    <p class=\"promotionalText\">An bealach is \u00e9ifeachta\u00ed le teanga a fhoghlaim<\/p>\r\n    <a class=\"promotionalLink\" href=\"https:\/\/app.talkpal.ai\/signup?lng=\">Bain triail as Talkpal saor in aisce<\/a>\r\n<\/section>\n<div class=\"wp-block-group pageContainerStyle\"><div class=\"wp-block-group__inner-container is-layout-constrained wp-block-group-is-layout-constrained\">\n<h2 class=\"wp-block-heading\" id=\"h-kannada-grammar-an-insight-into-the-richness-of-the-dravidian-language\">Gramadach Kannada: L\u00e9argas ar Shaibhreas na Teanga Dravidian<\/h2>\n\n\n\n<p>Ar smaoinigh t\u00fa riamh faoi \u00e9ags\u00falacht teanga na <a href=\"https:\/\/talkpal.ai\/learn-hindi\/\">hIndia<\/a>? Mar d\u00edograiseoir teanga n\u00f3 mar fhoghlaimeoir fiosrach, b&#8217;fh\u00e9idir go mbeadh suim agat breathn\u00fa n\u00edos dl\u00faithe ar cheann de theangacha clasaiceacha na hIndia \u2013 Kannada. Is teanga Dravidian \u00ed Kannada a labhra\u00edtear go pr\u00edomha i st\u00e1t theas Karnataka. Is \u00ed an teanga dh\u00fachais at\u00e1 ag thart ar 44 milli\u00fan duine, rud a fh\u00e1gann go bhfuil s\u00ed ar cheann de na m\u00f3rtheangacha Indiacha. D\u00e9anaimis tumadh go domhain i ndomhan suimi\u00fail na gramada\u00ed Kannada agus n\u00edos m\u00f3 a fhoghlaim faoin teanga \u00e1lainn seo.<\/p>\n\n\n\n<h3 class=\"wp-block-heading\" id=\"h-the-linguistic-alphabet-kannada-script\">An Aib\u00edtir Teangeola\u00edoch: Script Kannada<\/h3>\n\n\n\n<p>Is abugida \u00e9 script Kannada, ar a dtugtar &#8220;\u0c95\u0ca8\u0ccd\u0ca8\u0ca1 \u0cb2\u0cbf\u0caa\u0cbf&#8221; (Kannada Lipi) freisin. L\u00e9ir\u00edonn gach litir teaglaim consan-guta difri\u00fail. T\u00e1 49 carachtar sa script, lena n-\u00e1ir\u00edtear 34 consan agus 13 guta. Le cuma amhairc ar <a href=\"https:\/\/talkpal.ai\/locations\/language-courses-in-leith\/\">leith<\/a>, is bealach iontach uath\u00fail \u00e9 an script Kannada chun fuaimeanna agus br\u00edonna na teanga a <a href=\"https:\/\/talkpal.ai\/locations\/language-courses-in-chur\/\">chur<\/a> in i\u00fal.<\/p>\n\n\n\n<h3 class=\"wp-block-heading\" id=\"h-nouns-pronouns-and-cases-more-than-meets-the-eye\">Ainmfhocail, Forainmneacha, agus C\u00e1sanna &#8211; N\u00edos m\u00f3 n\u00e1 mar a Thagann an tS\u00fail<\/h3>\n\n\n\n<p>T\u00e1 ainmfhocail Kannada uath\u00fail mar gheall ar a gc\u00f3ras declension \u2013 leanann siad c\u00f3ras c\u00e1sanna cos\u00fail le teangacha Dravidian eile. T\u00e1 ocht gc\u00e1s i Kannada, a chabhra\u00edonn leis an ngaol idir an t-ainmfhocal agus na focail eile san abairt a shainmh\u00edni\u00fa: nominative, accusative, instrumental, dative, ablative, genitive, locative, and vocative. Ranga\u00edtear ainmfhocail i Kannada freisin de r\u00e9ir inscne (firinscneach, baininscneach, agus neuter) agus uimhreacha (uatha, iolra, agus d\u00e9 &#8211; gn\u00e9 neamhchoitianta i measc teangacha Indiacha).<\/p>\n\n\n\n<p>T\u00e1 forainmneacha i Kannada suimi\u00fail freisin. T\u00e1 idirdhealuithe acu do gach duine (an ch\u00e9ad, an dara agus an tr\u00ed\u00fa duine), uimhir (uatha, iolra, agus d\u00e9), agus inscne (firinscneach, baininscneach, agus neuter). Ina theannta sin, t\u00e1 roinnt foirmeacha aitheasc oinigh ag Kannada, a l\u00e9ir\u00edonn gn\u00e9ithe cult\u00fartha na teanga de mheas agus dea-bh\u00e9as.<\/p>\n\n\n\n<h3 class=\"wp-block-heading\" id=\"h-venturing-into-verbs-tenses-aspects-and-moods\">Venturing into Verbs: Tenses, Aspects, and Moods<\/h3>\n\n\n\n<p>T\u00e1 c\u00f3ras saibhir comhchuingithe ag briathra Kannada. D\u00e9antar briathra a chomhchuingi\u00fa de r\u00e9ir aimsir (am at\u00e1 caite, l\u00e1ithreach, agus todhcha\u00ed), gn\u00e9 (foirfe n\u00f3 neamhfhoirfe), agus gi\u00famar (t\u00e1scach, riachtanach, agus coinn\u00edollach). Cuirtear castacht bhreise leis le briathra c\u00faiseacha agus guthanna \u00e9ighn\u00edomhacha agus gn\u00edomhacha a bheith ann. Braitheann an comhchuingi\u00fa ar an duine, ar an uimhir, agus ar an inscne, rud a fh\u00e1gann go bhfuil foirmeacha briathar Kannada an-infhillte agus intricate.<\/p>\n\n\n\n<h3 class=\"wp-block-heading\" id=\"h-adjectives-adverbs-and-more\">Aidiachta\u00ed, Adverbs, agus N\u00edos M\u00f3<\/h3>\n\n\n\n<p>Aonta\u00edonn aidiachta\u00ed agus uimhreacha Kannada leis na hainmfhocail a mhodhna\u00edonn siad i dt\u00e9arma\u00ed inscne, uimhreacha agus c\u00e1is. Is f\u00e9idir aidiachta\u00ed a infhilleadh ar an mbealach c\u00e9anna le hainmfhocail agus is f\u00e9idir iad a chomhcheangal fi\u00fa chun adverbs a fhoirmi\u00fa. \u00das\u00e1ideann an teanga comhcheangail, c\u00e1ithn\u00edn\u00ed agus r\u00e9amhfhocail \u00e9ags\u00fala freisin chun abairt\u00ed agus a gcomhph\u00e1irteanna a thabhairt le ch\u00e9ile i n-ioml\u00e1n comhth\u00e1ite agus l\u00e9iritheach.<\/p>\n\n\n\n<h3 class=\"wp-block-heading\" id=\"h-embracing-the-beauty-of-kannada-grammar\">Ag glacadh le h\u00e1illeacht ghramada\u00ed Kannada<\/h3>\n\n\n\n<p>T\u00e1 domhan na gramada\u00ed Kannada chomh suimi\u00fail agus at\u00e1 s\u00e9 casta. Tugann an c\u00f3ras c\u00e1is intricate, script uath\u00fail, agus foirmeacha briathar ard-infhillte a charm agus a saibhreas do Kannada. Tr\u00ed dhul isteach i r\u00e9ims\u00ed na teanga f\u00edor\u00e1lainn seo, gheobhaidh t\u00fa tuiscint n\u00edos doimhne ar \u00e9ags\u00falacht teanga agus chult\u00fartha na hIndia.<\/p>\n\n\n\n<p>Mar sin, c\u00e9n f\u00e1th nach nd\u00e9anf\u00e1 \u00e1illeacht Kannada a ini\u00fachadh tuilleadh? Le paisean agus fiosracht, b&#8217;fh\u00e9idir go mbeidh t\u00fa ag baint taitneamh as an litr\u00edocht, an phicti\u00farlann agus an cheol iontach sa teanga mhaorga seo. Foghlaim shona!<\/p>\n<\/div><\/div>\n\r\n<section class=\"learnNavigationSection\">\r\n            \r\n        <a href=\"https:\/\/talkpal.ai\/ga\/foghlaim-kannada\/\">\r\n            <div class=\"learnNavigationWrapper\">\r\n                <div class=\"learnNavigationContent\">\r\n                    <img decoding=\"async\" src=\"https:\/\/talkpal.ai\/wp-content\/uploads\/2024\/08\/Kannada.jpg\" alt=\"Indian Simplified Flag\">\r\n                    <div>\r\n                        <h4>Maidir le Foghlaim Kannada<\/h4>\r\n                        <p>Faigh amach gach rud faoi ghramadach Kannada.<\/p>\r\n                    <\/div>\r\n                <\/div>\r\n            <\/div>\r\n        <\/a>\r\n\r\n        \r\n        <a href=\"https:\/\/talkpal.ai\/ga\/cleachtai-gramadai-kannada\/\">\r\n            <div class=\"learnNavigationWrapper\">\r\n                <div class=\"learnNavigationContent\">\r\n                    <img decoding=\"async\" src=\"https:\/\/talkpal.ai\/wp-content\/uploads\/2024\/08\/Kannada.jpg\" alt=\"Indian Simplified Flag\">\r\n                    <div>\r\n                        <h4>Cleachtadh Gramada\u00ed Kannada<\/h4>\r\n                        <p>Cleachtadh gramadach Kannada.<\/p>\r\n                    <\/div>\r\n                <\/div>\r\n            <\/div>\r\n        <\/a>\r\n\r\n        \r\n        <a href=\"https:\/\/talkpal.ai\/vocabulary_language\/kannada\/\">\r\n            <div class=\"learnNavigationWrapper\">\r\n                <div class=\"learnNavigationContent\">\r\n                    <img decoding=\"async\" src=\"https:\/\/talkpal.ai\/wp-content\/uploads\/2024\/08\/Kannada.jpg\" alt=\"Indian Simplified Flag\">\r\n                    <div>\r\n                        <h4>St\u00f3r Focal Kannada<\/h4>\r\n                        <p>Leathnaigh do st\u00f3r focal Kannada.<\/p>\r\n                    <\/div>\r\n                <\/div>\r\n            <\/div>\r\n        <\/a>\r\n\r\n            <\/section>","protected":false},"excerpt":{"rendered":"<p>Gramadach Kannada: L\u00e9argas ar Shaibhreas na Teanga Dravidian Ar smaoinigh t\u00fa riamh faoi \u00e9ags\u00falacht teanga na hIndia? Mar d\u00edograiseoir teanga n\u00f3 mar fhoghlaimeoir fiosrach, b&#8217;fh\u00e9idir go mbeadh suim agat breathn\u00fa n\u00edos dl\u00faithe ar cheann de theangacha clasaiceacha na hIndia \u2013 Kannada. Is teanga Dravidian \u00ed Kannada a labhra\u00edtear go pr\u00edomha i st\u00e1t theas Karnataka. Is [&hellip;]<\/p>\n","protected":false},"author":1,"featured_media":1444107,"parent":0,"menu_order":0,"comment_status":"closed","ping_status":"closed","template":"LearningContentPage.php","meta":{"_acf_changed":false,"footnotes":""},"class_list":["post-1444105","page","type-page","status-publish","has-post-thumbnail","hentry"],"acf":[],"yoast_head":"<!-- This site is optimized with the Yoast SEO Premium plugin v27.2 (Yoast SEO v27.2) - https:\/\/yoast.com\/product\/yoast-seo-premium-wordpress\/ -->\n<title>Gramadach Kannada - Talkpal<\/title>\n<meta name=\"description\" content=\"Foghlaim gramadach Kannada go muin\u00edneach - pr\u00edomhrialacha a thuiscint, t\u00f3g\u00e1il abairt\u00ed a gh\u00e9ar\u00fa, agus l\u00edofacht a threisi\u00fa\" \/>\n<meta name=\"robots\" content=\"index, follow, max-snippet:-1, max-image-preview:large, max-video-preview:-1\" \/>\n<link rel=\"canonical\" href=\"https:\/\/talkpal.ai\/ga\/gramadach-kannada\/\" \/>\n<meta property=\"og:locale\" content=\"ga_IE\" \/>\n<meta property=\"og:type\" content=\"article\" \/>\n<meta property=\"og:title\" content=\"Gramadach Kannada\" \/>\n<meta property=\"og:description\" content=\"Gramadach Kannada: L\u00e9argas ar Shaibhreas na Teanga Dravidian Ar smaoinigh t\u00fa riamh faoi \u00e9ags\u00falacht teanga na hIndia? Mar d\u00edograiseoir teanga n\u00f3 mar\" \/>\n<meta property=\"og:url\" content=\"https:\/\/talkpal.ai\/ga\/gramadach-kannada\/\" \/>\n<meta property=\"og:site_name\" content=\"Talkpal\" \/>\n<meta property=\"article:publisher\" content=\"https:\/\/www.facebook.com\/profile.php?id=100090733639311\" \/>\n<meta property=\"article:modified_time\" content=\"2025-12-11T16:23:20+00:00\" \/>\n<meta property=\"og:image\" content=\"https:\/\/talkpal.ai\/wp-content\/uploads\/2023\/05\/Kannada-india.png\" \/>\n\t<meta property=\"og:image:width\" content=\"512\" \/>\n\t<meta property=\"og:image:height\" content=\"512\" \/>\n\t<meta property=\"og:image:type\" content=\"image\/png\" \/>\n<meta name=\"twitter:card\" content=\"summary_large_image\" \/>\n<meta name=\"twitter:site\" content=\"@talkpalai\" \/>\n<meta name=\"twitter:label1\" content=\"Est. reading time\" \/>\n\t<meta name=\"twitter:data1\" content=\"3 minutes\" \/>\n<script type=\"application\/ld+json\" class=\"yoast-schema-graph\">{\"@context\":\"https:\/\/schema.org\",\"@graph\":[{\"@type\":\"WebPage\",\"@id\":\"https:\/\/talkpal.ai\/ga\/gramadach-kannada\/\",\"url\":\"https:\/\/talkpal.ai\/ga\/gramadach-kannada\/\",\"name\":\"Gramadach Kannada - Talkpal\",\"isPartOf\":{\"@id\":\"https:\/\/talkpal.ai\/ga\/#website\"},\"primaryImageOfPage\":{\"@id\":\"https:\/\/talkpal.ai\/ga\/gramadach-kannada\/#primaryimage\"},\"image\":{\"@id\":\"https:\/\/talkpal.ai\/ga\/gramadach-kannada\/#primaryimage\"},\"thumbnailUrl\":\"https:\/\/talkpal.ai\/wp-content\/uploads\/2023\/05\/Kannada-india.png\",\"datePublished\":\"2023-05-14T14:09:47+00:00\",\"dateModified\":\"2025-12-11T16:23:20+00:00\",\"description\":\"Foghlaim gramadach Kannada go muin\u00edneach - pr\u00edomhrialacha a thuiscint, t\u00f3g\u00e1il abairt\u00ed a gh\u00e9ar\u00fa, agus l\u00edofacht a threisi\u00fa\",\"breadcrumb\":{\"@id\":\"https:\/\/talkpal.ai\/ga\/gramadach-kannada\/#breadcrumb\"},\"inLanguage\":\"ga-IE\",\"potentialAction\":[{\"@type\":\"ReadAction\",\"target\":[\"https:\/\/talkpal.ai\/ga\/gramadach-kannada\/\"]}]},{\"@type\":\"ImageObject\",\"inLanguage\":\"ga-IE\",\"@id\":\"https:\/\/talkpal.ai\/ga\/gramadach-kannada\/#primaryimage\",\"url\":\"https:\/\/talkpal.ai\/wp-content\/uploads\/2023\/05\/Kannada-india.png\",\"contentUrl\":\"https:\/\/talkpal.ai\/wp-content\/uploads\/2023\/05\/Kannada-india.png\",\"width\":512,\"height\":512,\"caption\":\"TalkPal Kannada Flag\"},{\"@type\":\"BreadcrumbList\",\"@id\":\"https:\/\/talkpal.ai\/ga\/gramadach-kannada\/#breadcrumb\",\"itemListElement\":[{\"@type\":\"ListItem\",\"position\":1,\"name\":\"Homepage\",\"item\":\"https:\/\/talkpal.ai\/ga\/\"},{\"@type\":\"ListItem\",\"position\":2,\"name\":\"Gramadach Kannada\"}]},{\"@type\":\"WebSite\",\"@id\":\"https:\/\/talkpal.ai\/ga\/#website\",\"url\":\"https:\/\/talkpal.ai\/ga\/\",\"name\":\"Talkpal\",\"description\":\"AI Language Learning\",\"publisher\":{\"@id\":\"https:\/\/talkpal.ai\/ga\/#organization\"},\"alternateName\":\"Talkpal AI\",\"potentialAction\":[{\"@type\":\"SearchAction\",\"target\":{\"@type\":\"EntryPoint\",\"urlTemplate\":\"https:\/\/talkpal.ai\/ga\/?s={search_term_string}\"},\"query-input\":{\"@type\":\"PropertyValueSpecification\",\"valueRequired\":true,\"valueName\":\"search_term_string\"}}],\"inLanguage\":\"ga-IE\"},{\"@type\":\"Organization\",\"@id\":\"https:\/\/talkpal.ai\/ga\/#organization\",\"name\":\"Talkpal, Inc.\",\"alternateName\":\"Talkpal AI\",\"url\":\"https:\/\/talkpal.ai\/ga\/\",\"logo\":{\"@type\":\"ImageObject\",\"inLanguage\":\"ga-IE\",\"@id\":\"https:\/\/talkpal.ai\/ga\/#\/schema\/logo\/image\/\",\"url\":\"https:\/\/talkpal.ai\/wp-content\/uploads\/2024\/03\/Talkpal-Logo-Icon.png\",\"contentUrl\":\"https:\/\/talkpal.ai\/wp-content\/uploads\/2024\/03\/Talkpal-Logo-Icon.png\",\"width\":2880,\"height\":2880,\"caption\":\"Talkpal, Inc.\"},\"image\":{\"@id\":\"https:\/\/talkpal.ai\/ga\/#\/schema\/logo\/image\/\"},\"sameAs\":[\"https:\/\/www.facebook.com\/profile.php?id=100090733639311\",\"https:\/\/x.com\/talkpalai\",\"https:\/\/www.linkedin.com\/company\/talkpal\/\",\"https:\/\/www.youtube.com\/@TalkPal\/\",\"https:\/\/www.tiktok.com\/@talkpal\",\"https:\/\/www.instagram.com\/talkpal_ai\/\",\"https:\/\/www.crunchbase.com\/organization\/talkpal-9cde\",\"https:\/\/www.g2.com\/products\/talkpal-for-business\/\",\"https:\/\/www.trustpilot.com\/review\/talkpal.ai\",\"https:\/\/www.capterra.com\/p\/10006800\/TalkPal\/\"],\"description\":\"Talkpal is a language learning web and mobile education app, powered by the latest AI technologies, that provides engaging experiences to its customers in many different languages to help them improve their language skills. Users can chat about unlimited amount of topics with the app and use other modes to practice their language learning.\",\"email\":\"support@talkpal.ai\",\"legalName\":\"Talkpal, Inc.\",\"foundingDate\":\"2023-04-03\",\"duns\":\"118989042\",\"numberOfEmployees\":{\"@type\":\"QuantitativeValue\",\"minValue\":\"11\",\"maxValue\":\"50\"},\"publishingPrinciples\":\"https:\/\/talkpal.ai\/publishing-principles\/\",\"actionableFeedbackPolicy\":\"https:\/\/talkpal.ai\/actionable-feedback-policy\/\",\"correctionsPolicy\":\"https:\/\/talkpal.ai\/corrections-policy\/\",\"ethicsPolicy\":\"https:\/\/talkpal.ai\/ethics-policy\/\",\"diversityPolicy\":\"https:\/\/talkpal.ai\/diversity-policy\/\",\"diversityStaffingReport\":\"https:\/\/talkpal.ai\/diversity-policy\/\"}]}<\/script>\n<!-- \/ Yoast SEO Premium plugin. -->","yoast_head_json":{"title":"Gramadach Kannada - Talkpal","description":"Foghlaim gramadach Kannada go muin\u00edneach - pr\u00edomhrialacha a thuiscint, t\u00f3g\u00e1il abairt\u00ed a gh\u00e9ar\u00fa, agus l\u00edofacht a threisi\u00fa","robots":{"index":"index","follow":"follow","max-snippet":"max-snippet:-1","max-image-preview":"max-image-preview:large","max-video-preview":"max-video-preview:-1"},"canonical":"https:\/\/talkpal.ai\/ga\/gramadach-kannada\/","og_locale":"ga_IE","og_type":"article","og_title":"Gramadach Kannada","og_description":"Gramadach Kannada: L\u00e9argas ar Shaibhreas na Teanga Dravidian Ar smaoinigh t\u00fa riamh faoi \u00e9ags\u00falacht teanga na hIndia? Mar d\u00edograiseoir teanga n\u00f3 mar","og_url":"https:\/\/talkpal.ai\/ga\/gramadach-kannada\/","og_site_name":"Talkpal","article_publisher":"https:\/\/www.facebook.com\/profile.php?id=100090733639311","article_modified_time":"2025-12-11T16:23:20+00:00","og_image":[{"width":512,"height":512,"url":"https:\/\/talkpal.ai\/wp-content\/uploads\/2023\/05\/Kannada-india.png","type":"image\/png"}],"twitter_card":"summary_large_image","twitter_site":"@talkpalai","twitter_misc":{"Est. reading time":"3 minutes"},"schema":{"@context":"https:\/\/schema.org","@graph":[{"@type":"WebPage","@id":"https:\/\/talkpal.ai\/ga\/gramadach-kannada\/","url":"https:\/\/talkpal.ai\/ga\/gramadach-kannada\/","name":"Gramadach Kannada - Talkpal","isPartOf":{"@id":"https:\/\/talkpal.ai\/ga\/#website"},"primaryImageOfPage":{"@id":"https:\/\/talkpal.ai\/ga\/gramadach-kannada\/#primaryimage"},"image":{"@id":"https:\/\/talkpal.ai\/ga\/gramadach-kannada\/#primaryimage"},"thumbnailUrl":"https:\/\/talkpal.ai\/wp-content\/uploads\/2023\/05\/Kannada-india.png","datePublished":"2023-05-14T14:09:47+00:00","dateModified":"2025-12-11T16:23:20+00:00","description":"Foghlaim gramadach Kannada go muin\u00edneach - pr\u00edomhrialacha a thuiscint, t\u00f3g\u00e1il abairt\u00ed a gh\u00e9ar\u00fa, agus l\u00edofacht a threisi\u00fa","breadcrumb":{"@id":"https:\/\/talkpal.ai\/ga\/gramadach-kannada\/#breadcrumb"},"inLanguage":"ga-IE","potentialAction":[{"@type":"ReadAction","target":["https:\/\/talkpal.ai\/ga\/gramadach-kannada\/"]}]},{"@type":"ImageObject","inLanguage":"ga-IE","@id":"https:\/\/talkpal.ai\/ga\/gramadach-kannada\/#primaryimage","url":"https:\/\/talkpal.ai\/wp-content\/uploads\/2023\/05\/Kannada-india.png","contentUrl":"https:\/\/talkpal.ai\/wp-content\/uploads\/2023\/05\/Kannada-india.png","width":512,"height":512,"caption":"TalkPal Kannada Flag"},{"@type":"BreadcrumbList","@id":"https:\/\/talkpal.ai\/ga\/gramadach-kannada\/#breadcrumb","itemListElement":[{"@type":"ListItem","position":1,"name":"Homepage","item":"https:\/\/talkpal.ai\/ga\/"},{"@type":"ListItem","position":2,"name":"Gramadach Kannada"}]},{"@type":"WebSite","@id":"https:\/\/talkpal.ai\/ga\/#website","url":"https:\/\/talkpal.ai\/ga\/","name":"Talkpal","description":"AI Language Learning","publisher":{"@id":"https:\/\/talkpal.ai\/ga\/#organization"},"alternateName":"Talkpal AI","potentialAction":[{"@type":"SearchAction","target":{"@type":"EntryPoint","urlTemplate":"https:\/\/talkpal.ai\/ga\/?s={search_term_string}"},"query-input":{"@type":"PropertyValueSpecification","valueRequired":true,"valueName":"search_term_string"}}],"inLanguage":"ga-IE"},{"@type":"Organization","@id":"https:\/\/talkpal.ai\/ga\/#organization","name":"Talkpal, Inc.","alternateName":"Talkpal AI","url":"https:\/\/talkpal.ai\/ga\/","logo":{"@type":"ImageObject","inLanguage":"ga-IE","@id":"https:\/\/talkpal.ai\/ga\/#\/schema\/logo\/image\/","url":"https:\/\/talkpal.ai\/wp-content\/uploads\/2024\/03\/Talkpal-Logo-Icon.png","contentUrl":"https:\/\/talkpal.ai\/wp-content\/uploads\/2024\/03\/Talkpal-Logo-Icon.png","width":2880,"height":2880,"caption":"Talkpal, Inc."},"image":{"@id":"https:\/\/talkpal.ai\/ga\/#\/schema\/logo\/image\/"},"sameAs":["https:\/\/www.facebook.com\/profile.php?id=100090733639311","https:\/\/x.com\/talkpalai","https:\/\/www.linkedin.com\/company\/talkpal\/","https:\/\/www.youtube.com\/@TalkPal\/","https:\/\/www.tiktok.com\/@talkpal","https:\/\/www.instagram.com\/talkpal_ai\/","https:\/\/www.crunchbase.com\/organization\/talkpal-9cde","https:\/\/www.g2.com\/products\/talkpal-for-business\/","https:\/\/www.trustpilot.com\/review\/talkpal.ai","https:\/\/www.capterra.com\/p\/10006800\/TalkPal\/"],"description":"Talkpal is a language learning web and mobile education app, powered by the latest AI technologies, that provides engaging experiences to its customers in many different languages to help them improve their language skills. Users can chat about unlimited amount of topics with the app and use other modes to practice their language learning.","email":"support@talkpal.ai","legalName":"Talkpal, Inc.","foundingDate":"2023-04-03","duns":"118989042","numberOfEmployees":{"@type":"QuantitativeValue","minValue":"11","maxValue":"50"},"publishingPrinciples":"https:\/\/talkpal.ai\/publishing-principles\/","actionableFeedbackPolicy":"https:\/\/talkpal.ai\/actionable-feedback-policy\/","correctionsPolicy":"https:\/\/talkpal.ai\/corrections-policy\/","ethicsPolicy":"https:\/\/talkpal.ai\/ethics-policy\/","diversityPolicy":"https:\/\/talkpal.ai\/diversity-policy\/","diversityStaffingReport":"https:\/\/talkpal.ai\/diversity-policy\/"}]}},"_links":{"self":[{"href":"https:\/\/talkpal.ai\/ga\/wp-json\/wp\/v2\/pages\/1444105","targetHints":{"allow":["GET"]}}],"collection":[{"href":"https:\/\/talkpal.ai\/ga\/wp-json\/wp\/v2\/pages"}],"about":[{"href":"https:\/\/talkpal.ai\/ga\/wp-json\/wp\/v2\/types\/page"}],"author":[{"embeddable":true,"href":"https:\/\/talkpal.ai\/ga\/wp-json\/wp\/v2\/users\/1"}],"replies":[{"embeddable":true,"href":"https:\/\/talkpal.ai\/ga\/wp-json\/wp\/v2\/comments?post=1444105"}],"version-history":[{"count":0,"href":"https:\/\/talkpal.ai\/ga\/wp-json\/wp\/v2\/pages\/1444105\/revisions"}],"wp:featuredmedia":[{"embeddable":true,"href":"https:\/\/talkpal.ai\/ga\/wp-json\/wp\/v2\/media\/1444107"}],"wp:attachment":[{"href":"https:\/\/talkpal.ai\/ga\/wp-json\/wp\/v2\/media?parent=1444105"}],"curies":[{"name":"wp","href":"https:\/\/api.w.org\/{rel}","templated":true}]}}