{"id":1444104,"date":"2023-05-14T14:10:42","date_gmt":"2023-05-14T14:10:42","guid":{"rendered":"https:\/\/talkpal.ai\/gramadach-na-liotuaine\/"},"modified":"2025-12-12T10:43:19","modified_gmt":"2025-12-12T10:43:19","slug":"gramadach-na-liotuaine","status":"publish","type":"page","link":"https:\/\/talkpal.ai\/ga\/gramadach-na-liotuaine\/","title":{"rendered":"Gramadach na Liotu\u00e1ine"},"content":{"rendered":"\r\n\r\n\r\n<section class=\"languageChallengeSection\">\r\n    <div class=\"languageInfoWrapper\">\r\n        \r\n        <h1>Gramadach na Liotu\u00e1ine<\/h1>\r\n        <p>Cuir t\u00fas le do thuras i ngramadach na Liotu\u00e1ine agus faigh amach ceann de na teangacha is sine agus is suimi\u00fala san Eoraip. Foghlaim rialacha agus patr\u00fain riachtanacha chun bun\u00fas l\u00e1idir teanga a th\u00f3g\u00e1il. L\u00e9im isteach anois agus tos\u00fa ag m\u00e1istreacht na Liotu\u00e1ine inniu!<\/p>\r\n\r\n                            <a class=\"getStartedHidden\" href=\"https:\/\/app.talkpal.ai\/signup?lng=\">Tosaigh<\/a>\r\n        \r\n    <\/div>\r\n\r\n    <figure>\r\n    <img decoding=\"async\" width=\"768\" height=\"768\" src=\"https:\/\/talkpal.ai\/wp-content\/uploads\/2023\/06\/lithuenian-768x768.png\" class=\"languageImage no-lazy\" alt=\"Language learning for boosting creativity\" fetchpriority=\"high\" sizes=\"(max-width: 768px) 150px, 768px\" srcset=\"https:\/\/talkpal.ai\/wp-content\/uploads\/2023\/06\/lithuenian-768x768.png 768w, https:\/\/talkpal.ai\/wp-content\/uploads\/2023\/06\/lithuenian-300x300.png 300w\" \/>\r\n    \r\n\r\n    <\/figure>\r\n\r\n            <a class=\"getStartedVisible\" href=\"https:\/\/app.talkpal.ai\/signup?lng=\">Tosaigh<\/a>\r\n    \r\n<\/section>\r\n<section class=\"promotionalBanner\">\r\n    <p class=\"promotionalText\">An bealach is \u00e9ifeachta\u00ed le teanga a fhoghlaim<\/p>\r\n    <a class=\"promotionalLink\" href=\"https:\/\/app.talkpal.ai\/signup?lng=\">Bain triail as Talkpal saor in aisce<\/a>\r\n<\/section>\n<div class=\"wp-block-group pageContainerStyle\"><div class=\"wp-block-group__inner-container is-layout-constrained wp-block-group-is-layout-constrained\">\n<h2 class=\"wp-block-heading\" id=\"h-lithuanian-grammar-a-fascinating-journey-through-language\">Gramadach na Liotu\u00e1ine: Turas Suimi\u00fail Tr\u00ed Theanga<\/h2>\n\n\n\n<p>Ar smaoinigh t\u00fa riamh ar fhoghlaim na Liotu\u00e1inise n\u00f3 an raibh suim agat ag a <a href=\"https:\/\/talkpal.ai\/grammar\/\">gramadach<\/a> uath\u00fail? Bhuel, t\u00e1 t\u00fa i do ch\u00f3ire\u00e1il! B&#8217;fh\u00e9idir go bhfuil cuma aisteach ar ghramadach na Liotu\u00e1ine ar dt\u00fas, ach n\u00e1 d\u00e9an bot\u00fan \u2013 l\u00e9ir\u00edonn s\u00e9 loighic theangeola\u00edoch f\u00edor\u00e1lainn. San alt seo, d\u00e9anfaimid na gn\u00e9ithe \u00e9ags\u00fala de ghramadach na Liotu\u00e1ine a nochtadh, ag tabhairt cumhacht duit meas a bheith agat ar a charm.<\/p>\n\n\n\n<p>Ar dt\u00fas, c\u00falra gairid: Is teanga Bhailt \u00ed an <a href=\"https:\/\/talkpal.ai\/learn-lithuanian\/\">Liotu\u00e1inis<\/a> a labhra\u00edtear go pr\u00edomha sa Liotu\u00e1in ach a thagann l\u00e9i i dt\u00edortha comharsanacha freisin. Mar cheann de na teangacha Ind-Eorpacha is sine beo, coinn\u00edonn s\u00ed gn\u00e9ithe \u00e1rsa, rud a thugann l\u00e9argas ar fhorbairt teangacha eile laistigh den fhine teangacha. F\u00e1gann an t\u00e1bhacht stairi\u00fail seo go bhfuil an Liotu\u00e1inis mealltach go h\u00e1irithe do lovers teanga.<\/p>\n\n\n\n<p>D\u00e9anaimis l\u00e9argas anois ar roinnt gn\u00e9ithe t\u00e1bhachtacha de ghramadach na Liotu\u00e1ine.<\/p>\n\n\n\n<h3 class=\"wp-block-heading\" id=\"h-1-nouns-cases-and-declensions\">1. Ainmfhocail, c\u00e1sanna, agus claonadh<\/h3>\n\n\n\n<p>Ceann de na gn\u00e9ithe is suntasa\u00ed de ghramadach na Liotu\u00e1ine is ea a ch\u00f3ras c\u00e1sanna casta. Glacann ainmfhocail foirmeacha \u00e9ags\u00fala ag brath ar a bhfeidhmi\u00fa in abairt agus cib\u00e9 an l\u00e9ir\u00edonn siad \u00e1bhar, rud, n\u00f3 faighteoir gn\u00edomha\u00edochta. T\u00e1 seacht gc\u00e1s ag an Liotu\u00e1inis: nominative, genitive, dative, accusative, instrumental, locative, and vocative.<\/p>\n\n\n\n<p>T\u00f3g an t-ainmfhocal &#8220;vaikas&#8221; (leanbh) mar shampla. Is f\u00e9idir \u00e9 a chlaochl\u00fa go &#8220;vaiko,&#8221; &#8220;vaikui,&#8221; &#8220;vaik\u0105,&#8221; agus mar sin de bunaithe ar an r\u00f3l a imr\u00edonn s\u00e9 laistigh d&#8217;abairt. Ina theannta sin, b\u00edonn tionchar ag inscne an ainmfhocail (firinscneach n\u00f3 baininscneach) ar na foircinn\u00ed agus roinntear iad ina gclaonadh, rud a fh\u00e1gann go bhfuil an teanga n\u00edos il\u00fas\u00e1idte f\u00f3s.<\/p>\n\n\n\n<h3 class=\"wp-block-heading\" id=\"h-2-verb-conjugation-and-tenses\">2. Comhchuingi\u00fa briathar agus aimsir\u00ed<\/h3>\n\n\n\n<p>Athra\u00edonn briathra na Liotu\u00e1ine a gcr\u00edoch ag brath ar an duine agus ar uimhir (uatha n\u00f3 iolra) an \u00e1bhair. Mar shampla, is f\u00e9idir leis an mbriathar &#8220;eiti&#8221; (dul) a bheith ina &#8220;einu&#8221; (T\u00e9im), &#8220;einate&#8221; (t\u00fa -iolra- dul), &#8220;eina&#8221; (t\u00e9ann siad), i measc foirmeacha eile.<\/p>\n\n\n\n<p>T\u00e1 ceithre phr\u00edomhaimsir ag an Liotu\u00e1inis: an l\u00e1 at\u00e1 inniu ann, an t-am at\u00e1 caite, an t-am at\u00e1 caite, agus an todhcha\u00ed. Suimi\u00fail go leor, t\u00e1 marc\u00f3ir\u00ed gn\u00e9 sa teanga freisin: foirfe agus neamhfhoirfe. Sol\u00e1thra\u00edonn na marc\u00f3ir\u00ed seo faisn\u00e9is bhreise <a href=\"https:\/\/talkpal.ai\/ga\/maidir\/\">maidir<\/a> le cib\u00e9 an bhfuil gn\u00edomh cr\u00edochnaithe n\u00f3 lean\u00fanach. Mar shampla, &#8220;ne\u0161ti&#8221; (a iompar &#8211; imperfective) versus &#8220;nat&#8221; (a bheith iompair &#8211; foirfe).<\/p>\n\n\n\n<h3 class=\"wp-block-heading\" id=\"h-3-sentence-structure-and-word-order\">3. Strucht\u00far abairte agus ord focal<\/h3>\n\n\n\n<p>C\u00e9 go leanann an Liotu\u00e1inis go ginear\u00e1lta an t-ord focal SVO (subject-verb-object), ceada\u00edonn a ch\u00f3ras c\u00e1s sol\u00fabthacht shuntasach. Murab ionann agus an <a href=\"https:\/\/talkpal.ai\/learn-english-with-ai\/\">B\u00e9arla<\/a>, \u00e1it a sainmh\u00edn\u00edonn ord focal br\u00ed abairte de ghn\u00e1th, n\u00ed athra\u00edonn bogadh focail timpeall sa Liotu\u00e1inis an bhr\u00ed. Mar shampla, is f\u00e9idir le &#8220;kat\u0117 valgo \u017euv\u012f&#8221; (itheann an cat an t-iasc) a bheith &#8220;\u017euv\u012f valgo kat\u0117&#8221; freisin gan a bhr\u00ed a chailleadh n\u00f3 a athr\u00fa.<\/p>\n\n\n\n<p>Ligeann an tsol\u00fabthacht seo duit imirt le strucht\u00far abairte, b\u00e9im a leagan ar eilimint\u00ed \u00e1irithe, n\u00f3 nuances a ghini\u00faint de r\u00e9ir mar a \u00e9ir\u00edonn t\u00fa n\u00edos inni\u00fala sa teanga.<\/p>\n\n\n\n<h3 class=\"wp-block-heading\" id=\"h-4-adjectives-adverbs-and-agreement-rules\">4. Aidiachta\u00ed, adverbs, agus rialacha comhaontaithe<\/h3>\n\n\n\n<p>Cos\u00fail le go leor teangacha, d\u00e9anann aidiachta\u00ed agus aidiachta\u00ed sa Liotu\u00e1inis cur s\u00edos ar ainmfhocail agus briathra, ach leanann siad rialacha comhaontaithe sonracha freisin. Go h\u00e1irithe, caithfidh aidiachta\u00ed aont\u00fa leis an ainmfhocal a mhodhna\u00edonn siad i gc\u00e1s, inscne agus uimhir. Chomh luath agus a thuigeann t\u00fa na c\u00e1sanna ainmfhocail agus na conjugations briathartha, tiocfaidh na rialacha seo n\u00edos n\u00e1d\u00fartha.<\/p>\n\n\n\n<p>Mar sin, an bhfuil t\u00fa r\u00e9idh le tumadh isteach i ngramadach na Liotu\u00e1ine? Le buanseasmhacht, d\u00fathracht, agus acmhainn\u00ed cu\u00ed, is eisp\u00e9ireas thar a bheith luachmhar \u00e9 foghlaim na Liotu\u00e1inis\u2014saibhir i stair agus oidhreacht chult\u00fartha\u2014. T\u00e9igh i ngleic leis an teanga c\u00e9im ar ch\u00e9im, cleachtadh go comhsheasmhach, agus b\u00ed oscailte chun foghlaim \u00f3 do chuid bot\u00fain. S\u0117km\u0117s! (\u00c1dh m\u00f3r!)<\/p>\n<\/div><\/div>\n\r\n<section class=\"learnNavigationSection\">\r\n            \r\n        <a href=\"https:\/\/talkpal.ai\/ga\/foghlaim-liotuainis\/\">\r\n            <div class=\"learnNavigationWrapper\">\r\n                <div class=\"learnNavigationContent\">\r\n                    <img decoding=\"async\" src=\"https:\/\/talkpal.ai\/wp-content\/uploads\/2024\/08\/Lithuanian.jpg\" alt=\"Lithuanian Flag\">\r\n                    <div>\r\n                        <h4>Maidir le Foghlaim na Liotu\u00e1ine<\/h4>\r\n                        <p>Faigh amach gach rud faoi ghramadach na Liotu\u00e1inise.<\/p>\r\n                    <\/div>\r\n                <\/div>\r\n            <\/div>\r\n        <\/a>\r\n\r\n        \r\n        <a href=\"https:\/\/talkpal.ai\/ga\/cleachtai-gramadai-na-liotuainise\/\">\r\n            <div class=\"learnNavigationWrapper\">\r\n                <div class=\"learnNavigationContent\">\r\n                    <img decoding=\"async\" src=\"https:\/\/talkpal.ai\/wp-content\/uploads\/2024\/08\/Lithuanian.jpg\" alt=\"Lithuanian Flag\">\r\n                    <div>\r\n                        <h4>Cleachtadh Gramada\u00ed na Liotu\u00e1ine<\/h4>\r\n                        <p>Cleachtadh gramadach na Liotu\u00e1inise.<\/p>\r\n                    <\/div>\r\n                <\/div>\r\n            <\/div>\r\n        <\/a>\r\n\r\n        \r\n        <a href=\"https:\/\/talkpal.ai\/vocabulary_language\/lithuanian\/\">\r\n            <div class=\"learnNavigationWrapper\">\r\n                <div class=\"learnNavigationContent\">\r\n                    <img decoding=\"async\" src=\"https:\/\/talkpal.ai\/wp-content\/uploads\/2024\/08\/Lithuanian.jpg\" alt=\"Lithuanian Flag\">\r\n                    <div>\r\n                        <h4>St\u00f3r Focal na Liotu\u00e1ine<\/h4>\r\n                        <p>Leathnaigh do st\u00f3r focal Liotu\u00e1inis.<\/p>\r\n                    <\/div>\r\n                <\/div>\r\n            <\/div>\r\n        <\/a>\r\n\r\n            <\/section>","protected":false},"excerpt":{"rendered":"<p>Gramadach na Liotu\u00e1ine: Turas Suimi\u00fail Tr\u00ed Theanga Ar smaoinigh t\u00fa riamh ar fhoghlaim na Liotu\u00e1inise n\u00f3 an raibh suim agat ag a gramadach uath\u00fail? Bhuel, t\u00e1 t\u00fa i do ch\u00f3ire\u00e1il! B&#8217;fh\u00e9idir go bhfuil cuma aisteach ar ghramadach na Liotu\u00e1ine ar dt\u00fas, ach n\u00e1 d\u00e9an bot\u00fan \u2013 l\u00e9ir\u00edonn s\u00e9 loighic theangeola\u00edoch f\u00edor\u00e1lainn. San alt seo, d\u00e9anfaimid [&hellip;]<\/p>\n","protected":false},"author":1,"featured_media":1444106,"parent":0,"menu_order":0,"comment_status":"closed","ping_status":"closed","template":"LearningContentPage.php","meta":{"_acf_changed":false,"footnotes":""},"class_list":["post-1444104","page","type-page","status-publish","has-post-thumbnail","hentry"],"acf":[],"yoast_head":"<!-- This site is optimized with the Yoast SEO Premium plugin v27.2 (Yoast SEO v27.2) - https:\/\/yoast.com\/product\/yoast-seo-premium-wordpress\/ -->\n<title>Gramadach na Liotu\u00e1ine - Talkpal<\/title>\n<meta name=\"description\" content=\"Faigh amach conas a l\u00e9ir\u00edonn gramadach na Liotu\u00e1ine saibhreas agus loighic stairi\u00fail, rud a fh\u00e1gann gur staid\u00e9ar foirfe \u00e9 do lovers teanga.\" \/>\n<meta name=\"robots\" content=\"index, follow, max-snippet:-1, max-image-preview:large, max-video-preview:-1\" \/>\n<link rel=\"canonical\" href=\"https:\/\/talkpal.ai\/ga\/gramadach-na-liotuaine\/\" \/>\n<meta property=\"og:locale\" content=\"ga_IE\" \/>\n<meta property=\"og:type\" content=\"article\" \/>\n<meta property=\"og:title\" content=\"Gramadach na Liotu\u00e1ine\" \/>\n<meta property=\"og:description\" content=\"Gramadach na Liotu\u00e1ine: Turas Suimi\u00fail Tr\u00ed Theanga Ar smaoinigh t\u00fa riamh ar fhoghlaim na Liotu\u00e1inise n\u00f3 an raibh suim agat ag a gramadach uath\u00fail? Bhuel,\" \/>\n<meta property=\"og:url\" content=\"https:\/\/talkpal.ai\/ga\/gramadach-na-liotuaine\/\" \/>\n<meta property=\"og:site_name\" content=\"Talkpal\" \/>\n<meta property=\"article:publisher\" content=\"https:\/\/www.facebook.com\/profile.php?id=100090733639311\" \/>\n<meta property=\"article:modified_time\" content=\"2025-12-12T10:43:19+00:00\" \/>\n<meta property=\"og:image\" content=\"https:\/\/talkpal.ai\/wp-content\/uploads\/2023\/05\/Lithuanian.png\" \/>\n\t<meta property=\"og:image:width\" content=\"512\" \/>\n\t<meta property=\"og:image:height\" content=\"512\" \/>\n\t<meta property=\"og:image:type\" content=\"image\/png\" \/>\n<meta name=\"twitter:card\" content=\"summary_large_image\" \/>\n<meta name=\"twitter:site\" content=\"@talkpalai\" \/>\n<meta name=\"twitter:label1\" content=\"Est. reading time\" \/>\n\t<meta name=\"twitter:data1\" content=\"4 minutes\" \/>\n<script type=\"application\/ld+json\" class=\"yoast-schema-graph\">{\"@context\":\"https:\/\/schema.org\",\"@graph\":[{\"@type\":\"WebPage\",\"@id\":\"https:\/\/talkpal.ai\/ga\/gramadach-na-liotuaine\/\",\"url\":\"https:\/\/talkpal.ai\/ga\/gramadach-na-liotuaine\/\",\"name\":\"Gramadach na Liotu\u00e1ine - Talkpal\",\"isPartOf\":{\"@id\":\"https:\/\/talkpal.ai\/ga\/#website\"},\"primaryImageOfPage\":{\"@id\":\"https:\/\/talkpal.ai\/ga\/gramadach-na-liotuaine\/#primaryimage\"},\"image\":{\"@id\":\"https:\/\/talkpal.ai\/ga\/gramadach-na-liotuaine\/#primaryimage\"},\"thumbnailUrl\":\"https:\/\/talkpal.ai\/wp-content\/uploads\/2023\/05\/Lithuanian.png\",\"datePublished\":\"2023-05-14T14:10:42+00:00\",\"dateModified\":\"2025-12-12T10:43:19+00:00\",\"description\":\"Faigh amach conas a l\u00e9ir\u00edonn gramadach na Liotu\u00e1ine saibhreas agus loighic stairi\u00fail, rud a fh\u00e1gann gur staid\u00e9ar foirfe \u00e9 do lovers teanga.\",\"breadcrumb\":{\"@id\":\"https:\/\/talkpal.ai\/ga\/gramadach-na-liotuaine\/#breadcrumb\"},\"inLanguage\":\"ga-IE\",\"potentialAction\":[{\"@type\":\"ReadAction\",\"target\":[\"https:\/\/talkpal.ai\/ga\/gramadach-na-liotuaine\/\"]}]},{\"@type\":\"ImageObject\",\"inLanguage\":\"ga-IE\",\"@id\":\"https:\/\/talkpal.ai\/ga\/gramadach-na-liotuaine\/#primaryimage\",\"url\":\"https:\/\/talkpal.ai\/wp-content\/uploads\/2023\/05\/Lithuanian.png\",\"contentUrl\":\"https:\/\/talkpal.ai\/wp-content\/uploads\/2023\/05\/Lithuanian.png\",\"width\":512,\"height\":512,\"caption\":\"TalkPal Lithuanian Flag\"},{\"@type\":\"BreadcrumbList\",\"@id\":\"https:\/\/talkpal.ai\/ga\/gramadach-na-liotuaine\/#breadcrumb\",\"itemListElement\":[{\"@type\":\"ListItem\",\"position\":1,\"name\":\"Homepage\",\"item\":\"https:\/\/talkpal.ai\/ga\/\"},{\"@type\":\"ListItem\",\"position\":2,\"name\":\"Gramadach na Liotu\u00e1ine\"}]},{\"@type\":\"WebSite\",\"@id\":\"https:\/\/talkpal.ai\/ga\/#website\",\"url\":\"https:\/\/talkpal.ai\/ga\/\",\"name\":\"Talkpal\",\"description\":\"AI Language Learning\",\"publisher\":{\"@id\":\"https:\/\/talkpal.ai\/ga\/#organization\"},\"alternateName\":\"Talkpal AI\",\"potentialAction\":[{\"@type\":\"SearchAction\",\"target\":{\"@type\":\"EntryPoint\",\"urlTemplate\":\"https:\/\/talkpal.ai\/ga\/?s={search_term_string}\"},\"query-input\":{\"@type\":\"PropertyValueSpecification\",\"valueRequired\":true,\"valueName\":\"search_term_string\"}}],\"inLanguage\":\"ga-IE\"},{\"@type\":\"Organization\",\"@id\":\"https:\/\/talkpal.ai\/ga\/#organization\",\"name\":\"Talkpal, Inc.\",\"alternateName\":\"Talkpal AI\",\"url\":\"https:\/\/talkpal.ai\/ga\/\",\"logo\":{\"@type\":\"ImageObject\",\"inLanguage\":\"ga-IE\",\"@id\":\"https:\/\/talkpal.ai\/ga\/#\/schema\/logo\/image\/\",\"url\":\"https:\/\/talkpal.ai\/wp-content\/uploads\/2024\/03\/Talkpal-Logo-Icon.png\",\"contentUrl\":\"https:\/\/talkpal.ai\/wp-content\/uploads\/2024\/03\/Talkpal-Logo-Icon.png\",\"width\":2880,\"height\":2880,\"caption\":\"Talkpal, Inc.\"},\"image\":{\"@id\":\"https:\/\/talkpal.ai\/ga\/#\/schema\/logo\/image\/\"},\"sameAs\":[\"https:\/\/www.facebook.com\/profile.php?id=100090733639311\",\"https:\/\/x.com\/talkpalai\",\"https:\/\/www.linkedin.com\/company\/talkpal\/\",\"https:\/\/www.youtube.com\/@TalkPal\/\",\"https:\/\/www.tiktok.com\/@talkpal\",\"https:\/\/www.instagram.com\/talkpal_ai\/\",\"https:\/\/www.crunchbase.com\/organization\/talkpal-9cde\",\"https:\/\/www.g2.com\/products\/talkpal-for-business\/\",\"https:\/\/www.trustpilot.com\/review\/talkpal.ai\",\"https:\/\/www.capterra.com\/p\/10006800\/TalkPal\/\"],\"description\":\"Talkpal is a language learning web and mobile education app, powered by the latest AI technologies, that provides engaging experiences to its customers in many different languages to help them improve their language skills. Users can chat about unlimited amount of topics with the app and use other modes to practice their language learning.\",\"email\":\"support@talkpal.ai\",\"legalName\":\"Talkpal, Inc.\",\"foundingDate\":\"2023-04-03\",\"duns\":\"118989042\",\"numberOfEmployees\":{\"@type\":\"QuantitativeValue\",\"minValue\":\"11\",\"maxValue\":\"50\"},\"publishingPrinciples\":\"https:\/\/talkpal.ai\/publishing-principles\/\",\"actionableFeedbackPolicy\":\"https:\/\/talkpal.ai\/actionable-feedback-policy\/\",\"correctionsPolicy\":\"https:\/\/talkpal.ai\/corrections-policy\/\",\"ethicsPolicy\":\"https:\/\/talkpal.ai\/ethics-policy\/\",\"diversityPolicy\":\"https:\/\/talkpal.ai\/diversity-policy\/\",\"diversityStaffingReport\":\"https:\/\/talkpal.ai\/diversity-policy\/\"}]}<\/script>\n<!-- \/ Yoast SEO Premium plugin. -->","yoast_head_json":{"title":"Gramadach na Liotu\u00e1ine - Talkpal","description":"Faigh amach conas a l\u00e9ir\u00edonn gramadach na Liotu\u00e1ine saibhreas agus loighic stairi\u00fail, rud a fh\u00e1gann gur staid\u00e9ar foirfe \u00e9 do lovers teanga.","robots":{"index":"index","follow":"follow","max-snippet":"max-snippet:-1","max-image-preview":"max-image-preview:large","max-video-preview":"max-video-preview:-1"},"canonical":"https:\/\/talkpal.ai\/ga\/gramadach-na-liotuaine\/","og_locale":"ga_IE","og_type":"article","og_title":"Gramadach na Liotu\u00e1ine","og_description":"Gramadach na Liotu\u00e1ine: Turas Suimi\u00fail Tr\u00ed Theanga Ar smaoinigh t\u00fa riamh ar fhoghlaim na Liotu\u00e1inise n\u00f3 an raibh suim agat ag a gramadach uath\u00fail? Bhuel,","og_url":"https:\/\/talkpal.ai\/ga\/gramadach-na-liotuaine\/","og_site_name":"Talkpal","article_publisher":"https:\/\/www.facebook.com\/profile.php?id=100090733639311","article_modified_time":"2025-12-12T10:43:19+00:00","og_image":[{"width":512,"height":512,"url":"https:\/\/talkpal.ai\/wp-content\/uploads\/2023\/05\/Lithuanian.png","type":"image\/png"}],"twitter_card":"summary_large_image","twitter_site":"@talkpalai","twitter_misc":{"Est. reading time":"4 minutes"},"schema":{"@context":"https:\/\/schema.org","@graph":[{"@type":"WebPage","@id":"https:\/\/talkpal.ai\/ga\/gramadach-na-liotuaine\/","url":"https:\/\/talkpal.ai\/ga\/gramadach-na-liotuaine\/","name":"Gramadach na Liotu\u00e1ine - Talkpal","isPartOf":{"@id":"https:\/\/talkpal.ai\/ga\/#website"},"primaryImageOfPage":{"@id":"https:\/\/talkpal.ai\/ga\/gramadach-na-liotuaine\/#primaryimage"},"image":{"@id":"https:\/\/talkpal.ai\/ga\/gramadach-na-liotuaine\/#primaryimage"},"thumbnailUrl":"https:\/\/talkpal.ai\/wp-content\/uploads\/2023\/05\/Lithuanian.png","datePublished":"2023-05-14T14:10:42+00:00","dateModified":"2025-12-12T10:43:19+00:00","description":"Faigh amach conas a l\u00e9ir\u00edonn gramadach na Liotu\u00e1ine saibhreas agus loighic stairi\u00fail, rud a fh\u00e1gann gur staid\u00e9ar foirfe \u00e9 do lovers teanga.","breadcrumb":{"@id":"https:\/\/talkpal.ai\/ga\/gramadach-na-liotuaine\/#breadcrumb"},"inLanguage":"ga-IE","potentialAction":[{"@type":"ReadAction","target":["https:\/\/talkpal.ai\/ga\/gramadach-na-liotuaine\/"]}]},{"@type":"ImageObject","inLanguage":"ga-IE","@id":"https:\/\/talkpal.ai\/ga\/gramadach-na-liotuaine\/#primaryimage","url":"https:\/\/talkpal.ai\/wp-content\/uploads\/2023\/05\/Lithuanian.png","contentUrl":"https:\/\/talkpal.ai\/wp-content\/uploads\/2023\/05\/Lithuanian.png","width":512,"height":512,"caption":"TalkPal Lithuanian Flag"},{"@type":"BreadcrumbList","@id":"https:\/\/talkpal.ai\/ga\/gramadach-na-liotuaine\/#breadcrumb","itemListElement":[{"@type":"ListItem","position":1,"name":"Homepage","item":"https:\/\/talkpal.ai\/ga\/"},{"@type":"ListItem","position":2,"name":"Gramadach na Liotu\u00e1ine"}]},{"@type":"WebSite","@id":"https:\/\/talkpal.ai\/ga\/#website","url":"https:\/\/talkpal.ai\/ga\/","name":"Talkpal","description":"AI Language Learning","publisher":{"@id":"https:\/\/talkpal.ai\/ga\/#organization"},"alternateName":"Talkpal AI","potentialAction":[{"@type":"SearchAction","target":{"@type":"EntryPoint","urlTemplate":"https:\/\/talkpal.ai\/ga\/?s={search_term_string}"},"query-input":{"@type":"PropertyValueSpecification","valueRequired":true,"valueName":"search_term_string"}}],"inLanguage":"ga-IE"},{"@type":"Organization","@id":"https:\/\/talkpal.ai\/ga\/#organization","name":"Talkpal, Inc.","alternateName":"Talkpal AI","url":"https:\/\/talkpal.ai\/ga\/","logo":{"@type":"ImageObject","inLanguage":"ga-IE","@id":"https:\/\/talkpal.ai\/ga\/#\/schema\/logo\/image\/","url":"https:\/\/talkpal.ai\/wp-content\/uploads\/2024\/03\/Talkpal-Logo-Icon.png","contentUrl":"https:\/\/talkpal.ai\/wp-content\/uploads\/2024\/03\/Talkpal-Logo-Icon.png","width":2880,"height":2880,"caption":"Talkpal, Inc."},"image":{"@id":"https:\/\/talkpal.ai\/ga\/#\/schema\/logo\/image\/"},"sameAs":["https:\/\/www.facebook.com\/profile.php?id=100090733639311","https:\/\/x.com\/talkpalai","https:\/\/www.linkedin.com\/company\/talkpal\/","https:\/\/www.youtube.com\/@TalkPal\/","https:\/\/www.tiktok.com\/@talkpal","https:\/\/www.instagram.com\/talkpal_ai\/","https:\/\/www.crunchbase.com\/organization\/talkpal-9cde","https:\/\/www.g2.com\/products\/talkpal-for-business\/","https:\/\/www.trustpilot.com\/review\/talkpal.ai","https:\/\/www.capterra.com\/p\/10006800\/TalkPal\/"],"description":"Talkpal is a language learning web and mobile education app, powered by the latest AI technologies, that provides engaging experiences to its customers in many different languages to help them improve their language skills. Users can chat about unlimited amount of topics with the app and use other modes to practice their language learning.","email":"support@talkpal.ai","legalName":"Talkpal, Inc.","foundingDate":"2023-04-03","duns":"118989042","numberOfEmployees":{"@type":"QuantitativeValue","minValue":"11","maxValue":"50"},"publishingPrinciples":"https:\/\/talkpal.ai\/publishing-principles\/","actionableFeedbackPolicy":"https:\/\/talkpal.ai\/actionable-feedback-policy\/","correctionsPolicy":"https:\/\/talkpal.ai\/corrections-policy\/","ethicsPolicy":"https:\/\/talkpal.ai\/ethics-policy\/","diversityPolicy":"https:\/\/talkpal.ai\/diversity-policy\/","diversityStaffingReport":"https:\/\/talkpal.ai\/diversity-policy\/"}]}},"_links":{"self":[{"href":"https:\/\/talkpal.ai\/ga\/wp-json\/wp\/v2\/pages\/1444104","targetHints":{"allow":["GET"]}}],"collection":[{"href":"https:\/\/talkpal.ai\/ga\/wp-json\/wp\/v2\/pages"}],"about":[{"href":"https:\/\/talkpal.ai\/ga\/wp-json\/wp\/v2\/types\/page"}],"author":[{"embeddable":true,"href":"https:\/\/talkpal.ai\/ga\/wp-json\/wp\/v2\/users\/1"}],"replies":[{"embeddable":true,"href":"https:\/\/talkpal.ai\/ga\/wp-json\/wp\/v2\/comments?post=1444104"}],"version-history":[{"count":0,"href":"https:\/\/talkpal.ai\/ga\/wp-json\/wp\/v2\/pages\/1444104\/revisions"}],"wp:featuredmedia":[{"embeddable":true,"href":"https:\/\/talkpal.ai\/ga\/wp-json\/wp\/v2\/media\/1444106"}],"wp:attachment":[{"href":"https:\/\/talkpal.ai\/ga\/wp-json\/wp\/v2\/media?parent=1444104"}],"curies":[{"name":"wp","href":"https:\/\/api.w.org\/{rel}","templated":true}]}}