{"id":1444099,"date":"2023-05-14T14:11:00","date_gmt":"2023-05-14T14:11:00","guid":{"rendered":"https:\/\/talkpal.ai\/gramadach-na-casacstaine\/"},"modified":"2025-12-17T16:58:58","modified_gmt":"2025-12-17T16:58:58","slug":"gramadach-na-casacstaine","status":"publish","type":"page","link":"https:\/\/talkpal.ai\/ga\/gramadach-na-casacstaine\/","title":{"rendered":"Gramadach na Casacst\u00e1ine"},"content":{"rendered":"\r\n\r\n\r\n<section class=\"languageChallengeSection\">\r\n    <div class=\"languageInfoWrapper\">\r\n        \r\n        <h1>Gramadach na Casacst\u00e1ine<\/h1>\r\n        <p>Oscla\u00edonn foghlaim na Casacst\u00e1ine an doras do theanga at\u00e1 saibhir i stair agus i gcult\u00far, agus t\u00e1 c\u00f3ras gramada\u00ed suimi\u00fail ina cro\u00edl\u00e1r. C\u00e9 go bhf\u00e9adfadh <a href=\"https:\/\/talkpal.ai\/grammar\/\">gramadach<\/a> na Casacst\u00e1ine a bheith casta ar dt\u00fas, d\u00e9anann tuiscint a chuid cro\u00edghn\u00e9ithe &#8211; cos\u00fail le comhchuibheas guta, c\u00e1sanna ainmfhocail, agus aimsir briathar &#8211; m\u00e1istreacht na teanga ind\u00e9anta agus luachmhar. L\u00e9im isteach agus faigh amach cad a dh\u00e9anann <a href=\"https:\/\/talkpal.ai\/learn-kazakh\/\">Kazakh<\/a> uath\u00fail!<\/p>\r\n\r\n                            <a class=\"getStartedHidden\" href=\"https:\/\/app.talkpal.ai\/signup?lng=\">Tosaigh<\/a>\r\n        \r\n    <\/div>\r\n\r\n    <figure>\r\n    <img decoding=\"async\" width=\"768\" height=\"768\" src=\"https:\/\/talkpal.ai\/wp-content\/uploads\/2023\/06\/Khazak-768x768.png\" class=\"languageImage no-lazy\" alt=\"Language learning for increased negotiation skills\" fetchpriority=\"high\" sizes=\"(max-width: 768px) 150px, 768px\" srcset=\"https:\/\/talkpal.ai\/wp-content\/uploads\/2023\/06\/Khazak-768x768.png 768w, https:\/\/talkpal.ai\/wp-content\/uploads\/2023\/06\/Khazak-300x300.png 300w\" \/>\r\n    \r\n\r\n    <\/figure>\r\n\r\n            <a class=\"getStartedVisible\" href=\"https:\/\/app.talkpal.ai\/signup?lng=\">Tosaigh<\/a>\r\n    \r\n<\/section>\r\n<section class=\"promotionalBanner\">\r\n    <p class=\"promotionalText\">An bealach is \u00e9ifeachta\u00ed le teanga a fhoghlaim<\/p>\r\n    <a class=\"promotionalLink\" href=\"https:\/\/app.talkpal.ai\/signup?lng=\">Bain triail as Talkpal saor in aisce<\/a>\r\n<\/section>\n<div class=\"wp-block-group pageContainerStyle\"><div class=\"wp-block-group__inner-container is-layout-constrained wp-block-group-is-layout-constrained\">\n<h2 class=\"wp-block-heading\" id=\"h-kazakh-grammar-unlocking-the-secrets-of-the-kazakh-language\">Gramadach Kazakh: R\u00fain na Teanga Kazakh a Dh\u00edghlas\u00e1il<\/h2>\n\n\n\n<p>Nuair a thagann s\u00e9 chun an teanga Kazakh a fhoghlaim, t\u00e1 s\u00e9 riachtanach bunghn\u00e9ithe <a href=\"https:\/\/talkpal.ai\/ga\/cleachtai-gramadai-na-hisiltire\/\">gramada\u00ed na<\/a> Casacst\u00e1ine a thuiscint chun a r\u00fain a dh\u00edghlas\u00e1il. C\u00e9 go bhf\u00e9adfadh s\u00e9 a bheith imeaglach ar dt\u00fas, t\u00e1 gn\u00e9ithe uath\u00fala ag an gc\u00f3ras gramada\u00ed a fh\u00e1gann go bhfuil an teanga suimi\u00fail. F\u00e9achann an t-alt seo le solas a chaitheamh ar phr\u00edomhghn\u00e9ithe de ghramadach na Casacsac\u00e1ine, ag tabhairt r\u00e9amhr\u00e1 comhr\u00e1 agus neamhfhoirmi\u00fail ar strucht\u00far saibhir na teanga.<\/p>\n\n\n\n<h3 class=\"wp-block-heading\" id=\"h-1-nouns-harmony-in-cases-and-declensions\">1. Ainmfhocail \u2013 Comhchuibheas i gC\u00e1sanna agus i gClaonadh<\/h3>\n\n\n\n<p>Ceann de na ch\u00e9ad ruda\u00ed at\u00e1 le breithni\u00fa i ngramadach na Casacst\u00e1ine is ea strucht\u00far an ainmfhocail. \u00das\u00e1ideann an teanga c\u00f3ras comhchuibheas guta, \u00e1it a bhfuil guta\u00ed tosaigh n\u00f3 c\u00fal, agus is fearr teaglaim chomhchu\u00ed. Ceangla\u00edonn an c\u00f3ras seo le hainmfhocail iolra\u00ed, a fhoirm\u00edtear tr\u00ed iarmh\u00edreanna \u00e9ags\u00fala a mheaitse\u00e1lann gr\u00fapa arm\u00f3nach an ainmfhocail tosaigh.<\/p>\n\n\n\n<p>Clo\u00edonn ainmfhocail Kazakh le seacht gc\u00e1s: nominative, genitive, dative, accusative, locative, ablative, and instrumental. C\u00e9 go bhfuil s\u00e9 scanr\u00fail ar dt\u00fas, t\u00e1 m\u00e1istreacht na gc\u00e1sanna seo r\u00edth\u00e1bhachtach chun strucht\u00fair chruinne abairt\u00ed a fhoirmi\u00fa. Cinneann c\u00e1sanna na caidrimh idir focail, rud a fh\u00e1gann go bhfuil sol\u00fabthacht in ord focal gan an bhr\u00ed a chailleadh.<\/p>\n\n\n\n<h3 class=\"wp-block-heading\" id=\"h-2-adjectives-agreement-and-comparison\">2. Adjectives \u2013 Comhaont\u00fa agus Compar\u00e1id<\/h3>\n\n\n\n<p>\u00das\u00e1idtear aidiachta\u00ed Kazakh chun cur s\u00edos a dh\u00e9anamh ar ainmfhocail agus tuilleadh eolais a shol\u00e1thar f\u00fathu. Caithfidh siad aont\u00fa leis an ainmfhocal a mhodhna\u00edonn siad i dt\u00e9arma\u00ed c\u00e1is agus uimhreacha. Ina theannta sin, is f\u00e9idir aidiachta\u00ed a <a href=\"https:\/\/talkpal.ai\/locations\/language-courses-in-chur\/\">chur<\/a> i gcompar\u00e1id ag baint \u00fas\u00e1ide as c\u00e9imeanna compar\u00e1ideacha agus superlative, a bhaintear amach tr\u00ed iarmh\u00edr chomhfhreagracha a chur leis, chun leibh\u00e9il \u00e9ags\u00fala b\u00e9ime a chur in i\u00fal.<\/p>\n\n\n\n<p>Mar shampla, is \u00e9 an focal le haghaidh &#8220;\u00e1lainn&#8221; i Kazakh n\u00e1 &#8220;\u0441\u044b\u04a3\u0448\u044b.&#8221; Nuair a dh\u00e9antar cur s\u00edos ar ghaird\u00edn \u00e1lainn (\u0431\u0430\u049b), bheadh an fr\u00e1sa &#8220;\u0441\u044b\u04a3\u0448\u044b \u0431\u0430\u049b.&#8221; Chun &#8220;n\u00edos \u00e1ille&#8221; a r\u00e1, d&#8217;\u00fas\u00e1idfe\u00e1 &#8220;\u0441\u044b\u04a3\u0448\u044b\u0440\u0430\u049b,&#8221; agus dh\u00e9anfa\u00ed &#8220;an ceann is \u00e1ille&#8221; a fhoirmi\u00fa ag baint \u00fas\u00e1ide as &#8220;\u0441\u044b\u04a3\u0448\u044b.&#8221; Chun &#8220;an gaird\u00edn is \u00e1ille&#8221; a r\u00e1, d&#8217;\u00fas\u00e1idfe\u00e1 &#8220;\u0441\u044b\u04a3\u0448\u044b \u0431\u0430\u049b.&#8221;<\/p>\n\n\n\n<h3 class=\"wp-block-heading\" id=\"h-3-verbs-tense-mood-and-aspect\">3. Briathra &#8211; aimsir, gi\u00famar, agus gn\u00e9<\/h3>\n\n\n\n<p>L\u00e9ir\u00edonn briathra sa Kazakh aimsir, gi\u00famar, agus gn\u00e9. T\u00e1 tr\u00ed phr\u00edomhaimsir sa teanga: an t-am at\u00e1 caite, an l\u00e1 at\u00e1 inniu ann agus an todhcha\u00ed. T\u00e1 foirmeacha ar <a href=\"https:\/\/talkpal.ai\/locations\/language-courses-in-leith\/\">leith<\/a> ag gach aimsir bunaithe ar fhorainm \u00e1bhair, gi\u00famar (mar shampla imperative n\u00f3 coinn\u00edollach), agus gn\u00e9 (cib\u00e9 an bhfuil an gn\u00edomh foirfe, a l\u00e9ir\u00edonn gn\u00edomh cr\u00edochnaithe, n\u00f3 neamhfhoirfe, a l\u00e9ir\u00edonn gn\u00edomh lean\u00fanach n\u00f3 gn\u00e1th).<\/p>\n\n\n\n<h3 class=\"wp-block-heading\" id=\"h-4-pronouns-personal-and-demonstrative\">4. Forainmneacha \u2013 Pearsanta agus L\u00e9iritheach<\/h3>\n\n\n\n<p>I measc na bhforainmneacha i ngramadach na Casacst\u00e1ine t\u00e1 cine\u00e1lacha pearsanta, sealbhacha, taispe\u00e1nacha, ceisti\u00fach\u00e1in agus coibhneasta. Caithfidh siad aont\u00fa i gc\u00e1s agus uimhir leis an ainmfhocal a thagra\u00edonn siad d\u00f3ibh n\u00f3 a chuireann siad ina n-\u00e1it. T\u00e1 tr\u00ed fhoirm ag forainmneacha taispe\u00e1nacha, mar shampla: proximal (\u0431\u04b1\u043b), medial (\u043e\u0441\u044b), agus distal (\u0430\u043d\u0430\u0443), ag brath ar an achar go dt\u00ed an cainteoir.<\/p>\n\n\n\n<h3 class=\"wp-block-heading\" id=\"h-5-embracing-the-uniqueness-of-kazakh-grammar\">5. Ag glacadh le huath\u00fail ghramada\u00ed Kazakh<\/h3>\n\n\n\n<p>Agus t\u00fa ag tabhairt faoi do thuras i dteanga Kazakh, cuimhnigh nach mbaineann s\u00e9 le m\u00e1istreacht a dh\u00e9anamh ar na nuances ag an am c\u00e9anna. Delight in discovering the unique <a href=\"https:\/\/talkpal.ai\/pa\/%e0%a8%b5%e0%a8%bf%e0%a8%86%e0%a8%95%e0%a8%b0%e0%a8%a3\/\">grammar<\/a> system that sets Kazakh apart and takes the time to understand it without feeling overwhelmed.<\/p>\n\n\n\n<p>Tr\u00ed shaini\u00falachta\u00ed ghramada\u00ed na Casacst\u00e1ine a thuiscint agus a ini\u00fachadh, is f\u00e9idir leat \u00e1illeacht na teanga a dh\u00edghlas\u00e1il i nd\u00e1ir\u00edre, agus rochtain n\u00edos fearr a fh\u00e1il ar an oidhreacht chult\u00fartha shaibhir a chuims\u00edonn s\u00ed. \u0421\u04d9\u0442\u0442\u0442\u0456 \u043e\u049b\u0443 \u2013 Foghlaim shona!<\/p>\n<\/div><\/div>\n\r\n<section class=\"learnNavigationSection\">\r\n            \r\n        <a href=\"https:\/\/talkpal.ai\/ga\/foghlaim-casaicis\/\">\r\n            <div class=\"learnNavigationWrapper\">\r\n                <div class=\"learnNavigationContent\">\r\n                    <img decoding=\"async\" src=\"https:\/\/talkpal.ai\/wp-content\/uploads\/2024\/08\/Kazakh.jpg\" alt=\"Kazakh Flag\">\r\n                    <div>\r\n                        <h4>Maidir le Foghlaim Kazakh<\/h4>\r\n                        <p>Faigh amach gach rud faoi ghramadach na Casacst\u00e1ine.<\/p>\r\n                    <\/div>\r\n                <\/div>\r\n            <\/div>\r\n        <\/a>\r\n\r\n        \r\n        <a href=\"https:\/\/talkpal.ai\/ga\/cleachtai-gramadai-casaicise\/\">\r\n            <div class=\"learnNavigationWrapper\">\r\n                <div class=\"learnNavigationContent\">\r\n                    <img decoding=\"async\" src=\"https:\/\/talkpal.ai\/wp-content\/uploads\/2024\/08\/Kazakh.jpg\" alt=\"Kazakh Flag\">\r\n                    <div>\r\n                        <h4>Cleachtadh Gramada\u00ed Kazakh<\/h4>\r\n                        <p>Cleachtadh gramadach na Casacst\u00e1ine.<\/p>\r\n                    <\/div>\r\n                <\/div>\r\n            <\/div>\r\n        <\/a>\r\n\r\n        \r\n        <a href=\"https:\/\/talkpal.ai\/vocabulary_language\/kazakh\/\">\r\n            <div class=\"learnNavigationWrapper\">\r\n                <div class=\"learnNavigationContent\">\r\n                    <img decoding=\"async\" src=\"https:\/\/talkpal.ai\/wp-content\/uploads\/2024\/08\/Kazakh.jpg\" alt=\"Kazakh Flag\">\r\n                    <div>\r\n                        <h4>St\u00f3r Focal na Casacst\u00e1ine<\/h4>\r\n                        <p>Leathnaigh do st\u00f3r focal Kazakh.<\/p>\r\n                    <\/div>\r\n                <\/div>\r\n            <\/div>\r\n        <\/a>\r\n\r\n            <\/section>","protected":false},"excerpt":{"rendered":"<p>Gramadach Kazakh: R\u00fain na Teanga Kazakh a Dh\u00edghlas\u00e1il Nuair a thagann s\u00e9 chun an teanga Kazakh a fhoghlaim, t\u00e1 s\u00e9 riachtanach bunghn\u00e9ithe gramada\u00ed na Casacst\u00e1ine a thuiscint chun a r\u00fain a dh\u00edghlas\u00e1il. C\u00e9 go bhf\u00e9adfadh s\u00e9 a bheith imeaglach ar dt\u00fas, t\u00e1 gn\u00e9ithe uath\u00fala ag an gc\u00f3ras gramada\u00ed a fh\u00e1gann go bhfuil an teanga suimi\u00fail. [&hellip;]<\/p>\n","protected":false},"author":1,"featured_media":1444100,"parent":0,"menu_order":0,"comment_status":"closed","ping_status":"closed","template":"LearningContentPage.php","meta":{"_acf_changed":false,"footnotes":""},"class_list":["post-1444099","page","type-page","status-publish","has-post-thumbnail","hentry"],"acf":[],"yoast_head":"<!-- This site is optimized with the Yoast SEO Premium plugin v27.2 (Yoast SEO v27.2) - https:\/\/yoast.com\/product\/yoast-seo-premium-wordpress\/ -->\n<title>Gramadach na Casacst\u00e1ine - Talkpal<\/title>\n<meta name=\"description\" content=\"M\u00e1istir gramadach Kazakh gan str\u00f3 - foghlaim rialacha riachtanacha, cleachtadh strucht\u00far abairte, agus feabhas a chur ar do l\u00edofacht go tapa\" \/>\n<meta name=\"robots\" content=\"index, follow, max-snippet:-1, max-image-preview:large, max-video-preview:-1\" \/>\n<link rel=\"canonical\" href=\"https:\/\/talkpal.ai\/ga\/gramadach-na-casacstaine\/\" \/>\n<meta property=\"og:locale\" content=\"ga_IE\" \/>\n<meta property=\"og:type\" content=\"article\" \/>\n<meta property=\"og:title\" content=\"Gramadach na Casacst\u00e1ine\" \/>\n<meta property=\"og:description\" content=\"Gramadach Kazakh: R\u00fain na Teanga Kazakh a Dh\u00edghlas\u00e1il Nuair a thagann s\u00e9 chun an teanga Kazakh a fhoghlaim, t\u00e1 s\u00e9 riachtanach bunghn\u00e9ithe gramada\u00ed na\" \/>\n<meta property=\"og:url\" content=\"https:\/\/talkpal.ai\/ga\/gramadach-na-casacstaine\/\" \/>\n<meta property=\"og:site_name\" content=\"Talkpal\" \/>\n<meta property=\"article:publisher\" content=\"https:\/\/www.facebook.com\/profile.php?id=100090733639311\" \/>\n<meta property=\"article:modified_time\" content=\"2025-12-17T16:58:58+00:00\" \/>\n<meta property=\"og:image\" content=\"https:\/\/talkpal.ai\/wp-content\/uploads\/2023\/05\/kazakhstan.png\" \/>\n\t<meta property=\"og:image:width\" content=\"512\" \/>\n\t<meta property=\"og:image:height\" content=\"512\" \/>\n\t<meta property=\"og:image:type\" content=\"image\/png\" \/>\n<meta name=\"twitter:card\" content=\"summary_large_image\" \/>\n<meta name=\"twitter:site\" content=\"@talkpalai\" \/>\n<meta name=\"twitter:label1\" content=\"Est. reading time\" \/>\n\t<meta name=\"twitter:data1\" content=\"3 minutes\" \/>\n<script type=\"application\/ld+json\" class=\"yoast-schema-graph\">{\"@context\":\"https:\/\/schema.org\",\"@graph\":[{\"@type\":\"WebPage\",\"@id\":\"https:\/\/talkpal.ai\/ga\/gramadach-na-casacstaine\/\",\"url\":\"https:\/\/talkpal.ai\/ga\/gramadach-na-casacstaine\/\",\"name\":\"Gramadach na Casacst\u00e1ine - Talkpal\",\"isPartOf\":{\"@id\":\"https:\/\/talkpal.ai\/ga\/#website\"},\"primaryImageOfPage\":{\"@id\":\"https:\/\/talkpal.ai\/ga\/gramadach-na-casacstaine\/#primaryimage\"},\"image\":{\"@id\":\"https:\/\/talkpal.ai\/ga\/gramadach-na-casacstaine\/#primaryimage\"},\"thumbnailUrl\":\"https:\/\/talkpal.ai\/wp-content\/uploads\/2023\/05\/kazakhstan.png\",\"datePublished\":\"2023-05-14T14:11:00+00:00\",\"dateModified\":\"2025-12-17T16:58:58+00:00\",\"description\":\"M\u00e1istir gramadach Kazakh gan str\u00f3 - foghlaim rialacha riachtanacha, cleachtadh strucht\u00far abairte, agus feabhas a chur ar do l\u00edofacht go tapa\",\"breadcrumb\":{\"@id\":\"https:\/\/talkpal.ai\/ga\/gramadach-na-casacstaine\/#breadcrumb\"},\"inLanguage\":\"ga-IE\",\"potentialAction\":[{\"@type\":\"ReadAction\",\"target\":[\"https:\/\/talkpal.ai\/ga\/gramadach-na-casacstaine\/\"]}]},{\"@type\":\"ImageObject\",\"inLanguage\":\"ga-IE\",\"@id\":\"https:\/\/talkpal.ai\/ga\/gramadach-na-casacstaine\/#primaryimage\",\"url\":\"https:\/\/talkpal.ai\/wp-content\/uploads\/2023\/05\/kazakhstan.png\",\"contentUrl\":\"https:\/\/talkpal.ai\/wp-content\/uploads\/2023\/05\/kazakhstan.png\",\"width\":512,\"height\":512,\"caption\":\"TalkPal Kazakhstan Flag\"},{\"@type\":\"BreadcrumbList\",\"@id\":\"https:\/\/talkpal.ai\/ga\/gramadach-na-casacstaine\/#breadcrumb\",\"itemListElement\":[{\"@type\":\"ListItem\",\"position\":1,\"name\":\"Homepage\",\"item\":\"https:\/\/talkpal.ai\/ga\/\"},{\"@type\":\"ListItem\",\"position\":2,\"name\":\"Gramadach na Casacst\u00e1ine\"}]},{\"@type\":\"WebSite\",\"@id\":\"https:\/\/talkpal.ai\/ga\/#website\",\"url\":\"https:\/\/talkpal.ai\/ga\/\",\"name\":\"Talkpal\",\"description\":\"AI Language Learning\",\"publisher\":{\"@id\":\"https:\/\/talkpal.ai\/ga\/#organization\"},\"alternateName\":\"Talkpal AI\",\"potentialAction\":[{\"@type\":\"SearchAction\",\"target\":{\"@type\":\"EntryPoint\",\"urlTemplate\":\"https:\/\/talkpal.ai\/ga\/?s={search_term_string}\"},\"query-input\":{\"@type\":\"PropertyValueSpecification\",\"valueRequired\":true,\"valueName\":\"search_term_string\"}}],\"inLanguage\":\"ga-IE\"},{\"@type\":\"Organization\",\"@id\":\"https:\/\/talkpal.ai\/ga\/#organization\",\"name\":\"Talkpal, Inc.\",\"alternateName\":\"Talkpal AI\",\"url\":\"https:\/\/talkpal.ai\/ga\/\",\"logo\":{\"@type\":\"ImageObject\",\"inLanguage\":\"ga-IE\",\"@id\":\"https:\/\/talkpal.ai\/ga\/#\/schema\/logo\/image\/\",\"url\":\"https:\/\/talkpal.ai\/wp-content\/uploads\/2024\/03\/Talkpal-Logo-Icon.png\",\"contentUrl\":\"https:\/\/talkpal.ai\/wp-content\/uploads\/2024\/03\/Talkpal-Logo-Icon.png\",\"width\":2880,\"height\":2880,\"caption\":\"Talkpal, Inc.\"},\"image\":{\"@id\":\"https:\/\/talkpal.ai\/ga\/#\/schema\/logo\/image\/\"},\"sameAs\":[\"https:\/\/www.facebook.com\/profile.php?id=100090733639311\",\"https:\/\/x.com\/talkpalai\",\"https:\/\/www.linkedin.com\/company\/talkpal\/\",\"https:\/\/www.youtube.com\/@TalkPal\/\",\"https:\/\/www.tiktok.com\/@talkpal\",\"https:\/\/www.instagram.com\/talkpal_ai\/\",\"https:\/\/www.crunchbase.com\/organization\/talkpal-9cde\",\"https:\/\/www.g2.com\/products\/talkpal-for-business\/\",\"https:\/\/www.trustpilot.com\/review\/talkpal.ai\",\"https:\/\/www.capterra.com\/p\/10006800\/TalkPal\/\"],\"description\":\"Talkpal is a language learning web and mobile education app, powered by the latest AI technologies, that provides engaging experiences to its customers in many different languages to help them improve their language skills. Users can chat about unlimited amount of topics with the app and use other modes to practice their language learning.\",\"email\":\"support@talkpal.ai\",\"legalName\":\"Talkpal, Inc.\",\"foundingDate\":\"2023-04-03\",\"duns\":\"118989042\",\"numberOfEmployees\":{\"@type\":\"QuantitativeValue\",\"minValue\":\"11\",\"maxValue\":\"50\"},\"publishingPrinciples\":\"https:\/\/talkpal.ai\/publishing-principles\/\",\"actionableFeedbackPolicy\":\"https:\/\/talkpal.ai\/actionable-feedback-policy\/\",\"correctionsPolicy\":\"https:\/\/talkpal.ai\/corrections-policy\/\",\"ethicsPolicy\":\"https:\/\/talkpal.ai\/ethics-policy\/\",\"diversityPolicy\":\"https:\/\/talkpal.ai\/diversity-policy\/\",\"diversityStaffingReport\":\"https:\/\/talkpal.ai\/diversity-policy\/\"}]}<\/script>\n<!-- \/ Yoast SEO Premium plugin. -->","yoast_head_json":{"title":"Gramadach na Casacst\u00e1ine - Talkpal","description":"M\u00e1istir gramadach Kazakh gan str\u00f3 - foghlaim rialacha riachtanacha, cleachtadh strucht\u00far abairte, agus feabhas a chur ar do l\u00edofacht go tapa","robots":{"index":"index","follow":"follow","max-snippet":"max-snippet:-1","max-image-preview":"max-image-preview:large","max-video-preview":"max-video-preview:-1"},"canonical":"https:\/\/talkpal.ai\/ga\/gramadach-na-casacstaine\/","og_locale":"ga_IE","og_type":"article","og_title":"Gramadach na Casacst\u00e1ine","og_description":"Gramadach Kazakh: R\u00fain na Teanga Kazakh a Dh\u00edghlas\u00e1il Nuair a thagann s\u00e9 chun an teanga Kazakh a fhoghlaim, t\u00e1 s\u00e9 riachtanach bunghn\u00e9ithe gramada\u00ed na","og_url":"https:\/\/talkpal.ai\/ga\/gramadach-na-casacstaine\/","og_site_name":"Talkpal","article_publisher":"https:\/\/www.facebook.com\/profile.php?id=100090733639311","article_modified_time":"2025-12-17T16:58:58+00:00","og_image":[{"width":512,"height":512,"url":"https:\/\/talkpal.ai\/wp-content\/uploads\/2023\/05\/kazakhstan.png","type":"image\/png"}],"twitter_card":"summary_large_image","twitter_site":"@talkpalai","twitter_misc":{"Est. reading time":"3 minutes"},"schema":{"@context":"https:\/\/schema.org","@graph":[{"@type":"WebPage","@id":"https:\/\/talkpal.ai\/ga\/gramadach-na-casacstaine\/","url":"https:\/\/talkpal.ai\/ga\/gramadach-na-casacstaine\/","name":"Gramadach na Casacst\u00e1ine - Talkpal","isPartOf":{"@id":"https:\/\/talkpal.ai\/ga\/#website"},"primaryImageOfPage":{"@id":"https:\/\/talkpal.ai\/ga\/gramadach-na-casacstaine\/#primaryimage"},"image":{"@id":"https:\/\/talkpal.ai\/ga\/gramadach-na-casacstaine\/#primaryimage"},"thumbnailUrl":"https:\/\/talkpal.ai\/wp-content\/uploads\/2023\/05\/kazakhstan.png","datePublished":"2023-05-14T14:11:00+00:00","dateModified":"2025-12-17T16:58:58+00:00","description":"M\u00e1istir gramadach Kazakh gan str\u00f3 - foghlaim rialacha riachtanacha, cleachtadh strucht\u00far abairte, agus feabhas a chur ar do l\u00edofacht go tapa","breadcrumb":{"@id":"https:\/\/talkpal.ai\/ga\/gramadach-na-casacstaine\/#breadcrumb"},"inLanguage":"ga-IE","potentialAction":[{"@type":"ReadAction","target":["https:\/\/talkpal.ai\/ga\/gramadach-na-casacstaine\/"]}]},{"@type":"ImageObject","inLanguage":"ga-IE","@id":"https:\/\/talkpal.ai\/ga\/gramadach-na-casacstaine\/#primaryimage","url":"https:\/\/talkpal.ai\/wp-content\/uploads\/2023\/05\/kazakhstan.png","contentUrl":"https:\/\/talkpal.ai\/wp-content\/uploads\/2023\/05\/kazakhstan.png","width":512,"height":512,"caption":"TalkPal Kazakhstan Flag"},{"@type":"BreadcrumbList","@id":"https:\/\/talkpal.ai\/ga\/gramadach-na-casacstaine\/#breadcrumb","itemListElement":[{"@type":"ListItem","position":1,"name":"Homepage","item":"https:\/\/talkpal.ai\/ga\/"},{"@type":"ListItem","position":2,"name":"Gramadach na Casacst\u00e1ine"}]},{"@type":"WebSite","@id":"https:\/\/talkpal.ai\/ga\/#website","url":"https:\/\/talkpal.ai\/ga\/","name":"Talkpal","description":"AI Language Learning","publisher":{"@id":"https:\/\/talkpal.ai\/ga\/#organization"},"alternateName":"Talkpal AI","potentialAction":[{"@type":"SearchAction","target":{"@type":"EntryPoint","urlTemplate":"https:\/\/talkpal.ai\/ga\/?s={search_term_string}"},"query-input":{"@type":"PropertyValueSpecification","valueRequired":true,"valueName":"search_term_string"}}],"inLanguage":"ga-IE"},{"@type":"Organization","@id":"https:\/\/talkpal.ai\/ga\/#organization","name":"Talkpal, Inc.","alternateName":"Talkpal AI","url":"https:\/\/talkpal.ai\/ga\/","logo":{"@type":"ImageObject","inLanguage":"ga-IE","@id":"https:\/\/talkpal.ai\/ga\/#\/schema\/logo\/image\/","url":"https:\/\/talkpal.ai\/wp-content\/uploads\/2024\/03\/Talkpal-Logo-Icon.png","contentUrl":"https:\/\/talkpal.ai\/wp-content\/uploads\/2024\/03\/Talkpal-Logo-Icon.png","width":2880,"height":2880,"caption":"Talkpal, Inc."},"image":{"@id":"https:\/\/talkpal.ai\/ga\/#\/schema\/logo\/image\/"},"sameAs":["https:\/\/www.facebook.com\/profile.php?id=100090733639311","https:\/\/x.com\/talkpalai","https:\/\/www.linkedin.com\/company\/talkpal\/","https:\/\/www.youtube.com\/@TalkPal\/","https:\/\/www.tiktok.com\/@talkpal","https:\/\/www.instagram.com\/talkpal_ai\/","https:\/\/www.crunchbase.com\/organization\/talkpal-9cde","https:\/\/www.g2.com\/products\/talkpal-for-business\/","https:\/\/www.trustpilot.com\/review\/talkpal.ai","https:\/\/www.capterra.com\/p\/10006800\/TalkPal\/"],"description":"Talkpal is a language learning web and mobile education app, powered by the latest AI technologies, that provides engaging experiences to its customers in many different languages to help them improve their language skills. Users can chat about unlimited amount of topics with the app and use other modes to practice their language learning.","email":"support@talkpal.ai","legalName":"Talkpal, Inc.","foundingDate":"2023-04-03","duns":"118989042","numberOfEmployees":{"@type":"QuantitativeValue","minValue":"11","maxValue":"50"},"publishingPrinciples":"https:\/\/talkpal.ai\/publishing-principles\/","actionableFeedbackPolicy":"https:\/\/talkpal.ai\/actionable-feedback-policy\/","correctionsPolicy":"https:\/\/talkpal.ai\/corrections-policy\/","ethicsPolicy":"https:\/\/talkpal.ai\/ethics-policy\/","diversityPolicy":"https:\/\/talkpal.ai\/diversity-policy\/","diversityStaffingReport":"https:\/\/talkpal.ai\/diversity-policy\/"}]}},"_links":{"self":[{"href":"https:\/\/talkpal.ai\/ga\/wp-json\/wp\/v2\/pages\/1444099","targetHints":{"allow":["GET"]}}],"collection":[{"href":"https:\/\/talkpal.ai\/ga\/wp-json\/wp\/v2\/pages"}],"about":[{"href":"https:\/\/talkpal.ai\/ga\/wp-json\/wp\/v2\/types\/page"}],"author":[{"embeddable":true,"href":"https:\/\/talkpal.ai\/ga\/wp-json\/wp\/v2\/users\/1"}],"replies":[{"embeddable":true,"href":"https:\/\/talkpal.ai\/ga\/wp-json\/wp\/v2\/comments?post=1444099"}],"version-history":[{"count":0,"href":"https:\/\/talkpal.ai\/ga\/wp-json\/wp\/v2\/pages\/1444099\/revisions"}],"wp:featuredmedia":[{"embeddable":true,"href":"https:\/\/talkpal.ai\/ga\/wp-json\/wp\/v2\/media\/1444100"}],"wp:attachment":[{"href":"https:\/\/talkpal.ai\/ga\/wp-json\/wp\/v2\/media?parent=1444099"}],"curies":[{"name":"wp","href":"https:\/\/api.w.org\/{rel}","templated":true}]}}