{"id":1444093,"date":"2023-05-14T14:11:28","date_gmt":"2023-05-14T14:11:28","guid":{"rendered":"https:\/\/talkpal.ai\/gramadach-na-macadoine\/"},"modified":"2025-12-17T16:39:07","modified_gmt":"2025-12-17T16:39:07","slug":"gramadach-na-macadoine","status":"publish","type":"page","link":"https:\/\/talkpal.ai\/ga\/gramadach-na-macadoine\/","title":{"rendered":"Gramadach na Macad\u00f3ine"},"content":{"rendered":"\r\n\r\n\r\n<section class=\"languageChallengeSection\">\r\n    <div class=\"languageInfoWrapper\">\r\n        \r\n        <h1>Gramadach na Macad\u00f3ine<\/h1>\r\n        <p>L\u00e9im isteach i ndomhan suimi\u00fail gramada\u00ed na Macad\u00f3ine agus nocht an strucht\u00far at\u00e1 taobh thiar den teanga uath\u00fail Slavach Theas seo. M\u00e1 fhoghlaim bunghn\u00e9ithe gramada\u00ed na Macad\u00f3ine, beidh t\u00fa in ann cumars\u00e1id a dh\u00e9anamh n\u00edos muin\u00edn\u00ed agus cult\u00far saibhir na Macad\u00f3ine Thuaidh a ini\u00fachadh. Tosaigh inniu agus d\u00e9an do ch\u00e9ad ch\u00e9im i dtreo m\u00e1istreacht a dh\u00e9anamh ar an Macad\u00f3inis!<\/p>\r\n\r\n                            <a class=\"getStartedHidden\" href=\"https:\/\/app.talkpal.ai\/signup?lng=\">Tosaigh<\/a>\r\n        \r\n    <\/div>\r\n\r\n    <figure>\r\n    <img decoding=\"async\" width=\"768\" height=\"768\" src=\"https:\/\/talkpal.ai\/wp-content\/uploads\/2023\/06\/macedonian-768x768.png\" class=\"languageImage no-lazy\" alt=\"Language learning through conversational practice\" fetchpriority=\"high\" sizes=\"(max-width: 768px) 150px, 768px\" srcset=\"https:\/\/talkpal.ai\/wp-content\/uploads\/2023\/06\/macedonian-768x768.png 768w, https:\/\/talkpal.ai\/wp-content\/uploads\/2023\/06\/macedonian-300x300.png 300w\" \/>\r\n    \r\n\r\n    <\/figure>\r\n\r\n            <a class=\"getStartedVisible\" href=\"https:\/\/app.talkpal.ai\/signup?lng=\">Tosaigh<\/a>\r\n    \r\n<\/section>\r\n<section class=\"promotionalBanner\">\r\n    <p class=\"promotionalText\">An bealach is \u00e9ifeachta\u00ed le teanga a fhoghlaim<\/p>\r\n    <a class=\"promotionalLink\" href=\"https:\/\/app.talkpal.ai\/signup?lng=\">Bain triail as Talkpal saor in aisce<\/a>\r\n<\/section>\n<div class=\"wp-block-group pageContainerStyle\"><div class=\"wp-block-group__inner-container is-layout-constrained wp-block-group-is-layout-constrained\">\n<h2 class=\"wp-block-heading\" id=\"h-unraveling-the-mysteries-of-macedonian-grammar\">Unraveling the Mysteries of Macedonian Grammar<\/h2>\n\n\n\n<p><a href=\"https:\/\/talkpal.ai\/grammar\/\">Gramadach<\/a> na Macad\u00f3ine \u2013 intricate yet approachable, fascinating yet graceful, complex yet intriguing. Agus t\u00fa ag tos\u00fa ar do thuras isteach i saol na Macad\u00f3ine, b&#8217;fh\u00e9idir go mbraitheann t\u00fa measc\u00e1n de sceitim\u00edn\u00ed agus imeagl\u00fa nuair a thagann s\u00e9 chun a enigmas gramada\u00ed a dh\u00edchripti\u00fa. N\u00e1 b\u00edodh eagla ort, d\u00edograiseoir teanga d\u00edograiseach! T\u00e1imid anseo chun tac\u00fa leat ar an eachtra teangeola\u00edoch seo!<\/p>\n\n\n\n<p>San alt tarraingteach seo, tabharfaimid l\u00e9argas ar ghn\u00e9ithe riachtanacha de ghramadach na Macad\u00f3ine, ag sol\u00e1thar l\u00e9argas, m\u00ednithe agus sampla\u00ed praitici\u00fala. Nochtfaimid go bhfuil an teanga sp\u00e9isi\u00fail Balc\u00e1nach seo n\u00edos inrochtana n\u00e1 mar a cheapf\u00e1! Mar sin, b\u00facla suas agus lig d\u00fainn <a href=\"https:\/\/talkpal.ai\/grammar\/\">gramadach<\/a> na Macad\u00f3ine a shimpli\u00fa agus a dh\u00ed-mhistify\u00fa duit.<\/p>\n\n\n\n<h3 class=\"wp-block-heading\" id=\"h-1-delightful-declensions-noun-cases-made-easy\">1. Declensions Delightful: C\u00e1sanna Ainmfhocal D\u00e9anta \u00c9asca<\/h3>\n\n\n\n<p>Cos\u00fail le teangacha Slavacha eile, t\u00e1 c\u00f3ras c\u00e1s ainmfhocal casta sa Mhacad\u00f3inis, at\u00e1 comhdh\u00e9anta de thr\u00ed ch\u00e1s: nominative, accusative, agus dative. C\u00e9 go bhfuil siad n\u00edos l\u00fa daunting n\u00e1 teangacha le n\u00edos m\u00f3 c\u00e1sanna, t\u00e1 s\u00e9 riachtanach m\u00e1istreacht a fh\u00e1il ar na nuances seo chun l\u00edofacht a bhaint amach. Sannann na c\u00e1sanna seo r\u00f3il \u00e9ags\u00fala d&#8217;ainmfhocail, forainmneacha agus aidiachta\u00ed in abairt. Seo forbhreathn\u00fa gairid:<\/p>\n\n\n\n<p><strong>&#8211; Nominative: \u00c1bhar na habairte<\/strong><\/p>\n\n\n\n<p><strong>&#8211; Accusative: Cusp\u00f3ir d\u00edreach n\u00f3 sprioc gn\u00edmh<\/strong><\/p>\n\n\n\n<p><strong>&#8211; Dative: An r\u00e9ad ind\u00edreach, n\u00f3 treo gn\u00edomha\u00edochta a thaispe\u00e1int<\/strong><\/p>\n\n\n\n<p>Chun na c\u00e1sanna seo a chrochadh, is \u00e9 an cleachtas an eochair. Le himeacht <a href=\"https:\/\/talkpal.ai\/locations\/language-courses-in-ama\/\">ama<\/a> agus nochtadh don teanga, beidh na hidirdhealuithe seo ina dara n\u00e1d\u00far.<\/p>\n\n\n\n<h3 class=\"wp-block-heading\" id=\"h-2-amiable-adjectives-agreement-is-everything\">2. Aidiachta\u00ed cairdi\u00fala: Is \u00e9 an comhaont\u00fa gach rud<\/h3>\n\n\n\n<p>Is comhr\u00e9idheoir\u00ed congenial iad aidiachta\u00ed i ngramadach na Macad\u00f3ine. Aonta\u00edonn siad le hinscne, uimhir, agus c\u00e1s na n-ainmfhocal a thuairisc\u00edonn siad. Cialla\u00edonn s\u00e9 seo go gcaithfidh t\u00fa foirm gach aidiachta a choigeart\u00fa chun ail\u00edni\u00fa le tr\u00e9ithe an ainmfhocail.<\/p>\n\n\n\n<p>Chun an pr\u00f3iseas seo a dh\u00e9anamh n\u00edos rian\u00fala, d\u00edrigh ar fhoghlaim na bhfoirmeacha l\u00e1rnacha aidiachta &#8211; firinscneach, baininscneach, agus neuter. Le cleachtadh rialta, beidh pr\u00f3iseas an chomhaontaithe aidiachta go luath iomasach.<\/p>\n\n\n\n<h3 class=\"wp-block-heading\" id=\"h-3-vigorous-verbs-conjugation-and-aspect-mastery\">3. Briathra Br\u00edomharacha: Comhchuingi\u00fa agus M\u00e1istreacht Gn\u00e9<\/h3>\n\n\n\n<p>Mar is amhlaidh le teangacha Slavacha eile, b\u00edonn \u00e9ags\u00falachta\u00ed suntasacha ag briathra Macad\u00f3ine. Braitheann comhchuingeacht ar aimsir, gi\u00famar, duine, uimhir, agus, n\u00edos t\u00e1bhachta\u00ed f\u00f3s, gn\u00e9.<\/p>\n\n\n\n<p>T\u00e1 dh\u00e1 ghn\u00e9 ag briathra Macad\u00f3ine: foirfeachta agus neamhfhoirfe. L\u00e9ir\u00edonn briathra foirfe gn\u00edomh ioml\u00e1n, agus cuireann na briathra neamhfhoirfe gn\u00edomh lean\u00fanach n\u00f3 athchleachtach in i\u00fal. T\u00e1 s\u00e9 r\u00edth\u00e1bhachtach an coincheap seo a thuiscint chun do shaineolas gramada\u00ed a bheacht\u00fa.<\/p>\n\n\n\n<h3 class=\"wp-block-heading\" id=\"h-4-pitch-perfect-particles-mastering-stress-and-intonation\">4. C\u00e1ithn\u00edn\u00ed Pitch-foirfe: M\u00e1istreacht Strus agus Intonation<\/h3>\n\n\n\n<p>D\u00fashl\u00e1n uath\u00fail Macad\u00f3ine d&#8217;fhoghlaimeoir\u00ed teanga is ea m\u00e1istreacht a fh\u00e1il ar an gc\u00f3ras saini\u00fail p\u00e1irce-accent a shannann strus agus intonation do siolla\u00ed. Is f\u00e9idir leis an gc\u00f3ras seo tionchar d\u00edreach a imirt ar bhr\u00ed agus ar thuiscint.<\/p>\n\n\n\n<p>Chun cruinneas a bhaint amach i bhfoghra\u00edocht agus soil\u00e9ireacht sa chumars\u00e1id, tabhair aird mh\u00f3r ar phatr\u00fain intonational i gcaint na gcainteoir\u00ed d\u00fachais Macad\u00f3ine. Mar thosaitheoir, d&#8217;fh\u00e9adf\u00e1 a bheith ag streachailt, ach cuimhnigh go bp\u00f3rann cleachtas muin\u00edn agus m\u00e1istreacht.<\/p>\n\n\n\n<h3 class=\"wp-block-heading\" id=\"h-5-embrace-the-intricacies-persevere-and-prosper\">5. Glac leis na Intricacies: Buanseasmhacht agus Rath<\/h3>\n\n\n\n<p>B&#8217;fh\u00e9idir go bhfuil gramadach na Macad\u00f3ine, ar an gc\u00e9ad amharc, casta, ach coinnigh i gcuimhne gurb iad foighne, cleachtas agus buanseasmhacht na r\u00fain chun rath. Engage with the language through reading, writing, listening, and <a href=\"https:\/\/talkpal.ai\/ai-speaking-partner\/\">speaking<\/a>. Glac leis na d\u00fashl\u00e1in agus tabhair luach saothair duit f\u00e9in le s\u00e1samh an dul chun cinn.<\/p>\n\n\n\n<p>Mar sin, an bhfuil t\u00fa r\u00e9idh le tumadh isteach i r\u00e9imse mealltach na gramada\u00ed Macad\u00f3ine? Glac lena quirks agus castachta\u00ed, taitneamh a bhaint as na subtleties, agus cuimhnigh gur f\u00e9idir leat f\u00edor-\u00e1illeacht na teanga Macad\u00f3ine a dh\u00edghlas\u00e1il le d\u00fathracht agus d\u00edograis. \u0421\u043e \u0441\u0440\u0435\u045c\u0430! (\u00c1dh m\u00f3r!)<\/p>\n<\/div><\/div>\n\r\n<section class=\"learnNavigationSection\">\r\n            \r\n        <a href=\"https:\/\/talkpal.ai\/ga\/foghlaim-macadoinis\/\">\r\n            <div class=\"learnNavigationWrapper\">\r\n                <div class=\"learnNavigationContent\">\r\n                    <img decoding=\"async\" src=\"https:\/\/talkpal.ai\/wp-content\/uploads\/2024\/08\/Macedonian.jpg\" alt=\"Macedonian Flag\">\r\n                    <div>\r\n                        <h4>Maidir le Foghlaim Macad\u00f3ine<\/h4>\r\n                        <p>Faigh amach gach rud faoi ghramadach na Macad\u00f3ine.<\/p>\r\n                    <\/div>\r\n                <\/div>\r\n            <\/div>\r\n        <\/a>\r\n\r\n        \r\n        <a href=\"https:\/\/talkpal.ai\/ga\/cleachtai-gramadai-na-macadoinise\/\">\r\n            <div class=\"learnNavigationWrapper\">\r\n                <div class=\"learnNavigationContent\">\r\n                    <img decoding=\"async\" src=\"https:\/\/talkpal.ai\/wp-content\/uploads\/2024\/08\/Macedonian.jpg\" alt=\"Macedonian Flag\">\r\n                    <div>\r\n                        <h4>Cleachtadh Gramada\u00ed Macad\u00f3ine<\/h4>\r\n                        <p>Cleachtadh gramadach na Macad\u00f3ine.<\/p>\r\n                    <\/div>\r\n                <\/div>\r\n            <\/div>\r\n        <\/a>\r\n\r\n        \r\n        <a href=\"https:\/\/talkpal.ai\/vocabulary_language\/macedonian\/\">\r\n            <div class=\"learnNavigationWrapper\">\r\n                <div class=\"learnNavigationContent\">\r\n                    <img decoding=\"async\" src=\"https:\/\/talkpal.ai\/wp-content\/uploads\/2024\/08\/Macedonian.jpg\" alt=\"Macedonian Flag\">\r\n                    <div>\r\n                        <h4>St\u00f3r focal Macad\u00f3ine<\/h4>\r\n                        <p>Leathnaigh do st\u00f3r focal Macad\u00f3ine.<\/p>\r\n                    <\/div>\r\n                <\/div>\r\n            <\/div>\r\n        <\/a>\r\n\r\n            <\/section>","protected":false},"excerpt":{"rendered":"<p>Unraveling the Mysteries of Macedonian Grammar Gramadach na Macad\u00f3ine \u2013 intricate yet approachable, fascinating yet graceful, complex yet intriguing. Agus t\u00fa ag tos\u00fa ar do thuras isteach i saol na Macad\u00f3ine, b&#8217;fh\u00e9idir go mbraitheann t\u00fa measc\u00e1n de sceitim\u00edn\u00ed agus imeagl\u00fa nuair a thagann s\u00e9 chun a enigmas gramada\u00ed a dh\u00edchripti\u00fa. N\u00e1 b\u00edodh eagla ort, d\u00edograiseoir [&hellip;]<\/p>\n","protected":false},"author":1,"featured_media":1444095,"parent":0,"menu_order":0,"comment_status":"closed","ping_status":"closed","template":"LearningContentPage.php","meta":{"_acf_changed":false,"footnotes":""},"class_list":["post-1444093","page","type-page","status-publish","has-post-thumbnail","hentry"],"acf":[],"yoast_head":"<!-- This site is optimized with the Yoast SEO Premium plugin v27.2 (Yoast SEO v27.2) - https:\/\/yoast.com\/product\/yoast-seo-premium-wordpress\/ -->\n<title>Gramadach na Macad\u00f3ine - Talkpal<\/title>\n<meta name=\"description\" content=\"M\u00e1istir gramadach Macad\u00f3ine gan str\u00f3 le TalkPal, do theagasc\u00f3ir teanga faoi thiom\u00e1int AI. Feabhas a chur ar do scileanna gramada\u00ed Macad\u00f3ine!\" \/>\n<meta name=\"robots\" content=\"index, follow, max-snippet:-1, max-image-preview:large, max-video-preview:-1\" \/>\n<link rel=\"canonical\" href=\"https:\/\/talkpal.ai\/ga\/gramadach-na-macadoine\/\" \/>\n<meta property=\"og:locale\" content=\"ga_IE\" \/>\n<meta property=\"og:type\" content=\"article\" \/>\n<meta property=\"og:title\" content=\"Gramadach na Macad\u00f3ine\" \/>\n<meta property=\"og:description\" content=\"Unraveling the Mysteries of Macedonian Grammar Gramadach na Macad\u00f3ine \u2013 intricate yet approachable, fascinating yet graceful, complex yet intriguing. Agus\" \/>\n<meta property=\"og:url\" content=\"https:\/\/talkpal.ai\/ga\/gramadach-na-macadoine\/\" \/>\n<meta property=\"og:site_name\" content=\"Talkpal\" \/>\n<meta property=\"article:publisher\" content=\"https:\/\/www.facebook.com\/profile.php?id=100090733639311\" \/>\n<meta property=\"article:modified_time\" content=\"2025-12-17T16:39:07+00:00\" \/>\n<meta property=\"og:image\" content=\"https:\/\/talkpal.ai\/wp-content\/uploads\/2023\/05\/republic-of-macedonia.png\" \/>\n\t<meta property=\"og:image:width\" content=\"512\" \/>\n\t<meta property=\"og:image:height\" content=\"512\" \/>\n\t<meta property=\"og:image:type\" content=\"image\/png\" \/>\n<meta name=\"twitter:card\" content=\"summary_large_image\" \/>\n<meta name=\"twitter:site\" content=\"@talkpalai\" \/>\n<meta name=\"twitter:label1\" content=\"Est. reading time\" \/>\n\t<meta name=\"twitter:data1\" content=\"3 minutes\" \/>\n<script type=\"application\/ld+json\" class=\"yoast-schema-graph\">{\"@context\":\"https:\/\/schema.org\",\"@graph\":[{\"@type\":\"WebPage\",\"@id\":\"https:\/\/talkpal.ai\/ga\/gramadach-na-macadoine\/\",\"url\":\"https:\/\/talkpal.ai\/ga\/gramadach-na-macadoine\/\",\"name\":\"Gramadach na Macad\u00f3ine - Talkpal\",\"isPartOf\":{\"@id\":\"https:\/\/talkpal.ai\/ga\/#website\"},\"primaryImageOfPage\":{\"@id\":\"https:\/\/talkpal.ai\/ga\/gramadach-na-macadoine\/#primaryimage\"},\"image\":{\"@id\":\"https:\/\/talkpal.ai\/ga\/gramadach-na-macadoine\/#primaryimage\"},\"thumbnailUrl\":\"https:\/\/talkpal.ai\/wp-content\/uploads\/2023\/05\/republic-of-macedonia.png\",\"datePublished\":\"2023-05-14T14:11:28+00:00\",\"dateModified\":\"2025-12-17T16:39:07+00:00\",\"description\":\"M\u00e1istir gramadach Macad\u00f3ine gan str\u00f3 le TalkPal, do theagasc\u00f3ir teanga faoi thiom\u00e1int AI. Feabhas a chur ar do scileanna gramada\u00ed Macad\u00f3ine!\",\"breadcrumb\":{\"@id\":\"https:\/\/talkpal.ai\/ga\/gramadach-na-macadoine\/#breadcrumb\"},\"inLanguage\":\"ga-IE\",\"potentialAction\":[{\"@type\":\"ReadAction\",\"target\":[\"https:\/\/talkpal.ai\/ga\/gramadach-na-macadoine\/\"]}]},{\"@type\":\"ImageObject\",\"inLanguage\":\"ga-IE\",\"@id\":\"https:\/\/talkpal.ai\/ga\/gramadach-na-macadoine\/#primaryimage\",\"url\":\"https:\/\/talkpal.ai\/wp-content\/uploads\/2023\/05\/republic-of-macedonia.png\",\"contentUrl\":\"https:\/\/talkpal.ai\/wp-content\/uploads\/2023\/05\/republic-of-macedonia.png\",\"width\":512,\"height\":512,\"caption\":\"TalkPal Republic of Macedonia Flag\"},{\"@type\":\"BreadcrumbList\",\"@id\":\"https:\/\/talkpal.ai\/ga\/gramadach-na-macadoine\/#breadcrumb\",\"itemListElement\":[{\"@type\":\"ListItem\",\"position\":1,\"name\":\"Homepage\",\"item\":\"https:\/\/talkpal.ai\/ga\/\"},{\"@type\":\"ListItem\",\"position\":2,\"name\":\"Gramadach na Macad\u00f3ine\"}]},{\"@type\":\"WebSite\",\"@id\":\"https:\/\/talkpal.ai\/ga\/#website\",\"url\":\"https:\/\/talkpal.ai\/ga\/\",\"name\":\"Talkpal\",\"description\":\"AI Language Learning\",\"publisher\":{\"@id\":\"https:\/\/talkpal.ai\/ga\/#organization\"},\"alternateName\":\"Talkpal AI\",\"potentialAction\":[{\"@type\":\"SearchAction\",\"target\":{\"@type\":\"EntryPoint\",\"urlTemplate\":\"https:\/\/talkpal.ai\/ga\/?s={search_term_string}\"},\"query-input\":{\"@type\":\"PropertyValueSpecification\",\"valueRequired\":true,\"valueName\":\"search_term_string\"}}],\"inLanguage\":\"ga-IE\"},{\"@type\":\"Organization\",\"@id\":\"https:\/\/talkpal.ai\/ga\/#organization\",\"name\":\"Talkpal, Inc.\",\"alternateName\":\"Talkpal AI\",\"url\":\"https:\/\/talkpal.ai\/ga\/\",\"logo\":{\"@type\":\"ImageObject\",\"inLanguage\":\"ga-IE\",\"@id\":\"https:\/\/talkpal.ai\/ga\/#\/schema\/logo\/image\/\",\"url\":\"https:\/\/talkpal.ai\/wp-content\/uploads\/2024\/03\/Talkpal-Logo-Icon.png\",\"contentUrl\":\"https:\/\/talkpal.ai\/wp-content\/uploads\/2024\/03\/Talkpal-Logo-Icon.png\",\"width\":2880,\"height\":2880,\"caption\":\"Talkpal, Inc.\"},\"image\":{\"@id\":\"https:\/\/talkpal.ai\/ga\/#\/schema\/logo\/image\/\"},\"sameAs\":[\"https:\/\/www.facebook.com\/profile.php?id=100090733639311\",\"https:\/\/x.com\/talkpalai\",\"https:\/\/www.linkedin.com\/company\/talkpal\/\",\"https:\/\/www.youtube.com\/@TalkPal\/\",\"https:\/\/www.tiktok.com\/@talkpal\",\"https:\/\/www.instagram.com\/talkpal_ai\/\",\"https:\/\/www.crunchbase.com\/organization\/talkpal-9cde\",\"https:\/\/www.g2.com\/products\/talkpal-for-business\/\",\"https:\/\/www.trustpilot.com\/review\/talkpal.ai\",\"https:\/\/www.capterra.com\/p\/10006800\/TalkPal\/\"],\"description\":\"Talkpal is a language learning web and mobile education app, powered by the latest AI technologies, that provides engaging experiences to its customers in many different languages to help them improve their language skills. Users can chat about unlimited amount of topics with the app and use other modes to practice their language learning.\",\"email\":\"support@talkpal.ai\",\"legalName\":\"Talkpal, Inc.\",\"foundingDate\":\"2023-04-03\",\"duns\":\"118989042\",\"numberOfEmployees\":{\"@type\":\"QuantitativeValue\",\"minValue\":\"11\",\"maxValue\":\"50\"},\"publishingPrinciples\":\"https:\/\/talkpal.ai\/publishing-principles\/\",\"actionableFeedbackPolicy\":\"https:\/\/talkpal.ai\/actionable-feedback-policy\/\",\"correctionsPolicy\":\"https:\/\/talkpal.ai\/corrections-policy\/\",\"ethicsPolicy\":\"https:\/\/talkpal.ai\/ethics-policy\/\",\"diversityPolicy\":\"https:\/\/talkpal.ai\/diversity-policy\/\",\"diversityStaffingReport\":\"https:\/\/talkpal.ai\/diversity-policy\/\"}]}<\/script>\n<!-- \/ Yoast SEO Premium plugin. -->","yoast_head_json":{"title":"Gramadach na Macad\u00f3ine - Talkpal","description":"M\u00e1istir gramadach Macad\u00f3ine gan str\u00f3 le TalkPal, do theagasc\u00f3ir teanga faoi thiom\u00e1int AI. Feabhas a chur ar do scileanna gramada\u00ed Macad\u00f3ine!","robots":{"index":"index","follow":"follow","max-snippet":"max-snippet:-1","max-image-preview":"max-image-preview:large","max-video-preview":"max-video-preview:-1"},"canonical":"https:\/\/talkpal.ai\/ga\/gramadach-na-macadoine\/","og_locale":"ga_IE","og_type":"article","og_title":"Gramadach na Macad\u00f3ine","og_description":"Unraveling the Mysteries of Macedonian Grammar Gramadach na Macad\u00f3ine \u2013 intricate yet approachable, fascinating yet graceful, complex yet intriguing. Agus","og_url":"https:\/\/talkpal.ai\/ga\/gramadach-na-macadoine\/","og_site_name":"Talkpal","article_publisher":"https:\/\/www.facebook.com\/profile.php?id=100090733639311","article_modified_time":"2025-12-17T16:39:07+00:00","og_image":[{"width":512,"height":512,"url":"https:\/\/talkpal.ai\/wp-content\/uploads\/2023\/05\/republic-of-macedonia.png","type":"image\/png"}],"twitter_card":"summary_large_image","twitter_site":"@talkpalai","twitter_misc":{"Est. reading time":"3 minutes"},"schema":{"@context":"https:\/\/schema.org","@graph":[{"@type":"WebPage","@id":"https:\/\/talkpal.ai\/ga\/gramadach-na-macadoine\/","url":"https:\/\/talkpal.ai\/ga\/gramadach-na-macadoine\/","name":"Gramadach na Macad\u00f3ine - Talkpal","isPartOf":{"@id":"https:\/\/talkpal.ai\/ga\/#website"},"primaryImageOfPage":{"@id":"https:\/\/talkpal.ai\/ga\/gramadach-na-macadoine\/#primaryimage"},"image":{"@id":"https:\/\/talkpal.ai\/ga\/gramadach-na-macadoine\/#primaryimage"},"thumbnailUrl":"https:\/\/talkpal.ai\/wp-content\/uploads\/2023\/05\/republic-of-macedonia.png","datePublished":"2023-05-14T14:11:28+00:00","dateModified":"2025-12-17T16:39:07+00:00","description":"M\u00e1istir gramadach Macad\u00f3ine gan str\u00f3 le TalkPal, do theagasc\u00f3ir teanga faoi thiom\u00e1int AI. Feabhas a chur ar do scileanna gramada\u00ed Macad\u00f3ine!","breadcrumb":{"@id":"https:\/\/talkpal.ai\/ga\/gramadach-na-macadoine\/#breadcrumb"},"inLanguage":"ga-IE","potentialAction":[{"@type":"ReadAction","target":["https:\/\/talkpal.ai\/ga\/gramadach-na-macadoine\/"]}]},{"@type":"ImageObject","inLanguage":"ga-IE","@id":"https:\/\/talkpal.ai\/ga\/gramadach-na-macadoine\/#primaryimage","url":"https:\/\/talkpal.ai\/wp-content\/uploads\/2023\/05\/republic-of-macedonia.png","contentUrl":"https:\/\/talkpal.ai\/wp-content\/uploads\/2023\/05\/republic-of-macedonia.png","width":512,"height":512,"caption":"TalkPal Republic of Macedonia Flag"},{"@type":"BreadcrumbList","@id":"https:\/\/talkpal.ai\/ga\/gramadach-na-macadoine\/#breadcrumb","itemListElement":[{"@type":"ListItem","position":1,"name":"Homepage","item":"https:\/\/talkpal.ai\/ga\/"},{"@type":"ListItem","position":2,"name":"Gramadach na Macad\u00f3ine"}]},{"@type":"WebSite","@id":"https:\/\/talkpal.ai\/ga\/#website","url":"https:\/\/talkpal.ai\/ga\/","name":"Talkpal","description":"AI Language Learning","publisher":{"@id":"https:\/\/talkpal.ai\/ga\/#organization"},"alternateName":"Talkpal AI","potentialAction":[{"@type":"SearchAction","target":{"@type":"EntryPoint","urlTemplate":"https:\/\/talkpal.ai\/ga\/?s={search_term_string}"},"query-input":{"@type":"PropertyValueSpecification","valueRequired":true,"valueName":"search_term_string"}}],"inLanguage":"ga-IE"},{"@type":"Organization","@id":"https:\/\/talkpal.ai\/ga\/#organization","name":"Talkpal, Inc.","alternateName":"Talkpal AI","url":"https:\/\/talkpal.ai\/ga\/","logo":{"@type":"ImageObject","inLanguage":"ga-IE","@id":"https:\/\/talkpal.ai\/ga\/#\/schema\/logo\/image\/","url":"https:\/\/talkpal.ai\/wp-content\/uploads\/2024\/03\/Talkpal-Logo-Icon.png","contentUrl":"https:\/\/talkpal.ai\/wp-content\/uploads\/2024\/03\/Talkpal-Logo-Icon.png","width":2880,"height":2880,"caption":"Talkpal, Inc."},"image":{"@id":"https:\/\/talkpal.ai\/ga\/#\/schema\/logo\/image\/"},"sameAs":["https:\/\/www.facebook.com\/profile.php?id=100090733639311","https:\/\/x.com\/talkpalai","https:\/\/www.linkedin.com\/company\/talkpal\/","https:\/\/www.youtube.com\/@TalkPal\/","https:\/\/www.tiktok.com\/@talkpal","https:\/\/www.instagram.com\/talkpal_ai\/","https:\/\/www.crunchbase.com\/organization\/talkpal-9cde","https:\/\/www.g2.com\/products\/talkpal-for-business\/","https:\/\/www.trustpilot.com\/review\/talkpal.ai","https:\/\/www.capterra.com\/p\/10006800\/TalkPal\/"],"description":"Talkpal is a language learning web and mobile education app, powered by the latest AI technologies, that provides engaging experiences to its customers in many different languages to help them improve their language skills. Users can chat about unlimited amount of topics with the app and use other modes to practice their language learning.","email":"support@talkpal.ai","legalName":"Talkpal, Inc.","foundingDate":"2023-04-03","duns":"118989042","numberOfEmployees":{"@type":"QuantitativeValue","minValue":"11","maxValue":"50"},"publishingPrinciples":"https:\/\/talkpal.ai\/publishing-principles\/","actionableFeedbackPolicy":"https:\/\/talkpal.ai\/actionable-feedback-policy\/","correctionsPolicy":"https:\/\/talkpal.ai\/corrections-policy\/","ethicsPolicy":"https:\/\/talkpal.ai\/ethics-policy\/","diversityPolicy":"https:\/\/talkpal.ai\/diversity-policy\/","diversityStaffingReport":"https:\/\/talkpal.ai\/diversity-policy\/"}]}},"_links":{"self":[{"href":"https:\/\/talkpal.ai\/ga\/wp-json\/wp\/v2\/pages\/1444093","targetHints":{"allow":["GET"]}}],"collection":[{"href":"https:\/\/talkpal.ai\/ga\/wp-json\/wp\/v2\/pages"}],"about":[{"href":"https:\/\/talkpal.ai\/ga\/wp-json\/wp\/v2\/types\/page"}],"author":[{"embeddable":true,"href":"https:\/\/talkpal.ai\/ga\/wp-json\/wp\/v2\/users\/1"}],"replies":[{"embeddable":true,"href":"https:\/\/talkpal.ai\/ga\/wp-json\/wp\/v2\/comments?post=1444093"}],"version-history":[{"count":0,"href":"https:\/\/talkpal.ai\/ga\/wp-json\/wp\/v2\/pages\/1444093\/revisions"}],"wp:featuredmedia":[{"embeddable":true,"href":"https:\/\/talkpal.ai\/ga\/wp-json\/wp\/v2\/media\/1444095"}],"wp:attachment":[{"href":"https:\/\/talkpal.ai\/ga\/wp-json\/wp\/v2\/media?parent=1444093"}],"curies":[{"name":"wp","href":"https:\/\/api.w.org\/{rel}","templated":true}]}}