{"id":1444092,"date":"2023-05-14T14:09:29","date_gmt":"2023-05-14T14:09:29","guid":{"rendered":"https:\/\/talkpal.ai\/gramadach-na-hindineise\/"},"modified":"2025-12-13T15:43:10","modified_gmt":"2025-12-13T15:43:10","slug":"gramadach-na-hindineise","status":"publish","type":"page","link":"https:\/\/talkpal.ai\/ga\/gramadach-na-hindineise\/","title":{"rendered":"Gramadach na hIndin\u00e9ise"},"content":{"rendered":"\r\n\r\n\r\n<section class=\"languageChallengeSection\">\r\n    <div class=\"languageInfoWrapper\">\r\n        \r\n        <h1>Gramadach na hIndin\u00e9ise<\/h1>\r\n        <p>An bhfuil suim agat i m\u00e1istreacht na hIndin\u00e9ise? Leis an ngramadach dh\u00edreach &#8211; gan aon chomhchuing\u00ed briathartha, gan inscne ainmfhocail, agus strucht\u00far abairte simpl\u00ed &#8211; t\u00e1 an <a href=\"https:\/\/talkpal.ai\/learn-indonesian\/\">Indin\u00e9isis<\/a> ar cheann de na teangacha is cairdi\u00fala don fhoghlaimeoir. Tosaigh do thuras inniu agus f\u00e9ach conas is f\u00e9idir le tuiscint ar ghramadach na hIndin\u00e9ise domhan cumars\u00e1ide agus eisp\u00e9iris chult\u00fartha bhr\u00edomhara a oscailt go tapa!<\/p>\r\n\r\n                            <a class=\"getStartedHidden\" href=\"https:\/\/app.talkpal.ai\/signup?lng=\">Tosaigh<\/a>\r\n        \r\n    <\/div>\r\n\r\n    <figure>\r\n    <img decoding=\"async\" width=\"768\" height=\"768\" src=\"https:\/\/talkpal.ai\/wp-content\/uploads\/2023\/06\/indonesia-768x768.png\" class=\"languageImage no-lazy\" alt=\"Language learning for personal achievement\" fetchpriority=\"high\" sizes=\"(max-width: 768px) 150px, 768px\" srcset=\"https:\/\/talkpal.ai\/wp-content\/uploads\/2023\/06\/indonesia-768x768.png 768w, https:\/\/talkpal.ai\/wp-content\/uploads\/2023\/06\/indonesia-300x300.png 300w\" \/>\r\n    \r\n\r\n    <\/figure>\r\n\r\n            <a class=\"getStartedVisible\" href=\"https:\/\/app.talkpal.ai\/signup?lng=\">Tosaigh<\/a>\r\n    \r\n<\/section>\r\n<section class=\"promotionalBanner\">\r\n    <p class=\"promotionalText\"><\/p>\r\n    <a class=\"promotionalLink\" href=\"https:\/\/app.talkpal.ai\/signup?lng=\"><\/a>\r\n<\/section>\n<div class=\"wp-block-group pageContainerStyle\"><div class=\"wp-block-group__inner-container is-layout-constrained wp-block-group-is-layout-constrained\">\n<h2 class=\"wp-block-heading\" id=\"h-the-wonders-of-indonesian-grammar-a-guide-for-language-learners\">Iontais Ghramada\u00ed na hIndin\u00e9ise: Treoir d&#8217;Fhoghlaimeoir\u00ed Teanga<\/h2>\n\n\n\n<p><a href=\"https:\/\/talkpal.ai\/grammar\/\">Gramadach<\/a> na hIndin\u00e9ise \u2013 simpl\u00ed ach gal\u00e1nta, f\u00e1ilteach ach tarraingteach, inrochtana ach mealltach. Agus t\u00fa ag tabhairt faoi do thuras chun an teanga Indin\u00e9isis a fhoghlaim, b\u00ed cinnte gur eisp\u00e9ireas taitneamhach a bheidh ann glacadh lena <a href=\"https:\/\/talkpal.ai\/grammar\/\">gramadach<\/a>. Leis an alt seo, t\u00e1 s\u00e9 mar aidhm againn tuiscint a thabhairt duit ar na pr\u00edomhghn\u00e9ithe de ghramadach na hIndin\u00e9ise agus cabhr\u00fa leat \u00e1illeacht na teanga Oirdheisceart na h\u00c1ise seo a ghlacadh.<\/p>\n\n\n\n<p>D\u00e9anaimis dul i ngleic le heilimint\u00ed bun\u00fasacha <a href=\"https:\/\/talkpal.ai\/ga\/cleachtai-gramadai-na-hisiltire\/\">gramada\u00ed na<\/a> hIndin\u00e9ise, le m\u00ednithe agus sampla\u00ed a fh\u00e1gann go bhfuil na rialacha agus na coincheapa soil\u00e9ir. Mar sin, suigh siar, sc\u00edth a ligean, agus lig d\u00fainn r\u00fain suimi\u00fala gramada\u00ed na hIndin\u00e9ise a nochtadh duit.<\/p>\n\n\n\n<h3 class=\"wp-block-heading\" id=\"h-1-nouns-no-genders-no-plurals-no-stress\">1. Ainmfhocail: Gan inscne, gan iolra, gan strus!<\/h3>\n\n\n\n<p>Ceann de na gn\u00e9ithe is athnuachana de ghramadach na hIndin\u00e9ise is ea simpl\u00edocht a ch\u00f3rais ainmfhocail. N\u00edl foirmeacha inscne n\u00e1 iolra ag ainmfhocail na hIndin\u00e9ise. Cialla\u00edonn s\u00e9 seo go ndeir t\u00fa &#8220;anjing&#8221; (madra) cib\u00e9 an bhfuil t\u00fa ag tagairt do choile\u00e1in\u00edn amh\u00e1in n\u00f3 do ghr\u00fapa madra\u00ed f\u00e1sta.<\/p>\n\n\n\n<p>Chun foirm iolra a shonr\u00fa, is f\u00e9idir leat an t-ainmfhocal a athdh\u00e9anamh (m.sh., &#8220;anak-anak&#8221; le haghaidh &#8220;leana\u00ed&#8221;) n\u00f3 t\u00e9arma cainn\u00edochta cos\u00fail le &#8220;banyak&#8221; (go leor) n\u00f3 &#8220;beberapa&#8221; (roinnt) a \u00fas\u00e1id. Sin \u00e9! Nach an\u00e1il aer \u00far \u00e9 sin i gcompar\u00e1id le teangacha eile?<\/p>\n\n\n\n<h3 class=\"wp-block-heading\" id=\"h-2-pronouns-staying-humble-and-respectful\">2. Forainmneacha: Fanacht Humble agus Meas\u00fail<\/h3>\n\n\n\n<p>Baineann gramadach na hIndin\u00e9ise \u00fas\u00e1id as forainmneacha \u00e9ags\u00fala bunaithe ar leibh\u00e9il \u00e9ags\u00fala foirmi\u00falachta. T\u00e1 s\u00e9 riachtanach an forainm cu\u00ed a \u00fas\u00e1id agus t\u00fa ag tabhairt aghaidh ar dhuine chun meas agus umhla\u00edocht a thaispe\u00e1int. Mar shampla, t\u00e1 &#8220;aku&#8221; (I\/me) \u00f3c\u00e1ideach agus pearsanta, t\u00e1 &#8220;saya&#8221; dea-bh\u00e9asach agus neodrach, agus t\u00e1 &#8220;saya&#8221; foirmi\u00fail agus humble. Ar an gcaoi ch\u00e9anna, t\u00e1 &#8220;kamu&#8221; (t\u00fa) neamhfhoirmi\u00fail, t\u00e1 &#8220;Anda&#8221; dea-bh\u00e9asach, agus t\u00e1 &#8220;Bapak\/Ibu&#8221; (Sir\/Madam) curtha in \u00e1irithe do ch\u00e1sanna an-fhoirmi\u00fala.<\/p>\n\n\n\n<p>Cuimhnigh, is smaoineamh maith \u00e9 i gc\u00f3na\u00ed bot\u00fan a dh\u00e9anamh ar thaobh na b\u00e9asachta i gc\u00e1sanna <a href=\"https:\/\/talkpal.ai\/talkpal-new-years-discount\/\">nua<\/a> n\u00f3 \u00e9iginnte.<\/p>\n\n\n\n<h3 class=\"wp-block-heading\" id=\"h-3-verbs-no-conjugations-but-prefixes-and-suffixes-galore\">3. Briathra: Gan aon chomhchuingi\u00fa, ach r\u00e9im\u00edreanna agus iarmh\u00edreanna go leor!<\/h3>\n\n\n\n<p>Fanann briathra Indin\u00e9isis gan athr\u00fa beag beann ar aimsir, gi\u00famar n\u00f3 \u00e1bhar, rud a fh\u00e1gann go bhfuil siad i bhfad n\u00edos simpl\u00ed n\u00e1 briathra i go leor teangacha eile. Mar sin f\u00e9in, beidh ort m\u00e1istreacht a dh\u00e9anamh ar \u00fas\u00e1id r\u00e9im\u00edreanna agus iarmh\u00edr chun br\u00ed an bhriathar a mhodhn\u00fa.<\/p>\n\n\n\n<p>I measc na r\u00e9im\u00edreanna coitianta t\u00e1 &#8220;me-&#8221; (briathra gn\u00edomhacha), &#8220;di-&#8221; (briathra \u00e9ighn\u00edomhacha), agus &#8220;ber-&#8221; (briathra stative). I measc na n-iarmh\u00edreanna coitianta t\u00e1 &#8220;-kan&#8221; (briathra c\u00faiseacha) agus &#8220;-i&#8221; (briathra idirthr\u00e9imhseacha). Mar shampla, cialla\u00edonn &#8220;makan&#8221; &#8220;a ithe,&#8221; cialla\u00edonn &#8220;memakan&#8221; &#8220;a ithe,&#8221; agus cialla\u00edonn &#8220;dimakan&#8221; &#8220;le hithe.&#8221;<\/p>\n\n\n\n<h3 class=\"wp-block-heading\" id=\"h-4-word-order-subject-verb-object-simplicity\">4. Ord\u00fa Focal: Simpl\u00edocht \u00c1bhar-Briathar-Rud!<\/h3>\n\n\n\n<p>Leanann gramadach na hIndin\u00e9ise ord focal simpl\u00ed Subject-Verb-Object (SVO), cos\u00fail leis an mB\u00e9arla. D\u00e9anann s\u00e9 seo t\u00f3g\u00e1il agus tuiscint abairt\u00ed i bhfad n\u00edos \u00e9asca do chainteoir\u00ed <a href=\"https:\/\/talkpal.ai\/learn-english-with-ai\/\">B\u00e9arla<\/a>. Mar shampla, aistr\u00edonn &#8220;Saya memakan pisang&#8221; go d\u00edreach go &#8220;I (subject) eat (verb) banana (object).&#8221;<\/p>\n\n\n\n<h3 class=\"wp-block-heading\" id=\"h-5-immerse-yourself-in-indonesian-practice-makes-perfect\">5. Tumadh t\u00fa f\u00e9in san Indin\u00e9isis: D\u00e9anann Cleachtas Foirfe<\/h3>\n\n\n\n<p>T\u00e1 \u00e1illeacht ghramada\u00ed na hIndin\u00e9ise ina simpl\u00edocht agus ina inrochtaineacht. Cabhr\u00f3idh cleachtadh rialta tr\u00ed l\u00e9amh, scr\u00edobh, \u00e9isteacht agus labhairt leat m\u00e1istreacht a dh\u00e9anamh ar an teanga agus ar a gramadach. Glac leis na d\u00fashl\u00e1in, conquer na castachta\u00ed, agus d\u00edghlas\u00e1il an charm f\u00edor na teanga Indin\u00e9isis.<\/p>\n\n\n\n<p>Mar sin, an bhfuil t\u00fa r\u00e9idh le dul i ngleic le hiontais ghramada\u00ed na hIndin\u00e9ise? Cur chuige air le muin\u00edn agus fiosracht, agus le tiomantas agus sceitim\u00edn\u00ed, is f\u00e9idir leat a bheith i do chainteoir Indin\u00e9isis eloquent go luath. Selamat belajar! (Staid\u00e9ar sona!)<\/p>\n<\/div><\/div>\n\r\n<section class=\"learnNavigationSection\">\r\n            \r\n        <a href=\"https:\/\/talkpal.ai\/ga\/foghlaim-indineisis\/\">\r\n            <div class=\"learnNavigationWrapper\">\r\n                <div class=\"learnNavigationContent\">\r\n                    <img decoding=\"async\" src=\"https:\/\/talkpal.ai\/wp-content\/uploads\/2024\/08\/Indonesian.jpg\" alt=\"Indonesian Flag\">\r\n                    <div>\r\n                        <h4>Maidir le Foghlaim Indin\u00e9isis<\/h4>\r\n                        <p>Faigh amach gach rud faoi ghramadach na hIndin\u00e9ise.<\/p>\r\n                    <\/div>\r\n                <\/div>\r\n            <\/div>\r\n        <\/a>\r\n\r\n        \r\n        <a href=\"https:\/\/talkpal.ai\/ga\/cleachtai-gramadai-indineisis\/\">\r\n            <div class=\"learnNavigationWrapper\">\r\n                <div class=\"learnNavigationContent\">\r\n                    <img decoding=\"async\" src=\"https:\/\/talkpal.ai\/wp-content\/uploads\/2024\/08\/Indonesian.jpg\" alt=\"Indonesian Flag\">\r\n                    <div>\r\n                        <h4>Cleachtadh Gramada\u00ed Indin\u00e9isis<\/h4>\r\n                        <p>Cleachtadh gramadach na hIndin\u00e9ise.<\/p>\r\n                    <\/div>\r\n                <\/div>\r\n            <\/div>\r\n        <\/a>\r\n\r\n        \r\n        <a href=\"https:\/\/talkpal.ai\/vocabulary_language\/indonesian\/\">\r\n            <div class=\"learnNavigationWrapper\">\r\n                <div class=\"learnNavigationContent\">\r\n                    <img decoding=\"async\" src=\"https:\/\/talkpal.ai\/wp-content\/uploads\/2024\/08\/Indonesian.jpg\" alt=\"Indonesian Flag\">\r\n                    <div>\r\n                        <h4>St\u00f3r Focal Indin\u00e9isis<\/h4>\r\n                        <p>Leathnaigh do st\u00f3r focal Indin\u00e9isis.<\/p>\r\n                    <\/div>\r\n                <\/div>\r\n            <\/div>\r\n        <\/a>\r\n\r\n            <\/section>","protected":false},"excerpt":{"rendered":"<p>Iontais Ghramada\u00ed na hIndin\u00e9ise: Treoir d&#8217;Fhoghlaimeoir\u00ed Teanga Gramadach na hIndin\u00e9ise \u2013 simpl\u00ed ach gal\u00e1nta, f\u00e1ilteach ach tarraingteach, inrochtana ach mealltach. Agus t\u00fa ag tabhairt faoi do thuras chun an teanga Indin\u00e9isis a fhoghlaim, b\u00ed cinnte gur eisp\u00e9ireas taitneamhach a bheidh ann glacadh lena gramadach. Leis an alt seo, t\u00e1 s\u00e9 mar aidhm againn tuiscint a [&hellip;]<\/p>\n","protected":false},"author":1,"featured_media":1444094,"parent":0,"menu_order":0,"comment_status":"closed","ping_status":"closed","template":"LearningContentPage.php","meta":{"_acf_changed":false,"footnotes":""},"class_list":["post-1444092","page","type-page","status-publish","has-post-thumbnail","hentry"],"acf":[],"yoast_head":"<!-- This site is optimized with the Yoast SEO Premium plugin v27.2 (Yoast SEO v27.2) - https:\/\/yoast.com\/product\/yoast-seo-premium-wordpress\/ -->\n<title>Gramadach na hIndin\u00e9ise - Talkpal<\/title>\n<meta name=\"description\" content=\"M\u00e1istir gramadach Indin\u00e9isis gan str\u00f3 le aip foghlama teanga AI Talkpal. Cumars\u00e1id a dh\u00e9anamh go muin\u00edneach ag baint \u00fas\u00e1ide as treoir AI TalkPal.\" \/>\n<meta name=\"robots\" content=\"index, follow, max-snippet:-1, max-image-preview:large, max-video-preview:-1\" \/>\n<link rel=\"canonical\" href=\"https:\/\/talkpal.ai\/ga\/gramadach-na-hindineise\/\" \/>\n<meta property=\"og:locale\" content=\"ga_IE\" \/>\n<meta property=\"og:type\" content=\"article\" \/>\n<meta property=\"og:title\" content=\"Gramadach na hIndin\u00e9ise\" \/>\n<meta property=\"og:description\" content=\"Iontais Ghramada\u00ed na hIndin\u00e9ise: Treoir d&#039;Fhoghlaimeoir\u00ed Teanga Gramadach na hIndin\u00e9ise \u2013 simpl\u00ed ach gal\u00e1nta, f\u00e1ilteach ach tarraingteach, inrochtana ach\" \/>\n<meta property=\"og:url\" content=\"https:\/\/talkpal.ai\/ga\/gramadach-na-hindineise\/\" \/>\n<meta property=\"og:site_name\" content=\"Talkpal\" \/>\n<meta property=\"article:publisher\" content=\"https:\/\/www.facebook.com\/profile.php?id=100090733639311\" \/>\n<meta property=\"article:modified_time\" content=\"2025-12-13T15:43:10+00:00\" \/>\n<meta property=\"og:image\" content=\"https:\/\/talkpal.ai\/wp-content\/uploads\/2023\/05\/indonesia.png\" \/>\n\t<meta property=\"og:image:width\" content=\"512\" \/>\n\t<meta property=\"og:image:height\" content=\"512\" \/>\n\t<meta property=\"og:image:type\" content=\"image\/png\" \/>\n<meta name=\"twitter:card\" content=\"summary_large_image\" \/>\n<meta name=\"twitter:site\" content=\"@talkpalai\" \/>\n<meta name=\"twitter:label1\" content=\"Est. reading time\" \/>\n\t<meta name=\"twitter:data1\" content=\"3 minutes\" \/>\n<script type=\"application\/ld+json\" class=\"yoast-schema-graph\">{\"@context\":\"https:\/\/schema.org\",\"@graph\":[{\"@type\":\"WebPage\",\"@id\":\"https:\/\/talkpal.ai\/ga\/gramadach-na-hindineise\/\",\"url\":\"https:\/\/talkpal.ai\/ga\/gramadach-na-hindineise\/\",\"name\":\"Gramadach na hIndin\u00e9ise - Talkpal\",\"isPartOf\":{\"@id\":\"https:\/\/talkpal.ai\/ga\/#website\"},\"primaryImageOfPage\":{\"@id\":\"https:\/\/talkpal.ai\/ga\/gramadach-na-hindineise\/#primaryimage\"},\"image\":{\"@id\":\"https:\/\/talkpal.ai\/ga\/gramadach-na-hindineise\/#primaryimage\"},\"thumbnailUrl\":\"https:\/\/talkpal.ai\/wp-content\/uploads\/2023\/05\/indonesia.png\",\"datePublished\":\"2023-05-14T14:09:29+00:00\",\"dateModified\":\"2025-12-13T15:43:10+00:00\",\"description\":\"M\u00e1istir gramadach Indin\u00e9isis gan str\u00f3 le aip foghlama teanga AI Talkpal. Cumars\u00e1id a dh\u00e9anamh go muin\u00edneach ag baint \u00fas\u00e1ide as treoir AI TalkPal.\",\"breadcrumb\":{\"@id\":\"https:\/\/talkpal.ai\/ga\/gramadach-na-hindineise\/#breadcrumb\"},\"inLanguage\":\"ga-IE\",\"potentialAction\":[{\"@type\":\"ReadAction\",\"target\":[\"https:\/\/talkpal.ai\/ga\/gramadach-na-hindineise\/\"]}]},{\"@type\":\"ImageObject\",\"inLanguage\":\"ga-IE\",\"@id\":\"https:\/\/talkpal.ai\/ga\/gramadach-na-hindineise\/#primaryimage\",\"url\":\"https:\/\/talkpal.ai\/wp-content\/uploads\/2023\/05\/indonesia.png\",\"contentUrl\":\"https:\/\/talkpal.ai\/wp-content\/uploads\/2023\/05\/indonesia.png\",\"width\":512,\"height\":512,\"caption\":\"TalkPal Indonesia Flag\"},{\"@type\":\"BreadcrumbList\",\"@id\":\"https:\/\/talkpal.ai\/ga\/gramadach-na-hindineise\/#breadcrumb\",\"itemListElement\":[{\"@type\":\"ListItem\",\"position\":1,\"name\":\"Homepage\",\"item\":\"https:\/\/talkpal.ai\/ga\/\"},{\"@type\":\"ListItem\",\"position\":2,\"name\":\"Gramadach na hIndin\u00e9ise\"}]},{\"@type\":\"WebSite\",\"@id\":\"https:\/\/talkpal.ai\/ga\/#website\",\"url\":\"https:\/\/talkpal.ai\/ga\/\",\"name\":\"Talkpal\",\"description\":\"AI Language Learning\",\"publisher\":{\"@id\":\"https:\/\/talkpal.ai\/ga\/#organization\"},\"alternateName\":\"Talkpal AI\",\"potentialAction\":[{\"@type\":\"SearchAction\",\"target\":{\"@type\":\"EntryPoint\",\"urlTemplate\":\"https:\/\/talkpal.ai\/ga\/?s={search_term_string}\"},\"query-input\":{\"@type\":\"PropertyValueSpecification\",\"valueRequired\":true,\"valueName\":\"search_term_string\"}}],\"inLanguage\":\"ga-IE\"},{\"@type\":\"Organization\",\"@id\":\"https:\/\/talkpal.ai\/ga\/#organization\",\"name\":\"Talkpal, Inc.\",\"alternateName\":\"Talkpal AI\",\"url\":\"https:\/\/talkpal.ai\/ga\/\",\"logo\":{\"@type\":\"ImageObject\",\"inLanguage\":\"ga-IE\",\"@id\":\"https:\/\/talkpal.ai\/ga\/#\/schema\/logo\/image\/\",\"url\":\"https:\/\/talkpal.ai\/wp-content\/uploads\/2024\/03\/Talkpal-Logo-Icon.png\",\"contentUrl\":\"https:\/\/talkpal.ai\/wp-content\/uploads\/2024\/03\/Talkpal-Logo-Icon.png\",\"width\":2880,\"height\":2880,\"caption\":\"Talkpal, Inc.\"},\"image\":{\"@id\":\"https:\/\/talkpal.ai\/ga\/#\/schema\/logo\/image\/\"},\"sameAs\":[\"https:\/\/www.facebook.com\/profile.php?id=100090733639311\",\"https:\/\/x.com\/talkpalai\",\"https:\/\/www.linkedin.com\/company\/talkpal\/\",\"https:\/\/www.youtube.com\/@TalkPal\/\",\"https:\/\/www.tiktok.com\/@talkpal\",\"https:\/\/www.instagram.com\/talkpal_ai\/\",\"https:\/\/www.crunchbase.com\/organization\/talkpal-9cde\",\"https:\/\/www.g2.com\/products\/talkpal-for-business\/\",\"https:\/\/www.trustpilot.com\/review\/talkpal.ai\",\"https:\/\/www.capterra.com\/p\/10006800\/TalkPal\/\"],\"description\":\"Talkpal is a language learning web and mobile education app, powered by the latest AI technologies, that provides engaging experiences to its customers in many different languages to help them improve their language skills. Users can chat about unlimited amount of topics with the app and use other modes to practice their language learning.\",\"email\":\"support@talkpal.ai\",\"legalName\":\"Talkpal, Inc.\",\"foundingDate\":\"2023-04-03\",\"duns\":\"118989042\",\"numberOfEmployees\":{\"@type\":\"QuantitativeValue\",\"minValue\":\"11\",\"maxValue\":\"50\"},\"publishingPrinciples\":\"https:\/\/talkpal.ai\/publishing-principles\/\",\"actionableFeedbackPolicy\":\"https:\/\/talkpal.ai\/actionable-feedback-policy\/\",\"correctionsPolicy\":\"https:\/\/talkpal.ai\/corrections-policy\/\",\"ethicsPolicy\":\"https:\/\/talkpal.ai\/ethics-policy\/\",\"diversityPolicy\":\"https:\/\/talkpal.ai\/diversity-policy\/\",\"diversityStaffingReport\":\"https:\/\/talkpal.ai\/diversity-policy\/\"}]}<\/script>\n<!-- \/ Yoast SEO Premium plugin. -->","yoast_head_json":{"title":"Gramadach na hIndin\u00e9ise - Talkpal","description":"M\u00e1istir gramadach Indin\u00e9isis gan str\u00f3 le aip foghlama teanga AI Talkpal. Cumars\u00e1id a dh\u00e9anamh go muin\u00edneach ag baint \u00fas\u00e1ide as treoir AI TalkPal.","robots":{"index":"index","follow":"follow","max-snippet":"max-snippet:-1","max-image-preview":"max-image-preview:large","max-video-preview":"max-video-preview:-1"},"canonical":"https:\/\/talkpal.ai\/ga\/gramadach-na-hindineise\/","og_locale":"ga_IE","og_type":"article","og_title":"Gramadach na hIndin\u00e9ise","og_description":"Iontais Ghramada\u00ed na hIndin\u00e9ise: Treoir d'Fhoghlaimeoir\u00ed Teanga Gramadach na hIndin\u00e9ise \u2013 simpl\u00ed ach gal\u00e1nta, f\u00e1ilteach ach tarraingteach, inrochtana ach","og_url":"https:\/\/talkpal.ai\/ga\/gramadach-na-hindineise\/","og_site_name":"Talkpal","article_publisher":"https:\/\/www.facebook.com\/profile.php?id=100090733639311","article_modified_time":"2025-12-13T15:43:10+00:00","og_image":[{"width":512,"height":512,"url":"https:\/\/talkpal.ai\/wp-content\/uploads\/2023\/05\/indonesia.png","type":"image\/png"}],"twitter_card":"summary_large_image","twitter_site":"@talkpalai","twitter_misc":{"Est. reading time":"3 minutes"},"schema":{"@context":"https:\/\/schema.org","@graph":[{"@type":"WebPage","@id":"https:\/\/talkpal.ai\/ga\/gramadach-na-hindineise\/","url":"https:\/\/talkpal.ai\/ga\/gramadach-na-hindineise\/","name":"Gramadach na hIndin\u00e9ise - Talkpal","isPartOf":{"@id":"https:\/\/talkpal.ai\/ga\/#website"},"primaryImageOfPage":{"@id":"https:\/\/talkpal.ai\/ga\/gramadach-na-hindineise\/#primaryimage"},"image":{"@id":"https:\/\/talkpal.ai\/ga\/gramadach-na-hindineise\/#primaryimage"},"thumbnailUrl":"https:\/\/talkpal.ai\/wp-content\/uploads\/2023\/05\/indonesia.png","datePublished":"2023-05-14T14:09:29+00:00","dateModified":"2025-12-13T15:43:10+00:00","description":"M\u00e1istir gramadach Indin\u00e9isis gan str\u00f3 le aip foghlama teanga AI Talkpal. Cumars\u00e1id a dh\u00e9anamh go muin\u00edneach ag baint \u00fas\u00e1ide as treoir AI TalkPal.","breadcrumb":{"@id":"https:\/\/talkpal.ai\/ga\/gramadach-na-hindineise\/#breadcrumb"},"inLanguage":"ga-IE","potentialAction":[{"@type":"ReadAction","target":["https:\/\/talkpal.ai\/ga\/gramadach-na-hindineise\/"]}]},{"@type":"ImageObject","inLanguage":"ga-IE","@id":"https:\/\/talkpal.ai\/ga\/gramadach-na-hindineise\/#primaryimage","url":"https:\/\/talkpal.ai\/wp-content\/uploads\/2023\/05\/indonesia.png","contentUrl":"https:\/\/talkpal.ai\/wp-content\/uploads\/2023\/05\/indonesia.png","width":512,"height":512,"caption":"TalkPal Indonesia Flag"},{"@type":"BreadcrumbList","@id":"https:\/\/talkpal.ai\/ga\/gramadach-na-hindineise\/#breadcrumb","itemListElement":[{"@type":"ListItem","position":1,"name":"Homepage","item":"https:\/\/talkpal.ai\/ga\/"},{"@type":"ListItem","position":2,"name":"Gramadach na hIndin\u00e9ise"}]},{"@type":"WebSite","@id":"https:\/\/talkpal.ai\/ga\/#website","url":"https:\/\/talkpal.ai\/ga\/","name":"Talkpal","description":"AI Language Learning","publisher":{"@id":"https:\/\/talkpal.ai\/ga\/#organization"},"alternateName":"Talkpal AI","potentialAction":[{"@type":"SearchAction","target":{"@type":"EntryPoint","urlTemplate":"https:\/\/talkpal.ai\/ga\/?s={search_term_string}"},"query-input":{"@type":"PropertyValueSpecification","valueRequired":true,"valueName":"search_term_string"}}],"inLanguage":"ga-IE"},{"@type":"Organization","@id":"https:\/\/talkpal.ai\/ga\/#organization","name":"Talkpal, Inc.","alternateName":"Talkpal AI","url":"https:\/\/talkpal.ai\/ga\/","logo":{"@type":"ImageObject","inLanguage":"ga-IE","@id":"https:\/\/talkpal.ai\/ga\/#\/schema\/logo\/image\/","url":"https:\/\/talkpal.ai\/wp-content\/uploads\/2024\/03\/Talkpal-Logo-Icon.png","contentUrl":"https:\/\/talkpal.ai\/wp-content\/uploads\/2024\/03\/Talkpal-Logo-Icon.png","width":2880,"height":2880,"caption":"Talkpal, Inc."},"image":{"@id":"https:\/\/talkpal.ai\/ga\/#\/schema\/logo\/image\/"},"sameAs":["https:\/\/www.facebook.com\/profile.php?id=100090733639311","https:\/\/x.com\/talkpalai","https:\/\/www.linkedin.com\/company\/talkpal\/","https:\/\/www.youtube.com\/@TalkPal\/","https:\/\/www.tiktok.com\/@talkpal","https:\/\/www.instagram.com\/talkpal_ai\/","https:\/\/www.crunchbase.com\/organization\/talkpal-9cde","https:\/\/www.g2.com\/products\/talkpal-for-business\/","https:\/\/www.trustpilot.com\/review\/talkpal.ai","https:\/\/www.capterra.com\/p\/10006800\/TalkPal\/"],"description":"Talkpal is a language learning web and mobile education app, powered by the latest AI technologies, that provides engaging experiences to its customers in many different languages to help them improve their language skills. Users can chat about unlimited amount of topics with the app and use other modes to practice their language learning.","email":"support@talkpal.ai","legalName":"Talkpal, Inc.","foundingDate":"2023-04-03","duns":"118989042","numberOfEmployees":{"@type":"QuantitativeValue","minValue":"11","maxValue":"50"},"publishingPrinciples":"https:\/\/talkpal.ai\/publishing-principles\/","actionableFeedbackPolicy":"https:\/\/talkpal.ai\/actionable-feedback-policy\/","correctionsPolicy":"https:\/\/talkpal.ai\/corrections-policy\/","ethicsPolicy":"https:\/\/talkpal.ai\/ethics-policy\/","diversityPolicy":"https:\/\/talkpal.ai\/diversity-policy\/","diversityStaffingReport":"https:\/\/talkpal.ai\/diversity-policy\/"}]}},"_links":{"self":[{"href":"https:\/\/talkpal.ai\/ga\/wp-json\/wp\/v2\/pages\/1444092","targetHints":{"allow":["GET"]}}],"collection":[{"href":"https:\/\/talkpal.ai\/ga\/wp-json\/wp\/v2\/pages"}],"about":[{"href":"https:\/\/talkpal.ai\/ga\/wp-json\/wp\/v2\/types\/page"}],"author":[{"embeddable":true,"href":"https:\/\/talkpal.ai\/ga\/wp-json\/wp\/v2\/users\/1"}],"replies":[{"embeddable":true,"href":"https:\/\/talkpal.ai\/ga\/wp-json\/wp\/v2\/comments?post=1444092"}],"version-history":[{"count":0,"href":"https:\/\/talkpal.ai\/ga\/wp-json\/wp\/v2\/pages\/1444092\/revisions"}],"wp:featuredmedia":[{"embeddable":true,"href":"https:\/\/talkpal.ai\/ga\/wp-json\/wp\/v2\/media\/1444094"}],"wp:attachment":[{"href":"https:\/\/talkpal.ai\/ga\/wp-json\/wp\/v2\/media?parent=1444092"}],"curies":[{"name":"wp","href":"https:\/\/api.w.org\/{rel}","templated":true}]}}