{"id":1444086,"date":"2023-05-14T14:09:11","date_gmt":"2023-05-14T14:09:11","guid":{"rendered":"https:\/\/talkpal.ai\/gramadach-na-hioslainne\/"},"modified":"2025-12-12T10:51:33","modified_gmt":"2025-12-12T10:51:33","slug":"gramadach-na-hioslainne","status":"publish","type":"page","link":"https:\/\/talkpal.ai\/ga\/gramadach-na-hioslainne\/","title":{"rendered":"Gramadach na h\u00cdoslainne"},"content":{"rendered":"\r\n\r\n\r\n<section class=\"languageChallengeSection\">\r\n    <div class=\"languageInfoWrapper\">\r\n        \r\n        <h1>Gramadach na h\u00cdoslainne<\/h1>\r\n        <p>D\u00e9an ini\u00fachadh ar strucht\u00far suimi\u00fail na h\u00cdoslainnise tr\u00ed a rialacha gramada\u00ed bun\u00fasacha a fhoghlaim. Cabhr\u00f3idh m\u00e1istreacht ar ghramadach na h\u00cdoslainnise leat cumars\u00e1id a dh\u00e9anamh go h\u00e9ifeachtach agus ceangal n\u00edos doimhne le cult\u00far agus stair uath\u00fail na h\u00cdoslainne. Tosaigh ag foghlaim <a href=\"https:\/\/talkpal.ai\/ga\/cleachtai-gramadai-na-hisiltire\/\">gramada\u00ed na<\/a> h\u00cdoslainne inniu agus glac do ch\u00e9ad ch\u00e9im i dtreo l\u00edofa!<\/p>\r\n\r\n                            <a class=\"getStartedHidden\" href=\"https:\/\/app.talkpal.ai\/signup?lng=\">Tosaigh<\/a>\r\n        \r\n    <\/div>\r\n\r\n    <figure>\r\n    <img decoding=\"async\" width=\"768\" height=\"768\" src=\"https:\/\/talkpal.ai\/wp-content\/uploads\/2023\/06\/Icelandic-768x768.png\" class=\"languageImage no-lazy\" alt=\"Language learning for better job opportunities\" fetchpriority=\"high\" sizes=\"(max-width: 768px) 150px, 768px\" srcset=\"https:\/\/talkpal.ai\/wp-content\/uploads\/2023\/06\/Icelandic-768x768.png 768w, https:\/\/talkpal.ai\/wp-content\/uploads\/2023\/06\/Icelandic-300x300.png 300w\" \/>\r\n    \r\n\r\n    <\/figure>\r\n\r\n            <a class=\"getStartedVisible\" href=\"https:\/\/app.talkpal.ai\/signup?lng=\">Tosaigh<\/a>\r\n    \r\n<\/section>\r\n<section class=\"promotionalBanner\">\r\n    <p class=\"promotionalText\">An bealach is \u00e9ifeachta\u00ed le teanga a fhoghlaim<\/p>\r\n    <a class=\"promotionalLink\" href=\"https:\/\/app.talkpal.ai\/signup?lng=\">Bain triail as Talkpal saor in aisce<\/a>\r\n<\/section>\n<div class=\"wp-block-group pageContainerStyle\"><div class=\"wp-block-group__inner-container is-layout-constrained wp-block-group-is-layout-constrained\">\n<h2 class=\"wp-block-heading\" id=\"h-the-magic-of-icelandic-grammar-unlocking-the-secrets-of-the-viking-tongue\">Dra\u00edocht na Gramada\u00ed \u00cdoslainnis: R\u00fain na Teanga Lochlannach a Dh\u00edghlas\u00e1il<\/h2>\n\n\n\n<h3 class=\"wp-block-heading\" id=\"h-introduction-icelandic-the-land-of-fire-and-ice\">R\u00e9amhr\u00e1: \u00cdoslainnis, Talamh na Tine agus an Oighir<\/h3>\n\n\n\n<p>T\u00e1 c\u00e1il ar an teanga <a href=\"https:\/\/talkpal.ai\/learn-icelandic\/\">\u00cdoslainnis<\/a>, a labhra\u00edonn muintir an oile\u00e1in \u00e1lainn san \u00cdoslainn, mar gheall ar a stair shaibhir, a traidisi\u00fan fileata mealltach, agus a cumas eisceacht\u00fail dul in oiri\u00faint agus \u00e9abhl\u00f3idi\u00fa leis an am. De shliocht na Sean-Lochlainnise, t\u00e1 charm speisialta ag an \u00cdoslainnis a chuireann mealladh ar dhaoine a bhfuil gr\u00e1 acu do theanga agus do pholaiceanna uaillmhianacha. Mar sin, ceangail do chriosanna s\u00e1bh\u00e1la, folks! T\u00e1imid ar t\u00ed tumadh isteach i ndomhan \u00e1lainn, casta ghramada\u00ed na h\u00cdoslainne, ag nochtadh a r\u00fandiamhair agus ag f\u00e1il amach a seoda i bhfolach ar an mbealach.<\/p>\n\n\n\n<h3 class=\"wp-block-heading\" id=\"h-1-runic-scripts-to-latin-alphabet-a-story-of-transformation\">1. Scripteanna Runic go Aib\u00edtir Laidineach: Sc\u00e9al Claochlaithe<\/h3>\n\n\n\n<p>Is eachtra ann f\u00e9in \u00ed aib\u00edtir na h\u00cdoslainne, ina bhfuil 32 carachtar a thagann \u00f3 fhr\u00e9amhacha stairi\u00fala \u00e9ags\u00fala. C\u00e9 go bhfuil s\u00e9 bunaithe go pr\u00edomha ar an script Laidine, coinn\u00edonn an aib\u00edtir roinnt carachtair shaini\u00fala \u00f3 script r\u00fanach a shinsear \u00e1rsa Lochlannach. Is \u00e9 m\u00e1istreacht na gcarachtar seo an ch\u00e9ad chonstaic i bhfoghlaim na teanga, ach le cleachtadh, beidh t\u00fa ina mh\u00e1istir in am ar bith!<\/p>\n\n\n\n<h3 class=\"wp-block-heading\" id=\"h-2-noun-mastery-getting-to-the-roots-of-icelandic-grammar\">2. M\u00e1istreacht ainmfhocal: Ag dul go dt\u00ed fr\u00e9amhacha gramada\u00ed na h\u00cdoslainne<\/h3>\n\n\n\n<p>Ceann de na pr\u00edomhghn\u00e9ithe de ghramadach na h\u00cdoslainne is ea infhilleadh ainmfhocail de r\u00e9ir inscne, uimhreacha agus c\u00e1is. Is f\u00e9idir le hainmfhocail na h\u00cdoslainne a bheith baininscneach, firinscneach, n\u00f3 neuter, agus tagann gach inscne lena sraith rialacha uath\u00fail <a href=\"https:\/\/talkpal.ai\/ga\/maidir\/\">maidir<\/a> le d\u00edochl\u00fa. C\u00e9 go bhf\u00e9adfadh s\u00e9 seo a bheith cos\u00fail le turas rollercoaster teangeola\u00edoch, t\u00e1 tuiscint ar na castachta\u00ed seo riachtanach chun an teanga ina hioml\u00e1ine a thuiscint. Oscl\u00f3idh an t-eolas a fhaigheann t\u00fa domhan f\u00e9idearthachta\u00ed chun raon br\u00edonna caolch\u00faiseacha agus casta a <a href=\"https:\/\/talkpal.ai\/locations\/language-courses-in-chur\/\">chur<\/a> in i\u00fal \u2013 f\u00edorghl\u00f3ir ghramada\u00ed na h\u00cdoslainne!<\/p>\n\n\n\n<h3 class=\"wp-block-heading\" id=\"h-3-the-mighty-verb-icelandic-s-unsung-hero\">3. An Briathar Mighty: Laoch Unsung na h\u00cdoslainne<\/h3>\n\n\n\n<p>Cos\u00fail le hainmfhocail, d\u00e9antar claochl\u00fa fairsing ar bhriathra na h\u00cdoslainne ag brath ar a n-aimsir, gi\u00famar, agus pearsa agus uimhir an \u00e1bhair. Is f\u00e9idir leis an gc\u00f3ras intricate seo a bheith daunting ar dt\u00fas ach b\u00edodh a fhios agat! De r\u00e9ir mar a fhoghlaim\u00edonn t\u00fa na patr\u00fain rialta agus na oddities neamhrialta, tos\u00f3idh t\u00fa ag feice\u00e1il c\u00e9 chomh gal\u00e1nta agus versatile is f\u00e9idir le comhchuingi\u00fa briathar \u00cdoslainnis a bheith. D\u00edghlas\u00e1lfaidh conquering na briathra \u00cdoslainnis an chumhacht chun smaointe, moth\u00fach\u00e1in agus gn\u00edomhartha a chur in i\u00fal le cruinneas agus cruthaitheacht.<\/p>\n\n\n\n<h3 class=\"wp-block-heading\" id=\"h-4-word-order-icelandic-s-flexible-backbone\">4. Ord\u00fa Focal: Cn\u00e1mh Droma Sol\u00fabtha na h\u00cdoslainne<\/h3>\n\n\n\n<p>I gcodarsnacht le dol\u00fabthacht roinnt eilimint\u00ed de ghramadach na h\u00cdoslainne, cuireann an teanga sol\u00fabthacht ar f\u00e1il in ord focal. Cialla\u00edonn s\u00e9 seo gur f\u00e9idir leat an t-\u00e1bhar, an briathar agus an r\u00e9ad a chur i socruithe \u00e9ags\u00fala chomh fada agus a choinn\u00edonn t\u00fa comhaont\u00fa in inscne, uimhir, c\u00e1sanna, agus go leor eile &#8211; scaoilfidh t\u00fa an t-eala\u00edont\u00f3ir ionat! Is f\u00e9idir le do chuid abairt\u00ed a oiri\u00fan\u00fa ar an mbealach spra\u00ed\u00fail seo cabhr\u00fa le b\u00e9im, nuance agus ton comhr\u00e1 a chruth\u00fa, rud a fh\u00e1gann go bhfuil do chuid cainte n\u00edos tarraingt\u00ed agus n\u00edos taitneamha\u00ed.<\/p>\n\n\n\n<h3 class=\"wp-block-heading\" id=\"h-5-embrace-the-culture-discover-the-pulse-of-the-icelandic-language\">5. Glac leis an gcult\u00far: Faigh amach cuisle na teanga \u00cdoslainnise<\/h3>\n\n\n\n<p>N\u00ed f\u00e9idir an teanga \u00cdoslainnis a scaradh \u00f3na fr\u00e9amhacha cult\u00fartha, lena naisc l\u00e1idre leis na sagas, na Eddas, agus stair agus dearcadh domhanda uath\u00fail an n\u00e1isi\u00fain. Chun t\u00fa f\u00e9in a thumadh go f\u00edrinneach sa teanga, glac lena comhth\u00e9acs go hioml\u00e1n. Tumadh isteach ina bh\u00e9aloideas, devoour a seoda liteartha, agus dul i dteagmh\u00e1il le cainteoir\u00ed d\u00fachais. T\u00e1 an cur chuige seo r\u00edth\u00e1bhachtach chun inni\u00falacht teanga agus nasc n\u00edos doimhne a bhaint amach le muintir na h\u00cdoslainne agus lena n-oidhreacht shaibhir chult\u00fartha.<\/p>\n\n\n\n<h3 class=\"wp-block-heading\" id=\"h-conclusion-an-icelandic-grammar-journey-worth-taking\">Concl\u00faid: Turas gramada\u00ed na h\u00cdoslainne ar fi\u00fa \u00e9 a th\u00f3g\u00e1il<\/h3>\n\n\n\n<p>C\u00e9 go bhf\u00e9adfadh <a href=\"https:\/\/talkpal.ai\/grammar\/\">gramadach<\/a> na h\u00cdoslainne a bheith ina dh\u00fashl\u00e1n ollmh\u00f3r, t\u00e1 an luach saothair fl\u00fairseach d\u00f3ibh si\u00fad a ghlacann an plunge. Le buanseasmhacht, sp\u00e9is mh\u00f3r sa chult\u00far, agus sprinkling flaithi\u00fail fiosrachta, gheobhaidh t\u00fa t\u00fa f\u00e9in faoi dhra\u00edocht ag intricacies na teanga \u00cdoslainnise. Mar sin, b\u00ed linn san eachtra seo agus nocht dra\u00edocht ghramada\u00ed na h\u00cdoslainne, c\u00e9im corraitheach amh\u00e1in ag an am.<\/p>\n<\/div><\/div>\n\r\n<section class=\"learnNavigationSection\">\r\n            \r\n        <a href=\"https:\/\/talkpal.ai\/ga\/foghlaim-ioslainnis\/\">\r\n            <div class=\"learnNavigationWrapper\">\r\n                <div class=\"learnNavigationContent\">\r\n                    <img decoding=\"async\" src=\"https:\/\/talkpal.ai\/wp-content\/uploads\/2024\/08\/Icelandic.jpg\" alt=\"Iceland Flag\">\r\n                    <div>\r\n                        <h4>Maidir le Foghlaim na h\u00cdoslainne<\/h4>\r\n                        <p>Faigh amach gach rud faoi ghramadach na h\u00cdoslainnise.<\/p>\r\n                    <\/div>\r\n                <\/div>\r\n            <\/div>\r\n        <\/a>\r\n\r\n        \r\n        <a href=\"https:\/\/talkpal.ai\/ga\/cleachtai-gramadai-na-hioslainne\/\">\r\n            <div class=\"learnNavigationWrapper\">\r\n                <div class=\"learnNavigationContent\">\r\n                    <img decoding=\"async\" src=\"https:\/\/talkpal.ai\/wp-content\/uploads\/2024\/08\/Icelandic.jpg\" alt=\"Iceland Flag\">\r\n                    <div>\r\n                        <h4>Cleachtadh Gramada\u00ed na h\u00cdoslainne<\/h4>\r\n                        <p>Cleachtadh gramadach na h\u00cdoslainnise.<\/p>\r\n                    <\/div>\r\n                <\/div>\r\n            <\/div>\r\n        <\/a>\r\n\r\n        \r\n        <a href=\"https:\/\/talkpal.ai\/vocabulary_language\/icelandic\/\">\r\n            <div class=\"learnNavigationWrapper\">\r\n                <div class=\"learnNavigationContent\">\r\n                    <img decoding=\"async\" src=\"https:\/\/talkpal.ai\/wp-content\/uploads\/2024\/08\/Icelandic.jpg\" alt=\"Iceland Flag\">\r\n                    <div>\r\n                        <h4>St\u00f3r Focal na h\u00cdoslainnis<\/h4>\r\n                        <p>Leathnaigh do st\u00f3r focal \u00cdoslainnis.<\/p>\r\n                    <\/div>\r\n                <\/div>\r\n            <\/div>\r\n        <\/a>\r\n\r\n            <\/section>","protected":false},"excerpt":{"rendered":"<p>Dra\u00edocht na Gramada\u00ed \u00cdoslainnis: R\u00fain na Teanga Lochlannach a Dh\u00edghlas\u00e1il R\u00e9amhr\u00e1: \u00cdoslainnis, Talamh na Tine agus an Oighir T\u00e1 c\u00e1il ar an teanga \u00cdoslainnis, a labhra\u00edonn muintir an oile\u00e1in \u00e1lainn san \u00cdoslainn, mar gheall ar a stair shaibhir, a traidisi\u00fan fileata mealltach, agus a cumas eisceacht\u00fail dul in oiri\u00faint agus \u00e9abhl\u00f3idi\u00fa leis an am. De [&hellip;]<\/p>\n","protected":false},"author":1,"featured_media":1444088,"parent":0,"menu_order":0,"comment_status":"closed","ping_status":"closed","template":"LearningContentPage.php","meta":{"_acf_changed":false,"footnotes":""},"class_list":["post-1444086","page","type-page","status-publish","has-post-thumbnail","hentry"],"acf":[],"yoast_head":"<!-- This site is optimized with the Yoast SEO Premium plugin v27.2 (Yoast SEO v27.2) - https:\/\/yoast.com\/product\/yoast-seo-premium-wordpress\/ -->\n<title>Gramadach na h\u00cdoslainne - Talkpal<\/title>\n<meta name=\"description\" content=\"Foghlaim gramadach na h\u00cdoslainne go soil\u00e9ir - pr\u00edomhrialacha gramada\u00ed a thuiscint, abairt\u00ed cearta a fhoirmi\u00fa, agus muin\u00edn a threisi\u00fa go tapa ag baint \u00fas\u00e1ide as ceachtanna AI TalkPal.\" \/>\n<meta name=\"robots\" content=\"index, follow, max-snippet:-1, max-image-preview:large, max-video-preview:-1\" \/>\n<link rel=\"canonical\" href=\"https:\/\/talkpal.ai\/ga\/gramadach-na-hioslainne\/\" \/>\n<meta property=\"og:locale\" content=\"ga_IE\" \/>\n<meta property=\"og:type\" content=\"article\" \/>\n<meta property=\"og:title\" content=\"Gramadach na h\u00cdoslainne\" \/>\n<meta property=\"og:description\" content=\"Dra\u00edocht na Gramada\u00ed \u00cdoslainnis: R\u00fain na Teanga Lochlannach a Dh\u00edghlas\u00e1il R\u00e9amhr\u00e1: \u00cdoslainnis, Talamh na Tine agus an Oighir T\u00e1 c\u00e1il ar an teanga\" \/>\n<meta property=\"og:url\" content=\"https:\/\/talkpal.ai\/ga\/gramadach-na-hioslainne\/\" \/>\n<meta property=\"og:site_name\" content=\"Talkpal\" \/>\n<meta property=\"article:publisher\" content=\"https:\/\/www.facebook.com\/profile.php?id=100090733639311\" \/>\n<meta property=\"article:modified_time\" content=\"2025-12-12T10:51:33+00:00\" \/>\n<meta property=\"og:image\" content=\"https:\/\/talkpal.ai\/wp-content\/uploads\/2023\/05\/iceland.png\" \/>\n\t<meta property=\"og:image:width\" content=\"512\" \/>\n\t<meta property=\"og:image:height\" content=\"512\" \/>\n\t<meta property=\"og:image:type\" content=\"image\/png\" \/>\n<meta name=\"twitter:card\" content=\"summary_large_image\" \/>\n<meta name=\"twitter:site\" content=\"@talkpalai\" \/>\n<meta name=\"twitter:label1\" content=\"Est. reading time\" \/>\n\t<meta name=\"twitter:data1\" content=\"4 minutes\" \/>\n<script type=\"application\/ld+json\" class=\"yoast-schema-graph\">{\"@context\":\"https:\/\/schema.org\",\"@graph\":[{\"@type\":\"WebPage\",\"@id\":\"https:\/\/talkpal.ai\/ga\/gramadach-na-hioslainne\/\",\"url\":\"https:\/\/talkpal.ai\/ga\/gramadach-na-hioslainne\/\",\"name\":\"Gramadach na h\u00cdoslainne - Talkpal\",\"isPartOf\":{\"@id\":\"https:\/\/talkpal.ai\/ga\/#website\"},\"primaryImageOfPage\":{\"@id\":\"https:\/\/talkpal.ai\/ga\/gramadach-na-hioslainne\/#primaryimage\"},\"image\":{\"@id\":\"https:\/\/talkpal.ai\/ga\/gramadach-na-hioslainne\/#primaryimage\"},\"thumbnailUrl\":\"https:\/\/talkpal.ai\/wp-content\/uploads\/2023\/05\/iceland.png\",\"datePublished\":\"2023-05-14T14:09:11+00:00\",\"dateModified\":\"2025-12-12T10:51:33+00:00\",\"description\":\"Foghlaim gramadach na h\u00cdoslainne go soil\u00e9ir - pr\u00edomhrialacha gramada\u00ed a thuiscint, abairt\u00ed cearta a fhoirmi\u00fa, agus muin\u00edn a threisi\u00fa go tapa ag baint \u00fas\u00e1ide as ceachtanna AI TalkPal.\",\"breadcrumb\":{\"@id\":\"https:\/\/talkpal.ai\/ga\/gramadach-na-hioslainne\/#breadcrumb\"},\"inLanguage\":\"ga-IE\",\"potentialAction\":[{\"@type\":\"ReadAction\",\"target\":[\"https:\/\/talkpal.ai\/ga\/gramadach-na-hioslainne\/\"]}]},{\"@type\":\"ImageObject\",\"inLanguage\":\"ga-IE\",\"@id\":\"https:\/\/talkpal.ai\/ga\/gramadach-na-hioslainne\/#primaryimage\",\"url\":\"https:\/\/talkpal.ai\/wp-content\/uploads\/2023\/05\/iceland.png\",\"contentUrl\":\"https:\/\/talkpal.ai\/wp-content\/uploads\/2023\/05\/iceland.png\",\"width\":512,\"height\":512,\"caption\":\"TalkPal Iceland Flag\"},{\"@type\":\"BreadcrumbList\",\"@id\":\"https:\/\/talkpal.ai\/ga\/gramadach-na-hioslainne\/#breadcrumb\",\"itemListElement\":[{\"@type\":\"ListItem\",\"position\":1,\"name\":\"Homepage\",\"item\":\"https:\/\/talkpal.ai\/ga\/\"},{\"@type\":\"ListItem\",\"position\":2,\"name\":\"Gramadach na h\u00cdoslainne\"}]},{\"@type\":\"WebSite\",\"@id\":\"https:\/\/talkpal.ai\/ga\/#website\",\"url\":\"https:\/\/talkpal.ai\/ga\/\",\"name\":\"Talkpal\",\"description\":\"AI Language Learning\",\"publisher\":{\"@id\":\"https:\/\/talkpal.ai\/ga\/#organization\"},\"alternateName\":\"Talkpal AI\",\"potentialAction\":[{\"@type\":\"SearchAction\",\"target\":{\"@type\":\"EntryPoint\",\"urlTemplate\":\"https:\/\/talkpal.ai\/ga\/?s={search_term_string}\"},\"query-input\":{\"@type\":\"PropertyValueSpecification\",\"valueRequired\":true,\"valueName\":\"search_term_string\"}}],\"inLanguage\":\"ga-IE\"},{\"@type\":\"Organization\",\"@id\":\"https:\/\/talkpal.ai\/ga\/#organization\",\"name\":\"Talkpal, Inc.\",\"alternateName\":\"Talkpal AI\",\"url\":\"https:\/\/talkpal.ai\/ga\/\",\"logo\":{\"@type\":\"ImageObject\",\"inLanguage\":\"ga-IE\",\"@id\":\"https:\/\/talkpal.ai\/ga\/#\/schema\/logo\/image\/\",\"url\":\"https:\/\/talkpal.ai\/wp-content\/uploads\/2024\/03\/Talkpal-Logo-Icon.png\",\"contentUrl\":\"https:\/\/talkpal.ai\/wp-content\/uploads\/2024\/03\/Talkpal-Logo-Icon.png\",\"width\":2880,\"height\":2880,\"caption\":\"Talkpal, Inc.\"},\"image\":{\"@id\":\"https:\/\/talkpal.ai\/ga\/#\/schema\/logo\/image\/\"},\"sameAs\":[\"https:\/\/www.facebook.com\/profile.php?id=100090733639311\",\"https:\/\/x.com\/talkpalai\",\"https:\/\/www.linkedin.com\/company\/talkpal\/\",\"https:\/\/www.youtube.com\/@TalkPal\/\",\"https:\/\/www.tiktok.com\/@talkpal\",\"https:\/\/www.instagram.com\/talkpal_ai\/\",\"https:\/\/www.crunchbase.com\/organization\/talkpal-9cde\",\"https:\/\/www.g2.com\/products\/talkpal-for-business\/\",\"https:\/\/www.trustpilot.com\/review\/talkpal.ai\",\"https:\/\/www.capterra.com\/p\/10006800\/TalkPal\/\"],\"description\":\"Talkpal is a language learning web and mobile education app, powered by the latest AI technologies, that provides engaging experiences to its customers in many different languages to help them improve their language skills. Users can chat about unlimited amount of topics with the app and use other modes to practice their language learning.\",\"email\":\"support@talkpal.ai\",\"legalName\":\"Talkpal, Inc.\",\"foundingDate\":\"2023-04-03\",\"duns\":\"118989042\",\"numberOfEmployees\":{\"@type\":\"QuantitativeValue\",\"minValue\":\"11\",\"maxValue\":\"50\"},\"publishingPrinciples\":\"https:\/\/talkpal.ai\/publishing-principles\/\",\"actionableFeedbackPolicy\":\"https:\/\/talkpal.ai\/actionable-feedback-policy\/\",\"correctionsPolicy\":\"https:\/\/talkpal.ai\/corrections-policy\/\",\"ethicsPolicy\":\"https:\/\/talkpal.ai\/ethics-policy\/\",\"diversityPolicy\":\"https:\/\/talkpal.ai\/diversity-policy\/\",\"diversityStaffingReport\":\"https:\/\/talkpal.ai\/diversity-policy\/\"}]}<\/script>\n<!-- \/ Yoast SEO Premium plugin. -->","yoast_head_json":{"title":"Gramadach na h\u00cdoslainne - Talkpal","description":"Foghlaim gramadach na h\u00cdoslainne go soil\u00e9ir - pr\u00edomhrialacha gramada\u00ed a thuiscint, abairt\u00ed cearta a fhoirmi\u00fa, agus muin\u00edn a threisi\u00fa go tapa ag baint \u00fas\u00e1ide as ceachtanna AI TalkPal.","robots":{"index":"index","follow":"follow","max-snippet":"max-snippet:-1","max-image-preview":"max-image-preview:large","max-video-preview":"max-video-preview:-1"},"canonical":"https:\/\/talkpal.ai\/ga\/gramadach-na-hioslainne\/","og_locale":"ga_IE","og_type":"article","og_title":"Gramadach na h\u00cdoslainne","og_description":"Dra\u00edocht na Gramada\u00ed \u00cdoslainnis: R\u00fain na Teanga Lochlannach a Dh\u00edghlas\u00e1il R\u00e9amhr\u00e1: \u00cdoslainnis, Talamh na Tine agus an Oighir T\u00e1 c\u00e1il ar an teanga","og_url":"https:\/\/talkpal.ai\/ga\/gramadach-na-hioslainne\/","og_site_name":"Talkpal","article_publisher":"https:\/\/www.facebook.com\/profile.php?id=100090733639311","article_modified_time":"2025-12-12T10:51:33+00:00","og_image":[{"width":512,"height":512,"url":"https:\/\/talkpal.ai\/wp-content\/uploads\/2023\/05\/iceland.png","type":"image\/png"}],"twitter_card":"summary_large_image","twitter_site":"@talkpalai","twitter_misc":{"Est. reading time":"4 minutes"},"schema":{"@context":"https:\/\/schema.org","@graph":[{"@type":"WebPage","@id":"https:\/\/talkpal.ai\/ga\/gramadach-na-hioslainne\/","url":"https:\/\/talkpal.ai\/ga\/gramadach-na-hioslainne\/","name":"Gramadach na h\u00cdoslainne - Talkpal","isPartOf":{"@id":"https:\/\/talkpal.ai\/ga\/#website"},"primaryImageOfPage":{"@id":"https:\/\/talkpal.ai\/ga\/gramadach-na-hioslainne\/#primaryimage"},"image":{"@id":"https:\/\/talkpal.ai\/ga\/gramadach-na-hioslainne\/#primaryimage"},"thumbnailUrl":"https:\/\/talkpal.ai\/wp-content\/uploads\/2023\/05\/iceland.png","datePublished":"2023-05-14T14:09:11+00:00","dateModified":"2025-12-12T10:51:33+00:00","description":"Foghlaim gramadach na h\u00cdoslainne go soil\u00e9ir - pr\u00edomhrialacha gramada\u00ed a thuiscint, abairt\u00ed cearta a fhoirmi\u00fa, agus muin\u00edn a threisi\u00fa go tapa ag baint \u00fas\u00e1ide as ceachtanna AI TalkPal.","breadcrumb":{"@id":"https:\/\/talkpal.ai\/ga\/gramadach-na-hioslainne\/#breadcrumb"},"inLanguage":"ga-IE","potentialAction":[{"@type":"ReadAction","target":["https:\/\/talkpal.ai\/ga\/gramadach-na-hioslainne\/"]}]},{"@type":"ImageObject","inLanguage":"ga-IE","@id":"https:\/\/talkpal.ai\/ga\/gramadach-na-hioslainne\/#primaryimage","url":"https:\/\/talkpal.ai\/wp-content\/uploads\/2023\/05\/iceland.png","contentUrl":"https:\/\/talkpal.ai\/wp-content\/uploads\/2023\/05\/iceland.png","width":512,"height":512,"caption":"TalkPal Iceland Flag"},{"@type":"BreadcrumbList","@id":"https:\/\/talkpal.ai\/ga\/gramadach-na-hioslainne\/#breadcrumb","itemListElement":[{"@type":"ListItem","position":1,"name":"Homepage","item":"https:\/\/talkpal.ai\/ga\/"},{"@type":"ListItem","position":2,"name":"Gramadach na h\u00cdoslainne"}]},{"@type":"WebSite","@id":"https:\/\/talkpal.ai\/ga\/#website","url":"https:\/\/talkpal.ai\/ga\/","name":"Talkpal","description":"AI Language Learning","publisher":{"@id":"https:\/\/talkpal.ai\/ga\/#organization"},"alternateName":"Talkpal AI","potentialAction":[{"@type":"SearchAction","target":{"@type":"EntryPoint","urlTemplate":"https:\/\/talkpal.ai\/ga\/?s={search_term_string}"},"query-input":{"@type":"PropertyValueSpecification","valueRequired":true,"valueName":"search_term_string"}}],"inLanguage":"ga-IE"},{"@type":"Organization","@id":"https:\/\/talkpal.ai\/ga\/#organization","name":"Talkpal, Inc.","alternateName":"Talkpal AI","url":"https:\/\/talkpal.ai\/ga\/","logo":{"@type":"ImageObject","inLanguage":"ga-IE","@id":"https:\/\/talkpal.ai\/ga\/#\/schema\/logo\/image\/","url":"https:\/\/talkpal.ai\/wp-content\/uploads\/2024\/03\/Talkpal-Logo-Icon.png","contentUrl":"https:\/\/talkpal.ai\/wp-content\/uploads\/2024\/03\/Talkpal-Logo-Icon.png","width":2880,"height":2880,"caption":"Talkpal, Inc."},"image":{"@id":"https:\/\/talkpal.ai\/ga\/#\/schema\/logo\/image\/"},"sameAs":["https:\/\/www.facebook.com\/profile.php?id=100090733639311","https:\/\/x.com\/talkpalai","https:\/\/www.linkedin.com\/company\/talkpal\/","https:\/\/www.youtube.com\/@TalkPal\/","https:\/\/www.tiktok.com\/@talkpal","https:\/\/www.instagram.com\/talkpal_ai\/","https:\/\/www.crunchbase.com\/organization\/talkpal-9cde","https:\/\/www.g2.com\/products\/talkpal-for-business\/","https:\/\/www.trustpilot.com\/review\/talkpal.ai","https:\/\/www.capterra.com\/p\/10006800\/TalkPal\/"],"description":"Talkpal is a language learning web and mobile education app, powered by the latest AI technologies, that provides engaging experiences to its customers in many different languages to help them improve their language skills. Users can chat about unlimited amount of topics with the app and use other modes to practice their language learning.","email":"support@talkpal.ai","legalName":"Talkpal, Inc.","foundingDate":"2023-04-03","duns":"118989042","numberOfEmployees":{"@type":"QuantitativeValue","minValue":"11","maxValue":"50"},"publishingPrinciples":"https:\/\/talkpal.ai\/publishing-principles\/","actionableFeedbackPolicy":"https:\/\/talkpal.ai\/actionable-feedback-policy\/","correctionsPolicy":"https:\/\/talkpal.ai\/corrections-policy\/","ethicsPolicy":"https:\/\/talkpal.ai\/ethics-policy\/","diversityPolicy":"https:\/\/talkpal.ai\/diversity-policy\/","diversityStaffingReport":"https:\/\/talkpal.ai\/diversity-policy\/"}]}},"_links":{"self":[{"href":"https:\/\/talkpal.ai\/ga\/wp-json\/wp\/v2\/pages\/1444086","targetHints":{"allow":["GET"]}}],"collection":[{"href":"https:\/\/talkpal.ai\/ga\/wp-json\/wp\/v2\/pages"}],"about":[{"href":"https:\/\/talkpal.ai\/ga\/wp-json\/wp\/v2\/types\/page"}],"author":[{"embeddable":true,"href":"https:\/\/talkpal.ai\/ga\/wp-json\/wp\/v2\/users\/1"}],"replies":[{"embeddable":true,"href":"https:\/\/talkpal.ai\/ga\/wp-json\/wp\/v2\/comments?post=1444086"}],"version-history":[{"count":0,"href":"https:\/\/talkpal.ai\/ga\/wp-json\/wp\/v2\/pages\/1444086\/revisions"}],"wp:featuredmedia":[{"embeddable":true,"href":"https:\/\/talkpal.ai\/ga\/wp-json\/wp\/v2\/media\/1444088"}],"wp:attachment":[{"href":"https:\/\/talkpal.ai\/ga\/wp-json\/wp\/v2\/media?parent=1444086"}],"curies":[{"name":"wp","href":"https:\/\/api.w.org\/{rel}","templated":true}]}}