{"id":1444081,"date":"2023-05-14T14:08:53","date_gmt":"2023-05-14T14:08:53","guid":{"rendered":"https:\/\/talkpal.ai\/gramadach-na-hungaire\/"},"modified":"2025-12-12T10:34:28","modified_gmt":"2025-12-12T10:34:28","slug":"gramadach-na-hungaire","status":"publish","type":"page","link":"https:\/\/talkpal.ai\/ga\/gramadach-na-hungaire\/","title":{"rendered":"Gramadach na hUng\u00e1ire"},"content":{"rendered":"\r\n\r\n\r\n<section class=\"languageChallengeSection\">\r\n    <div class=\"languageInfoWrapper\">\r\n        \r\n        <h1>Gramadach na hUng\u00e1ire<\/h1>\r\n        <p>R\u00e9idh le tabhairt faoi dh\u00fashl\u00e1n teanga f\u00edor-uath\u00fail? L\u00e9im isteach i ngramadach na hUng\u00e1ire agus nocht a ghn\u00e9ithe iontacha. Tosaigh ag foghlaim inniu, agus faigh amach conas a oscla\u00edonn m\u00e1istreacht ar ghramadach na hUng\u00e1ire doirse do chomhr\u00e1ite fi\u00fantacha agus do thuiscint dhomhain ar oidhreacht shaibhir teanga na hUng\u00e1ire!<\/p>\r\n\r\n                            <a class=\"getStartedHidden\" href=\"https:\/\/app.talkpal.ai\/signup?lng=\">Tosaigh<\/a>\r\n        \r\n    <\/div>\r\n\r\n    <figure>\r\n    <img decoding=\"async\" width=\"768\" height=\"768\" src=\"https:\/\/talkpal.ai\/wp-content\/uploads\/2023\/06\/hungarian-768x768.png\" class=\"languageImage no-lazy\" alt=\"Language learning strategies for advanced learners\" fetchpriority=\"high\" sizes=\"(max-width: 768px) 150px, 768px\" srcset=\"https:\/\/talkpal.ai\/wp-content\/uploads\/2023\/06\/hungarian-768x768.png 768w, https:\/\/talkpal.ai\/wp-content\/uploads\/2023\/06\/hungarian-300x300.png 300w\" \/>\r\n    \r\n\r\n    <\/figure>\r\n\r\n            <a class=\"getStartedVisible\" href=\"https:\/\/app.talkpal.ai\/signup?lng=\">Tosaigh<\/a>\r\n    \r\n<\/section>\r\n<section class=\"promotionalBanner\">\r\n    <p class=\"promotionalText\">An bealach is \u00e9ifeachta\u00ed le teanga a fhoghlaim<\/p>\r\n    <a class=\"promotionalLink\" href=\"https:\/\/app.talkpal.ai\/signup?lng=\">Bain triail as Talkpal saor in aisce<\/a>\r\n<\/section>\n<div class=\"wp-block-group pageContainerStyle\"><div class=\"wp-block-group__inner-container is-layout-constrained wp-block-group-is-layout-constrained\">\n<h2 class=\"wp-block-heading\" id=\"h-title-unlocking-the-secrets-of-hungarian-grammar\">Teideal: R\u00fain Ghramada\u00ed na hUng\u00e1ire a Dh\u00edghlas\u00e1il<\/h2>\n\n\n\n<p>Seasann an <a href=\"https:\/\/talkpal.ai\/learn-hungarian\/\">Ung\u00e1iris<\/a>, teanga Finno-Ugric, amach lena c\u00f3ras gramada\u00ed uath\u00fail, rud a fh\u00e1gann gur d\u00fashl\u00e1n iontach \u00ed do dh\u00edograiseoir\u00ed teanga. N\u00ed hamh\u00e1in go leathna\u00edonn foghlaim na hUng\u00e1ire d&#8217;eolas teanga ach tugann s\u00e9 deis duit dul i ngleic le cult\u00far agus stair mhealltach na hUng\u00e1ire. C\u00e9 go bhf\u00e9adfadh <a href=\"https:\/\/talkpal.ai\/grammar\/\">gramadach<\/a> na hUng\u00e1ire a bheith imeaglaithe ar dt\u00fas, d\u00e9anann s\u00e9 an pr\u00f3iseas foghlama n\u00edos inrochtana. San alt seo, cuirfimid t\u00fa in aithne do shaol suimi\u00fail <a href=\"https:\/\/talkpal.ai\/ga\/cleachtai-gramadai-na-hisiltire\/\">gramada\u00ed na<\/a> hUng\u00e1ire agus tabharfaimid treoir <a href=\"https:\/\/talkpal.ai\/ga\/maidir\/\">maidir<\/a> le m\u00e1istreacht a dh\u00e9anamh ar a chastachta\u00ed.<\/p>\n\n\n\n<h3 class=\"wp-block-heading\" id=\"h-1-word-order-a-flexible-feature\">1. Ord\u00fa Focal: Gn\u00e9 Sol\u00fabtha<\/h3>\n\n\n\n<p>Murab ionann agus go leor teangacha eile, t\u00e1 ord focal r\u00e9as\u00fanta sol\u00fabtha ag an Ung\u00e1iris. C\u00e9 go leanann an abairt tipici\u00fail Ung\u00e1iris an patr\u00fan Subject-Verb-Object (SVO), t\u00e1 orduithe focal eile coitianta freisin agus \u00fas\u00e1idtear iad chun b\u00e9im a leagan ar chodanna \u00e9ags\u00fala den abairt. M\u00e1 chuirtear eolas ar na h\u00e9ags\u00falachta\u00ed seo, beidh t\u00fa in ann abairt\u00ed Ung\u00e1iris a thuiscint agus a th\u00f3g\u00e1il n\u00edos \u00e9ifeachta\u00ed.<\/p>\n\n\n\n<h3 class=\"wp-block-heading\" id=\"h-2-nouns-and-cases-the-role-of-suffixes\">2. Ainmfhocail agus C\u00e1sanna: R\u00f3l na nIarmh\u00edreanna<\/h3>\n\n\n\n<p>N\u00edl inscne ghramada\u00ed ag ainmfhocail Ung\u00e1iris, rud a shimplia\u00edonn t\u00f3g\u00e1il abairte. Mar sin f\u00e9in, \u00fas\u00e1ideann ainmfhocail agus codanna eile den chaint i ngramadach na hUng\u00e1ire raidhse iarmh\u00edreanna chun c\u00e1sanna, seilbh agus iolrachas a l\u00e9iri\u00fa. M\u00e1 fhoghlaim\u00edonn t\u00fa na hiarmh\u00edreanna seo agus a n-\u00fas\u00e1id\u00ed, feabhs\u00f3idh s\u00e9 go m\u00f3r do chumas cumars\u00e1id a dh\u00e9anamh san Ung\u00e1iris.<\/p>\n\n\n\n<p>Sampla\u00ed:<\/p>\n\n\n\n<p><strong>\u2013 h\u00e1z (teach) \u2013 h\u00e1zak (tithe)<\/strong><\/p>\n\n\n\n<p><strong>&#8211; h\u00e1zban (sa teach) &#8211; h\u00e1zakban (sna tithe)<\/strong><\/p>\n\n\n\n<h3 class=\"wp-block-heading\" id=\"h-3-verbs-conjugation-and-tense\">3. Briathra: Comhchuingi\u00fa agus Aimsir<\/h3>\n\n\n\n<p>D\u00e9antar briathra Ung\u00e1iris a chomhchuingi\u00fa de r\u00e9ir aimsire, gi\u00famar, \u00e1bhar, agus cinnteacht. C\u00e9 go bhfuil roinnt aimsir\u00ed san Ung\u00e1iris, is pointe tosaigh maith \u00e9 foghlaim na dtr\u00ed phr\u00edomhaimsir \u2013 l\u00e1ithreacht, am at\u00e1 caite, agus todhcha\u00ed. Familiarize yourself with regular <a href=\"https:\/\/talkpal.ai\/ko\/grammar\/%eb%8f%99%ec%82%ac-%ed%99%9c%ec%9a%a9%eb%b2%95\/\">verb conjugation<\/a> patterns and learn common <a href=\"https:\/\/talkpal.ai\/ko\/grammar\/irregular-verbs-%ec%98%81%ec%96%b4-%eb%ac%b8%eb%b2%95%ec%97%90%ec%84%9c\/\">irregular verbs<\/a> to boost your verbal <a href=\"https:\/\/talkpal.ai\/master-communication-skills-at-keith-speaking-academy-unlock-your-potential-today\/\">communication skills<\/a>.<\/p>\n\n\n\n<h3 class=\"wp-block-heading\" id=\"h-4-adjectives-agreement-and-placement\">4. Aidiachta\u00ed: Comhaont\u00fa agus Socr\u00fach\u00e1n<\/h3>\n\n\n\n<p>I ngramadach na hUng\u00e1ire, caithfidh aidiachta\u00ed aont\u00fa leis an ainmfhocal a mhodhna\u00edonn siad i dt\u00e9arma\u00ed uimhreacha (uatha n\u00f3 iolra). Mar sin f\u00e9in, n\u00ed g\u00e1 go mbeadh aidiachta\u00ed ag teacht leis an ainmfhocal don ch\u00e1s gramada\u00ed. Is gn\u00e1ch go mb\u00edonn aidiachta\u00ed roimh an ainmfhocal, ag sol\u00e1thar comhth\u00e9acs tuairisci\u00fail don abairt.<\/p>\n\n\n\n<p>Sampla\u00ed:<\/p>\n\n\n\n<p><strong>&#8211; Piros Alma (\u00fall dearg)<\/strong><\/p>\n\n\n\n<p><strong>\u2013 sz\u00e9p vir\u00e1gok (bl\u00e1thanna \u00e1lainn)<\/strong><\/p>\n\n\n\n<h3 class=\"wp-block-heading\" id=\"h-5-vowel-harmony-a-unique-feature\">5. Comhchuibheas Guta: Gn\u00e9 Uath\u00fail<\/h3>\n\n\n\n<p>Gn\u00e9 shaini\u00fail de ghramadach na hUng\u00e1ire is ea comhchuibheas guta, a bhaineann le comhaont\u00fa guta\u00ed laistigh d&#8217;fhocail. B\u00edonn tionchar ag comhchuibheas guta ar an mbealach a dh\u00e9antar iarmh\u00edreanna a fhoirmi\u00fa agus a cheangal le focail. D\u00e9anfaidh tuiscint agus cleachtadh ar chomhchuibheas guta do chuid Ung\u00e1iris scr\u00edofa agus labhartha n\u00edos cruinne agus n\u00edos n\u00e1d\u00fartha.<\/p>\n\n\n\n<h3 class=\"wp-block-heading\" id=\"h-6-engaging-with-the-language\">6. Dul i ngleic leis an teanga<\/h3>\n\n\n\n<p>Is \u00e9 an bealach is \u00e9ifeachta\u00ed chun gramadach na hUng\u00e1ire a thuiscint agus a inmhe\u00e1n\u00fa go hioml\u00e1n n\u00e1 dul i ngleic go comhsheasmhach leis an teanga. Tr\u00ed litr\u00edocht na hUng\u00e1ire a l\u00e9amh, f\u00e9achaint ar scann\u00e1in dh\u00fachais, n\u00f3 comhr\u00e1 a dh\u00e9anamh go gn\u00edomhach le cainteoir\u00ed d\u00fachais, treiseoidh t\u00fa do thuiscint ar ghramadach agus leathn\u00f3idh t\u00fa do st\u00f3r focal ag an am c\u00e9anna.<\/p>\n\n\n\n<h3 class=\"wp-block-heading\" id=\"h-conclusion\">Concl\u00faid<\/h3>\n\n\n\n<p>C\u00e9 go bhf\u00e9adfadh gramadach na hUng\u00e1ire a bheith casta, cabhr\u00f3idh s\u00e9 leat dul i ngleic l\u00e9i c\u00e9im ar ch\u00e9im agus cleachtadh go comhsheasmhach leat a bheith inni\u00fail sa teanga sp\u00e9isi\u00fail seo. Glac leis an d\u00fashl\u00e1n agus t\u00fa ag tabhairt faoi do thuras teanga Ung\u00e1iris, agus is gearr go bhfaighidh t\u00fa t\u00fa f\u00e9in go muin\u00edneach ag nasclean\u00faint intricacies a gramada\u00ed. Staid\u00e9ar sona agus taitneamh a bhaint as iontais ghramada\u00ed na hUng\u00e1ire a ini\u00fachadh!<\/p>\n<\/div><\/div>\n\r\n<section class=\"learnNavigationSection\">\r\n            \r\n        <a href=\"https:\/\/talkpal.ai\/ga\/foghlaim-ungairis\/\">\r\n            <div class=\"learnNavigationWrapper\">\r\n                <div class=\"learnNavigationContent\">\r\n                    <img decoding=\"async\" src=\"https:\/\/talkpal.ai\/wp-content\/uploads\/2024\/08\/Hungarian.jpg\" alt=\"Hungarian Flag\">\r\n                    <div>\r\n                        <h4>Maidir le Foghlaim na hUng\u00e1ire<\/h4>\r\n                        <p>Faigh amach gach rud faoi ghramadach na hUng\u00e1ire.<\/p>\r\n                    <\/div>\r\n                <\/div>\r\n            <\/div>\r\n        <\/a>\r\n\r\n        \r\n        <a href=\"https:\/\/talkpal.ai\/ga\/cleachtai-gramadai-na-hungaire\/\">\r\n            <div class=\"learnNavigationWrapper\">\r\n                <div class=\"learnNavigationContent\">\r\n                    <img decoding=\"async\" src=\"https:\/\/talkpal.ai\/wp-content\/uploads\/2024\/08\/Hungarian.jpg\" alt=\"Hungarian Flag\">\r\n                    <div>\r\n                        <h4>Cleachtadh Gramada\u00ed na hUng\u00e1ire<\/h4>\r\n                        <p>Cleachtadh gramadach na hUng\u00e1ire.<\/p>\r\n                    <\/div>\r\n                <\/div>\r\n            <\/div>\r\n        <\/a>\r\n\r\n        \r\n        <a href=\"https:\/\/talkpal.ai\/vocabulary_language\/hungarian\/\">\r\n            <div class=\"learnNavigationWrapper\">\r\n                <div class=\"learnNavigationContent\">\r\n                    <img decoding=\"async\" src=\"https:\/\/talkpal.ai\/wp-content\/uploads\/2024\/08\/Hungarian.jpg\" alt=\"Hungarian Flag\">\r\n                    <div>\r\n                        <h4>St\u00f3r Focal na hUng\u00e1ire<\/h4>\r\n                        <p>Leathnaigh do st\u00f3r focal Ung\u00e1iris.<\/p>\r\n                    <\/div>\r\n                <\/div>\r\n            <\/div>\r\n        <\/a>\r\n\r\n            <\/section>","protected":false},"excerpt":{"rendered":"<p>Teideal: R\u00fain Ghramada\u00ed na hUng\u00e1ire a Dh\u00edghlas\u00e1il Seasann an Ung\u00e1iris, teanga Finno-Ugric, amach lena c\u00f3ras gramada\u00ed uath\u00fail, rud a fh\u00e1gann gur d\u00fashl\u00e1n iontach \u00ed do dh\u00edograiseoir\u00ed teanga. N\u00ed hamh\u00e1in go leathna\u00edonn foghlaim na hUng\u00e1ire d&#8217;eolas teanga ach tugann s\u00e9 deis duit dul i ngleic le cult\u00far agus stair mhealltach na hUng\u00e1ire. C\u00e9 go bhf\u00e9adfadh gramadach [&hellip;]<\/p>\n","protected":false},"author":1,"featured_media":1444082,"parent":0,"menu_order":0,"comment_status":"closed","ping_status":"closed","template":"LearningContentPage.php","meta":{"_acf_changed":false,"footnotes":""},"class_list":["post-1444081","page","type-page","status-publish","has-post-thumbnail","hentry"],"acf":[],"yoast_head":"<!-- This site is optimized with the Yoast SEO Premium plugin v27.2 (Yoast SEO v27.2) - https:\/\/yoast.com\/product\/yoast-seo-premium-wordpress\/ -->\n<title>Gramadach na hUng\u00e1ire - Talkpal<\/title>\n<meta name=\"description\" content=\"M\u00e1istir gramadach na hUng\u00e1ire - foghlaim rialacha gramada\u00ed, agus cleachtadh a dh\u00e9anamh ar abairt\u00ed a fhoirmi\u00fa. Faigh treoir chabhrach \u00f3 TalkPal AI.\" \/>\n<meta name=\"robots\" content=\"index, follow, max-snippet:-1, max-image-preview:large, max-video-preview:-1\" \/>\n<link rel=\"canonical\" href=\"https:\/\/talkpal.ai\/ga\/gramadach-na-hungaire\/\" \/>\n<meta property=\"og:locale\" content=\"ga_IE\" \/>\n<meta property=\"og:type\" content=\"article\" \/>\n<meta property=\"og:title\" content=\"Gramadach na hUng\u00e1ire\" \/>\n<meta property=\"og:description\" content=\"Teideal: R\u00fain Ghramada\u00ed na hUng\u00e1ire a Dh\u00edghlas\u00e1il Seasann an Ung\u00e1iris, teanga Finno-Ugric, amach lena c\u00f3ras gramada\u00ed uath\u00fail, rud a fh\u00e1gann gur d\u00fashl\u00e1n\" \/>\n<meta property=\"og:url\" content=\"https:\/\/talkpal.ai\/ga\/gramadach-na-hungaire\/\" \/>\n<meta property=\"og:site_name\" content=\"Talkpal\" \/>\n<meta property=\"article:publisher\" content=\"https:\/\/www.facebook.com\/profile.php?id=100090733639311\" \/>\n<meta property=\"article:modified_time\" content=\"2025-12-12T10:34:28+00:00\" \/>\n<meta property=\"og:image\" content=\"https:\/\/talkpal.ai\/wp-content\/uploads\/2023\/05\/Hungarian.png\" \/>\n\t<meta property=\"og:image:width\" content=\"512\" \/>\n\t<meta property=\"og:image:height\" content=\"512\" \/>\n\t<meta property=\"og:image:type\" content=\"image\/png\" \/>\n<meta name=\"twitter:card\" content=\"summary_large_image\" \/>\n<meta name=\"twitter:site\" content=\"@talkpalai\" \/>\n<meta name=\"twitter:label1\" content=\"Est. reading time\" \/>\n\t<meta name=\"twitter:data1\" content=\"3 minutes\" \/>\n<script type=\"application\/ld+json\" class=\"yoast-schema-graph\">{\"@context\":\"https:\/\/schema.org\",\"@graph\":[{\"@type\":\"WebPage\",\"@id\":\"https:\/\/talkpal.ai\/ga\/gramadach-na-hungaire\/\",\"url\":\"https:\/\/talkpal.ai\/ga\/gramadach-na-hungaire\/\",\"name\":\"Gramadach na hUng\u00e1ire - Talkpal\",\"isPartOf\":{\"@id\":\"https:\/\/talkpal.ai\/ga\/#website\"},\"primaryImageOfPage\":{\"@id\":\"https:\/\/talkpal.ai\/ga\/gramadach-na-hungaire\/#primaryimage\"},\"image\":{\"@id\":\"https:\/\/talkpal.ai\/ga\/gramadach-na-hungaire\/#primaryimage\"},\"thumbnailUrl\":\"https:\/\/talkpal.ai\/wp-content\/uploads\/2023\/05\/Hungarian.png\",\"datePublished\":\"2023-05-14T14:08:53+00:00\",\"dateModified\":\"2025-12-12T10:34:28+00:00\",\"description\":\"M\u00e1istir gramadach na hUng\u00e1ire - foghlaim rialacha gramada\u00ed, agus cleachtadh a dh\u00e9anamh ar abairt\u00ed a fhoirmi\u00fa. Faigh treoir chabhrach \u00f3 TalkPal AI.\",\"breadcrumb\":{\"@id\":\"https:\/\/talkpal.ai\/ga\/gramadach-na-hungaire\/#breadcrumb\"},\"inLanguage\":\"ga-IE\",\"potentialAction\":[{\"@type\":\"ReadAction\",\"target\":[\"https:\/\/talkpal.ai\/ga\/gramadach-na-hungaire\/\"]}]},{\"@type\":\"ImageObject\",\"inLanguage\":\"ga-IE\",\"@id\":\"https:\/\/talkpal.ai\/ga\/gramadach-na-hungaire\/#primaryimage\",\"url\":\"https:\/\/talkpal.ai\/wp-content\/uploads\/2023\/05\/Hungarian.png\",\"contentUrl\":\"https:\/\/talkpal.ai\/wp-content\/uploads\/2023\/05\/Hungarian.png\",\"width\":512,\"height\":512,\"caption\":\"TalkPal Hungarian Flag\"},{\"@type\":\"BreadcrumbList\",\"@id\":\"https:\/\/talkpal.ai\/ga\/gramadach-na-hungaire\/#breadcrumb\",\"itemListElement\":[{\"@type\":\"ListItem\",\"position\":1,\"name\":\"Homepage\",\"item\":\"https:\/\/talkpal.ai\/ga\/\"},{\"@type\":\"ListItem\",\"position\":2,\"name\":\"Gramadach na hUng\u00e1ire\"}]},{\"@type\":\"WebSite\",\"@id\":\"https:\/\/talkpal.ai\/ga\/#website\",\"url\":\"https:\/\/talkpal.ai\/ga\/\",\"name\":\"Talkpal\",\"description\":\"AI Language Learning\",\"publisher\":{\"@id\":\"https:\/\/talkpal.ai\/ga\/#organization\"},\"alternateName\":\"Talkpal AI\",\"potentialAction\":[{\"@type\":\"SearchAction\",\"target\":{\"@type\":\"EntryPoint\",\"urlTemplate\":\"https:\/\/talkpal.ai\/ga\/?s={search_term_string}\"},\"query-input\":{\"@type\":\"PropertyValueSpecification\",\"valueRequired\":true,\"valueName\":\"search_term_string\"}}],\"inLanguage\":\"ga-IE\"},{\"@type\":\"Organization\",\"@id\":\"https:\/\/talkpal.ai\/ga\/#organization\",\"name\":\"Talkpal, Inc.\",\"alternateName\":\"Talkpal AI\",\"url\":\"https:\/\/talkpal.ai\/ga\/\",\"logo\":{\"@type\":\"ImageObject\",\"inLanguage\":\"ga-IE\",\"@id\":\"https:\/\/talkpal.ai\/ga\/#\/schema\/logo\/image\/\",\"url\":\"https:\/\/talkpal.ai\/wp-content\/uploads\/2024\/03\/Talkpal-Logo-Icon.png\",\"contentUrl\":\"https:\/\/talkpal.ai\/wp-content\/uploads\/2024\/03\/Talkpal-Logo-Icon.png\",\"width\":2880,\"height\":2880,\"caption\":\"Talkpal, Inc.\"},\"image\":{\"@id\":\"https:\/\/talkpal.ai\/ga\/#\/schema\/logo\/image\/\"},\"sameAs\":[\"https:\/\/www.facebook.com\/profile.php?id=100090733639311\",\"https:\/\/x.com\/talkpalai\",\"https:\/\/www.linkedin.com\/company\/talkpal\/\",\"https:\/\/www.youtube.com\/@TalkPal\/\",\"https:\/\/www.tiktok.com\/@talkpal\",\"https:\/\/www.instagram.com\/talkpal_ai\/\",\"https:\/\/www.crunchbase.com\/organization\/talkpal-9cde\",\"https:\/\/www.g2.com\/products\/talkpal-for-business\/\",\"https:\/\/www.trustpilot.com\/review\/talkpal.ai\",\"https:\/\/www.capterra.com\/p\/10006800\/TalkPal\/\"],\"description\":\"Talkpal is a language learning web and mobile education app, powered by the latest AI technologies, that provides engaging experiences to its customers in many different languages to help them improve their language skills. Users can chat about unlimited amount of topics with the app and use other modes to practice their language learning.\",\"email\":\"support@talkpal.ai\",\"legalName\":\"Talkpal, Inc.\",\"foundingDate\":\"2023-04-03\",\"duns\":\"118989042\",\"numberOfEmployees\":{\"@type\":\"QuantitativeValue\",\"minValue\":\"11\",\"maxValue\":\"50\"},\"publishingPrinciples\":\"https:\/\/talkpal.ai\/publishing-principles\/\",\"actionableFeedbackPolicy\":\"https:\/\/talkpal.ai\/actionable-feedback-policy\/\",\"correctionsPolicy\":\"https:\/\/talkpal.ai\/corrections-policy\/\",\"ethicsPolicy\":\"https:\/\/talkpal.ai\/ethics-policy\/\",\"diversityPolicy\":\"https:\/\/talkpal.ai\/diversity-policy\/\",\"diversityStaffingReport\":\"https:\/\/talkpal.ai\/diversity-policy\/\"}]}<\/script>\n<!-- \/ Yoast SEO Premium plugin. -->","yoast_head_json":{"title":"Gramadach na hUng\u00e1ire - Talkpal","description":"M\u00e1istir gramadach na hUng\u00e1ire - foghlaim rialacha gramada\u00ed, agus cleachtadh a dh\u00e9anamh ar abairt\u00ed a fhoirmi\u00fa. Faigh treoir chabhrach \u00f3 TalkPal AI.","robots":{"index":"index","follow":"follow","max-snippet":"max-snippet:-1","max-image-preview":"max-image-preview:large","max-video-preview":"max-video-preview:-1"},"canonical":"https:\/\/talkpal.ai\/ga\/gramadach-na-hungaire\/","og_locale":"ga_IE","og_type":"article","og_title":"Gramadach na hUng\u00e1ire","og_description":"Teideal: R\u00fain Ghramada\u00ed na hUng\u00e1ire a Dh\u00edghlas\u00e1il Seasann an Ung\u00e1iris, teanga Finno-Ugric, amach lena c\u00f3ras gramada\u00ed uath\u00fail, rud a fh\u00e1gann gur d\u00fashl\u00e1n","og_url":"https:\/\/talkpal.ai\/ga\/gramadach-na-hungaire\/","og_site_name":"Talkpal","article_publisher":"https:\/\/www.facebook.com\/profile.php?id=100090733639311","article_modified_time":"2025-12-12T10:34:28+00:00","og_image":[{"width":512,"height":512,"url":"https:\/\/talkpal.ai\/wp-content\/uploads\/2023\/05\/Hungarian.png","type":"image\/png"}],"twitter_card":"summary_large_image","twitter_site":"@talkpalai","twitter_misc":{"Est. reading time":"3 minutes"},"schema":{"@context":"https:\/\/schema.org","@graph":[{"@type":"WebPage","@id":"https:\/\/talkpal.ai\/ga\/gramadach-na-hungaire\/","url":"https:\/\/talkpal.ai\/ga\/gramadach-na-hungaire\/","name":"Gramadach na hUng\u00e1ire - Talkpal","isPartOf":{"@id":"https:\/\/talkpal.ai\/ga\/#website"},"primaryImageOfPage":{"@id":"https:\/\/talkpal.ai\/ga\/gramadach-na-hungaire\/#primaryimage"},"image":{"@id":"https:\/\/talkpal.ai\/ga\/gramadach-na-hungaire\/#primaryimage"},"thumbnailUrl":"https:\/\/talkpal.ai\/wp-content\/uploads\/2023\/05\/Hungarian.png","datePublished":"2023-05-14T14:08:53+00:00","dateModified":"2025-12-12T10:34:28+00:00","description":"M\u00e1istir gramadach na hUng\u00e1ire - foghlaim rialacha gramada\u00ed, agus cleachtadh a dh\u00e9anamh ar abairt\u00ed a fhoirmi\u00fa. Faigh treoir chabhrach \u00f3 TalkPal AI.","breadcrumb":{"@id":"https:\/\/talkpal.ai\/ga\/gramadach-na-hungaire\/#breadcrumb"},"inLanguage":"ga-IE","potentialAction":[{"@type":"ReadAction","target":["https:\/\/talkpal.ai\/ga\/gramadach-na-hungaire\/"]}]},{"@type":"ImageObject","inLanguage":"ga-IE","@id":"https:\/\/talkpal.ai\/ga\/gramadach-na-hungaire\/#primaryimage","url":"https:\/\/talkpal.ai\/wp-content\/uploads\/2023\/05\/Hungarian.png","contentUrl":"https:\/\/talkpal.ai\/wp-content\/uploads\/2023\/05\/Hungarian.png","width":512,"height":512,"caption":"TalkPal Hungarian Flag"},{"@type":"BreadcrumbList","@id":"https:\/\/talkpal.ai\/ga\/gramadach-na-hungaire\/#breadcrumb","itemListElement":[{"@type":"ListItem","position":1,"name":"Homepage","item":"https:\/\/talkpal.ai\/ga\/"},{"@type":"ListItem","position":2,"name":"Gramadach na hUng\u00e1ire"}]},{"@type":"WebSite","@id":"https:\/\/talkpal.ai\/ga\/#website","url":"https:\/\/talkpal.ai\/ga\/","name":"Talkpal","description":"AI Language Learning","publisher":{"@id":"https:\/\/talkpal.ai\/ga\/#organization"},"alternateName":"Talkpal AI","potentialAction":[{"@type":"SearchAction","target":{"@type":"EntryPoint","urlTemplate":"https:\/\/talkpal.ai\/ga\/?s={search_term_string}"},"query-input":{"@type":"PropertyValueSpecification","valueRequired":true,"valueName":"search_term_string"}}],"inLanguage":"ga-IE"},{"@type":"Organization","@id":"https:\/\/talkpal.ai\/ga\/#organization","name":"Talkpal, Inc.","alternateName":"Talkpal AI","url":"https:\/\/talkpal.ai\/ga\/","logo":{"@type":"ImageObject","inLanguage":"ga-IE","@id":"https:\/\/talkpal.ai\/ga\/#\/schema\/logo\/image\/","url":"https:\/\/talkpal.ai\/wp-content\/uploads\/2024\/03\/Talkpal-Logo-Icon.png","contentUrl":"https:\/\/talkpal.ai\/wp-content\/uploads\/2024\/03\/Talkpal-Logo-Icon.png","width":2880,"height":2880,"caption":"Talkpal, Inc."},"image":{"@id":"https:\/\/talkpal.ai\/ga\/#\/schema\/logo\/image\/"},"sameAs":["https:\/\/www.facebook.com\/profile.php?id=100090733639311","https:\/\/x.com\/talkpalai","https:\/\/www.linkedin.com\/company\/talkpal\/","https:\/\/www.youtube.com\/@TalkPal\/","https:\/\/www.tiktok.com\/@talkpal","https:\/\/www.instagram.com\/talkpal_ai\/","https:\/\/www.crunchbase.com\/organization\/talkpal-9cde","https:\/\/www.g2.com\/products\/talkpal-for-business\/","https:\/\/www.trustpilot.com\/review\/talkpal.ai","https:\/\/www.capterra.com\/p\/10006800\/TalkPal\/"],"description":"Talkpal is a language learning web and mobile education app, powered by the latest AI technologies, that provides engaging experiences to its customers in many different languages to help them improve their language skills. Users can chat about unlimited amount of topics with the app and use other modes to practice their language learning.","email":"support@talkpal.ai","legalName":"Talkpal, Inc.","foundingDate":"2023-04-03","duns":"118989042","numberOfEmployees":{"@type":"QuantitativeValue","minValue":"11","maxValue":"50"},"publishingPrinciples":"https:\/\/talkpal.ai\/publishing-principles\/","actionableFeedbackPolicy":"https:\/\/talkpal.ai\/actionable-feedback-policy\/","correctionsPolicy":"https:\/\/talkpal.ai\/corrections-policy\/","ethicsPolicy":"https:\/\/talkpal.ai\/ethics-policy\/","diversityPolicy":"https:\/\/talkpal.ai\/diversity-policy\/","diversityStaffingReport":"https:\/\/talkpal.ai\/diversity-policy\/"}]}},"_links":{"self":[{"href":"https:\/\/talkpal.ai\/ga\/wp-json\/wp\/v2\/pages\/1444081","targetHints":{"allow":["GET"]}}],"collection":[{"href":"https:\/\/talkpal.ai\/ga\/wp-json\/wp\/v2\/pages"}],"about":[{"href":"https:\/\/talkpal.ai\/ga\/wp-json\/wp\/v2\/types\/page"}],"author":[{"embeddable":true,"href":"https:\/\/talkpal.ai\/ga\/wp-json\/wp\/v2\/users\/1"}],"replies":[{"embeddable":true,"href":"https:\/\/talkpal.ai\/ga\/wp-json\/wp\/v2\/comments?post=1444081"}],"version-history":[{"count":0,"href":"https:\/\/talkpal.ai\/ga\/wp-json\/wp\/v2\/pages\/1444081\/revisions"}],"wp:featuredmedia":[{"embeddable":true,"href":"https:\/\/talkpal.ai\/ga\/wp-json\/wp\/v2\/media\/1444082"}],"wp:attachment":[{"href":"https:\/\/talkpal.ai\/ga\/wp-json\/wp\/v2\/media?parent=1444081"}],"curies":[{"name":"wp","href":"https:\/\/api.w.org\/{rel}","templated":true}]}}