{"id":1444075,"date":"2023-05-14T14:04:48","date_gmt":"2023-05-14T14:04:48","guid":{"rendered":"https:\/\/talkpal.ai\/gramadach-na-heabhraise\/"},"modified":"2025-12-13T15:39:11","modified_gmt":"2025-12-13T15:39:11","slug":"gramadach-na-heabhraise","status":"publish","type":"page","link":"https:\/\/talkpal.ai\/ga\/gramadach-na-heabhraise\/","title":{"rendered":"Gramadach na hEabhraise"},"content":{"rendered":"\r\n\r\n\r\n<section class=\"languageChallengeSection\">\r\n    <div class=\"languageInfoWrapper\">\r\n        \r\n        <h1>Gramadach na hEabhraise<\/h1>\r\n        <p>Foghlaim <a href=\"https:\/\/talkpal.ai\/grammar\/\">gramadach<\/a> na hEabhraise agus d\u00edghlas\u00e1il r\u00fain teanga a bhfuil fr\u00e9amhacha domhain stairi\u00fala agus \u00e1bharthacht nua-aimseartha aici. Glac leis an d\u00fashl\u00e1n agus ceangail le cult\u00far br\u00edomhar tr\u00ed \u00e1illeacht ghramada\u00ed na hEabhraise!<\/p>\r\n\r\n                            <a class=\"getStartedHidden\" href=\"https:\/\/app.talkpal.ai\/signup?lng=\">Tosaigh<\/a>\r\n        \r\n    <\/div>\r\n\r\n    <figure>\r\n    <img decoding=\"async\" width=\"768\" height=\"768\" src=\"https:\/\/talkpal.ai\/wp-content\/uploads\/2023\/06\/hebrew-768x768.png\" class=\"languageImage no-lazy\" alt=\"Language learning for proficient communication\" fetchpriority=\"high\" sizes=\"(max-width: 768px) 150px, 768px\" srcset=\"https:\/\/talkpal.ai\/wp-content\/uploads\/2023\/06\/hebrew-768x768.png 768w, https:\/\/talkpal.ai\/wp-content\/uploads\/2023\/06\/hebrew-300x300.png 300w\" \/>\r\n    \r\n\r\n    <\/figure>\r\n\r\n            <a class=\"getStartedVisible\" href=\"https:\/\/app.talkpal.ai\/signup?lng=\">Tosaigh<\/a>\r\n    \r\n<\/section>\r\n<section class=\"promotionalBanner\">\r\n    <p class=\"promotionalText\">An bealach is \u00e9ifeachta\u00ed le teanga a fhoghlaim<\/p>\r\n    <a class=\"promotionalLink\" href=\"https:\/\/app.talkpal.ai\/signup?lng=\">Bain triail as Talkpal saor in aisce<\/a>\r\n<\/section>\n<div class=\"wp-block-group pageContainerStyle\"><div class=\"wp-block-group__inner-container is-layout-constrained wp-block-group-is-layout-constrained\">\n<h2 class=\"wp-block-heading\" id=\"h-mastering-hebrew-grammar-your-ultimate-guide\">M\u00e1istreacht Gramadach Eabhrais: Do Treoir Deiridh<\/h2>\n\n\n\n<p>Shalom, <a href=\"https:\/\/talkpal.ai\/talkpal-discount-for-language-enthusiasts\/\">d\u00edograiseoir\u00ed teanga<\/a>! An bhfuil t\u00fa r\u00e9idh le tumadh isteach i ndomhan suimi\u00fail na <a href=\"https:\/\/talkpal.ai\/ga\/cleachtai-gramadai-eabhraise\/\">gramada\u00ed Eabhraise<\/a>? T\u00e1 t\u00fa tagtha go dt\u00ed an \u00e1it cheart. L\u00edonta le faisn\u00e9is \u00e9asca le tuiscint agus ton comhr\u00e1, treor\u00f3idh an t-alt seo t\u00fa tr\u00ed r\u00e9imse mealltach na gramada\u00ed Eabhraise. Go luath, beidh t\u00fa in ann abairt\u00ed a th\u00f3g\u00e1il agus dul i mbun comhr\u00e1ite br\u00edoch le cainteoir\u00ed d\u00fachais. Mar sin, d\u00e9anaimis t\u00fas a <a href=\"https:\/\/talkpal.ai\/locations\/language-courses-in-chur\/\">chur<\/a> le do thuras i dtreo m\u00e1istreacht a dh\u00e9anamh ar ghramadach na hEabhraise!<\/p>\n\n\n\n<p><strong>Ach ar dt\u00fas, c\u00e9n f\u00e1th gramadach Eabhrais?<\/strong><\/p>\n\n\n\n<p>M\u00e1 t\u00e1 t\u00fa ag foghlaim <a href=\"https:\/\/talkpal.ai\/learn-hebrew\/\">Eabhrais<\/a>, t\u00e1 bun\u00fas l\u00e1idir sa ghramadach riachtanach chun labhairt, l\u00e9amh agus scr\u00edbhneoireacht l\u00edofa. C\u00e9 gur f\u00e9idir le <a href=\"https:\/\/talkpal.ai\/grammar\/\">gramadach<\/a> na hEabhraise a bheith casta ar dt\u00fas, \u00e9ir\u00edonn s\u00e9 n\u00edos inrochtana nuair a bh\u00edonn s\u00e9 briste s\u00edos i bp\u00edosa\u00ed n\u00edos l\u00fa, n\u00edos sol\u00e1imhsithe. Mar sin, d\u00e9anaimis dul ar an turas spreag\u00fail seo!<\/p>\n\n\n\n<h3 class=\"wp-block-heading\" id=\"h-1-nouns-gender-and-number\">1. Ainmfhocail, inscne, agus uimhir<\/h3>\n\n\n\n<p>T\u00e1 dh\u00e1 inscne ag ainmfhocail Eabhrais &#8211; firinscneach agus baininscneach &#8211; agus is f\u00e9idir leo a bheith uatha n\u00f3 iolra. Is bun\u00fas \u00e9 inscne ainmfhocail a aithint le t\u00f3g\u00e1il abairte cu\u00ed toisc go mb\u00edonn tionchar aige ar chodanna eile den chaint, mar shampla briathra agus aidiachta\u00ed.  <\/p>\n\n\n\n<p>Riail ghinear\u00e1lta: m\u00e1 chr\u00edochna\u00edonn ainmfhocal le &#8220;\u05d4&#8221; (hey) n\u00f3 &#8220;\u05ea&#8221; (tav), is gn\u00e1ch go mb\u00edonn s\u00e9 baininscneach. Mar sin f\u00e9in, t\u00e1 eisceachta\u00ed ann, mar sin t\u00e1 s\u00e9 r\u00edth\u00e1bhachtach inscne ainmfhocail a ghlanmheabhair.<\/p>\n\n\n\n<p>Ina theannta sin, b\u00edonn foirmeacha \u00e9ags\u00fala ag ainmfhocail Eabhrais ag brath ar uimhir. Is gn\u00e1ch go gcr\u00edochna\u00edonn ainmfhocail firinscneach iolra le &#8220;\u05d9\u05dd&#8221; (yim), agus cr\u00edochna\u00edonn ainmfhocail baininscneach iolra le &#8220;\u05d5\u05ea&#8221; (ot).<\/p>\n\n\n\n<h3 class=\"wp-block-heading\" id=\"h-2-adjectives-agreement-and-definite-articles\">2. Aidiachta\u00ed, comhaont\u00fa, agus airteagail chinnte<\/h3>\n\n\n\n<p>Caithfidh aidiachta\u00ed in Eabhrais aont\u00fa in inscne agus uimhir leis an ainmfhocal a mhodhna\u00edonn siad. Chun aidiacht baininscneach a dh\u00e9anamh, cuir &#8220;\u05d4&#8221; (hey) leis ag an deireadh mura bhfuil ceann aige cheana f\u00e9in. Chun aidiacht iolra a dh\u00e9anamh, lean an prionsabal c\u00e9anna le hainmfhocail: cuir &#8220;\u05d9\u05dd&#8221; le haghaidh firinscneach agus &#8220;\u05d5\u05ea&#8221; le haghaidh baininscneach.<\/p>\n\n\n\n<p>Is \u00e9 an t-alt cinnte &#8220;the&#8221; in Eabhrais n\u00e1 &#8220;\u05d4&#8221; (hey) agus cuirtear \u00e9 mar r\u00e9im\u00edr leis an ainmfhocal n\u00f3 leis an aidiacht. Mar shampla, &#8220;\u05d4\u05e1\u05e4\u05e8&#8221; (haSefer &#8211; an leabhar) n\u00f3 &#8220;\u05d4\u05db\u05d3\u05d5\u05e8 \u05d4\u05d2\u05d3\u05d5\u05dc&#8221; (hakadur hagadol &#8211; an liathr\u00f3id mh\u00f3r).<\/p>\n\n\n\n<h3 class=\"wp-block-heading\" id=\"h-3-verbs-tense-and-conjugation\">3. Briathra, aimsir, agus comhchuingi\u00fa<\/h3>\n\n\n\n<p>T\u00e1 r\u00f3l r\u00edth\u00e1bhachtach ag briathra Eabhrais sa ghramadach agus roinntear iad i seacht ngr\u00fapa comhchuingithe ar a dtugtar &#8220;binyanim.&#8221; B\u00edonn tionchar ag gach binyan ar bhr\u00ed agus ar r\u00f3l an bhriathar in abairt.<\/p>\n\n\n\n<p>Chun forbhreathn\u00fa tapa a thabhairt duit, d\u00e9anaimis pl\u00e9 ar aimsir l\u00e1ithreach na mbriathra rialta:<\/p>\n\n\n\n<p><strong>\u2013 \u05d0\u05e0\u05d9 \u05e7\u05d5\u05e8\u05d0\/\u05ea (ani kore\/et \u2013 l\u00e9igh m\u00e9, masc.\/fem.)<\/strong><\/p>\n\n\n\n<p><strong>\u2013 \u05d0\u05ea\/\u05d4 \u05e7\u05d5\u05e8\u05d0\/\u05ea (ata\/at kore\/et \u2013 l\u00e9ann t\u00fa, masc.\/fem.)<\/strong><\/p>\n\n\n\n<p><strong>&#8211; \u05d4\u05d5\u05d0\/\u05d4\u05d9\u05d0 \u05e7\u05d5\u05e8\u05d0\/\u05ea (hu\/hi kore\/et \u2013 l\u00e9ann s\u00e9\/s\u00ed)<\/strong><\/p>\n\n\n\n<p>Cuimhnigh, n\u00edl anseo ach an t\u00fas! Tiocfaidh go leor aimsir\u00ed eile, briathra neamhrialta, agus castachta\u00ed binyan chun cinn de r\u00e9ir mar a th\u00e9ann t\u00fa ar aghaidh.<\/p>\n\n\n\n<h3 class=\"wp-block-heading\" id=\"h-4-pronouns-prepositions-and-more\">4. Forainmneacha, r\u00e9amhfhocail, agus go leor eile!<\/h3>\n\n\n\n<p>Is \u00e9ard at\u00e1 i gceist le gramadach na hEabhraise comhph\u00e1irteanna eile cos\u00fail le forainmneacha (\u05d0\u05e0\u05d9, \u05d0\u05ea\u05d4, \u05d4\u05d5\u05d0, \u05d4\u05d9\u05d0, agus mar sin de), r\u00e9amhfhocail (\u05d1, \u05dc, \u05de, \u05e2\u05dc, srl.), agus nathanna idiomatic. T\u00e1 s\u00e9 r\u00edth\u00e1bhachtach dul i ngleic le gach eilimint chun l\u00edofacht chuimsitheach san Eabhrais a bhaint amach, mar sin t\u00f3g c\u00e9im amh\u00e1in ag an am.<\/p>\n\n\n\n<p>Mar fhocal scoir, n\u00edl aon aicearra ann chun m\u00e1istreacht a dh\u00e9anamh ar ghramadach na hEabhraise. \u00c9il\u00edonn s\u00e9 buanseasmhacht, cleachtas agus foighne. Mar sin f\u00e9in, nuair a thuigeann t\u00fa a intricacies, beidh t\u00fa ag taitneamh as nuances na comhr\u00e1 in Eabhrais, ini\u00fachadh a dh\u00e9anamh ar an gcult\u00far agus ar an stair shaibhir, agus ag doimhni\u00fa do mheas ar an teanga. \u05d1\u05d4\u05e6\u05dc\u05d7\u05d4 (behatzlacha &#8211; \u00e1dh m\u00f3r)!<\/p>\n<\/div><\/div>\n\r\n<section class=\"learnNavigationSection\">\r\n            \r\n        <a href=\"https:\/\/talkpal.ai\/ga\/foghlaim-eabhrais\/\">\r\n            <div class=\"learnNavigationWrapper\">\r\n                <div class=\"learnNavigationContent\">\r\n                    <img decoding=\"async\" src=\"https:\/\/talkpal.ai\/wp-content\/uploads\/2024\/08\/Hebrew.jpg\" alt=\"Israel Flag\">\r\n                    <div>\r\n                        <h4>Maidir le Foghlaim Eabhrais<\/h4>\r\n                        <p>Faigh amach gach rud faoi ghramadach na hEabhraise.<\/p>\r\n                    <\/div>\r\n                <\/div>\r\n            <\/div>\r\n        <\/a>\r\n\r\n        \r\n        <a href=\"https:\/\/talkpal.ai\/ga\/cleachtai-gramadai-eabhraise\/\">\r\n            <div class=\"learnNavigationWrapper\">\r\n                <div class=\"learnNavigationContent\">\r\n                    <img decoding=\"async\" src=\"https:\/\/talkpal.ai\/wp-content\/uploads\/2024\/08\/Hebrew.jpg\" alt=\"Israel Flag\">\r\n                    <div>\r\n                        <h4>Cleachtadh Gramada\u00ed Eabhrais<\/h4>\r\n                        <p>Cleachtadh gramadach na hEabhraise.<\/p>\r\n                    <\/div>\r\n                <\/div>\r\n            <\/div>\r\n        <\/a>\r\n\r\n        \r\n        <a href=\"https:\/\/talkpal.ai\/vocabulary_language\/hebrew\/\">\r\n            <div class=\"learnNavigationWrapper\">\r\n                <div class=\"learnNavigationContent\">\r\n                    <img decoding=\"async\" src=\"https:\/\/talkpal.ai\/wp-content\/uploads\/2024\/08\/Hebrew.jpg\" alt=\"Israel Flag\">\r\n                    <div>\r\n                        <h4>St\u00f3r focal Eabhrais<\/h4>\r\n                        <p>Leathnaigh do st\u00f3r focal Eabhrais.<\/p>\r\n                    <\/div>\r\n                <\/div>\r\n            <\/div>\r\n        <\/a>\r\n\r\n            <\/section>","protected":false},"excerpt":{"rendered":"<p>M\u00e1istreacht Gramadach Eabhrais: Do Treoir Deiridh Shalom, d\u00edograiseoir\u00ed teanga! An bhfuil t\u00fa r\u00e9idh le tumadh isteach i ndomhan suimi\u00fail na gramada\u00ed Eabhraise? T\u00e1 t\u00fa tagtha go dt\u00ed an \u00e1it cheart. L\u00edonta le faisn\u00e9is \u00e9asca le tuiscint agus ton comhr\u00e1, treor\u00f3idh an t-alt seo t\u00fa tr\u00ed r\u00e9imse mealltach na gramada\u00ed Eabhraise. Go luath, beidh t\u00fa in [&hellip;]<\/p>\n","protected":false},"author":1,"featured_media":1444077,"parent":0,"menu_order":0,"comment_status":"closed","ping_status":"closed","template":"LearningContentPage.php","meta":{"_acf_changed":false,"footnotes":""},"class_list":["post-1444075","page","type-page","status-publish","has-post-thumbnail","hentry"],"acf":[],"yoast_head":"<!-- This site is optimized with the Yoast SEO Premium plugin v27.2 (Yoast SEO v27.2) - https:\/\/yoast.com\/product\/yoast-seo-premium-wordpress\/ -->\n<title>Gramadach na hEabhraise - Talkpal<\/title>\n<meta name=\"description\" content=\"Feabhas a chur ar do ghramadach Eabhrais go muin\u00edneach - foghlaim pr\u00edomhrialacha, abairt\u00ed cearta a fhoirmi\u00fa, agus cumars\u00e1id a dh\u00e9anamh go soil\u00e9ir le ceachtanna \u00e9asca AI TalkPal.\" \/>\n<meta name=\"robots\" content=\"index, follow, max-snippet:-1, max-image-preview:large, max-video-preview:-1\" \/>\n<link rel=\"canonical\" href=\"https:\/\/talkpal.ai\/ga\/gramadach-na-heabhraise\/\" \/>\n<meta property=\"og:locale\" content=\"ga_IE\" \/>\n<meta property=\"og:type\" content=\"article\" \/>\n<meta property=\"og:title\" content=\"Gramadach na hEabhraise\" \/>\n<meta property=\"og:description\" content=\"M\u00e1istreacht Gramadach Eabhrais: Do Treoir Deiridh Shalom, d\u00edograiseoir\u00ed teanga! An bhfuil t\u00fa r\u00e9idh le tumadh isteach i ndomhan suimi\u00fail na gramada\u00ed\" \/>\n<meta property=\"og:url\" content=\"https:\/\/talkpal.ai\/ga\/gramadach-na-heabhraise\/\" \/>\n<meta property=\"og:site_name\" content=\"Talkpal\" \/>\n<meta property=\"article:publisher\" content=\"https:\/\/www.facebook.com\/profile.php?id=100090733639311\" \/>\n<meta property=\"article:modified_time\" content=\"2025-12-13T15:39:11+00:00\" \/>\n<meta property=\"og:image\" content=\"https:\/\/talkpal.ai\/wp-content\/uploads\/2023\/05\/israel.png\" \/>\n\t<meta property=\"og:image:width\" content=\"512\" \/>\n\t<meta property=\"og:image:height\" content=\"512\" \/>\n\t<meta property=\"og:image:type\" content=\"image\/png\" \/>\n<meta name=\"twitter:card\" content=\"summary_large_image\" \/>\n<meta name=\"twitter:site\" content=\"@talkpalai\" \/>\n<meta name=\"twitter:label1\" content=\"Est. reading time\" \/>\n\t<meta name=\"twitter:data1\" content=\"3 minutes\" \/>\n<script type=\"application\/ld+json\" class=\"yoast-schema-graph\">{\"@context\":\"https:\/\/schema.org\",\"@graph\":[{\"@type\":\"WebPage\",\"@id\":\"https:\/\/talkpal.ai\/ga\/gramadach-na-heabhraise\/\",\"url\":\"https:\/\/talkpal.ai\/ga\/gramadach-na-heabhraise\/\",\"name\":\"Gramadach na hEabhraise - Talkpal\",\"isPartOf\":{\"@id\":\"https:\/\/talkpal.ai\/ga\/#website\"},\"primaryImageOfPage\":{\"@id\":\"https:\/\/talkpal.ai\/ga\/gramadach-na-heabhraise\/#primaryimage\"},\"image\":{\"@id\":\"https:\/\/talkpal.ai\/ga\/gramadach-na-heabhraise\/#primaryimage\"},\"thumbnailUrl\":\"https:\/\/talkpal.ai\/wp-content\/uploads\/2023\/05\/israel.png\",\"datePublished\":\"2023-05-14T14:04:48+00:00\",\"dateModified\":\"2025-12-13T15:39:11+00:00\",\"description\":\"Feabhas a chur ar do ghramadach Eabhrais go muin\u00edneach - foghlaim pr\u00edomhrialacha, abairt\u00ed cearta a fhoirmi\u00fa, agus cumars\u00e1id a dh\u00e9anamh go soil\u00e9ir le ceachtanna \u00e9asca AI TalkPal.\",\"breadcrumb\":{\"@id\":\"https:\/\/talkpal.ai\/ga\/gramadach-na-heabhraise\/#breadcrumb\"},\"inLanguage\":\"ga-IE\",\"potentialAction\":[{\"@type\":\"ReadAction\",\"target\":[\"https:\/\/talkpal.ai\/ga\/gramadach-na-heabhraise\/\"]}]},{\"@type\":\"ImageObject\",\"inLanguage\":\"ga-IE\",\"@id\":\"https:\/\/talkpal.ai\/ga\/gramadach-na-heabhraise\/#primaryimage\",\"url\":\"https:\/\/talkpal.ai\/wp-content\/uploads\/2023\/05\/israel.png\",\"contentUrl\":\"https:\/\/talkpal.ai\/wp-content\/uploads\/2023\/05\/israel.png\",\"width\":512,\"height\":512,\"caption\":\"TalkPal Israel Flag\"},{\"@type\":\"BreadcrumbList\",\"@id\":\"https:\/\/talkpal.ai\/ga\/gramadach-na-heabhraise\/#breadcrumb\",\"itemListElement\":[{\"@type\":\"ListItem\",\"position\":1,\"name\":\"Homepage\",\"item\":\"https:\/\/talkpal.ai\/ga\/\"},{\"@type\":\"ListItem\",\"position\":2,\"name\":\"Gramadach na hEabhraise\"}]},{\"@type\":\"WebSite\",\"@id\":\"https:\/\/talkpal.ai\/ga\/#website\",\"url\":\"https:\/\/talkpal.ai\/ga\/\",\"name\":\"Talkpal\",\"description\":\"AI Language Learning\",\"publisher\":{\"@id\":\"https:\/\/talkpal.ai\/ga\/#organization\"},\"alternateName\":\"Talkpal AI\",\"potentialAction\":[{\"@type\":\"SearchAction\",\"target\":{\"@type\":\"EntryPoint\",\"urlTemplate\":\"https:\/\/talkpal.ai\/ga\/?s={search_term_string}\"},\"query-input\":{\"@type\":\"PropertyValueSpecification\",\"valueRequired\":true,\"valueName\":\"search_term_string\"}}],\"inLanguage\":\"ga-IE\"},{\"@type\":\"Organization\",\"@id\":\"https:\/\/talkpal.ai\/ga\/#organization\",\"name\":\"Talkpal, Inc.\",\"alternateName\":\"Talkpal AI\",\"url\":\"https:\/\/talkpal.ai\/ga\/\",\"logo\":{\"@type\":\"ImageObject\",\"inLanguage\":\"ga-IE\",\"@id\":\"https:\/\/talkpal.ai\/ga\/#\/schema\/logo\/image\/\",\"url\":\"https:\/\/talkpal.ai\/wp-content\/uploads\/2024\/03\/Talkpal-Logo-Icon.png\",\"contentUrl\":\"https:\/\/talkpal.ai\/wp-content\/uploads\/2024\/03\/Talkpal-Logo-Icon.png\",\"width\":2880,\"height\":2880,\"caption\":\"Talkpal, Inc.\"},\"image\":{\"@id\":\"https:\/\/talkpal.ai\/ga\/#\/schema\/logo\/image\/\"},\"sameAs\":[\"https:\/\/www.facebook.com\/profile.php?id=100090733639311\",\"https:\/\/x.com\/talkpalai\",\"https:\/\/www.linkedin.com\/company\/talkpal\/\",\"https:\/\/www.youtube.com\/@TalkPal\/\",\"https:\/\/www.tiktok.com\/@talkpal\",\"https:\/\/www.instagram.com\/talkpal_ai\/\",\"https:\/\/www.crunchbase.com\/organization\/talkpal-9cde\",\"https:\/\/www.g2.com\/products\/talkpal-for-business\/\",\"https:\/\/www.trustpilot.com\/review\/talkpal.ai\",\"https:\/\/www.capterra.com\/p\/10006800\/TalkPal\/\"],\"description\":\"Talkpal is a language learning web and mobile education app, powered by the latest AI technologies, that provides engaging experiences to its customers in many different languages to help them improve their language skills. Users can chat about unlimited amount of topics with the app and use other modes to practice their language learning.\",\"email\":\"support@talkpal.ai\",\"legalName\":\"Talkpal, Inc.\",\"foundingDate\":\"2023-04-03\",\"duns\":\"118989042\",\"numberOfEmployees\":{\"@type\":\"QuantitativeValue\",\"minValue\":\"11\",\"maxValue\":\"50\"},\"publishingPrinciples\":\"https:\/\/talkpal.ai\/publishing-principles\/\",\"actionableFeedbackPolicy\":\"https:\/\/talkpal.ai\/actionable-feedback-policy\/\",\"correctionsPolicy\":\"https:\/\/talkpal.ai\/corrections-policy\/\",\"ethicsPolicy\":\"https:\/\/talkpal.ai\/ethics-policy\/\",\"diversityPolicy\":\"https:\/\/talkpal.ai\/diversity-policy\/\",\"diversityStaffingReport\":\"https:\/\/talkpal.ai\/diversity-policy\/\"}]}<\/script>\n<!-- \/ Yoast SEO Premium plugin. -->","yoast_head_json":{"title":"Gramadach na hEabhraise - Talkpal","description":"Feabhas a chur ar do ghramadach Eabhrais go muin\u00edneach - foghlaim pr\u00edomhrialacha, abairt\u00ed cearta a fhoirmi\u00fa, agus cumars\u00e1id a dh\u00e9anamh go soil\u00e9ir le ceachtanna \u00e9asca AI TalkPal.","robots":{"index":"index","follow":"follow","max-snippet":"max-snippet:-1","max-image-preview":"max-image-preview:large","max-video-preview":"max-video-preview:-1"},"canonical":"https:\/\/talkpal.ai\/ga\/gramadach-na-heabhraise\/","og_locale":"ga_IE","og_type":"article","og_title":"Gramadach na hEabhraise","og_description":"M\u00e1istreacht Gramadach Eabhrais: Do Treoir Deiridh Shalom, d\u00edograiseoir\u00ed teanga! An bhfuil t\u00fa r\u00e9idh le tumadh isteach i ndomhan suimi\u00fail na gramada\u00ed","og_url":"https:\/\/talkpal.ai\/ga\/gramadach-na-heabhraise\/","og_site_name":"Talkpal","article_publisher":"https:\/\/www.facebook.com\/profile.php?id=100090733639311","article_modified_time":"2025-12-13T15:39:11+00:00","og_image":[{"width":512,"height":512,"url":"https:\/\/talkpal.ai\/wp-content\/uploads\/2023\/05\/israel.png","type":"image\/png"}],"twitter_card":"summary_large_image","twitter_site":"@talkpalai","twitter_misc":{"Est. reading time":"3 minutes"},"schema":{"@context":"https:\/\/schema.org","@graph":[{"@type":"WebPage","@id":"https:\/\/talkpal.ai\/ga\/gramadach-na-heabhraise\/","url":"https:\/\/talkpal.ai\/ga\/gramadach-na-heabhraise\/","name":"Gramadach na hEabhraise - Talkpal","isPartOf":{"@id":"https:\/\/talkpal.ai\/ga\/#website"},"primaryImageOfPage":{"@id":"https:\/\/talkpal.ai\/ga\/gramadach-na-heabhraise\/#primaryimage"},"image":{"@id":"https:\/\/talkpal.ai\/ga\/gramadach-na-heabhraise\/#primaryimage"},"thumbnailUrl":"https:\/\/talkpal.ai\/wp-content\/uploads\/2023\/05\/israel.png","datePublished":"2023-05-14T14:04:48+00:00","dateModified":"2025-12-13T15:39:11+00:00","description":"Feabhas a chur ar do ghramadach Eabhrais go muin\u00edneach - foghlaim pr\u00edomhrialacha, abairt\u00ed cearta a fhoirmi\u00fa, agus cumars\u00e1id a dh\u00e9anamh go soil\u00e9ir le ceachtanna \u00e9asca AI TalkPal.","breadcrumb":{"@id":"https:\/\/talkpal.ai\/ga\/gramadach-na-heabhraise\/#breadcrumb"},"inLanguage":"ga-IE","potentialAction":[{"@type":"ReadAction","target":["https:\/\/talkpal.ai\/ga\/gramadach-na-heabhraise\/"]}]},{"@type":"ImageObject","inLanguage":"ga-IE","@id":"https:\/\/talkpal.ai\/ga\/gramadach-na-heabhraise\/#primaryimage","url":"https:\/\/talkpal.ai\/wp-content\/uploads\/2023\/05\/israel.png","contentUrl":"https:\/\/talkpal.ai\/wp-content\/uploads\/2023\/05\/israel.png","width":512,"height":512,"caption":"TalkPal Israel Flag"},{"@type":"BreadcrumbList","@id":"https:\/\/talkpal.ai\/ga\/gramadach-na-heabhraise\/#breadcrumb","itemListElement":[{"@type":"ListItem","position":1,"name":"Homepage","item":"https:\/\/talkpal.ai\/ga\/"},{"@type":"ListItem","position":2,"name":"Gramadach na hEabhraise"}]},{"@type":"WebSite","@id":"https:\/\/talkpal.ai\/ga\/#website","url":"https:\/\/talkpal.ai\/ga\/","name":"Talkpal","description":"AI Language Learning","publisher":{"@id":"https:\/\/talkpal.ai\/ga\/#organization"},"alternateName":"Talkpal AI","potentialAction":[{"@type":"SearchAction","target":{"@type":"EntryPoint","urlTemplate":"https:\/\/talkpal.ai\/ga\/?s={search_term_string}"},"query-input":{"@type":"PropertyValueSpecification","valueRequired":true,"valueName":"search_term_string"}}],"inLanguage":"ga-IE"},{"@type":"Organization","@id":"https:\/\/talkpal.ai\/ga\/#organization","name":"Talkpal, Inc.","alternateName":"Talkpal AI","url":"https:\/\/talkpal.ai\/ga\/","logo":{"@type":"ImageObject","inLanguage":"ga-IE","@id":"https:\/\/talkpal.ai\/ga\/#\/schema\/logo\/image\/","url":"https:\/\/talkpal.ai\/wp-content\/uploads\/2024\/03\/Talkpal-Logo-Icon.png","contentUrl":"https:\/\/talkpal.ai\/wp-content\/uploads\/2024\/03\/Talkpal-Logo-Icon.png","width":2880,"height":2880,"caption":"Talkpal, Inc."},"image":{"@id":"https:\/\/talkpal.ai\/ga\/#\/schema\/logo\/image\/"},"sameAs":["https:\/\/www.facebook.com\/profile.php?id=100090733639311","https:\/\/x.com\/talkpalai","https:\/\/www.linkedin.com\/company\/talkpal\/","https:\/\/www.youtube.com\/@TalkPal\/","https:\/\/www.tiktok.com\/@talkpal","https:\/\/www.instagram.com\/talkpal_ai\/","https:\/\/www.crunchbase.com\/organization\/talkpal-9cde","https:\/\/www.g2.com\/products\/talkpal-for-business\/","https:\/\/www.trustpilot.com\/review\/talkpal.ai","https:\/\/www.capterra.com\/p\/10006800\/TalkPal\/"],"description":"Talkpal is a language learning web and mobile education app, powered by the latest AI technologies, that provides engaging experiences to its customers in many different languages to help them improve their language skills. Users can chat about unlimited amount of topics with the app and use other modes to practice their language learning.","email":"support@talkpal.ai","legalName":"Talkpal, Inc.","foundingDate":"2023-04-03","duns":"118989042","numberOfEmployees":{"@type":"QuantitativeValue","minValue":"11","maxValue":"50"},"publishingPrinciples":"https:\/\/talkpal.ai\/publishing-principles\/","actionableFeedbackPolicy":"https:\/\/talkpal.ai\/actionable-feedback-policy\/","correctionsPolicy":"https:\/\/talkpal.ai\/corrections-policy\/","ethicsPolicy":"https:\/\/talkpal.ai\/ethics-policy\/","diversityPolicy":"https:\/\/talkpal.ai\/diversity-policy\/","diversityStaffingReport":"https:\/\/talkpal.ai\/diversity-policy\/"}]}},"_links":{"self":[{"href":"https:\/\/talkpal.ai\/ga\/wp-json\/wp\/v2\/pages\/1444075","targetHints":{"allow":["GET"]}}],"collection":[{"href":"https:\/\/talkpal.ai\/ga\/wp-json\/wp\/v2\/pages"}],"about":[{"href":"https:\/\/talkpal.ai\/ga\/wp-json\/wp\/v2\/types\/page"}],"author":[{"embeddable":true,"href":"https:\/\/talkpal.ai\/ga\/wp-json\/wp\/v2\/users\/1"}],"replies":[{"embeddable":true,"href":"https:\/\/talkpal.ai\/ga\/wp-json\/wp\/v2\/comments?post=1444075"}],"version-history":[{"count":0,"href":"https:\/\/talkpal.ai\/ga\/wp-json\/wp\/v2\/pages\/1444075\/revisions"}],"wp:featuredmedia":[{"embeddable":true,"href":"https:\/\/talkpal.ai\/ga\/wp-json\/wp\/v2\/media\/1444077"}],"wp:attachment":[{"href":"https:\/\/talkpal.ai\/ga\/wp-json\/wp\/v2\/media?parent=1444075"}],"curies":[{"name":"wp","href":"https:\/\/api.w.org\/{rel}","templated":true}]}}