{"id":1444074,"date":"2023-05-14T14:02:30","date_gmt":"2023-05-14T14:02:30","guid":{"rendered":"https:\/\/talkpal.ai\/gramadach-na-greige\/"},"modified":"2025-12-13T15:34:34","modified_gmt":"2025-12-13T15:34:34","slug":"gramadach-na-greige","status":"publish","type":"page","link":"https:\/\/talkpal.ai\/ga\/gramadach-na-greige\/","title":{"rendered":"Gramadach na Gr\u00e9ige"},"content":{"rendered":"\r\n\r\n\r\n<section class=\"languageChallengeSection\">\r\n    <div class=\"languageInfoWrapper\">\r\n        \r\n        <h1>Gramadach na Gr\u00e9ige<\/h1>\r\n        <p>Foghlaim <a href=\"https:\/\/talkpal.ai\/greek-grammar\/\">gramadach na Gr\u00e9ige<\/a> agus t\u00e9igh isteach i saol ceann de na teangacha is sine agus is m\u00f3 tionchair sa chine daonna. Cuireann an Ghr\u00e9igis in aithne duit a aib\u00edtir uath\u00fail, conjugations briathar l\u00e9irithe, agus c\u00f3ras c\u00e1sanna ainmfhocail a mh\u00fanla\u00edonn br\u00ed. De r\u00e9ir mar a dh\u00e9anann t\u00fa ini\u00fachadh, nochtfaidh t\u00fa fr\u00e9amhacha go leor <a href=\"https:\/\/talkpal.ai\/ga\/stor-focal-an-bhearla\/\">focal B\u00e9arla<\/a> agus nascfaidh t\u00fa le hoidhreacht chult\u00fartha shaibhir. L\u00e9im isteach agus bain sult as an d\u00fashl\u00e1n luachmhar a bhaineann le gramadach na Gr\u00e9ige a fhoghlaim!<\/p>\r\n\r\n                            <a class=\"getStartedHidden\" href=\"https:\/\/app.talkpal.ai\/signup?lng=\">Tosaigh<\/a>\r\n        \r\n    <\/div>\r\n\r\n    <figure>\r\n    <img decoding=\"async\" width=\"768\" height=\"768\" src=\"https:\/\/talkpal.ai\/wp-content\/uploads\/2023\/06\/greek-768x768.png\" class=\"languageImage no-lazy\" alt=\"Language learning to boost personal capability\" fetchpriority=\"high\" sizes=\"(max-width: 768px) 150px, 768px\" srcset=\"https:\/\/talkpal.ai\/wp-content\/uploads\/2023\/06\/greek-768x768.png 768w, https:\/\/talkpal.ai\/wp-content\/uploads\/2023\/06\/greek-300x300.png 300w\" \/>\r\n    \r\n\r\n    <\/figure>\r\n\r\n            <a class=\"getStartedVisible\" href=\"https:\/\/app.talkpal.ai\/signup?lng=\">Tosaigh<\/a>\r\n    \r\n<\/section>\r\n<section class=\"promotionalBanner\">\r\n    <p class=\"promotionalText\">An bealach is \u00e9ifeachta\u00ed le teanga a fhoghlaim<\/p>\r\n    <a class=\"promotionalLink\" href=\"https:\/\/app.talkpal.ai\/signup?lng=\">Bain triail as Talkpal saor in aisce<\/a>\r\n<\/section>\n<div class=\"wp-block-group pageContainerStyle\"><div class=\"wp-block-group__inner-container is-layout-constrained wp-block-group-is-layout-constrained\">\n<h2 class=\"wp-block-heading\" id=\"h-demystifying-greek-grammar-a-comprehensive-guide\">Demystifying Greek Grammar: A Comprehensive Guide<\/h2>\n\n\n\n<p>T\u00e1 \u00e1it ar <a href=\"https:\/\/talkpal.ai\/locations\/language-courses-in-leith\/\">leith<\/a> ag an nGr\u00e9igis, teanga gal\u00e1nta agus \u00e1rsa, i stair na teanga agus t\u00e1 tionchar f\u00f3s aici sa l\u00e1 at\u00e1 inniu ann. Le bun\u00fas l\u00e1idir i ngramadach na Gr\u00e9ige, gheobhaidh t\u00fa rochtain ar shaibhreas acmhainn\u00ed cult\u00fartha agus stairi\u00fala agus d\u00edghlas\u00e1lfaidh t\u00fa ciseal eile br\u00ed i st\u00f3r focal B\u00e9arla. Murab ionann agus creideamh an phobail, n\u00edl gramadach na Gr\u00e9ige chomh scanr\u00fail agus a d&#8217;fh\u00e9adfadh s\u00e9 a bheith cos\u00fail ar dt\u00fas. San alt seo, cabhr\u00f3idh muid leat nasclean\u00faint a dh\u00e9anamh tr\u00ed chomhph\u00e1irteanna riachtanacha <a href=\"https:\/\/talkpal.ai\/ga\/cleachtai-gramadai-na-hisiltire\/\">gramada\u00ed na<\/a> Gr\u00e9ige chun cur ar do chumas dul i ngleic leis an teanga seo le muin\u00edn agus d\u00edograis.<\/p>\n\n\n\n<h3 class=\"wp-block-heading\" id=\"h-1-understanding-greek-nouns-cases-and-articles\">1. Ainmfhocail, C\u00e1sanna agus Airteagail Gr\u00e9igise a Thuiscint<\/h3>\n\n\n\n<p>Ranga\u00edtear ainmfhocail na Gr\u00e9ige i dtr\u00ed inscne: firinscneach, baininscneach, agus neuter. Baineann gach ainmfhocal le ceann de na tr\u00ed chlaonadh, a chinneann foircinn an ainmfhocail bunaithe ar a inscne, a uimhir (uatha n\u00f3 iolra), agus a ch\u00e1s. Sa Ghr\u00e9igis, t\u00e1 c\u00faig ch\u00e1s ann: nominative, genitive, dative, accusative, agus vocative.<\/p>\n\n\n\n<p>Baineann gn\u00e9 riachtanach de ghramadach na Gr\u00e9ige timpeall ar an alt. Cos\u00fail leis an mB\u00e9arla &#8216;the&#8217;, t\u00e1 an t-alt cinnte Gr\u00e9igise r\u00edth\u00e1bhachtach chun t\u00e9acsanna Gr\u00e9igise a thuiscint. Caithfidh an t-alt Gr\u00e9igise aont\u00fa leis an ainmfhocal in inscne, uimhir, agus c\u00e1s. T\u00e1 alt \u00e9iginnte ag an nGr\u00e9igis freisin a fheidhm\u00edonn cos\u00fail le &#8216;a&#8217; n\u00f3 &#8216;an&#8217; i mB\u00e9arla.<\/p>\n\n\n\n<h3 class=\"wp-block-heading\" id=\"h-2-tackling-greek-verbs-conjugation-and-moods\">2. Dul i ngleic le briathra Gr\u00e9igise: Conjugation agus Moods<\/h3>\n\n\n\n<p>T\u00e1 briathra na Gr\u00e9ige tr\u00e9ithrithe ag a n-aimsir, a nguth, a gi\u00famar, a nduine, agus a n-uimhir. D\u00e9antar briathra sa Ghr\u00e9igis a chomhchuingi\u00fa de r\u00e9ir a n-aimsir, rud a l\u00e9ir\u00edonn cathain a tharla\u00edonn gn\u00edomh. T\u00e1 seacht bpr\u00edomhchuid de bhriathar Gr\u00e9igise, gach ceann acu a fhreagra\u00edonn d&#8217;aimsir:<\/p>\n\n\n\n<p><strong>&#8211; I l\u00e1thair<\/strong><\/p>\n\n\n\n<p><strong>&#8211; Todhcha\u00ed<\/strong><\/p>\n\n\n\n<p><strong>&#8211; Aorist (am at\u00e1 caite simpl\u00ed)<\/strong><\/p>\n\n\n\n<p><strong>&#8211; Foirfe<\/strong><\/p>\n\n\n\n<p><strong>&#8211; Foirfe sa todhcha\u00ed<\/strong><\/p>\n\n\n\n<p><strong>&#8211; Pluperfect<\/strong><\/p>\n\n\n\n<p><strong>&#8211; Aorist \u00e9ighn\u00edomhach<\/strong><\/p>\n\n\n\n<p>Ina theannta sin, t\u00e1 gi\u00famar \u00e9ags\u00fala ag briathra Gr\u00e9igise a l\u00e9ir\u00edonn dearcadh an chainteora i leith an ghn\u00edmh. T\u00e1 na gi\u00famar seo riachtanach, t\u00e1scach agus subjunctive.<\/p>\n\n\n\n<h3 class=\"wp-block-heading\" id=\"h-3-crafting-expressive-sentences-with-greek-adjectives-and-adverbs\">3. Abairt\u00ed sainr\u00e1iteacha a cheard\u00fa le haidiachta\u00ed agus adverbs Gr\u00e9igise<\/h3>\n\n\n\n<p>Cuireann aidiachta\u00ed Gr\u00e9igise dath agus cur s\u00edos ar do chuid abairt\u00ed. Cos\u00fail le hainmfhocail, caithfidh aidiachta\u00ed sa Ghr\u00e9igis aont\u00fa in inscne, uimhir, agus c\u00e1s leis an ainmfhocal a thuairisc\u00edonn siad. Ina theannta sin, baineann aidiachta\u00ed le ceann de na tr\u00ed dh\u00edonlann, a chinneann a gcr\u00edochn\u00fa.<\/p>\n\n\n\n<p>Modhna\u00edonn adverbs Gr\u00e9igise briathra, aidiachta\u00ed, n\u00f3 adverbs eile. Cuireann siad in i\u00fal conas, cathain, c\u00e1 h\u00e1it, n\u00f3 a mh\u00e9id at\u00e1 gn\u00edomh \u00e1 dh\u00e9anamh. Murab ionann agus aidiachta\u00ed, n\u00ed g\u00e1 d&#8217;adverbs aont\u00fa le hainmfhocail in inscne, uimhir, n\u00f3 c\u00e1s. I go leor c\u00e1sanna, crutha\u00edtear adverbs tr\u00ed fhoircinn\u00ed sonracha a <a href=\"https:\/\/talkpal.ai\/locations\/language-courses-in-chur\/\">chur<\/a> le fr\u00e9amhacha aidiachtacha.<\/p>\n\n\n\n<h3 class=\"wp-block-heading\" id=\"h-4-exploring-greek-pronouns-and-greek-sentence-structure\">4. Forainmneacha Gr\u00e9igise agus Strucht\u00far Abairte Gr\u00e9igise a Ini\u00fachadh<\/h3>\n\n\n\n<p>T\u00e1 r\u00f3l suntasach ag forainmneacha i ngramadach na Gr\u00e9ige, mar go dtagann siad in \u00e1it ainmfhocail agus go gcaithfidh siad aont\u00fa leis an ainmfhocal a l\u00e9ir\u00edonn siad in inscne, uimhir, agus c\u00e1s. T\u00e1 forainmneacha pearsanta, machnamhacha, l\u00e9iritheacha, coibhneasta, ceisti\u00fach\u00e1in agus \u00e9iginnte sa Ghr\u00e9igis.<\/p>\n\n\n\n<p>Leanann strucht\u00far abairte na Gr\u00e9ige go pr\u00edomha an t-ord \u00e1bhar-briathar-r\u00e9ad (SVO). Mar sin f\u00e9in, mar gheall ar a n\u00e1d\u00far an-infhillte, cuireann an Ghr\u00e9igis n\u00edos m\u00f3 sol\u00fabthachta ar f\u00e1il in ord focal, rud a cheada\u00edonn b\u00e9im agus l\u00e9iri\u00fa fileata. D&#8217;fh\u00e9adfadh an tsol\u00fabthacht seo a bheith d\u00fashl\u00e1nach ar dt\u00fas ach \u00e9ir\u00edonn s\u00e9 n\u00edos inrochtana de r\u00e9ir mar a fhaigheann t\u00fa eolas ar nuances na teanga.<\/p>\n\n\n\n<h3 class=\"wp-block-heading\" id=\"h-conclusion\">Concl\u00faid<\/h3>\n\n\n\n<p>Agus t\u00fa ag tabhairt faoi do thuras chun m\u00e1istreacht a dh\u00e9anamh ar ghramadach na Gr\u00e9ige, cuimhnigh go bhfuil cleachtas agus buanseasmhacht r\u00edth\u00e1bhachtach do rath. T\u00f3g do chuid <a href=\"https:\/\/talkpal.ai\/locations\/language-courses-in-ama\/\">ama<\/a> ag nochtadh castachta\u00ed ainmfhocail Gr\u00e9igise, briathra, aidiachta\u00ed, aidiachta\u00ed, agus strucht\u00far abairte. De r\u00e9ir mar a th\u00e9ann t\u00fa n\u00edos doime sa teanga sp\u00e9isi\u00fail seo, gheobhaidh t\u00fa amach go n-\u00e9ir\u00edonn gramadach na Gr\u00e9ige n\u00edos eola\u00ed agus n\u00edos l\u00fa imeaglaithe. \u00c1dh m\u00f3r, agus \u03ba\u03b1\u03bb\u03ae success!<\/p>\n<\/div><\/div>\n\r\n<section class=\"learnNavigationSection\">\r\n            \r\n        <a href=\"https:\/\/talkpal.ai\/ga\/foghlaim-greigis\/\">\r\n            <div class=\"learnNavigationWrapper\">\r\n                <div class=\"learnNavigationContent\">\r\n                    <img decoding=\"async\" src=\"https:\/\/talkpal.ai\/wp-content\/uploads\/2024\/08\/Greek.jpg\" alt=\"Greek Flag\">\r\n                    <div>\r\n                        <h4>Maidir le Foghlaim na Gr\u00e9ige<\/h4>\r\n                        <p>Faigh amach gach rud faoi ghramadach na Gr\u00e9ige.<\/p>\r\n                    <\/div>\r\n                <\/div>\r\n            <\/div>\r\n        <\/a>\r\n\r\n        \r\n        <a href=\"https:\/\/talkpal.ai\/ga\/cleachtai-gramadai-na-greigise\/\">\r\n            <div class=\"learnNavigationWrapper\">\r\n                <div class=\"learnNavigationContent\">\r\n                    <img decoding=\"async\" src=\"https:\/\/talkpal.ai\/wp-content\/uploads\/2024\/08\/Greek.jpg\" alt=\"Greek Flag\">\r\n                    <div>\r\n                        <h4>Cleachtadh Gramada\u00ed na Gr\u00e9ige<\/h4>\r\n                        <p>Cleachtadh gramadach na Gr\u00e9ige.<\/p>\r\n                    <\/div>\r\n                <\/div>\r\n            <\/div>\r\n        <\/a>\r\n\r\n        \r\n        <a href=\"https:\/\/talkpal.ai\/vocabulary_language\/greek\/\">\r\n            <div class=\"learnNavigationWrapper\">\r\n                <div class=\"learnNavigationContent\">\r\n                    <img decoding=\"async\" src=\"https:\/\/talkpal.ai\/wp-content\/uploads\/2024\/08\/Greek.jpg\" alt=\"Greek Flag\">\r\n                    <div>\r\n                        <h4>St\u00f3r focal na Gr\u00e9ige<\/h4>\r\n                        <p>Leathnaigh do st\u00f3r focal Gr\u00e9igise.<\/p>\r\n                    <\/div>\r\n                <\/div>\r\n            <\/div>\r\n        <\/a>\r\n\r\n            <\/section>","protected":false},"excerpt":{"rendered":"<p>Demystifying Greek Grammar: A Comprehensive Guide T\u00e1 \u00e1it ar leith ag an nGr\u00e9igis, teanga gal\u00e1nta agus \u00e1rsa, i stair na teanga agus t\u00e1 tionchar f\u00f3s aici sa l\u00e1 at\u00e1 inniu ann. Le bun\u00fas l\u00e1idir i ngramadach na Gr\u00e9ige, gheobhaidh t\u00fa rochtain ar shaibhreas acmhainn\u00ed cult\u00fartha agus stairi\u00fala agus d\u00edghlas\u00e1lfaidh t\u00fa ciseal eile br\u00ed i st\u00f3r [&hellip;]<\/p>\n","protected":false},"author":1,"featured_media":1444076,"parent":0,"menu_order":0,"comment_status":"closed","ping_status":"closed","template":"LearningContentPage.php","meta":{"_acf_changed":false,"footnotes":""},"class_list":["post-1444074","page","type-page","status-publish","has-post-thumbnail","hentry"],"acf":[],"yoast_head":"<!-- This site is optimized with the Yoast SEO Premium plugin v27.2 (Yoast SEO v27.2) - https:\/\/yoast.com\/product\/yoast-seo-premium-wordpress\/ -->\n<title>Gramadach na Gr\u00e9ige - Talkpal<\/title>\n<meta name=\"description\" content=\"M\u00e1istreacht gramadach na Gr\u00e9ige go muin\u00edneach - foghlaim rialacha t\u00e1bhachtacha, cleachtadh abairt\u00ed a fhoirmi\u00fa, agus do scileanna a neart\u00fa go tapa le TalkPal AI.\" \/>\n<meta name=\"robots\" content=\"index, follow, max-snippet:-1, max-image-preview:large, max-video-preview:-1\" \/>\n<link rel=\"canonical\" href=\"https:\/\/talkpal.ai\/ga\/gramadach-na-greige\/\" \/>\n<meta property=\"og:locale\" content=\"ga_IE\" \/>\n<meta property=\"og:type\" content=\"article\" \/>\n<meta property=\"og:title\" content=\"Gramadach na Gr\u00e9ige\" \/>\n<meta property=\"og:description\" content=\"Demystifying Greek Grammar: A Comprehensive Guide T\u00e1 \u00e1it ar leith ag an nGr\u00e9igis, teanga gal\u00e1nta agus \u00e1rsa, i stair na teanga agus t\u00e1 tionchar f\u00f3s aici sa\" \/>\n<meta property=\"og:url\" content=\"https:\/\/talkpal.ai\/ga\/gramadach-na-greige\/\" \/>\n<meta property=\"og:site_name\" content=\"Talkpal\" \/>\n<meta property=\"article:publisher\" content=\"https:\/\/www.facebook.com\/profile.php?id=100090733639311\" \/>\n<meta property=\"article:modified_time\" content=\"2025-12-13T15:34:34+00:00\" \/>\n<meta property=\"og:image\" content=\"https:\/\/talkpal.ai\/wp-content\/uploads\/2023\/05\/greece.png\" \/>\n\t<meta property=\"og:image:width\" content=\"512\" \/>\n\t<meta property=\"og:image:height\" content=\"512\" \/>\n\t<meta property=\"og:image:type\" content=\"image\/png\" \/>\n<meta name=\"twitter:card\" content=\"summary_large_image\" \/>\n<meta name=\"twitter:site\" content=\"@talkpalai\" \/>\n<meta name=\"twitter:label1\" content=\"Est. reading time\" \/>\n\t<meta name=\"twitter:data1\" content=\"4 minutes\" \/>\n<script type=\"application\/ld+json\" class=\"yoast-schema-graph\">{\"@context\":\"https:\/\/schema.org\",\"@graph\":[{\"@type\":\"WebPage\",\"@id\":\"https:\/\/talkpal.ai\/ga\/gramadach-na-greige\/\",\"url\":\"https:\/\/talkpal.ai\/ga\/gramadach-na-greige\/\",\"name\":\"Gramadach na Gr\u00e9ige - Talkpal\",\"isPartOf\":{\"@id\":\"https:\/\/talkpal.ai\/ga\/#website\"},\"primaryImageOfPage\":{\"@id\":\"https:\/\/talkpal.ai\/ga\/gramadach-na-greige\/#primaryimage\"},\"image\":{\"@id\":\"https:\/\/talkpal.ai\/ga\/gramadach-na-greige\/#primaryimage\"},\"thumbnailUrl\":\"https:\/\/talkpal.ai\/wp-content\/uploads\/2023\/05\/greece.png\",\"datePublished\":\"2023-05-14T14:02:30+00:00\",\"dateModified\":\"2025-12-13T15:34:34+00:00\",\"description\":\"M\u00e1istreacht gramadach na Gr\u00e9ige go muin\u00edneach - foghlaim rialacha t\u00e1bhachtacha, cleachtadh abairt\u00ed a fhoirmi\u00fa, agus do scileanna a neart\u00fa go tapa le TalkPal AI.\",\"breadcrumb\":{\"@id\":\"https:\/\/talkpal.ai\/ga\/gramadach-na-greige\/#breadcrumb\"},\"inLanguage\":\"ga-IE\",\"potentialAction\":[{\"@type\":\"ReadAction\",\"target\":[\"https:\/\/talkpal.ai\/ga\/gramadach-na-greige\/\"]}]},{\"@type\":\"ImageObject\",\"inLanguage\":\"ga-IE\",\"@id\":\"https:\/\/talkpal.ai\/ga\/gramadach-na-greige\/#primaryimage\",\"url\":\"https:\/\/talkpal.ai\/wp-content\/uploads\/2023\/05\/greece.png\",\"contentUrl\":\"https:\/\/talkpal.ai\/wp-content\/uploads\/2023\/05\/greece.png\",\"width\":512,\"height\":512,\"caption\":\"TalkPal Greece Flag\"},{\"@type\":\"BreadcrumbList\",\"@id\":\"https:\/\/talkpal.ai\/ga\/gramadach-na-greige\/#breadcrumb\",\"itemListElement\":[{\"@type\":\"ListItem\",\"position\":1,\"name\":\"Homepage\",\"item\":\"https:\/\/talkpal.ai\/ga\/\"},{\"@type\":\"ListItem\",\"position\":2,\"name\":\"Gramadach na Gr\u00e9ige\"}]},{\"@type\":\"WebSite\",\"@id\":\"https:\/\/talkpal.ai\/ga\/#website\",\"url\":\"https:\/\/talkpal.ai\/ga\/\",\"name\":\"Talkpal\",\"description\":\"AI Language Learning\",\"publisher\":{\"@id\":\"https:\/\/talkpal.ai\/ga\/#organization\"},\"alternateName\":\"Talkpal AI\",\"potentialAction\":[{\"@type\":\"SearchAction\",\"target\":{\"@type\":\"EntryPoint\",\"urlTemplate\":\"https:\/\/talkpal.ai\/ga\/?s={search_term_string}\"},\"query-input\":{\"@type\":\"PropertyValueSpecification\",\"valueRequired\":true,\"valueName\":\"search_term_string\"}}],\"inLanguage\":\"ga-IE\"},{\"@type\":\"Organization\",\"@id\":\"https:\/\/talkpal.ai\/ga\/#organization\",\"name\":\"Talkpal, Inc.\",\"alternateName\":\"Talkpal AI\",\"url\":\"https:\/\/talkpal.ai\/ga\/\",\"logo\":{\"@type\":\"ImageObject\",\"inLanguage\":\"ga-IE\",\"@id\":\"https:\/\/talkpal.ai\/ga\/#\/schema\/logo\/image\/\",\"url\":\"https:\/\/talkpal.ai\/wp-content\/uploads\/2024\/03\/Talkpal-Logo-Icon.png\",\"contentUrl\":\"https:\/\/talkpal.ai\/wp-content\/uploads\/2024\/03\/Talkpal-Logo-Icon.png\",\"width\":2880,\"height\":2880,\"caption\":\"Talkpal, Inc.\"},\"image\":{\"@id\":\"https:\/\/talkpal.ai\/ga\/#\/schema\/logo\/image\/\"},\"sameAs\":[\"https:\/\/www.facebook.com\/profile.php?id=100090733639311\",\"https:\/\/x.com\/talkpalai\",\"https:\/\/www.linkedin.com\/company\/talkpal\/\",\"https:\/\/www.youtube.com\/@TalkPal\/\",\"https:\/\/www.tiktok.com\/@talkpal\",\"https:\/\/www.instagram.com\/talkpal_ai\/\",\"https:\/\/www.crunchbase.com\/organization\/talkpal-9cde\",\"https:\/\/www.g2.com\/products\/talkpal-for-business\/\",\"https:\/\/www.trustpilot.com\/review\/talkpal.ai\",\"https:\/\/www.capterra.com\/p\/10006800\/TalkPal\/\"],\"description\":\"Talkpal is a language learning web and mobile education app, powered by the latest AI technologies, that provides engaging experiences to its customers in many different languages to help them improve their language skills. Users can chat about unlimited amount of topics with the app and use other modes to practice their language learning.\",\"email\":\"support@talkpal.ai\",\"legalName\":\"Talkpal, Inc.\",\"foundingDate\":\"2023-04-03\",\"duns\":\"118989042\",\"numberOfEmployees\":{\"@type\":\"QuantitativeValue\",\"minValue\":\"11\",\"maxValue\":\"50\"},\"publishingPrinciples\":\"https:\/\/talkpal.ai\/publishing-principles\/\",\"actionableFeedbackPolicy\":\"https:\/\/talkpal.ai\/actionable-feedback-policy\/\",\"correctionsPolicy\":\"https:\/\/talkpal.ai\/corrections-policy\/\",\"ethicsPolicy\":\"https:\/\/talkpal.ai\/ethics-policy\/\",\"diversityPolicy\":\"https:\/\/talkpal.ai\/diversity-policy\/\",\"diversityStaffingReport\":\"https:\/\/talkpal.ai\/diversity-policy\/\"}]}<\/script>\n<!-- \/ Yoast SEO Premium plugin. -->","yoast_head_json":{"title":"Gramadach na Gr\u00e9ige - Talkpal","description":"M\u00e1istreacht gramadach na Gr\u00e9ige go muin\u00edneach - foghlaim rialacha t\u00e1bhachtacha, cleachtadh abairt\u00ed a fhoirmi\u00fa, agus do scileanna a neart\u00fa go tapa le TalkPal AI.","robots":{"index":"index","follow":"follow","max-snippet":"max-snippet:-1","max-image-preview":"max-image-preview:large","max-video-preview":"max-video-preview:-1"},"canonical":"https:\/\/talkpal.ai\/ga\/gramadach-na-greige\/","og_locale":"ga_IE","og_type":"article","og_title":"Gramadach na Gr\u00e9ige","og_description":"Demystifying Greek Grammar: A Comprehensive Guide T\u00e1 \u00e1it ar leith ag an nGr\u00e9igis, teanga gal\u00e1nta agus \u00e1rsa, i stair na teanga agus t\u00e1 tionchar f\u00f3s aici sa","og_url":"https:\/\/talkpal.ai\/ga\/gramadach-na-greige\/","og_site_name":"Talkpal","article_publisher":"https:\/\/www.facebook.com\/profile.php?id=100090733639311","article_modified_time":"2025-12-13T15:34:34+00:00","og_image":[{"width":512,"height":512,"url":"https:\/\/talkpal.ai\/wp-content\/uploads\/2023\/05\/greece.png","type":"image\/png"}],"twitter_card":"summary_large_image","twitter_site":"@talkpalai","twitter_misc":{"Est. reading time":"4 minutes"},"schema":{"@context":"https:\/\/schema.org","@graph":[{"@type":"WebPage","@id":"https:\/\/talkpal.ai\/ga\/gramadach-na-greige\/","url":"https:\/\/talkpal.ai\/ga\/gramadach-na-greige\/","name":"Gramadach na Gr\u00e9ige - Talkpal","isPartOf":{"@id":"https:\/\/talkpal.ai\/ga\/#website"},"primaryImageOfPage":{"@id":"https:\/\/talkpal.ai\/ga\/gramadach-na-greige\/#primaryimage"},"image":{"@id":"https:\/\/talkpal.ai\/ga\/gramadach-na-greige\/#primaryimage"},"thumbnailUrl":"https:\/\/talkpal.ai\/wp-content\/uploads\/2023\/05\/greece.png","datePublished":"2023-05-14T14:02:30+00:00","dateModified":"2025-12-13T15:34:34+00:00","description":"M\u00e1istreacht gramadach na Gr\u00e9ige go muin\u00edneach - foghlaim rialacha t\u00e1bhachtacha, cleachtadh abairt\u00ed a fhoirmi\u00fa, agus do scileanna a neart\u00fa go tapa le TalkPal AI.","breadcrumb":{"@id":"https:\/\/talkpal.ai\/ga\/gramadach-na-greige\/#breadcrumb"},"inLanguage":"ga-IE","potentialAction":[{"@type":"ReadAction","target":["https:\/\/talkpal.ai\/ga\/gramadach-na-greige\/"]}]},{"@type":"ImageObject","inLanguage":"ga-IE","@id":"https:\/\/talkpal.ai\/ga\/gramadach-na-greige\/#primaryimage","url":"https:\/\/talkpal.ai\/wp-content\/uploads\/2023\/05\/greece.png","contentUrl":"https:\/\/talkpal.ai\/wp-content\/uploads\/2023\/05\/greece.png","width":512,"height":512,"caption":"TalkPal Greece Flag"},{"@type":"BreadcrumbList","@id":"https:\/\/talkpal.ai\/ga\/gramadach-na-greige\/#breadcrumb","itemListElement":[{"@type":"ListItem","position":1,"name":"Homepage","item":"https:\/\/talkpal.ai\/ga\/"},{"@type":"ListItem","position":2,"name":"Gramadach na Gr\u00e9ige"}]},{"@type":"WebSite","@id":"https:\/\/talkpal.ai\/ga\/#website","url":"https:\/\/talkpal.ai\/ga\/","name":"Talkpal","description":"AI Language Learning","publisher":{"@id":"https:\/\/talkpal.ai\/ga\/#organization"},"alternateName":"Talkpal AI","potentialAction":[{"@type":"SearchAction","target":{"@type":"EntryPoint","urlTemplate":"https:\/\/talkpal.ai\/ga\/?s={search_term_string}"},"query-input":{"@type":"PropertyValueSpecification","valueRequired":true,"valueName":"search_term_string"}}],"inLanguage":"ga-IE"},{"@type":"Organization","@id":"https:\/\/talkpal.ai\/ga\/#organization","name":"Talkpal, Inc.","alternateName":"Talkpal AI","url":"https:\/\/talkpal.ai\/ga\/","logo":{"@type":"ImageObject","inLanguage":"ga-IE","@id":"https:\/\/talkpal.ai\/ga\/#\/schema\/logo\/image\/","url":"https:\/\/talkpal.ai\/wp-content\/uploads\/2024\/03\/Talkpal-Logo-Icon.png","contentUrl":"https:\/\/talkpal.ai\/wp-content\/uploads\/2024\/03\/Talkpal-Logo-Icon.png","width":2880,"height":2880,"caption":"Talkpal, Inc."},"image":{"@id":"https:\/\/talkpal.ai\/ga\/#\/schema\/logo\/image\/"},"sameAs":["https:\/\/www.facebook.com\/profile.php?id=100090733639311","https:\/\/x.com\/talkpalai","https:\/\/www.linkedin.com\/company\/talkpal\/","https:\/\/www.youtube.com\/@TalkPal\/","https:\/\/www.tiktok.com\/@talkpal","https:\/\/www.instagram.com\/talkpal_ai\/","https:\/\/www.crunchbase.com\/organization\/talkpal-9cde","https:\/\/www.g2.com\/products\/talkpal-for-business\/","https:\/\/www.trustpilot.com\/review\/talkpal.ai","https:\/\/www.capterra.com\/p\/10006800\/TalkPal\/"],"description":"Talkpal is a language learning web and mobile education app, powered by the latest AI technologies, that provides engaging experiences to its customers in many different languages to help them improve their language skills. Users can chat about unlimited amount of topics with the app and use other modes to practice their language learning.","email":"support@talkpal.ai","legalName":"Talkpal, Inc.","foundingDate":"2023-04-03","duns":"118989042","numberOfEmployees":{"@type":"QuantitativeValue","minValue":"11","maxValue":"50"},"publishingPrinciples":"https:\/\/talkpal.ai\/publishing-principles\/","actionableFeedbackPolicy":"https:\/\/talkpal.ai\/actionable-feedback-policy\/","correctionsPolicy":"https:\/\/talkpal.ai\/corrections-policy\/","ethicsPolicy":"https:\/\/talkpal.ai\/ethics-policy\/","diversityPolicy":"https:\/\/talkpal.ai\/diversity-policy\/","diversityStaffingReport":"https:\/\/talkpal.ai\/diversity-policy\/"}]}},"_links":{"self":[{"href":"https:\/\/talkpal.ai\/ga\/wp-json\/wp\/v2\/pages\/1444074","targetHints":{"allow":["GET"]}}],"collection":[{"href":"https:\/\/talkpal.ai\/ga\/wp-json\/wp\/v2\/pages"}],"about":[{"href":"https:\/\/talkpal.ai\/ga\/wp-json\/wp\/v2\/types\/page"}],"author":[{"embeddable":true,"href":"https:\/\/talkpal.ai\/ga\/wp-json\/wp\/v2\/users\/1"}],"replies":[{"embeddable":true,"href":"https:\/\/talkpal.ai\/ga\/wp-json\/wp\/v2\/comments?post=1444074"}],"version-history":[{"count":0,"href":"https:\/\/talkpal.ai\/ga\/wp-json\/wp\/v2\/pages\/1444074\/revisions"}],"wp:featuredmedia":[{"embeddable":true,"href":"https:\/\/talkpal.ai\/ga\/wp-json\/wp\/v2\/media\/1444076"}],"wp:attachment":[{"href":"https:\/\/talkpal.ai\/ga\/wp-json\/wp\/v2\/media?parent=1444074"}],"curies":[{"name":"wp","href":"https:\/\/api.w.org\/{rel}","templated":true}]}}