{"id":1444069,"date":"2023-05-14T14:03:43","date_gmt":"2023-05-14T14:03:43","guid":{"rendered":"https:\/\/talkpal.ai\/gramadach-na-gailise\/"},"modified":"2025-12-13T15:30:33","modified_gmt":"2025-12-13T15:30:33","slug":"gramadach-na-gailise","status":"publish","type":"page","link":"https:\/\/talkpal.ai\/ga\/gramadach-na-gailise\/","title":{"rendered":"Gramadach na Gail\u00edse"},"content":{"rendered":"\r\n\r\n\r\n<section class=\"languageChallengeSection\">\r\n    <div class=\"languageInfoWrapper\">\r\n        \r\n        <h1>Gramadach na Gail\u00edse<\/h1>\r\n        <p>Faigh amach charm na teanga Gail\u00edsis tr\u00ed mh\u00e1istir a dh\u00e9anamh ar a rialacha gramada\u00ed bun\u00fasacha. Oscl\u00f3idh tuiscint ar ghramadach na Gail\u00edse doirse do chumars\u00e1id fhi\u00fantach agus do thuiscint n\u00edos doimhne ar chult\u00far br\u00edomhar na Gail\u00edse. Tosaigh ag foghlaim <a href=\"https:\/\/talkpal.ai\/ga\/cleachtai-gramadai-na-hisiltire\/\">gramada\u00ed na<\/a> Gail\u00edse inniu agus glac do ch\u00e9ad ch\u00e9im i dtreo l\u00edofacht!<\/p>\r\n\r\n                            <a class=\"getStartedHidden\" href=\"https:\/\/app.talkpal.ai\/signup?lng=\">Tosaigh<\/a>\r\n        \r\n    <\/div>\r\n\r\n    <figure>\r\n    <img decoding=\"async\" width=\"768\" height=\"768\" src=\"https:\/\/talkpal.ai\/wp-content\/uploads\/2023\/06\/galician-768x768.png\" class=\"languageImage no-lazy\" alt=\"Language immersion powerful learning method\" fetchpriority=\"high\" sizes=\"(max-width: 768px) 150px, 768px\" srcset=\"https:\/\/talkpal.ai\/wp-content\/uploads\/2023\/06\/galician-768x768.png 768w, https:\/\/talkpal.ai\/wp-content\/uploads\/2023\/06\/galician-300x300.png 300w\" \/>\r\n    \r\n\r\n    <\/figure>\r\n\r\n            <a class=\"getStartedVisible\" href=\"https:\/\/app.talkpal.ai\/signup?lng=\">Tosaigh<\/a>\r\n    \r\n<\/section>\r\n<section class=\"promotionalBanner\">\r\n    <p class=\"promotionalText\">An bealach is \u00e9ifeachta\u00ed le teanga a fhoghlaim<\/p>\r\n    <a class=\"promotionalLink\" href=\"https:\/\/app.talkpal.ai\/signup?lng=\">Bain triail as Talkpal saor in aisce<\/a>\r\n<\/section>\n<div class=\"wp-block-group pageContainerStyle\"><div class=\"wp-block-group__inner-container is-layout-constrained wp-block-group-is-layout-constrained\">\n<h2 class=\"wp-block-heading\" id=\"h-galician-grammar-unlocking-the-beauty-of-a-romance-language\">Gramadach na Gail\u00edse: \u00c1illeacht teanga r\u00f3m\u00e1ns\u00fail a dh\u00edghlas\u00e1il<\/h2>\n\n\n\n<p>Is can\u00faint uath\u00fail agus mhealltach \u00ed an Ghail\u00edsis, teanga R\u00f3m\u00e1nsach a labhra\u00edonn os cionn dh\u00e1 mhilli\u00fan duine in iarthuaisceart na Sp\u00e1inne, a bhfuil cos\u00falachta\u00ed aici leis an bPortaing\u00e9ilis. T\u00e1 f\u00f3ineola\u00edocht shaini\u00fail, stair sp\u00e9isi\u00fail, agus traidisi\u00fan fileata beoga aige. Chun m\u00e1istreacht a fh\u00e1il ar an teanga dra\u00edocht\u00fail seo, t\u00e1 s\u00e9 r\u00edth\u00e1bhachtach a <a href=\"https:\/\/talkpal.ai\/grammar\/\">gramadach<\/a> a thuiscint. San alt seo, d\u00e9anfaimid ini\u00fachadh ar na gn\u00e9ithe riachtanacha de ghramadach na Gail\u00edse agus cuirfimid leideanna ar f\u00e1il chun cabhr\u00fa leat barr feabhais a bhaint amach sa turas teangeola\u00edoch seo.<\/p>\n\n\n\n<h3 class=\"wp-block-heading\" id=\"h-key-components-of-galician-grammar\">Pr\u00edomh-chomhph\u00e1irteanna de ghramadach na Gail\u00edse:<\/h3>\n\n\n\n<p>Is \u00e9ard at\u00e1 i ngramadach na Gail\u00edse, cos\u00fail le teangacha R\u00f3m\u00e1nsacha eile, rialacha agus strucht\u00fair \u00e9ags\u00fala a shainmh\u00edn\u00edonn a h\u00fas\u00e1id chu\u00ed. Seo roinnt gn\u00e9ithe bun\u00fasacha de ghramadach na Gail\u00edse ba ch\u00f3ir duit a bheith eolach orthu:<\/p>\n\n\n\n<p><strong>1. Ainmfhocail:<\/strong> T\u00e1 dh\u00e1 inscne gramada\u00ed ag ainmfhocail na Gail\u00edse (firinscneach agus baininscneach) agus d\u00e9antar iad a infhilleadh ar uimhir (uatha agus iolra). B\u00edonn tionchar ag inscne ainmfhocail ar fhoirm na n-alt, na n-aidiachta\u00ed agus na bhforainmneacha a ghabhann leis.<\/p>\n\n\n\n<p><strong>2. Airteagail:<\/strong> T\u00e1 ailt chinnte (o, os, a, as) agus ailt \u00e9iginnte (un, uns, unha, unhas) ag an nGail\u00edsis. \u00das\u00e1idtear ailt chinnte chun tagairt a dh\u00e9anamh do ruda\u00ed n\u00f3 do dhaoine ar <a href=\"https:\/\/talkpal.ai\/locations\/language-courses-in-leith\/\">leith<\/a>, agus \u00fas\u00e1idtear ailt \u00e9iginnte le haghaidh tagairt\u00ed ginear\u00e1lta n\u00f3 neamhshonracha.<\/p>\n\n\n\n<p><strong>3. Adjectives and adverbs:<\/strong> Adjectives in <a href=\"https:\/\/talkpal.ai\/learn-galician\/\">Galician<\/a> usually agree in gender and number with the nouns they modify. T\u00e1 adverbs, ar an l\u00e1imh eile, inathraithe agus n\u00ed athra\u00edonn siad de r\u00e9ir inscne n\u00f3 l\u00edon an ainmfhocail.<\/p>\n\n\n\n<p><strong>4. Briathra:<\/strong> T\u00e1 briathra na Gail\u00edse comhchuingithe i dtr\u00ed phatr\u00fan rialta (ar, er, ir) agus patr\u00fain neamhrialta \u00e9ags\u00fala. Infhilltear briathra de r\u00e9ir aimsir (l\u00e1ithreach, am at\u00e1 caite, todhcha\u00ed, srl.), gi\u00famar (t\u00e1scach, subjunctive, imperative), gn\u00e9 (foirfe, neamhfhoirfe), agus guth (gn\u00edomhach, \u00e9ighn\u00edomhach). Is minic a fh\u00e1gtar forainmneacha ar l\u00e1r i gcomhchuingi\u00fa briathar, mar is gn\u00e1ch go l\u00e9ir\u00edonn an fhoirm bhriathar an t-\u00e1bhar.<\/p>\n\n\n\n<p><strong>5. Strucht\u00far abairte:<\/strong> Is gn\u00e1ch go n-\u00fas\u00e1ideann an Ghail\u00edsis ord focal Subject-Verb-Object (SVO) n\u00f3 Verb-Subject-Object (VSO), ag brath ar an mb\u00e9im agus ar an gcomhth\u00e9acs. Mar sin f\u00e9in, t\u00e1 an t-ord focal seo sol\u00fabtha.<\/p>\n\n\n\n<h3 class=\"wp-block-heading\" id=\"h-tips-for-learning-galician-grammar\">Leideanna maidir le Gramadach na Gail\u00edse a Fhoghlaim:<\/h3>\n\n\n\n<p>Chun barr feabhais a bhaint amach i do thuras foghlama gramada\u00ed na Gail\u00edse, smaoinigh ar na strait\u00e9is\u00ed cabhracha seo:<\/p>\n\n\n\n<p><strong>1. Cleachtas rialta:<\/strong> T\u00e1 comhsheasmhacht r\u00edth\u00e1bhachtach. Tiomnaigh amanna ar leith gach l\u00e1 n\u00f3 seachtain chun cleachta\u00ed gramada\u00ed, l\u00e9itheoireacht agus scr\u00edbhneoireacht a chleachtadh i Gail\u00edsis.<\/p>\n\n\n\n<p><strong>2. \u00das\u00e1id acmhainn\u00ed d\u00fachasacha:<\/strong> Tumadh t\u00fa f\u00e9in in \u00e1bhair bar\u00e1nt\u00fala Gail\u00edsis mar litr\u00edocht, ailt nuachta, agus scann\u00e1in. N\u00ed hamh\u00e1in go gcuid\u00edonn s\u00e9 seo leat <a href=\"https:\/\/talkpal.ai\/grammar\/\">gramadach<\/a> na Gail\u00edse a fheice\u00e1il i gcomhth\u00e9acs ach feabhsa\u00edonn s\u00e9 do scileanna l\u00e9itheoireachta agus \u00e9isteachta freisin.<\/p>\n\n\n\n<p><strong>3. Foghlaim inscne agus ailt ainmfhocail:<\/strong> Cuir eolas ar inscne ainmfhocail na Gail\u00edse agus ar \u00fas\u00e1id cheart ailt. T\u00e1 s\u00e9 seo r\u00edth\u00e1bhachtach chun abairt\u00ed cruinne agus comhlean\u00fanacha a fhoirmi\u00fa.<\/p>\n\n\n\n<p><strong>4. Ceangail le cainteoir\u00ed d\u00fachais:<\/strong> T\u00e9igh i dteagmh\u00e1il le cainteoir\u00ed d\u00fachais Gail\u00edsis tr\u00ed chl\u00e1ir mhalartaithe teanga, na me\u00e1in sh\u00f3isialta, n\u00f3 f\u00f3raim ar l\u00edne. Sol\u00e1thra\u00edonn s\u00e9 seo deiseanna gramadach a chleachtadh i gcomhr\u00e1ite f\u00edor-saoil agus <a href=\"https:\/\/talkpal.ai\/contact\/\">aiseolas<\/a> luachmhar a fh\u00e1il.<\/p>\n\n\n\n<p><strong>5. Foighne agus buanseasmhacht:<\/strong> T\u00f3gann teanga <a href=\"https:\/\/talkpal.ai\/talkpal-new-years-discount\/\">nua<\/a> a fhoghlaim am, diongbh\u00e1ilteacht agus foighne. Glac leis na d\u00fashl\u00e1in agus d\u00e9an ceili\u00faradh ar do dhul chun cinn ar an mbealach.<\/p>\n\n\n\n<h2 class=\"wp-block-heading\" id=\"h-conclusion\">Concl\u00faid:<\/h2>\n\n\n\n<p>T\u00e1 gramadach na Gail\u00edse, lena tr\u00e9ithe uath\u00fala agus a ceangal le teaghlach na dteangacha R\u00f3m\u00e1nsacha, an eochair chun m\u00e1istreacht a fh\u00e1il ar an gcan\u00faint mhealltach seo. Tr\u00ed thuiscint a fh\u00e1il ar a phr\u00edomhchomhph\u00e1irteanna agus tr\u00ed \u00e1r strait\u00e9is\u00ed foghlama a lean\u00faint, beidh t\u00fa ar an mbealach chun inni\u00falacht teanga a bhaint amach. Mar sin, t\u00e9igh ar an turas corraitheach seo, agus d\u00edghlas\u00e1il iontais na teanga Gail\u00eds!<\/p>\n<\/div><\/div>\n\r\n<section class=\"learnNavigationSection\">\r\n            \r\n        <a href=\"https:\/\/talkpal.ai\/ga\/foghlaim-gailisis\/\">\r\n            <div class=\"learnNavigationWrapper\">\r\n                <div class=\"learnNavigationContent\">\r\n                    <img decoding=\"async\" src=\"https:\/\/talkpal.ai\/wp-content\/uploads\/2024\/08\/Galician.jpg\" alt=\"Galicia Flag\">\r\n                    <div>\r\n                        <h4>Maidir le Foghlaim na Gail\u00edse<\/h4>\r\n                        <p>Faigh amach gach rud faoi ghramadach na Gail\u00edse.<\/p>\r\n                    <\/div>\r\n                <\/div>\r\n            <\/div>\r\n        <\/a>\r\n\r\n        \r\n        <a href=\"https:\/\/talkpal.ai\/ga\/cleachtai-gramadai-na-gailise\/\">\r\n            <div class=\"learnNavigationWrapper\">\r\n                <div class=\"learnNavigationContent\">\r\n                    <img decoding=\"async\" src=\"https:\/\/talkpal.ai\/wp-content\/uploads\/2024\/08\/Galician.jpg\" alt=\"Galicia Flag\">\r\n                    <div>\r\n                        <h4>Cleachtadh Gramada\u00ed na Gail\u00edse<\/h4>\r\n                        <p>Cleachtadh gramadach na Gail\u00edse.<\/p>\r\n                    <\/div>\r\n                <\/div>\r\n            <\/div>\r\n        <\/a>\r\n\r\n        \r\n        <a href=\"https:\/\/talkpal.ai\/vocabulary_language\/galician\/\">\r\n            <div class=\"learnNavigationWrapper\">\r\n                <div class=\"learnNavigationContent\">\r\n                    <img decoding=\"async\" src=\"https:\/\/talkpal.ai\/wp-content\/uploads\/2024\/08\/Galician.jpg\" alt=\"Galicia Flag\">\r\n                    <div>\r\n                        <h4>St\u00f3r Focal na Gail\u00edse<\/h4>\r\n                        <p>Leathnaigh do st\u00f3r focal Gail\u00edsis.<\/p>\r\n                    <\/div>\r\n                <\/div>\r\n            <\/div>\r\n        <\/a>\r\n\r\n            <\/section>","protected":false},"excerpt":{"rendered":"<p>Gramadach na Gail\u00edse: \u00c1illeacht teanga r\u00f3m\u00e1ns\u00fail a dh\u00edghlas\u00e1il Is can\u00faint uath\u00fail agus mhealltach \u00ed an Ghail\u00edsis, teanga R\u00f3m\u00e1nsach a labhra\u00edonn os cionn dh\u00e1 mhilli\u00fan duine in iarthuaisceart na Sp\u00e1inne, a bhfuil cos\u00falachta\u00ed aici leis an bPortaing\u00e9ilis. T\u00e1 f\u00f3ineola\u00edocht shaini\u00fail, stair sp\u00e9isi\u00fail, agus traidisi\u00fan fileata beoga aige. Chun m\u00e1istreacht a fh\u00e1il ar an teanga dra\u00edocht\u00fail seo, [&hellip;]<\/p>\n","protected":false},"author":1,"featured_media":1444071,"parent":0,"menu_order":0,"comment_status":"closed","ping_status":"closed","template":"LearningContentPage.php","meta":{"_acf_changed":false,"footnotes":""},"class_list":["post-1444069","page","type-page","status-publish","has-post-thumbnail","hentry"],"acf":[],"yoast_head":"<!-- This site is optimized with the Yoast SEO Premium plugin v27.2 (Yoast SEO v27.2) - https:\/\/yoast.com\/product\/yoast-seo-premium-wordpress\/ -->\n<title>Gramadach na Gail\u00edse - Talkpal<\/title>\n<meta name=\"description\" content=\"M\u00e1istir gramadach na Gail\u00edse go h\u00e9asca - foghlaim rialacha, t\u00f3g abairt\u00ed cearta, agus cumars\u00e1id shoil\u00e9ir\" \/>\n<meta name=\"robots\" content=\"index, follow, max-snippet:-1, max-image-preview:large, max-video-preview:-1\" \/>\n<link rel=\"canonical\" href=\"https:\/\/talkpal.ai\/ga\/gramadach-na-gailise\/\" \/>\n<meta property=\"og:locale\" content=\"ga_IE\" \/>\n<meta property=\"og:type\" content=\"article\" \/>\n<meta property=\"og:title\" content=\"Gramadach na Gail\u00edse\" \/>\n<meta property=\"og:description\" content=\"Gramadach na Gail\u00edse: \u00c1illeacht teanga r\u00f3m\u00e1ns\u00fail a dh\u00edghlas\u00e1il Is can\u00faint uath\u00fail agus mhealltach \u00ed an Ghail\u00edsis, teanga R\u00f3m\u00e1nsach a labhra\u00edonn os cionn\" \/>\n<meta property=\"og:url\" content=\"https:\/\/talkpal.ai\/ga\/gramadach-na-gailise\/\" \/>\n<meta property=\"og:site_name\" content=\"Talkpal\" \/>\n<meta property=\"article:publisher\" content=\"https:\/\/www.facebook.com\/profile.php?id=100090733639311\" \/>\n<meta property=\"article:modified_time\" content=\"2025-12-13T15:30:33+00:00\" \/>\n<meta property=\"og:image\" content=\"https:\/\/talkpal.ai\/wp-content\/uploads\/2023\/05\/Galician-spain.png\" \/>\n\t<meta property=\"og:image:width\" content=\"512\" \/>\n\t<meta property=\"og:image:height\" content=\"512\" \/>\n\t<meta property=\"og:image:type\" content=\"image\/png\" \/>\n<meta name=\"twitter:card\" content=\"summary_large_image\" \/>\n<meta name=\"twitter:site\" content=\"@talkpalai\" \/>\n<meta name=\"twitter:label1\" content=\"Est. reading time\" \/>\n\t<meta name=\"twitter:data1\" content=\"4 minutes\" \/>\n<script type=\"application\/ld+json\" class=\"yoast-schema-graph\">{\"@context\":\"https:\/\/schema.org\",\"@graph\":[{\"@type\":\"WebPage\",\"@id\":\"https:\/\/talkpal.ai\/ga\/gramadach-na-gailise\/\",\"url\":\"https:\/\/talkpal.ai\/ga\/gramadach-na-gailise\/\",\"name\":\"Gramadach na Gail\u00edse - Talkpal\",\"isPartOf\":{\"@id\":\"https:\/\/talkpal.ai\/ga\/#website\"},\"primaryImageOfPage\":{\"@id\":\"https:\/\/talkpal.ai\/ga\/gramadach-na-gailise\/#primaryimage\"},\"image\":{\"@id\":\"https:\/\/talkpal.ai\/ga\/gramadach-na-gailise\/#primaryimage\"},\"thumbnailUrl\":\"https:\/\/talkpal.ai\/wp-content\/uploads\/2023\/05\/Galician-spain.png\",\"datePublished\":\"2023-05-14T14:03:43+00:00\",\"dateModified\":\"2025-12-13T15:30:33+00:00\",\"description\":\"M\u00e1istir gramadach na Gail\u00edse go h\u00e9asca - foghlaim rialacha, t\u00f3g abairt\u00ed cearta, agus cumars\u00e1id shoil\u00e9ir\",\"breadcrumb\":{\"@id\":\"https:\/\/talkpal.ai\/ga\/gramadach-na-gailise\/#breadcrumb\"},\"inLanguage\":\"ga-IE\",\"potentialAction\":[{\"@type\":\"ReadAction\",\"target\":[\"https:\/\/talkpal.ai\/ga\/gramadach-na-gailise\/\"]}]},{\"@type\":\"ImageObject\",\"inLanguage\":\"ga-IE\",\"@id\":\"https:\/\/talkpal.ai\/ga\/gramadach-na-gailise\/#primaryimage\",\"url\":\"https:\/\/talkpal.ai\/wp-content\/uploads\/2023\/05\/Galician-spain.png\",\"contentUrl\":\"https:\/\/talkpal.ai\/wp-content\/uploads\/2023\/05\/Galician-spain.png\",\"width\":512,\"height\":512,\"caption\":\"TalkPal Galician Flag\"},{\"@type\":\"BreadcrumbList\",\"@id\":\"https:\/\/talkpal.ai\/ga\/gramadach-na-gailise\/#breadcrumb\",\"itemListElement\":[{\"@type\":\"ListItem\",\"position\":1,\"name\":\"Homepage\",\"item\":\"https:\/\/talkpal.ai\/ga\/\"},{\"@type\":\"ListItem\",\"position\":2,\"name\":\"Gramadach na Gail\u00edse\"}]},{\"@type\":\"WebSite\",\"@id\":\"https:\/\/talkpal.ai\/ga\/#website\",\"url\":\"https:\/\/talkpal.ai\/ga\/\",\"name\":\"Talkpal\",\"description\":\"AI Language Learning\",\"publisher\":{\"@id\":\"https:\/\/talkpal.ai\/ga\/#organization\"},\"alternateName\":\"Talkpal AI\",\"potentialAction\":[{\"@type\":\"SearchAction\",\"target\":{\"@type\":\"EntryPoint\",\"urlTemplate\":\"https:\/\/talkpal.ai\/ga\/?s={search_term_string}\"},\"query-input\":{\"@type\":\"PropertyValueSpecification\",\"valueRequired\":true,\"valueName\":\"search_term_string\"}}],\"inLanguage\":\"ga-IE\"},{\"@type\":\"Organization\",\"@id\":\"https:\/\/talkpal.ai\/ga\/#organization\",\"name\":\"Talkpal, Inc.\",\"alternateName\":\"Talkpal AI\",\"url\":\"https:\/\/talkpal.ai\/ga\/\",\"logo\":{\"@type\":\"ImageObject\",\"inLanguage\":\"ga-IE\",\"@id\":\"https:\/\/talkpal.ai\/ga\/#\/schema\/logo\/image\/\",\"url\":\"https:\/\/talkpal.ai\/wp-content\/uploads\/2024\/03\/Talkpal-Logo-Icon.png\",\"contentUrl\":\"https:\/\/talkpal.ai\/wp-content\/uploads\/2024\/03\/Talkpal-Logo-Icon.png\",\"width\":2880,\"height\":2880,\"caption\":\"Talkpal, Inc.\"},\"image\":{\"@id\":\"https:\/\/talkpal.ai\/ga\/#\/schema\/logo\/image\/\"},\"sameAs\":[\"https:\/\/www.facebook.com\/profile.php?id=100090733639311\",\"https:\/\/x.com\/talkpalai\",\"https:\/\/www.linkedin.com\/company\/talkpal\/\",\"https:\/\/www.youtube.com\/@TalkPal\/\",\"https:\/\/www.tiktok.com\/@talkpal\",\"https:\/\/www.instagram.com\/talkpal_ai\/\",\"https:\/\/www.crunchbase.com\/organization\/talkpal-9cde\",\"https:\/\/www.g2.com\/products\/talkpal-for-business\/\",\"https:\/\/www.trustpilot.com\/review\/talkpal.ai\",\"https:\/\/www.capterra.com\/p\/10006800\/TalkPal\/\"],\"description\":\"Talkpal is a language learning web and mobile education app, powered by the latest AI technologies, that provides engaging experiences to its customers in many different languages to help them improve their language skills. Users can chat about unlimited amount of topics with the app and use other modes to practice their language learning.\",\"email\":\"support@talkpal.ai\",\"legalName\":\"Talkpal, Inc.\",\"foundingDate\":\"2023-04-03\",\"duns\":\"118989042\",\"numberOfEmployees\":{\"@type\":\"QuantitativeValue\",\"minValue\":\"11\",\"maxValue\":\"50\"},\"publishingPrinciples\":\"https:\/\/talkpal.ai\/publishing-principles\/\",\"actionableFeedbackPolicy\":\"https:\/\/talkpal.ai\/actionable-feedback-policy\/\",\"correctionsPolicy\":\"https:\/\/talkpal.ai\/corrections-policy\/\",\"ethicsPolicy\":\"https:\/\/talkpal.ai\/ethics-policy\/\",\"diversityPolicy\":\"https:\/\/talkpal.ai\/diversity-policy\/\",\"diversityStaffingReport\":\"https:\/\/talkpal.ai\/diversity-policy\/\"}]}<\/script>\n<!-- \/ Yoast SEO Premium plugin. -->","yoast_head_json":{"title":"Gramadach na Gail\u00edse - Talkpal","description":"M\u00e1istir gramadach na Gail\u00edse go h\u00e9asca - foghlaim rialacha, t\u00f3g abairt\u00ed cearta, agus cumars\u00e1id shoil\u00e9ir","robots":{"index":"index","follow":"follow","max-snippet":"max-snippet:-1","max-image-preview":"max-image-preview:large","max-video-preview":"max-video-preview:-1"},"canonical":"https:\/\/talkpal.ai\/ga\/gramadach-na-gailise\/","og_locale":"ga_IE","og_type":"article","og_title":"Gramadach na Gail\u00edse","og_description":"Gramadach na Gail\u00edse: \u00c1illeacht teanga r\u00f3m\u00e1ns\u00fail a dh\u00edghlas\u00e1il Is can\u00faint uath\u00fail agus mhealltach \u00ed an Ghail\u00edsis, teanga R\u00f3m\u00e1nsach a labhra\u00edonn os cionn","og_url":"https:\/\/talkpal.ai\/ga\/gramadach-na-gailise\/","og_site_name":"Talkpal","article_publisher":"https:\/\/www.facebook.com\/profile.php?id=100090733639311","article_modified_time":"2025-12-13T15:30:33+00:00","og_image":[{"width":512,"height":512,"url":"https:\/\/talkpal.ai\/wp-content\/uploads\/2023\/05\/Galician-spain.png","type":"image\/png"}],"twitter_card":"summary_large_image","twitter_site":"@talkpalai","twitter_misc":{"Est. reading time":"4 minutes"},"schema":{"@context":"https:\/\/schema.org","@graph":[{"@type":"WebPage","@id":"https:\/\/talkpal.ai\/ga\/gramadach-na-gailise\/","url":"https:\/\/talkpal.ai\/ga\/gramadach-na-gailise\/","name":"Gramadach na Gail\u00edse - Talkpal","isPartOf":{"@id":"https:\/\/talkpal.ai\/ga\/#website"},"primaryImageOfPage":{"@id":"https:\/\/talkpal.ai\/ga\/gramadach-na-gailise\/#primaryimage"},"image":{"@id":"https:\/\/talkpal.ai\/ga\/gramadach-na-gailise\/#primaryimage"},"thumbnailUrl":"https:\/\/talkpal.ai\/wp-content\/uploads\/2023\/05\/Galician-spain.png","datePublished":"2023-05-14T14:03:43+00:00","dateModified":"2025-12-13T15:30:33+00:00","description":"M\u00e1istir gramadach na Gail\u00edse go h\u00e9asca - foghlaim rialacha, t\u00f3g abairt\u00ed cearta, agus cumars\u00e1id shoil\u00e9ir","breadcrumb":{"@id":"https:\/\/talkpal.ai\/ga\/gramadach-na-gailise\/#breadcrumb"},"inLanguage":"ga-IE","potentialAction":[{"@type":"ReadAction","target":["https:\/\/talkpal.ai\/ga\/gramadach-na-gailise\/"]}]},{"@type":"ImageObject","inLanguage":"ga-IE","@id":"https:\/\/talkpal.ai\/ga\/gramadach-na-gailise\/#primaryimage","url":"https:\/\/talkpal.ai\/wp-content\/uploads\/2023\/05\/Galician-spain.png","contentUrl":"https:\/\/talkpal.ai\/wp-content\/uploads\/2023\/05\/Galician-spain.png","width":512,"height":512,"caption":"TalkPal Galician Flag"},{"@type":"BreadcrumbList","@id":"https:\/\/talkpal.ai\/ga\/gramadach-na-gailise\/#breadcrumb","itemListElement":[{"@type":"ListItem","position":1,"name":"Homepage","item":"https:\/\/talkpal.ai\/ga\/"},{"@type":"ListItem","position":2,"name":"Gramadach na Gail\u00edse"}]},{"@type":"WebSite","@id":"https:\/\/talkpal.ai\/ga\/#website","url":"https:\/\/talkpal.ai\/ga\/","name":"Talkpal","description":"AI Language Learning","publisher":{"@id":"https:\/\/talkpal.ai\/ga\/#organization"},"alternateName":"Talkpal AI","potentialAction":[{"@type":"SearchAction","target":{"@type":"EntryPoint","urlTemplate":"https:\/\/talkpal.ai\/ga\/?s={search_term_string}"},"query-input":{"@type":"PropertyValueSpecification","valueRequired":true,"valueName":"search_term_string"}}],"inLanguage":"ga-IE"},{"@type":"Organization","@id":"https:\/\/talkpal.ai\/ga\/#organization","name":"Talkpal, Inc.","alternateName":"Talkpal AI","url":"https:\/\/talkpal.ai\/ga\/","logo":{"@type":"ImageObject","inLanguage":"ga-IE","@id":"https:\/\/talkpal.ai\/ga\/#\/schema\/logo\/image\/","url":"https:\/\/talkpal.ai\/wp-content\/uploads\/2024\/03\/Talkpal-Logo-Icon.png","contentUrl":"https:\/\/talkpal.ai\/wp-content\/uploads\/2024\/03\/Talkpal-Logo-Icon.png","width":2880,"height":2880,"caption":"Talkpal, Inc."},"image":{"@id":"https:\/\/talkpal.ai\/ga\/#\/schema\/logo\/image\/"},"sameAs":["https:\/\/www.facebook.com\/profile.php?id=100090733639311","https:\/\/x.com\/talkpalai","https:\/\/www.linkedin.com\/company\/talkpal\/","https:\/\/www.youtube.com\/@TalkPal\/","https:\/\/www.tiktok.com\/@talkpal","https:\/\/www.instagram.com\/talkpal_ai\/","https:\/\/www.crunchbase.com\/organization\/talkpal-9cde","https:\/\/www.g2.com\/products\/talkpal-for-business\/","https:\/\/www.trustpilot.com\/review\/talkpal.ai","https:\/\/www.capterra.com\/p\/10006800\/TalkPal\/"],"description":"Talkpal is a language learning web and mobile education app, powered by the latest AI technologies, that provides engaging experiences to its customers in many different languages to help them improve their language skills. Users can chat about unlimited amount of topics with the app and use other modes to practice their language learning.","email":"support@talkpal.ai","legalName":"Talkpal, Inc.","foundingDate":"2023-04-03","duns":"118989042","numberOfEmployees":{"@type":"QuantitativeValue","minValue":"11","maxValue":"50"},"publishingPrinciples":"https:\/\/talkpal.ai\/publishing-principles\/","actionableFeedbackPolicy":"https:\/\/talkpal.ai\/actionable-feedback-policy\/","correctionsPolicy":"https:\/\/talkpal.ai\/corrections-policy\/","ethicsPolicy":"https:\/\/talkpal.ai\/ethics-policy\/","diversityPolicy":"https:\/\/talkpal.ai\/diversity-policy\/","diversityStaffingReport":"https:\/\/talkpal.ai\/diversity-policy\/"}]}},"_links":{"self":[{"href":"https:\/\/talkpal.ai\/ga\/wp-json\/wp\/v2\/pages\/1444069","targetHints":{"allow":["GET"]}}],"collection":[{"href":"https:\/\/talkpal.ai\/ga\/wp-json\/wp\/v2\/pages"}],"about":[{"href":"https:\/\/talkpal.ai\/ga\/wp-json\/wp\/v2\/types\/page"}],"author":[{"embeddable":true,"href":"https:\/\/talkpal.ai\/ga\/wp-json\/wp\/v2\/users\/1"}],"replies":[{"embeddable":true,"href":"https:\/\/talkpal.ai\/ga\/wp-json\/wp\/v2\/comments?post=1444069"}],"version-history":[{"count":0,"href":"https:\/\/talkpal.ai\/ga\/wp-json\/wp\/v2\/pages\/1444069\/revisions"}],"wp:featuredmedia":[{"embeddable":true,"href":"https:\/\/talkpal.ai\/ga\/wp-json\/wp\/v2\/media\/1444071"}],"wp:attachment":[{"href":"https:\/\/talkpal.ai\/ga\/wp-json\/wp\/v2\/media?parent=1444069"}],"curies":[{"name":"wp","href":"https:\/\/api.w.org\/{rel}","templated":true}]}}