{"id":1444067,"date":"2023-05-14T14:01:53","date_gmt":"2023-05-14T14:01:53","guid":{"rendered":"https:\/\/talkpal.ai\/gramadach-na-heastoine\/"},"modified":"2025-12-13T15:31:19","modified_gmt":"2025-12-13T15:31:19","slug":"gramadach-na-heastoine","status":"publish","type":"page","link":"https:\/\/talkpal.ai\/ga\/gramadach-na-heastoine\/","title":{"rendered":"Gramadach na hEast\u00f3ine"},"content":{"rendered":"\r\n\r\n\r\n<section class=\"languageChallengeSection\">\r\n    <div class=\"languageInfoWrapper\">\r\n        \r\n        <h1>Gramadach na hEast\u00f3ine<\/h1>\r\n        <p>Ag smaoineamh ar <a href=\"https:\/\/talkpal.ai\/learn-estonian\/\">East\u00f3inis<\/a> a fhoghlaim? T\u00e9igh isteach i saol na gramada\u00ed East\u00f3inise, \u00e1it a gcrutha\u00edonn agglutination, comhchuibheas guta, agus r\u00e9imse leathan c\u00e1sanna ainmfhocail eisp\u00e9ireas teanga f\u00edor-shaini\u00fail. Tosaigh ag ini\u00fachadh inniu &#8211; n\u00ed hamh\u00e1in go gcuirfidh m\u00e1istreacht ar ghramadach na hEast\u00f3ine le do l\u00edofacht ach ceangl\u00f3idh s\u00e9 t\u00fa le cult\u00far agus stair shaibhir na hEast\u00f3ine!<\/p>\r\n\r\n                            <a class=\"getStartedHidden\" href=\"https:\/\/app.talkpal.ai\/signup?lng=\">Tosaigh<\/a>\r\n        \r\n    <\/div>\r\n\r\n    <figure>\r\n    <img decoding=\"async\" width=\"768\" height=\"768\" src=\"https:\/\/talkpal.ai\/wp-content\/uploads\/2023\/06\/Estonian-768x768.png\" class=\"languageImage no-lazy\" alt=\"Secret tricks of language learning\" fetchpriority=\"high\" sizes=\"(max-width: 768px) 150px, 768px\" srcset=\"https:\/\/talkpal.ai\/wp-content\/uploads\/2023\/06\/Estonian-768x768.png 768w, https:\/\/talkpal.ai\/wp-content\/uploads\/2023\/06\/Estonian-300x300.png 300w\" \/>\r\n    \r\n\r\n    <\/figure>\r\n\r\n            <a class=\"getStartedVisible\" href=\"https:\/\/app.talkpal.ai\/signup?lng=\">Tosaigh<\/a>\r\n    \r\n<\/section>\r\n<section class=\"promotionalBanner\">\r\n    <p class=\"promotionalText\">An bealach is \u00e9ifeachta\u00ed le teanga a fhoghlaim<\/p>\r\n    <a class=\"promotionalLink\" href=\"https:\/\/app.talkpal.ai\/signup?lng=\">Bain triail as Talkpal saor in aisce<\/a>\r\n<\/section>\n<div class=\"wp-block-group pageContainerStyle\"><div class=\"wp-block-group__inner-container is-layout-constrained wp-block-group-is-layout-constrained\">\n<h2 class=\"wp-block-heading\" id=\"h-estonian-grammar-the-gateway-to-a-unique-language-journey\">Gramadach na hEast\u00f3ine: An Tairseach chuig Turas Teanga Uath\u00fail<\/h2>\n\n\n\n<p>F\u00e1ilte go dt\u00ed domhan iontach na hEast\u00f3ine! Le breis agus milli\u00fan cainteoir d\u00fachais, tugann an East\u00f3inis deis uath\u00fail duit do l\u00e9asl\u00ednte teanga a leathn\u00fa agus cult\u00far br\u00edomhar a fh\u00e1il amach. C\u00e9 go bhf\u00e9adfadh intricacies ghramada\u00ed na hEast\u00f3ine a bheith scanr\u00fail ar an gc\u00e9ad amharc, t\u00e1 an treoir chairdi\u00fail seo do thosaitheoir\u00ed anseo chun bun\u00fas ghramada\u00ed na hEast\u00f3ine a bhriseadh s\u00edos ar bhealach simpl\u00ed agus tarraingteach.<\/p>\n\n\n\n<h3 class=\"wp-block-heading\" id=\"h-1-embracing-the-estonian-alphabet\">1. Ag glacadh le haib\u00edtir na hEast\u00f3ine<\/h3>\n\n\n\n<p>Tosa\u00edonn an turas chun m\u00e1istreacht a dh\u00e9anamh ar an East\u00f3inis lena aib\u00edtir. Baineann an East\u00f3inis \u00fas\u00e1id as an script Laidine, arna fhorl\u00edonadh le naoi gcarachtar speisialta: \u00c4, \u00d6, \u00dc, \u00d5, \u0160, \u017d, agus a gcomhghleacaithe c\u00e1il. Cruth\u00f3idh t\u00fa t\u00fa f\u00e9in a <a href=\"https:\/\/talkpal.ai\/locations\/language-courses-in-chur\/\">chur<\/a> i dtaith\u00ed ar na carachtair seo bun\u00fas l\u00e1idir do d&#8217;eisp\u00e9ireas foghlama na hEast\u00f3ine.<\/p>\n\n\n\n<h3 class=\"wp-block-heading\" id=\"h-2-getting-a-grip-on-estonian-nouns\">2. Ag f\u00e1il greim ar ainmfhocail na hEast\u00f3ine<\/h3>\n\n\n\n<p>Murab ionann agus go leor teangacha Eorpacha, n\u00ed dh\u00e9anann an East\u00f3inis idirdheal\u00fa idir inscne firinscneach agus baininscneach. Ina ionad sin, d\u00e9antar ainmfhocail a aicmi\u00fa mar uatha n\u00f3 iolra, agus t\u00e1 14 ch\u00e1s ag gach ainmfhocal. C\u00e9 go bhf\u00e9adfadh s\u00e9 seo a bheith s\u00e1raitheach, t\u00e1 s\u00e9 riachtanach a thuiscint go bhfuil strucht\u00far moirfeola\u00edoch na n-ainmfhocal rialta go leor, rud a fh\u00e1gann go bhfuil s\u00e9 n\u00edos \u00e9asca \u00e9 a fhoghlaim. Chun t\u00fas a chur leis, d\u00edrigh ar na c\u00e1sanna is coitianta a mh\u00e1istir: Nominative, Genitive, and Partitive.<\/p>\n\n\n\n<h3 class=\"wp-block-heading\" id=\"h-3-conquering-estonian-verb-conjugation\">3. Conquering Estonian Verb Conjugation<\/h3>\n\n\n\n<p>D\u00e9antar briathra na hEast\u00f3ine a chomhchuingi\u00fa bunaithe ar aimsir, duine, agus uimhir. N\u00edl ach tr\u00ed aimsir ann: an t-am at\u00e1 inniu ann, an t-am at\u00e1 thart (ionch\u00f3daithe ag an rannph\u00e1irt\u00ed san am at\u00e1 caite), agus an todhcha\u00ed (arna l\u00e9iri\u00fa ag an aimsir l\u00e1ithreach den bhriathar, in \u00e9ineacht le c\u00fanta sa todhcha\u00ed).<\/p>\n\n\n\n<p>Mar shampla, seo conjugations don bhriathar &#8220;lugema&#8221; (le l\u00e9amh):<\/p>\n\n\n\n<p><strong>&#8211; I l\u00e1thair: Ma loen (L\u00e9igh m\u00e9)<\/strong><\/p>\n\n\n\n<p><strong>&#8211; Am at\u00e1 caite: Ma lugesin (L\u00e9igh m\u00e9 \/ L\u00e9igh m\u00e9)<\/strong><\/p>\n\n\n\n<p><strong>&#8211; Todhcha\u00ed: Ma loen raamatuid (L\u00e9ifidh m\u00e9 leabhair)<\/strong><\/p>\n\n\n\n<h3 class=\"wp-block-heading\" id=\"h-4-unraveling-the-mystery-of-estonian-pronouns\">4. R\u00fandiamhair forainmneacha na hEast\u00f3ine a nochtadh<\/h3>\n\n\n\n<p>Feidhm\u00edonn forainmneacha san East\u00f3inis chun ainmfhocail a athshol\u00e1thar agus chun caint a dh\u00e9anamh n\u00edos rian\u00fala agus n\u00edos dinimici\u00fala. D\u00edrigh ar fhoghlaim na bhforainmneacha pearsanta agus sealbhacha:<\/p>\n\n\n\n<p><strong>&#8211; Forainmneacha pearsanta: mina (I), sina (tusa, neamhfhoirmi\u00fail), tema (s\u00e9 \/ s\u00ed), meie (muid), teie (tusa, iolra \/ foirmi\u00fail), nemad (siad)<\/strong><\/p>\n\n\n\n<p><strong>&#8211; Forainmneacha sealbhacha: minu (mo), sinu (do, neamhfhoirmi\u00fail), tema (a chuid \/ \u00ed), meie (\u00e1r), teie (do, iolra \/ foirmi\u00fail), nende (a)<\/strong><\/p>\n\n\n\n<h3 class=\"wp-block-heading\" id=\"h-5-no-articles-no-problem\">5. Gan ailt, gan aon fhadhb!<\/h3>\n\n\n\n<p>N\u00ed \u00fas\u00e1ideann an East\u00f3inis ailt chinnte n\u00f3 \u00e9iginnte, rud a ligeann duit faoiseamh a an\u00e1il. Mar shampla:<\/p>\n\n\n\n<p><strong>&#8211; Koer &#8211; &#8220;madra&#8221; n\u00f3 &#8220;madra&#8221;<\/strong><\/p>\n\n\n\n<p><strong>\u2013 Maja \u2013 &#8220;teach&#8221; n\u00f3 &#8220;teach&#8221;<\/strong><\/p>\n\n\n\n<p>Is pr\u00f3iseas spreag\u00fail agus saibhrithe \u00e9 m\u00e1istreacht a dh\u00e9anamh ar ghramadach na hEast\u00f3ine, a oscla\u00edonn doirse d&#8217;eisp\u00e9ireas cult\u00fartha saibhir. Cuimhnigh go bhfuil cleachtas r\u00edth\u00e1bhachtach, mar sin tumadh t\u00fa f\u00e9in i ngramadach na hEast\u00f3ine, t\u00e9igh i dteagmh\u00e1il le cainteoir\u00ed d\u00fachais, agus t\u00f3g bun\u00fas l\u00e1idir do do thuras teanga. Edu! (\u00c1dh m\u00f3r!)<\/p>\n<\/div><\/div>\n\r\n<section class=\"learnNavigationSection\">\r\n            \r\n        <a href=\"https:\/\/talkpal.ai\/ga\/foghlaim-eastoinis\/\">\r\n            <div class=\"learnNavigationWrapper\">\r\n                <div class=\"learnNavigationContent\">\r\n                    <img decoding=\"async\" src=\"https:\/\/talkpal.ai\/wp-content\/uploads\/2024\/08\/Estonian.jpg\" alt=\"Estonian Flag\">\r\n                    <div>\r\n                        <h4>Maidir le Foghlaim na hEast\u00f3ine<\/h4>\r\n                        <p>Faigh amach gach rud faoi ghramadach na hEast\u00f3ine.<\/p>\r\n                    <\/div>\r\n                <\/div>\r\n            <\/div>\r\n        <\/a>\r\n\r\n        \r\n        <a href=\"https:\/\/talkpal.ai\/ga\/cleachtai-gramadai-na-heastoine\/\">\r\n            <div class=\"learnNavigationWrapper\">\r\n                <div class=\"learnNavigationContent\">\r\n                    <img decoding=\"async\" src=\"https:\/\/talkpal.ai\/wp-content\/uploads\/2024\/08\/Estonian.jpg\" alt=\"Estonian Flag\">\r\n                    <div>\r\n                        <h4>Cleachtadh Gramada\u00ed na hEast\u00f3ine<\/h4>\r\n                        <p>Cleachtadh gramadach na hEast\u00f3ine.<\/p>\r\n                    <\/div>\r\n                <\/div>\r\n            <\/div>\r\n        <\/a>\r\n\r\n        \r\n        <a href=\"https:\/\/talkpal.ai\/vocabulary_language\/estonian\/\">\r\n            <div class=\"learnNavigationWrapper\">\r\n                <div class=\"learnNavigationContent\">\r\n                    <img decoding=\"async\" src=\"https:\/\/talkpal.ai\/wp-content\/uploads\/2024\/08\/Estonian.jpg\" alt=\"Estonian Flag\">\r\n                    <div>\r\n                        <h4>St\u00f3r Focal na hEast\u00f3ine<\/h4>\r\n                        <p>Leathnaigh do st\u00f3r focal East\u00f3inis.<\/p>\r\n                    <\/div>\r\n                <\/div>\r\n            <\/div>\r\n        <\/a>\r\n\r\n            <\/section>","protected":false},"excerpt":{"rendered":"<p>Gramadach na hEast\u00f3ine: An Tairseach chuig Turas Teanga Uath\u00fail F\u00e1ilte go dt\u00ed domhan iontach na hEast\u00f3ine! Le breis agus milli\u00fan cainteoir d\u00fachais, tugann an East\u00f3inis deis uath\u00fail duit do l\u00e9asl\u00ednte teanga a leathn\u00fa agus cult\u00far br\u00edomhar a fh\u00e1il amach. C\u00e9 go bhf\u00e9adfadh intricacies ghramada\u00ed na hEast\u00f3ine a bheith scanr\u00fail ar an gc\u00e9ad amharc, t\u00e1 an [&hellip;]<\/p>\n","protected":false},"author":1,"featured_media":1444070,"parent":0,"menu_order":0,"comment_status":"closed","ping_status":"closed","template":"LearningContentPage.php","meta":{"_acf_changed":false,"footnotes":""},"class_list":["post-1444067","page","type-page","status-publish","has-post-thumbnail","hentry"],"acf":[],"yoast_head":"<!-- This site is optimized with the Yoast SEO Premium plugin v27.2 (Yoast SEO v27.2) - https:\/\/yoast.com\/product\/yoast-seo-premium-wordpress\/ -->\n<title>Gramadach na hEast\u00f3ine - Talkpal<\/title>\n<meta name=\"description\" content=\"D\u00e9an ini\u00fachadh ar choincheapa riachtanacha gramada\u00ed na hEast\u00f3ine, lena n-\u00e1ir\u00edtear c\u00e1sanna, briathra, strucht\u00far abairte, fuaimni\u00fa, agus leideanna.\" \/>\n<meta name=\"robots\" content=\"index, follow, max-snippet:-1, max-image-preview:large, max-video-preview:-1\" \/>\n<link rel=\"canonical\" href=\"https:\/\/talkpal.ai\/ga\/gramadach-na-heastoine\/\" \/>\n<meta property=\"og:locale\" content=\"ga_IE\" \/>\n<meta property=\"og:type\" content=\"article\" \/>\n<meta property=\"og:title\" content=\"Gramadach na hEast\u00f3ine\" \/>\n<meta property=\"og:description\" content=\"Gramadach na hEast\u00f3ine: An Tairseach chuig Turas Teanga Uath\u00fail F\u00e1ilte go dt\u00ed domhan iontach na hEast\u00f3ine! Le breis agus milli\u00fan cainteoir d\u00fachais, tugann\" \/>\n<meta property=\"og:url\" content=\"https:\/\/talkpal.ai\/ga\/gramadach-na-heastoine\/\" \/>\n<meta property=\"og:site_name\" content=\"Talkpal\" \/>\n<meta property=\"article:publisher\" content=\"https:\/\/www.facebook.com\/profile.php?id=100090733639311\" \/>\n<meta property=\"article:modified_time\" content=\"2025-12-13T15:31:19+00:00\" \/>\n<meta property=\"og:image\" content=\"https:\/\/talkpal.ai\/wp-content\/uploads\/2023\/05\/estonia.png\" \/>\n\t<meta property=\"og:image:width\" content=\"512\" \/>\n\t<meta property=\"og:image:height\" content=\"512\" \/>\n\t<meta property=\"og:image:type\" content=\"image\/png\" \/>\n<meta name=\"twitter:card\" content=\"summary_large_image\" \/>\n<meta name=\"twitter:site\" content=\"@talkpalai\" \/>\n<meta name=\"twitter:label1\" content=\"Est. reading time\" \/>\n\t<meta name=\"twitter:data1\" content=\"3 minutes\" \/>\n<script type=\"application\/ld+json\" class=\"yoast-schema-graph\">{\"@context\":\"https:\/\/schema.org\",\"@graph\":[{\"@type\":\"WebPage\",\"@id\":\"https:\/\/talkpal.ai\/ga\/gramadach-na-heastoine\/\",\"url\":\"https:\/\/talkpal.ai\/ga\/gramadach-na-heastoine\/\",\"name\":\"Gramadach na hEast\u00f3ine - Talkpal\",\"isPartOf\":{\"@id\":\"https:\/\/talkpal.ai\/ga\/#website\"},\"primaryImageOfPage\":{\"@id\":\"https:\/\/talkpal.ai\/ga\/gramadach-na-heastoine\/#primaryimage\"},\"image\":{\"@id\":\"https:\/\/talkpal.ai\/ga\/gramadach-na-heastoine\/#primaryimage\"},\"thumbnailUrl\":\"https:\/\/talkpal.ai\/wp-content\/uploads\/2023\/05\/estonia.png\",\"datePublished\":\"2023-05-14T14:01:53+00:00\",\"dateModified\":\"2025-12-13T15:31:19+00:00\",\"description\":\"D\u00e9an ini\u00fachadh ar choincheapa riachtanacha gramada\u00ed na hEast\u00f3ine, lena n-\u00e1ir\u00edtear c\u00e1sanna, briathra, strucht\u00far abairte, fuaimni\u00fa, agus leideanna.\",\"breadcrumb\":{\"@id\":\"https:\/\/talkpal.ai\/ga\/gramadach-na-heastoine\/#breadcrumb\"},\"inLanguage\":\"ga-IE\",\"potentialAction\":[{\"@type\":\"ReadAction\",\"target\":[\"https:\/\/talkpal.ai\/ga\/gramadach-na-heastoine\/\"]}]},{\"@type\":\"ImageObject\",\"inLanguage\":\"ga-IE\",\"@id\":\"https:\/\/talkpal.ai\/ga\/gramadach-na-heastoine\/#primaryimage\",\"url\":\"https:\/\/talkpal.ai\/wp-content\/uploads\/2023\/05\/estonia.png\",\"contentUrl\":\"https:\/\/talkpal.ai\/wp-content\/uploads\/2023\/05\/estonia.png\",\"width\":512,\"height\":512,\"caption\":\"TalkPal Estonia Flag\"},{\"@type\":\"BreadcrumbList\",\"@id\":\"https:\/\/talkpal.ai\/ga\/gramadach-na-heastoine\/#breadcrumb\",\"itemListElement\":[{\"@type\":\"ListItem\",\"position\":1,\"name\":\"Homepage\",\"item\":\"https:\/\/talkpal.ai\/ga\/\"},{\"@type\":\"ListItem\",\"position\":2,\"name\":\"Gramadach na hEast\u00f3ine\"}]},{\"@type\":\"WebSite\",\"@id\":\"https:\/\/talkpal.ai\/ga\/#website\",\"url\":\"https:\/\/talkpal.ai\/ga\/\",\"name\":\"Talkpal\",\"description\":\"AI Language Learning\",\"publisher\":{\"@id\":\"https:\/\/talkpal.ai\/ga\/#organization\"},\"alternateName\":\"Talkpal AI\",\"potentialAction\":[{\"@type\":\"SearchAction\",\"target\":{\"@type\":\"EntryPoint\",\"urlTemplate\":\"https:\/\/talkpal.ai\/ga\/?s={search_term_string}\"},\"query-input\":{\"@type\":\"PropertyValueSpecification\",\"valueRequired\":true,\"valueName\":\"search_term_string\"}}],\"inLanguage\":\"ga-IE\"},{\"@type\":\"Organization\",\"@id\":\"https:\/\/talkpal.ai\/ga\/#organization\",\"name\":\"Talkpal, Inc.\",\"alternateName\":\"Talkpal AI\",\"url\":\"https:\/\/talkpal.ai\/ga\/\",\"logo\":{\"@type\":\"ImageObject\",\"inLanguage\":\"ga-IE\",\"@id\":\"https:\/\/talkpal.ai\/ga\/#\/schema\/logo\/image\/\",\"url\":\"https:\/\/talkpal.ai\/wp-content\/uploads\/2024\/03\/Talkpal-Logo-Icon.png\",\"contentUrl\":\"https:\/\/talkpal.ai\/wp-content\/uploads\/2024\/03\/Talkpal-Logo-Icon.png\",\"width\":2880,\"height\":2880,\"caption\":\"Talkpal, Inc.\"},\"image\":{\"@id\":\"https:\/\/talkpal.ai\/ga\/#\/schema\/logo\/image\/\"},\"sameAs\":[\"https:\/\/www.facebook.com\/profile.php?id=100090733639311\",\"https:\/\/x.com\/talkpalai\",\"https:\/\/www.linkedin.com\/company\/talkpal\/\",\"https:\/\/www.youtube.com\/@TalkPal\/\",\"https:\/\/www.tiktok.com\/@talkpal\",\"https:\/\/www.instagram.com\/talkpal_ai\/\",\"https:\/\/www.crunchbase.com\/organization\/talkpal-9cde\",\"https:\/\/www.g2.com\/products\/talkpal-for-business\/\",\"https:\/\/www.trustpilot.com\/review\/talkpal.ai\",\"https:\/\/www.capterra.com\/p\/10006800\/TalkPal\/\"],\"description\":\"Talkpal is a language learning web and mobile education app, powered by the latest AI technologies, that provides engaging experiences to its customers in many different languages to help them improve their language skills. Users can chat about unlimited amount of topics with the app and use other modes to practice their language learning.\",\"email\":\"support@talkpal.ai\",\"legalName\":\"Talkpal, Inc.\",\"foundingDate\":\"2023-04-03\",\"duns\":\"118989042\",\"numberOfEmployees\":{\"@type\":\"QuantitativeValue\",\"minValue\":\"11\",\"maxValue\":\"50\"},\"publishingPrinciples\":\"https:\/\/talkpal.ai\/publishing-principles\/\",\"actionableFeedbackPolicy\":\"https:\/\/talkpal.ai\/actionable-feedback-policy\/\",\"correctionsPolicy\":\"https:\/\/talkpal.ai\/corrections-policy\/\",\"ethicsPolicy\":\"https:\/\/talkpal.ai\/ethics-policy\/\",\"diversityPolicy\":\"https:\/\/talkpal.ai\/diversity-policy\/\",\"diversityStaffingReport\":\"https:\/\/talkpal.ai\/diversity-policy\/\"}]}<\/script>\n<!-- \/ Yoast SEO Premium plugin. -->","yoast_head_json":{"title":"Gramadach na hEast\u00f3ine - Talkpal","description":"D\u00e9an ini\u00fachadh ar choincheapa riachtanacha gramada\u00ed na hEast\u00f3ine, lena n-\u00e1ir\u00edtear c\u00e1sanna, briathra, strucht\u00far abairte, fuaimni\u00fa, agus leideanna.","robots":{"index":"index","follow":"follow","max-snippet":"max-snippet:-1","max-image-preview":"max-image-preview:large","max-video-preview":"max-video-preview:-1"},"canonical":"https:\/\/talkpal.ai\/ga\/gramadach-na-heastoine\/","og_locale":"ga_IE","og_type":"article","og_title":"Gramadach na hEast\u00f3ine","og_description":"Gramadach na hEast\u00f3ine: An Tairseach chuig Turas Teanga Uath\u00fail F\u00e1ilte go dt\u00ed domhan iontach na hEast\u00f3ine! Le breis agus milli\u00fan cainteoir d\u00fachais, tugann","og_url":"https:\/\/talkpal.ai\/ga\/gramadach-na-heastoine\/","og_site_name":"Talkpal","article_publisher":"https:\/\/www.facebook.com\/profile.php?id=100090733639311","article_modified_time":"2025-12-13T15:31:19+00:00","og_image":[{"width":512,"height":512,"url":"https:\/\/talkpal.ai\/wp-content\/uploads\/2023\/05\/estonia.png","type":"image\/png"}],"twitter_card":"summary_large_image","twitter_site":"@talkpalai","twitter_misc":{"Est. reading time":"3 minutes"},"schema":{"@context":"https:\/\/schema.org","@graph":[{"@type":"WebPage","@id":"https:\/\/talkpal.ai\/ga\/gramadach-na-heastoine\/","url":"https:\/\/talkpal.ai\/ga\/gramadach-na-heastoine\/","name":"Gramadach na hEast\u00f3ine - Talkpal","isPartOf":{"@id":"https:\/\/talkpal.ai\/ga\/#website"},"primaryImageOfPage":{"@id":"https:\/\/talkpal.ai\/ga\/gramadach-na-heastoine\/#primaryimage"},"image":{"@id":"https:\/\/talkpal.ai\/ga\/gramadach-na-heastoine\/#primaryimage"},"thumbnailUrl":"https:\/\/talkpal.ai\/wp-content\/uploads\/2023\/05\/estonia.png","datePublished":"2023-05-14T14:01:53+00:00","dateModified":"2025-12-13T15:31:19+00:00","description":"D\u00e9an ini\u00fachadh ar choincheapa riachtanacha gramada\u00ed na hEast\u00f3ine, lena n-\u00e1ir\u00edtear c\u00e1sanna, briathra, strucht\u00far abairte, fuaimni\u00fa, agus leideanna.","breadcrumb":{"@id":"https:\/\/talkpal.ai\/ga\/gramadach-na-heastoine\/#breadcrumb"},"inLanguage":"ga-IE","potentialAction":[{"@type":"ReadAction","target":["https:\/\/talkpal.ai\/ga\/gramadach-na-heastoine\/"]}]},{"@type":"ImageObject","inLanguage":"ga-IE","@id":"https:\/\/talkpal.ai\/ga\/gramadach-na-heastoine\/#primaryimage","url":"https:\/\/talkpal.ai\/wp-content\/uploads\/2023\/05\/estonia.png","contentUrl":"https:\/\/talkpal.ai\/wp-content\/uploads\/2023\/05\/estonia.png","width":512,"height":512,"caption":"TalkPal Estonia Flag"},{"@type":"BreadcrumbList","@id":"https:\/\/talkpal.ai\/ga\/gramadach-na-heastoine\/#breadcrumb","itemListElement":[{"@type":"ListItem","position":1,"name":"Homepage","item":"https:\/\/talkpal.ai\/ga\/"},{"@type":"ListItem","position":2,"name":"Gramadach na hEast\u00f3ine"}]},{"@type":"WebSite","@id":"https:\/\/talkpal.ai\/ga\/#website","url":"https:\/\/talkpal.ai\/ga\/","name":"Talkpal","description":"AI Language Learning","publisher":{"@id":"https:\/\/talkpal.ai\/ga\/#organization"},"alternateName":"Talkpal AI","potentialAction":[{"@type":"SearchAction","target":{"@type":"EntryPoint","urlTemplate":"https:\/\/talkpal.ai\/ga\/?s={search_term_string}"},"query-input":{"@type":"PropertyValueSpecification","valueRequired":true,"valueName":"search_term_string"}}],"inLanguage":"ga-IE"},{"@type":"Organization","@id":"https:\/\/talkpal.ai\/ga\/#organization","name":"Talkpal, Inc.","alternateName":"Talkpal AI","url":"https:\/\/talkpal.ai\/ga\/","logo":{"@type":"ImageObject","inLanguage":"ga-IE","@id":"https:\/\/talkpal.ai\/ga\/#\/schema\/logo\/image\/","url":"https:\/\/talkpal.ai\/wp-content\/uploads\/2024\/03\/Talkpal-Logo-Icon.png","contentUrl":"https:\/\/talkpal.ai\/wp-content\/uploads\/2024\/03\/Talkpal-Logo-Icon.png","width":2880,"height":2880,"caption":"Talkpal, Inc."},"image":{"@id":"https:\/\/talkpal.ai\/ga\/#\/schema\/logo\/image\/"},"sameAs":["https:\/\/www.facebook.com\/profile.php?id=100090733639311","https:\/\/x.com\/talkpalai","https:\/\/www.linkedin.com\/company\/talkpal\/","https:\/\/www.youtube.com\/@TalkPal\/","https:\/\/www.tiktok.com\/@talkpal","https:\/\/www.instagram.com\/talkpal_ai\/","https:\/\/www.crunchbase.com\/organization\/talkpal-9cde","https:\/\/www.g2.com\/products\/talkpal-for-business\/","https:\/\/www.trustpilot.com\/review\/talkpal.ai","https:\/\/www.capterra.com\/p\/10006800\/TalkPal\/"],"description":"Talkpal is a language learning web and mobile education app, powered by the latest AI technologies, that provides engaging experiences to its customers in many different languages to help them improve their language skills. Users can chat about unlimited amount of topics with the app and use other modes to practice their language learning.","email":"support@talkpal.ai","legalName":"Talkpal, Inc.","foundingDate":"2023-04-03","duns":"118989042","numberOfEmployees":{"@type":"QuantitativeValue","minValue":"11","maxValue":"50"},"publishingPrinciples":"https:\/\/talkpal.ai\/publishing-principles\/","actionableFeedbackPolicy":"https:\/\/talkpal.ai\/actionable-feedback-policy\/","correctionsPolicy":"https:\/\/talkpal.ai\/corrections-policy\/","ethicsPolicy":"https:\/\/talkpal.ai\/ethics-policy\/","diversityPolicy":"https:\/\/talkpal.ai\/diversity-policy\/","diversityStaffingReport":"https:\/\/talkpal.ai\/diversity-policy\/"}]}},"_links":{"self":[{"href":"https:\/\/talkpal.ai\/ga\/wp-json\/wp\/v2\/pages\/1444067","targetHints":{"allow":["GET"]}}],"collection":[{"href":"https:\/\/talkpal.ai\/ga\/wp-json\/wp\/v2\/pages"}],"about":[{"href":"https:\/\/talkpal.ai\/ga\/wp-json\/wp\/v2\/types\/page"}],"author":[{"embeddable":true,"href":"https:\/\/talkpal.ai\/ga\/wp-json\/wp\/v2\/users\/1"}],"replies":[{"embeddable":true,"href":"https:\/\/talkpal.ai\/ga\/wp-json\/wp\/v2\/comments?post=1444067"}],"version-history":[{"count":0,"href":"https:\/\/talkpal.ai\/ga\/wp-json\/wp\/v2\/pages\/1444067\/revisions"}],"wp:featuredmedia":[{"embeddable":true,"href":"https:\/\/talkpal.ai\/ga\/wp-json\/wp\/v2\/media\/1444070"}],"wp:attachment":[{"href":"https:\/\/talkpal.ai\/ga\/wp-json\/wp\/v2\/media?parent=1444067"}],"curies":[{"name":"wp","href":"https:\/\/api.w.org\/{rel}","templated":true}]}}