{"id":1444063,"date":"2023-05-14T14:01:16","date_gmt":"2023-05-14T14:01:16","guid":{"rendered":"https:\/\/talkpal.ai\/gramadach-na-croite\/"},"modified":"2025-12-11T16:40:36","modified_gmt":"2025-12-11T16:40:36","slug":"gramadach-na-croite","status":"publish","type":"page","link":"https:\/\/talkpal.ai\/ga\/gramadach-na-croite\/","title":{"rendered":"Gramadach na Cr\u00f3ite"},"content":{"rendered":"\r\n\r\n\r\n<section class=\"languageChallengeSection\">\r\n    <div class=\"languageInfoWrapper\">\r\n        \r\n        <h1>Gramadach na Cr\u00f3ite<\/h1>\r\n        <p>Faigh amach strucht\u00far suimi\u00fail na Cr\u00f3itice tr\u00ed a rialacha gramada\u00ed riachtanacha a fhoghlaim. M\u00e1 dh\u00e9antar m\u00e1istreacht ar ghramadach na Cr\u00f3itise, oscl\u00f3far deiseanna <a href=\"https:\/\/talkpal.ai\/talkpal-new-years-discount\/\">nua<\/a> cumars\u00e1ide agus cabhr\u00f3idh s\u00e9 leat taith\u00ed n\u00edos fearr a fh\u00e1il ar chult\u00far agus ar oidhreacht na t\u00edre. Tosaigh ag foghlaim <a href=\"https:\/\/talkpal.ai\/ga\/cleachtai-gramadai-na-hisiltire\/\">gramada\u00ed na<\/a> Cr\u00f3ite inniu agus glac do ch\u00e9ad ch\u00e9im i dtreo l\u00edofacht!<\/p>\r\n\r\n                            <a class=\"getStartedHidden\" href=\"https:\/\/app.talkpal.ai\/signup?lng=\">Tosaigh<\/a>\r\n        \r\n    <\/div>\r\n\r\n    <figure>\r\n    <img decoding=\"async\" width=\"768\" height=\"768\" src=\"https:\/\/talkpal.ai\/wp-content\/uploads\/2023\/06\/croatian-768x768.png\" class=\"languageImage no-lazy\" alt=\"Language learning for successful interaction\" fetchpriority=\"high\" sizes=\"(max-width: 768px) 150px, 768px\" srcset=\"https:\/\/talkpal.ai\/wp-content\/uploads\/2023\/06\/croatian-768x768.png 768w, https:\/\/talkpal.ai\/wp-content\/uploads\/2023\/06\/croatian-300x300.png 300w\" \/>\r\n    \r\n\r\n    <\/figure>\r\n\r\n            <a class=\"getStartedVisible\" href=\"https:\/\/app.talkpal.ai\/signup?lng=\">Tosaigh<\/a>\r\n    \r\n<\/section>\r\n<section class=\"promotionalBanner\">\r\n    <p class=\"promotionalText\">An bealach is \u00e9ifeachta\u00ed le teanga a fhoghlaim<\/p>\r\n    <a class=\"promotionalLink\" href=\"https:\/\/app.talkpal.ai\/signup?lng=\">Bain triail as Talkpal saor in aisce<\/a>\r\n<\/section>\n<div class=\"wp-block-group pageContainerStyle\"><div class=\"wp-block-group__inner-container is-layout-constrained wp-block-group-is-layout-constrained\">\n<h2 class=\"wp-block-heading\" id=\"h-a-journey-through-croatian-grammar-unraveling-the-complexities-made-easy\">Turas tr\u00ed ghramadach na Cr\u00f3ite: Unraveling the Complexities Made Easy<\/h2>\n\n\n\n<p><a href=\"https:\/\/talkpal.ai\/grammar\/\">Gramadach<\/a> na Cr\u00f3ite: mealltach agus imeaglaithe, simpl\u00ed agus intricate, mist\u00e9ireach agus suimi\u00fail. Agus t\u00fa ag tabhairt faoin turas chun an teanga Chr\u00f3itis a fhoghlaim, b&#8217;fh\u00e9idir go mbraitheann t\u00fa s\u00e1raithe ag an smaoineamh ar a castachta\u00ed gramada\u00ed a thuiscint. Ach n\u00e1 b\u00edodh eagla ort, a theangeola\u00ed intrepid, mar t\u00e1imid anseo chun t\u00fa a threor\u00fa gach c\u00e9im den bhealach!<\/p>\n\n\n\n<p>San alt seo, cuirfimid tuiscint bhun\u00fasach ar choincheapa gramada\u00ed na Cr\u00f3ite ar f\u00e1il agus cuirfimid leideanna agus cleasanna ar f\u00e1il chun m\u00e1istreacht a dh\u00e9anamh ar an teanga \u00e1lainn Slavach seo. Just sit back, relax, and let us simplify this seems complicated affair!<\/p>\n\n\n\n<h3 class=\"wp-block-heading\" id=\"h-1-heavenly-nouns-declining-in-style\">1. Ainmfhocail Heavenly: Ag Di\u00falt\u00fa i St\u00edl<\/h3>\n\n\n\n<p>M\u00e1 t\u00e1 t\u00fa eolach ar theangacha cos\u00fail leis an Laidin n\u00f3 an Ghearm\u00e1inis, n\u00ed bheidh coincheap an t-ainmfhocal nua duit. T\u00e1 <a href=\"https:\/\/talkpal.ai\/grammar\/\">gramadach<\/a> na Cr\u00f3ite t\u00f3gtha ar bhun\u00fas d\u00edochlaonna, le seacht gc\u00e1s san ioml\u00e1n. Sea, chuala t\u00fa \u00e9 sin ceart! Is f\u00e9idir le gach ainmfhocal sa Chr\u00f3itis suas le seacht bhfoirm \u00e9ags\u00fala a bheith aige, ag brath ar a r\u00f3l san abairt. Ach c\u00e9n f\u00e1th an fuss, a fhiafra\u00edonn t\u00fa? Bhuel, laghda\u00edonn s\u00e9 an g\u00e1 le r\u00e9amhfhocail, rud a fh\u00e1gann go bhfuil an teanga n\u00edos cruinne.  <\/p>\n\n\n\n<p>Seo rabhadh tapa de na c\u00e1sanna:<\/p>\n\n\n\n<p><strong>&#8211; Ainmneach:<\/strong> \u00c1bhar pianbhreithe<\/p>\n\n\n\n<p><strong>&#8211; Ginideach:<\/strong> L\u00e9ir\u00edonn s\u00e9 seilbh n\u00f3 tionscnamh<\/p>\n\n\n\n<p><strong>&#8211; D\u00fachasach:<\/strong> An r\u00e9ad n\u00f3 an ceann scr\u00edbe ind\u00edreach<\/p>\n\n\n\n<p><strong>&#8211; C\u00faisitheach:<\/strong> An r\u00e9ad n\u00f3 an sprioc dh\u00edreach<\/p>\n\n\n\n<p><strong>&#8211; Vocative:<\/strong> \u00das\u00e1idtear \u00e9 chun aitheasc a thabhairt do dhuine n\u00f3 chun glaoch a <a href=\"https:\/\/talkpal.ai\/locations\/language-courses-in-chur\/\">chur<\/a> ar dhuine<\/p>\n\n\n\n<p><strong>&#8211; Locative:<\/strong> L\u00e9ir\u00edonn s\u00e9 an su\u00edomh<\/p>\n\n\n\n<p><strong>&#8211; Uirlise:<\/strong> D\u00e9anann s\u00e9 cur s\u00edos ar mhodhan, ar bhealach, n\u00f3 ar thionlacan<\/p>\n\n\n\n<p>Anois, sula dtosa\u00edonn t\u00fa ag scaoll, cuimhnigh go nd\u00e9anann cleachtas foirfe. Cuideoidh nochtadh agus \u00fas\u00e1id rialta na teanga leat na claonadh seo a mh\u00e1istir de r\u00e9ir a ch\u00e9ile agus a bheith i do whiz gramada\u00ed <a href=\"https:\/\/talkpal.ai\/learn-croatian\/\">Cr\u00f3itis<\/a>!<\/p>\n\n\n\n<h3 class=\"wp-block-heading\" id=\"h-2-adorable-adjectives-agreements-galore\">2. Aidiachta\u00ed Adorable: Comhaontuithe Galore<\/h3>\n\n\n\n<p>I saol na gramada\u00ed Cr\u00f3itise, is maith le haidiachta\u00ed a bheith taitneamhach. Athra\u00edonn siad de r\u00e9ir inscne, uimhir, agus c\u00e1s an ainmfhocail a mhodhna\u00edonn siad. Cialla\u00edonn s\u00e9 seo go gcaithfidh t\u00fa foirm an aidiachta a choigeart\u00fa ag brath ar cib\u00e9 an bhfuil an t-ainmfhocal firinscneach, baininscneach, n\u00f3 neuter, chomh maith le cib\u00e9 an bhfuil s\u00e9 uatha n\u00f3 iolra.<\/p>\n\n\n\n<p>Ag streachailt le comhaont\u00fa? Seo leid bheag: d\u00edrigh ar fhr\u00e9amh aidiachta a fhoghlaim, agus titfidh an chuid eile ina \u00e1it. Mar shampla, is \u00e9 &#8220;lijep-&#8221; an aidiacht fr\u00e9imhe le haghaidh &#8220;\u00e1lainn,&#8221; agus is f\u00e9idir leat foirmeacha cos\u00fail le &#8220;lijepa&#8221; (baininscneach, ainmneach) n\u00f3 &#8220;lijepim&#8221; (firinscneach \/ neuter, uirlise) a chruth\u00fa ag baint \u00fas\u00e1ide as foircinn \u00e9ags\u00fala.<\/p>\n\n\n\n<h3 class=\"wp-block-heading\" id=\"h-3-vibrant-verbs-conjugating-to-perfection\">3. Briathra Beoga: Conjugating to Perfection<\/h3>\n\n\n\n<p>An bhfuil t\u00fa ag tos\u00fa ag feice\u00e1il patr\u00fan anseo? D\u00edreach cos\u00fail le hainmfhocail agus aidiachta\u00ed, t\u00e1 briathra Cr\u00f3itis l\u00e1n d&#8217;\u00e9ags\u00falachta\u00ed freisin. Sa teanga seo, d\u00e9antar briathra a chomhchuingi\u00fa bunaithe ar aimsir, gi\u00famar, gn\u00e9, duine, agus uimhir.<\/p>\n\n\n\n<p>T\u00e1 tr\u00ed phr\u00edomhaimsir sa Chr\u00f3itis: an t-am at\u00e1 caite, an l\u00e1 at\u00e1 inniu ann agus an todhcha\u00ed. C\u00e9 go bhf\u00e9adfadh an aimsir l\u00e1ithreach a bheith r\u00e9as\u00fanta \u00e9asca a thuiscint, is f\u00e9idir leis an aimsir chaite agus an todhcha\u00ed a bheith intricate. Ach n\u00e1 b\u00edodh imn\u00ed ort! Cabhr\u00f3idh cleachtadh agus nochtadh don teanga leat na constaic\u00ed seo a sh\u00e1r\u00fa in am ar bith.<\/p>\n\n\n\n<h3 class=\"wp-block-heading\" id=\"h-4-prepositions-cases-dynamic-duo\">4. Prepositions + C\u00e1sanna = Duo Dinimici\u00fail!<\/h3>\n\n\n\n<p>Is f\u00e9idir le r\u00e9amhfhocail na Cr\u00f3ite a bheith beag\u00e1in\u00edn deacair, mar go bhfuil dl\u00fathbhaint acu leis na c\u00e1sanna ainmfhocail. Mar shampla, \u00fas\u00e1idtear an r\u00e9amhfhocal &#8220;u&#8221; (in, into) leis an gc\u00e1s c\u00faiseach m\u00e1 l\u00e9ir\u00edonn s\u00e9 gluaiseacht n\u00f3 treo, ach m\u00e1 l\u00e9ir\u00edonn s\u00e9 su\u00edomh, ansin oibr\u00edonn s\u00e9 leis an gc\u00e1s locative.<\/p>\n\n\n\n<p>Chun mearbhall a sheachaint, comhcheangail r\u00e9amhfhocal leis an gc\u00e1s a theasta\u00edonn uaidh. Mar shampla, cuimhnigh &#8220;u + locative = in&#8221; agus &#8220;u + accusative = into.&#8221;<\/p>\n\n\n\n<h3 class=\"wp-block-heading\" id=\"h-5-tame-the-complexities-practice-makes-perfect\">5. Tame na Castachta\u00ed: D\u00e9anann Cleachtas Foirfe<\/h3>\n\n\n\n<p>Ar an gc\u00e9ad amharc, d&#8217;fh\u00e9adfadh gramadach na Cr\u00f3ite a bheith cos\u00fail le labyrinth, ach coinnigh i gcuimhne gurb \u00e9 an cleachtas an comh\u00e1bhar r\u00fanda le haghaidh rath. Tumadh t\u00fa f\u00e9in sa teanga tr\u00ed l\u00e9amh, scr\u00edobh, \u00e9isteacht agus comhr\u00e1. Iompaigh d\u00fashl\u00e1in ina mbuanna tr\u00ed ligean d&#8217;inchinn a ions\u00fa agus dul in oiri\u00faint don timpeallacht nua teanga.<\/p>\n\n\n\n<p>Mar sin, anois go bhfuil do bharraic\u00edn\u00ed tumtha agat in uisc\u00ed dra\u00edocht\u00fala ghramada\u00ed na Cr\u00f3ite, an bhfuil t\u00fa r\u00e9idh le tumadh n\u00edos doimhne? Glac leis na castachta\u00ed, taitneamh a bhaint as na nuances, agus cuimhnigh gur f\u00e9idir leat f\u00edor-\u00e1illeacht na teanga Cr\u00f3itis a dh\u00edghlas\u00e1il le buanseasmhacht agus paisean. Sretno! (\u00c1dh m\u00f3r!)<\/p>\n<\/div><\/div>\n\r\n<section class=\"learnNavigationSection\">\r\n            \r\n        <a href=\"https:\/\/talkpal.ai\/ga\/foghlaim-croitis\/\">\r\n            <div class=\"learnNavigationWrapper\">\r\n                <div class=\"learnNavigationContent\">\r\n                    <img decoding=\"async\" src=\"https:\/\/talkpal.ai\/wp-content\/uploads\/2024\/08\/Croatian.jpg\" alt=\"Croatian Flag\">\r\n                    <div>\r\n                        <h4>Maidir le Foghlaim na Cr\u00f3ite<\/h4>\r\n                        <p>Faigh amach gach rud faoi ghramadach na Cr\u00f3itise.<\/p>\r\n                    <\/div>\r\n                <\/div>\r\n            <\/div>\r\n        <\/a>\r\n\r\n        \r\n        <a href=\"https:\/\/talkpal.ai\/ga\/cleachtai-gramadai-na-croite\/\">\r\n            <div class=\"learnNavigationWrapper\">\r\n                <div class=\"learnNavigationContent\">\r\n                    <img decoding=\"async\" src=\"https:\/\/talkpal.ai\/wp-content\/uploads\/2024\/08\/Croatian.jpg\" alt=\"Croatian Flag\">\r\n                    <div>\r\n                        <h4>Cleachtadh Gramada\u00ed Cr\u00f3itis<\/h4>\r\n                        <p>Cleachtadh gramadach na Cr\u00f3itise.<\/p>\r\n                    <\/div>\r\n                <\/div>\r\n            <\/div>\r\n        <\/a>\r\n\r\n        \r\n        <a href=\"https:\/\/talkpal.ai\/vocabulary_language\/croatian\/\">\r\n            <div class=\"learnNavigationWrapper\">\r\n                <div class=\"learnNavigationContent\">\r\n                    <img decoding=\"async\" src=\"https:\/\/talkpal.ai\/wp-content\/uploads\/2024\/08\/Croatian.jpg\" alt=\"Croatian Flag\">\r\n                    <div>\r\n                        <h4>St\u00f3r Focal Cr\u00f3itis<\/h4>\r\n                        <p>Leathnaigh do st\u00f3r focal Cr\u00f3itis.<\/p>\r\n                    <\/div>\r\n                <\/div>\r\n            <\/div>\r\n        <\/a>\r\n\r\n            <\/section>","protected":false},"excerpt":{"rendered":"<p>Turas tr\u00ed ghramadach na Cr\u00f3ite: Unraveling the Complexities Made Easy Gramadach na Cr\u00f3ite: mealltach agus imeaglaithe, simpl\u00ed agus intricate, mist\u00e9ireach agus suimi\u00fail. Agus t\u00fa ag tabhairt faoin turas chun an teanga Chr\u00f3itis a fhoghlaim, b&#8217;fh\u00e9idir go mbraitheann t\u00fa s\u00e1raithe ag an smaoineamh ar a castachta\u00ed gramada\u00ed a thuiscint. Ach n\u00e1 b\u00edodh eagla ort, a theangeola\u00ed [&hellip;]<\/p>\n","protected":false},"author":1,"featured_media":1444064,"parent":0,"menu_order":0,"comment_status":"closed","ping_status":"closed","template":"LearningContentPage.php","meta":{"_acf_changed":false,"footnotes":""},"class_list":["post-1444063","page","type-page","status-publish","has-post-thumbnail","hentry"],"acf":[],"yoast_head":"<!-- This site is optimized with the Yoast SEO Premium plugin v27.2 (Yoast SEO v27.2) - https:\/\/yoast.com\/product\/yoast-seo-premium-wordpress\/ -->\n<title>Gramadach na Cr\u00f3ite - Talkpal<\/title>\n<meta name=\"description\" content=\"D\u00e9an ini\u00fachadh ar Ghramadach na Cr\u00f3ite agus feabhsaigh do thuiscint ar an teanga le leideanna agus acmhainn\u00ed riachtanacha.\" \/>\n<meta name=\"robots\" content=\"index, follow, max-snippet:-1, max-image-preview:large, max-video-preview:-1\" \/>\n<link rel=\"canonical\" href=\"https:\/\/talkpal.ai\/ga\/gramadach-na-croite\/\" \/>\n<meta property=\"og:locale\" content=\"ga_IE\" \/>\n<meta property=\"og:type\" content=\"article\" \/>\n<meta property=\"og:title\" content=\"Gramadach na Cr\u00f3ite\" \/>\n<meta property=\"og:description\" content=\"Turas tr\u00ed ghramadach na Cr\u00f3ite: Unraveling the Complexities Made Easy Gramadach na Cr\u00f3ite: mealltach agus imeaglaithe, simpl\u00ed agus intricate, mist\u00e9ireach\" \/>\n<meta property=\"og:url\" content=\"https:\/\/talkpal.ai\/ga\/gramadach-na-croite\/\" \/>\n<meta property=\"og:site_name\" content=\"Talkpal\" \/>\n<meta property=\"article:publisher\" content=\"https:\/\/www.facebook.com\/profile.php?id=100090733639311\" \/>\n<meta property=\"article:modified_time\" content=\"2025-12-11T16:40:36+00:00\" \/>\n<meta property=\"og:image\" content=\"https:\/\/talkpal.ai\/wp-content\/uploads\/2023\/05\/croatia.png\" \/>\n\t<meta property=\"og:image:width\" content=\"512\" \/>\n\t<meta property=\"og:image:height\" content=\"512\" \/>\n\t<meta property=\"og:image:type\" content=\"image\/png\" \/>\n<meta name=\"twitter:card\" content=\"summary_large_image\" \/>\n<meta name=\"twitter:site\" content=\"@talkpalai\" \/>\n<meta name=\"twitter:label1\" content=\"Est. reading time\" \/>\n\t<meta name=\"twitter:data1\" content=\"4 minutes\" \/>\n<script type=\"application\/ld+json\" class=\"yoast-schema-graph\">{\"@context\":\"https:\/\/schema.org\",\"@graph\":[{\"@type\":\"WebPage\",\"@id\":\"https:\/\/talkpal.ai\/ga\/gramadach-na-croite\/\",\"url\":\"https:\/\/talkpal.ai\/ga\/gramadach-na-croite\/\",\"name\":\"Gramadach na Cr\u00f3ite - Talkpal\",\"isPartOf\":{\"@id\":\"https:\/\/talkpal.ai\/ga\/#website\"},\"primaryImageOfPage\":{\"@id\":\"https:\/\/talkpal.ai\/ga\/gramadach-na-croite\/#primaryimage\"},\"image\":{\"@id\":\"https:\/\/talkpal.ai\/ga\/gramadach-na-croite\/#primaryimage\"},\"thumbnailUrl\":\"https:\/\/talkpal.ai\/wp-content\/uploads\/2023\/05\/croatia.png\",\"datePublished\":\"2023-05-14T14:01:16+00:00\",\"dateModified\":\"2025-12-11T16:40:36+00:00\",\"description\":\"D\u00e9an ini\u00fachadh ar Ghramadach na Cr\u00f3ite agus feabhsaigh do thuiscint ar an teanga le leideanna agus acmhainn\u00ed riachtanacha.\",\"breadcrumb\":{\"@id\":\"https:\/\/talkpal.ai\/ga\/gramadach-na-croite\/#breadcrumb\"},\"inLanguage\":\"ga-IE\",\"potentialAction\":[{\"@type\":\"ReadAction\",\"target\":[\"https:\/\/talkpal.ai\/ga\/gramadach-na-croite\/\"]}]},{\"@type\":\"ImageObject\",\"inLanguage\":\"ga-IE\",\"@id\":\"https:\/\/talkpal.ai\/ga\/gramadach-na-croite\/#primaryimage\",\"url\":\"https:\/\/talkpal.ai\/wp-content\/uploads\/2023\/05\/croatia.png\",\"contentUrl\":\"https:\/\/talkpal.ai\/wp-content\/uploads\/2023\/05\/croatia.png\",\"width\":512,\"height\":512,\"caption\":\"TalkPal Croatia Flag\"},{\"@type\":\"BreadcrumbList\",\"@id\":\"https:\/\/talkpal.ai\/ga\/gramadach-na-croite\/#breadcrumb\",\"itemListElement\":[{\"@type\":\"ListItem\",\"position\":1,\"name\":\"Homepage\",\"item\":\"https:\/\/talkpal.ai\/ga\/\"},{\"@type\":\"ListItem\",\"position\":2,\"name\":\"Gramadach na Cr\u00f3ite\"}]},{\"@type\":\"WebSite\",\"@id\":\"https:\/\/talkpal.ai\/ga\/#website\",\"url\":\"https:\/\/talkpal.ai\/ga\/\",\"name\":\"Talkpal\",\"description\":\"AI Language Learning\",\"publisher\":{\"@id\":\"https:\/\/talkpal.ai\/ga\/#organization\"},\"alternateName\":\"Talkpal AI\",\"potentialAction\":[{\"@type\":\"SearchAction\",\"target\":{\"@type\":\"EntryPoint\",\"urlTemplate\":\"https:\/\/talkpal.ai\/ga\/?s={search_term_string}\"},\"query-input\":{\"@type\":\"PropertyValueSpecification\",\"valueRequired\":true,\"valueName\":\"search_term_string\"}}],\"inLanguage\":\"ga-IE\"},{\"@type\":\"Organization\",\"@id\":\"https:\/\/talkpal.ai\/ga\/#organization\",\"name\":\"Talkpal, Inc.\",\"alternateName\":\"Talkpal AI\",\"url\":\"https:\/\/talkpal.ai\/ga\/\",\"logo\":{\"@type\":\"ImageObject\",\"inLanguage\":\"ga-IE\",\"@id\":\"https:\/\/talkpal.ai\/ga\/#\/schema\/logo\/image\/\",\"url\":\"https:\/\/talkpal.ai\/wp-content\/uploads\/2024\/03\/Talkpal-Logo-Icon.png\",\"contentUrl\":\"https:\/\/talkpal.ai\/wp-content\/uploads\/2024\/03\/Talkpal-Logo-Icon.png\",\"width\":2880,\"height\":2880,\"caption\":\"Talkpal, Inc.\"},\"image\":{\"@id\":\"https:\/\/talkpal.ai\/ga\/#\/schema\/logo\/image\/\"},\"sameAs\":[\"https:\/\/www.facebook.com\/profile.php?id=100090733639311\",\"https:\/\/x.com\/talkpalai\",\"https:\/\/www.linkedin.com\/company\/talkpal\/\",\"https:\/\/www.youtube.com\/@TalkPal\/\",\"https:\/\/www.tiktok.com\/@talkpal\",\"https:\/\/www.instagram.com\/talkpal_ai\/\",\"https:\/\/www.crunchbase.com\/organization\/talkpal-9cde\",\"https:\/\/www.g2.com\/products\/talkpal-for-business\/\",\"https:\/\/www.trustpilot.com\/review\/talkpal.ai\",\"https:\/\/www.capterra.com\/p\/10006800\/TalkPal\/\"],\"description\":\"Talkpal is a language learning web and mobile education app, powered by the latest AI technologies, that provides engaging experiences to its customers in many different languages to help them improve their language skills. Users can chat about unlimited amount of topics with the app and use other modes to practice their language learning.\",\"email\":\"support@talkpal.ai\",\"legalName\":\"Talkpal, Inc.\",\"foundingDate\":\"2023-04-03\",\"duns\":\"118989042\",\"numberOfEmployees\":{\"@type\":\"QuantitativeValue\",\"minValue\":\"11\",\"maxValue\":\"50\"},\"publishingPrinciples\":\"https:\/\/talkpal.ai\/publishing-principles\/\",\"actionableFeedbackPolicy\":\"https:\/\/talkpal.ai\/actionable-feedback-policy\/\",\"correctionsPolicy\":\"https:\/\/talkpal.ai\/corrections-policy\/\",\"ethicsPolicy\":\"https:\/\/talkpal.ai\/ethics-policy\/\",\"diversityPolicy\":\"https:\/\/talkpal.ai\/diversity-policy\/\",\"diversityStaffingReport\":\"https:\/\/talkpal.ai\/diversity-policy\/\"}]}<\/script>\n<!-- \/ Yoast SEO Premium plugin. -->","yoast_head_json":{"title":"Gramadach na Cr\u00f3ite - Talkpal","description":"D\u00e9an ini\u00fachadh ar Ghramadach na Cr\u00f3ite agus feabhsaigh do thuiscint ar an teanga le leideanna agus acmhainn\u00ed riachtanacha.","robots":{"index":"index","follow":"follow","max-snippet":"max-snippet:-1","max-image-preview":"max-image-preview:large","max-video-preview":"max-video-preview:-1"},"canonical":"https:\/\/talkpal.ai\/ga\/gramadach-na-croite\/","og_locale":"ga_IE","og_type":"article","og_title":"Gramadach na Cr\u00f3ite","og_description":"Turas tr\u00ed ghramadach na Cr\u00f3ite: Unraveling the Complexities Made Easy Gramadach na Cr\u00f3ite: mealltach agus imeaglaithe, simpl\u00ed agus intricate, mist\u00e9ireach","og_url":"https:\/\/talkpal.ai\/ga\/gramadach-na-croite\/","og_site_name":"Talkpal","article_publisher":"https:\/\/www.facebook.com\/profile.php?id=100090733639311","article_modified_time":"2025-12-11T16:40:36+00:00","og_image":[{"width":512,"height":512,"url":"https:\/\/talkpal.ai\/wp-content\/uploads\/2023\/05\/croatia.png","type":"image\/png"}],"twitter_card":"summary_large_image","twitter_site":"@talkpalai","twitter_misc":{"Est. reading time":"4 minutes"},"schema":{"@context":"https:\/\/schema.org","@graph":[{"@type":"WebPage","@id":"https:\/\/talkpal.ai\/ga\/gramadach-na-croite\/","url":"https:\/\/talkpal.ai\/ga\/gramadach-na-croite\/","name":"Gramadach na Cr\u00f3ite - Talkpal","isPartOf":{"@id":"https:\/\/talkpal.ai\/ga\/#website"},"primaryImageOfPage":{"@id":"https:\/\/talkpal.ai\/ga\/gramadach-na-croite\/#primaryimage"},"image":{"@id":"https:\/\/talkpal.ai\/ga\/gramadach-na-croite\/#primaryimage"},"thumbnailUrl":"https:\/\/talkpal.ai\/wp-content\/uploads\/2023\/05\/croatia.png","datePublished":"2023-05-14T14:01:16+00:00","dateModified":"2025-12-11T16:40:36+00:00","description":"D\u00e9an ini\u00fachadh ar Ghramadach na Cr\u00f3ite agus feabhsaigh do thuiscint ar an teanga le leideanna agus acmhainn\u00ed riachtanacha.","breadcrumb":{"@id":"https:\/\/talkpal.ai\/ga\/gramadach-na-croite\/#breadcrumb"},"inLanguage":"ga-IE","potentialAction":[{"@type":"ReadAction","target":["https:\/\/talkpal.ai\/ga\/gramadach-na-croite\/"]}]},{"@type":"ImageObject","inLanguage":"ga-IE","@id":"https:\/\/talkpal.ai\/ga\/gramadach-na-croite\/#primaryimage","url":"https:\/\/talkpal.ai\/wp-content\/uploads\/2023\/05\/croatia.png","contentUrl":"https:\/\/talkpal.ai\/wp-content\/uploads\/2023\/05\/croatia.png","width":512,"height":512,"caption":"TalkPal Croatia Flag"},{"@type":"BreadcrumbList","@id":"https:\/\/talkpal.ai\/ga\/gramadach-na-croite\/#breadcrumb","itemListElement":[{"@type":"ListItem","position":1,"name":"Homepage","item":"https:\/\/talkpal.ai\/ga\/"},{"@type":"ListItem","position":2,"name":"Gramadach na Cr\u00f3ite"}]},{"@type":"WebSite","@id":"https:\/\/talkpal.ai\/ga\/#website","url":"https:\/\/talkpal.ai\/ga\/","name":"Talkpal","description":"AI Language Learning","publisher":{"@id":"https:\/\/talkpal.ai\/ga\/#organization"},"alternateName":"Talkpal AI","potentialAction":[{"@type":"SearchAction","target":{"@type":"EntryPoint","urlTemplate":"https:\/\/talkpal.ai\/ga\/?s={search_term_string}"},"query-input":{"@type":"PropertyValueSpecification","valueRequired":true,"valueName":"search_term_string"}}],"inLanguage":"ga-IE"},{"@type":"Organization","@id":"https:\/\/talkpal.ai\/ga\/#organization","name":"Talkpal, Inc.","alternateName":"Talkpal AI","url":"https:\/\/talkpal.ai\/ga\/","logo":{"@type":"ImageObject","inLanguage":"ga-IE","@id":"https:\/\/talkpal.ai\/ga\/#\/schema\/logo\/image\/","url":"https:\/\/talkpal.ai\/wp-content\/uploads\/2024\/03\/Talkpal-Logo-Icon.png","contentUrl":"https:\/\/talkpal.ai\/wp-content\/uploads\/2024\/03\/Talkpal-Logo-Icon.png","width":2880,"height":2880,"caption":"Talkpal, Inc."},"image":{"@id":"https:\/\/talkpal.ai\/ga\/#\/schema\/logo\/image\/"},"sameAs":["https:\/\/www.facebook.com\/profile.php?id=100090733639311","https:\/\/x.com\/talkpalai","https:\/\/www.linkedin.com\/company\/talkpal\/","https:\/\/www.youtube.com\/@TalkPal\/","https:\/\/www.tiktok.com\/@talkpal","https:\/\/www.instagram.com\/talkpal_ai\/","https:\/\/www.crunchbase.com\/organization\/talkpal-9cde","https:\/\/www.g2.com\/products\/talkpal-for-business\/","https:\/\/www.trustpilot.com\/review\/talkpal.ai","https:\/\/www.capterra.com\/p\/10006800\/TalkPal\/"],"description":"Talkpal is a language learning web and mobile education app, powered by the latest AI technologies, that provides engaging experiences to its customers in many different languages to help them improve their language skills. Users can chat about unlimited amount of topics with the app and use other modes to practice their language learning.","email":"support@talkpal.ai","legalName":"Talkpal, Inc.","foundingDate":"2023-04-03","duns":"118989042","numberOfEmployees":{"@type":"QuantitativeValue","minValue":"11","maxValue":"50"},"publishingPrinciples":"https:\/\/talkpal.ai\/publishing-principles\/","actionableFeedbackPolicy":"https:\/\/talkpal.ai\/actionable-feedback-policy\/","correctionsPolicy":"https:\/\/talkpal.ai\/corrections-policy\/","ethicsPolicy":"https:\/\/talkpal.ai\/ethics-policy\/","diversityPolicy":"https:\/\/talkpal.ai\/diversity-policy\/","diversityStaffingReport":"https:\/\/talkpal.ai\/diversity-policy\/"}]}},"_links":{"self":[{"href":"https:\/\/talkpal.ai\/ga\/wp-json\/wp\/v2\/pages\/1444063","targetHints":{"allow":["GET"]}}],"collection":[{"href":"https:\/\/talkpal.ai\/ga\/wp-json\/wp\/v2\/pages"}],"about":[{"href":"https:\/\/talkpal.ai\/ga\/wp-json\/wp\/v2\/types\/page"}],"author":[{"embeddable":true,"href":"https:\/\/talkpal.ai\/ga\/wp-json\/wp\/v2\/users\/1"}],"replies":[{"embeddable":true,"href":"https:\/\/talkpal.ai\/ga\/wp-json\/wp\/v2\/comments?post=1444063"}],"version-history":[{"count":0,"href":"https:\/\/talkpal.ai\/ga\/wp-json\/wp\/v2\/pages\/1444063\/revisions"}],"wp:featuredmedia":[{"embeddable":true,"href":"https:\/\/talkpal.ai\/ga\/wp-json\/wp\/v2\/media\/1444064"}],"wp:attachment":[{"href":"https:\/\/talkpal.ai\/ga\/wp-json\/wp\/v2\/media?parent=1444063"}],"curies":[{"name":"wp","href":"https:\/\/api.w.org\/{rel}","templated":true}]}}