{"id":1444057,"date":"2023-05-14T14:00:56","date_gmt":"2023-05-14T14:00:56","guid":{"rendered":"https:\/\/talkpal.ai\/gramadach-na-cataloine\/"},"modified":"2025-09-06T19:21:47","modified_gmt":"2025-09-06T19:21:47","slug":"gramadach-na-cataloine","status":"publish","type":"page","link":"https:\/\/talkpal.ai\/ga\/gramadach-na-cataloine\/","title":{"rendered":"Gramadach na Catal\u00f3ine"},"content":{"rendered":"\r\n\r\n\r\n<section class=\"languageChallengeSection\">\r\n    <div class=\"languageInfoWrapper\">\r\n        \r\n        <h1>Gramadach na Catal\u00f3ine<\/h1>\r\n        <p>L\u00e9im isteach i saol na gramada\u00ed <a href=\"https:\/\/talkpal.ai\/learn-catalan\/\">Catal\u00f3inis<\/a> agus faigh amach strucht\u00far uath\u00fail na teanga R\u00f3m\u00e1nsacha br\u00edomhar seo. Cabhr\u00f3idh m\u00e1istreacht ar na buneilimint\u00ed leat cumars\u00e1id a dh\u00e9anamh n\u00edos \u00e9ifeachta\u00ed agus ceangal a dh\u00e9anamh le cult\u00far na Catal\u00f3ine ar leibh\u00e9al n\u00edos doimhne. Tosaigh ag foghlaim gramada\u00ed na Catal\u00f3ine inniu agus glac do ch\u00e9ad ch\u00e9im i dtreo l\u00edofacht!\r\n\r\n<\/p>\r\n\r\n                            <a class=\"getStartedHidden\" href=\"https:\/\/app.talkpal.ai\/signup?lng=\">Tosaigh<\/a>\r\n        \r\n    <\/div>\r\n\r\n    <figure>\r\n    <img decoding=\"async\" width=\"768\" height=\"768\" src=\"https:\/\/talkpal.ai\/wp-content\/uploads\/2023\/06\/catalan-768x768.png\" class=\"languageImage no-lazy\" alt=\"Language learning techniques for fast learning\" fetchpriority=\"high\" sizes=\"(max-width: 768px) 150px, 768px\" srcset=\"https:\/\/talkpal.ai\/wp-content\/uploads\/2023\/06\/catalan-768x768.png 768w, https:\/\/talkpal.ai\/wp-content\/uploads\/2023\/06\/catalan-300x300.png 300w\" \/>\r\n    \r\n\r\n    <\/figure>\r\n\r\n            <a class=\"getStartedVisible\" href=\"https:\/\/app.talkpal.ai\/signup?lng=\">Tosaigh<\/a>\r\n    \r\n<\/section>\r\n<section class=\"promotionalBanner\">\r\n    <p class=\"promotionalText\">An bealach is \u00e9ifeachta\u00ed le teanga a fhoghlaim<\/p>\r\n    <a class=\"promotionalLink\" href=\"https:\/\/app.talkpal.ai\/signup?lng=\">Bain triail as Talkpal saor in aisce<\/a>\r\n<\/section>\n<div class=\"wp-block-group pageContainerStyle\"><div class=\"wp-block-group__inner-container is-layout-constrained wp-block-group-is-layout-constrained\">\n<h2 class=\"wp-block-heading\" id=\"h-catalan-grammar-a-quick-guide-for-language-enthusiasts\">Gramadach na Catal\u00f3ine: Treoir Thapa do Dh\u00edograiseoir\u00ed Teanga<\/h2>\n\n\n\n<p>An bhfuil t\u00fa ag plean\u00e1il Catal\u00f3inis a fhoghlaim n\u00f3 d\u00edreach fiosrach faoin teanga \u00e1lainn R\u00f3m\u00e1nsach seo? F\u00e9ach a thuilleadh! T\u00e1imid anseo chun t\u00fa a thabhairt ar thuras tapa ar ghramadach na Catal\u00f3ine agus na buneilimint\u00ed a thabhairt duit. D\u00e9anaimis tumadh isteach sa teanga fheictear seo agus d\u00e9anaimis ini\u00fachadh ar an gcaoi a n-oibr\u00edonn s\u00ed ar leibh\u00e9al gramada\u00ed.<\/p>\n\n\n\n<p>T\u00e1 measc\u00e1n uath\u00fail tionchair \u00f3n Laidin, \u00f3n <a href=\"https:\/\/talkpal.ai\/ga\/ag-labhairt-spainnis\/\">Sp\u00e1innis<\/a> agus \u00f3n bhFraincis ag an gCatal\u00f3inis, a labhra\u00edonn thart ar 10 milli\u00fan duine go pr\u00edomha sa Chatal\u00f3in, <a href=\"https:\/\/talkpal.ai\/locations\/language-courses-in-valencia\/\">Valencia<\/a> agus sna hOile\u00e1in Bhail\u00e9aracha. D\u00edreach cos\u00fail leatsa agus mise, saibhr\u00edonn teangacha iad f\u00e9in tr\u00ed nuances \u00e9ags\u00fala a fh\u00e1il ar iasacht \u00f3na ch\u00e9ile le himeacht <a href=\"https:\/\/talkpal.ai\/locations\/language-courses-in-ama\/\">ama<\/a>. C\u00e9 chomh spreag\u00fail!<\/p>\n\n\n\n<p><strong>Anois, d\u00e9anaimis roinnt gn\u00e9ithe bun\u00fasacha de ghramadach na Catal\u00f3ine a fhoghlaim:<\/strong><\/p>\n\n\n\n<h3 class=\"wp-block-heading\" id=\"h-1-nouns-and-gender\">1. Ainmfhocail agus Inscne:<\/h3>\n\n\n\n<p>Sing it with me \u2013 &#8216;Every noun has got the power!&#8217; D\u00edreach cos\u00fail le teangacha R\u00f3m\u00e1nsacha eile, t\u00e1 ainmfhocail na Catal\u00f3ine firinscneach n\u00f3 baininscneach, agus b\u00edonn tionchar ag an &#8216;inscne&#8217; seo ar an gcaoi a n-\u00fas\u00e1idtear iad le hailt agus aidiachta\u00ed. N\u00e1 b\u00edodh imn\u00ed ort, \u00e1fach! An chuid is m\u00f3 den am, t\u00e1 ainmfhocail a chr\u00edochna\u00edonn le &#8216;-a&#8217; baininscneach, agus iad si\u00fad a chr\u00edochna\u00edonn le &#8216;-o&#8217; (n\u00f3 consain eile) firinscneach. Mar sin f\u00e9in, b\u00ed aireach ar eisceachta\u00ed &#8211; is bre\u00e1 leo sneak suas ort!<\/p>\n\n\n\n<h3 class=\"wp-block-heading\" id=\"h-2-articles\">2. Airteagail:<\/h3>\n\n\n\n<p>Bheadh an saol dull gan ailt, nach bhfuil? <a href=\"https:\/\/talkpal.ai\/ga\/maidir\/\">Maidir<\/a> leis an gCatal\u00f3inis, t\u00e1 ailt chinnte againn chun ruda\u00ed n\u00f3 daoine ar <a href=\"https:\/\/talkpal.ai\/locations\/language-courses-in-leith\/\">leith<\/a> a <a href=\"https:\/\/talkpal.ai\/locations\/language-courses-in-chur\/\">chur<\/a> in i\u00fal (mar shampla &#8220;an madra&#8221; n\u00f3 &#8220;an leabhar&#8221;) agus ailt \u00e9iginnte le haghaidh tagairt\u00ed ginear\u00e1lta (cos\u00fail le &#8220;madra&#8221; n\u00f3 &#8220;leabhar&#8221;).  <\/p>\n\n\n\n<p>Is iad na hailt chinnte sa Chatal\u00f3inis n\u00e1 &#8220;el&#8221; d&#8217;ainmfhocail uatha firinscneach, &#8220;la&#8221; d&#8217;ainmfhocail uatha baininscneach, &#8220;els&#8221; d&#8217;ainmfhocail iolra firinscneach, agus &#8220;les&#8221; d&#8217;ainmfhocail iolra baininscneach. Is iad na hailt \u00e9iginnte, ar an l\u00e1imh eile, n\u00e1 &#8220;un&#8221; d&#8217;ainmfhocail uatha firinscneach agus &#8220;una&#8221; d&#8217;ainmfhocail uatha baininscneach. San fhoirm iolra, n\u00edl aon ailt \u00e9iginnte ar leith ann. \u00c9asca-peasy, ceart?<\/p>\n\n\n\n<h3 class=\"wp-block-heading\" id=\"h-3-adjectives\">3. Aidiachta\u00ed:<\/h3>\n\n\n\n<p>Cuireann aidiachta\u00ed blas ar d&#8217;abairt\u00ed tr\u00ed chur s\u00edos a dh\u00e9anamh ar ainmfhocail, agus sa Chatal\u00f3inis, aonta\u00edonn siad in inscne agus uimhreacha leis na hainmfhocail a mhodhna\u00edonn siad. I bhformh\u00f3r na gc\u00e1sanna, t\u00e1 aidiachta\u00ed a chr\u00edochna\u00edonn le &#8220;-o&#8221; firinscneach, agus iad si\u00fad a chr\u00edochna\u00edonn le &#8220;-a&#8221; baininscneach. Chun an t-iolra a fhoirmi\u00fa, athraigh &#8220;-o&#8221; go &#8220;-os&#8221; (firinscneach) agus &#8220;-a&#8221; go &#8220;-es&#8221; (baininscneach). Coinnigh i gcuimhne go bhfuil foirm uath\u00fail ag roinnt aidiachta\u00ed don d\u00e1 inscne agus nach n-athra\u00edonn ach an marc\u00f3ir iolra. Fuaimeanna spraoi, ceart?<\/p>\n\n\n\n<h3 class=\"wp-block-heading\" id=\"h-4-verbs-and-conjugation\">4. Briathra agus Comhchuingi\u00fa:<\/h3>\n\n\n\n<p>Cro\u00edl\u00e1r gach teanga! Ranga\u00edtear briathra sa Chatal\u00f3inis i dtr\u00ed ghr\u00fapa bunaithe ar a bhfoircinn infinitive: &#8220;-ar,&#8221; &#8220;-er,&#8221; agus &#8220;-ir.&#8221; T\u00e1 a phatr\u00fan comhchuingithe ar leith ag gach gr\u00fapa le haghaidh aims\u00ed, gi\u00famar agus forainmneacha \u00e9ags\u00fala &#8211; d\u00edreach cos\u00fail le damhsa le rithim\u00ed \u00e9ags\u00fala. T\u00e1 briathra c\u00fanta ag an gCatal\u00f3inis freisin (cos\u00fail le &#8216;a bheith agat&#8217; agus &#8216;a bheith&#8217;) a chomhcheangla\u00edonn le briathra eile chun aimsir chumaisc agus guth \u00e9ighn\u00edomhach a chruth\u00fa. Mar sin, cuir ar do bhr\u00f3ga damhsa agus tos\u00fa ag ini\u00fachadh domhan br\u00edomhar briathra Catal\u00f3inis.<\/p>\n\n\n\n<h3 class=\"wp-block-heading\" id=\"h-5-word-order\">5. Ord\u00fa Focal:<\/h3>\n\n\n\n<p>D\u00e9anaimis na focail sin a chur sa seicheamh ceart! De ghn\u00e1th leanann an Chatal\u00f3inis ord focal \u00e1bhar-briathar-r\u00e9ad (SVO), d\u00edreach cos\u00fail leis an mB\u00e9arla. Mar sin f\u00e9in, ceada\u00edtear sol\u00fabthacht in ord focal chun cr\u00edocha b\u00e9ime n\u00f3 st\u00edle. Is gn\u00e1ch go dtagann aidiachta\u00ed i ndiaidh an ainmfhocail a thuairisc\u00edonn siad, ach b&#8217;fh\u00e9idir go bhfeicfe\u00e1 iad roimh an ainmfhocal chun b\u00e9im a leagan ar a dt\u00e1bhacht. Cuimhnigh, d\u00e9anann cleachtas foirfe nuair a thagann s\u00e9 chun m\u00e1istreacht a dh\u00e9anamh ar ord focal i gCatal\u00f3inis.<\/p>\n\n\n\n<h3 class=\"wp-block-heading\" id=\"h-6-pronouns-and-prepositions\">6. Forainmneacha agus Prepositions:<\/h3>\n\n\n\n<p>Ar deireadh, ach n\u00ed ar a laghad! T\u00e1 forainmneacha \u00e1bhair ag an gCatal\u00f3inis (mise, tusa, s\u00e9, s\u00ed, srl.) agus forainmneacha r\u00e9ada (mise, tusa, \u00e9, srl.), a d&#8217;fh\u00e9adfadh athruithe \u00e9ags\u00fala a dh\u00e9anamh ag brath ar a bhfeidhmi\u00fa laistigh d&#8217;abairt. Ina theannta sin, cabhra\u00edonn r\u00e9amhfhocail Catal\u00f3inis (mar shampla &#8220;a,&#8221; &#8220;de,&#8221; &#8220;en,&#8221; &#8220;amb&#8221;) leat focail agus fr\u00e1sa\u00ed a nascadh agus caidrimh a thaispe\u00e1int eatarthu.<\/p>\n\n\n\n<p>Whew! Anois t\u00e1 bunghn\u00e9ithe gramada\u00ed na Catal\u00f3ine agat faoi do chrios. Coinnigh ort ag ini\u00fachadh, ag cur ceisteanna, agus ag cleachtadh na teanga \u00e1lainn seo. Cuimhnigh, is ionann teanga nua a fhoghlaim agus dul ar thuras spreag\u00fail. Beidh do chuid ups agus downs agat, ach is fi\u00fa an iarracht an luach saothair. Bon viatge!<\/p>\n<\/div><\/div>\n\r\n<section class=\"learnNavigationSection\">\r\n            \r\n        <a href=\"https:\/\/talkpal.ai\/ga\/foghlaim-cataloinis\/\">\r\n            <div class=\"learnNavigationWrapper\">\r\n                <div class=\"learnNavigationContent\">\r\n                    <img decoding=\"async\" src=\"https:\/\/talkpal.ai\/wp-content\/uploads\/2024\/08\/Catalan.jpg\" alt=\"Catalan Flag\">\r\n                    <div>\r\n                        <h4>Maidir le Foghlaim na Catal\u00f3ine<\/h4>\r\n                        <p>Faigh amach gach rud faoi ghramadach na Catal\u00f3ine.<\/p>\r\n                    <\/div>\r\n                <\/div>\r\n            <\/div>\r\n        <\/a>\r\n\r\n        \r\n        <a href=\"https:\/\/talkpal.ai\/ga\/cleachtai-gramadai-na-cataloine\/\">\r\n            <div class=\"learnNavigationWrapper\">\r\n                <div class=\"learnNavigationContent\">\r\n                    <img decoding=\"async\" src=\"https:\/\/talkpal.ai\/wp-content\/uploads\/2024\/08\/Catalan.jpg\" alt=\"Catalan Flag\">\r\n                    <div>\r\n                        <h4>Cleachtadh Gramada\u00ed na Catal\u00f3ine<\/h4>\r\n                        <p>Cleachtadh gramadach na Catal\u00f3ine.<\/p>\r\n                    <\/div>\r\n                <\/div>\r\n            <\/div>\r\n        <\/a>\r\n\r\n        \r\n        <a href=\"https:\/\/talkpal.ai\/vocabulary_language\/catalan\/\">\r\n            <div class=\"learnNavigationWrapper\">\r\n                <div class=\"learnNavigationContent\">\r\n                    <img decoding=\"async\" src=\"https:\/\/talkpal.ai\/wp-content\/uploads\/2024\/08\/Catalan.jpg\" alt=\"Catalan Flag\">\r\n                    <div>\r\n                        <h4>St\u00f3r Focal na Catal\u00f3ine<\/h4>\r\n                        <p>Leathnaigh do st\u00f3r focal Catal\u00f3inis.<\/p>\r\n                    <\/div>\r\n                <\/div>\r\n            <\/div>\r\n        <\/a>\r\n\r\n            <\/section>","protected":false},"excerpt":{"rendered":"<p>Gramadach na Catal\u00f3ine: Treoir Thapa do Dh\u00edograiseoir\u00ed Teanga An bhfuil t\u00fa ag plean\u00e1il Catal\u00f3inis a fhoghlaim n\u00f3 d\u00edreach fiosrach faoin teanga \u00e1lainn R\u00f3m\u00e1nsach seo? F\u00e9ach a thuilleadh! T\u00e1imid anseo chun t\u00fa a thabhairt ar thuras tapa ar ghramadach na Catal\u00f3ine agus na buneilimint\u00ed a thabhairt duit. D\u00e9anaimis tumadh isteach sa teanga fheictear seo agus d\u00e9anaimis [&hellip;]<\/p>\n","protected":false},"author":1,"featured_media":1444059,"parent":0,"menu_order":0,"comment_status":"closed","ping_status":"closed","template":"LearningContentPage.php","meta":{"_acf_changed":false,"footnotes":""},"class_list":["post-1444057","page","type-page","status-publish","has-post-thumbnail","hentry"],"acf":[],"yoast_head":"<!-- This site is optimized with the Yoast SEO Premium plugin v27.2 (Yoast SEO v27.2) - https:\/\/yoast.com\/product\/yoast-seo-premium-wordpress\/ -->\n<title>Gramadach na Catal\u00f3ine - Talkpal<\/title>\n<meta name=\"description\" content=\"Faigh amach bunghn\u00e9ithe ghramada\u00ed na Catal\u00f3ine agus cuir t\u00fas le do thuras isteach sa teanga \u00e1lainn R\u00f3m\u00e1ns\u00fail seo inniu!\" \/>\n<meta name=\"robots\" content=\"index, follow, max-snippet:-1, max-image-preview:large, max-video-preview:-1\" \/>\n<link rel=\"canonical\" href=\"https:\/\/talkpal.ai\/ga\/gramadach-na-cataloine\/\" \/>\n<meta property=\"og:locale\" content=\"ga_IE\" \/>\n<meta property=\"og:type\" content=\"article\" \/>\n<meta property=\"og:title\" content=\"Gramadach na Catal\u00f3ine\" \/>\n<meta property=\"og:description\" content=\"Gramadach na Catal\u00f3ine: Treoir Thapa do Dh\u00edograiseoir\u00ed Teanga An bhfuil t\u00fa ag plean\u00e1il Catal\u00f3inis a fhoghlaim n\u00f3 d\u00edreach fiosrach faoin teanga \u00e1lainn\" \/>\n<meta property=\"og:url\" content=\"https:\/\/talkpal.ai\/ga\/gramadach-na-cataloine\/\" \/>\n<meta property=\"og:site_name\" content=\"Talkpal\" \/>\n<meta property=\"article:publisher\" content=\"https:\/\/www.facebook.com\/profile.php?id=100090733639311\" \/>\n<meta property=\"article:modified_time\" content=\"2025-09-06T19:21:47+00:00\" \/>\n<meta property=\"og:image\" content=\"https:\/\/talkpal.ai\/wp-content\/uploads\/2023\/08\/Catalan.png\" \/>\n\t<meta property=\"og:image:width\" content=\"479\" \/>\n\t<meta property=\"og:image:height\" content=\"479\" \/>\n\t<meta property=\"og:image:type\" content=\"image\/png\" \/>\n<meta name=\"twitter:card\" content=\"summary_large_image\" \/>\n<meta name=\"twitter:site\" content=\"@talkpalai\" \/>\n<meta name=\"twitter:label1\" content=\"Est. reading time\" \/>\n\t<meta name=\"twitter:data1\" content=\"4 minutes\" \/>\n<script type=\"application\/ld+json\" class=\"yoast-schema-graph\">{\"@context\":\"https:\/\/schema.org\",\"@graph\":[{\"@type\":\"WebPage\",\"@id\":\"https:\/\/talkpal.ai\/ga\/gramadach-na-cataloine\/\",\"url\":\"https:\/\/talkpal.ai\/ga\/gramadach-na-cataloine\/\",\"name\":\"Gramadach na Catal\u00f3ine - Talkpal\",\"isPartOf\":{\"@id\":\"https:\/\/talkpal.ai\/ga\/#website\"},\"primaryImageOfPage\":{\"@id\":\"https:\/\/talkpal.ai\/ga\/gramadach-na-cataloine\/#primaryimage\"},\"image\":{\"@id\":\"https:\/\/talkpal.ai\/ga\/gramadach-na-cataloine\/#primaryimage\"},\"thumbnailUrl\":\"https:\/\/talkpal.ai\/wp-content\/uploads\/2023\/08\/Catalan.png\",\"datePublished\":\"2023-05-14T14:00:56+00:00\",\"dateModified\":\"2025-09-06T19:21:47+00:00\",\"description\":\"Faigh amach bunghn\u00e9ithe ghramada\u00ed na Catal\u00f3ine agus cuir t\u00fas le do thuras isteach sa teanga \u00e1lainn R\u00f3m\u00e1ns\u00fail seo inniu!\",\"breadcrumb\":{\"@id\":\"https:\/\/talkpal.ai\/ga\/gramadach-na-cataloine\/#breadcrumb\"},\"inLanguage\":\"ga-IE\",\"potentialAction\":[{\"@type\":\"ReadAction\",\"target\":[\"https:\/\/talkpal.ai\/ga\/gramadach-na-cataloine\/\"]}]},{\"@type\":\"ImageObject\",\"inLanguage\":\"ga-IE\",\"@id\":\"https:\/\/talkpal.ai\/ga\/gramadach-na-cataloine\/#primaryimage\",\"url\":\"https:\/\/talkpal.ai\/wp-content\/uploads\/2023\/08\/Catalan.png\",\"contentUrl\":\"https:\/\/talkpal.ai\/wp-content\/uploads\/2023\/08\/Catalan.png\",\"width\":479,\"height\":479,\"caption\":\"TalkPal Catalan Flag\"},{\"@type\":\"BreadcrumbList\",\"@id\":\"https:\/\/talkpal.ai\/ga\/gramadach-na-cataloine\/#breadcrumb\",\"itemListElement\":[{\"@type\":\"ListItem\",\"position\":1,\"name\":\"Homepage\",\"item\":\"https:\/\/talkpal.ai\/ga\/\"},{\"@type\":\"ListItem\",\"position\":2,\"name\":\"Gramadach na Catal\u00f3ine\"}]},{\"@type\":\"WebSite\",\"@id\":\"https:\/\/talkpal.ai\/ga\/#website\",\"url\":\"https:\/\/talkpal.ai\/ga\/\",\"name\":\"Talkpal\",\"description\":\"AI Language Learning\",\"publisher\":{\"@id\":\"https:\/\/talkpal.ai\/ga\/#organization\"},\"alternateName\":\"Talkpal AI\",\"potentialAction\":[{\"@type\":\"SearchAction\",\"target\":{\"@type\":\"EntryPoint\",\"urlTemplate\":\"https:\/\/talkpal.ai\/ga\/?s={search_term_string}\"},\"query-input\":{\"@type\":\"PropertyValueSpecification\",\"valueRequired\":true,\"valueName\":\"search_term_string\"}}],\"inLanguage\":\"ga-IE\"},{\"@type\":\"Organization\",\"@id\":\"https:\/\/talkpal.ai\/ga\/#organization\",\"name\":\"Talkpal, Inc.\",\"alternateName\":\"Talkpal AI\",\"url\":\"https:\/\/talkpal.ai\/ga\/\",\"logo\":{\"@type\":\"ImageObject\",\"inLanguage\":\"ga-IE\",\"@id\":\"https:\/\/talkpal.ai\/ga\/#\/schema\/logo\/image\/\",\"url\":\"https:\/\/talkpal.ai\/wp-content\/uploads\/2024\/03\/Talkpal-Logo-Icon.png\",\"contentUrl\":\"https:\/\/talkpal.ai\/wp-content\/uploads\/2024\/03\/Talkpal-Logo-Icon.png\",\"width\":2880,\"height\":2880,\"caption\":\"Talkpal, Inc.\"},\"image\":{\"@id\":\"https:\/\/talkpal.ai\/ga\/#\/schema\/logo\/image\/\"},\"sameAs\":[\"https:\/\/www.facebook.com\/profile.php?id=100090733639311\",\"https:\/\/x.com\/talkpalai\",\"https:\/\/www.linkedin.com\/company\/talkpal\/\",\"https:\/\/www.youtube.com\/@TalkPal\/\",\"https:\/\/www.tiktok.com\/@talkpal\",\"https:\/\/www.instagram.com\/talkpal_ai\/\",\"https:\/\/www.crunchbase.com\/organization\/talkpal-9cde\",\"https:\/\/www.g2.com\/products\/talkpal-for-business\/\",\"https:\/\/www.trustpilot.com\/review\/talkpal.ai\",\"https:\/\/www.capterra.com\/p\/10006800\/TalkPal\/\"],\"description\":\"Talkpal is a language learning web and mobile education app, powered by the latest AI technologies, that provides engaging experiences to its customers in many different languages to help them improve their language skills. Users can chat about unlimited amount of topics with the app and use other modes to practice their language learning.\",\"email\":\"support@talkpal.ai\",\"legalName\":\"Talkpal, Inc.\",\"foundingDate\":\"2023-04-03\",\"duns\":\"118989042\",\"numberOfEmployees\":{\"@type\":\"QuantitativeValue\",\"minValue\":\"11\",\"maxValue\":\"50\"},\"publishingPrinciples\":\"https:\/\/talkpal.ai\/publishing-principles\/\",\"actionableFeedbackPolicy\":\"https:\/\/talkpal.ai\/actionable-feedback-policy\/\",\"correctionsPolicy\":\"https:\/\/talkpal.ai\/corrections-policy\/\",\"ethicsPolicy\":\"https:\/\/talkpal.ai\/ethics-policy\/\",\"diversityPolicy\":\"https:\/\/talkpal.ai\/diversity-policy\/\",\"diversityStaffingReport\":\"https:\/\/talkpal.ai\/diversity-policy\/\"}]}<\/script>\n<!-- \/ Yoast SEO Premium plugin. -->","yoast_head_json":{"title":"Gramadach na Catal\u00f3ine - Talkpal","description":"Faigh amach bunghn\u00e9ithe ghramada\u00ed na Catal\u00f3ine agus cuir t\u00fas le do thuras isteach sa teanga \u00e1lainn R\u00f3m\u00e1ns\u00fail seo inniu!","robots":{"index":"index","follow":"follow","max-snippet":"max-snippet:-1","max-image-preview":"max-image-preview:large","max-video-preview":"max-video-preview:-1"},"canonical":"https:\/\/talkpal.ai\/ga\/gramadach-na-cataloine\/","og_locale":"ga_IE","og_type":"article","og_title":"Gramadach na Catal\u00f3ine","og_description":"Gramadach na Catal\u00f3ine: Treoir Thapa do Dh\u00edograiseoir\u00ed Teanga An bhfuil t\u00fa ag plean\u00e1il Catal\u00f3inis a fhoghlaim n\u00f3 d\u00edreach fiosrach faoin teanga \u00e1lainn","og_url":"https:\/\/talkpal.ai\/ga\/gramadach-na-cataloine\/","og_site_name":"Talkpal","article_publisher":"https:\/\/www.facebook.com\/profile.php?id=100090733639311","article_modified_time":"2025-09-06T19:21:47+00:00","og_image":[{"width":479,"height":479,"url":"https:\/\/talkpal.ai\/wp-content\/uploads\/2023\/08\/Catalan.png","type":"image\/png"}],"twitter_card":"summary_large_image","twitter_site":"@talkpalai","twitter_misc":{"Est. reading time":"4 minutes"},"schema":{"@context":"https:\/\/schema.org","@graph":[{"@type":"WebPage","@id":"https:\/\/talkpal.ai\/ga\/gramadach-na-cataloine\/","url":"https:\/\/talkpal.ai\/ga\/gramadach-na-cataloine\/","name":"Gramadach na Catal\u00f3ine - Talkpal","isPartOf":{"@id":"https:\/\/talkpal.ai\/ga\/#website"},"primaryImageOfPage":{"@id":"https:\/\/talkpal.ai\/ga\/gramadach-na-cataloine\/#primaryimage"},"image":{"@id":"https:\/\/talkpal.ai\/ga\/gramadach-na-cataloine\/#primaryimage"},"thumbnailUrl":"https:\/\/talkpal.ai\/wp-content\/uploads\/2023\/08\/Catalan.png","datePublished":"2023-05-14T14:00:56+00:00","dateModified":"2025-09-06T19:21:47+00:00","description":"Faigh amach bunghn\u00e9ithe ghramada\u00ed na Catal\u00f3ine agus cuir t\u00fas le do thuras isteach sa teanga \u00e1lainn R\u00f3m\u00e1ns\u00fail seo inniu!","breadcrumb":{"@id":"https:\/\/talkpal.ai\/ga\/gramadach-na-cataloine\/#breadcrumb"},"inLanguage":"ga-IE","potentialAction":[{"@type":"ReadAction","target":["https:\/\/talkpal.ai\/ga\/gramadach-na-cataloine\/"]}]},{"@type":"ImageObject","inLanguage":"ga-IE","@id":"https:\/\/talkpal.ai\/ga\/gramadach-na-cataloine\/#primaryimage","url":"https:\/\/talkpal.ai\/wp-content\/uploads\/2023\/08\/Catalan.png","contentUrl":"https:\/\/talkpal.ai\/wp-content\/uploads\/2023\/08\/Catalan.png","width":479,"height":479,"caption":"TalkPal Catalan Flag"},{"@type":"BreadcrumbList","@id":"https:\/\/talkpal.ai\/ga\/gramadach-na-cataloine\/#breadcrumb","itemListElement":[{"@type":"ListItem","position":1,"name":"Homepage","item":"https:\/\/talkpal.ai\/ga\/"},{"@type":"ListItem","position":2,"name":"Gramadach na Catal\u00f3ine"}]},{"@type":"WebSite","@id":"https:\/\/talkpal.ai\/ga\/#website","url":"https:\/\/talkpal.ai\/ga\/","name":"Talkpal","description":"AI Language Learning","publisher":{"@id":"https:\/\/talkpal.ai\/ga\/#organization"},"alternateName":"Talkpal AI","potentialAction":[{"@type":"SearchAction","target":{"@type":"EntryPoint","urlTemplate":"https:\/\/talkpal.ai\/ga\/?s={search_term_string}"},"query-input":{"@type":"PropertyValueSpecification","valueRequired":true,"valueName":"search_term_string"}}],"inLanguage":"ga-IE"},{"@type":"Organization","@id":"https:\/\/talkpal.ai\/ga\/#organization","name":"Talkpal, Inc.","alternateName":"Talkpal AI","url":"https:\/\/talkpal.ai\/ga\/","logo":{"@type":"ImageObject","inLanguage":"ga-IE","@id":"https:\/\/talkpal.ai\/ga\/#\/schema\/logo\/image\/","url":"https:\/\/talkpal.ai\/wp-content\/uploads\/2024\/03\/Talkpal-Logo-Icon.png","contentUrl":"https:\/\/talkpal.ai\/wp-content\/uploads\/2024\/03\/Talkpal-Logo-Icon.png","width":2880,"height":2880,"caption":"Talkpal, Inc."},"image":{"@id":"https:\/\/talkpal.ai\/ga\/#\/schema\/logo\/image\/"},"sameAs":["https:\/\/www.facebook.com\/profile.php?id=100090733639311","https:\/\/x.com\/talkpalai","https:\/\/www.linkedin.com\/company\/talkpal\/","https:\/\/www.youtube.com\/@TalkPal\/","https:\/\/www.tiktok.com\/@talkpal","https:\/\/www.instagram.com\/talkpal_ai\/","https:\/\/www.crunchbase.com\/organization\/talkpal-9cde","https:\/\/www.g2.com\/products\/talkpal-for-business\/","https:\/\/www.trustpilot.com\/review\/talkpal.ai","https:\/\/www.capterra.com\/p\/10006800\/TalkPal\/"],"description":"Talkpal is a language learning web and mobile education app, powered by the latest AI technologies, that provides engaging experiences to its customers in many different languages to help them improve their language skills. Users can chat about unlimited amount of topics with the app and use other modes to practice their language learning.","email":"support@talkpal.ai","legalName":"Talkpal, Inc.","foundingDate":"2023-04-03","duns":"118989042","numberOfEmployees":{"@type":"QuantitativeValue","minValue":"11","maxValue":"50"},"publishingPrinciples":"https:\/\/talkpal.ai\/publishing-principles\/","actionableFeedbackPolicy":"https:\/\/talkpal.ai\/actionable-feedback-policy\/","correctionsPolicy":"https:\/\/talkpal.ai\/corrections-policy\/","ethicsPolicy":"https:\/\/talkpal.ai\/ethics-policy\/","diversityPolicy":"https:\/\/talkpal.ai\/diversity-policy\/","diversityStaffingReport":"https:\/\/talkpal.ai\/diversity-policy\/"}]}},"_links":{"self":[{"href":"https:\/\/talkpal.ai\/ga\/wp-json\/wp\/v2\/pages\/1444057","targetHints":{"allow":["GET"]}}],"collection":[{"href":"https:\/\/talkpal.ai\/ga\/wp-json\/wp\/v2\/pages"}],"about":[{"href":"https:\/\/talkpal.ai\/ga\/wp-json\/wp\/v2\/types\/page"}],"author":[{"embeddable":true,"href":"https:\/\/talkpal.ai\/ga\/wp-json\/wp\/v2\/users\/1"}],"replies":[{"embeddable":true,"href":"https:\/\/talkpal.ai\/ga\/wp-json\/wp\/v2\/comments?post=1444057"}],"version-history":[{"count":0,"href":"https:\/\/talkpal.ai\/ga\/wp-json\/wp\/v2\/pages\/1444057\/revisions"}],"wp:featuredmedia":[{"embeddable":true,"href":"https:\/\/talkpal.ai\/ga\/wp-json\/wp\/v2\/media\/1444059"}],"wp:attachment":[{"href":"https:\/\/talkpal.ai\/ga\/wp-json\/wp\/v2\/media?parent=1444057"}],"curies":[{"name":"wp","href":"https:\/\/api.w.org\/{rel}","templated":true}]}}