{"id":1444056,"date":"2023-05-14T14:03:23","date_gmt":"2023-05-14T14:03:23","guid":{"rendered":"https:\/\/talkpal.ai\/gramadach-na-danmhairge\/"},"modified":"2025-12-13T15:26:42","modified_gmt":"2025-12-13T15:26:42","slug":"gramadach-na-danmhairge","status":"publish","type":"page","link":"https:\/\/talkpal.ai\/ga\/gramadach-na-danmhairge\/","title":{"rendered":"Gramadach na Danmhairge"},"content":{"rendered":"\r\n\r\n\r\n<section class=\"languageChallengeSection\">\r\n    <div class=\"languageInfoWrapper\">\r\n        \r\n        <h1>Gramadach na Danmhairge<\/h1>\r\n        <p>D\u00edghlas\u00e1il buneilimint\u00ed gramada\u00ed na Danmhairge agus tos\u00fa ag cumars\u00e1id go muin\u00edneach sa teanga Lochlannach a fheictear seo. Tr\u00ed mh\u00e1istir a dh\u00e9anamh ar na rialacha agus na strucht\u00fair l\u00e1rnacha, gheobhaidh t\u00fa na scileanna a theasta\u00edonn chun ceangal a dh\u00e9anamh le cainteoir\u00ed <a href=\"https:\/\/talkpal.ai\/learn-danish\/\">Danmhairgis<\/a> agus taith\u00ed a fh\u00e1il ar a gcult\u00far saibhir go pearsanta. Tosaigh ag foghlaim gramada\u00ed na Danmhairge inniu agus glac do ch\u00e9ad ch\u00e9im i dtreo l\u00edofacht!\n\n<\/p>\r\n\r\n                            <a class=\"getStartedHidden\" href=\"https:\/\/app.talkpal.ai\/signup?lng=\">Tosaigh<\/a>\r\n        \r\n    <\/div>\r\n\r\n    <figure>\r\n    <img decoding=\"async\" width=\"768\" height=\"768\" src=\"https:\/\/talkpal.ai\/wp-content\/uploads\/2023\/06\/danish-768x768.png\" class=\"languageImage no-lazy\" alt=\"Language learning for career enhancement\" fetchpriority=\"high\" sizes=\"(max-width: 768px) 150px, 768px\" srcset=\"https:\/\/talkpal.ai\/wp-content\/uploads\/2023\/06\/danish-768x768.png 768w, https:\/\/talkpal.ai\/wp-content\/uploads\/2023\/06\/danish-300x300.png 300w\" \/>\r\n    \r\n\r\n    <\/figure>\r\n\r\n            <a class=\"getStartedVisible\" href=\"https:\/\/app.talkpal.ai\/signup?lng=\">Tosaigh<\/a>\r\n    \r\n<\/section>\r\n<section class=\"promotionalBanner\">\r\n    <p class=\"promotionalText\">An bealach is \u00e9ifeachta\u00ed le teanga a fhoghlaim<\/p>\r\n    <a class=\"promotionalLink\" href=\"https:\/\/app.talkpal.ai\/signup?lng=\">Bain triail as Talkpal saor in aisce<\/a>\r\n<\/section>\n<div class=\"wp-block-group pageContainerStyle\"><div class=\"wp-block-group__inner-container is-layout-constrained wp-block-group-is-layout-constrained\">\n<h2 class=\"wp-block-heading\" id=\"h-delving-into-the-depths-of-danish-grammar-unraveling-its-idiosyncrasies-and-charm\">Delving into the Depths of Danish Grammar: Unraveling its Idiosyncrasies and Charm<\/h2>\n\n\n\n<p>Cuimhnigh ar an am nuair a bh\u00ed an chuma ar fhoghlaim <a href=\"https:\/\/talkpal.ai\/grammar\/\">gramadach<\/a> an Bh\u00e9arla mar chath cnoc lena raidhse rialacha, eisceachta\u00ed, agus t\u00e9arma\u00edocht chasta? M\u00e1 t\u00e1 t\u00fa ag iarraidh an teanga Danmhairgis a fhoghlaim anois, ullmhaigh t\u00fa f\u00e9in do thuras mealltach eile tr\u00ed chastachta\u00ed agus aoibhneas ghramada\u00ed na Danmhairge.<\/p>\n\n\n\n<p>T\u00e1 cos\u00falachta\u00ed idir an Danmhairgis, teanga Ghearm\u00e1nach Thuaidh, le teangacha ar n\u00f3s na hIoruais agus na <a href=\"https:\/\/talkpal.ai\/learn-swedish\/\">Sualainnis<\/a>. Mar sin f\u00e9in, t\u00e1 a thr\u00e9ithe uath\u00fala f\u00e9in aige a fh\u00e1gann gur seoid \u00e9 ar fi\u00fa \u00e9 a ini\u00fachadh go domhain. Tosa\u00edmid ag nochtadh iontais ghramada\u00ed na Danmhairge, riail amh\u00e1in ag an am.<\/p>\n\n\n\n<p><strong>Gn\u00e9 suntasach de ghramadach na Danmhairge<\/strong> is ea a simpl\u00edocht <a href=\"https:\/\/talkpal.ai\/ga\/maidir\/\">maidir<\/a> le hord focal. Leanann an Danmhairgis an strucht\u00far \u00e1bhar-briathar-r\u00e9ad (SVO), cos\u00fail leis an mB\u00e9arla, rud a fh\u00e1gann go bhfuil s\u00e9 r\u00e9as\u00fanta \u00e9asca do chainteoir\u00ed <a href=\"https:\/\/talkpal.ai\/learn-english-with-ai\/\">B\u00e9arla<\/a> a thuiscint. Mar sin f\u00e9in, t\u00e1 casadh ann &#8211; \u00fas\u00e1id ord focal V2 i bpr\u00edomhchl\u00e1sail, rud a chialla\u00edonn go gcaithfidh an briathar a bheith mar an dara eilimint i gc\u00f3na\u00ed. Cuireann an riail seo uath\u00falacht leis an Danmhairgis.<\/p>\n\n\n\n<p>Gn\u00e9 eile de ghramadach na Danmhairge is ea a <strong>ch\u00f3ras dh\u00e1 inscne<\/strong>. C\u00e9 go bhfuil inscne ar <a href=\"https:\/\/talkpal.ai\/locations\/language-courses-in-leith\/\">leith<\/a> i roinnt teangacha cos\u00fail leis an bhFraincis n\u00f3 an <a href=\"https:\/\/talkpal.ai\/ga\/ag-labhairt-spainnis\/\">Sp\u00e1innis<\/a> le haghaidh firinscneach agus baininscneach, d\u00e9anann an Danmhairgis \u00e9 seo a shimpli\u00fa tr\u00ed dh\u00e1 phr\u00edomhinscne a \u00fas\u00e1id: coiteann agus neuter. Sa Danmhairgis, tagann an chuid is m\u00f3 d&#8217;ainmfhocail faoin gcatag\u00f3ir &#8220;coitianta&#8221;, rud a fh\u00e1gann go bhfuil aont\u00fa inscne le haidiachta\u00ed agus ailt r\u00e9as\u00fanta simpl\u00ed a thuiscint.<\/p>\n\n\n\n<p>T\u00e9igh isteach i r\u00e9imse na <strong>comhchuingithe briathra<\/strong>, agus gheobhaidh t\u00fa amach go bhfuil an Danmhairgis n\u00edos fearr n\u00e1 teangacha eile maidir le simpl\u00edocht. N\u00ed athra\u00edonn briathra na Danmhairge de r\u00e9ir an \u00e1bhair, rud a fh\u00e1gann go bhfuil s\u00e9 ina ghaoth foirmeacha \u00e9ags\u00fala a ghlanmheabhair agus a thuiscint. Leanann briathra rialta patr\u00fain intuartha, agus fi\u00fa briathra neamhrialta is beag d\u00fashl\u00e1n mar go bhfuil a gcuid neamhrialtachta\u00ed an-chaolch\u00faiseach.<\/p>\n\n\n\n<p>Cuireann gramadach na Danmhairge gn\u00e9 uath\u00fail ar f\u00e1il lena <strong>\u00fas\u00e1id a bhaint as \u00e9iginnte, ailt agus l\u00e9irithe.<\/strong> T\u00e1 an t-alt \u00e9iginnte comhionann le &#8220;a&#8221; n\u00f3 &#8220;an&#8221; i mB\u00e9arla, agus sa Danmhairgis is f\u00e9idir \u00e9 a bheith &#8220;en&#8221; don inscne choiteann n\u00f3 &#8220;et&#8221; d&#8217;ainmfhocail neodracha. Ceangla\u00edonn an t-alt cinnte, cos\u00fail le &#8220;the&#8221; i mB\u00e9arla, le deireadh an ainmfhocail f\u00e9in, ag cumasc chun bheith ina fhocal amh\u00e1in. Athra\u00edonn l\u00e9irithe, a l\u00e9ir\u00edonn ainmfhocail shonracha, de r\u00e9ir inscne an ainmfhocail freisin, ag cur leibh\u00e9al saini\u00falachta agus charm leis.<\/p>\n\n\n\n<p>N\u00e1 d\u00e9anaimis dearmad ar \u00e1illeacht <strong>fhuaimni\u00fa na Danmhairge<\/strong>, a \u00e9il\u00edonn eolas ar a fhuaimeanna guta saini\u00fala agus consain mhaolaithe. D\u00e9anann \u00fas\u00e1id st\u00f8d (stad glottal) idirdheal\u00fa breise idir \u00e9 agus teangacha Gearm\u00e1nacha eile, rud a thugann fuaim agus mealladh uath\u00fail don Danmhairgis.<\/p>\n\n\n\n<p>Tr\u00ed thumadh a dh\u00e9anamh i ngramadach na Danmhairge, n\u00ed hamh\u00e1in go bhfoghlaimeoidh t\u00fa teanga nua ach saibhreoidh t\u00fa d&#8217;eolas cult\u00fartha agus do thuiscint ar an Danmhairg agus ar a muintir go forleathan. C\u00e9 go bhfuil s\u00e9 d\u00fashl\u00e1nach uaireanta, cuireann gramadach na Danmhairge eisp\u00e9ireas foghlama uath\u00fail ar f\u00e1il a oscla\u00edonn an doras do charms agus idiosyncrasies gan \u00e1ireamh a fh\u00e1gann gur teanga dhochoiscthe ag baint leis le hini\u00fachadh. Mar sin, grab do leabhair teanga agus t\u00e9igh ar eachtra gramada\u00ed na Danmhairge a gheallann t\u00fa a mhealladh agus a spreagadh ag gach cas!<\/p>\n<\/div><\/div>\n\r\n<section class=\"learnNavigationSection\">\r\n            \r\n        <a href=\"https:\/\/talkpal.ai\/ga\/foghlaim-danmhairgis\/\">\r\n            <div class=\"learnNavigationWrapper\">\r\n                <div class=\"learnNavigationContent\">\r\n                    <img decoding=\"async\" src=\"https:\/\/talkpal.ai\/wp-content\/uploads\/2024\/08\/Danish.jpg\" alt=\"Danish Flag\">\r\n                    <div>\r\n                        <h4>Maidir le Foghlaim na Danmhairge<\/h4>\r\n                        <p>Faigh amach gach rud faoi ghramadach na Danmhairge.<\/p>\r\n                    <\/div>\r\n                <\/div>\r\n            <\/div>\r\n        <\/a>\r\n\r\n        \r\n        <a href=\"https:\/\/talkpal.ai\/ga\/cleachtai-gramadai-na-danmhairge\/\">\r\n            <div class=\"learnNavigationWrapper\">\r\n                <div class=\"learnNavigationContent\">\r\n                    <img decoding=\"async\" src=\"https:\/\/talkpal.ai\/wp-content\/uploads\/2024\/08\/Danish.jpg\" alt=\"Danish Flag\">\r\n                    <div>\r\n                        <h4>Cleachtadh Gramada\u00ed na Danmhairge<\/h4>\r\n                        <p>Cleachtadh gramadach na Danmhairge.<\/p>\r\n                    <\/div>\r\n                <\/div>\r\n            <\/div>\r\n        <\/a>\r\n\r\n        \r\n        <a href=\"https:\/\/talkpal.ai\/vocabulary_language\/danish\/\">\r\n            <div class=\"learnNavigationWrapper\">\r\n                <div class=\"learnNavigationContent\">\r\n                    <img decoding=\"async\" src=\"https:\/\/talkpal.ai\/wp-content\/uploads\/2024\/08\/Danish.jpg\" alt=\"Danish Flag\">\r\n                    <div>\r\n                        <h4>St\u00f3r Focal na Danmhairge<\/h4>\r\n                        <p>Leathnaigh do st\u00f3r focal Danmhairgis.<\/p>\r\n                    <\/div>\r\n                <\/div>\r\n            <\/div>\r\n        <\/a>\r\n\r\n            <\/section>","protected":false},"excerpt":{"rendered":"<p>Delving into the Depths of Danish Grammar: Unraveling its Idiosyncrasies and Charm Cuimhnigh ar an am nuair a bh\u00ed an chuma ar fhoghlaim gramadach an Bh\u00e9arla mar chath cnoc lena raidhse rialacha, eisceachta\u00ed, agus t\u00e9arma\u00edocht chasta? M\u00e1 t\u00e1 t\u00fa ag iarraidh an teanga Danmhairgis a fhoghlaim anois, ullmhaigh t\u00fa f\u00e9in do thuras mealltach eile tr\u00ed [&hellip;]<\/p>\n","protected":false},"author":1,"featured_media":1444058,"parent":0,"menu_order":0,"comment_status":"closed","ping_status":"closed","template":"LearningContentPage.php","meta":{"_acf_changed":false,"footnotes":""},"class_list":["post-1444056","page","type-page","status-publish","has-post-thumbnail","hentry"],"acf":[],"yoast_head":"<!-- This site is optimized with the Yoast SEO Premium plugin v27.2 (Yoast SEO v27.2) - https:\/\/yoast.com\/product\/yoast-seo-premium-wordpress\/ -->\n<title>Gramadach na Danmhairge - Talkpal<\/title>\n<meta name=\"description\" content=\"D\u00e9an ini\u00fachadh ar intricacies Ghramadach na Danmhairge agus faigh amach a rialacha agus a saintr\u00e9ithe uath\u00fala. Foghlaim conas nasclean\u00faint a dh\u00e9anamh ar an teanga gan str\u00f3.\" \/>\n<meta name=\"robots\" content=\"index, follow, max-snippet:-1, max-image-preview:large, max-video-preview:-1\" \/>\n<link rel=\"canonical\" href=\"https:\/\/talkpal.ai\/ga\/gramadach-na-danmhairge\/\" \/>\n<meta property=\"og:locale\" content=\"ga_IE\" \/>\n<meta property=\"og:type\" content=\"article\" \/>\n<meta property=\"og:title\" content=\"Gramadach na Danmhairge\" \/>\n<meta property=\"og:description\" content=\"Delving into the Depths of Danish Grammar: Unraveling its Idiosyncrasies and Charm Cuimhnigh ar an am nuair a bh\u00ed an chuma ar fhoghlaim gramadach an\" \/>\n<meta property=\"og:url\" content=\"https:\/\/talkpal.ai\/ga\/gramadach-na-danmhairge\/\" \/>\n<meta property=\"og:site_name\" content=\"Talkpal\" \/>\n<meta property=\"article:publisher\" content=\"https:\/\/www.facebook.com\/profile.php?id=100090733639311\" \/>\n<meta property=\"article:modified_time\" content=\"2025-12-13T15:26:42+00:00\" \/>\n<meta property=\"og:image\" content=\"https:\/\/talkpal.ai\/wp-content\/uploads\/2023\/05\/denmark.png\" \/>\n\t<meta property=\"og:image:width\" content=\"512\" \/>\n\t<meta property=\"og:image:height\" content=\"512\" \/>\n\t<meta property=\"og:image:type\" content=\"image\/png\" \/>\n<meta name=\"twitter:card\" content=\"summary_large_image\" \/>\n<meta name=\"twitter:site\" content=\"@talkpalai\" \/>\n<meta name=\"twitter:label1\" content=\"Est. reading time\" \/>\n\t<meta name=\"twitter:data1\" content=\"3 minutes\" \/>\n<script type=\"application\/ld+json\" class=\"yoast-schema-graph\">{\"@context\":\"https:\/\/schema.org\",\"@graph\":[{\"@type\":\"WebPage\",\"@id\":\"https:\/\/talkpal.ai\/ga\/gramadach-na-danmhairge\/\",\"url\":\"https:\/\/talkpal.ai\/ga\/gramadach-na-danmhairge\/\",\"name\":\"Gramadach na Danmhairge - Talkpal\",\"isPartOf\":{\"@id\":\"https:\/\/talkpal.ai\/ga\/#website\"},\"primaryImageOfPage\":{\"@id\":\"https:\/\/talkpal.ai\/ga\/gramadach-na-danmhairge\/#primaryimage\"},\"image\":{\"@id\":\"https:\/\/talkpal.ai\/ga\/gramadach-na-danmhairge\/#primaryimage\"},\"thumbnailUrl\":\"https:\/\/talkpal.ai\/wp-content\/uploads\/2023\/05\/denmark.png\",\"datePublished\":\"2023-05-14T14:03:23+00:00\",\"dateModified\":\"2025-12-13T15:26:42+00:00\",\"description\":\"D\u00e9an ini\u00fachadh ar intricacies Ghramadach na Danmhairge agus faigh amach a rialacha agus a saintr\u00e9ithe uath\u00fala. Foghlaim conas nasclean\u00faint a dh\u00e9anamh ar an teanga gan str\u00f3.\",\"breadcrumb\":{\"@id\":\"https:\/\/talkpal.ai\/ga\/gramadach-na-danmhairge\/#breadcrumb\"},\"inLanguage\":\"ga-IE\",\"potentialAction\":[{\"@type\":\"ReadAction\",\"target\":[\"https:\/\/talkpal.ai\/ga\/gramadach-na-danmhairge\/\"]}]},{\"@type\":\"ImageObject\",\"inLanguage\":\"ga-IE\",\"@id\":\"https:\/\/talkpal.ai\/ga\/gramadach-na-danmhairge\/#primaryimage\",\"url\":\"https:\/\/talkpal.ai\/wp-content\/uploads\/2023\/05\/denmark.png\",\"contentUrl\":\"https:\/\/talkpal.ai\/wp-content\/uploads\/2023\/05\/denmark.png\",\"width\":512,\"height\":512,\"caption\":\"TalkPal Denmark Flag\"},{\"@type\":\"BreadcrumbList\",\"@id\":\"https:\/\/talkpal.ai\/ga\/gramadach-na-danmhairge\/#breadcrumb\",\"itemListElement\":[{\"@type\":\"ListItem\",\"position\":1,\"name\":\"Homepage\",\"item\":\"https:\/\/talkpal.ai\/ga\/\"},{\"@type\":\"ListItem\",\"position\":2,\"name\":\"Gramadach na Danmhairge\"}]},{\"@type\":\"WebSite\",\"@id\":\"https:\/\/talkpal.ai\/ga\/#website\",\"url\":\"https:\/\/talkpal.ai\/ga\/\",\"name\":\"Talkpal\",\"description\":\"AI Language Learning\",\"publisher\":{\"@id\":\"https:\/\/talkpal.ai\/ga\/#organization\"},\"alternateName\":\"Talkpal AI\",\"potentialAction\":[{\"@type\":\"SearchAction\",\"target\":{\"@type\":\"EntryPoint\",\"urlTemplate\":\"https:\/\/talkpal.ai\/ga\/?s={search_term_string}\"},\"query-input\":{\"@type\":\"PropertyValueSpecification\",\"valueRequired\":true,\"valueName\":\"search_term_string\"}}],\"inLanguage\":\"ga-IE\"},{\"@type\":\"Organization\",\"@id\":\"https:\/\/talkpal.ai\/ga\/#organization\",\"name\":\"Talkpal, Inc.\",\"alternateName\":\"Talkpal AI\",\"url\":\"https:\/\/talkpal.ai\/ga\/\",\"logo\":{\"@type\":\"ImageObject\",\"inLanguage\":\"ga-IE\",\"@id\":\"https:\/\/talkpal.ai\/ga\/#\/schema\/logo\/image\/\",\"url\":\"https:\/\/talkpal.ai\/wp-content\/uploads\/2024\/03\/Talkpal-Logo-Icon.png\",\"contentUrl\":\"https:\/\/talkpal.ai\/wp-content\/uploads\/2024\/03\/Talkpal-Logo-Icon.png\",\"width\":2880,\"height\":2880,\"caption\":\"Talkpal, Inc.\"},\"image\":{\"@id\":\"https:\/\/talkpal.ai\/ga\/#\/schema\/logo\/image\/\"},\"sameAs\":[\"https:\/\/www.facebook.com\/profile.php?id=100090733639311\",\"https:\/\/x.com\/talkpalai\",\"https:\/\/www.linkedin.com\/company\/talkpal\/\",\"https:\/\/www.youtube.com\/@TalkPal\/\",\"https:\/\/www.tiktok.com\/@talkpal\",\"https:\/\/www.instagram.com\/talkpal_ai\/\",\"https:\/\/www.crunchbase.com\/organization\/talkpal-9cde\",\"https:\/\/www.g2.com\/products\/talkpal-for-business\/\",\"https:\/\/www.trustpilot.com\/review\/talkpal.ai\",\"https:\/\/www.capterra.com\/p\/10006800\/TalkPal\/\"],\"description\":\"Talkpal is a language learning web and mobile education app, powered by the latest AI technologies, that provides engaging experiences to its customers in many different languages to help them improve their language skills. Users can chat about unlimited amount of topics with the app and use other modes to practice their language learning.\",\"email\":\"support@talkpal.ai\",\"legalName\":\"Talkpal, Inc.\",\"foundingDate\":\"2023-04-03\",\"duns\":\"118989042\",\"numberOfEmployees\":{\"@type\":\"QuantitativeValue\",\"minValue\":\"11\",\"maxValue\":\"50\"},\"publishingPrinciples\":\"https:\/\/talkpal.ai\/publishing-principles\/\",\"actionableFeedbackPolicy\":\"https:\/\/talkpal.ai\/actionable-feedback-policy\/\",\"correctionsPolicy\":\"https:\/\/talkpal.ai\/corrections-policy\/\",\"ethicsPolicy\":\"https:\/\/talkpal.ai\/ethics-policy\/\",\"diversityPolicy\":\"https:\/\/talkpal.ai\/diversity-policy\/\",\"diversityStaffingReport\":\"https:\/\/talkpal.ai\/diversity-policy\/\"}]}<\/script>\n<!-- \/ Yoast SEO Premium plugin. -->","yoast_head_json":{"title":"Gramadach na Danmhairge - Talkpal","description":"D\u00e9an ini\u00fachadh ar intricacies Ghramadach na Danmhairge agus faigh amach a rialacha agus a saintr\u00e9ithe uath\u00fala. Foghlaim conas nasclean\u00faint a dh\u00e9anamh ar an teanga gan str\u00f3.","robots":{"index":"index","follow":"follow","max-snippet":"max-snippet:-1","max-image-preview":"max-image-preview:large","max-video-preview":"max-video-preview:-1"},"canonical":"https:\/\/talkpal.ai\/ga\/gramadach-na-danmhairge\/","og_locale":"ga_IE","og_type":"article","og_title":"Gramadach na Danmhairge","og_description":"Delving into the Depths of Danish Grammar: Unraveling its Idiosyncrasies and Charm Cuimhnigh ar an am nuair a bh\u00ed an chuma ar fhoghlaim gramadach an","og_url":"https:\/\/talkpal.ai\/ga\/gramadach-na-danmhairge\/","og_site_name":"Talkpal","article_publisher":"https:\/\/www.facebook.com\/profile.php?id=100090733639311","article_modified_time":"2025-12-13T15:26:42+00:00","og_image":[{"width":512,"height":512,"url":"https:\/\/talkpal.ai\/wp-content\/uploads\/2023\/05\/denmark.png","type":"image\/png"}],"twitter_card":"summary_large_image","twitter_site":"@talkpalai","twitter_misc":{"Est. reading time":"3 minutes"},"schema":{"@context":"https:\/\/schema.org","@graph":[{"@type":"WebPage","@id":"https:\/\/talkpal.ai\/ga\/gramadach-na-danmhairge\/","url":"https:\/\/talkpal.ai\/ga\/gramadach-na-danmhairge\/","name":"Gramadach na Danmhairge - Talkpal","isPartOf":{"@id":"https:\/\/talkpal.ai\/ga\/#website"},"primaryImageOfPage":{"@id":"https:\/\/talkpal.ai\/ga\/gramadach-na-danmhairge\/#primaryimage"},"image":{"@id":"https:\/\/talkpal.ai\/ga\/gramadach-na-danmhairge\/#primaryimage"},"thumbnailUrl":"https:\/\/talkpal.ai\/wp-content\/uploads\/2023\/05\/denmark.png","datePublished":"2023-05-14T14:03:23+00:00","dateModified":"2025-12-13T15:26:42+00:00","description":"D\u00e9an ini\u00fachadh ar intricacies Ghramadach na Danmhairge agus faigh amach a rialacha agus a saintr\u00e9ithe uath\u00fala. Foghlaim conas nasclean\u00faint a dh\u00e9anamh ar an teanga gan str\u00f3.","breadcrumb":{"@id":"https:\/\/talkpal.ai\/ga\/gramadach-na-danmhairge\/#breadcrumb"},"inLanguage":"ga-IE","potentialAction":[{"@type":"ReadAction","target":["https:\/\/talkpal.ai\/ga\/gramadach-na-danmhairge\/"]}]},{"@type":"ImageObject","inLanguage":"ga-IE","@id":"https:\/\/talkpal.ai\/ga\/gramadach-na-danmhairge\/#primaryimage","url":"https:\/\/talkpal.ai\/wp-content\/uploads\/2023\/05\/denmark.png","contentUrl":"https:\/\/talkpal.ai\/wp-content\/uploads\/2023\/05\/denmark.png","width":512,"height":512,"caption":"TalkPal Denmark Flag"},{"@type":"BreadcrumbList","@id":"https:\/\/talkpal.ai\/ga\/gramadach-na-danmhairge\/#breadcrumb","itemListElement":[{"@type":"ListItem","position":1,"name":"Homepage","item":"https:\/\/talkpal.ai\/ga\/"},{"@type":"ListItem","position":2,"name":"Gramadach na Danmhairge"}]},{"@type":"WebSite","@id":"https:\/\/talkpal.ai\/ga\/#website","url":"https:\/\/talkpal.ai\/ga\/","name":"Talkpal","description":"AI Language Learning","publisher":{"@id":"https:\/\/talkpal.ai\/ga\/#organization"},"alternateName":"Talkpal AI","potentialAction":[{"@type":"SearchAction","target":{"@type":"EntryPoint","urlTemplate":"https:\/\/talkpal.ai\/ga\/?s={search_term_string}"},"query-input":{"@type":"PropertyValueSpecification","valueRequired":true,"valueName":"search_term_string"}}],"inLanguage":"ga-IE"},{"@type":"Organization","@id":"https:\/\/talkpal.ai\/ga\/#organization","name":"Talkpal, Inc.","alternateName":"Talkpal AI","url":"https:\/\/talkpal.ai\/ga\/","logo":{"@type":"ImageObject","inLanguage":"ga-IE","@id":"https:\/\/talkpal.ai\/ga\/#\/schema\/logo\/image\/","url":"https:\/\/talkpal.ai\/wp-content\/uploads\/2024\/03\/Talkpal-Logo-Icon.png","contentUrl":"https:\/\/talkpal.ai\/wp-content\/uploads\/2024\/03\/Talkpal-Logo-Icon.png","width":2880,"height":2880,"caption":"Talkpal, Inc."},"image":{"@id":"https:\/\/talkpal.ai\/ga\/#\/schema\/logo\/image\/"},"sameAs":["https:\/\/www.facebook.com\/profile.php?id=100090733639311","https:\/\/x.com\/talkpalai","https:\/\/www.linkedin.com\/company\/talkpal\/","https:\/\/www.youtube.com\/@TalkPal\/","https:\/\/www.tiktok.com\/@talkpal","https:\/\/www.instagram.com\/talkpal_ai\/","https:\/\/www.crunchbase.com\/organization\/talkpal-9cde","https:\/\/www.g2.com\/products\/talkpal-for-business\/","https:\/\/www.trustpilot.com\/review\/talkpal.ai","https:\/\/www.capterra.com\/p\/10006800\/TalkPal\/"],"description":"Talkpal is a language learning web and mobile education app, powered by the latest AI technologies, that provides engaging experiences to its customers in many different languages to help them improve their language skills. Users can chat about unlimited amount of topics with the app and use other modes to practice their language learning.","email":"support@talkpal.ai","legalName":"Talkpal, Inc.","foundingDate":"2023-04-03","duns":"118989042","numberOfEmployees":{"@type":"QuantitativeValue","minValue":"11","maxValue":"50"},"publishingPrinciples":"https:\/\/talkpal.ai\/publishing-principles\/","actionableFeedbackPolicy":"https:\/\/talkpal.ai\/actionable-feedback-policy\/","correctionsPolicy":"https:\/\/talkpal.ai\/corrections-policy\/","ethicsPolicy":"https:\/\/talkpal.ai\/ethics-policy\/","diversityPolicy":"https:\/\/talkpal.ai\/diversity-policy\/","diversityStaffingReport":"https:\/\/talkpal.ai\/diversity-policy\/"}]}},"_links":{"self":[{"href":"https:\/\/talkpal.ai\/ga\/wp-json\/wp\/v2\/pages\/1444056","targetHints":{"allow":["GET"]}}],"collection":[{"href":"https:\/\/talkpal.ai\/ga\/wp-json\/wp\/v2\/pages"}],"about":[{"href":"https:\/\/talkpal.ai\/ga\/wp-json\/wp\/v2\/types\/page"}],"author":[{"embeddable":true,"href":"https:\/\/talkpal.ai\/ga\/wp-json\/wp\/v2\/users\/1"}],"replies":[{"embeddable":true,"href":"https:\/\/talkpal.ai\/ga\/wp-json\/wp\/v2\/comments?post=1444056"}],"version-history":[{"count":0,"href":"https:\/\/talkpal.ai\/ga\/wp-json\/wp\/v2\/pages\/1444056\/revisions"}],"wp:featuredmedia":[{"embeddable":true,"href":"https:\/\/talkpal.ai\/ga\/wp-json\/wp\/v2\/media\/1444058"}],"wp:attachment":[{"href":"https:\/\/talkpal.ai\/ga\/wp-json\/wp\/v2\/media?parent=1444056"}],"curies":[{"name":"wp","href":"https:\/\/api.w.org\/{rel}","templated":true}]}}